{"id":157145,"date":"2026-03-02T18:11:02","date_gmt":"2026-03-02T15:11:02","guid":{"rendered":"https:\/\/tabaccomd.com\/product\/humidor-pentru-trabucuri-brown-562311\/"},"modified":"2026-03-02T18:11:02","modified_gmt":"2026-03-02T15:11:02","slug":"humidor-pentru-trabucuri-brown-562311","status":"publish","type":"product","link":"https:\/\/tabaccomd.com\/ro\/product\/humidor-pentru-trabucuri-brown-562311\/","title":{"rendered":"Humidor pentru trabucuri Brown &#8211; 562311"},"content":{"rendered":"<p data-start=\"0\" data-end=\"257\">Acest <a href=\"https:\/\/tabaccomd.com\/ro\/product-category\/trabucuri\/humidor-2\/\">humidor<\/a> este un accesoriu atractiv \u0219i convenabil. \u00cen spatele u\u0219ii transparente din acril ale acestui humidor se afl\u0103 patru sertare glisante, concepute pentru a p\u0103stra aproximativ p\u00e2n\u0103 la 50 de trabucuri. Construc\u021bia bine g\u00e2ndit\u0103 ofer\u0103 acces facil la colec\u021bie \u0219i o organizare ordonat\u0103 a spa\u021biului interior. \u00cen interior sunt instalate dou\u0103 umidificatoare Passatore din polimer acrilic, care men\u021bin un nivel optim de umiditate. Controlul se realizeaz\u0103 cu ajutorul higrometrului integrat \u00een u\u0219\u0103, ale c\u0103rui indica\u021bii sunt mereu vizibile, f\u0103r\u0103 a fi necesar\u0103 deschiderea humidorului. Acest model \u00eembin\u0103 func\u021bionalitatea, fiabilitatea \u0219i un design modern, oferind condi\u021bii ideale pentru p\u0103strarea trabucurilor.<\/p>\n<p data-start=\"0\" data-end=\"257\">Pute\u021bi achizi\u021biona humidorul pentru trabucuri Brown &#8211; 562311 \u00een Moldova, Chi\u0219in\u0103u, \u00een re\u021beaua de magazine Tabacco House.<\/p>\n","protected":false},"excerpt":{"rendered":"<ul>\n<li>\u021aara produc\u0103torului: Germania<\/li>\n<li>Capacitate: 50 de trabucuri<\/li>\n<li>Dimensiuni exterioare: 22,0 \u0445 24,0 \u0445 23,0 cm<\/li>\n<li>Dimensiuni interioare: 20,0 \u0445 22,0 \u0445 18,0 cm<\/li>\n<li>Culoare: Maro<\/li>\n<li>Material: Lemn<\/li>\n<li>Cu higrometru<\/li>\n<\/ul>\n","protected":false},"featured_media":157140,"template":"","meta":{"om_disable_all_campaigns":false,"_monsterinsights_skip_tracking":false,"_monsterinsights_sitenote_active":false,"_monsterinsights_sitenote_note":"","_monsterinsights_sitenote_category":0},"product_brand":[],"product_cat":[150],"product_tag":[],"class_list":{"0":"post-157145","1":"product","2":"type-product","3":"status-publish","4":"has-post-thumbnail","6":"product_cat-humidor-2","8":"first","9":"instock","10":"taxable","11":"shipping-taxable","12":"purchasable","13":"product-type-simple"},"aioseo_notices":[],"aioseo_head":"\n\t\t<!-- All in One SEO Pro 4.9.5.2 - aioseo.com -->\n\t<meta name=\"robots\" content=\"max-image-preview:large\" \/>\n\t<link rel=\"canonical\" href=\"https:\/\/tabaccomd.com\/ro\/product\/humidor-pentru-trabucuri-brown-562311\/\" \/>\n\t<meta name=\"generator\" content=\"All in One SEO Pro (AIOSEO) 4.9.5.2\" \/>\n\t\t<meta property=\"og:locale\" content=\"ro_RO\" \/>\n\t\t<meta property=\"og:site_name\" content=\"Tabacco House \u2013 \u041c\u0430\u0433\u0430\u0437\u0438\u043d \u0442\u0430\u0431\u0430\u0447\u043d\u044b\u0445 \u0438\u0437\u0434\u0435\u043b\u0438\u0439\" \/>\n\t\t<meta property=\"og:type\" content=\"article\" \/>\n\t\t<meta property=\"og:title\" content=\"Humidor pentru trabucuri Brown \u2013 562311 \u2013 Tabacco House\" \/>\n\t\t<meta property=\"og:url\" content=\"https:\/\/tabaccomd.com\/ro\/product\/humidor-pentru-trabucuri-brown-562311\/\" \/>\n\t\t<meta property=\"article:published_time\" content=\"2026-03-02T15:11:02+00:00\" \/>\n\t\t<meta property=\"article:modified_time\" content=\"2026-03-02T15:11:02+00:00\" \/>\n\t\t<meta property=\"article:publisher\" content=\"https:\/\/www.facebook.com\/tabaccomd.com\/\" \/>\n\t\t<meta name=\"twitter:card\" content=\"summary_large_image\" \/>\n\t\t<meta name=\"twitter:title\" content=\"Humidor pentru trabucuri Brown \u2013 562311 \u2013 Tabacco House\" \/>\n\t\t<script type=\"application\/ld+json\" class=\"aioseo-schema\">\n\t\t\t{\"@context\":\"https:\\\/\\\/schema.org\",\"@graph\":[{\"@type\":\"BreadcrumbList\",\"@id\":\"https:\\\/\\\/tabaccomd.com\\\/ro\\\/product\\\/humidor-pentru-trabucuri-brown-562311\\\/#breadcrumblist\",\"itemListElement\":[{\"@type\":\"ListItem\",\"@id\":\"https:\\\/\\\/tabaccomd.com\\\/ro\\\/#listItem\",\"position\":1,\"name\":\"\\u0413\\u043b\\u0430\\u0432\\u043d\\u0430\\u044f\",\"item\":\"https:\\\/\\\/tabaccomd.com\\\/ro\\\/\",\"nextItem\":{\"@type\":\"ListItem\",\"@id\":\"https:\\\/\\\/tabaccomd.com\\\/ro\\\/catalog\\\/#listItem\",\"name\":\"Catalog\"}},{\"@type\":\"ListItem\",\"@id\":\"https:\\\/\\\/tabaccomd.com\\\/ro\\\/catalog\\\/#listItem\",\"position\":2,\"name\":\"Catalog\",\"item\":\"https:\\\/\\\/tabaccomd.com\\\/ro\\\/catalog\\\/\",\"nextItem\":{\"@type\":\"ListItem\",\"@id\":\"https:\\\/\\\/tabaccomd.com\\\/ro\\\/product-category\\\/trabucuri\\\/#listItem\",\"name\":\"Trabucuri\"},\"previousItem\":{\"@type\":\"ListItem\",\"@id\":\"https:\\\/\\\/tabaccomd.com\\\/ro\\\/#listItem\",\"name\":\"\\u0413\\u043b\\u0430\\u0432\\u043d\\u0430\\u044f\"}},{\"@type\":\"ListItem\",\"@id\":\"https:\\\/\\\/tabaccomd.com\\\/ro\\\/product-category\\\/trabucuri\\\/#listItem\",\"position\":3,\"name\":\"Trabucuri\",\"item\":\"https:\\\/\\\/tabaccomd.com\\\/ro\\\/product-category\\\/trabucuri\\\/\",\"nextItem\":{\"@type\":\"ListItem\",\"@id\":\"https:\\\/\\\/tabaccomd.com\\\/ro\\\/product-category\\\/trabucuri\\\/humidor-2\\\/#listItem\",\"name\":\"Humidor\"},\"previousItem\":{\"@type\":\"ListItem\",\"@id\":\"https:\\\/\\\/tabaccomd.com\\\/ro\\\/catalog\\\/#listItem\",\"name\":\"Catalog\"}},{\"@type\":\"ListItem\",\"@id\":\"https:\\\/\\\/tabaccomd.com\\\/ro\\\/product-category\\\/trabucuri\\\/humidor-2\\\/#listItem\",\"position\":4,\"name\":\"Humidor\",\"item\":\"https:\\\/\\\/tabaccomd.com\\\/ro\\\/product-category\\\/trabucuri\\\/humidor-2\\\/\",\"nextItem\":{\"@type\":\"ListItem\",\"@id\":\"https:\\\/\\\/tabaccomd.com\\\/ro\\\/product\\\/humidor-pentru-trabucuri-brown-562311\\\/#listItem\",\"name\":\"Humidor pentru trabucuri Brown &#8211; 562311\"},\"previousItem\":{\"@type\":\"ListItem\",\"@id\":\"https:\\\/\\\/tabaccomd.com\\\/ro\\\/product-category\\\/trabucuri\\\/#listItem\",\"name\":\"Trabucuri\"}},{\"@type\":\"ListItem\",\"@id\":\"https:\\\/\\\/tabaccomd.com\\\/ro\\\/product\\\/humidor-pentru-trabucuri-brown-562311\\\/#listItem\",\"position\":5,\"name\":\"Humidor pentru trabucuri Brown &#8211; 562311\",\"previousItem\":{\"@type\":\"ListItem\",\"@id\":\"https:\\\/\\\/tabaccomd.com\\\/ro\\\/product-category\\\/trabucuri\\\/humidor-2\\\/#listItem\",\"name\":\"Humidor\"}}]},{\"@type\":\"Organization\",\"@id\":\"https:\\\/\\\/tabaccomd.com\\\/ro\\\/#organization\",\"name\":\"Tabacco House\",\"description\":\"\\u041c\\u0430\\u0433\\u0430\\u0437\\u0438\\u043d \\u0442\\u0430\\u0431\\u0430\\u0447\\u043d\\u044b\\u0445 \\u0438\\u0437\\u0434\\u0435\\u043b\\u0438\\u0439\",\"url\":\"https:\\\/\\\/tabaccomd.com\\\/ro\\\/\",\"email\":\"Office@cazacuhouse.com\",\"telephone\":\"+37361000935\",\"logo\":{\"@type\":\"ImageObject\",\"url\":\"https:\\\/\\\/tabaccomd.com\\\/wp-content\\\/uploads\\\/2024\\\/02\\\/logo_header3.png\",\"@id\":\"https:\\\/\\\/tabaccomd.com\\\/ro\\\/product\\\/humidor-pentru-trabucuri-brown-562311\\\/#organizationLogo\",\"width\":32,\"height\":32,\"caption\":\"Tabacco House\"},\"image\":{\"@id\":\"https:\\\/\\\/tabaccomd.com\\\/ro\\\/product\\\/humidor-pentru-trabucuri-brown-562311\\\/#organizationLogo\"},\"sameAs\":[\"https:\\\/\\\/www.facebook.com\\\/tabaccomd.com\\\/\",\"https:\\\/\\\/www.instagram.com\\\/tabaccomd.com\\\/\"],\"address\":{\"@id\":\"https:\\\/\\\/tabaccomd.com\\\/ro\\\/#postaladdress\",\"@type\":\"PostalAddress\",\"streetAddress\":\"Strada Albi\\u015foara 4, Chi\\u0219in\\u0103u, Bulevardul \\u0218tefan cel Mare \\u0219i Sf\\u00eent 136, Chi\\u0219in\\u0103u\",\"addressLocality\":\"Chi\\u0219in\\u0103u\",\"addressCountry\":\"MD\"}},{\"@type\":\"Product\",\"@id\":\"https:\\\/\\\/tabaccomd.com\\\/ro\\\/product\\\/humidor-pentru-trabucuri-brown-562311\\\/#wooCommerceProduct\",\"name\":\"Humidor pentru trabucuri Brown - 562311\",\"description\":\"\\u021aara produc\\u0103torului: Germania\\r\\n \\tCapacitate: 50 de trabucuri\\r\\n \\tDimensiuni exterioare: 22,0 \\u0445 24,0 \\u0445 23,0 cm\\r\\n \\tDimensiuni interioare: 20,0 \\u0445 22,0 \\u0445 18,0 cm\\r\\n \\tCuloare: Maro\\r\\n \\tMaterial: Lemn\\r\\n \\tCu higrometru\",\"url\":\"https:\\\/\\\/tabaccomd.com\\\/ro\\\/product\\\/humidor-pentru-trabucuri-brown-562311\\\/\",\"sku\":\"562311\",\"image\":{\"@type\":\"ImageObject\",\"url\":\"https:\\\/\\\/tabaccomd.com\\\/wp-content\\\/uploads\\\/2026\\\/03\\\/humidor-cherry-brown-cigars-562311-0.jpg\",\"@id\":\"https:\\\/\\\/tabaccomd.com\\\/ro\\\/product\\\/humidor-pentru-trabucuri-brown-562311\\\/#productImage\",\"width\":1200,\"height\":1200,\"caption\":\"humidor-cherry-brown-cigars-562311-0\"},\"offers\":{\"@type\":\"Offer\",\"url\":\"https:\\\/\\\/tabaccomd.com\\\/ro\\\/product\\\/humidor-pentru-trabucuri-brown-562311\\\/#wooCommerceOffer\",\"price\":3100,\"priceCurrency\":\"MDL\",\"category\":\"Humidor\",\"availability\":\"https:\\\/\\\/schema.org\\\/InStock\",\"priceSpecification\":{\"@type\":\"PriceSpecification\",\"price\":3100,\"priceCurrency\":\"MDL\",\"valueAddedTaxIncluded\":\"true\"},\"seller\":{\"@type\":\"Organization\",\"@id\":\"https:\\\/\\\/tabaccomd.com\\\/ro\\\/#organization\"}}},{\"@type\":\"WebPage\",\"@id\":\"https:\\\/\\\/tabaccomd.com\\\/ro\\\/product\\\/humidor-pentru-trabucuri-brown-562311\\\/#webpage\",\"url\":\"https:\\\/\\\/tabaccomd.com\\\/ro\\\/product\\\/humidor-pentru-trabucuri-brown-562311\\\/\",\"name\":\"Humidor pentru trabucuri Brown \\u2013 562311 \\u2013 Tabacco House\",\"inLanguage\":\"ro-RO\",\"isPartOf\":{\"@id\":\"https:\\\/\\\/tabaccomd.com\\\/ro\\\/#website\"},\"breadcrumb\":{\"@id\":\"https:\\\/\\\/tabaccomd.com\\\/ro\\\/product\\\/humidor-pentru-trabucuri-brown-562311\\\/#breadcrumblist\"},\"image\":{\"@type\":\"ImageObject\",\"url\":\"https:\\\/\\\/tabaccomd.com\\\/wp-content\\\/uploads\\\/2026\\\/03\\\/humidor-cherry-brown-cigars-562311-0.jpg\",\"@id\":\"https:\\\/\\\/tabaccomd.com\\\/ro\\\/product\\\/humidor-pentru-trabucuri-brown-562311\\\/#mainImage\",\"width\":1200,\"height\":1200,\"caption\":\"humidor-cherry-brown-cigars-562311-0\"},\"primaryImageOfPage\":{\"@id\":\"https:\\\/\\\/tabaccomd.com\\\/ro\\\/product\\\/humidor-pentru-trabucuri-brown-562311\\\/#mainImage\"},\"datePublished\":\"2026-03-02T18:11:02+03:00\",\"dateModified\":\"2026-03-02T18:11:02+03:00\"},{\"@type\":\"WebSite\",\"@id\":\"https:\\\/\\\/tabaccomd.com\\\/ro\\\/#website\",\"url\":\"https:\\\/\\\/tabaccomd.com\\\/ro\\\/\",\"name\":\"Tabacco House\",\"alternateName\":\"tobaccomd.com\",\"description\":\"\\u041c\\u0430\\u0433\\u0430\\u0437\\u0438\\u043d \\u0442\\u0430\\u0431\\u0430\\u0447\\u043d\\u044b\\u0445 \\u0438\\u0437\\u0434\\u0435\\u043b\\u0438\\u0439\",\"inLanguage\":\"ro-RO\",\"publisher\":{\"@id\":\"https:\\\/\\\/tabaccomd.com\\\/ro\\\/#organization\"}}]}\n\t\t<\/script>\n\t\t<!-- All in One SEO Pro -->\r\n\t\t<title>Humidor pentru trabucuri Brown \u2013 562311 \u2013 Tabacco House<\/title>\n\n","aioseo_head_json":{"title":"Humidor pentru trabucuri Brown \u2013 562311 \u2013 Tabacco House","description":"","canonical_url":"https:\/\/tabaccomd.com\/ro\/product\/humidor-pentru-trabucuri-brown-562311\/","robots":"max-image-preview:large","keywords":"","webmasterTools":{"miscellaneous":""},"schema":{"@context":"https:\/\/schema.org","@graph":[{"@type":"BreadcrumbList","@id":"https:\/\/tabaccomd.com\/ro\/product\/humidor-pentru-trabucuri-brown-562311\/#breadcrumblist","itemListElement":[{"@type":"ListItem","@id":"https:\/\/tabaccomd.com\/ro\/#listItem","position":1,"name":"\u0413\u043b\u0430\u0432\u043d\u0430\u044f","item":"https:\/\/tabaccomd.com\/ro\/","nextItem":{"@type":"ListItem","@id":"https:\/\/tabaccomd.com\/ro\/catalog\/#listItem","name":"Catalog"}},{"@type":"ListItem","@id":"https:\/\/tabaccomd.com\/ro\/catalog\/#listItem","position":2,"name":"Catalog","item":"https:\/\/tabaccomd.com\/ro\/catalog\/","nextItem":{"@type":"ListItem","@id":"https:\/\/tabaccomd.com\/ro\/product-category\/trabucuri\/#listItem","name":"Trabucuri"},"previousItem":{"@type":"ListItem","@id":"https:\/\/tabaccomd.com\/ro\/#listItem","name":"\u0413\u043b\u0430\u0432\u043d\u0430\u044f"}},{"@type":"ListItem","@id":"https:\/\/tabaccomd.com\/ro\/product-category\/trabucuri\/#listItem","position":3,"name":"Trabucuri","item":"https:\/\/tabaccomd.com\/ro\/product-category\/trabucuri\/","nextItem":{"@type":"ListItem","@id":"https:\/\/tabaccomd.com\/ro\/product-category\/trabucuri\/humidor-2\/#listItem","name":"Humidor"},"previousItem":{"@type":"ListItem","@id":"https:\/\/tabaccomd.com\/ro\/catalog\/#listItem","name":"Catalog"}},{"@type":"ListItem","@id":"https:\/\/tabaccomd.com\/ro\/product-category\/trabucuri\/humidor-2\/#listItem","position":4,"name":"Humidor","item":"https:\/\/tabaccomd.com\/ro\/product-category\/trabucuri\/humidor-2\/","nextItem":{"@type":"ListItem","@id":"https:\/\/tabaccomd.com\/ro\/product\/humidor-pentru-trabucuri-brown-562311\/#listItem","name":"Humidor pentru trabucuri Brown &#8211; 562311"},"previousItem":{"@type":"ListItem","@id":"https:\/\/tabaccomd.com\/ro\/product-category\/trabucuri\/#listItem","name":"Trabucuri"}},{"@type":"ListItem","@id":"https:\/\/tabaccomd.com\/ro\/product\/humidor-pentru-trabucuri-brown-562311\/#listItem","position":5,"name":"Humidor pentru trabucuri Brown &#8211; 562311","previousItem":{"@type":"ListItem","@id":"https:\/\/tabaccomd.com\/ro\/product-category\/trabucuri\/humidor-2\/#listItem","name":"Humidor"}}]},{"@type":"Organization","@id":"https:\/\/tabaccomd.com\/ro\/#organization","name":"Tabacco House","description":"\u041c\u0430\u0433\u0430\u0437\u0438\u043d \u0442\u0430\u0431\u0430\u0447\u043d\u044b\u0445 \u0438\u0437\u0434\u0435\u043b\u0438\u0439","url":"https:\/\/tabaccomd.com\/ro\/","email":"Office@cazacuhouse.com","telephone":"+37361000935","logo":{"@type":"ImageObject","url":"https:\/\/tabaccomd.com\/wp-content\/uploads\/2024\/02\/logo_header3.png","@id":"https:\/\/tabaccomd.com\/ro\/product\/humidor-pentru-trabucuri-brown-562311\/#organizationLogo","width":32,"height":32,"caption":"Tabacco House"},"image":{"@id":"https:\/\/tabaccomd.com\/ro\/product\/humidor-pentru-trabucuri-brown-562311\/#organizationLogo"},"sameAs":["https:\/\/www.facebook.com\/tabaccomd.com\/","https:\/\/www.instagram.com\/tabaccomd.com\/"],"address":{"@id":"https:\/\/tabaccomd.com\/ro\/#postaladdress","@type":"PostalAddress","streetAddress":"Strada Albi\u015foara 4, Chi\u0219in\u0103u, Bulevardul \u0218tefan cel Mare \u0219i Sf\u00eent 136, Chi\u0219in\u0103u","addressLocality":"Chi\u0219in\u0103u","addressCountry":"MD"}},{"@type":"Product","@id":"https:\/\/tabaccomd.com\/ro\/product\/humidor-pentru-trabucuri-brown-562311\/#wooCommerceProduct","name":"Humidor pentru trabucuri Brown - 562311","description":"\u021aara produc\u0103torului: Germania\r\n \tCapacitate: 50 de trabucuri\r\n \tDimensiuni exterioare: 22,0 \u0445 24,0 \u0445 23,0 cm\r\n \tDimensiuni interioare: 20,0 \u0445 22,0 \u0445 18,0 cm\r\n \tCuloare: Maro\r\n \tMaterial: Lemn\r\n \tCu higrometru","url":"https:\/\/tabaccomd.com\/ro\/product\/humidor-pentru-trabucuri-brown-562311\/","sku":"562311","image":{"@type":"ImageObject","url":"https:\/\/tabaccomd.com\/wp-content\/uploads\/2026\/03\/humidor-cherry-brown-cigars-562311-0.jpg","@id":"https:\/\/tabaccomd.com\/ro\/product\/humidor-pentru-trabucuri-brown-562311\/#productImage","width":1200,"height":1200,"caption":"humidor-cherry-brown-cigars-562311-0"},"offers":{"@type":"Offer","url":"https:\/\/tabaccomd.com\/ro\/product\/humidor-pentru-trabucuri-brown-562311\/#wooCommerceOffer","price":3100,"priceCurrency":"MDL","category":"Humidor","availability":"https:\/\/schema.org\/InStock","priceSpecification":{"@type":"PriceSpecification","price":3100,"priceCurrency":"MDL","valueAddedTaxIncluded":"true"},"seller":{"@type":"Organization","@id":"https:\/\/tabaccomd.com\/ro\/#organization"}}},{"@type":"WebPage","@id":"https:\/\/tabaccomd.com\/ro\/product\/humidor-pentru-trabucuri-brown-562311\/#webpage","url":"https:\/\/tabaccomd.com\/ro\/product\/humidor-pentru-trabucuri-brown-562311\/","name":"Humidor pentru trabucuri Brown \u2013 562311 \u2013 Tabacco House","inLanguage":"ro-RO","isPartOf":{"@id":"https:\/\/tabaccomd.com\/ro\/#website"},"breadcrumb":{"@id":"https:\/\/tabaccomd.com\/ro\/product\/humidor-pentru-trabucuri-brown-562311\/#breadcrumblist"},"image":{"@type":"ImageObject","url":"https:\/\/tabaccomd.com\/wp-content\/uploads\/2026\/03\/humidor-cherry-brown-cigars-562311-0.jpg","@id":"https:\/\/tabaccomd.com\/ro\/product\/humidor-pentru-trabucuri-brown-562311\/#mainImage","width":1200,"height":1200,"caption":"humidor-cherry-brown-cigars-562311-0"},"primaryImageOfPage":{"@id":"https:\/\/tabaccomd.com\/ro\/product\/humidor-pentru-trabucuri-brown-562311\/#mainImage"},"datePublished":"2026-03-02T18:11:02+03:00","dateModified":"2026-03-02T18:11:02+03:00"},{"@type":"WebSite","@id":"https:\/\/tabaccomd.com\/ro\/#website","url":"https:\/\/tabaccomd.com\/ro\/","name":"Tabacco House","alternateName":"tobaccomd.com","description":"\u041c\u0430\u0433\u0430\u0437\u0438\u043d \u0442\u0430\u0431\u0430\u0447\u043d\u044b\u0445 \u0438\u0437\u0434\u0435\u043b\u0438\u0439","inLanguage":"ro-RO","publisher":{"@id":"https:\/\/tabaccomd.com\/ro\/#organization"}}]},"og:locale":"ro_RO","og:site_name":"Tabacco House \u2013 \u041c\u0430\u0433\u0430\u0437\u0438\u043d \u0442\u0430\u0431\u0430\u0447\u043d\u044b\u0445 \u0438\u0437\u0434\u0435\u043b\u0438\u0439","og:type":"article","og:title":"Humidor pentru trabucuri Brown \u2013 562311 \u2013 Tabacco House","og:url":"https:\/\/tabaccomd.com\/ro\/product\/humidor-pentru-trabucuri-brown-562311\/","article:published_time":"2026-03-02T15:11:02+00:00","article:modified_time":"2026-03-02T15:11:02+00:00","article:publisher":"https:\/\/www.facebook.com\/tabaccomd.com\/","twitter:card":"summary_large_image","twitter:title":"Humidor pentru trabucuri Brown \u2013 562311 \u2013 Tabacco House"},"aioseo_meta_data":{"post_id":"157145","title":null,"description":null,"keywords":null,"keyphrases":null,"primary_term":null,"canonical_url":null,"og_title":null,"og_description":null,"og_object_type":"default","og_image_type":"default","og_image_url":null,"og_image_width":null,"og_image_height":null,"og_image_custom_url":null,"og_image_custom_fields":null,"og_video":null,"og_custom_url":null,"og_article_section":null,"og_article_tags":null,"twitter_use_og":false,"twitter_card":"default","twitter_image_type":"default","twitter_image_url":null,"twitter_image_custom_url":null,"twitter_image_custom_fields":null,"twitter_title":null,"twitter_description":null,"schema":{"blockGraphs":[],"customGraphs":[],"default":{"data":{"Article":[],"Course":[],"Dataset":[],"FAQPage":[],"Movie":[],"Person":[],"Product":[],"ProductReview":[],"Car":[],"Recipe":[],"Service":[],"SoftwareApplication":[],"WebPage":[]},"graphName":"","isEnabled":true},"graphs":[]},"schema_type":"default","schema_type_options":null,"pillar_content":false,"robots_default":true,"robots_noindex":false,"robots_noarchive":false,"robots_nosnippet":false,"robots_nofollow":false,"robots_noimageindex":false,"robots_noodp":false,"robots_notranslate":false,"robots_max_snippet":null,"robots_max_videopreview":null,"robots_max_imagepreview":"large","priority":null,"frequency":null,"local_seo":null,"seo_analyzer_scan_date":"2026-03-02 15:21:25","breadcrumb_settings":null,"limit_modified_date":false,"reviewed_by":null,"open_ai":null,"ai":null,"created":"2026-03-02 15:17:12","updated":"2026-03-02 16:18:18"},"aioseo_breadcrumb":"<div class=\"aioseo-breadcrumbs\"><span class=\"aioseo-breadcrumb\">\n\t<a href=\"https:\/\/tabaccomd.com\/ro\/\" title=\"\u0413\u043b\u0430\u0432\u043d\u0430\u044f\">\u0413\u043b\u0430\u0432\u043d\u0430\u044f<\/a>\n<\/span><span class=\"aioseo-breadcrumb-separator\">\u00bb<\/span><span class=\"aioseo-breadcrumb\">\n\t<a href=\"https:\/\/tabaccomd.com\/ro\/catalog\/\" title=\"Catalog\">Catalog<\/a>\n<\/span><span class=\"aioseo-breadcrumb-separator\">\u00bb<\/span><span class=\"aioseo-breadcrumb\">\n\t<a href=\"https:\/\/tabaccomd.com\/ro\/product-category\/trabucuri\/\" title=\"Trabucuri\">Trabucuri<\/a>\n<\/span><span class=\"aioseo-breadcrumb-separator\">\u00bb<\/span><span class=\"aioseo-breadcrumb\">\n\t<a href=\"https:\/\/tabaccomd.com\/ro\/product-category\/trabucuri\/humidor-2\/\" title=\"Humidor\">Humidor<\/a>\n<\/span><span class=\"aioseo-breadcrumb-separator\">\u00bb<\/span><span class=\"aioseo-breadcrumb\">\n\tHumidor pentru trabucuri Brown \u2013 562311\n<\/span><\/div>","aioseo_breadcrumb_json":[{"label":"\u0413\u043b\u0430\u0432\u043d\u0430\u044f","link":"https:\/\/tabaccomd.com\/ro\/"},{"label":"Catalog","link":"https:\/\/tabaccomd.com\/ro\/catalog\/"},{"label":"Trabucuri","link":"https:\/\/tabaccomd.com\/ro\/product-category\/trabucuri\/"},{"label":"Humidor","link":"https:\/\/tabaccomd.com\/ro\/product-category\/trabucuri\/humidor-2\/"},{"label":"Humidor pentru trabucuri Brown &#8211; 562311","link":"https:\/\/tabaccomd.com\/ro\/product\/humidor-pentru-trabucuri-brown-562311\/"}],"images_for_1c":[{"url":"https:\/\/tabaccomd.com\/wp-content\/uploads\/2026\/03\/humidor-cherry-brown-cigars-562311-0.jpg","type":"featured","alt":"humidor-cherry-brown-cigars-562311-0","filename":"humidor-cherry-brown-cigars-562311-0.jpg"},{"url":"https:\/\/tabaccomd.com\/wp-content\/uploads\/2026\/03\/humidor-cherry-brown-cigars-562311.jpg","type":"gallery","alt":"humidor-cherry-brown-cigars-562311","filename":"humidor-cherry-brown-cigars-562311.jpg"},{"url":"https:\/\/tabaccomd.com\/wp-content\/uploads\/2026\/03\/humidor-cherry-brown-cigars-562311-1.jpg","type":"gallery","alt":"humidor-cherry-brown-cigars-562311-1","filename":"humidor-cherry-brown-cigars-562311-1.jpg"}],"additional_data_1c":{"modified_date":"2026-03-02 18:11:02","permalink":"https:\/\/tabaccomd.com\/ro\/product\/humidor-pentru-trabucuri-brown-562311\/","stock_status":"instock","manage_stock":"no"},"_links":{"self":[{"href":"https:\/\/tabaccomd.com\/ro\/wp-json\/wp\/v2\/product\/157145","targetHints":{"allow":["GET"]}}],"collection":[{"href":"https:\/\/tabaccomd.com\/ro\/wp-json\/wp\/v2\/product"}],"about":[{"href":"https:\/\/tabaccomd.com\/ro\/wp-json\/wp\/v2\/types\/product"}],"wp:featuredmedia":[{"embeddable":true,"href":"https:\/\/tabaccomd.com\/ro\/wp-json\/wp\/v2\/media\/157140"}],"wp:attachment":[{"href":"https:\/\/tabaccomd.com\/ro\/wp-json\/wp\/v2\/media?parent=157145"}],"wp:term":[{"taxonomy":"product_brand","embeddable":true,"href":"https:\/\/tabaccomd.com\/ro\/wp-json\/wp\/v2\/product_brand?post=157145"},{"taxonomy":"product_cat","embeddable":true,"href":"https:\/\/tabaccomd.com\/ro\/wp-json\/wp\/v2\/product_cat?post=157145"},{"taxonomy":"product_tag","embeddable":true,"href":"https:\/\/tabaccomd.com\/ro\/wp-json\/wp\/v2\/product_tag?post=157145"}],"curies":[{"name":"wp","href":"https:\/\/api.w.org\/{rel}","templated":true}]}}