{"id":157064,"date":"2026-02-27T13:44:09","date_gmt":"2026-02-27T10:44:09","guid":{"rendered":"https:\/\/tabaccomd.com\/product\/brandy-ararat-akhtamar-10-y-o-07l\/"},"modified":"2026-02-27T13:44:09","modified_gmt":"2026-02-27T10:44:09","slug":"brandy-ararat-akhtamar-10-y-o-07l","status":"publish","type":"product","link":"https:\/\/tabaccomd.com\/ro\/product\/brandy-ararat-akhtamar-10-y-o-07l\/","title":{"rendered":"Brandy ARARAT Akhtamar 10 Y.O. 0,7l"},"content":{"rendered":"<p><a href=\"https:\/\/tabaccomd.com\/ro\/product-category\/alcool-2\/coniac\/\">Coniacul<\/a> armean ARARAT Akhtamar 10 Y.O. este un brandy premium maturat, creat dintr-un cupaj de peste 15 distilate \u0219i produs de <span class=\"hover:entity-accent entity-underline inline cursor-pointer align-baseline\"><span class=\"whitespace-normal\">Yerevan Brandy Company<\/span><\/span>. B\u0103utura are o t\u0103rie de 40% \u0219i este \u00eenvechit\u0103 minimum 10 ani \u00een butoaie din stejar caucazian, ceea ce \u00eei confer\u0103 profunzime \u0219i caracter distinct. Se remarc\u0103 prin culoarea sa chihlimbarie cu reflexe ar\u0103mii. Aroma dezv\u0103luie un buchet complex, dominat de note de prune uscate, cear\u0103 de albine, nuc\u0103 \u0219i vanilie, pe un fundal elegant de stejar. Gustul este rotund \u0219i m\u0103t\u0103sos, cu accente de fructe uscate, scor\u021bi\u0219oar\u0103 \u0219i o u\u0219oar\u0103 am\u0103real\u0103 nobil\u0103. Postgustul este lung \u0219i reconfortant, cu nuan\u021be de condimente \u0219i stejar. Speciali\u0219tii recomand\u0103 servirea coniacului \u201eAkhtamar\u201d simplu, ca digestiv, la temperatura camerei sau \u00eentr-un pahar tip snifter u\u0219or \u00eenc\u0103lzit; se potrive\u0219te excelent cu ciocolat\u0103 neagr\u0103, deserturi cu nuci \u0219i trabucuri fine.<\/p>\n<p>Pute\u021bi achizi\u021biona brandy-ul ARARAT Akhtamar 10 Y.O. 0,7l \u00een Moldova, Chi\u0219in\u0103u, \u00een re\u021beaua de magazine Tabacco House.<\/p>\n","protected":false},"excerpt":{"rendered":"<ul>\n<li data-start=\"65\" data-end=\"101\">\u021aara produc\u0103torului: Armenia<\/li>\n<li data-start=\"102\" data-end=\"150\">Produc\u0103tor: Yerevan Brandy Company<\/li>\n<li data-start=\"173\" data-end=\"223\">Tip: Coniac XO (Extra Old)<\/li>\n<li data-start=\"173\" data-end=\"223\">T\u0103rie: 40%<\/li>\n<li>Volum: 0,7l<\/li>\n<\/ul>\n","protected":false},"featured_media":157059,"template":"","meta":{"om_disable_all_campaigns":false,"_monsterinsights_skip_tracking":false,"_monsterinsights_sitenote_active":false,"_monsterinsights_sitenote_note":"","_monsterinsights_sitenote_category":0},"product_brand":[],"product_cat":[220],"product_tag":[],"class_list":{"0":"post-157064","1":"product","2":"type-product","3":"status-publish","4":"has-post-thumbnail","6":"product_cat-coniac","8":"first","9":"instock","10":"taxable","11":"shipping-taxable","12":"purchasable","13":"product-type-simple"},"aioseo_notices":[],"aioseo_head":"\n\t\t<!-- All in One SEO Pro 4.9.5.2 - aioseo.com -->\n\t<meta name=\"robots\" content=\"max-image-preview:large\" \/>\n\t<link rel=\"canonical\" href=\"https:\/\/tabaccomd.com\/ro\/product\/brandy-ararat-akhtamar-10-y-o-07l\/\" \/>\n\t<meta name=\"generator\" content=\"All in One SEO Pro (AIOSEO) 4.9.5.2\" \/>\n\t\t<meta property=\"og:locale\" content=\"ro_RO\" \/>\n\t\t<meta property=\"og:site_name\" content=\"Tabacco House \u2013 \u041c\u0430\u0433\u0430\u0437\u0438\u043d \u0442\u0430\u0431\u0430\u0447\u043d\u044b\u0445 \u0438\u0437\u0434\u0435\u043b\u0438\u0439\" \/>\n\t\t<meta property=\"og:type\" content=\"article\" \/>\n\t\t<meta property=\"og:title\" content=\"Brandy ARARAT Akhtamar 10 Y.O. 0,7l \u2013 Tabacco House\" \/>\n\t\t<meta property=\"og:url\" content=\"https:\/\/tabaccomd.com\/ro\/product\/brandy-ararat-akhtamar-10-y-o-07l\/\" \/>\n\t\t<meta property=\"article:published_time\" content=\"2026-02-27T10:44:09+00:00\" \/>\n\t\t<meta property=\"article:modified_time\" content=\"2026-02-27T10:44:09+00:00\" \/>\n\t\t<meta property=\"article:publisher\" content=\"https:\/\/www.facebook.com\/tabaccomd.com\/\" \/>\n\t\t<meta name=\"twitter:card\" content=\"summary_large_image\" \/>\n\t\t<meta name=\"twitter:title\" content=\"Brandy ARARAT Akhtamar 10 Y.O. 0,7l \u2013 Tabacco House\" \/>\n\t\t<script type=\"application\/ld+json\" class=\"aioseo-schema\">\n\t\t\t{\"@context\":\"https:\\\/\\\/schema.org\",\"@graph\":[{\"@type\":\"BreadcrumbList\",\"@id\":\"https:\\\/\\\/tabaccomd.com\\\/ro\\\/product\\\/brandy-ararat-akhtamar-10-y-o-07l\\\/#breadcrumblist\",\"itemListElement\":[{\"@type\":\"ListItem\",\"@id\":\"https:\\\/\\\/tabaccomd.com\\\/ro\\\/#listItem\",\"position\":1,\"name\":\"\\u0413\\u043b\\u0430\\u0432\\u043d\\u0430\\u044f\",\"item\":\"https:\\\/\\\/tabaccomd.com\\\/ro\\\/\",\"nextItem\":{\"@type\":\"ListItem\",\"@id\":\"https:\\\/\\\/tabaccomd.com\\\/ro\\\/catalog\\\/#listItem\",\"name\":\"Catalog\"}},{\"@type\":\"ListItem\",\"@id\":\"https:\\\/\\\/tabaccomd.com\\\/ro\\\/catalog\\\/#listItem\",\"position\":2,\"name\":\"Catalog\",\"item\":\"https:\\\/\\\/tabaccomd.com\\\/ro\\\/catalog\\\/\",\"nextItem\":{\"@type\":\"ListItem\",\"@id\":\"https:\\\/\\\/tabaccomd.com\\\/ro\\\/product-category\\\/alcool-2\\\/#listItem\",\"name\":\"Alcool\"},\"previousItem\":{\"@type\":\"ListItem\",\"@id\":\"https:\\\/\\\/tabaccomd.com\\\/ro\\\/#listItem\",\"name\":\"\\u0413\\u043b\\u0430\\u0432\\u043d\\u0430\\u044f\"}},{\"@type\":\"ListItem\",\"@id\":\"https:\\\/\\\/tabaccomd.com\\\/ro\\\/product-category\\\/alcool-2\\\/#listItem\",\"position\":3,\"name\":\"Alcool\",\"item\":\"https:\\\/\\\/tabaccomd.com\\\/ro\\\/product-category\\\/alcool-2\\\/\",\"nextItem\":{\"@type\":\"ListItem\",\"@id\":\"https:\\\/\\\/tabaccomd.com\\\/ro\\\/product-category\\\/alcool-2\\\/coniac\\\/#listItem\",\"name\":\"Coniac\"},\"previousItem\":{\"@type\":\"ListItem\",\"@id\":\"https:\\\/\\\/tabaccomd.com\\\/ro\\\/catalog\\\/#listItem\",\"name\":\"Catalog\"}},{\"@type\":\"ListItem\",\"@id\":\"https:\\\/\\\/tabaccomd.com\\\/ro\\\/product-category\\\/alcool-2\\\/coniac\\\/#listItem\",\"position\":4,\"name\":\"Coniac\",\"item\":\"https:\\\/\\\/tabaccomd.com\\\/ro\\\/product-category\\\/alcool-2\\\/coniac\\\/\",\"nextItem\":{\"@type\":\"ListItem\",\"@id\":\"https:\\\/\\\/tabaccomd.com\\\/ro\\\/product\\\/brandy-ararat-akhtamar-10-y-o-07l\\\/#listItem\",\"name\":\"Brandy ARARAT Akhtamar 10 Y.O. 0,7l\"},\"previousItem\":{\"@type\":\"ListItem\",\"@id\":\"https:\\\/\\\/tabaccomd.com\\\/ro\\\/product-category\\\/alcool-2\\\/#listItem\",\"name\":\"Alcool\"}},{\"@type\":\"ListItem\",\"@id\":\"https:\\\/\\\/tabaccomd.com\\\/ro\\\/product\\\/brandy-ararat-akhtamar-10-y-o-07l\\\/#listItem\",\"position\":5,\"name\":\"Brandy ARARAT Akhtamar 10 Y.O. 0,7l\",\"previousItem\":{\"@type\":\"ListItem\",\"@id\":\"https:\\\/\\\/tabaccomd.com\\\/ro\\\/product-category\\\/alcool-2\\\/coniac\\\/#listItem\",\"name\":\"Coniac\"}}]},{\"@type\":\"Organization\",\"@id\":\"https:\\\/\\\/tabaccomd.com\\\/ro\\\/#organization\",\"name\":\"Tabacco House\",\"description\":\"\\u041c\\u0430\\u0433\\u0430\\u0437\\u0438\\u043d \\u0442\\u0430\\u0431\\u0430\\u0447\\u043d\\u044b\\u0445 \\u0438\\u0437\\u0434\\u0435\\u043b\\u0438\\u0439\",\"url\":\"https:\\\/\\\/tabaccomd.com\\\/ro\\\/\",\"email\":\"Office@cazacuhouse.com\",\"telephone\":\"+37361000935\",\"logo\":{\"@type\":\"ImageObject\",\"url\":\"https:\\\/\\\/tabaccomd.com\\\/wp-content\\\/uploads\\\/2024\\\/02\\\/logo_header3.png\",\"@id\":\"https:\\\/\\\/tabaccomd.com\\\/ro\\\/product\\\/brandy-ararat-akhtamar-10-y-o-07l\\\/#organizationLogo\",\"width\":32,\"height\":32,\"caption\":\"Tabacco House\"},\"image\":{\"@id\":\"https:\\\/\\\/tabaccomd.com\\\/ro\\\/product\\\/brandy-ararat-akhtamar-10-y-o-07l\\\/#organizationLogo\"},\"sameAs\":[\"https:\\\/\\\/www.facebook.com\\\/tabaccomd.com\\\/\",\"https:\\\/\\\/www.instagram.com\\\/tabaccomd.com\\\/\"],\"address\":{\"@id\":\"https:\\\/\\\/tabaccomd.com\\\/ro\\\/#postaladdress\",\"@type\":\"PostalAddress\",\"streetAddress\":\"Strada Albi\\u015foara 4, Chi\\u0219in\\u0103u, Bulevardul \\u0218tefan cel Mare \\u0219i Sf\\u00eent 136, Chi\\u0219in\\u0103u\",\"addressLocality\":\"Chi\\u0219in\\u0103u\",\"addressCountry\":\"MD\"}},{\"@type\":\"Product\",\"@id\":\"https:\\\/\\\/tabaccomd.com\\\/ro\\\/product\\\/brandy-ararat-akhtamar-10-y-o-07l\\\/#wooCommerceProduct\",\"name\":\"Brandy ARARAT Akhtamar 10 Y.O. 0,7l\",\"description\":\"\\u021aara produc\\u0103torului: Armenia\\r\\n \\tProduc\\u0103tor: Yerevan Brandy Company\\r\\n \\tTip: Coniac XO (Extra Old)\\r\\n \\tT\\u0103rie: 40%\\r\\n \\tVolum: 0,7l\",\"url\":\"https:\\\/\\\/tabaccomd.com\\\/ro\\\/product\\\/brandy-ararat-akhtamar-10-y-o-07l\\\/\",\"sku\":\"9030199\",\"image\":{\"@type\":\"ImageObject\",\"url\":\"https:\\\/\\\/tabaccomd.com\\\/wp-content\\\/uploads\\\/2026\\\/02\\\/Cognac-brandy-Ararat-Akhtamar-07-0.jpg\",\"@id\":\"https:\\\/\\\/tabaccomd.com\\\/ro\\\/product\\\/brandy-ararat-akhtamar-10-y-o-07l\\\/#productImage\",\"width\":1200,\"height\":1200,\"caption\":\"Cognac-brandy-Ararat-Akhtamar-07-0\"},\"offers\":{\"@type\":\"Offer\",\"url\":\"https:\\\/\\\/tabaccomd.com\\\/ro\\\/product\\\/brandy-ararat-akhtamar-10-y-o-07l\\\/#wooCommerceOffer\",\"price\":710,\"priceCurrency\":\"MDL\",\"category\":\"Coniac\",\"availability\":\"https:\\\/\\\/schema.org\\\/InStock\",\"priceSpecification\":{\"@type\":\"PriceSpecification\",\"price\":710,\"priceCurrency\":\"MDL\",\"valueAddedTaxIncluded\":\"true\"},\"seller\":{\"@type\":\"Organization\",\"@id\":\"https:\\\/\\\/tabaccomd.com\\\/ro\\\/#organization\"}}},{\"@type\":\"WebPage\",\"@id\":\"https:\\\/\\\/tabaccomd.com\\\/ro\\\/product\\\/brandy-ararat-akhtamar-10-y-o-07l\\\/#webpage\",\"url\":\"https:\\\/\\\/tabaccomd.com\\\/ro\\\/product\\\/brandy-ararat-akhtamar-10-y-o-07l\\\/\",\"name\":\"Brandy ARARAT Akhtamar 10 Y.O. 0,7l \\u2013 Tabacco House\",\"inLanguage\":\"ro-RO\",\"isPartOf\":{\"@id\":\"https:\\\/\\\/tabaccomd.com\\\/ro\\\/#website\"},\"breadcrumb\":{\"@id\":\"https:\\\/\\\/tabaccomd.com\\\/ro\\\/product\\\/brandy-ararat-akhtamar-10-y-o-07l\\\/#breadcrumblist\"},\"image\":{\"@type\":\"ImageObject\",\"url\":\"https:\\\/\\\/tabaccomd.com\\\/wp-content\\\/uploads\\\/2026\\\/02\\\/Cognac-brandy-Ararat-Akhtamar-07-0.jpg\",\"@id\":\"https:\\\/\\\/tabaccomd.com\\\/ro\\\/product\\\/brandy-ararat-akhtamar-10-y-o-07l\\\/#mainImage\",\"width\":1200,\"height\":1200,\"caption\":\"Cognac-brandy-Ararat-Akhtamar-07-0\"},\"primaryImageOfPage\":{\"@id\":\"https:\\\/\\\/tabaccomd.com\\\/ro\\\/product\\\/brandy-ararat-akhtamar-10-y-o-07l\\\/#mainImage\"},\"datePublished\":\"2026-02-27T13:44:09+03:00\",\"dateModified\":\"2026-02-27T13:44:09+03:00\"},{\"@type\":\"WebSite\",\"@id\":\"https:\\\/\\\/tabaccomd.com\\\/ro\\\/#website\",\"url\":\"https:\\\/\\\/tabaccomd.com\\\/ro\\\/\",\"name\":\"Tabacco House\",\"alternateName\":\"tobaccomd.com\",\"description\":\"\\u041c\\u0430\\u0433\\u0430\\u0437\\u0438\\u043d \\u0442\\u0430\\u0431\\u0430\\u0447\\u043d\\u044b\\u0445 \\u0438\\u0437\\u0434\\u0435\\u043b\\u0438\\u0439\",\"inLanguage\":\"ro-RO\",\"publisher\":{\"@id\":\"https:\\\/\\\/tabaccomd.com\\\/ro\\\/#organization\"}}]}\n\t\t<\/script>\n\t\t<!-- All in One SEO Pro -->\r\n\t\t<title>Brandy ARARAT Akhtamar 10 Y.O. 0,7l \u2013 Tabacco House<\/title>\n\n","aioseo_head_json":{"title":"Brandy ARARAT Akhtamar 10 Y.O. 0,7l \u2013 Tabacco House","description":"","canonical_url":"https:\/\/tabaccomd.com\/ro\/product\/brandy-ararat-akhtamar-10-y-o-07l\/","robots":"max-image-preview:large","keywords":"","webmasterTools":{"miscellaneous":""},"schema":{"@context":"https:\/\/schema.org","@graph":[{"@type":"BreadcrumbList","@id":"https:\/\/tabaccomd.com\/ro\/product\/brandy-ararat-akhtamar-10-y-o-07l\/#breadcrumblist","itemListElement":[{"@type":"ListItem","@id":"https:\/\/tabaccomd.com\/ro\/#listItem","position":1,"name":"\u0413\u043b\u0430\u0432\u043d\u0430\u044f","item":"https:\/\/tabaccomd.com\/ro\/","nextItem":{"@type":"ListItem","@id":"https:\/\/tabaccomd.com\/ro\/catalog\/#listItem","name":"Catalog"}},{"@type":"ListItem","@id":"https:\/\/tabaccomd.com\/ro\/catalog\/#listItem","position":2,"name":"Catalog","item":"https:\/\/tabaccomd.com\/ro\/catalog\/","nextItem":{"@type":"ListItem","@id":"https:\/\/tabaccomd.com\/ro\/product-category\/alcool-2\/#listItem","name":"Alcool"},"previousItem":{"@type":"ListItem","@id":"https:\/\/tabaccomd.com\/ro\/#listItem","name":"\u0413\u043b\u0430\u0432\u043d\u0430\u044f"}},{"@type":"ListItem","@id":"https:\/\/tabaccomd.com\/ro\/product-category\/alcool-2\/#listItem","position":3,"name":"Alcool","item":"https:\/\/tabaccomd.com\/ro\/product-category\/alcool-2\/","nextItem":{"@type":"ListItem","@id":"https:\/\/tabaccomd.com\/ro\/product-category\/alcool-2\/coniac\/#listItem","name":"Coniac"},"previousItem":{"@type":"ListItem","@id":"https:\/\/tabaccomd.com\/ro\/catalog\/#listItem","name":"Catalog"}},{"@type":"ListItem","@id":"https:\/\/tabaccomd.com\/ro\/product-category\/alcool-2\/coniac\/#listItem","position":4,"name":"Coniac","item":"https:\/\/tabaccomd.com\/ro\/product-category\/alcool-2\/coniac\/","nextItem":{"@type":"ListItem","@id":"https:\/\/tabaccomd.com\/ro\/product\/brandy-ararat-akhtamar-10-y-o-07l\/#listItem","name":"Brandy ARARAT Akhtamar 10 Y.O. 0,7l"},"previousItem":{"@type":"ListItem","@id":"https:\/\/tabaccomd.com\/ro\/product-category\/alcool-2\/#listItem","name":"Alcool"}},{"@type":"ListItem","@id":"https:\/\/tabaccomd.com\/ro\/product\/brandy-ararat-akhtamar-10-y-o-07l\/#listItem","position":5,"name":"Brandy ARARAT Akhtamar 10 Y.O. 0,7l","previousItem":{"@type":"ListItem","@id":"https:\/\/tabaccomd.com\/ro\/product-category\/alcool-2\/coniac\/#listItem","name":"Coniac"}}]},{"@type":"Organization","@id":"https:\/\/tabaccomd.com\/ro\/#organization","name":"Tabacco House","description":"\u041c\u0430\u0433\u0430\u0437\u0438\u043d \u0442\u0430\u0431\u0430\u0447\u043d\u044b\u0445 \u0438\u0437\u0434\u0435\u043b\u0438\u0439","url":"https:\/\/tabaccomd.com\/ro\/","email":"Office@cazacuhouse.com","telephone":"+37361000935","logo":{"@type":"ImageObject","url":"https:\/\/tabaccomd.com\/wp-content\/uploads\/2024\/02\/logo_header3.png","@id":"https:\/\/tabaccomd.com\/ro\/product\/brandy-ararat-akhtamar-10-y-o-07l\/#organizationLogo","width":32,"height":32,"caption":"Tabacco House"},"image":{"@id":"https:\/\/tabaccomd.com\/ro\/product\/brandy-ararat-akhtamar-10-y-o-07l\/#organizationLogo"},"sameAs":["https:\/\/www.facebook.com\/tabaccomd.com\/","https:\/\/www.instagram.com\/tabaccomd.com\/"],"address":{"@id":"https:\/\/tabaccomd.com\/ro\/#postaladdress","@type":"PostalAddress","streetAddress":"Strada Albi\u015foara 4, Chi\u0219in\u0103u, Bulevardul \u0218tefan cel Mare \u0219i Sf\u00eent 136, Chi\u0219in\u0103u","addressLocality":"Chi\u0219in\u0103u","addressCountry":"MD"}},{"@type":"Product","@id":"https:\/\/tabaccomd.com\/ro\/product\/brandy-ararat-akhtamar-10-y-o-07l\/#wooCommerceProduct","name":"Brandy ARARAT Akhtamar 10 Y.O. 0,7l","description":"\u021aara produc\u0103torului: Armenia\r\n \tProduc\u0103tor: Yerevan Brandy Company\r\n \tTip: Coniac XO (Extra Old)\r\n \tT\u0103rie: 40%\r\n \tVolum: 0,7l","url":"https:\/\/tabaccomd.com\/ro\/product\/brandy-ararat-akhtamar-10-y-o-07l\/","sku":"9030199","image":{"@type":"ImageObject","url":"https:\/\/tabaccomd.com\/wp-content\/uploads\/2026\/02\/Cognac-brandy-Ararat-Akhtamar-07-0.jpg","@id":"https:\/\/tabaccomd.com\/ro\/product\/brandy-ararat-akhtamar-10-y-o-07l\/#productImage","width":1200,"height":1200,"caption":"Cognac-brandy-Ararat-Akhtamar-07-0"},"offers":{"@type":"Offer","url":"https:\/\/tabaccomd.com\/ro\/product\/brandy-ararat-akhtamar-10-y-o-07l\/#wooCommerceOffer","price":710,"priceCurrency":"MDL","category":"Coniac","availability":"https:\/\/schema.org\/InStock","priceSpecification":{"@type":"PriceSpecification","price":710,"priceCurrency":"MDL","valueAddedTaxIncluded":"true"},"seller":{"@type":"Organization","@id":"https:\/\/tabaccomd.com\/ro\/#organization"}}},{"@type":"WebPage","@id":"https:\/\/tabaccomd.com\/ro\/product\/brandy-ararat-akhtamar-10-y-o-07l\/#webpage","url":"https:\/\/tabaccomd.com\/ro\/product\/brandy-ararat-akhtamar-10-y-o-07l\/","name":"Brandy ARARAT Akhtamar 10 Y.O. 0,7l \u2013 Tabacco House","inLanguage":"ro-RO","isPartOf":{"@id":"https:\/\/tabaccomd.com\/ro\/#website"},"breadcrumb":{"@id":"https:\/\/tabaccomd.com\/ro\/product\/brandy-ararat-akhtamar-10-y-o-07l\/#breadcrumblist"},"image":{"@type":"ImageObject","url":"https:\/\/tabaccomd.com\/wp-content\/uploads\/2026\/02\/Cognac-brandy-Ararat-Akhtamar-07-0.jpg","@id":"https:\/\/tabaccomd.com\/ro\/product\/brandy-ararat-akhtamar-10-y-o-07l\/#mainImage","width":1200,"height":1200,"caption":"Cognac-brandy-Ararat-Akhtamar-07-0"},"primaryImageOfPage":{"@id":"https:\/\/tabaccomd.com\/ro\/product\/brandy-ararat-akhtamar-10-y-o-07l\/#mainImage"},"datePublished":"2026-02-27T13:44:09+03:00","dateModified":"2026-02-27T13:44:09+03:00"},{"@type":"WebSite","@id":"https:\/\/tabaccomd.com\/ro\/#website","url":"https:\/\/tabaccomd.com\/ro\/","name":"Tabacco House","alternateName":"tobaccomd.com","description":"\u041c\u0430\u0433\u0430\u0437\u0438\u043d \u0442\u0430\u0431\u0430\u0447\u043d\u044b\u0445 \u0438\u0437\u0434\u0435\u043b\u0438\u0439","inLanguage":"ro-RO","publisher":{"@id":"https:\/\/tabaccomd.com\/ro\/#organization"}}]},"og:locale":"ro_RO","og:site_name":"Tabacco House \u2013 \u041c\u0430\u0433\u0430\u0437\u0438\u043d \u0442\u0430\u0431\u0430\u0447\u043d\u044b\u0445 \u0438\u0437\u0434\u0435\u043b\u0438\u0439","og:type":"article","og:title":"Brandy ARARAT Akhtamar 10 Y.O. 0,7l \u2013 Tabacco House","og:url":"https:\/\/tabaccomd.com\/ro\/product\/brandy-ararat-akhtamar-10-y-o-07l\/","article:published_time":"2026-02-27T10:44:09+00:00","article:modified_time":"2026-02-27T10:44:09+00:00","article:publisher":"https:\/\/www.facebook.com\/tabaccomd.com\/","twitter:card":"summary_large_image","twitter:title":"Brandy ARARAT Akhtamar 10 Y.O. 0,7l \u2013 Tabacco House"},"aioseo_meta_data":{"post_id":"157064","title":null,"description":null,"keywords":null,"keyphrases":null,"primary_term":null,"canonical_url":null,"og_title":null,"og_description":null,"og_object_type":"default","og_image_type":"default","og_image_url":null,"og_image_width":null,"og_image_height":null,"og_image_custom_url":null,"og_image_custom_fields":null,"og_video":null,"og_custom_url":null,"og_article_section":null,"og_article_tags":null,"twitter_use_og":false,"twitter_card":"default","twitter_image_type":"default","twitter_image_url":null,"twitter_image_custom_url":null,"twitter_image_custom_fields":null,"twitter_title":null,"twitter_description":null,"schema":{"blockGraphs":[],"customGraphs":[],"default":{"data":{"Article":[],"Course":[],"Dataset":[],"FAQPage":[],"Movie":[],"Person":[],"Product":[],"ProductReview":[],"Car":[],"Recipe":[],"Service":[],"SoftwareApplication":[],"WebPage":[]},"graphName":"","isEnabled":true},"graphs":[]},"schema_type":"default","schema_type_options":null,"pillar_content":false,"robots_default":true,"robots_noindex":false,"robots_noarchive":false,"robots_nosnippet":false,"robots_nofollow":false,"robots_noimageindex":false,"robots_noodp":false,"robots_notranslate":false,"robots_max_snippet":null,"robots_max_videopreview":null,"robots_max_imagepreview":"large","priority":null,"frequency":null,"local_seo":null,"seo_analyzer_scan_date":"2026-02-27 11:24:42","breadcrumb_settings":null,"limit_modified_date":false,"reviewed_by":null,"open_ai":null,"ai":null,"created":"2026-02-27 10:47:52","updated":"2026-02-27 11:44:14"},"aioseo_breadcrumb":"<div class=\"aioseo-breadcrumbs\"><span class=\"aioseo-breadcrumb\">\n\t<a href=\"https:\/\/tabaccomd.com\/ro\/\" title=\"\u0413\u043b\u0430\u0432\u043d\u0430\u044f\">\u0413\u043b\u0430\u0432\u043d\u0430\u044f<\/a>\n<\/span><span class=\"aioseo-breadcrumb-separator\">\u00bb<\/span><span class=\"aioseo-breadcrumb\">\n\t<a href=\"https:\/\/tabaccomd.com\/ro\/catalog\/\" title=\"Catalog\">Catalog<\/a>\n<\/span><span class=\"aioseo-breadcrumb-separator\">\u00bb<\/span><span class=\"aioseo-breadcrumb\">\n\t<a href=\"https:\/\/tabaccomd.com\/ro\/product-category\/alcool-2\/\" title=\"Alcool\">Alcool<\/a>\n<\/span><span class=\"aioseo-breadcrumb-separator\">\u00bb<\/span><span class=\"aioseo-breadcrumb\">\n\t<a href=\"https:\/\/tabaccomd.com\/ro\/product-category\/alcool-2\/coniac\/\" title=\"Coniac\">Coniac<\/a>\n<\/span><span class=\"aioseo-breadcrumb-separator\">\u00bb<\/span><span class=\"aioseo-breadcrumb\">\n\tBrandy ARARAT Akhtamar 10 Y.O. 0,7l\n<\/span><\/div>","aioseo_breadcrumb_json":[{"label":"\u0413\u043b\u0430\u0432\u043d\u0430\u044f","link":"https:\/\/tabaccomd.com\/ro\/"},{"label":"Catalog","link":"https:\/\/tabaccomd.com\/ro\/catalog\/"},{"label":"Alcool","link":"https:\/\/tabaccomd.com\/ro\/product-category\/alcool-2\/"},{"label":"Coniac","link":"https:\/\/tabaccomd.com\/ro\/product-category\/alcool-2\/coniac\/"},{"label":"Brandy ARARAT Akhtamar 10 Y.O. 0,7l","link":"https:\/\/tabaccomd.com\/ro\/product\/brandy-ararat-akhtamar-10-y-o-07l\/"}],"images_for_1c":[{"url":"https:\/\/tabaccomd.com\/wp-content\/uploads\/2026\/02\/Cognac-brandy-Ararat-Akhtamar-07-0.jpg","type":"featured","alt":"Cognac-brandy-Ararat-Akhtamar-07-0","filename":"Cognac-brandy-Ararat-Akhtamar-07-0.jpg"},{"url":"https:\/\/tabaccomd.com\/wp-content\/uploads\/2026\/02\/Cognac-brandy-Ararat-Akhtamar-07-1.jpg","type":"gallery","alt":"Cognac-brandy-Ararat-Akhtamar-07-1","filename":"Cognac-brandy-Ararat-Akhtamar-07-1.jpg"},{"url":"https:\/\/tabaccomd.com\/wp-content\/uploads\/2026\/02\/Cognac-brandy-Ararat-Akhtamar-07l.jpg","type":"gallery","alt":"Cognac-brandy-Ararat-Akhtamar-07l","filename":"Cognac-brandy-Ararat-Akhtamar-07l.jpg"}],"additional_data_1c":{"modified_date":"2026-02-27 13:44:09","permalink":"https:\/\/tabaccomd.com\/ro\/product\/brandy-ararat-akhtamar-10-y-o-07l\/","stock_status":"instock","manage_stock":"no"},"_links":{"self":[{"href":"https:\/\/tabaccomd.com\/ro\/wp-json\/wp\/v2\/product\/157064","targetHints":{"allow":["GET"]}}],"collection":[{"href":"https:\/\/tabaccomd.com\/ro\/wp-json\/wp\/v2\/product"}],"about":[{"href":"https:\/\/tabaccomd.com\/ro\/wp-json\/wp\/v2\/types\/product"}],"wp:featuredmedia":[{"embeddable":true,"href":"https:\/\/tabaccomd.com\/ro\/wp-json\/wp\/v2\/media\/157059"}],"wp:attachment":[{"href":"https:\/\/tabaccomd.com\/ro\/wp-json\/wp\/v2\/media?parent=157064"}],"wp:term":[{"taxonomy":"product_brand","embeddable":true,"href":"https:\/\/tabaccomd.com\/ro\/wp-json\/wp\/v2\/product_brand?post=157064"},{"taxonomy":"product_cat","embeddable":true,"href":"https:\/\/tabaccomd.com\/ro\/wp-json\/wp\/v2\/product_cat?post=157064"},{"taxonomy":"product_tag","embeddable":true,"href":"https:\/\/tabaccomd.com\/ro\/wp-json\/wp\/v2\/product_tag?post=157064"}],"curies":[{"name":"wp","href":"https:\/\/api.w.org\/{rel}","templated":true}]}}