{"id":156970,"date":"2026-02-24T15:28:58","date_gmt":"2026-02-24T12:28:58","guid":{"rendered":"https:\/\/tabaccomd.com\/product\/hartie-pentru-tigari-mascotte-organic-hemp\/"},"modified":"2026-02-24T15:28:58","modified_gmt":"2026-02-24T12:28:58","slug":"hartie-pentru-tigari-mascotte-organic-hemp","status":"publish","type":"product","link":"https:\/\/tabaccomd.com\/ro\/product\/hartie-pentru-tigari-mascotte-organic-hemp\/","title":{"rendered":"H\u00e2rtie pentru \u021big\u0103ri Mascotte Organic Hemp"},"content":{"rendered":"<p><a href=\"https:\/\/tabaccomd.com\/ro\/product-category\/totul-pentru-rulat\/hartie-pentru-tigari\/\">Foi\u021bele pentru \u021big\u0103ri<\/a> rulate <span class=\"hover:entity-accent entity-underline inline cursor-pointer align-baseline\"><span class=\"whitespace-normal\">Mascotte<\/span><\/span> Organic Hemp reprezint\u0103 un produs complet natural \u0219i ecologic, destinat celor care aleg \u00een mod con\u0219tient alternative sustenabile. Foi\u021bele sunt fabricate din 100% c\u00e2nep\u0103 natural\u0103 \u0219i au o structur\u0103 u\u0219or fibroas\u0103, asigur\u00e2nd o ardere lent\u0103 \u0219i uniform\u0103. Fiecare pachet con\u021bine 50 de foi\u021be u\u0219or scurtate, foarte sub\u021biri, prev\u0103zute cu gum\u0103 arabic\u0103 natural\u0103, permi\u021b\u00e2nd rularea unei \u021big\u0103ri pu\u021bin mai mici, perfect formate. Ambalajul este realizat din h\u00e2rtie din iarb\u0103 \u0219i are o culoare natural\u0103, subliniind caracterul ecologic al produsului. Mascotte Organic Hemp \u00eenseamn\u0103 calitate verificat\u0103 \u00een cea mai natural\u0103 form\u0103.<\/p>\n<p>Pute\u021bi achizi\u021biona h\u00e2rtia pentru \u021big\u0103ri Mascotte Organic Hemp \u00een Moldova, Chi\u0219in\u0103u, \u00een re\u021beaua de magazine Tabacco House.<\/p>\n","protected":false},"excerpt":{"rendered":"<ul>\n<li>Produc\u0103tor: Mignot &amp; De Block enterprise<\/li>\n<li>\u021aara produc\u0103torului: Olanda<\/li>\n<li>Lungime: 37 x 70 mm<\/li>\n<li>Cantitate: 50 de h\u00e2rtii<\/li>\n<li>Densitate: Ultrafin\u0103 (12 g\/m\u00b2)<\/li>\n<li>Material: C\u00e2nep\u0103 organic\u0103 \u0219i gum\u0103 arabic\u0103<\/li>\n<\/ul>\n","protected":false},"featured_media":156967,"template":"","meta":{"om_disable_all_campaigns":false,"_monsterinsights_skip_tracking":false,"_monsterinsights_sitenote_active":false,"_monsterinsights_sitenote_note":"","_monsterinsights_sitenote_category":0},"product_brand":[],"product_cat":[170],"product_tag":[],"class_list":{"0":"post-156970","1":"product","2":"type-product","3":"status-publish","4":"has-post-thumbnail","6":"product_cat-hartie-pentru-tigari","8":"first","9":"instock","10":"taxable","11":"shipping-taxable","12":"purchasable","13":"product-type-simple"},"aioseo_notices":[],"aioseo_head":"\n\t\t<!-- All in One SEO Pro 4.9.6.2 - aioseo.com -->\n\t<meta name=\"robots\" content=\"max-image-preview:large\" \/>\n\t<link rel=\"canonical\" href=\"https:\/\/tabaccomd.com\/ro\/product\/hartie-pentru-tigari-mascotte-organic-hemp\/\" \/>\n\t<meta name=\"generator\" content=\"All in One SEO Pro (AIOSEO) 4.9.6.2\" \/>\n\t\t<meta property=\"og:locale\" content=\"ro_RO\" \/>\n\t\t<meta property=\"og:site_name\" content=\"Tabacco House \u2013 \u041c\u0430\u0433\u0430\u0437\u0438\u043d \u0442\u0430\u0431\u0430\u0447\u043d\u044b\u0445 \u0438\u0437\u0434\u0435\u043b\u0438\u0439\" \/>\n\t\t<meta property=\"og:type\" content=\"article\" \/>\n\t\t<meta property=\"og:title\" content=\"H\u00e2rtie pentru \u021big\u0103ri Mascotte Organic Hemp \u2013 Tabacco House\" \/>\n\t\t<meta property=\"og:url\" content=\"https:\/\/tabaccomd.com\/ro\/product\/hartie-pentru-tigari-mascotte-organic-hemp\/\" \/>\n\t\t<meta property=\"article:published_time\" content=\"2026-02-24T12:28:58+00:00\" \/>\n\t\t<meta property=\"article:modified_time\" content=\"2026-02-24T12:28:58+00:00\" \/>\n\t\t<meta property=\"article:publisher\" content=\"https:\/\/www.facebook.com\/tabaccomd.com\/\" \/>\n\t\t<meta name=\"twitter:card\" content=\"summary_large_image\" \/>\n\t\t<meta name=\"twitter:title\" content=\"H\u00e2rtie pentru \u021big\u0103ri Mascotte Organic Hemp \u2013 Tabacco House\" \/>\n\t\t<script type=\"application\/ld+json\" class=\"aioseo-schema\">\n\t\t\t{\"@context\":\"https:\\\/\\\/schema.org\",\"@graph\":[{\"@type\":\"BreadcrumbList\",\"@id\":\"https:\\\/\\\/tabaccomd.com\\\/ro\\\/product\\\/hartie-pentru-tigari-mascotte-organic-hemp\\\/#breadcrumblist\",\"itemListElement\":[{\"@type\":\"ListItem\",\"@id\":\"https:\\\/\\\/tabaccomd.com\\\/ro\\\/#listItem\",\"position\":1,\"name\":\"\\u0413\\u043b\\u0430\\u0432\\u043d\\u0430\\u044f\",\"item\":\"https:\\\/\\\/tabaccomd.com\\\/ro\\\/\",\"nextItem\":{\"@type\":\"ListItem\",\"@id\":\"https:\\\/\\\/tabaccomd.com\\\/ro\\\/catalog\\\/#listItem\",\"name\":\"Catalog\"}},{\"@type\":\"ListItem\",\"@id\":\"https:\\\/\\\/tabaccomd.com\\\/ro\\\/catalog\\\/#listItem\",\"position\":2,\"name\":\"Catalog\",\"item\":\"https:\\\/\\\/tabaccomd.com\\\/ro\\\/catalog\\\/\",\"nextItem\":{\"@type\":\"ListItem\",\"@id\":\"https:\\\/\\\/tabaccomd.com\\\/ro\\\/product-category\\\/totul-pentru-rulat\\\/#listItem\",\"name\":\"Totul pentru rulat\"},\"previousItem\":{\"@type\":\"ListItem\",\"@id\":\"https:\\\/\\\/tabaccomd.com\\\/ro\\\/#listItem\",\"name\":\"\\u0413\\u043b\\u0430\\u0432\\u043d\\u0430\\u044f\"}},{\"@type\":\"ListItem\",\"@id\":\"https:\\\/\\\/tabaccomd.com\\\/ro\\\/product-category\\\/totul-pentru-rulat\\\/#listItem\",\"position\":3,\"name\":\"Totul pentru rulat\",\"item\":\"https:\\\/\\\/tabaccomd.com\\\/ro\\\/product-category\\\/totul-pentru-rulat\\\/\",\"nextItem\":{\"@type\":\"ListItem\",\"@id\":\"https:\\\/\\\/tabaccomd.com\\\/ro\\\/product-category\\\/totul-pentru-rulat\\\/hartie-pentru-tigari\\\/#listItem\",\"name\":\"H\\u00e2rtie pentru \\u021big\\u0103ri\"},\"previousItem\":{\"@type\":\"ListItem\",\"@id\":\"https:\\\/\\\/tabaccomd.com\\\/ro\\\/catalog\\\/#listItem\",\"name\":\"Catalog\"}},{\"@type\":\"ListItem\",\"@id\":\"https:\\\/\\\/tabaccomd.com\\\/ro\\\/product-category\\\/totul-pentru-rulat\\\/hartie-pentru-tigari\\\/#listItem\",\"position\":4,\"name\":\"H\\u00e2rtie pentru \\u021big\\u0103ri\",\"item\":\"https:\\\/\\\/tabaccomd.com\\\/ro\\\/product-category\\\/totul-pentru-rulat\\\/hartie-pentru-tigari\\\/\",\"nextItem\":{\"@type\":\"ListItem\",\"@id\":\"https:\\\/\\\/tabaccomd.com\\\/ro\\\/product\\\/hartie-pentru-tigari-mascotte-organic-hemp\\\/#listItem\",\"name\":\"H\\u00e2rtie pentru \\u021big\\u0103ri Mascotte Organic Hemp\"},\"previousItem\":{\"@type\":\"ListItem\",\"@id\":\"https:\\\/\\\/tabaccomd.com\\\/ro\\\/product-category\\\/totul-pentru-rulat\\\/#listItem\",\"name\":\"Totul pentru rulat\"}},{\"@type\":\"ListItem\",\"@id\":\"https:\\\/\\\/tabaccomd.com\\\/ro\\\/product\\\/hartie-pentru-tigari-mascotte-organic-hemp\\\/#listItem\",\"position\":5,\"name\":\"H\\u00e2rtie pentru \\u021big\\u0103ri Mascotte Organic Hemp\",\"previousItem\":{\"@type\":\"ListItem\",\"@id\":\"https:\\\/\\\/tabaccomd.com\\\/ro\\\/product-category\\\/totul-pentru-rulat\\\/hartie-pentru-tigari\\\/#listItem\",\"name\":\"H\\u00e2rtie pentru \\u021big\\u0103ri\"}}]},{\"@type\":\"Organization\",\"@id\":\"https:\\\/\\\/tabaccomd.com\\\/ro\\\/#organization\",\"name\":\"Tabacco House\",\"description\":\"\\u041c\\u0430\\u0433\\u0430\\u0437\\u0438\\u043d \\u0442\\u0430\\u0431\\u0430\\u0447\\u043d\\u044b\\u0445 \\u0438\\u0437\\u0434\\u0435\\u043b\\u0438\\u0439\",\"url\":\"https:\\\/\\\/tabaccomd.com\\\/ro\\\/\",\"email\":\"Office@cazacuhouse.com\",\"telephone\":\"+37361000935\",\"logo\":{\"@type\":\"ImageObject\",\"url\":\"https:\\\/\\\/tabaccomd.com\\\/wp-content\\\/uploads\\\/2024\\\/02\\\/logo_header3.png\",\"@id\":\"https:\\\/\\\/tabaccomd.com\\\/ro\\\/product\\\/hartie-pentru-tigari-mascotte-organic-hemp\\\/#organizationLogo\",\"width\":32,\"height\":32,\"caption\":\"Tabacco House\"},\"image\":{\"@id\":\"https:\\\/\\\/tabaccomd.com\\\/ro\\\/product\\\/hartie-pentru-tigari-mascotte-organic-hemp\\\/#organizationLogo\"},\"sameAs\":[\"https:\\\/\\\/www.facebook.com\\\/tabaccomd.com\\\/\",\"https:\\\/\\\/www.instagram.com\\\/tabaccomd.com\\\/\"],\"address\":{\"@id\":\"https:\\\/\\\/tabaccomd.com\\\/ro\\\/#postaladdress\",\"@type\":\"PostalAddress\",\"streetAddress\":\"Strada Albi\\u015foara 4, Chi\\u0219in\\u0103u, Bulevardul \\u0218tefan cel Mare \\u0219i Sf\\u00eent 136, Chi\\u0219in\\u0103u\",\"addressLocality\":\"Chi\\u0219in\\u0103u\",\"addressCountry\":\"MD\"}},{\"@type\":\"Product\",\"@id\":\"https:\\\/\\\/tabaccomd.com\\\/ro\\\/product\\\/hartie-pentru-tigari-mascotte-organic-hemp\\\/#wooCommerceProduct\",\"name\":\"H\\u00e2rtie pentru \\u021big\\u0103ri Mascotte Organic Hemp\",\"description\":\"Produc\\u0103tor: Mignot &amp; De Block enterprise\\r\\n \\t\\u021aara produc\\u0103torului: Olanda\\r\\n \\tLungime: 37 x 70 mm\\r\\n \\tCantitate: 50 de h\\u00e2rtii\\r\\n \\tDensitate: Ultrafin\\u0103 (12 g\\\/m\\u00b2)\\r\\n \\tMaterial: C\\u00e2nep\\u0103 organic\\u0103 \\u0219i gum\\u0103 arabic\\u0103\",\"url\":\"https:\\\/\\\/tabaccomd.com\\\/ro\\\/product\\\/hartie-pentru-tigari-mascotte-organic-hemp\\\/\",\"sku\":\"411451179\",\"image\":{\"@type\":\"ImageObject\",\"url\":\"https:\\\/\\\/tabaccomd.com\\\/wp-content\\\/uploads\\\/2026\\\/02\\\/rolling-paper-mascotte-organic-hemp-50-0.jpg\",\"@id\":\"https:\\\/\\\/tabaccomd.com\\\/ro\\\/product\\\/hartie-pentru-tigari-mascotte-organic-hemp\\\/#productImage\",\"width\":1200,\"height\":1200,\"caption\":\"rolling-paper-mascotte-organic-hemp-50-0\"},\"offers\":{\"@type\":\"Offer\",\"url\":\"https:\\\/\\\/tabaccomd.com\\\/ro\\\/product\\\/hartie-pentru-tigari-mascotte-organic-hemp\\\/#wooCommerceOffer\",\"price\":7,\"priceCurrency\":\"MDL\",\"category\":\"H\\u00e2rtie pentru \\u021big\\u0103ri\",\"availability\":\"https:\\\/\\\/schema.org\\\/InStock\",\"priceSpecification\":{\"@type\":\"PriceSpecification\",\"price\":7,\"priceCurrency\":\"MDL\",\"valueAddedTaxIncluded\":\"true\"},\"seller\":{\"@type\":\"Organization\",\"@id\":\"https:\\\/\\\/tabaccomd.com\\\/ro\\\/#organization\"}}},{\"@type\":\"WebPage\",\"@id\":\"https:\\\/\\\/tabaccomd.com\\\/ro\\\/product\\\/hartie-pentru-tigari-mascotte-organic-hemp\\\/#webpage\",\"url\":\"https:\\\/\\\/tabaccomd.com\\\/ro\\\/product\\\/hartie-pentru-tigari-mascotte-organic-hemp\\\/\",\"name\":\"H\\u00e2rtie pentru \\u021big\\u0103ri Mascotte Organic Hemp \\u2013 Tabacco House\",\"inLanguage\":\"ro-RO\",\"isPartOf\":{\"@id\":\"https:\\\/\\\/tabaccomd.com\\\/ro\\\/#website\"},\"breadcrumb\":{\"@id\":\"https:\\\/\\\/tabaccomd.com\\\/ro\\\/product\\\/hartie-pentru-tigari-mascotte-organic-hemp\\\/#breadcrumblist\"},\"image\":{\"@type\":\"ImageObject\",\"url\":\"https:\\\/\\\/tabaccomd.com\\\/wp-content\\\/uploads\\\/2026\\\/02\\\/rolling-paper-mascotte-organic-hemp-50-0.jpg\",\"@id\":\"https:\\\/\\\/tabaccomd.com\\\/ro\\\/product\\\/hartie-pentru-tigari-mascotte-organic-hemp\\\/#mainImage\",\"width\":1200,\"height\":1200,\"caption\":\"rolling-paper-mascotte-organic-hemp-50-0\"},\"primaryImageOfPage\":{\"@id\":\"https:\\\/\\\/tabaccomd.com\\\/ro\\\/product\\\/hartie-pentru-tigari-mascotte-organic-hemp\\\/#mainImage\"},\"datePublished\":\"2026-02-24T15:28:58+03:00\",\"dateModified\":\"2026-02-24T15:28:58+03:00\"},{\"@type\":\"WebSite\",\"@id\":\"https:\\\/\\\/tabaccomd.com\\\/ro\\\/#website\",\"url\":\"https:\\\/\\\/tabaccomd.com\\\/ro\\\/\",\"name\":\"Tabacco House\",\"alternateName\":\"tobaccomd.com\",\"description\":\"\\u041c\\u0430\\u0433\\u0430\\u0437\\u0438\\u043d \\u0442\\u0430\\u0431\\u0430\\u0447\\u043d\\u044b\\u0445 \\u0438\\u0437\\u0434\\u0435\\u043b\\u0438\\u0439\",\"inLanguage\":\"ro-RO\",\"publisher\":{\"@id\":\"https:\\\/\\\/tabaccomd.com\\\/ro\\\/#organization\"}}]}\n\t\t<\/script>\n\t\t<!-- All in One SEO Pro -->\r\n\t\t<title>H\u00e2rtie pentru \u021big\u0103ri Mascotte Organic Hemp \u2013 Tabacco House<\/title>\n\n","aioseo_head_json":{"title":"H\u00e2rtie pentru \u021big\u0103ri Mascotte Organic Hemp \u2013 Tabacco House","description":"","canonical_url":"https:\/\/tabaccomd.com\/ro\/product\/hartie-pentru-tigari-mascotte-organic-hemp\/","robots":"max-image-preview:large","keywords":"","webmasterTools":{"miscellaneous":""},"schema":{"@context":"https:\/\/schema.org","@graph":[{"@type":"BreadcrumbList","@id":"https:\/\/tabaccomd.com\/ro\/product\/hartie-pentru-tigari-mascotte-organic-hemp\/#breadcrumblist","itemListElement":[{"@type":"ListItem","@id":"https:\/\/tabaccomd.com\/ro\/#listItem","position":1,"name":"\u0413\u043b\u0430\u0432\u043d\u0430\u044f","item":"https:\/\/tabaccomd.com\/ro\/","nextItem":{"@type":"ListItem","@id":"https:\/\/tabaccomd.com\/ro\/catalog\/#listItem","name":"Catalog"}},{"@type":"ListItem","@id":"https:\/\/tabaccomd.com\/ro\/catalog\/#listItem","position":2,"name":"Catalog","item":"https:\/\/tabaccomd.com\/ro\/catalog\/","nextItem":{"@type":"ListItem","@id":"https:\/\/tabaccomd.com\/ro\/product-category\/totul-pentru-rulat\/#listItem","name":"Totul pentru rulat"},"previousItem":{"@type":"ListItem","@id":"https:\/\/tabaccomd.com\/ro\/#listItem","name":"\u0413\u043b\u0430\u0432\u043d\u0430\u044f"}},{"@type":"ListItem","@id":"https:\/\/tabaccomd.com\/ro\/product-category\/totul-pentru-rulat\/#listItem","position":3,"name":"Totul pentru rulat","item":"https:\/\/tabaccomd.com\/ro\/product-category\/totul-pentru-rulat\/","nextItem":{"@type":"ListItem","@id":"https:\/\/tabaccomd.com\/ro\/product-category\/totul-pentru-rulat\/hartie-pentru-tigari\/#listItem","name":"H\u00e2rtie pentru \u021big\u0103ri"},"previousItem":{"@type":"ListItem","@id":"https:\/\/tabaccomd.com\/ro\/catalog\/#listItem","name":"Catalog"}},{"@type":"ListItem","@id":"https:\/\/tabaccomd.com\/ro\/product-category\/totul-pentru-rulat\/hartie-pentru-tigari\/#listItem","position":4,"name":"H\u00e2rtie pentru \u021big\u0103ri","item":"https:\/\/tabaccomd.com\/ro\/product-category\/totul-pentru-rulat\/hartie-pentru-tigari\/","nextItem":{"@type":"ListItem","@id":"https:\/\/tabaccomd.com\/ro\/product\/hartie-pentru-tigari-mascotte-organic-hemp\/#listItem","name":"H\u00e2rtie pentru \u021big\u0103ri Mascotte Organic Hemp"},"previousItem":{"@type":"ListItem","@id":"https:\/\/tabaccomd.com\/ro\/product-category\/totul-pentru-rulat\/#listItem","name":"Totul pentru rulat"}},{"@type":"ListItem","@id":"https:\/\/tabaccomd.com\/ro\/product\/hartie-pentru-tigari-mascotte-organic-hemp\/#listItem","position":5,"name":"H\u00e2rtie pentru \u021big\u0103ri Mascotte Organic Hemp","previousItem":{"@type":"ListItem","@id":"https:\/\/tabaccomd.com\/ro\/product-category\/totul-pentru-rulat\/hartie-pentru-tigari\/#listItem","name":"H\u00e2rtie pentru \u021big\u0103ri"}}]},{"@type":"Organization","@id":"https:\/\/tabaccomd.com\/ro\/#organization","name":"Tabacco House","description":"\u041c\u0430\u0433\u0430\u0437\u0438\u043d \u0442\u0430\u0431\u0430\u0447\u043d\u044b\u0445 \u0438\u0437\u0434\u0435\u043b\u0438\u0439","url":"https:\/\/tabaccomd.com\/ro\/","email":"Office@cazacuhouse.com","telephone":"+37361000935","logo":{"@type":"ImageObject","url":"https:\/\/tabaccomd.com\/wp-content\/uploads\/2024\/02\/logo_header3.png","@id":"https:\/\/tabaccomd.com\/ro\/product\/hartie-pentru-tigari-mascotte-organic-hemp\/#organizationLogo","width":32,"height":32,"caption":"Tabacco House"},"image":{"@id":"https:\/\/tabaccomd.com\/ro\/product\/hartie-pentru-tigari-mascotte-organic-hemp\/#organizationLogo"},"sameAs":["https:\/\/www.facebook.com\/tabaccomd.com\/","https:\/\/www.instagram.com\/tabaccomd.com\/"],"address":{"@id":"https:\/\/tabaccomd.com\/ro\/#postaladdress","@type":"PostalAddress","streetAddress":"Strada Albi\u015foara 4, Chi\u0219in\u0103u, Bulevardul \u0218tefan cel Mare \u0219i Sf\u00eent 136, Chi\u0219in\u0103u","addressLocality":"Chi\u0219in\u0103u","addressCountry":"MD"}},{"@type":"Product","@id":"https:\/\/tabaccomd.com\/ro\/product\/hartie-pentru-tigari-mascotte-organic-hemp\/#wooCommerceProduct","name":"H\u00e2rtie pentru \u021big\u0103ri Mascotte Organic Hemp","description":"Produc\u0103tor: Mignot &amp; De Block enterprise\r\n \t\u021aara produc\u0103torului: Olanda\r\n \tLungime: 37 x 70 mm\r\n \tCantitate: 50 de h\u00e2rtii\r\n \tDensitate: Ultrafin\u0103 (12 g\/m\u00b2)\r\n \tMaterial: C\u00e2nep\u0103 organic\u0103 \u0219i gum\u0103 arabic\u0103","url":"https:\/\/tabaccomd.com\/ro\/product\/hartie-pentru-tigari-mascotte-organic-hemp\/","sku":"411451179","image":{"@type":"ImageObject","url":"https:\/\/tabaccomd.com\/wp-content\/uploads\/2026\/02\/rolling-paper-mascotte-organic-hemp-50-0.jpg","@id":"https:\/\/tabaccomd.com\/ro\/product\/hartie-pentru-tigari-mascotte-organic-hemp\/#productImage","width":1200,"height":1200,"caption":"rolling-paper-mascotte-organic-hemp-50-0"},"offers":{"@type":"Offer","url":"https:\/\/tabaccomd.com\/ro\/product\/hartie-pentru-tigari-mascotte-organic-hemp\/#wooCommerceOffer","price":7,"priceCurrency":"MDL","category":"H\u00e2rtie pentru \u021big\u0103ri","availability":"https:\/\/schema.org\/InStock","priceSpecification":{"@type":"PriceSpecification","price":7,"priceCurrency":"MDL","valueAddedTaxIncluded":"true"},"seller":{"@type":"Organization","@id":"https:\/\/tabaccomd.com\/ro\/#organization"}}},{"@type":"WebPage","@id":"https:\/\/tabaccomd.com\/ro\/product\/hartie-pentru-tigari-mascotte-organic-hemp\/#webpage","url":"https:\/\/tabaccomd.com\/ro\/product\/hartie-pentru-tigari-mascotte-organic-hemp\/","name":"H\u00e2rtie pentru \u021big\u0103ri Mascotte Organic Hemp \u2013 Tabacco House","inLanguage":"ro-RO","isPartOf":{"@id":"https:\/\/tabaccomd.com\/ro\/#website"},"breadcrumb":{"@id":"https:\/\/tabaccomd.com\/ro\/product\/hartie-pentru-tigari-mascotte-organic-hemp\/#breadcrumblist"},"image":{"@type":"ImageObject","url":"https:\/\/tabaccomd.com\/wp-content\/uploads\/2026\/02\/rolling-paper-mascotte-organic-hemp-50-0.jpg","@id":"https:\/\/tabaccomd.com\/ro\/product\/hartie-pentru-tigari-mascotte-organic-hemp\/#mainImage","width":1200,"height":1200,"caption":"rolling-paper-mascotte-organic-hemp-50-0"},"primaryImageOfPage":{"@id":"https:\/\/tabaccomd.com\/ro\/product\/hartie-pentru-tigari-mascotte-organic-hemp\/#mainImage"},"datePublished":"2026-02-24T15:28:58+03:00","dateModified":"2026-02-24T15:28:58+03:00"},{"@type":"WebSite","@id":"https:\/\/tabaccomd.com\/ro\/#website","url":"https:\/\/tabaccomd.com\/ro\/","name":"Tabacco House","alternateName":"tobaccomd.com","description":"\u041c\u0430\u0433\u0430\u0437\u0438\u043d \u0442\u0430\u0431\u0430\u0447\u043d\u044b\u0445 \u0438\u0437\u0434\u0435\u043b\u0438\u0439","inLanguage":"ro-RO","publisher":{"@id":"https:\/\/tabaccomd.com\/ro\/#organization"}}]},"og:locale":"ro_RO","og:site_name":"Tabacco House \u2013 \u041c\u0430\u0433\u0430\u0437\u0438\u043d \u0442\u0430\u0431\u0430\u0447\u043d\u044b\u0445 \u0438\u0437\u0434\u0435\u043b\u0438\u0439","og:type":"article","og:title":"H\u00e2rtie pentru \u021big\u0103ri Mascotte Organic Hemp \u2013 Tabacco House","og:url":"https:\/\/tabaccomd.com\/ro\/product\/hartie-pentru-tigari-mascotte-organic-hemp\/","article:published_time":"2026-02-24T12:28:58+00:00","article:modified_time":"2026-02-24T12:28:58+00:00","article:publisher":"https:\/\/www.facebook.com\/tabaccomd.com\/","twitter:card":"summary_large_image","twitter:title":"H\u00e2rtie pentru \u021big\u0103ri Mascotte Organic Hemp \u2013 Tabacco House"},"aioseo_meta_data":{"post_id":"156970","title":null,"description":null,"keywords":null,"keyphrases":null,"primary_term":null,"canonical_url":null,"og_title":null,"og_description":null,"og_object_type":"default","og_image_type":"default","og_image_url":null,"og_image_width":null,"og_image_height":null,"og_image_custom_url":null,"og_image_custom_fields":null,"og_video":null,"og_custom_url":null,"og_article_section":null,"og_article_tags":null,"twitter_use_og":false,"twitter_card":"default","twitter_image_type":"default","twitter_image_url":null,"twitter_image_custom_url":null,"twitter_image_custom_fields":null,"twitter_title":null,"twitter_description":null,"schema":{"blockGraphs":[],"customGraphs":[],"default":{"data":{"Article":[],"Course":[],"Dataset":[],"FAQPage":[],"Movie":[],"Person":[],"Product":[],"ProductReview":[],"Car":[],"Recipe":[],"Service":[],"SoftwareApplication":[],"WebPage":[]},"graphName":"","isEnabled":true},"graphs":[]},"schema_type":"default","schema_type_options":null,"pillar_content":false,"robots_default":true,"robots_noindex":false,"robots_noarchive":false,"robots_nosnippet":false,"robots_nofollow":false,"robots_noimageindex":false,"robots_noodp":false,"robots_notranslate":false,"robots_max_snippet":null,"robots_max_videopreview":null,"robots_max_imagepreview":"large","priority":null,"frequency":null,"local_seo":null,"seo_analyzer_scan_date":"2026-02-24 12:46:37","breadcrumb_settings":null,"limit_modified_date":false,"reviewed_by":null,"open_ai":null,"ai":null,"created":"2026-02-24 12:33:18","updated":"2026-02-24 12:46:37"},"aioseo_breadcrumb":"<div class=\"aioseo-breadcrumbs\"><span class=\"aioseo-breadcrumb\">\n\t<a href=\"https:\/\/tabaccomd.com\/ro\/\" title=\"\u0413\u043b\u0430\u0432\u043d\u0430\u044f\">\u0413\u043b\u0430\u0432\u043d\u0430\u044f<\/a>\n<\/span><span class=\"aioseo-breadcrumb-separator\">\u00bb<\/span><span class=\"aioseo-breadcrumb\">\n\t<a href=\"https:\/\/tabaccomd.com\/ro\/catalog\/\" title=\"Catalog\">Catalog<\/a>\n<\/span><span class=\"aioseo-breadcrumb-separator\">\u00bb<\/span><span class=\"aioseo-breadcrumb\">\n\t<a href=\"https:\/\/tabaccomd.com\/ro\/product-category\/totul-pentru-rulat\/\" title=\"Totul pentru rulat\">Totul pentru rulat<\/a>\n<\/span><span class=\"aioseo-breadcrumb-separator\">\u00bb<\/span><span class=\"aioseo-breadcrumb\">\n\t<a href=\"https:\/\/tabaccomd.com\/ro\/product-category\/totul-pentru-rulat\/hartie-pentru-tigari\/\" title=\"H\u00e2rtie pentru \u021big\u0103ri\">H\u00e2rtie pentru \u021big\u0103ri<\/a>\n<\/span><span class=\"aioseo-breadcrumb-separator\">\u00bb<\/span><span class=\"aioseo-breadcrumb\">\n\tH\u00e2rtie pentru \u021big\u0103ri Mascotte Organic Hemp\n<\/span><\/div>","aioseo_breadcrumb_json":[{"label":"\u0413\u043b\u0430\u0432\u043d\u0430\u044f","link":"https:\/\/tabaccomd.com\/ro\/"},{"label":"Catalog","link":"https:\/\/tabaccomd.com\/ro\/catalog\/"},{"label":"Totul pentru rulat","link":"https:\/\/tabaccomd.com\/ro\/product-category\/totul-pentru-rulat\/"},{"label":"H\u00e2rtie pentru \u021big\u0103ri","link":"https:\/\/tabaccomd.com\/ro\/product-category\/totul-pentru-rulat\/hartie-pentru-tigari\/"},{"label":"H\u00e2rtie pentru \u021big\u0103ri Mascotte Organic Hemp","link":"https:\/\/tabaccomd.com\/ro\/product\/hartie-pentru-tigari-mascotte-organic-hemp\/"}],"images_for_1c":[{"url":"https:\/\/tabaccomd.com\/wp-content\/uploads\/2026\/02\/rolling-paper-mascotte-organic-hemp-50-0.jpg","type":"featured","alt":"rolling-paper-mascotte-organic-hemp-50-0","filename":"rolling-paper-mascotte-organic-hemp-50-0.jpg"},{"url":"https:\/\/tabaccomd.com\/wp-content\/uploads\/2026\/02\/rolling-paper-mascotte-organic-hemp-50.jpg","type":"gallery","alt":"rolling-paper-mascotte-organic-hemp-50","filename":"rolling-paper-mascotte-organic-hemp-50.jpg"}],"additional_data_1c":{"modified_date":"2026-02-24 15:28:58","permalink":"https:\/\/tabaccomd.com\/ro\/product\/hartie-pentru-tigari-mascotte-organic-hemp\/","stock_status":"instock","manage_stock":"no"},"_links":{"self":[{"href":"https:\/\/tabaccomd.com\/ro\/wp-json\/wp\/v2\/product\/156970","targetHints":{"allow":["GET"]}}],"collection":[{"href":"https:\/\/tabaccomd.com\/ro\/wp-json\/wp\/v2\/product"}],"about":[{"href":"https:\/\/tabaccomd.com\/ro\/wp-json\/wp\/v2\/types\/product"}],"wp:featuredmedia":[{"embeddable":true,"href":"https:\/\/tabaccomd.com\/ro\/wp-json\/wp\/v2\/media\/156967"}],"wp:attachment":[{"href":"https:\/\/tabaccomd.com\/ro\/wp-json\/wp\/v2\/media?parent=156970"}],"wp:term":[{"taxonomy":"product_brand","embeddable":true,"href":"https:\/\/tabaccomd.com\/ro\/wp-json\/wp\/v2\/product_brand?post=156970"},{"taxonomy":"product_cat","embeddable":true,"href":"https:\/\/tabaccomd.com\/ro\/wp-json\/wp\/v2\/product_cat?post=156970"},{"taxonomy":"product_tag","embeddable":true,"href":"https:\/\/tabaccomd.com\/ro\/wp-json\/wp\/v2\/product_tag?post=156970"}],"curies":[{"name":"wp","href":"https:\/\/api.w.org\/{rel}","templated":true}]}}