{"id":156940,"date":"2026-02-24T12:28:18","date_gmt":"2026-02-24T09:28:18","guid":{"rendered":"https:\/\/tabaccomd.com\/product\/punga-pentru-tutun-turner-canvas-628667\/"},"modified":"2026-02-24T12:28:18","modified_gmt":"2026-02-24T09:28:18","slug":"punga-pentru-tutun-turner-canvas-628667","status":"publish","type":"product","link":"https:\/\/tabaccomd.com\/ro\/product\/punga-pentru-tutun-turner-canvas-628667\/","title":{"rendered":"Pung\u0103 pentru tutun Turner Canvas 628667"},"content":{"rendered":"<p><a href=\"https:\/\/tabaccomd.com\/ro\/product-category\/totul-pentru-rulat\/punga-pentru-tutun\/\">Punga<\/a> pentru tutun este realizat\u0103 \u00een culoare neagr\u0103 clasic\u0103, dintr-o combina\u021bie de piele natural\u0103 \u0219i p\u00e2nz\u0103 rezistent\u0103, oferind un aspect elegant \u0219i durabilitate sporit\u0103. Fabricat\u0103 \u00een Germania, se remarc\u0103 prin execu\u021bia atent\u0103 \u0219i designul bine g\u00e2ndit. Modelul dispune de pliu lateral pentru un volum mai mare, buzunar interior pentru accesorii \u0219i compartiment pentru foi\u021be de 100 de buc\u0103\u021bi. Cureaua din piele \u0219i \u00eenchiderea cu caps\u0103 magnetic\u0103 asigur\u0103 o utilizare practic\u0103 \u0219i sigur\u0103. Dimensiunea compact\u0103 de 18 cm o face un accesoriu ideal pentru folosirea zilnic\u0103.<\/p>\n<p>Pute\u021bi achizi\u021biona punga pentru tutun Turner Canvas 628667 \u00een Moldova, Chi\u0219in\u0103u, \u00een re\u021beaua de magazine Tabacco House.<\/p>\n","protected":false},"excerpt":{"rendered":"<ul>\n<li>\u021aara produc\u0103torului: Germania<\/li>\n<li>Material: Piele natural\u0103 \u0219i p\u00e2nz\u0103<\/li>\n<li>Culoare: Neagr\u0103<\/li>\n<li>Cu buton magnetic<\/li>\n<li>Dimensiune: 18 cm<\/li>\n<\/ul>\n","protected":false},"featured_media":156939,"template":"","meta":{"om_disable_all_campaigns":false,"_monsterinsights_skip_tracking":false,"_monsterinsights_sitenote_active":false,"_monsterinsights_sitenote_note":"","_monsterinsights_sitenote_category":0},"product_brand":[],"product_cat":[161],"product_tag":[],"class_list":{"0":"post-156940","1":"product","2":"type-product","3":"status-publish","4":"has-post-thumbnail","6":"product_cat-punga-pentru-tutun","8":"first","9":"instock","10":"taxable","11":"shipping-taxable","12":"purchasable","13":"product-type-simple"},"aioseo_notices":[],"aioseo_head":"\n\t\t<!-- All in One SEO Pro 4.9.6.2 - aioseo.com -->\n\t<meta name=\"robots\" content=\"max-image-preview:large\" \/>\n\t<link rel=\"canonical\" href=\"https:\/\/tabaccomd.com\/ro\/product\/punga-pentru-tutun-turner-canvas-628667\/\" \/>\n\t<meta name=\"generator\" content=\"All in One SEO Pro (AIOSEO) 4.9.6.2\" \/>\n\t\t<meta property=\"og:locale\" content=\"ro_RO\" \/>\n\t\t<meta property=\"og:site_name\" content=\"Tabacco House \u2013 \u041c\u0430\u0433\u0430\u0437\u0438\u043d \u0442\u0430\u0431\u0430\u0447\u043d\u044b\u0445 \u0438\u0437\u0434\u0435\u043b\u0438\u0439\" \/>\n\t\t<meta property=\"og:type\" content=\"article\" \/>\n\t\t<meta property=\"og:title\" content=\"Pung\u0103 pentru tutun Turner Canvas 628667 \u2013 Tabacco House\" \/>\n\t\t<meta property=\"og:url\" content=\"https:\/\/tabaccomd.com\/ro\/product\/punga-pentru-tutun-turner-canvas-628667\/\" \/>\n\t\t<meta property=\"article:published_time\" content=\"2026-02-24T09:28:18+00:00\" \/>\n\t\t<meta property=\"article:modified_time\" content=\"2026-02-24T09:28:18+00:00\" \/>\n\t\t<meta property=\"article:publisher\" content=\"https:\/\/www.facebook.com\/tabaccomd.com\/\" \/>\n\t\t<meta name=\"twitter:card\" content=\"summary_large_image\" \/>\n\t\t<meta name=\"twitter:title\" content=\"Pung\u0103 pentru tutun Turner Canvas 628667 \u2013 Tabacco House\" \/>\n\t\t<script type=\"application\/ld+json\" class=\"aioseo-schema\">\n\t\t\t{\"@context\":\"https:\\\/\\\/schema.org\",\"@graph\":[{\"@type\":\"BreadcrumbList\",\"@id\":\"https:\\\/\\\/tabaccomd.com\\\/ro\\\/product\\\/punga-pentru-tutun-turner-canvas-628667\\\/#breadcrumblist\",\"itemListElement\":[{\"@type\":\"ListItem\",\"@id\":\"https:\\\/\\\/tabaccomd.com\\\/ro\\\/#listItem\",\"position\":1,\"name\":\"\\u0413\\u043b\\u0430\\u0432\\u043d\\u0430\\u044f\",\"item\":\"https:\\\/\\\/tabaccomd.com\\\/ro\\\/\",\"nextItem\":{\"@type\":\"ListItem\",\"@id\":\"https:\\\/\\\/tabaccomd.com\\\/ro\\\/catalog\\\/#listItem\",\"name\":\"Catalog\"}},{\"@type\":\"ListItem\",\"@id\":\"https:\\\/\\\/tabaccomd.com\\\/ro\\\/catalog\\\/#listItem\",\"position\":2,\"name\":\"Catalog\",\"item\":\"https:\\\/\\\/tabaccomd.com\\\/ro\\\/catalog\\\/\",\"nextItem\":{\"@type\":\"ListItem\",\"@id\":\"https:\\\/\\\/tabaccomd.com\\\/ro\\\/product-category\\\/totul-pentru-rulat\\\/#listItem\",\"name\":\"Totul pentru rulat\"},\"previousItem\":{\"@type\":\"ListItem\",\"@id\":\"https:\\\/\\\/tabaccomd.com\\\/ro\\\/#listItem\",\"name\":\"\\u0413\\u043b\\u0430\\u0432\\u043d\\u0430\\u044f\"}},{\"@type\":\"ListItem\",\"@id\":\"https:\\\/\\\/tabaccomd.com\\\/ro\\\/product-category\\\/totul-pentru-rulat\\\/#listItem\",\"position\":3,\"name\":\"Totul pentru rulat\",\"item\":\"https:\\\/\\\/tabaccomd.com\\\/ro\\\/product-category\\\/totul-pentru-rulat\\\/\",\"nextItem\":{\"@type\":\"ListItem\",\"@id\":\"https:\\\/\\\/tabaccomd.com\\\/ro\\\/product-category\\\/totul-pentru-rulat\\\/punga-pentru-tutun\\\/#listItem\",\"name\":\"Pung\\u0103 pentru tutun\"},\"previousItem\":{\"@type\":\"ListItem\",\"@id\":\"https:\\\/\\\/tabaccomd.com\\\/ro\\\/catalog\\\/#listItem\",\"name\":\"Catalog\"}},{\"@type\":\"ListItem\",\"@id\":\"https:\\\/\\\/tabaccomd.com\\\/ro\\\/product-category\\\/totul-pentru-rulat\\\/punga-pentru-tutun\\\/#listItem\",\"position\":4,\"name\":\"Pung\\u0103 pentru tutun\",\"item\":\"https:\\\/\\\/tabaccomd.com\\\/ro\\\/product-category\\\/totul-pentru-rulat\\\/punga-pentru-tutun\\\/\",\"nextItem\":{\"@type\":\"ListItem\",\"@id\":\"https:\\\/\\\/tabaccomd.com\\\/ro\\\/product\\\/punga-pentru-tutun-turner-canvas-628667\\\/#listItem\",\"name\":\"Pung\\u0103 pentru tutun Turner Canvas 628667\"},\"previousItem\":{\"@type\":\"ListItem\",\"@id\":\"https:\\\/\\\/tabaccomd.com\\\/ro\\\/product-category\\\/totul-pentru-rulat\\\/#listItem\",\"name\":\"Totul pentru rulat\"}},{\"@type\":\"ListItem\",\"@id\":\"https:\\\/\\\/tabaccomd.com\\\/ro\\\/product\\\/punga-pentru-tutun-turner-canvas-628667\\\/#listItem\",\"position\":5,\"name\":\"Pung\\u0103 pentru tutun Turner Canvas 628667\",\"previousItem\":{\"@type\":\"ListItem\",\"@id\":\"https:\\\/\\\/tabaccomd.com\\\/ro\\\/product-category\\\/totul-pentru-rulat\\\/punga-pentru-tutun\\\/#listItem\",\"name\":\"Pung\\u0103 pentru tutun\"}}]},{\"@type\":\"Organization\",\"@id\":\"https:\\\/\\\/tabaccomd.com\\\/ro\\\/#organization\",\"name\":\"Tabacco House\",\"description\":\"\\u041c\\u0430\\u0433\\u0430\\u0437\\u0438\\u043d \\u0442\\u0430\\u0431\\u0430\\u0447\\u043d\\u044b\\u0445 \\u0438\\u0437\\u0434\\u0435\\u043b\\u0438\\u0439\",\"url\":\"https:\\\/\\\/tabaccomd.com\\\/ro\\\/\",\"email\":\"Office@cazacuhouse.com\",\"telephone\":\"+37361000935\",\"logo\":{\"@type\":\"ImageObject\",\"url\":\"https:\\\/\\\/tabaccomd.com\\\/wp-content\\\/uploads\\\/2024\\\/02\\\/logo_header3.png\",\"@id\":\"https:\\\/\\\/tabaccomd.com\\\/ro\\\/product\\\/punga-pentru-tutun-turner-canvas-628667\\\/#organizationLogo\",\"width\":32,\"height\":32,\"caption\":\"Tabacco House\"},\"image\":{\"@id\":\"https:\\\/\\\/tabaccomd.com\\\/ro\\\/product\\\/punga-pentru-tutun-turner-canvas-628667\\\/#organizationLogo\"},\"sameAs\":[\"https:\\\/\\\/www.facebook.com\\\/tabaccomd.com\\\/\",\"https:\\\/\\\/www.instagram.com\\\/tabaccomd.com\\\/\"],\"address\":{\"@id\":\"https:\\\/\\\/tabaccomd.com\\\/ro\\\/#postaladdress\",\"@type\":\"PostalAddress\",\"streetAddress\":\"Strada Albi\\u015foara 4, Chi\\u0219in\\u0103u, Bulevardul \\u0218tefan cel Mare \\u0219i Sf\\u00eent 136, Chi\\u0219in\\u0103u\",\"addressLocality\":\"Chi\\u0219in\\u0103u\",\"addressCountry\":\"MD\"}},{\"@type\":\"Product\",\"@id\":\"https:\\\/\\\/tabaccomd.com\\\/ro\\\/product\\\/punga-pentru-tutun-turner-canvas-628667\\\/#wooCommerceProduct\",\"name\":\"Pung\\u0103 pentru tutun Turner Canvas 628667\",\"description\":\"\\u021aara produc\\u0103torului: Germania\\r\\n \\tMaterial: Piele natural\\u0103 \\u0219i p\\u00e2nz\\u0103\\r\\n \\tCuloare: Neagr\\u0103\\r\\n \\tCu buton magnetic\\r\\n \\tDimensiune: 18 cm\",\"url\":\"https:\\\/\\\/tabaccomd.com\\\/ro\\\/product\\\/punga-pentru-tutun-turner-canvas-628667\\\/\",\"sku\":\"628667\",\"image\":{\"@type\":\"ImageObject\",\"url\":\"https:\\\/\\\/tabaccomd.com\\\/wp-content\\\/uploads\\\/2026\\\/02\\\/punga-pentru-tutun-turner-canvas-628667-1.jpg\",\"@id\":\"https:\\\/\\\/tabaccomd.com\\\/ro\\\/product\\\/punga-pentru-tutun-turner-canvas-628667\\\/#productImage\",\"width\":1240,\"height\":1240,\"caption\":\"punga-pentru-tutun-turner-canvas-628667-1\"},\"offers\":{\"@type\":\"Offer\",\"url\":\"https:\\\/\\\/tabaccomd.com\\\/ro\\\/product\\\/punga-pentru-tutun-turner-canvas-628667\\\/#wooCommerceOffer\",\"price\":295,\"priceCurrency\":\"MDL\",\"category\":\"Pung\\u0103 pentru tutun\",\"availability\":\"https:\\\/\\\/schema.org\\\/InStock\",\"priceSpecification\":{\"@type\":\"PriceSpecification\",\"price\":295,\"priceCurrency\":\"MDL\",\"valueAddedTaxIncluded\":\"true\"},\"seller\":{\"@type\":\"Organization\",\"@id\":\"https:\\\/\\\/tabaccomd.com\\\/ro\\\/#organization\"}}},{\"@type\":\"WebPage\",\"@id\":\"https:\\\/\\\/tabaccomd.com\\\/ro\\\/product\\\/punga-pentru-tutun-turner-canvas-628667\\\/#webpage\",\"url\":\"https:\\\/\\\/tabaccomd.com\\\/ro\\\/product\\\/punga-pentru-tutun-turner-canvas-628667\\\/\",\"name\":\"Pung\\u0103 pentru tutun Turner Canvas 628667 \\u2013 Tabacco House\",\"inLanguage\":\"ro-RO\",\"isPartOf\":{\"@id\":\"https:\\\/\\\/tabaccomd.com\\\/ro\\\/#website\"},\"breadcrumb\":{\"@id\":\"https:\\\/\\\/tabaccomd.com\\\/ro\\\/product\\\/punga-pentru-tutun-turner-canvas-628667\\\/#breadcrumblist\"},\"image\":{\"@type\":\"ImageObject\",\"url\":\"https:\\\/\\\/tabaccomd.com\\\/wp-content\\\/uploads\\\/2026\\\/02\\\/punga-pentru-tutun-turner-canvas-628667-1.jpg\",\"@id\":\"https:\\\/\\\/tabaccomd.com\\\/ro\\\/product\\\/punga-pentru-tutun-turner-canvas-628667\\\/#mainImage\",\"width\":1240,\"height\":1240,\"caption\":\"punga-pentru-tutun-turner-canvas-628667-1\"},\"primaryImageOfPage\":{\"@id\":\"https:\\\/\\\/tabaccomd.com\\\/ro\\\/product\\\/punga-pentru-tutun-turner-canvas-628667\\\/#mainImage\"},\"datePublished\":\"2026-02-24T12:28:18+03:00\",\"dateModified\":\"2026-02-24T12:28:18+03:00\"},{\"@type\":\"WebSite\",\"@id\":\"https:\\\/\\\/tabaccomd.com\\\/ro\\\/#website\",\"url\":\"https:\\\/\\\/tabaccomd.com\\\/ro\\\/\",\"name\":\"Tabacco House\",\"alternateName\":\"tobaccomd.com\",\"description\":\"\\u041c\\u0430\\u0433\\u0430\\u0437\\u0438\\u043d \\u0442\\u0430\\u0431\\u0430\\u0447\\u043d\\u044b\\u0445 \\u0438\\u0437\\u0434\\u0435\\u043b\\u0438\\u0439\",\"inLanguage\":\"ro-RO\",\"publisher\":{\"@id\":\"https:\\\/\\\/tabaccomd.com\\\/ro\\\/#organization\"}}]}\n\t\t<\/script>\n\t\t<!-- All in One SEO Pro -->\r\n\t\t<title>Pung\u0103 pentru tutun Turner Canvas 628667 \u2013 Tabacco House<\/title>\n\n","aioseo_head_json":{"title":"Pung\u0103 pentru tutun Turner Canvas 628667 \u2013 Tabacco House","description":"","canonical_url":"https:\/\/tabaccomd.com\/ro\/product\/punga-pentru-tutun-turner-canvas-628667\/","robots":"max-image-preview:large","keywords":"","webmasterTools":{"miscellaneous":""},"schema":{"@context":"https:\/\/schema.org","@graph":[{"@type":"BreadcrumbList","@id":"https:\/\/tabaccomd.com\/ro\/product\/punga-pentru-tutun-turner-canvas-628667\/#breadcrumblist","itemListElement":[{"@type":"ListItem","@id":"https:\/\/tabaccomd.com\/ro\/#listItem","position":1,"name":"\u0413\u043b\u0430\u0432\u043d\u0430\u044f","item":"https:\/\/tabaccomd.com\/ro\/","nextItem":{"@type":"ListItem","@id":"https:\/\/tabaccomd.com\/ro\/catalog\/#listItem","name":"Catalog"}},{"@type":"ListItem","@id":"https:\/\/tabaccomd.com\/ro\/catalog\/#listItem","position":2,"name":"Catalog","item":"https:\/\/tabaccomd.com\/ro\/catalog\/","nextItem":{"@type":"ListItem","@id":"https:\/\/tabaccomd.com\/ro\/product-category\/totul-pentru-rulat\/#listItem","name":"Totul pentru rulat"},"previousItem":{"@type":"ListItem","@id":"https:\/\/tabaccomd.com\/ro\/#listItem","name":"\u0413\u043b\u0430\u0432\u043d\u0430\u044f"}},{"@type":"ListItem","@id":"https:\/\/tabaccomd.com\/ro\/product-category\/totul-pentru-rulat\/#listItem","position":3,"name":"Totul pentru rulat","item":"https:\/\/tabaccomd.com\/ro\/product-category\/totul-pentru-rulat\/","nextItem":{"@type":"ListItem","@id":"https:\/\/tabaccomd.com\/ro\/product-category\/totul-pentru-rulat\/punga-pentru-tutun\/#listItem","name":"Pung\u0103 pentru tutun"},"previousItem":{"@type":"ListItem","@id":"https:\/\/tabaccomd.com\/ro\/catalog\/#listItem","name":"Catalog"}},{"@type":"ListItem","@id":"https:\/\/tabaccomd.com\/ro\/product-category\/totul-pentru-rulat\/punga-pentru-tutun\/#listItem","position":4,"name":"Pung\u0103 pentru tutun","item":"https:\/\/tabaccomd.com\/ro\/product-category\/totul-pentru-rulat\/punga-pentru-tutun\/","nextItem":{"@type":"ListItem","@id":"https:\/\/tabaccomd.com\/ro\/product\/punga-pentru-tutun-turner-canvas-628667\/#listItem","name":"Pung\u0103 pentru tutun Turner Canvas 628667"},"previousItem":{"@type":"ListItem","@id":"https:\/\/tabaccomd.com\/ro\/product-category\/totul-pentru-rulat\/#listItem","name":"Totul pentru rulat"}},{"@type":"ListItem","@id":"https:\/\/tabaccomd.com\/ro\/product\/punga-pentru-tutun-turner-canvas-628667\/#listItem","position":5,"name":"Pung\u0103 pentru tutun Turner Canvas 628667","previousItem":{"@type":"ListItem","@id":"https:\/\/tabaccomd.com\/ro\/product-category\/totul-pentru-rulat\/punga-pentru-tutun\/#listItem","name":"Pung\u0103 pentru tutun"}}]},{"@type":"Organization","@id":"https:\/\/tabaccomd.com\/ro\/#organization","name":"Tabacco House","description":"\u041c\u0430\u0433\u0430\u0437\u0438\u043d \u0442\u0430\u0431\u0430\u0447\u043d\u044b\u0445 \u0438\u0437\u0434\u0435\u043b\u0438\u0439","url":"https:\/\/tabaccomd.com\/ro\/","email":"Office@cazacuhouse.com","telephone":"+37361000935","logo":{"@type":"ImageObject","url":"https:\/\/tabaccomd.com\/wp-content\/uploads\/2024\/02\/logo_header3.png","@id":"https:\/\/tabaccomd.com\/ro\/product\/punga-pentru-tutun-turner-canvas-628667\/#organizationLogo","width":32,"height":32,"caption":"Tabacco House"},"image":{"@id":"https:\/\/tabaccomd.com\/ro\/product\/punga-pentru-tutun-turner-canvas-628667\/#organizationLogo"},"sameAs":["https:\/\/www.facebook.com\/tabaccomd.com\/","https:\/\/www.instagram.com\/tabaccomd.com\/"],"address":{"@id":"https:\/\/tabaccomd.com\/ro\/#postaladdress","@type":"PostalAddress","streetAddress":"Strada Albi\u015foara 4, Chi\u0219in\u0103u, Bulevardul \u0218tefan cel Mare \u0219i Sf\u00eent 136, Chi\u0219in\u0103u","addressLocality":"Chi\u0219in\u0103u","addressCountry":"MD"}},{"@type":"Product","@id":"https:\/\/tabaccomd.com\/ro\/product\/punga-pentru-tutun-turner-canvas-628667\/#wooCommerceProduct","name":"Pung\u0103 pentru tutun Turner Canvas 628667","description":"\u021aara produc\u0103torului: Germania\r\n \tMaterial: Piele natural\u0103 \u0219i p\u00e2nz\u0103\r\n \tCuloare: Neagr\u0103\r\n \tCu buton magnetic\r\n \tDimensiune: 18 cm","url":"https:\/\/tabaccomd.com\/ro\/product\/punga-pentru-tutun-turner-canvas-628667\/","sku":"628667","image":{"@type":"ImageObject","url":"https:\/\/tabaccomd.com\/wp-content\/uploads\/2026\/02\/punga-pentru-tutun-turner-canvas-628667-1.jpg","@id":"https:\/\/tabaccomd.com\/ro\/product\/punga-pentru-tutun-turner-canvas-628667\/#productImage","width":1240,"height":1240,"caption":"punga-pentru-tutun-turner-canvas-628667-1"},"offers":{"@type":"Offer","url":"https:\/\/tabaccomd.com\/ro\/product\/punga-pentru-tutun-turner-canvas-628667\/#wooCommerceOffer","price":295,"priceCurrency":"MDL","category":"Pung\u0103 pentru tutun","availability":"https:\/\/schema.org\/InStock","priceSpecification":{"@type":"PriceSpecification","price":295,"priceCurrency":"MDL","valueAddedTaxIncluded":"true"},"seller":{"@type":"Organization","@id":"https:\/\/tabaccomd.com\/ro\/#organization"}}},{"@type":"WebPage","@id":"https:\/\/tabaccomd.com\/ro\/product\/punga-pentru-tutun-turner-canvas-628667\/#webpage","url":"https:\/\/tabaccomd.com\/ro\/product\/punga-pentru-tutun-turner-canvas-628667\/","name":"Pung\u0103 pentru tutun Turner Canvas 628667 \u2013 Tabacco House","inLanguage":"ro-RO","isPartOf":{"@id":"https:\/\/tabaccomd.com\/ro\/#website"},"breadcrumb":{"@id":"https:\/\/tabaccomd.com\/ro\/product\/punga-pentru-tutun-turner-canvas-628667\/#breadcrumblist"},"image":{"@type":"ImageObject","url":"https:\/\/tabaccomd.com\/wp-content\/uploads\/2026\/02\/punga-pentru-tutun-turner-canvas-628667-1.jpg","@id":"https:\/\/tabaccomd.com\/ro\/product\/punga-pentru-tutun-turner-canvas-628667\/#mainImage","width":1240,"height":1240,"caption":"punga-pentru-tutun-turner-canvas-628667-1"},"primaryImageOfPage":{"@id":"https:\/\/tabaccomd.com\/ro\/product\/punga-pentru-tutun-turner-canvas-628667\/#mainImage"},"datePublished":"2026-02-24T12:28:18+03:00","dateModified":"2026-02-24T12:28:18+03:00"},{"@type":"WebSite","@id":"https:\/\/tabaccomd.com\/ro\/#website","url":"https:\/\/tabaccomd.com\/ro\/","name":"Tabacco House","alternateName":"tobaccomd.com","description":"\u041c\u0430\u0433\u0430\u0437\u0438\u043d \u0442\u0430\u0431\u0430\u0447\u043d\u044b\u0445 \u0438\u0437\u0434\u0435\u043b\u0438\u0439","inLanguage":"ro-RO","publisher":{"@id":"https:\/\/tabaccomd.com\/ro\/#organization"}}]},"og:locale":"ro_RO","og:site_name":"Tabacco House \u2013 \u041c\u0430\u0433\u0430\u0437\u0438\u043d \u0442\u0430\u0431\u0430\u0447\u043d\u044b\u0445 \u0438\u0437\u0434\u0435\u043b\u0438\u0439","og:type":"article","og:title":"Pung\u0103 pentru tutun Turner Canvas 628667 \u2013 Tabacco House","og:url":"https:\/\/tabaccomd.com\/ro\/product\/punga-pentru-tutun-turner-canvas-628667\/","article:published_time":"2026-02-24T09:28:18+00:00","article:modified_time":"2026-02-24T09:28:18+00:00","article:publisher":"https:\/\/www.facebook.com\/tabaccomd.com\/","twitter:card":"summary_large_image","twitter:title":"Pung\u0103 pentru tutun Turner Canvas 628667 \u2013 Tabacco House"},"aioseo_meta_data":{"post_id":"156940","title":null,"description":null,"keywords":null,"keyphrases":null,"primary_term":null,"canonical_url":null,"og_title":null,"og_description":null,"og_object_type":"default","og_image_type":"default","og_image_url":null,"og_image_width":null,"og_image_height":null,"og_image_custom_url":null,"og_image_custom_fields":null,"og_video":null,"og_custom_url":null,"og_article_section":null,"og_article_tags":null,"twitter_use_og":false,"twitter_card":"default","twitter_image_type":"default","twitter_image_url":null,"twitter_image_custom_url":null,"twitter_image_custom_fields":null,"twitter_title":null,"twitter_description":null,"schema":{"blockGraphs":[],"customGraphs":[],"default":{"data":{"Article":[],"Course":[],"Dataset":[],"FAQPage":[],"Movie":[],"Person":[],"Product":[],"ProductReview":[],"Car":[],"Recipe":[],"Service":[],"SoftwareApplication":[],"WebPage":[]},"graphName":"","isEnabled":true},"graphs":[]},"schema_type":"default","schema_type_options":null,"pillar_content":false,"robots_default":true,"robots_noindex":false,"robots_noarchive":false,"robots_nosnippet":false,"robots_nofollow":false,"robots_noimageindex":false,"robots_noodp":false,"robots_notranslate":false,"robots_max_snippet":null,"robots_max_videopreview":null,"robots_max_imagepreview":"large","priority":null,"frequency":null,"local_seo":null,"seo_analyzer_scan_date":"2026-02-24 09:42:16","breadcrumb_settings":null,"limit_modified_date":false,"reviewed_by":null,"open_ai":null,"ai":null,"created":"2026-02-24 09:33:31","updated":"2026-02-24 11:27:11"},"aioseo_breadcrumb":"<div class=\"aioseo-breadcrumbs\"><span class=\"aioseo-breadcrumb\">\n\t<a href=\"https:\/\/tabaccomd.com\/ro\/\" title=\"\u0413\u043b\u0430\u0432\u043d\u0430\u044f\">\u0413\u043b\u0430\u0432\u043d\u0430\u044f<\/a>\n<\/span><span class=\"aioseo-breadcrumb-separator\">\u00bb<\/span><span class=\"aioseo-breadcrumb\">\n\t<a href=\"https:\/\/tabaccomd.com\/ro\/catalog\/\" title=\"Catalog\">Catalog<\/a>\n<\/span><span class=\"aioseo-breadcrumb-separator\">\u00bb<\/span><span class=\"aioseo-breadcrumb\">\n\t<a href=\"https:\/\/tabaccomd.com\/ro\/product-category\/totul-pentru-rulat\/\" title=\"Totul pentru rulat\">Totul pentru rulat<\/a>\n<\/span><span class=\"aioseo-breadcrumb-separator\">\u00bb<\/span><span class=\"aioseo-breadcrumb\">\n\t<a href=\"https:\/\/tabaccomd.com\/ro\/product-category\/totul-pentru-rulat\/punga-pentru-tutun\/\" title=\"Pung\u0103 pentru tutun\">Pung\u0103 pentru tutun<\/a>\n<\/span><span class=\"aioseo-breadcrumb-separator\">\u00bb<\/span><span class=\"aioseo-breadcrumb\">\n\tPung\u0103 pentru tutun Turner Canvas 628667\n<\/span><\/div>","aioseo_breadcrumb_json":[{"label":"\u0413\u043b\u0430\u0432\u043d\u0430\u044f","link":"https:\/\/tabaccomd.com\/ro\/"},{"label":"Catalog","link":"https:\/\/tabaccomd.com\/ro\/catalog\/"},{"label":"Totul pentru rulat","link":"https:\/\/tabaccomd.com\/ro\/product-category\/totul-pentru-rulat\/"},{"label":"Pung\u0103 pentru tutun","link":"https:\/\/tabaccomd.com\/ro\/product-category\/totul-pentru-rulat\/punga-pentru-tutun\/"},{"label":"Pung\u0103 pentru tutun Turner Canvas 628667","link":"https:\/\/tabaccomd.com\/ro\/product\/punga-pentru-tutun-turner-canvas-628667\/"}],"images_for_1c":[{"url":"https:\/\/tabaccomd.com\/wp-content\/uploads\/2026\/02\/punga-pentru-tutun-turner-canvas-628667-1.jpg","type":"featured","alt":"punga-pentru-tutun-turner-canvas-628667-1","filename":"punga-pentru-tutun-turner-canvas-628667-1.jpg"},{"url":"https:\/\/tabaccomd.com\/wp-content\/uploads\/2026\/02\/punga-pentru-tutun-turner-canvas-628667.jpg","type":"gallery","alt":"punga-pentru-tutun-turner-canvas-628667","filename":"punga-pentru-tutun-turner-canvas-628667.jpg"}],"additional_data_1c":{"modified_date":"2026-02-24 12:28:18","permalink":"https:\/\/tabaccomd.com\/ro\/product\/punga-pentru-tutun-turner-canvas-628667\/","stock_status":"instock","manage_stock":"no"},"_links":{"self":[{"href":"https:\/\/tabaccomd.com\/ro\/wp-json\/wp\/v2\/product\/156940","targetHints":{"allow":["GET"]}}],"collection":[{"href":"https:\/\/tabaccomd.com\/ro\/wp-json\/wp\/v2\/product"}],"about":[{"href":"https:\/\/tabaccomd.com\/ro\/wp-json\/wp\/v2\/types\/product"}],"wp:featuredmedia":[{"embeddable":true,"href":"https:\/\/tabaccomd.com\/ro\/wp-json\/wp\/v2\/media\/156939"}],"wp:attachment":[{"href":"https:\/\/tabaccomd.com\/ro\/wp-json\/wp\/v2\/media?parent=156940"}],"wp:term":[{"taxonomy":"product_brand","embeddable":true,"href":"https:\/\/tabaccomd.com\/ro\/wp-json\/wp\/v2\/product_brand?post=156940"},{"taxonomy":"product_cat","embeddable":true,"href":"https:\/\/tabaccomd.com\/ro\/wp-json\/wp\/v2\/product_cat?post=156940"},{"taxonomy":"product_tag","embeddable":true,"href":"https:\/\/tabaccomd.com\/ro\/wp-json\/wp\/v2\/product_tag?post=156940"}],"curies":[{"name":"wp","href":"https:\/\/api.w.org\/{rel}","templated":true}]}}