{"id":156932,"date":"2026-02-23T18:23:55","date_gmt":"2026-02-23T15:23:55","guid":{"rendered":"https:\/\/tabaccomd.com\/product\/punga-pentru-tutun-turner-in-asortiment-628410\/"},"modified":"2026-02-23T18:23:55","modified_gmt":"2026-02-23T15:23:55","slug":"punga-pentru-tutun-turner-in-asortiment-628410","status":"publish","type":"product","link":"https:\/\/tabaccomd.com\/ro\/product\/punga-pentru-tutun-turner-in-asortiment-628410\/","title":{"rendered":"Pung\u0103 pentru tutun Turner \u00een asortiment 628410"},"content":{"rendered":"<p data-start=\"0\" data-end=\"258\"><a class=\"cursor-init\" href=\"https:\/\/tabaccomd.com\/ro\/product-category\/totul-pentru-rulat\/punga-pentru-tutun\/\">Punga<\/a> pentru tutun este produs\u0103 \u00een Germania \u0219i realizat\u0103 din piele natural\u0103 de vi\u021bel rezistent\u0103, \u00een culoare neagr\u0103 clasic\u0103 \u0219i maro. Dimensiunea compact\u0103 de 17 cm o face practic\u0103 pentru utilizarea zilnic\u0103. Modelul se \u00eenchide cu un buton magnetic sigur \u0219i se livreaz\u0103 gol. \u00cen interior dispune de un compartiment principal spa\u021bios, c\u0103ptu\u0219it, pentru p\u0103strarea tutunului, precum \u0219i de un buzunar separat \u00een partea din spate, de asemenea c\u0103ptu\u0219it, ideal pentru foi\u021be sau alte accesorii. Un accesoriu practic \u0219i bine organizat pentru cei care apreciaz\u0103 confortul \u0219i ordinea.<\/p>\n<p data-start=\"0\" data-end=\"258\">Pute\u021bi achizi\u021biona punga pentru tutun Turner \u00een asortiment 628410 \u00een Moldova, Chi\u0219in\u0103u, \u00een re\u021beaua de magazine Tabacco House.<\/p>\n","protected":false},"excerpt":{"rendered":"<ul>\n<li><strong>Pre\u021b indicat pentru 1 bucat\u0103<\/strong><\/li>\n<li>\u021aara produc\u0103torului: Germania<\/li>\n<li>Material: Piele de vi\u0163el<\/li>\n<li>Culoare: Neagr\u0103 \u0219i maro<\/li>\n<li>Cu buton magnetic<\/li>\n<li>Dimensiune: 17 cm<\/li>\n<\/ul>\n","protected":false},"featured_media":156924,"template":"","meta":{"om_disable_all_campaigns":false,"_monsterinsights_skip_tracking":false,"_monsterinsights_sitenote_active":false,"_monsterinsights_sitenote_note":"","_monsterinsights_sitenote_category":0},"product_brand":[],"product_cat":[161],"product_tag":[],"class_list":{"0":"post-156932","1":"product","2":"type-product","3":"status-publish","4":"has-post-thumbnail","6":"product_cat-punga-pentru-tutun","8":"first","9":"instock","10":"taxable","11":"shipping-taxable","12":"purchasable","13":"product-type-simple"},"aioseo_notices":[],"aioseo_head":"\n\t\t<!-- All in One SEO Pro 4.9.6.2 - aioseo.com -->\n\t<meta name=\"robots\" content=\"max-image-preview:large\" \/>\n\t<link rel=\"canonical\" href=\"https:\/\/tabaccomd.com\/ro\/product\/punga-pentru-tutun-turner-in-asortiment-628410\/\" \/>\n\t<meta name=\"generator\" content=\"All in One SEO Pro (AIOSEO) 4.9.6.2\" \/>\n\t\t<meta property=\"og:locale\" content=\"ro_RO\" \/>\n\t\t<meta property=\"og:site_name\" content=\"Tabacco House \u2013 \u041c\u0430\u0433\u0430\u0437\u0438\u043d \u0442\u0430\u0431\u0430\u0447\u043d\u044b\u0445 \u0438\u0437\u0434\u0435\u043b\u0438\u0439\" \/>\n\t\t<meta property=\"og:type\" content=\"article\" \/>\n\t\t<meta property=\"og:title\" content=\"Pung\u0103 pentru tutun Turner \u00een asortiment 628410 \u2013 Tabacco House\" \/>\n\t\t<meta property=\"og:url\" content=\"https:\/\/tabaccomd.com\/ro\/product\/punga-pentru-tutun-turner-in-asortiment-628410\/\" \/>\n\t\t<meta property=\"article:published_time\" content=\"2026-02-23T15:23:55+00:00\" \/>\n\t\t<meta property=\"article:modified_time\" content=\"2026-02-23T15:23:55+00:00\" \/>\n\t\t<meta property=\"article:publisher\" content=\"https:\/\/www.facebook.com\/tabaccomd.com\/\" \/>\n\t\t<meta name=\"twitter:card\" content=\"summary_large_image\" \/>\n\t\t<meta name=\"twitter:title\" content=\"Pung\u0103 pentru tutun Turner \u00een asortiment 628410 \u2013 Tabacco House\" \/>\n\t\t<script type=\"application\/ld+json\" class=\"aioseo-schema\">\n\t\t\t{\"@context\":\"https:\\\/\\\/schema.org\",\"@graph\":[{\"@type\":\"BreadcrumbList\",\"@id\":\"https:\\\/\\\/tabaccomd.com\\\/ro\\\/product\\\/punga-pentru-tutun-turner-in-asortiment-628410\\\/#breadcrumblist\",\"itemListElement\":[{\"@type\":\"ListItem\",\"@id\":\"https:\\\/\\\/tabaccomd.com\\\/ro\\\/#listItem\",\"position\":1,\"name\":\"\\u0413\\u043b\\u0430\\u0432\\u043d\\u0430\\u044f\",\"item\":\"https:\\\/\\\/tabaccomd.com\\\/ro\\\/\",\"nextItem\":{\"@type\":\"ListItem\",\"@id\":\"https:\\\/\\\/tabaccomd.com\\\/ro\\\/catalog\\\/#listItem\",\"name\":\"Catalog\"}},{\"@type\":\"ListItem\",\"@id\":\"https:\\\/\\\/tabaccomd.com\\\/ro\\\/catalog\\\/#listItem\",\"position\":2,\"name\":\"Catalog\",\"item\":\"https:\\\/\\\/tabaccomd.com\\\/ro\\\/catalog\\\/\",\"nextItem\":{\"@type\":\"ListItem\",\"@id\":\"https:\\\/\\\/tabaccomd.com\\\/ro\\\/product-category\\\/totul-pentru-rulat\\\/#listItem\",\"name\":\"Totul pentru rulat\"},\"previousItem\":{\"@type\":\"ListItem\",\"@id\":\"https:\\\/\\\/tabaccomd.com\\\/ro\\\/#listItem\",\"name\":\"\\u0413\\u043b\\u0430\\u0432\\u043d\\u0430\\u044f\"}},{\"@type\":\"ListItem\",\"@id\":\"https:\\\/\\\/tabaccomd.com\\\/ro\\\/product-category\\\/totul-pentru-rulat\\\/#listItem\",\"position\":3,\"name\":\"Totul pentru rulat\",\"item\":\"https:\\\/\\\/tabaccomd.com\\\/ro\\\/product-category\\\/totul-pentru-rulat\\\/\",\"nextItem\":{\"@type\":\"ListItem\",\"@id\":\"https:\\\/\\\/tabaccomd.com\\\/ro\\\/product-category\\\/totul-pentru-rulat\\\/punga-pentru-tutun\\\/#listItem\",\"name\":\"Pung\\u0103 pentru tutun\"},\"previousItem\":{\"@type\":\"ListItem\",\"@id\":\"https:\\\/\\\/tabaccomd.com\\\/ro\\\/catalog\\\/#listItem\",\"name\":\"Catalog\"}},{\"@type\":\"ListItem\",\"@id\":\"https:\\\/\\\/tabaccomd.com\\\/ro\\\/product-category\\\/totul-pentru-rulat\\\/punga-pentru-tutun\\\/#listItem\",\"position\":4,\"name\":\"Pung\\u0103 pentru tutun\",\"item\":\"https:\\\/\\\/tabaccomd.com\\\/ro\\\/product-category\\\/totul-pentru-rulat\\\/punga-pentru-tutun\\\/\",\"nextItem\":{\"@type\":\"ListItem\",\"@id\":\"https:\\\/\\\/tabaccomd.com\\\/ro\\\/product\\\/punga-pentru-tutun-turner-in-asortiment-628410\\\/#listItem\",\"name\":\"Pung\\u0103 pentru tutun Turner \\u00een asortiment 628410\"},\"previousItem\":{\"@type\":\"ListItem\",\"@id\":\"https:\\\/\\\/tabaccomd.com\\\/ro\\\/product-category\\\/totul-pentru-rulat\\\/#listItem\",\"name\":\"Totul pentru rulat\"}},{\"@type\":\"ListItem\",\"@id\":\"https:\\\/\\\/tabaccomd.com\\\/ro\\\/product\\\/punga-pentru-tutun-turner-in-asortiment-628410\\\/#listItem\",\"position\":5,\"name\":\"Pung\\u0103 pentru tutun Turner \\u00een asortiment 628410\",\"previousItem\":{\"@type\":\"ListItem\",\"@id\":\"https:\\\/\\\/tabaccomd.com\\\/ro\\\/product-category\\\/totul-pentru-rulat\\\/punga-pentru-tutun\\\/#listItem\",\"name\":\"Pung\\u0103 pentru tutun\"}}]},{\"@type\":\"Organization\",\"@id\":\"https:\\\/\\\/tabaccomd.com\\\/ro\\\/#organization\",\"name\":\"Tabacco House\",\"description\":\"\\u041c\\u0430\\u0433\\u0430\\u0437\\u0438\\u043d \\u0442\\u0430\\u0431\\u0430\\u0447\\u043d\\u044b\\u0445 \\u0438\\u0437\\u0434\\u0435\\u043b\\u0438\\u0439\",\"url\":\"https:\\\/\\\/tabaccomd.com\\\/ro\\\/\",\"email\":\"Office@cazacuhouse.com\",\"telephone\":\"+37361000935\",\"logo\":{\"@type\":\"ImageObject\",\"url\":\"https:\\\/\\\/tabaccomd.com\\\/wp-content\\\/uploads\\\/2024\\\/02\\\/logo_header3.png\",\"@id\":\"https:\\\/\\\/tabaccomd.com\\\/ro\\\/product\\\/punga-pentru-tutun-turner-in-asortiment-628410\\\/#organizationLogo\",\"width\":32,\"height\":32,\"caption\":\"Tabacco House\"},\"image\":{\"@id\":\"https:\\\/\\\/tabaccomd.com\\\/ro\\\/product\\\/punga-pentru-tutun-turner-in-asortiment-628410\\\/#organizationLogo\"},\"sameAs\":[\"https:\\\/\\\/www.facebook.com\\\/tabaccomd.com\\\/\",\"https:\\\/\\\/www.instagram.com\\\/tabaccomd.com\\\/\"],\"address\":{\"@id\":\"https:\\\/\\\/tabaccomd.com\\\/ro\\\/#postaladdress\",\"@type\":\"PostalAddress\",\"streetAddress\":\"Strada Albi\\u015foara 4, Chi\\u0219in\\u0103u, Bulevardul \\u0218tefan cel Mare \\u0219i Sf\\u00eent 136, Chi\\u0219in\\u0103u\",\"addressLocality\":\"Chi\\u0219in\\u0103u\",\"addressCountry\":\"MD\"}},{\"@type\":\"Product\",\"@id\":\"https:\\\/\\\/tabaccomd.com\\\/ro\\\/product\\\/punga-pentru-tutun-turner-in-asortiment-628410\\\/#wooCommerceProduct\",\"name\":\"Pung\\u0103 pentru tutun Turner \\u00een asortiment 628410\",\"description\":\"Pre\\u021b indicat pentru 1 bucat\\u0103\\r\\n \\t\\u021aara produc\\u0103torului: Germania\\r\\n \\tMaterial: Piele de vi\\u0163el\\r\\n \\tCuloare: Neagr\\u0103 \\u0219i maro\\r\\n \\tCu buton magnetic\\r\\n \\tDimensiune: 17 cm\",\"url\":\"https:\\\/\\\/tabaccomd.com\\\/ro\\\/product\\\/punga-pentru-tutun-turner-in-asortiment-628410\\\/\",\"sku\":\"628410\",\"image\":{\"@type\":\"ImageObject\",\"url\":\"https:\\\/\\\/tabaccomd.com\\\/wp-content\\\/uploads\\\/2026\\\/02\\\/punga-pentru-tutun-turner-cool-628410.jpg\",\"@id\":\"https:\\\/\\\/tabaccomd.com\\\/ro\\\/product\\\/punga-pentru-tutun-turner-in-asortiment-628410\\\/#productImage\",\"width\":1230,\"height\":1230,\"caption\":\"punga-pentru-tutun-turner-cool-628410\"},\"offers\":{\"@type\":\"Offer\",\"url\":\"https:\\\/\\\/tabaccomd.com\\\/ro\\\/product\\\/punga-pentru-tutun-turner-in-asortiment-628410\\\/#wooCommerceOffer\",\"price\":250,\"priceCurrency\":\"MDL\",\"category\":\"Pung\\u0103 pentru tutun\",\"availability\":\"https:\\\/\\\/schema.org\\\/InStock\",\"priceSpecification\":{\"@type\":\"PriceSpecification\",\"price\":250,\"priceCurrency\":\"MDL\",\"valueAddedTaxIncluded\":\"true\"},\"seller\":{\"@type\":\"Organization\",\"@id\":\"https:\\\/\\\/tabaccomd.com\\\/ro\\\/#organization\"}}},{\"@type\":\"WebPage\",\"@id\":\"https:\\\/\\\/tabaccomd.com\\\/ro\\\/product\\\/punga-pentru-tutun-turner-in-asortiment-628410\\\/#webpage\",\"url\":\"https:\\\/\\\/tabaccomd.com\\\/ro\\\/product\\\/punga-pentru-tutun-turner-in-asortiment-628410\\\/\",\"name\":\"Pung\\u0103 pentru tutun Turner \\u00een asortiment 628410 \\u2013 Tabacco House\",\"inLanguage\":\"ro-RO\",\"isPartOf\":{\"@id\":\"https:\\\/\\\/tabaccomd.com\\\/ro\\\/#website\"},\"breadcrumb\":{\"@id\":\"https:\\\/\\\/tabaccomd.com\\\/ro\\\/product\\\/punga-pentru-tutun-turner-in-asortiment-628410\\\/#breadcrumblist\"},\"image\":{\"@type\":\"ImageObject\",\"url\":\"https:\\\/\\\/tabaccomd.com\\\/wp-content\\\/uploads\\\/2026\\\/02\\\/punga-pentru-tutun-turner-cool-628410.jpg\",\"@id\":\"https:\\\/\\\/tabaccomd.com\\\/ro\\\/product\\\/punga-pentru-tutun-turner-in-asortiment-628410\\\/#mainImage\",\"width\":1230,\"height\":1230,\"caption\":\"punga-pentru-tutun-turner-cool-628410\"},\"primaryImageOfPage\":{\"@id\":\"https:\\\/\\\/tabaccomd.com\\\/ro\\\/product\\\/punga-pentru-tutun-turner-in-asortiment-628410\\\/#mainImage\"},\"datePublished\":\"2026-02-23T18:23:55+03:00\",\"dateModified\":\"2026-02-23T18:23:55+03:00\"},{\"@type\":\"WebSite\",\"@id\":\"https:\\\/\\\/tabaccomd.com\\\/ro\\\/#website\",\"url\":\"https:\\\/\\\/tabaccomd.com\\\/ro\\\/\",\"name\":\"Tabacco House\",\"alternateName\":\"tobaccomd.com\",\"description\":\"\\u041c\\u0430\\u0433\\u0430\\u0437\\u0438\\u043d \\u0442\\u0430\\u0431\\u0430\\u0447\\u043d\\u044b\\u0445 \\u0438\\u0437\\u0434\\u0435\\u043b\\u0438\\u0439\",\"inLanguage\":\"ro-RO\",\"publisher\":{\"@id\":\"https:\\\/\\\/tabaccomd.com\\\/ro\\\/#organization\"}}]}\n\t\t<\/script>\n\t\t<!-- All in One SEO Pro -->\r\n\t\t<title>Pung\u0103 pentru tutun Turner \u00een asortiment 628410 \u2013 Tabacco House<\/title>\n\n","aioseo_head_json":{"title":"Pung\u0103 pentru tutun Turner \u00een asortiment 628410 \u2013 Tabacco House","description":"","canonical_url":"https:\/\/tabaccomd.com\/ro\/product\/punga-pentru-tutun-turner-in-asortiment-628410\/","robots":"max-image-preview:large","keywords":"","webmasterTools":{"miscellaneous":""},"schema":{"@context":"https:\/\/schema.org","@graph":[{"@type":"BreadcrumbList","@id":"https:\/\/tabaccomd.com\/ro\/product\/punga-pentru-tutun-turner-in-asortiment-628410\/#breadcrumblist","itemListElement":[{"@type":"ListItem","@id":"https:\/\/tabaccomd.com\/ro\/#listItem","position":1,"name":"\u0413\u043b\u0430\u0432\u043d\u0430\u044f","item":"https:\/\/tabaccomd.com\/ro\/","nextItem":{"@type":"ListItem","@id":"https:\/\/tabaccomd.com\/ro\/catalog\/#listItem","name":"Catalog"}},{"@type":"ListItem","@id":"https:\/\/tabaccomd.com\/ro\/catalog\/#listItem","position":2,"name":"Catalog","item":"https:\/\/tabaccomd.com\/ro\/catalog\/","nextItem":{"@type":"ListItem","@id":"https:\/\/tabaccomd.com\/ro\/product-category\/totul-pentru-rulat\/#listItem","name":"Totul pentru rulat"},"previousItem":{"@type":"ListItem","@id":"https:\/\/tabaccomd.com\/ro\/#listItem","name":"\u0413\u043b\u0430\u0432\u043d\u0430\u044f"}},{"@type":"ListItem","@id":"https:\/\/tabaccomd.com\/ro\/product-category\/totul-pentru-rulat\/#listItem","position":3,"name":"Totul pentru rulat","item":"https:\/\/tabaccomd.com\/ro\/product-category\/totul-pentru-rulat\/","nextItem":{"@type":"ListItem","@id":"https:\/\/tabaccomd.com\/ro\/product-category\/totul-pentru-rulat\/punga-pentru-tutun\/#listItem","name":"Pung\u0103 pentru tutun"},"previousItem":{"@type":"ListItem","@id":"https:\/\/tabaccomd.com\/ro\/catalog\/#listItem","name":"Catalog"}},{"@type":"ListItem","@id":"https:\/\/tabaccomd.com\/ro\/product-category\/totul-pentru-rulat\/punga-pentru-tutun\/#listItem","position":4,"name":"Pung\u0103 pentru tutun","item":"https:\/\/tabaccomd.com\/ro\/product-category\/totul-pentru-rulat\/punga-pentru-tutun\/","nextItem":{"@type":"ListItem","@id":"https:\/\/tabaccomd.com\/ro\/product\/punga-pentru-tutun-turner-in-asortiment-628410\/#listItem","name":"Pung\u0103 pentru tutun Turner \u00een asortiment 628410"},"previousItem":{"@type":"ListItem","@id":"https:\/\/tabaccomd.com\/ro\/product-category\/totul-pentru-rulat\/#listItem","name":"Totul pentru rulat"}},{"@type":"ListItem","@id":"https:\/\/tabaccomd.com\/ro\/product\/punga-pentru-tutun-turner-in-asortiment-628410\/#listItem","position":5,"name":"Pung\u0103 pentru tutun Turner \u00een asortiment 628410","previousItem":{"@type":"ListItem","@id":"https:\/\/tabaccomd.com\/ro\/product-category\/totul-pentru-rulat\/punga-pentru-tutun\/#listItem","name":"Pung\u0103 pentru tutun"}}]},{"@type":"Organization","@id":"https:\/\/tabaccomd.com\/ro\/#organization","name":"Tabacco House","description":"\u041c\u0430\u0433\u0430\u0437\u0438\u043d \u0442\u0430\u0431\u0430\u0447\u043d\u044b\u0445 \u0438\u0437\u0434\u0435\u043b\u0438\u0439","url":"https:\/\/tabaccomd.com\/ro\/","email":"Office@cazacuhouse.com","telephone":"+37361000935","logo":{"@type":"ImageObject","url":"https:\/\/tabaccomd.com\/wp-content\/uploads\/2024\/02\/logo_header3.png","@id":"https:\/\/tabaccomd.com\/ro\/product\/punga-pentru-tutun-turner-in-asortiment-628410\/#organizationLogo","width":32,"height":32,"caption":"Tabacco House"},"image":{"@id":"https:\/\/tabaccomd.com\/ro\/product\/punga-pentru-tutun-turner-in-asortiment-628410\/#organizationLogo"},"sameAs":["https:\/\/www.facebook.com\/tabaccomd.com\/","https:\/\/www.instagram.com\/tabaccomd.com\/"],"address":{"@id":"https:\/\/tabaccomd.com\/ro\/#postaladdress","@type":"PostalAddress","streetAddress":"Strada Albi\u015foara 4, Chi\u0219in\u0103u, Bulevardul \u0218tefan cel Mare \u0219i Sf\u00eent 136, Chi\u0219in\u0103u","addressLocality":"Chi\u0219in\u0103u","addressCountry":"MD"}},{"@type":"Product","@id":"https:\/\/tabaccomd.com\/ro\/product\/punga-pentru-tutun-turner-in-asortiment-628410\/#wooCommerceProduct","name":"Pung\u0103 pentru tutun Turner \u00een asortiment 628410","description":"Pre\u021b indicat pentru 1 bucat\u0103\r\n \t\u021aara produc\u0103torului: Germania\r\n \tMaterial: Piele de vi\u0163el\r\n \tCuloare: Neagr\u0103 \u0219i maro\r\n \tCu buton magnetic\r\n \tDimensiune: 17 cm","url":"https:\/\/tabaccomd.com\/ro\/product\/punga-pentru-tutun-turner-in-asortiment-628410\/","sku":"628410","image":{"@type":"ImageObject","url":"https:\/\/tabaccomd.com\/wp-content\/uploads\/2026\/02\/punga-pentru-tutun-turner-cool-628410.jpg","@id":"https:\/\/tabaccomd.com\/ro\/product\/punga-pentru-tutun-turner-in-asortiment-628410\/#productImage","width":1230,"height":1230,"caption":"punga-pentru-tutun-turner-cool-628410"},"offers":{"@type":"Offer","url":"https:\/\/tabaccomd.com\/ro\/product\/punga-pentru-tutun-turner-in-asortiment-628410\/#wooCommerceOffer","price":250,"priceCurrency":"MDL","category":"Pung\u0103 pentru tutun","availability":"https:\/\/schema.org\/InStock","priceSpecification":{"@type":"PriceSpecification","price":250,"priceCurrency":"MDL","valueAddedTaxIncluded":"true"},"seller":{"@type":"Organization","@id":"https:\/\/tabaccomd.com\/ro\/#organization"}}},{"@type":"WebPage","@id":"https:\/\/tabaccomd.com\/ro\/product\/punga-pentru-tutun-turner-in-asortiment-628410\/#webpage","url":"https:\/\/tabaccomd.com\/ro\/product\/punga-pentru-tutun-turner-in-asortiment-628410\/","name":"Pung\u0103 pentru tutun Turner \u00een asortiment 628410 \u2013 Tabacco House","inLanguage":"ro-RO","isPartOf":{"@id":"https:\/\/tabaccomd.com\/ro\/#website"},"breadcrumb":{"@id":"https:\/\/tabaccomd.com\/ro\/product\/punga-pentru-tutun-turner-in-asortiment-628410\/#breadcrumblist"},"image":{"@type":"ImageObject","url":"https:\/\/tabaccomd.com\/wp-content\/uploads\/2026\/02\/punga-pentru-tutun-turner-cool-628410.jpg","@id":"https:\/\/tabaccomd.com\/ro\/product\/punga-pentru-tutun-turner-in-asortiment-628410\/#mainImage","width":1230,"height":1230,"caption":"punga-pentru-tutun-turner-cool-628410"},"primaryImageOfPage":{"@id":"https:\/\/tabaccomd.com\/ro\/product\/punga-pentru-tutun-turner-in-asortiment-628410\/#mainImage"},"datePublished":"2026-02-23T18:23:55+03:00","dateModified":"2026-02-23T18:23:55+03:00"},{"@type":"WebSite","@id":"https:\/\/tabaccomd.com\/ro\/#website","url":"https:\/\/tabaccomd.com\/ro\/","name":"Tabacco House","alternateName":"tobaccomd.com","description":"\u041c\u0430\u0433\u0430\u0437\u0438\u043d \u0442\u0430\u0431\u0430\u0447\u043d\u044b\u0445 \u0438\u0437\u0434\u0435\u043b\u0438\u0439","inLanguage":"ro-RO","publisher":{"@id":"https:\/\/tabaccomd.com\/ro\/#organization"}}]},"og:locale":"ro_RO","og:site_name":"Tabacco House \u2013 \u041c\u0430\u0433\u0430\u0437\u0438\u043d \u0442\u0430\u0431\u0430\u0447\u043d\u044b\u0445 \u0438\u0437\u0434\u0435\u043b\u0438\u0439","og:type":"article","og:title":"Pung\u0103 pentru tutun Turner \u00een asortiment 628410 \u2013 Tabacco House","og:url":"https:\/\/tabaccomd.com\/ro\/product\/punga-pentru-tutun-turner-in-asortiment-628410\/","article:published_time":"2026-02-23T15:23:55+00:00","article:modified_time":"2026-02-23T15:23:55+00:00","article:publisher":"https:\/\/www.facebook.com\/tabaccomd.com\/","twitter:card":"summary_large_image","twitter:title":"Pung\u0103 pentru tutun Turner \u00een asortiment 628410 \u2013 Tabacco House"},"aioseo_meta_data":{"post_id":"156932","title":null,"description":null,"keywords":null,"keyphrases":null,"primary_term":null,"canonical_url":null,"og_title":null,"og_description":null,"og_object_type":"default","og_image_type":"default","og_image_url":null,"og_image_width":null,"og_image_height":null,"og_image_custom_url":null,"og_image_custom_fields":null,"og_video":null,"og_custom_url":null,"og_article_section":null,"og_article_tags":null,"twitter_use_og":false,"twitter_card":"default","twitter_image_type":"default","twitter_image_url":null,"twitter_image_custom_url":null,"twitter_image_custom_fields":null,"twitter_title":null,"twitter_description":null,"schema":{"blockGraphs":[],"customGraphs":[],"default":{"data":{"Article":[],"Course":[],"Dataset":[],"FAQPage":[],"Movie":[],"Person":[],"Product":[],"ProductReview":[],"Car":[],"Recipe":[],"Service":[],"SoftwareApplication":[],"WebPage":[]},"graphName":"","isEnabled":true},"graphs":[]},"schema_type":"default","schema_type_options":null,"pillar_content":false,"robots_default":true,"robots_noindex":false,"robots_noarchive":false,"robots_nosnippet":false,"robots_nofollow":false,"robots_noimageindex":false,"robots_noodp":false,"robots_notranslate":false,"robots_max_snippet":null,"robots_max_videopreview":null,"robots_max_imagepreview":"large","priority":null,"frequency":null,"local_seo":null,"seo_analyzer_scan_date":"2026-02-24 08:52:30","breadcrumb_settings":null,"limit_modified_date":false,"reviewed_by":null,"open_ai":null,"ai":null,"created":"2026-02-24 08:49:56","updated":"2026-02-24 11:27:11"},"aioseo_breadcrumb":"<div class=\"aioseo-breadcrumbs\"><span class=\"aioseo-breadcrumb\">\n\t<a href=\"https:\/\/tabaccomd.com\/ro\/\" title=\"\u0413\u043b\u0430\u0432\u043d\u0430\u044f\">\u0413\u043b\u0430\u0432\u043d\u0430\u044f<\/a>\n<\/span><span class=\"aioseo-breadcrumb-separator\">\u00bb<\/span><span class=\"aioseo-breadcrumb\">\n\t<a href=\"https:\/\/tabaccomd.com\/ro\/catalog\/\" title=\"Catalog\">Catalog<\/a>\n<\/span><span class=\"aioseo-breadcrumb-separator\">\u00bb<\/span><span class=\"aioseo-breadcrumb\">\n\t<a href=\"https:\/\/tabaccomd.com\/ro\/product-category\/totul-pentru-rulat\/\" title=\"Totul pentru rulat\">Totul pentru rulat<\/a>\n<\/span><span class=\"aioseo-breadcrumb-separator\">\u00bb<\/span><span class=\"aioseo-breadcrumb\">\n\t<a href=\"https:\/\/tabaccomd.com\/ro\/product-category\/totul-pentru-rulat\/punga-pentru-tutun\/\" title=\"Pung\u0103 pentru tutun\">Pung\u0103 pentru tutun<\/a>\n<\/span><span class=\"aioseo-breadcrumb-separator\">\u00bb<\/span><span class=\"aioseo-breadcrumb\">\n\tPung\u0103 pentru tutun Turner \u00een asortiment 628410\n<\/span><\/div>","aioseo_breadcrumb_json":[{"label":"\u0413\u043b\u0430\u0432\u043d\u0430\u044f","link":"https:\/\/tabaccomd.com\/ro\/"},{"label":"Catalog","link":"https:\/\/tabaccomd.com\/ro\/catalog\/"},{"label":"Totul pentru rulat","link":"https:\/\/tabaccomd.com\/ro\/product-category\/totul-pentru-rulat\/"},{"label":"Pung\u0103 pentru tutun","link":"https:\/\/tabaccomd.com\/ro\/product-category\/totul-pentru-rulat\/punga-pentru-tutun\/"},{"label":"Pung\u0103 pentru tutun Turner \u00een asortiment 628410","link":"https:\/\/tabaccomd.com\/ro\/product\/punga-pentru-tutun-turner-in-asortiment-628410\/"}],"images_for_1c":[{"url":"https:\/\/tabaccomd.com\/wp-content\/uploads\/2026\/02\/punga-pentru-tutun-turner-cool-628410.jpg","type":"featured","alt":"punga-pentru-tutun-turner-cool-628410","filename":"punga-pentru-tutun-turner-cool-628410.jpg"},{"url":"https:\/\/tabaccomd.com\/wp-content\/uploads\/2026\/02\/punga-pentru-tutun-turner-cool-628410-0.jpg","type":"gallery","alt":"punga-pentru-tutun-turner-cool-628410-0","filename":"punga-pentru-tutun-turner-cool-628410-0.jpg"},{"url":"https:\/\/tabaccomd.com\/wp-content\/uploads\/2026\/02\/punga-pentru-tutun-turner-cool-628410-1.jpg","type":"gallery","alt":"punga-pentru-tutun-turner-cool-628410-1","filename":"punga-pentru-tutun-turner-cool-628410-1.jpg"}],"additional_data_1c":{"modified_date":"2026-02-23 18:23:55","permalink":"https:\/\/tabaccomd.com\/ro\/product\/punga-pentru-tutun-turner-in-asortiment-628410\/","stock_status":"instock","manage_stock":"no"},"_links":{"self":[{"href":"https:\/\/tabaccomd.com\/ro\/wp-json\/wp\/v2\/product\/156932","targetHints":{"allow":["GET"]}}],"collection":[{"href":"https:\/\/tabaccomd.com\/ro\/wp-json\/wp\/v2\/product"}],"about":[{"href":"https:\/\/tabaccomd.com\/ro\/wp-json\/wp\/v2\/types\/product"}],"wp:featuredmedia":[{"embeddable":true,"href":"https:\/\/tabaccomd.com\/ro\/wp-json\/wp\/v2\/media\/156924"}],"wp:attachment":[{"href":"https:\/\/tabaccomd.com\/ro\/wp-json\/wp\/v2\/media?parent=156932"}],"wp:term":[{"taxonomy":"product_brand","embeddable":true,"href":"https:\/\/tabaccomd.com\/ro\/wp-json\/wp\/v2\/product_brand?post=156932"},{"taxonomy":"product_cat","embeddable":true,"href":"https:\/\/tabaccomd.com\/ro\/wp-json\/wp\/v2\/product_cat?post=156932"},{"taxonomy":"product_tag","embeddable":true,"href":"https:\/\/tabaccomd.com\/ro\/wp-json\/wp\/v2\/product_tag?post=156932"}],"curies":[{"name":"wp","href":"https:\/\/api.w.org\/{rel}","templated":true}]}}