{"id":156864,"date":"2026-02-20T17:33:22","date_gmt":"2026-02-20T14:33:22","guid":{"rendered":"https:\/\/tabaccomd.com\/product\/ghilotine-pentru-trabucuri-in-asortiment-passatore-591588\/"},"modified":"2026-02-24T11:17:46","modified_gmt":"2026-02-24T08:17:46","slug":"ghilotine-pentru-trabucuri-in-asortiment-passatore-591588","status":"publish","type":"product","link":"https:\/\/tabaccomd.com\/ro\/product\/ghilotine-pentru-trabucuri-in-asortiment-passatore-591588\/","title":{"rendered":"Ghilotine pentru trabucuri \u00een asortiment Passatore 591588"},"content":{"rendered":"<p><a href=\"https:\/\/tabaccomd.com\/ro\/product-category\/ghilotina-2\/\">Ghilotinele<\/a> premium pentru trabucuri <span class=\"hover:entity-accent entity-underline inline cursor-pointer align-baseline\"><span class=\"whitespace-normal\">Passatore<\/span><\/span> sunt disponibile \u00eentr-o gam\u0103 variat\u0103 de culori elegante \u2014 negru, verde, mov \u0219i albastru. Echipate cu lam\u0103 dubl\u0103, acestea asigur\u0103 o t\u0103iere curat\u0103 \u0219i precis\u0103 a trabucurilor cu diametrul de p\u00e2n\u0103 la 23 mm (p\u00e2n\u0103 la 57 ring gauge). Carcasa este realizat\u0103 din metal rezistent, iar designul atr\u0103g\u0103tor cu sclipici confer\u0103 accesoriului un plus de rafinament \u0219i originalitate. Ghilotinele sunt livrate \u00een ambalaj cadou, fiind o alegere excelent\u0103 at\u00e2t pentru uz personal, c\u00e2t \u0219i pentru a fi oferite \u00een dar unui cunosc\u0103tor de trabucuri.<\/p>\n<p>Pute\u021bi achizi\u021biona ghilotinele pentru trabucuri \u00een asortiment Passatore 591588 \u00een Moldova, Chi\u0219in\u0103u, \u00een re\u021beaua de magazine Tabacco House.<\/p>\n","protected":false},"excerpt":{"rendered":"<ul>\n<li><strong>Pre\u021b indicat pentru 1 bucat\u0103<\/strong><\/li>\n<li>T\u0103iere dubl\u0103<\/li>\n<li>Diametru t\u0103iere: P\u00e2n\u0103 la 23 mm<\/li>\n<li>Ecartament inel: 57<\/li>\n<li>Material: Metal<\/li>\n<li>Culoare: Neagr\u0103, verde, mov, albastr\u0103<\/li>\n<li>Ambalaj de cadou<\/li>\n<\/ul>\n","protected":false},"featured_media":156931,"template":"","meta":{"om_disable_all_campaigns":false,"_monsterinsights_skip_tracking":false,"_monsterinsights_sitenote_active":false,"_monsterinsights_sitenote_note":"","_monsterinsights_sitenote_category":0},"product_brand":[],"product_cat":[162],"product_tag":[],"class_list":{"0":"post-156864","1":"product","2":"type-product","3":"status-publish","4":"has-post-thumbnail","6":"product_cat-ghilotina-2","8":"first","9":"instock","10":"taxable","11":"shipping-taxable","12":"purchasable","13":"product-type-simple"},"aioseo_notices":[],"aioseo_head":"\n\t\t<!-- All in One SEO Pro 4.9.6.2 - aioseo.com -->\n\t<meta name=\"robots\" content=\"max-image-preview:large\" \/>\n\t<link rel=\"canonical\" href=\"https:\/\/tabaccomd.com\/ro\/product\/ghilotine-pentru-trabucuri-in-asortiment-passatore-591588\/\" \/>\n\t<meta name=\"generator\" content=\"All in One SEO Pro (AIOSEO) 4.9.6.2\" \/>\n\t\t<meta property=\"og:locale\" content=\"ro_RO\" \/>\n\t\t<meta property=\"og:site_name\" content=\"Tabacco House \u2013 \u041c\u0430\u0433\u0430\u0437\u0438\u043d \u0442\u0430\u0431\u0430\u0447\u043d\u044b\u0445 \u0438\u0437\u0434\u0435\u043b\u0438\u0439\" \/>\n\t\t<meta property=\"og:type\" content=\"article\" \/>\n\t\t<meta property=\"og:title\" content=\"Ghilotine pentru trabucuri \u00een asortiment Passatore 591588 \u2013 Tabacco House\" \/>\n\t\t<meta property=\"og:url\" content=\"https:\/\/tabaccomd.com\/ro\/product\/ghilotine-pentru-trabucuri-in-asortiment-passatore-591588\/\" \/>\n\t\t<meta property=\"article:published_time\" content=\"2026-02-20T14:33:22+00:00\" \/>\n\t\t<meta property=\"article:modified_time\" content=\"2026-02-24T08:17:46+00:00\" \/>\n\t\t<meta property=\"article:publisher\" content=\"https:\/\/www.facebook.com\/tabaccomd.com\/\" \/>\n\t\t<meta name=\"twitter:card\" content=\"summary_large_image\" \/>\n\t\t<meta name=\"twitter:title\" content=\"Ghilotine pentru trabucuri \u00een asortiment Passatore 591588 \u2013 Tabacco House\" \/>\n\t\t<script type=\"application\/ld+json\" class=\"aioseo-schema\">\n\t\t\t{\"@context\":\"https:\\\/\\\/schema.org\",\"@graph\":[{\"@type\":\"BreadcrumbList\",\"@id\":\"https:\\\/\\\/tabaccomd.com\\\/ro\\\/product\\\/ghilotine-pentru-trabucuri-in-asortiment-passatore-591588\\\/#breadcrumblist\",\"itemListElement\":[{\"@type\":\"ListItem\",\"@id\":\"https:\\\/\\\/tabaccomd.com\\\/ro\\\/#listItem\",\"position\":1,\"name\":\"\\u0413\\u043b\\u0430\\u0432\\u043d\\u0430\\u044f\",\"item\":\"https:\\\/\\\/tabaccomd.com\\\/ro\\\/\",\"nextItem\":{\"@type\":\"ListItem\",\"@id\":\"https:\\\/\\\/tabaccomd.com\\\/ro\\\/catalog\\\/#listItem\",\"name\":\"Catalog\"}},{\"@type\":\"ListItem\",\"@id\":\"https:\\\/\\\/tabaccomd.com\\\/ro\\\/catalog\\\/#listItem\",\"position\":2,\"name\":\"Catalog\",\"item\":\"https:\\\/\\\/tabaccomd.com\\\/ro\\\/catalog\\\/\",\"nextItem\":{\"@type\":\"ListItem\",\"@id\":\"https:\\\/\\\/tabaccomd.com\\\/ro\\\/product-category\\\/ghilotina-2\\\/#listItem\",\"name\":\"Ghilotin\\u0103\"},\"previousItem\":{\"@type\":\"ListItem\",\"@id\":\"https:\\\/\\\/tabaccomd.com\\\/ro\\\/#listItem\",\"name\":\"\\u0413\\u043b\\u0430\\u0432\\u043d\\u0430\\u044f\"}},{\"@type\":\"ListItem\",\"@id\":\"https:\\\/\\\/tabaccomd.com\\\/ro\\\/product-category\\\/ghilotina-2\\\/#listItem\",\"position\":3,\"name\":\"Ghilotin\\u0103\",\"item\":\"https:\\\/\\\/tabaccomd.com\\\/ro\\\/product-category\\\/ghilotina-2\\\/\",\"nextItem\":{\"@type\":\"ListItem\",\"@id\":\"https:\\\/\\\/tabaccomd.com\\\/ro\\\/product\\\/ghilotine-pentru-trabucuri-in-asortiment-passatore-591588\\\/#listItem\",\"name\":\"Ghilotine pentru trabucuri \\u00een asortiment Passatore 591588\"},\"previousItem\":{\"@type\":\"ListItem\",\"@id\":\"https:\\\/\\\/tabaccomd.com\\\/ro\\\/catalog\\\/#listItem\",\"name\":\"Catalog\"}},{\"@type\":\"ListItem\",\"@id\":\"https:\\\/\\\/tabaccomd.com\\\/ro\\\/product\\\/ghilotine-pentru-trabucuri-in-asortiment-passatore-591588\\\/#listItem\",\"position\":4,\"name\":\"Ghilotine pentru trabucuri \\u00een asortiment Passatore 591588\",\"previousItem\":{\"@type\":\"ListItem\",\"@id\":\"https:\\\/\\\/tabaccomd.com\\\/ro\\\/product-category\\\/ghilotina-2\\\/#listItem\",\"name\":\"Ghilotin\\u0103\"}}]},{\"@type\":\"Organization\",\"@id\":\"https:\\\/\\\/tabaccomd.com\\\/ro\\\/#organization\",\"name\":\"Tabacco House\",\"description\":\"\\u041c\\u0430\\u0433\\u0430\\u0437\\u0438\\u043d \\u0442\\u0430\\u0431\\u0430\\u0447\\u043d\\u044b\\u0445 \\u0438\\u0437\\u0434\\u0435\\u043b\\u0438\\u0439\",\"url\":\"https:\\\/\\\/tabaccomd.com\\\/ro\\\/\",\"email\":\"Office@cazacuhouse.com\",\"telephone\":\"+37361000935\",\"logo\":{\"@type\":\"ImageObject\",\"url\":\"https:\\\/\\\/tabaccomd.com\\\/wp-content\\\/uploads\\\/2024\\\/02\\\/logo_header3.png\",\"@id\":\"https:\\\/\\\/tabaccomd.com\\\/ro\\\/product\\\/ghilotine-pentru-trabucuri-in-asortiment-passatore-591588\\\/#organizationLogo\",\"width\":32,\"height\":32,\"caption\":\"Tabacco House\"},\"image\":{\"@id\":\"https:\\\/\\\/tabaccomd.com\\\/ro\\\/product\\\/ghilotine-pentru-trabucuri-in-asortiment-passatore-591588\\\/#organizationLogo\"},\"sameAs\":[\"https:\\\/\\\/www.facebook.com\\\/tabaccomd.com\\\/\",\"https:\\\/\\\/www.instagram.com\\\/tabaccomd.com\\\/\"],\"address\":{\"@id\":\"https:\\\/\\\/tabaccomd.com\\\/ro\\\/#postaladdress\",\"@type\":\"PostalAddress\",\"streetAddress\":\"Strada Albi\\u015foara 4, Chi\\u0219in\\u0103u, Bulevardul \\u0218tefan cel Mare \\u0219i Sf\\u00eent 136, Chi\\u0219in\\u0103u\",\"addressLocality\":\"Chi\\u0219in\\u0103u\",\"addressCountry\":\"MD\"}},{\"@type\":\"Product\",\"@id\":\"https:\\\/\\\/tabaccomd.com\\\/ro\\\/product\\\/ghilotine-pentru-trabucuri-in-asortiment-passatore-591588\\\/#wooCommerceProduct\",\"name\":\"Ghilotine pentru trabucuri \\u00een asortiment Passatore 591588\",\"description\":\"Pre\\u021b indicat pentru 1 bucat\\u0103\\r\\n \\tT\\u0103iere dubl\\u0103\\r\\n \\tDiametru t\\u0103iere: P\\u00e2n\\u0103 la 23 mm\\r\\n \\tEcartament inel: 57\\r\\n \\tMaterial: Metal\\r\\n \\tCuloare: Neagr\\u0103, verde, mov, albastr\\u0103\\r\\n \\tAmbalaj de cadou\",\"url\":\"https:\\\/\\\/tabaccomd.com\\\/ro\\\/product\\\/ghilotine-pentru-trabucuri-in-asortiment-passatore-591588\\\/\",\"sku\":\"591588\",\"image\":{\"@type\":\"ImageObject\",\"url\":\"https:\\\/\\\/tabaccomd.com\\\/wp-content\\\/uploads\\\/2026\\\/02\\\/ghilotina-in-asortiment-passatore-glitter-591588.jpg\",\"@id\":\"https:\\\/\\\/tabaccomd.com\\\/ro\\\/product\\\/ghilotine-pentru-trabucuri-in-asortiment-passatore-591588\\\/#productImage\",\"width\":1200,\"height\":1200,\"caption\":\"ghilotina-in-asortiment-passatore-glitter-591588\"},\"offers\":{\"@type\":\"Offer\",\"url\":\"https:\\\/\\\/tabaccomd.com\\\/ro\\\/product\\\/ghilotine-pentru-trabucuri-in-asortiment-passatore-591588\\\/#wooCommerceOffer\",\"price\":410,\"priceCurrency\":\"MDL\",\"category\":\"Ghilotin\\u0103\",\"availability\":\"https:\\\/\\\/schema.org\\\/InStock\",\"priceSpecification\":{\"@type\":\"PriceSpecification\",\"price\":410,\"priceCurrency\":\"MDL\",\"valueAddedTaxIncluded\":\"true\"},\"seller\":{\"@type\":\"Organization\",\"@id\":\"https:\\\/\\\/tabaccomd.com\\\/ro\\\/#organization\"}}},{\"@type\":\"WebPage\",\"@id\":\"https:\\\/\\\/tabaccomd.com\\\/ro\\\/product\\\/ghilotine-pentru-trabucuri-in-asortiment-passatore-591588\\\/#webpage\",\"url\":\"https:\\\/\\\/tabaccomd.com\\\/ro\\\/product\\\/ghilotine-pentru-trabucuri-in-asortiment-passatore-591588\\\/\",\"name\":\"Ghilotine pentru trabucuri \\u00een asortiment Passatore 591588 \\u2013 Tabacco House\",\"inLanguage\":\"ro-RO\",\"isPartOf\":{\"@id\":\"https:\\\/\\\/tabaccomd.com\\\/ro\\\/#website\"},\"breadcrumb\":{\"@id\":\"https:\\\/\\\/tabaccomd.com\\\/ro\\\/product\\\/ghilotine-pentru-trabucuri-in-asortiment-passatore-591588\\\/#breadcrumblist\"},\"image\":{\"@type\":\"ImageObject\",\"url\":\"https:\\\/\\\/tabaccomd.com\\\/wp-content\\\/uploads\\\/2026\\\/02\\\/ghilotina-in-asortiment-passatore-glitter-591588.jpg\",\"@id\":\"https:\\\/\\\/tabaccomd.com\\\/ro\\\/product\\\/ghilotine-pentru-trabucuri-in-asortiment-passatore-591588\\\/#mainImage\",\"width\":1200,\"height\":1200,\"caption\":\"ghilotina-in-asortiment-passatore-glitter-591588\"},\"primaryImageOfPage\":{\"@id\":\"https:\\\/\\\/tabaccomd.com\\\/ro\\\/product\\\/ghilotine-pentru-trabucuri-in-asortiment-passatore-591588\\\/#mainImage\"},\"datePublished\":\"2026-02-20T17:33:22+03:00\",\"dateModified\":\"2026-02-24T11:17:46+03:00\"},{\"@type\":\"WebSite\",\"@id\":\"https:\\\/\\\/tabaccomd.com\\\/ro\\\/#website\",\"url\":\"https:\\\/\\\/tabaccomd.com\\\/ro\\\/\",\"name\":\"Tabacco House\",\"alternateName\":\"tobaccomd.com\",\"description\":\"\\u041c\\u0430\\u0433\\u0430\\u0437\\u0438\\u043d \\u0442\\u0430\\u0431\\u0430\\u0447\\u043d\\u044b\\u0445 \\u0438\\u0437\\u0434\\u0435\\u043b\\u0438\\u0439\",\"inLanguage\":\"ro-RO\",\"publisher\":{\"@id\":\"https:\\\/\\\/tabaccomd.com\\\/ro\\\/#organization\"}}]}\n\t\t<\/script>\n\t\t<!-- All in One SEO Pro -->\r\n\t\t<title>Ghilotine pentru trabucuri \u00een asortiment Passatore 591588 \u2013 Tabacco House<\/title>\n\n","aioseo_head_json":{"title":"Ghilotine pentru trabucuri \u00een asortiment Passatore 591588 \u2013 Tabacco House","description":"","canonical_url":"https:\/\/tabaccomd.com\/ro\/product\/ghilotine-pentru-trabucuri-in-asortiment-passatore-591588\/","robots":"max-image-preview:large","keywords":"","webmasterTools":{"miscellaneous":""},"schema":{"@context":"https:\/\/schema.org","@graph":[{"@type":"BreadcrumbList","@id":"https:\/\/tabaccomd.com\/ro\/product\/ghilotine-pentru-trabucuri-in-asortiment-passatore-591588\/#breadcrumblist","itemListElement":[{"@type":"ListItem","@id":"https:\/\/tabaccomd.com\/ro\/#listItem","position":1,"name":"\u0413\u043b\u0430\u0432\u043d\u0430\u044f","item":"https:\/\/tabaccomd.com\/ro\/","nextItem":{"@type":"ListItem","@id":"https:\/\/tabaccomd.com\/ro\/catalog\/#listItem","name":"Catalog"}},{"@type":"ListItem","@id":"https:\/\/tabaccomd.com\/ro\/catalog\/#listItem","position":2,"name":"Catalog","item":"https:\/\/tabaccomd.com\/ro\/catalog\/","nextItem":{"@type":"ListItem","@id":"https:\/\/tabaccomd.com\/ro\/product-category\/ghilotina-2\/#listItem","name":"Ghilotin\u0103"},"previousItem":{"@type":"ListItem","@id":"https:\/\/tabaccomd.com\/ro\/#listItem","name":"\u0413\u043b\u0430\u0432\u043d\u0430\u044f"}},{"@type":"ListItem","@id":"https:\/\/tabaccomd.com\/ro\/product-category\/ghilotina-2\/#listItem","position":3,"name":"Ghilotin\u0103","item":"https:\/\/tabaccomd.com\/ro\/product-category\/ghilotina-2\/","nextItem":{"@type":"ListItem","@id":"https:\/\/tabaccomd.com\/ro\/product\/ghilotine-pentru-trabucuri-in-asortiment-passatore-591588\/#listItem","name":"Ghilotine pentru trabucuri \u00een asortiment Passatore 591588"},"previousItem":{"@type":"ListItem","@id":"https:\/\/tabaccomd.com\/ro\/catalog\/#listItem","name":"Catalog"}},{"@type":"ListItem","@id":"https:\/\/tabaccomd.com\/ro\/product\/ghilotine-pentru-trabucuri-in-asortiment-passatore-591588\/#listItem","position":4,"name":"Ghilotine pentru trabucuri \u00een asortiment Passatore 591588","previousItem":{"@type":"ListItem","@id":"https:\/\/tabaccomd.com\/ro\/product-category\/ghilotina-2\/#listItem","name":"Ghilotin\u0103"}}]},{"@type":"Organization","@id":"https:\/\/tabaccomd.com\/ro\/#organization","name":"Tabacco House","description":"\u041c\u0430\u0433\u0430\u0437\u0438\u043d \u0442\u0430\u0431\u0430\u0447\u043d\u044b\u0445 \u0438\u0437\u0434\u0435\u043b\u0438\u0439","url":"https:\/\/tabaccomd.com\/ro\/","email":"Office@cazacuhouse.com","telephone":"+37361000935","logo":{"@type":"ImageObject","url":"https:\/\/tabaccomd.com\/wp-content\/uploads\/2024\/02\/logo_header3.png","@id":"https:\/\/tabaccomd.com\/ro\/product\/ghilotine-pentru-trabucuri-in-asortiment-passatore-591588\/#organizationLogo","width":32,"height":32,"caption":"Tabacco House"},"image":{"@id":"https:\/\/tabaccomd.com\/ro\/product\/ghilotine-pentru-trabucuri-in-asortiment-passatore-591588\/#organizationLogo"},"sameAs":["https:\/\/www.facebook.com\/tabaccomd.com\/","https:\/\/www.instagram.com\/tabaccomd.com\/"],"address":{"@id":"https:\/\/tabaccomd.com\/ro\/#postaladdress","@type":"PostalAddress","streetAddress":"Strada Albi\u015foara 4, Chi\u0219in\u0103u, Bulevardul \u0218tefan cel Mare \u0219i Sf\u00eent 136, Chi\u0219in\u0103u","addressLocality":"Chi\u0219in\u0103u","addressCountry":"MD"}},{"@type":"Product","@id":"https:\/\/tabaccomd.com\/ro\/product\/ghilotine-pentru-trabucuri-in-asortiment-passatore-591588\/#wooCommerceProduct","name":"Ghilotine pentru trabucuri \u00een asortiment Passatore 591588","description":"Pre\u021b indicat pentru 1 bucat\u0103\r\n \tT\u0103iere dubl\u0103\r\n \tDiametru t\u0103iere: P\u00e2n\u0103 la 23 mm\r\n \tEcartament inel: 57\r\n \tMaterial: Metal\r\n \tCuloare: Neagr\u0103, verde, mov, albastr\u0103\r\n \tAmbalaj de cadou","url":"https:\/\/tabaccomd.com\/ro\/product\/ghilotine-pentru-trabucuri-in-asortiment-passatore-591588\/","sku":"591588","image":{"@type":"ImageObject","url":"https:\/\/tabaccomd.com\/wp-content\/uploads\/2026\/02\/ghilotina-in-asortiment-passatore-glitter-591588.jpg","@id":"https:\/\/tabaccomd.com\/ro\/product\/ghilotine-pentru-trabucuri-in-asortiment-passatore-591588\/#productImage","width":1200,"height":1200,"caption":"ghilotina-in-asortiment-passatore-glitter-591588"},"offers":{"@type":"Offer","url":"https:\/\/tabaccomd.com\/ro\/product\/ghilotine-pentru-trabucuri-in-asortiment-passatore-591588\/#wooCommerceOffer","price":410,"priceCurrency":"MDL","category":"Ghilotin\u0103","availability":"https:\/\/schema.org\/InStock","priceSpecification":{"@type":"PriceSpecification","price":410,"priceCurrency":"MDL","valueAddedTaxIncluded":"true"},"seller":{"@type":"Organization","@id":"https:\/\/tabaccomd.com\/ro\/#organization"}}},{"@type":"WebPage","@id":"https:\/\/tabaccomd.com\/ro\/product\/ghilotine-pentru-trabucuri-in-asortiment-passatore-591588\/#webpage","url":"https:\/\/tabaccomd.com\/ro\/product\/ghilotine-pentru-trabucuri-in-asortiment-passatore-591588\/","name":"Ghilotine pentru trabucuri \u00een asortiment Passatore 591588 \u2013 Tabacco House","inLanguage":"ro-RO","isPartOf":{"@id":"https:\/\/tabaccomd.com\/ro\/#website"},"breadcrumb":{"@id":"https:\/\/tabaccomd.com\/ro\/product\/ghilotine-pentru-trabucuri-in-asortiment-passatore-591588\/#breadcrumblist"},"image":{"@type":"ImageObject","url":"https:\/\/tabaccomd.com\/wp-content\/uploads\/2026\/02\/ghilotina-in-asortiment-passatore-glitter-591588.jpg","@id":"https:\/\/tabaccomd.com\/ro\/product\/ghilotine-pentru-trabucuri-in-asortiment-passatore-591588\/#mainImage","width":1200,"height":1200,"caption":"ghilotina-in-asortiment-passatore-glitter-591588"},"primaryImageOfPage":{"@id":"https:\/\/tabaccomd.com\/ro\/product\/ghilotine-pentru-trabucuri-in-asortiment-passatore-591588\/#mainImage"},"datePublished":"2026-02-20T17:33:22+03:00","dateModified":"2026-02-24T11:17:46+03:00"},{"@type":"WebSite","@id":"https:\/\/tabaccomd.com\/ro\/#website","url":"https:\/\/tabaccomd.com\/ro\/","name":"Tabacco House","alternateName":"tobaccomd.com","description":"\u041c\u0430\u0433\u0430\u0437\u0438\u043d \u0442\u0430\u0431\u0430\u0447\u043d\u044b\u0445 \u0438\u0437\u0434\u0435\u043b\u0438\u0439","inLanguage":"ro-RO","publisher":{"@id":"https:\/\/tabaccomd.com\/ro\/#organization"}}]},"og:locale":"ro_RO","og:site_name":"Tabacco House \u2013 \u041c\u0430\u0433\u0430\u0437\u0438\u043d \u0442\u0430\u0431\u0430\u0447\u043d\u044b\u0445 \u0438\u0437\u0434\u0435\u043b\u0438\u0439","og:type":"article","og:title":"Ghilotine pentru trabucuri \u00een asortiment Passatore 591588 \u2013 Tabacco House","og:url":"https:\/\/tabaccomd.com\/ro\/product\/ghilotine-pentru-trabucuri-in-asortiment-passatore-591588\/","article:published_time":"2026-02-20T14:33:22+00:00","article:modified_time":"2026-02-24T08:17:46+00:00","article:publisher":"https:\/\/www.facebook.com\/tabaccomd.com\/","twitter:card":"summary_large_image","twitter:title":"Ghilotine pentru trabucuri \u00een asortiment Passatore 591588 \u2013 Tabacco House"},"aioseo_meta_data":{"post_id":"156864","title":null,"description":null,"keywords":null,"keyphrases":null,"primary_term":null,"canonical_url":null,"og_title":null,"og_description":null,"og_object_type":"default","og_image_type":"default","og_image_url":null,"og_image_width":null,"og_image_height":null,"og_image_custom_url":null,"og_image_custom_fields":null,"og_video":null,"og_custom_url":null,"og_article_section":null,"og_article_tags":null,"twitter_use_og":false,"twitter_card":"default","twitter_image_type":"default","twitter_image_url":null,"twitter_image_custom_url":null,"twitter_image_custom_fields":null,"twitter_title":null,"twitter_description":null,"schema":{"blockGraphs":[],"customGraphs":[],"default":{"data":{"Article":[],"Course":[],"Dataset":[],"FAQPage":[],"Movie":[],"Person":[],"Product":[],"ProductReview":[],"Car":[],"Recipe":[],"Service":[],"SoftwareApplication":[],"WebPage":[]},"graphName":"","isEnabled":true},"graphs":[]},"schema_type":"default","schema_type_options":null,"pillar_content":false,"robots_default":true,"robots_noindex":false,"robots_noarchive":false,"robots_nosnippet":false,"robots_nofollow":false,"robots_noimageindex":false,"robots_noodp":false,"robots_notranslate":false,"robots_max_snippet":null,"robots_max_videopreview":null,"robots_max_imagepreview":"large","priority":null,"frequency":null,"local_seo":null,"seo_analyzer_scan_date":"2026-02-24 08:18:00","breadcrumb_settings":null,"limit_modified_date":false,"reviewed_by":null,"open_ai":null,"ai":null,"created":"2026-02-20 14:44:35","updated":"2026-02-24 11:26:06"},"aioseo_breadcrumb":"<div class=\"aioseo-breadcrumbs\"><span class=\"aioseo-breadcrumb\">\n\t<a href=\"https:\/\/tabaccomd.com\/ro\/\" title=\"\u0413\u043b\u0430\u0432\u043d\u0430\u044f\">\u0413\u043b\u0430\u0432\u043d\u0430\u044f<\/a>\n<\/span><span class=\"aioseo-breadcrumb-separator\">\u00bb<\/span><span class=\"aioseo-breadcrumb\">\n\t<a href=\"https:\/\/tabaccomd.com\/ro\/catalog\/\" title=\"Catalog\">Catalog<\/a>\n<\/span><span class=\"aioseo-breadcrumb-separator\">\u00bb<\/span><span class=\"aioseo-breadcrumb\">\n\t<a href=\"https:\/\/tabaccomd.com\/ro\/product-category\/ghilotina-2\/\" title=\"Ghilotin\u0103\">Ghilotin\u0103<\/a>\n<\/span><span class=\"aioseo-breadcrumb-separator\">\u00bb<\/span><span class=\"aioseo-breadcrumb\">\n\tGhilotine pentru trabucuri \u00een asortiment Passatore 591588\n<\/span><\/div>","aioseo_breadcrumb_json":[{"label":"\u0413\u043b\u0430\u0432\u043d\u0430\u044f","link":"https:\/\/tabaccomd.com\/ro\/"},{"label":"Catalog","link":"https:\/\/tabaccomd.com\/ro\/catalog\/"},{"label":"Ghilotin\u0103","link":"https:\/\/tabaccomd.com\/ro\/product-category\/ghilotina-2\/"},{"label":"Ghilotine pentru trabucuri \u00een asortiment Passatore 591588","link":"https:\/\/tabaccomd.com\/ro\/product\/ghilotine-pentru-trabucuri-in-asortiment-passatore-591588\/"}],"images_for_1c":[{"url":"https:\/\/tabaccomd.com\/wp-content\/uploads\/2026\/02\/ghilotina-in-asortiment-passatore-glitter-591588.jpg","type":"featured","alt":"ghilotina-in-asortiment-passatore-glitter-591588","filename":"ghilotina-in-asortiment-passatore-glitter-591588.jpg"},{"url":"https:\/\/tabaccomd.com\/wp-content\/uploads\/2026\/02\/ghilotina-in-asortiment-passatore-glitter-591588-0.jpg","type":"gallery","alt":"ghilotina-in-asortiment-passatore-glitter-591588-0","filename":"ghilotina-in-asortiment-passatore-glitter-591588-0.jpg"}],"additional_data_1c":{"modified_date":"2026-02-24 11:17:46","permalink":"https:\/\/tabaccomd.com\/ro\/product\/ghilotine-pentru-trabucuri-in-asortiment-passatore-591588\/","stock_status":"instock","manage_stock":"no"},"_links":{"self":[{"href":"https:\/\/tabaccomd.com\/ro\/wp-json\/wp\/v2\/product\/156864","targetHints":{"allow":["GET"]}}],"collection":[{"href":"https:\/\/tabaccomd.com\/ro\/wp-json\/wp\/v2\/product"}],"about":[{"href":"https:\/\/tabaccomd.com\/ro\/wp-json\/wp\/v2\/types\/product"}],"wp:featuredmedia":[{"embeddable":true,"href":"https:\/\/tabaccomd.com\/ro\/wp-json\/wp\/v2\/media\/156931"}],"wp:attachment":[{"href":"https:\/\/tabaccomd.com\/ro\/wp-json\/wp\/v2\/media?parent=156864"}],"wp:term":[{"taxonomy":"product_brand","embeddable":true,"href":"https:\/\/tabaccomd.com\/ro\/wp-json\/wp\/v2\/product_brand?post=156864"},{"taxonomy":"product_cat","embeddable":true,"href":"https:\/\/tabaccomd.com\/ro\/wp-json\/wp\/v2\/product_cat?post=156864"},{"taxonomy":"product_tag","embeddable":true,"href":"https:\/\/tabaccomd.com\/ro\/wp-json\/wp\/v2\/product_tag?post=156864"}],"curies":[{"name":"wp","href":"https:\/\/api.w.org\/{rel}","templated":true}]}}