{"id":156770,"date":"2026-02-19T13:23:11","date_gmt":"2026-02-19T10:23:11","guid":{"rendered":"https:\/\/tabaccomd.com\/product\/set-de-pipa-pentru-incepatori-jean-claude-409811\/"},"modified":"2026-02-19T13:23:11","modified_gmt":"2026-02-19T10:23:11","slug":"set-de-pipa-pentru-incepatori-jean-claude-409811","status":"publish","type":"product","link":"https:\/\/tabaccomd.com\/ro\/product\/set-de-pipa-pentru-incepatori-jean-claude-409811\/","title":{"rendered":"Set de pip\u0103 pentru \u00eencep\u0103tori Jean Claude 409811"},"content":{"rendered":"<p data-start=\"0\" data-end=\"513\"><a class=\"cursor-init\" href=\"https:\/\/tabaccomd.com\/ro\/product-category\/pipe\/pipe-de-alte-branduri\/\">Setul de pip\u0103<\/a>\u00a0pentru \u00eencep\u0103tori\u00a0<span class=\"hover:entity-accent entity-underline inline cursor-pointer align-baseline\"><span class=\"whitespace-normal\">Jean Claude<\/span><\/span>\u00a0este solu\u021bia ideal\u0103 pentru cei care doresc s\u0103 \u00ee\u0219i \u00eenceap\u0103 c\u0103l\u0103toria \u00een lumea fumatului de pip\u0103. Setul include tot ce este necesar pentru \u00eentre\u021binerea corect\u0103 \u0219i confortabil\u0103 a pipei, precum \u0219i pentru aprinderea u\u0219oar\u0103. Pipa este realizat\u0103 din briar de calitate, oferind un gust pl\u0103cut \u0219i o experien\u021b\u0103 de fumat confortabil\u0103. Acest kit reprezint\u0103 un cadou excelent sau o achizi\u021bie personal\u0103 pentru cunosc\u0103torii momentelor de relaxare rafinate.<\/p>\n<p data-start=\"515\" data-end=\"531\">Setul con\u021bine:<\/p>\n<ul data-start=\"533\" data-end=\"677\" data-is-last-node=\"\" data-is-only-node=\"\">\n<li data-start=\"533\" data-end=\"578\">pip\u0103 din briar cu mu\u0219tiuc acrilic de 9 mm<\/li>\n<li data-start=\"579\" data-end=\"625\">instrument pentru cur\u0103\u021barea pipei (3 \u00een 1)<\/li>\n<li data-start=\"626\" data-end=\"649\">6 perii pentru pip\u0103<\/li>\n<li data-start=\"650\" data-end=\"677\" data-is-last-node=\"\">6 filtre cu c\u0103rbune activ<\/li>\n<\/ul>\n<p>Pute\u021bi achizi\u021biona setul de pip\u0103 pentru \u00eencep\u0103tori Jean Claude 409811 \u00een Moldova, Chi\u0219in\u0103u, \u00een re\u021beaua de magazine Tabacco House.<\/p>\n","protected":false},"excerpt":{"rendered":"<ul>\n<li>Material pip\u0103: Briar<\/li>\n<li>Material mu\u0219tiuc: Acril<\/li>\n<li>Brand: Jean Claude<\/li>\n<li>Culoare: Bordo \u00eenchis<\/li>\n<li>Ambalaj de cadou<\/li>\n<\/ul>\n","protected":false},"featured_media":156769,"template":"","meta":{"om_disable_all_campaigns":false,"_monsterinsights_skip_tracking":false,"_monsterinsights_sitenote_active":false,"_monsterinsights_sitenote_note":"","_monsterinsights_sitenote_category":0},"product_brand":[],"product_cat":[186,366],"product_tag":[],"class_list":{"0":"post-156770","1":"product","2":"type-product","3":"status-publish","4":"has-post-thumbnail","6":"product_cat-pipe-de-alte-branduri","7":"product_cat-seturi-pentru-pipa","9":"first","10":"instock","11":"taxable","12":"shipping-taxable","13":"purchasable","14":"product-type-simple"},"aioseo_notices":[],"aioseo_head":"\n\t\t<!-- All in One SEO Pro 4.9.5.2 - aioseo.com -->\n\t<meta name=\"robots\" content=\"max-image-preview:large\" \/>\n\t<link rel=\"canonical\" href=\"https:\/\/tabaccomd.com\/ro\/product\/set-de-pipa-pentru-incepatori-jean-claude-409811\/\" \/>\n\t<meta name=\"generator\" content=\"All in One SEO Pro (AIOSEO) 4.9.5.2\" \/>\n\t\t<meta property=\"og:locale\" content=\"ro_RO\" \/>\n\t\t<meta property=\"og:site_name\" content=\"Tabacco House \u2013 \u041c\u0430\u0433\u0430\u0437\u0438\u043d \u0442\u0430\u0431\u0430\u0447\u043d\u044b\u0445 \u0438\u0437\u0434\u0435\u043b\u0438\u0439\" \/>\n\t\t<meta property=\"og:type\" content=\"article\" \/>\n\t\t<meta property=\"og:title\" content=\"Set de pip\u0103 pentru \u00eencep\u0103tori Jean Claude 409811 \u2013 Tabacco House\" \/>\n\t\t<meta property=\"og:url\" content=\"https:\/\/tabaccomd.com\/ro\/product\/set-de-pipa-pentru-incepatori-jean-claude-409811\/\" \/>\n\t\t<meta property=\"article:published_time\" content=\"2026-02-19T10:23:11+00:00\" \/>\n\t\t<meta property=\"article:modified_time\" content=\"2026-02-19T10:23:11+00:00\" \/>\n\t\t<meta property=\"article:publisher\" content=\"https:\/\/www.facebook.com\/tabaccomd.com\/\" \/>\n\t\t<meta name=\"twitter:card\" content=\"summary_large_image\" \/>\n\t\t<meta name=\"twitter:title\" content=\"Set de pip\u0103 pentru \u00eencep\u0103tori Jean Claude 409811 \u2013 Tabacco House\" \/>\n\t\t<script type=\"application\/ld+json\" class=\"aioseo-schema\">\n\t\t\t{\"@context\":\"https:\\\/\\\/schema.org\",\"@graph\":[{\"@type\":\"BreadcrumbList\",\"@id\":\"https:\\\/\\\/tabaccomd.com\\\/ro\\\/product\\\/set-de-pipa-pentru-incepatori-jean-claude-409811\\\/#breadcrumblist\",\"itemListElement\":[{\"@type\":\"ListItem\",\"@id\":\"https:\\\/\\\/tabaccomd.com\\\/ro\\\/#listItem\",\"position\":1,\"name\":\"\\u0413\\u043b\\u0430\\u0432\\u043d\\u0430\\u044f\",\"item\":\"https:\\\/\\\/tabaccomd.com\\\/ro\\\/\",\"nextItem\":{\"@type\":\"ListItem\",\"@id\":\"https:\\\/\\\/tabaccomd.com\\\/ro\\\/catalog\\\/#listItem\",\"name\":\"Catalog\"}},{\"@type\":\"ListItem\",\"@id\":\"https:\\\/\\\/tabaccomd.com\\\/ro\\\/catalog\\\/#listItem\",\"position\":2,\"name\":\"Catalog\",\"item\":\"https:\\\/\\\/tabaccomd.com\\\/ro\\\/catalog\\\/\",\"nextItem\":{\"@type\":\"ListItem\",\"@id\":\"https:\\\/\\\/tabaccomd.com\\\/ro\\\/product-category\\\/pipe\\\/#listItem\",\"name\":\"Pipe\"},\"previousItem\":{\"@type\":\"ListItem\",\"@id\":\"https:\\\/\\\/tabaccomd.com\\\/ro\\\/#listItem\",\"name\":\"\\u0413\\u043b\\u0430\\u0432\\u043d\\u0430\\u044f\"}},{\"@type\":\"ListItem\",\"@id\":\"https:\\\/\\\/tabaccomd.com\\\/ro\\\/product-category\\\/pipe\\\/#listItem\",\"position\":3,\"name\":\"Pipe\",\"item\":\"https:\\\/\\\/tabaccomd.com\\\/ro\\\/product-category\\\/pipe\\\/\",\"nextItem\":{\"@type\":\"ListItem\",\"@id\":\"https:\\\/\\\/tabaccomd.com\\\/ro\\\/product-category\\\/pipe\\\/pipe-de-alte-branduri\\\/#listItem\",\"name\":\"Pipe de alte branduri\"},\"previousItem\":{\"@type\":\"ListItem\",\"@id\":\"https:\\\/\\\/tabaccomd.com\\\/ro\\\/catalog\\\/#listItem\",\"name\":\"Catalog\"}},{\"@type\":\"ListItem\",\"@id\":\"https:\\\/\\\/tabaccomd.com\\\/ro\\\/product-category\\\/pipe\\\/pipe-de-alte-branduri\\\/#listItem\",\"position\":4,\"name\":\"Pipe de alte branduri\",\"item\":\"https:\\\/\\\/tabaccomd.com\\\/ro\\\/product-category\\\/pipe\\\/pipe-de-alte-branduri\\\/\",\"nextItem\":{\"@type\":\"ListItem\",\"@id\":\"https:\\\/\\\/tabaccomd.com\\\/ro\\\/product\\\/set-de-pipa-pentru-incepatori-jean-claude-409811\\\/#listItem\",\"name\":\"Set de pip\\u0103 pentru \\u00eencep\\u0103tori Jean Claude 409811\"},\"previousItem\":{\"@type\":\"ListItem\",\"@id\":\"https:\\\/\\\/tabaccomd.com\\\/ro\\\/product-category\\\/pipe\\\/#listItem\",\"name\":\"Pipe\"}},{\"@type\":\"ListItem\",\"@id\":\"https:\\\/\\\/tabaccomd.com\\\/ro\\\/product\\\/set-de-pipa-pentru-incepatori-jean-claude-409811\\\/#listItem\",\"position\":5,\"name\":\"Set de pip\\u0103 pentru \\u00eencep\\u0103tori Jean Claude 409811\",\"previousItem\":{\"@type\":\"ListItem\",\"@id\":\"https:\\\/\\\/tabaccomd.com\\\/ro\\\/product-category\\\/pipe\\\/pipe-de-alte-branduri\\\/#listItem\",\"name\":\"Pipe de alte branduri\"}}]},{\"@type\":\"Organization\",\"@id\":\"https:\\\/\\\/tabaccomd.com\\\/ro\\\/#organization\",\"name\":\"Tabacco House\",\"description\":\"\\u041c\\u0430\\u0433\\u0430\\u0437\\u0438\\u043d \\u0442\\u0430\\u0431\\u0430\\u0447\\u043d\\u044b\\u0445 \\u0438\\u0437\\u0434\\u0435\\u043b\\u0438\\u0439\",\"url\":\"https:\\\/\\\/tabaccomd.com\\\/ro\\\/\",\"email\":\"Office@cazacuhouse.com\",\"telephone\":\"+37361000935\",\"logo\":{\"@type\":\"ImageObject\",\"url\":\"https:\\\/\\\/tabaccomd.com\\\/wp-content\\\/uploads\\\/2024\\\/02\\\/logo_header3.png\",\"@id\":\"https:\\\/\\\/tabaccomd.com\\\/ro\\\/product\\\/set-de-pipa-pentru-incepatori-jean-claude-409811\\\/#organizationLogo\",\"width\":32,\"height\":32,\"caption\":\"Tabacco House\"},\"image\":{\"@id\":\"https:\\\/\\\/tabaccomd.com\\\/ro\\\/product\\\/set-de-pipa-pentru-incepatori-jean-claude-409811\\\/#organizationLogo\"},\"sameAs\":[\"https:\\\/\\\/www.facebook.com\\\/tabaccomd.com\\\/\",\"https:\\\/\\\/www.instagram.com\\\/tabaccomd.com\\\/\"],\"address\":{\"@id\":\"https:\\\/\\\/tabaccomd.com\\\/ro\\\/#postaladdress\",\"@type\":\"PostalAddress\",\"streetAddress\":\"Strada Albi\\u015foara 4, Chi\\u0219in\\u0103u, Bulevardul \\u0218tefan cel Mare \\u0219i Sf\\u00eent 136, Chi\\u0219in\\u0103u\",\"addressLocality\":\"Chi\\u0219in\\u0103u\",\"addressCountry\":\"MD\"}},{\"@type\":\"Product\",\"@id\":\"https:\\\/\\\/tabaccomd.com\\\/ro\\\/product\\\/set-de-pipa-pentru-incepatori-jean-claude-409811\\\/#wooCommerceProduct\",\"name\":\"Set de pip\\u0103 pentru \\u00eencep\\u0103tori Jean Claude 409811\",\"description\":\"Material pip\\u0103: Briar\\r\\n \\tMaterial mu\\u0219tiuc: Acril\\r\\n \\tBrand: Jean Claude\\r\\n \\tCuloare: Bordo \\u00eenchis\\r\\n \\tAmbalaj de cadou\",\"url\":\"https:\\\/\\\/tabaccomd.com\\\/ro\\\/product\\\/set-de-pipa-pentru-incepatori-jean-claude-409811\\\/\",\"sku\":\"409811\",\"image\":{\"@type\":\"ImageObject\",\"url\":\"https:\\\/\\\/tabaccomd.com\\\/wp-content\\\/uploads\\\/2026\\\/02\\\/Jean-Claude-409811-pipe-set-5.jpg\",\"@id\":\"https:\\\/\\\/tabaccomd.com\\\/ro\\\/product\\\/set-de-pipa-pentru-incepatori-jean-claude-409811\\\/#productImage\",\"width\":1200,\"height\":1200,\"caption\":\"Jean-Claude-409811-pipe-set-5\"},\"offers\":{\"@type\":\"Offer\",\"url\":\"https:\\\/\\\/tabaccomd.com\\\/ro\\\/product\\\/set-de-pipa-pentru-incepatori-jean-claude-409811\\\/#wooCommerceOffer\",\"price\":895,\"priceCurrency\":\"MDL\",\"category\":\"Pipe de alte branduri\",\"availability\":\"https:\\\/\\\/schema.org\\\/InStock\",\"priceSpecification\":{\"@type\":\"PriceSpecification\",\"price\":895,\"priceCurrency\":\"MDL\",\"valueAddedTaxIncluded\":\"true\"},\"seller\":{\"@type\":\"Organization\",\"@id\":\"https:\\\/\\\/tabaccomd.com\\\/ro\\\/#organization\"}}},{\"@type\":\"WebPage\",\"@id\":\"https:\\\/\\\/tabaccomd.com\\\/ro\\\/product\\\/set-de-pipa-pentru-incepatori-jean-claude-409811\\\/#webpage\",\"url\":\"https:\\\/\\\/tabaccomd.com\\\/ro\\\/product\\\/set-de-pipa-pentru-incepatori-jean-claude-409811\\\/\",\"name\":\"Set de pip\\u0103 pentru \\u00eencep\\u0103tori Jean Claude 409811 \\u2013 Tabacco House\",\"inLanguage\":\"ro-RO\",\"isPartOf\":{\"@id\":\"https:\\\/\\\/tabaccomd.com\\\/ro\\\/#website\"},\"breadcrumb\":{\"@id\":\"https:\\\/\\\/tabaccomd.com\\\/ro\\\/product\\\/set-de-pipa-pentru-incepatori-jean-claude-409811\\\/#breadcrumblist\"},\"image\":{\"@type\":\"ImageObject\",\"url\":\"https:\\\/\\\/tabaccomd.com\\\/wp-content\\\/uploads\\\/2026\\\/02\\\/Jean-Claude-409811-pipe-set-5.jpg\",\"@id\":\"https:\\\/\\\/tabaccomd.com\\\/ro\\\/product\\\/set-de-pipa-pentru-incepatori-jean-claude-409811\\\/#mainImage\",\"width\":1200,\"height\":1200,\"caption\":\"Jean-Claude-409811-pipe-set-5\"},\"primaryImageOfPage\":{\"@id\":\"https:\\\/\\\/tabaccomd.com\\\/ro\\\/product\\\/set-de-pipa-pentru-incepatori-jean-claude-409811\\\/#mainImage\"},\"datePublished\":\"2026-02-19T13:23:11+03:00\",\"dateModified\":\"2026-02-19T13:23:11+03:00\"},{\"@type\":\"WebSite\",\"@id\":\"https:\\\/\\\/tabaccomd.com\\\/ro\\\/#website\",\"url\":\"https:\\\/\\\/tabaccomd.com\\\/ro\\\/\",\"name\":\"Tabacco House\",\"alternateName\":\"tobaccomd.com\",\"description\":\"\\u041c\\u0430\\u0433\\u0430\\u0437\\u0438\\u043d \\u0442\\u0430\\u0431\\u0430\\u0447\\u043d\\u044b\\u0445 \\u0438\\u0437\\u0434\\u0435\\u043b\\u0438\\u0439\",\"inLanguage\":\"ro-RO\",\"publisher\":{\"@id\":\"https:\\\/\\\/tabaccomd.com\\\/ro\\\/#organization\"}}]}\n\t\t<\/script>\n\t\t<!-- All in One SEO Pro -->\r\n\t\t<title>Set de pip\u0103 pentru \u00eencep\u0103tori Jean Claude 409811 \u2013 Tabacco House<\/title>\n\n","aioseo_head_json":{"title":"Set de pip\u0103 pentru \u00eencep\u0103tori Jean Claude 409811 \u2013 Tabacco House","description":"","canonical_url":"https:\/\/tabaccomd.com\/ro\/product\/set-de-pipa-pentru-incepatori-jean-claude-409811\/","robots":"max-image-preview:large","keywords":"","webmasterTools":{"miscellaneous":""},"schema":{"@context":"https:\/\/schema.org","@graph":[{"@type":"BreadcrumbList","@id":"https:\/\/tabaccomd.com\/ro\/product\/set-de-pipa-pentru-incepatori-jean-claude-409811\/#breadcrumblist","itemListElement":[{"@type":"ListItem","@id":"https:\/\/tabaccomd.com\/ro\/#listItem","position":1,"name":"\u0413\u043b\u0430\u0432\u043d\u0430\u044f","item":"https:\/\/tabaccomd.com\/ro\/","nextItem":{"@type":"ListItem","@id":"https:\/\/tabaccomd.com\/ro\/catalog\/#listItem","name":"Catalog"}},{"@type":"ListItem","@id":"https:\/\/tabaccomd.com\/ro\/catalog\/#listItem","position":2,"name":"Catalog","item":"https:\/\/tabaccomd.com\/ro\/catalog\/","nextItem":{"@type":"ListItem","@id":"https:\/\/tabaccomd.com\/ro\/product-category\/pipe\/#listItem","name":"Pipe"},"previousItem":{"@type":"ListItem","@id":"https:\/\/tabaccomd.com\/ro\/#listItem","name":"\u0413\u043b\u0430\u0432\u043d\u0430\u044f"}},{"@type":"ListItem","@id":"https:\/\/tabaccomd.com\/ro\/product-category\/pipe\/#listItem","position":3,"name":"Pipe","item":"https:\/\/tabaccomd.com\/ro\/product-category\/pipe\/","nextItem":{"@type":"ListItem","@id":"https:\/\/tabaccomd.com\/ro\/product-category\/pipe\/pipe-de-alte-branduri\/#listItem","name":"Pipe de alte branduri"},"previousItem":{"@type":"ListItem","@id":"https:\/\/tabaccomd.com\/ro\/catalog\/#listItem","name":"Catalog"}},{"@type":"ListItem","@id":"https:\/\/tabaccomd.com\/ro\/product-category\/pipe\/pipe-de-alte-branduri\/#listItem","position":4,"name":"Pipe de alte branduri","item":"https:\/\/tabaccomd.com\/ro\/product-category\/pipe\/pipe-de-alte-branduri\/","nextItem":{"@type":"ListItem","@id":"https:\/\/tabaccomd.com\/ro\/product\/set-de-pipa-pentru-incepatori-jean-claude-409811\/#listItem","name":"Set de pip\u0103 pentru \u00eencep\u0103tori Jean Claude 409811"},"previousItem":{"@type":"ListItem","@id":"https:\/\/tabaccomd.com\/ro\/product-category\/pipe\/#listItem","name":"Pipe"}},{"@type":"ListItem","@id":"https:\/\/tabaccomd.com\/ro\/product\/set-de-pipa-pentru-incepatori-jean-claude-409811\/#listItem","position":5,"name":"Set de pip\u0103 pentru \u00eencep\u0103tori Jean Claude 409811","previousItem":{"@type":"ListItem","@id":"https:\/\/tabaccomd.com\/ro\/product-category\/pipe\/pipe-de-alte-branduri\/#listItem","name":"Pipe de alte branduri"}}]},{"@type":"Organization","@id":"https:\/\/tabaccomd.com\/ro\/#organization","name":"Tabacco House","description":"\u041c\u0430\u0433\u0430\u0437\u0438\u043d \u0442\u0430\u0431\u0430\u0447\u043d\u044b\u0445 \u0438\u0437\u0434\u0435\u043b\u0438\u0439","url":"https:\/\/tabaccomd.com\/ro\/","email":"Office@cazacuhouse.com","telephone":"+37361000935","logo":{"@type":"ImageObject","url":"https:\/\/tabaccomd.com\/wp-content\/uploads\/2024\/02\/logo_header3.png","@id":"https:\/\/tabaccomd.com\/ro\/product\/set-de-pipa-pentru-incepatori-jean-claude-409811\/#organizationLogo","width":32,"height":32,"caption":"Tabacco House"},"image":{"@id":"https:\/\/tabaccomd.com\/ro\/product\/set-de-pipa-pentru-incepatori-jean-claude-409811\/#organizationLogo"},"sameAs":["https:\/\/www.facebook.com\/tabaccomd.com\/","https:\/\/www.instagram.com\/tabaccomd.com\/"],"address":{"@id":"https:\/\/tabaccomd.com\/ro\/#postaladdress","@type":"PostalAddress","streetAddress":"Strada Albi\u015foara 4, Chi\u0219in\u0103u, Bulevardul \u0218tefan cel Mare \u0219i Sf\u00eent 136, Chi\u0219in\u0103u","addressLocality":"Chi\u0219in\u0103u","addressCountry":"MD"}},{"@type":"Product","@id":"https:\/\/tabaccomd.com\/ro\/product\/set-de-pipa-pentru-incepatori-jean-claude-409811\/#wooCommerceProduct","name":"Set de pip\u0103 pentru \u00eencep\u0103tori Jean Claude 409811","description":"Material pip\u0103: Briar\r\n \tMaterial mu\u0219tiuc: Acril\r\n \tBrand: Jean Claude\r\n \tCuloare: Bordo \u00eenchis\r\n \tAmbalaj de cadou","url":"https:\/\/tabaccomd.com\/ro\/product\/set-de-pipa-pentru-incepatori-jean-claude-409811\/","sku":"409811","image":{"@type":"ImageObject","url":"https:\/\/tabaccomd.com\/wp-content\/uploads\/2026\/02\/Jean-Claude-409811-pipe-set-5.jpg","@id":"https:\/\/tabaccomd.com\/ro\/product\/set-de-pipa-pentru-incepatori-jean-claude-409811\/#productImage","width":1200,"height":1200,"caption":"Jean-Claude-409811-pipe-set-5"},"offers":{"@type":"Offer","url":"https:\/\/tabaccomd.com\/ro\/product\/set-de-pipa-pentru-incepatori-jean-claude-409811\/#wooCommerceOffer","price":895,"priceCurrency":"MDL","category":"Pipe de alte branduri","availability":"https:\/\/schema.org\/InStock","priceSpecification":{"@type":"PriceSpecification","price":895,"priceCurrency":"MDL","valueAddedTaxIncluded":"true"},"seller":{"@type":"Organization","@id":"https:\/\/tabaccomd.com\/ro\/#organization"}}},{"@type":"WebPage","@id":"https:\/\/tabaccomd.com\/ro\/product\/set-de-pipa-pentru-incepatori-jean-claude-409811\/#webpage","url":"https:\/\/tabaccomd.com\/ro\/product\/set-de-pipa-pentru-incepatori-jean-claude-409811\/","name":"Set de pip\u0103 pentru \u00eencep\u0103tori Jean Claude 409811 \u2013 Tabacco House","inLanguage":"ro-RO","isPartOf":{"@id":"https:\/\/tabaccomd.com\/ro\/#website"},"breadcrumb":{"@id":"https:\/\/tabaccomd.com\/ro\/product\/set-de-pipa-pentru-incepatori-jean-claude-409811\/#breadcrumblist"},"image":{"@type":"ImageObject","url":"https:\/\/tabaccomd.com\/wp-content\/uploads\/2026\/02\/Jean-Claude-409811-pipe-set-5.jpg","@id":"https:\/\/tabaccomd.com\/ro\/product\/set-de-pipa-pentru-incepatori-jean-claude-409811\/#mainImage","width":1200,"height":1200,"caption":"Jean-Claude-409811-pipe-set-5"},"primaryImageOfPage":{"@id":"https:\/\/tabaccomd.com\/ro\/product\/set-de-pipa-pentru-incepatori-jean-claude-409811\/#mainImage"},"datePublished":"2026-02-19T13:23:11+03:00","dateModified":"2026-02-19T13:23:11+03:00"},{"@type":"WebSite","@id":"https:\/\/tabaccomd.com\/ro\/#website","url":"https:\/\/tabaccomd.com\/ro\/","name":"Tabacco House","alternateName":"tobaccomd.com","description":"\u041c\u0430\u0433\u0430\u0437\u0438\u043d \u0442\u0430\u0431\u0430\u0447\u043d\u044b\u0445 \u0438\u0437\u0434\u0435\u043b\u0438\u0439","inLanguage":"ro-RO","publisher":{"@id":"https:\/\/tabaccomd.com\/ro\/#organization"}}]},"og:locale":"ro_RO","og:site_name":"Tabacco House \u2013 \u041c\u0430\u0433\u0430\u0437\u0438\u043d \u0442\u0430\u0431\u0430\u0447\u043d\u044b\u0445 \u0438\u0437\u0434\u0435\u043b\u0438\u0439","og:type":"article","og:title":"Set de pip\u0103 pentru \u00eencep\u0103tori Jean Claude 409811 \u2013 Tabacco House","og:url":"https:\/\/tabaccomd.com\/ro\/product\/set-de-pipa-pentru-incepatori-jean-claude-409811\/","article:published_time":"2026-02-19T10:23:11+00:00","article:modified_time":"2026-02-19T10:23:11+00:00","article:publisher":"https:\/\/www.facebook.com\/tabaccomd.com\/","twitter:card":"summary_large_image","twitter:title":"Set de pip\u0103 pentru \u00eencep\u0103tori Jean Claude 409811 \u2013 Tabacco House"},"aioseo_meta_data":{"post_id":"156770","title":null,"description":null,"keywords":null,"keyphrases":null,"primary_term":null,"canonical_url":null,"og_title":null,"og_description":null,"og_object_type":"default","og_image_type":"default","og_image_url":null,"og_image_width":null,"og_image_height":null,"og_image_custom_url":null,"og_image_custom_fields":null,"og_video":null,"og_custom_url":null,"og_article_section":null,"og_article_tags":null,"twitter_use_og":false,"twitter_card":"default","twitter_image_type":"default","twitter_image_url":null,"twitter_image_custom_url":null,"twitter_image_custom_fields":null,"twitter_title":null,"twitter_description":null,"schema":{"blockGraphs":[],"customGraphs":[],"default":{"data":{"Article":[],"Course":[],"Dataset":[],"FAQPage":[],"Movie":[],"Person":[],"Product":[],"ProductReview":[],"Car":[],"Recipe":[],"Service":[],"SoftwareApplication":[],"WebPage":[]},"graphName":"","isEnabled":true},"graphs":[]},"schema_type":"default","schema_type_options":null,"pillar_content":false,"robots_default":true,"robots_noindex":false,"robots_noarchive":false,"robots_nosnippet":false,"robots_nofollow":false,"robots_noimageindex":false,"robots_noodp":false,"robots_notranslate":false,"robots_max_snippet":null,"robots_max_videopreview":null,"robots_max_imagepreview":"large","priority":null,"frequency":null,"local_seo":null,"seo_analyzer_scan_date":"2026-02-19 10:52:20","breadcrumb_settings":null,"limit_modified_date":false,"reviewed_by":null,"open_ai":null,"ai":null,"created":"2026-02-19 10:41:00","updated":"2026-02-19 10:52:20"},"aioseo_breadcrumb":"<div class=\"aioseo-breadcrumbs\"><span class=\"aioseo-breadcrumb\">\n\t<a href=\"https:\/\/tabaccomd.com\/ro\/\" title=\"\u0413\u043b\u0430\u0432\u043d\u0430\u044f\">\u0413\u043b\u0430\u0432\u043d\u0430\u044f<\/a>\n<\/span><span class=\"aioseo-breadcrumb-separator\">\u00bb<\/span><span class=\"aioseo-breadcrumb\">\n\t<a href=\"https:\/\/tabaccomd.com\/ro\/catalog\/\" title=\"Catalog\">Catalog<\/a>\n<\/span><span class=\"aioseo-breadcrumb-separator\">\u00bb<\/span><span class=\"aioseo-breadcrumb\">\n\t<a href=\"https:\/\/tabaccomd.com\/ro\/product-category\/pipe\/\" title=\"Pipe\">Pipe<\/a>\n<\/span><span class=\"aioseo-breadcrumb-separator\">\u00bb<\/span><span class=\"aioseo-breadcrumb\">\n\t<a href=\"https:\/\/tabaccomd.com\/ro\/product-category\/pipe\/pipe-de-alte-branduri\/\" title=\"Pipe de alte branduri\">Pipe de alte branduri<\/a>\n<\/span><span class=\"aioseo-breadcrumb-separator\">\u00bb<\/span><span class=\"aioseo-breadcrumb\">\n\tSet de pip\u0103 pentru \u00eencep\u0103tori Jean Claude 409811\n<\/span><\/div>","aioseo_breadcrumb_json":[{"label":"\u0413\u043b\u0430\u0432\u043d\u0430\u044f","link":"https:\/\/tabaccomd.com\/ro\/"},{"label":"Catalog","link":"https:\/\/tabaccomd.com\/ro\/catalog\/"},{"label":"Pipe","link":"https:\/\/tabaccomd.com\/ro\/product-category\/pipe\/"},{"label":"Pipe de alte branduri","link":"https:\/\/tabaccomd.com\/ro\/product-category\/pipe\/pipe-de-alte-branduri\/"},{"label":"Set de pip\u0103 pentru \u00eencep\u0103tori Jean Claude 409811","link":"https:\/\/tabaccomd.com\/ro\/product\/set-de-pipa-pentru-incepatori-jean-claude-409811\/"}],"images_for_1c":[{"url":"https:\/\/tabaccomd.com\/wp-content\/uploads\/2026\/02\/Jean-Claude-409811-pipe-set-5.jpg","type":"featured","alt":"Jean-Claude-409811-pipe-set-5","filename":"Jean-Claude-409811-pipe-set-5.jpg"},{"url":"https:\/\/tabaccomd.com\/wp-content\/uploads\/2026\/02\/Jean-Claude-409811-pipe-set-2.jpg","type":"gallery","alt":"Jean-Claude-409811-pipe-set-2","filename":"Jean-Claude-409811-pipe-set-2.jpg"},{"url":"https:\/\/tabaccomd.com\/wp-content\/uploads\/2026\/02\/Jean-Claude-409811-pipe-set-3.jpg","type":"gallery","alt":"Jean-Claude-409811-pipe-set-3","filename":"Jean-Claude-409811-pipe-set-3.jpg"},{"url":"https:\/\/tabaccomd.com\/wp-content\/uploads\/2026\/02\/Jean-Claude-409811-pipe-set.jpg","type":"gallery","alt":"Jean-Claude-409811-pipe-set","filename":"Jean-Claude-409811-pipe-set.jpg"},{"url":"https:\/\/tabaccomd.com\/wp-content\/uploads\/2026\/02\/Jean-Claude-409811-pipe-set-0.jpg","type":"gallery","alt":"Jean-Claude-409811-pipe-set-0","filename":"Jean-Claude-409811-pipe-set-0.jpg"},{"url":"https:\/\/tabaccomd.com\/wp-content\/uploads\/2026\/02\/Jean-Claude-409811-pipe-set-1.jpg","type":"gallery","alt":"Jean-Claude-409811-pipe-set-1","filename":"Jean-Claude-409811-pipe-set-1.jpg"}],"additional_data_1c":{"modified_date":"2026-02-19 13:23:11","permalink":"https:\/\/tabaccomd.com\/ro\/product\/set-de-pipa-pentru-incepatori-jean-claude-409811\/","stock_status":"instock","manage_stock":"no"},"_links":{"self":[{"href":"https:\/\/tabaccomd.com\/ro\/wp-json\/wp\/v2\/product\/156770","targetHints":{"allow":["GET"]}}],"collection":[{"href":"https:\/\/tabaccomd.com\/ro\/wp-json\/wp\/v2\/product"}],"about":[{"href":"https:\/\/tabaccomd.com\/ro\/wp-json\/wp\/v2\/types\/product"}],"wp:featuredmedia":[{"embeddable":true,"href":"https:\/\/tabaccomd.com\/ro\/wp-json\/wp\/v2\/media\/156769"}],"wp:attachment":[{"href":"https:\/\/tabaccomd.com\/ro\/wp-json\/wp\/v2\/media?parent=156770"}],"wp:term":[{"taxonomy":"product_brand","embeddable":true,"href":"https:\/\/tabaccomd.com\/ro\/wp-json\/wp\/v2\/product_brand?post=156770"},{"taxonomy":"product_cat","embeddable":true,"href":"https:\/\/tabaccomd.com\/ro\/wp-json\/wp\/v2\/product_cat?post=156770"},{"taxonomy":"product_tag","embeddable":true,"href":"https:\/\/tabaccomd.com\/ro\/wp-json\/wp\/v2\/product_tag?post=156770"}],"curies":[{"name":"wp","href":"https:\/\/api.w.org\/{rel}","templated":true}]}}