{"id":156521,"date":"2026-02-04T13:11:33","date_gmt":"2026-02-04T10:11:33","guid":{"rendered":"https:\/\/tabaccomd.com\/product\/bricheta-de-gaz-cool-zac-in-asortiment-216032\/"},"modified":"2026-02-04T13:11:33","modified_gmt":"2026-02-04T10:11:33","slug":"bricheta-de-gaz-cool-zac-in-asortiment-216032","status":"publish","type":"product","link":"https:\/\/tabaccomd.com\/ro\/product\/bricheta-de-gaz-cool-zac-in-asortiment-216032\/","title":{"rendered":"Brichet\u0103 de gaz COOL &#8222;Zac&#8221; \u00een asortiment 216032"},"content":{"rendered":"<p data-start=\"0\" data-end=\"401\"><a href=\"https:\/\/tabaccomd.com\/ro\/product-category\/brichete\/brichete-de-gaz\/\">Bricheta pe gaz<\/a> COOL \u201eZac\u201d este un accesoriu puternic \u0219i stilat, conceput pentru utilizare sigur\u0103 \u00een orice condi\u021bii. Modelul este echipat cu flac\u0103r\u0103 turbo albastr\u0103 cu trei jeturi, stabil\u0103 chiar \u0219i pe v\u00e2nt puternic, fiind ideal\u0103 pentru aprinderea gr\u0103tarelor, \u0219emineelor sau aragazurilor. Designul modern este disponibil \u00een culorile albastru, ro\u0219u \u0219i negru, oferind un aspect dinamic \u0219i elegant. Bricheta dispune de fereastr\u0103 pentru controlul nivelului de combustibil, permi\u021b\u00e2nd verificarea u\u0219oar\u0103 a rezervei de butan, precum \u0219i de reglaj precis al intensit\u0103\u021bii fl\u0103c\u0103rii, adaptabil oric\u0103rei nevoi. Construc\u021bia sigur\u0103, cu duz\u0103 din cupru, orificii de ventila\u021bie \u0219i canal ceramic, asigur\u0103 o disipare eficient\u0103 a c\u0103ldurii \u0219i o durabilitate ridicat\u0103. Versatil\u0103 \u0219i practic\u0103, bricheta COOL \u201eZac\u201d este perfect\u0103 pentru uz zilnic \u0219i activit\u0103\u021bi \u00een aer liber. <strong>Se livreaz\u0103 f\u0103r\u0103 gaz butan.<\/strong><\/p>\n<p data-start=\"0\" data-end=\"401\">Pute\u021bi achizi\u021biona bricheta de gaz COOL &#8222;Zac&#8221; \u00een asortiment 216032 \u00een Moldova, Chi\u0219in\u0103u, \u00een re\u021beaua de magazine Tabacco House.<\/p>\n","protected":false},"excerpt":{"rendered":"<ul>\n<li><strong>Pre\u021b indicat pentru 1 bucat\u0103<\/strong><\/li>\n<li class=\"tab-technical-name \">Culoare \u0219i design: Albastr\u0103, ro\u0219ie, neagr\u0103<\/li>\n<li class=\"tab-technical-name \">Flac\u0103r\u0103 turbo albastr\u0103 cu 3 jeturi<\/li>\n<li class=\"tab-technical-name \">Brand: COOL, Germania<\/li>\n<li class=\"tab-technical-name \">Material: Ceramic\u0103, cupru, metal, plastic, cauciuc<\/li>\n<\/ul>\n","protected":false},"featured_media":156505,"template":"","meta":{"om_disable_all_campaigns":false,"_monsterinsights_skip_tracking":false,"_monsterinsights_sitenote_active":false,"_monsterinsights_sitenote_note":"","_monsterinsights_sitenote_category":0},"product_brand":[],"product_cat":[173],"product_tag":[],"class_list":{"0":"post-156521","1":"product","2":"type-product","3":"status-publish","4":"has-post-thumbnail","6":"product_cat-brichete-de-gaz","8":"first","9":"instock","10":"taxable","11":"shipping-taxable","12":"purchasable","13":"product-type-simple"},"aioseo_notices":[],"aioseo_head":"\n\t\t<!-- All in One SEO Pro 4.9.6.2 - aioseo.com -->\n\t<meta name=\"robots\" content=\"max-image-preview:large\" \/>\n\t<link rel=\"canonical\" href=\"https:\/\/tabaccomd.com\/ro\/product\/bricheta-de-gaz-cool-zac-in-asortiment-216032\/\" \/>\n\t<meta name=\"generator\" content=\"All in One SEO Pro (AIOSEO) 4.9.6.2\" \/>\n\t\t<meta property=\"og:locale\" content=\"ro_RO\" \/>\n\t\t<meta property=\"og:site_name\" content=\"Tabacco House \u2013 \u041c\u0430\u0433\u0430\u0437\u0438\u043d \u0442\u0430\u0431\u0430\u0447\u043d\u044b\u0445 \u0438\u0437\u0434\u0435\u043b\u0438\u0439\" \/>\n\t\t<meta property=\"og:type\" content=\"article\" \/>\n\t\t<meta property=\"og:title\" content=\"Brichet\u0103 de gaz COOL \u201eZac\u201d \u00een asortiment 216032 \u2013 Tabacco House\" \/>\n\t\t<meta property=\"og:url\" content=\"https:\/\/tabaccomd.com\/ro\/product\/bricheta-de-gaz-cool-zac-in-asortiment-216032\/\" \/>\n\t\t<meta property=\"article:published_time\" content=\"2026-02-04T10:11:33+00:00\" \/>\n\t\t<meta property=\"article:modified_time\" content=\"2026-02-04T10:11:33+00:00\" \/>\n\t\t<meta property=\"article:publisher\" content=\"https:\/\/www.facebook.com\/tabaccomd.com\/\" \/>\n\t\t<meta name=\"twitter:card\" content=\"summary_large_image\" \/>\n\t\t<meta name=\"twitter:title\" content=\"Brichet\u0103 de gaz COOL \u201eZac\u201d \u00een asortiment 216032 \u2013 Tabacco House\" \/>\n\t\t<script type=\"application\/ld+json\" class=\"aioseo-schema\">\n\t\t\t{\"@context\":\"https:\\\/\\\/schema.org\",\"@graph\":[{\"@type\":\"BreadcrumbList\",\"@id\":\"https:\\\/\\\/tabaccomd.com\\\/ro\\\/product\\\/bricheta-de-gaz-cool-zac-in-asortiment-216032\\\/#breadcrumblist\",\"itemListElement\":[{\"@type\":\"ListItem\",\"@id\":\"https:\\\/\\\/tabaccomd.com\\\/ro\\\/#listItem\",\"position\":1,\"name\":\"\\u0413\\u043b\\u0430\\u0432\\u043d\\u0430\\u044f\",\"item\":\"https:\\\/\\\/tabaccomd.com\\\/ro\\\/\",\"nextItem\":{\"@type\":\"ListItem\",\"@id\":\"https:\\\/\\\/tabaccomd.com\\\/ro\\\/catalog\\\/#listItem\",\"name\":\"Catalog\"}},{\"@type\":\"ListItem\",\"@id\":\"https:\\\/\\\/tabaccomd.com\\\/ro\\\/catalog\\\/#listItem\",\"position\":2,\"name\":\"Catalog\",\"item\":\"https:\\\/\\\/tabaccomd.com\\\/ro\\\/catalog\\\/\",\"nextItem\":{\"@type\":\"ListItem\",\"@id\":\"https:\\\/\\\/tabaccomd.com\\\/ro\\\/product-category\\\/brichete\\\/#listItem\",\"name\":\"Brichete\"},\"previousItem\":{\"@type\":\"ListItem\",\"@id\":\"https:\\\/\\\/tabaccomd.com\\\/ro\\\/#listItem\",\"name\":\"\\u0413\\u043b\\u0430\\u0432\\u043d\\u0430\\u044f\"}},{\"@type\":\"ListItem\",\"@id\":\"https:\\\/\\\/tabaccomd.com\\\/ro\\\/product-category\\\/brichete\\\/#listItem\",\"position\":3,\"name\":\"Brichete\",\"item\":\"https:\\\/\\\/tabaccomd.com\\\/ro\\\/product-category\\\/brichete\\\/\",\"nextItem\":{\"@type\":\"ListItem\",\"@id\":\"https:\\\/\\\/tabaccomd.com\\\/ro\\\/product-category\\\/brichete\\\/brichete-de-gaz\\\/#listItem\",\"name\":\"Brichete de gaz\"},\"previousItem\":{\"@type\":\"ListItem\",\"@id\":\"https:\\\/\\\/tabaccomd.com\\\/ro\\\/catalog\\\/#listItem\",\"name\":\"Catalog\"}},{\"@type\":\"ListItem\",\"@id\":\"https:\\\/\\\/tabaccomd.com\\\/ro\\\/product-category\\\/brichete\\\/brichete-de-gaz\\\/#listItem\",\"position\":4,\"name\":\"Brichete de gaz\",\"item\":\"https:\\\/\\\/tabaccomd.com\\\/ro\\\/product-category\\\/brichete\\\/brichete-de-gaz\\\/\",\"nextItem\":{\"@type\":\"ListItem\",\"@id\":\"https:\\\/\\\/tabaccomd.com\\\/ro\\\/product\\\/bricheta-de-gaz-cool-zac-in-asortiment-216032\\\/#listItem\",\"name\":\"Brichet\\u0103 de gaz COOL &#8222;Zac&#8221; \\u00een asortiment 216032\"},\"previousItem\":{\"@type\":\"ListItem\",\"@id\":\"https:\\\/\\\/tabaccomd.com\\\/ro\\\/product-category\\\/brichete\\\/#listItem\",\"name\":\"Brichete\"}},{\"@type\":\"ListItem\",\"@id\":\"https:\\\/\\\/tabaccomd.com\\\/ro\\\/product\\\/bricheta-de-gaz-cool-zac-in-asortiment-216032\\\/#listItem\",\"position\":5,\"name\":\"Brichet\\u0103 de gaz COOL &#8222;Zac&#8221; \\u00een asortiment 216032\",\"previousItem\":{\"@type\":\"ListItem\",\"@id\":\"https:\\\/\\\/tabaccomd.com\\\/ro\\\/product-category\\\/brichete\\\/brichete-de-gaz\\\/#listItem\",\"name\":\"Brichete de gaz\"}}]},{\"@type\":\"Organization\",\"@id\":\"https:\\\/\\\/tabaccomd.com\\\/ro\\\/#organization\",\"name\":\"Tabacco House\",\"description\":\"\\u041c\\u0430\\u0433\\u0430\\u0437\\u0438\\u043d \\u0442\\u0430\\u0431\\u0430\\u0447\\u043d\\u044b\\u0445 \\u0438\\u0437\\u0434\\u0435\\u043b\\u0438\\u0439\",\"url\":\"https:\\\/\\\/tabaccomd.com\\\/ro\\\/\",\"email\":\"Office@cazacuhouse.com\",\"telephone\":\"+37361000935\",\"logo\":{\"@type\":\"ImageObject\",\"url\":\"https:\\\/\\\/tabaccomd.com\\\/wp-content\\\/uploads\\\/2024\\\/02\\\/logo_header3.png\",\"@id\":\"https:\\\/\\\/tabaccomd.com\\\/ro\\\/product\\\/bricheta-de-gaz-cool-zac-in-asortiment-216032\\\/#organizationLogo\",\"width\":32,\"height\":32,\"caption\":\"Tabacco House\"},\"image\":{\"@id\":\"https:\\\/\\\/tabaccomd.com\\\/ro\\\/product\\\/bricheta-de-gaz-cool-zac-in-asortiment-216032\\\/#organizationLogo\"},\"sameAs\":[\"https:\\\/\\\/www.facebook.com\\\/tabaccomd.com\\\/\",\"https:\\\/\\\/www.instagram.com\\\/tabaccomd.com\\\/\"],\"address\":{\"@id\":\"https:\\\/\\\/tabaccomd.com\\\/ro\\\/#postaladdress\",\"@type\":\"PostalAddress\",\"streetAddress\":\"Strada Albi\\u015foara 4, Chi\\u0219in\\u0103u, Bulevardul \\u0218tefan cel Mare \\u0219i Sf\\u00eent 136, Chi\\u0219in\\u0103u\",\"addressLocality\":\"Chi\\u0219in\\u0103u\",\"addressCountry\":\"MD\"}},{\"@type\":\"Product\",\"@id\":\"https:\\\/\\\/tabaccomd.com\\\/ro\\\/product\\\/bricheta-de-gaz-cool-zac-in-asortiment-216032\\\/#wooCommerceProduct\",\"name\":\"Brichet\\u0103 de gaz COOL \\\"Zac\\\" \\u00een asortiment 216032\",\"description\":\"Pre\\u021b indicat pentru 1 bucat\\u0103\\r\\n \\tCuloare \\u0219i design: Albastr\\u0103, ro\\u0219ie, neagr\\u0103\\r\\n \\tFlac\\u0103r\\u0103 turbo albastr\\u0103 cu 3 jeturi\\r\\n \\tBrand: COOL, Germania\\r\\n \\tMaterial: Ceramic\\u0103, cupru, metal, plastic, cauciuc\",\"url\":\"https:\\\/\\\/tabaccomd.com\\\/ro\\\/product\\\/bricheta-de-gaz-cool-zac-in-asortiment-216032\\\/\",\"sku\":\"216032\",\"image\":{\"@type\":\"ImageObject\",\"url\":\"https:\\\/\\\/tabaccomd.com\\\/wp-content\\\/uploads\\\/2026\\\/02\\\/lighter-3-jet-flame-COOL-Zac-216032-3.jpg\",\"@id\":\"https:\\\/\\\/tabaccomd.com\\\/ro\\\/product\\\/bricheta-de-gaz-cool-zac-in-asortiment-216032\\\/#productImage\",\"width\":1200,\"height\":1200,\"caption\":\"lighter-3-jet-flame-COOL-Zac-216032-3\"},\"offers\":{\"@type\":\"Offer\",\"url\":\"https:\\\/\\\/tabaccomd.com\\\/ro\\\/product\\\/bricheta-de-gaz-cool-zac-in-asortiment-216032\\\/#wooCommerceOffer\",\"price\":195,\"priceCurrency\":\"MDL\",\"category\":\"Brichete de gaz\",\"availability\":\"https:\\\/\\\/schema.org\\\/InStock\",\"priceSpecification\":{\"@type\":\"PriceSpecification\",\"price\":195,\"priceCurrency\":\"MDL\",\"valueAddedTaxIncluded\":\"true\"},\"seller\":{\"@type\":\"Organization\",\"@id\":\"https:\\\/\\\/tabaccomd.com\\\/ro\\\/#organization\"}}},{\"@type\":\"WebPage\",\"@id\":\"https:\\\/\\\/tabaccomd.com\\\/ro\\\/product\\\/bricheta-de-gaz-cool-zac-in-asortiment-216032\\\/#webpage\",\"url\":\"https:\\\/\\\/tabaccomd.com\\\/ro\\\/product\\\/bricheta-de-gaz-cool-zac-in-asortiment-216032\\\/\",\"name\":\"Brichet\\u0103 de gaz COOL \\u201eZac\\u201d \\u00een asortiment 216032 \\u2013 Tabacco House\",\"inLanguage\":\"ro-RO\",\"isPartOf\":{\"@id\":\"https:\\\/\\\/tabaccomd.com\\\/ro\\\/#website\"},\"breadcrumb\":{\"@id\":\"https:\\\/\\\/tabaccomd.com\\\/ro\\\/product\\\/bricheta-de-gaz-cool-zac-in-asortiment-216032\\\/#breadcrumblist\"},\"image\":{\"@type\":\"ImageObject\",\"url\":\"https:\\\/\\\/tabaccomd.com\\\/wp-content\\\/uploads\\\/2026\\\/02\\\/lighter-3-jet-flame-COOL-Zac-216032-3.jpg\",\"@id\":\"https:\\\/\\\/tabaccomd.com\\\/ro\\\/product\\\/bricheta-de-gaz-cool-zac-in-asortiment-216032\\\/#mainImage\",\"width\":1200,\"height\":1200,\"caption\":\"lighter-3-jet-flame-COOL-Zac-216032-3\"},\"primaryImageOfPage\":{\"@id\":\"https:\\\/\\\/tabaccomd.com\\\/ro\\\/product\\\/bricheta-de-gaz-cool-zac-in-asortiment-216032\\\/#mainImage\"},\"datePublished\":\"2026-02-04T13:11:33+03:00\",\"dateModified\":\"2026-02-04T13:11:33+03:00\"},{\"@type\":\"WebSite\",\"@id\":\"https:\\\/\\\/tabaccomd.com\\\/ro\\\/#website\",\"url\":\"https:\\\/\\\/tabaccomd.com\\\/ro\\\/\",\"name\":\"Tabacco House\",\"alternateName\":\"tobaccomd.com\",\"description\":\"\\u041c\\u0430\\u0433\\u0430\\u0437\\u0438\\u043d \\u0442\\u0430\\u0431\\u0430\\u0447\\u043d\\u044b\\u0445 \\u0438\\u0437\\u0434\\u0435\\u043b\\u0438\\u0439\",\"inLanguage\":\"ro-RO\",\"publisher\":{\"@id\":\"https:\\\/\\\/tabaccomd.com\\\/ro\\\/#organization\"}}]}\n\t\t<\/script>\n\t\t<!-- All in One SEO Pro -->\r\n\t\t<title>Brichet\u0103 de gaz COOL \u201eZac\u201d \u00een asortiment 216032 \u2013 Tabacco House<\/title>\n\n","aioseo_head_json":{"title":"Brichet\u0103 de gaz COOL \u201eZac\u201d \u00een asortiment 216032 \u2013 Tabacco House","description":"","canonical_url":"https:\/\/tabaccomd.com\/ro\/product\/bricheta-de-gaz-cool-zac-in-asortiment-216032\/","robots":"max-image-preview:large","keywords":"","webmasterTools":{"miscellaneous":""},"schema":{"@context":"https:\/\/schema.org","@graph":[{"@type":"BreadcrumbList","@id":"https:\/\/tabaccomd.com\/ro\/product\/bricheta-de-gaz-cool-zac-in-asortiment-216032\/#breadcrumblist","itemListElement":[{"@type":"ListItem","@id":"https:\/\/tabaccomd.com\/ro\/#listItem","position":1,"name":"\u0413\u043b\u0430\u0432\u043d\u0430\u044f","item":"https:\/\/tabaccomd.com\/ro\/","nextItem":{"@type":"ListItem","@id":"https:\/\/tabaccomd.com\/ro\/catalog\/#listItem","name":"Catalog"}},{"@type":"ListItem","@id":"https:\/\/tabaccomd.com\/ro\/catalog\/#listItem","position":2,"name":"Catalog","item":"https:\/\/tabaccomd.com\/ro\/catalog\/","nextItem":{"@type":"ListItem","@id":"https:\/\/tabaccomd.com\/ro\/product-category\/brichete\/#listItem","name":"Brichete"},"previousItem":{"@type":"ListItem","@id":"https:\/\/tabaccomd.com\/ro\/#listItem","name":"\u0413\u043b\u0430\u0432\u043d\u0430\u044f"}},{"@type":"ListItem","@id":"https:\/\/tabaccomd.com\/ro\/product-category\/brichete\/#listItem","position":3,"name":"Brichete","item":"https:\/\/tabaccomd.com\/ro\/product-category\/brichete\/","nextItem":{"@type":"ListItem","@id":"https:\/\/tabaccomd.com\/ro\/product-category\/brichete\/brichete-de-gaz\/#listItem","name":"Brichete de gaz"},"previousItem":{"@type":"ListItem","@id":"https:\/\/tabaccomd.com\/ro\/catalog\/#listItem","name":"Catalog"}},{"@type":"ListItem","@id":"https:\/\/tabaccomd.com\/ro\/product-category\/brichete\/brichete-de-gaz\/#listItem","position":4,"name":"Brichete de gaz","item":"https:\/\/tabaccomd.com\/ro\/product-category\/brichete\/brichete-de-gaz\/","nextItem":{"@type":"ListItem","@id":"https:\/\/tabaccomd.com\/ro\/product\/bricheta-de-gaz-cool-zac-in-asortiment-216032\/#listItem","name":"Brichet\u0103 de gaz COOL &#8222;Zac&#8221; \u00een asortiment 216032"},"previousItem":{"@type":"ListItem","@id":"https:\/\/tabaccomd.com\/ro\/product-category\/brichete\/#listItem","name":"Brichete"}},{"@type":"ListItem","@id":"https:\/\/tabaccomd.com\/ro\/product\/bricheta-de-gaz-cool-zac-in-asortiment-216032\/#listItem","position":5,"name":"Brichet\u0103 de gaz COOL &#8222;Zac&#8221; \u00een asortiment 216032","previousItem":{"@type":"ListItem","@id":"https:\/\/tabaccomd.com\/ro\/product-category\/brichete\/brichete-de-gaz\/#listItem","name":"Brichete de gaz"}}]},{"@type":"Organization","@id":"https:\/\/tabaccomd.com\/ro\/#organization","name":"Tabacco House","description":"\u041c\u0430\u0433\u0430\u0437\u0438\u043d \u0442\u0430\u0431\u0430\u0447\u043d\u044b\u0445 \u0438\u0437\u0434\u0435\u043b\u0438\u0439","url":"https:\/\/tabaccomd.com\/ro\/","email":"Office@cazacuhouse.com","telephone":"+37361000935","logo":{"@type":"ImageObject","url":"https:\/\/tabaccomd.com\/wp-content\/uploads\/2024\/02\/logo_header3.png","@id":"https:\/\/tabaccomd.com\/ro\/product\/bricheta-de-gaz-cool-zac-in-asortiment-216032\/#organizationLogo","width":32,"height":32,"caption":"Tabacco House"},"image":{"@id":"https:\/\/tabaccomd.com\/ro\/product\/bricheta-de-gaz-cool-zac-in-asortiment-216032\/#organizationLogo"},"sameAs":["https:\/\/www.facebook.com\/tabaccomd.com\/","https:\/\/www.instagram.com\/tabaccomd.com\/"],"address":{"@id":"https:\/\/tabaccomd.com\/ro\/#postaladdress","@type":"PostalAddress","streetAddress":"Strada Albi\u015foara 4, Chi\u0219in\u0103u, Bulevardul \u0218tefan cel Mare \u0219i Sf\u00eent 136, Chi\u0219in\u0103u","addressLocality":"Chi\u0219in\u0103u","addressCountry":"MD"}},{"@type":"Product","@id":"https:\/\/tabaccomd.com\/ro\/product\/bricheta-de-gaz-cool-zac-in-asortiment-216032\/#wooCommerceProduct","name":"Brichet\u0103 de gaz COOL \"Zac\" \u00een asortiment 216032","description":"Pre\u021b indicat pentru 1 bucat\u0103\r\n \tCuloare \u0219i design: Albastr\u0103, ro\u0219ie, neagr\u0103\r\n \tFlac\u0103r\u0103 turbo albastr\u0103 cu 3 jeturi\r\n \tBrand: COOL, Germania\r\n \tMaterial: Ceramic\u0103, cupru, metal, plastic, cauciuc","url":"https:\/\/tabaccomd.com\/ro\/product\/bricheta-de-gaz-cool-zac-in-asortiment-216032\/","sku":"216032","image":{"@type":"ImageObject","url":"https:\/\/tabaccomd.com\/wp-content\/uploads\/2026\/02\/lighter-3-jet-flame-COOL-Zac-216032-3.jpg","@id":"https:\/\/tabaccomd.com\/ro\/product\/bricheta-de-gaz-cool-zac-in-asortiment-216032\/#productImage","width":1200,"height":1200,"caption":"lighter-3-jet-flame-COOL-Zac-216032-3"},"offers":{"@type":"Offer","url":"https:\/\/tabaccomd.com\/ro\/product\/bricheta-de-gaz-cool-zac-in-asortiment-216032\/#wooCommerceOffer","price":195,"priceCurrency":"MDL","category":"Brichete de gaz","availability":"https:\/\/schema.org\/InStock","priceSpecification":{"@type":"PriceSpecification","price":195,"priceCurrency":"MDL","valueAddedTaxIncluded":"true"},"seller":{"@type":"Organization","@id":"https:\/\/tabaccomd.com\/ro\/#organization"}}},{"@type":"WebPage","@id":"https:\/\/tabaccomd.com\/ro\/product\/bricheta-de-gaz-cool-zac-in-asortiment-216032\/#webpage","url":"https:\/\/tabaccomd.com\/ro\/product\/bricheta-de-gaz-cool-zac-in-asortiment-216032\/","name":"Brichet\u0103 de gaz COOL \u201eZac\u201d \u00een asortiment 216032 \u2013 Tabacco House","inLanguage":"ro-RO","isPartOf":{"@id":"https:\/\/tabaccomd.com\/ro\/#website"},"breadcrumb":{"@id":"https:\/\/tabaccomd.com\/ro\/product\/bricheta-de-gaz-cool-zac-in-asortiment-216032\/#breadcrumblist"},"image":{"@type":"ImageObject","url":"https:\/\/tabaccomd.com\/wp-content\/uploads\/2026\/02\/lighter-3-jet-flame-COOL-Zac-216032-3.jpg","@id":"https:\/\/tabaccomd.com\/ro\/product\/bricheta-de-gaz-cool-zac-in-asortiment-216032\/#mainImage","width":1200,"height":1200,"caption":"lighter-3-jet-flame-COOL-Zac-216032-3"},"primaryImageOfPage":{"@id":"https:\/\/tabaccomd.com\/ro\/product\/bricheta-de-gaz-cool-zac-in-asortiment-216032\/#mainImage"},"datePublished":"2026-02-04T13:11:33+03:00","dateModified":"2026-02-04T13:11:33+03:00"},{"@type":"WebSite","@id":"https:\/\/tabaccomd.com\/ro\/#website","url":"https:\/\/tabaccomd.com\/ro\/","name":"Tabacco House","alternateName":"tobaccomd.com","description":"\u041c\u0430\u0433\u0430\u0437\u0438\u043d \u0442\u0430\u0431\u0430\u0447\u043d\u044b\u0445 \u0438\u0437\u0434\u0435\u043b\u0438\u0439","inLanguage":"ro-RO","publisher":{"@id":"https:\/\/tabaccomd.com\/ro\/#organization"}}]},"og:locale":"ro_RO","og:site_name":"Tabacco House \u2013 \u041c\u0430\u0433\u0430\u0437\u0438\u043d \u0442\u0430\u0431\u0430\u0447\u043d\u044b\u0445 \u0438\u0437\u0434\u0435\u043b\u0438\u0439","og:type":"article","og:title":"Brichet\u0103 de gaz COOL \u201eZac\u201d \u00een asortiment 216032 \u2013 Tabacco House","og:url":"https:\/\/tabaccomd.com\/ro\/product\/bricheta-de-gaz-cool-zac-in-asortiment-216032\/","article:published_time":"2026-02-04T10:11:33+00:00","article:modified_time":"2026-02-04T10:11:33+00:00","article:publisher":"https:\/\/www.facebook.com\/tabaccomd.com\/","twitter:card":"summary_large_image","twitter:title":"Brichet\u0103 de gaz COOL \u201eZac\u201d \u00een asortiment 216032 \u2013 Tabacco House"},"aioseo_meta_data":{"post_id":"156521","title":null,"description":null,"keywords":null,"keyphrases":null,"primary_term":null,"canonical_url":null,"og_title":null,"og_description":null,"og_object_type":"default","og_image_type":"default","og_image_url":null,"og_image_width":null,"og_image_height":null,"og_image_custom_url":null,"og_image_custom_fields":null,"og_video":null,"og_custom_url":null,"og_article_section":null,"og_article_tags":null,"twitter_use_og":false,"twitter_card":"default","twitter_image_type":"default","twitter_image_url":null,"twitter_image_custom_url":null,"twitter_image_custom_fields":null,"twitter_title":null,"twitter_description":null,"schema":{"blockGraphs":[],"customGraphs":[],"default":{"data":{"Article":[],"Course":[],"Dataset":[],"FAQPage":[],"Movie":[],"Person":[],"Product":[],"ProductReview":[],"Car":[],"Recipe":[],"Service":[],"SoftwareApplication":[],"WebPage":[]},"graphName":"","isEnabled":true},"graphs":[]},"schema_type":"default","schema_type_options":null,"pillar_content":false,"robots_default":true,"robots_noindex":false,"robots_noarchive":false,"robots_nosnippet":false,"robots_nofollow":false,"robots_noimageindex":false,"robots_noodp":false,"robots_notranslate":false,"robots_max_snippet":null,"robots_max_videopreview":null,"robots_max_imagepreview":"large","priority":null,"frequency":null,"local_seo":null,"seo_analyzer_scan_date":"2026-02-04 10:30:34","breadcrumb_settings":null,"limit_modified_date":false,"reviewed_by":null,"open_ai":null,"ai":null,"created":"2026-02-04 10:17:28","updated":"2026-02-04 10:30:34"},"aioseo_breadcrumb":"<div class=\"aioseo-breadcrumbs\"><span class=\"aioseo-breadcrumb\">\n\t<a href=\"https:\/\/tabaccomd.com\/ro\/\" title=\"\u0413\u043b\u0430\u0432\u043d\u0430\u044f\">\u0413\u043b\u0430\u0432\u043d\u0430\u044f<\/a>\n<\/span><span class=\"aioseo-breadcrumb-separator\">\u00bb<\/span><span class=\"aioseo-breadcrumb\">\n\t<a href=\"https:\/\/tabaccomd.com\/ro\/catalog\/\" title=\"Catalog\">Catalog<\/a>\n<\/span><span class=\"aioseo-breadcrumb-separator\">\u00bb<\/span><span class=\"aioseo-breadcrumb\">\n\t<a href=\"https:\/\/tabaccomd.com\/ro\/product-category\/brichete\/\" title=\"Brichete\">Brichete<\/a>\n<\/span><span class=\"aioseo-breadcrumb-separator\">\u00bb<\/span><span class=\"aioseo-breadcrumb\">\n\t<a href=\"https:\/\/tabaccomd.com\/ro\/product-category\/brichete\/brichete-de-gaz\/\" title=\"Brichete de gaz\">Brichete de gaz<\/a>\n<\/span><span class=\"aioseo-breadcrumb-separator\">\u00bb<\/span><span class=\"aioseo-breadcrumb\">\n\tBrichet\u0103 de gaz COOL \u201eZac\u201d \u00een asortiment 216032\n<\/span><\/div>","aioseo_breadcrumb_json":[{"label":"\u0413\u043b\u0430\u0432\u043d\u0430\u044f","link":"https:\/\/tabaccomd.com\/ro\/"},{"label":"Catalog","link":"https:\/\/tabaccomd.com\/ro\/catalog\/"},{"label":"Brichete","link":"https:\/\/tabaccomd.com\/ro\/product-category\/brichete\/"},{"label":"Brichete de gaz","link":"https:\/\/tabaccomd.com\/ro\/product-category\/brichete\/brichete-de-gaz\/"},{"label":"Brichet\u0103 de gaz COOL &#8222;Zac&#8221; \u00een asortiment 216032","link":"https:\/\/tabaccomd.com\/ro\/product\/bricheta-de-gaz-cool-zac-in-asortiment-216032\/"}],"images_for_1c":[{"url":"https:\/\/tabaccomd.com\/wp-content\/uploads\/2026\/02\/lighter-3-jet-flame-COOL-Zac-216032-3.jpg","type":"featured","alt":"lighter-3-jet-flame-COOL-Zac-216032-3","filename":"lighter-3-jet-flame-COOL-Zac-216032-3.jpg"},{"url":"https:\/\/tabaccomd.com\/wp-content\/uploads\/2026\/02\/lighter-3-jet-flame-COOL-Zac-216032-2.jpg","type":"gallery","alt":"lighter-3-jet-flame-COOL-Zac-216032-2","filename":"lighter-3-jet-flame-COOL-Zac-216032-2.jpg"},{"url":"https:\/\/tabaccomd.com\/wp-content\/uploads\/2026\/02\/lighter-3-jet-flame-COOL-Zac-216032-6.jpg","type":"gallery","alt":"lighter-3-jet-flame-COOL-Zac-216032-6","filename":"lighter-3-jet-flame-COOL-Zac-216032-6.jpg"},{"url":"https:\/\/tabaccomd.com\/wp-content\/uploads\/2026\/02\/lighter-3-jet-flame-COOL-Zac-216032-5.jpg","type":"gallery","alt":"lighter-3-jet-flame-COOL-Zac-216032-5","filename":"lighter-3-jet-flame-COOL-Zac-216032-5.jpg"},{"url":"https:\/\/tabaccomd.com\/wp-content\/uploads\/2026\/02\/lighter-3-jet-flame-COOL-Zac-216032-4.jpg","type":"gallery","alt":"lighter-3-jet-flame-COOL-Zac-216032-4","filename":"lighter-3-jet-flame-COOL-Zac-216032-4.jpg"},{"url":"https:\/\/tabaccomd.com\/wp-content\/uploads\/2026\/02\/lighter-3-jet-flame-COOL-Zac-216032-1.jpg","type":"gallery","alt":"lighter-3-jet-flame-COOL-Zac-216032-1","filename":"lighter-3-jet-flame-COOL-Zac-216032-1.jpg"},{"url":"https:\/\/tabaccomd.com\/wp-content\/uploads\/2026\/02\/lighter-3-jet-flame-COOL-Zac-216032-0.jpg","type":"gallery","alt":"lighter-3-jet-flame-COOL-Zac-216032-0","filename":"lighter-3-jet-flame-COOL-Zac-216032-0.jpg"},{"url":"https:\/\/tabaccomd.com\/wp-content\/uploads\/2026\/02\/lighter-3-jet-flame-COOL-Zac-216032.jpg","type":"gallery","alt":"lighter-3-jet-flame-COOL-Zac-216032","filename":"lighter-3-jet-flame-COOL-Zac-216032.jpg"}],"additional_data_1c":{"modified_date":"2026-02-04 13:11:33","permalink":"https:\/\/tabaccomd.com\/ro\/product\/bricheta-de-gaz-cool-zac-in-asortiment-216032\/","stock_status":"instock","manage_stock":"no"},"_links":{"self":[{"href":"https:\/\/tabaccomd.com\/ro\/wp-json\/wp\/v2\/product\/156521","targetHints":{"allow":["GET"]}}],"collection":[{"href":"https:\/\/tabaccomd.com\/ro\/wp-json\/wp\/v2\/product"}],"about":[{"href":"https:\/\/tabaccomd.com\/ro\/wp-json\/wp\/v2\/types\/product"}],"wp:featuredmedia":[{"embeddable":true,"href":"https:\/\/tabaccomd.com\/ro\/wp-json\/wp\/v2\/media\/156505"}],"wp:attachment":[{"href":"https:\/\/tabaccomd.com\/ro\/wp-json\/wp\/v2\/media?parent=156521"}],"wp:term":[{"taxonomy":"product_brand","embeddable":true,"href":"https:\/\/tabaccomd.com\/ro\/wp-json\/wp\/v2\/product_brand?post=156521"},{"taxonomy":"product_cat","embeddable":true,"href":"https:\/\/tabaccomd.com\/ro\/wp-json\/wp\/v2\/product_cat?post=156521"},{"taxonomy":"product_tag","embeddable":true,"href":"https:\/\/tabaccomd.com\/ro\/wp-json\/wp\/v2\/product_tag?post=156521"}],"curies":[{"name":"wp","href":"https:\/\/api.w.org\/{rel}","templated":true}]}}