{"id":156360,"date":"2026-01-15T12:45:08","date_gmt":"2026-01-15T09:45:08","guid":{"rendered":"https:\/\/tabaccomd.com\/product\/52164-200-zippo-engraved-brushed-finish-chrome\/"},"modified":"2026-01-15T12:45:08","modified_gmt":"2026-01-15T09:45:08","slug":"52164-200-zippo-engraved-brushed-finish-chrome","status":"publish","type":"product","link":"https:\/\/tabaccomd.com\/ro\/product\/52164-200-zippo-engraved-brushed-finish-chrome\/","title":{"rendered":"52164 200 Zippo Engraved Brushed Finish Chrome"},"content":{"rendered":"<p><a href=\"https:\/\/tabaccomd.com\/ro\/product-category\/brichete\/brichete-zippo-2\/\">Bricheta\u00a0<\/a>Brushed Chrome este combina\u021bia perfect\u0103 de stil \u0219i func\u021bionalitate. Textura sa unic\u0103, creat\u0103 prin frecare orizontal\u0103, \u00eei confer\u0103 un aspect original care \u00eei subliniaz\u0103 caracterul clasic. \u00cen plus, sclipiciul de pe p\u0103r\u021bile laterale ale brichetei adaug\u0103 contrast \u0219i expresivitate. Aceast\u0103 brichet\u0103 a devenit o adev\u0103rat\u0103 legend\u0103 printre produsele Zippo \u0219i continu\u0103 s\u0103 atrag\u0103 cunosc\u0103torii de accesorii frumoase \u0219i de \u00eencredere. Bricheta este v\u00e2ndut\u0103 \u00eentr-o cutie Zippo elegant\u0103 \u0219i frumoas\u0103 \u0219i va fi un cadou minunat pentru iubitorii de stil. Pentru o performan\u021b\u0103 optim\u0103, se recomand\u0103 s\u0103 alimenta\u021bi bricheta cu combustibil Zippo.<\/p>\n<p>Pute\u021bi achizi\u021biona bricheta 52164 200 Zippo Engraved Brushed Finish Chrome \u00een Moldova, Chi\u0219in\u0103u, \u00een re\u021beaua de magazine Lux Presents.<\/p>\n","protected":false},"excerpt":{"rendered":"<ul>\n<li class=\"uncont\">Corp Classic tradi\u021bional<\/li>\n<li class=\"uncont\">Garan\u021bie pe via\u021b\u0103<\/li>\n<li class=\"uncont\">Bricheta se livreaz\u0103 neumplut\u0103<\/li>\n<li class=\"uncont\">Recomand\u0103m alimentarea numai cu combustibil Zippo de \u00eenalt\u0103 calitate<\/li>\n<\/ul>\n","protected":false},"featured_media":156359,"template":"","meta":{"om_disable_all_campaigns":false,"_monsterinsights_skip_tracking":false,"_monsterinsights_sitenote_active":false,"_monsterinsights_sitenote_note":"","_monsterinsights_sitenote_category":0},"product_brand":[],"product_cat":[175],"product_tag":[],"class_list":{"0":"post-156360","1":"product","2":"type-product","3":"status-publish","4":"has-post-thumbnail","6":"product_cat-brichete-zippo-2","8":"first","9":"instock","10":"taxable","11":"shipping-taxable","12":"purchasable","13":"product-type-simple"},"aioseo_notices":[],"aioseo_head":"\n\t\t<!-- All in One SEO Pro 4.9.6.2 - aioseo.com -->\n\t<meta name=\"robots\" content=\"max-image-preview:large\" \/>\n\t<link rel=\"canonical\" href=\"https:\/\/tabaccomd.com\/ro\/product\/52164-200-zippo-engraved-brushed-finish-chrome\/\" \/>\n\t<meta name=\"generator\" content=\"All in One SEO Pro (AIOSEO) 4.9.6.2\" \/>\n\t\t<meta property=\"og:locale\" content=\"ro_RO\" \/>\n\t\t<meta property=\"og:site_name\" content=\"Tabacco House \u2013 \u041c\u0430\u0433\u0430\u0437\u0438\u043d \u0442\u0430\u0431\u0430\u0447\u043d\u044b\u0445 \u0438\u0437\u0434\u0435\u043b\u0438\u0439\" \/>\n\t\t<meta property=\"og:type\" content=\"article\" \/>\n\t\t<meta property=\"og:title\" content=\"52164 200 Zippo Engraved Brushed Finish Chrome \u2013 Tabacco House\" \/>\n\t\t<meta property=\"og:url\" content=\"https:\/\/tabaccomd.com\/ro\/product\/52164-200-zippo-engraved-brushed-finish-chrome\/\" \/>\n\t\t<meta property=\"article:published_time\" content=\"2026-01-15T09:45:08+00:00\" \/>\n\t\t<meta property=\"article:modified_time\" content=\"2026-01-15T09:45:08+00:00\" \/>\n\t\t<meta property=\"article:publisher\" content=\"https:\/\/www.facebook.com\/tabaccomd.com\/\" \/>\n\t\t<meta name=\"twitter:card\" content=\"summary_large_image\" \/>\n\t\t<meta name=\"twitter:title\" content=\"52164 200 Zippo Engraved Brushed Finish Chrome \u2013 Tabacco House\" \/>\n\t\t<script type=\"application\/ld+json\" class=\"aioseo-schema\">\n\t\t\t{\"@context\":\"https:\\\/\\\/schema.org\",\"@graph\":[{\"@type\":\"BreadcrumbList\",\"@id\":\"https:\\\/\\\/tabaccomd.com\\\/ro\\\/product\\\/52164-200-zippo-engraved-brushed-finish-chrome\\\/#breadcrumblist\",\"itemListElement\":[{\"@type\":\"ListItem\",\"@id\":\"https:\\\/\\\/tabaccomd.com\\\/ro\\\/#listItem\",\"position\":1,\"name\":\"\\u0413\\u043b\\u0430\\u0432\\u043d\\u0430\\u044f\",\"item\":\"https:\\\/\\\/tabaccomd.com\\\/ro\\\/\",\"nextItem\":{\"@type\":\"ListItem\",\"@id\":\"https:\\\/\\\/tabaccomd.com\\\/ro\\\/catalog\\\/#listItem\",\"name\":\"Catalog\"}},{\"@type\":\"ListItem\",\"@id\":\"https:\\\/\\\/tabaccomd.com\\\/ro\\\/catalog\\\/#listItem\",\"position\":2,\"name\":\"Catalog\",\"item\":\"https:\\\/\\\/tabaccomd.com\\\/ro\\\/catalog\\\/\",\"nextItem\":{\"@type\":\"ListItem\",\"@id\":\"https:\\\/\\\/tabaccomd.com\\\/ro\\\/product-category\\\/brichete\\\/#listItem\",\"name\":\"Brichete\"},\"previousItem\":{\"@type\":\"ListItem\",\"@id\":\"https:\\\/\\\/tabaccomd.com\\\/ro\\\/#listItem\",\"name\":\"\\u0413\\u043b\\u0430\\u0432\\u043d\\u0430\\u044f\"}},{\"@type\":\"ListItem\",\"@id\":\"https:\\\/\\\/tabaccomd.com\\\/ro\\\/product-category\\\/brichete\\\/#listItem\",\"position\":3,\"name\":\"Brichete\",\"item\":\"https:\\\/\\\/tabaccomd.com\\\/ro\\\/product-category\\\/brichete\\\/\",\"nextItem\":{\"@type\":\"ListItem\",\"@id\":\"https:\\\/\\\/tabaccomd.com\\\/ro\\\/product-category\\\/brichete\\\/brichete-zippo-2\\\/#listItem\",\"name\":\"Brichete Zippo\"},\"previousItem\":{\"@type\":\"ListItem\",\"@id\":\"https:\\\/\\\/tabaccomd.com\\\/ro\\\/catalog\\\/#listItem\",\"name\":\"Catalog\"}},{\"@type\":\"ListItem\",\"@id\":\"https:\\\/\\\/tabaccomd.com\\\/ro\\\/product-category\\\/brichete\\\/brichete-zippo-2\\\/#listItem\",\"position\":4,\"name\":\"Brichete Zippo\",\"item\":\"https:\\\/\\\/tabaccomd.com\\\/ro\\\/product-category\\\/brichete\\\/brichete-zippo-2\\\/\",\"nextItem\":{\"@type\":\"ListItem\",\"@id\":\"https:\\\/\\\/tabaccomd.com\\\/ro\\\/product\\\/52164-200-zippo-engraved-brushed-finish-chrome\\\/#listItem\",\"name\":\"52164 200 Zippo Engraved Brushed Finish Chrome\"},\"previousItem\":{\"@type\":\"ListItem\",\"@id\":\"https:\\\/\\\/tabaccomd.com\\\/ro\\\/product-category\\\/brichete\\\/#listItem\",\"name\":\"Brichete\"}},{\"@type\":\"ListItem\",\"@id\":\"https:\\\/\\\/tabaccomd.com\\\/ro\\\/product\\\/52164-200-zippo-engraved-brushed-finish-chrome\\\/#listItem\",\"position\":5,\"name\":\"52164 200 Zippo Engraved Brushed Finish Chrome\",\"previousItem\":{\"@type\":\"ListItem\",\"@id\":\"https:\\\/\\\/tabaccomd.com\\\/ro\\\/product-category\\\/brichete\\\/brichete-zippo-2\\\/#listItem\",\"name\":\"Brichete Zippo\"}}]},{\"@type\":\"Organization\",\"@id\":\"https:\\\/\\\/tabaccomd.com\\\/ro\\\/#organization\",\"name\":\"Tabacco House\",\"description\":\"\\u041c\\u0430\\u0433\\u0430\\u0437\\u0438\\u043d \\u0442\\u0430\\u0431\\u0430\\u0447\\u043d\\u044b\\u0445 \\u0438\\u0437\\u0434\\u0435\\u043b\\u0438\\u0439\",\"url\":\"https:\\\/\\\/tabaccomd.com\\\/ro\\\/\",\"email\":\"Office@cazacuhouse.com\",\"telephone\":\"+37361000935\",\"logo\":{\"@type\":\"ImageObject\",\"url\":\"https:\\\/\\\/tabaccomd.com\\\/wp-content\\\/uploads\\\/2024\\\/02\\\/logo_header3.png\",\"@id\":\"https:\\\/\\\/tabaccomd.com\\\/ro\\\/product\\\/52164-200-zippo-engraved-brushed-finish-chrome\\\/#organizationLogo\",\"width\":32,\"height\":32,\"caption\":\"Tabacco House\"},\"image\":{\"@id\":\"https:\\\/\\\/tabaccomd.com\\\/ro\\\/product\\\/52164-200-zippo-engraved-brushed-finish-chrome\\\/#organizationLogo\"},\"sameAs\":[\"https:\\\/\\\/www.facebook.com\\\/tabaccomd.com\\\/\",\"https:\\\/\\\/www.instagram.com\\\/tabaccomd.com\\\/\"],\"address\":{\"@id\":\"https:\\\/\\\/tabaccomd.com\\\/ro\\\/#postaladdress\",\"@type\":\"PostalAddress\",\"streetAddress\":\"Strada Albi\\u015foara 4, Chi\\u0219in\\u0103u, Bulevardul \\u0218tefan cel Mare \\u0219i Sf\\u00eent 136, Chi\\u0219in\\u0103u\",\"addressLocality\":\"Chi\\u0219in\\u0103u\",\"addressCountry\":\"MD\"}},{\"@type\":\"Product\",\"@id\":\"https:\\\/\\\/tabaccomd.com\\\/ro\\\/product\\\/52164-200-zippo-engraved-brushed-finish-chrome\\\/#wooCommerceProduct\",\"name\":\"52164 200 Zippo Engraved Brushed Finish Chrome\",\"description\":\"Corp Classic tradi\\u021bional\\r\\n \\tGaran\\u021bie pe via\\u021b\\u0103\\r\\n \\tBricheta se livreaz\\u0103 neumplut\\u0103\\r\\n \\tRecomand\\u0103m alimentarea numai cu combustibil Zippo de \\u00eenalt\\u0103 calitate\",\"url\":\"https:\\\/\\\/tabaccomd.com\\\/ro\\\/product\\\/52164-200-zippo-engraved-brushed-finish-chrome\\\/\",\"sku\":\"52164\",\"image\":{\"@type\":\"ImageObject\",\"url\":\"https:\\\/\\\/tabaccomd.com\\\/wp-content\\\/uploads\\\/2026\\\/01\\\/bricheta-52164-200-Zippo-Engraved-Brushed-Finish-Chrome-2.jpg\",\"@id\":\"https:\\\/\\\/tabaccomd.com\\\/ro\\\/product\\\/52164-200-zippo-engraved-brushed-finish-chrome\\\/#productImage\",\"width\":1200,\"height\":1200,\"caption\":\"bricheta-52164-200-Zippo-Engraved-Brushed-Finish-Chrome-2\"},\"offers\":{\"@type\":\"Offer\",\"url\":\"https:\\\/\\\/tabaccomd.com\\\/ro\\\/product\\\/52164-200-zippo-engraved-brushed-finish-chrome\\\/#wooCommerceOffer\",\"price\":850,\"priceCurrency\":\"MDL\",\"category\":\"Brichete Zippo\",\"availability\":\"https:\\\/\\\/schema.org\\\/InStock\",\"priceSpecification\":{\"@type\":\"PriceSpecification\",\"price\":850,\"priceCurrency\":\"MDL\",\"valueAddedTaxIncluded\":\"true\"},\"seller\":{\"@type\":\"Organization\",\"@id\":\"https:\\\/\\\/tabaccomd.com\\\/ro\\\/#organization\"}}},{\"@type\":\"WebPage\",\"@id\":\"https:\\\/\\\/tabaccomd.com\\\/ro\\\/product\\\/52164-200-zippo-engraved-brushed-finish-chrome\\\/#webpage\",\"url\":\"https:\\\/\\\/tabaccomd.com\\\/ro\\\/product\\\/52164-200-zippo-engraved-brushed-finish-chrome\\\/\",\"name\":\"52164 200 Zippo Engraved Brushed Finish Chrome \\u2013 Tabacco House\",\"inLanguage\":\"ro-RO\",\"isPartOf\":{\"@id\":\"https:\\\/\\\/tabaccomd.com\\\/ro\\\/#website\"},\"breadcrumb\":{\"@id\":\"https:\\\/\\\/tabaccomd.com\\\/ro\\\/product\\\/52164-200-zippo-engraved-brushed-finish-chrome\\\/#breadcrumblist\"},\"image\":{\"@type\":\"ImageObject\",\"url\":\"https:\\\/\\\/tabaccomd.com\\\/wp-content\\\/uploads\\\/2026\\\/01\\\/bricheta-52164-200-Zippo-Engraved-Brushed-Finish-Chrome-2.jpg\",\"@id\":\"https:\\\/\\\/tabaccomd.com\\\/ro\\\/product\\\/52164-200-zippo-engraved-brushed-finish-chrome\\\/#mainImage\",\"width\":1200,\"height\":1200,\"caption\":\"bricheta-52164-200-Zippo-Engraved-Brushed-Finish-Chrome-2\"},\"primaryImageOfPage\":{\"@id\":\"https:\\\/\\\/tabaccomd.com\\\/ro\\\/product\\\/52164-200-zippo-engraved-brushed-finish-chrome\\\/#mainImage\"},\"datePublished\":\"2026-01-15T12:45:08+03:00\",\"dateModified\":\"2026-01-15T12:45:08+03:00\"},{\"@type\":\"WebSite\",\"@id\":\"https:\\\/\\\/tabaccomd.com\\\/ro\\\/#website\",\"url\":\"https:\\\/\\\/tabaccomd.com\\\/ro\\\/\",\"name\":\"Tabacco House\",\"alternateName\":\"tobaccomd.com\",\"description\":\"\\u041c\\u0430\\u0433\\u0430\\u0437\\u0438\\u043d \\u0442\\u0430\\u0431\\u0430\\u0447\\u043d\\u044b\\u0445 \\u0438\\u0437\\u0434\\u0435\\u043b\\u0438\\u0439\",\"inLanguage\":\"ro-RO\",\"publisher\":{\"@id\":\"https:\\\/\\\/tabaccomd.com\\\/ro\\\/#organization\"}}]}\n\t\t<\/script>\n\t\t<!-- All in One SEO Pro -->\r\n\t\t<title>52164 200 Zippo Engraved Brushed Finish Chrome \u2013 Tabacco House<\/title>\n\n","aioseo_head_json":{"title":"52164 200 Zippo Engraved Brushed Finish Chrome \u2013 Tabacco House","description":"","canonical_url":"https:\/\/tabaccomd.com\/ro\/product\/52164-200-zippo-engraved-brushed-finish-chrome\/","robots":"max-image-preview:large","keywords":"","webmasterTools":{"miscellaneous":""},"schema":{"@context":"https:\/\/schema.org","@graph":[{"@type":"BreadcrumbList","@id":"https:\/\/tabaccomd.com\/ro\/product\/52164-200-zippo-engraved-brushed-finish-chrome\/#breadcrumblist","itemListElement":[{"@type":"ListItem","@id":"https:\/\/tabaccomd.com\/ro\/#listItem","position":1,"name":"\u0413\u043b\u0430\u0432\u043d\u0430\u044f","item":"https:\/\/tabaccomd.com\/ro\/","nextItem":{"@type":"ListItem","@id":"https:\/\/tabaccomd.com\/ro\/catalog\/#listItem","name":"Catalog"}},{"@type":"ListItem","@id":"https:\/\/tabaccomd.com\/ro\/catalog\/#listItem","position":2,"name":"Catalog","item":"https:\/\/tabaccomd.com\/ro\/catalog\/","nextItem":{"@type":"ListItem","@id":"https:\/\/tabaccomd.com\/ro\/product-category\/brichete\/#listItem","name":"Brichete"},"previousItem":{"@type":"ListItem","@id":"https:\/\/tabaccomd.com\/ro\/#listItem","name":"\u0413\u043b\u0430\u0432\u043d\u0430\u044f"}},{"@type":"ListItem","@id":"https:\/\/tabaccomd.com\/ro\/product-category\/brichete\/#listItem","position":3,"name":"Brichete","item":"https:\/\/tabaccomd.com\/ro\/product-category\/brichete\/","nextItem":{"@type":"ListItem","@id":"https:\/\/tabaccomd.com\/ro\/product-category\/brichete\/brichete-zippo-2\/#listItem","name":"Brichete Zippo"},"previousItem":{"@type":"ListItem","@id":"https:\/\/tabaccomd.com\/ro\/catalog\/#listItem","name":"Catalog"}},{"@type":"ListItem","@id":"https:\/\/tabaccomd.com\/ro\/product-category\/brichete\/brichete-zippo-2\/#listItem","position":4,"name":"Brichete Zippo","item":"https:\/\/tabaccomd.com\/ro\/product-category\/brichete\/brichete-zippo-2\/","nextItem":{"@type":"ListItem","@id":"https:\/\/tabaccomd.com\/ro\/product\/52164-200-zippo-engraved-brushed-finish-chrome\/#listItem","name":"52164 200 Zippo Engraved Brushed Finish Chrome"},"previousItem":{"@type":"ListItem","@id":"https:\/\/tabaccomd.com\/ro\/product-category\/brichete\/#listItem","name":"Brichete"}},{"@type":"ListItem","@id":"https:\/\/tabaccomd.com\/ro\/product\/52164-200-zippo-engraved-brushed-finish-chrome\/#listItem","position":5,"name":"52164 200 Zippo Engraved Brushed Finish Chrome","previousItem":{"@type":"ListItem","@id":"https:\/\/tabaccomd.com\/ro\/product-category\/brichete\/brichete-zippo-2\/#listItem","name":"Brichete Zippo"}}]},{"@type":"Organization","@id":"https:\/\/tabaccomd.com\/ro\/#organization","name":"Tabacco House","description":"\u041c\u0430\u0433\u0430\u0437\u0438\u043d \u0442\u0430\u0431\u0430\u0447\u043d\u044b\u0445 \u0438\u0437\u0434\u0435\u043b\u0438\u0439","url":"https:\/\/tabaccomd.com\/ro\/","email":"Office@cazacuhouse.com","telephone":"+37361000935","logo":{"@type":"ImageObject","url":"https:\/\/tabaccomd.com\/wp-content\/uploads\/2024\/02\/logo_header3.png","@id":"https:\/\/tabaccomd.com\/ro\/product\/52164-200-zippo-engraved-brushed-finish-chrome\/#organizationLogo","width":32,"height":32,"caption":"Tabacco House"},"image":{"@id":"https:\/\/tabaccomd.com\/ro\/product\/52164-200-zippo-engraved-brushed-finish-chrome\/#organizationLogo"},"sameAs":["https:\/\/www.facebook.com\/tabaccomd.com\/","https:\/\/www.instagram.com\/tabaccomd.com\/"],"address":{"@id":"https:\/\/tabaccomd.com\/ro\/#postaladdress","@type":"PostalAddress","streetAddress":"Strada Albi\u015foara 4, Chi\u0219in\u0103u, Bulevardul \u0218tefan cel Mare \u0219i Sf\u00eent 136, Chi\u0219in\u0103u","addressLocality":"Chi\u0219in\u0103u","addressCountry":"MD"}},{"@type":"Product","@id":"https:\/\/tabaccomd.com\/ro\/product\/52164-200-zippo-engraved-brushed-finish-chrome\/#wooCommerceProduct","name":"52164 200 Zippo Engraved Brushed Finish Chrome","description":"Corp Classic tradi\u021bional\r\n \tGaran\u021bie pe via\u021b\u0103\r\n \tBricheta se livreaz\u0103 neumplut\u0103\r\n \tRecomand\u0103m alimentarea numai cu combustibil Zippo de \u00eenalt\u0103 calitate","url":"https:\/\/tabaccomd.com\/ro\/product\/52164-200-zippo-engraved-brushed-finish-chrome\/","sku":"52164","image":{"@type":"ImageObject","url":"https:\/\/tabaccomd.com\/wp-content\/uploads\/2026\/01\/bricheta-52164-200-Zippo-Engraved-Brushed-Finish-Chrome-2.jpg","@id":"https:\/\/tabaccomd.com\/ro\/product\/52164-200-zippo-engraved-brushed-finish-chrome\/#productImage","width":1200,"height":1200,"caption":"bricheta-52164-200-Zippo-Engraved-Brushed-Finish-Chrome-2"},"offers":{"@type":"Offer","url":"https:\/\/tabaccomd.com\/ro\/product\/52164-200-zippo-engraved-brushed-finish-chrome\/#wooCommerceOffer","price":850,"priceCurrency":"MDL","category":"Brichete Zippo","availability":"https:\/\/schema.org\/InStock","priceSpecification":{"@type":"PriceSpecification","price":850,"priceCurrency":"MDL","valueAddedTaxIncluded":"true"},"seller":{"@type":"Organization","@id":"https:\/\/tabaccomd.com\/ro\/#organization"}}},{"@type":"WebPage","@id":"https:\/\/tabaccomd.com\/ro\/product\/52164-200-zippo-engraved-brushed-finish-chrome\/#webpage","url":"https:\/\/tabaccomd.com\/ro\/product\/52164-200-zippo-engraved-brushed-finish-chrome\/","name":"52164 200 Zippo Engraved Brushed Finish Chrome \u2013 Tabacco House","inLanguage":"ro-RO","isPartOf":{"@id":"https:\/\/tabaccomd.com\/ro\/#website"},"breadcrumb":{"@id":"https:\/\/tabaccomd.com\/ro\/product\/52164-200-zippo-engraved-brushed-finish-chrome\/#breadcrumblist"},"image":{"@type":"ImageObject","url":"https:\/\/tabaccomd.com\/wp-content\/uploads\/2026\/01\/bricheta-52164-200-Zippo-Engraved-Brushed-Finish-Chrome-2.jpg","@id":"https:\/\/tabaccomd.com\/ro\/product\/52164-200-zippo-engraved-brushed-finish-chrome\/#mainImage","width":1200,"height":1200,"caption":"bricheta-52164-200-Zippo-Engraved-Brushed-Finish-Chrome-2"},"primaryImageOfPage":{"@id":"https:\/\/tabaccomd.com\/ro\/product\/52164-200-zippo-engraved-brushed-finish-chrome\/#mainImage"},"datePublished":"2026-01-15T12:45:08+03:00","dateModified":"2026-01-15T12:45:08+03:00"},{"@type":"WebSite","@id":"https:\/\/tabaccomd.com\/ro\/#website","url":"https:\/\/tabaccomd.com\/ro\/","name":"Tabacco House","alternateName":"tobaccomd.com","description":"\u041c\u0430\u0433\u0430\u0437\u0438\u043d \u0442\u0430\u0431\u0430\u0447\u043d\u044b\u0445 \u0438\u0437\u0434\u0435\u043b\u0438\u0439","inLanguage":"ro-RO","publisher":{"@id":"https:\/\/tabaccomd.com\/ro\/#organization"}}]},"og:locale":"ro_RO","og:site_name":"Tabacco House \u2013 \u041c\u0430\u0433\u0430\u0437\u0438\u043d \u0442\u0430\u0431\u0430\u0447\u043d\u044b\u0445 \u0438\u0437\u0434\u0435\u043b\u0438\u0439","og:type":"article","og:title":"52164 200 Zippo Engraved Brushed Finish Chrome \u2013 Tabacco House","og:url":"https:\/\/tabaccomd.com\/ro\/product\/52164-200-zippo-engraved-brushed-finish-chrome\/","article:published_time":"2026-01-15T09:45:08+00:00","article:modified_time":"2026-01-15T09:45:08+00:00","article:publisher":"https:\/\/www.facebook.com\/tabaccomd.com\/","twitter:card":"summary_large_image","twitter:title":"52164 200 Zippo Engraved Brushed Finish Chrome \u2013 Tabacco House"},"aioseo_meta_data":{"post_id":"156360","title":null,"description":null,"keywords":null,"keyphrases":null,"primary_term":null,"canonical_url":null,"og_title":null,"og_description":null,"og_object_type":"default","og_image_type":"default","og_image_url":null,"og_image_width":null,"og_image_height":null,"og_image_custom_url":null,"og_image_custom_fields":null,"og_video":null,"og_custom_url":null,"og_article_section":null,"og_article_tags":null,"twitter_use_og":false,"twitter_card":"default","twitter_image_type":"default","twitter_image_url":null,"twitter_image_custom_url":null,"twitter_image_custom_fields":null,"twitter_title":null,"twitter_description":null,"schema":{"blockGraphs":[],"customGraphs":[],"default":{"data":{"Article":[],"Course":[],"Dataset":[],"FAQPage":[],"Movie":[],"Person":[],"Product":[],"ProductReview":[],"Car":[],"Recipe":[],"Service":[],"SoftwareApplication":[],"WebPage":[]},"graphName":"","isEnabled":true},"graphs":[]},"schema_type":"default","schema_type_options":null,"pillar_content":false,"robots_default":true,"robots_noindex":false,"robots_noarchive":false,"robots_nosnippet":false,"robots_nofollow":false,"robots_noimageindex":false,"robots_noodp":false,"robots_notranslate":false,"robots_max_snippet":null,"robots_max_videopreview":null,"robots_max_imagepreview":"large","priority":null,"frequency":null,"local_seo":null,"seo_analyzer_scan_date":"2026-01-15 09:59:56","breadcrumb_settings":null,"limit_modified_date":false,"reviewed_by":null,"open_ai":null,"ai":null,"created":"2026-01-15 09:47:01","updated":"2026-01-15 10:52:52"},"aioseo_breadcrumb":"<div class=\"aioseo-breadcrumbs\"><span class=\"aioseo-breadcrumb\">\n\t<a href=\"https:\/\/tabaccomd.com\/ro\/\" title=\"\u0413\u043b\u0430\u0432\u043d\u0430\u044f\">\u0413\u043b\u0430\u0432\u043d\u0430\u044f<\/a>\n<\/span><span class=\"aioseo-breadcrumb-separator\">\u00bb<\/span><span class=\"aioseo-breadcrumb\">\n\t<a href=\"https:\/\/tabaccomd.com\/ro\/catalog\/\" title=\"Catalog\">Catalog<\/a>\n<\/span><span class=\"aioseo-breadcrumb-separator\">\u00bb<\/span><span class=\"aioseo-breadcrumb\">\n\t<a href=\"https:\/\/tabaccomd.com\/ro\/product-category\/brichete\/\" title=\"Brichete\">Brichete<\/a>\n<\/span><span class=\"aioseo-breadcrumb-separator\">\u00bb<\/span><span class=\"aioseo-breadcrumb\">\n\t<a href=\"https:\/\/tabaccomd.com\/ro\/product-category\/brichete\/brichete-zippo-2\/\" title=\"Brichete Zippo\">Brichete Zippo<\/a>\n<\/span><span class=\"aioseo-breadcrumb-separator\">\u00bb<\/span><span class=\"aioseo-breadcrumb\">\n\t52164 200 Zippo Engraved Brushed Finish Chrome\n<\/span><\/div>","aioseo_breadcrumb_json":[{"label":"\u0413\u043b\u0430\u0432\u043d\u0430\u044f","link":"https:\/\/tabaccomd.com\/ro\/"},{"label":"Catalog","link":"https:\/\/tabaccomd.com\/ro\/catalog\/"},{"label":"Brichete","link":"https:\/\/tabaccomd.com\/ro\/product-category\/brichete\/"},{"label":"Brichete Zippo","link":"https:\/\/tabaccomd.com\/ro\/product-category\/brichete\/brichete-zippo-2\/"},{"label":"52164 200 Zippo Engraved Brushed Finish Chrome","link":"https:\/\/tabaccomd.com\/ro\/product\/52164-200-zippo-engraved-brushed-finish-chrome\/"}],"images_for_1c":[{"url":"https:\/\/tabaccomd.com\/wp-content\/uploads\/2026\/01\/bricheta-52164-200-Zippo-Engraved-Brushed-Finish-Chrome-2.jpg","type":"featured","alt":"bricheta-52164-200-Zippo-Engraved-Brushed-Finish-Chrome-2","filename":"bricheta-52164-200-Zippo-Engraved-Brushed-Finish-Chrome-2.jpg"},{"url":"https:\/\/tabaccomd.com\/wp-content\/uploads\/2026\/01\/bricheta-52164-200-Zippo-Engraved-Brushed-Finish-Chrome-1.png","type":"gallery","alt":"bricheta-52164-200-Zippo-Engraved-Brushed-Finish-Chrome-1","filename":"bricheta-52164-200-Zippo-Engraved-Brushed-Finish-Chrome-1.png"},{"url":"https:\/\/tabaccomd.com\/wp-content\/uploads\/2026\/01\/bricheta-52164-200-Zippo-Engraved-Brushed-Finish-Chrome-0.png","type":"gallery","alt":"bricheta-52164-200-Zippo-Engraved-Brushed-Finish-Chrome-0","filename":"bricheta-52164-200-Zippo-Engraved-Brushed-Finish-Chrome-0.png"},{"url":"https:\/\/tabaccomd.com\/wp-content\/uploads\/2026\/01\/bricheta-52164-200-Zippo-Engraved-Brushed-Finish-Chrome.png","type":"gallery","alt":"bricheta-52164-200-Zippo-Engraved-Brushed-Finish-Chrome","filename":"bricheta-52164-200-Zippo-Engraved-Brushed-Finish-Chrome.png"}],"additional_data_1c":{"modified_date":"2026-01-15 12:45:08","permalink":"https:\/\/tabaccomd.com\/ro\/product\/52164-200-zippo-engraved-brushed-finish-chrome\/","stock_status":"instock","manage_stock":"no"},"_links":{"self":[{"href":"https:\/\/tabaccomd.com\/ro\/wp-json\/wp\/v2\/product\/156360","targetHints":{"allow":["GET"]}}],"collection":[{"href":"https:\/\/tabaccomd.com\/ro\/wp-json\/wp\/v2\/product"}],"about":[{"href":"https:\/\/tabaccomd.com\/ro\/wp-json\/wp\/v2\/types\/product"}],"wp:featuredmedia":[{"embeddable":true,"href":"https:\/\/tabaccomd.com\/ro\/wp-json\/wp\/v2\/media\/156359"}],"wp:attachment":[{"href":"https:\/\/tabaccomd.com\/ro\/wp-json\/wp\/v2\/media?parent=156360"}],"wp:term":[{"taxonomy":"product_brand","embeddable":true,"href":"https:\/\/tabaccomd.com\/ro\/wp-json\/wp\/v2\/product_brand?post=156360"},{"taxonomy":"product_cat","embeddable":true,"href":"https:\/\/tabaccomd.com\/ro\/wp-json\/wp\/v2\/product_cat?post=156360"},{"taxonomy":"product_tag","embeddable":true,"href":"https:\/\/tabaccomd.com\/ro\/wp-json\/wp\/v2\/product_tag?post=156360"}],"curies":[{"name":"wp","href":"https:\/\/api.w.org\/{rel}","templated":true}]}}