{"id":156305,"date":"2026-01-10T15:14:47","date_gmt":"2026-01-10T12:14:47","guid":{"rendered":"https:\/\/tabaccomd.com\/product\/cosmic-max-999-blueberry-blackcurrant-01\/"},"modified":"2026-02-23T17:15:44","modified_gmt":"2026-02-23T14:15:44","slug":"cosmic-max-999-blueberry-blackcurrant-01","status":"publish","type":"product","link":"https:\/\/tabaccomd.com\/ro\/product\/cosmic-max-999-blueberry-blackcurrant-01\/","title":{"rendered":"COSMIC MAX 999 &#8211; Blueberry Blackcurrant #01"},"content":{"rendered":"<p><a href=\"https:\/\/tabaccomd.com\/ro\/product-category\/e-shisha-ro-2\/cosmic-max-ro\/\">\u021aigara electronic\u0103<\/a> de unic\u0103 folosin\u021b\u0103 Aroma King Cosmic Max este conceput\u0103 pentru cei care apreciaz\u0103 aroma bogat\u0103 \u0219i num\u0103rul mare de pufuri. Dotat\u0103 cu tehnologia FEELM Max \u0219i un rezervor ceramic, dispozitivul ofer\u0103 p\u00e2n\u0103 la 999 de pufuri, men\u021bin\u00e2nd o arom\u0103 vibrant\u0103 \u0219i consistent\u0103 pe tot parcursul utiliz\u0103rii. Cu o capacitate de 2 ml de lichid \u0219i un con\u021binut de nicotin\u0103 de 20 mg, Cosmic Max ofer\u0103 un efect rapid \u0219i confortabil, f\u0103r\u0103 a pierde calitatea. Corpul transparent permite monitorizarea u\u0219oar\u0103 a nivelului de lichid, \u00een timp ce bateria de 550 mAh \u0219i rezisten\u021ba de 1,4 \u03a9 asigur\u0103 performan\u021be fiabile \u0219i de lung\u0103 durat\u0103.<br \/>\n<strong>Acest produs este destinat doar persoanelor cu v\u00e2rsta peste 18 ani.<\/strong><br \/>\n<strong>Con\u021bine nicotin\u0103, substan\u021b\u0103 ce creeaz\u0103 dependen\u021b\u0103.<\/strong><\/p>\n<p>Pute\u021bi achizi\u021biona Aroma King COSMIC MAX 999 &#8211; Blueberry Blackcurrant #01 \u00een Moldova, Chi\u0219in\u0103u, \u00een re\u021beaua de magazine Tabacco House.<\/p>\n","protected":false},"excerpt":{"rendered":"<ul>\n<li>Brand: Aroma King, COSMIC MAX<\/li>\n<li>\u021aara produc\u0103toare: Var\u0219ovia, Polonia<\/li>\n<li>Capacitatea cartu\u0219ului: 2,0 ml<\/li>\n<li>Rezisten\u021b\u0103: 1,4 \u03a9 (Ohmi)<\/li>\n<li>Con\u021binut de nicotin\u0103: 20mg\/ml<\/li>\n<li>Baterie: 550 mAh<\/li>\n<li>Num\u0103r de pufuri: 999<\/li>\n<li>Arom\u0103: Afine, coac\u0103ze negre<\/li>\n<\/ul>\n","protected":false},"featured_media":156304,"template":"","meta":{"om_disable_all_campaigns":false,"_monsterinsights_skip_tracking":false,"_monsterinsights_sitenote_active":false,"_monsterinsights_sitenote_note":"","_monsterinsights_sitenote_category":0},"product_brand":[],"product_cat":[497],"product_tag":[],"class_list":{"0":"post-156305","1":"product","2":"type-product","3":"status-publish","4":"has-post-thumbnail","6":"product_cat-cosmic-max-ro","8":"first","9":"instock","10":"taxable","11":"shipping-taxable","12":"purchasable","13":"product-type-simple"},"aioseo_notices":[],"aioseo_head":"\n\t\t<!-- All in One SEO Pro 4.9.5.2 - aioseo.com -->\n\t<meta name=\"description\" content=\"COSMIC MAX 999 \u2013 Blueberry Blackcurrant #01 \u00een Chi\u0219in\u0103u. La Tabacco House g\u0103se\u0219ti o selec\u021bie excelent\u0103 \u0219i pre\u021buri avantajoase. Comand\u0103 cu livrare la telefon: 061-000-935.\" \/>\n\t<meta name=\"robots\" content=\"max-image-preview:large\" \/>\n\t<link rel=\"canonical\" href=\"https:\/\/tabaccomd.com\/ro\/product\/cosmic-max-999-blueberry-blackcurrant-01\/\" \/>\n\t<meta name=\"generator\" content=\"All in One SEO Pro (AIOSEO) 4.9.5.2\" \/>\n\t\t<meta property=\"og:locale\" content=\"ro_RO\" \/>\n\t\t<meta property=\"og:site_name\" content=\"Tabacco House \u2013 \u041c\u0430\u0433\u0430\u0437\u0438\u043d \u0442\u0430\u0431\u0430\u0447\u043d\u044b\u0445 \u0438\u0437\u0434\u0435\u043b\u0438\u0439\" \/>\n\t\t<meta property=\"og:type\" content=\"article\" \/>\n\t\t<meta property=\"og:title\" content=\"COSMIC MAX 999 \u2013 Blueberry Blackcurrant #01 Cump\u0103r\u0103 \u00een Chi\u0219in\u0103u - tabaccomd.com\" \/>\n\t\t<meta property=\"og:description\" content=\"COSMIC MAX 999 \u2013 Blueberry Blackcurrant #01 \u00een Chi\u0219in\u0103u. La Tabacco House g\u0103se\u0219ti o selec\u021bie excelent\u0103 \u0219i pre\u021buri avantajoase. Comand\u0103 cu livrare la telefon: 061-000-935.\" \/>\n\t\t<meta property=\"og:url\" content=\"https:\/\/tabaccomd.com\/ro\/product\/cosmic-max-999-blueberry-blackcurrant-01\/\" \/>\n\t\t<meta property=\"article:published_time\" content=\"2026-01-10T12:14:47+00:00\" \/>\n\t\t<meta property=\"article:modified_time\" content=\"2026-02-23T14:15:44+00:00\" \/>\n\t\t<meta property=\"article:publisher\" content=\"https:\/\/www.facebook.com\/tabaccomd.com\/\" \/>\n\t\t<meta name=\"twitter:card\" content=\"summary_large_image\" \/>\n\t\t<meta name=\"twitter:title\" content=\"COSMIC MAX 999 \u2013 Blueberry Blackcurrant #01 Cump\u0103r\u0103 \u00een Chi\u0219in\u0103u - tabaccomd.com\" \/>\n\t\t<meta name=\"twitter:description\" content=\"COSMIC MAX 999 \u2013 Blueberry Blackcurrant #01 \u00een Chi\u0219in\u0103u. La Tabacco House g\u0103se\u0219ti o selec\u021bie excelent\u0103 \u0219i pre\u021buri avantajoase. Comand\u0103 cu livrare la telefon: 061-000-935.\" \/>\n\t\t<script type=\"application\/ld+json\" class=\"aioseo-schema\">\n\t\t\t{\"@context\":\"https:\\\/\\\/schema.org\",\"@graph\":[{\"@type\":\"BreadcrumbList\",\"@id\":\"https:\\\/\\\/tabaccomd.com\\\/ro\\\/product\\\/cosmic-max-999-blueberry-blackcurrant-01\\\/#breadcrumblist\",\"itemListElement\":[{\"@type\":\"ListItem\",\"@id\":\"https:\\\/\\\/tabaccomd.com\\\/ro\\\/#listItem\",\"position\":1,\"name\":\"\\u0413\\u043b\\u0430\\u0432\\u043d\\u0430\\u044f\",\"item\":\"https:\\\/\\\/tabaccomd.com\\\/ro\\\/\",\"nextItem\":{\"@type\":\"ListItem\",\"@id\":\"https:\\\/\\\/tabaccomd.com\\\/ro\\\/catalog\\\/#listItem\",\"name\":\"Catalog\"}},{\"@type\":\"ListItem\",\"@id\":\"https:\\\/\\\/tabaccomd.com\\\/ro\\\/catalog\\\/#listItem\",\"position\":2,\"name\":\"Catalog\",\"item\":\"https:\\\/\\\/tabaccomd.com\\\/ro\\\/catalog\\\/\",\"nextItem\":{\"@type\":\"ListItem\",\"@id\":\"https:\\\/\\\/tabaccomd.com\\\/ro\\\/product-category\\\/e-shisha-ro-2\\\/#listItem\",\"name\":\"E-Shisha\"},\"previousItem\":{\"@type\":\"ListItem\",\"@id\":\"https:\\\/\\\/tabaccomd.com\\\/ro\\\/#listItem\",\"name\":\"\\u0413\\u043b\\u0430\\u0432\\u043d\\u0430\\u044f\"}},{\"@type\":\"ListItem\",\"@id\":\"https:\\\/\\\/tabaccomd.com\\\/ro\\\/product-category\\\/e-shisha-ro-2\\\/#listItem\",\"position\":3,\"name\":\"E-Shisha\",\"item\":\"https:\\\/\\\/tabaccomd.com\\\/ro\\\/product-category\\\/e-shisha-ro-2\\\/\",\"nextItem\":{\"@type\":\"ListItem\",\"@id\":\"https:\\\/\\\/tabaccomd.com\\\/ro\\\/product-category\\\/e-shisha-ro-2\\\/cosmic-max-ro\\\/#listItem\",\"name\":\"COSMIC MAX\"},\"previousItem\":{\"@type\":\"ListItem\",\"@id\":\"https:\\\/\\\/tabaccomd.com\\\/ro\\\/catalog\\\/#listItem\",\"name\":\"Catalog\"}},{\"@type\":\"ListItem\",\"@id\":\"https:\\\/\\\/tabaccomd.com\\\/ro\\\/product-category\\\/e-shisha-ro-2\\\/cosmic-max-ro\\\/#listItem\",\"position\":4,\"name\":\"COSMIC MAX\",\"item\":\"https:\\\/\\\/tabaccomd.com\\\/ro\\\/product-category\\\/e-shisha-ro-2\\\/cosmic-max-ro\\\/\",\"nextItem\":{\"@type\":\"ListItem\",\"@id\":\"https:\\\/\\\/tabaccomd.com\\\/ro\\\/product\\\/cosmic-max-999-blueberry-blackcurrant-01\\\/#listItem\",\"name\":\"COSMIC MAX 999 &#8211; Blueberry Blackcurrant #01\"},\"previousItem\":{\"@type\":\"ListItem\",\"@id\":\"https:\\\/\\\/tabaccomd.com\\\/ro\\\/product-category\\\/e-shisha-ro-2\\\/#listItem\",\"name\":\"E-Shisha\"}},{\"@type\":\"ListItem\",\"@id\":\"https:\\\/\\\/tabaccomd.com\\\/ro\\\/product\\\/cosmic-max-999-blueberry-blackcurrant-01\\\/#listItem\",\"position\":5,\"name\":\"COSMIC MAX 999 &#8211; Blueberry Blackcurrant #01\",\"previousItem\":{\"@type\":\"ListItem\",\"@id\":\"https:\\\/\\\/tabaccomd.com\\\/ro\\\/product-category\\\/e-shisha-ro-2\\\/cosmic-max-ro\\\/#listItem\",\"name\":\"COSMIC MAX\"}}]},{\"@type\":\"Organization\",\"@id\":\"https:\\\/\\\/tabaccomd.com\\\/ro\\\/#organization\",\"name\":\"Tabacco House\",\"description\":\"\\u041c\\u0430\\u0433\\u0430\\u0437\\u0438\\u043d \\u0442\\u0430\\u0431\\u0430\\u0447\\u043d\\u044b\\u0445 \\u0438\\u0437\\u0434\\u0435\\u043b\\u0438\\u0439\",\"url\":\"https:\\\/\\\/tabaccomd.com\\\/ro\\\/\",\"email\":\"Office@cazacuhouse.com\",\"telephone\":\"+37361000935\",\"logo\":{\"@type\":\"ImageObject\",\"url\":\"https:\\\/\\\/tabaccomd.com\\\/wp-content\\\/uploads\\\/2024\\\/02\\\/logo_header3.png\",\"@id\":\"https:\\\/\\\/tabaccomd.com\\\/ro\\\/product\\\/cosmic-max-999-blueberry-blackcurrant-01\\\/#organizationLogo\",\"width\":32,\"height\":32,\"caption\":\"Tabacco House\"},\"image\":{\"@id\":\"https:\\\/\\\/tabaccomd.com\\\/ro\\\/product\\\/cosmic-max-999-blueberry-blackcurrant-01\\\/#organizationLogo\"},\"sameAs\":[\"https:\\\/\\\/www.facebook.com\\\/tabaccomd.com\\\/\",\"https:\\\/\\\/www.instagram.com\\\/tabaccomd.com\\\/\"],\"address\":{\"@id\":\"https:\\\/\\\/tabaccomd.com\\\/ro\\\/#postaladdress\",\"@type\":\"PostalAddress\",\"streetAddress\":\"Strada Albi\\u015foara 4, Chi\\u0219in\\u0103u, Bulevardul \\u0218tefan cel Mare \\u0219i Sf\\u00eent 136, Chi\\u0219in\\u0103u\",\"addressLocality\":\"Chi\\u0219in\\u0103u\",\"addressCountry\":\"MD\"}},{\"@type\":\"Product\",\"@id\":\"https:\\\/\\\/tabaccomd.com\\\/ro\\\/product\\\/cosmic-max-999-blueberry-blackcurrant-01\\\/#wooCommerceProduct\",\"name\":\"COSMIC MAX 999 - Blueberry Blackcurrant #01\",\"description\":\"Brand: Aroma King, COSMIC MAX\\r\\n \\t\\u021aara produc\\u0103toare: Var\\u0219ovia, Polonia\\r\\n \\tCapacitatea cartu\\u0219ului: 2,0 ml\\r\\n \\tRezisten\\u021b\\u0103: 1,4 \\u03a9 (Ohmi)\\r\\n \\tCon\\u021binut de nicotin\\u0103: 20mg\\\/ml\\r\\n \\tBaterie: 550 mAh\\r\\n \\tNum\\u0103r de pufuri: 999\\r\\n \\tArom\\u0103: Afine, coac\\u0103ze negre\",\"url\":\"https:\\\/\\\/tabaccomd.com\\\/ro\\\/product\\\/cosmic-max-999-blueberry-blackcurrant-01\\\/\",\"sku\":\"COSM01\",\"image\":{\"@type\":\"ImageObject\",\"url\":\"https:\\\/\\\/tabaccomd.com\\\/wp-content\\\/uploads\\\/2026\\\/01\\\/cosmic-max-aroma-king-999-puffs-blueberry-blackcurrant.jpg\",\"@id\":\"https:\\\/\\\/tabaccomd.com\\\/ro\\\/product\\\/cosmic-max-999-blueberry-blackcurrant-01\\\/#productImage\",\"width\":1200,\"height\":1200,\"caption\":\"cosmic-max-aroma-king-999-puffs-blueberry-blackcurrant\"},\"offers\":{\"@type\":\"Offer\",\"url\":\"https:\\\/\\\/tabaccomd.com\\\/ro\\\/product\\\/cosmic-max-999-blueberry-blackcurrant-01\\\/#wooCommerceOffer\",\"price\":160,\"priceCurrency\":\"MDL\",\"category\":\"COSMIC MAX\",\"availability\":\"https:\\\/\\\/schema.org\\\/InStock\",\"priceSpecification\":{\"@type\":\"PriceSpecification\",\"price\":160,\"priceCurrency\":\"MDL\",\"valueAddedTaxIncluded\":\"true\"},\"seller\":{\"@type\":\"Organization\",\"@id\":\"https:\\\/\\\/tabaccomd.com\\\/ro\\\/#organization\"}}},{\"@type\":\"WebPage\",\"@id\":\"https:\\\/\\\/tabaccomd.com\\\/ro\\\/product\\\/cosmic-max-999-blueberry-blackcurrant-01\\\/#webpage\",\"url\":\"https:\\\/\\\/tabaccomd.com\\\/ro\\\/product\\\/cosmic-max-999-blueberry-blackcurrant-01\\\/\",\"name\":\"COSMIC MAX 999 \\u2013 Blueberry Blackcurrant #01 Cump\\u0103r\\u0103 \\u00een Chi\\u0219in\\u0103u - tabaccomd.com\",\"description\":\"COSMIC MAX 999 \\u2013 Blueberry Blackcurrant #01 \\u00een Chi\\u0219in\\u0103u. La Tabacco House g\\u0103se\\u0219ti o selec\\u021bie excelent\\u0103 \\u0219i pre\\u021buri avantajoase. Comand\\u0103 cu livrare la telefon: 061-000-935.\",\"inLanguage\":\"ro-RO\",\"isPartOf\":{\"@id\":\"https:\\\/\\\/tabaccomd.com\\\/ro\\\/#website\"},\"breadcrumb\":{\"@id\":\"https:\\\/\\\/tabaccomd.com\\\/ro\\\/product\\\/cosmic-max-999-blueberry-blackcurrant-01\\\/#breadcrumblist\"},\"image\":{\"@type\":\"ImageObject\",\"url\":\"https:\\\/\\\/tabaccomd.com\\\/wp-content\\\/uploads\\\/2026\\\/01\\\/cosmic-max-aroma-king-999-puffs-blueberry-blackcurrant.jpg\",\"@id\":\"https:\\\/\\\/tabaccomd.com\\\/ro\\\/product\\\/cosmic-max-999-blueberry-blackcurrant-01\\\/#mainImage\",\"width\":1200,\"height\":1200,\"caption\":\"cosmic-max-aroma-king-999-puffs-blueberry-blackcurrant\"},\"primaryImageOfPage\":{\"@id\":\"https:\\\/\\\/tabaccomd.com\\\/ro\\\/product\\\/cosmic-max-999-blueberry-blackcurrant-01\\\/#mainImage\"},\"datePublished\":\"2026-01-10T15:14:47+03:00\",\"dateModified\":\"2026-02-23T17:15:44+03:00\"},{\"@type\":\"WebSite\",\"@id\":\"https:\\\/\\\/tabaccomd.com\\\/ro\\\/#website\",\"url\":\"https:\\\/\\\/tabaccomd.com\\\/ro\\\/\",\"name\":\"Tabacco House\",\"alternateName\":\"tobaccomd.com\",\"description\":\"\\u041c\\u0430\\u0433\\u0430\\u0437\\u0438\\u043d \\u0442\\u0430\\u0431\\u0430\\u0447\\u043d\\u044b\\u0445 \\u0438\\u0437\\u0434\\u0435\\u043b\\u0438\\u0439\",\"inLanguage\":\"ro-RO\",\"publisher\":{\"@id\":\"https:\\\/\\\/tabaccomd.com\\\/ro\\\/#organization\"}}]}\n\t\t<\/script>\n\t\t<!-- All in One SEO Pro -->\r\n\t\t<title>COSMIC MAX 999 \u2013 Blueberry Blackcurrant #01 Cump\u0103r\u0103 \u00een Chi\u0219in\u0103u - tabaccomd.com<\/title>\n\n","aioseo_head_json":{"title":"COSMIC MAX 999 \u2013 Blueberry Blackcurrant #01 Cump\u0103r\u0103 \u00een Chi\u0219in\u0103u - tabaccomd.com","description":"COSMIC MAX 999 \u2013 Blueberry Blackcurrant #01 \u00een Chi\u0219in\u0103u. La Tabacco House g\u0103se\u0219ti o selec\u021bie excelent\u0103 \u0219i pre\u021buri avantajoase. Comand\u0103 cu livrare la telefon: 061-000-935.","canonical_url":"https:\/\/tabaccomd.com\/ro\/product\/cosmic-max-999-blueberry-blackcurrant-01\/","robots":"max-image-preview:large","keywords":"","webmasterTools":{"miscellaneous":""},"schema":{"@context":"https:\/\/schema.org","@graph":[{"@type":"BreadcrumbList","@id":"https:\/\/tabaccomd.com\/ro\/product\/cosmic-max-999-blueberry-blackcurrant-01\/#breadcrumblist","itemListElement":[{"@type":"ListItem","@id":"https:\/\/tabaccomd.com\/ro\/#listItem","position":1,"name":"\u0413\u043b\u0430\u0432\u043d\u0430\u044f","item":"https:\/\/tabaccomd.com\/ro\/","nextItem":{"@type":"ListItem","@id":"https:\/\/tabaccomd.com\/ro\/catalog\/#listItem","name":"Catalog"}},{"@type":"ListItem","@id":"https:\/\/tabaccomd.com\/ro\/catalog\/#listItem","position":2,"name":"Catalog","item":"https:\/\/tabaccomd.com\/ro\/catalog\/","nextItem":{"@type":"ListItem","@id":"https:\/\/tabaccomd.com\/ro\/product-category\/e-shisha-ro-2\/#listItem","name":"E-Shisha"},"previousItem":{"@type":"ListItem","@id":"https:\/\/tabaccomd.com\/ro\/#listItem","name":"\u0413\u043b\u0430\u0432\u043d\u0430\u044f"}},{"@type":"ListItem","@id":"https:\/\/tabaccomd.com\/ro\/product-category\/e-shisha-ro-2\/#listItem","position":3,"name":"E-Shisha","item":"https:\/\/tabaccomd.com\/ro\/product-category\/e-shisha-ro-2\/","nextItem":{"@type":"ListItem","@id":"https:\/\/tabaccomd.com\/ro\/product-category\/e-shisha-ro-2\/cosmic-max-ro\/#listItem","name":"COSMIC MAX"},"previousItem":{"@type":"ListItem","@id":"https:\/\/tabaccomd.com\/ro\/catalog\/#listItem","name":"Catalog"}},{"@type":"ListItem","@id":"https:\/\/tabaccomd.com\/ro\/product-category\/e-shisha-ro-2\/cosmic-max-ro\/#listItem","position":4,"name":"COSMIC MAX","item":"https:\/\/tabaccomd.com\/ro\/product-category\/e-shisha-ro-2\/cosmic-max-ro\/","nextItem":{"@type":"ListItem","@id":"https:\/\/tabaccomd.com\/ro\/product\/cosmic-max-999-blueberry-blackcurrant-01\/#listItem","name":"COSMIC MAX 999 &#8211; Blueberry Blackcurrant #01"},"previousItem":{"@type":"ListItem","@id":"https:\/\/tabaccomd.com\/ro\/product-category\/e-shisha-ro-2\/#listItem","name":"E-Shisha"}},{"@type":"ListItem","@id":"https:\/\/tabaccomd.com\/ro\/product\/cosmic-max-999-blueberry-blackcurrant-01\/#listItem","position":5,"name":"COSMIC MAX 999 &#8211; Blueberry Blackcurrant #01","previousItem":{"@type":"ListItem","@id":"https:\/\/tabaccomd.com\/ro\/product-category\/e-shisha-ro-2\/cosmic-max-ro\/#listItem","name":"COSMIC MAX"}}]},{"@type":"Organization","@id":"https:\/\/tabaccomd.com\/ro\/#organization","name":"Tabacco House","description":"\u041c\u0430\u0433\u0430\u0437\u0438\u043d \u0442\u0430\u0431\u0430\u0447\u043d\u044b\u0445 \u0438\u0437\u0434\u0435\u043b\u0438\u0439","url":"https:\/\/tabaccomd.com\/ro\/","email":"Office@cazacuhouse.com","telephone":"+37361000935","logo":{"@type":"ImageObject","url":"https:\/\/tabaccomd.com\/wp-content\/uploads\/2024\/02\/logo_header3.png","@id":"https:\/\/tabaccomd.com\/ro\/product\/cosmic-max-999-blueberry-blackcurrant-01\/#organizationLogo","width":32,"height":32,"caption":"Tabacco House"},"image":{"@id":"https:\/\/tabaccomd.com\/ro\/product\/cosmic-max-999-blueberry-blackcurrant-01\/#organizationLogo"},"sameAs":["https:\/\/www.facebook.com\/tabaccomd.com\/","https:\/\/www.instagram.com\/tabaccomd.com\/"],"address":{"@id":"https:\/\/tabaccomd.com\/ro\/#postaladdress","@type":"PostalAddress","streetAddress":"Strada Albi\u015foara 4, Chi\u0219in\u0103u, Bulevardul \u0218tefan cel Mare \u0219i Sf\u00eent 136, Chi\u0219in\u0103u","addressLocality":"Chi\u0219in\u0103u","addressCountry":"MD"}},{"@type":"Product","@id":"https:\/\/tabaccomd.com\/ro\/product\/cosmic-max-999-blueberry-blackcurrant-01\/#wooCommerceProduct","name":"COSMIC MAX 999 - Blueberry Blackcurrant #01","description":"Brand: Aroma King, COSMIC MAX\r\n \t\u021aara produc\u0103toare: Var\u0219ovia, Polonia\r\n \tCapacitatea cartu\u0219ului: 2,0 ml\r\n \tRezisten\u021b\u0103: 1,4 \u03a9 (Ohmi)\r\n \tCon\u021binut de nicotin\u0103: 20mg\/ml\r\n \tBaterie: 550 mAh\r\n \tNum\u0103r de pufuri: 999\r\n \tArom\u0103: Afine, coac\u0103ze negre","url":"https:\/\/tabaccomd.com\/ro\/product\/cosmic-max-999-blueberry-blackcurrant-01\/","sku":"COSM01","image":{"@type":"ImageObject","url":"https:\/\/tabaccomd.com\/wp-content\/uploads\/2026\/01\/cosmic-max-aroma-king-999-puffs-blueberry-blackcurrant.jpg","@id":"https:\/\/tabaccomd.com\/ro\/product\/cosmic-max-999-blueberry-blackcurrant-01\/#productImage","width":1200,"height":1200,"caption":"cosmic-max-aroma-king-999-puffs-blueberry-blackcurrant"},"offers":{"@type":"Offer","url":"https:\/\/tabaccomd.com\/ro\/product\/cosmic-max-999-blueberry-blackcurrant-01\/#wooCommerceOffer","price":160,"priceCurrency":"MDL","category":"COSMIC MAX","availability":"https:\/\/schema.org\/InStock","priceSpecification":{"@type":"PriceSpecification","price":160,"priceCurrency":"MDL","valueAddedTaxIncluded":"true"},"seller":{"@type":"Organization","@id":"https:\/\/tabaccomd.com\/ro\/#organization"}}},{"@type":"WebPage","@id":"https:\/\/tabaccomd.com\/ro\/product\/cosmic-max-999-blueberry-blackcurrant-01\/#webpage","url":"https:\/\/tabaccomd.com\/ro\/product\/cosmic-max-999-blueberry-blackcurrant-01\/","name":"COSMIC MAX 999 \u2013 Blueberry Blackcurrant #01 Cump\u0103r\u0103 \u00een Chi\u0219in\u0103u - tabaccomd.com","description":"COSMIC MAX 999 \u2013 Blueberry Blackcurrant #01 \u00een Chi\u0219in\u0103u. La Tabacco House g\u0103se\u0219ti o selec\u021bie excelent\u0103 \u0219i pre\u021buri avantajoase. Comand\u0103 cu livrare la telefon: 061-000-935.","inLanguage":"ro-RO","isPartOf":{"@id":"https:\/\/tabaccomd.com\/ro\/#website"},"breadcrumb":{"@id":"https:\/\/tabaccomd.com\/ro\/product\/cosmic-max-999-blueberry-blackcurrant-01\/#breadcrumblist"},"image":{"@type":"ImageObject","url":"https:\/\/tabaccomd.com\/wp-content\/uploads\/2026\/01\/cosmic-max-aroma-king-999-puffs-blueberry-blackcurrant.jpg","@id":"https:\/\/tabaccomd.com\/ro\/product\/cosmic-max-999-blueberry-blackcurrant-01\/#mainImage","width":1200,"height":1200,"caption":"cosmic-max-aroma-king-999-puffs-blueberry-blackcurrant"},"primaryImageOfPage":{"@id":"https:\/\/tabaccomd.com\/ro\/product\/cosmic-max-999-blueberry-blackcurrant-01\/#mainImage"},"datePublished":"2026-01-10T15:14:47+03:00","dateModified":"2026-02-23T17:15:44+03:00"},{"@type":"WebSite","@id":"https:\/\/tabaccomd.com\/ro\/#website","url":"https:\/\/tabaccomd.com\/ro\/","name":"Tabacco House","alternateName":"tobaccomd.com","description":"\u041c\u0430\u0433\u0430\u0437\u0438\u043d \u0442\u0430\u0431\u0430\u0447\u043d\u044b\u0445 \u0438\u0437\u0434\u0435\u043b\u0438\u0439","inLanguage":"ro-RO","publisher":{"@id":"https:\/\/tabaccomd.com\/ro\/#organization"}}]},"og:locale":"ro_RO","og:site_name":"Tabacco House \u2013 \u041c\u0430\u0433\u0430\u0437\u0438\u043d \u0442\u0430\u0431\u0430\u0447\u043d\u044b\u0445 \u0438\u0437\u0434\u0435\u043b\u0438\u0439","og:type":"article","og:title":"COSMIC MAX 999 \u2013 Blueberry Blackcurrant #01 Cump\u0103r\u0103 \u00een Chi\u0219in\u0103u - tabaccomd.com","og:description":"COSMIC MAX 999 \u2013 Blueberry Blackcurrant #01 \u00een Chi\u0219in\u0103u. La Tabacco House g\u0103se\u0219ti o selec\u021bie excelent\u0103 \u0219i pre\u021buri avantajoase. Comand\u0103 cu livrare la telefon: 061-000-935.","og:url":"https:\/\/tabaccomd.com\/ro\/product\/cosmic-max-999-blueberry-blackcurrant-01\/","article:published_time":"2026-01-10T12:14:47+00:00","article:modified_time":"2026-02-23T14:15:44+00:00","article:publisher":"https:\/\/www.facebook.com\/tabaccomd.com\/","twitter:card":"summary_large_image","twitter:title":"COSMIC MAX 999 \u2013 Blueberry Blackcurrant #01 Cump\u0103r\u0103 \u00een Chi\u0219in\u0103u - tabaccomd.com","twitter:description":"COSMIC MAX 999 \u2013 Blueberry Blackcurrant #01 \u00een Chi\u0219in\u0103u. La Tabacco House g\u0103se\u0219ti o selec\u021bie excelent\u0103 \u0219i pre\u021buri avantajoase. Comand\u0103 cu livrare la telefon: 061-000-935."},"aioseo_meta_data":{"post_id":"156305","title":"#post_title Cump\u0103r\u0103 \u00een Chi\u0219in\u0103u - tabaccomd.com","description":"#post_title \u00een Chi\u0219in\u0103u. La Tabacco House g\u0103se\u0219ti o selec\u021bie excelent\u0103 \u0219i pre\u021buri avantajoase. Comand\u0103 cu livrare la telefon: 061-000-935.","keywords":null,"keyphrases":{"focus":{"keyphrase":"","score":0,"analysis":{"keyphraseInTitle":{"score":0,"maxScore":9,"error":1}}},"additional":[]},"primary_term":null,"canonical_url":null,"og_title":null,"og_description":null,"og_object_type":"default","og_image_type":"default","og_image_url":null,"og_image_width":null,"og_image_height":null,"og_image_custom_url":null,"og_image_custom_fields":null,"og_video":"","og_custom_url":null,"og_article_section":null,"og_article_tags":null,"twitter_use_og":false,"twitter_card":"default","twitter_image_type":"default","twitter_image_url":null,"twitter_image_custom_url":null,"twitter_image_custom_fields":null,"twitter_title":null,"twitter_description":null,"schema":{"blockGraphs":[],"customGraphs":[],"default":{"data":{"Article":[],"Course":[],"Dataset":[],"FAQPage":[],"Movie":[],"Person":[],"Product":[],"ProductReview":[],"Car":[],"Recipe":[],"Service":[],"SoftwareApplication":[],"WebPage":[]},"graphName":"Product","isEnabled":true},"graphs":[]},"schema_type":"default","schema_type_options":null,"pillar_content":false,"robots_default":true,"robots_noindex":false,"robots_noarchive":false,"robots_nosnippet":false,"robots_nofollow":false,"robots_noimageindex":false,"robots_noodp":false,"robots_notranslate":false,"robots_max_snippet":"-1","robots_max_videopreview":"-1","robots_max_imagepreview":"large","priority":null,"frequency":"default","local_seo":null,"seo_analyzer_scan_date":"2026-02-23 14:16:19","breadcrumb_settings":null,"limit_modified_date":false,"reviewed_by":null,"open_ai":null,"ai":{"faqs":[],"keyPoints":[],"titles":[],"descriptions":[],"socialPosts":{"email":[],"linkedin":[],"twitter":[],"facebook":[],"instagram":[]}},"created":"2026-01-10 12:23:28","updated":"2026-02-23 14:22:26"},"aioseo_breadcrumb":"<div class=\"aioseo-breadcrumbs\"><span class=\"aioseo-breadcrumb\">\n\t<a href=\"https:\/\/tabaccomd.com\/ro\/\" title=\"\u0413\u043b\u0430\u0432\u043d\u0430\u044f\">\u0413\u043b\u0430\u0432\u043d\u0430\u044f<\/a>\n<\/span><span class=\"aioseo-breadcrumb-separator\">\u00bb<\/span><span class=\"aioseo-breadcrumb\">\n\t<a href=\"https:\/\/tabaccomd.com\/ro\/catalog\/\" title=\"Catalog\">Catalog<\/a>\n<\/span><span class=\"aioseo-breadcrumb-separator\">\u00bb<\/span><span class=\"aioseo-breadcrumb\">\n\t<a href=\"https:\/\/tabaccomd.com\/ro\/product-category\/e-shisha-ro-2\/\" title=\"E-Shisha\">E-Shisha<\/a>\n<\/span><span class=\"aioseo-breadcrumb-separator\">\u00bb<\/span><span class=\"aioseo-breadcrumb\">\n\t<a href=\"https:\/\/tabaccomd.com\/ro\/product-category\/e-shisha-ro-2\/cosmic-max-ro\/\" title=\"COSMIC MAX\">COSMIC MAX<\/a>\n<\/span><span class=\"aioseo-breadcrumb-separator\">\u00bb<\/span><span class=\"aioseo-breadcrumb\">\n\tCOSMIC MAX 999 \u2013 Blueberry Blackcurrant #01\n<\/span><\/div>","aioseo_breadcrumb_json":[{"label":"\u0413\u043b\u0430\u0432\u043d\u0430\u044f","link":"https:\/\/tabaccomd.com\/ro\/"},{"label":"Catalog","link":"https:\/\/tabaccomd.com\/ro\/catalog\/"},{"label":"E-Shisha","link":"https:\/\/tabaccomd.com\/ro\/product-category\/e-shisha-ro-2\/"},{"label":"COSMIC MAX","link":"https:\/\/tabaccomd.com\/ro\/product-category\/e-shisha-ro-2\/cosmic-max-ro\/"},{"label":"COSMIC MAX 999 &#8211; Blueberry Blackcurrant #01","link":"https:\/\/tabaccomd.com\/ro\/product\/cosmic-max-999-blueberry-blackcurrant-01\/"}],"images_for_1c":[{"url":"https:\/\/tabaccomd.com\/wp-content\/uploads\/2026\/01\/cosmic-max-aroma-king-999-puffs-blueberry-blackcurrant.jpg","type":"featured","alt":"cosmic-max-aroma-king-999-puffs-blueberry-blackcurrant","filename":"cosmic-max-aroma-king-999-puffs-blueberry-blackcurrant.jpg"}],"additional_data_1c":{"modified_date":"2026-02-23 17:15:44","permalink":"https:\/\/tabaccomd.com\/ro\/product\/cosmic-max-999-blueberry-blackcurrant-01\/","stock_status":"instock","manage_stock":"no"},"_links":{"self":[{"href":"https:\/\/tabaccomd.com\/ro\/wp-json\/wp\/v2\/product\/156305","targetHints":{"allow":["GET"]}}],"collection":[{"href":"https:\/\/tabaccomd.com\/ro\/wp-json\/wp\/v2\/product"}],"about":[{"href":"https:\/\/tabaccomd.com\/ro\/wp-json\/wp\/v2\/types\/product"}],"wp:featuredmedia":[{"embeddable":true,"href":"https:\/\/tabaccomd.com\/ro\/wp-json\/wp\/v2\/media\/156304"}],"wp:attachment":[{"href":"https:\/\/tabaccomd.com\/ro\/wp-json\/wp\/v2\/media?parent=156305"}],"wp:term":[{"taxonomy":"product_brand","embeddable":true,"href":"https:\/\/tabaccomd.com\/ro\/wp-json\/wp\/v2\/product_brand?post=156305"},{"taxonomy":"product_cat","embeddable":true,"href":"https:\/\/tabaccomd.com\/ro\/wp-json\/wp\/v2\/product_cat?post=156305"},{"taxonomy":"product_tag","embeddable":true,"href":"https:\/\/tabaccomd.com\/ro\/wp-json\/wp\/v2\/product_tag?post=156305"}],"curies":[{"name":"wp","href":"https:\/\/api.w.org\/{rel}","templated":true}]}}