{"id":156192,"date":"2025-12-29T18:46:52","date_gmt":"2025-12-29T15:46:52","guid":{"rendered":"https:\/\/tabaccomd.com\/product\/set-cadou-zippo-high-polish-chrome-vintage-2\/"},"modified":"2025-12-29T18:46:52","modified_gmt":"2025-12-29T15:46:52","slug":"set-cadou-zippo-high-polish-chrome-vintage-2","status":"publish","type":"product","link":"https:\/\/tabaccomd.com\/ro\/product\/set-cadou-zippo-high-polish-chrome-vintage-2\/","title":{"rendered":"Set cadou Zippo High Polish Chrome Vintage"},"content":{"rendered":"<p><a href=\"https:\/\/tabaccomd.com\/ro\/product-category\/gixt-box\/\">Setul cadou<\/a> Zippo Two Wolves Design este alegerea ideal\u0103 pentru cei care apreciaz\u0103 calitatea, fiabilitatea \u0219i stilul clasic. Setul include bricheta Two Wolves Design, recunoscut\u0103 pentru istoria sa. Legenda nativ\u0103 a celor doi lupi este redat\u0103 pe aceast\u0103 brichet\u0103 clasic\u0103 Zippo cu finisaj negru mat, \u00eentr-un design expresiv realizat \u00een tehnica Color Image. Conform povestirii, unul dintre lupi simbolizeaz\u0103 furia, am\u0103r\u0103ciunea \u0219i egoismul, iar cel\u0103lalt \u2014 iubirea, compasiunea \u0219i generozitatea. Cei doi se lupt\u0103 \u00een interiorul fiec\u0103ruia dintre noi, iar c\u00e2\u0219tig\u0103torul va fi cel pe care alegem s\u0103-l hr\u0103nim. Setul mai con\u021bine cremene de rezerv\u0103 \u0219i o sticl\u0103 de benzin\u0103 Zippo de 125 ml, fiind perfect pentru utilizare imediat\u0103 sau ca idee de cadou inspirat\u0103. Bricheta se livreaz\u0103 neumplut\u0103. Toate produsele sunt originale, fabricate \u00een SUA \u0219i respect\u0103 standardele ridicate de calitate Zippo, consacrate de-a lungul timpului.<\/p>\n<p>Pute\u021bi achizi\u021biona setul cadou Zippo Two Wolves Design \u00een Moldova, Chi\u0219in\u0103u, \u00een re\u021beaua de magazine Tabacco House.<\/p>\n","protected":false},"excerpt":{"rendered":"<ul>\n<li><strong>SET DISPONIBIL DOAR LA COMAND\u0102 ONLINE<\/strong><\/li>\n<li>Corp Classic tradi\u021bional<\/li>\n<li>Garan\u021bie pe via\u021b\u0103<\/li>\n<li>Bricheta se livreaz\u0103 neumplut\u0103<\/li>\n<li>Cutie cadou \u0219i cremene\u00a0<strong>Zippo<\/strong><\/li>\n<li>Brichet\u0103 <strong>Zippo Two Wolves Design<\/strong><\/li>\n<\/ul>\n","protected":false},"featured_media":156191,"template":"","meta":{"om_disable_all_campaigns":false,"_monsterinsights_skip_tracking":false,"_monsterinsights_sitenote_active":false,"_monsterinsights_sitenote_note":"","_monsterinsights_sitenote_category":0},"product_brand":[],"product_cat":[434,175],"product_tag":[],"class_list":{"0":"post-156192","1":"product","2":"type-product","3":"status-publish","4":"has-post-thumbnail","6":"product_cat-seturi-de-cadouri","7":"product_cat-brichete-zippo-2","9":"first","10":"instock","11":"sale","12":"taxable","13":"shipping-taxable","14":"purchasable","15":"product-type-simple"},"aioseo_notices":[],"aioseo_head":"\n\t\t<!-- All in One SEO Pro 4.9.6.2 - aioseo.com -->\n\t<meta name=\"robots\" content=\"max-image-preview:large\" \/>\n\t<link rel=\"canonical\" href=\"https:\/\/tabaccomd.com\/ro\/product\/set-cadou-zippo-high-polish-chrome-vintage-2\/\" \/>\n\t<meta name=\"generator\" content=\"All in One SEO Pro (AIOSEO) 4.9.6.2\" \/>\n\t\t<meta property=\"og:locale\" content=\"ro_RO\" \/>\n\t\t<meta property=\"og:site_name\" content=\"Tabacco House \u2013 \u041c\u0430\u0433\u0430\u0437\u0438\u043d \u0442\u0430\u0431\u0430\u0447\u043d\u044b\u0445 \u0438\u0437\u0434\u0435\u043b\u0438\u0439\" \/>\n\t\t<meta property=\"og:type\" content=\"article\" \/>\n\t\t<meta property=\"og:title\" content=\"Set cadou Zippo High Polish Chrome Vintage \u2013 Tabacco House\" \/>\n\t\t<meta property=\"og:url\" content=\"https:\/\/tabaccomd.com\/ro\/product\/set-cadou-zippo-high-polish-chrome-vintage-2\/\" \/>\n\t\t<meta property=\"article:published_time\" content=\"2025-12-29T15:46:52+00:00\" \/>\n\t\t<meta property=\"article:modified_time\" content=\"2025-12-29T15:46:52+00:00\" \/>\n\t\t<meta property=\"article:publisher\" content=\"https:\/\/www.facebook.com\/tabaccomd.com\/\" \/>\n\t\t<meta name=\"twitter:card\" content=\"summary_large_image\" \/>\n\t\t<meta name=\"twitter:title\" content=\"Set cadou Zippo High Polish Chrome Vintage \u2013 Tabacco House\" \/>\n\t\t<script type=\"application\/ld+json\" class=\"aioseo-schema\">\n\t\t\t{\"@context\":\"https:\\\/\\\/schema.org\",\"@graph\":[{\"@type\":\"BreadcrumbList\",\"@id\":\"https:\\\/\\\/tabaccomd.com\\\/ro\\\/product\\\/set-cadou-zippo-high-polish-chrome-vintage-2\\\/#breadcrumblist\",\"itemListElement\":[{\"@type\":\"ListItem\",\"@id\":\"https:\\\/\\\/tabaccomd.com\\\/ro\\\/#listItem\",\"position\":1,\"name\":\"\\u0413\\u043b\\u0430\\u0432\\u043d\\u0430\\u044f\",\"item\":\"https:\\\/\\\/tabaccomd.com\\\/ro\\\/\",\"nextItem\":{\"@type\":\"ListItem\",\"@id\":\"https:\\\/\\\/tabaccomd.com\\\/ro\\\/catalog\\\/#listItem\",\"name\":\"Catalog\"}},{\"@type\":\"ListItem\",\"@id\":\"https:\\\/\\\/tabaccomd.com\\\/ro\\\/catalog\\\/#listItem\",\"position\":2,\"name\":\"Catalog\",\"item\":\"https:\\\/\\\/tabaccomd.com\\\/ro\\\/catalog\\\/\",\"nextItem\":{\"@type\":\"ListItem\",\"@id\":\"https:\\\/\\\/tabaccomd.com\\\/ro\\\/product-category\\\/gixt-box\\\/#listItem\",\"name\":\"Gift Box\"},\"previousItem\":{\"@type\":\"ListItem\",\"@id\":\"https:\\\/\\\/tabaccomd.com\\\/ro\\\/#listItem\",\"name\":\"\\u0413\\u043b\\u0430\\u0432\\u043d\\u0430\\u044f\"}},{\"@type\":\"ListItem\",\"@id\":\"https:\\\/\\\/tabaccomd.com\\\/ro\\\/product-category\\\/gixt-box\\\/#listItem\",\"position\":3,\"name\":\"Gift Box\",\"item\":\"https:\\\/\\\/tabaccomd.com\\\/ro\\\/product-category\\\/gixt-box\\\/\",\"nextItem\":{\"@type\":\"ListItem\",\"@id\":\"https:\\\/\\\/tabaccomd.com\\\/ro\\\/product-category\\\/gixt-box\\\/seturi-de-cadouri\\\/#listItem\",\"name\":\"Seturi de cadouri\"},\"previousItem\":{\"@type\":\"ListItem\",\"@id\":\"https:\\\/\\\/tabaccomd.com\\\/ro\\\/catalog\\\/#listItem\",\"name\":\"Catalog\"}},{\"@type\":\"ListItem\",\"@id\":\"https:\\\/\\\/tabaccomd.com\\\/ro\\\/product-category\\\/gixt-box\\\/seturi-de-cadouri\\\/#listItem\",\"position\":4,\"name\":\"Seturi de cadouri\",\"item\":\"https:\\\/\\\/tabaccomd.com\\\/ro\\\/product-category\\\/gixt-box\\\/seturi-de-cadouri\\\/\",\"nextItem\":{\"@type\":\"ListItem\",\"@id\":\"https:\\\/\\\/tabaccomd.com\\\/ro\\\/product\\\/set-cadou-zippo-high-polish-chrome-vintage-2\\\/#listItem\",\"name\":\"Set cadou Zippo High Polish Chrome Vintage\"},\"previousItem\":{\"@type\":\"ListItem\",\"@id\":\"https:\\\/\\\/tabaccomd.com\\\/ro\\\/product-category\\\/gixt-box\\\/#listItem\",\"name\":\"Gift Box\"}},{\"@type\":\"ListItem\",\"@id\":\"https:\\\/\\\/tabaccomd.com\\\/ro\\\/product\\\/set-cadou-zippo-high-polish-chrome-vintage-2\\\/#listItem\",\"position\":5,\"name\":\"Set cadou Zippo High Polish Chrome Vintage\",\"previousItem\":{\"@type\":\"ListItem\",\"@id\":\"https:\\\/\\\/tabaccomd.com\\\/ro\\\/product-category\\\/gixt-box\\\/seturi-de-cadouri\\\/#listItem\",\"name\":\"Seturi de cadouri\"}}]},{\"@type\":\"Organization\",\"@id\":\"https:\\\/\\\/tabaccomd.com\\\/ro\\\/#organization\",\"name\":\"Tabacco House\",\"description\":\"\\u041c\\u0430\\u0433\\u0430\\u0437\\u0438\\u043d \\u0442\\u0430\\u0431\\u0430\\u0447\\u043d\\u044b\\u0445 \\u0438\\u0437\\u0434\\u0435\\u043b\\u0438\\u0439\",\"url\":\"https:\\\/\\\/tabaccomd.com\\\/ro\\\/\",\"email\":\"Office@cazacuhouse.com\",\"telephone\":\"+37361000935\",\"logo\":{\"@type\":\"ImageObject\",\"url\":\"https:\\\/\\\/tabaccomd.com\\\/wp-content\\\/uploads\\\/2024\\\/02\\\/logo_header3.png\",\"@id\":\"https:\\\/\\\/tabaccomd.com\\\/ro\\\/product\\\/set-cadou-zippo-high-polish-chrome-vintage-2\\\/#organizationLogo\",\"width\":32,\"height\":32,\"caption\":\"Tabacco House\"},\"image\":{\"@id\":\"https:\\\/\\\/tabaccomd.com\\\/ro\\\/product\\\/set-cadou-zippo-high-polish-chrome-vintage-2\\\/#organizationLogo\"},\"sameAs\":[\"https:\\\/\\\/www.facebook.com\\\/tabaccomd.com\\\/\",\"https:\\\/\\\/www.instagram.com\\\/tabaccomd.com\\\/\"],\"address\":{\"@id\":\"https:\\\/\\\/tabaccomd.com\\\/ro\\\/#postaladdress\",\"@type\":\"PostalAddress\",\"streetAddress\":\"Strada Albi\\u015foara 4, Chi\\u0219in\\u0103u, Bulevardul \\u0218tefan cel Mare \\u0219i Sf\\u00eent 136, Chi\\u0219in\\u0103u\",\"addressLocality\":\"Chi\\u0219in\\u0103u\",\"addressCountry\":\"MD\"}},{\"@type\":\"Product\",\"@id\":\"https:\\\/\\\/tabaccomd.com\\\/ro\\\/product\\\/set-cadou-zippo-high-polish-chrome-vintage-2\\\/#wooCommerceProduct\",\"name\":\"Set cadou Zippo High Polish Chrome Vintage\",\"description\":\"SET DISPONIBIL DOAR LA COMAND\\u0102 ONLINE\\r\\n \\tCorp Classic tradi\\u021bional\\r\\n \\tGaran\\u021bie pe via\\u021b\\u0103\\r\\n \\tBricheta se livreaz\\u0103 neumplut\\u0103\\r\\n \\tCutie cadou \\u0219i cremene\\u00a0Zippo\\r\\n \\tBrichet\\u0103 Zippo Two Wolves Design\",\"url\":\"https:\\\/\\\/tabaccomd.com\\\/ro\\\/product\\\/set-cadou-zippo-high-polish-chrome-vintage-2\\\/\",\"sku\":\"n46694\",\"image\":{\"@type\":\"ImageObject\",\"url\":\"https:\\\/\\\/tabaccomd.com\\\/wp-content\\\/uploads\\\/2025\\\/12\\\/set-cadou-Zippo-Two-Wolves-Design.jpg\",\"@id\":\"https:\\\/\\\/tabaccomd.com\\\/ro\\\/product\\\/set-cadou-zippo-high-polish-chrome-vintage-2\\\/#productImage\",\"width\":1200,\"height\":1200,\"caption\":\"set-cadou-Zippo-Two-Wolves-Design\"},\"offers\":{\"@type\":\"Offer\",\"url\":\"https:\\\/\\\/tabaccomd.com\\\/ro\\\/product\\\/set-cadou-zippo-high-polish-chrome-vintage-2\\\/#wooCommerceOffer\",\"price\":790,\"priceCurrency\":\"MDL\",\"category\":\"Seturi de cadouri\",\"availability\":\"https:\\\/\\\/schema.org\\\/InStock\",\"priceSpecification\":{\"@type\":\"PriceSpecification\",\"price\":790,\"priceCurrency\":\"MDL\",\"valueAddedTaxIncluded\":\"true\"},\"seller\":{\"@type\":\"Organization\",\"@id\":\"https:\\\/\\\/tabaccomd.com\\\/ro\\\/#organization\"}}},{\"@type\":\"WebPage\",\"@id\":\"https:\\\/\\\/tabaccomd.com\\\/ro\\\/product\\\/set-cadou-zippo-high-polish-chrome-vintage-2\\\/#webpage\",\"url\":\"https:\\\/\\\/tabaccomd.com\\\/ro\\\/product\\\/set-cadou-zippo-high-polish-chrome-vintage-2\\\/\",\"name\":\"Set cadou Zippo High Polish Chrome Vintage \\u2013 Tabacco House\",\"inLanguage\":\"ro-RO\",\"isPartOf\":{\"@id\":\"https:\\\/\\\/tabaccomd.com\\\/ro\\\/#website\"},\"breadcrumb\":{\"@id\":\"https:\\\/\\\/tabaccomd.com\\\/ro\\\/product\\\/set-cadou-zippo-high-polish-chrome-vintage-2\\\/#breadcrumblist\"},\"image\":{\"@type\":\"ImageObject\",\"url\":\"https:\\\/\\\/tabaccomd.com\\\/wp-content\\\/uploads\\\/2025\\\/12\\\/set-cadou-Zippo-Two-Wolves-Design.jpg\",\"@id\":\"https:\\\/\\\/tabaccomd.com\\\/ro\\\/product\\\/set-cadou-zippo-high-polish-chrome-vintage-2\\\/#mainImage\",\"width\":1200,\"height\":1200,\"caption\":\"set-cadou-Zippo-Two-Wolves-Design\"},\"primaryImageOfPage\":{\"@id\":\"https:\\\/\\\/tabaccomd.com\\\/ro\\\/product\\\/set-cadou-zippo-high-polish-chrome-vintage-2\\\/#mainImage\"},\"datePublished\":\"2025-12-29T18:46:52+03:00\",\"dateModified\":\"2025-12-29T18:46:52+03:00\"},{\"@type\":\"WebSite\",\"@id\":\"https:\\\/\\\/tabaccomd.com\\\/ro\\\/#website\",\"url\":\"https:\\\/\\\/tabaccomd.com\\\/ro\\\/\",\"name\":\"Tabacco House\",\"alternateName\":\"tobaccomd.com\",\"description\":\"\\u041c\\u0430\\u0433\\u0430\\u0437\\u0438\\u043d \\u0442\\u0430\\u0431\\u0430\\u0447\\u043d\\u044b\\u0445 \\u0438\\u0437\\u0434\\u0435\\u043b\\u0438\\u0439\",\"inLanguage\":\"ro-RO\",\"publisher\":{\"@id\":\"https:\\\/\\\/tabaccomd.com\\\/ro\\\/#organization\"}}]}\n\t\t<\/script>\n\t\t<!-- All in One SEO Pro -->\r\n\t\t<title>Set cadou Zippo High Polish Chrome Vintage \u2013 Tabacco House<\/title>\n\n","aioseo_head_json":{"title":"Set cadou Zippo High Polish Chrome Vintage \u2013 Tabacco House","description":"","canonical_url":"https:\/\/tabaccomd.com\/ro\/product\/set-cadou-zippo-high-polish-chrome-vintage-2\/","robots":"max-image-preview:large","keywords":"","webmasterTools":{"miscellaneous":""},"schema":{"@context":"https:\/\/schema.org","@graph":[{"@type":"BreadcrumbList","@id":"https:\/\/tabaccomd.com\/ro\/product\/set-cadou-zippo-high-polish-chrome-vintage-2\/#breadcrumblist","itemListElement":[{"@type":"ListItem","@id":"https:\/\/tabaccomd.com\/ro\/#listItem","position":1,"name":"\u0413\u043b\u0430\u0432\u043d\u0430\u044f","item":"https:\/\/tabaccomd.com\/ro\/","nextItem":{"@type":"ListItem","@id":"https:\/\/tabaccomd.com\/ro\/catalog\/#listItem","name":"Catalog"}},{"@type":"ListItem","@id":"https:\/\/tabaccomd.com\/ro\/catalog\/#listItem","position":2,"name":"Catalog","item":"https:\/\/tabaccomd.com\/ro\/catalog\/","nextItem":{"@type":"ListItem","@id":"https:\/\/tabaccomd.com\/ro\/product-category\/gixt-box\/#listItem","name":"Gift Box"},"previousItem":{"@type":"ListItem","@id":"https:\/\/tabaccomd.com\/ro\/#listItem","name":"\u0413\u043b\u0430\u0432\u043d\u0430\u044f"}},{"@type":"ListItem","@id":"https:\/\/tabaccomd.com\/ro\/product-category\/gixt-box\/#listItem","position":3,"name":"Gift Box","item":"https:\/\/tabaccomd.com\/ro\/product-category\/gixt-box\/","nextItem":{"@type":"ListItem","@id":"https:\/\/tabaccomd.com\/ro\/product-category\/gixt-box\/seturi-de-cadouri\/#listItem","name":"Seturi de cadouri"},"previousItem":{"@type":"ListItem","@id":"https:\/\/tabaccomd.com\/ro\/catalog\/#listItem","name":"Catalog"}},{"@type":"ListItem","@id":"https:\/\/tabaccomd.com\/ro\/product-category\/gixt-box\/seturi-de-cadouri\/#listItem","position":4,"name":"Seturi de cadouri","item":"https:\/\/tabaccomd.com\/ro\/product-category\/gixt-box\/seturi-de-cadouri\/","nextItem":{"@type":"ListItem","@id":"https:\/\/tabaccomd.com\/ro\/product\/set-cadou-zippo-high-polish-chrome-vintage-2\/#listItem","name":"Set cadou Zippo High Polish Chrome Vintage"},"previousItem":{"@type":"ListItem","@id":"https:\/\/tabaccomd.com\/ro\/product-category\/gixt-box\/#listItem","name":"Gift Box"}},{"@type":"ListItem","@id":"https:\/\/tabaccomd.com\/ro\/product\/set-cadou-zippo-high-polish-chrome-vintage-2\/#listItem","position":5,"name":"Set cadou Zippo High Polish Chrome Vintage","previousItem":{"@type":"ListItem","@id":"https:\/\/tabaccomd.com\/ro\/product-category\/gixt-box\/seturi-de-cadouri\/#listItem","name":"Seturi de cadouri"}}]},{"@type":"Organization","@id":"https:\/\/tabaccomd.com\/ro\/#organization","name":"Tabacco House","description":"\u041c\u0430\u0433\u0430\u0437\u0438\u043d \u0442\u0430\u0431\u0430\u0447\u043d\u044b\u0445 \u0438\u0437\u0434\u0435\u043b\u0438\u0439","url":"https:\/\/tabaccomd.com\/ro\/","email":"Office@cazacuhouse.com","telephone":"+37361000935","logo":{"@type":"ImageObject","url":"https:\/\/tabaccomd.com\/wp-content\/uploads\/2024\/02\/logo_header3.png","@id":"https:\/\/tabaccomd.com\/ro\/product\/set-cadou-zippo-high-polish-chrome-vintage-2\/#organizationLogo","width":32,"height":32,"caption":"Tabacco House"},"image":{"@id":"https:\/\/tabaccomd.com\/ro\/product\/set-cadou-zippo-high-polish-chrome-vintage-2\/#organizationLogo"},"sameAs":["https:\/\/www.facebook.com\/tabaccomd.com\/","https:\/\/www.instagram.com\/tabaccomd.com\/"],"address":{"@id":"https:\/\/tabaccomd.com\/ro\/#postaladdress","@type":"PostalAddress","streetAddress":"Strada Albi\u015foara 4, Chi\u0219in\u0103u, Bulevardul \u0218tefan cel Mare \u0219i Sf\u00eent 136, Chi\u0219in\u0103u","addressLocality":"Chi\u0219in\u0103u","addressCountry":"MD"}},{"@type":"Product","@id":"https:\/\/tabaccomd.com\/ro\/product\/set-cadou-zippo-high-polish-chrome-vintage-2\/#wooCommerceProduct","name":"Set cadou Zippo High Polish Chrome Vintage","description":"SET DISPONIBIL DOAR LA COMAND\u0102 ONLINE\r\n \tCorp Classic tradi\u021bional\r\n \tGaran\u021bie pe via\u021b\u0103\r\n \tBricheta se livreaz\u0103 neumplut\u0103\r\n \tCutie cadou \u0219i cremene\u00a0Zippo\r\n \tBrichet\u0103 Zippo Two Wolves Design","url":"https:\/\/tabaccomd.com\/ro\/product\/set-cadou-zippo-high-polish-chrome-vintage-2\/","sku":"n46694","image":{"@type":"ImageObject","url":"https:\/\/tabaccomd.com\/wp-content\/uploads\/2025\/12\/set-cadou-Zippo-Two-Wolves-Design.jpg","@id":"https:\/\/tabaccomd.com\/ro\/product\/set-cadou-zippo-high-polish-chrome-vintage-2\/#productImage","width":1200,"height":1200,"caption":"set-cadou-Zippo-Two-Wolves-Design"},"offers":{"@type":"Offer","url":"https:\/\/tabaccomd.com\/ro\/product\/set-cadou-zippo-high-polish-chrome-vintage-2\/#wooCommerceOffer","price":790,"priceCurrency":"MDL","category":"Seturi de cadouri","availability":"https:\/\/schema.org\/InStock","priceSpecification":{"@type":"PriceSpecification","price":790,"priceCurrency":"MDL","valueAddedTaxIncluded":"true"},"seller":{"@type":"Organization","@id":"https:\/\/tabaccomd.com\/ro\/#organization"}}},{"@type":"WebPage","@id":"https:\/\/tabaccomd.com\/ro\/product\/set-cadou-zippo-high-polish-chrome-vintage-2\/#webpage","url":"https:\/\/tabaccomd.com\/ro\/product\/set-cadou-zippo-high-polish-chrome-vintage-2\/","name":"Set cadou Zippo High Polish Chrome Vintage \u2013 Tabacco House","inLanguage":"ro-RO","isPartOf":{"@id":"https:\/\/tabaccomd.com\/ro\/#website"},"breadcrumb":{"@id":"https:\/\/tabaccomd.com\/ro\/product\/set-cadou-zippo-high-polish-chrome-vintage-2\/#breadcrumblist"},"image":{"@type":"ImageObject","url":"https:\/\/tabaccomd.com\/wp-content\/uploads\/2025\/12\/set-cadou-Zippo-Two-Wolves-Design.jpg","@id":"https:\/\/tabaccomd.com\/ro\/product\/set-cadou-zippo-high-polish-chrome-vintage-2\/#mainImage","width":1200,"height":1200,"caption":"set-cadou-Zippo-Two-Wolves-Design"},"primaryImageOfPage":{"@id":"https:\/\/tabaccomd.com\/ro\/product\/set-cadou-zippo-high-polish-chrome-vintage-2\/#mainImage"},"datePublished":"2025-12-29T18:46:52+03:00","dateModified":"2025-12-29T18:46:52+03:00"},{"@type":"WebSite","@id":"https:\/\/tabaccomd.com\/ro\/#website","url":"https:\/\/tabaccomd.com\/ro\/","name":"Tabacco House","alternateName":"tobaccomd.com","description":"\u041c\u0430\u0433\u0430\u0437\u0438\u043d \u0442\u0430\u0431\u0430\u0447\u043d\u044b\u0445 \u0438\u0437\u0434\u0435\u043b\u0438\u0439","inLanguage":"ro-RO","publisher":{"@id":"https:\/\/tabaccomd.com\/ro\/#organization"}}]},"og:locale":"ro_RO","og:site_name":"Tabacco House \u2013 \u041c\u0430\u0433\u0430\u0437\u0438\u043d \u0442\u0430\u0431\u0430\u0447\u043d\u044b\u0445 \u0438\u0437\u0434\u0435\u043b\u0438\u0439","og:type":"article","og:title":"Set cadou Zippo High Polish Chrome Vintage \u2013 Tabacco House","og:url":"https:\/\/tabaccomd.com\/ro\/product\/set-cadou-zippo-high-polish-chrome-vintage-2\/","article:published_time":"2025-12-29T15:46:52+00:00","article:modified_time":"2025-12-29T15:46:52+00:00","article:publisher":"https:\/\/www.facebook.com\/tabaccomd.com\/","twitter:card":"summary_large_image","twitter:title":"Set cadou Zippo High Polish Chrome Vintage \u2013 Tabacco House"},"aioseo_meta_data":{"post_id":"156192","title":null,"description":null,"keywords":null,"keyphrases":null,"primary_term":null,"canonical_url":null,"og_title":null,"og_description":null,"og_object_type":"default","og_image_type":"default","og_image_url":null,"og_image_width":null,"og_image_height":null,"og_image_custom_url":null,"og_image_custom_fields":null,"og_video":null,"og_custom_url":null,"og_article_section":null,"og_article_tags":null,"twitter_use_og":false,"twitter_card":"default","twitter_image_type":"default","twitter_image_url":null,"twitter_image_custom_url":null,"twitter_image_custom_fields":null,"twitter_title":null,"twitter_description":null,"schema":{"blockGraphs":[],"customGraphs":[],"default":{"data":{"Article":[],"Course":[],"Dataset":[],"FAQPage":[],"Movie":[],"Person":[],"Product":[],"ProductReview":[],"Car":[],"Recipe":[],"Service":[],"SoftwareApplication":[],"WebPage":[]},"graphName":"","isEnabled":true},"graphs":[]},"schema_type":"default","schema_type_options":null,"pillar_content":false,"robots_default":true,"robots_noindex":false,"robots_noarchive":false,"robots_nosnippet":false,"robots_nofollow":false,"robots_noimageindex":false,"robots_noodp":false,"robots_notranslate":false,"robots_max_snippet":null,"robots_max_videopreview":null,"robots_max_imagepreview":"large","priority":null,"frequency":null,"local_seo":null,"seo_analyzer_scan_date":"2025-12-29 15:52:14","breadcrumb_settings":null,"limit_modified_date":false,"reviewed_by":null,"open_ai":null,"ai":null,"created":"2025-12-29 15:49:10","updated":"2025-12-29 16:04:15"},"aioseo_breadcrumb":"<div class=\"aioseo-breadcrumbs\"><span class=\"aioseo-breadcrumb\">\n\t<a href=\"https:\/\/tabaccomd.com\/ro\/\" title=\"\u0413\u043b\u0430\u0432\u043d\u0430\u044f\">\u0413\u043b\u0430\u0432\u043d\u0430\u044f<\/a>\n<\/span><span class=\"aioseo-breadcrumb-separator\">\u00bb<\/span><span class=\"aioseo-breadcrumb\">\n\t<a href=\"https:\/\/tabaccomd.com\/ro\/catalog\/\" title=\"Catalog\">Catalog<\/a>\n<\/span><span class=\"aioseo-breadcrumb-separator\">\u00bb<\/span><span class=\"aioseo-breadcrumb\">\n\t<a href=\"https:\/\/tabaccomd.com\/ro\/product-category\/gixt-box\/\" title=\"Gift Box\">Gift Box<\/a>\n<\/span><span class=\"aioseo-breadcrumb-separator\">\u00bb<\/span><span class=\"aioseo-breadcrumb\">\n\t<a href=\"https:\/\/tabaccomd.com\/ro\/product-category\/gixt-box\/seturi-de-cadouri\/\" title=\"Seturi de cadouri\">Seturi de cadouri<\/a>\n<\/span><span class=\"aioseo-breadcrumb-separator\">\u00bb<\/span><span class=\"aioseo-breadcrumb\">\n\tSet cadou Zippo High Polish Chrome Vintage\n<\/span><\/div>","aioseo_breadcrumb_json":[{"label":"\u0413\u043b\u0430\u0432\u043d\u0430\u044f","link":"https:\/\/tabaccomd.com\/ro\/"},{"label":"Catalog","link":"https:\/\/tabaccomd.com\/ro\/catalog\/"},{"label":"Gift Box","link":"https:\/\/tabaccomd.com\/ro\/product-category\/gixt-box\/"},{"label":"Seturi de cadouri","link":"https:\/\/tabaccomd.com\/ro\/product-category\/gixt-box\/seturi-de-cadouri\/"},{"label":"Set cadou Zippo High Polish Chrome Vintage","link":"https:\/\/tabaccomd.com\/ro\/product\/set-cadou-zippo-high-polish-chrome-vintage-2\/"}],"images_for_1c":[{"url":"https:\/\/tabaccomd.com\/wp-content\/uploads\/2025\/12\/set-cadou-Zippo-Two-Wolves-Design.jpg","type":"featured","alt":"set-cadou-Zippo-Two-Wolves-Design","filename":"set-cadou-Zippo-Two-Wolves-Design.jpg"}],"additional_data_1c":{"modified_date":"2025-12-29 18:46:52","permalink":"https:\/\/tabaccomd.com\/ro\/product\/set-cadou-zippo-high-polish-chrome-vintage-2\/","stock_status":"instock","manage_stock":"no"},"_links":{"self":[{"href":"https:\/\/tabaccomd.com\/ro\/wp-json\/wp\/v2\/product\/156192","targetHints":{"allow":["GET"]}}],"collection":[{"href":"https:\/\/tabaccomd.com\/ro\/wp-json\/wp\/v2\/product"}],"about":[{"href":"https:\/\/tabaccomd.com\/ro\/wp-json\/wp\/v2\/types\/product"}],"wp:featuredmedia":[{"embeddable":true,"href":"https:\/\/tabaccomd.com\/ro\/wp-json\/wp\/v2\/media\/156191"}],"wp:attachment":[{"href":"https:\/\/tabaccomd.com\/ro\/wp-json\/wp\/v2\/media?parent=156192"}],"wp:term":[{"taxonomy":"product_brand","embeddable":true,"href":"https:\/\/tabaccomd.com\/ro\/wp-json\/wp\/v2\/product_brand?post=156192"},{"taxonomy":"product_cat","embeddable":true,"href":"https:\/\/tabaccomd.com\/ro\/wp-json\/wp\/v2\/product_cat?post=156192"},{"taxonomy":"product_tag","embeddable":true,"href":"https:\/\/tabaccomd.com\/ro\/wp-json\/wp\/v2\/product_tag?post=156192"}],"curies":[{"name":"wp","href":"https:\/\/api.w.org\/{rel}","templated":true}]}}