{"id":155710,"date":"2025-12-03T15:31:40","date_gmt":"2025-12-03T12:31:40","guid":{"rendered":"https:\/\/tabaccomd.com\/product\/hartie-pentru-tigari-mascotte-original-king-combi\/"},"modified":"2025-12-03T15:31:40","modified_gmt":"2025-12-03T12:31:40","slug":"hartie-pentru-tigari-mascotte-original-king-combi","status":"publish","type":"product","link":"https:\/\/tabaccomd.com\/ro\/product\/hartie-pentru-tigari-mascotte-original-king-combi\/","title":{"rendered":"H\u00e2rtie pentru \u021big\u0103ri Mascotte Original King Combi"},"content":{"rendered":"<p><a href=\"https:\/\/tabaccomd.com\/ro\/product-category\/totul-pentru-rulat\/hartie-pentru-tigari\/\">H\u00e2rtiile de rulat<\/a> Mascotte Original King Combi combin\u0103 confortul \u0219i grija deosebit\u0103 \u00eentr-un set elegant de dimensiuni king-size. Totul este conceput pentru a face rularea u\u0219oar\u0103, \u00eengrijit\u0103 \u0219i cu adev\u0103rat confortabil\u0103. Ambalajul are o \u00eenchidere magnetic\u0103 care protejeaz\u0103 \u00een siguran\u021b\u0103 h\u00e2rtia de \u0219ifonare \u0219i \u00eendoire, men\u021bin\u00e2nd fiecare foaie perfect plat\u0103. Setul include 34 de coli de h\u00e2rtii de rulat Mascotte Original King Size albe, cu autostingere \u0219i ardere lent\u0103, renumite pentru aroma lor pur\u0103 \u0219i calitatea constant\u0103. Setul include, de asemenea, 34 de filtre de h\u00e2rtie Mascotte originale, netede, durabile \u0219i ideale pentru crearea unui filtru confortabil. Mascotte Original King Combi este un set all-in-one care combin\u0103 estetica, func\u021bionalitatea \u0219i fiabilitatea, transform\u00e2nd fiecare rol\u0103 \u00eentr-un ritual \u00eengrijit \u0219i cu aten\u021bie lucrat.<\/p>\n<p>Pute\u021bi achizi\u021biona h\u00e2rtia pentru \u021big\u0103ri Mascotte Original King Combi \u00een Moldova, Chi\u0219in\u0103u, \u00een re\u021beaua de magazine Tabacco House.<\/p>\n","protected":false},"excerpt":{"rendered":"<ul>\n<li>Produc\u0103tor: Mignot &amp; De Block enterprise<\/li>\n<li>\u021aara produc\u0103torului: Olanda<\/li>\n<li>Lungime: 44 x 107 mm<\/li>\n<li>Cantitate: 34 de h\u00e2rtii + 34 de filtre din carton<\/li>\n<li>Densitate: Ultrafin\u0103 (14 g\/m\u00b2)<\/li>\n<li>Material: R\u0103\u0219in\u0103 arab\u0103 \u0219i suc de salc\u00e2m<\/li>\n<\/ul>\n","protected":false},"featured_media":155703,"template":"","meta":{"om_disable_all_campaigns":false,"_monsterinsights_skip_tracking":false,"_monsterinsights_sitenote_active":false,"_monsterinsights_sitenote_note":"","_monsterinsights_sitenote_category":0},"product_brand":[],"product_cat":[170],"product_tag":[],"class_list":{"0":"post-155710","1":"product","2":"type-product","3":"status-publish","4":"has-post-thumbnail","6":"product_cat-hartie-pentru-tigari","8":"first","9":"instock","10":"taxable","11":"shipping-taxable","12":"purchasable","13":"product-type-simple"},"aioseo_notices":[],"aioseo_head":"\n\t\t<!-- All in One SEO Pro 4.9.5.2 - aioseo.com -->\n\t<meta name=\"robots\" content=\"max-image-preview:large\" \/>\n\t<link rel=\"canonical\" href=\"https:\/\/tabaccomd.com\/ro\/product\/hartie-pentru-tigari-mascotte-original-king-combi\/\" \/>\n\t<meta name=\"generator\" content=\"All in One SEO Pro (AIOSEO) 4.9.5.2\" \/>\n\t\t<meta property=\"og:locale\" content=\"ro_RO\" \/>\n\t\t<meta property=\"og:site_name\" content=\"Tabacco House \u2013 \u041c\u0430\u0433\u0430\u0437\u0438\u043d \u0442\u0430\u0431\u0430\u0447\u043d\u044b\u0445 \u0438\u0437\u0434\u0435\u043b\u0438\u0439\" \/>\n\t\t<meta property=\"og:type\" content=\"article\" \/>\n\t\t<meta property=\"og:title\" content=\"H\u00e2rtie pentru \u021big\u0103ri Mascotte Original King Combi \u2013 Tabacco House\" \/>\n\t\t<meta property=\"og:url\" content=\"https:\/\/tabaccomd.com\/ro\/product\/hartie-pentru-tigari-mascotte-original-king-combi\/\" \/>\n\t\t<meta property=\"article:published_time\" content=\"2025-12-03T12:31:40+00:00\" \/>\n\t\t<meta property=\"article:modified_time\" content=\"2025-12-03T12:31:40+00:00\" \/>\n\t\t<meta property=\"article:publisher\" content=\"https:\/\/www.facebook.com\/tabaccomd.com\/\" \/>\n\t\t<meta name=\"twitter:card\" content=\"summary_large_image\" \/>\n\t\t<meta name=\"twitter:title\" content=\"H\u00e2rtie pentru \u021big\u0103ri Mascotte Original King Combi \u2013 Tabacco House\" \/>\n\t\t<script type=\"application\/ld+json\" class=\"aioseo-schema\">\n\t\t\t{\"@context\":\"https:\\\/\\\/schema.org\",\"@graph\":[{\"@type\":\"BreadcrumbList\",\"@id\":\"https:\\\/\\\/tabaccomd.com\\\/ro\\\/product\\\/hartie-pentru-tigari-mascotte-original-king-combi\\\/#breadcrumblist\",\"itemListElement\":[{\"@type\":\"ListItem\",\"@id\":\"https:\\\/\\\/tabaccomd.com\\\/ro\\\/#listItem\",\"position\":1,\"name\":\"\\u0413\\u043b\\u0430\\u0432\\u043d\\u0430\\u044f\",\"item\":\"https:\\\/\\\/tabaccomd.com\\\/ro\\\/\",\"nextItem\":{\"@type\":\"ListItem\",\"@id\":\"https:\\\/\\\/tabaccomd.com\\\/ro\\\/catalog\\\/#listItem\",\"name\":\"Catalog\"}},{\"@type\":\"ListItem\",\"@id\":\"https:\\\/\\\/tabaccomd.com\\\/ro\\\/catalog\\\/#listItem\",\"position\":2,\"name\":\"Catalog\",\"item\":\"https:\\\/\\\/tabaccomd.com\\\/ro\\\/catalog\\\/\",\"nextItem\":{\"@type\":\"ListItem\",\"@id\":\"https:\\\/\\\/tabaccomd.com\\\/ro\\\/product-category\\\/totul-pentru-rulat\\\/#listItem\",\"name\":\"Totul pentru rulat\"},\"previousItem\":{\"@type\":\"ListItem\",\"@id\":\"https:\\\/\\\/tabaccomd.com\\\/ro\\\/#listItem\",\"name\":\"\\u0413\\u043b\\u0430\\u0432\\u043d\\u0430\\u044f\"}},{\"@type\":\"ListItem\",\"@id\":\"https:\\\/\\\/tabaccomd.com\\\/ro\\\/product-category\\\/totul-pentru-rulat\\\/#listItem\",\"position\":3,\"name\":\"Totul pentru rulat\",\"item\":\"https:\\\/\\\/tabaccomd.com\\\/ro\\\/product-category\\\/totul-pentru-rulat\\\/\",\"nextItem\":{\"@type\":\"ListItem\",\"@id\":\"https:\\\/\\\/tabaccomd.com\\\/ro\\\/product-category\\\/totul-pentru-rulat\\\/hartie-pentru-tigari\\\/#listItem\",\"name\":\"H\\u00e2rtie pentru \\u021big\\u0103ri\"},\"previousItem\":{\"@type\":\"ListItem\",\"@id\":\"https:\\\/\\\/tabaccomd.com\\\/ro\\\/catalog\\\/#listItem\",\"name\":\"Catalog\"}},{\"@type\":\"ListItem\",\"@id\":\"https:\\\/\\\/tabaccomd.com\\\/ro\\\/product-category\\\/totul-pentru-rulat\\\/hartie-pentru-tigari\\\/#listItem\",\"position\":4,\"name\":\"H\\u00e2rtie pentru \\u021big\\u0103ri\",\"item\":\"https:\\\/\\\/tabaccomd.com\\\/ro\\\/product-category\\\/totul-pentru-rulat\\\/hartie-pentru-tigari\\\/\",\"nextItem\":{\"@type\":\"ListItem\",\"@id\":\"https:\\\/\\\/tabaccomd.com\\\/ro\\\/product\\\/hartie-pentru-tigari-mascotte-original-king-combi\\\/#listItem\",\"name\":\"H\\u00e2rtie pentru \\u021big\\u0103ri Mascotte Original King Combi\"},\"previousItem\":{\"@type\":\"ListItem\",\"@id\":\"https:\\\/\\\/tabaccomd.com\\\/ro\\\/product-category\\\/totul-pentru-rulat\\\/#listItem\",\"name\":\"Totul pentru rulat\"}},{\"@type\":\"ListItem\",\"@id\":\"https:\\\/\\\/tabaccomd.com\\\/ro\\\/product\\\/hartie-pentru-tigari-mascotte-original-king-combi\\\/#listItem\",\"position\":5,\"name\":\"H\\u00e2rtie pentru \\u021big\\u0103ri Mascotte Original King Combi\",\"previousItem\":{\"@type\":\"ListItem\",\"@id\":\"https:\\\/\\\/tabaccomd.com\\\/ro\\\/product-category\\\/totul-pentru-rulat\\\/hartie-pentru-tigari\\\/#listItem\",\"name\":\"H\\u00e2rtie pentru \\u021big\\u0103ri\"}}]},{\"@type\":\"Organization\",\"@id\":\"https:\\\/\\\/tabaccomd.com\\\/ro\\\/#organization\",\"name\":\"Tabacco House\",\"description\":\"\\u041c\\u0430\\u0433\\u0430\\u0437\\u0438\\u043d \\u0442\\u0430\\u0431\\u0430\\u0447\\u043d\\u044b\\u0445 \\u0438\\u0437\\u0434\\u0435\\u043b\\u0438\\u0439\",\"url\":\"https:\\\/\\\/tabaccomd.com\\\/ro\\\/\",\"email\":\"Office@cazacuhouse.com\",\"telephone\":\"+37361000935\",\"logo\":{\"@type\":\"ImageObject\",\"url\":\"https:\\\/\\\/tabaccomd.com\\\/wp-content\\\/uploads\\\/2024\\\/02\\\/logo_header3.png\",\"@id\":\"https:\\\/\\\/tabaccomd.com\\\/ro\\\/product\\\/hartie-pentru-tigari-mascotte-original-king-combi\\\/#organizationLogo\",\"width\":32,\"height\":32,\"caption\":\"Tabacco House\"},\"image\":{\"@id\":\"https:\\\/\\\/tabaccomd.com\\\/ro\\\/product\\\/hartie-pentru-tigari-mascotte-original-king-combi\\\/#organizationLogo\"},\"sameAs\":[\"https:\\\/\\\/www.facebook.com\\\/tabaccomd.com\\\/\",\"https:\\\/\\\/www.instagram.com\\\/tabaccomd.com\\\/\"],\"address\":{\"@id\":\"https:\\\/\\\/tabaccomd.com\\\/ro\\\/#postaladdress\",\"@type\":\"PostalAddress\",\"streetAddress\":\"Strada Albi\\u015foara 4, Chi\\u0219in\\u0103u, Bulevardul \\u0218tefan cel Mare \\u0219i Sf\\u00eent 136, Chi\\u0219in\\u0103u\",\"addressLocality\":\"Chi\\u0219in\\u0103u\",\"addressCountry\":\"MD\"}},{\"@type\":\"Product\",\"@id\":\"https:\\\/\\\/tabaccomd.com\\\/ro\\\/product\\\/hartie-pentru-tigari-mascotte-original-king-combi\\\/#wooCommerceProduct\",\"name\":\"H\\u00e2rtie pentru \\u021big\\u0103ri Mascotte Original King Combi\",\"description\":\"Produc\\u0103tor: Mignot &amp; De Block enterprise\\r\\n \\t\\u021aara produc\\u0103torului: Olanda\\r\\n \\tLungime: 44 x 107 mm\\r\\n \\tCantitate: 34 de h\\u00e2rtii + 34 de filtre din carton\\r\\n \\tDensitate: Ultrafin\\u0103 (14 g\\\/m\\u00b2)\\r\\n \\tMaterial: R\\u0103\\u0219in\\u0103 arab\\u0103 \\u0219i suc de salc\\u00e2m\",\"url\":\"https:\\\/\\\/tabaccomd.com\\\/ro\\\/product\\\/hartie-pentru-tigari-mascotte-original-king-combi\\\/\",\"sku\":\"411451322\",\"image\":{\"@type\":\"ImageObject\",\"url\":\"https:\\\/\\\/tabaccomd.com\\\/wp-content\\\/uploads\\\/2025\\\/12\\\/mascotte-original-king-size-combi-0.jpg\",\"@id\":\"https:\\\/\\\/tabaccomd.com\\\/ro\\\/product\\\/hartie-pentru-tigari-mascotte-original-king-combi\\\/#productImage\",\"width\":1200,\"height\":1200,\"caption\":\"mascotte-original-king-size-combi-0\"},\"offers\":{\"@type\":\"Offer\",\"url\":\"https:\\\/\\\/tabaccomd.com\\\/ro\\\/product\\\/hartie-pentru-tigari-mascotte-original-king-combi\\\/#wooCommerceOffer\",\"price\":35,\"priceCurrency\":\"MDL\",\"category\":\"H\\u00e2rtie pentru \\u021big\\u0103ri\",\"availability\":\"https:\\\/\\\/schema.org\\\/InStock\",\"priceSpecification\":{\"@type\":\"PriceSpecification\",\"price\":35,\"priceCurrency\":\"MDL\",\"valueAddedTaxIncluded\":\"true\"},\"seller\":{\"@type\":\"Organization\",\"@id\":\"https:\\\/\\\/tabaccomd.com\\\/ro\\\/#organization\"}}},{\"@type\":\"WebPage\",\"@id\":\"https:\\\/\\\/tabaccomd.com\\\/ro\\\/product\\\/hartie-pentru-tigari-mascotte-original-king-combi\\\/#webpage\",\"url\":\"https:\\\/\\\/tabaccomd.com\\\/ro\\\/product\\\/hartie-pentru-tigari-mascotte-original-king-combi\\\/\",\"name\":\"H\\u00e2rtie pentru \\u021big\\u0103ri Mascotte Original King Combi \\u2013 Tabacco House\",\"inLanguage\":\"ro-RO\",\"isPartOf\":{\"@id\":\"https:\\\/\\\/tabaccomd.com\\\/ro\\\/#website\"},\"breadcrumb\":{\"@id\":\"https:\\\/\\\/tabaccomd.com\\\/ro\\\/product\\\/hartie-pentru-tigari-mascotte-original-king-combi\\\/#breadcrumblist\"},\"image\":{\"@type\":\"ImageObject\",\"url\":\"https:\\\/\\\/tabaccomd.com\\\/wp-content\\\/uploads\\\/2025\\\/12\\\/mascotte-original-king-size-combi-0.jpg\",\"@id\":\"https:\\\/\\\/tabaccomd.com\\\/ro\\\/product\\\/hartie-pentru-tigari-mascotte-original-king-combi\\\/#mainImage\",\"width\":1200,\"height\":1200,\"caption\":\"mascotte-original-king-size-combi-0\"},\"primaryImageOfPage\":{\"@id\":\"https:\\\/\\\/tabaccomd.com\\\/ro\\\/product\\\/hartie-pentru-tigari-mascotte-original-king-combi\\\/#mainImage\"},\"datePublished\":\"2025-12-03T15:31:40+03:00\",\"dateModified\":\"2025-12-03T15:31:40+03:00\"},{\"@type\":\"WebSite\",\"@id\":\"https:\\\/\\\/tabaccomd.com\\\/ro\\\/#website\",\"url\":\"https:\\\/\\\/tabaccomd.com\\\/ro\\\/\",\"name\":\"Tabacco House\",\"alternateName\":\"tobaccomd.com\",\"description\":\"\\u041c\\u0430\\u0433\\u0430\\u0437\\u0438\\u043d \\u0442\\u0430\\u0431\\u0430\\u0447\\u043d\\u044b\\u0445 \\u0438\\u0437\\u0434\\u0435\\u043b\\u0438\\u0439\",\"inLanguage\":\"ro-RO\",\"publisher\":{\"@id\":\"https:\\\/\\\/tabaccomd.com\\\/ro\\\/#organization\"}}]}\n\t\t<\/script>\n\t\t<!-- All in One SEO Pro -->\r\n\t\t<title>H\u00e2rtie pentru \u021big\u0103ri Mascotte Original King Combi \u2013 Tabacco House<\/title>\n\n","aioseo_head_json":{"title":"H\u00e2rtie pentru \u021big\u0103ri Mascotte Original King Combi \u2013 Tabacco House","description":"","canonical_url":"https:\/\/tabaccomd.com\/ro\/product\/hartie-pentru-tigari-mascotte-original-king-combi\/","robots":"max-image-preview:large","keywords":"","webmasterTools":{"miscellaneous":""},"schema":{"@context":"https:\/\/schema.org","@graph":[{"@type":"BreadcrumbList","@id":"https:\/\/tabaccomd.com\/ro\/product\/hartie-pentru-tigari-mascotte-original-king-combi\/#breadcrumblist","itemListElement":[{"@type":"ListItem","@id":"https:\/\/tabaccomd.com\/ro\/#listItem","position":1,"name":"\u0413\u043b\u0430\u0432\u043d\u0430\u044f","item":"https:\/\/tabaccomd.com\/ro\/","nextItem":{"@type":"ListItem","@id":"https:\/\/tabaccomd.com\/ro\/catalog\/#listItem","name":"Catalog"}},{"@type":"ListItem","@id":"https:\/\/tabaccomd.com\/ro\/catalog\/#listItem","position":2,"name":"Catalog","item":"https:\/\/tabaccomd.com\/ro\/catalog\/","nextItem":{"@type":"ListItem","@id":"https:\/\/tabaccomd.com\/ro\/product-category\/totul-pentru-rulat\/#listItem","name":"Totul pentru rulat"},"previousItem":{"@type":"ListItem","@id":"https:\/\/tabaccomd.com\/ro\/#listItem","name":"\u0413\u043b\u0430\u0432\u043d\u0430\u044f"}},{"@type":"ListItem","@id":"https:\/\/tabaccomd.com\/ro\/product-category\/totul-pentru-rulat\/#listItem","position":3,"name":"Totul pentru rulat","item":"https:\/\/tabaccomd.com\/ro\/product-category\/totul-pentru-rulat\/","nextItem":{"@type":"ListItem","@id":"https:\/\/tabaccomd.com\/ro\/product-category\/totul-pentru-rulat\/hartie-pentru-tigari\/#listItem","name":"H\u00e2rtie pentru \u021big\u0103ri"},"previousItem":{"@type":"ListItem","@id":"https:\/\/tabaccomd.com\/ro\/catalog\/#listItem","name":"Catalog"}},{"@type":"ListItem","@id":"https:\/\/tabaccomd.com\/ro\/product-category\/totul-pentru-rulat\/hartie-pentru-tigari\/#listItem","position":4,"name":"H\u00e2rtie pentru \u021big\u0103ri","item":"https:\/\/tabaccomd.com\/ro\/product-category\/totul-pentru-rulat\/hartie-pentru-tigari\/","nextItem":{"@type":"ListItem","@id":"https:\/\/tabaccomd.com\/ro\/product\/hartie-pentru-tigari-mascotte-original-king-combi\/#listItem","name":"H\u00e2rtie pentru \u021big\u0103ri Mascotte Original King Combi"},"previousItem":{"@type":"ListItem","@id":"https:\/\/tabaccomd.com\/ro\/product-category\/totul-pentru-rulat\/#listItem","name":"Totul pentru rulat"}},{"@type":"ListItem","@id":"https:\/\/tabaccomd.com\/ro\/product\/hartie-pentru-tigari-mascotte-original-king-combi\/#listItem","position":5,"name":"H\u00e2rtie pentru \u021big\u0103ri Mascotte Original King Combi","previousItem":{"@type":"ListItem","@id":"https:\/\/tabaccomd.com\/ro\/product-category\/totul-pentru-rulat\/hartie-pentru-tigari\/#listItem","name":"H\u00e2rtie pentru \u021big\u0103ri"}}]},{"@type":"Organization","@id":"https:\/\/tabaccomd.com\/ro\/#organization","name":"Tabacco House","description":"\u041c\u0430\u0433\u0430\u0437\u0438\u043d \u0442\u0430\u0431\u0430\u0447\u043d\u044b\u0445 \u0438\u0437\u0434\u0435\u043b\u0438\u0439","url":"https:\/\/tabaccomd.com\/ro\/","email":"Office@cazacuhouse.com","telephone":"+37361000935","logo":{"@type":"ImageObject","url":"https:\/\/tabaccomd.com\/wp-content\/uploads\/2024\/02\/logo_header3.png","@id":"https:\/\/tabaccomd.com\/ro\/product\/hartie-pentru-tigari-mascotte-original-king-combi\/#organizationLogo","width":32,"height":32,"caption":"Tabacco House"},"image":{"@id":"https:\/\/tabaccomd.com\/ro\/product\/hartie-pentru-tigari-mascotte-original-king-combi\/#organizationLogo"},"sameAs":["https:\/\/www.facebook.com\/tabaccomd.com\/","https:\/\/www.instagram.com\/tabaccomd.com\/"],"address":{"@id":"https:\/\/tabaccomd.com\/ro\/#postaladdress","@type":"PostalAddress","streetAddress":"Strada Albi\u015foara 4, Chi\u0219in\u0103u, Bulevardul \u0218tefan cel Mare \u0219i Sf\u00eent 136, Chi\u0219in\u0103u","addressLocality":"Chi\u0219in\u0103u","addressCountry":"MD"}},{"@type":"Product","@id":"https:\/\/tabaccomd.com\/ro\/product\/hartie-pentru-tigari-mascotte-original-king-combi\/#wooCommerceProduct","name":"H\u00e2rtie pentru \u021big\u0103ri Mascotte Original King Combi","description":"Produc\u0103tor: Mignot &amp; De Block enterprise\r\n \t\u021aara produc\u0103torului: Olanda\r\n \tLungime: 44 x 107 mm\r\n \tCantitate: 34 de h\u00e2rtii + 34 de filtre din carton\r\n \tDensitate: Ultrafin\u0103 (14 g\/m\u00b2)\r\n \tMaterial: R\u0103\u0219in\u0103 arab\u0103 \u0219i suc de salc\u00e2m","url":"https:\/\/tabaccomd.com\/ro\/product\/hartie-pentru-tigari-mascotte-original-king-combi\/","sku":"411451322","image":{"@type":"ImageObject","url":"https:\/\/tabaccomd.com\/wp-content\/uploads\/2025\/12\/mascotte-original-king-size-combi-0.jpg","@id":"https:\/\/tabaccomd.com\/ro\/product\/hartie-pentru-tigari-mascotte-original-king-combi\/#productImage","width":1200,"height":1200,"caption":"mascotte-original-king-size-combi-0"},"offers":{"@type":"Offer","url":"https:\/\/tabaccomd.com\/ro\/product\/hartie-pentru-tigari-mascotte-original-king-combi\/#wooCommerceOffer","price":35,"priceCurrency":"MDL","category":"H\u00e2rtie pentru \u021big\u0103ri","availability":"https:\/\/schema.org\/InStock","priceSpecification":{"@type":"PriceSpecification","price":35,"priceCurrency":"MDL","valueAddedTaxIncluded":"true"},"seller":{"@type":"Organization","@id":"https:\/\/tabaccomd.com\/ro\/#organization"}}},{"@type":"WebPage","@id":"https:\/\/tabaccomd.com\/ro\/product\/hartie-pentru-tigari-mascotte-original-king-combi\/#webpage","url":"https:\/\/tabaccomd.com\/ro\/product\/hartie-pentru-tigari-mascotte-original-king-combi\/","name":"H\u00e2rtie pentru \u021big\u0103ri Mascotte Original King Combi \u2013 Tabacco House","inLanguage":"ro-RO","isPartOf":{"@id":"https:\/\/tabaccomd.com\/ro\/#website"},"breadcrumb":{"@id":"https:\/\/tabaccomd.com\/ro\/product\/hartie-pentru-tigari-mascotte-original-king-combi\/#breadcrumblist"},"image":{"@type":"ImageObject","url":"https:\/\/tabaccomd.com\/wp-content\/uploads\/2025\/12\/mascotte-original-king-size-combi-0.jpg","@id":"https:\/\/tabaccomd.com\/ro\/product\/hartie-pentru-tigari-mascotte-original-king-combi\/#mainImage","width":1200,"height":1200,"caption":"mascotte-original-king-size-combi-0"},"primaryImageOfPage":{"@id":"https:\/\/tabaccomd.com\/ro\/product\/hartie-pentru-tigari-mascotte-original-king-combi\/#mainImage"},"datePublished":"2025-12-03T15:31:40+03:00","dateModified":"2025-12-03T15:31:40+03:00"},{"@type":"WebSite","@id":"https:\/\/tabaccomd.com\/ro\/#website","url":"https:\/\/tabaccomd.com\/ro\/","name":"Tabacco House","alternateName":"tobaccomd.com","description":"\u041c\u0430\u0433\u0430\u0437\u0438\u043d \u0442\u0430\u0431\u0430\u0447\u043d\u044b\u0445 \u0438\u0437\u0434\u0435\u043b\u0438\u0439","inLanguage":"ro-RO","publisher":{"@id":"https:\/\/tabaccomd.com\/ro\/#organization"}}]},"og:locale":"ro_RO","og:site_name":"Tabacco House \u2013 \u041c\u0430\u0433\u0430\u0437\u0438\u043d \u0442\u0430\u0431\u0430\u0447\u043d\u044b\u0445 \u0438\u0437\u0434\u0435\u043b\u0438\u0439","og:type":"article","og:title":"H\u00e2rtie pentru \u021big\u0103ri Mascotte Original King Combi \u2013 Tabacco House","og:url":"https:\/\/tabaccomd.com\/ro\/product\/hartie-pentru-tigari-mascotte-original-king-combi\/","article:published_time":"2025-12-03T12:31:40+00:00","article:modified_time":"2025-12-03T12:31:40+00:00","article:publisher":"https:\/\/www.facebook.com\/tabaccomd.com\/","twitter:card":"summary_large_image","twitter:title":"H\u00e2rtie pentru \u021big\u0103ri Mascotte Original King Combi \u2013 Tabacco House"},"aioseo_meta_data":{"post_id":"155710","title":null,"description":null,"keywords":null,"keyphrases":null,"primary_term":null,"canonical_url":null,"og_title":null,"og_description":null,"og_object_type":"default","og_image_type":"default","og_image_url":null,"og_image_width":null,"og_image_height":null,"og_image_custom_url":null,"og_image_custom_fields":null,"og_video":null,"og_custom_url":null,"og_article_section":null,"og_article_tags":null,"twitter_use_og":false,"twitter_card":"default","twitter_image_type":"default","twitter_image_url":null,"twitter_image_custom_url":null,"twitter_image_custom_fields":null,"twitter_title":null,"twitter_description":null,"schema":{"blockGraphs":[],"customGraphs":[],"default":{"data":{"Article":[],"Course":[],"Dataset":[],"FAQPage":[],"Movie":[],"Person":[],"Product":[],"ProductReview":[],"Car":[],"Recipe":[],"Service":[],"SoftwareApplication":[],"WebPage":[]},"graphName":"","isEnabled":true},"graphs":[]},"schema_type":"default","schema_type_options":null,"pillar_content":false,"robots_default":true,"robots_noindex":false,"robots_noarchive":false,"robots_nosnippet":false,"robots_nofollow":false,"robots_noimageindex":false,"robots_noodp":false,"robots_notranslate":false,"robots_max_snippet":null,"robots_max_videopreview":null,"robots_max_imagepreview":"large","priority":null,"frequency":null,"local_seo":null,"seo_analyzer_scan_date":"2025-12-03 12:43:36","breadcrumb_settings":null,"limit_modified_date":false,"reviewed_by":null,"open_ai":null,"ai":null,"created":"2025-12-03 12:35:06","updated":"2025-12-03 12:43:36"},"aioseo_breadcrumb":"<div class=\"aioseo-breadcrumbs\"><span class=\"aioseo-breadcrumb\">\n\t<a href=\"https:\/\/tabaccomd.com\/ro\/\" title=\"\u0413\u043b\u0430\u0432\u043d\u0430\u044f\">\u0413\u043b\u0430\u0432\u043d\u0430\u044f<\/a>\n<\/span><span class=\"aioseo-breadcrumb-separator\">\u00bb<\/span><span class=\"aioseo-breadcrumb\">\n\t<a href=\"https:\/\/tabaccomd.com\/ro\/catalog\/\" title=\"Catalog\">Catalog<\/a>\n<\/span><span class=\"aioseo-breadcrumb-separator\">\u00bb<\/span><span class=\"aioseo-breadcrumb\">\n\t<a href=\"https:\/\/tabaccomd.com\/ro\/product-category\/totul-pentru-rulat\/\" title=\"Totul pentru rulat\">Totul pentru rulat<\/a>\n<\/span><span class=\"aioseo-breadcrumb-separator\">\u00bb<\/span><span class=\"aioseo-breadcrumb\">\n\t<a href=\"https:\/\/tabaccomd.com\/ro\/product-category\/totul-pentru-rulat\/hartie-pentru-tigari\/\" title=\"H\u00e2rtie pentru \u021big\u0103ri\">H\u00e2rtie pentru \u021big\u0103ri<\/a>\n<\/span><span class=\"aioseo-breadcrumb-separator\">\u00bb<\/span><span class=\"aioseo-breadcrumb\">\n\tH\u00e2rtie pentru \u021big\u0103ri Mascotte Original King Combi\n<\/span><\/div>","aioseo_breadcrumb_json":[{"label":"\u0413\u043b\u0430\u0432\u043d\u0430\u044f","link":"https:\/\/tabaccomd.com\/ro\/"},{"label":"Catalog","link":"https:\/\/tabaccomd.com\/ro\/catalog\/"},{"label":"Totul pentru rulat","link":"https:\/\/tabaccomd.com\/ro\/product-category\/totul-pentru-rulat\/"},{"label":"H\u00e2rtie pentru \u021big\u0103ri","link":"https:\/\/tabaccomd.com\/ro\/product-category\/totul-pentru-rulat\/hartie-pentru-tigari\/"},{"label":"H\u00e2rtie pentru \u021big\u0103ri Mascotte Original King Combi","link":"https:\/\/tabaccomd.com\/ro\/product\/hartie-pentru-tigari-mascotte-original-king-combi\/"}],"images_for_1c":[{"url":"https:\/\/tabaccomd.com\/wp-content\/uploads\/2025\/12\/mascotte-original-king-size-combi-0.jpg","type":"featured","alt":"mascotte-original-king-size-combi-0","filename":"mascotte-original-king-size-combi-0.jpg"},{"url":"https:\/\/tabaccomd.com\/wp-content\/uploads\/2025\/12\/mascotte-original-king-size-combi.jpg","type":"gallery","alt":"mascotte-original-king-size-combi","filename":"mascotte-original-king-size-combi.jpg"},{"url":"https:\/\/tabaccomd.com\/wp-content\/uploads\/2025\/12\/mascotte-original-king-size-combi-2.jpg","type":"gallery","alt":"mascotte-original-king-size-combi-2","filename":"mascotte-original-king-size-combi-2.jpg"},{"url":"https:\/\/tabaccomd.com\/wp-content\/uploads\/2025\/12\/mascotte-original-king-size-combi-1.jpg","type":"gallery","alt":"mascotte-original-king-size-combi-1","filename":"mascotte-original-king-size-combi-1.jpg"}],"additional_data_1c":{"modified_date":"2025-12-03 15:31:40","permalink":"https:\/\/tabaccomd.com\/ro\/product\/hartie-pentru-tigari-mascotte-original-king-combi\/","stock_status":"instock","manage_stock":"no"},"_links":{"self":[{"href":"https:\/\/tabaccomd.com\/ro\/wp-json\/wp\/v2\/product\/155710","targetHints":{"allow":["GET"]}}],"collection":[{"href":"https:\/\/tabaccomd.com\/ro\/wp-json\/wp\/v2\/product"}],"about":[{"href":"https:\/\/tabaccomd.com\/ro\/wp-json\/wp\/v2\/types\/product"}],"wp:featuredmedia":[{"embeddable":true,"href":"https:\/\/tabaccomd.com\/ro\/wp-json\/wp\/v2\/media\/155703"}],"wp:attachment":[{"href":"https:\/\/tabaccomd.com\/ro\/wp-json\/wp\/v2\/media?parent=155710"}],"wp:term":[{"taxonomy":"product_brand","embeddable":true,"href":"https:\/\/tabaccomd.com\/ro\/wp-json\/wp\/v2\/product_brand?post=155710"},{"taxonomy":"product_cat","embeddable":true,"href":"https:\/\/tabaccomd.com\/ro\/wp-json\/wp\/v2\/product_cat?post=155710"},{"taxonomy":"product_tag","embeddable":true,"href":"https:\/\/tabaccomd.com\/ro\/wp-json\/wp\/v2\/product_tag?post=155710"}],"curies":[{"name":"wp","href":"https:\/\/api.w.org\/{rel}","templated":true}]}}