{"id":155690,"date":"2025-12-03T13:47:01","date_gmt":"2025-12-03T10:47:01","guid":{"rendered":"https:\/\/tabaccomd.com\/product\/hartie-pentru-tigari-in-rulou-mascotte-original-rolls-combi\/"},"modified":"2025-12-03T13:52:03","modified_gmt":"2025-12-03T10:52:03","slug":"hartie-pentru-tigari-in-rulou-mascotte-original-rolls-combi","status":"publish","type":"product","link":"https:\/\/tabaccomd.com\/ro\/product\/hartie-pentru-tigari-in-rulou-mascotte-original-rolls-combi\/","title":{"rendered":"H\u00e2rtie pentru \u021big\u0103ri \u00een rulou Mascotte Original Rolls Combi"},"content":{"rendered":"<p>Mascotte Rolls Combi reprezint\u0103 libertatea \u00een cea mai pur\u0103 form\u0103. \u00ce\u021bi alegi singur lungimea perfect\u0103 de rulare, folosind o <a href=\"\/?product_cat=hartie-de-tigara\">rol\u0103<\/a> de cinci metri de h\u00e2rtie ultra-sub\u021bire, cu ardere lent\u0103 \u0219i de calitate premium. Guma de acacia natural\u0103 asigur\u0103 o aderen\u021b\u0103 lin\u0103, iar textura pl\u0103cut\u0103 accentueaz\u0103 caracterul natural al produsului. Dac\u0103 preferi h\u00e2rtia alb\u0103 clasic\u0103, Mascotte Original Rolls Combi ofer\u0103 aceast\u0103 libertate. Ai acces la cinci metri de h\u00e2rtie sub\u021bire, cu ardere lent\u0103 (100 mm l\u0103\u021bime) \u0219i 50 de filtre din carton perforate convenabile (tips). Tot ce ai nevoie pentru a crea o h\u00e2rtie de rulat exact de lungimea \u0219i forma dorite. Mascotte Rolls Combi combin\u0103 calitatea atent\u0103 a Mascotte cu o pl\u0103cere pe care o creezi singur.<\/p>\n<p>Pute\u021bi achizi\u021biona h\u00e2rtia pentru \u021big\u0103ri \u00een rulou Mascotte Original Rolls Combi \u00een Moldova, Chi\u0219in\u0103u, \u00een re\u021beaua de magazine Tabacco House.<\/p>\n","protected":false},"excerpt":{"rendered":"<ul>\n<li>Produc\u0103tor: Mignot &amp; De Block enterprise<\/li>\n<li>\u021aara produc\u0103torului: Olanda<\/li>\n<li>Lungimea rolei: 5 m<\/li>\n<li>Cantitatea filtrelor de carton: 50 buc\u0103\u021bi<\/li>\n<li>Densitate: Ultrafin\u0103 (14 g\/m\u00b2)<\/li>\n<li>Material: R\u0103\u0219in\u0103 arab\u0103 \u0219i suc de salc\u00e2m<\/li>\n<\/ul>\n","protected":false},"featured_media":155685,"template":"","meta":{"om_disable_all_campaigns":false,"_monsterinsights_skip_tracking":false,"_monsterinsights_sitenote_active":false,"_monsterinsights_sitenote_note":"","_monsterinsights_sitenote_category":0},"product_brand":[],"product_cat":[170],"product_tag":[],"class_list":{"0":"post-155690","1":"product","2":"type-product","3":"status-publish","4":"has-post-thumbnail","6":"product_cat-hartie-pentru-tigari","8":"first","9":"instock","10":"taxable","11":"shipping-taxable","12":"purchasable","13":"product-type-simple"},"aioseo_notices":[],"aioseo_head":"\n\t\t<!-- All in One SEO Pro 4.9.6.2 - aioseo.com -->\n\t<meta name=\"robots\" content=\"max-image-preview:large\" \/>\n\t<link rel=\"canonical\" href=\"https:\/\/tabaccomd.com\/ro\/product\/hartie-pentru-tigari-in-rulou-mascotte-original-rolls-combi\/\" \/>\n\t<meta name=\"generator\" content=\"All in One SEO Pro (AIOSEO) 4.9.6.2\" \/>\n\t\t<meta property=\"og:locale\" content=\"ro_RO\" \/>\n\t\t<meta property=\"og:site_name\" content=\"Tabacco House \u2013 \u041c\u0430\u0433\u0430\u0437\u0438\u043d \u0442\u0430\u0431\u0430\u0447\u043d\u044b\u0445 \u0438\u0437\u0434\u0435\u043b\u0438\u0439\" \/>\n\t\t<meta property=\"og:type\" content=\"article\" \/>\n\t\t<meta property=\"og:title\" content=\"H\u00e2rtie pentru \u021big\u0103ri \u00een rulou Mascotte Original Rolls Combi \u2013 Tabacco House\" \/>\n\t\t<meta property=\"og:url\" content=\"https:\/\/tabaccomd.com\/ro\/product\/hartie-pentru-tigari-in-rulou-mascotte-original-rolls-combi\/\" \/>\n\t\t<meta property=\"article:published_time\" content=\"2025-12-03T10:47:01+00:00\" \/>\n\t\t<meta property=\"article:modified_time\" content=\"2025-12-03T10:52:03+00:00\" \/>\n\t\t<meta property=\"article:publisher\" content=\"https:\/\/www.facebook.com\/tabaccomd.com\/\" \/>\n\t\t<meta name=\"twitter:card\" content=\"summary_large_image\" \/>\n\t\t<meta name=\"twitter:title\" content=\"H\u00e2rtie pentru \u021big\u0103ri \u00een rulou Mascotte Original Rolls Combi \u2013 Tabacco House\" \/>\n\t\t<script type=\"application\/ld+json\" class=\"aioseo-schema\">\n\t\t\t{\"@context\":\"https:\\\/\\\/schema.org\",\"@graph\":[{\"@type\":\"BreadcrumbList\",\"@id\":\"https:\\\/\\\/tabaccomd.com\\\/ro\\\/product\\\/hartie-pentru-tigari-in-rulou-mascotte-original-rolls-combi\\\/#breadcrumblist\",\"itemListElement\":[{\"@type\":\"ListItem\",\"@id\":\"https:\\\/\\\/tabaccomd.com\\\/ro\\\/#listItem\",\"position\":1,\"name\":\"\\u0413\\u043b\\u0430\\u0432\\u043d\\u0430\\u044f\",\"item\":\"https:\\\/\\\/tabaccomd.com\\\/ro\\\/\",\"nextItem\":{\"@type\":\"ListItem\",\"@id\":\"https:\\\/\\\/tabaccomd.com\\\/ro\\\/catalog\\\/#listItem\",\"name\":\"Catalog\"}},{\"@type\":\"ListItem\",\"@id\":\"https:\\\/\\\/tabaccomd.com\\\/ro\\\/catalog\\\/#listItem\",\"position\":2,\"name\":\"Catalog\",\"item\":\"https:\\\/\\\/tabaccomd.com\\\/ro\\\/catalog\\\/\",\"nextItem\":{\"@type\":\"ListItem\",\"@id\":\"https:\\\/\\\/tabaccomd.com\\\/ro\\\/product-category\\\/totul-pentru-rulat\\\/#listItem\",\"name\":\"Totul pentru rulat\"},\"previousItem\":{\"@type\":\"ListItem\",\"@id\":\"https:\\\/\\\/tabaccomd.com\\\/ro\\\/#listItem\",\"name\":\"\\u0413\\u043b\\u0430\\u0432\\u043d\\u0430\\u044f\"}},{\"@type\":\"ListItem\",\"@id\":\"https:\\\/\\\/tabaccomd.com\\\/ro\\\/product-category\\\/totul-pentru-rulat\\\/#listItem\",\"position\":3,\"name\":\"Totul pentru rulat\",\"item\":\"https:\\\/\\\/tabaccomd.com\\\/ro\\\/product-category\\\/totul-pentru-rulat\\\/\",\"nextItem\":{\"@type\":\"ListItem\",\"@id\":\"https:\\\/\\\/tabaccomd.com\\\/ro\\\/product-category\\\/totul-pentru-rulat\\\/hartie-pentru-tigari\\\/#listItem\",\"name\":\"H\\u00e2rtie pentru \\u021big\\u0103ri\"},\"previousItem\":{\"@type\":\"ListItem\",\"@id\":\"https:\\\/\\\/tabaccomd.com\\\/ro\\\/catalog\\\/#listItem\",\"name\":\"Catalog\"}},{\"@type\":\"ListItem\",\"@id\":\"https:\\\/\\\/tabaccomd.com\\\/ro\\\/product-category\\\/totul-pentru-rulat\\\/hartie-pentru-tigari\\\/#listItem\",\"position\":4,\"name\":\"H\\u00e2rtie pentru \\u021big\\u0103ri\",\"item\":\"https:\\\/\\\/tabaccomd.com\\\/ro\\\/product-category\\\/totul-pentru-rulat\\\/hartie-pentru-tigari\\\/\",\"nextItem\":{\"@type\":\"ListItem\",\"@id\":\"https:\\\/\\\/tabaccomd.com\\\/ro\\\/product\\\/hartie-pentru-tigari-in-rulou-mascotte-original-rolls-combi\\\/#listItem\",\"name\":\"H\\u00e2rtie pentru \\u021big\\u0103ri \\u00een rulou Mascotte Original Rolls Combi\"},\"previousItem\":{\"@type\":\"ListItem\",\"@id\":\"https:\\\/\\\/tabaccomd.com\\\/ro\\\/product-category\\\/totul-pentru-rulat\\\/#listItem\",\"name\":\"Totul pentru rulat\"}},{\"@type\":\"ListItem\",\"@id\":\"https:\\\/\\\/tabaccomd.com\\\/ro\\\/product\\\/hartie-pentru-tigari-in-rulou-mascotte-original-rolls-combi\\\/#listItem\",\"position\":5,\"name\":\"H\\u00e2rtie pentru \\u021big\\u0103ri \\u00een rulou Mascotte Original Rolls Combi\",\"previousItem\":{\"@type\":\"ListItem\",\"@id\":\"https:\\\/\\\/tabaccomd.com\\\/ro\\\/product-category\\\/totul-pentru-rulat\\\/hartie-pentru-tigari\\\/#listItem\",\"name\":\"H\\u00e2rtie pentru \\u021big\\u0103ri\"}}]},{\"@type\":\"Organization\",\"@id\":\"https:\\\/\\\/tabaccomd.com\\\/ro\\\/#organization\",\"name\":\"Tabacco House\",\"description\":\"\\u041c\\u0430\\u0433\\u0430\\u0437\\u0438\\u043d \\u0442\\u0430\\u0431\\u0430\\u0447\\u043d\\u044b\\u0445 \\u0438\\u0437\\u0434\\u0435\\u043b\\u0438\\u0439\",\"url\":\"https:\\\/\\\/tabaccomd.com\\\/ro\\\/\",\"email\":\"Office@cazacuhouse.com\",\"telephone\":\"+37361000935\",\"logo\":{\"@type\":\"ImageObject\",\"url\":\"https:\\\/\\\/tabaccomd.com\\\/wp-content\\\/uploads\\\/2024\\\/02\\\/logo_header3.png\",\"@id\":\"https:\\\/\\\/tabaccomd.com\\\/ro\\\/product\\\/hartie-pentru-tigari-in-rulou-mascotte-original-rolls-combi\\\/#organizationLogo\",\"width\":32,\"height\":32,\"caption\":\"Tabacco House\"},\"image\":{\"@id\":\"https:\\\/\\\/tabaccomd.com\\\/ro\\\/product\\\/hartie-pentru-tigari-in-rulou-mascotte-original-rolls-combi\\\/#organizationLogo\"},\"sameAs\":[\"https:\\\/\\\/www.facebook.com\\\/tabaccomd.com\\\/\",\"https:\\\/\\\/www.instagram.com\\\/tabaccomd.com\\\/\"],\"address\":{\"@id\":\"https:\\\/\\\/tabaccomd.com\\\/ro\\\/#postaladdress\",\"@type\":\"PostalAddress\",\"streetAddress\":\"Strada Albi\\u015foara 4, Chi\\u0219in\\u0103u, Bulevardul \\u0218tefan cel Mare \\u0219i Sf\\u00eent 136, Chi\\u0219in\\u0103u\",\"addressLocality\":\"Chi\\u0219in\\u0103u\",\"addressCountry\":\"MD\"}},{\"@type\":\"Product\",\"@id\":\"https:\\\/\\\/tabaccomd.com\\\/ro\\\/product\\\/hartie-pentru-tigari-in-rulou-mascotte-original-rolls-combi\\\/#wooCommerceProduct\",\"name\":\"H\\u00e2rtie pentru \\u021big\\u0103ri \\u00een rulou Mascotte Original Rolls Combi\",\"description\":\"Produc\\u0103tor: Mignot &amp; De Block enterprise\\r\\n \\t\\u021aara produc\\u0103torului: Olanda\\r\\n \\tLungimea rolei: 5 m\\r\\n \\tCantitatea filtrelor de carton: 50 buc\\u0103\\u021bi\\r\\n \\tDensitate: Ultrafin\\u0103 (14 g\\\/m\\u00b2)\\r\\n \\tMaterial: R\\u0103\\u0219in\\u0103 arab\\u0103 \\u0219i suc de salc\\u00e2m\",\"url\":\"https:\\\/\\\/tabaccomd.com\\\/ro\\\/product\\\/hartie-pentru-tigari-in-rulou-mascotte-original-rolls-combi\\\/\",\"sku\":\"411451297\",\"image\":{\"@type\":\"ImageObject\",\"url\":\"https:\\\/\\\/tabaccomd.com\\\/wp-content\\\/uploads\\\/2025\\\/12\\\/mascotte-original-rolls-combi-tips-1.jpg\",\"@id\":\"https:\\\/\\\/tabaccomd.com\\\/ro\\\/product\\\/hartie-pentru-tigari-in-rulou-mascotte-original-rolls-combi\\\/#productImage\",\"width\":1200,\"height\":1200,\"caption\":\"mascotte-original-rolls-combi-tips-1\"},\"offers\":{\"@type\":\"Offer\",\"url\":\"https:\\\/\\\/tabaccomd.com\\\/ro\\\/product\\\/hartie-pentru-tigari-in-rulou-mascotte-original-rolls-combi\\\/#wooCommerceOffer\",\"price\":45,\"priceCurrency\":\"MDL\",\"category\":\"H\\u00e2rtie pentru \\u021big\\u0103ri\",\"availability\":\"https:\\\/\\\/schema.org\\\/InStock\",\"priceSpecification\":{\"@type\":\"PriceSpecification\",\"price\":45,\"priceCurrency\":\"MDL\",\"valueAddedTaxIncluded\":\"true\"},\"seller\":{\"@type\":\"Organization\",\"@id\":\"https:\\\/\\\/tabaccomd.com\\\/ro\\\/#organization\"}}},{\"@type\":\"WebPage\",\"@id\":\"https:\\\/\\\/tabaccomd.com\\\/ro\\\/product\\\/hartie-pentru-tigari-in-rulou-mascotte-original-rolls-combi\\\/#webpage\",\"url\":\"https:\\\/\\\/tabaccomd.com\\\/ro\\\/product\\\/hartie-pentru-tigari-in-rulou-mascotte-original-rolls-combi\\\/\",\"name\":\"H\\u00e2rtie pentru \\u021big\\u0103ri \\u00een rulou Mascotte Original Rolls Combi \\u2013 Tabacco House\",\"inLanguage\":\"ro-RO\",\"isPartOf\":{\"@id\":\"https:\\\/\\\/tabaccomd.com\\\/ro\\\/#website\"},\"breadcrumb\":{\"@id\":\"https:\\\/\\\/tabaccomd.com\\\/ro\\\/product\\\/hartie-pentru-tigari-in-rulou-mascotte-original-rolls-combi\\\/#breadcrumblist\"},\"image\":{\"@type\":\"ImageObject\",\"url\":\"https:\\\/\\\/tabaccomd.com\\\/wp-content\\\/uploads\\\/2025\\\/12\\\/mascotte-original-rolls-combi-tips-1.jpg\",\"@id\":\"https:\\\/\\\/tabaccomd.com\\\/ro\\\/product\\\/hartie-pentru-tigari-in-rulou-mascotte-original-rolls-combi\\\/#mainImage\",\"width\":1200,\"height\":1200,\"caption\":\"mascotte-original-rolls-combi-tips-1\"},\"primaryImageOfPage\":{\"@id\":\"https:\\\/\\\/tabaccomd.com\\\/ro\\\/product\\\/hartie-pentru-tigari-in-rulou-mascotte-original-rolls-combi\\\/#mainImage\"},\"datePublished\":\"2025-12-03T13:47:01+03:00\",\"dateModified\":\"2025-12-03T13:52:03+03:00\"},{\"@type\":\"WebSite\",\"@id\":\"https:\\\/\\\/tabaccomd.com\\\/ro\\\/#website\",\"url\":\"https:\\\/\\\/tabaccomd.com\\\/ro\\\/\",\"name\":\"Tabacco House\",\"alternateName\":\"tobaccomd.com\",\"description\":\"\\u041c\\u0430\\u0433\\u0430\\u0437\\u0438\\u043d \\u0442\\u0430\\u0431\\u0430\\u0447\\u043d\\u044b\\u0445 \\u0438\\u0437\\u0434\\u0435\\u043b\\u0438\\u0439\",\"inLanguage\":\"ro-RO\",\"publisher\":{\"@id\":\"https:\\\/\\\/tabaccomd.com\\\/ro\\\/#organization\"}}]}\n\t\t<\/script>\n\t\t<!-- All in One SEO Pro -->\r\n\t\t<title>H\u00e2rtie pentru \u021big\u0103ri \u00een rulou Mascotte Original Rolls Combi \u2013 Tabacco House<\/title>\n\n","aioseo_head_json":{"title":"H\u00e2rtie pentru \u021big\u0103ri \u00een rulou Mascotte Original Rolls Combi \u2013 Tabacco House","description":"","canonical_url":"https:\/\/tabaccomd.com\/ro\/product\/hartie-pentru-tigari-in-rulou-mascotte-original-rolls-combi\/","robots":"max-image-preview:large","keywords":"","webmasterTools":{"miscellaneous":""},"schema":{"@context":"https:\/\/schema.org","@graph":[{"@type":"BreadcrumbList","@id":"https:\/\/tabaccomd.com\/ro\/product\/hartie-pentru-tigari-in-rulou-mascotte-original-rolls-combi\/#breadcrumblist","itemListElement":[{"@type":"ListItem","@id":"https:\/\/tabaccomd.com\/ro\/#listItem","position":1,"name":"\u0413\u043b\u0430\u0432\u043d\u0430\u044f","item":"https:\/\/tabaccomd.com\/ro\/","nextItem":{"@type":"ListItem","@id":"https:\/\/tabaccomd.com\/ro\/catalog\/#listItem","name":"Catalog"}},{"@type":"ListItem","@id":"https:\/\/tabaccomd.com\/ro\/catalog\/#listItem","position":2,"name":"Catalog","item":"https:\/\/tabaccomd.com\/ro\/catalog\/","nextItem":{"@type":"ListItem","@id":"https:\/\/tabaccomd.com\/ro\/product-category\/totul-pentru-rulat\/#listItem","name":"Totul pentru rulat"},"previousItem":{"@type":"ListItem","@id":"https:\/\/tabaccomd.com\/ro\/#listItem","name":"\u0413\u043b\u0430\u0432\u043d\u0430\u044f"}},{"@type":"ListItem","@id":"https:\/\/tabaccomd.com\/ro\/product-category\/totul-pentru-rulat\/#listItem","position":3,"name":"Totul pentru rulat","item":"https:\/\/tabaccomd.com\/ro\/product-category\/totul-pentru-rulat\/","nextItem":{"@type":"ListItem","@id":"https:\/\/tabaccomd.com\/ro\/product-category\/totul-pentru-rulat\/hartie-pentru-tigari\/#listItem","name":"H\u00e2rtie pentru \u021big\u0103ri"},"previousItem":{"@type":"ListItem","@id":"https:\/\/tabaccomd.com\/ro\/catalog\/#listItem","name":"Catalog"}},{"@type":"ListItem","@id":"https:\/\/tabaccomd.com\/ro\/product-category\/totul-pentru-rulat\/hartie-pentru-tigari\/#listItem","position":4,"name":"H\u00e2rtie pentru \u021big\u0103ri","item":"https:\/\/tabaccomd.com\/ro\/product-category\/totul-pentru-rulat\/hartie-pentru-tigari\/","nextItem":{"@type":"ListItem","@id":"https:\/\/tabaccomd.com\/ro\/product\/hartie-pentru-tigari-in-rulou-mascotte-original-rolls-combi\/#listItem","name":"H\u00e2rtie pentru \u021big\u0103ri \u00een rulou Mascotte Original Rolls Combi"},"previousItem":{"@type":"ListItem","@id":"https:\/\/tabaccomd.com\/ro\/product-category\/totul-pentru-rulat\/#listItem","name":"Totul pentru rulat"}},{"@type":"ListItem","@id":"https:\/\/tabaccomd.com\/ro\/product\/hartie-pentru-tigari-in-rulou-mascotte-original-rolls-combi\/#listItem","position":5,"name":"H\u00e2rtie pentru \u021big\u0103ri \u00een rulou Mascotte Original Rolls Combi","previousItem":{"@type":"ListItem","@id":"https:\/\/tabaccomd.com\/ro\/product-category\/totul-pentru-rulat\/hartie-pentru-tigari\/#listItem","name":"H\u00e2rtie pentru \u021big\u0103ri"}}]},{"@type":"Organization","@id":"https:\/\/tabaccomd.com\/ro\/#organization","name":"Tabacco House","description":"\u041c\u0430\u0433\u0430\u0437\u0438\u043d \u0442\u0430\u0431\u0430\u0447\u043d\u044b\u0445 \u0438\u0437\u0434\u0435\u043b\u0438\u0439","url":"https:\/\/tabaccomd.com\/ro\/","email":"Office@cazacuhouse.com","telephone":"+37361000935","logo":{"@type":"ImageObject","url":"https:\/\/tabaccomd.com\/wp-content\/uploads\/2024\/02\/logo_header3.png","@id":"https:\/\/tabaccomd.com\/ro\/product\/hartie-pentru-tigari-in-rulou-mascotte-original-rolls-combi\/#organizationLogo","width":32,"height":32,"caption":"Tabacco House"},"image":{"@id":"https:\/\/tabaccomd.com\/ro\/product\/hartie-pentru-tigari-in-rulou-mascotte-original-rolls-combi\/#organizationLogo"},"sameAs":["https:\/\/www.facebook.com\/tabaccomd.com\/","https:\/\/www.instagram.com\/tabaccomd.com\/"],"address":{"@id":"https:\/\/tabaccomd.com\/ro\/#postaladdress","@type":"PostalAddress","streetAddress":"Strada Albi\u015foara 4, Chi\u0219in\u0103u, Bulevardul \u0218tefan cel Mare \u0219i Sf\u00eent 136, Chi\u0219in\u0103u","addressLocality":"Chi\u0219in\u0103u","addressCountry":"MD"}},{"@type":"Product","@id":"https:\/\/tabaccomd.com\/ro\/product\/hartie-pentru-tigari-in-rulou-mascotte-original-rolls-combi\/#wooCommerceProduct","name":"H\u00e2rtie pentru \u021big\u0103ri \u00een rulou Mascotte Original Rolls Combi","description":"Produc\u0103tor: Mignot &amp; De Block enterprise\r\n \t\u021aara produc\u0103torului: Olanda\r\n \tLungimea rolei: 5 m\r\n \tCantitatea filtrelor de carton: 50 buc\u0103\u021bi\r\n \tDensitate: Ultrafin\u0103 (14 g\/m\u00b2)\r\n \tMaterial: R\u0103\u0219in\u0103 arab\u0103 \u0219i suc de salc\u00e2m","url":"https:\/\/tabaccomd.com\/ro\/product\/hartie-pentru-tigari-in-rulou-mascotte-original-rolls-combi\/","sku":"411451297","image":{"@type":"ImageObject","url":"https:\/\/tabaccomd.com\/wp-content\/uploads\/2025\/12\/mascotte-original-rolls-combi-tips-1.jpg","@id":"https:\/\/tabaccomd.com\/ro\/product\/hartie-pentru-tigari-in-rulou-mascotte-original-rolls-combi\/#productImage","width":1200,"height":1200,"caption":"mascotte-original-rolls-combi-tips-1"},"offers":{"@type":"Offer","url":"https:\/\/tabaccomd.com\/ro\/product\/hartie-pentru-tigari-in-rulou-mascotte-original-rolls-combi\/#wooCommerceOffer","price":45,"priceCurrency":"MDL","category":"H\u00e2rtie pentru \u021big\u0103ri","availability":"https:\/\/schema.org\/InStock","priceSpecification":{"@type":"PriceSpecification","price":45,"priceCurrency":"MDL","valueAddedTaxIncluded":"true"},"seller":{"@type":"Organization","@id":"https:\/\/tabaccomd.com\/ro\/#organization"}}},{"@type":"WebPage","@id":"https:\/\/tabaccomd.com\/ro\/product\/hartie-pentru-tigari-in-rulou-mascotte-original-rolls-combi\/#webpage","url":"https:\/\/tabaccomd.com\/ro\/product\/hartie-pentru-tigari-in-rulou-mascotte-original-rolls-combi\/","name":"H\u00e2rtie pentru \u021big\u0103ri \u00een rulou Mascotte Original Rolls Combi \u2013 Tabacco House","inLanguage":"ro-RO","isPartOf":{"@id":"https:\/\/tabaccomd.com\/ro\/#website"},"breadcrumb":{"@id":"https:\/\/tabaccomd.com\/ro\/product\/hartie-pentru-tigari-in-rulou-mascotte-original-rolls-combi\/#breadcrumblist"},"image":{"@type":"ImageObject","url":"https:\/\/tabaccomd.com\/wp-content\/uploads\/2025\/12\/mascotte-original-rolls-combi-tips-1.jpg","@id":"https:\/\/tabaccomd.com\/ro\/product\/hartie-pentru-tigari-in-rulou-mascotte-original-rolls-combi\/#mainImage","width":1200,"height":1200,"caption":"mascotte-original-rolls-combi-tips-1"},"primaryImageOfPage":{"@id":"https:\/\/tabaccomd.com\/ro\/product\/hartie-pentru-tigari-in-rulou-mascotte-original-rolls-combi\/#mainImage"},"datePublished":"2025-12-03T13:47:01+03:00","dateModified":"2025-12-03T13:52:03+03:00"},{"@type":"WebSite","@id":"https:\/\/tabaccomd.com\/ro\/#website","url":"https:\/\/tabaccomd.com\/ro\/","name":"Tabacco House","alternateName":"tobaccomd.com","description":"\u041c\u0430\u0433\u0430\u0437\u0438\u043d \u0442\u0430\u0431\u0430\u0447\u043d\u044b\u0445 \u0438\u0437\u0434\u0435\u043b\u0438\u0439","inLanguage":"ro-RO","publisher":{"@id":"https:\/\/tabaccomd.com\/ro\/#organization"}}]},"og:locale":"ro_RO","og:site_name":"Tabacco House \u2013 \u041c\u0430\u0433\u0430\u0437\u0438\u043d \u0442\u0430\u0431\u0430\u0447\u043d\u044b\u0445 \u0438\u0437\u0434\u0435\u043b\u0438\u0439","og:type":"article","og:title":"H\u00e2rtie pentru \u021big\u0103ri \u00een rulou Mascotte Original Rolls Combi \u2013 Tabacco House","og:url":"https:\/\/tabaccomd.com\/ro\/product\/hartie-pentru-tigari-in-rulou-mascotte-original-rolls-combi\/","article:published_time":"2025-12-03T10:47:01+00:00","article:modified_time":"2025-12-03T10:52:03+00:00","article:publisher":"https:\/\/www.facebook.com\/tabaccomd.com\/","twitter:card":"summary_large_image","twitter:title":"H\u00e2rtie pentru \u021big\u0103ri \u00een rulou Mascotte Original Rolls Combi \u2013 Tabacco House"},"aioseo_meta_data":{"post_id":"155690","title":null,"description":null,"keywords":null,"keyphrases":null,"primary_term":null,"canonical_url":null,"og_title":null,"og_description":null,"og_object_type":"default","og_image_type":"default","og_image_url":null,"og_image_width":null,"og_image_height":null,"og_image_custom_url":null,"og_image_custom_fields":null,"og_video":null,"og_custom_url":null,"og_article_section":null,"og_article_tags":null,"twitter_use_og":false,"twitter_card":"default","twitter_image_type":"default","twitter_image_url":null,"twitter_image_custom_url":null,"twitter_image_custom_fields":null,"twitter_title":null,"twitter_description":null,"schema":{"blockGraphs":[],"customGraphs":[],"default":{"data":{"Article":[],"Course":[],"Dataset":[],"FAQPage":[],"Movie":[],"Person":[],"Product":[],"ProductReview":[],"Car":[],"Recipe":[],"Service":[],"SoftwareApplication":[],"WebPage":[]},"graphName":"","isEnabled":true},"graphs":[]},"schema_type":"default","schema_type_options":null,"pillar_content":false,"robots_default":true,"robots_noindex":false,"robots_noarchive":false,"robots_nosnippet":false,"robots_nofollow":false,"robots_noimageindex":false,"robots_noodp":false,"robots_notranslate":false,"robots_max_snippet":null,"robots_max_videopreview":null,"robots_max_imagepreview":"large","priority":null,"frequency":null,"local_seo":null,"seo_analyzer_scan_date":"2025-12-03 11:03:23","breadcrumb_settings":null,"limit_modified_date":false,"reviewed_by":null,"open_ai":null,"ai":null,"created":"2025-12-03 10:50:55","updated":"2025-12-03 11:04:46"},"aioseo_breadcrumb":"<div class=\"aioseo-breadcrumbs\"><span class=\"aioseo-breadcrumb\">\n\t<a href=\"https:\/\/tabaccomd.com\/ro\/\" title=\"\u0413\u043b\u0430\u0432\u043d\u0430\u044f\">\u0413\u043b\u0430\u0432\u043d\u0430\u044f<\/a>\n<\/span><span class=\"aioseo-breadcrumb-separator\">\u00bb<\/span><span class=\"aioseo-breadcrumb\">\n\t<a href=\"https:\/\/tabaccomd.com\/ro\/catalog\/\" title=\"Catalog\">Catalog<\/a>\n<\/span><span class=\"aioseo-breadcrumb-separator\">\u00bb<\/span><span class=\"aioseo-breadcrumb\">\n\t<a href=\"https:\/\/tabaccomd.com\/ro\/product-category\/totul-pentru-rulat\/\" title=\"Totul pentru rulat\">Totul pentru rulat<\/a>\n<\/span><span class=\"aioseo-breadcrumb-separator\">\u00bb<\/span><span class=\"aioseo-breadcrumb\">\n\t<a href=\"https:\/\/tabaccomd.com\/ro\/product-category\/totul-pentru-rulat\/hartie-pentru-tigari\/\" title=\"H\u00e2rtie pentru \u021big\u0103ri\">H\u00e2rtie pentru \u021big\u0103ri<\/a>\n<\/span><span class=\"aioseo-breadcrumb-separator\">\u00bb<\/span><span class=\"aioseo-breadcrumb\">\n\tH\u00e2rtie pentru \u021big\u0103ri \u00een rulou Mascotte Original Rolls Combi\n<\/span><\/div>","aioseo_breadcrumb_json":[{"label":"\u0413\u043b\u0430\u0432\u043d\u0430\u044f","link":"https:\/\/tabaccomd.com\/ro\/"},{"label":"Catalog","link":"https:\/\/tabaccomd.com\/ro\/catalog\/"},{"label":"Totul pentru rulat","link":"https:\/\/tabaccomd.com\/ro\/product-category\/totul-pentru-rulat\/"},{"label":"H\u00e2rtie pentru \u021big\u0103ri","link":"https:\/\/tabaccomd.com\/ro\/product-category\/totul-pentru-rulat\/hartie-pentru-tigari\/"},{"label":"H\u00e2rtie pentru \u021big\u0103ri \u00een rulou Mascotte Original Rolls Combi","link":"https:\/\/tabaccomd.com\/ro\/product\/hartie-pentru-tigari-in-rulou-mascotte-original-rolls-combi\/"}],"images_for_1c":[{"url":"https:\/\/tabaccomd.com\/wp-content\/uploads\/2025\/12\/mascotte-original-rolls-combi-tips-1.jpg","type":"featured","alt":"mascotte-original-rolls-combi-tips-1","filename":"mascotte-original-rolls-combi-tips-1.jpg"},{"url":"https:\/\/tabaccomd.com\/wp-content\/uploads\/2025\/12\/mascotte-original-rolls-combi-tips-0.jpg","type":"gallery","alt":"mascotte-original-rolls-combi-tips-0","filename":"mascotte-original-rolls-combi-tips-0.jpg"},{"url":"https:\/\/tabaccomd.com\/wp-content\/uploads\/2025\/12\/mascotte-original-rolls-combi-tips.jpg","type":"gallery","alt":"mascotte-original-rolls-combi-tips","filename":"mascotte-original-rolls-combi-tips.jpg"}],"additional_data_1c":{"modified_date":"2025-12-03 13:52:03","permalink":"https:\/\/tabaccomd.com\/ro\/product\/hartie-pentru-tigari-in-rulou-mascotte-original-rolls-combi\/","stock_status":"instock","manage_stock":"no"},"_links":{"self":[{"href":"https:\/\/tabaccomd.com\/ro\/wp-json\/wp\/v2\/product\/155690","targetHints":{"allow":["GET"]}}],"collection":[{"href":"https:\/\/tabaccomd.com\/ro\/wp-json\/wp\/v2\/product"}],"about":[{"href":"https:\/\/tabaccomd.com\/ro\/wp-json\/wp\/v2\/types\/product"}],"wp:featuredmedia":[{"embeddable":true,"href":"https:\/\/tabaccomd.com\/ro\/wp-json\/wp\/v2\/media\/155685"}],"wp:attachment":[{"href":"https:\/\/tabaccomd.com\/ro\/wp-json\/wp\/v2\/media?parent=155690"}],"wp:term":[{"taxonomy":"product_brand","embeddable":true,"href":"https:\/\/tabaccomd.com\/ro\/wp-json\/wp\/v2\/product_brand?post=155690"},{"taxonomy":"product_cat","embeddable":true,"href":"https:\/\/tabaccomd.com\/ro\/wp-json\/wp\/v2\/product_cat?post=155690"},{"taxonomy":"product_tag","embeddable":true,"href":"https:\/\/tabaccomd.com\/ro\/wp-json\/wp\/v2\/product_tag?post=155690"}],"curies":[{"name":"wp","href":"https:\/\/api.w.org\/{rel}","templated":true}]}}