{"id":155633,"date":"2025-12-02T11:23:46","date_gmt":"2025-12-02T08:23:46","guid":{"rendered":"https:\/\/tabaccomd.com\/product\/masinuta-pentru-rularea-tigarilor-mascotte-classic-handroller\/"},"modified":"2025-12-02T11:23:46","modified_gmt":"2025-12-02T08:23:46","slug":"masinuta-pentru-rularea-tigarilor-mascotte-classic-handroller","status":"publish","type":"product","link":"https:\/\/tabaccomd.com\/ro\/product\/masinuta-pentru-rularea-tigarilor-mascotte-classic-handroller\/","title":{"rendered":"Ma\u0219inu\u021b\u0103 pentru rularea \u021big\u0103rilor Mascotte Classic Handroller"},"content":{"rendered":"<p><a href=\"https:\/\/tabaccomd.com\/ro\/product-category\/totul-pentru-rulat\/masina-de-rulat\/\">Ma\u0219inu\u021ba de rulat<\/a> \u021big\u0103ri Mascotte Classic Handroller este un accesoriu fiabil \u0219i comod de la produc\u0103torul Mignot &amp; De Block enterprise din \u021a\u0103rile de Jos, creat pentru cei care apreciaz\u0103 o rulare precis\u0103 \u0219i uniform\u0103. Corpul este realizat din plastic rezistent, asigur\u00e2nd durabilitate \u0219i confort \u00een utilizare. Modelul este potrivit pentru filtre cu diametrul de 8 mm \u0219i h\u00e2rtie de p\u00e2n\u0103 la 70 mm, permi\u021b\u00e2nd ob\u021binerea rapid\u0103 \u0219i u\u0219oar\u0103 a unei \u021big\u0103ri perfect rulat\u0103. Simplu, practic \u0219i de calitate \u2014 Mascotte Classic Handroller va deveni un ajutor excelent at\u00e2t pentru \u00eencep\u0103tori, c\u00e2t \u0219i pentru cunosc\u0103torii experimenta\u021bi ai \u021big\u0103rilor rulate manual.<\/p>\n<p>Pute\u021bi achizi\u021biona ma\u0219inu\u021ba pentru rularea \u021big\u0103rilor Mascotte Classic Handroller \u00een Moldova, Chi\u0219in\u0103u, \u00een re\u021beaua de magazine Tabacco House.<\/p>\n","protected":false},"excerpt":{"rendered":"<ul>\n<li>Produc\u0103tor: Mignot &amp; De Block enterprise<\/li>\n<li>\u021aara produc\u0103torului: Olanda<\/li>\n<li>Material: Plastic<\/li>\n<li>Pentru filtre de 8 mm<\/li>\n<li>Pentru h\u00e2rtie de p\u00e2n\u0103 la 70 mm lungime<\/li>\n<\/ul>\n","protected":false},"featured_media":155628,"template":"","meta":{"om_disable_all_campaigns":false,"_monsterinsights_skip_tracking":false,"_monsterinsights_sitenote_active":false,"_monsterinsights_sitenote_note":"","_monsterinsights_sitenote_category":0},"product_brand":[],"product_cat":[169],"product_tag":[],"class_list":{"0":"post-155633","1":"product","2":"type-product","3":"status-publish","4":"has-post-thumbnail","6":"product_cat-masina-de-rulat","8":"first","9":"instock","10":"taxable","11":"shipping-taxable","12":"purchasable","13":"product-type-simple"},"aioseo_notices":[],"aioseo_head":"\n\t\t<!-- All in One SEO Pro 4.9.5.2 - aioseo.com -->\n\t<meta name=\"robots\" content=\"max-image-preview:large\" \/>\n\t<link rel=\"canonical\" href=\"https:\/\/tabaccomd.com\/ro\/product\/masinuta-pentru-rularea-tigarilor-mascotte-classic-handroller\/\" \/>\n\t<meta name=\"generator\" content=\"All in One SEO Pro (AIOSEO) 4.9.5.2\" \/>\n\t\t<meta property=\"og:locale\" content=\"ro_RO\" \/>\n\t\t<meta property=\"og:site_name\" content=\"Tabacco House \u2013 \u041c\u0430\u0433\u0430\u0437\u0438\u043d \u0442\u0430\u0431\u0430\u0447\u043d\u044b\u0445 \u0438\u0437\u0434\u0435\u043b\u0438\u0439\" \/>\n\t\t<meta property=\"og:type\" content=\"article\" \/>\n\t\t<meta property=\"og:title\" content=\"Ma\u0219inu\u021b\u0103 pentru rularea \u021big\u0103rilor Mascotte Classic Handroller \u2013 Tabacco House\" \/>\n\t\t<meta property=\"og:url\" content=\"https:\/\/tabaccomd.com\/ro\/product\/masinuta-pentru-rularea-tigarilor-mascotte-classic-handroller\/\" \/>\n\t\t<meta property=\"article:published_time\" content=\"2025-12-02T08:23:46+00:00\" \/>\n\t\t<meta property=\"article:modified_time\" content=\"2025-12-02T08:23:46+00:00\" \/>\n\t\t<meta property=\"article:publisher\" content=\"https:\/\/www.facebook.com\/tabaccomd.com\/\" \/>\n\t\t<meta name=\"twitter:card\" content=\"summary_large_image\" \/>\n\t\t<meta name=\"twitter:title\" content=\"Ma\u0219inu\u021b\u0103 pentru rularea \u021big\u0103rilor Mascotte Classic Handroller \u2013 Tabacco House\" \/>\n\t\t<script type=\"application\/ld+json\" class=\"aioseo-schema\">\n\t\t\t{\"@context\":\"https:\\\/\\\/schema.org\",\"@graph\":[{\"@type\":\"BreadcrumbList\",\"@id\":\"https:\\\/\\\/tabaccomd.com\\\/ro\\\/product\\\/masinuta-pentru-rularea-tigarilor-mascotte-classic-handroller\\\/#breadcrumblist\",\"itemListElement\":[{\"@type\":\"ListItem\",\"@id\":\"https:\\\/\\\/tabaccomd.com\\\/ro\\\/#listItem\",\"position\":1,\"name\":\"\\u0413\\u043b\\u0430\\u0432\\u043d\\u0430\\u044f\",\"item\":\"https:\\\/\\\/tabaccomd.com\\\/ro\\\/\",\"nextItem\":{\"@type\":\"ListItem\",\"@id\":\"https:\\\/\\\/tabaccomd.com\\\/ro\\\/catalog\\\/#listItem\",\"name\":\"Catalog\"}},{\"@type\":\"ListItem\",\"@id\":\"https:\\\/\\\/tabaccomd.com\\\/ro\\\/catalog\\\/#listItem\",\"position\":2,\"name\":\"Catalog\",\"item\":\"https:\\\/\\\/tabaccomd.com\\\/ro\\\/catalog\\\/\",\"nextItem\":{\"@type\":\"ListItem\",\"@id\":\"https:\\\/\\\/tabaccomd.com\\\/ro\\\/product-category\\\/totul-pentru-rulat\\\/#listItem\",\"name\":\"Totul pentru rulat\"},\"previousItem\":{\"@type\":\"ListItem\",\"@id\":\"https:\\\/\\\/tabaccomd.com\\\/ro\\\/#listItem\",\"name\":\"\\u0413\\u043b\\u0430\\u0432\\u043d\\u0430\\u044f\"}},{\"@type\":\"ListItem\",\"@id\":\"https:\\\/\\\/tabaccomd.com\\\/ro\\\/product-category\\\/totul-pentru-rulat\\\/#listItem\",\"position\":3,\"name\":\"Totul pentru rulat\",\"item\":\"https:\\\/\\\/tabaccomd.com\\\/ro\\\/product-category\\\/totul-pentru-rulat\\\/\",\"nextItem\":{\"@type\":\"ListItem\",\"@id\":\"https:\\\/\\\/tabaccomd.com\\\/ro\\\/product-category\\\/totul-pentru-rulat\\\/masina-de-rulat\\\/#listItem\",\"name\":\"Ma\\u0219in\\u0103 de rulat\"},\"previousItem\":{\"@type\":\"ListItem\",\"@id\":\"https:\\\/\\\/tabaccomd.com\\\/ro\\\/catalog\\\/#listItem\",\"name\":\"Catalog\"}},{\"@type\":\"ListItem\",\"@id\":\"https:\\\/\\\/tabaccomd.com\\\/ro\\\/product-category\\\/totul-pentru-rulat\\\/masina-de-rulat\\\/#listItem\",\"position\":4,\"name\":\"Ma\\u0219in\\u0103 de rulat\",\"item\":\"https:\\\/\\\/tabaccomd.com\\\/ro\\\/product-category\\\/totul-pentru-rulat\\\/masina-de-rulat\\\/\",\"nextItem\":{\"@type\":\"ListItem\",\"@id\":\"https:\\\/\\\/tabaccomd.com\\\/ro\\\/product\\\/masinuta-pentru-rularea-tigarilor-mascotte-classic-handroller\\\/#listItem\",\"name\":\"Ma\\u0219inu\\u021b\\u0103 pentru rularea \\u021big\\u0103rilor Mascotte Classic Handroller\"},\"previousItem\":{\"@type\":\"ListItem\",\"@id\":\"https:\\\/\\\/tabaccomd.com\\\/ro\\\/product-category\\\/totul-pentru-rulat\\\/#listItem\",\"name\":\"Totul pentru rulat\"}},{\"@type\":\"ListItem\",\"@id\":\"https:\\\/\\\/tabaccomd.com\\\/ro\\\/product\\\/masinuta-pentru-rularea-tigarilor-mascotte-classic-handroller\\\/#listItem\",\"position\":5,\"name\":\"Ma\\u0219inu\\u021b\\u0103 pentru rularea \\u021big\\u0103rilor Mascotte Classic Handroller\",\"previousItem\":{\"@type\":\"ListItem\",\"@id\":\"https:\\\/\\\/tabaccomd.com\\\/ro\\\/product-category\\\/totul-pentru-rulat\\\/masina-de-rulat\\\/#listItem\",\"name\":\"Ma\\u0219in\\u0103 de rulat\"}}]},{\"@type\":\"Organization\",\"@id\":\"https:\\\/\\\/tabaccomd.com\\\/ro\\\/#organization\",\"name\":\"Tabacco House\",\"description\":\"\\u041c\\u0430\\u0433\\u0430\\u0437\\u0438\\u043d \\u0442\\u0430\\u0431\\u0430\\u0447\\u043d\\u044b\\u0445 \\u0438\\u0437\\u0434\\u0435\\u043b\\u0438\\u0439\",\"url\":\"https:\\\/\\\/tabaccomd.com\\\/ro\\\/\",\"email\":\"Office@cazacuhouse.com\",\"telephone\":\"+37361000935\",\"logo\":{\"@type\":\"ImageObject\",\"url\":\"https:\\\/\\\/tabaccomd.com\\\/wp-content\\\/uploads\\\/2024\\\/02\\\/logo_header3.png\",\"@id\":\"https:\\\/\\\/tabaccomd.com\\\/ro\\\/product\\\/masinuta-pentru-rularea-tigarilor-mascotte-classic-handroller\\\/#organizationLogo\",\"width\":32,\"height\":32,\"caption\":\"Tabacco House\"},\"image\":{\"@id\":\"https:\\\/\\\/tabaccomd.com\\\/ro\\\/product\\\/masinuta-pentru-rularea-tigarilor-mascotte-classic-handroller\\\/#organizationLogo\"},\"sameAs\":[\"https:\\\/\\\/www.facebook.com\\\/tabaccomd.com\\\/\",\"https:\\\/\\\/www.instagram.com\\\/tabaccomd.com\\\/\"],\"address\":{\"@id\":\"https:\\\/\\\/tabaccomd.com\\\/ro\\\/#postaladdress\",\"@type\":\"PostalAddress\",\"streetAddress\":\"Strada Albi\\u015foara 4, Chi\\u0219in\\u0103u, Bulevardul \\u0218tefan cel Mare \\u0219i Sf\\u00eent 136, Chi\\u0219in\\u0103u\",\"addressLocality\":\"Chi\\u0219in\\u0103u\",\"addressCountry\":\"MD\"}},{\"@type\":\"Product\",\"@id\":\"https:\\\/\\\/tabaccomd.com\\\/ro\\\/product\\\/masinuta-pentru-rularea-tigarilor-mascotte-classic-handroller\\\/#wooCommerceProduct\",\"name\":\"Ma\\u0219inu\\u021b\\u0103 pentru rularea \\u021big\\u0103rilor Mascotte Classic Handroller\",\"description\":\"Produc\\u0103tor: Mignot &amp; De Block enterprise\\r\\n \\t\\u021aara produc\\u0103torului: Olanda\\r\\n \\tMaterial: Plastic\\r\\n \\tPentru filtre de 8 mm\\r\\n \\tPentru h\\u00e2rtie de p\\u00e2n\\u0103 la 70 mm lungime\",\"url\":\"https:\\\/\\\/tabaccomd.com\\\/ro\\\/product\\\/masinuta-pentru-rularea-tigarilor-mascotte-classic-handroller\\\/\",\"sku\":\"414451046\",\"image\":{\"@type\":\"ImageObject\",\"url\":\"https:\\\/\\\/tabaccomd.com\\\/wp-content\\\/uploads\\\/2025\\\/12\\\/mascotte-classic-handroller.jpg\",\"@id\":\"https:\\\/\\\/tabaccomd.com\\\/ro\\\/product\\\/masinuta-pentru-rularea-tigarilor-mascotte-classic-handroller\\\/#productImage\",\"width\":1200,\"height\":1200,\"caption\":\"mascotte-classic-handroller\"},\"offers\":{\"@type\":\"Offer\",\"url\":\"https:\\\/\\\/tabaccomd.com\\\/ro\\\/product\\\/masinuta-pentru-rularea-tigarilor-mascotte-classic-handroller\\\/#wooCommerceOffer\",\"price\":55,\"priceCurrency\":\"MDL\",\"category\":\"Ma\\u0219in\\u0103 de rulat\",\"availability\":\"https:\\\/\\\/schema.org\\\/InStock\",\"priceSpecification\":{\"@type\":\"PriceSpecification\",\"price\":55,\"priceCurrency\":\"MDL\",\"valueAddedTaxIncluded\":\"true\"},\"seller\":{\"@type\":\"Organization\",\"@id\":\"https:\\\/\\\/tabaccomd.com\\\/ro\\\/#organization\"}}},{\"@type\":\"WebPage\",\"@id\":\"https:\\\/\\\/tabaccomd.com\\\/ro\\\/product\\\/masinuta-pentru-rularea-tigarilor-mascotte-classic-handroller\\\/#webpage\",\"url\":\"https:\\\/\\\/tabaccomd.com\\\/ro\\\/product\\\/masinuta-pentru-rularea-tigarilor-mascotte-classic-handroller\\\/\",\"name\":\"Ma\\u0219inu\\u021b\\u0103 pentru rularea \\u021big\\u0103rilor Mascotte Classic Handroller \\u2013 Tabacco House\",\"inLanguage\":\"ro-RO\",\"isPartOf\":{\"@id\":\"https:\\\/\\\/tabaccomd.com\\\/ro\\\/#website\"},\"breadcrumb\":{\"@id\":\"https:\\\/\\\/tabaccomd.com\\\/ro\\\/product\\\/masinuta-pentru-rularea-tigarilor-mascotte-classic-handroller\\\/#breadcrumblist\"},\"image\":{\"@type\":\"ImageObject\",\"url\":\"https:\\\/\\\/tabaccomd.com\\\/wp-content\\\/uploads\\\/2025\\\/12\\\/mascotte-classic-handroller.jpg\",\"@id\":\"https:\\\/\\\/tabaccomd.com\\\/ro\\\/product\\\/masinuta-pentru-rularea-tigarilor-mascotte-classic-handroller\\\/#mainImage\",\"width\":1200,\"height\":1200,\"caption\":\"mascotte-classic-handroller\"},\"primaryImageOfPage\":{\"@id\":\"https:\\\/\\\/tabaccomd.com\\\/ro\\\/product\\\/masinuta-pentru-rularea-tigarilor-mascotte-classic-handroller\\\/#mainImage\"},\"datePublished\":\"2025-12-02T11:23:46+03:00\",\"dateModified\":\"2025-12-02T11:23:46+03:00\"},{\"@type\":\"WebSite\",\"@id\":\"https:\\\/\\\/tabaccomd.com\\\/ro\\\/#website\",\"url\":\"https:\\\/\\\/tabaccomd.com\\\/ro\\\/\",\"name\":\"Tabacco House\",\"alternateName\":\"tobaccomd.com\",\"description\":\"\\u041c\\u0430\\u0433\\u0430\\u0437\\u0438\\u043d \\u0442\\u0430\\u0431\\u0430\\u0447\\u043d\\u044b\\u0445 \\u0438\\u0437\\u0434\\u0435\\u043b\\u0438\\u0439\",\"inLanguage\":\"ro-RO\",\"publisher\":{\"@id\":\"https:\\\/\\\/tabaccomd.com\\\/ro\\\/#organization\"}}]}\n\t\t<\/script>\n\t\t<!-- All in One SEO Pro -->\r\n\t\t<title>Ma\u0219inu\u021b\u0103 pentru rularea \u021big\u0103rilor Mascotte Classic Handroller \u2013 Tabacco House<\/title>\n\n","aioseo_head_json":{"title":"Ma\u0219inu\u021b\u0103 pentru rularea \u021big\u0103rilor Mascotte Classic Handroller \u2013 Tabacco House","description":"","canonical_url":"https:\/\/tabaccomd.com\/ro\/product\/masinuta-pentru-rularea-tigarilor-mascotte-classic-handroller\/","robots":"max-image-preview:large","keywords":"","webmasterTools":{"miscellaneous":""},"schema":{"@context":"https:\/\/schema.org","@graph":[{"@type":"BreadcrumbList","@id":"https:\/\/tabaccomd.com\/ro\/product\/masinuta-pentru-rularea-tigarilor-mascotte-classic-handroller\/#breadcrumblist","itemListElement":[{"@type":"ListItem","@id":"https:\/\/tabaccomd.com\/ro\/#listItem","position":1,"name":"\u0413\u043b\u0430\u0432\u043d\u0430\u044f","item":"https:\/\/tabaccomd.com\/ro\/","nextItem":{"@type":"ListItem","@id":"https:\/\/tabaccomd.com\/ro\/catalog\/#listItem","name":"Catalog"}},{"@type":"ListItem","@id":"https:\/\/tabaccomd.com\/ro\/catalog\/#listItem","position":2,"name":"Catalog","item":"https:\/\/tabaccomd.com\/ro\/catalog\/","nextItem":{"@type":"ListItem","@id":"https:\/\/tabaccomd.com\/ro\/product-category\/totul-pentru-rulat\/#listItem","name":"Totul pentru rulat"},"previousItem":{"@type":"ListItem","@id":"https:\/\/tabaccomd.com\/ro\/#listItem","name":"\u0413\u043b\u0430\u0432\u043d\u0430\u044f"}},{"@type":"ListItem","@id":"https:\/\/tabaccomd.com\/ro\/product-category\/totul-pentru-rulat\/#listItem","position":3,"name":"Totul pentru rulat","item":"https:\/\/tabaccomd.com\/ro\/product-category\/totul-pentru-rulat\/","nextItem":{"@type":"ListItem","@id":"https:\/\/tabaccomd.com\/ro\/product-category\/totul-pentru-rulat\/masina-de-rulat\/#listItem","name":"Ma\u0219in\u0103 de rulat"},"previousItem":{"@type":"ListItem","@id":"https:\/\/tabaccomd.com\/ro\/catalog\/#listItem","name":"Catalog"}},{"@type":"ListItem","@id":"https:\/\/tabaccomd.com\/ro\/product-category\/totul-pentru-rulat\/masina-de-rulat\/#listItem","position":4,"name":"Ma\u0219in\u0103 de rulat","item":"https:\/\/tabaccomd.com\/ro\/product-category\/totul-pentru-rulat\/masina-de-rulat\/","nextItem":{"@type":"ListItem","@id":"https:\/\/tabaccomd.com\/ro\/product\/masinuta-pentru-rularea-tigarilor-mascotte-classic-handroller\/#listItem","name":"Ma\u0219inu\u021b\u0103 pentru rularea \u021big\u0103rilor Mascotte Classic Handroller"},"previousItem":{"@type":"ListItem","@id":"https:\/\/tabaccomd.com\/ro\/product-category\/totul-pentru-rulat\/#listItem","name":"Totul pentru rulat"}},{"@type":"ListItem","@id":"https:\/\/tabaccomd.com\/ro\/product\/masinuta-pentru-rularea-tigarilor-mascotte-classic-handroller\/#listItem","position":5,"name":"Ma\u0219inu\u021b\u0103 pentru rularea \u021big\u0103rilor Mascotte Classic Handroller","previousItem":{"@type":"ListItem","@id":"https:\/\/tabaccomd.com\/ro\/product-category\/totul-pentru-rulat\/masina-de-rulat\/#listItem","name":"Ma\u0219in\u0103 de rulat"}}]},{"@type":"Organization","@id":"https:\/\/tabaccomd.com\/ro\/#organization","name":"Tabacco House","description":"\u041c\u0430\u0433\u0430\u0437\u0438\u043d \u0442\u0430\u0431\u0430\u0447\u043d\u044b\u0445 \u0438\u0437\u0434\u0435\u043b\u0438\u0439","url":"https:\/\/tabaccomd.com\/ro\/","email":"Office@cazacuhouse.com","telephone":"+37361000935","logo":{"@type":"ImageObject","url":"https:\/\/tabaccomd.com\/wp-content\/uploads\/2024\/02\/logo_header3.png","@id":"https:\/\/tabaccomd.com\/ro\/product\/masinuta-pentru-rularea-tigarilor-mascotte-classic-handroller\/#organizationLogo","width":32,"height":32,"caption":"Tabacco House"},"image":{"@id":"https:\/\/tabaccomd.com\/ro\/product\/masinuta-pentru-rularea-tigarilor-mascotte-classic-handroller\/#organizationLogo"},"sameAs":["https:\/\/www.facebook.com\/tabaccomd.com\/","https:\/\/www.instagram.com\/tabaccomd.com\/"],"address":{"@id":"https:\/\/tabaccomd.com\/ro\/#postaladdress","@type":"PostalAddress","streetAddress":"Strada Albi\u015foara 4, Chi\u0219in\u0103u, Bulevardul \u0218tefan cel Mare \u0219i Sf\u00eent 136, Chi\u0219in\u0103u","addressLocality":"Chi\u0219in\u0103u","addressCountry":"MD"}},{"@type":"Product","@id":"https:\/\/tabaccomd.com\/ro\/product\/masinuta-pentru-rularea-tigarilor-mascotte-classic-handroller\/#wooCommerceProduct","name":"Ma\u0219inu\u021b\u0103 pentru rularea \u021big\u0103rilor Mascotte Classic Handroller","description":"Produc\u0103tor: Mignot &amp; De Block enterprise\r\n \t\u021aara produc\u0103torului: Olanda\r\n \tMaterial: Plastic\r\n \tPentru filtre de 8 mm\r\n \tPentru h\u00e2rtie de p\u00e2n\u0103 la 70 mm lungime","url":"https:\/\/tabaccomd.com\/ro\/product\/masinuta-pentru-rularea-tigarilor-mascotte-classic-handroller\/","sku":"414451046","image":{"@type":"ImageObject","url":"https:\/\/tabaccomd.com\/wp-content\/uploads\/2025\/12\/mascotte-classic-handroller.jpg","@id":"https:\/\/tabaccomd.com\/ro\/product\/masinuta-pentru-rularea-tigarilor-mascotte-classic-handroller\/#productImage","width":1200,"height":1200,"caption":"mascotte-classic-handroller"},"offers":{"@type":"Offer","url":"https:\/\/tabaccomd.com\/ro\/product\/masinuta-pentru-rularea-tigarilor-mascotte-classic-handroller\/#wooCommerceOffer","price":55,"priceCurrency":"MDL","category":"Ma\u0219in\u0103 de rulat","availability":"https:\/\/schema.org\/InStock","priceSpecification":{"@type":"PriceSpecification","price":55,"priceCurrency":"MDL","valueAddedTaxIncluded":"true"},"seller":{"@type":"Organization","@id":"https:\/\/tabaccomd.com\/ro\/#organization"}}},{"@type":"WebPage","@id":"https:\/\/tabaccomd.com\/ro\/product\/masinuta-pentru-rularea-tigarilor-mascotte-classic-handroller\/#webpage","url":"https:\/\/tabaccomd.com\/ro\/product\/masinuta-pentru-rularea-tigarilor-mascotte-classic-handroller\/","name":"Ma\u0219inu\u021b\u0103 pentru rularea \u021big\u0103rilor Mascotte Classic Handroller \u2013 Tabacco House","inLanguage":"ro-RO","isPartOf":{"@id":"https:\/\/tabaccomd.com\/ro\/#website"},"breadcrumb":{"@id":"https:\/\/tabaccomd.com\/ro\/product\/masinuta-pentru-rularea-tigarilor-mascotte-classic-handroller\/#breadcrumblist"},"image":{"@type":"ImageObject","url":"https:\/\/tabaccomd.com\/wp-content\/uploads\/2025\/12\/mascotte-classic-handroller.jpg","@id":"https:\/\/tabaccomd.com\/ro\/product\/masinuta-pentru-rularea-tigarilor-mascotte-classic-handroller\/#mainImage","width":1200,"height":1200,"caption":"mascotte-classic-handroller"},"primaryImageOfPage":{"@id":"https:\/\/tabaccomd.com\/ro\/product\/masinuta-pentru-rularea-tigarilor-mascotte-classic-handroller\/#mainImage"},"datePublished":"2025-12-02T11:23:46+03:00","dateModified":"2025-12-02T11:23:46+03:00"},{"@type":"WebSite","@id":"https:\/\/tabaccomd.com\/ro\/#website","url":"https:\/\/tabaccomd.com\/ro\/","name":"Tabacco House","alternateName":"tobaccomd.com","description":"\u041c\u0430\u0433\u0430\u0437\u0438\u043d \u0442\u0430\u0431\u0430\u0447\u043d\u044b\u0445 \u0438\u0437\u0434\u0435\u043b\u0438\u0439","inLanguage":"ro-RO","publisher":{"@id":"https:\/\/tabaccomd.com\/ro\/#organization"}}]},"og:locale":"ro_RO","og:site_name":"Tabacco House \u2013 \u041c\u0430\u0433\u0430\u0437\u0438\u043d \u0442\u0430\u0431\u0430\u0447\u043d\u044b\u0445 \u0438\u0437\u0434\u0435\u043b\u0438\u0439","og:type":"article","og:title":"Ma\u0219inu\u021b\u0103 pentru rularea \u021big\u0103rilor Mascotte Classic Handroller \u2013 Tabacco House","og:url":"https:\/\/tabaccomd.com\/ro\/product\/masinuta-pentru-rularea-tigarilor-mascotte-classic-handroller\/","article:published_time":"2025-12-02T08:23:46+00:00","article:modified_time":"2025-12-02T08:23:46+00:00","article:publisher":"https:\/\/www.facebook.com\/tabaccomd.com\/","twitter:card":"summary_large_image","twitter:title":"Ma\u0219inu\u021b\u0103 pentru rularea \u021big\u0103rilor Mascotte Classic Handroller \u2013 Tabacco House"},"aioseo_meta_data":{"post_id":"155633","title":null,"description":null,"keywords":null,"keyphrases":null,"primary_term":null,"canonical_url":null,"og_title":null,"og_description":null,"og_object_type":"default","og_image_type":"default","og_image_url":null,"og_image_width":null,"og_image_height":null,"og_image_custom_url":null,"og_image_custom_fields":null,"og_video":null,"og_custom_url":null,"og_article_section":null,"og_article_tags":null,"twitter_use_og":false,"twitter_card":"default","twitter_image_type":"default","twitter_image_url":null,"twitter_image_custom_url":null,"twitter_image_custom_fields":null,"twitter_title":null,"twitter_description":null,"schema":{"blockGraphs":[],"customGraphs":[],"default":{"data":{"Article":[],"Course":[],"Dataset":[],"FAQPage":[],"Movie":[],"Person":[],"Product":[],"ProductReview":[],"Car":[],"Recipe":[],"Service":[],"SoftwareApplication":[],"WebPage":[]},"graphName":"","isEnabled":true},"graphs":[]},"schema_type":"default","schema_type_options":null,"pillar_content":false,"robots_default":true,"robots_noindex":false,"robots_noarchive":false,"robots_nosnippet":false,"robots_nofollow":false,"robots_noimageindex":false,"robots_noodp":false,"robots_notranslate":false,"robots_max_snippet":null,"robots_max_videopreview":null,"robots_max_imagepreview":"large","priority":null,"frequency":null,"local_seo":null,"seo_analyzer_scan_date":"2025-12-02 08:43:47","breadcrumb_settings":null,"limit_modified_date":false,"reviewed_by":null,"open_ai":null,"ai":null,"created":"2025-12-02 08:28:13","updated":"2025-12-02 08:43:47"},"aioseo_breadcrumb":"<div class=\"aioseo-breadcrumbs\"><span class=\"aioseo-breadcrumb\">\n\t<a href=\"https:\/\/tabaccomd.com\/ro\/\" title=\"\u0413\u043b\u0430\u0432\u043d\u0430\u044f\">\u0413\u043b\u0430\u0432\u043d\u0430\u044f<\/a>\n<\/span><span class=\"aioseo-breadcrumb-separator\">\u00bb<\/span><span class=\"aioseo-breadcrumb\">\n\t<a href=\"https:\/\/tabaccomd.com\/ro\/catalog\/\" title=\"Catalog\">Catalog<\/a>\n<\/span><span class=\"aioseo-breadcrumb-separator\">\u00bb<\/span><span class=\"aioseo-breadcrumb\">\n\t<a href=\"https:\/\/tabaccomd.com\/ro\/product-category\/totul-pentru-rulat\/\" title=\"Totul pentru rulat\">Totul pentru rulat<\/a>\n<\/span><span class=\"aioseo-breadcrumb-separator\">\u00bb<\/span><span class=\"aioseo-breadcrumb\">\n\t<a href=\"https:\/\/tabaccomd.com\/ro\/product-category\/totul-pentru-rulat\/masina-de-rulat\/\" title=\"Ma\u0219in\u0103 de rulat\">Ma\u0219in\u0103 de rulat<\/a>\n<\/span><span class=\"aioseo-breadcrumb-separator\">\u00bb<\/span><span class=\"aioseo-breadcrumb\">\n\tMa\u0219inu\u021b\u0103 pentru rularea \u021big\u0103rilor Mascotte Classic Handroller\n<\/span><\/div>","aioseo_breadcrumb_json":[{"label":"\u0413\u043b\u0430\u0432\u043d\u0430\u044f","link":"https:\/\/tabaccomd.com\/ro\/"},{"label":"Catalog","link":"https:\/\/tabaccomd.com\/ro\/catalog\/"},{"label":"Totul pentru rulat","link":"https:\/\/tabaccomd.com\/ro\/product-category\/totul-pentru-rulat\/"},{"label":"Ma\u0219in\u0103 de rulat","link":"https:\/\/tabaccomd.com\/ro\/product-category\/totul-pentru-rulat\/masina-de-rulat\/"},{"label":"Ma\u0219inu\u021b\u0103 pentru rularea \u021big\u0103rilor Mascotte Classic Handroller","link":"https:\/\/tabaccomd.com\/ro\/product\/masinuta-pentru-rularea-tigarilor-mascotte-classic-handroller\/"}],"images_for_1c":[{"url":"https:\/\/tabaccomd.com\/wp-content\/uploads\/2025\/12\/mascotte-classic-handroller.jpg","type":"featured","alt":"mascotte-classic-handroller","filename":"mascotte-classic-handroller.jpg"},{"url":"https:\/\/tabaccomd.com\/wp-content\/uploads\/2025\/12\/mascotte-classic-handroller-0.jpg","type":"gallery","alt":"mascotte-classic-handroller-0","filename":"mascotte-classic-handroller-0.jpg"},{"url":"https:\/\/tabaccomd.com\/wp-content\/uploads\/2025\/12\/mascotte-classic-handroller-1.jpg","type":"gallery","alt":"mascotte-classic-handroller-1","filename":"mascotte-classic-handroller-1.jpg"}],"additional_data_1c":{"modified_date":"2025-12-02 11:23:46","permalink":"https:\/\/tabaccomd.com\/ro\/product\/masinuta-pentru-rularea-tigarilor-mascotte-classic-handroller\/","stock_status":"instock","manage_stock":"no"},"_links":{"self":[{"href":"https:\/\/tabaccomd.com\/ro\/wp-json\/wp\/v2\/product\/155633","targetHints":{"allow":["GET"]}}],"collection":[{"href":"https:\/\/tabaccomd.com\/ro\/wp-json\/wp\/v2\/product"}],"about":[{"href":"https:\/\/tabaccomd.com\/ro\/wp-json\/wp\/v2\/types\/product"}],"wp:featuredmedia":[{"embeddable":true,"href":"https:\/\/tabaccomd.com\/ro\/wp-json\/wp\/v2\/media\/155628"}],"wp:attachment":[{"href":"https:\/\/tabaccomd.com\/ro\/wp-json\/wp\/v2\/media?parent=155633"}],"wp:term":[{"taxonomy":"product_brand","embeddable":true,"href":"https:\/\/tabaccomd.com\/ro\/wp-json\/wp\/v2\/product_brand?post=155633"},{"taxonomy":"product_cat","embeddable":true,"href":"https:\/\/tabaccomd.com\/ro\/wp-json\/wp\/v2\/product_cat?post=155633"},{"taxonomy":"product_tag","embeddable":true,"href":"https:\/\/tabaccomd.com\/ro\/wp-json\/wp\/v2\/product_tag?post=155633"}],"curies":[{"name":"wp","href":"https:\/\/api.w.org\/{rel}","templated":true}]}}