{"id":155623,"date":"2025-12-01T14:00:37","date_gmt":"2025-12-01T11:00:37","guid":{"rendered":"https:\/\/tabaccomd.com\/product\/conuri-mascotte-brown-cones-tip\/"},"modified":"2025-12-04T15:08:33","modified_gmt":"2025-12-04T12:08:33","slug":"conuri-mascotte-brown-cones-tip","status":"publish","type":"product","link":"https:\/\/tabaccomd.com\/ro\/product\/conuri-mascotte-brown-cones-tip\/","title":{"rendered":"Conuri Mascotte Brown Cones + Tip"},"content":{"rendered":"<p><a href=\"\/?product_cat=hartie-de-tigara\">Conurile<\/a> Mascotte sunt alegerea perfect\u0103 pentru confort \u0219i calitate impecabil\u0103. Sunt fabricate din h\u00e2rtie maro natural\u0103, sub\u021bire, care arde lent \u0219i uniform, cre\u00e2nd cea mai natural\u0103 experien\u021b\u0103 posibil\u0103. Fiecare con este gata de utilizare &#8211; tot ce trebuie s\u0103 face\u021bi este s\u0103 \u00eel umple\u021bi \u0219i s\u0103 \u00eel tasa\u021bi u\u0219or cu tutun sau amestec de tutun folosind premsorul de carton inclus. Trei conuri sunt ambalate cu grij\u0103 \u00eentr-o cutie robust\u0103 care se deschide u\u0219or cu o mi\u0219care a degetului ar\u0103t\u0103tor. Acest ambalaj le protejeaz\u0103 de deformare \u0219i face utilizarea \u0219i mai convenabil\u0103. Mascotte reprezint\u0103 simplitatea, calitatea \u0219i confortul combinate \u00eentr-un singur produs: \u00eembinarea perfect\u0103 se creeaz\u0103 rapid \u0219i f\u0103r\u0103 efort.<\/p>\n<p>Pute\u021bi achizi\u021biona conurile Mascotte Brown Cones + Tip \u00een Moldova, Chi\u0219in\u0103u, \u00een re\u021beaua de magazine Tabacco House.<\/p>\n","protected":false},"excerpt":{"rendered":"<ul>\n<li>Produc\u0103tor: Mignot &amp; De Block enterprise<\/li>\n<li>\u021aara produc\u0103torului: Olanda<\/li>\n<li>Lungime: 110 mm<\/li>\n<li>Diametru la baz\u0103: 6 mm<\/li>\n<li>Diametru \u00een partea superioar\u0103: 12 mm<\/li>\n<li>Cantitate de conuri \u00een ambalaj: 3 buc\u0103\u021bi<\/li>\n<li>Densitate: Ultrafin\u0103 (14 g\/m\u00b2)<\/li>\n<li>Material: R\u0103\u0219in\u0103 arab\u0103 \u0219i suc de salc\u00e2m<\/li>\n<\/ul>\n","protected":false},"featured_media":155617,"template":"","meta":{"om_disable_all_campaigns":false,"_monsterinsights_skip_tracking":false,"_monsterinsights_sitenote_active":false,"_monsterinsights_sitenote_note":"","_monsterinsights_sitenote_category":0},"product_brand":[],"product_cat":[170],"product_tag":[],"class_list":{"0":"post-155623","1":"product","2":"type-product","3":"status-publish","4":"has-post-thumbnail","6":"product_cat-hartie-pentru-tigari","8":"first","9":"instock","10":"taxable","11":"shipping-taxable","12":"purchasable","13":"product-type-simple"},"aioseo_notices":[],"aioseo_head":"\n\t\t<!-- All in One SEO Pro 4.9.5.2 - aioseo.com -->\n\t<meta name=\"robots\" content=\"max-image-preview:large\" \/>\n\t<link rel=\"canonical\" href=\"https:\/\/tabaccomd.com\/ro\/product\/conuri-mascotte-brown-cones-tip\/\" \/>\n\t<meta name=\"generator\" content=\"All in One SEO Pro (AIOSEO) 4.9.5.2\" \/>\n\t\t<meta property=\"og:locale\" content=\"ro_RO\" \/>\n\t\t<meta property=\"og:site_name\" content=\"Tabacco House \u2013 \u041c\u0430\u0433\u0430\u0437\u0438\u043d \u0442\u0430\u0431\u0430\u0447\u043d\u044b\u0445 \u0438\u0437\u0434\u0435\u043b\u0438\u0439\" \/>\n\t\t<meta property=\"og:type\" content=\"article\" \/>\n\t\t<meta property=\"og:title\" content=\"Conuri Mascotte Brown Cones + Tip \u2013 Tabacco House\" \/>\n\t\t<meta property=\"og:url\" content=\"https:\/\/tabaccomd.com\/ro\/product\/conuri-mascotte-brown-cones-tip\/\" \/>\n\t\t<meta property=\"article:published_time\" content=\"2025-12-01T11:00:37+00:00\" \/>\n\t\t<meta property=\"article:modified_time\" content=\"2025-12-04T12:08:33+00:00\" \/>\n\t\t<meta property=\"article:publisher\" content=\"https:\/\/www.facebook.com\/tabaccomd.com\/\" \/>\n\t\t<meta name=\"twitter:card\" content=\"summary_large_image\" \/>\n\t\t<meta name=\"twitter:title\" content=\"Conuri Mascotte Brown Cones + Tip \u2013 Tabacco House\" \/>\n\t\t<script type=\"application\/ld+json\" class=\"aioseo-schema\">\n\t\t\t{\"@context\":\"https:\\\/\\\/schema.org\",\"@graph\":[{\"@type\":\"BreadcrumbList\",\"@id\":\"https:\\\/\\\/tabaccomd.com\\\/ro\\\/product\\\/conuri-mascotte-brown-cones-tip\\\/#breadcrumblist\",\"itemListElement\":[{\"@type\":\"ListItem\",\"@id\":\"https:\\\/\\\/tabaccomd.com\\\/ro\\\/#listItem\",\"position\":1,\"name\":\"\\u0413\\u043b\\u0430\\u0432\\u043d\\u0430\\u044f\",\"item\":\"https:\\\/\\\/tabaccomd.com\\\/ro\\\/\",\"nextItem\":{\"@type\":\"ListItem\",\"@id\":\"https:\\\/\\\/tabaccomd.com\\\/ro\\\/catalog\\\/#listItem\",\"name\":\"Catalog\"}},{\"@type\":\"ListItem\",\"@id\":\"https:\\\/\\\/tabaccomd.com\\\/ro\\\/catalog\\\/#listItem\",\"position\":2,\"name\":\"Catalog\",\"item\":\"https:\\\/\\\/tabaccomd.com\\\/ro\\\/catalog\\\/\",\"nextItem\":{\"@type\":\"ListItem\",\"@id\":\"https:\\\/\\\/tabaccomd.com\\\/ro\\\/product-category\\\/totul-pentru-rulat\\\/#listItem\",\"name\":\"Totul pentru rulat\"},\"previousItem\":{\"@type\":\"ListItem\",\"@id\":\"https:\\\/\\\/tabaccomd.com\\\/ro\\\/#listItem\",\"name\":\"\\u0413\\u043b\\u0430\\u0432\\u043d\\u0430\\u044f\"}},{\"@type\":\"ListItem\",\"@id\":\"https:\\\/\\\/tabaccomd.com\\\/ro\\\/product-category\\\/totul-pentru-rulat\\\/#listItem\",\"position\":3,\"name\":\"Totul pentru rulat\",\"item\":\"https:\\\/\\\/tabaccomd.com\\\/ro\\\/product-category\\\/totul-pentru-rulat\\\/\",\"nextItem\":{\"@type\":\"ListItem\",\"@id\":\"https:\\\/\\\/tabaccomd.com\\\/ro\\\/product-category\\\/totul-pentru-rulat\\\/hartie-pentru-tigari\\\/#listItem\",\"name\":\"H\\u00e2rtie pentru \\u021big\\u0103ri\"},\"previousItem\":{\"@type\":\"ListItem\",\"@id\":\"https:\\\/\\\/tabaccomd.com\\\/ro\\\/catalog\\\/#listItem\",\"name\":\"Catalog\"}},{\"@type\":\"ListItem\",\"@id\":\"https:\\\/\\\/tabaccomd.com\\\/ro\\\/product-category\\\/totul-pentru-rulat\\\/hartie-pentru-tigari\\\/#listItem\",\"position\":4,\"name\":\"H\\u00e2rtie pentru \\u021big\\u0103ri\",\"item\":\"https:\\\/\\\/tabaccomd.com\\\/ro\\\/product-category\\\/totul-pentru-rulat\\\/hartie-pentru-tigari\\\/\",\"nextItem\":{\"@type\":\"ListItem\",\"@id\":\"https:\\\/\\\/tabaccomd.com\\\/ro\\\/product\\\/conuri-mascotte-brown-cones-tip\\\/#listItem\",\"name\":\"Conuri Mascotte Brown Cones + Tip\"},\"previousItem\":{\"@type\":\"ListItem\",\"@id\":\"https:\\\/\\\/tabaccomd.com\\\/ro\\\/product-category\\\/totul-pentru-rulat\\\/#listItem\",\"name\":\"Totul pentru rulat\"}},{\"@type\":\"ListItem\",\"@id\":\"https:\\\/\\\/tabaccomd.com\\\/ro\\\/product\\\/conuri-mascotte-brown-cones-tip\\\/#listItem\",\"position\":5,\"name\":\"Conuri Mascotte Brown Cones + Tip\",\"previousItem\":{\"@type\":\"ListItem\",\"@id\":\"https:\\\/\\\/tabaccomd.com\\\/ro\\\/product-category\\\/totul-pentru-rulat\\\/hartie-pentru-tigari\\\/#listItem\",\"name\":\"H\\u00e2rtie pentru \\u021big\\u0103ri\"}}]},{\"@type\":\"Organization\",\"@id\":\"https:\\\/\\\/tabaccomd.com\\\/ro\\\/#organization\",\"name\":\"Tabacco House\",\"description\":\"\\u041c\\u0430\\u0433\\u0430\\u0437\\u0438\\u043d \\u0442\\u0430\\u0431\\u0430\\u0447\\u043d\\u044b\\u0445 \\u0438\\u0437\\u0434\\u0435\\u043b\\u0438\\u0439\",\"url\":\"https:\\\/\\\/tabaccomd.com\\\/ro\\\/\",\"email\":\"Office@cazacuhouse.com\",\"telephone\":\"+37361000935\",\"logo\":{\"@type\":\"ImageObject\",\"url\":\"https:\\\/\\\/tabaccomd.com\\\/wp-content\\\/uploads\\\/2024\\\/02\\\/logo_header3.png\",\"@id\":\"https:\\\/\\\/tabaccomd.com\\\/ro\\\/product\\\/conuri-mascotte-brown-cones-tip\\\/#organizationLogo\",\"width\":32,\"height\":32,\"caption\":\"Tabacco House\"},\"image\":{\"@id\":\"https:\\\/\\\/tabaccomd.com\\\/ro\\\/product\\\/conuri-mascotte-brown-cones-tip\\\/#organizationLogo\"},\"sameAs\":[\"https:\\\/\\\/www.facebook.com\\\/tabaccomd.com\\\/\",\"https:\\\/\\\/www.instagram.com\\\/tabaccomd.com\\\/\"],\"address\":{\"@id\":\"https:\\\/\\\/tabaccomd.com\\\/ro\\\/#postaladdress\",\"@type\":\"PostalAddress\",\"streetAddress\":\"Strada Albi\\u015foara 4, Chi\\u0219in\\u0103u, Bulevardul \\u0218tefan cel Mare \\u0219i Sf\\u00eent 136, Chi\\u0219in\\u0103u\",\"addressLocality\":\"Chi\\u0219in\\u0103u\",\"addressCountry\":\"MD\"}},{\"@type\":\"Product\",\"@id\":\"https:\\\/\\\/tabaccomd.com\\\/ro\\\/product\\\/conuri-mascotte-brown-cones-tip\\\/#wooCommerceProduct\",\"name\":\"Conuri Mascotte Brown Cones + Tip\",\"description\":\"Produc\\u0103tor: Mignot &amp; De Block enterprise\\r\\n \\t\\u021aara produc\\u0103torului: Olanda\\r\\n \\tLungime: 110 mm\\r\\n \\tDiametru la baz\\u0103: 6 mm\\r\\n \\tDiametru \\u00een partea superioar\\u0103: 12 mm\\r\\n \\tCantitate de conuri \\u00een ambalaj: 3 buc\\u0103\\u021bi\\r\\n \\tDensitate: Ultrafin\\u0103 (14 g\\\/m\\u00b2)\\r\\n \\tMaterial: R\\u0103\\u0219in\\u0103 arab\\u0103 \\u0219i suc de salc\\u00e2m\",\"url\":\"https:\\\/\\\/tabaccomd.com\\\/ro\\\/product\\\/conuri-mascotte-brown-cones-tip\\\/\",\"sku\":\"412451005\",\"image\":{\"@type\":\"ImageObject\",\"url\":\"https:\\\/\\\/tabaccomd.com\\\/wp-content\\\/uploads\\\/2025\\\/12\\\/mascotte-cones-brown-tips.jpg\",\"@id\":\"https:\\\/\\\/tabaccomd.com\\\/ro\\\/product\\\/conuri-mascotte-brown-cones-tip\\\/#productImage\",\"width\":1200,\"height\":1200,\"caption\":\"mascotte-cones-brown-tips\"},\"offers\":{\"@type\":\"Offer\",\"url\":\"https:\\\/\\\/tabaccomd.com\\\/ro\\\/product\\\/conuri-mascotte-brown-cones-tip\\\/#wooCommerceOffer\",\"price\":45,\"priceCurrency\":\"MDL\",\"category\":\"H\\u00e2rtie pentru \\u021big\\u0103ri\",\"availability\":\"https:\\\/\\\/schema.org\\\/InStock\",\"priceSpecification\":{\"@type\":\"PriceSpecification\",\"price\":45,\"priceCurrency\":\"MDL\",\"valueAddedTaxIncluded\":\"true\"},\"seller\":{\"@type\":\"Organization\",\"@id\":\"https:\\\/\\\/tabaccomd.com\\\/ro\\\/#organization\"}}},{\"@type\":\"WebPage\",\"@id\":\"https:\\\/\\\/tabaccomd.com\\\/ro\\\/product\\\/conuri-mascotte-brown-cones-tip\\\/#webpage\",\"url\":\"https:\\\/\\\/tabaccomd.com\\\/ro\\\/product\\\/conuri-mascotte-brown-cones-tip\\\/\",\"name\":\"Conuri Mascotte Brown Cones + Tip \\u2013 Tabacco House\",\"inLanguage\":\"ro-RO\",\"isPartOf\":{\"@id\":\"https:\\\/\\\/tabaccomd.com\\\/ro\\\/#website\"},\"breadcrumb\":{\"@id\":\"https:\\\/\\\/tabaccomd.com\\\/ro\\\/product\\\/conuri-mascotte-brown-cones-tip\\\/#breadcrumblist\"},\"image\":{\"@type\":\"ImageObject\",\"url\":\"https:\\\/\\\/tabaccomd.com\\\/wp-content\\\/uploads\\\/2025\\\/12\\\/mascotte-cones-brown-tips.jpg\",\"@id\":\"https:\\\/\\\/tabaccomd.com\\\/ro\\\/product\\\/conuri-mascotte-brown-cones-tip\\\/#mainImage\",\"width\":1200,\"height\":1200,\"caption\":\"mascotte-cones-brown-tips\"},\"primaryImageOfPage\":{\"@id\":\"https:\\\/\\\/tabaccomd.com\\\/ro\\\/product\\\/conuri-mascotte-brown-cones-tip\\\/#mainImage\"},\"datePublished\":\"2025-12-01T14:00:37+03:00\",\"dateModified\":\"2025-12-04T15:08:33+03:00\"},{\"@type\":\"WebSite\",\"@id\":\"https:\\\/\\\/tabaccomd.com\\\/ro\\\/#website\",\"url\":\"https:\\\/\\\/tabaccomd.com\\\/ro\\\/\",\"name\":\"Tabacco House\",\"alternateName\":\"tobaccomd.com\",\"description\":\"\\u041c\\u0430\\u0433\\u0430\\u0437\\u0438\\u043d \\u0442\\u0430\\u0431\\u0430\\u0447\\u043d\\u044b\\u0445 \\u0438\\u0437\\u0434\\u0435\\u043b\\u0438\\u0439\",\"inLanguage\":\"ro-RO\",\"publisher\":{\"@id\":\"https:\\\/\\\/tabaccomd.com\\\/ro\\\/#organization\"}}]}\n\t\t<\/script>\n\t\t<!-- All in One SEO Pro -->\r\n\t\t<title>Conuri Mascotte Brown Cones + Tip \u2013 Tabacco House<\/title>\n\n","aioseo_head_json":{"title":"Conuri Mascotte Brown Cones + Tip \u2013 Tabacco House","description":"","canonical_url":"https:\/\/tabaccomd.com\/ro\/product\/conuri-mascotte-brown-cones-tip\/","robots":"max-image-preview:large","keywords":"","webmasterTools":{"miscellaneous":""},"schema":{"@context":"https:\/\/schema.org","@graph":[{"@type":"BreadcrumbList","@id":"https:\/\/tabaccomd.com\/ro\/product\/conuri-mascotte-brown-cones-tip\/#breadcrumblist","itemListElement":[{"@type":"ListItem","@id":"https:\/\/tabaccomd.com\/ro\/#listItem","position":1,"name":"\u0413\u043b\u0430\u0432\u043d\u0430\u044f","item":"https:\/\/tabaccomd.com\/ro\/","nextItem":{"@type":"ListItem","@id":"https:\/\/tabaccomd.com\/ro\/catalog\/#listItem","name":"Catalog"}},{"@type":"ListItem","@id":"https:\/\/tabaccomd.com\/ro\/catalog\/#listItem","position":2,"name":"Catalog","item":"https:\/\/tabaccomd.com\/ro\/catalog\/","nextItem":{"@type":"ListItem","@id":"https:\/\/tabaccomd.com\/ro\/product-category\/totul-pentru-rulat\/#listItem","name":"Totul pentru rulat"},"previousItem":{"@type":"ListItem","@id":"https:\/\/tabaccomd.com\/ro\/#listItem","name":"\u0413\u043b\u0430\u0432\u043d\u0430\u044f"}},{"@type":"ListItem","@id":"https:\/\/tabaccomd.com\/ro\/product-category\/totul-pentru-rulat\/#listItem","position":3,"name":"Totul pentru rulat","item":"https:\/\/tabaccomd.com\/ro\/product-category\/totul-pentru-rulat\/","nextItem":{"@type":"ListItem","@id":"https:\/\/tabaccomd.com\/ro\/product-category\/totul-pentru-rulat\/hartie-pentru-tigari\/#listItem","name":"H\u00e2rtie pentru \u021big\u0103ri"},"previousItem":{"@type":"ListItem","@id":"https:\/\/tabaccomd.com\/ro\/catalog\/#listItem","name":"Catalog"}},{"@type":"ListItem","@id":"https:\/\/tabaccomd.com\/ro\/product-category\/totul-pentru-rulat\/hartie-pentru-tigari\/#listItem","position":4,"name":"H\u00e2rtie pentru \u021big\u0103ri","item":"https:\/\/tabaccomd.com\/ro\/product-category\/totul-pentru-rulat\/hartie-pentru-tigari\/","nextItem":{"@type":"ListItem","@id":"https:\/\/tabaccomd.com\/ro\/product\/conuri-mascotte-brown-cones-tip\/#listItem","name":"Conuri Mascotte Brown Cones + Tip"},"previousItem":{"@type":"ListItem","@id":"https:\/\/tabaccomd.com\/ro\/product-category\/totul-pentru-rulat\/#listItem","name":"Totul pentru rulat"}},{"@type":"ListItem","@id":"https:\/\/tabaccomd.com\/ro\/product\/conuri-mascotte-brown-cones-tip\/#listItem","position":5,"name":"Conuri Mascotte Brown Cones + Tip","previousItem":{"@type":"ListItem","@id":"https:\/\/tabaccomd.com\/ro\/product-category\/totul-pentru-rulat\/hartie-pentru-tigari\/#listItem","name":"H\u00e2rtie pentru \u021big\u0103ri"}}]},{"@type":"Organization","@id":"https:\/\/tabaccomd.com\/ro\/#organization","name":"Tabacco House","description":"\u041c\u0430\u0433\u0430\u0437\u0438\u043d \u0442\u0430\u0431\u0430\u0447\u043d\u044b\u0445 \u0438\u0437\u0434\u0435\u043b\u0438\u0439","url":"https:\/\/tabaccomd.com\/ro\/","email":"Office@cazacuhouse.com","telephone":"+37361000935","logo":{"@type":"ImageObject","url":"https:\/\/tabaccomd.com\/wp-content\/uploads\/2024\/02\/logo_header3.png","@id":"https:\/\/tabaccomd.com\/ro\/product\/conuri-mascotte-brown-cones-tip\/#organizationLogo","width":32,"height":32,"caption":"Tabacco House"},"image":{"@id":"https:\/\/tabaccomd.com\/ro\/product\/conuri-mascotte-brown-cones-tip\/#organizationLogo"},"sameAs":["https:\/\/www.facebook.com\/tabaccomd.com\/","https:\/\/www.instagram.com\/tabaccomd.com\/"],"address":{"@id":"https:\/\/tabaccomd.com\/ro\/#postaladdress","@type":"PostalAddress","streetAddress":"Strada Albi\u015foara 4, Chi\u0219in\u0103u, Bulevardul \u0218tefan cel Mare \u0219i Sf\u00eent 136, Chi\u0219in\u0103u","addressLocality":"Chi\u0219in\u0103u","addressCountry":"MD"}},{"@type":"Product","@id":"https:\/\/tabaccomd.com\/ro\/product\/conuri-mascotte-brown-cones-tip\/#wooCommerceProduct","name":"Conuri Mascotte Brown Cones + Tip","description":"Produc\u0103tor: Mignot &amp; De Block enterprise\r\n \t\u021aara produc\u0103torului: Olanda\r\n \tLungime: 110 mm\r\n \tDiametru la baz\u0103: 6 mm\r\n \tDiametru \u00een partea superioar\u0103: 12 mm\r\n \tCantitate de conuri \u00een ambalaj: 3 buc\u0103\u021bi\r\n \tDensitate: Ultrafin\u0103 (14 g\/m\u00b2)\r\n \tMaterial: R\u0103\u0219in\u0103 arab\u0103 \u0219i suc de salc\u00e2m","url":"https:\/\/tabaccomd.com\/ro\/product\/conuri-mascotte-brown-cones-tip\/","sku":"412451005","image":{"@type":"ImageObject","url":"https:\/\/tabaccomd.com\/wp-content\/uploads\/2025\/12\/mascotte-cones-brown-tips.jpg","@id":"https:\/\/tabaccomd.com\/ro\/product\/conuri-mascotte-brown-cones-tip\/#productImage","width":1200,"height":1200,"caption":"mascotte-cones-brown-tips"},"offers":{"@type":"Offer","url":"https:\/\/tabaccomd.com\/ro\/product\/conuri-mascotte-brown-cones-tip\/#wooCommerceOffer","price":45,"priceCurrency":"MDL","category":"H\u00e2rtie pentru \u021big\u0103ri","availability":"https:\/\/schema.org\/InStock","priceSpecification":{"@type":"PriceSpecification","price":45,"priceCurrency":"MDL","valueAddedTaxIncluded":"true"},"seller":{"@type":"Organization","@id":"https:\/\/tabaccomd.com\/ro\/#organization"}}},{"@type":"WebPage","@id":"https:\/\/tabaccomd.com\/ro\/product\/conuri-mascotte-brown-cones-tip\/#webpage","url":"https:\/\/tabaccomd.com\/ro\/product\/conuri-mascotte-brown-cones-tip\/","name":"Conuri Mascotte Brown Cones + Tip \u2013 Tabacco House","inLanguage":"ro-RO","isPartOf":{"@id":"https:\/\/tabaccomd.com\/ro\/#website"},"breadcrumb":{"@id":"https:\/\/tabaccomd.com\/ro\/product\/conuri-mascotte-brown-cones-tip\/#breadcrumblist"},"image":{"@type":"ImageObject","url":"https:\/\/tabaccomd.com\/wp-content\/uploads\/2025\/12\/mascotte-cones-brown-tips.jpg","@id":"https:\/\/tabaccomd.com\/ro\/product\/conuri-mascotte-brown-cones-tip\/#mainImage","width":1200,"height":1200,"caption":"mascotte-cones-brown-tips"},"primaryImageOfPage":{"@id":"https:\/\/tabaccomd.com\/ro\/product\/conuri-mascotte-brown-cones-tip\/#mainImage"},"datePublished":"2025-12-01T14:00:37+03:00","dateModified":"2025-12-04T15:08:33+03:00"},{"@type":"WebSite","@id":"https:\/\/tabaccomd.com\/ro\/#website","url":"https:\/\/tabaccomd.com\/ro\/","name":"Tabacco House","alternateName":"tobaccomd.com","description":"\u041c\u0430\u0433\u0430\u0437\u0438\u043d \u0442\u0430\u0431\u0430\u0447\u043d\u044b\u0445 \u0438\u0437\u0434\u0435\u043b\u0438\u0439","inLanguage":"ro-RO","publisher":{"@id":"https:\/\/tabaccomd.com\/ro\/#organization"}}]},"og:locale":"ro_RO","og:site_name":"Tabacco House \u2013 \u041c\u0430\u0433\u0430\u0437\u0438\u043d \u0442\u0430\u0431\u0430\u0447\u043d\u044b\u0445 \u0438\u0437\u0434\u0435\u043b\u0438\u0439","og:type":"article","og:title":"Conuri Mascotte Brown Cones + Tip \u2013 Tabacco House","og:url":"https:\/\/tabaccomd.com\/ro\/product\/conuri-mascotte-brown-cones-tip\/","article:published_time":"2025-12-01T11:00:37+00:00","article:modified_time":"2025-12-04T12:08:33+00:00","article:publisher":"https:\/\/www.facebook.com\/tabaccomd.com\/","twitter:card":"summary_large_image","twitter:title":"Conuri Mascotte Brown Cones + Tip \u2013 Tabacco House"},"aioseo_meta_data":{"post_id":"155623","title":null,"description":null,"keywords":null,"keyphrases":null,"primary_term":null,"canonical_url":null,"og_title":null,"og_description":null,"og_object_type":"default","og_image_type":"default","og_image_url":null,"og_image_width":null,"og_image_height":null,"og_image_custom_url":null,"og_image_custom_fields":null,"og_video":null,"og_custom_url":null,"og_article_section":null,"og_article_tags":null,"twitter_use_og":false,"twitter_card":"default","twitter_image_type":"default","twitter_image_url":null,"twitter_image_custom_url":null,"twitter_image_custom_fields":null,"twitter_title":null,"twitter_description":null,"schema":{"blockGraphs":[],"customGraphs":[],"default":{"data":{"Article":[],"Course":[],"Dataset":[],"FAQPage":[],"Movie":[],"Person":[],"Product":[],"ProductReview":[],"Car":[],"Recipe":[],"Service":[],"SoftwareApplication":[],"WebPage":[]},"graphName":"","isEnabled":true},"graphs":[]},"schema_type":"default","schema_type_options":null,"pillar_content":false,"robots_default":true,"robots_noindex":false,"robots_noarchive":false,"robots_nosnippet":false,"robots_nofollow":false,"robots_noimageindex":false,"robots_noodp":false,"robots_notranslate":false,"robots_max_snippet":null,"robots_max_videopreview":null,"robots_max_imagepreview":"large","priority":null,"frequency":null,"local_seo":null,"seo_analyzer_scan_date":"2025-12-04 12:09:13","breadcrumb_settings":null,"limit_modified_date":false,"reviewed_by":null,"open_ai":null,"ai":null,"created":"2025-12-01 11:05:56","updated":"2025-12-04 12:09:13"},"aioseo_breadcrumb":"<div class=\"aioseo-breadcrumbs\"><span class=\"aioseo-breadcrumb\">\n\t<a href=\"https:\/\/tabaccomd.com\/ro\/\" title=\"\u0413\u043b\u0430\u0432\u043d\u0430\u044f\">\u0413\u043b\u0430\u0432\u043d\u0430\u044f<\/a>\n<\/span><span class=\"aioseo-breadcrumb-separator\">\u00bb<\/span><span class=\"aioseo-breadcrumb\">\n\t<a href=\"https:\/\/tabaccomd.com\/ro\/catalog\/\" title=\"Catalog\">Catalog<\/a>\n<\/span><span class=\"aioseo-breadcrumb-separator\">\u00bb<\/span><span class=\"aioseo-breadcrumb\">\n\t<a href=\"https:\/\/tabaccomd.com\/ro\/product-category\/totul-pentru-rulat\/\" title=\"Totul pentru rulat\">Totul pentru rulat<\/a>\n<\/span><span class=\"aioseo-breadcrumb-separator\">\u00bb<\/span><span class=\"aioseo-breadcrumb\">\n\t<a href=\"https:\/\/tabaccomd.com\/ro\/product-category\/totul-pentru-rulat\/hartie-pentru-tigari\/\" title=\"H\u00e2rtie pentru \u021big\u0103ri\">H\u00e2rtie pentru \u021big\u0103ri<\/a>\n<\/span><span class=\"aioseo-breadcrumb-separator\">\u00bb<\/span><span class=\"aioseo-breadcrumb\">\n\tConuri Mascotte Brown Cones + Tip\n<\/span><\/div>","aioseo_breadcrumb_json":[{"label":"\u0413\u043b\u0430\u0432\u043d\u0430\u044f","link":"https:\/\/tabaccomd.com\/ro\/"},{"label":"Catalog","link":"https:\/\/tabaccomd.com\/ro\/catalog\/"},{"label":"Totul pentru rulat","link":"https:\/\/tabaccomd.com\/ro\/product-category\/totul-pentru-rulat\/"},{"label":"H\u00e2rtie pentru \u021big\u0103ri","link":"https:\/\/tabaccomd.com\/ro\/product-category\/totul-pentru-rulat\/hartie-pentru-tigari\/"},{"label":"Conuri Mascotte Brown Cones + Tip","link":"https:\/\/tabaccomd.com\/ro\/product\/conuri-mascotte-brown-cones-tip\/"}],"images_for_1c":[{"url":"https:\/\/tabaccomd.com\/wp-content\/uploads\/2025\/12\/mascotte-cones-brown-tips.jpg","type":"featured","alt":"mascotte-cones-brown-tips","filename":"mascotte-cones-brown-tips.jpg"},{"url":"https:\/\/tabaccomd.com\/wp-content\/uploads\/2025\/12\/mascotte-cones-brown-tips-5.jpg","type":"gallery","alt":"mascotte-cones-brown-tips-5","filename":"mascotte-cones-brown-tips-5.jpg"},{"url":"https:\/\/tabaccomd.com\/wp-content\/uploads\/2025\/12\/mascotte-cones-brown-tips-1.jpg","type":"gallery","alt":"mascotte-cones-brown-tips-1","filename":"mascotte-cones-brown-tips-1.jpg"},{"url":"https:\/\/tabaccomd.com\/wp-content\/uploads\/2025\/12\/mascotte-cones-brown-tips-0.jpg","type":"gallery","alt":"mascotte-cones-brown-tips-0","filename":"mascotte-cones-brown-tips-0.jpg"}],"additional_data_1c":{"modified_date":"2025-12-04 15:08:33","permalink":"https:\/\/tabaccomd.com\/ro\/product\/conuri-mascotte-brown-cones-tip\/","stock_status":"instock","manage_stock":"no"},"_links":{"self":[{"href":"https:\/\/tabaccomd.com\/ro\/wp-json\/wp\/v2\/product\/155623","targetHints":{"allow":["GET"]}}],"collection":[{"href":"https:\/\/tabaccomd.com\/ro\/wp-json\/wp\/v2\/product"}],"about":[{"href":"https:\/\/tabaccomd.com\/ro\/wp-json\/wp\/v2\/types\/product"}],"wp:featuredmedia":[{"embeddable":true,"href":"https:\/\/tabaccomd.com\/ro\/wp-json\/wp\/v2\/media\/155617"}],"wp:attachment":[{"href":"https:\/\/tabaccomd.com\/ro\/wp-json\/wp\/v2\/media?parent=155623"}],"wp:term":[{"taxonomy":"product_brand","embeddable":true,"href":"https:\/\/tabaccomd.com\/ro\/wp-json\/wp\/v2\/product_brand?post=155623"},{"taxonomy":"product_cat","embeddable":true,"href":"https:\/\/tabaccomd.com\/ro\/wp-json\/wp\/v2\/product_cat?post=155623"},{"taxonomy":"product_tag","embeddable":true,"href":"https:\/\/tabaccomd.com\/ro\/wp-json\/wp\/v2\/product_tag?post=155623"}],"curies":[{"name":"wp","href":"https:\/\/api.w.org\/{rel}","templated":true}]}}