{"id":155572,"date":"2025-11-29T15:25:04","date_gmt":"2025-11-29T12:25:04","guid":{"rendered":"https:\/\/tabaccomd.com\/product\/cigarillos-clubmaster-mini-filter-iceland\/"},"modified":"2025-11-29T15:25:04","modified_gmt":"2025-11-29T12:25:04","slug":"cigarillos-clubmaster-mini-filter-iceland","status":"publish","type":"product","link":"https:\/\/tabaccomd.com\/ro\/product\/cigarillos-clubmaster-mini-filter-iceland\/","title":{"rendered":"Cigarillos Clubmaster Mini Filter Iceland"},"content":{"rendered":"<p><a href=\"\/?product_cat=cigarillos-din-dominicana\">Cigarillos<\/a> Clubmaster Mini Filter Iceland reprezint\u0103 o combina\u021bie rafinat\u0103 de arom\u0103 delicat\u0103, stil elegant \u0219i calitate german\u0103 impecabil\u0103. Formatul lor compact le face ideale pentru o pauz\u0103 scurt\u0103, dar intens\u0103, atunci c\u00e2nd vrei s\u0103 savurezi momentul f\u0103r\u0103 grab\u0103. Filtrul ofer\u0103 o tragere mai fin\u0103 \u0219i un gust echilibrat, p\u0103str\u00e2nd \u00een acela\u0219i timp aroma autentic\u0103 a tutunului. Fumul u\u0219or \u0219i rece, mentolat, eviden\u021biaz\u0103 notele naturale ale amestecului, oferind o pl\u0103cere curat\u0103 \u0219i armonioas\u0103. Clubmaster Mini Filter Iceland este alegerea perfect\u0103 pentru cei care apreciaz\u0103 elegan\u021ba, confortul \u0219i calitatea constant\u0103 la fiecare fum. Companioane ideale pentru momentele zilnice de lini\u0219te \u0219i r\u0103sf\u0103\u021b.<\/p>\n<p>Pute\u021bi achizi\u021biona cigarillos Clubmaster Mini Filter Iceland \u00een Moldova, Chi\u0219in\u0103u, \u00een re\u021beaua de magazine Tabacco House.<\/p>\n","protected":false},"excerpt":{"rendered":"<ul>\n<li>Produc\u0103tor: Arnold Andr\u00e9<\/li>\n<li>\u021aara produc\u0103torului: Germania<\/li>\n<li>Arom\u0103: Ment\u0103<\/li>\n<li>Lungime: 7 cm<\/li>\n<li>T\u0103rie: Medie<\/li>\n<li>Cantitate per pachet: 20 buc\u0103\u021bi<\/li>\n<\/ul>\n","protected":false},"featured_media":155567,"template":"","meta":{"om_disable_all_campaigns":false,"_monsterinsights_skip_tracking":false,"_monsterinsights_sitenote_active":false,"_monsterinsights_sitenote_note":"","_monsterinsights_sitenote_category":0},"product_brand":[],"product_cat":[184],"product_tag":[],"class_list":{"0":"post-155572","1":"product","2":"type-product","3":"status-publish","4":"has-post-thumbnail","6":"product_cat-cigarillos-din-republica-dominicana","8":"first","9":"instock","10":"taxable","11":"shipping-taxable","12":"purchasable","13":"product-type-simple"},"aioseo_notices":[],"aioseo_head":"\n\t\t<!-- All in One SEO Pro 4.9.5.2 - aioseo.com -->\n\t<meta name=\"robots\" content=\"max-image-preview:large\" \/>\n\t<link rel=\"canonical\" href=\"https:\/\/tabaccomd.com\/ro\/product\/cigarillos-clubmaster-mini-filter-iceland\/\" \/>\n\t<meta name=\"generator\" content=\"All in One SEO Pro (AIOSEO) 4.9.5.2\" \/>\n\t\t<meta property=\"og:locale\" content=\"ro_RO\" \/>\n\t\t<meta property=\"og:site_name\" content=\"Tabacco House \u2013 \u041c\u0430\u0433\u0430\u0437\u0438\u043d \u0442\u0430\u0431\u0430\u0447\u043d\u044b\u0445 \u0438\u0437\u0434\u0435\u043b\u0438\u0439\" \/>\n\t\t<meta property=\"og:type\" content=\"article\" \/>\n\t\t<meta property=\"og:title\" content=\"Cigarillos Clubmaster Mini Filter Iceland \u2013 Tabacco House\" \/>\n\t\t<meta property=\"og:url\" content=\"https:\/\/tabaccomd.com\/ro\/product\/cigarillos-clubmaster-mini-filter-iceland\/\" \/>\n\t\t<meta property=\"article:published_time\" content=\"2025-11-29T12:25:04+00:00\" \/>\n\t\t<meta property=\"article:modified_time\" content=\"2025-11-29T12:25:04+00:00\" \/>\n\t\t<meta property=\"article:publisher\" content=\"https:\/\/www.facebook.com\/tabaccomd.com\/\" \/>\n\t\t<meta name=\"twitter:card\" content=\"summary_large_image\" \/>\n\t\t<meta name=\"twitter:title\" content=\"Cigarillos Clubmaster Mini Filter Iceland \u2013 Tabacco House\" \/>\n\t\t<script type=\"application\/ld+json\" class=\"aioseo-schema\">\n\t\t\t{\"@context\":\"https:\\\/\\\/schema.org\",\"@graph\":[{\"@type\":\"BreadcrumbList\",\"@id\":\"https:\\\/\\\/tabaccomd.com\\\/ro\\\/product\\\/cigarillos-clubmaster-mini-filter-iceland\\\/#breadcrumblist\",\"itemListElement\":[{\"@type\":\"ListItem\",\"@id\":\"https:\\\/\\\/tabaccomd.com\\\/ro\\\/#listItem\",\"position\":1,\"name\":\"\\u0413\\u043b\\u0430\\u0432\\u043d\\u0430\\u044f\",\"item\":\"https:\\\/\\\/tabaccomd.com\\\/ro\\\/\",\"nextItem\":{\"@type\":\"ListItem\",\"@id\":\"https:\\\/\\\/tabaccomd.com\\\/ro\\\/catalog\\\/#listItem\",\"name\":\"Catalog\"}},{\"@type\":\"ListItem\",\"@id\":\"https:\\\/\\\/tabaccomd.com\\\/ro\\\/catalog\\\/#listItem\",\"position\":2,\"name\":\"Catalog\",\"item\":\"https:\\\/\\\/tabaccomd.com\\\/ro\\\/catalog\\\/\",\"nextItem\":{\"@type\":\"ListItem\",\"@id\":\"https:\\\/\\\/tabaccomd.com\\\/ro\\\/product-category\\\/cigarillos\\\/#listItem\",\"name\":\"Cigarillos\"},\"previousItem\":{\"@type\":\"ListItem\",\"@id\":\"https:\\\/\\\/tabaccomd.com\\\/ro\\\/#listItem\",\"name\":\"\\u0413\\u043b\\u0430\\u0432\\u043d\\u0430\\u044f\"}},{\"@type\":\"ListItem\",\"@id\":\"https:\\\/\\\/tabaccomd.com\\\/ro\\\/product-category\\\/cigarillos\\\/#listItem\",\"position\":3,\"name\":\"Cigarillos\",\"item\":\"https:\\\/\\\/tabaccomd.com\\\/ro\\\/product-category\\\/cigarillos\\\/\",\"nextItem\":{\"@type\":\"ListItem\",\"@id\":\"https:\\\/\\\/tabaccomd.com\\\/ro\\\/product-category\\\/cigarillos\\\/cigarillos-din-republica-dominicana\\\/#listItem\",\"name\":\"Cigarillos din Republica Dominican\\u0103\"},\"previousItem\":{\"@type\":\"ListItem\",\"@id\":\"https:\\\/\\\/tabaccomd.com\\\/ro\\\/catalog\\\/#listItem\",\"name\":\"Catalog\"}},{\"@type\":\"ListItem\",\"@id\":\"https:\\\/\\\/tabaccomd.com\\\/ro\\\/product-category\\\/cigarillos\\\/cigarillos-din-republica-dominicana\\\/#listItem\",\"position\":4,\"name\":\"Cigarillos din Republica Dominican\\u0103\",\"item\":\"https:\\\/\\\/tabaccomd.com\\\/ro\\\/product-category\\\/cigarillos\\\/cigarillos-din-republica-dominicana\\\/\",\"nextItem\":{\"@type\":\"ListItem\",\"@id\":\"https:\\\/\\\/tabaccomd.com\\\/ro\\\/product\\\/cigarillos-clubmaster-mini-filter-iceland\\\/#listItem\",\"name\":\"Cigarillos Clubmaster Mini Filter Iceland\"},\"previousItem\":{\"@type\":\"ListItem\",\"@id\":\"https:\\\/\\\/tabaccomd.com\\\/ro\\\/product-category\\\/cigarillos\\\/#listItem\",\"name\":\"Cigarillos\"}},{\"@type\":\"ListItem\",\"@id\":\"https:\\\/\\\/tabaccomd.com\\\/ro\\\/product\\\/cigarillos-clubmaster-mini-filter-iceland\\\/#listItem\",\"position\":5,\"name\":\"Cigarillos Clubmaster Mini Filter Iceland\",\"previousItem\":{\"@type\":\"ListItem\",\"@id\":\"https:\\\/\\\/tabaccomd.com\\\/ro\\\/product-category\\\/cigarillos\\\/cigarillos-din-republica-dominicana\\\/#listItem\",\"name\":\"Cigarillos din Republica Dominican\\u0103\"}}]},{\"@type\":\"Organization\",\"@id\":\"https:\\\/\\\/tabaccomd.com\\\/ro\\\/#organization\",\"name\":\"Tabacco House\",\"description\":\"\\u041c\\u0430\\u0433\\u0430\\u0437\\u0438\\u043d \\u0442\\u0430\\u0431\\u0430\\u0447\\u043d\\u044b\\u0445 \\u0438\\u0437\\u0434\\u0435\\u043b\\u0438\\u0439\",\"url\":\"https:\\\/\\\/tabaccomd.com\\\/ro\\\/\",\"email\":\"Office@cazacuhouse.com\",\"telephone\":\"+37361000935\",\"logo\":{\"@type\":\"ImageObject\",\"url\":\"https:\\\/\\\/tabaccomd.com\\\/wp-content\\\/uploads\\\/2024\\\/02\\\/logo_header3.png\",\"@id\":\"https:\\\/\\\/tabaccomd.com\\\/ro\\\/product\\\/cigarillos-clubmaster-mini-filter-iceland\\\/#organizationLogo\",\"width\":32,\"height\":32,\"caption\":\"Tabacco House\"},\"image\":{\"@id\":\"https:\\\/\\\/tabaccomd.com\\\/ro\\\/product\\\/cigarillos-clubmaster-mini-filter-iceland\\\/#organizationLogo\"},\"sameAs\":[\"https:\\\/\\\/www.facebook.com\\\/tabaccomd.com\\\/\",\"https:\\\/\\\/www.instagram.com\\\/tabaccomd.com\\\/\"],\"address\":{\"@id\":\"https:\\\/\\\/tabaccomd.com\\\/ro\\\/#postaladdress\",\"@type\":\"PostalAddress\",\"streetAddress\":\"Strada Albi\\u015foara 4, Chi\\u0219in\\u0103u, Bulevardul \\u0218tefan cel Mare \\u0219i Sf\\u00eent 136, Chi\\u0219in\\u0103u\",\"addressLocality\":\"Chi\\u0219in\\u0103u\",\"addressCountry\":\"MD\"}},{\"@type\":\"Product\",\"@id\":\"https:\\\/\\\/tabaccomd.com\\\/ro\\\/product\\\/cigarillos-clubmaster-mini-filter-iceland\\\/#wooCommerceProduct\",\"name\":\"Cigarillos Clubmaster Mini Filter Iceland\",\"description\":\"Produc\\u0103tor: Arnold Andr\\u00e9\\r\\n \\t\\u021aara produc\\u0103torului: Germania\\r\\n \\tArom\\u0103: Ment\\u0103\\r\\n \\tLungime: 7 cm\\r\\n \\tT\\u0103rie: Medie\\r\\n \\tCantitate per pachet: 20 buc\\u0103\\u021bi\",\"url\":\"https:\\\/\\\/tabaccomd.com\\\/ro\\\/product\\\/cigarillos-clubmaster-mini-filter-iceland\\\/\",\"sku\":\"224\",\"image\":{\"@type\":\"ImageObject\",\"url\":\"https:\\\/\\\/tabaccomd.com\\\/wp-content\\\/uploads\\\/2025\\\/11\\\/clubmaster-mini-filter-iceland-1.jpg\",\"@id\":\"https:\\\/\\\/tabaccomd.com\\\/ro\\\/product\\\/cigarillos-clubmaster-mini-filter-iceland\\\/#productImage\",\"width\":1200,\"height\":1200,\"caption\":\"clubmaster-mini-filter-iceland-1\"},\"offers\":{\"@type\":\"Offer\",\"url\":\"https:\\\/\\\/tabaccomd.com\\\/ro\\\/product\\\/cigarillos-clubmaster-mini-filter-iceland\\\/#wooCommerceOffer\",\"price\":190,\"priceCurrency\":\"MDL\",\"category\":\"Cigarillos din Republica Dominican\\u0103\",\"availability\":\"https:\\\/\\\/schema.org\\\/InStock\",\"priceSpecification\":{\"@type\":\"PriceSpecification\",\"price\":190,\"priceCurrency\":\"MDL\",\"valueAddedTaxIncluded\":\"true\"},\"seller\":{\"@type\":\"Organization\",\"@id\":\"https:\\\/\\\/tabaccomd.com\\\/ro\\\/#organization\"}}},{\"@type\":\"WebPage\",\"@id\":\"https:\\\/\\\/tabaccomd.com\\\/ro\\\/product\\\/cigarillos-clubmaster-mini-filter-iceland\\\/#webpage\",\"url\":\"https:\\\/\\\/tabaccomd.com\\\/ro\\\/product\\\/cigarillos-clubmaster-mini-filter-iceland\\\/\",\"name\":\"Cigarillos Clubmaster Mini Filter Iceland \\u2013 Tabacco House\",\"inLanguage\":\"ro-RO\",\"isPartOf\":{\"@id\":\"https:\\\/\\\/tabaccomd.com\\\/ro\\\/#website\"},\"breadcrumb\":{\"@id\":\"https:\\\/\\\/tabaccomd.com\\\/ro\\\/product\\\/cigarillos-clubmaster-mini-filter-iceland\\\/#breadcrumblist\"},\"image\":{\"@type\":\"ImageObject\",\"url\":\"https:\\\/\\\/tabaccomd.com\\\/wp-content\\\/uploads\\\/2025\\\/11\\\/clubmaster-mini-filter-iceland-1.jpg\",\"@id\":\"https:\\\/\\\/tabaccomd.com\\\/ro\\\/product\\\/cigarillos-clubmaster-mini-filter-iceland\\\/#mainImage\",\"width\":1200,\"height\":1200,\"caption\":\"clubmaster-mini-filter-iceland-1\"},\"primaryImageOfPage\":{\"@id\":\"https:\\\/\\\/tabaccomd.com\\\/ro\\\/product\\\/cigarillos-clubmaster-mini-filter-iceland\\\/#mainImage\"},\"datePublished\":\"2025-11-29T15:25:04+03:00\",\"dateModified\":\"2025-11-29T15:25:04+03:00\"},{\"@type\":\"WebSite\",\"@id\":\"https:\\\/\\\/tabaccomd.com\\\/ro\\\/#website\",\"url\":\"https:\\\/\\\/tabaccomd.com\\\/ro\\\/\",\"name\":\"Tabacco House\",\"alternateName\":\"tobaccomd.com\",\"description\":\"\\u041c\\u0430\\u0433\\u0430\\u0437\\u0438\\u043d \\u0442\\u0430\\u0431\\u0430\\u0447\\u043d\\u044b\\u0445 \\u0438\\u0437\\u0434\\u0435\\u043b\\u0438\\u0439\",\"inLanguage\":\"ro-RO\",\"publisher\":{\"@id\":\"https:\\\/\\\/tabaccomd.com\\\/ro\\\/#organization\"}}]}\n\t\t<\/script>\n\t\t<!-- All in One SEO Pro -->\r\n\t\t<title>Cigarillos Clubmaster Mini Filter Iceland \u2013 Tabacco House<\/title>\n\n","aioseo_head_json":{"title":"Cigarillos Clubmaster Mini Filter Iceland \u2013 Tabacco House","description":"","canonical_url":"https:\/\/tabaccomd.com\/ro\/product\/cigarillos-clubmaster-mini-filter-iceland\/","robots":"max-image-preview:large","keywords":"","webmasterTools":{"miscellaneous":""},"schema":{"@context":"https:\/\/schema.org","@graph":[{"@type":"BreadcrumbList","@id":"https:\/\/tabaccomd.com\/ro\/product\/cigarillos-clubmaster-mini-filter-iceland\/#breadcrumblist","itemListElement":[{"@type":"ListItem","@id":"https:\/\/tabaccomd.com\/ro\/#listItem","position":1,"name":"\u0413\u043b\u0430\u0432\u043d\u0430\u044f","item":"https:\/\/tabaccomd.com\/ro\/","nextItem":{"@type":"ListItem","@id":"https:\/\/tabaccomd.com\/ro\/catalog\/#listItem","name":"Catalog"}},{"@type":"ListItem","@id":"https:\/\/tabaccomd.com\/ro\/catalog\/#listItem","position":2,"name":"Catalog","item":"https:\/\/tabaccomd.com\/ro\/catalog\/","nextItem":{"@type":"ListItem","@id":"https:\/\/tabaccomd.com\/ro\/product-category\/cigarillos\/#listItem","name":"Cigarillos"},"previousItem":{"@type":"ListItem","@id":"https:\/\/tabaccomd.com\/ro\/#listItem","name":"\u0413\u043b\u0430\u0432\u043d\u0430\u044f"}},{"@type":"ListItem","@id":"https:\/\/tabaccomd.com\/ro\/product-category\/cigarillos\/#listItem","position":3,"name":"Cigarillos","item":"https:\/\/tabaccomd.com\/ro\/product-category\/cigarillos\/","nextItem":{"@type":"ListItem","@id":"https:\/\/tabaccomd.com\/ro\/product-category\/cigarillos\/cigarillos-din-republica-dominicana\/#listItem","name":"Cigarillos din Republica Dominican\u0103"},"previousItem":{"@type":"ListItem","@id":"https:\/\/tabaccomd.com\/ro\/catalog\/#listItem","name":"Catalog"}},{"@type":"ListItem","@id":"https:\/\/tabaccomd.com\/ro\/product-category\/cigarillos\/cigarillos-din-republica-dominicana\/#listItem","position":4,"name":"Cigarillos din Republica Dominican\u0103","item":"https:\/\/tabaccomd.com\/ro\/product-category\/cigarillos\/cigarillos-din-republica-dominicana\/","nextItem":{"@type":"ListItem","@id":"https:\/\/tabaccomd.com\/ro\/product\/cigarillos-clubmaster-mini-filter-iceland\/#listItem","name":"Cigarillos Clubmaster Mini Filter Iceland"},"previousItem":{"@type":"ListItem","@id":"https:\/\/tabaccomd.com\/ro\/product-category\/cigarillos\/#listItem","name":"Cigarillos"}},{"@type":"ListItem","@id":"https:\/\/tabaccomd.com\/ro\/product\/cigarillos-clubmaster-mini-filter-iceland\/#listItem","position":5,"name":"Cigarillos Clubmaster Mini Filter Iceland","previousItem":{"@type":"ListItem","@id":"https:\/\/tabaccomd.com\/ro\/product-category\/cigarillos\/cigarillos-din-republica-dominicana\/#listItem","name":"Cigarillos din Republica Dominican\u0103"}}]},{"@type":"Organization","@id":"https:\/\/tabaccomd.com\/ro\/#organization","name":"Tabacco House","description":"\u041c\u0430\u0433\u0430\u0437\u0438\u043d \u0442\u0430\u0431\u0430\u0447\u043d\u044b\u0445 \u0438\u0437\u0434\u0435\u043b\u0438\u0439","url":"https:\/\/tabaccomd.com\/ro\/","email":"Office@cazacuhouse.com","telephone":"+37361000935","logo":{"@type":"ImageObject","url":"https:\/\/tabaccomd.com\/wp-content\/uploads\/2024\/02\/logo_header3.png","@id":"https:\/\/tabaccomd.com\/ro\/product\/cigarillos-clubmaster-mini-filter-iceland\/#organizationLogo","width":32,"height":32,"caption":"Tabacco House"},"image":{"@id":"https:\/\/tabaccomd.com\/ro\/product\/cigarillos-clubmaster-mini-filter-iceland\/#organizationLogo"},"sameAs":["https:\/\/www.facebook.com\/tabaccomd.com\/","https:\/\/www.instagram.com\/tabaccomd.com\/"],"address":{"@id":"https:\/\/tabaccomd.com\/ro\/#postaladdress","@type":"PostalAddress","streetAddress":"Strada Albi\u015foara 4, Chi\u0219in\u0103u, Bulevardul \u0218tefan cel Mare \u0219i Sf\u00eent 136, Chi\u0219in\u0103u","addressLocality":"Chi\u0219in\u0103u","addressCountry":"MD"}},{"@type":"Product","@id":"https:\/\/tabaccomd.com\/ro\/product\/cigarillos-clubmaster-mini-filter-iceland\/#wooCommerceProduct","name":"Cigarillos Clubmaster Mini Filter Iceland","description":"Produc\u0103tor: Arnold Andr\u00e9\r\n \t\u021aara produc\u0103torului: Germania\r\n \tArom\u0103: Ment\u0103\r\n \tLungime: 7 cm\r\n \tT\u0103rie: Medie\r\n \tCantitate per pachet: 20 buc\u0103\u021bi","url":"https:\/\/tabaccomd.com\/ro\/product\/cigarillos-clubmaster-mini-filter-iceland\/","sku":"224","image":{"@type":"ImageObject","url":"https:\/\/tabaccomd.com\/wp-content\/uploads\/2025\/11\/clubmaster-mini-filter-iceland-1.jpg","@id":"https:\/\/tabaccomd.com\/ro\/product\/cigarillos-clubmaster-mini-filter-iceland\/#productImage","width":1200,"height":1200,"caption":"clubmaster-mini-filter-iceland-1"},"offers":{"@type":"Offer","url":"https:\/\/tabaccomd.com\/ro\/product\/cigarillos-clubmaster-mini-filter-iceland\/#wooCommerceOffer","price":190,"priceCurrency":"MDL","category":"Cigarillos din Republica Dominican\u0103","availability":"https:\/\/schema.org\/InStock","priceSpecification":{"@type":"PriceSpecification","price":190,"priceCurrency":"MDL","valueAddedTaxIncluded":"true"},"seller":{"@type":"Organization","@id":"https:\/\/tabaccomd.com\/ro\/#organization"}}},{"@type":"WebPage","@id":"https:\/\/tabaccomd.com\/ro\/product\/cigarillos-clubmaster-mini-filter-iceland\/#webpage","url":"https:\/\/tabaccomd.com\/ro\/product\/cigarillos-clubmaster-mini-filter-iceland\/","name":"Cigarillos Clubmaster Mini Filter Iceland \u2013 Tabacco House","inLanguage":"ro-RO","isPartOf":{"@id":"https:\/\/tabaccomd.com\/ro\/#website"},"breadcrumb":{"@id":"https:\/\/tabaccomd.com\/ro\/product\/cigarillos-clubmaster-mini-filter-iceland\/#breadcrumblist"},"image":{"@type":"ImageObject","url":"https:\/\/tabaccomd.com\/wp-content\/uploads\/2025\/11\/clubmaster-mini-filter-iceland-1.jpg","@id":"https:\/\/tabaccomd.com\/ro\/product\/cigarillos-clubmaster-mini-filter-iceland\/#mainImage","width":1200,"height":1200,"caption":"clubmaster-mini-filter-iceland-1"},"primaryImageOfPage":{"@id":"https:\/\/tabaccomd.com\/ro\/product\/cigarillos-clubmaster-mini-filter-iceland\/#mainImage"},"datePublished":"2025-11-29T15:25:04+03:00","dateModified":"2025-11-29T15:25:04+03:00"},{"@type":"WebSite","@id":"https:\/\/tabaccomd.com\/ro\/#website","url":"https:\/\/tabaccomd.com\/ro\/","name":"Tabacco House","alternateName":"tobaccomd.com","description":"\u041c\u0430\u0433\u0430\u0437\u0438\u043d \u0442\u0430\u0431\u0430\u0447\u043d\u044b\u0445 \u0438\u0437\u0434\u0435\u043b\u0438\u0439","inLanguage":"ro-RO","publisher":{"@id":"https:\/\/tabaccomd.com\/ro\/#organization"}}]},"og:locale":"ro_RO","og:site_name":"Tabacco House \u2013 \u041c\u0430\u0433\u0430\u0437\u0438\u043d \u0442\u0430\u0431\u0430\u0447\u043d\u044b\u0445 \u0438\u0437\u0434\u0435\u043b\u0438\u0439","og:type":"article","og:title":"Cigarillos Clubmaster Mini Filter Iceland \u2013 Tabacco House","og:url":"https:\/\/tabaccomd.com\/ro\/product\/cigarillos-clubmaster-mini-filter-iceland\/","article:published_time":"2025-11-29T12:25:04+00:00","article:modified_time":"2025-11-29T12:25:04+00:00","article:publisher":"https:\/\/www.facebook.com\/tabaccomd.com\/","twitter:card":"summary_large_image","twitter:title":"Cigarillos Clubmaster Mini Filter Iceland \u2013 Tabacco House"},"aioseo_meta_data":{"post_id":"155572","title":null,"description":null,"keywords":null,"keyphrases":null,"primary_term":null,"canonical_url":null,"og_title":null,"og_description":null,"og_object_type":"default","og_image_type":"default","og_image_url":null,"og_image_width":null,"og_image_height":null,"og_image_custom_url":null,"og_image_custom_fields":null,"og_video":null,"og_custom_url":null,"og_article_section":null,"og_article_tags":null,"twitter_use_og":false,"twitter_card":"default","twitter_image_type":"default","twitter_image_url":null,"twitter_image_custom_url":null,"twitter_image_custom_fields":null,"twitter_title":null,"twitter_description":null,"schema":{"blockGraphs":[],"customGraphs":[],"default":{"data":{"Article":[],"Course":[],"Dataset":[],"FAQPage":[],"Movie":[],"Person":[],"Product":[],"ProductReview":[],"Car":[],"Recipe":[],"Service":[],"SoftwareApplication":[],"WebPage":[]},"graphName":"","isEnabled":true},"graphs":[]},"schema_type":"default","schema_type_options":null,"pillar_content":false,"robots_default":true,"robots_noindex":false,"robots_noarchive":false,"robots_nosnippet":false,"robots_nofollow":false,"robots_noimageindex":false,"robots_noodp":false,"robots_notranslate":false,"robots_max_snippet":null,"robots_max_videopreview":null,"robots_max_imagepreview":"large","priority":null,"frequency":null,"local_seo":null,"seo_analyzer_scan_date":"2025-11-29 12:43:04","breadcrumb_settings":null,"limit_modified_date":false,"reviewed_by":null,"open_ai":null,"ai":null,"created":"2025-11-29 12:28:43","updated":"2025-11-29 12:44:12"},"aioseo_breadcrumb":"<div class=\"aioseo-breadcrumbs\"><span class=\"aioseo-breadcrumb\">\n\t<a href=\"https:\/\/tabaccomd.com\/ro\/\" title=\"\u0413\u043b\u0430\u0432\u043d\u0430\u044f\">\u0413\u043b\u0430\u0432\u043d\u0430\u044f<\/a>\n<\/span><span class=\"aioseo-breadcrumb-separator\">\u00bb<\/span><span class=\"aioseo-breadcrumb\">\n\t<a href=\"https:\/\/tabaccomd.com\/ro\/catalog\/\" title=\"Catalog\">Catalog<\/a>\n<\/span><span class=\"aioseo-breadcrumb-separator\">\u00bb<\/span><span class=\"aioseo-breadcrumb\">\n\t<a href=\"https:\/\/tabaccomd.com\/ro\/product-category\/cigarillos\/\" title=\"Cigarillos\">Cigarillos<\/a>\n<\/span><span class=\"aioseo-breadcrumb-separator\">\u00bb<\/span><span class=\"aioseo-breadcrumb\">\n\t<a href=\"https:\/\/tabaccomd.com\/ro\/product-category\/cigarillos\/cigarillos-din-republica-dominicana\/\" title=\"Cigarillos din Republica Dominican\u0103\">Cigarillos din Republica Dominican\u0103<\/a>\n<\/span><span class=\"aioseo-breadcrumb-separator\">\u00bb<\/span><span class=\"aioseo-breadcrumb\">\n\tCigarillos Clubmaster Mini Filter Iceland\n<\/span><\/div>","aioseo_breadcrumb_json":[{"label":"\u0413\u043b\u0430\u0432\u043d\u0430\u044f","link":"https:\/\/tabaccomd.com\/ro\/"},{"label":"Catalog","link":"https:\/\/tabaccomd.com\/ro\/catalog\/"},{"label":"Cigarillos","link":"https:\/\/tabaccomd.com\/ro\/product-category\/cigarillos\/"},{"label":"Cigarillos din Republica Dominican\u0103","link":"https:\/\/tabaccomd.com\/ro\/product-category\/cigarillos\/cigarillos-din-republica-dominicana\/"},{"label":"Cigarillos Clubmaster Mini Filter Iceland","link":"https:\/\/tabaccomd.com\/ro\/product\/cigarillos-clubmaster-mini-filter-iceland\/"}],"images_for_1c":[{"url":"https:\/\/tabaccomd.com\/wp-content\/uploads\/2025\/11\/clubmaster-mini-filter-iceland-1.jpg","type":"featured","alt":"clubmaster-mini-filter-iceland-1","filename":"clubmaster-mini-filter-iceland-1.jpg"},{"url":"https:\/\/tabaccomd.com\/wp-content\/uploads\/2025\/11\/clubmaster-mini-filter-iceland-0.jpg","type":"gallery","alt":"clubmaster-mini-filter-iceland-0","filename":"clubmaster-mini-filter-iceland-0.jpg"},{"url":"https:\/\/tabaccomd.com\/wp-content\/uploads\/2025\/11\/clubmaster-mini-filter-iceland.jpg","type":"gallery","alt":"clubmaster-mini-filter-iceland","filename":"clubmaster-mini-filter-iceland.jpg"}],"additional_data_1c":{"modified_date":"2025-11-29 15:25:04","permalink":"https:\/\/tabaccomd.com\/ro\/product\/cigarillos-clubmaster-mini-filter-iceland\/","stock_status":"instock","manage_stock":"no"},"_links":{"self":[{"href":"https:\/\/tabaccomd.com\/ro\/wp-json\/wp\/v2\/product\/155572","targetHints":{"allow":["GET"]}}],"collection":[{"href":"https:\/\/tabaccomd.com\/ro\/wp-json\/wp\/v2\/product"}],"about":[{"href":"https:\/\/tabaccomd.com\/ro\/wp-json\/wp\/v2\/types\/product"}],"wp:featuredmedia":[{"embeddable":true,"href":"https:\/\/tabaccomd.com\/ro\/wp-json\/wp\/v2\/media\/155567"}],"wp:attachment":[{"href":"https:\/\/tabaccomd.com\/ro\/wp-json\/wp\/v2\/media?parent=155572"}],"wp:term":[{"taxonomy":"product_brand","embeddable":true,"href":"https:\/\/tabaccomd.com\/ro\/wp-json\/wp\/v2\/product_brand?post=155572"},{"taxonomy":"product_cat","embeddable":true,"href":"https:\/\/tabaccomd.com\/ro\/wp-json\/wp\/v2\/product_cat?post=155572"},{"taxonomy":"product_tag","embeddable":true,"href":"https:\/\/tabaccomd.com\/ro\/wp-json\/wp\/v2\/product_tag?post=155572"}],"curies":[{"name":"wp","href":"https:\/\/api.w.org\/{rel}","templated":true}]}}