{"id":155533,"date":"2025-11-28T17:57:27","date_gmt":"2025-11-28T14:57:27","guid":{"rendered":"https:\/\/tabaccomd.com\/product\/filtre-din-hartie-pentru-tigari-gizeh-black-slim-filter-tips\/"},"modified":"2025-11-28T17:57:27","modified_gmt":"2025-11-28T14:57:27","slug":"filtre-din-hartie-pentru-tigari-gizeh-black-slim-filter-tips","status":"publish","type":"product","link":"https:\/\/tabaccomd.com\/ro\/product\/filtre-din-hartie-pentru-tigari-gizeh-black-slim-filter-tips\/","title":{"rendered":"Filtre din h\u00e2rtie pentru \u021big\u0103ri GIZEH Black Slim Filter Tips"},"content":{"rendered":"<p>GIZEH face procesul de rulare mai simplu \u0219i mai comod. GIZEH Black Slim sunt <a href=\"\/?product_cat=filtre-de-tigara-2\">filtre<\/a> \u00eenguste din carton, create special pentru o rulare precis\u0103 \u0219i ferm\u0103. Una dintre laturile filtrului are o perfora\u021bie fin\u0103, care ajut\u0103 la formarea rapid\u0103 a unei spirale perfecte \u0219i la ob\u021binerea unei trageri uniforme \u0219i sigure. Datorit\u0103 structurii bine g\u00e2ndite a fibrelor, cartonul \u00ee\u0219i p\u0103streaz\u0103 forma rotund\u0103, oferind un mu\u0219tiuc confortabil \u0219i stabil, f\u0103r\u0103 deform\u0103ri. Fiecare pachet con\u021bine 35 de filtre cu dimensiunea 26 \u00d7 60 mm, suficiente pentru a v\u0103 asigura \u00eendelung comoditate \u0219i o experien\u021b\u0103 de fumat curat\u0103 \u0219i pl\u0103cut\u0103.<\/p>\n<p>Pute\u021bi achizi\u021biona filtrele din h\u00e2rtie pentru \u021big\u0103ri GIZEH Black Slim Filter Tips \u00een Moldova, Chi\u0219in\u0103u, \u00een re\u021beaua de magazine Tabacco House.<\/p>\n","protected":false},"excerpt":{"rendered":"<ul>\n<li>Produc\u0103tor: GIZEH Raucherbedarf GmbH<\/li>\n<li>\u021aara produc\u0103torului: Germania<\/li>\n<li>Lungime: 26 x 60 mm<\/li>\n<li>Cantitate: 35 de filtre din carton<\/li>\n<li>Perforate<\/li>\n<\/ul>\n","protected":false},"featured_media":155530,"template":"","meta":{"om_disable_all_campaigns":false,"_monsterinsights_skip_tracking":false,"_monsterinsights_sitenote_active":false,"_monsterinsights_sitenote_note":"","_monsterinsights_sitenote_category":0},"product_brand":[],"product_cat":[172],"product_tag":[],"class_list":{"0":"post-155533","1":"product","2":"type-product","3":"status-publish","4":"has-post-thumbnail","6":"product_cat-filtre-pentru-tigari","8":"first","9":"instock","10":"taxable","11":"shipping-taxable","12":"purchasable","13":"product-type-simple"},"aioseo_notices":[],"aioseo_head":"\n\t\t<!-- All in One SEO Pro 4.9.5.2 - aioseo.com -->\n\t<meta name=\"robots\" content=\"max-image-preview:large\" \/>\n\t<link rel=\"canonical\" href=\"https:\/\/tabaccomd.com\/ro\/product\/filtre-din-hartie-pentru-tigari-gizeh-black-slim-filter-tips\/\" \/>\n\t<meta name=\"generator\" content=\"All in One SEO Pro (AIOSEO) 4.9.5.2\" \/>\n\t\t<meta property=\"og:locale\" content=\"ro_RO\" \/>\n\t\t<meta property=\"og:site_name\" content=\"Tabacco House \u2013 \u041c\u0430\u0433\u0430\u0437\u0438\u043d \u0442\u0430\u0431\u0430\u0447\u043d\u044b\u0445 \u0438\u0437\u0434\u0435\u043b\u0438\u0439\" \/>\n\t\t<meta property=\"og:type\" content=\"article\" \/>\n\t\t<meta property=\"og:title\" content=\"Filtre din h\u00e2rtie pentru \u021big\u0103ri GIZEH Black Slim Filter Tips \u2013 Tabacco House\" \/>\n\t\t<meta property=\"og:url\" content=\"https:\/\/tabaccomd.com\/ro\/product\/filtre-din-hartie-pentru-tigari-gizeh-black-slim-filter-tips\/\" \/>\n\t\t<meta property=\"article:published_time\" content=\"2025-11-28T14:57:27+00:00\" \/>\n\t\t<meta property=\"article:modified_time\" content=\"2025-11-28T14:57:27+00:00\" \/>\n\t\t<meta property=\"article:publisher\" content=\"https:\/\/www.facebook.com\/tabaccomd.com\/\" \/>\n\t\t<meta name=\"twitter:card\" content=\"summary_large_image\" \/>\n\t\t<meta name=\"twitter:title\" content=\"Filtre din h\u00e2rtie pentru \u021big\u0103ri GIZEH Black Slim Filter Tips \u2013 Tabacco House\" \/>\n\t\t<script type=\"application\/ld+json\" class=\"aioseo-schema\">\n\t\t\t{\"@context\":\"https:\\\/\\\/schema.org\",\"@graph\":[{\"@type\":\"BreadcrumbList\",\"@id\":\"https:\\\/\\\/tabaccomd.com\\\/ro\\\/product\\\/filtre-din-hartie-pentru-tigari-gizeh-black-slim-filter-tips\\\/#breadcrumblist\",\"itemListElement\":[{\"@type\":\"ListItem\",\"@id\":\"https:\\\/\\\/tabaccomd.com\\\/ro\\\/#listItem\",\"position\":1,\"name\":\"\\u0413\\u043b\\u0430\\u0432\\u043d\\u0430\\u044f\",\"item\":\"https:\\\/\\\/tabaccomd.com\\\/ro\\\/\",\"nextItem\":{\"@type\":\"ListItem\",\"@id\":\"https:\\\/\\\/tabaccomd.com\\\/ro\\\/catalog\\\/#listItem\",\"name\":\"Catalog\"}},{\"@type\":\"ListItem\",\"@id\":\"https:\\\/\\\/tabaccomd.com\\\/ro\\\/catalog\\\/#listItem\",\"position\":2,\"name\":\"Catalog\",\"item\":\"https:\\\/\\\/tabaccomd.com\\\/ro\\\/catalog\\\/\",\"nextItem\":{\"@type\":\"ListItem\",\"@id\":\"https:\\\/\\\/tabaccomd.com\\\/ro\\\/product-category\\\/totul-pentru-rulat\\\/#listItem\",\"name\":\"Totul pentru rulat\"},\"previousItem\":{\"@type\":\"ListItem\",\"@id\":\"https:\\\/\\\/tabaccomd.com\\\/ro\\\/#listItem\",\"name\":\"\\u0413\\u043b\\u0430\\u0432\\u043d\\u0430\\u044f\"}},{\"@type\":\"ListItem\",\"@id\":\"https:\\\/\\\/tabaccomd.com\\\/ro\\\/product-category\\\/totul-pentru-rulat\\\/#listItem\",\"position\":3,\"name\":\"Totul pentru rulat\",\"item\":\"https:\\\/\\\/tabaccomd.com\\\/ro\\\/product-category\\\/totul-pentru-rulat\\\/\",\"nextItem\":{\"@type\":\"ListItem\",\"@id\":\"https:\\\/\\\/tabaccomd.com\\\/ro\\\/product-category\\\/totul-pentru-rulat\\\/filtre-pentru-tigari\\\/#listItem\",\"name\":\"Filtre pentru \\u021big\\u0103ri\"},\"previousItem\":{\"@type\":\"ListItem\",\"@id\":\"https:\\\/\\\/tabaccomd.com\\\/ro\\\/catalog\\\/#listItem\",\"name\":\"Catalog\"}},{\"@type\":\"ListItem\",\"@id\":\"https:\\\/\\\/tabaccomd.com\\\/ro\\\/product-category\\\/totul-pentru-rulat\\\/filtre-pentru-tigari\\\/#listItem\",\"position\":4,\"name\":\"Filtre pentru \\u021big\\u0103ri\",\"item\":\"https:\\\/\\\/tabaccomd.com\\\/ro\\\/product-category\\\/totul-pentru-rulat\\\/filtre-pentru-tigari\\\/\",\"nextItem\":{\"@type\":\"ListItem\",\"@id\":\"https:\\\/\\\/tabaccomd.com\\\/ro\\\/product\\\/filtre-din-hartie-pentru-tigari-gizeh-black-slim-filter-tips\\\/#listItem\",\"name\":\"Filtre din h\\u00e2rtie pentru \\u021big\\u0103ri GIZEH Black Slim Filter Tips\"},\"previousItem\":{\"@type\":\"ListItem\",\"@id\":\"https:\\\/\\\/tabaccomd.com\\\/ro\\\/product-category\\\/totul-pentru-rulat\\\/#listItem\",\"name\":\"Totul pentru rulat\"}},{\"@type\":\"ListItem\",\"@id\":\"https:\\\/\\\/tabaccomd.com\\\/ro\\\/product\\\/filtre-din-hartie-pentru-tigari-gizeh-black-slim-filter-tips\\\/#listItem\",\"position\":5,\"name\":\"Filtre din h\\u00e2rtie pentru \\u021big\\u0103ri GIZEH Black Slim Filter Tips\",\"previousItem\":{\"@type\":\"ListItem\",\"@id\":\"https:\\\/\\\/tabaccomd.com\\\/ro\\\/product-category\\\/totul-pentru-rulat\\\/filtre-pentru-tigari\\\/#listItem\",\"name\":\"Filtre pentru \\u021big\\u0103ri\"}}]},{\"@type\":\"Organization\",\"@id\":\"https:\\\/\\\/tabaccomd.com\\\/ro\\\/#organization\",\"name\":\"Tabacco House\",\"description\":\"\\u041c\\u0430\\u0433\\u0430\\u0437\\u0438\\u043d \\u0442\\u0430\\u0431\\u0430\\u0447\\u043d\\u044b\\u0445 \\u0438\\u0437\\u0434\\u0435\\u043b\\u0438\\u0439\",\"url\":\"https:\\\/\\\/tabaccomd.com\\\/ro\\\/\",\"email\":\"Office@cazacuhouse.com\",\"telephone\":\"+37361000935\",\"logo\":{\"@type\":\"ImageObject\",\"url\":\"https:\\\/\\\/tabaccomd.com\\\/wp-content\\\/uploads\\\/2024\\\/02\\\/logo_header3.png\",\"@id\":\"https:\\\/\\\/tabaccomd.com\\\/ro\\\/product\\\/filtre-din-hartie-pentru-tigari-gizeh-black-slim-filter-tips\\\/#organizationLogo\",\"width\":32,\"height\":32,\"caption\":\"Tabacco House\"},\"image\":{\"@id\":\"https:\\\/\\\/tabaccomd.com\\\/ro\\\/product\\\/filtre-din-hartie-pentru-tigari-gizeh-black-slim-filter-tips\\\/#organizationLogo\"},\"sameAs\":[\"https:\\\/\\\/www.facebook.com\\\/tabaccomd.com\\\/\",\"https:\\\/\\\/www.instagram.com\\\/tabaccomd.com\\\/\"],\"address\":{\"@id\":\"https:\\\/\\\/tabaccomd.com\\\/ro\\\/#postaladdress\",\"@type\":\"PostalAddress\",\"streetAddress\":\"Strada Albi\\u015foara 4, Chi\\u0219in\\u0103u, Bulevardul \\u0218tefan cel Mare \\u0219i Sf\\u00eent 136, Chi\\u0219in\\u0103u\",\"addressLocality\":\"Chi\\u0219in\\u0103u\",\"addressCountry\":\"MD\"}},{\"@type\":\"Product\",\"@id\":\"https:\\\/\\\/tabaccomd.com\\\/ro\\\/product\\\/filtre-din-hartie-pentru-tigari-gizeh-black-slim-filter-tips\\\/#wooCommerceProduct\",\"name\":\"Filtre din h\\u00e2rtie pentru \\u021big\\u0103ri GIZEH Black Slim Filter Tips\",\"description\":\"Produc\\u0103tor: GIZEH Raucherbedarf GmbH\\r\\n \\t\\u021aara produc\\u0103torului: Germania\\r\\n \\tLungime: 26 x 60 mm\\r\\n \\tCantitate: 35 de filtre din carton\\r\\n \\tPerforate\",\"url\":\"https:\\\/\\\/tabaccomd.com\\\/ro\\\/product\\\/filtre-din-hartie-pentru-tigari-gizeh-black-slim-filter-tips\\\/\",\"sku\":\"418280062\",\"image\":{\"@type\":\"ImageObject\",\"url\":\"https:\\\/\\\/tabaccomd.com\\\/wp-content\\\/uploads\\\/2025\\\/11\\\/filtre-GIZEH-Black-Slim-Filter-Tips-1.jpg\",\"@id\":\"https:\\\/\\\/tabaccomd.com\\\/ro\\\/product\\\/filtre-din-hartie-pentru-tigari-gizeh-black-slim-filter-tips\\\/#productImage\",\"width\":1260,\"height\":1260,\"caption\":\"filtre-GIZEH-Black-Slim-Filter-Tips-1\"},\"offers\":{\"@type\":\"Offer\",\"url\":\"https:\\\/\\\/tabaccomd.com\\\/ro\\\/product\\\/filtre-din-hartie-pentru-tigari-gizeh-black-slim-filter-tips\\\/#wooCommerceOffer\",\"price\":12,\"priceCurrency\":\"MDL\",\"category\":\"Filtre pentru \\u021big\\u0103ri\",\"availability\":\"https:\\\/\\\/schema.org\\\/InStock\",\"priceSpecification\":{\"@type\":\"PriceSpecification\",\"price\":12,\"priceCurrency\":\"MDL\",\"valueAddedTaxIncluded\":\"true\"},\"seller\":{\"@type\":\"Organization\",\"@id\":\"https:\\\/\\\/tabaccomd.com\\\/ro\\\/#organization\"}}},{\"@type\":\"WebPage\",\"@id\":\"https:\\\/\\\/tabaccomd.com\\\/ro\\\/product\\\/filtre-din-hartie-pentru-tigari-gizeh-black-slim-filter-tips\\\/#webpage\",\"url\":\"https:\\\/\\\/tabaccomd.com\\\/ro\\\/product\\\/filtre-din-hartie-pentru-tigari-gizeh-black-slim-filter-tips\\\/\",\"name\":\"Filtre din h\\u00e2rtie pentru \\u021big\\u0103ri GIZEH Black Slim Filter Tips \\u2013 Tabacco House\",\"inLanguage\":\"ro-RO\",\"isPartOf\":{\"@id\":\"https:\\\/\\\/tabaccomd.com\\\/ro\\\/#website\"},\"breadcrumb\":{\"@id\":\"https:\\\/\\\/tabaccomd.com\\\/ro\\\/product\\\/filtre-din-hartie-pentru-tigari-gizeh-black-slim-filter-tips\\\/#breadcrumblist\"},\"image\":{\"@type\":\"ImageObject\",\"url\":\"https:\\\/\\\/tabaccomd.com\\\/wp-content\\\/uploads\\\/2025\\\/11\\\/filtre-GIZEH-Black-Slim-Filter-Tips-1.jpg\",\"@id\":\"https:\\\/\\\/tabaccomd.com\\\/ro\\\/product\\\/filtre-din-hartie-pentru-tigari-gizeh-black-slim-filter-tips\\\/#mainImage\",\"width\":1260,\"height\":1260,\"caption\":\"filtre-GIZEH-Black-Slim-Filter-Tips-1\"},\"primaryImageOfPage\":{\"@id\":\"https:\\\/\\\/tabaccomd.com\\\/ro\\\/product\\\/filtre-din-hartie-pentru-tigari-gizeh-black-slim-filter-tips\\\/#mainImage\"},\"datePublished\":\"2025-11-28T17:57:27+03:00\",\"dateModified\":\"2025-11-28T17:57:27+03:00\"},{\"@type\":\"WebSite\",\"@id\":\"https:\\\/\\\/tabaccomd.com\\\/ro\\\/#website\",\"url\":\"https:\\\/\\\/tabaccomd.com\\\/ro\\\/\",\"name\":\"Tabacco House\",\"alternateName\":\"tobaccomd.com\",\"description\":\"\\u041c\\u0430\\u0433\\u0430\\u0437\\u0438\\u043d \\u0442\\u0430\\u0431\\u0430\\u0447\\u043d\\u044b\\u0445 \\u0438\\u0437\\u0434\\u0435\\u043b\\u0438\\u0439\",\"inLanguage\":\"ro-RO\",\"publisher\":{\"@id\":\"https:\\\/\\\/tabaccomd.com\\\/ro\\\/#organization\"}}]}\n\t\t<\/script>\n\t\t<!-- All in One SEO Pro -->\r\n\t\t<title>Filtre din h\u00e2rtie pentru \u021big\u0103ri GIZEH Black Slim Filter Tips \u2013 Tabacco House<\/title>\n\n","aioseo_head_json":{"title":"Filtre din h\u00e2rtie pentru \u021big\u0103ri GIZEH Black Slim Filter Tips \u2013 Tabacco House","description":"","canonical_url":"https:\/\/tabaccomd.com\/ro\/product\/filtre-din-hartie-pentru-tigari-gizeh-black-slim-filter-tips\/","robots":"max-image-preview:large","keywords":"","webmasterTools":{"miscellaneous":""},"schema":{"@context":"https:\/\/schema.org","@graph":[{"@type":"BreadcrumbList","@id":"https:\/\/tabaccomd.com\/ro\/product\/filtre-din-hartie-pentru-tigari-gizeh-black-slim-filter-tips\/#breadcrumblist","itemListElement":[{"@type":"ListItem","@id":"https:\/\/tabaccomd.com\/ro\/#listItem","position":1,"name":"\u0413\u043b\u0430\u0432\u043d\u0430\u044f","item":"https:\/\/tabaccomd.com\/ro\/","nextItem":{"@type":"ListItem","@id":"https:\/\/tabaccomd.com\/ro\/catalog\/#listItem","name":"Catalog"}},{"@type":"ListItem","@id":"https:\/\/tabaccomd.com\/ro\/catalog\/#listItem","position":2,"name":"Catalog","item":"https:\/\/tabaccomd.com\/ro\/catalog\/","nextItem":{"@type":"ListItem","@id":"https:\/\/tabaccomd.com\/ro\/product-category\/totul-pentru-rulat\/#listItem","name":"Totul pentru rulat"},"previousItem":{"@type":"ListItem","@id":"https:\/\/tabaccomd.com\/ro\/#listItem","name":"\u0413\u043b\u0430\u0432\u043d\u0430\u044f"}},{"@type":"ListItem","@id":"https:\/\/tabaccomd.com\/ro\/product-category\/totul-pentru-rulat\/#listItem","position":3,"name":"Totul pentru rulat","item":"https:\/\/tabaccomd.com\/ro\/product-category\/totul-pentru-rulat\/","nextItem":{"@type":"ListItem","@id":"https:\/\/tabaccomd.com\/ro\/product-category\/totul-pentru-rulat\/filtre-pentru-tigari\/#listItem","name":"Filtre pentru \u021big\u0103ri"},"previousItem":{"@type":"ListItem","@id":"https:\/\/tabaccomd.com\/ro\/catalog\/#listItem","name":"Catalog"}},{"@type":"ListItem","@id":"https:\/\/tabaccomd.com\/ro\/product-category\/totul-pentru-rulat\/filtre-pentru-tigari\/#listItem","position":4,"name":"Filtre pentru \u021big\u0103ri","item":"https:\/\/tabaccomd.com\/ro\/product-category\/totul-pentru-rulat\/filtre-pentru-tigari\/","nextItem":{"@type":"ListItem","@id":"https:\/\/tabaccomd.com\/ro\/product\/filtre-din-hartie-pentru-tigari-gizeh-black-slim-filter-tips\/#listItem","name":"Filtre din h\u00e2rtie pentru \u021big\u0103ri GIZEH Black Slim Filter Tips"},"previousItem":{"@type":"ListItem","@id":"https:\/\/tabaccomd.com\/ro\/product-category\/totul-pentru-rulat\/#listItem","name":"Totul pentru rulat"}},{"@type":"ListItem","@id":"https:\/\/tabaccomd.com\/ro\/product\/filtre-din-hartie-pentru-tigari-gizeh-black-slim-filter-tips\/#listItem","position":5,"name":"Filtre din h\u00e2rtie pentru \u021big\u0103ri GIZEH Black Slim Filter Tips","previousItem":{"@type":"ListItem","@id":"https:\/\/tabaccomd.com\/ro\/product-category\/totul-pentru-rulat\/filtre-pentru-tigari\/#listItem","name":"Filtre pentru \u021big\u0103ri"}}]},{"@type":"Organization","@id":"https:\/\/tabaccomd.com\/ro\/#organization","name":"Tabacco House","description":"\u041c\u0430\u0433\u0430\u0437\u0438\u043d \u0442\u0430\u0431\u0430\u0447\u043d\u044b\u0445 \u0438\u0437\u0434\u0435\u043b\u0438\u0439","url":"https:\/\/tabaccomd.com\/ro\/","email":"Office@cazacuhouse.com","telephone":"+37361000935","logo":{"@type":"ImageObject","url":"https:\/\/tabaccomd.com\/wp-content\/uploads\/2024\/02\/logo_header3.png","@id":"https:\/\/tabaccomd.com\/ro\/product\/filtre-din-hartie-pentru-tigari-gizeh-black-slim-filter-tips\/#organizationLogo","width":32,"height":32,"caption":"Tabacco House"},"image":{"@id":"https:\/\/tabaccomd.com\/ro\/product\/filtre-din-hartie-pentru-tigari-gizeh-black-slim-filter-tips\/#organizationLogo"},"sameAs":["https:\/\/www.facebook.com\/tabaccomd.com\/","https:\/\/www.instagram.com\/tabaccomd.com\/"],"address":{"@id":"https:\/\/tabaccomd.com\/ro\/#postaladdress","@type":"PostalAddress","streetAddress":"Strada Albi\u015foara 4, Chi\u0219in\u0103u, Bulevardul \u0218tefan cel Mare \u0219i Sf\u00eent 136, Chi\u0219in\u0103u","addressLocality":"Chi\u0219in\u0103u","addressCountry":"MD"}},{"@type":"Product","@id":"https:\/\/tabaccomd.com\/ro\/product\/filtre-din-hartie-pentru-tigari-gizeh-black-slim-filter-tips\/#wooCommerceProduct","name":"Filtre din h\u00e2rtie pentru \u021big\u0103ri GIZEH Black Slim Filter Tips","description":"Produc\u0103tor: GIZEH Raucherbedarf GmbH\r\n \t\u021aara produc\u0103torului: Germania\r\n \tLungime: 26 x 60 mm\r\n \tCantitate: 35 de filtre din carton\r\n \tPerforate","url":"https:\/\/tabaccomd.com\/ro\/product\/filtre-din-hartie-pentru-tigari-gizeh-black-slim-filter-tips\/","sku":"418280062","image":{"@type":"ImageObject","url":"https:\/\/tabaccomd.com\/wp-content\/uploads\/2025\/11\/filtre-GIZEH-Black-Slim-Filter-Tips-1.jpg","@id":"https:\/\/tabaccomd.com\/ro\/product\/filtre-din-hartie-pentru-tigari-gizeh-black-slim-filter-tips\/#productImage","width":1260,"height":1260,"caption":"filtre-GIZEH-Black-Slim-Filter-Tips-1"},"offers":{"@type":"Offer","url":"https:\/\/tabaccomd.com\/ro\/product\/filtre-din-hartie-pentru-tigari-gizeh-black-slim-filter-tips\/#wooCommerceOffer","price":12,"priceCurrency":"MDL","category":"Filtre pentru \u021big\u0103ri","availability":"https:\/\/schema.org\/InStock","priceSpecification":{"@type":"PriceSpecification","price":12,"priceCurrency":"MDL","valueAddedTaxIncluded":"true"},"seller":{"@type":"Organization","@id":"https:\/\/tabaccomd.com\/ro\/#organization"}}},{"@type":"WebPage","@id":"https:\/\/tabaccomd.com\/ro\/product\/filtre-din-hartie-pentru-tigari-gizeh-black-slim-filter-tips\/#webpage","url":"https:\/\/tabaccomd.com\/ro\/product\/filtre-din-hartie-pentru-tigari-gizeh-black-slim-filter-tips\/","name":"Filtre din h\u00e2rtie pentru \u021big\u0103ri GIZEH Black Slim Filter Tips \u2013 Tabacco House","inLanguage":"ro-RO","isPartOf":{"@id":"https:\/\/tabaccomd.com\/ro\/#website"},"breadcrumb":{"@id":"https:\/\/tabaccomd.com\/ro\/product\/filtre-din-hartie-pentru-tigari-gizeh-black-slim-filter-tips\/#breadcrumblist"},"image":{"@type":"ImageObject","url":"https:\/\/tabaccomd.com\/wp-content\/uploads\/2025\/11\/filtre-GIZEH-Black-Slim-Filter-Tips-1.jpg","@id":"https:\/\/tabaccomd.com\/ro\/product\/filtre-din-hartie-pentru-tigari-gizeh-black-slim-filter-tips\/#mainImage","width":1260,"height":1260,"caption":"filtre-GIZEH-Black-Slim-Filter-Tips-1"},"primaryImageOfPage":{"@id":"https:\/\/tabaccomd.com\/ro\/product\/filtre-din-hartie-pentru-tigari-gizeh-black-slim-filter-tips\/#mainImage"},"datePublished":"2025-11-28T17:57:27+03:00","dateModified":"2025-11-28T17:57:27+03:00"},{"@type":"WebSite","@id":"https:\/\/tabaccomd.com\/ro\/#website","url":"https:\/\/tabaccomd.com\/ro\/","name":"Tabacco House","alternateName":"tobaccomd.com","description":"\u041c\u0430\u0433\u0430\u0437\u0438\u043d \u0442\u0430\u0431\u0430\u0447\u043d\u044b\u0445 \u0438\u0437\u0434\u0435\u043b\u0438\u0439","inLanguage":"ro-RO","publisher":{"@id":"https:\/\/tabaccomd.com\/ro\/#organization"}}]},"og:locale":"ro_RO","og:site_name":"Tabacco House \u2013 \u041c\u0430\u0433\u0430\u0437\u0438\u043d \u0442\u0430\u0431\u0430\u0447\u043d\u044b\u0445 \u0438\u0437\u0434\u0435\u043b\u0438\u0439","og:type":"article","og:title":"Filtre din h\u00e2rtie pentru \u021big\u0103ri GIZEH Black Slim Filter Tips \u2013 Tabacco House","og:url":"https:\/\/tabaccomd.com\/ro\/product\/filtre-din-hartie-pentru-tigari-gizeh-black-slim-filter-tips\/","article:published_time":"2025-11-28T14:57:27+00:00","article:modified_time":"2025-11-28T14:57:27+00:00","article:publisher":"https:\/\/www.facebook.com\/tabaccomd.com\/","twitter:card":"summary_large_image","twitter:title":"Filtre din h\u00e2rtie pentru \u021big\u0103ri GIZEH Black Slim Filter Tips \u2013 Tabacco House"},"aioseo_meta_data":{"post_id":"155533","title":null,"description":null,"keywords":null,"keyphrases":null,"primary_term":null,"canonical_url":null,"og_title":null,"og_description":null,"og_object_type":"default","og_image_type":"default","og_image_url":null,"og_image_width":null,"og_image_height":null,"og_image_custom_url":null,"og_image_custom_fields":null,"og_video":null,"og_custom_url":null,"og_article_section":null,"og_article_tags":null,"twitter_use_og":false,"twitter_card":"default","twitter_image_type":"default","twitter_image_url":null,"twitter_image_custom_url":null,"twitter_image_custom_fields":null,"twitter_title":null,"twitter_description":null,"schema":{"blockGraphs":[],"customGraphs":[],"default":{"data":{"Article":[],"Course":[],"Dataset":[],"FAQPage":[],"Movie":[],"Person":[],"Product":[],"ProductReview":[],"Car":[],"Recipe":[],"Service":[],"SoftwareApplication":[],"WebPage":[]},"graphName":"","isEnabled":true},"graphs":[]},"schema_type":"default","schema_type_options":null,"pillar_content":false,"robots_default":true,"robots_noindex":false,"robots_noarchive":false,"robots_nosnippet":false,"robots_nofollow":false,"robots_noimageindex":false,"robots_noodp":false,"robots_notranslate":false,"robots_max_snippet":null,"robots_max_videopreview":null,"robots_max_imagepreview":"large","priority":null,"frequency":null,"local_seo":null,"seo_analyzer_scan_date":"2025-11-28 15:10:00","breadcrumb_settings":null,"limit_modified_date":false,"reviewed_by":null,"open_ai":null,"ai":null,"created":"2025-11-28 15:01:56","updated":"2025-11-28 15:16:43"},"aioseo_breadcrumb":"<div class=\"aioseo-breadcrumbs\"><span class=\"aioseo-breadcrumb\">\n\t<a href=\"https:\/\/tabaccomd.com\/ro\/\" title=\"\u0413\u043b\u0430\u0432\u043d\u0430\u044f\">\u0413\u043b\u0430\u0432\u043d\u0430\u044f<\/a>\n<\/span><span class=\"aioseo-breadcrumb-separator\">\u00bb<\/span><span class=\"aioseo-breadcrumb\">\n\t<a href=\"https:\/\/tabaccomd.com\/ro\/catalog\/\" title=\"Catalog\">Catalog<\/a>\n<\/span><span class=\"aioseo-breadcrumb-separator\">\u00bb<\/span><span class=\"aioseo-breadcrumb\">\n\t<a href=\"https:\/\/tabaccomd.com\/ro\/product-category\/totul-pentru-rulat\/\" title=\"Totul pentru rulat\">Totul pentru rulat<\/a>\n<\/span><span class=\"aioseo-breadcrumb-separator\">\u00bb<\/span><span class=\"aioseo-breadcrumb\">\n\t<a href=\"https:\/\/tabaccomd.com\/ro\/product-category\/totul-pentru-rulat\/filtre-pentru-tigari\/\" title=\"Filtre pentru \u021big\u0103ri\">Filtre pentru \u021big\u0103ri<\/a>\n<\/span><span class=\"aioseo-breadcrumb-separator\">\u00bb<\/span><span class=\"aioseo-breadcrumb\">\n\tFiltre din h\u00e2rtie pentru \u021big\u0103ri GIZEH Black Slim Filter Tips\n<\/span><\/div>","aioseo_breadcrumb_json":[{"label":"\u0413\u043b\u0430\u0432\u043d\u0430\u044f","link":"https:\/\/tabaccomd.com\/ro\/"},{"label":"Catalog","link":"https:\/\/tabaccomd.com\/ro\/catalog\/"},{"label":"Totul pentru rulat","link":"https:\/\/tabaccomd.com\/ro\/product-category\/totul-pentru-rulat\/"},{"label":"Filtre pentru \u021big\u0103ri","link":"https:\/\/tabaccomd.com\/ro\/product-category\/totul-pentru-rulat\/filtre-pentru-tigari\/"},{"label":"Filtre din h\u00e2rtie pentru \u021big\u0103ri GIZEH Black Slim Filter Tips","link":"https:\/\/tabaccomd.com\/ro\/product\/filtre-din-hartie-pentru-tigari-gizeh-black-slim-filter-tips\/"}],"images_for_1c":[{"url":"https:\/\/tabaccomd.com\/wp-content\/uploads\/2025\/11\/filtre-GIZEH-Black-Slim-Filter-Tips-1.jpg","type":"featured","alt":"filtre-GIZEH-Black-Slim-Filter-Tips-1","filename":"filtre-GIZEH-Black-Slim-Filter-Tips-1.jpg"},{"url":"https:\/\/tabaccomd.com\/wp-content\/uploads\/2025\/11\/filtre-GIZEH-Black-Slim-Filter-Tips-2.jpg","type":"gallery","alt":"filtre-GIZEH-Black-Slim-Filter-Tips-2","filename":"filtre-GIZEH-Black-Slim-Filter-Tips-2.jpg"}],"additional_data_1c":{"modified_date":"2025-11-28 17:57:27","permalink":"https:\/\/tabaccomd.com\/ro\/product\/filtre-din-hartie-pentru-tigari-gizeh-black-slim-filter-tips\/","stock_status":"instock","manage_stock":"no"},"_links":{"self":[{"href":"https:\/\/tabaccomd.com\/ro\/wp-json\/wp\/v2\/product\/155533","targetHints":{"allow":["GET"]}}],"collection":[{"href":"https:\/\/tabaccomd.com\/ro\/wp-json\/wp\/v2\/product"}],"about":[{"href":"https:\/\/tabaccomd.com\/ro\/wp-json\/wp\/v2\/types\/product"}],"wp:featuredmedia":[{"embeddable":true,"href":"https:\/\/tabaccomd.com\/ro\/wp-json\/wp\/v2\/media\/155530"}],"wp:attachment":[{"href":"https:\/\/tabaccomd.com\/ro\/wp-json\/wp\/v2\/media?parent=155533"}],"wp:term":[{"taxonomy":"product_brand","embeddable":true,"href":"https:\/\/tabaccomd.com\/ro\/wp-json\/wp\/v2\/product_brand?post=155533"},{"taxonomy":"product_cat","embeddable":true,"href":"https:\/\/tabaccomd.com\/ro\/wp-json\/wp\/v2\/product_cat?post=155533"},{"taxonomy":"product_tag","embeddable":true,"href":"https:\/\/tabaccomd.com\/ro\/wp-json\/wp\/v2\/product_tag?post=155533"}],"curies":[{"name":"wp","href":"https:\/\/api.w.org\/{rel}","templated":true}]}}