{"id":155411,"date":"2025-11-25T16:00:00","date_gmt":"2025-11-25T13:00:00","guid":{"rendered":"https:\/\/tabaccomd.com\/product\/tutun-pentru-pipa-robert-mcconnell-old-london-pebble-cut-100g\/"},"modified":"2025-11-25T18:55:11","modified_gmt":"2025-11-25T15:55:11","slug":"tutun-pentru-pipa-robert-mcconnell-old-london-pebble-cut-100g","status":"publish","type":"product","link":"https:\/\/tabaccomd.com\/ro\/product\/tutun-pentru-pipa-robert-mcconnell-old-london-pebble-cut-100g\/","title":{"rendered":"Tutun pentru pip\u0103 Robert McConnell Old London Pebble Cut 100g"},"content":{"rendered":"<p>Robert McConnell Old London Pebble Cut este un <a href=\"https:\/\/tabaccomd.com\/ro\/product-category\/tutun\/tutun-pentru-pipe\/tutun-pentru-pipa-kohlhase-kopp\/\">amestec<\/a> tradi\u021bional de tutun Pebble Cut, care con\u021bine Virginia, Perique \u0219i Black Cavendish. Acest amestec cu t\u0103rie u\u0219oar\u0103 spre medie, f\u0103r\u0103 arom\u0103, ofer\u0103 un gust natural \u0219i fin. Nucleul amestecului este Virginia, cu note caracteristice de f\u00e2n, p\u00e2ine pr\u0103jit\u0103, fructe negre \u0219i o not\u0103 de aciditate. Black Cavendish adaug\u0103 moliciune \u0219i o rotunjime cremoas\u0103, cre\u00e2nd o arom\u0103 mai fin\u0103 \u0219i mai bogat\u0103. Perique este prezent delicat, oferind o picant\u0103 subtil\u0103 \u0219i accente fructate, r\u0103m\u00e2n\u00e2nd \u00een acela\u0219i timp \u00een fundal. Tutunul arde uniform \u0219i rece, dezvolt\u00e2nd un final moale \u0219i echilibrat. Old London Pebble Cut este o alegere excelent\u0103 pentru iubitorii de amestecuri naturale de Virginia, potrivit pentru fumatul relaxat, de zi cu zi.<\/p>\n<p>Pute\u021bi achizi\u021biona tutunul pentru pip\u0103 Robert McConnell Old London Pebble Cut 100g \u00een Moldova, Chi\u0219in\u0103u, \u00een re\u021beaua de magazine Tabacco House.<\/p>\n","protected":false},"excerpt":{"rendered":"<ul>\n<li>Scop: Pentru pip\u0103<\/li>\n<li>Greutate: 50 de grame<\/li>\n<li>\u021aara produc\u0103torului: Germania<\/li>\n<li>Produc\u0103tor: Kohlhase &amp; Kopp<\/li>\n<li>T\u0103rie: Mediu spre tare<\/li>\n<li>T\u0103iere: Pebble Cut (amestec de buc\u0103\u021bi\/fulgi presa\u021bi)<\/li>\n<li>Arom\u0103: Stafide, smochine, f\u00e2n, moliciunea u\u0219oar\u0103 \u0219i cremoas\u0103 a Cavendish \u0219i subtila iu\u021beal\u0103 a Perique<\/li>\n<\/ul>\n","protected":false},"featured_media":155410,"template":"","meta":{"om_disable_all_campaigns":false,"_monsterinsights_skip_tracking":false,"_monsterinsights_sitenote_active":false,"_monsterinsights_sitenote_note":"","_monsterinsights_sitenote_category":0},"product_brand":[],"product_cat":[465],"product_tag":[],"class_list":{"0":"post-155411","1":"product","2":"type-product","3":"status-publish","4":"has-post-thumbnail","6":"product_cat-tutun-pentru-pipa-kohlhase-kopp","8":"first","9":"instock","10":"taxable","11":"shipping-taxable","12":"purchasable","13":"product-type-simple"},"aioseo_notices":[],"aioseo_head":"\n\t\t<!-- All in One SEO Pro 4.9.5.2 - aioseo.com -->\n\t<meta name=\"robots\" content=\"max-image-preview:large\" \/>\n\t<link rel=\"canonical\" href=\"https:\/\/tabaccomd.com\/ro\/product\/tutun-pentru-pipa-robert-mcconnell-old-london-pebble-cut-100g\/\" \/>\n\t<meta name=\"generator\" content=\"All in One SEO Pro (AIOSEO) 4.9.5.2\" \/>\n\t\t<meta property=\"og:locale\" content=\"ro_RO\" \/>\n\t\t<meta property=\"og:site_name\" content=\"Tabacco House \u2013 \u041c\u0430\u0433\u0430\u0437\u0438\u043d \u0442\u0430\u0431\u0430\u0447\u043d\u044b\u0445 \u0438\u0437\u0434\u0435\u043b\u0438\u0439\" \/>\n\t\t<meta property=\"og:type\" content=\"article\" \/>\n\t\t<meta property=\"og:title\" content=\"Tutun pentru pip\u0103 Robert McConnell Old London Pebble Cut 100g \u2013 Tabacco House\" \/>\n\t\t<meta property=\"og:url\" content=\"https:\/\/tabaccomd.com\/ro\/product\/tutun-pentru-pipa-robert-mcconnell-old-london-pebble-cut-100g\/\" \/>\n\t\t<meta property=\"article:published_time\" content=\"2025-11-25T13:00:00+00:00\" \/>\n\t\t<meta property=\"article:modified_time\" content=\"2025-11-25T15:55:11+00:00\" \/>\n\t\t<meta property=\"article:publisher\" content=\"https:\/\/www.facebook.com\/tabaccomd.com\/\" \/>\n\t\t<meta name=\"twitter:card\" content=\"summary_large_image\" \/>\n\t\t<meta name=\"twitter:title\" content=\"Tutun pentru pip\u0103 Robert McConnell Old London Pebble Cut 100g \u2013 Tabacco House\" \/>\n\t\t<script type=\"application\/ld+json\" class=\"aioseo-schema\">\n\t\t\t{\"@context\":\"https:\\\/\\\/schema.org\",\"@graph\":[{\"@type\":\"BreadcrumbList\",\"@id\":\"https:\\\/\\\/tabaccomd.com\\\/ro\\\/product\\\/tutun-pentru-pipa-robert-mcconnell-old-london-pebble-cut-100g\\\/#breadcrumblist\",\"itemListElement\":[{\"@type\":\"ListItem\",\"@id\":\"https:\\\/\\\/tabaccomd.com\\\/ro\\\/#listItem\",\"position\":1,\"name\":\"\\u0413\\u043b\\u0430\\u0432\\u043d\\u0430\\u044f\",\"item\":\"https:\\\/\\\/tabaccomd.com\\\/ro\\\/\",\"nextItem\":{\"@type\":\"ListItem\",\"@id\":\"https:\\\/\\\/tabaccomd.com\\\/ro\\\/catalog\\\/#listItem\",\"name\":\"Catalog\"}},{\"@type\":\"ListItem\",\"@id\":\"https:\\\/\\\/tabaccomd.com\\\/ro\\\/catalog\\\/#listItem\",\"position\":2,\"name\":\"Catalog\",\"item\":\"https:\\\/\\\/tabaccomd.com\\\/ro\\\/catalog\\\/\",\"nextItem\":{\"@type\":\"ListItem\",\"@id\":\"https:\\\/\\\/tabaccomd.com\\\/ro\\\/product-category\\\/tutun\\\/#listItem\",\"name\":\"Tutun\"},\"previousItem\":{\"@type\":\"ListItem\",\"@id\":\"https:\\\/\\\/tabaccomd.com\\\/ro\\\/#listItem\",\"name\":\"\\u0413\\u043b\\u0430\\u0432\\u043d\\u0430\\u044f\"}},{\"@type\":\"ListItem\",\"@id\":\"https:\\\/\\\/tabaccomd.com\\\/ro\\\/product-category\\\/tutun\\\/#listItem\",\"position\":3,\"name\":\"Tutun\",\"item\":\"https:\\\/\\\/tabaccomd.com\\\/ro\\\/product-category\\\/tutun\\\/\",\"nextItem\":{\"@type\":\"ListItem\",\"@id\":\"https:\\\/\\\/tabaccomd.com\\\/ro\\\/product-category\\\/tutun\\\/tutun-pentru-pipe\\\/#listItem\",\"name\":\"Tutun pentru pip\\u0103\"},\"previousItem\":{\"@type\":\"ListItem\",\"@id\":\"https:\\\/\\\/tabaccomd.com\\\/ro\\\/catalog\\\/#listItem\",\"name\":\"Catalog\"}},{\"@type\":\"ListItem\",\"@id\":\"https:\\\/\\\/tabaccomd.com\\\/ro\\\/product-category\\\/tutun\\\/tutun-pentru-pipe\\\/#listItem\",\"position\":4,\"name\":\"Tutun pentru pip\\u0103\",\"item\":\"https:\\\/\\\/tabaccomd.com\\\/ro\\\/product-category\\\/tutun\\\/tutun-pentru-pipe\\\/\",\"nextItem\":{\"@type\":\"ListItem\",\"@id\":\"https:\\\/\\\/tabaccomd.com\\\/ro\\\/product-category\\\/tutun\\\/tutun-pentru-pipe\\\/tutun-pentru-pipa-kohlhase-kopp\\\/#listItem\",\"name\":\"Tutun pentru pip\\u0103 Kohlhase &amp; Kopp\"},\"previousItem\":{\"@type\":\"ListItem\",\"@id\":\"https:\\\/\\\/tabaccomd.com\\\/ro\\\/product-category\\\/tutun\\\/#listItem\",\"name\":\"Tutun\"}},{\"@type\":\"ListItem\",\"@id\":\"https:\\\/\\\/tabaccomd.com\\\/ro\\\/product-category\\\/tutun\\\/tutun-pentru-pipe\\\/tutun-pentru-pipa-kohlhase-kopp\\\/#listItem\",\"position\":5,\"name\":\"Tutun pentru pip\\u0103 Kohlhase &amp; Kopp\",\"item\":\"https:\\\/\\\/tabaccomd.com\\\/ro\\\/product-category\\\/tutun\\\/tutun-pentru-pipe\\\/tutun-pentru-pipa-kohlhase-kopp\\\/\",\"nextItem\":{\"@type\":\"ListItem\",\"@id\":\"https:\\\/\\\/tabaccomd.com\\\/ro\\\/product\\\/tutun-pentru-pipa-robert-mcconnell-old-london-pebble-cut-100g\\\/#listItem\",\"name\":\"Tutun pentru pip\\u0103 Robert McConnell Old London Pebble Cut 100g\"},\"previousItem\":{\"@type\":\"ListItem\",\"@id\":\"https:\\\/\\\/tabaccomd.com\\\/ro\\\/product-category\\\/tutun\\\/tutun-pentru-pipe\\\/#listItem\",\"name\":\"Tutun pentru pip\\u0103\"}},{\"@type\":\"ListItem\",\"@id\":\"https:\\\/\\\/tabaccomd.com\\\/ro\\\/product\\\/tutun-pentru-pipa-robert-mcconnell-old-london-pebble-cut-100g\\\/#listItem\",\"position\":6,\"name\":\"Tutun pentru pip\\u0103 Robert McConnell Old London Pebble Cut 100g\",\"previousItem\":{\"@type\":\"ListItem\",\"@id\":\"https:\\\/\\\/tabaccomd.com\\\/ro\\\/product-category\\\/tutun\\\/tutun-pentru-pipe\\\/tutun-pentru-pipa-kohlhase-kopp\\\/#listItem\",\"name\":\"Tutun pentru pip\\u0103 Kohlhase &amp; Kopp\"}}]},{\"@type\":\"Organization\",\"@id\":\"https:\\\/\\\/tabaccomd.com\\\/ro\\\/#organization\",\"name\":\"Tabacco House\",\"description\":\"\\u041c\\u0430\\u0433\\u0430\\u0437\\u0438\\u043d \\u0442\\u0430\\u0431\\u0430\\u0447\\u043d\\u044b\\u0445 \\u0438\\u0437\\u0434\\u0435\\u043b\\u0438\\u0439\",\"url\":\"https:\\\/\\\/tabaccomd.com\\\/ro\\\/\",\"email\":\"Office@cazacuhouse.com\",\"telephone\":\"+37361000935\",\"logo\":{\"@type\":\"ImageObject\",\"url\":\"https:\\\/\\\/tabaccomd.com\\\/wp-content\\\/uploads\\\/2024\\\/02\\\/logo_header3.png\",\"@id\":\"https:\\\/\\\/tabaccomd.com\\\/ro\\\/product\\\/tutun-pentru-pipa-robert-mcconnell-old-london-pebble-cut-100g\\\/#organizationLogo\",\"width\":32,\"height\":32,\"caption\":\"Tabacco House\"},\"image\":{\"@id\":\"https:\\\/\\\/tabaccomd.com\\\/ro\\\/product\\\/tutun-pentru-pipa-robert-mcconnell-old-london-pebble-cut-100g\\\/#organizationLogo\"},\"sameAs\":[\"https:\\\/\\\/www.facebook.com\\\/tabaccomd.com\\\/\",\"https:\\\/\\\/www.instagram.com\\\/tabaccomd.com\\\/\"],\"address\":{\"@id\":\"https:\\\/\\\/tabaccomd.com\\\/ro\\\/#postaladdress\",\"@type\":\"PostalAddress\",\"streetAddress\":\"Strada Albi\\u015foara 4, Chi\\u0219in\\u0103u, Bulevardul \\u0218tefan cel Mare \\u0219i Sf\\u00eent 136, Chi\\u0219in\\u0103u\",\"addressLocality\":\"Chi\\u0219in\\u0103u\",\"addressCountry\":\"MD\"}},{\"@type\":\"Product\",\"@id\":\"https:\\\/\\\/tabaccomd.com\\\/ro\\\/product\\\/tutun-pentru-pipa-robert-mcconnell-old-london-pebble-cut-100g\\\/#wooCommerceProduct\",\"name\":\"Tutun pentru pip\\u0103 Robert McConnell Old London Pebble Cut 100g\",\"description\":\"Scop: Pentru pip\\u0103\\r\\n \\tGreutate: 50 de grame\\r\\n \\t\\u021aara produc\\u0103torului: Germania\\r\\n \\tProduc\\u0103tor: Kohlhase &amp; Kopp\\r\\n \\tT\\u0103rie: Mediu spre tare\\r\\n \\tT\\u0103iere: Pebble Cut (amestec de buc\\u0103\\u021bi\\\/fulgi presa\\u021bi)\\r\\n \\tArom\\u0103: Stafide, smochine, f\\u00e2n, moliciunea u\\u0219oar\\u0103 \\u0219i cremoas\\u0103 a Cavendish \\u0219i subtila iu\\u021beal\\u0103 a Perique\",\"url\":\"https:\\\/\\\/tabaccomd.com\\\/ro\\\/product\\\/tutun-pentru-pipa-robert-mcconnell-old-london-pebble-cut-100g\\\/\",\"sku\":\"MD1360020\",\"image\":{\"@type\":\"ImageObject\",\"url\":\"https:\\\/\\\/tabaccomd.com\\\/wp-content\\\/uploads\\\/2025\\\/11\\\/tutun-robert-mcconnell-old-london-pebble-cut-100g-0.jpg\",\"@id\":\"https:\\\/\\\/tabaccomd.com\\\/ro\\\/product\\\/tutun-pentru-pipa-robert-mcconnell-old-london-pebble-cut-100g\\\/#productImage\",\"width\":1220,\"height\":1220,\"caption\":\"tutun-robert-mcconnell-old-london-pebble-cut-100g-0\"},\"offers\":{\"@type\":\"Offer\",\"url\":\"https:\\\/\\\/tabaccomd.com\\\/ro\\\/product\\\/tutun-pentru-pipa-robert-mcconnell-old-london-pebble-cut-100g\\\/#wooCommerceOffer\",\"price\":720,\"priceCurrency\":\"MDL\",\"category\":\"Tutun pentru pip\\u0103 Kohlhase &amp; Kopp\",\"availability\":\"https:\\\/\\\/schema.org\\\/InStock\",\"priceSpecification\":{\"@type\":\"PriceSpecification\",\"price\":720,\"priceCurrency\":\"MDL\",\"valueAddedTaxIncluded\":\"true\"},\"seller\":{\"@type\":\"Organization\",\"@id\":\"https:\\\/\\\/tabaccomd.com\\\/ro\\\/#organization\"}}},{\"@type\":\"WebPage\",\"@id\":\"https:\\\/\\\/tabaccomd.com\\\/ro\\\/product\\\/tutun-pentru-pipa-robert-mcconnell-old-london-pebble-cut-100g\\\/#webpage\",\"url\":\"https:\\\/\\\/tabaccomd.com\\\/ro\\\/product\\\/tutun-pentru-pipa-robert-mcconnell-old-london-pebble-cut-100g\\\/\",\"name\":\"Tutun pentru pip\\u0103 Robert McConnell Old London Pebble Cut 100g \\u2013 Tabacco House\",\"inLanguage\":\"ro-RO\",\"isPartOf\":{\"@id\":\"https:\\\/\\\/tabaccomd.com\\\/ro\\\/#website\"},\"breadcrumb\":{\"@id\":\"https:\\\/\\\/tabaccomd.com\\\/ro\\\/product\\\/tutun-pentru-pipa-robert-mcconnell-old-london-pebble-cut-100g\\\/#breadcrumblist\"},\"image\":{\"@type\":\"ImageObject\",\"url\":\"https:\\\/\\\/tabaccomd.com\\\/wp-content\\\/uploads\\\/2025\\\/11\\\/tutun-robert-mcconnell-old-london-pebble-cut-100g-0.jpg\",\"@id\":\"https:\\\/\\\/tabaccomd.com\\\/ro\\\/product\\\/tutun-pentru-pipa-robert-mcconnell-old-london-pebble-cut-100g\\\/#mainImage\",\"width\":1220,\"height\":1220,\"caption\":\"tutun-robert-mcconnell-old-london-pebble-cut-100g-0\"},\"primaryImageOfPage\":{\"@id\":\"https:\\\/\\\/tabaccomd.com\\\/ro\\\/product\\\/tutun-pentru-pipa-robert-mcconnell-old-london-pebble-cut-100g\\\/#mainImage\"},\"datePublished\":\"2025-11-25T16:00:00+03:00\",\"dateModified\":\"2025-11-25T18:55:11+03:00\"},{\"@type\":\"WebSite\",\"@id\":\"https:\\\/\\\/tabaccomd.com\\\/ro\\\/#website\",\"url\":\"https:\\\/\\\/tabaccomd.com\\\/ro\\\/\",\"name\":\"Tabacco House\",\"alternateName\":\"tobaccomd.com\",\"description\":\"\\u041c\\u0430\\u0433\\u0430\\u0437\\u0438\\u043d \\u0442\\u0430\\u0431\\u0430\\u0447\\u043d\\u044b\\u0445 \\u0438\\u0437\\u0434\\u0435\\u043b\\u0438\\u0439\",\"inLanguage\":\"ro-RO\",\"publisher\":{\"@id\":\"https:\\\/\\\/tabaccomd.com\\\/ro\\\/#organization\"}}]}\n\t\t<\/script>\n\t\t<!-- All in One SEO Pro -->\r\n\t\t<title>Tutun pentru pip\u0103 Robert McConnell Old London Pebble Cut 100g \u2013 Tabacco House<\/title>\n\n","aioseo_head_json":{"title":"Tutun pentru pip\u0103 Robert McConnell Old London Pebble Cut 100g \u2013 Tabacco House","description":"","canonical_url":"https:\/\/tabaccomd.com\/ro\/product\/tutun-pentru-pipa-robert-mcconnell-old-london-pebble-cut-100g\/","robots":"max-image-preview:large","keywords":"","webmasterTools":{"miscellaneous":""},"schema":{"@context":"https:\/\/schema.org","@graph":[{"@type":"BreadcrumbList","@id":"https:\/\/tabaccomd.com\/ro\/product\/tutun-pentru-pipa-robert-mcconnell-old-london-pebble-cut-100g\/#breadcrumblist","itemListElement":[{"@type":"ListItem","@id":"https:\/\/tabaccomd.com\/ro\/#listItem","position":1,"name":"\u0413\u043b\u0430\u0432\u043d\u0430\u044f","item":"https:\/\/tabaccomd.com\/ro\/","nextItem":{"@type":"ListItem","@id":"https:\/\/tabaccomd.com\/ro\/catalog\/#listItem","name":"Catalog"}},{"@type":"ListItem","@id":"https:\/\/tabaccomd.com\/ro\/catalog\/#listItem","position":2,"name":"Catalog","item":"https:\/\/tabaccomd.com\/ro\/catalog\/","nextItem":{"@type":"ListItem","@id":"https:\/\/tabaccomd.com\/ro\/product-category\/tutun\/#listItem","name":"Tutun"},"previousItem":{"@type":"ListItem","@id":"https:\/\/tabaccomd.com\/ro\/#listItem","name":"\u0413\u043b\u0430\u0432\u043d\u0430\u044f"}},{"@type":"ListItem","@id":"https:\/\/tabaccomd.com\/ro\/product-category\/tutun\/#listItem","position":3,"name":"Tutun","item":"https:\/\/tabaccomd.com\/ro\/product-category\/tutun\/","nextItem":{"@type":"ListItem","@id":"https:\/\/tabaccomd.com\/ro\/product-category\/tutun\/tutun-pentru-pipe\/#listItem","name":"Tutun pentru pip\u0103"},"previousItem":{"@type":"ListItem","@id":"https:\/\/tabaccomd.com\/ro\/catalog\/#listItem","name":"Catalog"}},{"@type":"ListItem","@id":"https:\/\/tabaccomd.com\/ro\/product-category\/tutun\/tutun-pentru-pipe\/#listItem","position":4,"name":"Tutun pentru pip\u0103","item":"https:\/\/tabaccomd.com\/ro\/product-category\/tutun\/tutun-pentru-pipe\/","nextItem":{"@type":"ListItem","@id":"https:\/\/tabaccomd.com\/ro\/product-category\/tutun\/tutun-pentru-pipe\/tutun-pentru-pipa-kohlhase-kopp\/#listItem","name":"Tutun pentru pip\u0103 Kohlhase &amp; Kopp"},"previousItem":{"@type":"ListItem","@id":"https:\/\/tabaccomd.com\/ro\/product-category\/tutun\/#listItem","name":"Tutun"}},{"@type":"ListItem","@id":"https:\/\/tabaccomd.com\/ro\/product-category\/tutun\/tutun-pentru-pipe\/tutun-pentru-pipa-kohlhase-kopp\/#listItem","position":5,"name":"Tutun pentru pip\u0103 Kohlhase &amp; Kopp","item":"https:\/\/tabaccomd.com\/ro\/product-category\/tutun\/tutun-pentru-pipe\/tutun-pentru-pipa-kohlhase-kopp\/","nextItem":{"@type":"ListItem","@id":"https:\/\/tabaccomd.com\/ro\/product\/tutun-pentru-pipa-robert-mcconnell-old-london-pebble-cut-100g\/#listItem","name":"Tutun pentru pip\u0103 Robert McConnell Old London Pebble Cut 100g"},"previousItem":{"@type":"ListItem","@id":"https:\/\/tabaccomd.com\/ro\/product-category\/tutun\/tutun-pentru-pipe\/#listItem","name":"Tutun pentru pip\u0103"}},{"@type":"ListItem","@id":"https:\/\/tabaccomd.com\/ro\/product\/tutun-pentru-pipa-robert-mcconnell-old-london-pebble-cut-100g\/#listItem","position":6,"name":"Tutun pentru pip\u0103 Robert McConnell Old London Pebble Cut 100g","previousItem":{"@type":"ListItem","@id":"https:\/\/tabaccomd.com\/ro\/product-category\/tutun\/tutun-pentru-pipe\/tutun-pentru-pipa-kohlhase-kopp\/#listItem","name":"Tutun pentru pip\u0103 Kohlhase &amp; Kopp"}}]},{"@type":"Organization","@id":"https:\/\/tabaccomd.com\/ro\/#organization","name":"Tabacco House","description":"\u041c\u0430\u0433\u0430\u0437\u0438\u043d \u0442\u0430\u0431\u0430\u0447\u043d\u044b\u0445 \u0438\u0437\u0434\u0435\u043b\u0438\u0439","url":"https:\/\/tabaccomd.com\/ro\/","email":"Office@cazacuhouse.com","telephone":"+37361000935","logo":{"@type":"ImageObject","url":"https:\/\/tabaccomd.com\/wp-content\/uploads\/2024\/02\/logo_header3.png","@id":"https:\/\/tabaccomd.com\/ro\/product\/tutun-pentru-pipa-robert-mcconnell-old-london-pebble-cut-100g\/#organizationLogo","width":32,"height":32,"caption":"Tabacco House"},"image":{"@id":"https:\/\/tabaccomd.com\/ro\/product\/tutun-pentru-pipa-robert-mcconnell-old-london-pebble-cut-100g\/#organizationLogo"},"sameAs":["https:\/\/www.facebook.com\/tabaccomd.com\/","https:\/\/www.instagram.com\/tabaccomd.com\/"],"address":{"@id":"https:\/\/tabaccomd.com\/ro\/#postaladdress","@type":"PostalAddress","streetAddress":"Strada Albi\u015foara 4, Chi\u0219in\u0103u, Bulevardul \u0218tefan cel Mare \u0219i Sf\u00eent 136, Chi\u0219in\u0103u","addressLocality":"Chi\u0219in\u0103u","addressCountry":"MD"}},{"@type":"Product","@id":"https:\/\/tabaccomd.com\/ro\/product\/tutun-pentru-pipa-robert-mcconnell-old-london-pebble-cut-100g\/#wooCommerceProduct","name":"Tutun pentru pip\u0103 Robert McConnell Old London Pebble Cut 100g","description":"Scop: Pentru pip\u0103\r\n \tGreutate: 50 de grame\r\n \t\u021aara produc\u0103torului: Germania\r\n \tProduc\u0103tor: Kohlhase &amp; Kopp\r\n \tT\u0103rie: Mediu spre tare\r\n \tT\u0103iere: Pebble Cut (amestec de buc\u0103\u021bi\/fulgi presa\u021bi)\r\n \tArom\u0103: Stafide, smochine, f\u00e2n, moliciunea u\u0219oar\u0103 \u0219i cremoas\u0103 a Cavendish \u0219i subtila iu\u021beal\u0103 a Perique","url":"https:\/\/tabaccomd.com\/ro\/product\/tutun-pentru-pipa-robert-mcconnell-old-london-pebble-cut-100g\/","sku":"MD1360020","image":{"@type":"ImageObject","url":"https:\/\/tabaccomd.com\/wp-content\/uploads\/2025\/11\/tutun-robert-mcconnell-old-london-pebble-cut-100g-0.jpg","@id":"https:\/\/tabaccomd.com\/ro\/product\/tutun-pentru-pipa-robert-mcconnell-old-london-pebble-cut-100g\/#productImage","width":1220,"height":1220,"caption":"tutun-robert-mcconnell-old-london-pebble-cut-100g-0"},"offers":{"@type":"Offer","url":"https:\/\/tabaccomd.com\/ro\/product\/tutun-pentru-pipa-robert-mcconnell-old-london-pebble-cut-100g\/#wooCommerceOffer","price":720,"priceCurrency":"MDL","category":"Tutun pentru pip\u0103 Kohlhase &amp; Kopp","availability":"https:\/\/schema.org\/InStock","priceSpecification":{"@type":"PriceSpecification","price":720,"priceCurrency":"MDL","valueAddedTaxIncluded":"true"},"seller":{"@type":"Organization","@id":"https:\/\/tabaccomd.com\/ro\/#organization"}}},{"@type":"WebPage","@id":"https:\/\/tabaccomd.com\/ro\/product\/tutun-pentru-pipa-robert-mcconnell-old-london-pebble-cut-100g\/#webpage","url":"https:\/\/tabaccomd.com\/ro\/product\/tutun-pentru-pipa-robert-mcconnell-old-london-pebble-cut-100g\/","name":"Tutun pentru pip\u0103 Robert McConnell Old London Pebble Cut 100g \u2013 Tabacco House","inLanguage":"ro-RO","isPartOf":{"@id":"https:\/\/tabaccomd.com\/ro\/#website"},"breadcrumb":{"@id":"https:\/\/tabaccomd.com\/ro\/product\/tutun-pentru-pipa-robert-mcconnell-old-london-pebble-cut-100g\/#breadcrumblist"},"image":{"@type":"ImageObject","url":"https:\/\/tabaccomd.com\/wp-content\/uploads\/2025\/11\/tutun-robert-mcconnell-old-london-pebble-cut-100g-0.jpg","@id":"https:\/\/tabaccomd.com\/ro\/product\/tutun-pentru-pipa-robert-mcconnell-old-london-pebble-cut-100g\/#mainImage","width":1220,"height":1220,"caption":"tutun-robert-mcconnell-old-london-pebble-cut-100g-0"},"primaryImageOfPage":{"@id":"https:\/\/tabaccomd.com\/ro\/product\/tutun-pentru-pipa-robert-mcconnell-old-london-pebble-cut-100g\/#mainImage"},"datePublished":"2025-11-25T16:00:00+03:00","dateModified":"2025-11-25T18:55:11+03:00"},{"@type":"WebSite","@id":"https:\/\/tabaccomd.com\/ro\/#website","url":"https:\/\/tabaccomd.com\/ro\/","name":"Tabacco House","alternateName":"tobaccomd.com","description":"\u041c\u0430\u0433\u0430\u0437\u0438\u043d \u0442\u0430\u0431\u0430\u0447\u043d\u044b\u0445 \u0438\u0437\u0434\u0435\u043b\u0438\u0439","inLanguage":"ro-RO","publisher":{"@id":"https:\/\/tabaccomd.com\/ro\/#organization"}}]},"og:locale":"ro_RO","og:site_name":"Tabacco House \u2013 \u041c\u0430\u0433\u0430\u0437\u0438\u043d \u0442\u0430\u0431\u0430\u0447\u043d\u044b\u0445 \u0438\u0437\u0434\u0435\u043b\u0438\u0439","og:type":"article","og:title":"Tutun pentru pip\u0103 Robert McConnell Old London Pebble Cut 100g \u2013 Tabacco House","og:url":"https:\/\/tabaccomd.com\/ro\/product\/tutun-pentru-pipa-robert-mcconnell-old-london-pebble-cut-100g\/","article:published_time":"2025-11-25T13:00:00+00:00","article:modified_time":"2025-11-25T15:55:11+00:00","article:publisher":"https:\/\/www.facebook.com\/tabaccomd.com\/","twitter:card":"summary_large_image","twitter:title":"Tutun pentru pip\u0103 Robert McConnell Old London Pebble Cut 100g \u2013 Tabacco House"},"aioseo_meta_data":{"post_id":"155411","title":null,"description":null,"keywords":null,"keyphrases":null,"primary_term":null,"canonical_url":null,"og_title":null,"og_description":null,"og_object_type":"default","og_image_type":"default","og_image_url":null,"og_image_width":null,"og_image_height":null,"og_image_custom_url":null,"og_image_custom_fields":null,"og_video":null,"og_custom_url":null,"og_article_section":null,"og_article_tags":null,"twitter_use_og":false,"twitter_card":"default","twitter_image_type":"default","twitter_image_url":null,"twitter_image_custom_url":null,"twitter_image_custom_fields":null,"twitter_title":null,"twitter_description":null,"schema":{"blockGraphs":[],"customGraphs":[],"default":{"data":{"Article":[],"Course":[],"Dataset":[],"FAQPage":[],"Movie":[],"Person":[],"Product":[],"ProductReview":[],"Car":[],"Recipe":[],"Service":[],"SoftwareApplication":[],"WebPage":[]},"graphName":"","isEnabled":true},"graphs":[]},"schema_type":"default","schema_type_options":null,"pillar_content":false,"robots_default":true,"robots_noindex":false,"robots_noarchive":false,"robots_nosnippet":false,"robots_nofollow":false,"robots_noimageindex":false,"robots_noodp":false,"robots_notranslate":false,"robots_max_snippet":null,"robots_max_videopreview":null,"robots_max_imagepreview":"large","priority":null,"frequency":null,"local_seo":null,"seo_analyzer_scan_date":"2025-11-25 16:07:01","breadcrumb_settings":null,"limit_modified_date":false,"reviewed_by":null,"open_ai":null,"ai":null,"created":"2025-11-25 13:42:46","updated":"2025-11-25 16:07:01"},"aioseo_breadcrumb":"<div class=\"aioseo-breadcrumbs\"><span class=\"aioseo-breadcrumb\">\n\t<a href=\"https:\/\/tabaccomd.com\/ro\/\" title=\"\u0413\u043b\u0430\u0432\u043d\u0430\u044f\">\u0413\u043b\u0430\u0432\u043d\u0430\u044f<\/a>\n<\/span><span class=\"aioseo-breadcrumb-separator\">\u00bb<\/span><span class=\"aioseo-breadcrumb\">\n\t<a href=\"https:\/\/tabaccomd.com\/ro\/catalog\/\" title=\"Catalog\">Catalog<\/a>\n<\/span><span class=\"aioseo-breadcrumb-separator\">\u00bb<\/span><span class=\"aioseo-breadcrumb\">\n\t<a href=\"https:\/\/tabaccomd.com\/ro\/product-category\/tutun\/\" title=\"Tutun\">Tutun<\/a>\n<\/span><span class=\"aioseo-breadcrumb-separator\">\u00bb<\/span><span class=\"aioseo-breadcrumb\">\n\t<a href=\"https:\/\/tabaccomd.com\/ro\/product-category\/tutun\/tutun-pentru-pipe\/\" title=\"Tutun pentru pip\u0103\">Tutun pentru pip\u0103<\/a>\n<\/span><span class=\"aioseo-breadcrumb-separator\">\u00bb<\/span><span class=\"aioseo-breadcrumb\">\n\t<a href=\"https:\/\/tabaccomd.com\/ro\/product-category\/tutun\/tutun-pentru-pipe\/tutun-pentru-pipa-kohlhase-kopp\/\" title=\"Tutun pentru pip\u0103 Kohlhase &amp; Kopp\">Tutun pentru pip\u0103 Kohlhase &amp; Kopp<\/a>\n<\/span><span class=\"aioseo-breadcrumb-separator\">\u00bb<\/span><span class=\"aioseo-breadcrumb\">\n\tTutun pentru pip\u0103 Robert McConnell Old London Pebble Cut 100g\n<\/span><\/div>","aioseo_breadcrumb_json":[{"label":"\u0413\u043b\u0430\u0432\u043d\u0430\u044f","link":"https:\/\/tabaccomd.com\/ro\/"},{"label":"Catalog","link":"https:\/\/tabaccomd.com\/ro\/catalog\/"},{"label":"Tutun","link":"https:\/\/tabaccomd.com\/ro\/product-category\/tutun\/"},{"label":"Tutun pentru pip\u0103","link":"https:\/\/tabaccomd.com\/ro\/product-category\/tutun\/tutun-pentru-pipe\/"},{"label":"Tutun pentru pip\u0103 Kohlhase &amp; Kopp","link":"https:\/\/tabaccomd.com\/ro\/product-category\/tutun\/tutun-pentru-pipe\/tutun-pentru-pipa-kohlhase-kopp\/"},{"label":"Tutun pentru pip\u0103 Robert McConnell Old London Pebble Cut 100g","link":"https:\/\/tabaccomd.com\/ro\/product\/tutun-pentru-pipa-robert-mcconnell-old-london-pebble-cut-100g\/"}],"images_for_1c":[{"url":"https:\/\/tabaccomd.com\/wp-content\/uploads\/2025\/11\/tutun-robert-mcconnell-old-london-pebble-cut-100g-0.jpg","type":"featured","alt":"tutun-robert-mcconnell-old-london-pebble-cut-100g-0","filename":"tutun-robert-mcconnell-old-london-pebble-cut-100g-0.jpg"},{"url":"https:\/\/tabaccomd.com\/wp-content\/uploads\/2025\/11\/tutun-robert-mcconnell-old-london-pebble-cut-100g.jpg","type":"gallery","alt":"tutun-robert-mcconnell-old-london-pebble-cut-100g","filename":"tutun-robert-mcconnell-old-london-pebble-cut-100g.jpg"}],"additional_data_1c":{"modified_date":"2025-11-25 18:55:11","permalink":"https:\/\/tabaccomd.com\/ro\/product\/tutun-pentru-pipa-robert-mcconnell-old-london-pebble-cut-100g\/","stock_status":"instock","manage_stock":"no"},"_links":{"self":[{"href":"https:\/\/tabaccomd.com\/ro\/wp-json\/wp\/v2\/product\/155411","targetHints":{"allow":["GET"]}}],"collection":[{"href":"https:\/\/tabaccomd.com\/ro\/wp-json\/wp\/v2\/product"}],"about":[{"href":"https:\/\/tabaccomd.com\/ro\/wp-json\/wp\/v2\/types\/product"}],"wp:featuredmedia":[{"embeddable":true,"href":"https:\/\/tabaccomd.com\/ro\/wp-json\/wp\/v2\/media\/155410"}],"wp:attachment":[{"href":"https:\/\/tabaccomd.com\/ro\/wp-json\/wp\/v2\/media?parent=155411"}],"wp:term":[{"taxonomy":"product_brand","embeddable":true,"href":"https:\/\/tabaccomd.com\/ro\/wp-json\/wp\/v2\/product_brand?post=155411"},{"taxonomy":"product_cat","embeddable":true,"href":"https:\/\/tabaccomd.com\/ro\/wp-json\/wp\/v2\/product_cat?post=155411"},{"taxonomy":"product_tag","embeddable":true,"href":"https:\/\/tabaccomd.com\/ro\/wp-json\/wp\/v2\/product_tag?post=155411"}],"curies":[{"name":"wp","href":"https:\/\/api.w.org\/{rel}","templated":true}]}}