{"id":155295,"date":"2025-11-18T11:10:10","date_gmt":"2025-11-18T08:10:10","guid":{"rendered":"https:\/\/tabaccomd.com\/product\/bricheta-de-gaz-easy-torch-8-popeye-in-asortiment-0201998\/"},"modified":"2025-11-25T11:36:19","modified_gmt":"2025-11-25T08:36:19","slug":"bricheta-de-gaz-easy-torch-8-popeye-in-asortiment-0201998","status":"publish","type":"product","link":"https:\/\/tabaccomd.com\/ro\/product\/bricheta-de-gaz-easy-torch-8-popeye-in-asortiment-0201998\/","title":{"rendered":"Brichet\u0103 de gaz Easy Torch 8 &#8222;Popeye&#8221; \u00een asortiment 0201998"},"content":{"rendered":"<p><a class=\"cursor-init\" href=\"https:\/\/tabaccomd.com\/ro\/product-category\/brichete\/brichete-de-gaz\/\">Bricheta de gaz<\/a> Easy Torch combin\u0103 confortul, materialele de \u00eenalt\u0103 calitate \u0219i func\u021bionalitatea atent\u0103, ceea ce o face un accesoriu indispensabil at\u00e2t pentru utilizarea zilnic\u0103, c\u00e2t \u0219i pentru c\u0103l\u0103torii. Fabricat\u0103 din plastic durabil, cu un finisaj moale \u0219i catifelat, se potrive\u0219te confortabil \u00een m\u00e2n\u0103 \u0219i rezist\u0103 la utilizare intensiv\u0103. Flac\u0103ra turbo puternic\u0103 asigur\u0103 aprinderea uniform\u0103 a trabucului pe \u00eentreaga circumferin\u021b\u0103, important\u0103 \u00een special pentru cei care pre\u021buiesc o aprindere constant\u0103 \u0219i constant\u0103. Disponibil\u0103 \u00een patru culori \u0219i modele elegante, bricheta se potrive\u0219te cu u\u0219urin\u021b\u0103 gustului sau stilului dumneavoastr\u0103. Dimensiunile sale compacte v\u0103 permit s\u0103 o transporta\u021bi oriunde: \u00een buzunar, \u00een geanta de c\u0103l\u0103torie sau \u00een cutia de trabucuri. Easy Torch este simplu \u0219i intuitiv de utilizat, fiabil\u0103 \u0219i durabil\u0103, f\u0103c\u00e2nd aprinderea o experien\u021b\u0103 confortabil\u0103 \u0219i pl\u0103cut\u0103 din punct de vedere estetic. Este un accesoriu func\u021bional \u0219i elegant, confortabil de \u021binut \u00een m\u00e2n\u0103 \u0219i \u0219i mai pl\u0103cut de utilizat.      <\/p>\n<p>Pute\u021bi achizi\u021biona bricheta cu gaz Easy Torch 8 &#8222;Popeye&#8221; \u00een asortiment 0201998 \u00een Moldova, Chi\u0219in\u0103u \u00een re\u021beaua de magazine Tabacco House.<\/p>\n","protected":false},"excerpt":{"rendered":"<ul>\n<li><strong>Pre\u021b indicat pentru 1 bucat\u0103<\/strong><\/li>\n<li class=\"tab-technical-name \">Culoare \u0219i design: \u00cen asortiment<\/li>\n<li class=\"tab-technical-name \">Flac\u0103r\u0103 turbo albastr\u0103<\/li>\n<li class=\"tab-technical-name \">Brand: Easy Torch, China<\/li>\n<li class=\"tab-technical-name \">Material: Plastic, silicon soft touch<\/li>\n<\/ul>\n","protected":false},"featured_media":155363,"template":"","meta":{"om_disable_all_campaigns":false,"_monsterinsights_skip_tracking":false,"_monsterinsights_sitenote_active":false,"_monsterinsights_sitenote_note":"","_monsterinsights_sitenote_category":0},"product_brand":[],"product_cat":[173],"product_tag":[],"class_list":{"0":"post-155295","1":"product","2":"type-product","3":"status-publish","4":"has-post-thumbnail","6":"product_cat-brichete-de-gaz","8":"first","9":"instock","10":"purchasable","11":"product-type-simple"},"aioseo_notices":[],"aioseo_head":"\n\t\t<!-- All in One SEO Pro 4.9.6.2 - aioseo.com -->\n\t<meta name=\"robots\" content=\"max-image-preview:large\" \/>\n\t<link rel=\"canonical\" href=\"https:\/\/tabaccomd.com\/ro\/product\/bricheta-de-gaz-easy-torch-8-popeye-in-asortiment-0201998\/\" \/>\n\t<meta name=\"generator\" content=\"All in One SEO Pro (AIOSEO) 4.9.6.2\" \/>\n\t\t<meta property=\"og:locale\" content=\"ro_RO\" \/>\n\t\t<meta property=\"og:site_name\" content=\"Tabacco House \u2013 \u041c\u0430\u0433\u0430\u0437\u0438\u043d \u0442\u0430\u0431\u0430\u0447\u043d\u044b\u0445 \u0438\u0437\u0434\u0435\u043b\u0438\u0439\" \/>\n\t\t<meta property=\"og:type\" content=\"article\" \/>\n\t\t<meta property=\"og:title\" content=\"Brichet\u0103 de gaz Easy Torch 8 \u201ePopeye\u201d \u00een asortiment 0201998 \u2013 Tabacco House\" \/>\n\t\t<meta property=\"og:url\" content=\"https:\/\/tabaccomd.com\/ro\/product\/bricheta-de-gaz-easy-torch-8-popeye-in-asortiment-0201998\/\" \/>\n\t\t<meta property=\"article:published_time\" content=\"2025-11-18T08:10:10+00:00\" \/>\n\t\t<meta property=\"article:modified_time\" content=\"2025-11-25T08:36:19+00:00\" \/>\n\t\t<meta property=\"article:publisher\" content=\"https:\/\/www.facebook.com\/tabaccomd.com\/\" \/>\n\t\t<meta name=\"twitter:card\" content=\"summary_large_image\" \/>\n\t\t<meta name=\"twitter:title\" content=\"Brichet\u0103 de gaz Easy Torch 8 \u201ePopeye\u201d \u00een asortiment 0201998 \u2013 Tabacco House\" \/>\n\t\t<script type=\"application\/ld+json\" class=\"aioseo-schema\">\n\t\t\t{\"@context\":\"https:\\\/\\\/schema.org\",\"@graph\":[{\"@type\":\"BreadcrumbList\",\"@id\":\"https:\\\/\\\/tabaccomd.com\\\/ro\\\/product\\\/bricheta-de-gaz-easy-torch-8-popeye-in-asortiment-0201998\\\/#breadcrumblist\",\"itemListElement\":[{\"@type\":\"ListItem\",\"@id\":\"https:\\\/\\\/tabaccomd.com\\\/ro\\\/#listItem\",\"position\":1,\"name\":\"\\u0413\\u043b\\u0430\\u0432\\u043d\\u0430\\u044f\",\"item\":\"https:\\\/\\\/tabaccomd.com\\\/ro\\\/\",\"nextItem\":{\"@type\":\"ListItem\",\"@id\":\"https:\\\/\\\/tabaccomd.com\\\/ro\\\/catalog\\\/#listItem\",\"name\":\"Catalog\"}},{\"@type\":\"ListItem\",\"@id\":\"https:\\\/\\\/tabaccomd.com\\\/ro\\\/catalog\\\/#listItem\",\"position\":2,\"name\":\"Catalog\",\"item\":\"https:\\\/\\\/tabaccomd.com\\\/ro\\\/catalog\\\/\",\"nextItem\":{\"@type\":\"ListItem\",\"@id\":\"https:\\\/\\\/tabaccomd.com\\\/ro\\\/product-category\\\/brichete\\\/#listItem\",\"name\":\"Brichete\"},\"previousItem\":{\"@type\":\"ListItem\",\"@id\":\"https:\\\/\\\/tabaccomd.com\\\/ro\\\/#listItem\",\"name\":\"\\u0413\\u043b\\u0430\\u0432\\u043d\\u0430\\u044f\"}},{\"@type\":\"ListItem\",\"@id\":\"https:\\\/\\\/tabaccomd.com\\\/ro\\\/product-category\\\/brichete\\\/#listItem\",\"position\":3,\"name\":\"Brichete\",\"item\":\"https:\\\/\\\/tabaccomd.com\\\/ro\\\/product-category\\\/brichete\\\/\",\"nextItem\":{\"@type\":\"ListItem\",\"@id\":\"https:\\\/\\\/tabaccomd.com\\\/ro\\\/product-category\\\/brichete\\\/brichete-de-gaz\\\/#listItem\",\"name\":\"Brichete de gaz\"},\"previousItem\":{\"@type\":\"ListItem\",\"@id\":\"https:\\\/\\\/tabaccomd.com\\\/ro\\\/catalog\\\/#listItem\",\"name\":\"Catalog\"}},{\"@type\":\"ListItem\",\"@id\":\"https:\\\/\\\/tabaccomd.com\\\/ro\\\/product-category\\\/brichete\\\/brichete-de-gaz\\\/#listItem\",\"position\":4,\"name\":\"Brichete de gaz\",\"item\":\"https:\\\/\\\/tabaccomd.com\\\/ro\\\/product-category\\\/brichete\\\/brichete-de-gaz\\\/\",\"nextItem\":{\"@type\":\"ListItem\",\"@id\":\"https:\\\/\\\/tabaccomd.com\\\/ro\\\/product\\\/bricheta-de-gaz-easy-torch-8-popeye-in-asortiment-0201998\\\/#listItem\",\"name\":\"Brichet\\u0103 de gaz Easy Torch 8 &#8222;Popeye&#8221; \\u00een asortiment 0201998\"},\"previousItem\":{\"@type\":\"ListItem\",\"@id\":\"https:\\\/\\\/tabaccomd.com\\\/ro\\\/product-category\\\/brichete\\\/#listItem\",\"name\":\"Brichete\"}},{\"@type\":\"ListItem\",\"@id\":\"https:\\\/\\\/tabaccomd.com\\\/ro\\\/product\\\/bricheta-de-gaz-easy-torch-8-popeye-in-asortiment-0201998\\\/#listItem\",\"position\":5,\"name\":\"Brichet\\u0103 de gaz Easy Torch 8 &#8222;Popeye&#8221; \\u00een asortiment 0201998\",\"previousItem\":{\"@type\":\"ListItem\",\"@id\":\"https:\\\/\\\/tabaccomd.com\\\/ro\\\/product-category\\\/brichete\\\/brichete-de-gaz\\\/#listItem\",\"name\":\"Brichete de gaz\"}}]},{\"@type\":\"Organization\",\"@id\":\"https:\\\/\\\/tabaccomd.com\\\/ro\\\/#organization\",\"name\":\"Tabacco House\",\"description\":\"\\u041c\\u0430\\u0433\\u0430\\u0437\\u0438\\u043d \\u0442\\u0430\\u0431\\u0430\\u0447\\u043d\\u044b\\u0445 \\u0438\\u0437\\u0434\\u0435\\u043b\\u0438\\u0439\",\"url\":\"https:\\\/\\\/tabaccomd.com\\\/ro\\\/\",\"email\":\"Office@cazacuhouse.com\",\"telephone\":\"+37361000935\",\"logo\":{\"@type\":\"ImageObject\",\"url\":\"https:\\\/\\\/tabaccomd.com\\\/wp-content\\\/uploads\\\/2024\\\/02\\\/logo_header3.png\",\"@id\":\"https:\\\/\\\/tabaccomd.com\\\/ro\\\/product\\\/bricheta-de-gaz-easy-torch-8-popeye-in-asortiment-0201998\\\/#organizationLogo\",\"width\":32,\"height\":32,\"caption\":\"Tabacco House\"},\"image\":{\"@id\":\"https:\\\/\\\/tabaccomd.com\\\/ro\\\/product\\\/bricheta-de-gaz-easy-torch-8-popeye-in-asortiment-0201998\\\/#organizationLogo\"},\"sameAs\":[\"https:\\\/\\\/www.facebook.com\\\/tabaccomd.com\\\/\",\"https:\\\/\\\/www.instagram.com\\\/tabaccomd.com\\\/\"],\"address\":{\"@id\":\"https:\\\/\\\/tabaccomd.com\\\/ro\\\/#postaladdress\",\"@type\":\"PostalAddress\",\"streetAddress\":\"Strada Albi\\u015foara 4, Chi\\u0219in\\u0103u, Bulevardul \\u0218tefan cel Mare \\u0219i Sf\\u00eent 136, Chi\\u0219in\\u0103u\",\"addressLocality\":\"Chi\\u0219in\\u0103u\",\"addressCountry\":\"MD\"}},{\"@type\":\"Product\",\"@id\":\"https:\\\/\\\/tabaccomd.com\\\/ro\\\/product\\\/bricheta-de-gaz-easy-torch-8-popeye-in-asortiment-0201998\\\/#wooCommerceProduct\",\"name\":\"Brichet\\u0103 de gaz Easy Torch 8 \\\"Popeye\\\" \\u00een asortiment 0201998\",\"description\":\"Pre\\u021b indicat pentru 1 bucat\\u0103\\r\\n \\tCuloare \\u0219i design: \\u00cen asortiment\\r\\n \\tFlac\\u0103r\\u0103 turbo albastr\\u0103\\r\\n \\tBrand: Easy Torch, China\\r\\n \\tMaterial: Plastic, silicon soft touch\",\"url\":\"https:\\\/\\\/tabaccomd.com\\\/ro\\\/product\\\/bricheta-de-gaz-easy-torch-8-popeye-in-asortiment-0201998\\\/\",\"sku\":\"0201998\",\"image\":{\"@type\":\"ImageObject\",\"url\":\"https:\\\/\\\/tabaccomd.com\\\/wp-content\\\/uploads\\\/2025\\\/11\\\/bricheta-easy-torch-popeye-0201998-7.jpg\",\"@id\":\"https:\\\/\\\/tabaccomd.com\\\/ro\\\/product\\\/bricheta-de-gaz-easy-torch-8-popeye-in-asortiment-0201998\\\/#productImage\",\"width\":1200,\"height\":1200,\"caption\":\"bricheta-easy-torch-popeye-0201998-7\"},\"offers\":{\"@type\":\"Offer\",\"url\":\"https:\\\/\\\/tabaccomd.com\\\/ro\\\/product\\\/bricheta-de-gaz-easy-torch-8-popeye-in-asortiment-0201998\\\/#wooCommerceOffer\",\"price\":75,\"priceCurrency\":\"MDL\",\"category\":\"Brichete de gaz\",\"availability\":\"https:\\\/\\\/schema.org\\\/InStock\",\"priceSpecification\":{\"@type\":\"PriceSpecification\",\"price\":75,\"priceCurrency\":\"MDL\",\"valueAddedTaxIncluded\":\"true\"},\"seller\":{\"@type\":\"Organization\",\"@id\":\"https:\\\/\\\/tabaccomd.com\\\/ro\\\/#organization\"}}},{\"@type\":\"WebPage\",\"@id\":\"https:\\\/\\\/tabaccomd.com\\\/ro\\\/product\\\/bricheta-de-gaz-easy-torch-8-popeye-in-asortiment-0201998\\\/#webpage\",\"url\":\"https:\\\/\\\/tabaccomd.com\\\/ro\\\/product\\\/bricheta-de-gaz-easy-torch-8-popeye-in-asortiment-0201998\\\/\",\"name\":\"Brichet\\u0103 de gaz Easy Torch 8 \\u201ePopeye\\u201d \\u00een asortiment 0201998 \\u2013 Tabacco House\",\"inLanguage\":\"ro-RO\",\"isPartOf\":{\"@id\":\"https:\\\/\\\/tabaccomd.com\\\/ro\\\/#website\"},\"breadcrumb\":{\"@id\":\"https:\\\/\\\/tabaccomd.com\\\/ro\\\/product\\\/bricheta-de-gaz-easy-torch-8-popeye-in-asortiment-0201998\\\/#breadcrumblist\"},\"image\":{\"@type\":\"ImageObject\",\"url\":\"https:\\\/\\\/tabaccomd.com\\\/wp-content\\\/uploads\\\/2025\\\/11\\\/bricheta-easy-torch-popeye-0201998-7.jpg\",\"@id\":\"https:\\\/\\\/tabaccomd.com\\\/ro\\\/product\\\/bricheta-de-gaz-easy-torch-8-popeye-in-asortiment-0201998\\\/#mainImage\",\"width\":1200,\"height\":1200,\"caption\":\"bricheta-easy-torch-popeye-0201998-7\"},\"primaryImageOfPage\":{\"@id\":\"https:\\\/\\\/tabaccomd.com\\\/ro\\\/product\\\/bricheta-de-gaz-easy-torch-8-popeye-in-asortiment-0201998\\\/#mainImage\"},\"datePublished\":\"2025-11-18T11:10:10+03:00\",\"dateModified\":\"2025-11-25T11:36:19+03:00\"},{\"@type\":\"WebSite\",\"@id\":\"https:\\\/\\\/tabaccomd.com\\\/ro\\\/#website\",\"url\":\"https:\\\/\\\/tabaccomd.com\\\/ro\\\/\",\"name\":\"Tabacco House\",\"alternateName\":\"tobaccomd.com\",\"description\":\"\\u041c\\u0430\\u0433\\u0430\\u0437\\u0438\\u043d \\u0442\\u0430\\u0431\\u0430\\u0447\\u043d\\u044b\\u0445 \\u0438\\u0437\\u0434\\u0435\\u043b\\u0438\\u0439\",\"inLanguage\":\"ro-RO\",\"publisher\":{\"@id\":\"https:\\\/\\\/tabaccomd.com\\\/ro\\\/#organization\"}}]}\n\t\t<\/script>\n\t\t<!-- All in One SEO Pro -->\r\n\t\t<title>Brichet\u0103 de gaz Easy Torch 8 \u201ePopeye\u201d \u00een asortiment 0201998 \u2013 Tabacco House<\/title>\n\n","aioseo_head_json":{"title":"Brichet\u0103 de gaz Easy Torch 8 \u201ePopeye\u201d \u00een asortiment 0201998 \u2013 Tabacco House","description":"","canonical_url":"https:\/\/tabaccomd.com\/ro\/product\/bricheta-de-gaz-easy-torch-8-popeye-in-asortiment-0201998\/","robots":"max-image-preview:large","keywords":"","webmasterTools":{"miscellaneous":""},"schema":{"@context":"https:\/\/schema.org","@graph":[{"@type":"BreadcrumbList","@id":"https:\/\/tabaccomd.com\/ro\/product\/bricheta-de-gaz-easy-torch-8-popeye-in-asortiment-0201998\/#breadcrumblist","itemListElement":[{"@type":"ListItem","@id":"https:\/\/tabaccomd.com\/ro\/#listItem","position":1,"name":"\u0413\u043b\u0430\u0432\u043d\u0430\u044f","item":"https:\/\/tabaccomd.com\/ro\/","nextItem":{"@type":"ListItem","@id":"https:\/\/tabaccomd.com\/ro\/catalog\/#listItem","name":"Catalog"}},{"@type":"ListItem","@id":"https:\/\/tabaccomd.com\/ro\/catalog\/#listItem","position":2,"name":"Catalog","item":"https:\/\/tabaccomd.com\/ro\/catalog\/","nextItem":{"@type":"ListItem","@id":"https:\/\/tabaccomd.com\/ro\/product-category\/brichete\/#listItem","name":"Brichete"},"previousItem":{"@type":"ListItem","@id":"https:\/\/tabaccomd.com\/ro\/#listItem","name":"\u0413\u043b\u0430\u0432\u043d\u0430\u044f"}},{"@type":"ListItem","@id":"https:\/\/tabaccomd.com\/ro\/product-category\/brichete\/#listItem","position":3,"name":"Brichete","item":"https:\/\/tabaccomd.com\/ro\/product-category\/brichete\/","nextItem":{"@type":"ListItem","@id":"https:\/\/tabaccomd.com\/ro\/product-category\/brichete\/brichete-de-gaz\/#listItem","name":"Brichete de gaz"},"previousItem":{"@type":"ListItem","@id":"https:\/\/tabaccomd.com\/ro\/catalog\/#listItem","name":"Catalog"}},{"@type":"ListItem","@id":"https:\/\/tabaccomd.com\/ro\/product-category\/brichete\/brichete-de-gaz\/#listItem","position":4,"name":"Brichete de gaz","item":"https:\/\/tabaccomd.com\/ro\/product-category\/brichete\/brichete-de-gaz\/","nextItem":{"@type":"ListItem","@id":"https:\/\/tabaccomd.com\/ro\/product\/bricheta-de-gaz-easy-torch-8-popeye-in-asortiment-0201998\/#listItem","name":"Brichet\u0103 de gaz Easy Torch 8 &#8222;Popeye&#8221; \u00een asortiment 0201998"},"previousItem":{"@type":"ListItem","@id":"https:\/\/tabaccomd.com\/ro\/product-category\/brichete\/#listItem","name":"Brichete"}},{"@type":"ListItem","@id":"https:\/\/tabaccomd.com\/ro\/product\/bricheta-de-gaz-easy-torch-8-popeye-in-asortiment-0201998\/#listItem","position":5,"name":"Brichet\u0103 de gaz Easy Torch 8 &#8222;Popeye&#8221; \u00een asortiment 0201998","previousItem":{"@type":"ListItem","@id":"https:\/\/tabaccomd.com\/ro\/product-category\/brichete\/brichete-de-gaz\/#listItem","name":"Brichete de gaz"}}]},{"@type":"Organization","@id":"https:\/\/tabaccomd.com\/ro\/#organization","name":"Tabacco House","description":"\u041c\u0430\u0433\u0430\u0437\u0438\u043d \u0442\u0430\u0431\u0430\u0447\u043d\u044b\u0445 \u0438\u0437\u0434\u0435\u043b\u0438\u0439","url":"https:\/\/tabaccomd.com\/ro\/","email":"Office@cazacuhouse.com","telephone":"+37361000935","logo":{"@type":"ImageObject","url":"https:\/\/tabaccomd.com\/wp-content\/uploads\/2024\/02\/logo_header3.png","@id":"https:\/\/tabaccomd.com\/ro\/product\/bricheta-de-gaz-easy-torch-8-popeye-in-asortiment-0201998\/#organizationLogo","width":32,"height":32,"caption":"Tabacco House"},"image":{"@id":"https:\/\/tabaccomd.com\/ro\/product\/bricheta-de-gaz-easy-torch-8-popeye-in-asortiment-0201998\/#organizationLogo"},"sameAs":["https:\/\/www.facebook.com\/tabaccomd.com\/","https:\/\/www.instagram.com\/tabaccomd.com\/"],"address":{"@id":"https:\/\/tabaccomd.com\/ro\/#postaladdress","@type":"PostalAddress","streetAddress":"Strada Albi\u015foara 4, Chi\u0219in\u0103u, Bulevardul \u0218tefan cel Mare \u0219i Sf\u00eent 136, Chi\u0219in\u0103u","addressLocality":"Chi\u0219in\u0103u","addressCountry":"MD"}},{"@type":"Product","@id":"https:\/\/tabaccomd.com\/ro\/product\/bricheta-de-gaz-easy-torch-8-popeye-in-asortiment-0201998\/#wooCommerceProduct","name":"Brichet\u0103 de gaz Easy Torch 8 \"Popeye\" \u00een asortiment 0201998","description":"Pre\u021b indicat pentru 1 bucat\u0103\r\n \tCuloare \u0219i design: \u00cen asortiment\r\n \tFlac\u0103r\u0103 turbo albastr\u0103\r\n \tBrand: Easy Torch, China\r\n \tMaterial: Plastic, silicon soft touch","url":"https:\/\/tabaccomd.com\/ro\/product\/bricheta-de-gaz-easy-torch-8-popeye-in-asortiment-0201998\/","sku":"0201998","image":{"@type":"ImageObject","url":"https:\/\/tabaccomd.com\/wp-content\/uploads\/2025\/11\/bricheta-easy-torch-popeye-0201998-7.jpg","@id":"https:\/\/tabaccomd.com\/ro\/product\/bricheta-de-gaz-easy-torch-8-popeye-in-asortiment-0201998\/#productImage","width":1200,"height":1200,"caption":"bricheta-easy-torch-popeye-0201998-7"},"offers":{"@type":"Offer","url":"https:\/\/tabaccomd.com\/ro\/product\/bricheta-de-gaz-easy-torch-8-popeye-in-asortiment-0201998\/#wooCommerceOffer","price":75,"priceCurrency":"MDL","category":"Brichete de gaz","availability":"https:\/\/schema.org\/InStock","priceSpecification":{"@type":"PriceSpecification","price":75,"priceCurrency":"MDL","valueAddedTaxIncluded":"true"},"seller":{"@type":"Organization","@id":"https:\/\/tabaccomd.com\/ro\/#organization"}}},{"@type":"WebPage","@id":"https:\/\/tabaccomd.com\/ro\/product\/bricheta-de-gaz-easy-torch-8-popeye-in-asortiment-0201998\/#webpage","url":"https:\/\/tabaccomd.com\/ro\/product\/bricheta-de-gaz-easy-torch-8-popeye-in-asortiment-0201998\/","name":"Brichet\u0103 de gaz Easy Torch 8 \u201ePopeye\u201d \u00een asortiment 0201998 \u2013 Tabacco House","inLanguage":"ro-RO","isPartOf":{"@id":"https:\/\/tabaccomd.com\/ro\/#website"},"breadcrumb":{"@id":"https:\/\/tabaccomd.com\/ro\/product\/bricheta-de-gaz-easy-torch-8-popeye-in-asortiment-0201998\/#breadcrumblist"},"image":{"@type":"ImageObject","url":"https:\/\/tabaccomd.com\/wp-content\/uploads\/2025\/11\/bricheta-easy-torch-popeye-0201998-7.jpg","@id":"https:\/\/tabaccomd.com\/ro\/product\/bricheta-de-gaz-easy-torch-8-popeye-in-asortiment-0201998\/#mainImage","width":1200,"height":1200,"caption":"bricheta-easy-torch-popeye-0201998-7"},"primaryImageOfPage":{"@id":"https:\/\/tabaccomd.com\/ro\/product\/bricheta-de-gaz-easy-torch-8-popeye-in-asortiment-0201998\/#mainImage"},"datePublished":"2025-11-18T11:10:10+03:00","dateModified":"2025-11-25T11:36:19+03:00"},{"@type":"WebSite","@id":"https:\/\/tabaccomd.com\/ro\/#website","url":"https:\/\/tabaccomd.com\/ro\/","name":"Tabacco House","alternateName":"tobaccomd.com","description":"\u041c\u0430\u0433\u0430\u0437\u0438\u043d \u0442\u0430\u0431\u0430\u0447\u043d\u044b\u0445 \u0438\u0437\u0434\u0435\u043b\u0438\u0439","inLanguage":"ro-RO","publisher":{"@id":"https:\/\/tabaccomd.com\/ro\/#organization"}}]},"og:locale":"ro_RO","og:site_name":"Tabacco House \u2013 \u041c\u0430\u0433\u0430\u0437\u0438\u043d \u0442\u0430\u0431\u0430\u0447\u043d\u044b\u0445 \u0438\u0437\u0434\u0435\u043b\u0438\u0439","og:type":"article","og:title":"Brichet\u0103 de gaz Easy Torch 8 \u201ePopeye\u201d \u00een asortiment 0201998 \u2013 Tabacco House","og:url":"https:\/\/tabaccomd.com\/ro\/product\/bricheta-de-gaz-easy-torch-8-popeye-in-asortiment-0201998\/","article:published_time":"2025-11-18T08:10:10+00:00","article:modified_time":"2025-11-25T08:36:19+00:00","article:publisher":"https:\/\/www.facebook.com\/tabaccomd.com\/","twitter:card":"summary_large_image","twitter:title":"Brichet\u0103 de gaz Easy Torch 8 \u201ePopeye\u201d \u00een asortiment 0201998 \u2013 Tabacco House"},"aioseo_meta_data":{"post_id":"155295","title":null,"description":null,"keywords":null,"keyphrases":{"focus":{"keyphrase":"","score":0,"analysis":{"keyphraseInTitle":{"score":0,"maxScore":9,"error":1}}},"additional":[]},"primary_term":null,"canonical_url":null,"og_title":null,"og_description":null,"og_object_type":"default","og_image_type":"default","og_image_url":null,"og_image_width":null,"og_image_height":null,"og_image_custom_url":null,"og_image_custom_fields":null,"og_video":"","og_custom_url":null,"og_article_section":null,"og_article_tags":null,"twitter_use_og":false,"twitter_card":"default","twitter_image_type":"default","twitter_image_url":null,"twitter_image_custom_url":null,"twitter_image_custom_fields":null,"twitter_title":null,"twitter_description":null,"schema":{"blockGraphs":[],"customGraphs":[],"default":{"data":{"Article":[],"Course":[],"Dataset":[],"FAQPage":[],"Movie":[],"Person":[],"Product":[],"ProductReview":[],"Car":[],"Recipe":[],"Service":[],"SoftwareApplication":[],"WebPage":[]},"graphName":"Product","isEnabled":true},"graphs":[]},"schema_type":"default","schema_type_options":null,"pillar_content":false,"robots_default":true,"robots_noindex":false,"robots_noarchive":false,"robots_nosnippet":false,"robots_nofollow":false,"robots_noimageindex":false,"robots_noodp":false,"robots_notranslate":false,"robots_max_snippet":"-1","robots_max_videopreview":"-1","robots_max_imagepreview":"large","priority":null,"frequency":"default","local_seo":null,"seo_analyzer_scan_date":"2025-11-25 08:51:03","breadcrumb_settings":null,"limit_modified_date":false,"reviewed_by":null,"open_ai":null,"ai":{"faqs":[],"keyPoints":[],"titles":[],"descriptions":[],"socialPosts":{"email":[],"linkedin":[],"twitter":[],"facebook":[],"instagram":[]}},"created":"2025-11-18 10:29:23","updated":"2025-11-25 08:51:03"},"aioseo_breadcrumb":"<div class=\"aioseo-breadcrumbs\"><span class=\"aioseo-breadcrumb\">\n\t<a href=\"https:\/\/tabaccomd.com\/ro\/\" title=\"\u0413\u043b\u0430\u0432\u043d\u0430\u044f\">\u0413\u043b\u0430\u0432\u043d\u0430\u044f<\/a>\n<\/span><span class=\"aioseo-breadcrumb-separator\">\u00bb<\/span><span class=\"aioseo-breadcrumb\">\n\t<a href=\"https:\/\/tabaccomd.com\/ro\/catalog\/\" title=\"Catalog\">Catalog<\/a>\n<\/span><span class=\"aioseo-breadcrumb-separator\">\u00bb<\/span><span class=\"aioseo-breadcrumb\">\n\t<a href=\"https:\/\/tabaccomd.com\/ro\/product-category\/brichete\/\" title=\"Brichete\">Brichete<\/a>\n<\/span><span class=\"aioseo-breadcrumb-separator\">\u00bb<\/span><span class=\"aioseo-breadcrumb\">\n\t<a href=\"https:\/\/tabaccomd.com\/ro\/product-category\/brichete\/brichete-de-gaz\/\" title=\"Brichete de gaz\">Brichete de gaz<\/a>\n<\/span><span class=\"aioseo-breadcrumb-separator\">\u00bb<\/span><span class=\"aioseo-breadcrumb\">\n\tBrichet\u0103 de gaz Easy Torch 8 \u201ePopeye\u201d \u00een asortiment 0201998\n<\/span><\/div>","aioseo_breadcrumb_json":[{"label":"\u0413\u043b\u0430\u0432\u043d\u0430\u044f","link":"https:\/\/tabaccomd.com\/ro\/"},{"label":"Catalog","link":"https:\/\/tabaccomd.com\/ro\/catalog\/"},{"label":"Brichete","link":"https:\/\/tabaccomd.com\/ro\/product-category\/brichete\/"},{"label":"Brichete de gaz","link":"https:\/\/tabaccomd.com\/ro\/product-category\/brichete\/brichete-de-gaz\/"},{"label":"Brichet\u0103 de gaz Easy Torch 8 &#8222;Popeye&#8221; \u00een asortiment 0201998","link":"https:\/\/tabaccomd.com\/ro\/product\/bricheta-de-gaz-easy-torch-8-popeye-in-asortiment-0201998\/"}],"images_for_1c":[{"url":"https:\/\/tabaccomd.com\/wp-content\/uploads\/2025\/11\/bricheta-easy-torch-popeye-0201998-7.jpg","type":"featured","alt":"bricheta-easy-torch-popeye-0201998-7","filename":"bricheta-easy-torch-popeye-0201998-7.jpg"},{"url":"https:\/\/tabaccomd.com\/wp-content\/uploads\/2025\/03\/bricheta-easy-torch-popeye-0201998-1.jpg","type":"gallery","alt":"bricheta-easy-torch-popeye-0201998-1","filename":"bricheta-easy-torch-popeye-0201998-1.jpg"},{"url":"https:\/\/tabaccomd.com\/wp-content\/uploads\/2025\/03\/bricheta-easy-torch-popeye-0201998.jpg","type":"gallery","alt":"bricheta-easy-torch-popeye-0201998","filename":"bricheta-easy-torch-popeye-0201998.jpg"}],"additional_data_1c":{"modified_date":"2025-11-25 11:36:19","permalink":"https:\/\/tabaccomd.com\/ro\/product\/bricheta-de-gaz-easy-torch-8-popeye-in-asortiment-0201998\/","stock_status":"instock","manage_stock":"no"},"_links":{"self":[{"href":"https:\/\/tabaccomd.com\/ro\/wp-json\/wp\/v2\/product\/155295","targetHints":{"allow":["GET"]}}],"collection":[{"href":"https:\/\/tabaccomd.com\/ro\/wp-json\/wp\/v2\/product"}],"about":[{"href":"https:\/\/tabaccomd.com\/ro\/wp-json\/wp\/v2\/types\/product"}],"wp:featuredmedia":[{"embeddable":true,"href":"https:\/\/tabaccomd.com\/ro\/wp-json\/wp\/v2\/media\/155363"}],"wp:attachment":[{"href":"https:\/\/tabaccomd.com\/ro\/wp-json\/wp\/v2\/media?parent=155295"}],"wp:term":[{"taxonomy":"product_brand","embeddable":true,"href":"https:\/\/tabaccomd.com\/ro\/wp-json\/wp\/v2\/product_brand?post=155295"},{"taxonomy":"product_cat","embeddable":true,"href":"https:\/\/tabaccomd.com\/ro\/wp-json\/wp\/v2\/product_cat?post=155295"},{"taxonomy":"product_tag","embeddable":true,"href":"https:\/\/tabaccomd.com\/ro\/wp-json\/wp\/v2\/product_tag?post=155295"}],"curies":[{"name":"wp","href":"https:\/\/api.w.org\/{rel}","templated":true}]}}