{"id":155149,"date":"2025-10-31T15:00:52","date_gmt":"2025-10-31T12:00:52","guid":{"rendered":"https:\/\/tabaccomd.com\/product\/vin-spumant-villa-sandi-prosecco-frizzante-di-valdobbiadene-doc-dry-075l\/"},"modified":"2025-11-10T17:26:36","modified_gmt":"2025-11-10T14:26:36","slug":"vin-spumant-villa-sandi-prosecco-frizzante-di-valdobbiadene-doc-dry-075l","status":"publish","type":"product","link":"https:\/\/tabaccomd.com\/ro\/product\/vin-spumant-villa-sandi-prosecco-frizzante-di-valdobbiadene-doc-dry-075l\/","title":{"rendered":"Vin spumant Villa Sandi Prosecco Frizzante di Valdobbiadene DOC Dry 0,75l"},"content":{"rendered":"<p>Villa Sandi Prosecco Frizzante di Valdobbiadene DOC Dry este un <a href=\"https:\/\/tabaccomd.com\/ro\/product-category\/alcool-2\/igristoe-vino\/\">vin spumant<\/a> italian rafinat care \u00eentruchipeaz\u0103 elegan\u021ba \u0219i tradi\u021biile vinicole ale regiunii Valdobbiadene, situat\u0103 \u00een inima regiunii Veneto. Produs de renumita cram\u0103 Villa Sandi, renumit\u0103 pentru Prosecco-urile sale rafinate \u0219i vinurile de \u00eenalt\u0103 calitate, create cu respect pentru natur\u0103 \u0219i tradi\u021bii seculare. Acest vin este ob\u021binut din struguri Glera selecta\u021bi, cule\u0219i manual pe dealurile din Valdobbiadene O fermenta\u021bie secundar\u0103 bl\u00e2nd\u0103 (metoda Charmat) confer\u0103 vinului o str\u0103lucire u\u0219oar\u0103 \u0219i r\u0103coritoare \u0219i o arom\u0103 armonioas\u0103. Villa Sandi Prosecco Frizzante are o culoare deschis\u0103 ca spicul de gr\u00e2u, cu accente delicate de verdea\u021b\u0103. Aroma este dominat\u0103 de note proaspete de m\u0103r verde, par\u0103, flori albe \u0219i citrice u\u0219oare. Gustul este rafinat \u0219i echilibrat, cu o dulcea\u021b\u0103 moale, fructat\u0103 \u0219i o aciditate r\u0103coritoare. Acest Prosecco este perfect ca aperitiv \u0219i se potrive\u0219te perfect cu m\u00e2nc\u0103ruri u\u0219oare, fructe de mare, fructe \u0219i deserturi.<\/p>\n<p>Pute\u021bi achizi\u021biona vinul spumant Villa Sandi Prosecco Frizzante di Valdobbiadene DOC Dry 0,75l \u00een Moldova, Chi\u0219in\u0103u \u00een re\u021beaua de magazine Tabacco House.<\/p>\n","protected":false},"excerpt":{"rendered":"<ul>\n<li>\u021aara produc\u0103torului: Regiunea Veneto, Italia<\/li>\n<li>Produc\u0103tor: Villa Sandi<\/li>\n<li>Tip: Vin spumant, alb sec<\/li>\n<li>T\u0103rie: 10,5%<\/li>\n<li>Volum: 0,75l<\/li>\n<\/ul>\n","protected":false},"featured_media":155147,"template":"","meta":{"om_disable_all_campaigns":false,"_monsterinsights_skip_tracking":false,"_monsterinsights_sitenote_active":false,"_monsterinsights_sitenote_note":"","_monsterinsights_sitenote_category":0},"product_brand":[],"product_cat":[226],"product_tag":[],"class_list":{"0":"post-155149","1":"product","2":"type-product","3":"status-publish","4":"has-post-thumbnail","6":"product_cat-igristoe-vino","8":"first","9":"instock","10":"purchasable","11":"product-type-simple"},"aioseo_notices":[],"aioseo_head":"\n\t\t<!-- All in One SEO Pro 4.9.6.2 - aioseo.com -->\n\t<meta name=\"robots\" content=\"max-image-preview:large\" \/>\n\t<link rel=\"canonical\" href=\"https:\/\/tabaccomd.com\/ro\/product\/vin-spumant-villa-sandi-prosecco-frizzante-di-valdobbiadene-doc-dry-075l\/\" \/>\n\t<meta name=\"generator\" content=\"All in One SEO Pro (AIOSEO) 4.9.6.2\" \/>\n\t\t<meta property=\"og:locale\" content=\"ro_RO\" \/>\n\t\t<meta property=\"og:site_name\" content=\"Tabacco House \u2013 \u041c\u0430\u0433\u0430\u0437\u0438\u043d \u0442\u0430\u0431\u0430\u0447\u043d\u044b\u0445 \u0438\u0437\u0434\u0435\u043b\u0438\u0439\" \/>\n\t\t<meta property=\"og:type\" content=\"article\" \/>\n\t\t<meta property=\"og:title\" content=\"Vin spumant Villa Sandi Prosecco Frizzante di Valdobbiadene DOC Dry 0,75l \u2013 Tabacco House\" \/>\n\t\t<meta property=\"og:url\" content=\"https:\/\/tabaccomd.com\/ro\/product\/vin-spumant-villa-sandi-prosecco-frizzante-di-valdobbiadene-doc-dry-075l\/\" \/>\n\t\t<meta property=\"article:published_time\" content=\"2025-10-31T12:00:52+00:00\" \/>\n\t\t<meta property=\"article:modified_time\" content=\"2025-11-10T14:26:36+00:00\" \/>\n\t\t<meta property=\"article:publisher\" content=\"https:\/\/www.facebook.com\/tabaccomd.com\/\" \/>\n\t\t<meta name=\"twitter:card\" content=\"summary_large_image\" \/>\n\t\t<meta name=\"twitter:title\" content=\"Vin spumant Villa Sandi Prosecco Frizzante di Valdobbiadene DOC Dry 0,75l \u2013 Tabacco House\" \/>\n\t\t<script type=\"application\/ld+json\" class=\"aioseo-schema\">\n\t\t\t{\"@context\":\"https:\\\/\\\/schema.org\",\"@graph\":[{\"@type\":\"BreadcrumbList\",\"@id\":\"https:\\\/\\\/tabaccomd.com\\\/ro\\\/product\\\/vin-spumant-villa-sandi-prosecco-frizzante-di-valdobbiadene-doc-dry-075l\\\/#breadcrumblist\",\"itemListElement\":[{\"@type\":\"ListItem\",\"@id\":\"https:\\\/\\\/tabaccomd.com\\\/ro\\\/#listItem\",\"position\":1,\"name\":\"\\u0413\\u043b\\u0430\\u0432\\u043d\\u0430\\u044f\",\"item\":\"https:\\\/\\\/tabaccomd.com\\\/ro\\\/\",\"nextItem\":{\"@type\":\"ListItem\",\"@id\":\"https:\\\/\\\/tabaccomd.com\\\/ro\\\/catalog\\\/#listItem\",\"name\":\"Catalog\"}},{\"@type\":\"ListItem\",\"@id\":\"https:\\\/\\\/tabaccomd.com\\\/ro\\\/catalog\\\/#listItem\",\"position\":2,\"name\":\"Catalog\",\"item\":\"https:\\\/\\\/tabaccomd.com\\\/ro\\\/catalog\\\/\",\"nextItem\":{\"@type\":\"ListItem\",\"@id\":\"https:\\\/\\\/tabaccomd.com\\\/ro\\\/product-category\\\/alcool-2\\\/#listItem\",\"name\":\"Alcool\"},\"previousItem\":{\"@type\":\"ListItem\",\"@id\":\"https:\\\/\\\/tabaccomd.com\\\/ro\\\/#listItem\",\"name\":\"\\u0413\\u043b\\u0430\\u0432\\u043d\\u0430\\u044f\"}},{\"@type\":\"ListItem\",\"@id\":\"https:\\\/\\\/tabaccomd.com\\\/ro\\\/product-category\\\/alcool-2\\\/#listItem\",\"position\":3,\"name\":\"Alcool\",\"item\":\"https:\\\/\\\/tabaccomd.com\\\/ro\\\/product-category\\\/alcool-2\\\/\",\"nextItem\":{\"@type\":\"ListItem\",\"@id\":\"https:\\\/\\\/tabaccomd.com\\\/ro\\\/product-category\\\/alcool-2\\\/igristoe-vino\\\/#listItem\",\"name\":\"Vin spumant\"},\"previousItem\":{\"@type\":\"ListItem\",\"@id\":\"https:\\\/\\\/tabaccomd.com\\\/ro\\\/catalog\\\/#listItem\",\"name\":\"Catalog\"}},{\"@type\":\"ListItem\",\"@id\":\"https:\\\/\\\/tabaccomd.com\\\/ro\\\/product-category\\\/alcool-2\\\/igristoe-vino\\\/#listItem\",\"position\":4,\"name\":\"Vin spumant\",\"item\":\"https:\\\/\\\/tabaccomd.com\\\/ro\\\/product-category\\\/alcool-2\\\/igristoe-vino\\\/\",\"nextItem\":{\"@type\":\"ListItem\",\"@id\":\"https:\\\/\\\/tabaccomd.com\\\/ro\\\/product\\\/vin-spumant-villa-sandi-prosecco-frizzante-di-valdobbiadene-doc-dry-075l\\\/#listItem\",\"name\":\"Vin spumant Villa Sandi Prosecco Frizzante di Valdobbiadene DOC Dry 0,75l\"},\"previousItem\":{\"@type\":\"ListItem\",\"@id\":\"https:\\\/\\\/tabaccomd.com\\\/ro\\\/product-category\\\/alcool-2\\\/#listItem\",\"name\":\"Alcool\"}},{\"@type\":\"ListItem\",\"@id\":\"https:\\\/\\\/tabaccomd.com\\\/ro\\\/product\\\/vin-spumant-villa-sandi-prosecco-frizzante-di-valdobbiadene-doc-dry-075l\\\/#listItem\",\"position\":5,\"name\":\"Vin spumant Villa Sandi Prosecco Frizzante di Valdobbiadene DOC Dry 0,75l\",\"previousItem\":{\"@type\":\"ListItem\",\"@id\":\"https:\\\/\\\/tabaccomd.com\\\/ro\\\/product-category\\\/alcool-2\\\/igristoe-vino\\\/#listItem\",\"name\":\"Vin spumant\"}}]},{\"@type\":\"Organization\",\"@id\":\"https:\\\/\\\/tabaccomd.com\\\/ro\\\/#organization\",\"name\":\"Tabacco House\",\"description\":\"\\u041c\\u0430\\u0433\\u0430\\u0437\\u0438\\u043d \\u0442\\u0430\\u0431\\u0430\\u0447\\u043d\\u044b\\u0445 \\u0438\\u0437\\u0434\\u0435\\u043b\\u0438\\u0439\",\"url\":\"https:\\\/\\\/tabaccomd.com\\\/ro\\\/\",\"email\":\"Office@cazacuhouse.com\",\"telephone\":\"+37361000935\",\"logo\":{\"@type\":\"ImageObject\",\"url\":\"https:\\\/\\\/tabaccomd.com\\\/wp-content\\\/uploads\\\/2024\\\/02\\\/logo_header3.png\",\"@id\":\"https:\\\/\\\/tabaccomd.com\\\/ro\\\/product\\\/vin-spumant-villa-sandi-prosecco-frizzante-di-valdobbiadene-doc-dry-075l\\\/#organizationLogo\",\"width\":32,\"height\":32,\"caption\":\"Tabacco House\"},\"image\":{\"@id\":\"https:\\\/\\\/tabaccomd.com\\\/ro\\\/product\\\/vin-spumant-villa-sandi-prosecco-frizzante-di-valdobbiadene-doc-dry-075l\\\/#organizationLogo\"},\"sameAs\":[\"https:\\\/\\\/www.facebook.com\\\/tabaccomd.com\\\/\",\"https:\\\/\\\/www.instagram.com\\\/tabaccomd.com\\\/\"],\"address\":{\"@id\":\"https:\\\/\\\/tabaccomd.com\\\/ro\\\/#postaladdress\",\"@type\":\"PostalAddress\",\"streetAddress\":\"Strada Albi\\u015foara 4, Chi\\u0219in\\u0103u, Bulevardul \\u0218tefan cel Mare \\u0219i Sf\\u00eent 136, Chi\\u0219in\\u0103u\",\"addressLocality\":\"Chi\\u0219in\\u0103u\",\"addressCountry\":\"MD\"}},{\"@type\":\"Product\",\"@id\":\"https:\\\/\\\/tabaccomd.com\\\/ro\\\/product\\\/vin-spumant-villa-sandi-prosecco-frizzante-di-valdobbiadene-doc-dry-075l\\\/#wooCommerceProduct\",\"name\":\"Vin spumant Villa Sandi Prosecco Frizzante di Valdobbiadene DOC Dry 0,75l\",\"description\":\"\\u021aara produc\\u0103torului: Regiunea Veneto, Italia\\n \\tProduc\\u0103tor: Villa Sandi\\n \\tTip: Vin spumant, alb sec\\n \\tT\\u0103rie: 10,5%\\n \\tVolum: 0,75l\",\"url\":\"https:\\\/\\\/tabaccomd.com\\\/ro\\\/product\\\/vin-spumant-villa-sandi-prosecco-frizzante-di-valdobbiadene-doc-dry-075l\\\/\",\"sku\":\"9320570\",\"image\":{\"@type\":\"ImageObject\",\"url\":\"https:\\\/\\\/tabaccomd.com\\\/wp-content\\\/uploads\\\/2025\\\/10\\\/Villa-Sandi-Prosecco-Frizzante-di-Valdobbiadene-DOC-Dry-075l.jpg\",\"@id\":\"https:\\\/\\\/tabaccomd.com\\\/ro\\\/product\\\/vin-spumant-villa-sandi-prosecco-frizzante-di-valdobbiadene-doc-dry-075l\\\/#productImage\",\"width\":1200,\"height\":1200},\"offers\":{\"@type\":\"Offer\",\"url\":\"https:\\\/\\\/tabaccomd.com\\\/ro\\\/product\\\/vin-spumant-villa-sandi-prosecco-frizzante-di-valdobbiadene-doc-dry-075l\\\/#wooCommerceOffer\",\"price\":290,\"priceCurrency\":\"MDL\",\"category\":\"Vin spumant\",\"availability\":\"https:\\\/\\\/schema.org\\\/InStock\",\"priceSpecification\":{\"@type\":\"PriceSpecification\",\"price\":290,\"priceCurrency\":\"MDL\",\"valueAddedTaxIncluded\":\"true\"},\"seller\":{\"@type\":\"Organization\",\"@id\":\"https:\\\/\\\/tabaccomd.com\\\/ro\\\/#organization\"}}},{\"@type\":\"WebPage\",\"@id\":\"https:\\\/\\\/tabaccomd.com\\\/ro\\\/product\\\/vin-spumant-villa-sandi-prosecco-frizzante-di-valdobbiadene-doc-dry-075l\\\/#webpage\",\"url\":\"https:\\\/\\\/tabaccomd.com\\\/ro\\\/product\\\/vin-spumant-villa-sandi-prosecco-frizzante-di-valdobbiadene-doc-dry-075l\\\/\",\"name\":\"Vin spumant Villa Sandi Prosecco Frizzante di Valdobbiadene DOC Dry 0,75l \\u2013 Tabacco House\",\"inLanguage\":\"ro-RO\",\"isPartOf\":{\"@id\":\"https:\\\/\\\/tabaccomd.com\\\/ro\\\/#website\"},\"breadcrumb\":{\"@id\":\"https:\\\/\\\/tabaccomd.com\\\/ro\\\/product\\\/vin-spumant-villa-sandi-prosecco-frizzante-di-valdobbiadene-doc-dry-075l\\\/#breadcrumblist\"},\"image\":{\"@type\":\"ImageObject\",\"url\":\"https:\\\/\\\/tabaccomd.com\\\/wp-content\\\/uploads\\\/2025\\\/10\\\/Villa-Sandi-Prosecco-Frizzante-di-Valdobbiadene-DOC-Dry-075l.jpg\",\"@id\":\"https:\\\/\\\/tabaccomd.com\\\/ro\\\/product\\\/vin-spumant-villa-sandi-prosecco-frizzante-di-valdobbiadene-doc-dry-075l\\\/#mainImage\",\"width\":1200,\"height\":1200},\"primaryImageOfPage\":{\"@id\":\"https:\\\/\\\/tabaccomd.com\\\/ro\\\/product\\\/vin-spumant-villa-sandi-prosecco-frizzante-di-valdobbiadene-doc-dry-075l\\\/#mainImage\"},\"datePublished\":\"2025-10-31T15:00:52+03:00\",\"dateModified\":\"2025-11-10T17:26:36+03:00\"},{\"@type\":\"WebSite\",\"@id\":\"https:\\\/\\\/tabaccomd.com\\\/ro\\\/#website\",\"url\":\"https:\\\/\\\/tabaccomd.com\\\/ro\\\/\",\"name\":\"Tabacco House\",\"alternateName\":\"tobaccomd.com\",\"description\":\"\\u041c\\u0430\\u0433\\u0430\\u0437\\u0438\\u043d \\u0442\\u0430\\u0431\\u0430\\u0447\\u043d\\u044b\\u0445 \\u0438\\u0437\\u0434\\u0435\\u043b\\u0438\\u0439\",\"inLanguage\":\"ro-RO\",\"publisher\":{\"@id\":\"https:\\\/\\\/tabaccomd.com\\\/ro\\\/#organization\"}}]}\n\t\t<\/script>\n\t\t<!-- All in One SEO Pro -->\r\n\t\t<title>Vin spumant Villa Sandi Prosecco Frizzante di Valdobbiadene DOC Dry 0,75l \u2013 Tabacco House<\/title>\n\n","aioseo_head_json":{"title":"Vin spumant Villa Sandi Prosecco Frizzante di Valdobbiadene DOC Dry 0,75l \u2013 Tabacco House","description":"","canonical_url":"https:\/\/tabaccomd.com\/ro\/product\/vin-spumant-villa-sandi-prosecco-frizzante-di-valdobbiadene-doc-dry-075l\/","robots":"max-image-preview:large","keywords":"","webmasterTools":{"miscellaneous":""},"schema":{"@context":"https:\/\/schema.org","@graph":[{"@type":"BreadcrumbList","@id":"https:\/\/tabaccomd.com\/ro\/product\/vin-spumant-villa-sandi-prosecco-frizzante-di-valdobbiadene-doc-dry-075l\/#breadcrumblist","itemListElement":[{"@type":"ListItem","@id":"https:\/\/tabaccomd.com\/ro\/#listItem","position":1,"name":"\u0413\u043b\u0430\u0432\u043d\u0430\u044f","item":"https:\/\/tabaccomd.com\/ro\/","nextItem":{"@type":"ListItem","@id":"https:\/\/tabaccomd.com\/ro\/catalog\/#listItem","name":"Catalog"}},{"@type":"ListItem","@id":"https:\/\/tabaccomd.com\/ro\/catalog\/#listItem","position":2,"name":"Catalog","item":"https:\/\/tabaccomd.com\/ro\/catalog\/","nextItem":{"@type":"ListItem","@id":"https:\/\/tabaccomd.com\/ro\/product-category\/alcool-2\/#listItem","name":"Alcool"},"previousItem":{"@type":"ListItem","@id":"https:\/\/tabaccomd.com\/ro\/#listItem","name":"\u0413\u043b\u0430\u0432\u043d\u0430\u044f"}},{"@type":"ListItem","@id":"https:\/\/tabaccomd.com\/ro\/product-category\/alcool-2\/#listItem","position":3,"name":"Alcool","item":"https:\/\/tabaccomd.com\/ro\/product-category\/alcool-2\/","nextItem":{"@type":"ListItem","@id":"https:\/\/tabaccomd.com\/ro\/product-category\/alcool-2\/igristoe-vino\/#listItem","name":"Vin spumant"},"previousItem":{"@type":"ListItem","@id":"https:\/\/tabaccomd.com\/ro\/catalog\/#listItem","name":"Catalog"}},{"@type":"ListItem","@id":"https:\/\/tabaccomd.com\/ro\/product-category\/alcool-2\/igristoe-vino\/#listItem","position":4,"name":"Vin spumant","item":"https:\/\/tabaccomd.com\/ro\/product-category\/alcool-2\/igristoe-vino\/","nextItem":{"@type":"ListItem","@id":"https:\/\/tabaccomd.com\/ro\/product\/vin-spumant-villa-sandi-prosecco-frizzante-di-valdobbiadene-doc-dry-075l\/#listItem","name":"Vin spumant Villa Sandi Prosecco Frizzante di Valdobbiadene DOC Dry 0,75l"},"previousItem":{"@type":"ListItem","@id":"https:\/\/tabaccomd.com\/ro\/product-category\/alcool-2\/#listItem","name":"Alcool"}},{"@type":"ListItem","@id":"https:\/\/tabaccomd.com\/ro\/product\/vin-spumant-villa-sandi-prosecco-frizzante-di-valdobbiadene-doc-dry-075l\/#listItem","position":5,"name":"Vin spumant Villa Sandi Prosecco Frizzante di Valdobbiadene DOC Dry 0,75l","previousItem":{"@type":"ListItem","@id":"https:\/\/tabaccomd.com\/ro\/product-category\/alcool-2\/igristoe-vino\/#listItem","name":"Vin spumant"}}]},{"@type":"Organization","@id":"https:\/\/tabaccomd.com\/ro\/#organization","name":"Tabacco House","description":"\u041c\u0430\u0433\u0430\u0437\u0438\u043d \u0442\u0430\u0431\u0430\u0447\u043d\u044b\u0445 \u0438\u0437\u0434\u0435\u043b\u0438\u0439","url":"https:\/\/tabaccomd.com\/ro\/","email":"Office@cazacuhouse.com","telephone":"+37361000935","logo":{"@type":"ImageObject","url":"https:\/\/tabaccomd.com\/wp-content\/uploads\/2024\/02\/logo_header3.png","@id":"https:\/\/tabaccomd.com\/ro\/product\/vin-spumant-villa-sandi-prosecco-frizzante-di-valdobbiadene-doc-dry-075l\/#organizationLogo","width":32,"height":32,"caption":"Tabacco House"},"image":{"@id":"https:\/\/tabaccomd.com\/ro\/product\/vin-spumant-villa-sandi-prosecco-frizzante-di-valdobbiadene-doc-dry-075l\/#organizationLogo"},"sameAs":["https:\/\/www.facebook.com\/tabaccomd.com\/","https:\/\/www.instagram.com\/tabaccomd.com\/"],"address":{"@id":"https:\/\/tabaccomd.com\/ro\/#postaladdress","@type":"PostalAddress","streetAddress":"Strada Albi\u015foara 4, Chi\u0219in\u0103u, Bulevardul \u0218tefan cel Mare \u0219i Sf\u00eent 136, Chi\u0219in\u0103u","addressLocality":"Chi\u0219in\u0103u","addressCountry":"MD"}},{"@type":"Product","@id":"https:\/\/tabaccomd.com\/ro\/product\/vin-spumant-villa-sandi-prosecco-frizzante-di-valdobbiadene-doc-dry-075l\/#wooCommerceProduct","name":"Vin spumant Villa Sandi Prosecco Frizzante di Valdobbiadene DOC Dry 0,75l","description":"\u021aara produc\u0103torului: Regiunea Veneto, Italia\n \tProduc\u0103tor: Villa Sandi\n \tTip: Vin spumant, alb sec\n \tT\u0103rie: 10,5%\n \tVolum: 0,75l","url":"https:\/\/tabaccomd.com\/ro\/product\/vin-spumant-villa-sandi-prosecco-frizzante-di-valdobbiadene-doc-dry-075l\/","sku":"9320570","image":{"@type":"ImageObject","url":"https:\/\/tabaccomd.com\/wp-content\/uploads\/2025\/10\/Villa-Sandi-Prosecco-Frizzante-di-Valdobbiadene-DOC-Dry-075l.jpg","@id":"https:\/\/tabaccomd.com\/ro\/product\/vin-spumant-villa-sandi-prosecco-frizzante-di-valdobbiadene-doc-dry-075l\/#productImage","width":1200,"height":1200},"offers":{"@type":"Offer","url":"https:\/\/tabaccomd.com\/ro\/product\/vin-spumant-villa-sandi-prosecco-frizzante-di-valdobbiadene-doc-dry-075l\/#wooCommerceOffer","price":290,"priceCurrency":"MDL","category":"Vin spumant","availability":"https:\/\/schema.org\/InStock","priceSpecification":{"@type":"PriceSpecification","price":290,"priceCurrency":"MDL","valueAddedTaxIncluded":"true"},"seller":{"@type":"Organization","@id":"https:\/\/tabaccomd.com\/ro\/#organization"}}},{"@type":"WebPage","@id":"https:\/\/tabaccomd.com\/ro\/product\/vin-spumant-villa-sandi-prosecco-frizzante-di-valdobbiadene-doc-dry-075l\/#webpage","url":"https:\/\/tabaccomd.com\/ro\/product\/vin-spumant-villa-sandi-prosecco-frizzante-di-valdobbiadene-doc-dry-075l\/","name":"Vin spumant Villa Sandi Prosecco Frizzante di Valdobbiadene DOC Dry 0,75l \u2013 Tabacco House","inLanguage":"ro-RO","isPartOf":{"@id":"https:\/\/tabaccomd.com\/ro\/#website"},"breadcrumb":{"@id":"https:\/\/tabaccomd.com\/ro\/product\/vin-spumant-villa-sandi-prosecco-frizzante-di-valdobbiadene-doc-dry-075l\/#breadcrumblist"},"image":{"@type":"ImageObject","url":"https:\/\/tabaccomd.com\/wp-content\/uploads\/2025\/10\/Villa-Sandi-Prosecco-Frizzante-di-Valdobbiadene-DOC-Dry-075l.jpg","@id":"https:\/\/tabaccomd.com\/ro\/product\/vin-spumant-villa-sandi-prosecco-frizzante-di-valdobbiadene-doc-dry-075l\/#mainImage","width":1200,"height":1200},"primaryImageOfPage":{"@id":"https:\/\/tabaccomd.com\/ro\/product\/vin-spumant-villa-sandi-prosecco-frizzante-di-valdobbiadene-doc-dry-075l\/#mainImage"},"datePublished":"2025-10-31T15:00:52+03:00","dateModified":"2025-11-10T17:26:36+03:00"},{"@type":"WebSite","@id":"https:\/\/tabaccomd.com\/ro\/#website","url":"https:\/\/tabaccomd.com\/ro\/","name":"Tabacco House","alternateName":"tobaccomd.com","description":"\u041c\u0430\u0433\u0430\u0437\u0438\u043d \u0442\u0430\u0431\u0430\u0447\u043d\u044b\u0445 \u0438\u0437\u0434\u0435\u043b\u0438\u0439","inLanguage":"ro-RO","publisher":{"@id":"https:\/\/tabaccomd.com\/ro\/#organization"}}]},"og:locale":"ro_RO","og:site_name":"Tabacco House \u2013 \u041c\u0430\u0433\u0430\u0437\u0438\u043d \u0442\u0430\u0431\u0430\u0447\u043d\u044b\u0445 \u0438\u0437\u0434\u0435\u043b\u0438\u0439","og:type":"article","og:title":"Vin spumant Villa Sandi Prosecco Frizzante di Valdobbiadene DOC Dry 0,75l \u2013 Tabacco House","og:url":"https:\/\/tabaccomd.com\/ro\/product\/vin-spumant-villa-sandi-prosecco-frizzante-di-valdobbiadene-doc-dry-075l\/","article:published_time":"2025-10-31T12:00:52+00:00","article:modified_time":"2025-11-10T14:26:36+00:00","article:publisher":"https:\/\/www.facebook.com\/tabaccomd.com\/","twitter:card":"summary_large_image","twitter:title":"Vin spumant Villa Sandi Prosecco Frizzante di Valdobbiadene DOC Dry 0,75l \u2013 Tabacco House"},"aioseo_meta_data":{"post_id":"155149","title":null,"description":null,"keywords":null,"keyphrases":{"focus":{"keyphrase":"","score":0,"analysis":{"keyphraseInTitle":{"score":0,"maxScore":9,"error":1}}},"additional":[]},"primary_term":null,"canonical_url":null,"og_title":null,"og_description":null,"og_object_type":"default","og_image_type":"default","og_image_url":null,"og_image_width":null,"og_image_height":null,"og_image_custom_url":null,"og_image_custom_fields":null,"og_video":"","og_custom_url":null,"og_article_section":null,"og_article_tags":null,"twitter_use_og":false,"twitter_card":"default","twitter_image_type":"default","twitter_image_url":null,"twitter_image_custom_url":null,"twitter_image_custom_fields":null,"twitter_title":null,"twitter_description":null,"schema":{"blockGraphs":[],"customGraphs":[],"default":{"data":{"Article":[],"Course":[],"Dataset":[],"FAQPage":[],"Movie":[],"Person":[],"Product":[],"ProductReview":[],"Car":[],"Recipe":[],"Service":[],"SoftwareApplication":[],"WebPage":[]},"graphName":"Product","isEnabled":true},"graphs":[]},"schema_type":"default","schema_type_options":null,"pillar_content":false,"robots_default":true,"robots_noindex":false,"robots_noarchive":false,"robots_nosnippet":false,"robots_nofollow":false,"robots_noimageindex":false,"robots_noodp":false,"robots_notranslate":false,"robots_max_snippet":"-1","robots_max_videopreview":"-1","robots_max_imagepreview":"large","priority":null,"frequency":"default","local_seo":null,"seo_analyzer_scan_date":"2025-11-10 14:26:33","breadcrumb_settings":null,"limit_modified_date":false,"reviewed_by":null,"open_ai":null,"ai":{"faqs":[],"keyPoints":[],"titles":[],"descriptions":[],"socialPosts":{"email":[],"linkedin":[],"twitter":[],"facebook":[],"instagram":[]}},"created":"2025-11-03 12:07:25","updated":"2025-11-10 14:32:36"},"aioseo_breadcrumb":"<div class=\"aioseo-breadcrumbs\"><span class=\"aioseo-breadcrumb\">\n\t<a href=\"https:\/\/tabaccomd.com\/ro\/\" title=\"\u0413\u043b\u0430\u0432\u043d\u0430\u044f\">\u0413\u043b\u0430\u0432\u043d\u0430\u044f<\/a>\n<\/span><span class=\"aioseo-breadcrumb-separator\">\u00bb<\/span><span class=\"aioseo-breadcrumb\">\n\t<a href=\"https:\/\/tabaccomd.com\/ro\/catalog\/\" title=\"Catalog\">Catalog<\/a>\n<\/span><span class=\"aioseo-breadcrumb-separator\">\u00bb<\/span><span class=\"aioseo-breadcrumb\">\n\t<a href=\"https:\/\/tabaccomd.com\/ro\/product-category\/alcool-2\/\" title=\"Alcool\">Alcool<\/a>\n<\/span><span class=\"aioseo-breadcrumb-separator\">\u00bb<\/span><span class=\"aioseo-breadcrumb\">\n\t<a href=\"https:\/\/tabaccomd.com\/ro\/product-category\/alcool-2\/igristoe-vino\/\" title=\"Vin spumant\">Vin spumant<\/a>\n<\/span><span class=\"aioseo-breadcrumb-separator\">\u00bb<\/span><span class=\"aioseo-breadcrumb\">\n\tVin spumant Villa Sandi Prosecco Frizzante di Valdobbiadene DOC Dry 0,75l\n<\/span><\/div>","aioseo_breadcrumb_json":[{"label":"\u0413\u043b\u0430\u0432\u043d\u0430\u044f","link":"https:\/\/tabaccomd.com\/ro\/"},{"label":"Catalog","link":"https:\/\/tabaccomd.com\/ro\/catalog\/"},{"label":"Alcool","link":"https:\/\/tabaccomd.com\/ro\/product-category\/alcool-2\/"},{"label":"Vin spumant","link":"https:\/\/tabaccomd.com\/ro\/product-category\/alcool-2\/igristoe-vino\/"},{"label":"Vin spumant Villa Sandi Prosecco Frizzante di Valdobbiadene DOC Dry 0,75l","link":"https:\/\/tabaccomd.com\/ro\/product\/vin-spumant-villa-sandi-prosecco-frizzante-di-valdobbiadene-doc-dry-075l\/"}],"images_for_1c":[{"url":"https:\/\/tabaccomd.com\/wp-content\/uploads\/2025\/10\/Villa-Sandi-Prosecco-Frizzante-di-Valdobbiadene-DOC-Dry-075l.jpg","type":"featured","alt":"Villa-Sandi-Prosecco-Frizzante-di-Valdobbiadene-DOC-Dry-075l","filename":"Villa-Sandi-Prosecco-Frizzante-di-Valdobbiadene-DOC-Dry-075l.jpg"}],"additional_data_1c":{"modified_date":"2025-11-10 17:26:36","permalink":"https:\/\/tabaccomd.com\/ro\/product\/vin-spumant-villa-sandi-prosecco-frizzante-di-valdobbiadene-doc-dry-075l\/","stock_status":"instock","manage_stock":"no"},"_links":{"self":[{"href":"https:\/\/tabaccomd.com\/ro\/wp-json\/wp\/v2\/product\/155149","targetHints":{"allow":["GET"]}}],"collection":[{"href":"https:\/\/tabaccomd.com\/ro\/wp-json\/wp\/v2\/product"}],"about":[{"href":"https:\/\/tabaccomd.com\/ro\/wp-json\/wp\/v2\/types\/product"}],"wp:featuredmedia":[{"embeddable":true,"href":"https:\/\/tabaccomd.com\/ro\/wp-json\/wp\/v2\/media\/155147"}],"wp:attachment":[{"href":"https:\/\/tabaccomd.com\/ro\/wp-json\/wp\/v2\/media?parent=155149"}],"wp:term":[{"taxonomy":"product_brand","embeddable":true,"href":"https:\/\/tabaccomd.com\/ro\/wp-json\/wp\/v2\/product_brand?post=155149"},{"taxonomy":"product_cat","embeddable":true,"href":"https:\/\/tabaccomd.com\/ro\/wp-json\/wp\/v2\/product_cat?post=155149"},{"taxonomy":"product_tag","embeddable":true,"href":"https:\/\/tabaccomd.com\/ro\/wp-json\/wp\/v2\/product_tag?post=155149"}],"curies":[{"name":"wp","href":"https:\/\/api.w.org\/{rel}","templated":true}]}}