{"id":155048,"date":"2025-10-29T09:00:03","date_gmt":"2025-10-29T06:00:03","guid":{"rendered":"https:\/\/tabaccomd.com\/product\/whisky-tamnavulin-tempranillo-cask-edition-1l\/"},"modified":"2025-10-29T11:07:30","modified_gmt":"2025-10-29T08:07:30","slug":"whisky-tamnavulin-tempranillo-cask-edition-1l","status":"publish","type":"product","link":"https:\/\/tabaccomd.com\/ro\/product\/whisky-tamnavulin-tempranillo-cask-edition-1l\/","title":{"rendered":"Whisky Tamnavulin Tempranillo Cask Edition 1l"},"content":{"rendered":"<p><a href=\"https:\/\/tabaccomd.com\/ro\/product-category\/alcool-2\/whisky-2\/\">Whisky-ul<\/a> Tamnavulin Tempranillo Cask este o crea\u021bie elegant\u0103 \u0219i expresiv\u0103 a unei distilerii sco\u021biene. Este produs la Tamnavulin Distillery, situat\u0103 \u00een regiunea Speyside, Sco\u021bia. Distileria a fost fondat\u0103 \u00een anul 1966. Acest whisky apar\u021bine tipului single malt (whisky din mal\u021b unic). Produc\u021bia include o maturare clasic\u0103 \u00een butoaie folosite anterior pentru bourbon (din stejar alb american), urmat\u0103 de o maturare final\u0103 (finish) \u00een butoaie care au con\u021binut vin ro\u0219u din soiul Tempranillo (Spania) \u2014 ceea ce confer\u0103 b\u0103uturii o profunzime fructat-vinic\u0103 suplimentar\u0103. Rezultatul este un whisky cu arom\u0103 de fructe ro\u0219ii, vanilie \u0219i caramel, \u0219i un gust cu note de smochine, sirop de ar\u021bar, m\u0103r caramelizat \u0219i ganache de ciocolat\u0103, completat de un u\u0219or iz de cafea.     <\/p>\n<p>Pute\u021bi achizi\u021biona whisky-ul Tamnavulin Tempranillo Cask Edition 1l \u00een Moldova, Chi\u0219in\u0103u \u00een re\u021beaua de magazine Tabacco House.<\/p>\n","protected":false},"excerpt":{"rendered":"<ul>\n<li data-start=\"65\" data-end=\"101\">\u021aara produc\u0103torului: Regiunea Speyside, Sco\u021bia<\/li>\n<li data-start=\"102\" data-end=\"150\">Produc\u0103tor: Tamnavulin Distillery<\/li>\n<li data-start=\"173\" data-end=\"223\">Tip: Whisky Single Malt<\/li>\n<li data-start=\"173\" data-end=\"223\">T\u0103rie: 40%<\/li>\n<li>Volum: 1l<\/li>\n<\/ul>\n","protected":false},"featured_media":155079,"template":"","meta":{"om_disable_all_campaigns":false,"_monsterinsights_skip_tracking":false,"_monsterinsights_sitenote_active":false,"_monsterinsights_sitenote_note":"","_monsterinsights_sitenote_category":0},"product_brand":[],"product_cat":[221],"product_tag":[],"class_list":{"0":"post-155048","1":"product","2":"type-product","3":"status-publish","4":"has-post-thumbnail","6":"product_cat-whisky-2","8":"first","9":"instock","10":"purchasable","11":"product-type-simple"},"aioseo_notices":[],"aioseo_head":"\n\t\t<!-- All in One SEO Pro 4.9.6.2 - aioseo.com -->\n\t<meta name=\"robots\" content=\"max-image-preview:large\" \/>\n\t<link rel=\"canonical\" href=\"https:\/\/tabaccomd.com\/ro\/product\/whisky-tamnavulin-tempranillo-cask-edition-1l\/\" \/>\n\t<meta name=\"generator\" content=\"All in One SEO Pro (AIOSEO) 4.9.6.2\" \/>\n\t\t<meta property=\"og:locale\" content=\"ro_RO\" \/>\n\t\t<meta property=\"og:site_name\" content=\"Tabacco House \u2013 \u041c\u0430\u0433\u0430\u0437\u0438\u043d \u0442\u0430\u0431\u0430\u0447\u043d\u044b\u0445 \u0438\u0437\u0434\u0435\u043b\u0438\u0439\" \/>\n\t\t<meta property=\"og:type\" content=\"article\" \/>\n\t\t<meta property=\"og:title\" content=\"Whisky Tamnavulin Tempranillo Cask Edition 1l \u2013 Tabacco House\" \/>\n\t\t<meta property=\"og:url\" content=\"https:\/\/tabaccomd.com\/ro\/product\/whisky-tamnavulin-tempranillo-cask-edition-1l\/\" \/>\n\t\t<meta property=\"article:published_time\" content=\"2025-10-29T06:00:03+00:00\" \/>\n\t\t<meta property=\"article:modified_time\" content=\"2025-10-29T08:07:30+00:00\" \/>\n\t\t<meta property=\"article:publisher\" content=\"https:\/\/www.facebook.com\/tabaccomd.com\/\" \/>\n\t\t<meta name=\"twitter:card\" content=\"summary_large_image\" \/>\n\t\t<meta name=\"twitter:title\" content=\"Whisky Tamnavulin Tempranillo Cask Edition 1l \u2013 Tabacco House\" \/>\n\t\t<script type=\"application\/ld+json\" class=\"aioseo-schema\">\n\t\t\t{\"@context\":\"https:\\\/\\\/schema.org\",\"@graph\":[{\"@type\":\"BreadcrumbList\",\"@id\":\"https:\\\/\\\/tabaccomd.com\\\/ro\\\/product\\\/whisky-tamnavulin-tempranillo-cask-edition-1l\\\/#breadcrumblist\",\"itemListElement\":[{\"@type\":\"ListItem\",\"@id\":\"https:\\\/\\\/tabaccomd.com\\\/ro\\\/#listItem\",\"position\":1,\"name\":\"\\u0413\\u043b\\u0430\\u0432\\u043d\\u0430\\u044f\",\"item\":\"https:\\\/\\\/tabaccomd.com\\\/ro\\\/\",\"nextItem\":{\"@type\":\"ListItem\",\"@id\":\"https:\\\/\\\/tabaccomd.com\\\/ro\\\/catalog\\\/#listItem\",\"name\":\"Catalog\"}},{\"@type\":\"ListItem\",\"@id\":\"https:\\\/\\\/tabaccomd.com\\\/ro\\\/catalog\\\/#listItem\",\"position\":2,\"name\":\"Catalog\",\"item\":\"https:\\\/\\\/tabaccomd.com\\\/ro\\\/catalog\\\/\",\"nextItem\":{\"@type\":\"ListItem\",\"@id\":\"https:\\\/\\\/tabaccomd.com\\\/ro\\\/product-category\\\/alcool-2\\\/#listItem\",\"name\":\"Alcool\"},\"previousItem\":{\"@type\":\"ListItem\",\"@id\":\"https:\\\/\\\/tabaccomd.com\\\/ro\\\/#listItem\",\"name\":\"\\u0413\\u043b\\u0430\\u0432\\u043d\\u0430\\u044f\"}},{\"@type\":\"ListItem\",\"@id\":\"https:\\\/\\\/tabaccomd.com\\\/ro\\\/product-category\\\/alcool-2\\\/#listItem\",\"position\":3,\"name\":\"Alcool\",\"item\":\"https:\\\/\\\/tabaccomd.com\\\/ro\\\/product-category\\\/alcool-2\\\/\",\"nextItem\":{\"@type\":\"ListItem\",\"@id\":\"https:\\\/\\\/tabaccomd.com\\\/ro\\\/product-category\\\/alcool-2\\\/whisky-2\\\/#listItem\",\"name\":\"Whisky\"},\"previousItem\":{\"@type\":\"ListItem\",\"@id\":\"https:\\\/\\\/tabaccomd.com\\\/ro\\\/catalog\\\/#listItem\",\"name\":\"Catalog\"}},{\"@type\":\"ListItem\",\"@id\":\"https:\\\/\\\/tabaccomd.com\\\/ro\\\/product-category\\\/alcool-2\\\/whisky-2\\\/#listItem\",\"position\":4,\"name\":\"Whisky\",\"item\":\"https:\\\/\\\/tabaccomd.com\\\/ro\\\/product-category\\\/alcool-2\\\/whisky-2\\\/\",\"nextItem\":{\"@type\":\"ListItem\",\"@id\":\"https:\\\/\\\/tabaccomd.com\\\/ro\\\/product\\\/whisky-tamnavulin-tempranillo-cask-edition-1l\\\/#listItem\",\"name\":\"Whisky Tamnavulin Tempranillo Cask Edition 1l\"},\"previousItem\":{\"@type\":\"ListItem\",\"@id\":\"https:\\\/\\\/tabaccomd.com\\\/ro\\\/product-category\\\/alcool-2\\\/#listItem\",\"name\":\"Alcool\"}},{\"@type\":\"ListItem\",\"@id\":\"https:\\\/\\\/tabaccomd.com\\\/ro\\\/product\\\/whisky-tamnavulin-tempranillo-cask-edition-1l\\\/#listItem\",\"position\":5,\"name\":\"Whisky Tamnavulin Tempranillo Cask Edition 1l\",\"previousItem\":{\"@type\":\"ListItem\",\"@id\":\"https:\\\/\\\/tabaccomd.com\\\/ro\\\/product-category\\\/alcool-2\\\/whisky-2\\\/#listItem\",\"name\":\"Whisky\"}}]},{\"@type\":\"Organization\",\"@id\":\"https:\\\/\\\/tabaccomd.com\\\/ro\\\/#organization\",\"name\":\"Tabacco House\",\"description\":\"\\u041c\\u0430\\u0433\\u0430\\u0437\\u0438\\u043d \\u0442\\u0430\\u0431\\u0430\\u0447\\u043d\\u044b\\u0445 \\u0438\\u0437\\u0434\\u0435\\u043b\\u0438\\u0439\",\"url\":\"https:\\\/\\\/tabaccomd.com\\\/ro\\\/\",\"email\":\"Office@cazacuhouse.com\",\"telephone\":\"+37361000935\",\"logo\":{\"@type\":\"ImageObject\",\"url\":\"https:\\\/\\\/tabaccomd.com\\\/wp-content\\\/uploads\\\/2024\\\/02\\\/logo_header3.png\",\"@id\":\"https:\\\/\\\/tabaccomd.com\\\/ro\\\/product\\\/whisky-tamnavulin-tempranillo-cask-edition-1l\\\/#organizationLogo\",\"width\":32,\"height\":32,\"caption\":\"Tabacco House\"},\"image\":{\"@id\":\"https:\\\/\\\/tabaccomd.com\\\/ro\\\/product\\\/whisky-tamnavulin-tempranillo-cask-edition-1l\\\/#organizationLogo\"},\"sameAs\":[\"https:\\\/\\\/www.facebook.com\\\/tabaccomd.com\\\/\",\"https:\\\/\\\/www.instagram.com\\\/tabaccomd.com\\\/\"],\"address\":{\"@id\":\"https:\\\/\\\/tabaccomd.com\\\/ro\\\/#postaladdress\",\"@type\":\"PostalAddress\",\"streetAddress\":\"Strada Albi\\u015foara 4, Chi\\u0219in\\u0103u, Bulevardul \\u0218tefan cel Mare \\u0219i Sf\\u00eent 136, Chi\\u0219in\\u0103u\",\"addressLocality\":\"Chi\\u0219in\\u0103u\",\"addressCountry\":\"MD\"}},{\"@type\":\"Product\",\"@id\":\"https:\\\/\\\/tabaccomd.com\\\/ro\\\/product\\\/whisky-tamnavulin-tempranillo-cask-edition-1l\\\/#wooCommerceProduct\",\"name\":\"Whisky Tamnavulin Tempranillo Cask Edition 1l\",\"description\":\"\\u021aara produc\\u0103torului: Regiunea Speyside, Sco\\u021bia\\n \\tProduc\\u0103tor: Tamnavulin Distillery\\n \\tTip: Whisky Single Malt\\n \\tT\\u0103rie: 40%\\n \\tVolum: 1l\",\"url\":\"https:\\\/\\\/tabaccomd.com\\\/ro\\\/product\\\/whisky-tamnavulin-tempranillo-cask-edition-1l\\\/\",\"sku\":\"9040538\",\"image\":{\"@type\":\"ImageObject\",\"url\":\"https:\\\/\\\/tabaccomd.com\\\/wp-content\\\/uploads\\\/2025\\\/10\\\/whisky-tamnavulin-tempranillo-cask-1l-1.jpg\",\"@id\":\"https:\\\/\\\/tabaccomd.com\\\/ro\\\/product\\\/whisky-tamnavulin-tempranillo-cask-edition-1l\\\/#productImage\",\"width\":1200,\"height\":1200},\"offers\":{\"@type\":\"Offer\",\"url\":\"https:\\\/\\\/tabaccomd.com\\\/ro\\\/product\\\/whisky-tamnavulin-tempranillo-cask-edition-1l\\\/#wooCommerceOffer\",\"price\":870,\"priceCurrency\":\"MDL\",\"category\":\"Whisky\",\"availability\":\"https:\\\/\\\/schema.org\\\/InStock\",\"priceSpecification\":{\"@type\":\"PriceSpecification\",\"price\":870,\"priceCurrency\":\"MDL\",\"valueAddedTaxIncluded\":\"true\"},\"seller\":{\"@type\":\"Organization\",\"@id\":\"https:\\\/\\\/tabaccomd.com\\\/ro\\\/#organization\"}}},{\"@type\":\"WebPage\",\"@id\":\"https:\\\/\\\/tabaccomd.com\\\/ro\\\/product\\\/whisky-tamnavulin-tempranillo-cask-edition-1l\\\/#webpage\",\"url\":\"https:\\\/\\\/tabaccomd.com\\\/ro\\\/product\\\/whisky-tamnavulin-tempranillo-cask-edition-1l\\\/\",\"name\":\"Whisky Tamnavulin Tempranillo Cask Edition 1l \\u2013 Tabacco House\",\"inLanguage\":\"ro-RO\",\"isPartOf\":{\"@id\":\"https:\\\/\\\/tabaccomd.com\\\/ro\\\/#website\"},\"breadcrumb\":{\"@id\":\"https:\\\/\\\/tabaccomd.com\\\/ro\\\/product\\\/whisky-tamnavulin-tempranillo-cask-edition-1l\\\/#breadcrumblist\"},\"image\":{\"@type\":\"ImageObject\",\"url\":\"https:\\\/\\\/tabaccomd.com\\\/wp-content\\\/uploads\\\/2025\\\/10\\\/whisky-tamnavulin-tempranillo-cask-1l-1.jpg\",\"@id\":\"https:\\\/\\\/tabaccomd.com\\\/ro\\\/product\\\/whisky-tamnavulin-tempranillo-cask-edition-1l\\\/#mainImage\",\"width\":1200,\"height\":1200},\"primaryImageOfPage\":{\"@id\":\"https:\\\/\\\/tabaccomd.com\\\/ro\\\/product\\\/whisky-tamnavulin-tempranillo-cask-edition-1l\\\/#mainImage\"},\"datePublished\":\"2025-10-29T09:00:03+03:00\",\"dateModified\":\"2025-10-29T11:07:30+03:00\"},{\"@type\":\"WebSite\",\"@id\":\"https:\\\/\\\/tabaccomd.com\\\/ro\\\/#website\",\"url\":\"https:\\\/\\\/tabaccomd.com\\\/ro\\\/\",\"name\":\"Tabacco House\",\"alternateName\":\"tobaccomd.com\",\"description\":\"\\u041c\\u0430\\u0433\\u0430\\u0437\\u0438\\u043d \\u0442\\u0430\\u0431\\u0430\\u0447\\u043d\\u044b\\u0445 \\u0438\\u0437\\u0434\\u0435\\u043b\\u0438\\u0439\",\"inLanguage\":\"ro-RO\",\"publisher\":{\"@id\":\"https:\\\/\\\/tabaccomd.com\\\/ro\\\/#organization\"}}]}\n\t\t<\/script>\n\t\t<!-- All in One SEO Pro -->\r\n\t\t<title>Whisky Tamnavulin Tempranillo Cask Edition 1l \u2013 Tabacco House<\/title>\n\n","aioseo_head_json":{"title":"Whisky Tamnavulin Tempranillo Cask Edition 1l \u2013 Tabacco House","description":"","canonical_url":"https:\/\/tabaccomd.com\/ro\/product\/whisky-tamnavulin-tempranillo-cask-edition-1l\/","robots":"max-image-preview:large","keywords":"","webmasterTools":{"miscellaneous":""},"schema":{"@context":"https:\/\/schema.org","@graph":[{"@type":"BreadcrumbList","@id":"https:\/\/tabaccomd.com\/ro\/product\/whisky-tamnavulin-tempranillo-cask-edition-1l\/#breadcrumblist","itemListElement":[{"@type":"ListItem","@id":"https:\/\/tabaccomd.com\/ro\/#listItem","position":1,"name":"\u0413\u043b\u0430\u0432\u043d\u0430\u044f","item":"https:\/\/tabaccomd.com\/ro\/","nextItem":{"@type":"ListItem","@id":"https:\/\/tabaccomd.com\/ro\/catalog\/#listItem","name":"Catalog"}},{"@type":"ListItem","@id":"https:\/\/tabaccomd.com\/ro\/catalog\/#listItem","position":2,"name":"Catalog","item":"https:\/\/tabaccomd.com\/ro\/catalog\/","nextItem":{"@type":"ListItem","@id":"https:\/\/tabaccomd.com\/ro\/product-category\/alcool-2\/#listItem","name":"Alcool"},"previousItem":{"@type":"ListItem","@id":"https:\/\/tabaccomd.com\/ro\/#listItem","name":"\u0413\u043b\u0430\u0432\u043d\u0430\u044f"}},{"@type":"ListItem","@id":"https:\/\/tabaccomd.com\/ro\/product-category\/alcool-2\/#listItem","position":3,"name":"Alcool","item":"https:\/\/tabaccomd.com\/ro\/product-category\/alcool-2\/","nextItem":{"@type":"ListItem","@id":"https:\/\/tabaccomd.com\/ro\/product-category\/alcool-2\/whisky-2\/#listItem","name":"Whisky"},"previousItem":{"@type":"ListItem","@id":"https:\/\/tabaccomd.com\/ro\/catalog\/#listItem","name":"Catalog"}},{"@type":"ListItem","@id":"https:\/\/tabaccomd.com\/ro\/product-category\/alcool-2\/whisky-2\/#listItem","position":4,"name":"Whisky","item":"https:\/\/tabaccomd.com\/ro\/product-category\/alcool-2\/whisky-2\/","nextItem":{"@type":"ListItem","@id":"https:\/\/tabaccomd.com\/ro\/product\/whisky-tamnavulin-tempranillo-cask-edition-1l\/#listItem","name":"Whisky Tamnavulin Tempranillo Cask Edition 1l"},"previousItem":{"@type":"ListItem","@id":"https:\/\/tabaccomd.com\/ro\/product-category\/alcool-2\/#listItem","name":"Alcool"}},{"@type":"ListItem","@id":"https:\/\/tabaccomd.com\/ro\/product\/whisky-tamnavulin-tempranillo-cask-edition-1l\/#listItem","position":5,"name":"Whisky Tamnavulin Tempranillo Cask Edition 1l","previousItem":{"@type":"ListItem","@id":"https:\/\/tabaccomd.com\/ro\/product-category\/alcool-2\/whisky-2\/#listItem","name":"Whisky"}}]},{"@type":"Organization","@id":"https:\/\/tabaccomd.com\/ro\/#organization","name":"Tabacco House","description":"\u041c\u0430\u0433\u0430\u0437\u0438\u043d \u0442\u0430\u0431\u0430\u0447\u043d\u044b\u0445 \u0438\u0437\u0434\u0435\u043b\u0438\u0439","url":"https:\/\/tabaccomd.com\/ro\/","email":"Office@cazacuhouse.com","telephone":"+37361000935","logo":{"@type":"ImageObject","url":"https:\/\/tabaccomd.com\/wp-content\/uploads\/2024\/02\/logo_header3.png","@id":"https:\/\/tabaccomd.com\/ro\/product\/whisky-tamnavulin-tempranillo-cask-edition-1l\/#organizationLogo","width":32,"height":32,"caption":"Tabacco House"},"image":{"@id":"https:\/\/tabaccomd.com\/ro\/product\/whisky-tamnavulin-tempranillo-cask-edition-1l\/#organizationLogo"},"sameAs":["https:\/\/www.facebook.com\/tabaccomd.com\/","https:\/\/www.instagram.com\/tabaccomd.com\/"],"address":{"@id":"https:\/\/tabaccomd.com\/ro\/#postaladdress","@type":"PostalAddress","streetAddress":"Strada Albi\u015foara 4, Chi\u0219in\u0103u, Bulevardul \u0218tefan cel Mare \u0219i Sf\u00eent 136, Chi\u0219in\u0103u","addressLocality":"Chi\u0219in\u0103u","addressCountry":"MD"}},{"@type":"Product","@id":"https:\/\/tabaccomd.com\/ro\/product\/whisky-tamnavulin-tempranillo-cask-edition-1l\/#wooCommerceProduct","name":"Whisky Tamnavulin Tempranillo Cask Edition 1l","description":"\u021aara produc\u0103torului: Regiunea Speyside, Sco\u021bia\n \tProduc\u0103tor: Tamnavulin Distillery\n \tTip: Whisky Single Malt\n \tT\u0103rie: 40%\n \tVolum: 1l","url":"https:\/\/tabaccomd.com\/ro\/product\/whisky-tamnavulin-tempranillo-cask-edition-1l\/","sku":"9040538","image":{"@type":"ImageObject","url":"https:\/\/tabaccomd.com\/wp-content\/uploads\/2025\/10\/whisky-tamnavulin-tempranillo-cask-1l-1.jpg","@id":"https:\/\/tabaccomd.com\/ro\/product\/whisky-tamnavulin-tempranillo-cask-edition-1l\/#productImage","width":1200,"height":1200},"offers":{"@type":"Offer","url":"https:\/\/tabaccomd.com\/ro\/product\/whisky-tamnavulin-tempranillo-cask-edition-1l\/#wooCommerceOffer","price":870,"priceCurrency":"MDL","category":"Whisky","availability":"https:\/\/schema.org\/InStock","priceSpecification":{"@type":"PriceSpecification","price":870,"priceCurrency":"MDL","valueAddedTaxIncluded":"true"},"seller":{"@type":"Organization","@id":"https:\/\/tabaccomd.com\/ro\/#organization"}}},{"@type":"WebPage","@id":"https:\/\/tabaccomd.com\/ro\/product\/whisky-tamnavulin-tempranillo-cask-edition-1l\/#webpage","url":"https:\/\/tabaccomd.com\/ro\/product\/whisky-tamnavulin-tempranillo-cask-edition-1l\/","name":"Whisky Tamnavulin Tempranillo Cask Edition 1l \u2013 Tabacco House","inLanguage":"ro-RO","isPartOf":{"@id":"https:\/\/tabaccomd.com\/ro\/#website"},"breadcrumb":{"@id":"https:\/\/tabaccomd.com\/ro\/product\/whisky-tamnavulin-tempranillo-cask-edition-1l\/#breadcrumblist"},"image":{"@type":"ImageObject","url":"https:\/\/tabaccomd.com\/wp-content\/uploads\/2025\/10\/whisky-tamnavulin-tempranillo-cask-1l-1.jpg","@id":"https:\/\/tabaccomd.com\/ro\/product\/whisky-tamnavulin-tempranillo-cask-edition-1l\/#mainImage","width":1200,"height":1200},"primaryImageOfPage":{"@id":"https:\/\/tabaccomd.com\/ro\/product\/whisky-tamnavulin-tempranillo-cask-edition-1l\/#mainImage"},"datePublished":"2025-10-29T09:00:03+03:00","dateModified":"2025-10-29T11:07:30+03:00"},{"@type":"WebSite","@id":"https:\/\/tabaccomd.com\/ro\/#website","url":"https:\/\/tabaccomd.com\/ro\/","name":"Tabacco House","alternateName":"tobaccomd.com","description":"\u041c\u0430\u0433\u0430\u0437\u0438\u043d \u0442\u0430\u0431\u0430\u0447\u043d\u044b\u0445 \u0438\u0437\u0434\u0435\u043b\u0438\u0439","inLanguage":"ro-RO","publisher":{"@id":"https:\/\/tabaccomd.com\/ro\/#organization"}}]},"og:locale":"ro_RO","og:site_name":"Tabacco House \u2013 \u041c\u0430\u0433\u0430\u0437\u0438\u043d \u0442\u0430\u0431\u0430\u0447\u043d\u044b\u0445 \u0438\u0437\u0434\u0435\u043b\u0438\u0439","og:type":"article","og:title":"Whisky Tamnavulin Tempranillo Cask Edition 1l \u2013 Tabacco House","og:url":"https:\/\/tabaccomd.com\/ro\/product\/whisky-tamnavulin-tempranillo-cask-edition-1l\/","article:published_time":"2025-10-29T06:00:03+00:00","article:modified_time":"2025-10-29T08:07:30+00:00","article:publisher":"https:\/\/www.facebook.com\/tabaccomd.com\/","twitter:card":"summary_large_image","twitter:title":"Whisky Tamnavulin Tempranillo Cask Edition 1l \u2013 Tabacco House"},"aioseo_meta_data":{"post_id":"155048","title":null,"description":null,"keywords":null,"keyphrases":{"focus":{"keyphrase":"","score":0,"analysis":{"keyphraseInTitle":{"score":0,"maxScore":9,"error":1}}},"additional":[]},"primary_term":null,"canonical_url":null,"og_title":null,"og_description":null,"og_object_type":"default","og_image_type":"default","og_image_url":null,"og_image_width":null,"og_image_height":null,"og_image_custom_url":null,"og_image_custom_fields":null,"og_video":"","og_custom_url":null,"og_article_section":null,"og_article_tags":null,"twitter_use_og":false,"twitter_card":"default","twitter_image_type":"default","twitter_image_url":null,"twitter_image_custom_url":null,"twitter_image_custom_fields":null,"twitter_title":null,"twitter_description":null,"schema":{"blockGraphs":[],"customGraphs":[],"default":{"data":{"Article":[],"Course":[],"Dataset":[],"FAQPage":[],"Movie":[],"Person":[],"Product":[],"ProductReview":[],"Car":[],"Recipe":[],"Service":[],"SoftwareApplication":[],"WebPage":[]},"graphName":"Product","isEnabled":true},"graphs":[]},"schema_type":"default","schema_type_options":null,"pillar_content":false,"robots_default":true,"robots_noindex":false,"robots_noarchive":false,"robots_nosnippet":false,"robots_nofollow":false,"robots_noimageindex":false,"robots_noodp":false,"robots_notranslate":false,"robots_max_snippet":"-1","robots_max_videopreview":"-1","robots_max_imagepreview":"large","priority":null,"frequency":"default","local_seo":null,"seo_analyzer_scan_date":"2025-10-29 08:07:25","breadcrumb_settings":null,"limit_modified_date":false,"reviewed_by":null,"open_ai":null,"ai":{"faqs":[],"keyPoints":[],"titles":[],"descriptions":[],"socialPosts":{"email":[],"linkedin":[],"twitter":[],"facebook":[],"instagram":[]}},"created":"2025-10-29 08:06:35","updated":"2025-10-29 08:10:38"},"aioseo_breadcrumb":"<div class=\"aioseo-breadcrumbs\"><span class=\"aioseo-breadcrumb\">\n\t<a href=\"https:\/\/tabaccomd.com\/ro\/\" title=\"\u0413\u043b\u0430\u0432\u043d\u0430\u044f\">\u0413\u043b\u0430\u0432\u043d\u0430\u044f<\/a>\n<\/span><span class=\"aioseo-breadcrumb-separator\">\u00bb<\/span><span class=\"aioseo-breadcrumb\">\n\t<a href=\"https:\/\/tabaccomd.com\/ro\/catalog\/\" title=\"Catalog\">Catalog<\/a>\n<\/span><span class=\"aioseo-breadcrumb-separator\">\u00bb<\/span><span class=\"aioseo-breadcrumb\">\n\t<a href=\"https:\/\/tabaccomd.com\/ro\/product-category\/alcool-2\/\" title=\"Alcool\">Alcool<\/a>\n<\/span><span class=\"aioseo-breadcrumb-separator\">\u00bb<\/span><span class=\"aioseo-breadcrumb\">\n\t<a href=\"https:\/\/tabaccomd.com\/ro\/product-category\/alcool-2\/whisky-2\/\" title=\"Whisky\">Whisky<\/a>\n<\/span><span class=\"aioseo-breadcrumb-separator\">\u00bb<\/span><span class=\"aioseo-breadcrumb\">\n\tWhisky Tamnavulin Tempranillo Cask Edition 1l\n<\/span><\/div>","aioseo_breadcrumb_json":[{"label":"\u0413\u043b\u0430\u0432\u043d\u0430\u044f","link":"https:\/\/tabaccomd.com\/ro\/"},{"label":"Catalog","link":"https:\/\/tabaccomd.com\/ro\/catalog\/"},{"label":"Alcool","link":"https:\/\/tabaccomd.com\/ro\/product-category\/alcool-2\/"},{"label":"Whisky","link":"https:\/\/tabaccomd.com\/ro\/product-category\/alcool-2\/whisky-2\/"},{"label":"Whisky Tamnavulin Tempranillo Cask Edition 1l","link":"https:\/\/tabaccomd.com\/ro\/product\/whisky-tamnavulin-tempranillo-cask-edition-1l\/"}],"images_for_1c":[{"url":"https:\/\/tabaccomd.com\/wp-content\/uploads\/2025\/10\/whisky-tamnavulin-tempranillo-cask-1l-1.jpg","type":"featured","alt":"whisky-tamnavulin-tempranillo-cask-1l-1","filename":"whisky-tamnavulin-tempranillo-cask-1l-1.jpg"},{"url":"https:\/\/tabaccomd.com\/wp-content\/uploads\/2024\/09\/whisky-tamnavulin-tempranillo-cask-1l.jpg","type":"gallery","alt":"whisky-tamnavulin-tempranillo-cask-1l","filename":"whisky-tamnavulin-tempranillo-cask-1l.jpg"},{"url":"https:\/\/tabaccomd.com\/wp-content\/uploads\/2024\/09\/whisky-tamnavulin-tempranillo-cask-1l-0.jpg","type":"gallery","alt":"whisky-tamnavulin-tempranillo-cask-1l-0","filename":"whisky-tamnavulin-tempranillo-cask-1l-0.jpg"}],"additional_data_1c":{"modified_date":"2025-10-29 11:07:30","permalink":"https:\/\/tabaccomd.com\/ro\/product\/whisky-tamnavulin-tempranillo-cask-edition-1l\/","stock_status":"instock","manage_stock":"no"},"_links":{"self":[{"href":"https:\/\/tabaccomd.com\/ro\/wp-json\/wp\/v2\/product\/155048","targetHints":{"allow":["GET"]}}],"collection":[{"href":"https:\/\/tabaccomd.com\/ro\/wp-json\/wp\/v2\/product"}],"about":[{"href":"https:\/\/tabaccomd.com\/ro\/wp-json\/wp\/v2\/types\/product"}],"wp:featuredmedia":[{"embeddable":true,"href":"https:\/\/tabaccomd.com\/ro\/wp-json\/wp\/v2\/media\/155079"}],"wp:attachment":[{"href":"https:\/\/tabaccomd.com\/ro\/wp-json\/wp\/v2\/media?parent=155048"}],"wp:term":[{"taxonomy":"product_brand","embeddable":true,"href":"https:\/\/tabaccomd.com\/ro\/wp-json\/wp\/v2\/product_brand?post=155048"},{"taxonomy":"product_cat","embeddable":true,"href":"https:\/\/tabaccomd.com\/ro\/wp-json\/wp\/v2\/product_cat?post=155048"},{"taxonomy":"product_tag","embeddable":true,"href":"https:\/\/tabaccomd.com\/ro\/wp-json\/wp\/v2\/product_tag?post=155048"}],"curies":[{"name":"wp","href":"https:\/\/api.w.org\/{rel}","templated":true}]}}