{"id":154970,"date":"2025-10-27T10:11:03","date_gmt":"2025-10-27T07:11:03","guid":{"rendered":"https:\/\/tabaccomd.com\/product\/tuburi-de-tigari-maxi-gold-200\/"},"modified":"2025-10-27T10:11:03","modified_gmt":"2025-10-27T07:11:03","slug":"tuburi-de-tigari-maxi-gold-200","status":"publish","type":"product","link":"https:\/\/tabaccomd.com\/ro\/product\/tuburi-de-tigari-maxi-gold-200\/","title":{"rendered":"Tuburi de \u021big\u0103ri MAXI GOLD 200"},"content":{"rendered":"<p data-start=\"0\" data-end=\"400\"><a href=\"https:\/\/tabaccomd.com\/ro\/product-category\/totul-pentru-rulat\/tuburi-pentru-tigari\/\">Tuburile de \u021big\u0103ri<\/a> cu filtru Maxi Gold 200 sunt alegerea perfect\u0103 pentru cei care apreciaz\u0103 nu doar calitatea, ci \u0219i stilul. Tuburile albe, cu filtru de culoare auriu str\u0103lucitor \u0219i un inel decorativ lat, ofer\u0103 fiec\u0103rei \u021big\u0103ri un aspect elegant. Lungimea filtrului este de 15 mm, iar h\u00e2rtia special\u0103 utilizat\u0103 este dens\u0103 \u0219i rezistent\u0103, asigur\u00e2nd o umplere uniform\u0103 \u0219i o experien\u021b\u0103 pl\u0103cut\u0103 la fumat. Produc\u0103torul \u2014 compania M Tobacco, specializat\u0103 \u00een fabricarea accesoriilor pentru fumat: tuburi cu filtru, h\u00e2rtie pentru \u021big\u0103ri \u0219i mu\u0219tiuce. O cutie con\u021bine 200 de tuburi. Maxi Gold \u00eembin\u0103 calitatea superioar\u0103 cu un design rafinat, fiind creat pentru fum\u0103torii care apreciaz\u0103 individualitatea \u0219i doresc s\u0103-\u0219i exprime stilul personal. H\u00e2rtia \u0219i filtrele respect\u0103 cele mai \u00eenalte standarde din industrie.      <\/p>\n<p data-start=\"0\" data-end=\"400\">Pute\u021bi achizi\u021biona tuburile de \u021big\u0103ri MAXI GOLD 200 \u00een Moldova, Chi\u0219in\u0103u, \u00een re\u021beaua de magazine Tabacco House.<\/p>\n","protected":false},"excerpt":{"rendered":"<ul>\n<li>Produc\u0103tor: M TOBACCO GROUP, Bulgaria<\/li>\n<li>Lungime: 84mm<\/li>\n<li>Cantitate: 200 buc.<\/li>\n<li>Diametru filtru: 8,2mm<\/li>\n<li>Lungime filtru: 15mm<\/li>\n<\/ul>\n","protected":false},"featured_media":154961,"template":"","meta":{"om_disable_all_campaigns":false,"_monsterinsights_skip_tracking":false,"_monsterinsights_sitenote_active":false,"_monsterinsights_sitenote_note":"","_monsterinsights_sitenote_category":0},"product_brand":[],"product_cat":[171],"product_tag":[],"class_list":{"0":"post-154970","1":"product","2":"type-product","3":"status-publish","4":"has-post-thumbnail","6":"product_cat-tuburi-pentru-tigari","8":"first","9":"instock","10":"purchasable","11":"product-type-simple"},"aioseo_notices":[],"aioseo_head":"\n\t\t<!-- All in One SEO Pro 4.9.5.2 - aioseo.com -->\n\t<meta name=\"robots\" content=\"max-image-preview:large\" \/>\n\t<link rel=\"canonical\" href=\"https:\/\/tabaccomd.com\/ro\/product\/tuburi-de-tigari-maxi-gold-200\/\" \/>\n\t<meta name=\"generator\" content=\"All in One SEO Pro (AIOSEO) 4.9.5.2\" \/>\n\t\t<meta property=\"og:locale\" content=\"ro_RO\" \/>\n\t\t<meta property=\"og:site_name\" content=\"Tabacco House \u2013 \u041c\u0430\u0433\u0430\u0437\u0438\u043d \u0442\u0430\u0431\u0430\u0447\u043d\u044b\u0445 \u0438\u0437\u0434\u0435\u043b\u0438\u0439\" \/>\n\t\t<meta property=\"og:type\" content=\"article\" \/>\n\t\t<meta property=\"og:title\" content=\"Tuburi de \u021big\u0103ri MAXI GOLD 200 \u2013 Tabacco House\" \/>\n\t\t<meta property=\"og:url\" content=\"https:\/\/tabaccomd.com\/ro\/product\/tuburi-de-tigari-maxi-gold-200\/\" \/>\n\t\t<meta property=\"article:published_time\" content=\"2025-10-27T07:11:03+00:00\" \/>\n\t\t<meta property=\"article:modified_time\" content=\"2025-10-27T07:11:03+00:00\" \/>\n\t\t<meta property=\"article:publisher\" content=\"https:\/\/www.facebook.com\/tabaccomd.com\/\" \/>\n\t\t<meta name=\"twitter:card\" content=\"summary_large_image\" \/>\n\t\t<meta name=\"twitter:title\" content=\"Tuburi de \u021big\u0103ri MAXI GOLD 200 \u2013 Tabacco House\" \/>\n\t\t<script type=\"application\/ld+json\" class=\"aioseo-schema\">\n\t\t\t{\"@context\":\"https:\\\/\\\/schema.org\",\"@graph\":[{\"@type\":\"BreadcrumbList\",\"@id\":\"https:\\\/\\\/tabaccomd.com\\\/ro\\\/product\\\/tuburi-de-tigari-maxi-gold-200\\\/#breadcrumblist\",\"itemListElement\":[{\"@type\":\"ListItem\",\"@id\":\"https:\\\/\\\/tabaccomd.com\\\/ro\\\/#listItem\",\"position\":1,\"name\":\"\\u0413\\u043b\\u0430\\u0432\\u043d\\u0430\\u044f\",\"item\":\"https:\\\/\\\/tabaccomd.com\\\/ro\\\/\",\"nextItem\":{\"@type\":\"ListItem\",\"@id\":\"https:\\\/\\\/tabaccomd.com\\\/ro\\\/catalog\\\/#listItem\",\"name\":\"Catalog\"}},{\"@type\":\"ListItem\",\"@id\":\"https:\\\/\\\/tabaccomd.com\\\/ro\\\/catalog\\\/#listItem\",\"position\":2,\"name\":\"Catalog\",\"item\":\"https:\\\/\\\/tabaccomd.com\\\/ro\\\/catalog\\\/\",\"nextItem\":{\"@type\":\"ListItem\",\"@id\":\"https:\\\/\\\/tabaccomd.com\\\/ro\\\/product-category\\\/totul-pentru-rulat\\\/#listItem\",\"name\":\"Totul pentru rulat\"},\"previousItem\":{\"@type\":\"ListItem\",\"@id\":\"https:\\\/\\\/tabaccomd.com\\\/ro\\\/#listItem\",\"name\":\"\\u0413\\u043b\\u0430\\u0432\\u043d\\u0430\\u044f\"}},{\"@type\":\"ListItem\",\"@id\":\"https:\\\/\\\/tabaccomd.com\\\/ro\\\/product-category\\\/totul-pentru-rulat\\\/#listItem\",\"position\":3,\"name\":\"Totul pentru rulat\",\"item\":\"https:\\\/\\\/tabaccomd.com\\\/ro\\\/product-category\\\/totul-pentru-rulat\\\/\",\"nextItem\":{\"@type\":\"ListItem\",\"@id\":\"https:\\\/\\\/tabaccomd.com\\\/ro\\\/product-category\\\/totul-pentru-rulat\\\/tuburi-pentru-tigari\\\/#listItem\",\"name\":\"Tuburi pentru \\u021big\\u0103ri\"},\"previousItem\":{\"@type\":\"ListItem\",\"@id\":\"https:\\\/\\\/tabaccomd.com\\\/ro\\\/catalog\\\/#listItem\",\"name\":\"Catalog\"}},{\"@type\":\"ListItem\",\"@id\":\"https:\\\/\\\/tabaccomd.com\\\/ro\\\/product-category\\\/totul-pentru-rulat\\\/tuburi-pentru-tigari\\\/#listItem\",\"position\":4,\"name\":\"Tuburi pentru \\u021big\\u0103ri\",\"item\":\"https:\\\/\\\/tabaccomd.com\\\/ro\\\/product-category\\\/totul-pentru-rulat\\\/tuburi-pentru-tigari\\\/\",\"nextItem\":{\"@type\":\"ListItem\",\"@id\":\"https:\\\/\\\/tabaccomd.com\\\/ro\\\/product\\\/tuburi-de-tigari-maxi-gold-200\\\/#listItem\",\"name\":\"Tuburi de \\u021big\\u0103ri MAXI GOLD 200\"},\"previousItem\":{\"@type\":\"ListItem\",\"@id\":\"https:\\\/\\\/tabaccomd.com\\\/ro\\\/product-category\\\/totul-pentru-rulat\\\/#listItem\",\"name\":\"Totul pentru rulat\"}},{\"@type\":\"ListItem\",\"@id\":\"https:\\\/\\\/tabaccomd.com\\\/ro\\\/product\\\/tuburi-de-tigari-maxi-gold-200\\\/#listItem\",\"position\":5,\"name\":\"Tuburi de \\u021big\\u0103ri MAXI GOLD 200\",\"previousItem\":{\"@type\":\"ListItem\",\"@id\":\"https:\\\/\\\/tabaccomd.com\\\/ro\\\/product-category\\\/totul-pentru-rulat\\\/tuburi-pentru-tigari\\\/#listItem\",\"name\":\"Tuburi pentru \\u021big\\u0103ri\"}}]},{\"@type\":\"Organization\",\"@id\":\"https:\\\/\\\/tabaccomd.com\\\/ro\\\/#organization\",\"name\":\"Tabacco House\",\"description\":\"\\u041c\\u0430\\u0433\\u0430\\u0437\\u0438\\u043d \\u0442\\u0430\\u0431\\u0430\\u0447\\u043d\\u044b\\u0445 \\u0438\\u0437\\u0434\\u0435\\u043b\\u0438\\u0439\",\"url\":\"https:\\\/\\\/tabaccomd.com\\\/ro\\\/\",\"email\":\"Office@cazacuhouse.com\",\"telephone\":\"+37361000935\",\"logo\":{\"@type\":\"ImageObject\",\"url\":\"https:\\\/\\\/tabaccomd.com\\\/wp-content\\\/uploads\\\/2024\\\/02\\\/logo_header3.png\",\"@id\":\"https:\\\/\\\/tabaccomd.com\\\/ro\\\/product\\\/tuburi-de-tigari-maxi-gold-200\\\/#organizationLogo\",\"width\":32,\"height\":32,\"caption\":\"Tabacco House\"},\"image\":{\"@id\":\"https:\\\/\\\/tabaccomd.com\\\/ro\\\/product\\\/tuburi-de-tigari-maxi-gold-200\\\/#organizationLogo\"},\"sameAs\":[\"https:\\\/\\\/www.facebook.com\\\/tabaccomd.com\\\/\",\"https:\\\/\\\/www.instagram.com\\\/tabaccomd.com\\\/\"],\"address\":{\"@id\":\"https:\\\/\\\/tabaccomd.com\\\/ro\\\/#postaladdress\",\"@type\":\"PostalAddress\",\"streetAddress\":\"Strada Albi\\u015foara 4, Chi\\u0219in\\u0103u, Bulevardul \\u0218tefan cel Mare \\u0219i Sf\\u00eent 136, Chi\\u0219in\\u0103u\",\"addressLocality\":\"Chi\\u0219in\\u0103u\",\"addressCountry\":\"MD\"}},{\"@type\":\"Product\",\"@id\":\"https:\\\/\\\/tabaccomd.com\\\/ro\\\/product\\\/tuburi-de-tigari-maxi-gold-200\\\/#wooCommerceProduct\",\"name\":\"Tuburi de \\u021big\\u0103ri MAXI GOLD 200\",\"description\":\"Produc\\u0103tor: M TOBACCO GROUP, Bulgaria\\n \\tLungime: 84mm\\n \\tCantitate: 200 buc.\\n \\tDiametru filtru: 8,2mm\\n \\tLungime filtru: 15mm\",\"url\":\"https:\\\/\\\/tabaccomd.com\\\/ro\\\/product\\\/tuburi-de-tigari-maxi-gold-200\\\/\",\"sku\":\"cartmg200\",\"image\":{\"@type\":\"ImageObject\",\"url\":\"https:\\\/\\\/tabaccomd.com\\\/wp-content\\\/uploads\\\/2025\\\/10\\\/m-tobacco-cigarette-tubes-maxi-gold-200-0.jpg\",\"@id\":\"https:\\\/\\\/tabaccomd.com\\\/ro\\\/product\\\/tuburi-de-tigari-maxi-gold-200\\\/#productImage\",\"width\":1200,\"height\":1200},\"offers\":{\"@type\":\"Offer\",\"url\":\"https:\\\/\\\/tabaccomd.com\\\/ro\\\/product\\\/tuburi-de-tigari-maxi-gold-200\\\/#wooCommerceOffer\",\"price\":30,\"priceCurrency\":\"MDL\",\"category\":\"Tuburi pentru \\u021big\\u0103ri\",\"availability\":\"https:\\\/\\\/schema.org\\\/InStock\",\"priceSpecification\":{\"@type\":\"PriceSpecification\",\"price\":30,\"priceCurrency\":\"MDL\",\"valueAddedTaxIncluded\":\"true\"},\"seller\":{\"@type\":\"Organization\",\"@id\":\"https:\\\/\\\/tabaccomd.com\\\/ro\\\/#organization\"}}},{\"@type\":\"WebPage\",\"@id\":\"https:\\\/\\\/tabaccomd.com\\\/ro\\\/product\\\/tuburi-de-tigari-maxi-gold-200\\\/#webpage\",\"url\":\"https:\\\/\\\/tabaccomd.com\\\/ro\\\/product\\\/tuburi-de-tigari-maxi-gold-200\\\/\",\"name\":\"Tuburi de \\u021big\\u0103ri MAXI GOLD 200 \\u2013 Tabacco House\",\"inLanguage\":\"ro-RO\",\"isPartOf\":{\"@id\":\"https:\\\/\\\/tabaccomd.com\\\/ro\\\/#website\"},\"breadcrumb\":{\"@id\":\"https:\\\/\\\/tabaccomd.com\\\/ro\\\/product\\\/tuburi-de-tigari-maxi-gold-200\\\/#breadcrumblist\"},\"image\":{\"@type\":\"ImageObject\",\"url\":\"https:\\\/\\\/tabaccomd.com\\\/wp-content\\\/uploads\\\/2025\\\/10\\\/m-tobacco-cigarette-tubes-maxi-gold-200-0.jpg\",\"@id\":\"https:\\\/\\\/tabaccomd.com\\\/ro\\\/product\\\/tuburi-de-tigari-maxi-gold-200\\\/#mainImage\",\"width\":1200,\"height\":1200},\"primaryImageOfPage\":{\"@id\":\"https:\\\/\\\/tabaccomd.com\\\/ro\\\/product\\\/tuburi-de-tigari-maxi-gold-200\\\/#mainImage\"},\"datePublished\":\"2025-10-27T10:11:03+03:00\",\"dateModified\":\"2025-10-27T10:11:03+03:00\"},{\"@type\":\"WebSite\",\"@id\":\"https:\\\/\\\/tabaccomd.com\\\/ro\\\/#website\",\"url\":\"https:\\\/\\\/tabaccomd.com\\\/ro\\\/\",\"name\":\"Tabacco House\",\"alternateName\":\"tobaccomd.com\",\"description\":\"\\u041c\\u0430\\u0433\\u0430\\u0437\\u0438\\u043d \\u0442\\u0430\\u0431\\u0430\\u0447\\u043d\\u044b\\u0445 \\u0438\\u0437\\u0434\\u0435\\u043b\\u0438\\u0439\",\"inLanguage\":\"ro-RO\",\"publisher\":{\"@id\":\"https:\\\/\\\/tabaccomd.com\\\/ro\\\/#organization\"}}]}\n\t\t<\/script>\n\t\t<!-- All in One SEO Pro -->\r\n\t\t<title>Tuburi de \u021big\u0103ri MAXI GOLD 200 \u2013 Tabacco House<\/title>\n\n","aioseo_head_json":{"title":"Tuburi de \u021big\u0103ri MAXI GOLD 200 \u2013 Tabacco House","description":"","canonical_url":"https:\/\/tabaccomd.com\/ro\/product\/tuburi-de-tigari-maxi-gold-200\/","robots":"max-image-preview:large","keywords":"","webmasterTools":{"miscellaneous":""},"schema":{"@context":"https:\/\/schema.org","@graph":[{"@type":"BreadcrumbList","@id":"https:\/\/tabaccomd.com\/ro\/product\/tuburi-de-tigari-maxi-gold-200\/#breadcrumblist","itemListElement":[{"@type":"ListItem","@id":"https:\/\/tabaccomd.com\/ro\/#listItem","position":1,"name":"\u0413\u043b\u0430\u0432\u043d\u0430\u044f","item":"https:\/\/tabaccomd.com\/ro\/","nextItem":{"@type":"ListItem","@id":"https:\/\/tabaccomd.com\/ro\/catalog\/#listItem","name":"Catalog"}},{"@type":"ListItem","@id":"https:\/\/tabaccomd.com\/ro\/catalog\/#listItem","position":2,"name":"Catalog","item":"https:\/\/tabaccomd.com\/ro\/catalog\/","nextItem":{"@type":"ListItem","@id":"https:\/\/tabaccomd.com\/ro\/product-category\/totul-pentru-rulat\/#listItem","name":"Totul pentru rulat"},"previousItem":{"@type":"ListItem","@id":"https:\/\/tabaccomd.com\/ro\/#listItem","name":"\u0413\u043b\u0430\u0432\u043d\u0430\u044f"}},{"@type":"ListItem","@id":"https:\/\/tabaccomd.com\/ro\/product-category\/totul-pentru-rulat\/#listItem","position":3,"name":"Totul pentru rulat","item":"https:\/\/tabaccomd.com\/ro\/product-category\/totul-pentru-rulat\/","nextItem":{"@type":"ListItem","@id":"https:\/\/tabaccomd.com\/ro\/product-category\/totul-pentru-rulat\/tuburi-pentru-tigari\/#listItem","name":"Tuburi pentru \u021big\u0103ri"},"previousItem":{"@type":"ListItem","@id":"https:\/\/tabaccomd.com\/ro\/catalog\/#listItem","name":"Catalog"}},{"@type":"ListItem","@id":"https:\/\/tabaccomd.com\/ro\/product-category\/totul-pentru-rulat\/tuburi-pentru-tigari\/#listItem","position":4,"name":"Tuburi pentru \u021big\u0103ri","item":"https:\/\/tabaccomd.com\/ro\/product-category\/totul-pentru-rulat\/tuburi-pentru-tigari\/","nextItem":{"@type":"ListItem","@id":"https:\/\/tabaccomd.com\/ro\/product\/tuburi-de-tigari-maxi-gold-200\/#listItem","name":"Tuburi de \u021big\u0103ri MAXI GOLD 200"},"previousItem":{"@type":"ListItem","@id":"https:\/\/tabaccomd.com\/ro\/product-category\/totul-pentru-rulat\/#listItem","name":"Totul pentru rulat"}},{"@type":"ListItem","@id":"https:\/\/tabaccomd.com\/ro\/product\/tuburi-de-tigari-maxi-gold-200\/#listItem","position":5,"name":"Tuburi de \u021big\u0103ri MAXI GOLD 200","previousItem":{"@type":"ListItem","@id":"https:\/\/tabaccomd.com\/ro\/product-category\/totul-pentru-rulat\/tuburi-pentru-tigari\/#listItem","name":"Tuburi pentru \u021big\u0103ri"}}]},{"@type":"Organization","@id":"https:\/\/tabaccomd.com\/ro\/#organization","name":"Tabacco House","description":"\u041c\u0430\u0433\u0430\u0437\u0438\u043d \u0442\u0430\u0431\u0430\u0447\u043d\u044b\u0445 \u0438\u0437\u0434\u0435\u043b\u0438\u0439","url":"https:\/\/tabaccomd.com\/ro\/","email":"Office@cazacuhouse.com","telephone":"+37361000935","logo":{"@type":"ImageObject","url":"https:\/\/tabaccomd.com\/wp-content\/uploads\/2024\/02\/logo_header3.png","@id":"https:\/\/tabaccomd.com\/ro\/product\/tuburi-de-tigari-maxi-gold-200\/#organizationLogo","width":32,"height":32,"caption":"Tabacco House"},"image":{"@id":"https:\/\/tabaccomd.com\/ro\/product\/tuburi-de-tigari-maxi-gold-200\/#organizationLogo"},"sameAs":["https:\/\/www.facebook.com\/tabaccomd.com\/","https:\/\/www.instagram.com\/tabaccomd.com\/"],"address":{"@id":"https:\/\/tabaccomd.com\/ro\/#postaladdress","@type":"PostalAddress","streetAddress":"Strada Albi\u015foara 4, Chi\u0219in\u0103u, Bulevardul \u0218tefan cel Mare \u0219i Sf\u00eent 136, Chi\u0219in\u0103u","addressLocality":"Chi\u0219in\u0103u","addressCountry":"MD"}},{"@type":"Product","@id":"https:\/\/tabaccomd.com\/ro\/product\/tuburi-de-tigari-maxi-gold-200\/#wooCommerceProduct","name":"Tuburi de \u021big\u0103ri MAXI GOLD 200","description":"Produc\u0103tor: M TOBACCO GROUP, Bulgaria\n \tLungime: 84mm\n \tCantitate: 200 buc.\n \tDiametru filtru: 8,2mm\n \tLungime filtru: 15mm","url":"https:\/\/tabaccomd.com\/ro\/product\/tuburi-de-tigari-maxi-gold-200\/","sku":"cartmg200","image":{"@type":"ImageObject","url":"https:\/\/tabaccomd.com\/wp-content\/uploads\/2025\/10\/m-tobacco-cigarette-tubes-maxi-gold-200-0.jpg","@id":"https:\/\/tabaccomd.com\/ro\/product\/tuburi-de-tigari-maxi-gold-200\/#productImage","width":1200,"height":1200},"offers":{"@type":"Offer","url":"https:\/\/tabaccomd.com\/ro\/product\/tuburi-de-tigari-maxi-gold-200\/#wooCommerceOffer","price":30,"priceCurrency":"MDL","category":"Tuburi pentru \u021big\u0103ri","availability":"https:\/\/schema.org\/InStock","priceSpecification":{"@type":"PriceSpecification","price":30,"priceCurrency":"MDL","valueAddedTaxIncluded":"true"},"seller":{"@type":"Organization","@id":"https:\/\/tabaccomd.com\/ro\/#organization"}}},{"@type":"WebPage","@id":"https:\/\/tabaccomd.com\/ro\/product\/tuburi-de-tigari-maxi-gold-200\/#webpage","url":"https:\/\/tabaccomd.com\/ro\/product\/tuburi-de-tigari-maxi-gold-200\/","name":"Tuburi de \u021big\u0103ri MAXI GOLD 200 \u2013 Tabacco House","inLanguage":"ro-RO","isPartOf":{"@id":"https:\/\/tabaccomd.com\/ro\/#website"},"breadcrumb":{"@id":"https:\/\/tabaccomd.com\/ro\/product\/tuburi-de-tigari-maxi-gold-200\/#breadcrumblist"},"image":{"@type":"ImageObject","url":"https:\/\/tabaccomd.com\/wp-content\/uploads\/2025\/10\/m-tobacco-cigarette-tubes-maxi-gold-200-0.jpg","@id":"https:\/\/tabaccomd.com\/ro\/product\/tuburi-de-tigari-maxi-gold-200\/#mainImage","width":1200,"height":1200},"primaryImageOfPage":{"@id":"https:\/\/tabaccomd.com\/ro\/product\/tuburi-de-tigari-maxi-gold-200\/#mainImage"},"datePublished":"2025-10-27T10:11:03+03:00","dateModified":"2025-10-27T10:11:03+03:00"},{"@type":"WebSite","@id":"https:\/\/tabaccomd.com\/ro\/#website","url":"https:\/\/tabaccomd.com\/ro\/","name":"Tabacco House","alternateName":"tobaccomd.com","description":"\u041c\u0430\u0433\u0430\u0437\u0438\u043d \u0442\u0430\u0431\u0430\u0447\u043d\u044b\u0445 \u0438\u0437\u0434\u0435\u043b\u0438\u0439","inLanguage":"ro-RO","publisher":{"@id":"https:\/\/tabaccomd.com\/ro\/#organization"}}]},"og:locale":"ro_RO","og:site_name":"Tabacco House \u2013 \u041c\u0430\u0433\u0430\u0437\u0438\u043d \u0442\u0430\u0431\u0430\u0447\u043d\u044b\u0445 \u0438\u0437\u0434\u0435\u043b\u0438\u0439","og:type":"article","og:title":"Tuburi de \u021big\u0103ri MAXI GOLD 200 \u2013 Tabacco House","og:url":"https:\/\/tabaccomd.com\/ro\/product\/tuburi-de-tigari-maxi-gold-200\/","article:published_time":"2025-10-27T07:11:03+00:00","article:modified_time":"2025-10-27T07:11:03+00:00","article:publisher":"https:\/\/www.facebook.com\/tabaccomd.com\/","twitter:card":"summary_large_image","twitter:title":"Tuburi de \u021big\u0103ri MAXI GOLD 200 \u2013 Tabacco House"},"aioseo_meta_data":{"post_id":"154970","title":null,"description":null,"keywords":null,"keyphrases":{"focus":{"keyphrase":"","score":0,"analysis":{"keyphraseInTitle":{"score":0,"maxScore":9,"error":1}}},"additional":[]},"primary_term":null,"canonical_url":null,"og_title":null,"og_description":null,"og_object_type":"default","og_image_type":"default","og_image_url":null,"og_image_width":null,"og_image_height":null,"og_image_custom_url":null,"og_image_custom_fields":null,"og_video":"","og_custom_url":null,"og_article_section":null,"og_article_tags":null,"twitter_use_og":false,"twitter_card":"default","twitter_image_type":"default","twitter_image_url":null,"twitter_image_custom_url":null,"twitter_image_custom_fields":null,"twitter_title":null,"twitter_description":null,"schema":{"blockGraphs":[],"customGraphs":[],"default":{"data":{"Article":[],"Course":[],"Dataset":[],"FAQPage":[],"Movie":[],"Person":[],"Product":[],"ProductReview":[],"Car":[],"Recipe":[],"Service":[],"SoftwareApplication":[],"WebPage":[]},"graphName":"Product","isEnabled":true},"graphs":[]},"schema_type":"default","schema_type_options":null,"pillar_content":false,"robots_default":true,"robots_noindex":false,"robots_noarchive":false,"robots_nosnippet":false,"robots_nofollow":false,"robots_noimageindex":false,"robots_noodp":false,"robots_notranslate":false,"robots_max_snippet":"-1","robots_max_videopreview":"-1","robots_max_imagepreview":"large","priority":null,"frequency":"default","local_seo":null,"seo_analyzer_scan_date":"2025-10-27 13:11:51","breadcrumb_settings":null,"limit_modified_date":false,"reviewed_by":null,"open_ai":null,"ai":{"faqs":[],"keyPoints":[],"titles":[],"descriptions":[],"socialPosts":{"email":[],"linkedin":[],"twitter":[],"facebook":[],"instagram":[]}},"created":"2025-10-28 08:06:31","updated":"2025-10-28 08:06:32"},"aioseo_breadcrumb":"<div class=\"aioseo-breadcrumbs\"><span class=\"aioseo-breadcrumb\">\n\t<a href=\"https:\/\/tabaccomd.com\/ro\/\" title=\"\u0413\u043b\u0430\u0432\u043d\u0430\u044f\">\u0413\u043b\u0430\u0432\u043d\u0430\u044f<\/a>\n<\/span><span class=\"aioseo-breadcrumb-separator\">\u00bb<\/span><span class=\"aioseo-breadcrumb\">\n\t<a href=\"https:\/\/tabaccomd.com\/ro\/catalog\/\" title=\"Catalog\">Catalog<\/a>\n<\/span><span class=\"aioseo-breadcrumb-separator\">\u00bb<\/span><span class=\"aioseo-breadcrumb\">\n\t<a href=\"https:\/\/tabaccomd.com\/ro\/product-category\/totul-pentru-rulat\/\" title=\"Totul pentru rulat\">Totul pentru rulat<\/a>\n<\/span><span class=\"aioseo-breadcrumb-separator\">\u00bb<\/span><span class=\"aioseo-breadcrumb\">\n\t<a href=\"https:\/\/tabaccomd.com\/ro\/product-category\/totul-pentru-rulat\/tuburi-pentru-tigari\/\" title=\"Tuburi pentru \u021big\u0103ri\">Tuburi pentru \u021big\u0103ri<\/a>\n<\/span><span class=\"aioseo-breadcrumb-separator\">\u00bb<\/span><span class=\"aioseo-breadcrumb\">\n\tTuburi de \u021big\u0103ri MAXI GOLD 200\n<\/span><\/div>","aioseo_breadcrumb_json":[{"label":"\u0413\u043b\u0430\u0432\u043d\u0430\u044f","link":"https:\/\/tabaccomd.com\/ro\/"},{"label":"Catalog","link":"https:\/\/tabaccomd.com\/ro\/catalog\/"},{"label":"Totul pentru rulat","link":"https:\/\/tabaccomd.com\/ro\/product-category\/totul-pentru-rulat\/"},{"label":"Tuburi pentru \u021big\u0103ri","link":"https:\/\/tabaccomd.com\/ro\/product-category\/totul-pentru-rulat\/tuburi-pentru-tigari\/"},{"label":"Tuburi de \u021big\u0103ri MAXI GOLD 200","link":"https:\/\/tabaccomd.com\/ro\/product\/tuburi-de-tigari-maxi-gold-200\/"}],"images_for_1c":[{"url":"https:\/\/tabaccomd.com\/wp-content\/uploads\/2025\/10\/m-tobacco-cigarette-tubes-maxi-gold-200-0.jpg","type":"featured","alt":"m-tobacco-cigarette-tubes-maxi-gold-200-0","filename":"m-tobacco-cigarette-tubes-maxi-gold-200-0.jpg"},{"url":"https:\/\/tabaccomd.com\/wp-content\/uploads\/2025\/10\/m-tobacco-cigarette-tubes-maxi-gold-200-1.JPG","type":"gallery","alt":"m-tobacco-cigarette-tubes-maxi-gold-200-1","filename":"m-tobacco-cigarette-tubes-maxi-gold-200-1.JPG"},{"url":"https:\/\/tabaccomd.com\/wp-content\/uploads\/2025\/10\/m-tobacco-cigarette-tubes-maxi-gold-200.jpg","type":"gallery","alt":"m-tobacco-cigarette-tubes-maxi-gold-200","filename":"m-tobacco-cigarette-tubes-maxi-gold-200.jpg"}],"additional_data_1c":{"modified_date":"2025-10-27 10:11:03","permalink":"https:\/\/tabaccomd.com\/ro\/product\/tuburi-de-tigari-maxi-gold-200\/","stock_status":"instock","manage_stock":"no"},"_links":{"self":[{"href":"https:\/\/tabaccomd.com\/ro\/wp-json\/wp\/v2\/product\/154970","targetHints":{"allow":["GET"]}}],"collection":[{"href":"https:\/\/tabaccomd.com\/ro\/wp-json\/wp\/v2\/product"}],"about":[{"href":"https:\/\/tabaccomd.com\/ro\/wp-json\/wp\/v2\/types\/product"}],"wp:featuredmedia":[{"embeddable":true,"href":"https:\/\/tabaccomd.com\/ro\/wp-json\/wp\/v2\/media\/154961"}],"wp:attachment":[{"href":"https:\/\/tabaccomd.com\/ro\/wp-json\/wp\/v2\/media?parent=154970"}],"wp:term":[{"taxonomy":"product_brand","embeddable":true,"href":"https:\/\/tabaccomd.com\/ro\/wp-json\/wp\/v2\/product_brand?post=154970"},{"taxonomy":"product_cat","embeddable":true,"href":"https:\/\/tabaccomd.com\/ro\/wp-json\/wp\/v2\/product_cat?post=154970"},{"taxonomy":"product_tag","embeddable":true,"href":"https:\/\/tabaccomd.com\/ro\/wp-json\/wp\/v2\/product_tag?post=154970"}],"curies":[{"name":"wp","href":"https:\/\/api.w.org\/{rel}","templated":true}]}}