{"id":154827,"date":"2025-10-23T12:15:25","date_gmt":"2025-10-23T09:15:25","guid":{"rendered":"https:\/\/tabaccomd.com\/product\/gift-box-zippo-japanese-kurayoshi-casa-turrent\/"},"modified":"2025-10-23T12:15:25","modified_gmt":"2025-10-23T09:15:25","slug":"gift-box-zippo-japanese-kurayoshi-casa-turrent","status":"publish","type":"product","link":"https:\/\/tabaccomd.com\/ro\/product\/gift-box-zippo-japanese-kurayoshi-casa-turrent\/","title":{"rendered":"Gift Box Zippo + Japanese Kurayoshi + Casa Turrent"},"content":{"rendered":"<ul>\n<li>Gift Box gata preg\u0103tit<\/li>\n<li>Posibilitatea de a \u00eenlocui orice pozi\u021bie<\/li>\n<li>Cutie marca Tabacco House<\/li>\n<li>Felicitare marca Tabacco House<\/li>\n<li>Livr\u0103m \u00een toat\u0103 Moldova<\/li>\n<\/ul>\n<p>Sunte\u021bi \u00een c\u0103utarea unui cadou unic? Consultan\u021bii no\u0219tri v\u0103 vor ajuta cu pl\u0103cere s\u0103 alege\u021bi un cadou care s\u0103 pun\u0103 \u00een eviden\u021b\u0103 individualitatea \u0219i aten\u021bia pe care dori\u021bi s\u0103 le oferi\u021bi. Compania noastr\u0103 este singura care ofer\u0103 cadouri premium pentru orice buget. Aten\u021bie personal\u0103 la fiecare detaliu, compozi\u021biile de cadouri culese cu dragoste sunt gata s\u0103 v\u0103 surprind\u0103. Livrare rapid\u0103 \u00een aceea\u0219i zi! V\u0103 facem a\u0219teptarea minim\u0103 pentru ca bucuria cadoului s\u0103 fie maxim\u0103!     <\/p>\n<p>Pute\u021bi achizi\u021biona Gift Box Zippo + Japanese Kurayoshi + Casa Turrent \u00een Moldova, Chi\u0219in\u0103u \u00een re\u021beaua de magazine Tabacco House.<\/p>\n","protected":false},"excerpt":{"rendered":"<ul class=\"product-fields\">\n<li>Brichet\u0103: <a href=\"https:\/\/tabaccomd.com\/product\/zippo-reg-brush-fin-chrome-200\/\"><strong>Zippo 200 Brushed Finish Chrome<\/strong><\/a><\/li>\n<li>Whisky: <strong><a href=\"https:\/\/tabaccomd.com\/ro\/product\/whisky-japanse-kurayoshi-0-7-l\/\">Japanse Kurayoshi 0.7l<\/a><\/strong><\/li>\n<li>Trabuc mexican: <strong><a href=\"https:\/\/tabaccomd.com\/ro\/product\/trabucuri-casa-turrent-1880-claro-robusto-10\/\">Casa Turrent Claro Robusto<\/a><\/strong><\/li>\n<li>Trabuc mexican<strong>: <a href=\"https:\/\/tabaccomd.com\/ro\/product\/trabucuri-casa-turrent-1880-oscuro-robusto\/\">Casa Turrent Oscuro Robusto<\/a><\/strong><\/li>\n<li>Cutie de cadou mare<\/li>\n<\/ul>\n","protected":false},"featured_media":154824,"template":"","meta":{"om_disable_all_campaigns":false,"_monsterinsights_skip_tracking":false,"_monsterinsights_sitenote_active":false,"_monsterinsights_sitenote_note":"","_monsterinsights_sitenote_category":0},"product_brand":[],"product_cat":[434],"product_tag":[],"class_list":{"0":"post-154827","1":"product","2":"type-product","3":"status-publish","4":"has-post-thumbnail","6":"product_cat-seturi-de-cadouri","8":"first","9":"instock","10":"purchasable","11":"product-type-simple"},"aioseo_notices":[],"aioseo_head":"\n\t\t<!-- All in One SEO Pro 4.9.5.2 - aioseo.com -->\n\t<meta name=\"robots\" content=\"max-image-preview:large\" \/>\n\t<link rel=\"canonical\" href=\"https:\/\/tabaccomd.com\/ro\/product\/gift-box-zippo-japanese-kurayoshi-casa-turrent\/\" \/>\n\t<meta name=\"generator\" content=\"All in One SEO Pro (AIOSEO) 4.9.5.2\" \/>\n\t\t<meta property=\"og:locale\" content=\"ro_RO\" \/>\n\t\t<meta property=\"og:site_name\" content=\"Tabacco House \u2013 \u041c\u0430\u0433\u0430\u0437\u0438\u043d \u0442\u0430\u0431\u0430\u0447\u043d\u044b\u0445 \u0438\u0437\u0434\u0435\u043b\u0438\u0439\" \/>\n\t\t<meta property=\"og:type\" content=\"article\" \/>\n\t\t<meta property=\"og:title\" content=\"Gift Box Zippo + Japanese Kurayoshi + Casa Turrent \u2013 Tabacco House\" \/>\n\t\t<meta property=\"og:url\" content=\"https:\/\/tabaccomd.com\/ro\/product\/gift-box-zippo-japanese-kurayoshi-casa-turrent\/\" \/>\n\t\t<meta property=\"article:published_time\" content=\"2025-10-23T09:15:25+00:00\" \/>\n\t\t<meta property=\"article:modified_time\" content=\"2025-10-23T09:15:25+00:00\" \/>\n\t\t<meta property=\"article:publisher\" content=\"https:\/\/www.facebook.com\/tabaccomd.com\/\" \/>\n\t\t<meta name=\"twitter:card\" content=\"summary_large_image\" \/>\n\t\t<meta name=\"twitter:title\" content=\"Gift Box Zippo + Japanese Kurayoshi + Casa Turrent \u2013 Tabacco House\" \/>\n\t\t<script type=\"application\/ld+json\" class=\"aioseo-schema\">\n\t\t\t{\"@context\":\"https:\\\/\\\/schema.org\",\"@graph\":[{\"@type\":\"BreadcrumbList\",\"@id\":\"https:\\\/\\\/tabaccomd.com\\\/ro\\\/product\\\/gift-box-zippo-japanese-kurayoshi-casa-turrent\\\/#breadcrumblist\",\"itemListElement\":[{\"@type\":\"ListItem\",\"@id\":\"https:\\\/\\\/tabaccomd.com\\\/ro\\\/#listItem\",\"position\":1,\"name\":\"\\u0413\\u043b\\u0430\\u0432\\u043d\\u0430\\u044f\",\"item\":\"https:\\\/\\\/tabaccomd.com\\\/ro\\\/\",\"nextItem\":{\"@type\":\"ListItem\",\"@id\":\"https:\\\/\\\/tabaccomd.com\\\/ro\\\/catalog\\\/#listItem\",\"name\":\"Catalog\"}},{\"@type\":\"ListItem\",\"@id\":\"https:\\\/\\\/tabaccomd.com\\\/ro\\\/catalog\\\/#listItem\",\"position\":2,\"name\":\"Catalog\",\"item\":\"https:\\\/\\\/tabaccomd.com\\\/ro\\\/catalog\\\/\",\"nextItem\":{\"@type\":\"ListItem\",\"@id\":\"https:\\\/\\\/tabaccomd.com\\\/ro\\\/product-category\\\/gixt-box\\\/#listItem\",\"name\":\"Gift Box\"},\"previousItem\":{\"@type\":\"ListItem\",\"@id\":\"https:\\\/\\\/tabaccomd.com\\\/ro\\\/#listItem\",\"name\":\"\\u0413\\u043b\\u0430\\u0432\\u043d\\u0430\\u044f\"}},{\"@type\":\"ListItem\",\"@id\":\"https:\\\/\\\/tabaccomd.com\\\/ro\\\/product-category\\\/gixt-box\\\/#listItem\",\"position\":3,\"name\":\"Gift Box\",\"item\":\"https:\\\/\\\/tabaccomd.com\\\/ro\\\/product-category\\\/gixt-box\\\/\",\"nextItem\":{\"@type\":\"ListItem\",\"@id\":\"https:\\\/\\\/tabaccomd.com\\\/ro\\\/product-category\\\/gixt-box\\\/seturi-de-cadouri\\\/#listItem\",\"name\":\"Seturi de cadouri\"},\"previousItem\":{\"@type\":\"ListItem\",\"@id\":\"https:\\\/\\\/tabaccomd.com\\\/ro\\\/catalog\\\/#listItem\",\"name\":\"Catalog\"}},{\"@type\":\"ListItem\",\"@id\":\"https:\\\/\\\/tabaccomd.com\\\/ro\\\/product-category\\\/gixt-box\\\/seturi-de-cadouri\\\/#listItem\",\"position\":4,\"name\":\"Seturi de cadouri\",\"item\":\"https:\\\/\\\/tabaccomd.com\\\/ro\\\/product-category\\\/gixt-box\\\/seturi-de-cadouri\\\/\",\"nextItem\":{\"@type\":\"ListItem\",\"@id\":\"https:\\\/\\\/tabaccomd.com\\\/ro\\\/product\\\/gift-box-zippo-japanese-kurayoshi-casa-turrent\\\/#listItem\",\"name\":\"Gift Box Zippo + Japanese Kurayoshi + Casa Turrent\"},\"previousItem\":{\"@type\":\"ListItem\",\"@id\":\"https:\\\/\\\/tabaccomd.com\\\/ro\\\/product-category\\\/gixt-box\\\/#listItem\",\"name\":\"Gift Box\"}},{\"@type\":\"ListItem\",\"@id\":\"https:\\\/\\\/tabaccomd.com\\\/ro\\\/product\\\/gift-box-zippo-japanese-kurayoshi-casa-turrent\\\/#listItem\",\"position\":5,\"name\":\"Gift Box Zippo + Japanese Kurayoshi + Casa Turrent\",\"previousItem\":{\"@type\":\"ListItem\",\"@id\":\"https:\\\/\\\/tabaccomd.com\\\/ro\\\/product-category\\\/gixt-box\\\/seturi-de-cadouri\\\/#listItem\",\"name\":\"Seturi de cadouri\"}}]},{\"@type\":\"Organization\",\"@id\":\"https:\\\/\\\/tabaccomd.com\\\/ro\\\/#organization\",\"name\":\"Tabacco House\",\"description\":\"\\u041c\\u0430\\u0433\\u0430\\u0437\\u0438\\u043d \\u0442\\u0430\\u0431\\u0430\\u0447\\u043d\\u044b\\u0445 \\u0438\\u0437\\u0434\\u0435\\u043b\\u0438\\u0439\",\"url\":\"https:\\\/\\\/tabaccomd.com\\\/ro\\\/\",\"email\":\"Office@cazacuhouse.com\",\"telephone\":\"+37361000935\",\"logo\":{\"@type\":\"ImageObject\",\"url\":\"https:\\\/\\\/tabaccomd.com\\\/wp-content\\\/uploads\\\/2024\\\/02\\\/logo_header3.png\",\"@id\":\"https:\\\/\\\/tabaccomd.com\\\/ro\\\/product\\\/gift-box-zippo-japanese-kurayoshi-casa-turrent\\\/#organizationLogo\",\"width\":32,\"height\":32,\"caption\":\"Tabacco House\"},\"image\":{\"@id\":\"https:\\\/\\\/tabaccomd.com\\\/ro\\\/product\\\/gift-box-zippo-japanese-kurayoshi-casa-turrent\\\/#organizationLogo\"},\"sameAs\":[\"https:\\\/\\\/www.facebook.com\\\/tabaccomd.com\\\/\",\"https:\\\/\\\/www.instagram.com\\\/tabaccomd.com\\\/\"],\"address\":{\"@id\":\"https:\\\/\\\/tabaccomd.com\\\/ro\\\/#postaladdress\",\"@type\":\"PostalAddress\",\"streetAddress\":\"Strada Albi\\u015foara 4, Chi\\u0219in\\u0103u, Bulevardul \\u0218tefan cel Mare \\u0219i Sf\\u00eent 136, Chi\\u0219in\\u0103u\",\"addressLocality\":\"Chi\\u0219in\\u0103u\",\"addressCountry\":\"MD\"}},{\"@type\":\"Product\",\"@id\":\"https:\\\/\\\/tabaccomd.com\\\/ro\\\/product\\\/gift-box-zippo-japanese-kurayoshi-casa-turrent\\\/#wooCommerceProduct\",\"name\":\"Gift Box Zippo + Japanese Kurayoshi + Casa Turrent\",\"description\":\"Brichet\\u0103: Zippo 200 Brushed Finish Chrome\\n \\tWhisky: Japanse Kurayoshi 0.7l\\n \\tTrabuc mexican: Casa Turrent Claro Robusto\\n \\tTrabuc mexican: Casa Turrent Oscuro Robusto\\n \\tCutie de cadou mare\",\"url\":\"https:\\\/\\\/tabaccomd.com\\\/ro\\\/product\\\/gift-box-zippo-japanese-kurayoshi-casa-turrent\\\/\",\"sku\":\"Zippo + Japanese Kurayoshi + Casa Turrent\",\"image\":{\"@type\":\"ImageObject\",\"url\":\"https:\\\/\\\/tabaccomd.com\\\/wp-content\\\/uploads\\\/2024\\\/09\\\/Gift-Box-Zippo-Japanese-Kurayoshi-Casa-Turrent.png\",\"@id\":\"https:\\\/\\\/tabaccomd.com\\\/ro\\\/product\\\/gift-box-zippo-japanese-kurayoshi-casa-turrent\\\/#productImage\",\"width\":1200,\"height\":1200},\"offers\":{\"@type\":\"Offer\",\"url\":\"https:\\\/\\\/tabaccomd.com\\\/ro\\\/product\\\/gift-box-zippo-japanese-kurayoshi-casa-turrent\\\/#wooCommerceOffer\",\"price\":3180,\"priceCurrency\":\"MDL\",\"category\":\"Seturi de cadouri\",\"availability\":\"https:\\\/\\\/schema.org\\\/InStock\",\"priceSpecification\":{\"@type\":\"PriceSpecification\",\"price\":3180,\"priceCurrency\":\"MDL\",\"valueAddedTaxIncluded\":\"true\"},\"seller\":{\"@type\":\"Organization\",\"@id\":\"https:\\\/\\\/tabaccomd.com\\\/ro\\\/#organization\"}}},{\"@type\":\"WebPage\",\"@id\":\"https:\\\/\\\/tabaccomd.com\\\/ro\\\/product\\\/gift-box-zippo-japanese-kurayoshi-casa-turrent\\\/#webpage\",\"url\":\"https:\\\/\\\/tabaccomd.com\\\/ro\\\/product\\\/gift-box-zippo-japanese-kurayoshi-casa-turrent\\\/\",\"name\":\"Gift Box Zippo + Japanese Kurayoshi + Casa Turrent \\u2013 Tabacco House\",\"inLanguage\":\"ro-RO\",\"isPartOf\":{\"@id\":\"https:\\\/\\\/tabaccomd.com\\\/ro\\\/#website\"},\"breadcrumb\":{\"@id\":\"https:\\\/\\\/tabaccomd.com\\\/ro\\\/product\\\/gift-box-zippo-japanese-kurayoshi-casa-turrent\\\/#breadcrumblist\"},\"image\":{\"@type\":\"ImageObject\",\"url\":\"https:\\\/\\\/tabaccomd.com\\\/wp-content\\\/uploads\\\/2024\\\/09\\\/Gift-Box-Zippo-Japanese-Kurayoshi-Casa-Turrent.png\",\"@id\":\"https:\\\/\\\/tabaccomd.com\\\/ro\\\/product\\\/gift-box-zippo-japanese-kurayoshi-casa-turrent\\\/#mainImage\",\"width\":1200,\"height\":1200},\"primaryImageOfPage\":{\"@id\":\"https:\\\/\\\/tabaccomd.com\\\/ro\\\/product\\\/gift-box-zippo-japanese-kurayoshi-casa-turrent\\\/#mainImage\"},\"datePublished\":\"2025-10-23T12:15:25+03:00\",\"dateModified\":\"2025-10-23T12:15:25+03:00\"},{\"@type\":\"WebSite\",\"@id\":\"https:\\\/\\\/tabaccomd.com\\\/ro\\\/#website\",\"url\":\"https:\\\/\\\/tabaccomd.com\\\/ro\\\/\",\"name\":\"Tabacco House\",\"alternateName\":\"tobaccomd.com\",\"description\":\"\\u041c\\u0430\\u0433\\u0430\\u0437\\u0438\\u043d \\u0442\\u0430\\u0431\\u0430\\u0447\\u043d\\u044b\\u0445 \\u0438\\u0437\\u0434\\u0435\\u043b\\u0438\\u0439\",\"inLanguage\":\"ro-RO\",\"publisher\":{\"@id\":\"https:\\\/\\\/tabaccomd.com\\\/ro\\\/#organization\"}}]}\n\t\t<\/script>\n\t\t<!-- All in One SEO Pro -->\r\n\t\t<title>Gift Box Zippo + Japanese Kurayoshi + Casa Turrent \u2013 Tabacco House<\/title>\n\n","aioseo_head_json":{"title":"Gift Box Zippo + Japanese Kurayoshi + Casa Turrent \u2013 Tabacco House","description":"","canonical_url":"https:\/\/tabaccomd.com\/ro\/product\/gift-box-zippo-japanese-kurayoshi-casa-turrent\/","robots":"max-image-preview:large","keywords":"","webmasterTools":{"miscellaneous":""},"schema":{"@context":"https:\/\/schema.org","@graph":[{"@type":"BreadcrumbList","@id":"https:\/\/tabaccomd.com\/ro\/product\/gift-box-zippo-japanese-kurayoshi-casa-turrent\/#breadcrumblist","itemListElement":[{"@type":"ListItem","@id":"https:\/\/tabaccomd.com\/ro\/#listItem","position":1,"name":"\u0413\u043b\u0430\u0432\u043d\u0430\u044f","item":"https:\/\/tabaccomd.com\/ro\/","nextItem":{"@type":"ListItem","@id":"https:\/\/tabaccomd.com\/ro\/catalog\/#listItem","name":"Catalog"}},{"@type":"ListItem","@id":"https:\/\/tabaccomd.com\/ro\/catalog\/#listItem","position":2,"name":"Catalog","item":"https:\/\/tabaccomd.com\/ro\/catalog\/","nextItem":{"@type":"ListItem","@id":"https:\/\/tabaccomd.com\/ro\/product-category\/gixt-box\/#listItem","name":"Gift Box"},"previousItem":{"@type":"ListItem","@id":"https:\/\/tabaccomd.com\/ro\/#listItem","name":"\u0413\u043b\u0430\u0432\u043d\u0430\u044f"}},{"@type":"ListItem","@id":"https:\/\/tabaccomd.com\/ro\/product-category\/gixt-box\/#listItem","position":3,"name":"Gift Box","item":"https:\/\/tabaccomd.com\/ro\/product-category\/gixt-box\/","nextItem":{"@type":"ListItem","@id":"https:\/\/tabaccomd.com\/ro\/product-category\/gixt-box\/seturi-de-cadouri\/#listItem","name":"Seturi de cadouri"},"previousItem":{"@type":"ListItem","@id":"https:\/\/tabaccomd.com\/ro\/catalog\/#listItem","name":"Catalog"}},{"@type":"ListItem","@id":"https:\/\/tabaccomd.com\/ro\/product-category\/gixt-box\/seturi-de-cadouri\/#listItem","position":4,"name":"Seturi de cadouri","item":"https:\/\/tabaccomd.com\/ro\/product-category\/gixt-box\/seturi-de-cadouri\/","nextItem":{"@type":"ListItem","@id":"https:\/\/tabaccomd.com\/ro\/product\/gift-box-zippo-japanese-kurayoshi-casa-turrent\/#listItem","name":"Gift Box Zippo + Japanese Kurayoshi + Casa Turrent"},"previousItem":{"@type":"ListItem","@id":"https:\/\/tabaccomd.com\/ro\/product-category\/gixt-box\/#listItem","name":"Gift Box"}},{"@type":"ListItem","@id":"https:\/\/tabaccomd.com\/ro\/product\/gift-box-zippo-japanese-kurayoshi-casa-turrent\/#listItem","position":5,"name":"Gift Box Zippo + Japanese Kurayoshi + Casa Turrent","previousItem":{"@type":"ListItem","@id":"https:\/\/tabaccomd.com\/ro\/product-category\/gixt-box\/seturi-de-cadouri\/#listItem","name":"Seturi de cadouri"}}]},{"@type":"Organization","@id":"https:\/\/tabaccomd.com\/ro\/#organization","name":"Tabacco House","description":"\u041c\u0430\u0433\u0430\u0437\u0438\u043d \u0442\u0430\u0431\u0430\u0447\u043d\u044b\u0445 \u0438\u0437\u0434\u0435\u043b\u0438\u0439","url":"https:\/\/tabaccomd.com\/ro\/","email":"Office@cazacuhouse.com","telephone":"+37361000935","logo":{"@type":"ImageObject","url":"https:\/\/tabaccomd.com\/wp-content\/uploads\/2024\/02\/logo_header3.png","@id":"https:\/\/tabaccomd.com\/ro\/product\/gift-box-zippo-japanese-kurayoshi-casa-turrent\/#organizationLogo","width":32,"height":32,"caption":"Tabacco House"},"image":{"@id":"https:\/\/tabaccomd.com\/ro\/product\/gift-box-zippo-japanese-kurayoshi-casa-turrent\/#organizationLogo"},"sameAs":["https:\/\/www.facebook.com\/tabaccomd.com\/","https:\/\/www.instagram.com\/tabaccomd.com\/"],"address":{"@id":"https:\/\/tabaccomd.com\/ro\/#postaladdress","@type":"PostalAddress","streetAddress":"Strada Albi\u015foara 4, Chi\u0219in\u0103u, Bulevardul \u0218tefan cel Mare \u0219i Sf\u00eent 136, Chi\u0219in\u0103u","addressLocality":"Chi\u0219in\u0103u","addressCountry":"MD"}},{"@type":"Product","@id":"https:\/\/tabaccomd.com\/ro\/product\/gift-box-zippo-japanese-kurayoshi-casa-turrent\/#wooCommerceProduct","name":"Gift Box Zippo + Japanese Kurayoshi + Casa Turrent","description":"Brichet\u0103: Zippo 200 Brushed Finish Chrome\n \tWhisky: Japanse Kurayoshi 0.7l\n \tTrabuc mexican: Casa Turrent Claro Robusto\n \tTrabuc mexican: Casa Turrent Oscuro Robusto\n \tCutie de cadou mare","url":"https:\/\/tabaccomd.com\/ro\/product\/gift-box-zippo-japanese-kurayoshi-casa-turrent\/","sku":"Zippo + Japanese Kurayoshi + Casa Turrent","image":{"@type":"ImageObject","url":"https:\/\/tabaccomd.com\/wp-content\/uploads\/2024\/09\/Gift-Box-Zippo-Japanese-Kurayoshi-Casa-Turrent.png","@id":"https:\/\/tabaccomd.com\/ro\/product\/gift-box-zippo-japanese-kurayoshi-casa-turrent\/#productImage","width":1200,"height":1200},"offers":{"@type":"Offer","url":"https:\/\/tabaccomd.com\/ro\/product\/gift-box-zippo-japanese-kurayoshi-casa-turrent\/#wooCommerceOffer","price":3180,"priceCurrency":"MDL","category":"Seturi de cadouri","availability":"https:\/\/schema.org\/InStock","priceSpecification":{"@type":"PriceSpecification","price":3180,"priceCurrency":"MDL","valueAddedTaxIncluded":"true"},"seller":{"@type":"Organization","@id":"https:\/\/tabaccomd.com\/ro\/#organization"}}},{"@type":"WebPage","@id":"https:\/\/tabaccomd.com\/ro\/product\/gift-box-zippo-japanese-kurayoshi-casa-turrent\/#webpage","url":"https:\/\/tabaccomd.com\/ro\/product\/gift-box-zippo-japanese-kurayoshi-casa-turrent\/","name":"Gift Box Zippo + Japanese Kurayoshi + Casa Turrent \u2013 Tabacco House","inLanguage":"ro-RO","isPartOf":{"@id":"https:\/\/tabaccomd.com\/ro\/#website"},"breadcrumb":{"@id":"https:\/\/tabaccomd.com\/ro\/product\/gift-box-zippo-japanese-kurayoshi-casa-turrent\/#breadcrumblist"},"image":{"@type":"ImageObject","url":"https:\/\/tabaccomd.com\/wp-content\/uploads\/2024\/09\/Gift-Box-Zippo-Japanese-Kurayoshi-Casa-Turrent.png","@id":"https:\/\/tabaccomd.com\/ro\/product\/gift-box-zippo-japanese-kurayoshi-casa-turrent\/#mainImage","width":1200,"height":1200},"primaryImageOfPage":{"@id":"https:\/\/tabaccomd.com\/ro\/product\/gift-box-zippo-japanese-kurayoshi-casa-turrent\/#mainImage"},"datePublished":"2025-10-23T12:15:25+03:00","dateModified":"2025-10-23T12:15:25+03:00"},{"@type":"WebSite","@id":"https:\/\/tabaccomd.com\/ro\/#website","url":"https:\/\/tabaccomd.com\/ro\/","name":"Tabacco House","alternateName":"tobaccomd.com","description":"\u041c\u0430\u0433\u0430\u0437\u0438\u043d \u0442\u0430\u0431\u0430\u0447\u043d\u044b\u0445 \u0438\u0437\u0434\u0435\u043b\u0438\u0439","inLanguage":"ro-RO","publisher":{"@id":"https:\/\/tabaccomd.com\/ro\/#organization"}}]},"og:locale":"ro_RO","og:site_name":"Tabacco House \u2013 \u041c\u0430\u0433\u0430\u0437\u0438\u043d \u0442\u0430\u0431\u0430\u0447\u043d\u044b\u0445 \u0438\u0437\u0434\u0435\u043b\u0438\u0439","og:type":"article","og:title":"Gift Box Zippo + Japanese Kurayoshi + Casa Turrent \u2013 Tabacco House","og:url":"https:\/\/tabaccomd.com\/ro\/product\/gift-box-zippo-japanese-kurayoshi-casa-turrent\/","article:published_time":"2025-10-23T09:15:25+00:00","article:modified_time":"2025-10-23T09:15:25+00:00","article:publisher":"https:\/\/www.facebook.com\/tabaccomd.com\/","twitter:card":"summary_large_image","twitter:title":"Gift Box Zippo + Japanese Kurayoshi + Casa Turrent \u2013 Tabacco House"},"aioseo_meta_data":{"post_id":"154827","title":null,"description":null,"keywords":null,"keyphrases":{"focus":{"keyphrase":"","score":0,"analysis":{"keyphraseInTitle":{"score":0,"maxScore":9,"error":1}}},"additional":[]},"primary_term":null,"canonical_url":null,"og_title":null,"og_description":null,"og_object_type":"default","og_image_type":"default","og_image_url":null,"og_image_width":null,"og_image_height":null,"og_image_custom_url":null,"og_image_custom_fields":null,"og_video":"","og_custom_url":null,"og_article_section":null,"og_article_tags":null,"twitter_use_og":false,"twitter_card":"default","twitter_image_type":"default","twitter_image_url":null,"twitter_image_custom_url":null,"twitter_image_custom_fields":null,"twitter_title":null,"twitter_description":null,"schema":{"blockGraphs":[],"customGraphs":[],"default":{"data":{"Article":[],"Course":[],"Dataset":[],"FAQPage":[],"Movie":[],"Person":[],"Product":[],"ProductReview":[],"Car":[],"Recipe":[],"Service":[],"SoftwareApplication":[],"WebPage":[]},"graphName":"Product","isEnabled":true},"graphs":[]},"schema_type":"default","schema_type_options":null,"pillar_content":false,"robots_default":true,"robots_noindex":false,"robots_noarchive":false,"robots_nosnippet":false,"robots_nofollow":false,"robots_noimageindex":false,"robots_noodp":false,"robots_notranslate":false,"robots_max_snippet":"-1","robots_max_videopreview":"-1","robots_max_imagepreview":"large","priority":null,"frequency":"default","local_seo":null,"seo_analyzer_scan_date":"2025-10-23 10:11:38","breadcrumb_settings":null,"limit_modified_date":false,"reviewed_by":null,"open_ai":null,"ai":{"faqs":[],"keyPoints":[],"titles":[],"descriptions":[],"socialPosts":{"email":[],"linkedin":[],"twitter":[],"facebook":[],"instagram":[]}},"created":"2025-10-23 10:11:13","updated":"2025-10-23 10:11:38"},"aioseo_breadcrumb":"<div class=\"aioseo-breadcrumbs\"><span class=\"aioseo-breadcrumb\">\n\t<a href=\"https:\/\/tabaccomd.com\/ro\/\" title=\"\u0413\u043b\u0430\u0432\u043d\u0430\u044f\">\u0413\u043b\u0430\u0432\u043d\u0430\u044f<\/a>\n<\/span><span class=\"aioseo-breadcrumb-separator\">\u00bb<\/span><span class=\"aioseo-breadcrumb\">\n\t<a href=\"https:\/\/tabaccomd.com\/ro\/catalog\/\" title=\"Catalog\">Catalog<\/a>\n<\/span><span class=\"aioseo-breadcrumb-separator\">\u00bb<\/span><span class=\"aioseo-breadcrumb\">\n\t<a href=\"https:\/\/tabaccomd.com\/ro\/product-category\/gixt-box\/\" title=\"Gift Box\">Gift Box<\/a>\n<\/span><span class=\"aioseo-breadcrumb-separator\">\u00bb<\/span><span class=\"aioseo-breadcrumb\">\n\t<a href=\"https:\/\/tabaccomd.com\/ro\/product-category\/gixt-box\/seturi-de-cadouri\/\" title=\"Seturi de cadouri\">Seturi de cadouri<\/a>\n<\/span><span class=\"aioseo-breadcrumb-separator\">\u00bb<\/span><span class=\"aioseo-breadcrumb\">\n\tGift Box Zippo + Japanese Kurayoshi + Casa Turrent\n<\/span><\/div>","aioseo_breadcrumb_json":[{"label":"\u0413\u043b\u0430\u0432\u043d\u0430\u044f","link":"https:\/\/tabaccomd.com\/ro\/"},{"label":"Catalog","link":"https:\/\/tabaccomd.com\/ro\/catalog\/"},{"label":"Gift Box","link":"https:\/\/tabaccomd.com\/ro\/product-category\/gixt-box\/"},{"label":"Seturi de cadouri","link":"https:\/\/tabaccomd.com\/ro\/product-category\/gixt-box\/seturi-de-cadouri\/"},{"label":"Gift Box Zippo + Japanese Kurayoshi + Casa Turrent","link":"https:\/\/tabaccomd.com\/ro\/product\/gift-box-zippo-japanese-kurayoshi-casa-turrent\/"}],"images_for_1c":[{"url":"https:\/\/tabaccomd.com\/wp-content\/uploads\/2024\/09\/Gift-Box-Zippo-Japanese-Kurayoshi-Casa-Turrent.png","type":"featured","alt":"Gift-Box-Zippo-Japanese-Kurayoshi-Casa-Turrent","filename":"Gift-Box-Zippo-Japanese-Kurayoshi-Casa-Turrent.png"},{"url":"https:\/\/tabaccomd.com\/wp-content\/uploads\/2024\/09\/Gift-Box-Zippo-Japanese-Kurayoshi-Casa-Turrent-0.png","type":"gallery","alt":"Gift-Box-Zippo-Japanese-Kurayoshi-Casa-Turrent-0","filename":"Gift-Box-Zippo-Japanese-Kurayoshi-Casa-Turrent-0.png"}],"additional_data_1c":{"modified_date":"2025-10-23 12:15:25","permalink":"https:\/\/tabaccomd.com\/ro\/product\/gift-box-zippo-japanese-kurayoshi-casa-turrent\/","stock_status":"instock","manage_stock":"no"},"_links":{"self":[{"href":"https:\/\/tabaccomd.com\/ro\/wp-json\/wp\/v2\/product\/154827","targetHints":{"allow":["GET"]}}],"collection":[{"href":"https:\/\/tabaccomd.com\/ro\/wp-json\/wp\/v2\/product"}],"about":[{"href":"https:\/\/tabaccomd.com\/ro\/wp-json\/wp\/v2\/types\/product"}],"wp:featuredmedia":[{"embeddable":true,"href":"https:\/\/tabaccomd.com\/ro\/wp-json\/wp\/v2\/media\/154824"}],"wp:attachment":[{"href":"https:\/\/tabaccomd.com\/ro\/wp-json\/wp\/v2\/media?parent=154827"}],"wp:term":[{"taxonomy":"product_brand","embeddable":true,"href":"https:\/\/tabaccomd.com\/ro\/wp-json\/wp\/v2\/product_brand?post=154827"},{"taxonomy":"product_cat","embeddable":true,"href":"https:\/\/tabaccomd.com\/ro\/wp-json\/wp\/v2\/product_cat?post=154827"},{"taxonomy":"product_tag","embeddable":true,"href":"https:\/\/tabaccomd.com\/ro\/wp-json\/wp\/v2\/product_tag?post=154827"}],"curies":[{"name":"wp","href":"https:\/\/api.w.org\/{rel}","templated":true}]}}