{"id":154767,"date":"2025-10-17T14:05:08","date_gmt":"2025-10-17T11:05:08","guid":{"rendered":"https:\/\/tabaccomd.com\/product\/tutun-pentru-narghilea-chabacco-northern-berries-%e2%84%9635-40g\/"},"modified":"2025-10-22T16:37:30","modified_gmt":"2025-10-22T13:37:30","slug":"tutun-pentru-narghilea-chabacco-northern-berries-%e2%84%9635-40g","status":"publish","type":"product","link":"https:\/\/tabaccomd.com\/ro\/product\/tutun-pentru-narghilea-chabacco-northern-berries-%e2%84%9635-40g\/","title":{"rendered":"Tutun pentru narghilea Chabacco Northern Berries \u211635 40g"},"content":{"rendered":"<p><a href=\"https:\/\/tabaccomd.com\/ro\/product-category\/tutun\/tutun-pentru-narghilea\/tutun-pentru-narghilea-chabacco\/\">Chabacco<\/a> Mix Northern Berries #35 este un buchet bogat de fructe de p\u0103dure pe baz\u0103 de frunze de ceai, care combin\u0103 \u00een arom\u0103 notele dulci \u0219i acri\u0219oare ale fructelor de p\u0103dure, lingonberries \u0219i meri\u0219oare. Aroma este profund\u0103, proasp\u0103t\u0103 \u0219i natural\u0103, cu o u\u0219oar\u0103 aciditate de fructe de p\u0103dure nordice, cre\u00e2nd un sentiment de r\u0103coare \u0219i puritate. Un amestec de putere medie, datorit\u0103 utiliz\u0103rii frunzei de ceai \u00een loc de tutun, ofer\u0103 o experien\u021b\u0103 de fumat fin\u0103 \u0219i echilibrat\u0103, f\u0103r\u0103 a fi prea greu. Perfect pentru sesiuni solo \u0219i ca baz\u0103 pentru crearea de amestecuri r\u0103coritoare de fructe \u0219i fructe de p\u0103dure.<\/p>\n<p>Pute\u021bi achizi\u021biona tutunul pentru narghilea Chabacco Northern Berries \u211635 40g \u00een Moldova, Chi\u0219in\u0103u \u00een re\u021beaua de magazine Tabacco House.<\/p>\n","protected":false},"excerpt":{"rendered":"<ul>\n<li>Arom\u0103: Amestec dulce-acri\u0219or de afine, meri\u0219oare \u0219u mure<\/li>\n<li>T\u0103rie: U\u0219oar\u0103<\/li>\n<li>Fum: Mediu<\/li>\n<li>Rezisten\u021b\u0103 la c\u0103ldur\u0103: Moderat\u0103<\/li>\n<li><span class=\"_fadeIn_m1hgl_8\">Frunz\u0103: <\/span><span class=\"_fadeIn_m1hgl_8\">Frunze <\/span><span class=\"_fadeIn_m1hgl_8\">de <\/span><span class=\"_fadeIn_m1hgl_8\">ceai <\/span><span class=\"_fadeIn_m1hgl_8\">fermentate<\/span><strong><span class=\"_fadeIn_m1hgl_8\">, nu con\u021bine tutun<\/span><\/strong><\/li>\n<li>Greutate: 40g<\/li>\n<li>\u021aara produc\u0103torului: Rusia<\/li>\n<\/ul>\n","protected":false},"featured_media":154766,"template":"","meta":{"om_disable_all_campaigns":false,"_monsterinsights_skip_tracking":false,"_monsterinsights_sitenote_active":false,"_monsterinsights_sitenote_note":"","_monsterinsights_sitenote_category":0},"product_brand":[],"product_cat":[481],"product_tag":[],"class_list":{"0":"post-154767","1":"product","2":"type-product","3":"status-publish","4":"has-post-thumbnail","6":"product_cat-tutun-pentru-narghilea-chabacco","8":"first","9":"outofstock","10":"purchasable","11":"product-type-simple"},"aioseo_notices":[],"aioseo_head":"\n\t\t<!-- All in One SEO Pro 4.9.5.2 - aioseo.com -->\n\t<meta name=\"robots\" content=\"max-image-preview:large\" \/>\n\t<link rel=\"canonical\" href=\"https:\/\/tabaccomd.com\/ro\/product\/tutun-pentru-narghilea-chabacco-northern-berries-%e2%84%9635-40g\/\" \/>\n\t<meta name=\"generator\" content=\"All in One SEO Pro (AIOSEO) 4.9.5.2\" \/>\n\t\t<meta property=\"og:locale\" content=\"ro_RO\" \/>\n\t\t<meta property=\"og:site_name\" content=\"Tabacco House \u2013 \u041c\u0430\u0433\u0430\u0437\u0438\u043d \u0442\u0430\u0431\u0430\u0447\u043d\u044b\u0445 \u0438\u0437\u0434\u0435\u043b\u0438\u0439\" \/>\n\t\t<meta property=\"og:type\" content=\"article\" \/>\n\t\t<meta property=\"og:title\" content=\"Tutun pentru narghilea Chabacco Northern Berries \u211635 40g \u2013 Tabacco House\" \/>\n\t\t<meta property=\"og:url\" content=\"https:\/\/tabaccomd.com\/ro\/product\/tutun-pentru-narghilea-chabacco-northern-berries-%e2%84%9635-40g\/\" \/>\n\t\t<meta property=\"article:published_time\" content=\"2025-10-17T11:05:08+00:00\" \/>\n\t\t<meta property=\"article:modified_time\" content=\"2025-10-22T13:37:30+00:00\" \/>\n\t\t<meta property=\"article:publisher\" content=\"https:\/\/www.facebook.com\/tabaccomd.com\/\" \/>\n\t\t<meta name=\"twitter:card\" content=\"summary_large_image\" \/>\n\t\t<meta name=\"twitter:title\" content=\"Tutun pentru narghilea Chabacco Northern Berries \u211635 40g \u2013 Tabacco House\" \/>\n\t\t<script type=\"application\/ld+json\" class=\"aioseo-schema\">\n\t\t\t{\"@context\":\"https:\\\/\\\/schema.org\",\"@graph\":[{\"@type\":\"BreadcrumbList\",\"@id\":\"https:\\\/\\\/tabaccomd.com\\\/ro\\\/product\\\/tutun-pentru-narghilea-chabacco-northern-berries-%e2%84%9635-40g\\\/#breadcrumblist\",\"itemListElement\":[{\"@type\":\"ListItem\",\"@id\":\"https:\\\/\\\/tabaccomd.com\\\/ro\\\/#listItem\",\"position\":1,\"name\":\"\\u0413\\u043b\\u0430\\u0432\\u043d\\u0430\\u044f\",\"item\":\"https:\\\/\\\/tabaccomd.com\\\/ro\\\/\",\"nextItem\":{\"@type\":\"ListItem\",\"@id\":\"https:\\\/\\\/tabaccomd.com\\\/ro\\\/catalog\\\/#listItem\",\"name\":\"Catalog\"}},{\"@type\":\"ListItem\",\"@id\":\"https:\\\/\\\/tabaccomd.com\\\/ro\\\/catalog\\\/#listItem\",\"position\":2,\"name\":\"Catalog\",\"item\":\"https:\\\/\\\/tabaccomd.com\\\/ro\\\/catalog\\\/\",\"nextItem\":{\"@type\":\"ListItem\",\"@id\":\"https:\\\/\\\/tabaccomd.com\\\/ro\\\/product-category\\\/tutun\\\/#listItem\",\"name\":\"Tutun\"},\"previousItem\":{\"@type\":\"ListItem\",\"@id\":\"https:\\\/\\\/tabaccomd.com\\\/ro\\\/#listItem\",\"name\":\"\\u0413\\u043b\\u0430\\u0432\\u043d\\u0430\\u044f\"}},{\"@type\":\"ListItem\",\"@id\":\"https:\\\/\\\/tabaccomd.com\\\/ro\\\/product-category\\\/tutun\\\/#listItem\",\"position\":3,\"name\":\"Tutun\",\"item\":\"https:\\\/\\\/tabaccomd.com\\\/ro\\\/product-category\\\/tutun\\\/\",\"nextItem\":{\"@type\":\"ListItem\",\"@id\":\"https:\\\/\\\/tabaccomd.com\\\/ro\\\/product-category\\\/tutun\\\/tutun-pentru-narghilea\\\/#listItem\",\"name\":\"Tutun pentru narghilea\"},\"previousItem\":{\"@type\":\"ListItem\",\"@id\":\"https:\\\/\\\/tabaccomd.com\\\/ro\\\/catalog\\\/#listItem\",\"name\":\"Catalog\"}},{\"@type\":\"ListItem\",\"@id\":\"https:\\\/\\\/tabaccomd.com\\\/ro\\\/product-category\\\/tutun\\\/tutun-pentru-narghilea\\\/#listItem\",\"position\":4,\"name\":\"Tutun pentru narghilea\",\"item\":\"https:\\\/\\\/tabaccomd.com\\\/ro\\\/product-category\\\/tutun\\\/tutun-pentru-narghilea\\\/\",\"nextItem\":{\"@type\":\"ListItem\",\"@id\":\"https:\\\/\\\/tabaccomd.com\\\/ro\\\/product-category\\\/tutun\\\/tutun-pentru-narghilea\\\/tutun-pentru-narghilea-chabacco\\\/#listItem\",\"name\":\"Tutun pentru narghilea Chabacco\"},\"previousItem\":{\"@type\":\"ListItem\",\"@id\":\"https:\\\/\\\/tabaccomd.com\\\/ro\\\/product-category\\\/tutun\\\/#listItem\",\"name\":\"Tutun\"}},{\"@type\":\"ListItem\",\"@id\":\"https:\\\/\\\/tabaccomd.com\\\/ro\\\/product-category\\\/tutun\\\/tutun-pentru-narghilea\\\/tutun-pentru-narghilea-chabacco\\\/#listItem\",\"position\":5,\"name\":\"Tutun pentru narghilea Chabacco\",\"item\":\"https:\\\/\\\/tabaccomd.com\\\/ro\\\/product-category\\\/tutun\\\/tutun-pentru-narghilea\\\/tutun-pentru-narghilea-chabacco\\\/\",\"nextItem\":{\"@type\":\"ListItem\",\"@id\":\"https:\\\/\\\/tabaccomd.com\\\/ro\\\/product\\\/tutun-pentru-narghilea-chabacco-northern-berries-%e2%84%9635-40g\\\/#listItem\",\"name\":\"Tutun pentru narghilea Chabacco Northern Berries \\u211635 40g\"},\"previousItem\":{\"@type\":\"ListItem\",\"@id\":\"https:\\\/\\\/tabaccomd.com\\\/ro\\\/product-category\\\/tutun\\\/tutun-pentru-narghilea\\\/#listItem\",\"name\":\"Tutun pentru narghilea\"}},{\"@type\":\"ListItem\",\"@id\":\"https:\\\/\\\/tabaccomd.com\\\/ro\\\/product\\\/tutun-pentru-narghilea-chabacco-northern-berries-%e2%84%9635-40g\\\/#listItem\",\"position\":6,\"name\":\"Tutun pentru narghilea Chabacco Northern Berries \\u211635 40g\",\"previousItem\":{\"@type\":\"ListItem\",\"@id\":\"https:\\\/\\\/tabaccomd.com\\\/ro\\\/product-category\\\/tutun\\\/tutun-pentru-narghilea\\\/tutun-pentru-narghilea-chabacco\\\/#listItem\",\"name\":\"Tutun pentru narghilea Chabacco\"}}]},{\"@type\":\"Organization\",\"@id\":\"https:\\\/\\\/tabaccomd.com\\\/ro\\\/#organization\",\"name\":\"Tabacco House\",\"description\":\"\\u041c\\u0430\\u0433\\u0430\\u0437\\u0438\\u043d \\u0442\\u0430\\u0431\\u0430\\u0447\\u043d\\u044b\\u0445 \\u0438\\u0437\\u0434\\u0435\\u043b\\u0438\\u0439\",\"url\":\"https:\\\/\\\/tabaccomd.com\\\/ro\\\/\",\"email\":\"Office@cazacuhouse.com\",\"telephone\":\"+37361000935\",\"logo\":{\"@type\":\"ImageObject\",\"url\":\"https:\\\/\\\/tabaccomd.com\\\/wp-content\\\/uploads\\\/2024\\\/02\\\/logo_header3.png\",\"@id\":\"https:\\\/\\\/tabaccomd.com\\\/ro\\\/product\\\/tutun-pentru-narghilea-chabacco-northern-berries-%e2%84%9635-40g\\\/#organizationLogo\",\"width\":32,\"height\":32,\"caption\":\"Tabacco House\"},\"image\":{\"@id\":\"https:\\\/\\\/tabaccomd.com\\\/ro\\\/product\\\/tutun-pentru-narghilea-chabacco-northern-berries-%e2%84%9635-40g\\\/#organizationLogo\"},\"sameAs\":[\"https:\\\/\\\/www.facebook.com\\\/tabaccomd.com\\\/\",\"https:\\\/\\\/www.instagram.com\\\/tabaccomd.com\\\/\"],\"address\":{\"@id\":\"https:\\\/\\\/tabaccomd.com\\\/ro\\\/#postaladdress\",\"@type\":\"PostalAddress\",\"streetAddress\":\"Strada Albi\\u015foara 4, Chi\\u0219in\\u0103u, Bulevardul \\u0218tefan cel Mare \\u0219i Sf\\u00eent 136, Chi\\u0219in\\u0103u\",\"addressLocality\":\"Chi\\u0219in\\u0103u\",\"addressCountry\":\"MD\"}},{\"@type\":\"Product\",\"@id\":\"https:\\\/\\\/tabaccomd.com\\\/ro\\\/product\\\/tutun-pentru-narghilea-chabacco-northern-berries-%e2%84%9635-40g\\\/#wooCommerceProduct\",\"name\":\"Tutun pentru narghilea Chabacco Northern Berries \\u211635 40g\",\"description\":\"Arom\\u0103: Amestec dulce-acri\\u0219or de afine, meri\\u0219oare \\u0219u mure\\n \\tT\\u0103rie: U\\u0219oar\\u0103\\n \\tFum: Mediu\\n \\tRezisten\\u021b\\u0103 la c\\u0103ldur\\u0103: Moderat\\u0103\\n \\tFrunz\\u0103: Frunze de ceai fermentate, nu con\\u021bine tutun\\n \\tGreutate: 40g\\n \\t\\u021aara produc\\u0103torului: Rusia\",\"url\":\"https:\\\/\\\/tabaccomd.com\\\/ro\\\/product\\\/tutun-pentru-narghilea-chabacco-northern-berries-%e2%84%9635-40g\\\/\",\"sku\":\"CHAB35\",\"image\":{\"@type\":\"ImageObject\",\"url\":\"https:\\\/\\\/tabaccomd.com\\\/wp-content\\\/uploads\\\/2024\\\/09\\\/chabacco-northern-berries-40g-nr35.jpg\",\"@id\":\"https:\\\/\\\/tabaccomd.com\\\/ro\\\/product\\\/tutun-pentru-narghilea-chabacco-northern-berries-%e2%84%9635-40g\\\/#productImage\",\"width\":1200,\"height\":1200},\"offers\":{\"@type\":\"Offer\",\"url\":\"https:\\\/\\\/tabaccomd.com\\\/ro\\\/product\\\/tutun-pentru-narghilea-chabacco-northern-berries-%e2%84%9635-40g\\\/#wooCommerceOffer\",\"price\":115,\"priceCurrency\":\"MDL\",\"category\":\"Tutun pentru narghilea Chabacco\",\"availability\":\"https:\\\/\\\/schema.org\\\/OutOfStock\",\"priceSpecification\":{\"@type\":\"PriceSpecification\",\"price\":115,\"priceCurrency\":\"MDL\",\"valueAddedTaxIncluded\":\"true\"},\"seller\":{\"@type\":\"Organization\",\"@id\":\"https:\\\/\\\/tabaccomd.com\\\/ro\\\/#organization\"}}},{\"@type\":\"WebPage\",\"@id\":\"https:\\\/\\\/tabaccomd.com\\\/ro\\\/product\\\/tutun-pentru-narghilea-chabacco-northern-berries-%e2%84%9635-40g\\\/#webpage\",\"url\":\"https:\\\/\\\/tabaccomd.com\\\/ro\\\/product\\\/tutun-pentru-narghilea-chabacco-northern-berries-%e2%84%9635-40g\\\/\",\"name\":\"Tutun pentru narghilea Chabacco Northern Berries \\u211635 40g \\u2013 Tabacco House\",\"inLanguage\":\"ro-RO\",\"isPartOf\":{\"@id\":\"https:\\\/\\\/tabaccomd.com\\\/ro\\\/#website\"},\"breadcrumb\":{\"@id\":\"https:\\\/\\\/tabaccomd.com\\\/ro\\\/product\\\/tutun-pentru-narghilea-chabacco-northern-berries-%e2%84%9635-40g\\\/#breadcrumblist\"},\"image\":{\"@type\":\"ImageObject\",\"url\":\"https:\\\/\\\/tabaccomd.com\\\/wp-content\\\/uploads\\\/2024\\\/09\\\/chabacco-northern-berries-40g-nr35.jpg\",\"@id\":\"https:\\\/\\\/tabaccomd.com\\\/ro\\\/product\\\/tutun-pentru-narghilea-chabacco-northern-berries-%e2%84%9635-40g\\\/#mainImage\",\"width\":1200,\"height\":1200},\"primaryImageOfPage\":{\"@id\":\"https:\\\/\\\/tabaccomd.com\\\/ro\\\/product\\\/tutun-pentru-narghilea-chabacco-northern-berries-%e2%84%9635-40g\\\/#mainImage\"},\"datePublished\":\"2025-10-17T14:05:08+03:00\",\"dateModified\":\"2025-10-22T16:37:30+03:00\"},{\"@type\":\"WebSite\",\"@id\":\"https:\\\/\\\/tabaccomd.com\\\/ro\\\/#website\",\"url\":\"https:\\\/\\\/tabaccomd.com\\\/ro\\\/\",\"name\":\"Tabacco House\",\"alternateName\":\"tobaccomd.com\",\"description\":\"\\u041c\\u0430\\u0433\\u0430\\u0437\\u0438\\u043d \\u0442\\u0430\\u0431\\u0430\\u0447\\u043d\\u044b\\u0445 \\u0438\\u0437\\u0434\\u0435\\u043b\\u0438\\u0439\",\"inLanguage\":\"ro-RO\",\"publisher\":{\"@id\":\"https:\\\/\\\/tabaccomd.com\\\/ro\\\/#organization\"}}]}\n\t\t<\/script>\n\t\t<!-- All in One SEO Pro -->\r\n\t\t<title>Tutun pentru narghilea Chabacco Northern Berries \u211635 40g \u2013 Tabacco House<\/title>\n\n","aioseo_head_json":{"title":"Tutun pentru narghilea Chabacco Northern Berries \u211635 40g \u2013 Tabacco House","description":"","canonical_url":"https:\/\/tabaccomd.com\/ro\/product\/tutun-pentru-narghilea-chabacco-northern-berries-%e2%84%9635-40g\/","robots":"max-image-preview:large","keywords":"","webmasterTools":{"miscellaneous":""},"schema":{"@context":"https:\/\/schema.org","@graph":[{"@type":"BreadcrumbList","@id":"https:\/\/tabaccomd.com\/ro\/product\/tutun-pentru-narghilea-chabacco-northern-berries-%e2%84%9635-40g\/#breadcrumblist","itemListElement":[{"@type":"ListItem","@id":"https:\/\/tabaccomd.com\/ro\/#listItem","position":1,"name":"\u0413\u043b\u0430\u0432\u043d\u0430\u044f","item":"https:\/\/tabaccomd.com\/ro\/","nextItem":{"@type":"ListItem","@id":"https:\/\/tabaccomd.com\/ro\/catalog\/#listItem","name":"Catalog"}},{"@type":"ListItem","@id":"https:\/\/tabaccomd.com\/ro\/catalog\/#listItem","position":2,"name":"Catalog","item":"https:\/\/tabaccomd.com\/ro\/catalog\/","nextItem":{"@type":"ListItem","@id":"https:\/\/tabaccomd.com\/ro\/product-category\/tutun\/#listItem","name":"Tutun"},"previousItem":{"@type":"ListItem","@id":"https:\/\/tabaccomd.com\/ro\/#listItem","name":"\u0413\u043b\u0430\u0432\u043d\u0430\u044f"}},{"@type":"ListItem","@id":"https:\/\/tabaccomd.com\/ro\/product-category\/tutun\/#listItem","position":3,"name":"Tutun","item":"https:\/\/tabaccomd.com\/ro\/product-category\/tutun\/","nextItem":{"@type":"ListItem","@id":"https:\/\/tabaccomd.com\/ro\/product-category\/tutun\/tutun-pentru-narghilea\/#listItem","name":"Tutun pentru narghilea"},"previousItem":{"@type":"ListItem","@id":"https:\/\/tabaccomd.com\/ro\/catalog\/#listItem","name":"Catalog"}},{"@type":"ListItem","@id":"https:\/\/tabaccomd.com\/ro\/product-category\/tutun\/tutun-pentru-narghilea\/#listItem","position":4,"name":"Tutun pentru narghilea","item":"https:\/\/tabaccomd.com\/ro\/product-category\/tutun\/tutun-pentru-narghilea\/","nextItem":{"@type":"ListItem","@id":"https:\/\/tabaccomd.com\/ro\/product-category\/tutun\/tutun-pentru-narghilea\/tutun-pentru-narghilea-chabacco\/#listItem","name":"Tutun pentru narghilea Chabacco"},"previousItem":{"@type":"ListItem","@id":"https:\/\/tabaccomd.com\/ro\/product-category\/tutun\/#listItem","name":"Tutun"}},{"@type":"ListItem","@id":"https:\/\/tabaccomd.com\/ro\/product-category\/tutun\/tutun-pentru-narghilea\/tutun-pentru-narghilea-chabacco\/#listItem","position":5,"name":"Tutun pentru narghilea Chabacco","item":"https:\/\/tabaccomd.com\/ro\/product-category\/tutun\/tutun-pentru-narghilea\/tutun-pentru-narghilea-chabacco\/","nextItem":{"@type":"ListItem","@id":"https:\/\/tabaccomd.com\/ro\/product\/tutun-pentru-narghilea-chabacco-northern-berries-%e2%84%9635-40g\/#listItem","name":"Tutun pentru narghilea Chabacco Northern Berries \u211635 40g"},"previousItem":{"@type":"ListItem","@id":"https:\/\/tabaccomd.com\/ro\/product-category\/tutun\/tutun-pentru-narghilea\/#listItem","name":"Tutun pentru narghilea"}},{"@type":"ListItem","@id":"https:\/\/tabaccomd.com\/ro\/product\/tutun-pentru-narghilea-chabacco-northern-berries-%e2%84%9635-40g\/#listItem","position":6,"name":"Tutun pentru narghilea Chabacco Northern Berries \u211635 40g","previousItem":{"@type":"ListItem","@id":"https:\/\/tabaccomd.com\/ro\/product-category\/tutun\/tutun-pentru-narghilea\/tutun-pentru-narghilea-chabacco\/#listItem","name":"Tutun pentru narghilea Chabacco"}}]},{"@type":"Organization","@id":"https:\/\/tabaccomd.com\/ro\/#organization","name":"Tabacco House","description":"\u041c\u0430\u0433\u0430\u0437\u0438\u043d \u0442\u0430\u0431\u0430\u0447\u043d\u044b\u0445 \u0438\u0437\u0434\u0435\u043b\u0438\u0439","url":"https:\/\/tabaccomd.com\/ro\/","email":"Office@cazacuhouse.com","telephone":"+37361000935","logo":{"@type":"ImageObject","url":"https:\/\/tabaccomd.com\/wp-content\/uploads\/2024\/02\/logo_header3.png","@id":"https:\/\/tabaccomd.com\/ro\/product\/tutun-pentru-narghilea-chabacco-northern-berries-%e2%84%9635-40g\/#organizationLogo","width":32,"height":32,"caption":"Tabacco House"},"image":{"@id":"https:\/\/tabaccomd.com\/ro\/product\/tutun-pentru-narghilea-chabacco-northern-berries-%e2%84%9635-40g\/#organizationLogo"},"sameAs":["https:\/\/www.facebook.com\/tabaccomd.com\/","https:\/\/www.instagram.com\/tabaccomd.com\/"],"address":{"@id":"https:\/\/tabaccomd.com\/ro\/#postaladdress","@type":"PostalAddress","streetAddress":"Strada Albi\u015foara 4, Chi\u0219in\u0103u, Bulevardul \u0218tefan cel Mare \u0219i Sf\u00eent 136, Chi\u0219in\u0103u","addressLocality":"Chi\u0219in\u0103u","addressCountry":"MD"}},{"@type":"Product","@id":"https:\/\/tabaccomd.com\/ro\/product\/tutun-pentru-narghilea-chabacco-northern-berries-%e2%84%9635-40g\/#wooCommerceProduct","name":"Tutun pentru narghilea Chabacco Northern Berries \u211635 40g","description":"Arom\u0103: Amestec dulce-acri\u0219or de afine, meri\u0219oare \u0219u mure\n \tT\u0103rie: U\u0219oar\u0103\n \tFum: Mediu\n \tRezisten\u021b\u0103 la c\u0103ldur\u0103: Moderat\u0103\n \tFrunz\u0103: Frunze de ceai fermentate, nu con\u021bine tutun\n \tGreutate: 40g\n \t\u021aara produc\u0103torului: Rusia","url":"https:\/\/tabaccomd.com\/ro\/product\/tutun-pentru-narghilea-chabacco-northern-berries-%e2%84%9635-40g\/","sku":"CHAB35","image":{"@type":"ImageObject","url":"https:\/\/tabaccomd.com\/wp-content\/uploads\/2024\/09\/chabacco-northern-berries-40g-nr35.jpg","@id":"https:\/\/tabaccomd.com\/ro\/product\/tutun-pentru-narghilea-chabacco-northern-berries-%e2%84%9635-40g\/#productImage","width":1200,"height":1200},"offers":{"@type":"Offer","url":"https:\/\/tabaccomd.com\/ro\/product\/tutun-pentru-narghilea-chabacco-northern-berries-%e2%84%9635-40g\/#wooCommerceOffer","price":115,"priceCurrency":"MDL","category":"Tutun pentru narghilea Chabacco","availability":"https:\/\/schema.org\/OutOfStock","priceSpecification":{"@type":"PriceSpecification","price":115,"priceCurrency":"MDL","valueAddedTaxIncluded":"true"},"seller":{"@type":"Organization","@id":"https:\/\/tabaccomd.com\/ro\/#organization"}}},{"@type":"WebPage","@id":"https:\/\/tabaccomd.com\/ro\/product\/tutun-pentru-narghilea-chabacco-northern-berries-%e2%84%9635-40g\/#webpage","url":"https:\/\/tabaccomd.com\/ro\/product\/tutun-pentru-narghilea-chabacco-northern-berries-%e2%84%9635-40g\/","name":"Tutun pentru narghilea Chabacco Northern Berries \u211635 40g \u2013 Tabacco House","inLanguage":"ro-RO","isPartOf":{"@id":"https:\/\/tabaccomd.com\/ro\/#website"},"breadcrumb":{"@id":"https:\/\/tabaccomd.com\/ro\/product\/tutun-pentru-narghilea-chabacco-northern-berries-%e2%84%9635-40g\/#breadcrumblist"},"image":{"@type":"ImageObject","url":"https:\/\/tabaccomd.com\/wp-content\/uploads\/2024\/09\/chabacco-northern-berries-40g-nr35.jpg","@id":"https:\/\/tabaccomd.com\/ro\/product\/tutun-pentru-narghilea-chabacco-northern-berries-%e2%84%9635-40g\/#mainImage","width":1200,"height":1200},"primaryImageOfPage":{"@id":"https:\/\/tabaccomd.com\/ro\/product\/tutun-pentru-narghilea-chabacco-northern-berries-%e2%84%9635-40g\/#mainImage"},"datePublished":"2025-10-17T14:05:08+03:00","dateModified":"2025-10-22T16:37:30+03:00"},{"@type":"WebSite","@id":"https:\/\/tabaccomd.com\/ro\/#website","url":"https:\/\/tabaccomd.com\/ro\/","name":"Tabacco House","alternateName":"tobaccomd.com","description":"\u041c\u0430\u0433\u0430\u0437\u0438\u043d \u0442\u0430\u0431\u0430\u0447\u043d\u044b\u0445 \u0438\u0437\u0434\u0435\u043b\u0438\u0439","inLanguage":"ro-RO","publisher":{"@id":"https:\/\/tabaccomd.com\/ro\/#organization"}}]},"og:locale":"ro_RO","og:site_name":"Tabacco House \u2013 \u041c\u0430\u0433\u0430\u0437\u0438\u043d \u0442\u0430\u0431\u0430\u0447\u043d\u044b\u0445 \u0438\u0437\u0434\u0435\u043b\u0438\u0439","og:type":"article","og:title":"Tutun pentru narghilea Chabacco Northern Berries \u211635 40g \u2013 Tabacco House","og:url":"https:\/\/tabaccomd.com\/ro\/product\/tutun-pentru-narghilea-chabacco-northern-berries-%e2%84%9635-40g\/","article:published_time":"2025-10-17T11:05:08+00:00","article:modified_time":"2025-10-22T13:37:30+00:00","article:publisher":"https:\/\/www.facebook.com\/tabaccomd.com\/","twitter:card":"summary_large_image","twitter:title":"Tutun pentru narghilea Chabacco Northern Berries \u211635 40g \u2013 Tabacco House"},"aioseo_meta_data":{"post_id":"154767","title":null,"description":null,"keywords":null,"keyphrases":{"focus":{"keyphrase":"","score":0,"analysis":{"keyphraseInTitle":{"score":0,"maxScore":9,"error":1}}},"additional":[]},"primary_term":null,"canonical_url":null,"og_title":null,"og_description":null,"og_object_type":"default","og_image_type":"default","og_image_url":null,"og_image_width":null,"og_image_height":null,"og_image_custom_url":null,"og_image_custom_fields":null,"og_video":"","og_custom_url":null,"og_article_section":null,"og_article_tags":null,"twitter_use_og":false,"twitter_card":"default","twitter_image_type":"default","twitter_image_url":null,"twitter_image_custom_url":null,"twitter_image_custom_fields":null,"twitter_title":null,"twitter_description":null,"schema":{"blockGraphs":[],"customGraphs":[],"default":{"data":{"Article":[],"Course":[],"Dataset":[],"FAQPage":[],"Movie":[],"Person":[],"Product":[],"ProductReview":[],"Car":[],"Recipe":[],"Service":[],"SoftwareApplication":[],"WebPage":[]},"graphName":"Product","isEnabled":true},"graphs":[]},"schema_type":"default","schema_type_options":null,"pillar_content":false,"robots_default":true,"robots_noindex":false,"robots_noarchive":false,"robots_nosnippet":false,"robots_nofollow":false,"robots_noimageindex":false,"robots_noodp":false,"robots_notranslate":false,"robots_max_snippet":"-1","robots_max_videopreview":"-1","robots_max_imagepreview":"large","priority":null,"frequency":"default","local_seo":null,"seo_analyzer_scan_date":"2025-10-22 13:43:51","breadcrumb_settings":null,"limit_modified_date":false,"reviewed_by":null,"open_ai":null,"ai":{"faqs":[],"keyPoints":[],"titles":[],"descriptions":[],"socialPosts":{"email":[],"linkedin":[],"twitter":[],"facebook":[],"instagram":[]}},"created":"2025-10-17 13:40:03","updated":"2025-10-22 13:43:51"},"aioseo_breadcrumb":"<div class=\"aioseo-breadcrumbs\"><span class=\"aioseo-breadcrumb\">\n\t<a href=\"https:\/\/tabaccomd.com\/ro\/\" title=\"\u0413\u043b\u0430\u0432\u043d\u0430\u044f\">\u0413\u043b\u0430\u0432\u043d\u0430\u044f<\/a>\n<\/span><span class=\"aioseo-breadcrumb-separator\">\u00bb<\/span><span class=\"aioseo-breadcrumb\">\n\t<a href=\"https:\/\/tabaccomd.com\/ro\/catalog\/\" title=\"Catalog\">Catalog<\/a>\n<\/span><span class=\"aioseo-breadcrumb-separator\">\u00bb<\/span><span class=\"aioseo-breadcrumb\">\n\t<a href=\"https:\/\/tabaccomd.com\/ro\/product-category\/tutun\/\" title=\"Tutun\">Tutun<\/a>\n<\/span><span class=\"aioseo-breadcrumb-separator\">\u00bb<\/span><span class=\"aioseo-breadcrumb\">\n\t<a href=\"https:\/\/tabaccomd.com\/ro\/product-category\/tutun\/tutun-pentru-narghilea\/\" title=\"Tutun pentru narghilea\">Tutun pentru narghilea<\/a>\n<\/span><span class=\"aioseo-breadcrumb-separator\">\u00bb<\/span><span class=\"aioseo-breadcrumb\">\n\t<a href=\"https:\/\/tabaccomd.com\/ro\/product-category\/tutun\/tutun-pentru-narghilea\/tutun-pentru-narghilea-chabacco\/\" title=\"Tutun pentru narghilea Chabacco\">Tutun pentru narghilea Chabacco<\/a>\n<\/span><span class=\"aioseo-breadcrumb-separator\">\u00bb<\/span><span class=\"aioseo-breadcrumb\">\n\tTutun pentru narghilea Chabacco Northern Berries \u211635 40g\n<\/span><\/div>","aioseo_breadcrumb_json":[{"label":"\u0413\u043b\u0430\u0432\u043d\u0430\u044f","link":"https:\/\/tabaccomd.com\/ro\/"},{"label":"Catalog","link":"https:\/\/tabaccomd.com\/ro\/catalog\/"},{"label":"Tutun","link":"https:\/\/tabaccomd.com\/ro\/product-category\/tutun\/"},{"label":"Tutun pentru narghilea","link":"https:\/\/tabaccomd.com\/ro\/product-category\/tutun\/tutun-pentru-narghilea\/"},{"label":"Tutun pentru narghilea Chabacco","link":"https:\/\/tabaccomd.com\/ro\/product-category\/tutun\/tutun-pentru-narghilea\/tutun-pentru-narghilea-chabacco\/"},{"label":"Tutun pentru narghilea Chabacco Northern Berries \u211635 40g","link":"https:\/\/tabaccomd.com\/ro\/product\/tutun-pentru-narghilea-chabacco-northern-berries-%e2%84%9635-40g\/"}],"images_for_1c":[{"url":"https:\/\/tabaccomd.com\/wp-content\/uploads\/2024\/09\/chabacco-northern-berries-40g-nr35.jpg","type":"featured","alt":"chabacco-northern-berries-40g-nr35","filename":"chabacco-northern-berries-40g-nr35.jpg"}],"additional_data_1c":{"modified_date":"2025-10-22 16:37:30","permalink":"https:\/\/tabaccomd.com\/ro\/product\/tutun-pentru-narghilea-chabacco-northern-berries-%e2%84%9635-40g\/","stock_status":"outofstock","manage_stock":"no"},"_links":{"self":[{"href":"https:\/\/tabaccomd.com\/ro\/wp-json\/wp\/v2\/product\/154767","targetHints":{"allow":["GET"]}}],"collection":[{"href":"https:\/\/tabaccomd.com\/ro\/wp-json\/wp\/v2\/product"}],"about":[{"href":"https:\/\/tabaccomd.com\/ro\/wp-json\/wp\/v2\/types\/product"}],"wp:featuredmedia":[{"embeddable":true,"href":"https:\/\/tabaccomd.com\/ro\/wp-json\/wp\/v2\/media\/154766"}],"wp:attachment":[{"href":"https:\/\/tabaccomd.com\/ro\/wp-json\/wp\/v2\/media?parent=154767"}],"wp:term":[{"taxonomy":"product_brand","embeddable":true,"href":"https:\/\/tabaccomd.com\/ro\/wp-json\/wp\/v2\/product_brand?post=154767"},{"taxonomy":"product_cat","embeddable":true,"href":"https:\/\/tabaccomd.com\/ro\/wp-json\/wp\/v2\/product_cat?post=154767"},{"taxonomy":"product_tag","embeddable":true,"href":"https:\/\/tabaccomd.com\/ro\/wp-json\/wp\/v2\/product_tag?post=154767"}],"curies":[{"name":"wp","href":"https:\/\/api.w.org\/{rel}","templated":true}]}}