{"id":154657,"date":"2025-10-10T09:55:27","date_gmt":"2025-10-10T06:55:27","guid":{"rendered":"https:\/\/tabaccomd.com\/product\/ciocolata-neagra-cu-alune-lindt-swiss-silver-dark-hazelnut-300g\/"},"modified":"2025-10-10T09:55:27","modified_gmt":"2025-10-10T06:55:27","slug":"ciocolata-neagra-cu-alune-lindt-swiss-silver-dark-hazelnut-300g","status":"publish","type":"product","link":"https:\/\/tabaccomd.com\/ro\/product\/ciocolata-neagra-cu-alune-lindt-swiss-silver-dark-hazelnut-300g\/","title":{"rendered":"Ciocolat\u0103 neagr\u0103 cu alune Lindt Swiss Silver Dark Hazelnut 300g"},"content":{"rendered":"<p><a href=\"https:\/\/tabaccomd.com\/ro\/product-category\/alcool-2\/ciocolata-and-praline\/\">Ciocolata <\/a>Lindt Silver Bar Dark Hazelnut 300g este o combina\u021bie rafinat\u0103 de ciocolat\u0103 neagr\u0103 elve\u021bian\u0103 bogat\u0103 \u0219i alune de p\u0103dure pr\u0103jite \u00eentregi. Fabricat din cacao premium, aromat, selectat\u0103, ofer\u0103 un gust profund \u0219i echilibrat, cu note pl\u0103cute de nuc\u0103. Fiecare \u00eembuc\u0103tur\u0103 dezv\u0103luie armonia dintre bog\u0103\u021bia ciocolatei \u0219i textura crocant\u0103 a alunelor de p\u0103dure. Ambalat \u00eentr-un ambalaj argintiu elegant, batonul Lindt Silver Bar Dark Hazelnut este un cadou ideal pentru adev\u0103ra\u021bii cunosc\u0103tori de ciocolat\u0103 sau o delicates\u0103 pentru tine. Acest bestseller Lindt, disponibil exclusiv \u00een magazinele Duty Free, face parte din colec\u021bia de arome premium a m\u0103rcii, oferind o ciocolat\u0103 pe placul fiec\u0103rui gust.    <\/p>\n<ul>\n<li><strong>Ingrediente: <\/strong>zah\u0103r, mas\u0103 de cacao, alune de p\u0103dure 15%, unt de cacao, gr\u0103sime anhidr\u0103 din lapte, lapte praf degresat, emulgator (lecitin\u0103 din soia), arom\u0103.<\/li>\n<li><strong>Alergeni:<\/strong> alune de p\u0103dure, lapte, soia. Poate con\u021bine migdale \u0219i alte nuci. <\/li>\n<li><strong>Con\u021binut de cacao:<\/strong> cel pu\u021bin 49%<\/li>\n<\/ul>\n<p>Pute\u021bi achizi\u021biona ciocolata neagr\u0103 cu alune Lindt Swiss Silver Dark Hazelnut 300g \u00een Moldova, Chi\u0219in\u0103u, \u00een re\u021beaua de magazine Tabacco House.<\/p>\n","protected":false},"excerpt":{"rendered":"<ul class=\"product-fields\">\n<li>Produc\u0103tor: Lindt &amp; Spr\u00fcngli AG.<\/li>\n<li>\u021aara produc\u0103torului: Elve\u021bia<\/li>\n<li>Greutate: 300g<\/li>\n<\/ul>\n","protected":false},"featured_media":154656,"template":"","meta":{"om_disable_all_campaigns":false,"_monsterinsights_skip_tracking":false,"_monsterinsights_sitenote_active":false,"_monsterinsights_sitenote_note":"","_monsterinsights_sitenote_category":0},"product_brand":[],"product_cat":[489],"product_tag":[],"class_list":{"0":"post-154657","1":"product","2":"type-product","3":"status-publish","4":"has-post-thumbnail","6":"product_cat-ciocolata-and-praline","8":"first","9":"outofstock","10":"purchasable","11":"product-type-simple"},"aioseo_notices":[],"aioseo_head":"\n\t\t<!-- All in One SEO Pro 4.9.5.2 - aioseo.com -->\n\t<meta name=\"robots\" content=\"max-image-preview:large\" \/>\n\t<link rel=\"canonical\" href=\"https:\/\/tabaccomd.com\/ro\/product\/ciocolata-neagra-cu-alune-lindt-swiss-silver-dark-hazelnut-300g\/\" \/>\n\t<meta name=\"generator\" content=\"All in One SEO Pro (AIOSEO) 4.9.5.2\" \/>\n\t\t<meta property=\"og:locale\" content=\"ro_RO\" \/>\n\t\t<meta property=\"og:site_name\" content=\"Tabacco House \u2013 \u041c\u0430\u0433\u0430\u0437\u0438\u043d \u0442\u0430\u0431\u0430\u0447\u043d\u044b\u0445 \u0438\u0437\u0434\u0435\u043b\u0438\u0439\" \/>\n\t\t<meta property=\"og:type\" content=\"article\" \/>\n\t\t<meta property=\"og:title\" content=\"Ciocolat\u0103 neagr\u0103 cu alune Lindt Swiss Silver Dark Hazelnut 300g \u2013 Tabacco House\" \/>\n\t\t<meta property=\"og:url\" content=\"https:\/\/tabaccomd.com\/ro\/product\/ciocolata-neagra-cu-alune-lindt-swiss-silver-dark-hazelnut-300g\/\" \/>\n\t\t<meta property=\"article:published_time\" content=\"2025-10-10T06:55:27+00:00\" \/>\n\t\t<meta property=\"article:modified_time\" content=\"2025-10-10T06:55:27+00:00\" \/>\n\t\t<meta property=\"article:publisher\" content=\"https:\/\/www.facebook.com\/tabaccomd.com\/\" \/>\n\t\t<meta name=\"twitter:card\" content=\"summary_large_image\" \/>\n\t\t<meta name=\"twitter:title\" content=\"Ciocolat\u0103 neagr\u0103 cu alune Lindt Swiss Silver Dark Hazelnut 300g \u2013 Tabacco House\" \/>\n\t\t<script type=\"application\/ld+json\" class=\"aioseo-schema\">\n\t\t\t{\"@context\":\"https:\\\/\\\/schema.org\",\"@graph\":[{\"@type\":\"BreadcrumbList\",\"@id\":\"https:\\\/\\\/tabaccomd.com\\\/ro\\\/product\\\/ciocolata-neagra-cu-alune-lindt-swiss-silver-dark-hazelnut-300g\\\/#breadcrumblist\",\"itemListElement\":[{\"@type\":\"ListItem\",\"@id\":\"https:\\\/\\\/tabaccomd.com\\\/ro\\\/#listItem\",\"position\":1,\"name\":\"\\u0413\\u043b\\u0430\\u0432\\u043d\\u0430\\u044f\",\"item\":\"https:\\\/\\\/tabaccomd.com\\\/ro\\\/\",\"nextItem\":{\"@type\":\"ListItem\",\"@id\":\"https:\\\/\\\/tabaccomd.com\\\/ro\\\/catalog\\\/#listItem\",\"name\":\"Catalog\"}},{\"@type\":\"ListItem\",\"@id\":\"https:\\\/\\\/tabaccomd.com\\\/ro\\\/catalog\\\/#listItem\",\"position\":2,\"name\":\"Catalog\",\"item\":\"https:\\\/\\\/tabaccomd.com\\\/ro\\\/catalog\\\/\",\"nextItem\":{\"@type\":\"ListItem\",\"@id\":\"https:\\\/\\\/tabaccomd.com\\\/ro\\\/product-category\\\/alcool-2\\\/#listItem\",\"name\":\"Alcool\"},\"previousItem\":{\"@type\":\"ListItem\",\"@id\":\"https:\\\/\\\/tabaccomd.com\\\/ro\\\/#listItem\",\"name\":\"\\u0413\\u043b\\u0430\\u0432\\u043d\\u0430\\u044f\"}},{\"@type\":\"ListItem\",\"@id\":\"https:\\\/\\\/tabaccomd.com\\\/ro\\\/product-category\\\/alcool-2\\\/#listItem\",\"position\":3,\"name\":\"Alcool\",\"item\":\"https:\\\/\\\/tabaccomd.com\\\/ro\\\/product-category\\\/alcool-2\\\/\",\"nextItem\":{\"@type\":\"ListItem\",\"@id\":\"https:\\\/\\\/tabaccomd.com\\\/ro\\\/product-category\\\/alcool-2\\\/ciocolata-and-praline\\\/#listItem\",\"name\":\"Ciocolat\\u0103 &amp; Praline\"},\"previousItem\":{\"@type\":\"ListItem\",\"@id\":\"https:\\\/\\\/tabaccomd.com\\\/ro\\\/catalog\\\/#listItem\",\"name\":\"Catalog\"}},{\"@type\":\"ListItem\",\"@id\":\"https:\\\/\\\/tabaccomd.com\\\/ro\\\/product-category\\\/alcool-2\\\/ciocolata-and-praline\\\/#listItem\",\"position\":4,\"name\":\"Ciocolat\\u0103 &amp; Praline\",\"item\":\"https:\\\/\\\/tabaccomd.com\\\/ro\\\/product-category\\\/alcool-2\\\/ciocolata-and-praline\\\/\",\"nextItem\":{\"@type\":\"ListItem\",\"@id\":\"https:\\\/\\\/tabaccomd.com\\\/ro\\\/product\\\/ciocolata-neagra-cu-alune-lindt-swiss-silver-dark-hazelnut-300g\\\/#listItem\",\"name\":\"Ciocolat\\u0103 neagr\\u0103 cu alune Lindt Swiss Silver Dark Hazelnut 300g\"},\"previousItem\":{\"@type\":\"ListItem\",\"@id\":\"https:\\\/\\\/tabaccomd.com\\\/ro\\\/product-category\\\/alcool-2\\\/#listItem\",\"name\":\"Alcool\"}},{\"@type\":\"ListItem\",\"@id\":\"https:\\\/\\\/tabaccomd.com\\\/ro\\\/product\\\/ciocolata-neagra-cu-alune-lindt-swiss-silver-dark-hazelnut-300g\\\/#listItem\",\"position\":5,\"name\":\"Ciocolat\\u0103 neagr\\u0103 cu alune Lindt Swiss Silver Dark Hazelnut 300g\",\"previousItem\":{\"@type\":\"ListItem\",\"@id\":\"https:\\\/\\\/tabaccomd.com\\\/ro\\\/product-category\\\/alcool-2\\\/ciocolata-and-praline\\\/#listItem\",\"name\":\"Ciocolat\\u0103 &amp; Praline\"}}]},{\"@type\":\"Organization\",\"@id\":\"https:\\\/\\\/tabaccomd.com\\\/ro\\\/#organization\",\"name\":\"Tabacco House\",\"description\":\"\\u041c\\u0430\\u0433\\u0430\\u0437\\u0438\\u043d \\u0442\\u0430\\u0431\\u0430\\u0447\\u043d\\u044b\\u0445 \\u0438\\u0437\\u0434\\u0435\\u043b\\u0438\\u0439\",\"url\":\"https:\\\/\\\/tabaccomd.com\\\/ro\\\/\",\"email\":\"Office@cazacuhouse.com\",\"telephone\":\"+37361000935\",\"logo\":{\"@type\":\"ImageObject\",\"url\":\"https:\\\/\\\/tabaccomd.com\\\/wp-content\\\/uploads\\\/2024\\\/02\\\/logo_header3.png\",\"@id\":\"https:\\\/\\\/tabaccomd.com\\\/ro\\\/product\\\/ciocolata-neagra-cu-alune-lindt-swiss-silver-dark-hazelnut-300g\\\/#organizationLogo\",\"width\":32,\"height\":32,\"caption\":\"Tabacco House\"},\"image\":{\"@id\":\"https:\\\/\\\/tabaccomd.com\\\/ro\\\/product\\\/ciocolata-neagra-cu-alune-lindt-swiss-silver-dark-hazelnut-300g\\\/#organizationLogo\"},\"sameAs\":[\"https:\\\/\\\/www.facebook.com\\\/tabaccomd.com\\\/\",\"https:\\\/\\\/www.instagram.com\\\/tabaccomd.com\\\/\"],\"address\":{\"@id\":\"https:\\\/\\\/tabaccomd.com\\\/ro\\\/#postaladdress\",\"@type\":\"PostalAddress\",\"streetAddress\":\"Strada Albi\\u015foara 4, Chi\\u0219in\\u0103u, Bulevardul \\u0218tefan cel Mare \\u0219i Sf\\u00eent 136, Chi\\u0219in\\u0103u\",\"addressLocality\":\"Chi\\u0219in\\u0103u\",\"addressCountry\":\"MD\"}},{\"@type\":\"Product\",\"@id\":\"https:\\\/\\\/tabaccomd.com\\\/ro\\\/product\\\/ciocolata-neagra-cu-alune-lindt-swiss-silver-dark-hazelnut-300g\\\/#wooCommerceProduct\",\"name\":\"Ciocolat\\u0103 neagr\\u0103 cu alune Lindt Swiss Silver Dark Hazelnut 300g\",\"description\":\"Produc\\u0103tor: Lindt &amp; Spr\\u00fcngli AG.\\n \\t\\u021aara produc\\u0103torului: Elve\\u021bia\\n \\tGreutate: 300g\",\"url\":\"https:\\\/\\\/tabaccomd.com\\\/ro\\\/product\\\/ciocolata-neagra-cu-alune-lindt-swiss-silver-dark-hazelnut-300g\\\/\",\"sku\":\"9210376s\",\"image\":{\"@type\":\"ImageObject\",\"url\":\"https:\\\/\\\/tabaccomd.com\\\/wp-content\\\/uploads\\\/2025\\\/10\\\/Ciocolata-neagra-Lindt-Swiss-Silver-Dark-hazelnut-300g.jpg\",\"@id\":\"https:\\\/\\\/tabaccomd.com\\\/ro\\\/product\\\/ciocolata-neagra-cu-alune-lindt-swiss-silver-dark-hazelnut-300g\\\/#productImage\",\"width\":1200,\"height\":1200},\"offers\":{\"@type\":\"Offer\",\"url\":\"https:\\\/\\\/tabaccomd.com\\\/ro\\\/product\\\/ciocolata-neagra-cu-alune-lindt-swiss-silver-dark-hazelnut-300g\\\/#wooCommerceOffer\",\"price\":350,\"priceCurrency\":\"MDL\",\"category\":\"Ciocolat\\u0103 &amp; Praline\",\"availability\":\"https:\\\/\\\/schema.org\\\/OutOfStock\",\"priceSpecification\":{\"@type\":\"PriceSpecification\",\"price\":350,\"priceCurrency\":\"MDL\",\"valueAddedTaxIncluded\":\"true\"},\"seller\":{\"@type\":\"Organization\",\"@id\":\"https:\\\/\\\/tabaccomd.com\\\/ro\\\/#organization\"}}},{\"@type\":\"WebPage\",\"@id\":\"https:\\\/\\\/tabaccomd.com\\\/ro\\\/product\\\/ciocolata-neagra-cu-alune-lindt-swiss-silver-dark-hazelnut-300g\\\/#webpage\",\"url\":\"https:\\\/\\\/tabaccomd.com\\\/ro\\\/product\\\/ciocolata-neagra-cu-alune-lindt-swiss-silver-dark-hazelnut-300g\\\/\",\"name\":\"Ciocolat\\u0103 neagr\\u0103 cu alune Lindt Swiss Silver Dark Hazelnut 300g \\u2013 Tabacco House\",\"inLanguage\":\"ro-RO\",\"isPartOf\":{\"@id\":\"https:\\\/\\\/tabaccomd.com\\\/ro\\\/#website\"},\"breadcrumb\":{\"@id\":\"https:\\\/\\\/tabaccomd.com\\\/ro\\\/product\\\/ciocolata-neagra-cu-alune-lindt-swiss-silver-dark-hazelnut-300g\\\/#breadcrumblist\"},\"image\":{\"@type\":\"ImageObject\",\"url\":\"https:\\\/\\\/tabaccomd.com\\\/wp-content\\\/uploads\\\/2025\\\/10\\\/Ciocolata-neagra-Lindt-Swiss-Silver-Dark-hazelnut-300g.jpg\",\"@id\":\"https:\\\/\\\/tabaccomd.com\\\/ro\\\/product\\\/ciocolata-neagra-cu-alune-lindt-swiss-silver-dark-hazelnut-300g\\\/#mainImage\",\"width\":1200,\"height\":1200},\"primaryImageOfPage\":{\"@id\":\"https:\\\/\\\/tabaccomd.com\\\/ro\\\/product\\\/ciocolata-neagra-cu-alune-lindt-swiss-silver-dark-hazelnut-300g\\\/#mainImage\"},\"datePublished\":\"2025-10-10T09:55:27+03:00\",\"dateModified\":\"2025-10-10T09:55:27+03:00\"},{\"@type\":\"WebSite\",\"@id\":\"https:\\\/\\\/tabaccomd.com\\\/ro\\\/#website\",\"url\":\"https:\\\/\\\/tabaccomd.com\\\/ro\\\/\",\"name\":\"Tabacco House\",\"alternateName\":\"tobaccomd.com\",\"description\":\"\\u041c\\u0430\\u0433\\u0430\\u0437\\u0438\\u043d \\u0442\\u0430\\u0431\\u0430\\u0447\\u043d\\u044b\\u0445 \\u0438\\u0437\\u0434\\u0435\\u043b\\u0438\\u0439\",\"inLanguage\":\"ro-RO\",\"publisher\":{\"@id\":\"https:\\\/\\\/tabaccomd.com\\\/ro\\\/#organization\"}}]}\n\t\t<\/script>\n\t\t<!-- All in One SEO Pro -->\r\n\t\t<title>Ciocolat\u0103 neagr\u0103 cu alune Lindt Swiss Silver Dark Hazelnut 300g \u2013 Tabacco House<\/title>\n\n","aioseo_head_json":{"title":"Ciocolat\u0103 neagr\u0103 cu alune Lindt Swiss Silver Dark Hazelnut 300g \u2013 Tabacco House","description":"","canonical_url":"https:\/\/tabaccomd.com\/ro\/product\/ciocolata-neagra-cu-alune-lindt-swiss-silver-dark-hazelnut-300g\/","robots":"max-image-preview:large","keywords":"","webmasterTools":{"miscellaneous":""},"schema":{"@context":"https:\/\/schema.org","@graph":[{"@type":"BreadcrumbList","@id":"https:\/\/tabaccomd.com\/ro\/product\/ciocolata-neagra-cu-alune-lindt-swiss-silver-dark-hazelnut-300g\/#breadcrumblist","itemListElement":[{"@type":"ListItem","@id":"https:\/\/tabaccomd.com\/ro\/#listItem","position":1,"name":"\u0413\u043b\u0430\u0432\u043d\u0430\u044f","item":"https:\/\/tabaccomd.com\/ro\/","nextItem":{"@type":"ListItem","@id":"https:\/\/tabaccomd.com\/ro\/catalog\/#listItem","name":"Catalog"}},{"@type":"ListItem","@id":"https:\/\/tabaccomd.com\/ro\/catalog\/#listItem","position":2,"name":"Catalog","item":"https:\/\/tabaccomd.com\/ro\/catalog\/","nextItem":{"@type":"ListItem","@id":"https:\/\/tabaccomd.com\/ro\/product-category\/alcool-2\/#listItem","name":"Alcool"},"previousItem":{"@type":"ListItem","@id":"https:\/\/tabaccomd.com\/ro\/#listItem","name":"\u0413\u043b\u0430\u0432\u043d\u0430\u044f"}},{"@type":"ListItem","@id":"https:\/\/tabaccomd.com\/ro\/product-category\/alcool-2\/#listItem","position":3,"name":"Alcool","item":"https:\/\/tabaccomd.com\/ro\/product-category\/alcool-2\/","nextItem":{"@type":"ListItem","@id":"https:\/\/tabaccomd.com\/ro\/product-category\/alcool-2\/ciocolata-and-praline\/#listItem","name":"Ciocolat\u0103 &amp; Praline"},"previousItem":{"@type":"ListItem","@id":"https:\/\/tabaccomd.com\/ro\/catalog\/#listItem","name":"Catalog"}},{"@type":"ListItem","@id":"https:\/\/tabaccomd.com\/ro\/product-category\/alcool-2\/ciocolata-and-praline\/#listItem","position":4,"name":"Ciocolat\u0103 &amp; Praline","item":"https:\/\/tabaccomd.com\/ro\/product-category\/alcool-2\/ciocolata-and-praline\/","nextItem":{"@type":"ListItem","@id":"https:\/\/tabaccomd.com\/ro\/product\/ciocolata-neagra-cu-alune-lindt-swiss-silver-dark-hazelnut-300g\/#listItem","name":"Ciocolat\u0103 neagr\u0103 cu alune Lindt Swiss Silver Dark Hazelnut 300g"},"previousItem":{"@type":"ListItem","@id":"https:\/\/tabaccomd.com\/ro\/product-category\/alcool-2\/#listItem","name":"Alcool"}},{"@type":"ListItem","@id":"https:\/\/tabaccomd.com\/ro\/product\/ciocolata-neagra-cu-alune-lindt-swiss-silver-dark-hazelnut-300g\/#listItem","position":5,"name":"Ciocolat\u0103 neagr\u0103 cu alune Lindt Swiss Silver Dark Hazelnut 300g","previousItem":{"@type":"ListItem","@id":"https:\/\/tabaccomd.com\/ro\/product-category\/alcool-2\/ciocolata-and-praline\/#listItem","name":"Ciocolat\u0103 &amp; Praline"}}]},{"@type":"Organization","@id":"https:\/\/tabaccomd.com\/ro\/#organization","name":"Tabacco House","description":"\u041c\u0430\u0433\u0430\u0437\u0438\u043d \u0442\u0430\u0431\u0430\u0447\u043d\u044b\u0445 \u0438\u0437\u0434\u0435\u043b\u0438\u0439","url":"https:\/\/tabaccomd.com\/ro\/","email":"Office@cazacuhouse.com","telephone":"+37361000935","logo":{"@type":"ImageObject","url":"https:\/\/tabaccomd.com\/wp-content\/uploads\/2024\/02\/logo_header3.png","@id":"https:\/\/tabaccomd.com\/ro\/product\/ciocolata-neagra-cu-alune-lindt-swiss-silver-dark-hazelnut-300g\/#organizationLogo","width":32,"height":32,"caption":"Tabacco House"},"image":{"@id":"https:\/\/tabaccomd.com\/ro\/product\/ciocolata-neagra-cu-alune-lindt-swiss-silver-dark-hazelnut-300g\/#organizationLogo"},"sameAs":["https:\/\/www.facebook.com\/tabaccomd.com\/","https:\/\/www.instagram.com\/tabaccomd.com\/"],"address":{"@id":"https:\/\/tabaccomd.com\/ro\/#postaladdress","@type":"PostalAddress","streetAddress":"Strada Albi\u015foara 4, Chi\u0219in\u0103u, Bulevardul \u0218tefan cel Mare \u0219i Sf\u00eent 136, Chi\u0219in\u0103u","addressLocality":"Chi\u0219in\u0103u","addressCountry":"MD"}},{"@type":"Product","@id":"https:\/\/tabaccomd.com\/ro\/product\/ciocolata-neagra-cu-alune-lindt-swiss-silver-dark-hazelnut-300g\/#wooCommerceProduct","name":"Ciocolat\u0103 neagr\u0103 cu alune Lindt Swiss Silver Dark Hazelnut 300g","description":"Produc\u0103tor: Lindt &amp; Spr\u00fcngli AG.\n \t\u021aara produc\u0103torului: Elve\u021bia\n \tGreutate: 300g","url":"https:\/\/tabaccomd.com\/ro\/product\/ciocolata-neagra-cu-alune-lindt-swiss-silver-dark-hazelnut-300g\/","sku":"9210376s","image":{"@type":"ImageObject","url":"https:\/\/tabaccomd.com\/wp-content\/uploads\/2025\/10\/Ciocolata-neagra-Lindt-Swiss-Silver-Dark-hazelnut-300g.jpg","@id":"https:\/\/tabaccomd.com\/ro\/product\/ciocolata-neagra-cu-alune-lindt-swiss-silver-dark-hazelnut-300g\/#productImage","width":1200,"height":1200},"offers":{"@type":"Offer","url":"https:\/\/tabaccomd.com\/ro\/product\/ciocolata-neagra-cu-alune-lindt-swiss-silver-dark-hazelnut-300g\/#wooCommerceOffer","price":350,"priceCurrency":"MDL","category":"Ciocolat\u0103 &amp; Praline","availability":"https:\/\/schema.org\/OutOfStock","priceSpecification":{"@type":"PriceSpecification","price":350,"priceCurrency":"MDL","valueAddedTaxIncluded":"true"},"seller":{"@type":"Organization","@id":"https:\/\/tabaccomd.com\/ro\/#organization"}}},{"@type":"WebPage","@id":"https:\/\/tabaccomd.com\/ro\/product\/ciocolata-neagra-cu-alune-lindt-swiss-silver-dark-hazelnut-300g\/#webpage","url":"https:\/\/tabaccomd.com\/ro\/product\/ciocolata-neagra-cu-alune-lindt-swiss-silver-dark-hazelnut-300g\/","name":"Ciocolat\u0103 neagr\u0103 cu alune Lindt Swiss Silver Dark Hazelnut 300g \u2013 Tabacco House","inLanguage":"ro-RO","isPartOf":{"@id":"https:\/\/tabaccomd.com\/ro\/#website"},"breadcrumb":{"@id":"https:\/\/tabaccomd.com\/ro\/product\/ciocolata-neagra-cu-alune-lindt-swiss-silver-dark-hazelnut-300g\/#breadcrumblist"},"image":{"@type":"ImageObject","url":"https:\/\/tabaccomd.com\/wp-content\/uploads\/2025\/10\/Ciocolata-neagra-Lindt-Swiss-Silver-Dark-hazelnut-300g.jpg","@id":"https:\/\/tabaccomd.com\/ro\/product\/ciocolata-neagra-cu-alune-lindt-swiss-silver-dark-hazelnut-300g\/#mainImage","width":1200,"height":1200},"primaryImageOfPage":{"@id":"https:\/\/tabaccomd.com\/ro\/product\/ciocolata-neagra-cu-alune-lindt-swiss-silver-dark-hazelnut-300g\/#mainImage"},"datePublished":"2025-10-10T09:55:27+03:00","dateModified":"2025-10-10T09:55:27+03:00"},{"@type":"WebSite","@id":"https:\/\/tabaccomd.com\/ro\/#website","url":"https:\/\/tabaccomd.com\/ro\/","name":"Tabacco House","alternateName":"tobaccomd.com","description":"\u041c\u0430\u0433\u0430\u0437\u0438\u043d \u0442\u0430\u0431\u0430\u0447\u043d\u044b\u0445 \u0438\u0437\u0434\u0435\u043b\u0438\u0439","inLanguage":"ro-RO","publisher":{"@id":"https:\/\/tabaccomd.com\/ro\/#organization"}}]},"og:locale":"ro_RO","og:site_name":"Tabacco House \u2013 \u041c\u0430\u0433\u0430\u0437\u0438\u043d \u0442\u0430\u0431\u0430\u0447\u043d\u044b\u0445 \u0438\u0437\u0434\u0435\u043b\u0438\u0439","og:type":"article","og:title":"Ciocolat\u0103 neagr\u0103 cu alune Lindt Swiss Silver Dark Hazelnut 300g \u2013 Tabacco House","og:url":"https:\/\/tabaccomd.com\/ro\/product\/ciocolata-neagra-cu-alune-lindt-swiss-silver-dark-hazelnut-300g\/","article:published_time":"2025-10-10T06:55:27+00:00","article:modified_time":"2025-10-10T06:55:27+00:00","article:publisher":"https:\/\/www.facebook.com\/tabaccomd.com\/","twitter:card":"summary_large_image","twitter:title":"Ciocolat\u0103 neagr\u0103 cu alune Lindt Swiss Silver Dark Hazelnut 300g \u2013 Tabacco House"},"aioseo_meta_data":{"post_id":"154657","title":null,"description":null,"keywords":null,"keyphrases":{"focus":{"keyphrase":"","score":0,"analysis":{"keyphraseInTitle":{"score":0,"maxScore":9,"error":1}}},"additional":[]},"primary_term":null,"canonical_url":null,"og_title":null,"og_description":null,"og_object_type":"default","og_image_type":"default","og_image_url":null,"og_image_width":null,"og_image_height":null,"og_image_custom_url":null,"og_image_custom_fields":null,"og_video":"","og_custom_url":null,"og_article_section":null,"og_article_tags":null,"twitter_use_og":false,"twitter_card":"default","twitter_image_type":"default","twitter_image_url":null,"twitter_image_custom_url":null,"twitter_image_custom_fields":null,"twitter_title":null,"twitter_description":null,"schema":{"blockGraphs":[],"customGraphs":[],"default":{"data":{"Article":[],"Course":[],"Dataset":[],"FAQPage":[],"Movie":[],"Person":[],"Product":[],"ProductReview":[],"Car":[],"Recipe":[],"Service":[],"SoftwareApplication":[],"WebPage":[]},"graphName":"Product","isEnabled":true},"graphs":[]},"schema_type":"default","schema_type_options":null,"pillar_content":false,"robots_default":true,"robots_noindex":false,"robots_noarchive":false,"robots_nosnippet":false,"robots_nofollow":false,"robots_noimageindex":false,"robots_noodp":false,"robots_notranslate":false,"robots_max_snippet":"-1","robots_max_videopreview":"-1","robots_max_imagepreview":"large","priority":null,"frequency":"default","local_seo":null,"seo_analyzer_scan_date":"2025-10-20 22:32:55","breadcrumb_settings":null,"limit_modified_date":false,"reviewed_by":null,"open_ai":null,"ai":{"faqs":[],"keyPoints":[],"titles":[],"descriptions":[],"socialPosts":{"email":[],"linkedin":[],"twitter":[],"facebook":[],"instagram":[]}},"created":"2025-10-10 13:01:40","updated":"2025-10-20 22:32:55"},"aioseo_breadcrumb":"<div class=\"aioseo-breadcrumbs\"><span class=\"aioseo-breadcrumb\">\n\t<a href=\"https:\/\/tabaccomd.com\/ro\/\" title=\"\u0413\u043b\u0430\u0432\u043d\u0430\u044f\">\u0413\u043b\u0430\u0432\u043d\u0430\u044f<\/a>\n<\/span><span class=\"aioseo-breadcrumb-separator\">\u00bb<\/span><span class=\"aioseo-breadcrumb\">\n\t<a href=\"https:\/\/tabaccomd.com\/ro\/catalog\/\" title=\"Catalog\">Catalog<\/a>\n<\/span><span class=\"aioseo-breadcrumb-separator\">\u00bb<\/span><span class=\"aioseo-breadcrumb\">\n\t<a href=\"https:\/\/tabaccomd.com\/ro\/product-category\/alcool-2\/\" title=\"Alcool\">Alcool<\/a>\n<\/span><span class=\"aioseo-breadcrumb-separator\">\u00bb<\/span><span class=\"aioseo-breadcrumb\">\n\t<a href=\"https:\/\/tabaccomd.com\/ro\/product-category\/alcool-2\/ciocolata-and-praline\/\" title=\"Ciocolat\u0103 &amp; Praline\">Ciocolat\u0103 &amp; Praline<\/a>\n<\/span><span class=\"aioseo-breadcrumb-separator\">\u00bb<\/span><span class=\"aioseo-breadcrumb\">\n\tCiocolat\u0103 neagr\u0103 cu alune Lindt Swiss Silver Dark Hazelnut 300g\n<\/span><\/div>","aioseo_breadcrumb_json":[{"label":"\u0413\u043b\u0430\u0432\u043d\u0430\u044f","link":"https:\/\/tabaccomd.com\/ro\/"},{"label":"Catalog","link":"https:\/\/tabaccomd.com\/ro\/catalog\/"},{"label":"Alcool","link":"https:\/\/tabaccomd.com\/ro\/product-category\/alcool-2\/"},{"label":"Ciocolat\u0103 &amp; Praline","link":"https:\/\/tabaccomd.com\/ro\/product-category\/alcool-2\/ciocolata-and-praline\/"},{"label":"Ciocolat\u0103 neagr\u0103 cu alune Lindt Swiss Silver Dark Hazelnut 300g","link":"https:\/\/tabaccomd.com\/ro\/product\/ciocolata-neagra-cu-alune-lindt-swiss-silver-dark-hazelnut-300g\/"}],"images_for_1c":[{"url":"https:\/\/tabaccomd.com\/wp-content\/uploads\/2025\/10\/Ciocolata-neagra-Lindt-Swiss-Silver-Dark-hazelnut-300g.jpg","type":"featured","alt":"Ciocolat\u0103-neagr\u0103-Lindt-Swiss-Silver-Dark-hazelnut-300g","filename":"Ciocolata-neagra-Lindt-Swiss-Silver-Dark-hazelnut-300g.jpg"},{"url":"https:\/\/tabaccomd.com\/wp-content\/uploads\/2025\/05\/Ciocolata-neagra-Lindt-Swiss-Silver-Dark-hazelnut-300g-0.png","type":"gallery","alt":"Ciocolat\u0103-neagr\u0103-Lindt-Swiss-Silver-Dark-hazelnut-300g-0","filename":"Ciocolata-neagra-Lindt-Swiss-Silver-Dark-hazelnut-300g-0.png"}],"additional_data_1c":{"modified_date":"2025-10-10 09:55:27","permalink":"https:\/\/tabaccomd.com\/ro\/product\/ciocolata-neagra-cu-alune-lindt-swiss-silver-dark-hazelnut-300g\/","stock_status":"outofstock","manage_stock":"no"},"_links":{"self":[{"href":"https:\/\/tabaccomd.com\/ro\/wp-json\/wp\/v2\/product\/154657","targetHints":{"allow":["GET"]}}],"collection":[{"href":"https:\/\/tabaccomd.com\/ro\/wp-json\/wp\/v2\/product"}],"about":[{"href":"https:\/\/tabaccomd.com\/ro\/wp-json\/wp\/v2\/types\/product"}],"wp:featuredmedia":[{"embeddable":true,"href":"https:\/\/tabaccomd.com\/ro\/wp-json\/wp\/v2\/media\/154656"}],"wp:attachment":[{"href":"https:\/\/tabaccomd.com\/ro\/wp-json\/wp\/v2\/media?parent=154657"}],"wp:term":[{"taxonomy":"product_brand","embeddable":true,"href":"https:\/\/tabaccomd.com\/ro\/wp-json\/wp\/v2\/product_brand?post=154657"},{"taxonomy":"product_cat","embeddable":true,"href":"https:\/\/tabaccomd.com\/ro\/wp-json\/wp\/v2\/product_cat?post=154657"},{"taxonomy":"product_tag","embeddable":true,"href":"https:\/\/tabaccomd.com\/ro\/wp-json\/wp\/v2\/product_tag?post=154657"}],"curies":[{"name":"wp","href":"https:\/\/api.w.org\/{rel}","templated":true}]}}