{"id":154627,"date":"2025-10-10T09:59:08","date_gmt":"2025-10-10T06:59:08","guid":{"rendered":"https:\/\/tabaccomd.com\/product\/bomboane-ferrero-collection-260g\/"},"modified":"2025-11-27T11:26:00","modified_gmt":"2025-11-27T08:26:00","slug":"bomboane-ferrero-collection-260g","status":"publish","type":"product","link":"https:\/\/tabaccomd.com\/ro\/product\/bomboane-ferrero-collection-260g\/","title":{"rendered":"Bomboane Ferrero Collection 269g"},"content":{"rendered":"<p><a href=\"https:\/\/tabaccomd.com\/ro\/product-category\/alcool-2\/ciocolata-and-praline\/\">Ferrero Collection <\/a>\u2014 o selec\u021bie rafinat\u0103 creat\u0103 datorit\u0103 m\u0103iestriei \u0219i experien\u021bei Ferrero. Setul include trei tipuri legendare de praline, fiecare oferind o experien\u021b\u0103 gustativ\u0103 unic\u0103. Ferrero Collection reprezint\u0103 o varietate rafinat\u0103 de arome \u0219i texturi care transform\u0103 fiecare moment \u00eentr-o adev\u0103rat\u0103 pl\u0103cere.<\/p>\n<div><strong>Ferrero Rocher<\/strong> \u2014 o combina\u021bie \u00eentre o alun\u0103 \u00eentreag\u0103 de p\u0103dure, o crem\u0103 fin\u0103 cu alune \u0219i o crust\u0103 crocant\u0103 de napolitan\u0103 acoperit\u0103 cu ciocolat\u0103.<\/div>\n<div><strong>Raffaello<\/strong> \u2014 o armonie perfect\u0103 \u00eentre fulgii de cocos din insulele Pacificului \u0219i migdala alb\u0103 din California.<\/div>\n<div><strong>Rondnoir<\/strong> \u2014 un gust intens de ciocolat\u0103 neagr\u0103 cu crem\u0103 delicat\u0103 \u0219i o perl\u0103 de ciocolat\u0103 \u00een centru.<\/div>\n<ul>\n<li><strong>Ingrediente:<\/strong> 40,5% ciocolat\u0103 neagr\u0103 (zah\u0103r, mas\u0103 de cacao, unt de cacao, emulgator: lecitin\u0103 de soia; arom\u0103 de vanilin\u0103), zah\u0103r, ulei de palmier, f\u0103in\u0103 de gr\u00e2u, pudr\u0103 de cacao cu con\u021binut redus de gr\u0103simi (5,5%), zer praf, lapte praf degresat, amidon de gr\u00e2u, ulei de floarea soarelui, ciocolat\u0103 cu lapte (zah\u0103r, unt de cacao, mas\u0103 de cacao, lapte praf, mas\u0103 de cacao, emulgator: lecitin\u0103 de soia, arom\u0103 de vanilin\u0103); unt de cacao, emulgator: lecitin\u0103 de soia, proteine din lapte, agent de glazurare (gum\u0103 arabic\u0103), mas\u0103 de cacao, agen\u021bi de fermentare (hidrogenocarbonat de sodiu, hidrogenocarbonat de amoniu), sare, arom\u0103 de vanilin\u0103.<\/li>\n<li><strong>Con\u021binut de alergeni:<\/strong> produsul con\u021bine alune de p\u0103dure, migdale, lapte, gr\u00e2u \u0219i soia. Poate con\u021bine urme de alte fructe cu coaj\u0103 lemnoas\u0103.<\/li>\n<\/ul>\n<p data-start=\"189\" data-end=\"560\">Pute\u021bi achizi\u021biona bomboanele Ferrero Collection 269g \u00een Moldova, Chi\u0219in\u0103u \u00een re\u021beaua de magazine Tabacco House.<\/p>\n","protected":false},"excerpt":{"rendered":"<ul class=\"product-fields\">\n<li>Produc\u0103tor: Ferrero S.p.A.<\/li>\n<li>\u021aara produc\u0103torului: Italia<\/li>\n<li>Cantitate per ambalaj: 24 bomboane<\/li>\n<li>Greutate: 269 g<\/li>\n<\/ul>\n","protected":false},"featured_media":154626,"template":"","meta":{"om_disable_all_campaigns":false,"_monsterinsights_skip_tracking":false,"_monsterinsights_sitenote_active":false,"_monsterinsights_sitenote_note":"","_monsterinsights_sitenote_category":0},"product_brand":[],"product_cat":[489],"product_tag":[],"class_list":{"0":"post-154627","1":"product","2":"type-product","3":"status-publish","4":"has-post-thumbnail","6":"product_cat-ciocolata-and-praline","8":"first","9":"outofstock","10":"purchasable","11":"product-type-simple"},"aioseo_notices":[],"aioseo_head":"\n\t\t<!-- All in One SEO Pro 4.9.6.2 - aioseo.com -->\n\t<meta name=\"robots\" content=\"max-image-preview:large\" \/>\n\t<link rel=\"canonical\" href=\"https:\/\/tabaccomd.com\/ro\/product\/bomboane-ferrero-collection-260g\/\" \/>\n\t<meta name=\"generator\" content=\"All in One SEO Pro (AIOSEO) 4.9.6.2\" \/>\n\t\t<meta property=\"og:locale\" content=\"ro_RO\" \/>\n\t\t<meta property=\"og:site_name\" content=\"Tabacco House \u2013 \u041c\u0430\u0433\u0430\u0437\u0438\u043d \u0442\u0430\u0431\u0430\u0447\u043d\u044b\u0445 \u0438\u0437\u0434\u0435\u043b\u0438\u0439\" \/>\n\t\t<meta property=\"og:type\" content=\"article\" \/>\n\t\t<meta property=\"og:title\" content=\"Bomboane Ferrero Collection 269g \u2013 Tabacco House\" \/>\n\t\t<meta property=\"og:url\" content=\"https:\/\/tabaccomd.com\/ro\/product\/bomboane-ferrero-collection-260g\/\" \/>\n\t\t<meta property=\"article:published_time\" content=\"2025-10-10T06:59:08+00:00\" \/>\n\t\t<meta property=\"article:modified_time\" content=\"2025-11-27T08:26:00+00:00\" \/>\n\t\t<meta property=\"article:publisher\" content=\"https:\/\/www.facebook.com\/tabaccomd.com\/\" \/>\n\t\t<meta name=\"twitter:card\" content=\"summary_large_image\" \/>\n\t\t<meta name=\"twitter:title\" content=\"Bomboane Ferrero Collection 269g \u2013 Tabacco House\" \/>\n\t\t<script type=\"application\/ld+json\" class=\"aioseo-schema\">\n\t\t\t{\"@context\":\"https:\\\/\\\/schema.org\",\"@graph\":[{\"@type\":\"BreadcrumbList\",\"@id\":\"https:\\\/\\\/tabaccomd.com\\\/ro\\\/product\\\/bomboane-ferrero-collection-260g\\\/#breadcrumblist\",\"itemListElement\":[{\"@type\":\"ListItem\",\"@id\":\"https:\\\/\\\/tabaccomd.com\\\/ro\\\/#listItem\",\"position\":1,\"name\":\"\\u0413\\u043b\\u0430\\u0432\\u043d\\u0430\\u044f\",\"item\":\"https:\\\/\\\/tabaccomd.com\\\/ro\\\/\",\"nextItem\":{\"@type\":\"ListItem\",\"@id\":\"https:\\\/\\\/tabaccomd.com\\\/ro\\\/catalog\\\/#listItem\",\"name\":\"Catalog\"}},{\"@type\":\"ListItem\",\"@id\":\"https:\\\/\\\/tabaccomd.com\\\/ro\\\/catalog\\\/#listItem\",\"position\":2,\"name\":\"Catalog\",\"item\":\"https:\\\/\\\/tabaccomd.com\\\/ro\\\/catalog\\\/\",\"nextItem\":{\"@type\":\"ListItem\",\"@id\":\"https:\\\/\\\/tabaccomd.com\\\/ro\\\/product-category\\\/alcool-2\\\/#listItem\",\"name\":\"Alcool\"},\"previousItem\":{\"@type\":\"ListItem\",\"@id\":\"https:\\\/\\\/tabaccomd.com\\\/ro\\\/#listItem\",\"name\":\"\\u0413\\u043b\\u0430\\u0432\\u043d\\u0430\\u044f\"}},{\"@type\":\"ListItem\",\"@id\":\"https:\\\/\\\/tabaccomd.com\\\/ro\\\/product-category\\\/alcool-2\\\/#listItem\",\"position\":3,\"name\":\"Alcool\",\"item\":\"https:\\\/\\\/tabaccomd.com\\\/ro\\\/product-category\\\/alcool-2\\\/\",\"nextItem\":{\"@type\":\"ListItem\",\"@id\":\"https:\\\/\\\/tabaccomd.com\\\/ro\\\/product-category\\\/alcool-2\\\/ciocolata-and-praline\\\/#listItem\",\"name\":\"Ciocolat\\u0103 &amp; Praline\"},\"previousItem\":{\"@type\":\"ListItem\",\"@id\":\"https:\\\/\\\/tabaccomd.com\\\/ro\\\/catalog\\\/#listItem\",\"name\":\"Catalog\"}},{\"@type\":\"ListItem\",\"@id\":\"https:\\\/\\\/tabaccomd.com\\\/ro\\\/product-category\\\/alcool-2\\\/ciocolata-and-praline\\\/#listItem\",\"position\":4,\"name\":\"Ciocolat\\u0103 &amp; Praline\",\"item\":\"https:\\\/\\\/tabaccomd.com\\\/ro\\\/product-category\\\/alcool-2\\\/ciocolata-and-praline\\\/\",\"nextItem\":{\"@type\":\"ListItem\",\"@id\":\"https:\\\/\\\/tabaccomd.com\\\/ro\\\/product\\\/bomboane-ferrero-collection-260g\\\/#listItem\",\"name\":\"Bomboane Ferrero Collection 269g\"},\"previousItem\":{\"@type\":\"ListItem\",\"@id\":\"https:\\\/\\\/tabaccomd.com\\\/ro\\\/product-category\\\/alcool-2\\\/#listItem\",\"name\":\"Alcool\"}},{\"@type\":\"ListItem\",\"@id\":\"https:\\\/\\\/tabaccomd.com\\\/ro\\\/product\\\/bomboane-ferrero-collection-260g\\\/#listItem\",\"position\":5,\"name\":\"Bomboane Ferrero Collection 269g\",\"previousItem\":{\"@type\":\"ListItem\",\"@id\":\"https:\\\/\\\/tabaccomd.com\\\/ro\\\/product-category\\\/alcool-2\\\/ciocolata-and-praline\\\/#listItem\",\"name\":\"Ciocolat\\u0103 &amp; Praline\"}}]},{\"@type\":\"Organization\",\"@id\":\"https:\\\/\\\/tabaccomd.com\\\/ro\\\/#organization\",\"name\":\"Tabacco House\",\"description\":\"\\u041c\\u0430\\u0433\\u0430\\u0437\\u0438\\u043d \\u0442\\u0430\\u0431\\u0430\\u0447\\u043d\\u044b\\u0445 \\u0438\\u0437\\u0434\\u0435\\u043b\\u0438\\u0439\",\"url\":\"https:\\\/\\\/tabaccomd.com\\\/ro\\\/\",\"email\":\"Office@cazacuhouse.com\",\"telephone\":\"+37361000935\",\"logo\":{\"@type\":\"ImageObject\",\"url\":\"https:\\\/\\\/tabaccomd.com\\\/wp-content\\\/uploads\\\/2024\\\/02\\\/logo_header3.png\",\"@id\":\"https:\\\/\\\/tabaccomd.com\\\/ro\\\/product\\\/bomboane-ferrero-collection-260g\\\/#organizationLogo\",\"width\":32,\"height\":32,\"caption\":\"Tabacco House\"},\"image\":{\"@id\":\"https:\\\/\\\/tabaccomd.com\\\/ro\\\/product\\\/bomboane-ferrero-collection-260g\\\/#organizationLogo\"},\"sameAs\":[\"https:\\\/\\\/www.facebook.com\\\/tabaccomd.com\\\/\",\"https:\\\/\\\/www.instagram.com\\\/tabaccomd.com\\\/\"],\"address\":{\"@id\":\"https:\\\/\\\/tabaccomd.com\\\/ro\\\/#postaladdress\",\"@type\":\"PostalAddress\",\"streetAddress\":\"Strada Albi\\u015foara 4, Chi\\u0219in\\u0103u, Bulevardul \\u0218tefan cel Mare \\u0219i Sf\\u00eent 136, Chi\\u0219in\\u0103u\",\"addressLocality\":\"Chi\\u0219in\\u0103u\",\"addressCountry\":\"MD\"}},{\"@type\":\"Product\",\"@id\":\"https:\\\/\\\/tabaccomd.com\\\/ro\\\/product\\\/bomboane-ferrero-collection-260g\\\/#wooCommerceProduct\",\"name\":\"Bomboane Ferrero Collection 269g\",\"description\":\"Produc\\u0103tor: Ferrero S.p.A.\\r\\n \\t\\u021aara produc\\u0103torului: Italia\\r\\n \\tCantitate per ambalaj: 24 bomboane\\r\\n \\tGreutate: 269 g\",\"url\":\"https:\\\/\\\/tabaccomd.com\\\/ro\\\/product\\\/bomboane-ferrero-collection-260g\\\/\",\"sku\":\"9211120s\",\"image\":{\"@type\":\"ImageObject\",\"url\":\"https:\\\/\\\/tabaccomd.com\\\/wp-content\\\/uploads\\\/2025\\\/03\\\/Bomboane-Ferrero-Collection-260g.jpg\",\"@id\":\"https:\\\/\\\/tabaccomd.com\\\/ro\\\/product\\\/bomboane-ferrero-collection-260g\\\/#productImage\",\"width\":1200,\"height\":1200,\"caption\":\"Bomboane-Ferrero-Collection-260g\"},\"offers\":{\"@type\":\"Offer\",\"url\":\"https:\\\/\\\/tabaccomd.com\\\/ro\\\/product\\\/bomboane-ferrero-collection-260g\\\/#wooCommerceOffer\",\"price\":395,\"priceCurrency\":\"MDL\",\"category\":\"Ciocolat\\u0103 &amp; Praline\",\"availability\":\"https:\\\/\\\/schema.org\\\/OutOfStock\",\"priceSpecification\":{\"@type\":\"PriceSpecification\",\"price\":395,\"priceCurrency\":\"MDL\",\"valueAddedTaxIncluded\":\"true\"},\"seller\":{\"@type\":\"Organization\",\"@id\":\"https:\\\/\\\/tabaccomd.com\\\/ro\\\/#organization\"}}},{\"@type\":\"WebPage\",\"@id\":\"https:\\\/\\\/tabaccomd.com\\\/ro\\\/product\\\/bomboane-ferrero-collection-260g\\\/#webpage\",\"url\":\"https:\\\/\\\/tabaccomd.com\\\/ro\\\/product\\\/bomboane-ferrero-collection-260g\\\/\",\"name\":\"Bomboane Ferrero Collection 269g \\u2013 Tabacco House\",\"inLanguage\":\"ro-RO\",\"isPartOf\":{\"@id\":\"https:\\\/\\\/tabaccomd.com\\\/ro\\\/#website\"},\"breadcrumb\":{\"@id\":\"https:\\\/\\\/tabaccomd.com\\\/ro\\\/product\\\/bomboane-ferrero-collection-260g\\\/#breadcrumblist\"},\"image\":{\"@type\":\"ImageObject\",\"url\":\"https:\\\/\\\/tabaccomd.com\\\/wp-content\\\/uploads\\\/2025\\\/03\\\/Bomboane-Ferrero-Collection-260g.jpg\",\"@id\":\"https:\\\/\\\/tabaccomd.com\\\/ro\\\/product\\\/bomboane-ferrero-collection-260g\\\/#mainImage\",\"width\":1200,\"height\":1200,\"caption\":\"Bomboane-Ferrero-Collection-260g\"},\"primaryImageOfPage\":{\"@id\":\"https:\\\/\\\/tabaccomd.com\\\/ro\\\/product\\\/bomboane-ferrero-collection-260g\\\/#mainImage\"},\"datePublished\":\"2025-10-10T09:59:08+03:00\",\"dateModified\":\"2025-11-27T11:26:00+03:00\"},{\"@type\":\"WebSite\",\"@id\":\"https:\\\/\\\/tabaccomd.com\\\/ro\\\/#website\",\"url\":\"https:\\\/\\\/tabaccomd.com\\\/ro\\\/\",\"name\":\"Tabacco House\",\"alternateName\":\"tobaccomd.com\",\"description\":\"\\u041c\\u0430\\u0433\\u0430\\u0437\\u0438\\u043d \\u0442\\u0430\\u0431\\u0430\\u0447\\u043d\\u044b\\u0445 \\u0438\\u0437\\u0434\\u0435\\u043b\\u0438\\u0439\",\"inLanguage\":\"ro-RO\",\"publisher\":{\"@id\":\"https:\\\/\\\/tabaccomd.com\\\/ro\\\/#organization\"}}]}\n\t\t<\/script>\n\t\t<!-- All in One SEO Pro -->\r\n\t\t<title>Bomboane Ferrero Collection 269g \u2013 Tabacco House<\/title>\n\n","aioseo_head_json":{"title":"Bomboane Ferrero Collection 269g \u2013 Tabacco House","description":"","canonical_url":"https:\/\/tabaccomd.com\/ro\/product\/bomboane-ferrero-collection-260g\/","robots":"max-image-preview:large","keywords":"","webmasterTools":{"miscellaneous":""},"schema":{"@context":"https:\/\/schema.org","@graph":[{"@type":"BreadcrumbList","@id":"https:\/\/tabaccomd.com\/ro\/product\/bomboane-ferrero-collection-260g\/#breadcrumblist","itemListElement":[{"@type":"ListItem","@id":"https:\/\/tabaccomd.com\/ro\/#listItem","position":1,"name":"\u0413\u043b\u0430\u0432\u043d\u0430\u044f","item":"https:\/\/tabaccomd.com\/ro\/","nextItem":{"@type":"ListItem","@id":"https:\/\/tabaccomd.com\/ro\/catalog\/#listItem","name":"Catalog"}},{"@type":"ListItem","@id":"https:\/\/tabaccomd.com\/ro\/catalog\/#listItem","position":2,"name":"Catalog","item":"https:\/\/tabaccomd.com\/ro\/catalog\/","nextItem":{"@type":"ListItem","@id":"https:\/\/tabaccomd.com\/ro\/product-category\/alcool-2\/#listItem","name":"Alcool"},"previousItem":{"@type":"ListItem","@id":"https:\/\/tabaccomd.com\/ro\/#listItem","name":"\u0413\u043b\u0430\u0432\u043d\u0430\u044f"}},{"@type":"ListItem","@id":"https:\/\/tabaccomd.com\/ro\/product-category\/alcool-2\/#listItem","position":3,"name":"Alcool","item":"https:\/\/tabaccomd.com\/ro\/product-category\/alcool-2\/","nextItem":{"@type":"ListItem","@id":"https:\/\/tabaccomd.com\/ro\/product-category\/alcool-2\/ciocolata-and-praline\/#listItem","name":"Ciocolat\u0103 &amp; Praline"},"previousItem":{"@type":"ListItem","@id":"https:\/\/tabaccomd.com\/ro\/catalog\/#listItem","name":"Catalog"}},{"@type":"ListItem","@id":"https:\/\/tabaccomd.com\/ro\/product-category\/alcool-2\/ciocolata-and-praline\/#listItem","position":4,"name":"Ciocolat\u0103 &amp; Praline","item":"https:\/\/tabaccomd.com\/ro\/product-category\/alcool-2\/ciocolata-and-praline\/","nextItem":{"@type":"ListItem","@id":"https:\/\/tabaccomd.com\/ro\/product\/bomboane-ferrero-collection-260g\/#listItem","name":"Bomboane Ferrero Collection 269g"},"previousItem":{"@type":"ListItem","@id":"https:\/\/tabaccomd.com\/ro\/product-category\/alcool-2\/#listItem","name":"Alcool"}},{"@type":"ListItem","@id":"https:\/\/tabaccomd.com\/ro\/product\/bomboane-ferrero-collection-260g\/#listItem","position":5,"name":"Bomboane Ferrero Collection 269g","previousItem":{"@type":"ListItem","@id":"https:\/\/tabaccomd.com\/ro\/product-category\/alcool-2\/ciocolata-and-praline\/#listItem","name":"Ciocolat\u0103 &amp; Praline"}}]},{"@type":"Organization","@id":"https:\/\/tabaccomd.com\/ro\/#organization","name":"Tabacco House","description":"\u041c\u0430\u0433\u0430\u0437\u0438\u043d \u0442\u0430\u0431\u0430\u0447\u043d\u044b\u0445 \u0438\u0437\u0434\u0435\u043b\u0438\u0439","url":"https:\/\/tabaccomd.com\/ro\/","email":"Office@cazacuhouse.com","telephone":"+37361000935","logo":{"@type":"ImageObject","url":"https:\/\/tabaccomd.com\/wp-content\/uploads\/2024\/02\/logo_header3.png","@id":"https:\/\/tabaccomd.com\/ro\/product\/bomboane-ferrero-collection-260g\/#organizationLogo","width":32,"height":32,"caption":"Tabacco House"},"image":{"@id":"https:\/\/tabaccomd.com\/ro\/product\/bomboane-ferrero-collection-260g\/#organizationLogo"},"sameAs":["https:\/\/www.facebook.com\/tabaccomd.com\/","https:\/\/www.instagram.com\/tabaccomd.com\/"],"address":{"@id":"https:\/\/tabaccomd.com\/ro\/#postaladdress","@type":"PostalAddress","streetAddress":"Strada Albi\u015foara 4, Chi\u0219in\u0103u, Bulevardul \u0218tefan cel Mare \u0219i Sf\u00eent 136, Chi\u0219in\u0103u","addressLocality":"Chi\u0219in\u0103u","addressCountry":"MD"}},{"@type":"Product","@id":"https:\/\/tabaccomd.com\/ro\/product\/bomboane-ferrero-collection-260g\/#wooCommerceProduct","name":"Bomboane Ferrero Collection 269g","description":"Produc\u0103tor: Ferrero S.p.A.\r\n \t\u021aara produc\u0103torului: Italia\r\n \tCantitate per ambalaj: 24 bomboane\r\n \tGreutate: 269 g","url":"https:\/\/tabaccomd.com\/ro\/product\/bomboane-ferrero-collection-260g\/","sku":"9211120s","image":{"@type":"ImageObject","url":"https:\/\/tabaccomd.com\/wp-content\/uploads\/2025\/03\/Bomboane-Ferrero-Collection-260g.jpg","@id":"https:\/\/tabaccomd.com\/ro\/product\/bomboane-ferrero-collection-260g\/#productImage","width":1200,"height":1200,"caption":"Bomboane-Ferrero-Collection-260g"},"offers":{"@type":"Offer","url":"https:\/\/tabaccomd.com\/ro\/product\/bomboane-ferrero-collection-260g\/#wooCommerceOffer","price":395,"priceCurrency":"MDL","category":"Ciocolat\u0103 &amp; Praline","availability":"https:\/\/schema.org\/OutOfStock","priceSpecification":{"@type":"PriceSpecification","price":395,"priceCurrency":"MDL","valueAddedTaxIncluded":"true"},"seller":{"@type":"Organization","@id":"https:\/\/tabaccomd.com\/ro\/#organization"}}},{"@type":"WebPage","@id":"https:\/\/tabaccomd.com\/ro\/product\/bomboane-ferrero-collection-260g\/#webpage","url":"https:\/\/tabaccomd.com\/ro\/product\/bomboane-ferrero-collection-260g\/","name":"Bomboane Ferrero Collection 269g \u2013 Tabacco House","inLanguage":"ro-RO","isPartOf":{"@id":"https:\/\/tabaccomd.com\/ro\/#website"},"breadcrumb":{"@id":"https:\/\/tabaccomd.com\/ro\/product\/bomboane-ferrero-collection-260g\/#breadcrumblist"},"image":{"@type":"ImageObject","url":"https:\/\/tabaccomd.com\/wp-content\/uploads\/2025\/03\/Bomboane-Ferrero-Collection-260g.jpg","@id":"https:\/\/tabaccomd.com\/ro\/product\/bomboane-ferrero-collection-260g\/#mainImage","width":1200,"height":1200,"caption":"Bomboane-Ferrero-Collection-260g"},"primaryImageOfPage":{"@id":"https:\/\/tabaccomd.com\/ro\/product\/bomboane-ferrero-collection-260g\/#mainImage"},"datePublished":"2025-10-10T09:59:08+03:00","dateModified":"2025-11-27T11:26:00+03:00"},{"@type":"WebSite","@id":"https:\/\/tabaccomd.com\/ro\/#website","url":"https:\/\/tabaccomd.com\/ro\/","name":"Tabacco House","alternateName":"tobaccomd.com","description":"\u041c\u0430\u0433\u0430\u0437\u0438\u043d \u0442\u0430\u0431\u0430\u0447\u043d\u044b\u0445 \u0438\u0437\u0434\u0435\u043b\u0438\u0439","inLanguage":"ro-RO","publisher":{"@id":"https:\/\/tabaccomd.com\/ro\/#organization"}}]},"og:locale":"ro_RO","og:site_name":"Tabacco House \u2013 \u041c\u0430\u0433\u0430\u0437\u0438\u043d \u0442\u0430\u0431\u0430\u0447\u043d\u044b\u0445 \u0438\u0437\u0434\u0435\u043b\u0438\u0439","og:type":"article","og:title":"Bomboane Ferrero Collection 269g \u2013 Tabacco House","og:url":"https:\/\/tabaccomd.com\/ro\/product\/bomboane-ferrero-collection-260g\/","article:published_time":"2025-10-10T06:59:08+00:00","article:modified_time":"2025-11-27T08:26:00+00:00","article:publisher":"https:\/\/www.facebook.com\/tabaccomd.com\/","twitter:card":"summary_large_image","twitter:title":"Bomboane Ferrero Collection 269g \u2013 Tabacco House"},"aioseo_meta_data":{"post_id":"154627","title":null,"description":null,"keywords":null,"keyphrases":{"focus":{"keyphrase":"","score":0,"analysis":{"keyphraseInTitle":{"score":0,"maxScore":9,"error":1}}},"additional":[]},"primary_term":null,"canonical_url":null,"og_title":null,"og_description":null,"og_object_type":"default","og_image_type":"default","og_image_url":null,"og_image_width":null,"og_image_height":null,"og_image_custom_url":null,"og_image_custom_fields":null,"og_video":"","og_custom_url":null,"og_article_section":null,"og_article_tags":null,"twitter_use_og":false,"twitter_card":"default","twitter_image_type":"default","twitter_image_url":null,"twitter_image_custom_url":null,"twitter_image_custom_fields":null,"twitter_title":null,"twitter_description":null,"schema":{"blockGraphs":[],"customGraphs":[],"default":{"data":{"Article":[],"Course":[],"Dataset":[],"FAQPage":[],"Movie":[],"Person":[],"Product":[],"ProductReview":[],"Car":[],"Recipe":[],"Service":[],"SoftwareApplication":[],"WebPage":[]},"graphName":"Product","isEnabled":true},"graphs":[]},"schema_type":"default","schema_type_options":null,"pillar_content":false,"robots_default":true,"robots_noindex":false,"robots_noarchive":false,"robots_nosnippet":false,"robots_nofollow":false,"robots_noimageindex":false,"robots_noodp":false,"robots_notranslate":false,"robots_max_snippet":"-1","robots_max_videopreview":"-1","robots_max_imagepreview":"large","priority":null,"frequency":"default","local_seo":null,"seo_analyzer_scan_date":"2025-11-27 08:40:50","breadcrumb_settings":null,"limit_modified_date":false,"reviewed_by":null,"open_ai":null,"ai":{"faqs":[],"keyPoints":[],"titles":[],"descriptions":[],"socialPosts":{"email":[],"linkedin":[],"twitter":[],"facebook":[],"instagram":[]}},"created":"2025-10-10 10:07:19","updated":"2025-11-27 08:40:50"},"aioseo_breadcrumb":"<div class=\"aioseo-breadcrumbs\"><span class=\"aioseo-breadcrumb\">\n\t<a href=\"https:\/\/tabaccomd.com\/ro\/\" title=\"\u0413\u043b\u0430\u0432\u043d\u0430\u044f\">\u0413\u043b\u0430\u0432\u043d\u0430\u044f<\/a>\n<\/span><span class=\"aioseo-breadcrumb-separator\">\u00bb<\/span><span class=\"aioseo-breadcrumb\">\n\t<a href=\"https:\/\/tabaccomd.com\/ro\/catalog\/\" title=\"Catalog\">Catalog<\/a>\n<\/span><span class=\"aioseo-breadcrumb-separator\">\u00bb<\/span><span class=\"aioseo-breadcrumb\">\n\t<a href=\"https:\/\/tabaccomd.com\/ro\/product-category\/alcool-2\/\" title=\"Alcool\">Alcool<\/a>\n<\/span><span class=\"aioseo-breadcrumb-separator\">\u00bb<\/span><span class=\"aioseo-breadcrumb\">\n\t<a href=\"https:\/\/tabaccomd.com\/ro\/product-category\/alcool-2\/ciocolata-and-praline\/\" title=\"Ciocolat\u0103 &amp; Praline\">Ciocolat\u0103 &amp; Praline<\/a>\n<\/span><span class=\"aioseo-breadcrumb-separator\">\u00bb<\/span><span class=\"aioseo-breadcrumb\">\n\tBomboane Ferrero Collection 269g\n<\/span><\/div>","aioseo_breadcrumb_json":[{"label":"\u0413\u043b\u0430\u0432\u043d\u0430\u044f","link":"https:\/\/tabaccomd.com\/ro\/"},{"label":"Catalog","link":"https:\/\/tabaccomd.com\/ro\/catalog\/"},{"label":"Alcool","link":"https:\/\/tabaccomd.com\/ro\/product-category\/alcool-2\/"},{"label":"Ciocolat\u0103 &amp; Praline","link":"https:\/\/tabaccomd.com\/ro\/product-category\/alcool-2\/ciocolata-and-praline\/"},{"label":"Bomboane Ferrero Collection 269g","link":"https:\/\/tabaccomd.com\/ro\/product\/bomboane-ferrero-collection-260g\/"}],"images_for_1c":[{"url":"https:\/\/tabaccomd.com\/wp-content\/uploads\/2025\/03\/Bomboane-Ferrero-Collection-260g.jpg","type":"featured","alt":"Bomboane-Ferrero-Collection-260g","filename":"Bomboane-Ferrero-Collection-260g.jpg"},{"url":"https:\/\/tabaccomd.com\/wp-content\/uploads\/2025\/03\/Bomboane-Ferrero-Collection-260g-0.png","type":"gallery","alt":"Bomboane-Ferrero-Collection-260g-0","filename":"Bomboane-Ferrero-Collection-260g-0.png"},{"url":"https:\/\/tabaccomd.com\/wp-content\/uploads\/2025\/03\/Bomboane-Ferrero-Collection-260g-1.png","type":"gallery","alt":"Bomboane-Ferrero-Collection-260g-1","filename":"Bomboane-Ferrero-Collection-260g-1.png"}],"additional_data_1c":{"modified_date":"2025-11-27 11:26:00","permalink":"https:\/\/tabaccomd.com\/ro\/product\/bomboane-ferrero-collection-260g\/","stock_status":"outofstock","manage_stock":"no"},"_links":{"self":[{"href":"https:\/\/tabaccomd.com\/ro\/wp-json\/wp\/v2\/product\/154627","targetHints":{"allow":["GET"]}}],"collection":[{"href":"https:\/\/tabaccomd.com\/ro\/wp-json\/wp\/v2\/product"}],"about":[{"href":"https:\/\/tabaccomd.com\/ro\/wp-json\/wp\/v2\/types\/product"}],"wp:featuredmedia":[{"embeddable":true,"href":"https:\/\/tabaccomd.com\/ro\/wp-json\/wp\/v2\/media\/154626"}],"wp:attachment":[{"href":"https:\/\/tabaccomd.com\/ro\/wp-json\/wp\/v2\/media?parent=154627"}],"wp:term":[{"taxonomy":"product_brand","embeddable":true,"href":"https:\/\/tabaccomd.com\/ro\/wp-json\/wp\/v2\/product_brand?post=154627"},{"taxonomy":"product_cat","embeddable":true,"href":"https:\/\/tabaccomd.com\/ro\/wp-json\/wp\/v2\/product_cat?post=154627"},{"taxonomy":"product_tag","embeddable":true,"href":"https:\/\/tabaccomd.com\/ro\/wp-json\/wp\/v2\/product_tag?post=154627"}],"curies":[{"name":"wp","href":"https:\/\/api.w.org\/{rel}","templated":true}]}}