{"id":154471,"date":"2025-08-28T11:08:38","date_gmt":"2025-08-28T08:08:38","guid":{"rendered":"https:\/\/tabaccomd.com\/product\/rom-navy-island-jamaica-xo-reserve-07l\/"},"modified":"2025-08-27T11:08:38","modified_gmt":"2025-08-27T08:08:38","slug":"rom-navy-island-jamaica-xo-reserve-07l","status":"publish","type":"product","link":"https:\/\/tabaccomd.com\/ro\/product\/rom-navy-island-jamaica-xo-reserve-07l\/","title":{"rendered":"Rom Navy Island Jamaica XO Reserve 0,7l"},"content":{"rendered":"<p>Navy Island XO Reserve Rum \u2014 un <a href=\"https:\/\/tabaccomd.com\/ro\/product-category\/alcool-2\/rom-2\/\">rom <\/a>de excep\u021bie din Jamaica, creat ca un cupaj din romuri selec\u021bionate \u0219i maturate, distilate \u00een principal \u00een alambicuri tradi\u021bionale pot still. Este o b\u0103utur\u0103 care \u00eembin\u0103 s\u0103lb\u0103ticia tropicelor cu rafinamentul matur\u0103rii, fiecare element fiind bine conturat \u0219i plin de expresivitate. Aroma dezv\u0103luie note intense de vanilie, caramel, fructe coapte \u2014 banan\u0103, m\u0103r copt \u2014 \u0219i melas\u0103. Se simt \u0219i accente calde de lemn \u0219i condimente fine, care adaug\u0103 profunzime \u0219i complexitate. Gustul este bogat \u0219i echilibrat, cu tonuri de trestie de zah\u0103r, fructe tropicale, miere, un u\u0219or iz de tutun \u0219i fructe uscate. Postgustul este sec, intens \u0219i pl\u0103cut, persist\u00e2nd mult timp \u0219i l\u0103s\u00e2nd o senza\u021bie de c\u0103ldur\u0103 \u0219i maturitate. Acest rom este ideal pentru savurare simpl\u0103, cu ghea\u021b\u0103, dar poate fi \u0219i o baz\u0103 excelent\u0103 pentru cocktailuri complexe, \u00een care se dore\u0219te eviden\u021bierea dulcea\u021bei fructate \u0219i a bog\u0103\u021biei aromatice.      <\/p>\n<p>Pute\u021bi achizi\u021biona romul Navy Island Jamaica XO Reserve 0,7l \u00een Moldova, Chi\u0219in\u0103u \u00een re\u021beaua de magazine Tabacco House.<\/p>\n","protected":false},"excerpt":{"rendered":"<ul>\n<li data-start=\"65\" data-end=\"101\">\u021aara produc\u0103torului: Jamaica<\/li>\n<li data-start=\"102\" data-end=\"150\">Produc\u0103tor: Navy Island Rum Company<\/li>\n<li data-start=\"173\" data-end=\"223\">Tip: Mix de rom jamaican (Blended Jamaican Rum)<\/li>\n<li data-start=\"173\" data-end=\"223\">T\u0103rie: 40%<\/li>\n<li>Volum: 0,7l<\/li>\n<\/ul>\n","protected":false},"featured_media":154464,"template":"","meta":{"om_disable_all_campaigns":false,"_monsterinsights_skip_tracking":false,"_monsterinsights_sitenote_active":false,"_monsterinsights_sitenote_note":"","_monsterinsights_sitenote_category":0},"product_brand":[],"product_cat":[225],"product_tag":[],"class_list":{"0":"post-154471","1":"product","2":"type-product","3":"status-publish","4":"has-post-thumbnail","6":"product_cat-rom-2","8":"first","9":"instock","10":"purchasable","11":"product-type-simple"},"aioseo_notices":[],"aioseo_head":"\n\t\t<!-- All in One SEO Pro 4.9.5.2 - aioseo.com -->\n\t<meta name=\"robots\" content=\"max-image-preview:large\" \/>\n\t<link rel=\"canonical\" href=\"https:\/\/tabaccomd.com\/ro\/product\/rom-navy-island-jamaica-xo-reserve-07l\/\" \/>\n\t<meta name=\"generator\" content=\"All in One SEO Pro (AIOSEO) 4.9.5.2\" \/>\n\t\t<meta property=\"og:locale\" content=\"ro_RO\" \/>\n\t\t<meta property=\"og:site_name\" content=\"Tabacco House \u2013 \u041c\u0430\u0433\u0430\u0437\u0438\u043d \u0442\u0430\u0431\u0430\u0447\u043d\u044b\u0445 \u0438\u0437\u0434\u0435\u043b\u0438\u0439\" \/>\n\t\t<meta property=\"og:type\" content=\"article\" \/>\n\t\t<meta property=\"og:title\" content=\"Rom Navy Island Jamaica XO Reserve 0,7l \u2013 Tabacco House\" \/>\n\t\t<meta property=\"og:url\" content=\"https:\/\/tabaccomd.com\/ro\/product\/rom-navy-island-jamaica-xo-reserve-07l\/\" \/>\n\t\t<meta property=\"article:published_time\" content=\"2025-08-28T08:08:38+00:00\" \/>\n\t\t<meta property=\"article:modified_time\" content=\"2025-08-27T08:08:38+00:00\" \/>\n\t\t<meta property=\"article:publisher\" content=\"https:\/\/www.facebook.com\/tabaccomd.com\/\" \/>\n\t\t<meta name=\"twitter:card\" content=\"summary_large_image\" \/>\n\t\t<meta name=\"twitter:title\" content=\"Rom Navy Island Jamaica XO Reserve 0,7l \u2013 Tabacco House\" \/>\n\t\t<script type=\"application\/ld+json\" class=\"aioseo-schema\">\n\t\t\t{\"@context\":\"https:\\\/\\\/schema.org\",\"@graph\":[{\"@type\":\"BreadcrumbList\",\"@id\":\"https:\\\/\\\/tabaccomd.com\\\/ro\\\/product\\\/rom-navy-island-jamaica-xo-reserve-07l\\\/#breadcrumblist\",\"itemListElement\":[{\"@type\":\"ListItem\",\"@id\":\"https:\\\/\\\/tabaccomd.com\\\/ro\\\/#listItem\",\"position\":1,\"name\":\"\\u0413\\u043b\\u0430\\u0432\\u043d\\u0430\\u044f\",\"item\":\"https:\\\/\\\/tabaccomd.com\\\/ro\\\/\",\"nextItem\":{\"@type\":\"ListItem\",\"@id\":\"https:\\\/\\\/tabaccomd.com\\\/ro\\\/catalog\\\/#listItem\",\"name\":\"Catalog\"}},{\"@type\":\"ListItem\",\"@id\":\"https:\\\/\\\/tabaccomd.com\\\/ro\\\/catalog\\\/#listItem\",\"position\":2,\"name\":\"Catalog\",\"item\":\"https:\\\/\\\/tabaccomd.com\\\/ro\\\/catalog\\\/\",\"nextItem\":{\"@type\":\"ListItem\",\"@id\":\"https:\\\/\\\/tabaccomd.com\\\/ro\\\/product-category\\\/alcool-2\\\/#listItem\",\"name\":\"Alcool\"},\"previousItem\":{\"@type\":\"ListItem\",\"@id\":\"https:\\\/\\\/tabaccomd.com\\\/ro\\\/#listItem\",\"name\":\"\\u0413\\u043b\\u0430\\u0432\\u043d\\u0430\\u044f\"}},{\"@type\":\"ListItem\",\"@id\":\"https:\\\/\\\/tabaccomd.com\\\/ro\\\/product-category\\\/alcool-2\\\/#listItem\",\"position\":3,\"name\":\"Alcool\",\"item\":\"https:\\\/\\\/tabaccomd.com\\\/ro\\\/product-category\\\/alcool-2\\\/\",\"nextItem\":{\"@type\":\"ListItem\",\"@id\":\"https:\\\/\\\/tabaccomd.com\\\/ro\\\/product-category\\\/alcool-2\\\/rom-2\\\/#listItem\",\"name\":\"Rom\"},\"previousItem\":{\"@type\":\"ListItem\",\"@id\":\"https:\\\/\\\/tabaccomd.com\\\/ro\\\/catalog\\\/#listItem\",\"name\":\"Catalog\"}},{\"@type\":\"ListItem\",\"@id\":\"https:\\\/\\\/tabaccomd.com\\\/ro\\\/product-category\\\/alcool-2\\\/rom-2\\\/#listItem\",\"position\":4,\"name\":\"Rom\",\"item\":\"https:\\\/\\\/tabaccomd.com\\\/ro\\\/product-category\\\/alcool-2\\\/rom-2\\\/\",\"nextItem\":{\"@type\":\"ListItem\",\"@id\":\"https:\\\/\\\/tabaccomd.com\\\/ro\\\/product\\\/rom-navy-island-jamaica-xo-reserve-07l\\\/#listItem\",\"name\":\"Rom Navy Island Jamaica XO Reserve 0,7l\"},\"previousItem\":{\"@type\":\"ListItem\",\"@id\":\"https:\\\/\\\/tabaccomd.com\\\/ro\\\/product-category\\\/alcool-2\\\/#listItem\",\"name\":\"Alcool\"}},{\"@type\":\"ListItem\",\"@id\":\"https:\\\/\\\/tabaccomd.com\\\/ro\\\/product\\\/rom-navy-island-jamaica-xo-reserve-07l\\\/#listItem\",\"position\":5,\"name\":\"Rom Navy Island Jamaica XO Reserve 0,7l\",\"previousItem\":{\"@type\":\"ListItem\",\"@id\":\"https:\\\/\\\/tabaccomd.com\\\/ro\\\/product-category\\\/alcool-2\\\/rom-2\\\/#listItem\",\"name\":\"Rom\"}}]},{\"@type\":\"Organization\",\"@id\":\"https:\\\/\\\/tabaccomd.com\\\/ro\\\/#organization\",\"name\":\"Tabacco House\",\"description\":\"\\u041c\\u0430\\u0433\\u0430\\u0437\\u0438\\u043d \\u0442\\u0430\\u0431\\u0430\\u0447\\u043d\\u044b\\u0445 \\u0438\\u0437\\u0434\\u0435\\u043b\\u0438\\u0439\",\"url\":\"https:\\\/\\\/tabaccomd.com\\\/ro\\\/\",\"email\":\"Office@cazacuhouse.com\",\"telephone\":\"+37361000935\",\"logo\":{\"@type\":\"ImageObject\",\"url\":\"https:\\\/\\\/tabaccomd.com\\\/wp-content\\\/uploads\\\/2024\\\/02\\\/logo_header3.png\",\"@id\":\"https:\\\/\\\/tabaccomd.com\\\/ro\\\/product\\\/rom-navy-island-jamaica-xo-reserve-07l\\\/#organizationLogo\",\"width\":32,\"height\":32,\"caption\":\"Tabacco House\"},\"image\":{\"@id\":\"https:\\\/\\\/tabaccomd.com\\\/ro\\\/product\\\/rom-navy-island-jamaica-xo-reserve-07l\\\/#organizationLogo\"},\"sameAs\":[\"https:\\\/\\\/www.facebook.com\\\/tabaccomd.com\\\/\",\"https:\\\/\\\/www.instagram.com\\\/tabaccomd.com\\\/\"],\"address\":{\"@id\":\"https:\\\/\\\/tabaccomd.com\\\/ro\\\/#postaladdress\",\"@type\":\"PostalAddress\",\"streetAddress\":\"Strada Albi\\u015foara 4, Chi\\u0219in\\u0103u, Bulevardul \\u0218tefan cel Mare \\u0219i Sf\\u00eent 136, Chi\\u0219in\\u0103u\",\"addressLocality\":\"Chi\\u0219in\\u0103u\",\"addressCountry\":\"MD\"}},{\"@type\":\"Product\",\"@id\":\"https:\\\/\\\/tabaccomd.com\\\/ro\\\/product\\\/rom-navy-island-jamaica-xo-reserve-07l\\\/#wooCommerceProduct\",\"name\":\"Rom Navy Island Jamaica XO Reserve 0,7l\",\"description\":\"\\u021aara produc\\u0103torului: Jamaica\\n \\tProduc\\u0103tor: Navy Island Rum Company\\n \\tTip: Mix de rom jamaican (Blended Jamaican Rum)\\n \\tT\\u0103rie: 40%\\n \\tVolum: 0,7l\",\"url\":\"https:\\\/\\\/tabaccomd.com\\\/ro\\\/product\\\/rom-navy-island-jamaica-xo-reserve-07l\\\/\",\"sku\":\"9100078\",\"image\":{\"@type\":\"ImageObject\",\"url\":\"https:\\\/\\\/tabaccomd.com\\\/wp-content\\\/uploads\\\/2025\\\/08\\\/Rum-Navy-Island-Jamaica-XO-Reserve-07l-2.jpg\",\"@id\":\"https:\\\/\\\/tabaccomd.com\\\/ro\\\/product\\\/rom-navy-island-jamaica-xo-reserve-07l\\\/#productImage\",\"width\":1200,\"height\":1200},\"offers\":{\"@type\":\"Offer\",\"url\":\"https:\\\/\\\/tabaccomd.com\\\/ro\\\/product\\\/rom-navy-island-jamaica-xo-reserve-07l\\\/#wooCommerceOffer\",\"price\":615,\"priceCurrency\":\"MDL\",\"category\":\"Rom\",\"availability\":\"https:\\\/\\\/schema.org\\\/InStock\",\"priceSpecification\":{\"@type\":\"PriceSpecification\",\"price\":615,\"priceCurrency\":\"MDL\",\"valueAddedTaxIncluded\":\"true\"},\"seller\":{\"@type\":\"Organization\",\"@id\":\"https:\\\/\\\/tabaccomd.com\\\/ro\\\/#organization\"}}},{\"@type\":\"WebPage\",\"@id\":\"https:\\\/\\\/tabaccomd.com\\\/ro\\\/product\\\/rom-navy-island-jamaica-xo-reserve-07l\\\/#webpage\",\"url\":\"https:\\\/\\\/tabaccomd.com\\\/ro\\\/product\\\/rom-navy-island-jamaica-xo-reserve-07l\\\/\",\"name\":\"Rom Navy Island Jamaica XO Reserve 0,7l \\u2013 Tabacco House\",\"inLanguage\":\"ro-RO\",\"isPartOf\":{\"@id\":\"https:\\\/\\\/tabaccomd.com\\\/ro\\\/#website\"},\"breadcrumb\":{\"@id\":\"https:\\\/\\\/tabaccomd.com\\\/ro\\\/product\\\/rom-navy-island-jamaica-xo-reserve-07l\\\/#breadcrumblist\"},\"image\":{\"@type\":\"ImageObject\",\"url\":\"https:\\\/\\\/tabaccomd.com\\\/wp-content\\\/uploads\\\/2025\\\/08\\\/Rum-Navy-Island-Jamaica-XO-Reserve-07l-2.jpg\",\"@id\":\"https:\\\/\\\/tabaccomd.com\\\/ro\\\/product\\\/rom-navy-island-jamaica-xo-reserve-07l\\\/#mainImage\",\"width\":1200,\"height\":1200},\"primaryImageOfPage\":{\"@id\":\"https:\\\/\\\/tabaccomd.com\\\/ro\\\/product\\\/rom-navy-island-jamaica-xo-reserve-07l\\\/#mainImage\"},\"datePublished\":\"2025-08-28T11:08:38+03:00\",\"dateModified\":\"2025-08-27T11:08:38+03:00\"},{\"@type\":\"WebSite\",\"@id\":\"https:\\\/\\\/tabaccomd.com\\\/ro\\\/#website\",\"url\":\"https:\\\/\\\/tabaccomd.com\\\/ro\\\/\",\"name\":\"Tabacco House\",\"alternateName\":\"tobaccomd.com\",\"description\":\"\\u041c\\u0430\\u0433\\u0430\\u0437\\u0438\\u043d \\u0442\\u0430\\u0431\\u0430\\u0447\\u043d\\u044b\\u0445 \\u0438\\u0437\\u0434\\u0435\\u043b\\u0438\\u0439\",\"inLanguage\":\"ro-RO\",\"publisher\":{\"@id\":\"https:\\\/\\\/tabaccomd.com\\\/ro\\\/#organization\"}}]}\n\t\t<\/script>\n\t\t<!-- All in One SEO Pro -->\r\n\t\t<title>Rom Navy Island Jamaica XO Reserve 0,7l \u2013 Tabacco House<\/title>\n\n","aioseo_head_json":{"title":"Rom Navy Island Jamaica XO Reserve 0,7l \u2013 Tabacco House","description":"","canonical_url":"https:\/\/tabaccomd.com\/ro\/product\/rom-navy-island-jamaica-xo-reserve-07l\/","robots":"max-image-preview:large","keywords":"","webmasterTools":{"miscellaneous":""},"schema":{"@context":"https:\/\/schema.org","@graph":[{"@type":"BreadcrumbList","@id":"https:\/\/tabaccomd.com\/ro\/product\/rom-navy-island-jamaica-xo-reserve-07l\/#breadcrumblist","itemListElement":[{"@type":"ListItem","@id":"https:\/\/tabaccomd.com\/ro\/#listItem","position":1,"name":"\u0413\u043b\u0430\u0432\u043d\u0430\u044f","item":"https:\/\/tabaccomd.com\/ro\/","nextItem":{"@type":"ListItem","@id":"https:\/\/tabaccomd.com\/ro\/catalog\/#listItem","name":"Catalog"}},{"@type":"ListItem","@id":"https:\/\/tabaccomd.com\/ro\/catalog\/#listItem","position":2,"name":"Catalog","item":"https:\/\/tabaccomd.com\/ro\/catalog\/","nextItem":{"@type":"ListItem","@id":"https:\/\/tabaccomd.com\/ro\/product-category\/alcool-2\/#listItem","name":"Alcool"},"previousItem":{"@type":"ListItem","@id":"https:\/\/tabaccomd.com\/ro\/#listItem","name":"\u0413\u043b\u0430\u0432\u043d\u0430\u044f"}},{"@type":"ListItem","@id":"https:\/\/tabaccomd.com\/ro\/product-category\/alcool-2\/#listItem","position":3,"name":"Alcool","item":"https:\/\/tabaccomd.com\/ro\/product-category\/alcool-2\/","nextItem":{"@type":"ListItem","@id":"https:\/\/tabaccomd.com\/ro\/product-category\/alcool-2\/rom-2\/#listItem","name":"Rom"},"previousItem":{"@type":"ListItem","@id":"https:\/\/tabaccomd.com\/ro\/catalog\/#listItem","name":"Catalog"}},{"@type":"ListItem","@id":"https:\/\/tabaccomd.com\/ro\/product-category\/alcool-2\/rom-2\/#listItem","position":4,"name":"Rom","item":"https:\/\/tabaccomd.com\/ro\/product-category\/alcool-2\/rom-2\/","nextItem":{"@type":"ListItem","@id":"https:\/\/tabaccomd.com\/ro\/product\/rom-navy-island-jamaica-xo-reserve-07l\/#listItem","name":"Rom Navy Island Jamaica XO Reserve 0,7l"},"previousItem":{"@type":"ListItem","@id":"https:\/\/tabaccomd.com\/ro\/product-category\/alcool-2\/#listItem","name":"Alcool"}},{"@type":"ListItem","@id":"https:\/\/tabaccomd.com\/ro\/product\/rom-navy-island-jamaica-xo-reserve-07l\/#listItem","position":5,"name":"Rom Navy Island Jamaica XO Reserve 0,7l","previousItem":{"@type":"ListItem","@id":"https:\/\/tabaccomd.com\/ro\/product-category\/alcool-2\/rom-2\/#listItem","name":"Rom"}}]},{"@type":"Organization","@id":"https:\/\/tabaccomd.com\/ro\/#organization","name":"Tabacco House","description":"\u041c\u0430\u0433\u0430\u0437\u0438\u043d \u0442\u0430\u0431\u0430\u0447\u043d\u044b\u0445 \u0438\u0437\u0434\u0435\u043b\u0438\u0439","url":"https:\/\/tabaccomd.com\/ro\/","email":"Office@cazacuhouse.com","telephone":"+37361000935","logo":{"@type":"ImageObject","url":"https:\/\/tabaccomd.com\/wp-content\/uploads\/2024\/02\/logo_header3.png","@id":"https:\/\/tabaccomd.com\/ro\/product\/rom-navy-island-jamaica-xo-reserve-07l\/#organizationLogo","width":32,"height":32,"caption":"Tabacco House"},"image":{"@id":"https:\/\/tabaccomd.com\/ro\/product\/rom-navy-island-jamaica-xo-reserve-07l\/#organizationLogo"},"sameAs":["https:\/\/www.facebook.com\/tabaccomd.com\/","https:\/\/www.instagram.com\/tabaccomd.com\/"],"address":{"@id":"https:\/\/tabaccomd.com\/ro\/#postaladdress","@type":"PostalAddress","streetAddress":"Strada Albi\u015foara 4, Chi\u0219in\u0103u, Bulevardul \u0218tefan cel Mare \u0219i Sf\u00eent 136, Chi\u0219in\u0103u","addressLocality":"Chi\u0219in\u0103u","addressCountry":"MD"}},{"@type":"Product","@id":"https:\/\/tabaccomd.com\/ro\/product\/rom-navy-island-jamaica-xo-reserve-07l\/#wooCommerceProduct","name":"Rom Navy Island Jamaica XO Reserve 0,7l","description":"\u021aara produc\u0103torului: Jamaica\n \tProduc\u0103tor: Navy Island Rum Company\n \tTip: Mix de rom jamaican (Blended Jamaican Rum)\n \tT\u0103rie: 40%\n \tVolum: 0,7l","url":"https:\/\/tabaccomd.com\/ro\/product\/rom-navy-island-jamaica-xo-reserve-07l\/","sku":"9100078","image":{"@type":"ImageObject","url":"https:\/\/tabaccomd.com\/wp-content\/uploads\/2025\/08\/Rum-Navy-Island-Jamaica-XO-Reserve-07l-2.jpg","@id":"https:\/\/tabaccomd.com\/ro\/product\/rom-navy-island-jamaica-xo-reserve-07l\/#productImage","width":1200,"height":1200},"offers":{"@type":"Offer","url":"https:\/\/tabaccomd.com\/ro\/product\/rom-navy-island-jamaica-xo-reserve-07l\/#wooCommerceOffer","price":615,"priceCurrency":"MDL","category":"Rom","availability":"https:\/\/schema.org\/InStock","priceSpecification":{"@type":"PriceSpecification","price":615,"priceCurrency":"MDL","valueAddedTaxIncluded":"true"},"seller":{"@type":"Organization","@id":"https:\/\/tabaccomd.com\/ro\/#organization"}}},{"@type":"WebPage","@id":"https:\/\/tabaccomd.com\/ro\/product\/rom-navy-island-jamaica-xo-reserve-07l\/#webpage","url":"https:\/\/tabaccomd.com\/ro\/product\/rom-navy-island-jamaica-xo-reserve-07l\/","name":"Rom Navy Island Jamaica XO Reserve 0,7l \u2013 Tabacco House","inLanguage":"ro-RO","isPartOf":{"@id":"https:\/\/tabaccomd.com\/ro\/#website"},"breadcrumb":{"@id":"https:\/\/tabaccomd.com\/ro\/product\/rom-navy-island-jamaica-xo-reserve-07l\/#breadcrumblist"},"image":{"@type":"ImageObject","url":"https:\/\/tabaccomd.com\/wp-content\/uploads\/2025\/08\/Rum-Navy-Island-Jamaica-XO-Reserve-07l-2.jpg","@id":"https:\/\/tabaccomd.com\/ro\/product\/rom-navy-island-jamaica-xo-reserve-07l\/#mainImage","width":1200,"height":1200},"primaryImageOfPage":{"@id":"https:\/\/tabaccomd.com\/ro\/product\/rom-navy-island-jamaica-xo-reserve-07l\/#mainImage"},"datePublished":"2025-08-28T11:08:38+03:00","dateModified":"2025-08-27T11:08:38+03:00"},{"@type":"WebSite","@id":"https:\/\/tabaccomd.com\/ro\/#website","url":"https:\/\/tabaccomd.com\/ro\/","name":"Tabacco House","alternateName":"tobaccomd.com","description":"\u041c\u0430\u0433\u0430\u0437\u0438\u043d \u0442\u0430\u0431\u0430\u0447\u043d\u044b\u0445 \u0438\u0437\u0434\u0435\u043b\u0438\u0439","inLanguage":"ro-RO","publisher":{"@id":"https:\/\/tabaccomd.com\/ro\/#organization"}}]},"og:locale":"ro_RO","og:site_name":"Tabacco House \u2013 \u041c\u0430\u0433\u0430\u0437\u0438\u043d \u0442\u0430\u0431\u0430\u0447\u043d\u044b\u0445 \u0438\u0437\u0434\u0435\u043b\u0438\u0439","og:type":"article","og:title":"Rom Navy Island Jamaica XO Reserve 0,7l \u2013 Tabacco House","og:url":"https:\/\/tabaccomd.com\/ro\/product\/rom-navy-island-jamaica-xo-reserve-07l\/","article:published_time":"2025-08-28T08:08:38+00:00","article:modified_time":"2025-08-27T08:08:38+00:00","article:publisher":"https:\/\/www.facebook.com\/tabaccomd.com\/","twitter:card":"summary_large_image","twitter:title":"Rom Navy Island Jamaica XO Reserve 0,7l \u2013 Tabacco House"},"aioseo_meta_data":{"post_id":"154471","title":null,"description":null,"keywords":null,"keyphrases":{"focus":{"keyphrase":"","score":0,"analysis":{"keyphraseInTitle":{"score":0,"maxScore":9,"error":1}}},"additional":[]},"primary_term":null,"canonical_url":null,"og_title":null,"og_description":null,"og_object_type":"default","og_image_type":"default","og_image_url":null,"og_image_width":null,"og_image_height":null,"og_image_custom_url":null,"og_image_custom_fields":null,"og_video":"","og_custom_url":null,"og_article_section":null,"og_article_tags":null,"twitter_use_og":false,"twitter_card":"default","twitter_image_type":"default","twitter_image_url":null,"twitter_image_custom_url":null,"twitter_image_custom_fields":null,"twitter_title":null,"twitter_description":null,"schema":{"blockGraphs":[],"customGraphs":[],"default":{"data":{"Article":[],"Course":[],"Dataset":[],"FAQPage":[],"Movie":[],"Person":[],"Product":[],"ProductReview":[],"Car":[],"Recipe":[],"Service":[],"SoftwareApplication":[],"WebPage":[]},"graphName":"Product","isEnabled":true},"graphs":[]},"schema_type":"default","schema_type_options":null,"pillar_content":false,"robots_default":true,"robots_noindex":false,"robots_noarchive":false,"robots_nosnippet":false,"robots_nofollow":false,"robots_noimageindex":false,"robots_noodp":false,"robots_notranslate":false,"robots_max_snippet":"-1","robots_max_videopreview":"-1","robots_max_imagepreview":"large","priority":null,"frequency":"default","local_seo":null,"seo_analyzer_scan_date":"2025-10-20 22:31:51","breadcrumb_settings":null,"limit_modified_date":false,"reviewed_by":"0","open_ai":null,"ai":{"faqs":[],"keyPoints":[],"titles":[],"descriptions":[],"socialPosts":{"email":[],"linkedin":[],"twitter":[],"facebook":[],"instagram":[]}},"created":"2025-09-26 13:29:21","updated":"2025-10-20 22:31:51"},"aioseo_breadcrumb":"<div class=\"aioseo-breadcrumbs\"><span class=\"aioseo-breadcrumb\">\n\t<a href=\"https:\/\/tabaccomd.com\/ro\/\" title=\"\u0413\u043b\u0430\u0432\u043d\u0430\u044f\">\u0413\u043b\u0430\u0432\u043d\u0430\u044f<\/a>\n<\/span><span class=\"aioseo-breadcrumb-separator\">\u00bb<\/span><span class=\"aioseo-breadcrumb\">\n\t<a href=\"https:\/\/tabaccomd.com\/ro\/catalog\/\" title=\"Catalog\">Catalog<\/a>\n<\/span><span class=\"aioseo-breadcrumb-separator\">\u00bb<\/span><span class=\"aioseo-breadcrumb\">\n\t<a href=\"https:\/\/tabaccomd.com\/ro\/product-category\/alcool-2\/\" title=\"Alcool\">Alcool<\/a>\n<\/span><span class=\"aioseo-breadcrumb-separator\">\u00bb<\/span><span class=\"aioseo-breadcrumb\">\n\t<a href=\"https:\/\/tabaccomd.com\/ro\/product-category\/alcool-2\/rom-2\/\" title=\"Rom\">Rom<\/a>\n<\/span><span class=\"aioseo-breadcrumb-separator\">\u00bb<\/span><span class=\"aioseo-breadcrumb\">\n\tRom Navy Island Jamaica XO Reserve 0,7l\n<\/span><\/div>","aioseo_breadcrumb_json":[{"label":"\u0413\u043b\u0430\u0432\u043d\u0430\u044f","link":"https:\/\/tabaccomd.com\/ro\/"},{"label":"Catalog","link":"https:\/\/tabaccomd.com\/ro\/catalog\/"},{"label":"Alcool","link":"https:\/\/tabaccomd.com\/ro\/product-category\/alcool-2\/"},{"label":"Rom","link":"https:\/\/tabaccomd.com\/ro\/product-category\/alcool-2\/rom-2\/"},{"label":"Rom Navy Island Jamaica XO Reserve 0,7l","link":"https:\/\/tabaccomd.com\/ro\/product\/rom-navy-island-jamaica-xo-reserve-07l\/"}],"images_for_1c":[{"url":"https:\/\/tabaccomd.com\/wp-content\/uploads\/2025\/08\/Rum-Navy-Island-Jamaica-XO-Reserve-07l-2.jpg","type":"featured","alt":"Rum-Navy-Island-Jamaica-XO-Reserve-07l-2","filename":"Rum-Navy-Island-Jamaica-XO-Reserve-07l-2.jpg"},{"url":"https:\/\/tabaccomd.com\/wp-content\/uploads\/2025\/08\/Rum-Navy-Island-Jamaica-XO-Reserve-07l-1.jpg","type":"gallery","alt":"Rum-Navy-Island-Jamaica-XO-Reserve-07l-1","filename":"Rum-Navy-Island-Jamaica-XO-Reserve-07l-1.jpg"},{"url":"https:\/\/tabaccomd.com\/wp-content\/uploads\/2025\/08\/Rum-Navy-Island-Jamaica-XO-Reserve-07l-0.jpg","type":"gallery","alt":"Rum-Navy-Island-Jamaica-XO-Reserve-07l-0","filename":"Rum-Navy-Island-Jamaica-XO-Reserve-07l-0.jpg"},{"url":"https:\/\/tabaccomd.com\/wp-content\/uploads\/2025\/08\/Rum-Navy-Island-Jamaica-XO-Reserve-07l.jpg","type":"gallery","alt":"Rum-Navy-Island-Jamaica-XO-Reserve-07l","filename":"Rum-Navy-Island-Jamaica-XO-Reserve-07l.jpg"}],"additional_data_1c":{"modified_date":"2025-08-27 11:08:38","permalink":"https:\/\/tabaccomd.com\/ro\/product\/rom-navy-island-jamaica-xo-reserve-07l\/","stock_status":"instock","manage_stock":"no"},"_links":{"self":[{"href":"https:\/\/tabaccomd.com\/ro\/wp-json\/wp\/v2\/product\/154471","targetHints":{"allow":["GET"]}}],"collection":[{"href":"https:\/\/tabaccomd.com\/ro\/wp-json\/wp\/v2\/product"}],"about":[{"href":"https:\/\/tabaccomd.com\/ro\/wp-json\/wp\/v2\/types\/product"}],"wp:featuredmedia":[{"embeddable":true,"href":"https:\/\/tabaccomd.com\/ro\/wp-json\/wp\/v2\/media\/154464"}],"wp:attachment":[{"href":"https:\/\/tabaccomd.com\/ro\/wp-json\/wp\/v2\/media?parent=154471"}],"wp:term":[{"taxonomy":"product_brand","embeddable":true,"href":"https:\/\/tabaccomd.com\/ro\/wp-json\/wp\/v2\/product_brand?post=154471"},{"taxonomy":"product_cat","embeddable":true,"href":"https:\/\/tabaccomd.com\/ro\/wp-json\/wp\/v2\/product_cat?post=154471"},{"taxonomy":"product_tag","embeddable":true,"href":"https:\/\/tabaccomd.com\/ro\/wp-json\/wp\/v2\/product_tag?post=154471"}],"curies":[{"name":"wp","href":"https:\/\/api.w.org\/{rel}","templated":true}]}}