{"id":154035,"date":"2025-08-10T11:30:04","date_gmt":"2025-08-10T08:30:04","guid":{"rendered":"https:\/\/tabaccomd.com\/product\/cartridge-geekvape-wenax-m-0-8%cf%89-2ml\/"},"modified":"2025-08-19T14:06:24","modified_gmt":"2025-08-19T11:06:24","slug":"cartridge-geekvape-wenax-m-0-8%cf%89-2ml","status":"publish","type":"product","link":"https:\/\/tabaccomd.com\/ro\/product\/cartridge-geekvape-wenax-m-0-8%cf%89-2ml\/","title":{"rendered":"Cartridge GEEKVAPE Wenax M 0.8\u03a9 (2ml)"},"content":{"rendered":"<p>Cartu\u0219ul Geekvape WENAX M cu un volum de 2 ml reprezint\u0103 o solu\u021bie practic\u0103 \u0219i comod\u0103 pentru dispozitivele din seria WENAX M. Datorit\u0103 sistemului lateral de alimentare, procesul de umplere devine simplu \u0219i curat, f\u0103r\u0103 efort suplimentar. Construc\u021bia este conceput\u0103 pentru stilul de inhalare MTL (\u201edin gur\u0103 \u00een pl\u0103m\u00e2ni\u201d), oferind o redare delicat\u0103 \u0219i intens\u0103 a aromei. Un cartu\u0219 fiabil \u0219i u\u0219or de utilizat, care v\u0103 permite s\u0103 v\u0103 bucura\u021bi de o experien\u021b\u0103 de vapat stabil\u0103 zi de zi.  <\/p>\n<p data-start=\"116\" data-end=\"139\"><strong data-start=\"120\" data-end=\"139\">Informa\u021bii generale:<\/strong><\/p>\n<ul>\n<li data-start=\"116\" data-end=\"139\"><strong data-start=\"185\" data-end=\"206\">Capacitaea cartu\u0219ului:<\/strong> 2 ml<\/li>\n<li data-start=\"116\" data-end=\"139\"><strong data-start=\"214\" data-end=\"231\">Tip de umplere:<\/strong> Lateral\u0103 (side-fill)<\/li>\n<li data-start=\"116\" data-end=\"139\"><strong data-start=\"254\" data-end=\"287\">Tip element de \u00eenc\u0103lzire:<\/strong> Spiral\u0103 tip mesh (Mesh Coil)<\/li>\n<\/ul>\n<p data-start=\"323\" data-end=\"352\"><strong data-start=\"327\" data-end=\"352\">Caracteristici principale:<\/strong><\/p>\n<ul data-start=\"354\" data-end=\"758\">\n<li data-start=\"354\" data-end=\"441\"><strong data-start=\"356\" data-end=\"384\">Spiral\u0103 mesh modern\u0103<\/strong> &#8211; \u00eembun\u0103t\u0103\u021be\u0219te aroma \u0219i cre\u0219te volumul de abur cu <strong data-start=\"430\" data-end=\"439\">23,7%<\/strong><\/li>\n<li data-start=\"442\" data-end=\"502\"><strong data-start=\"444\" data-end=\"475\">Durat\u0103 de via\u021b\u0103 extins\u0103<\/strong> a elementului de \u00eenc\u0103lzire<\/li>\n<li data-start=\"503\" data-end=\"586\"><strong data-start=\"505\" data-end=\"532\">Design etan\u0219<\/strong> &#8211; previne scurgerile \u0219i men\u021bine cur\u0103\u021benia dispozitivului<\/li>\n<li data-start=\"587\" data-end=\"653\"><strong data-start=\"589\" data-end=\"632\">Arom\u0103 stabil\u0103 \u0219i intens\u0103 eliberat\u0103<\/strong> cu fiecare fum<\/li>\n<li data-start=\"654\" data-end=\"758\"><strong data-start=\"656\" data-end=\"674\">Compatibilitate:<\/strong> Potrivit pentru dispozitivele din seria Geekvape WENAX M<\/li>\n<\/ul>\n<p data-start=\"765\" data-end=\"796\"><strong data-start=\"769\" data-end=\"796\">Tip de rezisten\u021b\u0103:<\/strong><\/p>\n<ul data-start=\"798\" data-end=\"943\">\n<li data-start=\"798\" data-end=\"869\">\n<p data-start=\"800\" data-end=\"869\"><strong data-start=\"800\" data-end=\"810\">0,8 \u03a9<\/strong> \u2014 pentru un gust echilibrat \u0219i o senza\u021bie u\u0219oar\u0103 \u00een g\u00e2t (MTL)<\/p>\n<\/li>\n<\/ul>\n<p data-start=\"950\" data-end=\"985\"><strong data-start=\"954\" data-end=\"985\">Avantajele utiliz\u0103rii:<\/strong><\/p>\n<ul data-start=\"987\" data-end=\"1173\">\n<li data-start=\"987\" data-end=\"1023\">Umplere lateral\u0103 simpl\u0103 \u0219i practic\u0103<\/li>\n<li data-start=\"1024\" data-end=\"1052\">Redare \u00eembun\u0103t\u0103\u021bit\u0103 a aromei<\/li>\n<li data-start=\"1053\" data-end=\"1107\"><span dir=\"auto\"> Cartu\u0219 transparent cu band\u0103 de cauciuc. Sfat de picurare confortabil. V\u0103 elibereaz\u0103 m\u00e2inile.  <\/span><\/li>\n<li data-start=\"1053\" data-end=\"1107\"><span dir=\"auto\">Control clar al nivelului de lichid. Reminder perfect pentru reumplerea cartu\u0219ului de 2 mililitri. <\/span><\/li>\n<li data-start=\"1053\" data-end=\"1107\"><span dir=\"auto\">V\u00e2rful de picurare cauciucat v\u0103 permite s\u0103 vapa\u021bi f\u0103r\u0103 grab\u0103. <\/span><\/li>\n<li data-start=\"1053\" data-end=\"1107\"><span dir=\"auto\">Cu func\u021bia de puf automat, v\u0103 pute\u021bi elibera m\u00e2inile \u00een timp ce continua\u021bi s\u0103 v\u0103 bucura\u021bi de o experien\u021b\u0103 MTL superioar\u0103.<\/span><\/li>\n<\/ul>\n<p>Pute\u021bi achizi\u021biona cartridge GEEKVAPE Wenax M 0.8\u03a9 (2ml) \u00een Moldova, Chi\u0219in\u0103u, \u00een re\u021beaua de magazine Tabacco House.<\/p>\n","protected":false},"excerpt":{"rendered":"<ul>\n<li><strong>Pre\u021b indicat pentru 1 bucat\u0103<\/strong><\/li>\n<li>Brand: GEEKVAPE<\/li>\n<li>\u021aara produc\u0103toare: China<\/li>\n<li>Capacitate cartu\u0219: 0,8 \u03a9 (2 ml)<\/li>\n<li>Tip de umplere: Umplere lateral\u0103<\/li>\n<li>Interval de putere: 14-16 W<\/li>\n<li>4 buc\u0103\u021bi \u00een ambalaj<\/li>\n<\/ul>\n","protected":false},"featured_media":154034,"template":"","meta":{"om_disable_all_campaigns":false,"_monsterinsights_skip_tracking":false,"_monsterinsights_sitenote_active":false,"_monsterinsights_sitenote_note":"","_monsterinsights_sitenote_category":0},"product_brand":[],"product_cat":[213],"product_tag":[],"class_list":{"0":"post-154035","1":"product","2":"type-product","3":"status-publish","4":"has-post-thumbnail","6":"product_cat-sisteme-pod","8":"first","9":"instock","10":"purchasable","11":"product-type-simple"},"aioseo_notices":[],"aioseo_head":"\n\t\t<!-- All in One SEO Pro 4.9.6.2 - aioseo.com -->\n\t<meta name=\"robots\" content=\"max-image-preview:large\" \/>\n\t<link rel=\"canonical\" href=\"https:\/\/tabaccomd.com\/ro\/product\/cartridge-geekvape-wenax-m-0-8%cf%89-2ml\/\" \/>\n\t<meta name=\"generator\" content=\"All in One SEO Pro (AIOSEO) 4.9.6.2\" \/>\n\t\t<meta property=\"og:locale\" content=\"ro_RO\" \/>\n\t\t<meta property=\"og:site_name\" content=\"Tabacco House \u2013 \u041c\u0430\u0433\u0430\u0437\u0438\u043d \u0442\u0430\u0431\u0430\u0447\u043d\u044b\u0445 \u0438\u0437\u0434\u0435\u043b\u0438\u0439\" \/>\n\t\t<meta property=\"og:type\" content=\"article\" \/>\n\t\t<meta property=\"og:title\" content=\"Cartridge GEEKVAPE Wenax M 0.8\u03a9 (2ml) \u2013 Tabacco House\" \/>\n\t\t<meta property=\"og:url\" content=\"https:\/\/tabaccomd.com\/ro\/product\/cartridge-geekvape-wenax-m-0-8%cf%89-2ml\/\" \/>\n\t\t<meta property=\"article:published_time\" content=\"2025-08-10T08:30:04+00:00\" \/>\n\t\t<meta property=\"article:modified_time\" content=\"2025-08-19T11:06:24+00:00\" \/>\n\t\t<meta property=\"article:publisher\" content=\"https:\/\/www.facebook.com\/tabaccomd.com\/\" \/>\n\t\t<meta name=\"twitter:card\" content=\"summary_large_image\" \/>\n\t\t<meta name=\"twitter:title\" content=\"Cartridge GEEKVAPE Wenax M 0.8\u03a9 (2ml) \u2013 Tabacco House\" \/>\n\t\t<script type=\"application\/ld+json\" class=\"aioseo-schema\">\n\t\t\t{\"@context\":\"https:\\\/\\\/schema.org\",\"@graph\":[{\"@type\":\"BreadcrumbList\",\"@id\":\"https:\\\/\\\/tabaccomd.com\\\/ro\\\/product\\\/cartridge-geekvape-wenax-m-0-8%cf%89-2ml\\\/#breadcrumblist\",\"itemListElement\":[{\"@type\":\"ListItem\",\"@id\":\"https:\\\/\\\/tabaccomd.com\\\/ro\\\/#listItem\",\"position\":1,\"name\":\"\\u0413\\u043b\\u0430\\u0432\\u043d\\u0430\\u044f\",\"item\":\"https:\\\/\\\/tabaccomd.com\\\/ro\\\/\",\"nextItem\":{\"@type\":\"ListItem\",\"@id\":\"https:\\\/\\\/tabaccomd.com\\\/ro\\\/catalog\\\/#listItem\",\"name\":\"Catalog\"}},{\"@type\":\"ListItem\",\"@id\":\"https:\\\/\\\/tabaccomd.com\\\/ro\\\/catalog\\\/#listItem\",\"position\":2,\"name\":\"Catalog\",\"item\":\"https:\\\/\\\/tabaccomd.com\\\/ro\\\/catalog\\\/\",\"nextItem\":{\"@type\":\"ListItem\",\"@id\":\"https:\\\/\\\/tabaccomd.com\\\/ro\\\/product-category\\\/vape-ro\\\/#listItem\",\"name\":\"Vape\"},\"previousItem\":{\"@type\":\"ListItem\",\"@id\":\"https:\\\/\\\/tabaccomd.com\\\/ro\\\/#listItem\",\"name\":\"\\u0413\\u043b\\u0430\\u0432\\u043d\\u0430\\u044f\"}},{\"@type\":\"ListItem\",\"@id\":\"https:\\\/\\\/tabaccomd.com\\\/ro\\\/product-category\\\/vape-ro\\\/#listItem\",\"position\":3,\"name\":\"Vape\",\"item\":\"https:\\\/\\\/tabaccomd.com\\\/ro\\\/product-category\\\/vape-ro\\\/\",\"nextItem\":{\"@type\":\"ListItem\",\"@id\":\"https:\\\/\\\/tabaccomd.com\\\/ro\\\/product-category\\\/vape-ro\\\/sisteme-pod\\\/#listItem\",\"name\":\"Sisteme POD\"},\"previousItem\":{\"@type\":\"ListItem\",\"@id\":\"https:\\\/\\\/tabaccomd.com\\\/ro\\\/catalog\\\/#listItem\",\"name\":\"Catalog\"}},{\"@type\":\"ListItem\",\"@id\":\"https:\\\/\\\/tabaccomd.com\\\/ro\\\/product-category\\\/vape-ro\\\/sisteme-pod\\\/#listItem\",\"position\":4,\"name\":\"Sisteme POD\",\"item\":\"https:\\\/\\\/tabaccomd.com\\\/ro\\\/product-category\\\/vape-ro\\\/sisteme-pod\\\/\",\"nextItem\":{\"@type\":\"ListItem\",\"@id\":\"https:\\\/\\\/tabaccomd.com\\\/ro\\\/product\\\/cartridge-geekvape-wenax-m-0-8%cf%89-2ml\\\/#listItem\",\"name\":\"Cartridge GEEKVAPE Wenax M 0.8\\u03a9 (2ml)\"},\"previousItem\":{\"@type\":\"ListItem\",\"@id\":\"https:\\\/\\\/tabaccomd.com\\\/ro\\\/product-category\\\/vape-ro\\\/#listItem\",\"name\":\"Vape\"}},{\"@type\":\"ListItem\",\"@id\":\"https:\\\/\\\/tabaccomd.com\\\/ro\\\/product\\\/cartridge-geekvape-wenax-m-0-8%cf%89-2ml\\\/#listItem\",\"position\":5,\"name\":\"Cartridge GEEKVAPE Wenax M 0.8\\u03a9 (2ml)\",\"previousItem\":{\"@type\":\"ListItem\",\"@id\":\"https:\\\/\\\/tabaccomd.com\\\/ro\\\/product-category\\\/vape-ro\\\/sisteme-pod\\\/#listItem\",\"name\":\"Sisteme POD\"}}]},{\"@type\":\"Organization\",\"@id\":\"https:\\\/\\\/tabaccomd.com\\\/ro\\\/#organization\",\"name\":\"Tabacco House\",\"description\":\"\\u041c\\u0430\\u0433\\u0430\\u0437\\u0438\\u043d \\u0442\\u0430\\u0431\\u0430\\u0447\\u043d\\u044b\\u0445 \\u0438\\u0437\\u0434\\u0435\\u043b\\u0438\\u0439\",\"url\":\"https:\\\/\\\/tabaccomd.com\\\/ro\\\/\",\"email\":\"Office@cazacuhouse.com\",\"telephone\":\"+37361000935\",\"logo\":{\"@type\":\"ImageObject\",\"url\":\"https:\\\/\\\/tabaccomd.com\\\/wp-content\\\/uploads\\\/2024\\\/02\\\/logo_header3.png\",\"@id\":\"https:\\\/\\\/tabaccomd.com\\\/ro\\\/product\\\/cartridge-geekvape-wenax-m-0-8%cf%89-2ml\\\/#organizationLogo\",\"width\":32,\"height\":32,\"caption\":\"Tabacco House\"},\"image\":{\"@id\":\"https:\\\/\\\/tabaccomd.com\\\/ro\\\/product\\\/cartridge-geekvape-wenax-m-0-8%cf%89-2ml\\\/#organizationLogo\"},\"sameAs\":[\"https:\\\/\\\/www.facebook.com\\\/tabaccomd.com\\\/\",\"https:\\\/\\\/www.instagram.com\\\/tabaccomd.com\\\/\"],\"address\":{\"@id\":\"https:\\\/\\\/tabaccomd.com\\\/ro\\\/#postaladdress\",\"@type\":\"PostalAddress\",\"streetAddress\":\"Strada Albi\\u015foara 4, Chi\\u0219in\\u0103u, Bulevardul \\u0218tefan cel Mare \\u0219i Sf\\u00eent 136, Chi\\u0219in\\u0103u\",\"addressLocality\":\"Chi\\u0219in\\u0103u\",\"addressCountry\":\"MD\"}},{\"@type\":\"Product\",\"@id\":\"https:\\\/\\\/tabaccomd.com\\\/ro\\\/product\\\/cartridge-geekvape-wenax-m-0-8%cf%89-2ml\\\/#wooCommerceProduct\",\"name\":\"Cartridge GEEKVAPE Wenax M 0.8\\u03a9 (2ml)\",\"description\":\"Pre\\u021b indicat pentru 1 bucat\\u0103\\n \\tBrand: GEEKVAPE\\n \\t\\u021aara produc\\u0103toare: China\\n \\tCapacitate cartu\\u0219: 0,8 \\u03a9 (2 ml)\\n \\tTip de umplere: Umplere lateral\\u0103\\n \\tInterval de putere: 14-16 W\\n \\t4 buc\\u0103\\u021bi \\u00een ambalaj\",\"url\":\"https:\\\/\\\/tabaccomd.com\\\/ro\\\/product\\\/cartridge-geekvape-wenax-m-0-8%cf%89-2ml\\\/\",\"sku\":\"WM1_Car01\",\"image\":{\"@type\":\"ImageObject\",\"url\":\"https:\\\/\\\/tabaccomd.com\\\/wp-content\\\/uploads\\\/2025\\\/08\\\/cartridge-geekvape-wenax-m-08ohm.jpg\",\"@id\":\"https:\\\/\\\/tabaccomd.com\\\/ro\\\/product\\\/cartridge-geekvape-wenax-m-0-8%cf%89-2ml\\\/#productImage\",\"width\":1200,\"height\":1200},\"offers\":{\"@type\":\"Offer\",\"url\":\"https:\\\/\\\/tabaccomd.com\\\/ro\\\/product\\\/cartridge-geekvape-wenax-m-0-8%cf%89-2ml\\\/#wooCommerceOffer\",\"price\":95,\"priceCurrency\":\"MDL\",\"category\":\"Sisteme POD\",\"availability\":\"https:\\\/\\\/schema.org\\\/InStock\",\"priceSpecification\":{\"@type\":\"PriceSpecification\",\"price\":95,\"priceCurrency\":\"MDL\",\"valueAddedTaxIncluded\":\"true\"},\"seller\":{\"@type\":\"Organization\",\"@id\":\"https:\\\/\\\/tabaccomd.com\\\/ro\\\/#organization\"}}},{\"@type\":\"WebPage\",\"@id\":\"https:\\\/\\\/tabaccomd.com\\\/ro\\\/product\\\/cartridge-geekvape-wenax-m-0-8%cf%89-2ml\\\/#webpage\",\"url\":\"https:\\\/\\\/tabaccomd.com\\\/ro\\\/product\\\/cartridge-geekvape-wenax-m-0-8%cf%89-2ml\\\/\",\"name\":\"Cartridge GEEKVAPE Wenax M 0.8\\u03a9 (2ml) \\u2013 Tabacco House\",\"inLanguage\":\"ro-RO\",\"isPartOf\":{\"@id\":\"https:\\\/\\\/tabaccomd.com\\\/ro\\\/#website\"},\"breadcrumb\":{\"@id\":\"https:\\\/\\\/tabaccomd.com\\\/ro\\\/product\\\/cartridge-geekvape-wenax-m-0-8%cf%89-2ml\\\/#breadcrumblist\"},\"image\":{\"@type\":\"ImageObject\",\"url\":\"https:\\\/\\\/tabaccomd.com\\\/wp-content\\\/uploads\\\/2025\\\/08\\\/cartridge-geekvape-wenax-m-08ohm.jpg\",\"@id\":\"https:\\\/\\\/tabaccomd.com\\\/ro\\\/product\\\/cartridge-geekvape-wenax-m-0-8%cf%89-2ml\\\/#mainImage\",\"width\":1200,\"height\":1200},\"primaryImageOfPage\":{\"@id\":\"https:\\\/\\\/tabaccomd.com\\\/ro\\\/product\\\/cartridge-geekvape-wenax-m-0-8%cf%89-2ml\\\/#mainImage\"},\"datePublished\":\"2025-08-10T11:30:04+03:00\",\"dateModified\":\"2025-08-19T14:06:24+03:00\"},{\"@type\":\"WebSite\",\"@id\":\"https:\\\/\\\/tabaccomd.com\\\/ro\\\/#website\",\"url\":\"https:\\\/\\\/tabaccomd.com\\\/ro\\\/\",\"name\":\"Tabacco House\",\"alternateName\":\"tobaccomd.com\",\"description\":\"\\u041c\\u0430\\u0433\\u0430\\u0437\\u0438\\u043d \\u0442\\u0430\\u0431\\u0430\\u0447\\u043d\\u044b\\u0445 \\u0438\\u0437\\u0434\\u0435\\u043b\\u0438\\u0439\",\"inLanguage\":\"ro-RO\",\"publisher\":{\"@id\":\"https:\\\/\\\/tabaccomd.com\\\/ro\\\/#organization\"}}]}\n\t\t<\/script>\n\t\t<!-- All in One SEO Pro -->\r\n\t\t<title>Cartridge GEEKVAPE Wenax M 0.8\u03a9 (2ml) \u2013 Tabacco House<\/title>\n\n","aioseo_head_json":{"title":"Cartridge GEEKVAPE Wenax M 0.8\u03a9 (2ml) \u2013 Tabacco House","description":"","canonical_url":"https:\/\/tabaccomd.com\/ro\/product\/cartridge-geekvape-wenax-m-0-8%cf%89-2ml\/","robots":"max-image-preview:large","keywords":"","webmasterTools":{"miscellaneous":""},"schema":{"@context":"https:\/\/schema.org","@graph":[{"@type":"BreadcrumbList","@id":"https:\/\/tabaccomd.com\/ro\/product\/cartridge-geekvape-wenax-m-0-8%cf%89-2ml\/#breadcrumblist","itemListElement":[{"@type":"ListItem","@id":"https:\/\/tabaccomd.com\/ro\/#listItem","position":1,"name":"\u0413\u043b\u0430\u0432\u043d\u0430\u044f","item":"https:\/\/tabaccomd.com\/ro\/","nextItem":{"@type":"ListItem","@id":"https:\/\/tabaccomd.com\/ro\/catalog\/#listItem","name":"Catalog"}},{"@type":"ListItem","@id":"https:\/\/tabaccomd.com\/ro\/catalog\/#listItem","position":2,"name":"Catalog","item":"https:\/\/tabaccomd.com\/ro\/catalog\/","nextItem":{"@type":"ListItem","@id":"https:\/\/tabaccomd.com\/ro\/product-category\/vape-ro\/#listItem","name":"Vape"},"previousItem":{"@type":"ListItem","@id":"https:\/\/tabaccomd.com\/ro\/#listItem","name":"\u0413\u043b\u0430\u0432\u043d\u0430\u044f"}},{"@type":"ListItem","@id":"https:\/\/tabaccomd.com\/ro\/product-category\/vape-ro\/#listItem","position":3,"name":"Vape","item":"https:\/\/tabaccomd.com\/ro\/product-category\/vape-ro\/","nextItem":{"@type":"ListItem","@id":"https:\/\/tabaccomd.com\/ro\/product-category\/vape-ro\/sisteme-pod\/#listItem","name":"Sisteme POD"},"previousItem":{"@type":"ListItem","@id":"https:\/\/tabaccomd.com\/ro\/catalog\/#listItem","name":"Catalog"}},{"@type":"ListItem","@id":"https:\/\/tabaccomd.com\/ro\/product-category\/vape-ro\/sisteme-pod\/#listItem","position":4,"name":"Sisteme POD","item":"https:\/\/tabaccomd.com\/ro\/product-category\/vape-ro\/sisteme-pod\/","nextItem":{"@type":"ListItem","@id":"https:\/\/tabaccomd.com\/ro\/product\/cartridge-geekvape-wenax-m-0-8%cf%89-2ml\/#listItem","name":"Cartridge GEEKVAPE Wenax M 0.8\u03a9 (2ml)"},"previousItem":{"@type":"ListItem","@id":"https:\/\/tabaccomd.com\/ro\/product-category\/vape-ro\/#listItem","name":"Vape"}},{"@type":"ListItem","@id":"https:\/\/tabaccomd.com\/ro\/product\/cartridge-geekvape-wenax-m-0-8%cf%89-2ml\/#listItem","position":5,"name":"Cartridge GEEKVAPE Wenax M 0.8\u03a9 (2ml)","previousItem":{"@type":"ListItem","@id":"https:\/\/tabaccomd.com\/ro\/product-category\/vape-ro\/sisteme-pod\/#listItem","name":"Sisteme POD"}}]},{"@type":"Organization","@id":"https:\/\/tabaccomd.com\/ro\/#organization","name":"Tabacco House","description":"\u041c\u0430\u0433\u0430\u0437\u0438\u043d \u0442\u0430\u0431\u0430\u0447\u043d\u044b\u0445 \u0438\u0437\u0434\u0435\u043b\u0438\u0439","url":"https:\/\/tabaccomd.com\/ro\/","email":"Office@cazacuhouse.com","telephone":"+37361000935","logo":{"@type":"ImageObject","url":"https:\/\/tabaccomd.com\/wp-content\/uploads\/2024\/02\/logo_header3.png","@id":"https:\/\/tabaccomd.com\/ro\/product\/cartridge-geekvape-wenax-m-0-8%cf%89-2ml\/#organizationLogo","width":32,"height":32,"caption":"Tabacco House"},"image":{"@id":"https:\/\/tabaccomd.com\/ro\/product\/cartridge-geekvape-wenax-m-0-8%cf%89-2ml\/#organizationLogo"},"sameAs":["https:\/\/www.facebook.com\/tabaccomd.com\/","https:\/\/www.instagram.com\/tabaccomd.com\/"],"address":{"@id":"https:\/\/tabaccomd.com\/ro\/#postaladdress","@type":"PostalAddress","streetAddress":"Strada Albi\u015foara 4, Chi\u0219in\u0103u, Bulevardul \u0218tefan cel Mare \u0219i Sf\u00eent 136, Chi\u0219in\u0103u","addressLocality":"Chi\u0219in\u0103u","addressCountry":"MD"}},{"@type":"Product","@id":"https:\/\/tabaccomd.com\/ro\/product\/cartridge-geekvape-wenax-m-0-8%cf%89-2ml\/#wooCommerceProduct","name":"Cartridge GEEKVAPE Wenax M 0.8\u03a9 (2ml)","description":"Pre\u021b indicat pentru 1 bucat\u0103\n \tBrand: GEEKVAPE\n \t\u021aara produc\u0103toare: China\n \tCapacitate cartu\u0219: 0,8 \u03a9 (2 ml)\n \tTip de umplere: Umplere lateral\u0103\n \tInterval de putere: 14-16 W\n \t4 buc\u0103\u021bi \u00een ambalaj","url":"https:\/\/tabaccomd.com\/ro\/product\/cartridge-geekvape-wenax-m-0-8%cf%89-2ml\/","sku":"WM1_Car01","image":{"@type":"ImageObject","url":"https:\/\/tabaccomd.com\/wp-content\/uploads\/2025\/08\/cartridge-geekvape-wenax-m-08ohm.jpg","@id":"https:\/\/tabaccomd.com\/ro\/product\/cartridge-geekvape-wenax-m-0-8%cf%89-2ml\/#productImage","width":1200,"height":1200},"offers":{"@type":"Offer","url":"https:\/\/tabaccomd.com\/ro\/product\/cartridge-geekvape-wenax-m-0-8%cf%89-2ml\/#wooCommerceOffer","price":95,"priceCurrency":"MDL","category":"Sisteme POD","availability":"https:\/\/schema.org\/InStock","priceSpecification":{"@type":"PriceSpecification","price":95,"priceCurrency":"MDL","valueAddedTaxIncluded":"true"},"seller":{"@type":"Organization","@id":"https:\/\/tabaccomd.com\/ro\/#organization"}}},{"@type":"WebPage","@id":"https:\/\/tabaccomd.com\/ro\/product\/cartridge-geekvape-wenax-m-0-8%cf%89-2ml\/#webpage","url":"https:\/\/tabaccomd.com\/ro\/product\/cartridge-geekvape-wenax-m-0-8%cf%89-2ml\/","name":"Cartridge GEEKVAPE Wenax M 0.8\u03a9 (2ml) \u2013 Tabacco House","inLanguage":"ro-RO","isPartOf":{"@id":"https:\/\/tabaccomd.com\/ro\/#website"},"breadcrumb":{"@id":"https:\/\/tabaccomd.com\/ro\/product\/cartridge-geekvape-wenax-m-0-8%cf%89-2ml\/#breadcrumblist"},"image":{"@type":"ImageObject","url":"https:\/\/tabaccomd.com\/wp-content\/uploads\/2025\/08\/cartridge-geekvape-wenax-m-08ohm.jpg","@id":"https:\/\/tabaccomd.com\/ro\/product\/cartridge-geekvape-wenax-m-0-8%cf%89-2ml\/#mainImage","width":1200,"height":1200},"primaryImageOfPage":{"@id":"https:\/\/tabaccomd.com\/ro\/product\/cartridge-geekvape-wenax-m-0-8%cf%89-2ml\/#mainImage"},"datePublished":"2025-08-10T11:30:04+03:00","dateModified":"2025-08-19T14:06:24+03:00"},{"@type":"WebSite","@id":"https:\/\/tabaccomd.com\/ro\/#website","url":"https:\/\/tabaccomd.com\/ro\/","name":"Tabacco House","alternateName":"tobaccomd.com","description":"\u041c\u0430\u0433\u0430\u0437\u0438\u043d \u0442\u0430\u0431\u0430\u0447\u043d\u044b\u0445 \u0438\u0437\u0434\u0435\u043b\u0438\u0439","inLanguage":"ro-RO","publisher":{"@id":"https:\/\/tabaccomd.com\/ro\/#organization"}}]},"og:locale":"ro_RO","og:site_name":"Tabacco House \u2013 \u041c\u0430\u0433\u0430\u0437\u0438\u043d \u0442\u0430\u0431\u0430\u0447\u043d\u044b\u0445 \u0438\u0437\u0434\u0435\u043b\u0438\u0439","og:type":"article","og:title":"Cartridge GEEKVAPE Wenax M 0.8\u03a9 (2ml) \u2013 Tabacco House","og:url":"https:\/\/tabaccomd.com\/ro\/product\/cartridge-geekvape-wenax-m-0-8%cf%89-2ml\/","article:published_time":"2025-08-10T08:30:04+00:00","article:modified_time":"2025-08-19T11:06:24+00:00","article:publisher":"https:\/\/www.facebook.com\/tabaccomd.com\/","twitter:card":"summary_large_image","twitter:title":"Cartridge GEEKVAPE Wenax M 0.8\u03a9 (2ml) \u2013 Tabacco House"},"aioseo_meta_data":{"post_id":"154035","title":null,"description":null,"keywords":null,"keyphrases":{"focus":{"keyphrase":"","score":0,"analysis":{"keyphraseInTitle":{"score":0,"maxScore":9,"error":1}}},"additional":[]},"primary_term":null,"canonical_url":null,"og_title":null,"og_description":null,"og_object_type":"default","og_image_type":"default","og_image_url":null,"og_image_width":null,"og_image_height":null,"og_image_custom_url":null,"og_image_custom_fields":null,"og_video":"","og_custom_url":null,"og_article_section":null,"og_article_tags":null,"twitter_use_og":false,"twitter_card":"default","twitter_image_type":"default","twitter_image_url":null,"twitter_image_custom_url":null,"twitter_image_custom_fields":null,"twitter_title":null,"twitter_description":null,"schema":{"blockGraphs":[],"customGraphs":[],"default":{"data":{"Article":[],"Course":[],"Dataset":[],"FAQPage":[],"Movie":[],"Person":[],"Product":[],"ProductReview":[],"Car":[],"Recipe":[],"Service":[],"SoftwareApplication":[],"WebPage":[]},"graphName":"Product","isEnabled":true},"graphs":[]},"schema_type":"default","schema_type_options":null,"pillar_content":false,"robots_default":true,"robots_noindex":false,"robots_noarchive":false,"robots_nosnippet":false,"robots_nofollow":false,"robots_noimageindex":false,"robots_noodp":false,"robots_notranslate":false,"robots_max_snippet":"-1","robots_max_videopreview":"-1","robots_max_imagepreview":"large","priority":null,"frequency":"default","local_seo":null,"seo_analyzer_scan_date":"2025-10-20 22:15:25","breadcrumb_settings":null,"limit_modified_date":false,"reviewed_by":"0","open_ai":null,"ai":{"faqs":[],"keyPoints":[],"titles":[],"descriptions":[],"socialPosts":{"email":[],"linkedin":[],"twitter":[],"facebook":[],"instagram":[]}},"created":"2025-08-19 10:24:11","updated":"2025-10-20 22:15:25"},"aioseo_breadcrumb":"<div class=\"aioseo-breadcrumbs\"><span class=\"aioseo-breadcrumb\">\n\t<a href=\"https:\/\/tabaccomd.com\/ro\/\" title=\"\u0413\u043b\u0430\u0432\u043d\u0430\u044f\">\u0413\u043b\u0430\u0432\u043d\u0430\u044f<\/a>\n<\/span><span class=\"aioseo-breadcrumb-separator\">\u00bb<\/span><span class=\"aioseo-breadcrumb\">\n\t<a href=\"https:\/\/tabaccomd.com\/ro\/catalog\/\" title=\"Catalog\">Catalog<\/a>\n<\/span><span class=\"aioseo-breadcrumb-separator\">\u00bb<\/span><span class=\"aioseo-breadcrumb\">\n\t<a href=\"https:\/\/tabaccomd.com\/ro\/product-category\/vape-ro\/\" title=\"Vape\">Vape<\/a>\n<\/span><span class=\"aioseo-breadcrumb-separator\">\u00bb<\/span><span class=\"aioseo-breadcrumb\">\n\t<a href=\"https:\/\/tabaccomd.com\/ro\/product-category\/vape-ro\/sisteme-pod\/\" title=\"Sisteme POD\">Sisteme POD<\/a>\n<\/span><span class=\"aioseo-breadcrumb-separator\">\u00bb<\/span><span class=\"aioseo-breadcrumb\">\n\tCartridge GEEKVAPE Wenax M 0.8\u03a9 (2ml)\n<\/span><\/div>","aioseo_breadcrumb_json":[{"label":"\u0413\u043b\u0430\u0432\u043d\u0430\u044f","link":"https:\/\/tabaccomd.com\/ro\/"},{"label":"Catalog","link":"https:\/\/tabaccomd.com\/ro\/catalog\/"},{"label":"Vape","link":"https:\/\/tabaccomd.com\/ro\/product-category\/vape-ro\/"},{"label":"Sisteme POD","link":"https:\/\/tabaccomd.com\/ro\/product-category\/vape-ro\/sisteme-pod\/"},{"label":"Cartridge GEEKVAPE Wenax M 0.8\u03a9 (2ml)","link":"https:\/\/tabaccomd.com\/ro\/product\/cartridge-geekvape-wenax-m-0-8%cf%89-2ml\/"}],"images_for_1c":[{"url":"https:\/\/tabaccomd.com\/wp-content\/uploads\/2025\/08\/cartridge-geekvape-wenax-m-08ohm.jpg","type":"featured","alt":"cartridge-geekvape-wenax-m-08ohm","filename":"cartridge-geekvape-wenax-m-08ohm.jpg"}],"additional_data_1c":{"modified_date":"2025-08-19 14:06:24","permalink":"https:\/\/tabaccomd.com\/ro\/product\/cartridge-geekvape-wenax-m-0-8%cf%89-2ml\/","stock_status":"instock","manage_stock":"no"},"_links":{"self":[{"href":"https:\/\/tabaccomd.com\/ro\/wp-json\/wp\/v2\/product\/154035","targetHints":{"allow":["GET"]}}],"collection":[{"href":"https:\/\/tabaccomd.com\/ro\/wp-json\/wp\/v2\/product"}],"about":[{"href":"https:\/\/tabaccomd.com\/ro\/wp-json\/wp\/v2\/types\/product"}],"wp:featuredmedia":[{"embeddable":true,"href":"https:\/\/tabaccomd.com\/ro\/wp-json\/wp\/v2\/media\/154034"}],"wp:attachment":[{"href":"https:\/\/tabaccomd.com\/ro\/wp-json\/wp\/v2\/media?parent=154035"}],"wp:term":[{"taxonomy":"product_brand","embeddable":true,"href":"https:\/\/tabaccomd.com\/ro\/wp-json\/wp\/v2\/product_brand?post=154035"},{"taxonomy":"product_cat","embeddable":true,"href":"https:\/\/tabaccomd.com\/ro\/wp-json\/wp\/v2\/product_cat?post=154035"},{"taxonomy":"product_tag","embeddable":true,"href":"https:\/\/tabaccomd.com\/ro\/wp-json\/wp\/v2\/product_tag?post=154035"}],"curies":[{"name":"wp","href":"https:\/\/api.w.org\/{rel}","templated":true}]}}