{"id":153951,"date":"2025-08-10T11:30:10","date_gmt":"2025-08-10T08:30:10","guid":{"rendered":"https:\/\/tabaccomd.com\/product\/geekvape-wenax-m2-eclipse-blue\/"},"modified":"2025-08-19T15:11:15","modified_gmt":"2025-08-19T12:11:15","slug":"geekvape-wenax-m2-eclipse-blue","status":"publish","type":"product","link":"https:\/\/tabaccomd.com\/ro\/product\/geekvape-wenax-m2-eclipse-blue\/","title":{"rendered":"GEEKVAPE Wenax M2 (Eclipse Blue)"},"content":{"rendered":"<p>GeekVape Wenax M2 este un dispozitiv elegant, simplu \u0219i fiabil, proiectat pentru o vapare confortabil\u0103 \u0219i pl\u0103cut\u0103 \u00een fiecare zi. Factorul de form\u0103 compact, greutatea redus\u0103 \u0219i forma ergonomic\u0103 \u00eel fac confortabil de utilizat, iar materialele de calitate asigur\u0103 durabilitatea acestuia. <\/p>\n<p data-start=\"178\" data-end=\"232\"><strong>Specifica\u021bii tehnice:<\/strong><\/p>\n<ul data-start=\"233\" data-end=\"608\">\n<li data-start=\"233\" data-end=\"267\"><strong data-start=\"235\" data-end=\"246\">Model:<\/strong> GeekVape Wenax M2<\/li>\n<li data-start=\"268\" data-end=\"302\"><strong data-start=\"270\" data-end=\"289\">Tip dispozitiv:<\/strong> Pod System<\/li>\n<li data-start=\"303\" data-end=\"344\"><strong data-start=\"305\" data-end=\"321\">Baterie:<\/strong> \u00cencorporat\u0103, 1200 mAh<\/li>\n<li data-start=\"345\" data-end=\"380\"><strong data-start=\"347\" data-end=\"369\">Putere de ie\u0219ire:<\/strong> P\u00e2n\u0103 la 16 W<\/li>\n<li data-start=\"381\" data-end=\"424\"><strong data-start=\"383\" data-end=\"404\">Material carcas\u0103:<\/strong> Aliaj de aluminiu cu finisaj anodizat lucios<\/li>\n<li data-start=\"425\" data-end=\"455\"><strong data-start=\"427\" data-end=\"450\">Tragere:<\/strong> MTL (din gur\u0103 \u00een pl\u0103m\u00e2ni), dens \u0219i uniform, cu adaptare automat\u0103 a puterii pentru o experien\u021b\u0103 de vapat confortabil\u0103.<\/li>\n<li data-start=\"456\" data-end=\"488\"><strong data-start=\"583\" data-end=\"595\">Tip de \u00eenc\u0103rcare:<\/strong> Type-C<\/li>\n<\/ul>\n<p data-start=\"615\" data-end=\"640\"><strong data-start=\"622\" data-end=\"638\">Setul con\u021bine:<\/strong><\/p>\n<ul>\n<li data-start=\"615\" data-end=\"640\">1 \u00d7 GeekVape Wenax M2 Pod System<\/li>\n<li data-start=\"679\" data-end=\"744\">1 \u00d7 Cartridge GeekVape M Pod (2ml, preinstalat: 0.8\u03a9)<\/li>\n<li data-start=\"745\" data-end=\"770\">1 \u00d7 Cablu Type-C<\/li>\n<li data-start=\"771\" data-end=\"898\">1 \u00d7 Ghid de de utilizare<\/li>\n<\/ul>\n<p data-start=\"905\" data-end=\"940\"><strong data-start=\"911\" data-end=\"938\">Caracteristici cheie:<\/strong><\/p>\n<ul>\n<li data-start=\"943\" data-end=\"1015\">Baterie puternic\u0103 de 1200 mAh &#8211; <span dir=\"auto\">\u00cenc\u0103rca\u021bi o dat\u0103, <\/span><span dir=\"auto\">utiliza\u021bi timp de trei zile<\/span><\/li>\n<li data-start=\"1018\" data-end=\"1072\">Putere reglabil\u0103 p\u00e2n\u0103 la 16W pentru o experien\u021b\u0103 de vapat flexibil\u0103<\/li>\n<li data-start=\"1075\" data-end=\"1140\">Corp ergonomic din aliaj de aluminiu \u2014 u\u0219or \u0219i rezistent<\/li>\n<li data-start=\"1143\" data-end=\"1209\"><span dir=\"auto\">Arom\u0103 MTL dens\u0103 \u0219i u\u0219oar\u0103: Puterea adaptiv\u0103 ajusteaz\u0103 automat fluxul de vapori pentru a asigura o distribu\u021bie uniform\u0103 a vaporilor.<\/span><\/li>\n<li data-start=\"1143\" data-end=\"1209\">Compatibil cu cartu\u0219ele populare din seria M<\/li>\n<li data-start=\"1312\" data-end=\"1347\">Design minimalist elegant, iar <span dir=\"auto\">v\u00e2rful moale de silicon asigur\u0103 o <\/span><span dir=\"auto\">prindere sigur\u0103 \u0219i confortabil\u0103, eliber\u00e2ndu-v\u0103 m\u00e2inile pentru a efectua mai multe sarcini sau a <\/span><span dir=\"auto\">v\u0103 relaxa.<\/span><\/li>\n<\/ul>\n<p>Pute\u021bi achizi\u021biona GEEKVAPE Wenax M2 (Eclipse Blue) \u00een Moldova, Chi\u0219in\u0103u \u00een re\u021beaua de magazine Tabacco House.<\/p>\n","protected":false},"excerpt":{"rendered":"<ul>\n<li>Brand: GEEKVAPE<\/li>\n<li>\u021aara produc\u0103toare: China<\/li>\n<li>Baterie: 1200 mAh<\/li>\n<li>Putere de ie\u0219ire: Maxim 16 W<\/li>\n<li>Capacitate cartu\u0219: 0,8 \u03a9 (2 ml)<\/li>\n<li>Tip de \u00eenc\u0103rcare: Type-C 5 \u00een 1 A<\/li>\n<li>Culoare: Albastru \u00eenchis<\/li>\n<\/ul>\n","protected":false},"featured_media":153948,"template":"","meta":{"om_disable_all_campaigns":false,"_monsterinsights_skip_tracking":false,"_monsterinsights_sitenote_active":false,"_monsterinsights_sitenote_note":"","_monsterinsights_sitenote_category":0},"product_brand":[],"product_cat":[213],"product_tag":[],"class_list":{"0":"post-153951","1":"product","2":"type-product","3":"status-publish","4":"has-post-thumbnail","6":"product_cat-sisteme-pod","8":"first","9":"instock","10":"purchasable","11":"product-type-simple"},"aioseo_notices":[],"aioseo_head":"\n\t\t<!-- All in One SEO Pro 4.9.5.2 - aioseo.com -->\n\t<meta name=\"robots\" content=\"max-image-preview:large\" \/>\n\t<link rel=\"canonical\" href=\"https:\/\/tabaccomd.com\/ro\/product\/geekvape-wenax-m2-eclipse-blue\/\" \/>\n\t<meta name=\"generator\" content=\"All in One SEO Pro (AIOSEO) 4.9.5.2\" \/>\n\t\t<meta property=\"og:locale\" content=\"ro_RO\" \/>\n\t\t<meta property=\"og:site_name\" content=\"Tabacco House \u2013 \u041c\u0430\u0433\u0430\u0437\u0438\u043d \u0442\u0430\u0431\u0430\u0447\u043d\u044b\u0445 \u0438\u0437\u0434\u0435\u043b\u0438\u0439\" \/>\n\t\t<meta property=\"og:type\" content=\"article\" \/>\n\t\t<meta property=\"og:title\" content=\"GEEKVAPE Wenax M2 (Eclipse Blue) \u2013 Tabacco House\" \/>\n\t\t<meta property=\"og:url\" content=\"https:\/\/tabaccomd.com\/ro\/product\/geekvape-wenax-m2-eclipse-blue\/\" \/>\n\t\t<meta property=\"article:published_time\" content=\"2025-08-10T08:30:10+00:00\" \/>\n\t\t<meta property=\"article:modified_time\" content=\"2025-08-19T12:11:15+00:00\" \/>\n\t\t<meta property=\"article:publisher\" content=\"https:\/\/www.facebook.com\/tabaccomd.com\/\" \/>\n\t\t<meta name=\"twitter:card\" content=\"summary_large_image\" \/>\n\t\t<meta name=\"twitter:title\" content=\"GEEKVAPE Wenax M2 (Eclipse Blue) \u2013 Tabacco House\" \/>\n\t\t<script type=\"application\/ld+json\" class=\"aioseo-schema\">\n\t\t\t{\"@context\":\"https:\\\/\\\/schema.org\",\"@graph\":[{\"@type\":\"BreadcrumbList\",\"@id\":\"https:\\\/\\\/tabaccomd.com\\\/ro\\\/product\\\/geekvape-wenax-m2-eclipse-blue\\\/#breadcrumblist\",\"itemListElement\":[{\"@type\":\"ListItem\",\"@id\":\"https:\\\/\\\/tabaccomd.com\\\/ro\\\/#listItem\",\"position\":1,\"name\":\"\\u0413\\u043b\\u0430\\u0432\\u043d\\u0430\\u044f\",\"item\":\"https:\\\/\\\/tabaccomd.com\\\/ro\\\/\",\"nextItem\":{\"@type\":\"ListItem\",\"@id\":\"https:\\\/\\\/tabaccomd.com\\\/ro\\\/catalog\\\/#listItem\",\"name\":\"Catalog\"}},{\"@type\":\"ListItem\",\"@id\":\"https:\\\/\\\/tabaccomd.com\\\/ro\\\/catalog\\\/#listItem\",\"position\":2,\"name\":\"Catalog\",\"item\":\"https:\\\/\\\/tabaccomd.com\\\/ro\\\/catalog\\\/\",\"nextItem\":{\"@type\":\"ListItem\",\"@id\":\"https:\\\/\\\/tabaccomd.com\\\/ro\\\/product-category\\\/vape-ro\\\/#listItem\",\"name\":\"Vape\"},\"previousItem\":{\"@type\":\"ListItem\",\"@id\":\"https:\\\/\\\/tabaccomd.com\\\/ro\\\/#listItem\",\"name\":\"\\u0413\\u043b\\u0430\\u0432\\u043d\\u0430\\u044f\"}},{\"@type\":\"ListItem\",\"@id\":\"https:\\\/\\\/tabaccomd.com\\\/ro\\\/product-category\\\/vape-ro\\\/#listItem\",\"position\":3,\"name\":\"Vape\",\"item\":\"https:\\\/\\\/tabaccomd.com\\\/ro\\\/product-category\\\/vape-ro\\\/\",\"nextItem\":{\"@type\":\"ListItem\",\"@id\":\"https:\\\/\\\/tabaccomd.com\\\/ro\\\/product-category\\\/vape-ro\\\/sisteme-pod\\\/#listItem\",\"name\":\"Sisteme POD\"},\"previousItem\":{\"@type\":\"ListItem\",\"@id\":\"https:\\\/\\\/tabaccomd.com\\\/ro\\\/catalog\\\/#listItem\",\"name\":\"Catalog\"}},{\"@type\":\"ListItem\",\"@id\":\"https:\\\/\\\/tabaccomd.com\\\/ro\\\/product-category\\\/vape-ro\\\/sisteme-pod\\\/#listItem\",\"position\":4,\"name\":\"Sisteme POD\",\"item\":\"https:\\\/\\\/tabaccomd.com\\\/ro\\\/product-category\\\/vape-ro\\\/sisteme-pod\\\/\",\"nextItem\":{\"@type\":\"ListItem\",\"@id\":\"https:\\\/\\\/tabaccomd.com\\\/ro\\\/product\\\/geekvape-wenax-m2-eclipse-blue\\\/#listItem\",\"name\":\"GEEKVAPE Wenax M2 (Eclipse Blue)\"},\"previousItem\":{\"@type\":\"ListItem\",\"@id\":\"https:\\\/\\\/tabaccomd.com\\\/ro\\\/product-category\\\/vape-ro\\\/#listItem\",\"name\":\"Vape\"}},{\"@type\":\"ListItem\",\"@id\":\"https:\\\/\\\/tabaccomd.com\\\/ro\\\/product\\\/geekvape-wenax-m2-eclipse-blue\\\/#listItem\",\"position\":5,\"name\":\"GEEKVAPE Wenax M2 (Eclipse Blue)\",\"previousItem\":{\"@type\":\"ListItem\",\"@id\":\"https:\\\/\\\/tabaccomd.com\\\/ro\\\/product-category\\\/vape-ro\\\/sisteme-pod\\\/#listItem\",\"name\":\"Sisteme POD\"}}]},{\"@type\":\"Organization\",\"@id\":\"https:\\\/\\\/tabaccomd.com\\\/ro\\\/#organization\",\"name\":\"Tabacco House\",\"description\":\"\\u041c\\u0430\\u0433\\u0430\\u0437\\u0438\\u043d \\u0442\\u0430\\u0431\\u0430\\u0447\\u043d\\u044b\\u0445 \\u0438\\u0437\\u0434\\u0435\\u043b\\u0438\\u0439\",\"url\":\"https:\\\/\\\/tabaccomd.com\\\/ro\\\/\",\"email\":\"Office@cazacuhouse.com\",\"telephone\":\"+37361000935\",\"logo\":{\"@type\":\"ImageObject\",\"url\":\"https:\\\/\\\/tabaccomd.com\\\/wp-content\\\/uploads\\\/2024\\\/02\\\/logo_header3.png\",\"@id\":\"https:\\\/\\\/tabaccomd.com\\\/ro\\\/product\\\/geekvape-wenax-m2-eclipse-blue\\\/#organizationLogo\",\"width\":32,\"height\":32,\"caption\":\"Tabacco House\"},\"image\":{\"@id\":\"https:\\\/\\\/tabaccomd.com\\\/ro\\\/product\\\/geekvape-wenax-m2-eclipse-blue\\\/#organizationLogo\"},\"sameAs\":[\"https:\\\/\\\/www.facebook.com\\\/tabaccomd.com\\\/\",\"https:\\\/\\\/www.instagram.com\\\/tabaccomd.com\\\/\"],\"address\":{\"@id\":\"https:\\\/\\\/tabaccomd.com\\\/ro\\\/#postaladdress\",\"@type\":\"PostalAddress\",\"streetAddress\":\"Strada Albi\\u015foara 4, Chi\\u0219in\\u0103u, Bulevardul \\u0218tefan cel Mare \\u0219i Sf\\u00eent 136, Chi\\u0219in\\u0103u\",\"addressLocality\":\"Chi\\u0219in\\u0103u\",\"addressCountry\":\"MD\"}},{\"@type\":\"Product\",\"@id\":\"https:\\\/\\\/tabaccomd.com\\\/ro\\\/product\\\/geekvape-wenax-m2-eclipse-blue\\\/#wooCommerceProduct\",\"name\":\"GEEKVAPE Wenax M2 (Eclipse Blue)\",\"description\":\"Brand: GEEKVAPE\\n \\t\\u021aara produc\\u0103toare: China\\n \\tBaterie: 1200 mAh\\n \\tPutere de ie\\u0219ire: Maxim 16 W\\n \\tCapacitate cartu\\u0219: 0,8 \\u03a9 (2 ml)\\n \\tTip de \\u00eenc\\u0103rcare: Type-C 5 \\u00een 1 A\\n \\tCuloare: Albastru \\u00eenchis\",\"url\":\"https:\\\/\\\/tabaccomd.com\\\/ro\\\/product\\\/geekvape-wenax-m2-eclipse-blue\\\/\",\"sku\":\"WM2-01\",\"image\":{\"@type\":\"ImageObject\",\"url\":\"https:\\\/\\\/tabaccomd.com\\\/wp-content\\\/uploads\\\/2025\\\/08\\\/Geekvape-wenax-m2-eclipse-blue-0.JPG\",\"@id\":\"https:\\\/\\\/tabaccomd.com\\\/ro\\\/product\\\/geekvape-wenax-m2-eclipse-blue\\\/#productImage\",\"width\":1225,\"height\":1225},\"offers\":{\"@type\":\"Offer\",\"url\":\"https:\\\/\\\/tabaccomd.com\\\/ro\\\/product\\\/geekvape-wenax-m2-eclipse-blue\\\/#wooCommerceOffer\",\"price\":450,\"priceCurrency\":\"MDL\",\"category\":\"Sisteme POD\",\"availability\":\"https:\\\/\\\/schema.org\\\/InStock\",\"priceSpecification\":{\"@type\":\"PriceSpecification\",\"price\":450,\"priceCurrency\":\"MDL\",\"valueAddedTaxIncluded\":\"true\"},\"seller\":{\"@type\":\"Organization\",\"@id\":\"https:\\\/\\\/tabaccomd.com\\\/ro\\\/#organization\"}}},{\"@type\":\"WebPage\",\"@id\":\"https:\\\/\\\/tabaccomd.com\\\/ro\\\/product\\\/geekvape-wenax-m2-eclipse-blue\\\/#webpage\",\"url\":\"https:\\\/\\\/tabaccomd.com\\\/ro\\\/product\\\/geekvape-wenax-m2-eclipse-blue\\\/\",\"name\":\"GEEKVAPE Wenax M2 (Eclipse Blue) \\u2013 Tabacco House\",\"inLanguage\":\"ro-RO\",\"isPartOf\":{\"@id\":\"https:\\\/\\\/tabaccomd.com\\\/ro\\\/#website\"},\"breadcrumb\":{\"@id\":\"https:\\\/\\\/tabaccomd.com\\\/ro\\\/product\\\/geekvape-wenax-m2-eclipse-blue\\\/#breadcrumblist\"},\"image\":{\"@type\":\"ImageObject\",\"url\":\"https:\\\/\\\/tabaccomd.com\\\/wp-content\\\/uploads\\\/2025\\\/08\\\/Geekvape-wenax-m2-eclipse-blue-0.JPG\",\"@id\":\"https:\\\/\\\/tabaccomd.com\\\/ro\\\/product\\\/geekvape-wenax-m2-eclipse-blue\\\/#mainImage\",\"width\":1225,\"height\":1225},\"primaryImageOfPage\":{\"@id\":\"https:\\\/\\\/tabaccomd.com\\\/ro\\\/product\\\/geekvape-wenax-m2-eclipse-blue\\\/#mainImage\"},\"datePublished\":\"2025-08-10T11:30:10+03:00\",\"dateModified\":\"2025-08-19T15:11:15+03:00\"},{\"@type\":\"WebSite\",\"@id\":\"https:\\\/\\\/tabaccomd.com\\\/ro\\\/#website\",\"url\":\"https:\\\/\\\/tabaccomd.com\\\/ro\\\/\",\"name\":\"Tabacco House\",\"alternateName\":\"tobaccomd.com\",\"description\":\"\\u041c\\u0430\\u0433\\u0430\\u0437\\u0438\\u043d \\u0442\\u0430\\u0431\\u0430\\u0447\\u043d\\u044b\\u0445 \\u0438\\u0437\\u0434\\u0435\\u043b\\u0438\\u0439\",\"inLanguage\":\"ro-RO\",\"publisher\":{\"@id\":\"https:\\\/\\\/tabaccomd.com\\\/ro\\\/#organization\"}}]}\n\t\t<\/script>\n\t\t<!-- All in One SEO Pro -->\r\n\t\t<title>GEEKVAPE Wenax M2 (Eclipse Blue) \u2013 Tabacco House<\/title>\n\n","aioseo_head_json":{"title":"GEEKVAPE Wenax M2 (Eclipse Blue) \u2013 Tabacco House","description":"","canonical_url":"https:\/\/tabaccomd.com\/ro\/product\/geekvape-wenax-m2-eclipse-blue\/","robots":"max-image-preview:large","keywords":"","webmasterTools":{"miscellaneous":""},"schema":{"@context":"https:\/\/schema.org","@graph":[{"@type":"BreadcrumbList","@id":"https:\/\/tabaccomd.com\/ro\/product\/geekvape-wenax-m2-eclipse-blue\/#breadcrumblist","itemListElement":[{"@type":"ListItem","@id":"https:\/\/tabaccomd.com\/ro\/#listItem","position":1,"name":"\u0413\u043b\u0430\u0432\u043d\u0430\u044f","item":"https:\/\/tabaccomd.com\/ro\/","nextItem":{"@type":"ListItem","@id":"https:\/\/tabaccomd.com\/ro\/catalog\/#listItem","name":"Catalog"}},{"@type":"ListItem","@id":"https:\/\/tabaccomd.com\/ro\/catalog\/#listItem","position":2,"name":"Catalog","item":"https:\/\/tabaccomd.com\/ro\/catalog\/","nextItem":{"@type":"ListItem","@id":"https:\/\/tabaccomd.com\/ro\/product-category\/vape-ro\/#listItem","name":"Vape"},"previousItem":{"@type":"ListItem","@id":"https:\/\/tabaccomd.com\/ro\/#listItem","name":"\u0413\u043b\u0430\u0432\u043d\u0430\u044f"}},{"@type":"ListItem","@id":"https:\/\/tabaccomd.com\/ro\/product-category\/vape-ro\/#listItem","position":3,"name":"Vape","item":"https:\/\/tabaccomd.com\/ro\/product-category\/vape-ro\/","nextItem":{"@type":"ListItem","@id":"https:\/\/tabaccomd.com\/ro\/product-category\/vape-ro\/sisteme-pod\/#listItem","name":"Sisteme POD"},"previousItem":{"@type":"ListItem","@id":"https:\/\/tabaccomd.com\/ro\/catalog\/#listItem","name":"Catalog"}},{"@type":"ListItem","@id":"https:\/\/tabaccomd.com\/ro\/product-category\/vape-ro\/sisteme-pod\/#listItem","position":4,"name":"Sisteme POD","item":"https:\/\/tabaccomd.com\/ro\/product-category\/vape-ro\/sisteme-pod\/","nextItem":{"@type":"ListItem","@id":"https:\/\/tabaccomd.com\/ro\/product\/geekvape-wenax-m2-eclipse-blue\/#listItem","name":"GEEKVAPE Wenax M2 (Eclipse Blue)"},"previousItem":{"@type":"ListItem","@id":"https:\/\/tabaccomd.com\/ro\/product-category\/vape-ro\/#listItem","name":"Vape"}},{"@type":"ListItem","@id":"https:\/\/tabaccomd.com\/ro\/product\/geekvape-wenax-m2-eclipse-blue\/#listItem","position":5,"name":"GEEKVAPE Wenax M2 (Eclipse Blue)","previousItem":{"@type":"ListItem","@id":"https:\/\/tabaccomd.com\/ro\/product-category\/vape-ro\/sisteme-pod\/#listItem","name":"Sisteme POD"}}]},{"@type":"Organization","@id":"https:\/\/tabaccomd.com\/ro\/#organization","name":"Tabacco House","description":"\u041c\u0430\u0433\u0430\u0437\u0438\u043d \u0442\u0430\u0431\u0430\u0447\u043d\u044b\u0445 \u0438\u0437\u0434\u0435\u043b\u0438\u0439","url":"https:\/\/tabaccomd.com\/ro\/","email":"Office@cazacuhouse.com","telephone":"+37361000935","logo":{"@type":"ImageObject","url":"https:\/\/tabaccomd.com\/wp-content\/uploads\/2024\/02\/logo_header3.png","@id":"https:\/\/tabaccomd.com\/ro\/product\/geekvape-wenax-m2-eclipse-blue\/#organizationLogo","width":32,"height":32,"caption":"Tabacco House"},"image":{"@id":"https:\/\/tabaccomd.com\/ro\/product\/geekvape-wenax-m2-eclipse-blue\/#organizationLogo"},"sameAs":["https:\/\/www.facebook.com\/tabaccomd.com\/","https:\/\/www.instagram.com\/tabaccomd.com\/"],"address":{"@id":"https:\/\/tabaccomd.com\/ro\/#postaladdress","@type":"PostalAddress","streetAddress":"Strada Albi\u015foara 4, Chi\u0219in\u0103u, Bulevardul \u0218tefan cel Mare \u0219i Sf\u00eent 136, Chi\u0219in\u0103u","addressLocality":"Chi\u0219in\u0103u","addressCountry":"MD"}},{"@type":"Product","@id":"https:\/\/tabaccomd.com\/ro\/product\/geekvape-wenax-m2-eclipse-blue\/#wooCommerceProduct","name":"GEEKVAPE Wenax M2 (Eclipse Blue)","description":"Brand: GEEKVAPE\n \t\u021aara produc\u0103toare: China\n \tBaterie: 1200 mAh\n \tPutere de ie\u0219ire: Maxim 16 W\n \tCapacitate cartu\u0219: 0,8 \u03a9 (2 ml)\n \tTip de \u00eenc\u0103rcare: Type-C 5 \u00een 1 A\n \tCuloare: Albastru \u00eenchis","url":"https:\/\/tabaccomd.com\/ro\/product\/geekvape-wenax-m2-eclipse-blue\/","sku":"WM2-01","image":{"@type":"ImageObject","url":"https:\/\/tabaccomd.com\/wp-content\/uploads\/2025\/08\/Geekvape-wenax-m2-eclipse-blue-0.JPG","@id":"https:\/\/tabaccomd.com\/ro\/product\/geekvape-wenax-m2-eclipse-blue\/#productImage","width":1225,"height":1225},"offers":{"@type":"Offer","url":"https:\/\/tabaccomd.com\/ro\/product\/geekvape-wenax-m2-eclipse-blue\/#wooCommerceOffer","price":450,"priceCurrency":"MDL","category":"Sisteme POD","availability":"https:\/\/schema.org\/InStock","priceSpecification":{"@type":"PriceSpecification","price":450,"priceCurrency":"MDL","valueAddedTaxIncluded":"true"},"seller":{"@type":"Organization","@id":"https:\/\/tabaccomd.com\/ro\/#organization"}}},{"@type":"WebPage","@id":"https:\/\/tabaccomd.com\/ro\/product\/geekvape-wenax-m2-eclipse-blue\/#webpage","url":"https:\/\/tabaccomd.com\/ro\/product\/geekvape-wenax-m2-eclipse-blue\/","name":"GEEKVAPE Wenax M2 (Eclipse Blue) \u2013 Tabacco House","inLanguage":"ro-RO","isPartOf":{"@id":"https:\/\/tabaccomd.com\/ro\/#website"},"breadcrumb":{"@id":"https:\/\/tabaccomd.com\/ro\/product\/geekvape-wenax-m2-eclipse-blue\/#breadcrumblist"},"image":{"@type":"ImageObject","url":"https:\/\/tabaccomd.com\/wp-content\/uploads\/2025\/08\/Geekvape-wenax-m2-eclipse-blue-0.JPG","@id":"https:\/\/tabaccomd.com\/ro\/product\/geekvape-wenax-m2-eclipse-blue\/#mainImage","width":1225,"height":1225},"primaryImageOfPage":{"@id":"https:\/\/tabaccomd.com\/ro\/product\/geekvape-wenax-m2-eclipse-blue\/#mainImage"},"datePublished":"2025-08-10T11:30:10+03:00","dateModified":"2025-08-19T15:11:15+03:00"},{"@type":"WebSite","@id":"https:\/\/tabaccomd.com\/ro\/#website","url":"https:\/\/tabaccomd.com\/ro\/","name":"Tabacco House","alternateName":"tobaccomd.com","description":"\u041c\u0430\u0433\u0430\u0437\u0438\u043d \u0442\u0430\u0431\u0430\u0447\u043d\u044b\u0445 \u0438\u0437\u0434\u0435\u043b\u0438\u0439","inLanguage":"ro-RO","publisher":{"@id":"https:\/\/tabaccomd.com\/ro\/#organization"}}]},"og:locale":"ro_RO","og:site_name":"Tabacco House \u2013 \u041c\u0430\u0433\u0430\u0437\u0438\u043d \u0442\u0430\u0431\u0430\u0447\u043d\u044b\u0445 \u0438\u0437\u0434\u0435\u043b\u0438\u0439","og:type":"article","og:title":"GEEKVAPE Wenax M2 (Eclipse Blue) \u2013 Tabacco House","og:url":"https:\/\/tabaccomd.com\/ro\/product\/geekvape-wenax-m2-eclipse-blue\/","article:published_time":"2025-08-10T08:30:10+00:00","article:modified_time":"2025-08-19T12:11:15+00:00","article:publisher":"https:\/\/www.facebook.com\/tabaccomd.com\/","twitter:card":"summary_large_image","twitter:title":"GEEKVAPE Wenax M2 (Eclipse Blue) \u2013 Tabacco House"},"aioseo_meta_data":{"post_id":"153951","title":null,"description":null,"keywords":null,"keyphrases":{"focus":{"keyphrase":"","score":0,"analysis":{"keyphraseInTitle":{"score":0,"maxScore":9,"error":1}}},"additional":[]},"primary_term":null,"canonical_url":null,"og_title":null,"og_description":null,"og_object_type":"default","og_image_type":"default","og_image_url":null,"og_image_width":null,"og_image_height":null,"og_image_custom_url":null,"og_image_custom_fields":null,"og_video":"","og_custom_url":null,"og_article_section":null,"og_article_tags":null,"twitter_use_og":false,"twitter_card":"default","twitter_image_type":"default","twitter_image_url":null,"twitter_image_custom_url":null,"twitter_image_custom_fields":null,"twitter_title":null,"twitter_description":null,"schema":{"blockGraphs":[],"customGraphs":[],"default":{"data":{"Article":[],"Course":[],"Dataset":[],"FAQPage":[],"Movie":[],"Person":[],"Product":[],"ProductReview":[],"Car":[],"Recipe":[],"Service":[],"SoftwareApplication":[],"WebPage":[]},"graphName":"Product","isEnabled":true},"graphs":[]},"schema_type":"default","schema_type_options":null,"pillar_content":false,"robots_default":true,"robots_noindex":false,"robots_noarchive":false,"robots_nosnippet":false,"robots_nofollow":false,"robots_noimageindex":false,"robots_noodp":false,"robots_notranslate":false,"robots_max_snippet":"-1","robots_max_videopreview":"-1","robots_max_imagepreview":"large","priority":null,"frequency":"default","local_seo":null,"seo_analyzer_scan_date":"2025-10-20 22:19:10","breadcrumb_settings":null,"limit_modified_date":false,"reviewed_by":"0","open_ai":null,"ai":{"faqs":[],"keyPoints":[],"titles":[],"descriptions":[],"socialPosts":{"email":[],"linkedin":[],"twitter":[],"facebook":[],"instagram":[]}},"created":"2025-08-15 08:16:51","updated":"2025-10-20 22:19:10"},"aioseo_breadcrumb":"<div class=\"aioseo-breadcrumbs\"><span class=\"aioseo-breadcrumb\">\n\t<a href=\"https:\/\/tabaccomd.com\/ro\/\" title=\"\u0413\u043b\u0430\u0432\u043d\u0430\u044f\">\u0413\u043b\u0430\u0432\u043d\u0430\u044f<\/a>\n<\/span><span class=\"aioseo-breadcrumb-separator\">\u00bb<\/span><span class=\"aioseo-breadcrumb\">\n\t<a href=\"https:\/\/tabaccomd.com\/ro\/catalog\/\" title=\"Catalog\">Catalog<\/a>\n<\/span><span class=\"aioseo-breadcrumb-separator\">\u00bb<\/span><span class=\"aioseo-breadcrumb\">\n\t<a href=\"https:\/\/tabaccomd.com\/ro\/product-category\/vape-ro\/\" title=\"Vape\">Vape<\/a>\n<\/span><span class=\"aioseo-breadcrumb-separator\">\u00bb<\/span><span class=\"aioseo-breadcrumb\">\n\t<a href=\"https:\/\/tabaccomd.com\/ro\/product-category\/vape-ro\/sisteme-pod\/\" title=\"Sisteme POD\">Sisteme POD<\/a>\n<\/span><span class=\"aioseo-breadcrumb-separator\">\u00bb<\/span><span class=\"aioseo-breadcrumb\">\n\tGEEKVAPE Wenax M2 (Eclipse Blue)\n<\/span><\/div>","aioseo_breadcrumb_json":[{"label":"\u0413\u043b\u0430\u0432\u043d\u0430\u044f","link":"https:\/\/tabaccomd.com\/ro\/"},{"label":"Catalog","link":"https:\/\/tabaccomd.com\/ro\/catalog\/"},{"label":"Vape","link":"https:\/\/tabaccomd.com\/ro\/product-category\/vape-ro\/"},{"label":"Sisteme POD","link":"https:\/\/tabaccomd.com\/ro\/product-category\/vape-ro\/sisteme-pod\/"},{"label":"GEEKVAPE Wenax M2 (Eclipse Blue)","link":"https:\/\/tabaccomd.com\/ro\/product\/geekvape-wenax-m2-eclipse-blue\/"}],"images_for_1c":[{"url":"https:\/\/tabaccomd.com\/wp-content\/uploads\/2025\/08\/Geekvape-wenax-m2-eclipse-blue-0.JPG","type":"featured","alt":"Geekvape-wenax-m2-eclipse-blue-0","filename":"Geekvape-wenax-m2-eclipse-blue-0.JPG"},{"url":"https:\/\/tabaccomd.com\/wp-content\/uploads\/2025\/08\/Geekvape-wenax-m2-eclipse-blue-1.JPG","type":"gallery","alt":"Geekvape-wenax-m2-eclipse-blue-1","filename":"Geekvape-wenax-m2-eclipse-blue-1.JPG"}],"additional_data_1c":{"modified_date":"2025-08-19 15:11:15","permalink":"https:\/\/tabaccomd.com\/ro\/product\/geekvape-wenax-m2-eclipse-blue\/","stock_status":"instock","manage_stock":"no"},"_links":{"self":[{"href":"https:\/\/tabaccomd.com\/ro\/wp-json\/wp\/v2\/product\/153951","targetHints":{"allow":["GET"]}}],"collection":[{"href":"https:\/\/tabaccomd.com\/ro\/wp-json\/wp\/v2\/product"}],"about":[{"href":"https:\/\/tabaccomd.com\/ro\/wp-json\/wp\/v2\/types\/product"}],"wp:featuredmedia":[{"embeddable":true,"href":"https:\/\/tabaccomd.com\/ro\/wp-json\/wp\/v2\/media\/153948"}],"wp:attachment":[{"href":"https:\/\/tabaccomd.com\/ro\/wp-json\/wp\/v2\/media?parent=153951"}],"wp:term":[{"taxonomy":"product_brand","embeddable":true,"href":"https:\/\/tabaccomd.com\/ro\/wp-json\/wp\/v2\/product_brand?post=153951"},{"taxonomy":"product_cat","embeddable":true,"href":"https:\/\/tabaccomd.com\/ro\/wp-json\/wp\/v2\/product_cat?post=153951"},{"taxonomy":"product_tag","embeddable":true,"href":"https:\/\/tabaccomd.com\/ro\/wp-json\/wp\/v2\/product_tag?post=153951"}],"curies":[{"name":"wp","href":"https:\/\/api.w.org\/{rel}","templated":true}]}}