{"id":153411,"date":"2025-07-30T11:10:27","date_gmt":"2025-07-30T08:10:27","guid":{"rendered":"https:\/\/tabaccomd.com\/product\/bratara-din-piele-braided-xqni-br63\/"},"modified":"2025-07-30T11:10:27","modified_gmt":"2025-07-30T08:10:27","slug":"bratara-din-piele-braided-xqni-br63","status":"publish","type":"product","link":"https:\/\/tabaccomd.com\/ro\/product\/bratara-din-piele-braided-xqni-br63\/","title":{"rendered":"Br\u0103\u021bar\u0103 din piele Braided XQNI BR63"},"content":{"rendered":"<div class=\"text-base my-auto mx-auto pb-10 [--thread-content-margin:--spacing(4)] @[37rem]:[--thread-content-margin:--spacing(6)] @[72rem]:[--thread-content-margin:--spacing(16)] px-(--thread-content-margin)\">\n<div class=\"[--thread-content-max-width:32rem] @[34rem]:[--thread-content-max-width:40rem] @[64rem]:[--thread-content-max-width:48rem] mx-auto max-w-(--thread-content-max-width) flex-1 group\/turn-messages focus-visible:outline-hidden relative flex w-full min-w-0 flex-col agent-turn\" tabindex=\"-1\">\n<div class=\"flex max-w-full flex-col grow\">\n<div class=\"min-h-8 text-message relative flex w-full flex-col items-end gap-2 text-start break-words whitespace-normal [.text-message+&amp;]:mt-5\" dir=\"auto\" data-message-author-role=\"assistant\" data-message-id=\"7105b1e6-5fd1-4159-b716-00693a498bad\" data-message-model-slug=\"gpt-4o\">\n<div class=\"flex w-full flex-col gap-1 empty:hidden first:pt-[3px]\">\n<p class=\"markdown prose dark:prose-invert w-full break-words light markdown-new-styling\"><a href=\"https:\/\/tabaccomd.com\/ro\/product-category\/accesorii\/bratari\/\">Br\u0103\u021bara <\/a>din piele de la brandul XQNI este un accesoriu stilat cu personalitate, \u00een care materialele clasice se \u00eembin\u0103 armonios cu un design atent lucrat. Fabricat\u0103 din piele natural\u0103 \u0219i completat\u0103 cu elemente din o\u021bel inoxidabil premium, br\u0103\u021bara se remarc\u0103 prin durabilitate \u0219i un aspect rafinat. Structura \u00eempletit\u0103 ofer\u0103 rezisten\u021b\u0103 sporit\u0103 \u0219i un aspect original. Contrastul dintre pielea neagr\u0103 \u0219i inser\u021biile aurii adaug\u0103 o not\u0103 expresiv\u0103 \u0219i elegant\u0103. Lungimea de 21 cm asigur\u0103 o fixare confortabil\u0103, iar \u00eenchiderea magnetic\u0103 este practic\u0103 \u0219i u\u0219or de utilizat. Braided este o combina\u021bie reu\u0219it\u0103 \u00eentre elegan\u021b\u0103 \u0219i func\u021bionalitate, potrivit\u0103 at\u00e2t pentru \u021binutele de zi cu zi, c\u00e2t \u0219i pentru cele business.     <\/p>\n<p data-start=\"0\" data-end=\"314\">Pute\u021bi achizi\u021biona br\u0103\u021bara din piele Braided XQNI BR63 \u00een Moldova, Chi\u0219in\u0103u \u00een re\u021beaua de magazine Tabacco House.<\/p>\n<\/div>\n<\/div>\n<\/div>\n<\/div>\n<\/div>\n","protected":false},"excerpt":{"rendered":"<ul class=\"product-fields\">\n<li>Produc\u0103tor: XQNI<\/li>\n<li>Material: Piele natural\u0103, o\u021bel inoxidabil premium<\/li>\n<li>Lungime: 21 cm<\/li>\n<li>Tip de \u00eenchidere: Magnetic\u0103<\/li>\n<\/ul>\n","protected":false},"featured_media":153403,"template":"","meta":{"om_disable_all_campaigns":false,"_monsterinsights_skip_tracking":false,"_monsterinsights_sitenote_active":false,"_monsterinsights_sitenote_note":"","_monsterinsights_sitenote_category":0},"product_brand":[],"product_cat":[459],"product_tag":[],"class_list":{"0":"post-153411","1":"product","2":"type-product","3":"status-publish","4":"has-post-thumbnail","6":"product_cat-bratari","8":"first","9":"outofstock","10":"purchasable","11":"product-type-simple"},"aioseo_notices":[],"aioseo_head":"\n\t\t<!-- All in One SEO Pro 4.9.6.2 - aioseo.com -->\n\t<meta name=\"robots\" content=\"max-image-preview:large\" \/>\n\t<link rel=\"canonical\" href=\"https:\/\/tabaccomd.com\/ro\/product\/bratara-din-piele-braided-xqni-br63\/\" \/>\n\t<meta name=\"generator\" content=\"All in One SEO Pro (AIOSEO) 4.9.6.2\" \/>\n\t\t<meta property=\"og:locale\" content=\"ro_RO\" \/>\n\t\t<meta property=\"og:site_name\" content=\"Tabacco House \u2013 \u041c\u0430\u0433\u0430\u0437\u0438\u043d \u0442\u0430\u0431\u0430\u0447\u043d\u044b\u0445 \u0438\u0437\u0434\u0435\u043b\u0438\u0439\" \/>\n\t\t<meta property=\"og:type\" content=\"article\" \/>\n\t\t<meta property=\"og:title\" content=\"Br\u0103\u021bar\u0103 din piele Braided XQNI BR63 \u2013 Tabacco House\" \/>\n\t\t<meta property=\"og:url\" content=\"https:\/\/tabaccomd.com\/ro\/product\/bratara-din-piele-braided-xqni-br63\/\" \/>\n\t\t<meta property=\"article:published_time\" content=\"2025-07-30T08:10:27+00:00\" \/>\n\t\t<meta property=\"article:modified_time\" content=\"2025-07-30T08:10:27+00:00\" \/>\n\t\t<meta property=\"article:publisher\" content=\"https:\/\/www.facebook.com\/tabaccomd.com\/\" \/>\n\t\t<meta name=\"twitter:card\" content=\"summary_large_image\" \/>\n\t\t<meta name=\"twitter:title\" content=\"Br\u0103\u021bar\u0103 din piele Braided XQNI BR63 \u2013 Tabacco House\" \/>\n\t\t<script type=\"application\/ld+json\" class=\"aioseo-schema\">\n\t\t\t{\"@context\":\"https:\\\/\\\/schema.org\",\"@graph\":[{\"@type\":\"BreadcrumbList\",\"@id\":\"https:\\\/\\\/tabaccomd.com\\\/ro\\\/product\\\/bratara-din-piele-braided-xqni-br63\\\/#breadcrumblist\",\"itemListElement\":[{\"@type\":\"ListItem\",\"@id\":\"https:\\\/\\\/tabaccomd.com\\\/ro\\\/#listItem\",\"position\":1,\"name\":\"\\u0413\\u043b\\u0430\\u0432\\u043d\\u0430\\u044f\",\"item\":\"https:\\\/\\\/tabaccomd.com\\\/ro\\\/\",\"nextItem\":{\"@type\":\"ListItem\",\"@id\":\"https:\\\/\\\/tabaccomd.com\\\/ro\\\/catalog\\\/#listItem\",\"name\":\"Catalog\"}},{\"@type\":\"ListItem\",\"@id\":\"https:\\\/\\\/tabaccomd.com\\\/ro\\\/catalog\\\/#listItem\",\"position\":2,\"name\":\"Catalog\",\"item\":\"https:\\\/\\\/tabaccomd.com\\\/ro\\\/catalog\\\/\",\"nextItem\":{\"@type\":\"ListItem\",\"@id\":\"https:\\\/\\\/tabaccomd.com\\\/ro\\\/product-category\\\/accesorii\\\/#listItem\",\"name\":\"Accesorii\"},\"previousItem\":{\"@type\":\"ListItem\",\"@id\":\"https:\\\/\\\/tabaccomd.com\\\/ro\\\/#listItem\",\"name\":\"\\u0413\\u043b\\u0430\\u0432\\u043d\\u0430\\u044f\"}},{\"@type\":\"ListItem\",\"@id\":\"https:\\\/\\\/tabaccomd.com\\\/ro\\\/product-category\\\/accesorii\\\/#listItem\",\"position\":3,\"name\":\"Accesorii\",\"item\":\"https:\\\/\\\/tabaccomd.com\\\/ro\\\/product-category\\\/accesorii\\\/\",\"nextItem\":{\"@type\":\"ListItem\",\"@id\":\"https:\\\/\\\/tabaccomd.com\\\/ro\\\/product-category\\\/accesorii\\\/bratari\\\/#listItem\",\"name\":\"Br\\u0103\\u021b\\u0103ri\"},\"previousItem\":{\"@type\":\"ListItem\",\"@id\":\"https:\\\/\\\/tabaccomd.com\\\/ro\\\/catalog\\\/#listItem\",\"name\":\"Catalog\"}},{\"@type\":\"ListItem\",\"@id\":\"https:\\\/\\\/tabaccomd.com\\\/ro\\\/product-category\\\/accesorii\\\/bratari\\\/#listItem\",\"position\":4,\"name\":\"Br\\u0103\\u021b\\u0103ri\",\"item\":\"https:\\\/\\\/tabaccomd.com\\\/ro\\\/product-category\\\/accesorii\\\/bratari\\\/\",\"nextItem\":{\"@type\":\"ListItem\",\"@id\":\"https:\\\/\\\/tabaccomd.com\\\/ro\\\/product\\\/bratara-din-piele-braided-xqni-br63\\\/#listItem\",\"name\":\"Br\\u0103\\u021bar\\u0103 din piele Braided XQNI BR63\"},\"previousItem\":{\"@type\":\"ListItem\",\"@id\":\"https:\\\/\\\/tabaccomd.com\\\/ro\\\/product-category\\\/accesorii\\\/#listItem\",\"name\":\"Accesorii\"}},{\"@type\":\"ListItem\",\"@id\":\"https:\\\/\\\/tabaccomd.com\\\/ro\\\/product\\\/bratara-din-piele-braided-xqni-br63\\\/#listItem\",\"position\":5,\"name\":\"Br\\u0103\\u021bar\\u0103 din piele Braided XQNI BR63\",\"previousItem\":{\"@type\":\"ListItem\",\"@id\":\"https:\\\/\\\/tabaccomd.com\\\/ro\\\/product-category\\\/accesorii\\\/bratari\\\/#listItem\",\"name\":\"Br\\u0103\\u021b\\u0103ri\"}}]},{\"@type\":\"Organization\",\"@id\":\"https:\\\/\\\/tabaccomd.com\\\/ro\\\/#organization\",\"name\":\"Tabacco House\",\"description\":\"\\u041c\\u0430\\u0433\\u0430\\u0437\\u0438\\u043d \\u0442\\u0430\\u0431\\u0430\\u0447\\u043d\\u044b\\u0445 \\u0438\\u0437\\u0434\\u0435\\u043b\\u0438\\u0439\",\"url\":\"https:\\\/\\\/tabaccomd.com\\\/ro\\\/\",\"email\":\"Office@cazacuhouse.com\",\"telephone\":\"+37361000935\",\"logo\":{\"@type\":\"ImageObject\",\"url\":\"https:\\\/\\\/tabaccomd.com\\\/wp-content\\\/uploads\\\/2024\\\/02\\\/logo_header3.png\",\"@id\":\"https:\\\/\\\/tabaccomd.com\\\/ro\\\/product\\\/bratara-din-piele-braided-xqni-br63\\\/#organizationLogo\",\"width\":32,\"height\":32,\"caption\":\"Tabacco House\"},\"image\":{\"@id\":\"https:\\\/\\\/tabaccomd.com\\\/ro\\\/product\\\/bratara-din-piele-braided-xqni-br63\\\/#organizationLogo\"},\"sameAs\":[\"https:\\\/\\\/www.facebook.com\\\/tabaccomd.com\\\/\",\"https:\\\/\\\/www.instagram.com\\\/tabaccomd.com\\\/\"],\"address\":{\"@id\":\"https:\\\/\\\/tabaccomd.com\\\/ro\\\/#postaladdress\",\"@type\":\"PostalAddress\",\"streetAddress\":\"Strada Albi\\u015foara 4, Chi\\u0219in\\u0103u, Bulevardul \\u0218tefan cel Mare \\u0219i Sf\\u00eent 136, Chi\\u0219in\\u0103u\",\"addressLocality\":\"Chi\\u0219in\\u0103u\",\"addressCountry\":\"MD\"}},{\"@type\":\"Product\",\"@id\":\"https:\\\/\\\/tabaccomd.com\\\/ro\\\/product\\\/bratara-din-piele-braided-xqni-br63\\\/#wooCommerceProduct\",\"name\":\"Br\\u0103\\u021bar\\u0103 din piele Braided XQNI BR63\",\"description\":\"Produc\\u0103tor: XQNI\\n \\tMaterial: Piele natural\\u0103, o\\u021bel inoxidabil premium\\n \\tLungime: 21 cm\\n \\tTip de \\u00eenchidere: Magnetic\\u0103\",\"url\":\"https:\\\/\\\/tabaccomd.com\\\/ro\\\/product\\\/bratara-din-piele-braided-xqni-br63\\\/\",\"sku\":\"BR63s\",\"image\":{\"@type\":\"ImageObject\",\"url\":\"https:\\\/\\\/tabaccomd.com\\\/wp-content\\\/uploads\\\/2025\\\/07\\\/bratara-Braided-XQNI-BR63-0.JPG\",\"@id\":\"https:\\\/\\\/tabaccomd.com\\\/ro\\\/product\\\/bratara-din-piele-braided-xqni-br63\\\/#productImage\",\"width\":1230,\"height\":1230},\"offers\":{\"@type\":\"Offer\",\"url\":\"https:\\\/\\\/tabaccomd.com\\\/ro\\\/product\\\/bratara-din-piele-braided-xqni-br63\\\/#wooCommerceOffer\",\"price\":400,\"priceCurrency\":\"MDL\",\"category\":\"Br\\u0103\\u021b\\u0103ri\",\"availability\":\"https:\\\/\\\/schema.org\\\/OutOfStock\",\"priceSpecification\":{\"@type\":\"PriceSpecification\",\"price\":400,\"priceCurrency\":\"MDL\",\"valueAddedTaxIncluded\":\"true\"},\"seller\":{\"@type\":\"Organization\",\"@id\":\"https:\\\/\\\/tabaccomd.com\\\/ro\\\/#organization\"}}},{\"@type\":\"WebPage\",\"@id\":\"https:\\\/\\\/tabaccomd.com\\\/ro\\\/product\\\/bratara-din-piele-braided-xqni-br63\\\/#webpage\",\"url\":\"https:\\\/\\\/tabaccomd.com\\\/ro\\\/product\\\/bratara-din-piele-braided-xqni-br63\\\/\",\"name\":\"Br\\u0103\\u021bar\\u0103 din piele Braided XQNI BR63 \\u2013 Tabacco House\",\"inLanguage\":\"ro-RO\",\"isPartOf\":{\"@id\":\"https:\\\/\\\/tabaccomd.com\\\/ro\\\/#website\"},\"breadcrumb\":{\"@id\":\"https:\\\/\\\/tabaccomd.com\\\/ro\\\/product\\\/bratara-din-piele-braided-xqni-br63\\\/#breadcrumblist\"},\"image\":{\"@type\":\"ImageObject\",\"url\":\"https:\\\/\\\/tabaccomd.com\\\/wp-content\\\/uploads\\\/2025\\\/07\\\/bratara-Braided-XQNI-BR63-0.JPG\",\"@id\":\"https:\\\/\\\/tabaccomd.com\\\/ro\\\/product\\\/bratara-din-piele-braided-xqni-br63\\\/#mainImage\",\"width\":1230,\"height\":1230},\"primaryImageOfPage\":{\"@id\":\"https:\\\/\\\/tabaccomd.com\\\/ro\\\/product\\\/bratara-din-piele-braided-xqni-br63\\\/#mainImage\"},\"datePublished\":\"2025-07-30T11:10:27+03:00\",\"dateModified\":\"2025-07-30T11:10:27+03:00\"},{\"@type\":\"WebSite\",\"@id\":\"https:\\\/\\\/tabaccomd.com\\\/ro\\\/#website\",\"url\":\"https:\\\/\\\/tabaccomd.com\\\/ro\\\/\",\"name\":\"Tabacco House\",\"alternateName\":\"tobaccomd.com\",\"description\":\"\\u041c\\u0430\\u0433\\u0430\\u0437\\u0438\\u043d \\u0442\\u0430\\u0431\\u0430\\u0447\\u043d\\u044b\\u0445 \\u0438\\u0437\\u0434\\u0435\\u043b\\u0438\\u0439\",\"inLanguage\":\"ro-RO\",\"publisher\":{\"@id\":\"https:\\\/\\\/tabaccomd.com\\\/ro\\\/#organization\"}}]}\n\t\t<\/script>\n\t\t<!-- All in One SEO Pro -->\r\n\t\t<title>Br\u0103\u021bar\u0103 din piele Braided XQNI BR63 \u2013 Tabacco House<\/title>\n\n","aioseo_head_json":{"title":"Br\u0103\u021bar\u0103 din piele Braided XQNI BR63 \u2013 Tabacco House","description":"","canonical_url":"https:\/\/tabaccomd.com\/ro\/product\/bratara-din-piele-braided-xqni-br63\/","robots":"max-image-preview:large","keywords":"","webmasterTools":{"miscellaneous":""},"schema":{"@context":"https:\/\/schema.org","@graph":[{"@type":"BreadcrumbList","@id":"https:\/\/tabaccomd.com\/ro\/product\/bratara-din-piele-braided-xqni-br63\/#breadcrumblist","itemListElement":[{"@type":"ListItem","@id":"https:\/\/tabaccomd.com\/ro\/#listItem","position":1,"name":"\u0413\u043b\u0430\u0432\u043d\u0430\u044f","item":"https:\/\/tabaccomd.com\/ro\/","nextItem":{"@type":"ListItem","@id":"https:\/\/tabaccomd.com\/ro\/catalog\/#listItem","name":"Catalog"}},{"@type":"ListItem","@id":"https:\/\/tabaccomd.com\/ro\/catalog\/#listItem","position":2,"name":"Catalog","item":"https:\/\/tabaccomd.com\/ro\/catalog\/","nextItem":{"@type":"ListItem","@id":"https:\/\/tabaccomd.com\/ro\/product-category\/accesorii\/#listItem","name":"Accesorii"},"previousItem":{"@type":"ListItem","@id":"https:\/\/tabaccomd.com\/ro\/#listItem","name":"\u0413\u043b\u0430\u0432\u043d\u0430\u044f"}},{"@type":"ListItem","@id":"https:\/\/tabaccomd.com\/ro\/product-category\/accesorii\/#listItem","position":3,"name":"Accesorii","item":"https:\/\/tabaccomd.com\/ro\/product-category\/accesorii\/","nextItem":{"@type":"ListItem","@id":"https:\/\/tabaccomd.com\/ro\/product-category\/accesorii\/bratari\/#listItem","name":"Br\u0103\u021b\u0103ri"},"previousItem":{"@type":"ListItem","@id":"https:\/\/tabaccomd.com\/ro\/catalog\/#listItem","name":"Catalog"}},{"@type":"ListItem","@id":"https:\/\/tabaccomd.com\/ro\/product-category\/accesorii\/bratari\/#listItem","position":4,"name":"Br\u0103\u021b\u0103ri","item":"https:\/\/tabaccomd.com\/ro\/product-category\/accesorii\/bratari\/","nextItem":{"@type":"ListItem","@id":"https:\/\/tabaccomd.com\/ro\/product\/bratara-din-piele-braided-xqni-br63\/#listItem","name":"Br\u0103\u021bar\u0103 din piele Braided XQNI BR63"},"previousItem":{"@type":"ListItem","@id":"https:\/\/tabaccomd.com\/ro\/product-category\/accesorii\/#listItem","name":"Accesorii"}},{"@type":"ListItem","@id":"https:\/\/tabaccomd.com\/ro\/product\/bratara-din-piele-braided-xqni-br63\/#listItem","position":5,"name":"Br\u0103\u021bar\u0103 din piele Braided XQNI BR63","previousItem":{"@type":"ListItem","@id":"https:\/\/tabaccomd.com\/ro\/product-category\/accesorii\/bratari\/#listItem","name":"Br\u0103\u021b\u0103ri"}}]},{"@type":"Organization","@id":"https:\/\/tabaccomd.com\/ro\/#organization","name":"Tabacco House","description":"\u041c\u0430\u0433\u0430\u0437\u0438\u043d \u0442\u0430\u0431\u0430\u0447\u043d\u044b\u0445 \u0438\u0437\u0434\u0435\u043b\u0438\u0439","url":"https:\/\/tabaccomd.com\/ro\/","email":"Office@cazacuhouse.com","telephone":"+37361000935","logo":{"@type":"ImageObject","url":"https:\/\/tabaccomd.com\/wp-content\/uploads\/2024\/02\/logo_header3.png","@id":"https:\/\/tabaccomd.com\/ro\/product\/bratara-din-piele-braided-xqni-br63\/#organizationLogo","width":32,"height":32,"caption":"Tabacco House"},"image":{"@id":"https:\/\/tabaccomd.com\/ro\/product\/bratara-din-piele-braided-xqni-br63\/#organizationLogo"},"sameAs":["https:\/\/www.facebook.com\/tabaccomd.com\/","https:\/\/www.instagram.com\/tabaccomd.com\/"],"address":{"@id":"https:\/\/tabaccomd.com\/ro\/#postaladdress","@type":"PostalAddress","streetAddress":"Strada Albi\u015foara 4, Chi\u0219in\u0103u, Bulevardul \u0218tefan cel Mare \u0219i Sf\u00eent 136, Chi\u0219in\u0103u","addressLocality":"Chi\u0219in\u0103u","addressCountry":"MD"}},{"@type":"Product","@id":"https:\/\/tabaccomd.com\/ro\/product\/bratara-din-piele-braided-xqni-br63\/#wooCommerceProduct","name":"Br\u0103\u021bar\u0103 din piele Braided XQNI BR63","description":"Produc\u0103tor: XQNI\n \tMaterial: Piele natural\u0103, o\u021bel inoxidabil premium\n \tLungime: 21 cm\n \tTip de \u00eenchidere: Magnetic\u0103","url":"https:\/\/tabaccomd.com\/ro\/product\/bratara-din-piele-braided-xqni-br63\/","sku":"BR63s","image":{"@type":"ImageObject","url":"https:\/\/tabaccomd.com\/wp-content\/uploads\/2025\/07\/bratara-Braided-XQNI-BR63-0.JPG","@id":"https:\/\/tabaccomd.com\/ro\/product\/bratara-din-piele-braided-xqni-br63\/#productImage","width":1230,"height":1230},"offers":{"@type":"Offer","url":"https:\/\/tabaccomd.com\/ro\/product\/bratara-din-piele-braided-xqni-br63\/#wooCommerceOffer","price":400,"priceCurrency":"MDL","category":"Br\u0103\u021b\u0103ri","availability":"https:\/\/schema.org\/OutOfStock","priceSpecification":{"@type":"PriceSpecification","price":400,"priceCurrency":"MDL","valueAddedTaxIncluded":"true"},"seller":{"@type":"Organization","@id":"https:\/\/tabaccomd.com\/ro\/#organization"}}},{"@type":"WebPage","@id":"https:\/\/tabaccomd.com\/ro\/product\/bratara-din-piele-braided-xqni-br63\/#webpage","url":"https:\/\/tabaccomd.com\/ro\/product\/bratara-din-piele-braided-xqni-br63\/","name":"Br\u0103\u021bar\u0103 din piele Braided XQNI BR63 \u2013 Tabacco House","inLanguage":"ro-RO","isPartOf":{"@id":"https:\/\/tabaccomd.com\/ro\/#website"},"breadcrumb":{"@id":"https:\/\/tabaccomd.com\/ro\/product\/bratara-din-piele-braided-xqni-br63\/#breadcrumblist"},"image":{"@type":"ImageObject","url":"https:\/\/tabaccomd.com\/wp-content\/uploads\/2025\/07\/bratara-Braided-XQNI-BR63-0.JPG","@id":"https:\/\/tabaccomd.com\/ro\/product\/bratara-din-piele-braided-xqni-br63\/#mainImage","width":1230,"height":1230},"primaryImageOfPage":{"@id":"https:\/\/tabaccomd.com\/ro\/product\/bratara-din-piele-braided-xqni-br63\/#mainImage"},"datePublished":"2025-07-30T11:10:27+03:00","dateModified":"2025-07-30T11:10:27+03:00"},{"@type":"WebSite","@id":"https:\/\/tabaccomd.com\/ro\/#website","url":"https:\/\/tabaccomd.com\/ro\/","name":"Tabacco House","alternateName":"tobaccomd.com","description":"\u041c\u0430\u0433\u0430\u0437\u0438\u043d \u0442\u0430\u0431\u0430\u0447\u043d\u044b\u0445 \u0438\u0437\u0434\u0435\u043b\u0438\u0439","inLanguage":"ro-RO","publisher":{"@id":"https:\/\/tabaccomd.com\/ro\/#organization"}}]},"og:locale":"ro_RO","og:site_name":"Tabacco House \u2013 \u041c\u0430\u0433\u0430\u0437\u0438\u043d \u0442\u0430\u0431\u0430\u0447\u043d\u044b\u0445 \u0438\u0437\u0434\u0435\u043b\u0438\u0439","og:type":"article","og:title":"Br\u0103\u021bar\u0103 din piele Braided XQNI BR63 \u2013 Tabacco House","og:url":"https:\/\/tabaccomd.com\/ro\/product\/bratara-din-piele-braided-xqni-br63\/","article:published_time":"2025-07-30T08:10:27+00:00","article:modified_time":"2025-07-30T08:10:27+00:00","article:publisher":"https:\/\/www.facebook.com\/tabaccomd.com\/","twitter:card":"summary_large_image","twitter:title":"Br\u0103\u021bar\u0103 din piele Braided XQNI BR63 \u2013 Tabacco House"},"aioseo_meta_data":{"post_id":"153411","title":null,"description":null,"keywords":null,"keyphrases":{"focus":{"keyphrase":"","score":0,"analysis":{"keyphraseInTitle":{"score":0,"maxScore":9,"error":1}}},"additional":[]},"primary_term":null,"canonical_url":null,"og_title":null,"og_description":null,"og_object_type":"default","og_image_type":"default","og_image_url":null,"og_image_width":null,"og_image_height":null,"og_image_custom_url":null,"og_image_custom_fields":null,"og_video":"","og_custom_url":null,"og_article_section":null,"og_article_tags":null,"twitter_use_og":false,"twitter_card":"default","twitter_image_type":"default","twitter_image_url":null,"twitter_image_custom_url":null,"twitter_image_custom_fields":null,"twitter_title":null,"twitter_description":null,"schema":{"blockGraphs":[],"customGraphs":[],"default":{"data":{"Article":[],"Course":[],"Dataset":[],"FAQPage":[],"Movie":[],"Person":[],"Product":[],"ProductReview":[],"Car":[],"Recipe":[],"Service":[],"SoftwareApplication":[],"WebPage":[]},"graphName":"Product","isEnabled":true},"graphs":[]},"schema_type":"default","schema_type_options":null,"pillar_content":false,"robots_default":true,"robots_noindex":false,"robots_noarchive":false,"robots_nosnippet":false,"robots_nofollow":false,"robots_noimageindex":false,"robots_noodp":false,"robots_notranslate":false,"robots_max_snippet":"-1","robots_max_videopreview":"-1","robots_max_imagepreview":"large","priority":null,"frequency":"default","local_seo":null,"seo_analyzer_scan_date":"2025-10-20 22:10:22","breadcrumb_settings":null,"limit_modified_date":false,"reviewed_by":"0","open_ai":null,"ai":{"faqs":[],"keyPoints":[],"titles":[],"descriptions":[],"socialPosts":{"email":[],"linkedin":[],"twitter":[],"facebook":[],"instagram":[]}},"created":"2025-08-04 10:30:22","updated":"2025-10-20 22:10:22"},"aioseo_breadcrumb":"<div class=\"aioseo-breadcrumbs\"><span class=\"aioseo-breadcrumb\">\n\t<a href=\"https:\/\/tabaccomd.com\/ro\/\" title=\"\u0413\u043b\u0430\u0432\u043d\u0430\u044f\">\u0413\u043b\u0430\u0432\u043d\u0430\u044f<\/a>\n<\/span><span class=\"aioseo-breadcrumb-separator\">\u00bb<\/span><span class=\"aioseo-breadcrumb\">\n\t<a href=\"https:\/\/tabaccomd.com\/ro\/catalog\/\" title=\"Catalog\">Catalog<\/a>\n<\/span><span class=\"aioseo-breadcrumb-separator\">\u00bb<\/span><span class=\"aioseo-breadcrumb\">\n\t<a href=\"https:\/\/tabaccomd.com\/ro\/product-category\/accesorii\/\" title=\"Accesorii\">Accesorii<\/a>\n<\/span><span class=\"aioseo-breadcrumb-separator\">\u00bb<\/span><span class=\"aioseo-breadcrumb\">\n\t<a href=\"https:\/\/tabaccomd.com\/ro\/product-category\/accesorii\/bratari\/\" title=\"Br\u0103\u021b\u0103ri\">Br\u0103\u021b\u0103ri<\/a>\n<\/span><span class=\"aioseo-breadcrumb-separator\">\u00bb<\/span><span class=\"aioseo-breadcrumb\">\n\tBr\u0103\u021bar\u0103 din piele Braided XQNI BR63\n<\/span><\/div>","aioseo_breadcrumb_json":[{"label":"\u0413\u043b\u0430\u0432\u043d\u0430\u044f","link":"https:\/\/tabaccomd.com\/ro\/"},{"label":"Catalog","link":"https:\/\/tabaccomd.com\/ro\/catalog\/"},{"label":"Accesorii","link":"https:\/\/tabaccomd.com\/ro\/product-category\/accesorii\/"},{"label":"Br\u0103\u021b\u0103ri","link":"https:\/\/tabaccomd.com\/ro\/product-category\/accesorii\/bratari\/"},{"label":"Br\u0103\u021bar\u0103 din piele Braided XQNI BR63","link":"https:\/\/tabaccomd.com\/ro\/product\/bratara-din-piele-braided-xqni-br63\/"}],"images_for_1c":[{"url":"https:\/\/tabaccomd.com\/wp-content\/uploads\/2025\/07\/bratara-Braided-XQNI-BR63-0.JPG","type":"featured","alt":"bratara-Braided-XQNI-BR63-0","filename":"bratara-Braided-XQNI-BR63-0.JPG"},{"url":"https:\/\/tabaccomd.com\/wp-content\/uploads\/2025\/07\/bratara-Braided-XQNI-BR63-1.JPG","type":"gallery","alt":"bratara-Braided-XQNI-BR63-1","filename":"bratara-Braided-XQNI-BR63-1.JPG"},{"url":"https:\/\/tabaccomd.com\/wp-content\/uploads\/2025\/07\/bratara-Braided-XQNI-BR63.JPG","type":"gallery","alt":"bratara-Braided-XQNI-BR63","filename":"bratara-Braided-XQNI-BR63.JPG"},{"url":"https:\/\/tabaccomd.com\/wp-content\/uploads\/2025\/07\/bratara-Braided-XQNI-BR63-2.JPG","type":"gallery","alt":"bratara-Braided-XQNI-BR63-2","filename":"bratara-Braided-XQNI-BR63-2.JPG"}],"additional_data_1c":{"modified_date":"2025-07-30 11:10:27","permalink":"https:\/\/tabaccomd.com\/ro\/product\/bratara-din-piele-braided-xqni-br63\/","stock_status":"outofstock","manage_stock":"no"},"_links":{"self":[{"href":"https:\/\/tabaccomd.com\/ro\/wp-json\/wp\/v2\/product\/153411","targetHints":{"allow":["GET"]}}],"collection":[{"href":"https:\/\/tabaccomd.com\/ro\/wp-json\/wp\/v2\/product"}],"about":[{"href":"https:\/\/tabaccomd.com\/ro\/wp-json\/wp\/v2\/types\/product"}],"wp:featuredmedia":[{"embeddable":true,"href":"https:\/\/tabaccomd.com\/ro\/wp-json\/wp\/v2\/media\/153403"}],"wp:attachment":[{"href":"https:\/\/tabaccomd.com\/ro\/wp-json\/wp\/v2\/media?parent=153411"}],"wp:term":[{"taxonomy":"product_brand","embeddable":true,"href":"https:\/\/tabaccomd.com\/ro\/wp-json\/wp\/v2\/product_brand?post=153411"},{"taxonomy":"product_cat","embeddable":true,"href":"https:\/\/tabaccomd.com\/ro\/wp-json\/wp\/v2\/product_cat?post=153411"},{"taxonomy":"product_tag","embeddable":true,"href":"https:\/\/tabaccomd.com\/ro\/wp-json\/wp\/v2\/product_tag?post=153411"}],"curies":[{"name":"wp","href":"https:\/\/api.w.org\/{rel}","templated":true}]}}