{"id":153318,"date":"2025-07-25T13:10:28","date_gmt":"2025-07-25T10:10:28","guid":{"rendered":"https:\/\/tabaccomd.com\/product\/bratara-din-piele-viking-xqni-br57\/"},"modified":"2025-07-31T09:41:51","modified_gmt":"2025-07-31T06:41:51","slug":"bratara-din-piele-viking-xqni-br57","status":"publish","type":"product","link":"https:\/\/tabaccomd.com\/ro\/product\/bratara-din-piele-viking-xqni-br57\/","title":{"rendered":"Br\u0103\u021bar\u0103 din piele Viking XQNI BR57"},"content":{"rendered":"<p><a href=\"https:\/\/tabaccomd.com\/ro\/product-category\/accesorii\/bratari\/\">Br\u0103\u021bara <\/a>din piele Viking de la brandul XQNI este un accesoriu puternic, cu personalitate, inspirat de spiritul ne\u00eenfricat al vikingilor. Creat\u0103 pentru cei care apreciaz\u0103 for\u021ba, libertatea \u0219i individualitatea. Realizat\u0103 din piele natural\u0103 \u0219i completat\u0103 cu inser\u021bii din o\u021bel inoxidabil de calitate premium, br\u0103\u021bara nu este doar durabil\u0103, ci \u0219i extrem de stilat\u0103. \u00cenchiderea metalic\u0103 reglabil\u0103 asigur\u0103 o fixare confortabil\u0103 \u0219i sigur\u0103 pe \u00eencheietur\u0103. Cu o lungime de 21 cm, este alegerea perfect\u0103 pentru \u00eencheietura masculin\u0103. Designul sobru, dar expresiv, eviden\u021biaz\u0103 masculinitatea \u0219i \u00eencrederea \u00een sine. Viking nu este doar un simplu accesoriu. Este un simbol al for\u021bei interioare, al rezisten\u021bei \u0219i al dorin\u021bei de a-\u021bi urma propriul drum.       <\/p>\n<p>Pute\u021bi achizi\u021biona br\u0103\u021bara din piele Viking XQNI BR57 \u00een Moldova, Chi\u0219in\u0103u, \u00een re\u021beaua de magazine Tabacco House.<\/p>\n","protected":false},"excerpt":{"rendered":"<ul class=\"product-fields\">\n<li>Produc\u0103tor: XQNI<\/li>\n<li>Material: Piele natural\u0103, o\u021bel inoxidabil premium<\/li>\n<li>Lungime: 21 cm<\/li>\n<li>Tip de \u00eenchidere: Metal, reglabil\u0103<\/li>\n<\/ul>\n","protected":false},"featured_media":153322,"template":"","meta":{"om_disable_all_campaigns":false,"_monsterinsights_skip_tracking":false,"_monsterinsights_sitenote_active":false,"_monsterinsights_sitenote_note":"","_monsterinsights_sitenote_category":0},"product_brand":[],"product_cat":[459],"product_tag":[],"class_list":{"0":"post-153318","1":"product","2":"type-product","3":"status-publish","4":"has-post-thumbnail","6":"product_cat-bratari","8":"first","9":"outofstock","10":"purchasable","11":"product-type-simple"},"aioseo_notices":[],"aioseo_head":"\n\t\t<!-- All in One SEO Pro 4.9.5.2 - aioseo.com -->\n\t<meta name=\"robots\" content=\"max-image-preview:large\" \/>\n\t<link rel=\"canonical\" href=\"https:\/\/tabaccomd.com\/ro\/product\/bratara-din-piele-viking-xqni-br57\/\" \/>\n\t<meta name=\"generator\" content=\"All in One SEO Pro (AIOSEO) 4.9.5.2\" \/>\n\t\t<meta property=\"og:locale\" content=\"ro_RO\" \/>\n\t\t<meta property=\"og:site_name\" content=\"Tabacco House \u2013 \u041c\u0430\u0433\u0430\u0437\u0438\u043d \u0442\u0430\u0431\u0430\u0447\u043d\u044b\u0445 \u0438\u0437\u0434\u0435\u043b\u0438\u0439\" \/>\n\t\t<meta property=\"og:type\" content=\"article\" \/>\n\t\t<meta property=\"og:title\" content=\"Br\u0103\u021bar\u0103 din piele Viking XQNI BR57 \u2013 Tabacco House\" \/>\n\t\t<meta property=\"og:url\" content=\"https:\/\/tabaccomd.com\/ro\/product\/bratara-din-piele-viking-xqni-br57\/\" \/>\n\t\t<meta property=\"article:published_time\" content=\"2025-07-25T10:10:28+00:00\" \/>\n\t\t<meta property=\"article:modified_time\" content=\"2025-07-31T06:41:51+00:00\" \/>\n\t\t<meta property=\"article:publisher\" content=\"https:\/\/www.facebook.com\/tabaccomd.com\/\" \/>\n\t\t<meta name=\"twitter:card\" content=\"summary_large_image\" \/>\n\t\t<meta name=\"twitter:title\" content=\"Br\u0103\u021bar\u0103 din piele Viking XQNI BR57 \u2013 Tabacco House\" \/>\n\t\t<script type=\"application\/ld+json\" class=\"aioseo-schema\">\n\t\t\t{\"@context\":\"https:\\\/\\\/schema.org\",\"@graph\":[{\"@type\":\"BreadcrumbList\",\"@id\":\"https:\\\/\\\/tabaccomd.com\\\/ro\\\/product\\\/bratara-din-piele-viking-xqni-br57\\\/#breadcrumblist\",\"itemListElement\":[{\"@type\":\"ListItem\",\"@id\":\"https:\\\/\\\/tabaccomd.com\\\/ro\\\/#listItem\",\"position\":1,\"name\":\"\\u0413\\u043b\\u0430\\u0432\\u043d\\u0430\\u044f\",\"item\":\"https:\\\/\\\/tabaccomd.com\\\/ro\\\/\",\"nextItem\":{\"@type\":\"ListItem\",\"@id\":\"https:\\\/\\\/tabaccomd.com\\\/ro\\\/catalog\\\/#listItem\",\"name\":\"Catalog\"}},{\"@type\":\"ListItem\",\"@id\":\"https:\\\/\\\/tabaccomd.com\\\/ro\\\/catalog\\\/#listItem\",\"position\":2,\"name\":\"Catalog\",\"item\":\"https:\\\/\\\/tabaccomd.com\\\/ro\\\/catalog\\\/\",\"nextItem\":{\"@type\":\"ListItem\",\"@id\":\"https:\\\/\\\/tabaccomd.com\\\/ro\\\/product-category\\\/accesorii\\\/#listItem\",\"name\":\"Accesorii\"},\"previousItem\":{\"@type\":\"ListItem\",\"@id\":\"https:\\\/\\\/tabaccomd.com\\\/ro\\\/#listItem\",\"name\":\"\\u0413\\u043b\\u0430\\u0432\\u043d\\u0430\\u044f\"}},{\"@type\":\"ListItem\",\"@id\":\"https:\\\/\\\/tabaccomd.com\\\/ro\\\/product-category\\\/accesorii\\\/#listItem\",\"position\":3,\"name\":\"Accesorii\",\"item\":\"https:\\\/\\\/tabaccomd.com\\\/ro\\\/product-category\\\/accesorii\\\/\",\"nextItem\":{\"@type\":\"ListItem\",\"@id\":\"https:\\\/\\\/tabaccomd.com\\\/ro\\\/product-category\\\/accesorii\\\/bratari\\\/#listItem\",\"name\":\"Br\\u0103\\u021b\\u0103ri\"},\"previousItem\":{\"@type\":\"ListItem\",\"@id\":\"https:\\\/\\\/tabaccomd.com\\\/ro\\\/catalog\\\/#listItem\",\"name\":\"Catalog\"}},{\"@type\":\"ListItem\",\"@id\":\"https:\\\/\\\/tabaccomd.com\\\/ro\\\/product-category\\\/accesorii\\\/bratari\\\/#listItem\",\"position\":4,\"name\":\"Br\\u0103\\u021b\\u0103ri\",\"item\":\"https:\\\/\\\/tabaccomd.com\\\/ro\\\/product-category\\\/accesorii\\\/bratari\\\/\",\"nextItem\":{\"@type\":\"ListItem\",\"@id\":\"https:\\\/\\\/tabaccomd.com\\\/ro\\\/product\\\/bratara-din-piele-viking-xqni-br57\\\/#listItem\",\"name\":\"Br\\u0103\\u021bar\\u0103 din piele Viking XQNI BR57\"},\"previousItem\":{\"@type\":\"ListItem\",\"@id\":\"https:\\\/\\\/tabaccomd.com\\\/ro\\\/product-category\\\/accesorii\\\/#listItem\",\"name\":\"Accesorii\"}},{\"@type\":\"ListItem\",\"@id\":\"https:\\\/\\\/tabaccomd.com\\\/ro\\\/product\\\/bratara-din-piele-viking-xqni-br57\\\/#listItem\",\"position\":5,\"name\":\"Br\\u0103\\u021bar\\u0103 din piele Viking XQNI BR57\",\"previousItem\":{\"@type\":\"ListItem\",\"@id\":\"https:\\\/\\\/tabaccomd.com\\\/ro\\\/product-category\\\/accesorii\\\/bratari\\\/#listItem\",\"name\":\"Br\\u0103\\u021b\\u0103ri\"}}]},{\"@type\":\"Organization\",\"@id\":\"https:\\\/\\\/tabaccomd.com\\\/ro\\\/#organization\",\"name\":\"Tabacco House\",\"description\":\"\\u041c\\u0430\\u0433\\u0430\\u0437\\u0438\\u043d \\u0442\\u0430\\u0431\\u0430\\u0447\\u043d\\u044b\\u0445 \\u0438\\u0437\\u0434\\u0435\\u043b\\u0438\\u0439\",\"url\":\"https:\\\/\\\/tabaccomd.com\\\/ro\\\/\",\"email\":\"Office@cazacuhouse.com\",\"telephone\":\"+37361000935\",\"logo\":{\"@type\":\"ImageObject\",\"url\":\"https:\\\/\\\/tabaccomd.com\\\/wp-content\\\/uploads\\\/2024\\\/02\\\/logo_header3.png\",\"@id\":\"https:\\\/\\\/tabaccomd.com\\\/ro\\\/product\\\/bratara-din-piele-viking-xqni-br57\\\/#organizationLogo\",\"width\":32,\"height\":32,\"caption\":\"Tabacco House\"},\"image\":{\"@id\":\"https:\\\/\\\/tabaccomd.com\\\/ro\\\/product\\\/bratara-din-piele-viking-xqni-br57\\\/#organizationLogo\"},\"sameAs\":[\"https:\\\/\\\/www.facebook.com\\\/tabaccomd.com\\\/\",\"https:\\\/\\\/www.instagram.com\\\/tabaccomd.com\\\/\"],\"address\":{\"@id\":\"https:\\\/\\\/tabaccomd.com\\\/ro\\\/#postaladdress\",\"@type\":\"PostalAddress\",\"streetAddress\":\"Strada Albi\\u015foara 4, Chi\\u0219in\\u0103u, Bulevardul \\u0218tefan cel Mare \\u0219i Sf\\u00eent 136, Chi\\u0219in\\u0103u\",\"addressLocality\":\"Chi\\u0219in\\u0103u\",\"addressCountry\":\"MD\"}},{\"@type\":\"Product\",\"@id\":\"https:\\\/\\\/tabaccomd.com\\\/ro\\\/product\\\/bratara-din-piele-viking-xqni-br57\\\/#wooCommerceProduct\",\"name\":\"Br\\u0103\\u021bar\\u0103 din piele Viking XQNI BR57\",\"description\":\"Produc\\u0103tor: XQNI\\n \\tMaterial: Piele natural\\u0103, o\\u021bel inoxidabil premium\\n \\tLungime: 21 cm\\n \\tTip de \\u00eenchidere: Metal, reglabil\\u0103\",\"url\":\"https:\\\/\\\/tabaccomd.com\\\/ro\\\/product\\\/bratara-din-piele-viking-xqni-br57\\\/\",\"sku\":\"BR57\",\"image\":{\"@type\":\"ImageObject\",\"url\":\"https:\\\/\\\/tabaccomd.com\\\/wp-content\\\/uploads\\\/2025\\\/07\\\/bratara-viking-XQNI-BR57-4.JPG\",\"@id\":\"https:\\\/\\\/tabaccomd.com\\\/ro\\\/product\\\/bratara-din-piele-viking-xqni-br57\\\/#productImage\",\"width\":1200,\"height\":1200},\"offers\":{\"@type\":\"Offer\",\"url\":\"https:\\\/\\\/tabaccomd.com\\\/ro\\\/product\\\/bratara-din-piele-viking-xqni-br57\\\/#wooCommerceOffer\",\"price\":400,\"priceCurrency\":\"MDL\",\"category\":\"Br\\u0103\\u021b\\u0103ri\",\"availability\":\"https:\\\/\\\/schema.org\\\/OutOfStock\",\"priceSpecification\":{\"@type\":\"PriceSpecification\",\"price\":400,\"priceCurrency\":\"MDL\",\"valueAddedTaxIncluded\":\"true\"},\"seller\":{\"@type\":\"Organization\",\"@id\":\"https:\\\/\\\/tabaccomd.com\\\/ro\\\/#organization\"}}},{\"@type\":\"WebPage\",\"@id\":\"https:\\\/\\\/tabaccomd.com\\\/ro\\\/product\\\/bratara-din-piele-viking-xqni-br57\\\/#webpage\",\"url\":\"https:\\\/\\\/tabaccomd.com\\\/ro\\\/product\\\/bratara-din-piele-viking-xqni-br57\\\/\",\"name\":\"Br\\u0103\\u021bar\\u0103 din piele Viking XQNI BR57 \\u2013 Tabacco House\",\"inLanguage\":\"ro-RO\",\"isPartOf\":{\"@id\":\"https:\\\/\\\/tabaccomd.com\\\/ro\\\/#website\"},\"breadcrumb\":{\"@id\":\"https:\\\/\\\/tabaccomd.com\\\/ro\\\/product\\\/bratara-din-piele-viking-xqni-br57\\\/#breadcrumblist\"},\"image\":{\"@type\":\"ImageObject\",\"url\":\"https:\\\/\\\/tabaccomd.com\\\/wp-content\\\/uploads\\\/2025\\\/07\\\/bratara-viking-XQNI-BR57-4.JPG\",\"@id\":\"https:\\\/\\\/tabaccomd.com\\\/ro\\\/product\\\/bratara-din-piele-viking-xqni-br57\\\/#mainImage\",\"width\":1200,\"height\":1200},\"primaryImageOfPage\":{\"@id\":\"https:\\\/\\\/tabaccomd.com\\\/ro\\\/product\\\/bratara-din-piele-viking-xqni-br57\\\/#mainImage\"},\"datePublished\":\"2025-07-25T13:10:28+03:00\",\"dateModified\":\"2025-07-31T09:41:51+03:00\"},{\"@type\":\"WebSite\",\"@id\":\"https:\\\/\\\/tabaccomd.com\\\/ro\\\/#website\",\"url\":\"https:\\\/\\\/tabaccomd.com\\\/ro\\\/\",\"name\":\"Tabacco House\",\"alternateName\":\"tobaccomd.com\",\"description\":\"\\u041c\\u0430\\u0433\\u0430\\u0437\\u0438\\u043d \\u0442\\u0430\\u0431\\u0430\\u0447\\u043d\\u044b\\u0445 \\u0438\\u0437\\u0434\\u0435\\u043b\\u0438\\u0439\",\"inLanguage\":\"ro-RO\",\"publisher\":{\"@id\":\"https:\\\/\\\/tabaccomd.com\\\/ro\\\/#organization\"}}]}\n\t\t<\/script>\n\t\t<!-- All in One SEO Pro -->\r\n\t\t<title>Br\u0103\u021bar\u0103 din piele Viking XQNI BR57 \u2013 Tabacco House<\/title>\n\n","aioseo_head_json":{"title":"Br\u0103\u021bar\u0103 din piele Viking XQNI BR57 \u2013 Tabacco House","description":"","canonical_url":"https:\/\/tabaccomd.com\/ro\/product\/bratara-din-piele-viking-xqni-br57\/","robots":"max-image-preview:large","keywords":"","webmasterTools":{"miscellaneous":""},"schema":{"@context":"https:\/\/schema.org","@graph":[{"@type":"BreadcrumbList","@id":"https:\/\/tabaccomd.com\/ro\/product\/bratara-din-piele-viking-xqni-br57\/#breadcrumblist","itemListElement":[{"@type":"ListItem","@id":"https:\/\/tabaccomd.com\/ro\/#listItem","position":1,"name":"\u0413\u043b\u0430\u0432\u043d\u0430\u044f","item":"https:\/\/tabaccomd.com\/ro\/","nextItem":{"@type":"ListItem","@id":"https:\/\/tabaccomd.com\/ro\/catalog\/#listItem","name":"Catalog"}},{"@type":"ListItem","@id":"https:\/\/tabaccomd.com\/ro\/catalog\/#listItem","position":2,"name":"Catalog","item":"https:\/\/tabaccomd.com\/ro\/catalog\/","nextItem":{"@type":"ListItem","@id":"https:\/\/tabaccomd.com\/ro\/product-category\/accesorii\/#listItem","name":"Accesorii"},"previousItem":{"@type":"ListItem","@id":"https:\/\/tabaccomd.com\/ro\/#listItem","name":"\u0413\u043b\u0430\u0432\u043d\u0430\u044f"}},{"@type":"ListItem","@id":"https:\/\/tabaccomd.com\/ro\/product-category\/accesorii\/#listItem","position":3,"name":"Accesorii","item":"https:\/\/tabaccomd.com\/ro\/product-category\/accesorii\/","nextItem":{"@type":"ListItem","@id":"https:\/\/tabaccomd.com\/ro\/product-category\/accesorii\/bratari\/#listItem","name":"Br\u0103\u021b\u0103ri"},"previousItem":{"@type":"ListItem","@id":"https:\/\/tabaccomd.com\/ro\/catalog\/#listItem","name":"Catalog"}},{"@type":"ListItem","@id":"https:\/\/tabaccomd.com\/ro\/product-category\/accesorii\/bratari\/#listItem","position":4,"name":"Br\u0103\u021b\u0103ri","item":"https:\/\/tabaccomd.com\/ro\/product-category\/accesorii\/bratari\/","nextItem":{"@type":"ListItem","@id":"https:\/\/tabaccomd.com\/ro\/product\/bratara-din-piele-viking-xqni-br57\/#listItem","name":"Br\u0103\u021bar\u0103 din piele Viking XQNI BR57"},"previousItem":{"@type":"ListItem","@id":"https:\/\/tabaccomd.com\/ro\/product-category\/accesorii\/#listItem","name":"Accesorii"}},{"@type":"ListItem","@id":"https:\/\/tabaccomd.com\/ro\/product\/bratara-din-piele-viking-xqni-br57\/#listItem","position":5,"name":"Br\u0103\u021bar\u0103 din piele Viking XQNI BR57","previousItem":{"@type":"ListItem","@id":"https:\/\/tabaccomd.com\/ro\/product-category\/accesorii\/bratari\/#listItem","name":"Br\u0103\u021b\u0103ri"}}]},{"@type":"Organization","@id":"https:\/\/tabaccomd.com\/ro\/#organization","name":"Tabacco House","description":"\u041c\u0430\u0433\u0430\u0437\u0438\u043d \u0442\u0430\u0431\u0430\u0447\u043d\u044b\u0445 \u0438\u0437\u0434\u0435\u043b\u0438\u0439","url":"https:\/\/tabaccomd.com\/ro\/","email":"Office@cazacuhouse.com","telephone":"+37361000935","logo":{"@type":"ImageObject","url":"https:\/\/tabaccomd.com\/wp-content\/uploads\/2024\/02\/logo_header3.png","@id":"https:\/\/tabaccomd.com\/ro\/product\/bratara-din-piele-viking-xqni-br57\/#organizationLogo","width":32,"height":32,"caption":"Tabacco House"},"image":{"@id":"https:\/\/tabaccomd.com\/ro\/product\/bratara-din-piele-viking-xqni-br57\/#organizationLogo"},"sameAs":["https:\/\/www.facebook.com\/tabaccomd.com\/","https:\/\/www.instagram.com\/tabaccomd.com\/"],"address":{"@id":"https:\/\/tabaccomd.com\/ro\/#postaladdress","@type":"PostalAddress","streetAddress":"Strada Albi\u015foara 4, Chi\u0219in\u0103u, Bulevardul \u0218tefan cel Mare \u0219i Sf\u00eent 136, Chi\u0219in\u0103u","addressLocality":"Chi\u0219in\u0103u","addressCountry":"MD"}},{"@type":"Product","@id":"https:\/\/tabaccomd.com\/ro\/product\/bratara-din-piele-viking-xqni-br57\/#wooCommerceProduct","name":"Br\u0103\u021bar\u0103 din piele Viking XQNI BR57","description":"Produc\u0103tor: XQNI\n \tMaterial: Piele natural\u0103, o\u021bel inoxidabil premium\n \tLungime: 21 cm\n \tTip de \u00eenchidere: Metal, reglabil\u0103","url":"https:\/\/tabaccomd.com\/ro\/product\/bratara-din-piele-viking-xqni-br57\/","sku":"BR57","image":{"@type":"ImageObject","url":"https:\/\/tabaccomd.com\/wp-content\/uploads\/2025\/07\/bratara-viking-XQNI-BR57-4.JPG","@id":"https:\/\/tabaccomd.com\/ro\/product\/bratara-din-piele-viking-xqni-br57\/#productImage","width":1200,"height":1200},"offers":{"@type":"Offer","url":"https:\/\/tabaccomd.com\/ro\/product\/bratara-din-piele-viking-xqni-br57\/#wooCommerceOffer","price":400,"priceCurrency":"MDL","category":"Br\u0103\u021b\u0103ri","availability":"https:\/\/schema.org\/OutOfStock","priceSpecification":{"@type":"PriceSpecification","price":400,"priceCurrency":"MDL","valueAddedTaxIncluded":"true"},"seller":{"@type":"Organization","@id":"https:\/\/tabaccomd.com\/ro\/#organization"}}},{"@type":"WebPage","@id":"https:\/\/tabaccomd.com\/ro\/product\/bratara-din-piele-viking-xqni-br57\/#webpage","url":"https:\/\/tabaccomd.com\/ro\/product\/bratara-din-piele-viking-xqni-br57\/","name":"Br\u0103\u021bar\u0103 din piele Viking XQNI BR57 \u2013 Tabacco House","inLanguage":"ro-RO","isPartOf":{"@id":"https:\/\/tabaccomd.com\/ro\/#website"},"breadcrumb":{"@id":"https:\/\/tabaccomd.com\/ro\/product\/bratara-din-piele-viking-xqni-br57\/#breadcrumblist"},"image":{"@type":"ImageObject","url":"https:\/\/tabaccomd.com\/wp-content\/uploads\/2025\/07\/bratara-viking-XQNI-BR57-4.JPG","@id":"https:\/\/tabaccomd.com\/ro\/product\/bratara-din-piele-viking-xqni-br57\/#mainImage","width":1200,"height":1200},"primaryImageOfPage":{"@id":"https:\/\/tabaccomd.com\/ro\/product\/bratara-din-piele-viking-xqni-br57\/#mainImage"},"datePublished":"2025-07-25T13:10:28+03:00","dateModified":"2025-07-31T09:41:51+03:00"},{"@type":"WebSite","@id":"https:\/\/tabaccomd.com\/ro\/#website","url":"https:\/\/tabaccomd.com\/ro\/","name":"Tabacco House","alternateName":"tobaccomd.com","description":"\u041c\u0430\u0433\u0430\u0437\u0438\u043d \u0442\u0430\u0431\u0430\u0447\u043d\u044b\u0445 \u0438\u0437\u0434\u0435\u043b\u0438\u0439","inLanguage":"ro-RO","publisher":{"@id":"https:\/\/tabaccomd.com\/ro\/#organization"}}]},"og:locale":"ro_RO","og:site_name":"Tabacco House \u2013 \u041c\u0430\u0433\u0430\u0437\u0438\u043d \u0442\u0430\u0431\u0430\u0447\u043d\u044b\u0445 \u0438\u0437\u0434\u0435\u043b\u0438\u0439","og:type":"article","og:title":"Br\u0103\u021bar\u0103 din piele Viking XQNI BR57 \u2013 Tabacco House","og:url":"https:\/\/tabaccomd.com\/ro\/product\/bratara-din-piele-viking-xqni-br57\/","article:published_time":"2025-07-25T10:10:28+00:00","article:modified_time":"2025-07-31T06:41:51+00:00","article:publisher":"https:\/\/www.facebook.com\/tabaccomd.com\/","twitter:card":"summary_large_image","twitter:title":"Br\u0103\u021bar\u0103 din piele Viking XQNI BR57 \u2013 Tabacco House"},"aioseo_meta_data":{"post_id":"153318","title":null,"description":null,"keywords":null,"keyphrases":{"focus":{"keyphrase":"","score":0,"analysis":{"keyphraseInTitle":{"score":0,"maxScore":9,"error":1}}},"additional":[]},"primary_term":null,"canonical_url":null,"og_title":null,"og_description":null,"og_object_type":"default","og_image_type":"default","og_image_url":null,"og_image_width":null,"og_image_height":null,"og_image_custom_url":null,"og_image_custom_fields":null,"og_video":"","og_custom_url":null,"og_article_section":null,"og_article_tags":null,"twitter_use_og":false,"twitter_card":"default","twitter_image_type":"default","twitter_image_url":null,"twitter_image_custom_url":null,"twitter_image_custom_fields":null,"twitter_title":null,"twitter_description":null,"schema":{"blockGraphs":[],"customGraphs":[],"default":{"data":{"Article":[],"Course":[],"Dataset":[],"FAQPage":[],"Movie":[],"Person":[],"Product":[],"ProductReview":[],"Car":[],"Recipe":[],"Service":[],"SoftwareApplication":[],"WebPage":[]},"graphName":"Product","isEnabled":true},"graphs":[]},"schema_type":"default","schema_type_options":null,"pillar_content":false,"robots_default":true,"robots_noindex":false,"robots_noarchive":false,"robots_nosnippet":false,"robots_nofollow":false,"robots_noimageindex":false,"robots_noodp":false,"robots_notranslate":false,"robots_max_snippet":"-1","robots_max_videopreview":"-1","robots_max_imagepreview":"large","priority":null,"frequency":"default","local_seo":null,"seo_analyzer_scan_date":"2025-10-20 22:05:01","breadcrumb_settings":null,"limit_modified_date":false,"reviewed_by":"0","open_ai":null,"ai":{"faqs":[],"keyPoints":[],"titles":[],"descriptions":[],"socialPosts":{"email":[],"linkedin":[],"twitter":[],"facebook":[],"instagram":[]}},"created":"2025-07-30 14:03:03","updated":"2025-10-20 22:05:01"},"aioseo_breadcrumb":"<div class=\"aioseo-breadcrumbs\"><span class=\"aioseo-breadcrumb\">\n\t<a href=\"https:\/\/tabaccomd.com\/ro\/\" title=\"\u0413\u043b\u0430\u0432\u043d\u0430\u044f\">\u0413\u043b\u0430\u0432\u043d\u0430\u044f<\/a>\n<\/span><span class=\"aioseo-breadcrumb-separator\">\u00bb<\/span><span class=\"aioseo-breadcrumb\">\n\t<a href=\"https:\/\/tabaccomd.com\/ro\/catalog\/\" title=\"Catalog\">Catalog<\/a>\n<\/span><span class=\"aioseo-breadcrumb-separator\">\u00bb<\/span><span class=\"aioseo-breadcrumb\">\n\t<a href=\"https:\/\/tabaccomd.com\/ro\/product-category\/accesorii\/\" title=\"Accesorii\">Accesorii<\/a>\n<\/span><span class=\"aioseo-breadcrumb-separator\">\u00bb<\/span><span class=\"aioseo-breadcrumb\">\n\t<a href=\"https:\/\/tabaccomd.com\/ro\/product-category\/accesorii\/bratari\/\" title=\"Br\u0103\u021b\u0103ri\">Br\u0103\u021b\u0103ri<\/a>\n<\/span><span class=\"aioseo-breadcrumb-separator\">\u00bb<\/span><span class=\"aioseo-breadcrumb\">\n\tBr\u0103\u021bar\u0103 din piele Viking XQNI BR57\n<\/span><\/div>","aioseo_breadcrumb_json":[{"label":"\u0413\u043b\u0430\u0432\u043d\u0430\u044f","link":"https:\/\/tabaccomd.com\/ro\/"},{"label":"Catalog","link":"https:\/\/tabaccomd.com\/ro\/catalog\/"},{"label":"Accesorii","link":"https:\/\/tabaccomd.com\/ro\/product-category\/accesorii\/"},{"label":"Br\u0103\u021b\u0103ri","link":"https:\/\/tabaccomd.com\/ro\/product-category\/accesorii\/bratari\/"},{"label":"Br\u0103\u021bar\u0103 din piele Viking XQNI BR57","link":"https:\/\/tabaccomd.com\/ro\/product\/bratara-din-piele-viking-xqni-br57\/"}],"images_for_1c":[{"url":"https:\/\/tabaccomd.com\/wp-content\/uploads\/2025\/07\/bratara-viking-XQNI-BR57-4.JPG","type":"featured","alt":"bratara-viking-XQNI-BR57-4","filename":"bratara-viking-XQNI-BR57-4.JPG"},{"url":"https:\/\/tabaccomd.com\/wp-content\/uploads\/2025\/07\/bratara-viking-XQNI-BR57-0.JPG","type":"gallery","alt":"bratara-viking-XQNI-BR57-0","filename":"bratara-viking-XQNI-BR57-0.JPG"},{"url":"https:\/\/tabaccomd.com\/wp-content\/uploads\/2025\/07\/bratara-viking-XQNI-BR57.JPG","type":"gallery","alt":"bratara-viking-XQNI-BR57","filename":"bratara-viking-XQNI-BR57.JPG"},{"url":"https:\/\/tabaccomd.com\/wp-content\/uploads\/2025\/07\/bratara-viking-XQNI-BR57-2.JPG","type":"gallery","alt":"bratara-viking-XQNI-BR57-2","filename":"bratara-viking-XQNI-BR57-2.JPG"},{"url":"https:\/\/tabaccomd.com\/wp-content\/uploads\/2025\/07\/bratara-viking-XQNI-BR57-1.JPG","type":"gallery","alt":"bratara-viking-XQNI-BR57-1","filename":"bratara-viking-XQNI-BR57-1.JPG"}],"additional_data_1c":{"modified_date":"2025-07-31 09:41:51","permalink":"https:\/\/tabaccomd.com\/ro\/product\/bratara-din-piele-viking-xqni-br57\/","stock_status":"outofstock","manage_stock":"no"},"_links":{"self":[{"href":"https:\/\/tabaccomd.com\/ro\/wp-json\/wp\/v2\/product\/153318","targetHints":{"allow":["GET"]}}],"collection":[{"href":"https:\/\/tabaccomd.com\/ro\/wp-json\/wp\/v2\/product"}],"about":[{"href":"https:\/\/tabaccomd.com\/ro\/wp-json\/wp\/v2\/types\/product"}],"wp:featuredmedia":[{"embeddable":true,"href":"https:\/\/tabaccomd.com\/ro\/wp-json\/wp\/v2\/media\/153322"}],"wp:attachment":[{"href":"https:\/\/tabaccomd.com\/ro\/wp-json\/wp\/v2\/media?parent=153318"}],"wp:term":[{"taxonomy":"product_brand","embeddable":true,"href":"https:\/\/tabaccomd.com\/ro\/wp-json\/wp\/v2\/product_brand?post=153318"},{"taxonomy":"product_cat","embeddable":true,"href":"https:\/\/tabaccomd.com\/ro\/wp-json\/wp\/v2\/product_cat?post=153318"},{"taxonomy":"product_tag","embeddable":true,"href":"https:\/\/tabaccomd.com\/ro\/wp-json\/wp\/v2\/product_tag?post=153318"}],"curies":[{"name":"wp","href":"https:\/\/api.w.org\/{rel}","templated":true}]}}