{"id":152923,"date":"2025-07-07T10:30:33","date_gmt":"2025-07-07T07:30:33","guid":{"rendered":"https:\/\/tabaccomd.com\/product\/narghilea-aladin-mvp470-cube-clear-47cm\/"},"modified":"2025-07-07T10:30:33","modified_gmt":"2025-07-07T07:30:33","slug":"narghilea-aladin-mvp470-cube-clear-47cm","status":"publish","type":"product","link":"https:\/\/tabaccomd.com\/ro\/product\/narghilea-aladin-mvp470-cube-clear-47cm\/","title":{"rendered":"Narghilea Aladin MVP470 &#8211; Cube Clear 47cm"},"content":{"rendered":"<p>Aladin MVP 470 \u2014 este o <a href=\"https:\/\/tabaccomd.com\/ro\/product-category\/narghilea-ro\/narghilea-aladin-2\/\">narghilea <\/a>de dimensiune optim\u0103 (47 cm f\u0103r\u0103 creuzet), ideal\u0103 pentru utilizarea zilnic\u0103, stabil\u0103 \u0219i practic\u0103. Are un design elegant \u0219i concis, \u00een form\u0103 de pic\u0103tur\u0103, oferind un tiraj confortabil \u0219i echilibrat la un pre\u021b rezonabil. Aladin MVP 470 este o alegere excelent\u0103 pentru cei care caut\u0103 o narghilea fiabil\u0103, modern\u0103 \u0219i compact\u0103, cu performan\u021be tehnice bune \u0219i un aspect stilat. Potrivit\u0103 at\u00e2t pentru uz casnic, c\u00e2t \u0219i pentru petreceri sau \u00eent\u00e2lniri relaxante \u00een compania prietenilor.   <\/p>\n<p data-start=\"178\" data-end=\"208\"><strong>Caracteristici principale:<\/strong><\/p>\n<ul data-start=\"209\" data-end=\"817\">\n<li data-start=\"209\" data-end=\"309\"><strong data-start=\"211\" data-end=\"222\">\u00cen\u0103l\u021bime:<\/strong> 47 cm (f\u0103r\u0103 creuzet) &#8211; dimensiune optim\u0103<\/li>\n<li data-start=\"310\" data-end=\"408\"><strong data-start=\"312\" data-end=\"323\">Design:<\/strong> Form\u0103 clasic\u0103 de pic\u0103tur\u0103<\/li>\n<li data-start=\"409\" data-end=\"500\"><strong data-start=\"411\" data-end=\"420\">Tragere:<\/strong> U\u0219oar\u0103 \u0219i lin\u0103, cu difuzor reglabil \u0219i deta\u0219abil pentru a personaliza nivelul de zgomot<\/li>\n<li data-start=\"501\" data-end=\"587\"><strong data-start=\"503\" data-end=\"531\">Sistem cu camer\u0103 \u00eenchis\u0103:<\/strong> Permite ca fumul st\u0103tut s\u0103 fie evacuat eficient din vas<\/li>\n<li data-start=\"588\" data-end=\"693\"><strong data-start=\"590\" data-end=\"622\">Conexiuni 18\/8 \u0219lefuite:<\/strong> asamblare fiabil\u0103 \u0219i rapid\u0103, posibilitatea de a instala <strong data-start=\"672\" data-end=\"693\">captatoare de melas\u0103<\/strong><\/li>\n<li data-start=\"694\" data-end=\"817\"><strong data-start=\"696\" data-end=\"714\">Posibilitate de extindere:<\/strong> Un conector de furtun (18\/8) inclus, posibilitatea de a conecta un al doilea conector de furtun (disponibil separat)<\/li>\n<li><strong>Diametrul bilei supapei:<\/strong> 10 mm<\/li>\n<li>Difuzor deta\u0219abil \u0219i reglabil<\/li>\n<li>O\u021bel inoxidabil de \u00eenalt\u0103 calitate V2A<\/li>\n<\/ul>\n<p data-start=\"819\" data-end=\"839\"><strong>Setul con\u021bine:<\/strong><\/p>\n<ul data-start=\"840\" data-end=\"1043\">\n<li data-start=\"840\" data-end=\"898\">Furtun antistatic din silicon cu arc anti-\u00eendoire<\/li>\n<li data-start=\"899\" data-end=\"923\">Mu\u0219tiuc din aluminiu<\/li>\n<li data-start=\"924\" data-end=\"942\">Cle\u0219ti pentru c\u0103rbuni<\/li>\n<li data-start=\"943\" data-end=\"969\">Kaloud Mockingbird<\/li>\n<li data-start=\"970\" data-end=\"1001\">Creuzet Aladin Optimus Eco<\/li>\n<li data-start=\"1002\" data-end=\"1043\">Garnituri \u0219i toate accesoriile necesare<\/li>\n<\/ul>\n<p data-start=\"1248\" data-end=\"1261\"><strong>Important:<\/strong><\/p>\n<p data-start=\"1248\" data-end=\"1261\">Vasul din sticl\u0103 poate con\u021bine mici bule de aer, care nu afecteaz\u0103 func\u021bionalitatea \u0219i nu reprezint\u0103 defect. Fiecare vas este unic, astfel culoarea \u0219i gradientul pot varia fa\u021b\u0103 de imagine. <\/p>\n<p data-start=\"1248\" data-end=\"1261\">Pute\u021bi achizi\u021biona narghileaua Aladin MVP470 &#8211; Cube Clear 47cm \u00een Moldova, Chi\u0219in\u0103u, \u00een re\u021beaua de magazine Tabacco House.<\/p>\n","protected":false},"excerpt":{"rendered":"<ul>\n<li>Produc\u0103tor: Aladin, Germania<\/li>\n<li>\u00cen\u0103l\u021bime: 47 cm<\/li>\n<li>Culoare: Transparent\u0103<\/li>\n<li>Materialul coloanei: O\u021bel inoxidabil, aluminiu<\/li>\n<li>Accesorii incluse: Creuzet, set de furtunuri, cle\u0219te, difuzor deta\u0219abil<\/li>\n<li>Sistem de \u00eenchidere: Capac cu \u0219urub<\/li>\n<\/ul>\n","protected":false},"featured_media":152912,"template":"","meta":{"om_disable_all_campaigns":false,"_monsterinsights_skip_tracking":false,"_monsterinsights_sitenote_active":false,"_monsterinsights_sitenote_note":"","_monsterinsights_sitenote_category":0},"product_brand":[],"product_cat":[207],"product_tag":[],"class_list":{"0":"post-152923","1":"product","2":"type-product","3":"status-publish","4":"has-post-thumbnail","6":"product_cat-narghilea-aladin-2","8":"first","9":"instock","10":"purchasable","11":"product-type-simple"},"aioseo_notices":[],"aioseo_head":"\n\t\t<!-- All in One SEO Pro 4.9.6.2 - aioseo.com -->\n\t<meta name=\"robots\" content=\"max-image-preview:large\" \/>\n\t<link rel=\"canonical\" href=\"https:\/\/tabaccomd.com\/ro\/product\/narghilea-aladin-mvp470-cube-clear-47cm\/\" \/>\n\t<meta name=\"generator\" content=\"All in One SEO Pro (AIOSEO) 4.9.6.2\" \/>\n\t\t<meta property=\"og:locale\" content=\"ro_RO\" \/>\n\t\t<meta property=\"og:site_name\" content=\"Tabacco House \u2013 \u041c\u0430\u0433\u0430\u0437\u0438\u043d \u0442\u0430\u0431\u0430\u0447\u043d\u044b\u0445 \u0438\u0437\u0434\u0435\u043b\u0438\u0439\" \/>\n\t\t<meta property=\"og:type\" content=\"article\" \/>\n\t\t<meta property=\"og:title\" content=\"Narghilea Aladin MVP470 \u2013 Cube Clear 47cm \u2013 Tabacco House\" \/>\n\t\t<meta property=\"og:url\" content=\"https:\/\/tabaccomd.com\/ro\/product\/narghilea-aladin-mvp470-cube-clear-47cm\/\" \/>\n\t\t<meta property=\"article:published_time\" content=\"2025-07-07T07:30:33+00:00\" \/>\n\t\t<meta property=\"article:modified_time\" content=\"2025-07-07T07:30:33+00:00\" \/>\n\t\t<meta property=\"article:publisher\" content=\"https:\/\/www.facebook.com\/tabaccomd.com\/\" \/>\n\t\t<meta name=\"twitter:card\" content=\"summary_large_image\" \/>\n\t\t<meta name=\"twitter:title\" content=\"Narghilea Aladin MVP470 \u2013 Cube Clear 47cm \u2013 Tabacco House\" \/>\n\t\t<script type=\"application\/ld+json\" class=\"aioseo-schema\">\n\t\t\t{\"@context\":\"https:\\\/\\\/schema.org\",\"@graph\":[{\"@type\":\"BreadcrumbList\",\"@id\":\"https:\\\/\\\/tabaccomd.com\\\/ro\\\/product\\\/narghilea-aladin-mvp470-cube-clear-47cm\\\/#breadcrumblist\",\"itemListElement\":[{\"@type\":\"ListItem\",\"@id\":\"https:\\\/\\\/tabaccomd.com\\\/ro\\\/#listItem\",\"position\":1,\"name\":\"\\u0413\\u043b\\u0430\\u0432\\u043d\\u0430\\u044f\",\"item\":\"https:\\\/\\\/tabaccomd.com\\\/ro\\\/\",\"nextItem\":{\"@type\":\"ListItem\",\"@id\":\"https:\\\/\\\/tabaccomd.com\\\/ro\\\/catalog\\\/#listItem\",\"name\":\"Catalog\"}},{\"@type\":\"ListItem\",\"@id\":\"https:\\\/\\\/tabaccomd.com\\\/ro\\\/catalog\\\/#listItem\",\"position\":2,\"name\":\"Catalog\",\"item\":\"https:\\\/\\\/tabaccomd.com\\\/ro\\\/catalog\\\/\",\"nextItem\":{\"@type\":\"ListItem\",\"@id\":\"https:\\\/\\\/tabaccomd.com\\\/ro\\\/product-category\\\/narghilea-ro\\\/#listItem\",\"name\":\"Narghilea\"},\"previousItem\":{\"@type\":\"ListItem\",\"@id\":\"https:\\\/\\\/tabaccomd.com\\\/ro\\\/#listItem\",\"name\":\"\\u0413\\u043b\\u0430\\u0432\\u043d\\u0430\\u044f\"}},{\"@type\":\"ListItem\",\"@id\":\"https:\\\/\\\/tabaccomd.com\\\/ro\\\/product-category\\\/narghilea-ro\\\/#listItem\",\"position\":3,\"name\":\"Narghilea\",\"item\":\"https:\\\/\\\/tabaccomd.com\\\/ro\\\/product-category\\\/narghilea-ro\\\/\",\"nextItem\":{\"@type\":\"ListItem\",\"@id\":\"https:\\\/\\\/tabaccomd.com\\\/ro\\\/product-category\\\/narghilea-ro\\\/narghilea-aladin-2\\\/#listItem\",\"name\":\"Narghilea Aladin\"},\"previousItem\":{\"@type\":\"ListItem\",\"@id\":\"https:\\\/\\\/tabaccomd.com\\\/ro\\\/catalog\\\/#listItem\",\"name\":\"Catalog\"}},{\"@type\":\"ListItem\",\"@id\":\"https:\\\/\\\/tabaccomd.com\\\/ro\\\/product-category\\\/narghilea-ro\\\/narghilea-aladin-2\\\/#listItem\",\"position\":4,\"name\":\"Narghilea Aladin\",\"item\":\"https:\\\/\\\/tabaccomd.com\\\/ro\\\/product-category\\\/narghilea-ro\\\/narghilea-aladin-2\\\/\",\"nextItem\":{\"@type\":\"ListItem\",\"@id\":\"https:\\\/\\\/tabaccomd.com\\\/ro\\\/product\\\/narghilea-aladin-mvp470-cube-clear-47cm\\\/#listItem\",\"name\":\"Narghilea Aladin MVP470 &#8211; Cube Clear 47cm\"},\"previousItem\":{\"@type\":\"ListItem\",\"@id\":\"https:\\\/\\\/tabaccomd.com\\\/ro\\\/product-category\\\/narghilea-ro\\\/#listItem\",\"name\":\"Narghilea\"}},{\"@type\":\"ListItem\",\"@id\":\"https:\\\/\\\/tabaccomd.com\\\/ro\\\/product\\\/narghilea-aladin-mvp470-cube-clear-47cm\\\/#listItem\",\"position\":5,\"name\":\"Narghilea Aladin MVP470 &#8211; Cube Clear 47cm\",\"previousItem\":{\"@type\":\"ListItem\",\"@id\":\"https:\\\/\\\/tabaccomd.com\\\/ro\\\/product-category\\\/narghilea-ro\\\/narghilea-aladin-2\\\/#listItem\",\"name\":\"Narghilea Aladin\"}}]},{\"@type\":\"Organization\",\"@id\":\"https:\\\/\\\/tabaccomd.com\\\/ro\\\/#organization\",\"name\":\"Tabacco House\",\"description\":\"\\u041c\\u0430\\u0433\\u0430\\u0437\\u0438\\u043d \\u0442\\u0430\\u0431\\u0430\\u0447\\u043d\\u044b\\u0445 \\u0438\\u0437\\u0434\\u0435\\u043b\\u0438\\u0439\",\"url\":\"https:\\\/\\\/tabaccomd.com\\\/ro\\\/\",\"email\":\"Office@cazacuhouse.com\",\"telephone\":\"+37361000935\",\"logo\":{\"@type\":\"ImageObject\",\"url\":\"https:\\\/\\\/tabaccomd.com\\\/wp-content\\\/uploads\\\/2024\\\/02\\\/logo_header3.png\",\"@id\":\"https:\\\/\\\/tabaccomd.com\\\/ro\\\/product\\\/narghilea-aladin-mvp470-cube-clear-47cm\\\/#organizationLogo\",\"width\":32,\"height\":32,\"caption\":\"Tabacco House\"},\"image\":{\"@id\":\"https:\\\/\\\/tabaccomd.com\\\/ro\\\/product\\\/narghilea-aladin-mvp470-cube-clear-47cm\\\/#organizationLogo\"},\"sameAs\":[\"https:\\\/\\\/www.facebook.com\\\/tabaccomd.com\\\/\",\"https:\\\/\\\/www.instagram.com\\\/tabaccomd.com\\\/\"],\"address\":{\"@id\":\"https:\\\/\\\/tabaccomd.com\\\/ro\\\/#postaladdress\",\"@type\":\"PostalAddress\",\"streetAddress\":\"Strada Albi\\u015foara 4, Chi\\u0219in\\u0103u, Bulevardul \\u0218tefan cel Mare \\u0219i Sf\\u00eent 136, Chi\\u0219in\\u0103u\",\"addressLocality\":\"Chi\\u0219in\\u0103u\",\"addressCountry\":\"MD\"}},{\"@type\":\"Product\",\"@id\":\"https:\\\/\\\/tabaccomd.com\\\/ro\\\/product\\\/narghilea-aladin-mvp470-cube-clear-47cm\\\/#wooCommerceProduct\",\"name\":\"Narghilea Aladin MVP470 - Cube Clear 47cm\",\"description\":\"Produc\\u0103tor: Aladin, Germania\\n \\t\\u00cen\\u0103l\\u021bime: 47 cm\\n \\tCuloare: Transparent\\u0103\\n \\tMaterialul coloanei: O\\u021bel inoxidabil, aluminiu\\n \\tAccesorii incluse: Creuzet, set de furtunuri, cle\\u0219te, difuzor deta\\u0219abil\\n \\tSistem de \\u00eenchidere: Capac cu \\u0219urub\",\"url\":\"https:\\\/\\\/tabaccomd.com\\\/ro\\\/product\\\/narghilea-aladin-mvp470-cube-clear-47cm\\\/\",\"sku\":\"WMVP470cu\",\"image\":{\"@type\":\"ImageObject\",\"url\":\"https:\\\/\\\/tabaccomd.com\\\/wp-content\\\/uploads\\\/2024\\\/09\\\/aladin-shisha-mvp-470-clear-cube-47cm-1.JPG\",\"@id\":\"https:\\\/\\\/tabaccomd.com\\\/ro\\\/product\\\/narghilea-aladin-mvp470-cube-clear-47cm\\\/#productImage\",\"width\":1200,\"height\":1200},\"offers\":{\"@type\":\"Offer\",\"url\":\"https:\\\/\\\/tabaccomd.com\\\/ro\\\/product\\\/narghilea-aladin-mvp470-cube-clear-47cm\\\/#wooCommerceOffer\",\"price\":2450,\"priceCurrency\":\"MDL\",\"category\":\"Narghilea Aladin\",\"availability\":\"https:\\\/\\\/schema.org\\\/InStock\",\"priceSpecification\":{\"@type\":\"PriceSpecification\",\"price\":2450,\"priceCurrency\":\"MDL\",\"valueAddedTaxIncluded\":\"true\"},\"seller\":{\"@type\":\"Organization\",\"@id\":\"https:\\\/\\\/tabaccomd.com\\\/ro\\\/#organization\"}}},{\"@type\":\"WebPage\",\"@id\":\"https:\\\/\\\/tabaccomd.com\\\/ro\\\/product\\\/narghilea-aladin-mvp470-cube-clear-47cm\\\/#webpage\",\"url\":\"https:\\\/\\\/tabaccomd.com\\\/ro\\\/product\\\/narghilea-aladin-mvp470-cube-clear-47cm\\\/\",\"name\":\"Narghilea Aladin MVP470 \\u2013 Cube Clear 47cm \\u2013 Tabacco House\",\"inLanguage\":\"ro-RO\",\"isPartOf\":{\"@id\":\"https:\\\/\\\/tabaccomd.com\\\/ro\\\/#website\"},\"breadcrumb\":{\"@id\":\"https:\\\/\\\/tabaccomd.com\\\/ro\\\/product\\\/narghilea-aladin-mvp470-cube-clear-47cm\\\/#breadcrumblist\"},\"image\":{\"@type\":\"ImageObject\",\"url\":\"https:\\\/\\\/tabaccomd.com\\\/wp-content\\\/uploads\\\/2024\\\/09\\\/aladin-shisha-mvp-470-clear-cube-47cm-1.JPG\",\"@id\":\"https:\\\/\\\/tabaccomd.com\\\/ro\\\/product\\\/narghilea-aladin-mvp470-cube-clear-47cm\\\/#mainImage\",\"width\":1200,\"height\":1200},\"primaryImageOfPage\":{\"@id\":\"https:\\\/\\\/tabaccomd.com\\\/ro\\\/product\\\/narghilea-aladin-mvp470-cube-clear-47cm\\\/#mainImage\"},\"datePublished\":\"2025-07-07T10:30:33+03:00\",\"dateModified\":\"2025-07-07T10:30:33+03:00\"},{\"@type\":\"WebSite\",\"@id\":\"https:\\\/\\\/tabaccomd.com\\\/ro\\\/#website\",\"url\":\"https:\\\/\\\/tabaccomd.com\\\/ro\\\/\",\"name\":\"Tabacco House\",\"alternateName\":\"tobaccomd.com\",\"description\":\"\\u041c\\u0430\\u0433\\u0430\\u0437\\u0438\\u043d \\u0442\\u0430\\u0431\\u0430\\u0447\\u043d\\u044b\\u0445 \\u0438\\u0437\\u0434\\u0435\\u043b\\u0438\\u0439\",\"inLanguage\":\"ro-RO\",\"publisher\":{\"@id\":\"https:\\\/\\\/tabaccomd.com\\\/ro\\\/#organization\"}}]}\n\t\t<\/script>\n\t\t<!-- All in One SEO Pro -->\r\n\t\t<title>Narghilea Aladin MVP470 \u2013 Cube Clear 47cm \u2013 Tabacco House<\/title>\n\n","aioseo_head_json":{"title":"Narghilea Aladin MVP470 \u2013 Cube Clear 47cm \u2013 Tabacco House","description":"","canonical_url":"https:\/\/tabaccomd.com\/ro\/product\/narghilea-aladin-mvp470-cube-clear-47cm\/","robots":"max-image-preview:large","keywords":"","webmasterTools":{"miscellaneous":""},"schema":{"@context":"https:\/\/schema.org","@graph":[{"@type":"BreadcrumbList","@id":"https:\/\/tabaccomd.com\/ro\/product\/narghilea-aladin-mvp470-cube-clear-47cm\/#breadcrumblist","itemListElement":[{"@type":"ListItem","@id":"https:\/\/tabaccomd.com\/ro\/#listItem","position":1,"name":"\u0413\u043b\u0430\u0432\u043d\u0430\u044f","item":"https:\/\/tabaccomd.com\/ro\/","nextItem":{"@type":"ListItem","@id":"https:\/\/tabaccomd.com\/ro\/catalog\/#listItem","name":"Catalog"}},{"@type":"ListItem","@id":"https:\/\/tabaccomd.com\/ro\/catalog\/#listItem","position":2,"name":"Catalog","item":"https:\/\/tabaccomd.com\/ro\/catalog\/","nextItem":{"@type":"ListItem","@id":"https:\/\/tabaccomd.com\/ro\/product-category\/narghilea-ro\/#listItem","name":"Narghilea"},"previousItem":{"@type":"ListItem","@id":"https:\/\/tabaccomd.com\/ro\/#listItem","name":"\u0413\u043b\u0430\u0432\u043d\u0430\u044f"}},{"@type":"ListItem","@id":"https:\/\/tabaccomd.com\/ro\/product-category\/narghilea-ro\/#listItem","position":3,"name":"Narghilea","item":"https:\/\/tabaccomd.com\/ro\/product-category\/narghilea-ro\/","nextItem":{"@type":"ListItem","@id":"https:\/\/tabaccomd.com\/ro\/product-category\/narghilea-ro\/narghilea-aladin-2\/#listItem","name":"Narghilea Aladin"},"previousItem":{"@type":"ListItem","@id":"https:\/\/tabaccomd.com\/ro\/catalog\/#listItem","name":"Catalog"}},{"@type":"ListItem","@id":"https:\/\/tabaccomd.com\/ro\/product-category\/narghilea-ro\/narghilea-aladin-2\/#listItem","position":4,"name":"Narghilea Aladin","item":"https:\/\/tabaccomd.com\/ro\/product-category\/narghilea-ro\/narghilea-aladin-2\/","nextItem":{"@type":"ListItem","@id":"https:\/\/tabaccomd.com\/ro\/product\/narghilea-aladin-mvp470-cube-clear-47cm\/#listItem","name":"Narghilea Aladin MVP470 &#8211; Cube Clear 47cm"},"previousItem":{"@type":"ListItem","@id":"https:\/\/tabaccomd.com\/ro\/product-category\/narghilea-ro\/#listItem","name":"Narghilea"}},{"@type":"ListItem","@id":"https:\/\/tabaccomd.com\/ro\/product\/narghilea-aladin-mvp470-cube-clear-47cm\/#listItem","position":5,"name":"Narghilea Aladin MVP470 &#8211; Cube Clear 47cm","previousItem":{"@type":"ListItem","@id":"https:\/\/tabaccomd.com\/ro\/product-category\/narghilea-ro\/narghilea-aladin-2\/#listItem","name":"Narghilea Aladin"}}]},{"@type":"Organization","@id":"https:\/\/tabaccomd.com\/ro\/#organization","name":"Tabacco House","description":"\u041c\u0430\u0433\u0430\u0437\u0438\u043d \u0442\u0430\u0431\u0430\u0447\u043d\u044b\u0445 \u0438\u0437\u0434\u0435\u043b\u0438\u0439","url":"https:\/\/tabaccomd.com\/ro\/","email":"Office@cazacuhouse.com","telephone":"+37361000935","logo":{"@type":"ImageObject","url":"https:\/\/tabaccomd.com\/wp-content\/uploads\/2024\/02\/logo_header3.png","@id":"https:\/\/tabaccomd.com\/ro\/product\/narghilea-aladin-mvp470-cube-clear-47cm\/#organizationLogo","width":32,"height":32,"caption":"Tabacco House"},"image":{"@id":"https:\/\/tabaccomd.com\/ro\/product\/narghilea-aladin-mvp470-cube-clear-47cm\/#organizationLogo"},"sameAs":["https:\/\/www.facebook.com\/tabaccomd.com\/","https:\/\/www.instagram.com\/tabaccomd.com\/"],"address":{"@id":"https:\/\/tabaccomd.com\/ro\/#postaladdress","@type":"PostalAddress","streetAddress":"Strada Albi\u015foara 4, Chi\u0219in\u0103u, Bulevardul \u0218tefan cel Mare \u0219i Sf\u00eent 136, Chi\u0219in\u0103u","addressLocality":"Chi\u0219in\u0103u","addressCountry":"MD"}},{"@type":"Product","@id":"https:\/\/tabaccomd.com\/ro\/product\/narghilea-aladin-mvp470-cube-clear-47cm\/#wooCommerceProduct","name":"Narghilea Aladin MVP470 - Cube Clear 47cm","description":"Produc\u0103tor: Aladin, Germania\n \t\u00cen\u0103l\u021bime: 47 cm\n \tCuloare: Transparent\u0103\n \tMaterialul coloanei: O\u021bel inoxidabil, aluminiu\n \tAccesorii incluse: Creuzet, set de furtunuri, cle\u0219te, difuzor deta\u0219abil\n \tSistem de \u00eenchidere: Capac cu \u0219urub","url":"https:\/\/tabaccomd.com\/ro\/product\/narghilea-aladin-mvp470-cube-clear-47cm\/","sku":"WMVP470cu","image":{"@type":"ImageObject","url":"https:\/\/tabaccomd.com\/wp-content\/uploads\/2024\/09\/aladin-shisha-mvp-470-clear-cube-47cm-1.JPG","@id":"https:\/\/tabaccomd.com\/ro\/product\/narghilea-aladin-mvp470-cube-clear-47cm\/#productImage","width":1200,"height":1200},"offers":{"@type":"Offer","url":"https:\/\/tabaccomd.com\/ro\/product\/narghilea-aladin-mvp470-cube-clear-47cm\/#wooCommerceOffer","price":2450,"priceCurrency":"MDL","category":"Narghilea Aladin","availability":"https:\/\/schema.org\/InStock","priceSpecification":{"@type":"PriceSpecification","price":2450,"priceCurrency":"MDL","valueAddedTaxIncluded":"true"},"seller":{"@type":"Organization","@id":"https:\/\/tabaccomd.com\/ro\/#organization"}}},{"@type":"WebPage","@id":"https:\/\/tabaccomd.com\/ro\/product\/narghilea-aladin-mvp470-cube-clear-47cm\/#webpage","url":"https:\/\/tabaccomd.com\/ro\/product\/narghilea-aladin-mvp470-cube-clear-47cm\/","name":"Narghilea Aladin MVP470 \u2013 Cube Clear 47cm \u2013 Tabacco House","inLanguage":"ro-RO","isPartOf":{"@id":"https:\/\/tabaccomd.com\/ro\/#website"},"breadcrumb":{"@id":"https:\/\/tabaccomd.com\/ro\/product\/narghilea-aladin-mvp470-cube-clear-47cm\/#breadcrumblist"},"image":{"@type":"ImageObject","url":"https:\/\/tabaccomd.com\/wp-content\/uploads\/2024\/09\/aladin-shisha-mvp-470-clear-cube-47cm-1.JPG","@id":"https:\/\/tabaccomd.com\/ro\/product\/narghilea-aladin-mvp470-cube-clear-47cm\/#mainImage","width":1200,"height":1200},"primaryImageOfPage":{"@id":"https:\/\/tabaccomd.com\/ro\/product\/narghilea-aladin-mvp470-cube-clear-47cm\/#mainImage"},"datePublished":"2025-07-07T10:30:33+03:00","dateModified":"2025-07-07T10:30:33+03:00"},{"@type":"WebSite","@id":"https:\/\/tabaccomd.com\/ro\/#website","url":"https:\/\/tabaccomd.com\/ro\/","name":"Tabacco House","alternateName":"tobaccomd.com","description":"\u041c\u0430\u0433\u0430\u0437\u0438\u043d \u0442\u0430\u0431\u0430\u0447\u043d\u044b\u0445 \u0438\u0437\u0434\u0435\u043b\u0438\u0439","inLanguage":"ro-RO","publisher":{"@id":"https:\/\/tabaccomd.com\/ro\/#organization"}}]},"og:locale":"ro_RO","og:site_name":"Tabacco House \u2013 \u041c\u0430\u0433\u0430\u0437\u0438\u043d \u0442\u0430\u0431\u0430\u0447\u043d\u044b\u0445 \u0438\u0437\u0434\u0435\u043b\u0438\u0439","og:type":"article","og:title":"Narghilea Aladin MVP470 \u2013 Cube Clear 47cm \u2013 Tabacco House","og:url":"https:\/\/tabaccomd.com\/ro\/product\/narghilea-aladin-mvp470-cube-clear-47cm\/","article:published_time":"2025-07-07T07:30:33+00:00","article:modified_time":"2025-07-07T07:30:33+00:00","article:publisher":"https:\/\/www.facebook.com\/tabaccomd.com\/","twitter:card":"summary_large_image","twitter:title":"Narghilea Aladin MVP470 \u2013 Cube Clear 47cm \u2013 Tabacco House"},"aioseo_meta_data":{"post_id":"152923","title":null,"description":null,"keywords":null,"keyphrases":{"focus":{"keyphrase":"","score":0,"analysis":{"keyphraseInTitle":{"score":0,"maxScore":9,"error":1}}},"additional":[]},"primary_term":null,"canonical_url":null,"og_title":null,"og_description":null,"og_object_type":"default","og_image_type":"default","og_image_url":null,"og_image_width":null,"og_image_height":null,"og_image_custom_url":null,"og_image_custom_fields":null,"og_video":"","og_custom_url":null,"og_article_section":null,"og_article_tags":null,"twitter_use_og":false,"twitter_card":"default","twitter_image_type":"default","twitter_image_url":null,"twitter_image_custom_url":null,"twitter_image_custom_fields":null,"twitter_title":null,"twitter_description":null,"schema":{"blockGraphs":[],"customGraphs":[],"default":{"data":{"Article":[],"Course":[],"Dataset":[],"FAQPage":[],"Movie":[],"Person":[],"Product":[],"ProductReview":[],"Car":[],"Recipe":[],"Service":[],"SoftwareApplication":[],"WebPage":[]},"graphName":"Product","isEnabled":true},"graphs":[]},"schema_type":"default","schema_type_options":null,"pillar_content":false,"robots_default":true,"robots_noindex":false,"robots_noarchive":false,"robots_nosnippet":false,"robots_nofollow":false,"robots_noimageindex":false,"robots_noodp":false,"robots_notranslate":false,"robots_max_snippet":"-1","robots_max_videopreview":"-1","robots_max_imagepreview":"large","priority":null,"frequency":"default","local_seo":null,"seo_analyzer_scan_date":"2025-10-20 22:03:41","breadcrumb_settings":null,"limit_modified_date":false,"reviewed_by":"0","open_ai":null,"ai":{"faqs":[],"keyPoints":[],"titles":[],"descriptions":[],"socialPosts":{"email":[],"linkedin":[],"twitter":[],"facebook":[],"instagram":[]}},"created":"2025-07-14 10:32:55","updated":"2025-10-20 22:03:41"},"aioseo_breadcrumb":"<div class=\"aioseo-breadcrumbs\"><span class=\"aioseo-breadcrumb\">\n\t<a href=\"https:\/\/tabaccomd.com\/ro\/\" title=\"\u0413\u043b\u0430\u0432\u043d\u0430\u044f\">\u0413\u043b\u0430\u0432\u043d\u0430\u044f<\/a>\n<\/span><span class=\"aioseo-breadcrumb-separator\">\u00bb<\/span><span class=\"aioseo-breadcrumb\">\n\t<a href=\"https:\/\/tabaccomd.com\/ro\/catalog\/\" title=\"Catalog\">Catalog<\/a>\n<\/span><span class=\"aioseo-breadcrumb-separator\">\u00bb<\/span><span class=\"aioseo-breadcrumb\">\n\t<a href=\"https:\/\/tabaccomd.com\/ro\/product-category\/narghilea-ro\/\" title=\"Narghilea\">Narghilea<\/a>\n<\/span><span class=\"aioseo-breadcrumb-separator\">\u00bb<\/span><span class=\"aioseo-breadcrumb\">\n\t<a href=\"https:\/\/tabaccomd.com\/ro\/product-category\/narghilea-ro\/narghilea-aladin-2\/\" title=\"Narghilea Aladin\">Narghilea Aladin<\/a>\n<\/span><span class=\"aioseo-breadcrumb-separator\">\u00bb<\/span><span class=\"aioseo-breadcrumb\">\n\tNarghilea Aladin MVP470 \u2013 Cube Clear 47cm\n<\/span><\/div>","aioseo_breadcrumb_json":[{"label":"\u0413\u043b\u0430\u0432\u043d\u0430\u044f","link":"https:\/\/tabaccomd.com\/ro\/"},{"label":"Catalog","link":"https:\/\/tabaccomd.com\/ro\/catalog\/"},{"label":"Narghilea","link":"https:\/\/tabaccomd.com\/ro\/product-category\/narghilea-ro\/"},{"label":"Narghilea Aladin","link":"https:\/\/tabaccomd.com\/ro\/product-category\/narghilea-ro\/narghilea-aladin-2\/"},{"label":"Narghilea Aladin MVP470 &#8211; Cube Clear 47cm","link":"https:\/\/tabaccomd.com\/ro\/product\/narghilea-aladin-mvp470-cube-clear-47cm\/"}],"images_for_1c":[{"url":"https:\/\/tabaccomd.com\/wp-content\/uploads\/2024\/09\/aladin-shisha-mvp-470-clear-cube-47cm-1.JPG","type":"featured","alt":"aladin-shisha-mvp-470-clear-cube-47cm-1aladin-shisha-mvp-470-clear-cube-47cm-1","filename":"aladin-shisha-mvp-470-clear-cube-47cm-1.JPG"},{"url":"https:\/\/tabaccomd.com\/wp-content\/uploads\/2024\/09\/aladin-shisha-mvp-470-clear-cube-47cm-0.JPG","type":"gallery","alt":"aladin-shisha-mvp-470-clear-cube-47cm-0","filename":"aladin-shisha-mvp-470-clear-cube-47cm-0.JPG"},{"url":"https:\/\/tabaccomd.com\/wp-content\/uploads\/2024\/09\/aladin-shisha-mvp-470-clear-cube-47cm.JPG","type":"gallery","alt":"aladin-shisha-mvp-470-clear-cube-47cm","filename":"aladin-shisha-mvp-470-clear-cube-47cm.JPG"},{"url":"https:\/\/tabaccomd.com\/wp-content\/uploads\/2024\/09\/aladin-shisha-mvp-470-clear-cube-47cm-2.JPG","type":"gallery","alt":"aladin-shisha-mvp-470-clear-cube-47cm-2","filename":"aladin-shisha-mvp-470-clear-cube-47cm-2.JPG"},{"url":"https:\/\/tabaccomd.com\/wp-content\/uploads\/2024\/09\/aladin-shisha-mvp-470-clear-cube-47cm-3.JPG","type":"gallery","alt":"aladin-shisha-mvp-470-clear-cube-47cm-3","filename":"aladin-shisha-mvp-470-clear-cube-47cm-3.JPG"},{"url":"https:\/\/tabaccomd.com\/wp-content\/uploads\/2024\/09\/aladin-shisha-mvp-470-clear-cube-47cm-4.JPG","type":"gallery","alt":"aladin-shisha-mvp-470-clear-cube-47cm-4","filename":"aladin-shisha-mvp-470-clear-cube-47cm-4.JPG"},{"url":"https:\/\/tabaccomd.com\/wp-content\/uploads\/2024\/09\/aladin-shisha-mvp-460-blue-shiny-46cm-2.JPG","type":"gallery","alt":"aladin-shisha-mvp-460-blue-shiny-46cm-2","filename":"aladin-shisha-mvp-460-blue-shiny-46cm-2.JPG"}],"additional_data_1c":{"modified_date":"2025-07-07 10:30:33","permalink":"https:\/\/tabaccomd.com\/ro\/product\/narghilea-aladin-mvp470-cube-clear-47cm\/","stock_status":"instock","manage_stock":"no"},"_links":{"self":[{"href":"https:\/\/tabaccomd.com\/ro\/wp-json\/wp\/v2\/product\/152923","targetHints":{"allow":["GET"]}}],"collection":[{"href":"https:\/\/tabaccomd.com\/ro\/wp-json\/wp\/v2\/product"}],"about":[{"href":"https:\/\/tabaccomd.com\/ro\/wp-json\/wp\/v2\/types\/product"}],"wp:featuredmedia":[{"embeddable":true,"href":"https:\/\/tabaccomd.com\/ro\/wp-json\/wp\/v2\/media\/152912"}],"wp:attachment":[{"href":"https:\/\/tabaccomd.com\/ro\/wp-json\/wp\/v2\/media?parent=152923"}],"wp:term":[{"taxonomy":"product_brand","embeddable":true,"href":"https:\/\/tabaccomd.com\/ro\/wp-json\/wp\/v2\/product_brand?post=152923"},{"taxonomy":"product_cat","embeddable":true,"href":"https:\/\/tabaccomd.com\/ro\/wp-json\/wp\/v2\/product_cat?post=152923"},{"taxonomy":"product_tag","embeddable":true,"href":"https:\/\/tabaccomd.com\/ro\/wp-json\/wp\/v2\/product_tag?post=152923"}],"curies":[{"name":"wp","href":"https:\/\/api.w.org\/{rel}","templated":true}]}}