{"id":152853,"date":"2025-07-10T10:20:19","date_gmt":"2025-07-10T07:20:19","guid":{"rendered":"https:\/\/tabaccomd.com\/product\/narghilea-aladin-mvp-rocket-red-fade-53cm\/"},"modified":"2025-07-10T10:20:19","modified_gmt":"2025-07-10T07:20:19","slug":"narghilea-aladin-mvp-rocket-red-fade-53cm","status":"publish","type":"product","link":"https:\/\/tabaccomd.com\/ro\/product\/narghilea-aladin-mvp-rocket-red-fade-53cm\/","title":{"rendered":"Narghilea Aladin MVP Rocket &#8211; Red Fade 53cm"},"content":{"rendered":"<p>Aladin MVP Rocket este o <a href=\"https:\/\/tabaccomd.com\/ro\/product-category\/narghilea-ro\/narghilea-aladin-2\/\">narghilea <\/a>mare de 53 cm \u00een\u0103l\u021bime (f\u0103r\u0103 creuzet) cu un design modern elegant \u0219i func\u021bionalitate inteligent\u0103, oferit\u0103 la un pre\u021b rezonabil. Datorit\u0103 echipamentului generos \u0219i materialelor de calitate, MVP Rocket va satisface chiar \u0219i utilizatorii exigen\u021bi. Baza sa elegant\u0103 \u0219i extragerea puternic\u0103 \u00eel fac nu numai frumos, ci \u0219i eficient de utilizat. Aladin MVP Rocket este o alegere excelent\u0103 pentru cei care caut\u0103 o narghilea puternic\u0103, fiabil\u0103 \u0219i atractiv\u0103 vizual pentru acas\u0103 sau companie.   <\/p>\n<p data-start=\"398\" data-end=\"430\"><strong data-start=\"402\" data-end=\"430\">Caracteristici principale:<\/strong><\/p>\n<ul data-start=\"431\" data-end=\"1039\">\n<li data-start=\"431\" data-end=\"463\"><strong>\u00cen\u0103l\u021bime:<\/strong> 53 cm (f\u0103r\u0103 creuzet)<\/li>\n<li data-start=\"464\" data-end=\"522\"><strong>Material:<\/strong> O\u021bel inoxidabil de \u00eenalt\u0103 calitate V2A<\/li>\n<li data-start=\"523\" data-end=\"625\"><strong>Difuzor:<\/strong> Deta\u0219abil \u0219i reglabil pentru a reduce zgomotul \u0219i a face tragerea mai moale<\/li>\n<li data-start=\"626\" data-end=\"733\"><strong>Conexiuni \u0219lefuite tip 18\/8:<\/strong> Permite asamblarea rapid\u0103 \u0219i utilizarea unui dispozitiv de captare a melasei<\/li>\n<li data-start=\"734\" data-end=\"815\"><strong>Sistem cu camer\u0103 \u00eenchis\u0103:<\/strong> Permite suflarea u\u0219oar\u0103 a fumului st\u0103tut<\/li>\n<li data-start=\"816\" data-end=\"904\"><strong>Conector pentru furtun: <\/strong>1 buc cu conexiune filetat\u0103 18\/8 (se poate ad\u0103uga un al doilea conector) <\/li>\n<li data-start=\"905\" data-end=\"994\"><strong>Supape de purjare:<\/strong> Inclusiv 2 supape speciale integrate care evacueaz\u0103 fumul \u00een sus<\/li>\n<li data-start=\"995\" data-end=\"1039\"><strong>Conexiune coloan\u0103 \u2194 vas:<\/strong> Filetat\u0103<\/li>\n<\/ul>\n<p data-start=\"1046\" data-end=\"1067\"><strong data-start=\"1050\" data-end=\"1067\">Setul con\u021bine:<\/strong><\/p>\n<ul data-start=\"1068\" data-end=\"1303\">\n<li data-start=\"1068\" data-end=\"1144\">Furtun din silicon moale cu arc anti-\u00eendoire<\/li>\n<li data-start=\"1145\" data-end=\"1163\">Cle\u0219ti pentru c\u0103rbuni<\/li>\n<li data-start=\"1164\" data-end=\"1199\">Set tip chimney pentru \u00eenc\u0103lzire<\/li>\n<li data-start=\"1200\" data-end=\"1227\">Kaloud Mockingbird<\/li>\n<li data-start=\"1228\" data-end=\"1259\">Creuzet Aladin Optimus Eco<\/li>\n<li data-start=\"1260\" data-end=\"1303\">Garnituri \u0219i toate accesoriile necesare pentru etan\u0219are<\/li>\n<\/ul>\n<p data-start=\"1310\" data-end=\"1327\"><strong data-start=\"1317\" data-end=\"1327\">Important:<\/strong><\/p>\n<p data-start=\"1310\" data-end=\"1327\">Vasul din sticl\u0103 poate con\u021bine mici bule de aer \u2014 acestea nu afecteaz\u0103 func\u021bionalitatea narghilelei \u0219i nu constituie motiv de reclama\u021bie. Fiecare vas este unic, cu un gradient de culoare distinct, astfel \u00eenc\u00e2t aspectul final poate diferi u\u0219or de imagine. <\/p>\n<p data-start=\"1310\" data-end=\"1327\">Pute\u021bi achizi\u021biona narghileaua Aladin MVP Rocket &#8211; Red Fade 53cm \u00een Moldova, Chi\u0219in\u0103u, \u00een re\u021beaua de magazine Tabacco House.<\/p>\n","protected":false},"excerpt":{"rendered":"<ul>\n<li>Produc\u0103tor: Aladin, Germania<\/li>\n<li>\u00cen\u0103l\u021bime: 53 cm<\/li>\n<li>Culoare: Ro\u0219ie<\/li>\n<li>Materialul coloanei: O\u021bel inoxidabil, aluminiu<\/li>\n<li>Accesorii incluse: Creuzet, set de furtunuri, cle\u0219te, difuzor deta\u0219abil<\/li>\n<li>Sistem de blocare: Filetat\u0103 (rezib\u0103)<\/li>\n<\/ul>\n","protected":false},"featured_media":152846,"template":"","meta":{"om_disable_all_campaigns":false,"_monsterinsights_skip_tracking":false,"_monsterinsights_sitenote_active":false,"_monsterinsights_sitenote_note":"","_monsterinsights_sitenote_category":0},"product_brand":[],"product_cat":[207],"product_tag":[],"class_list":{"0":"post-152853","1":"product","2":"type-product","3":"status-publish","4":"has-post-thumbnail","6":"product_cat-narghilea-aladin-2","8":"first","9":"instock","10":"purchasable","11":"product-type-simple"},"aioseo_notices":[],"aioseo_head":"\n\t\t<!-- All in One SEO Pro 4.9.5.2 - aioseo.com -->\n\t<meta name=\"robots\" content=\"max-image-preview:large\" \/>\n\t<link rel=\"canonical\" href=\"https:\/\/tabaccomd.com\/ro\/product\/narghilea-aladin-mvp-rocket-red-fade-53cm\/\" \/>\n\t<meta name=\"generator\" content=\"All in One SEO Pro (AIOSEO) 4.9.5.2\" \/>\n\t\t<meta property=\"og:locale\" content=\"ro_RO\" \/>\n\t\t<meta property=\"og:site_name\" content=\"Tabacco House \u2013 \u041c\u0430\u0433\u0430\u0437\u0438\u043d \u0442\u0430\u0431\u0430\u0447\u043d\u044b\u0445 \u0438\u0437\u0434\u0435\u043b\u0438\u0439\" \/>\n\t\t<meta property=\"og:type\" content=\"article\" \/>\n\t\t<meta property=\"og:title\" content=\"Narghilea Aladin MVP Rocket \u2013 Red Fade 53cm \u2013 Tabacco House\" \/>\n\t\t<meta property=\"og:url\" content=\"https:\/\/tabaccomd.com\/ro\/product\/narghilea-aladin-mvp-rocket-red-fade-53cm\/\" \/>\n\t\t<meta property=\"article:published_time\" content=\"2025-07-10T07:20:19+00:00\" \/>\n\t\t<meta property=\"article:modified_time\" content=\"2025-07-10T07:20:19+00:00\" \/>\n\t\t<meta property=\"article:publisher\" content=\"https:\/\/www.facebook.com\/tabaccomd.com\/\" \/>\n\t\t<meta name=\"twitter:card\" content=\"summary_large_image\" \/>\n\t\t<meta name=\"twitter:title\" content=\"Narghilea Aladin MVP Rocket \u2013 Red Fade 53cm \u2013 Tabacco House\" \/>\n\t\t<script type=\"application\/ld+json\" class=\"aioseo-schema\">\n\t\t\t{\"@context\":\"https:\\\/\\\/schema.org\",\"@graph\":[{\"@type\":\"BreadcrumbList\",\"@id\":\"https:\\\/\\\/tabaccomd.com\\\/ro\\\/product\\\/narghilea-aladin-mvp-rocket-red-fade-53cm\\\/#breadcrumblist\",\"itemListElement\":[{\"@type\":\"ListItem\",\"@id\":\"https:\\\/\\\/tabaccomd.com\\\/ro\\\/#listItem\",\"position\":1,\"name\":\"\\u0413\\u043b\\u0430\\u0432\\u043d\\u0430\\u044f\",\"item\":\"https:\\\/\\\/tabaccomd.com\\\/ro\\\/\",\"nextItem\":{\"@type\":\"ListItem\",\"@id\":\"https:\\\/\\\/tabaccomd.com\\\/ro\\\/catalog\\\/#listItem\",\"name\":\"Catalog\"}},{\"@type\":\"ListItem\",\"@id\":\"https:\\\/\\\/tabaccomd.com\\\/ro\\\/catalog\\\/#listItem\",\"position\":2,\"name\":\"Catalog\",\"item\":\"https:\\\/\\\/tabaccomd.com\\\/ro\\\/catalog\\\/\",\"nextItem\":{\"@type\":\"ListItem\",\"@id\":\"https:\\\/\\\/tabaccomd.com\\\/ro\\\/product-category\\\/narghilea-ro\\\/#listItem\",\"name\":\"Narghilea\"},\"previousItem\":{\"@type\":\"ListItem\",\"@id\":\"https:\\\/\\\/tabaccomd.com\\\/ro\\\/#listItem\",\"name\":\"\\u0413\\u043b\\u0430\\u0432\\u043d\\u0430\\u044f\"}},{\"@type\":\"ListItem\",\"@id\":\"https:\\\/\\\/tabaccomd.com\\\/ro\\\/product-category\\\/narghilea-ro\\\/#listItem\",\"position\":3,\"name\":\"Narghilea\",\"item\":\"https:\\\/\\\/tabaccomd.com\\\/ro\\\/product-category\\\/narghilea-ro\\\/\",\"nextItem\":{\"@type\":\"ListItem\",\"@id\":\"https:\\\/\\\/tabaccomd.com\\\/ro\\\/product-category\\\/narghilea-ro\\\/narghilea-aladin-2\\\/#listItem\",\"name\":\"Narghilea Aladin\"},\"previousItem\":{\"@type\":\"ListItem\",\"@id\":\"https:\\\/\\\/tabaccomd.com\\\/ro\\\/catalog\\\/#listItem\",\"name\":\"Catalog\"}},{\"@type\":\"ListItem\",\"@id\":\"https:\\\/\\\/tabaccomd.com\\\/ro\\\/product-category\\\/narghilea-ro\\\/narghilea-aladin-2\\\/#listItem\",\"position\":4,\"name\":\"Narghilea Aladin\",\"item\":\"https:\\\/\\\/tabaccomd.com\\\/ro\\\/product-category\\\/narghilea-ro\\\/narghilea-aladin-2\\\/\",\"nextItem\":{\"@type\":\"ListItem\",\"@id\":\"https:\\\/\\\/tabaccomd.com\\\/ro\\\/product\\\/narghilea-aladin-mvp-rocket-red-fade-53cm\\\/#listItem\",\"name\":\"Narghilea Aladin MVP Rocket &#8211; Red Fade 53cm\"},\"previousItem\":{\"@type\":\"ListItem\",\"@id\":\"https:\\\/\\\/tabaccomd.com\\\/ro\\\/product-category\\\/narghilea-ro\\\/#listItem\",\"name\":\"Narghilea\"}},{\"@type\":\"ListItem\",\"@id\":\"https:\\\/\\\/tabaccomd.com\\\/ro\\\/product\\\/narghilea-aladin-mvp-rocket-red-fade-53cm\\\/#listItem\",\"position\":5,\"name\":\"Narghilea Aladin MVP Rocket &#8211; Red Fade 53cm\",\"previousItem\":{\"@type\":\"ListItem\",\"@id\":\"https:\\\/\\\/tabaccomd.com\\\/ro\\\/product-category\\\/narghilea-ro\\\/narghilea-aladin-2\\\/#listItem\",\"name\":\"Narghilea Aladin\"}}]},{\"@type\":\"Organization\",\"@id\":\"https:\\\/\\\/tabaccomd.com\\\/ro\\\/#organization\",\"name\":\"Tabacco House\",\"description\":\"\\u041c\\u0430\\u0433\\u0430\\u0437\\u0438\\u043d \\u0442\\u0430\\u0431\\u0430\\u0447\\u043d\\u044b\\u0445 \\u0438\\u0437\\u0434\\u0435\\u043b\\u0438\\u0439\",\"url\":\"https:\\\/\\\/tabaccomd.com\\\/ro\\\/\",\"email\":\"Office@cazacuhouse.com\",\"telephone\":\"+37361000935\",\"logo\":{\"@type\":\"ImageObject\",\"url\":\"https:\\\/\\\/tabaccomd.com\\\/wp-content\\\/uploads\\\/2024\\\/02\\\/logo_header3.png\",\"@id\":\"https:\\\/\\\/tabaccomd.com\\\/ro\\\/product\\\/narghilea-aladin-mvp-rocket-red-fade-53cm\\\/#organizationLogo\",\"width\":32,\"height\":32,\"caption\":\"Tabacco House\"},\"image\":{\"@id\":\"https:\\\/\\\/tabaccomd.com\\\/ro\\\/product\\\/narghilea-aladin-mvp-rocket-red-fade-53cm\\\/#organizationLogo\"},\"sameAs\":[\"https:\\\/\\\/www.facebook.com\\\/tabaccomd.com\\\/\",\"https:\\\/\\\/www.instagram.com\\\/tabaccomd.com\\\/\"],\"address\":{\"@id\":\"https:\\\/\\\/tabaccomd.com\\\/ro\\\/#postaladdress\",\"@type\":\"PostalAddress\",\"streetAddress\":\"Strada Albi\\u015foara 4, Chi\\u0219in\\u0103u, Bulevardul \\u0218tefan cel Mare \\u0219i Sf\\u00eent 136, Chi\\u0219in\\u0103u\",\"addressLocality\":\"Chi\\u0219in\\u0103u\",\"addressCountry\":\"MD\"}},{\"@type\":\"Product\",\"@id\":\"https:\\\/\\\/tabaccomd.com\\\/ro\\\/product\\\/narghilea-aladin-mvp-rocket-red-fade-53cm\\\/#wooCommerceProduct\",\"name\":\"Narghilea Aladin MVP Rocket - Red Fade 53cm\",\"description\":\"Produc\\u0103tor: Aladin, Germania\\n \\t\\u00cen\\u0103l\\u021bime: 53 cm\\n \\tCuloare: Ro\\u0219ie\\n \\tMaterialul coloanei: O\\u021bel inoxidabil, aluminiu\\n \\tAccesorii incluse: Creuzet, set de furtunuri, cle\\u0219te, difuzor deta\\u0219abil\\n \\tSistem de blocare: Filetat\\u0103 (rezib\\u0103)\",\"url\":\"https:\\\/\\\/tabaccomd.com\\\/ro\\\/product\\\/narghilea-aladin-mvp-rocket-red-fade-53cm\\\/\",\"sku\":\"WMVPRsbr\",\"image\":{\"@type\":\"ImageObject\",\"url\":\"https:\\\/\\\/tabaccomd.com\\\/wp-content\\\/uploads\\\/2025\\\/07\\\/aladin-shisha-mvp-rocket-red-fade-53cm-0.JPG\",\"@id\":\"https:\\\/\\\/tabaccomd.com\\\/ro\\\/product\\\/narghilea-aladin-mvp-rocket-red-fade-53cm\\\/#productImage\",\"width\":1200,\"height\":1200},\"offers\":{\"@type\":\"Offer\",\"url\":\"https:\\\/\\\/tabaccomd.com\\\/ro\\\/product\\\/narghilea-aladin-mvp-rocket-red-fade-53cm\\\/#wooCommerceOffer\",\"price\":3200,\"priceCurrency\":\"MDL\",\"category\":\"Narghilea Aladin\",\"availability\":\"https:\\\/\\\/schema.org\\\/InStock\",\"priceSpecification\":{\"@type\":\"PriceSpecification\",\"price\":3200,\"priceCurrency\":\"MDL\",\"valueAddedTaxIncluded\":\"true\"},\"seller\":{\"@type\":\"Organization\",\"@id\":\"https:\\\/\\\/tabaccomd.com\\\/ro\\\/#organization\"}}},{\"@type\":\"WebPage\",\"@id\":\"https:\\\/\\\/tabaccomd.com\\\/ro\\\/product\\\/narghilea-aladin-mvp-rocket-red-fade-53cm\\\/#webpage\",\"url\":\"https:\\\/\\\/tabaccomd.com\\\/ro\\\/product\\\/narghilea-aladin-mvp-rocket-red-fade-53cm\\\/\",\"name\":\"Narghilea Aladin MVP Rocket \\u2013 Red Fade 53cm \\u2013 Tabacco House\",\"inLanguage\":\"ro-RO\",\"isPartOf\":{\"@id\":\"https:\\\/\\\/tabaccomd.com\\\/ro\\\/#website\"},\"breadcrumb\":{\"@id\":\"https:\\\/\\\/tabaccomd.com\\\/ro\\\/product\\\/narghilea-aladin-mvp-rocket-red-fade-53cm\\\/#breadcrumblist\"},\"image\":{\"@type\":\"ImageObject\",\"url\":\"https:\\\/\\\/tabaccomd.com\\\/wp-content\\\/uploads\\\/2025\\\/07\\\/aladin-shisha-mvp-rocket-red-fade-53cm-0.JPG\",\"@id\":\"https:\\\/\\\/tabaccomd.com\\\/ro\\\/product\\\/narghilea-aladin-mvp-rocket-red-fade-53cm\\\/#mainImage\",\"width\":1200,\"height\":1200},\"primaryImageOfPage\":{\"@id\":\"https:\\\/\\\/tabaccomd.com\\\/ro\\\/product\\\/narghilea-aladin-mvp-rocket-red-fade-53cm\\\/#mainImage\"},\"datePublished\":\"2025-07-10T10:20:19+03:00\",\"dateModified\":\"2025-07-10T10:20:19+03:00\"},{\"@type\":\"WebSite\",\"@id\":\"https:\\\/\\\/tabaccomd.com\\\/ro\\\/#website\",\"url\":\"https:\\\/\\\/tabaccomd.com\\\/ro\\\/\",\"name\":\"Tabacco House\",\"alternateName\":\"tobaccomd.com\",\"description\":\"\\u041c\\u0430\\u0433\\u0430\\u0437\\u0438\\u043d \\u0442\\u0430\\u0431\\u0430\\u0447\\u043d\\u044b\\u0445 \\u0438\\u0437\\u0434\\u0435\\u043b\\u0438\\u0439\",\"inLanguage\":\"ro-RO\",\"publisher\":{\"@id\":\"https:\\\/\\\/tabaccomd.com\\\/ro\\\/#organization\"}}]}\n\t\t<\/script>\n\t\t<!-- All in One SEO Pro -->\r\n\t\t<title>Narghilea Aladin MVP Rocket \u2013 Red Fade 53cm \u2013 Tabacco House<\/title>\n\n","aioseo_head_json":{"title":"Narghilea Aladin MVP Rocket \u2013 Red Fade 53cm \u2013 Tabacco House","description":"","canonical_url":"https:\/\/tabaccomd.com\/ro\/product\/narghilea-aladin-mvp-rocket-red-fade-53cm\/","robots":"max-image-preview:large","keywords":"","webmasterTools":{"miscellaneous":""},"schema":{"@context":"https:\/\/schema.org","@graph":[{"@type":"BreadcrumbList","@id":"https:\/\/tabaccomd.com\/ro\/product\/narghilea-aladin-mvp-rocket-red-fade-53cm\/#breadcrumblist","itemListElement":[{"@type":"ListItem","@id":"https:\/\/tabaccomd.com\/ro\/#listItem","position":1,"name":"\u0413\u043b\u0430\u0432\u043d\u0430\u044f","item":"https:\/\/tabaccomd.com\/ro\/","nextItem":{"@type":"ListItem","@id":"https:\/\/tabaccomd.com\/ro\/catalog\/#listItem","name":"Catalog"}},{"@type":"ListItem","@id":"https:\/\/tabaccomd.com\/ro\/catalog\/#listItem","position":2,"name":"Catalog","item":"https:\/\/tabaccomd.com\/ro\/catalog\/","nextItem":{"@type":"ListItem","@id":"https:\/\/tabaccomd.com\/ro\/product-category\/narghilea-ro\/#listItem","name":"Narghilea"},"previousItem":{"@type":"ListItem","@id":"https:\/\/tabaccomd.com\/ro\/#listItem","name":"\u0413\u043b\u0430\u0432\u043d\u0430\u044f"}},{"@type":"ListItem","@id":"https:\/\/tabaccomd.com\/ro\/product-category\/narghilea-ro\/#listItem","position":3,"name":"Narghilea","item":"https:\/\/tabaccomd.com\/ro\/product-category\/narghilea-ro\/","nextItem":{"@type":"ListItem","@id":"https:\/\/tabaccomd.com\/ro\/product-category\/narghilea-ro\/narghilea-aladin-2\/#listItem","name":"Narghilea Aladin"},"previousItem":{"@type":"ListItem","@id":"https:\/\/tabaccomd.com\/ro\/catalog\/#listItem","name":"Catalog"}},{"@type":"ListItem","@id":"https:\/\/tabaccomd.com\/ro\/product-category\/narghilea-ro\/narghilea-aladin-2\/#listItem","position":4,"name":"Narghilea Aladin","item":"https:\/\/tabaccomd.com\/ro\/product-category\/narghilea-ro\/narghilea-aladin-2\/","nextItem":{"@type":"ListItem","@id":"https:\/\/tabaccomd.com\/ro\/product\/narghilea-aladin-mvp-rocket-red-fade-53cm\/#listItem","name":"Narghilea Aladin MVP Rocket &#8211; Red Fade 53cm"},"previousItem":{"@type":"ListItem","@id":"https:\/\/tabaccomd.com\/ro\/product-category\/narghilea-ro\/#listItem","name":"Narghilea"}},{"@type":"ListItem","@id":"https:\/\/tabaccomd.com\/ro\/product\/narghilea-aladin-mvp-rocket-red-fade-53cm\/#listItem","position":5,"name":"Narghilea Aladin MVP Rocket &#8211; Red Fade 53cm","previousItem":{"@type":"ListItem","@id":"https:\/\/tabaccomd.com\/ro\/product-category\/narghilea-ro\/narghilea-aladin-2\/#listItem","name":"Narghilea Aladin"}}]},{"@type":"Organization","@id":"https:\/\/tabaccomd.com\/ro\/#organization","name":"Tabacco House","description":"\u041c\u0430\u0433\u0430\u0437\u0438\u043d \u0442\u0430\u0431\u0430\u0447\u043d\u044b\u0445 \u0438\u0437\u0434\u0435\u043b\u0438\u0439","url":"https:\/\/tabaccomd.com\/ro\/","email":"Office@cazacuhouse.com","telephone":"+37361000935","logo":{"@type":"ImageObject","url":"https:\/\/tabaccomd.com\/wp-content\/uploads\/2024\/02\/logo_header3.png","@id":"https:\/\/tabaccomd.com\/ro\/product\/narghilea-aladin-mvp-rocket-red-fade-53cm\/#organizationLogo","width":32,"height":32,"caption":"Tabacco House"},"image":{"@id":"https:\/\/tabaccomd.com\/ro\/product\/narghilea-aladin-mvp-rocket-red-fade-53cm\/#organizationLogo"},"sameAs":["https:\/\/www.facebook.com\/tabaccomd.com\/","https:\/\/www.instagram.com\/tabaccomd.com\/"],"address":{"@id":"https:\/\/tabaccomd.com\/ro\/#postaladdress","@type":"PostalAddress","streetAddress":"Strada Albi\u015foara 4, Chi\u0219in\u0103u, Bulevardul \u0218tefan cel Mare \u0219i Sf\u00eent 136, Chi\u0219in\u0103u","addressLocality":"Chi\u0219in\u0103u","addressCountry":"MD"}},{"@type":"Product","@id":"https:\/\/tabaccomd.com\/ro\/product\/narghilea-aladin-mvp-rocket-red-fade-53cm\/#wooCommerceProduct","name":"Narghilea Aladin MVP Rocket - Red Fade 53cm","description":"Produc\u0103tor: Aladin, Germania\n \t\u00cen\u0103l\u021bime: 53 cm\n \tCuloare: Ro\u0219ie\n \tMaterialul coloanei: O\u021bel inoxidabil, aluminiu\n \tAccesorii incluse: Creuzet, set de furtunuri, cle\u0219te, difuzor deta\u0219abil\n \tSistem de blocare: Filetat\u0103 (rezib\u0103)","url":"https:\/\/tabaccomd.com\/ro\/product\/narghilea-aladin-mvp-rocket-red-fade-53cm\/","sku":"WMVPRsbr","image":{"@type":"ImageObject","url":"https:\/\/tabaccomd.com\/wp-content\/uploads\/2025\/07\/aladin-shisha-mvp-rocket-red-fade-53cm-0.JPG","@id":"https:\/\/tabaccomd.com\/ro\/product\/narghilea-aladin-mvp-rocket-red-fade-53cm\/#productImage","width":1200,"height":1200},"offers":{"@type":"Offer","url":"https:\/\/tabaccomd.com\/ro\/product\/narghilea-aladin-mvp-rocket-red-fade-53cm\/#wooCommerceOffer","price":3200,"priceCurrency":"MDL","category":"Narghilea Aladin","availability":"https:\/\/schema.org\/InStock","priceSpecification":{"@type":"PriceSpecification","price":3200,"priceCurrency":"MDL","valueAddedTaxIncluded":"true"},"seller":{"@type":"Organization","@id":"https:\/\/tabaccomd.com\/ro\/#organization"}}},{"@type":"WebPage","@id":"https:\/\/tabaccomd.com\/ro\/product\/narghilea-aladin-mvp-rocket-red-fade-53cm\/#webpage","url":"https:\/\/tabaccomd.com\/ro\/product\/narghilea-aladin-mvp-rocket-red-fade-53cm\/","name":"Narghilea Aladin MVP Rocket \u2013 Red Fade 53cm \u2013 Tabacco House","inLanguage":"ro-RO","isPartOf":{"@id":"https:\/\/tabaccomd.com\/ro\/#website"},"breadcrumb":{"@id":"https:\/\/tabaccomd.com\/ro\/product\/narghilea-aladin-mvp-rocket-red-fade-53cm\/#breadcrumblist"},"image":{"@type":"ImageObject","url":"https:\/\/tabaccomd.com\/wp-content\/uploads\/2025\/07\/aladin-shisha-mvp-rocket-red-fade-53cm-0.JPG","@id":"https:\/\/tabaccomd.com\/ro\/product\/narghilea-aladin-mvp-rocket-red-fade-53cm\/#mainImage","width":1200,"height":1200},"primaryImageOfPage":{"@id":"https:\/\/tabaccomd.com\/ro\/product\/narghilea-aladin-mvp-rocket-red-fade-53cm\/#mainImage"},"datePublished":"2025-07-10T10:20:19+03:00","dateModified":"2025-07-10T10:20:19+03:00"},{"@type":"WebSite","@id":"https:\/\/tabaccomd.com\/ro\/#website","url":"https:\/\/tabaccomd.com\/ro\/","name":"Tabacco House","alternateName":"tobaccomd.com","description":"\u041c\u0430\u0433\u0430\u0437\u0438\u043d \u0442\u0430\u0431\u0430\u0447\u043d\u044b\u0445 \u0438\u0437\u0434\u0435\u043b\u0438\u0439","inLanguage":"ro-RO","publisher":{"@id":"https:\/\/tabaccomd.com\/ro\/#organization"}}]},"og:locale":"ro_RO","og:site_name":"Tabacco House \u2013 \u041c\u0430\u0433\u0430\u0437\u0438\u043d \u0442\u0430\u0431\u0430\u0447\u043d\u044b\u0445 \u0438\u0437\u0434\u0435\u043b\u0438\u0439","og:type":"article","og:title":"Narghilea Aladin MVP Rocket \u2013 Red Fade 53cm \u2013 Tabacco House","og:url":"https:\/\/tabaccomd.com\/ro\/product\/narghilea-aladin-mvp-rocket-red-fade-53cm\/","article:published_time":"2025-07-10T07:20:19+00:00","article:modified_time":"2025-07-10T07:20:19+00:00","article:publisher":"https:\/\/www.facebook.com\/tabaccomd.com\/","twitter:card":"summary_large_image","twitter:title":"Narghilea Aladin MVP Rocket \u2013 Red Fade 53cm \u2013 Tabacco House"},"aioseo_meta_data":{"post_id":"152853","title":null,"description":null,"keywords":null,"keyphrases":{"focus":{"keyphrase":"","score":0,"analysis":{"keyphraseInTitle":{"score":0,"maxScore":9,"error":1}}},"additional":[]},"primary_term":null,"canonical_url":null,"og_title":null,"og_description":null,"og_object_type":"default","og_image_type":"default","og_image_url":null,"og_image_width":null,"og_image_height":null,"og_image_custom_url":null,"og_image_custom_fields":null,"og_video":"","og_custom_url":null,"og_article_section":null,"og_article_tags":null,"twitter_use_og":false,"twitter_card":"default","twitter_image_type":"default","twitter_image_url":null,"twitter_image_custom_url":null,"twitter_image_custom_fields":null,"twitter_title":null,"twitter_description":null,"schema":{"blockGraphs":[],"customGraphs":[],"default":{"data":{"Article":[],"Course":[],"Dataset":[],"FAQPage":[],"Movie":[],"Person":[],"Product":[],"ProductReview":[],"Car":[],"Recipe":[],"Service":[],"SoftwareApplication":[],"WebPage":[]},"graphName":"Product","isEnabled":true},"graphs":[]},"schema_type":"default","schema_type_options":null,"pillar_content":false,"robots_default":true,"robots_noindex":false,"robots_noarchive":false,"robots_nosnippet":false,"robots_nofollow":false,"robots_noimageindex":false,"robots_noodp":false,"robots_notranslate":false,"robots_max_snippet":"-1","robots_max_videopreview":"-1","robots_max_imagepreview":"large","priority":null,"frequency":"default","local_seo":null,"seo_analyzer_scan_date":"2025-10-20 22:04:52","breadcrumb_settings":null,"limit_modified_date":false,"reviewed_by":"0","open_ai":null,"ai":{"faqs":[],"keyPoints":[],"titles":[],"descriptions":[],"socialPosts":{"email":[],"linkedin":[],"twitter":[],"facebook":[],"instagram":[]}},"created":"2025-07-11 11:27:59","updated":"2025-10-20 22:04:52"},"aioseo_breadcrumb":"<div class=\"aioseo-breadcrumbs\"><span class=\"aioseo-breadcrumb\">\n\t<a href=\"https:\/\/tabaccomd.com\/ro\/\" title=\"\u0413\u043b\u0430\u0432\u043d\u0430\u044f\">\u0413\u043b\u0430\u0432\u043d\u0430\u044f<\/a>\n<\/span><span class=\"aioseo-breadcrumb-separator\">\u00bb<\/span><span class=\"aioseo-breadcrumb\">\n\t<a href=\"https:\/\/tabaccomd.com\/ro\/catalog\/\" title=\"Catalog\">Catalog<\/a>\n<\/span><span class=\"aioseo-breadcrumb-separator\">\u00bb<\/span><span class=\"aioseo-breadcrumb\">\n\t<a href=\"https:\/\/tabaccomd.com\/ro\/product-category\/narghilea-ro\/\" title=\"Narghilea\">Narghilea<\/a>\n<\/span><span class=\"aioseo-breadcrumb-separator\">\u00bb<\/span><span class=\"aioseo-breadcrumb\">\n\t<a href=\"https:\/\/tabaccomd.com\/ro\/product-category\/narghilea-ro\/narghilea-aladin-2\/\" title=\"Narghilea Aladin\">Narghilea Aladin<\/a>\n<\/span><span class=\"aioseo-breadcrumb-separator\">\u00bb<\/span><span class=\"aioseo-breadcrumb\">\n\tNarghilea Aladin MVP Rocket \u2013 Red Fade 53cm\n<\/span><\/div>","aioseo_breadcrumb_json":[{"label":"\u0413\u043b\u0430\u0432\u043d\u0430\u044f","link":"https:\/\/tabaccomd.com\/ro\/"},{"label":"Catalog","link":"https:\/\/tabaccomd.com\/ro\/catalog\/"},{"label":"Narghilea","link":"https:\/\/tabaccomd.com\/ro\/product-category\/narghilea-ro\/"},{"label":"Narghilea Aladin","link":"https:\/\/tabaccomd.com\/ro\/product-category\/narghilea-ro\/narghilea-aladin-2\/"},{"label":"Narghilea Aladin MVP Rocket &#8211; Red Fade 53cm","link":"https:\/\/tabaccomd.com\/ro\/product\/narghilea-aladin-mvp-rocket-red-fade-53cm\/"}],"images_for_1c":[{"url":"https:\/\/tabaccomd.com\/wp-content\/uploads\/2025\/07\/aladin-shisha-mvp-rocket-red-fade-53cm-0.JPG","type":"featured","alt":"aladin-shisha-mvp-rocket-red-fade-53cm-0","filename":"aladin-shisha-mvp-rocket-red-fade-53cm-0.JPG"},{"url":"https:\/\/tabaccomd.com\/wp-content\/uploads\/2025\/07\/aladin-shisha-mvp-rocket-red-fade-53cm-1.JPG","type":"gallery","alt":"aladin-shisha-mvp-rocket-red-fade-53cm-1","filename":"aladin-shisha-mvp-rocket-red-fade-53cm-1.JPG"},{"url":"https:\/\/tabaccomd.com\/wp-content\/uploads\/2025\/07\/aladin-shisha-mvp-rocket-red-fade-53cm-2.JPG","type":"gallery","alt":"aladin-shisha-mvp-rocket-red-fade-53cm-2","filename":"aladin-shisha-mvp-rocket-red-fade-53cm-2.JPG"},{"url":"https:\/\/tabaccomd.com\/wp-content\/uploads\/2025\/07\/aladin-shisha-mvp-rocket-red-fade-53cm.JPG","type":"gallery","alt":"aladin-shisha-mvp-rocket-red-fade-53cm","filename":"aladin-shisha-mvp-rocket-red-fade-53cm.JPG"},{"url":"https:\/\/tabaccomd.com\/wp-content\/uploads\/2024\/09\/aladin-shisha-mvp-460-blue-shiny-46cm-5.JPG","type":"gallery","alt":"aladin-shisha-mvp-460-blue-shiny-46cm-5","filename":"aladin-shisha-mvp-460-blue-shiny-46cm-5.JPG"},{"url":"https:\/\/tabaccomd.com\/wp-content\/uploads\/2025\/07\/aladin-shisha-mvp-rocket-blue-fade-53cm-3.JPG","type":"gallery","alt":"aladin-shisha-mvp-rocket-blue-fade-53cm-3","filename":"aladin-shisha-mvp-rocket-blue-fade-53cm-3.JPG"},{"url":"https:\/\/tabaccomd.com\/wp-content\/uploads\/2024\/09\/aladin-shisha-mvp-460-blue-shiny-46cm-4.JPG","type":"gallery","alt":"aladin-shisha-mvp-460-blue-shiny-46cm-4","filename":"aladin-shisha-mvp-460-blue-shiny-46cm-4.JPG"},{"url":"https:\/\/tabaccomd.com\/wp-content\/uploads\/2024\/09\/aladin-shisha-mvp-460-blue-shiny-46cm-2.JPG","type":"gallery","alt":"aladin-shisha-mvp-460-blue-shiny-46cm-2","filename":"aladin-shisha-mvp-460-blue-shiny-46cm-2.JPG"}],"additional_data_1c":{"modified_date":"2025-07-10 10:20:19","permalink":"https:\/\/tabaccomd.com\/ro\/product\/narghilea-aladin-mvp-rocket-red-fade-53cm\/","stock_status":"instock","manage_stock":"no"},"_links":{"self":[{"href":"https:\/\/tabaccomd.com\/ro\/wp-json\/wp\/v2\/product\/152853","targetHints":{"allow":["GET"]}}],"collection":[{"href":"https:\/\/tabaccomd.com\/ro\/wp-json\/wp\/v2\/product"}],"about":[{"href":"https:\/\/tabaccomd.com\/ro\/wp-json\/wp\/v2\/types\/product"}],"wp:featuredmedia":[{"embeddable":true,"href":"https:\/\/tabaccomd.com\/ro\/wp-json\/wp\/v2\/media\/152846"}],"wp:attachment":[{"href":"https:\/\/tabaccomd.com\/ro\/wp-json\/wp\/v2\/media?parent=152853"}],"wp:term":[{"taxonomy":"product_brand","embeddable":true,"href":"https:\/\/tabaccomd.com\/ro\/wp-json\/wp\/v2\/product_brand?post=152853"},{"taxonomy":"product_cat","embeddable":true,"href":"https:\/\/tabaccomd.com\/ro\/wp-json\/wp\/v2\/product_cat?post=152853"},{"taxonomy":"product_tag","embeddable":true,"href":"https:\/\/tabaccomd.com\/ro\/wp-json\/wp\/v2\/product_tag?post=152853"}],"curies":[{"name":"wp","href":"https:\/\/api.w.org\/{rel}","templated":true}]}}