{"id":152084,"date":"2025-06-25T15:10:10","date_gmt":"2025-06-25T12:10:10","guid":{"rendered":"https:\/\/tabaccomd.com\/product\/whisky-glenmorangie-nectar-dor-16-years-0-7l\/"},"modified":"2025-06-25T15:10:10","modified_gmt":"2025-06-25T12:10:10","slug":"whisky-glenmorangie-nectar-dor-16-years-0-7l","status":"publish","type":"product","link":"https:\/\/tabaccomd.com\/ro\/product\/whisky-glenmorangie-nectar-dor-16-years-0-7l\/","title":{"rendered":"Whisky Glenmorangie Nectar D\u2019Or 16 Years 0.7l"},"content":{"rendered":"<p>Glenmorangie Nectar D\u2019Or 16 Years este un <a href=\"https:\/\/tabaccomd.com\/ro\/categorie-produs\/alcool-2\/whisky-2\/\">whisky<\/a> single malt sco\u021bian premium din regiunea Highlands, creat de doctorul Bill Lumsden ca o interpretare mai matur\u0103 \u0219i mai complex\u0103 a versiunii originale Nectar D&#8217;Or. Acest whisky este maturat timp de 14 ani \u00een butoaie de bourbon, apoi finisat timp de \u00eenc\u0103 2 ani \u00een butoaie atent selec\u021bionate de vinuri albe dulci din Fran\u021ba, Spania \u0219i Ungaria. Pentru aceast\u0103 finisare, au fost folosite butoaie de vin Sauternes \u0219i Monbazillac (Fran\u021ba), care adaug\u0103 note de brio\u0219e, bezea \u0219i mere coapte; butoaie de vin Moscatel (Spania) \u2014 pentru accente dulci, siropoase; \u0219i butoaie de vin Tokaji (Ungaria), care ofer\u0103 nuan\u021be de ciocolat\u0103 alb\u0103, migdale \u0219i faguri de miere. Glenmorangie Nectar D\u2019Or 16 Years este un whisky profund rafinat, cu un caracter pronun\u021bat de desert, ideal pentru momente de r\u0103sf\u0103\u021b savurat pe \u00eendelete.<\/p>\n<ul>\n<li data-start=\"707\" data-end=\"1068\"><strong data-start=\"707\" data-end=\"719\">Culoare:<\/strong> auriu intens, cu reflexe de miere<\/li>\n<li data-start=\"707\" data-end=\"1068\"><strong data-start=\"757\" data-end=\"767\">Arom\u0103:<\/strong> fructe caramelizate, tart\u0103 de l\u0103m\u00e2ie, condimente, miere, ciocolat\u0103 alb\u0103<\/li>\n<li data-start=\"707\" data-end=\"1068\"><strong data-start=\"843\" data-end=\"852\">Gust:<\/strong> cremos \u0219i bogat, cu note de coaj\u0103 de citrice, produse de patiserie, migdale, miere \u0219i fructe \u00een sirop<\/li>\n<li data-start=\"707\" data-end=\"1068\"><strong data-start=\"958\" data-end=\"971\">Postgust:<\/strong> lung \u0219i stratificat, cu dulcea\u021b\u0103 de vanilie, o u\u0219oar\u0103 am\u0103real\u0103 de stejar \u0219i prospe\u021bime fructat\u0103<\/li>\n<\/ul>\n<p>Pute\u021bi achizi\u021biona whisky Glenmorangie Nectar D\u2019Or 16 Years 0.7l \u00een Moldova, Chi\u0219in\u0103u, \u00een re\u021beaua de magazine Tabacco House.<\/p>\n","protected":false},"excerpt":{"rendered":"<ul>\n<li>\u021aara produc\u0103toare: Regiunea Highland, Sco\u021bia<\/li>\n<li>Produc\u0103tor: Glenmorangie Distillery Company Ltd.<\/li>\n<li>T\u0103rie: 46%<\/li>\n<li>Tip: Single malt<\/li>\n<li>Volum: 0,7l<\/li>\n<\/ul>\n","protected":false},"featured_media":152077,"template":"","meta":{"om_disable_all_campaigns":false,"_monsterinsights_skip_tracking":false,"_monsterinsights_sitenote_active":false,"_monsterinsights_sitenote_note":"","_monsterinsights_sitenote_category":0},"product_brand":[],"product_cat":[221],"product_tag":[],"class_list":{"0":"post-152084","1":"product","2":"type-product","3":"status-publish","4":"has-post-thumbnail","6":"product_cat-whisky-2","8":"first","9":"instock","10":"purchasable","11":"product-type-simple"},"aioseo_notices":[],"aioseo_head":"\n\t\t<!-- All in One SEO Pro 4.9.6.2 - aioseo.com -->\n\t<meta name=\"robots\" content=\"max-image-preview:large\" \/>\n\t<link rel=\"canonical\" href=\"https:\/\/tabaccomd.com\/ro\/product\/whisky-glenmorangie-nectar-dor-16-years-0-7l\/\" \/>\n\t<meta name=\"generator\" content=\"All in One SEO Pro (AIOSEO) 4.9.6.2\" \/>\n\t\t<meta property=\"og:locale\" content=\"ro_RO\" \/>\n\t\t<meta property=\"og:site_name\" content=\"Tabacco House \u2013 \u041c\u0430\u0433\u0430\u0437\u0438\u043d \u0442\u0430\u0431\u0430\u0447\u043d\u044b\u0445 \u0438\u0437\u0434\u0435\u043b\u0438\u0439\" \/>\n\t\t<meta property=\"og:type\" content=\"article\" \/>\n\t\t<meta property=\"og:title\" content=\"Whisky Glenmorangie Nectar D\u2019Or 16 Years 0.7l \u2013 Tabacco House\" \/>\n\t\t<meta property=\"og:url\" content=\"https:\/\/tabaccomd.com\/ro\/product\/whisky-glenmorangie-nectar-dor-16-years-0-7l\/\" \/>\n\t\t<meta property=\"article:published_time\" content=\"2025-06-25T12:10:10+00:00\" \/>\n\t\t<meta property=\"article:modified_time\" content=\"2025-06-25T12:10:10+00:00\" \/>\n\t\t<meta property=\"article:publisher\" content=\"https:\/\/www.facebook.com\/tabaccomd.com\/\" \/>\n\t\t<meta name=\"twitter:card\" content=\"summary_large_image\" \/>\n\t\t<meta name=\"twitter:title\" content=\"Whisky Glenmorangie Nectar D\u2019Or 16 Years 0.7l \u2013 Tabacco House\" \/>\n\t\t<script type=\"application\/ld+json\" class=\"aioseo-schema\">\n\t\t\t{\"@context\":\"https:\\\/\\\/schema.org\",\"@graph\":[{\"@type\":\"BreadcrumbList\",\"@id\":\"https:\\\/\\\/tabaccomd.com\\\/ro\\\/product\\\/whisky-glenmorangie-nectar-dor-16-years-0-7l\\\/#breadcrumblist\",\"itemListElement\":[{\"@type\":\"ListItem\",\"@id\":\"https:\\\/\\\/tabaccomd.com\\\/ro\\\/#listItem\",\"position\":1,\"name\":\"\\u0413\\u043b\\u0430\\u0432\\u043d\\u0430\\u044f\",\"item\":\"https:\\\/\\\/tabaccomd.com\\\/ro\\\/\",\"nextItem\":{\"@type\":\"ListItem\",\"@id\":\"https:\\\/\\\/tabaccomd.com\\\/ro\\\/catalog\\\/#listItem\",\"name\":\"Catalog\"}},{\"@type\":\"ListItem\",\"@id\":\"https:\\\/\\\/tabaccomd.com\\\/ro\\\/catalog\\\/#listItem\",\"position\":2,\"name\":\"Catalog\",\"item\":\"https:\\\/\\\/tabaccomd.com\\\/ro\\\/catalog\\\/\",\"nextItem\":{\"@type\":\"ListItem\",\"@id\":\"https:\\\/\\\/tabaccomd.com\\\/ro\\\/product-category\\\/alcool-2\\\/#listItem\",\"name\":\"Alcool\"},\"previousItem\":{\"@type\":\"ListItem\",\"@id\":\"https:\\\/\\\/tabaccomd.com\\\/ro\\\/#listItem\",\"name\":\"\\u0413\\u043b\\u0430\\u0432\\u043d\\u0430\\u044f\"}},{\"@type\":\"ListItem\",\"@id\":\"https:\\\/\\\/tabaccomd.com\\\/ro\\\/product-category\\\/alcool-2\\\/#listItem\",\"position\":3,\"name\":\"Alcool\",\"item\":\"https:\\\/\\\/tabaccomd.com\\\/ro\\\/product-category\\\/alcool-2\\\/\",\"nextItem\":{\"@type\":\"ListItem\",\"@id\":\"https:\\\/\\\/tabaccomd.com\\\/ro\\\/product-category\\\/alcool-2\\\/whisky-2\\\/#listItem\",\"name\":\"Whisky\"},\"previousItem\":{\"@type\":\"ListItem\",\"@id\":\"https:\\\/\\\/tabaccomd.com\\\/ro\\\/catalog\\\/#listItem\",\"name\":\"Catalog\"}},{\"@type\":\"ListItem\",\"@id\":\"https:\\\/\\\/tabaccomd.com\\\/ro\\\/product-category\\\/alcool-2\\\/whisky-2\\\/#listItem\",\"position\":4,\"name\":\"Whisky\",\"item\":\"https:\\\/\\\/tabaccomd.com\\\/ro\\\/product-category\\\/alcool-2\\\/whisky-2\\\/\",\"nextItem\":{\"@type\":\"ListItem\",\"@id\":\"https:\\\/\\\/tabaccomd.com\\\/ro\\\/product\\\/whisky-glenmorangie-nectar-dor-16-years-0-7l\\\/#listItem\",\"name\":\"Whisky Glenmorangie Nectar D\\u2019Or 16 Years 0.7l\"},\"previousItem\":{\"@type\":\"ListItem\",\"@id\":\"https:\\\/\\\/tabaccomd.com\\\/ro\\\/product-category\\\/alcool-2\\\/#listItem\",\"name\":\"Alcool\"}},{\"@type\":\"ListItem\",\"@id\":\"https:\\\/\\\/tabaccomd.com\\\/ro\\\/product\\\/whisky-glenmorangie-nectar-dor-16-years-0-7l\\\/#listItem\",\"position\":5,\"name\":\"Whisky Glenmorangie Nectar D\\u2019Or 16 Years 0.7l\",\"previousItem\":{\"@type\":\"ListItem\",\"@id\":\"https:\\\/\\\/tabaccomd.com\\\/ro\\\/product-category\\\/alcool-2\\\/whisky-2\\\/#listItem\",\"name\":\"Whisky\"}}]},{\"@type\":\"Organization\",\"@id\":\"https:\\\/\\\/tabaccomd.com\\\/ro\\\/#organization\",\"name\":\"Tabacco House\",\"description\":\"\\u041c\\u0430\\u0433\\u0430\\u0437\\u0438\\u043d \\u0442\\u0430\\u0431\\u0430\\u0447\\u043d\\u044b\\u0445 \\u0438\\u0437\\u0434\\u0435\\u043b\\u0438\\u0439\",\"url\":\"https:\\\/\\\/tabaccomd.com\\\/ro\\\/\",\"email\":\"Office@cazacuhouse.com\",\"telephone\":\"+37361000935\",\"logo\":{\"@type\":\"ImageObject\",\"url\":\"https:\\\/\\\/tabaccomd.com\\\/wp-content\\\/uploads\\\/2024\\\/02\\\/logo_header3.png\",\"@id\":\"https:\\\/\\\/tabaccomd.com\\\/ro\\\/product\\\/whisky-glenmorangie-nectar-dor-16-years-0-7l\\\/#organizationLogo\",\"width\":32,\"height\":32,\"caption\":\"Tabacco House\"},\"image\":{\"@id\":\"https:\\\/\\\/tabaccomd.com\\\/ro\\\/product\\\/whisky-glenmorangie-nectar-dor-16-years-0-7l\\\/#organizationLogo\"},\"sameAs\":[\"https:\\\/\\\/www.facebook.com\\\/tabaccomd.com\\\/\",\"https:\\\/\\\/www.instagram.com\\\/tabaccomd.com\\\/\"],\"address\":{\"@id\":\"https:\\\/\\\/tabaccomd.com\\\/ro\\\/#postaladdress\",\"@type\":\"PostalAddress\",\"streetAddress\":\"Strada Albi\\u015foara 4, Chi\\u0219in\\u0103u, Bulevardul \\u0218tefan cel Mare \\u0219i Sf\\u00eent 136, Chi\\u0219in\\u0103u\",\"addressLocality\":\"Chi\\u0219in\\u0103u\",\"addressCountry\":\"MD\"}},{\"@type\":\"Product\",\"@id\":\"https:\\\/\\\/tabaccomd.com\\\/ro\\\/product\\\/whisky-glenmorangie-nectar-dor-16-years-0-7l\\\/#wooCommerceProduct\",\"name\":\"Whisky Glenmorangie Nectar D\\u2019Or 16 Years 0.7l\",\"description\":\"\\u021aara produc\\u0103toare: Regiunea Highland, Sco\\u021bia\\r\\n \\tProduc\\u0103tor: Glenmorangie Distillery Company Ltd.\\r\\n \\tT\\u0103rie: 46%\\r\\n \\tTip: Single malt\\r\\n \\tVolum: 0,7l\",\"url\":\"https:\\\/\\\/tabaccomd.com\\\/ro\\\/product\\\/whisky-glenmorangie-nectar-dor-16-years-0-7l\\\/\",\"sku\":\"Glenmorangie Nectar D\\u2019Or 16 Years\",\"image\":{\"@type\":\"ImageObject\",\"url\":\"https:\\\/\\\/tabaccomd.com\\\/wp-content\\\/uploads\\\/2025\\\/06\\\/whisky-glenmorangie-nectar-d-or-16-years-07l-1.JPG\",\"@id\":\"https:\\\/\\\/tabaccomd.com\\\/ro\\\/product\\\/whisky-glenmorangie-nectar-dor-16-years-0-7l\\\/#productImage\",\"width\":1200,\"height\":1200,\"caption\":\"whisky-glenmorangie-nectar-d-or-16-years-07l-1\"},\"offers\":{\"@type\":\"Offer\",\"url\":\"https:\\\/\\\/tabaccomd.com\\\/ro\\\/product\\\/whisky-glenmorangie-nectar-dor-16-years-0-7l\\\/#wooCommerceOffer\",\"price\":1930,\"priceCurrency\":\"MDL\",\"category\":\"Whisky\",\"availability\":\"https:\\\/\\\/schema.org\\\/InStock\",\"priceSpecification\":{\"@type\":\"PriceSpecification\",\"price\":1930,\"priceCurrency\":\"MDL\",\"valueAddedTaxIncluded\":\"true\"},\"seller\":{\"@type\":\"Organization\",\"@id\":\"https:\\\/\\\/tabaccomd.com\\\/ro\\\/#organization\"}}},{\"@type\":\"WebPage\",\"@id\":\"https:\\\/\\\/tabaccomd.com\\\/ro\\\/product\\\/whisky-glenmorangie-nectar-dor-16-years-0-7l\\\/#webpage\",\"url\":\"https:\\\/\\\/tabaccomd.com\\\/ro\\\/product\\\/whisky-glenmorangie-nectar-dor-16-years-0-7l\\\/\",\"name\":\"Whisky Glenmorangie Nectar D\\u2019Or 16 Years 0.7l \\u2013 Tabacco House\",\"inLanguage\":\"ro-RO\",\"isPartOf\":{\"@id\":\"https:\\\/\\\/tabaccomd.com\\\/ro\\\/#website\"},\"breadcrumb\":{\"@id\":\"https:\\\/\\\/tabaccomd.com\\\/ro\\\/product\\\/whisky-glenmorangie-nectar-dor-16-years-0-7l\\\/#breadcrumblist\"},\"image\":{\"@type\":\"ImageObject\",\"url\":\"https:\\\/\\\/tabaccomd.com\\\/wp-content\\\/uploads\\\/2025\\\/06\\\/whisky-glenmorangie-nectar-d-or-16-years-07l-1.JPG\",\"@id\":\"https:\\\/\\\/tabaccomd.com\\\/ro\\\/product\\\/whisky-glenmorangie-nectar-dor-16-years-0-7l\\\/#mainImage\",\"width\":1200,\"height\":1200,\"caption\":\"whisky-glenmorangie-nectar-d-or-16-years-07l-1\"},\"primaryImageOfPage\":{\"@id\":\"https:\\\/\\\/tabaccomd.com\\\/ro\\\/product\\\/whisky-glenmorangie-nectar-dor-16-years-0-7l\\\/#mainImage\"},\"datePublished\":\"2025-06-25T15:10:10+03:00\",\"dateModified\":\"2025-06-25T15:10:10+03:00\"},{\"@type\":\"WebSite\",\"@id\":\"https:\\\/\\\/tabaccomd.com\\\/ro\\\/#website\",\"url\":\"https:\\\/\\\/tabaccomd.com\\\/ro\\\/\",\"name\":\"Tabacco House\",\"alternateName\":\"tobaccomd.com\",\"description\":\"\\u041c\\u0430\\u0433\\u0430\\u0437\\u0438\\u043d \\u0442\\u0430\\u0431\\u0430\\u0447\\u043d\\u044b\\u0445 \\u0438\\u0437\\u0434\\u0435\\u043b\\u0438\\u0439\",\"inLanguage\":\"ro-RO\",\"publisher\":{\"@id\":\"https:\\\/\\\/tabaccomd.com\\\/ro\\\/#organization\"}}]}\n\t\t<\/script>\n\t\t<!-- All in One SEO Pro -->\r\n\t\t<title>Whisky Glenmorangie Nectar D\u2019Or 16 Years 0.7l \u2013 Tabacco House<\/title>\n\n","aioseo_head_json":{"title":"Whisky Glenmorangie Nectar D\u2019Or 16 Years 0.7l \u2013 Tabacco House","description":"","canonical_url":"https:\/\/tabaccomd.com\/ro\/product\/whisky-glenmorangie-nectar-dor-16-years-0-7l\/","robots":"max-image-preview:large","keywords":"","webmasterTools":{"miscellaneous":""},"schema":{"@context":"https:\/\/schema.org","@graph":[{"@type":"BreadcrumbList","@id":"https:\/\/tabaccomd.com\/ro\/product\/whisky-glenmorangie-nectar-dor-16-years-0-7l\/#breadcrumblist","itemListElement":[{"@type":"ListItem","@id":"https:\/\/tabaccomd.com\/ro\/#listItem","position":1,"name":"\u0413\u043b\u0430\u0432\u043d\u0430\u044f","item":"https:\/\/tabaccomd.com\/ro\/","nextItem":{"@type":"ListItem","@id":"https:\/\/tabaccomd.com\/ro\/catalog\/#listItem","name":"Catalog"}},{"@type":"ListItem","@id":"https:\/\/tabaccomd.com\/ro\/catalog\/#listItem","position":2,"name":"Catalog","item":"https:\/\/tabaccomd.com\/ro\/catalog\/","nextItem":{"@type":"ListItem","@id":"https:\/\/tabaccomd.com\/ro\/product-category\/alcool-2\/#listItem","name":"Alcool"},"previousItem":{"@type":"ListItem","@id":"https:\/\/tabaccomd.com\/ro\/#listItem","name":"\u0413\u043b\u0430\u0432\u043d\u0430\u044f"}},{"@type":"ListItem","@id":"https:\/\/tabaccomd.com\/ro\/product-category\/alcool-2\/#listItem","position":3,"name":"Alcool","item":"https:\/\/tabaccomd.com\/ro\/product-category\/alcool-2\/","nextItem":{"@type":"ListItem","@id":"https:\/\/tabaccomd.com\/ro\/product-category\/alcool-2\/whisky-2\/#listItem","name":"Whisky"},"previousItem":{"@type":"ListItem","@id":"https:\/\/tabaccomd.com\/ro\/catalog\/#listItem","name":"Catalog"}},{"@type":"ListItem","@id":"https:\/\/tabaccomd.com\/ro\/product-category\/alcool-2\/whisky-2\/#listItem","position":4,"name":"Whisky","item":"https:\/\/tabaccomd.com\/ro\/product-category\/alcool-2\/whisky-2\/","nextItem":{"@type":"ListItem","@id":"https:\/\/tabaccomd.com\/ro\/product\/whisky-glenmorangie-nectar-dor-16-years-0-7l\/#listItem","name":"Whisky Glenmorangie Nectar D\u2019Or 16 Years 0.7l"},"previousItem":{"@type":"ListItem","@id":"https:\/\/tabaccomd.com\/ro\/product-category\/alcool-2\/#listItem","name":"Alcool"}},{"@type":"ListItem","@id":"https:\/\/tabaccomd.com\/ro\/product\/whisky-glenmorangie-nectar-dor-16-years-0-7l\/#listItem","position":5,"name":"Whisky Glenmorangie Nectar D\u2019Or 16 Years 0.7l","previousItem":{"@type":"ListItem","@id":"https:\/\/tabaccomd.com\/ro\/product-category\/alcool-2\/whisky-2\/#listItem","name":"Whisky"}}]},{"@type":"Organization","@id":"https:\/\/tabaccomd.com\/ro\/#organization","name":"Tabacco House","description":"\u041c\u0430\u0433\u0430\u0437\u0438\u043d \u0442\u0430\u0431\u0430\u0447\u043d\u044b\u0445 \u0438\u0437\u0434\u0435\u043b\u0438\u0439","url":"https:\/\/tabaccomd.com\/ro\/","email":"Office@cazacuhouse.com","telephone":"+37361000935","logo":{"@type":"ImageObject","url":"https:\/\/tabaccomd.com\/wp-content\/uploads\/2024\/02\/logo_header3.png","@id":"https:\/\/tabaccomd.com\/ro\/product\/whisky-glenmorangie-nectar-dor-16-years-0-7l\/#organizationLogo","width":32,"height":32,"caption":"Tabacco House"},"image":{"@id":"https:\/\/tabaccomd.com\/ro\/product\/whisky-glenmorangie-nectar-dor-16-years-0-7l\/#organizationLogo"},"sameAs":["https:\/\/www.facebook.com\/tabaccomd.com\/","https:\/\/www.instagram.com\/tabaccomd.com\/"],"address":{"@id":"https:\/\/tabaccomd.com\/ro\/#postaladdress","@type":"PostalAddress","streetAddress":"Strada Albi\u015foara 4, Chi\u0219in\u0103u, Bulevardul \u0218tefan cel Mare \u0219i Sf\u00eent 136, Chi\u0219in\u0103u","addressLocality":"Chi\u0219in\u0103u","addressCountry":"MD"}},{"@type":"Product","@id":"https:\/\/tabaccomd.com\/ro\/product\/whisky-glenmorangie-nectar-dor-16-years-0-7l\/#wooCommerceProduct","name":"Whisky Glenmorangie Nectar D\u2019Or 16 Years 0.7l","description":"\u021aara produc\u0103toare: Regiunea Highland, Sco\u021bia\r\n \tProduc\u0103tor: Glenmorangie Distillery Company Ltd.\r\n \tT\u0103rie: 46%\r\n \tTip: Single malt\r\n \tVolum: 0,7l","url":"https:\/\/tabaccomd.com\/ro\/product\/whisky-glenmorangie-nectar-dor-16-years-0-7l\/","sku":"Glenmorangie Nectar D\u2019Or 16 Years","image":{"@type":"ImageObject","url":"https:\/\/tabaccomd.com\/wp-content\/uploads\/2025\/06\/whisky-glenmorangie-nectar-d-or-16-years-07l-1.JPG","@id":"https:\/\/tabaccomd.com\/ro\/product\/whisky-glenmorangie-nectar-dor-16-years-0-7l\/#productImage","width":1200,"height":1200,"caption":"whisky-glenmorangie-nectar-d-or-16-years-07l-1"},"offers":{"@type":"Offer","url":"https:\/\/tabaccomd.com\/ro\/product\/whisky-glenmorangie-nectar-dor-16-years-0-7l\/#wooCommerceOffer","price":1930,"priceCurrency":"MDL","category":"Whisky","availability":"https:\/\/schema.org\/InStock","priceSpecification":{"@type":"PriceSpecification","price":1930,"priceCurrency":"MDL","valueAddedTaxIncluded":"true"},"seller":{"@type":"Organization","@id":"https:\/\/tabaccomd.com\/ro\/#organization"}}},{"@type":"WebPage","@id":"https:\/\/tabaccomd.com\/ro\/product\/whisky-glenmorangie-nectar-dor-16-years-0-7l\/#webpage","url":"https:\/\/tabaccomd.com\/ro\/product\/whisky-glenmorangie-nectar-dor-16-years-0-7l\/","name":"Whisky Glenmorangie Nectar D\u2019Or 16 Years 0.7l \u2013 Tabacco House","inLanguage":"ro-RO","isPartOf":{"@id":"https:\/\/tabaccomd.com\/ro\/#website"},"breadcrumb":{"@id":"https:\/\/tabaccomd.com\/ro\/product\/whisky-glenmorangie-nectar-dor-16-years-0-7l\/#breadcrumblist"},"image":{"@type":"ImageObject","url":"https:\/\/tabaccomd.com\/wp-content\/uploads\/2025\/06\/whisky-glenmorangie-nectar-d-or-16-years-07l-1.JPG","@id":"https:\/\/tabaccomd.com\/ro\/product\/whisky-glenmorangie-nectar-dor-16-years-0-7l\/#mainImage","width":1200,"height":1200,"caption":"whisky-glenmorangie-nectar-d-or-16-years-07l-1"},"primaryImageOfPage":{"@id":"https:\/\/tabaccomd.com\/ro\/product\/whisky-glenmorangie-nectar-dor-16-years-0-7l\/#mainImage"},"datePublished":"2025-06-25T15:10:10+03:00","dateModified":"2025-06-25T15:10:10+03:00"},{"@type":"WebSite","@id":"https:\/\/tabaccomd.com\/ro\/#website","url":"https:\/\/tabaccomd.com\/ro\/","name":"Tabacco House","alternateName":"tobaccomd.com","description":"\u041c\u0430\u0433\u0430\u0437\u0438\u043d \u0442\u0430\u0431\u0430\u0447\u043d\u044b\u0445 \u0438\u0437\u0434\u0435\u043b\u0438\u0439","inLanguage":"ro-RO","publisher":{"@id":"https:\/\/tabaccomd.com\/ro\/#organization"}}]},"og:locale":"ro_RO","og:site_name":"Tabacco House \u2013 \u041c\u0430\u0433\u0430\u0437\u0438\u043d \u0442\u0430\u0431\u0430\u0447\u043d\u044b\u0445 \u0438\u0437\u0434\u0435\u043b\u0438\u0439","og:type":"article","og:title":"Whisky Glenmorangie Nectar D\u2019Or 16 Years 0.7l \u2013 Tabacco House","og:url":"https:\/\/tabaccomd.com\/ro\/product\/whisky-glenmorangie-nectar-dor-16-years-0-7l\/","article:published_time":"2025-06-25T12:10:10+00:00","article:modified_time":"2025-06-25T12:10:10+00:00","article:publisher":"https:\/\/www.facebook.com\/tabaccomd.com\/","twitter:card":"summary_large_image","twitter:title":"Whisky Glenmorangie Nectar D\u2019Or 16 Years 0.7l \u2013 Tabacco House"},"aioseo_meta_data":{"post_id":"152084","title":null,"description":null,"keywords":null,"keyphrases":null,"primary_term":null,"canonical_url":null,"og_title":null,"og_description":null,"og_object_type":"default","og_image_type":"default","og_image_url":null,"og_image_width":null,"og_image_height":null,"og_image_custom_url":null,"og_image_custom_fields":null,"og_video":null,"og_custom_url":null,"og_article_section":null,"og_article_tags":null,"twitter_use_og":false,"twitter_card":"default","twitter_image_type":"default","twitter_image_url":null,"twitter_image_custom_url":null,"twitter_image_custom_fields":null,"twitter_title":null,"twitter_description":null,"schema":{"blockGraphs":[],"customGraphs":[],"default":{"data":{"Article":[],"Course":[],"Dataset":[],"FAQPage":[],"Movie":[],"Person":[],"Product":[],"ProductReview":[],"Car":[],"Recipe":[],"Service":[],"SoftwareApplication":[],"WebPage":[]},"graphName":"Product","isEnabled":true},"graphs":[]},"schema_type":"default","schema_type_options":null,"pillar_content":false,"robots_default":true,"robots_noindex":false,"robots_noarchive":false,"robots_nosnippet":false,"robots_nofollow":false,"robots_noimageindex":false,"robots_noodp":false,"robots_notranslate":false,"robots_max_snippet":null,"robots_max_videopreview":null,"robots_max_imagepreview":"large","priority":null,"frequency":null,"local_seo":null,"seo_analyzer_scan_date":"2025-10-20 21:57:59","breadcrumb_settings":null,"limit_modified_date":false,"reviewed_by":null,"open_ai":null,"ai":null,"created":"2025-07-02 13:20:01","updated":"2025-10-20 21:57:59"},"aioseo_breadcrumb":"<div class=\"aioseo-breadcrumbs\"><span class=\"aioseo-breadcrumb\">\n\t<a href=\"https:\/\/tabaccomd.com\/ro\/\" title=\"\u0413\u043b\u0430\u0432\u043d\u0430\u044f\">\u0413\u043b\u0430\u0432\u043d\u0430\u044f<\/a>\n<\/span><span class=\"aioseo-breadcrumb-separator\">\u00bb<\/span><span class=\"aioseo-breadcrumb\">\n\t<a href=\"https:\/\/tabaccomd.com\/ro\/catalog\/\" title=\"Catalog\">Catalog<\/a>\n<\/span><span class=\"aioseo-breadcrumb-separator\">\u00bb<\/span><span class=\"aioseo-breadcrumb\">\n\t<a href=\"https:\/\/tabaccomd.com\/ro\/product-category\/alcool-2\/\" title=\"Alcool\">Alcool<\/a>\n<\/span><span class=\"aioseo-breadcrumb-separator\">\u00bb<\/span><span class=\"aioseo-breadcrumb\">\n\t<a href=\"https:\/\/tabaccomd.com\/ro\/product-category\/alcool-2\/whisky-2\/\" title=\"Whisky\">Whisky<\/a>\n<\/span><span class=\"aioseo-breadcrumb-separator\">\u00bb<\/span><span class=\"aioseo-breadcrumb\">\n\tWhisky Glenmorangie Nectar D\u2019Or 16 Years 0.7l\n<\/span><\/div>","aioseo_breadcrumb_json":[{"label":"\u0413\u043b\u0430\u0432\u043d\u0430\u044f","link":"https:\/\/tabaccomd.com\/ro\/"},{"label":"Catalog","link":"https:\/\/tabaccomd.com\/ro\/catalog\/"},{"label":"Alcool","link":"https:\/\/tabaccomd.com\/ro\/product-category\/alcool-2\/"},{"label":"Whisky","link":"https:\/\/tabaccomd.com\/ro\/product-category\/alcool-2\/whisky-2\/"},{"label":"Whisky Glenmorangie Nectar D\u2019Or 16 Years 0.7l","link":"https:\/\/tabaccomd.com\/ro\/product\/whisky-glenmorangie-nectar-dor-16-years-0-7l\/"}],"images_for_1c":[{"url":"https:\/\/tabaccomd.com\/wp-content\/uploads\/2025\/06\/whisky-glenmorangie-nectar-d-or-16-years-07l-1.JPG","type":"featured","alt":"whisky-glenmorangie-nectar-d-or-16-years-07l-1","filename":"whisky-glenmorangie-nectar-d-or-16-years-07l-1.JPG"},{"url":"https:\/\/tabaccomd.com\/wp-content\/uploads\/2025\/06\/whisky-glenmorangie-nectar-d-or-16-years-07l-2.JPG","type":"gallery","alt":"whisky-glenmorangie-nectar-d-or-16-years-07l-2","filename":"whisky-glenmorangie-nectar-d-or-16-years-07l-2.JPG"},{"url":"https:\/\/tabaccomd.com\/wp-content\/uploads\/2025\/06\/whisky-glenmorangie-nectar-d-or-16-years-07l.JPG","type":"gallery","alt":"whisky-glenmorangie-nectar-d-or-16-years-07l","filename":"whisky-glenmorangie-nectar-d-or-16-years-07l.JPG"},{"url":"https:\/\/tabaccomd.com\/wp-content\/uploads\/2025\/06\/whisky-glenmorangie-nectar-d-or-16-years-07l-0.JPG","type":"gallery","alt":"whisky-glenmorangie-nectar-d-or-16-years-07l-0","filename":"whisky-glenmorangie-nectar-d-or-16-years-07l-0.JPG"}],"additional_data_1c":{"modified_date":"2025-06-25 15:10:10","permalink":"https:\/\/tabaccomd.com\/ro\/product\/whisky-glenmorangie-nectar-dor-16-years-0-7l\/","stock_status":"instock","manage_stock":"no"},"_links":{"self":[{"href":"https:\/\/tabaccomd.com\/ro\/wp-json\/wp\/v2\/product\/152084","targetHints":{"allow":["GET"]}}],"collection":[{"href":"https:\/\/tabaccomd.com\/ro\/wp-json\/wp\/v2\/product"}],"about":[{"href":"https:\/\/tabaccomd.com\/ro\/wp-json\/wp\/v2\/types\/product"}],"wp:featuredmedia":[{"embeddable":true,"href":"https:\/\/tabaccomd.com\/ro\/wp-json\/wp\/v2\/media\/152077"}],"wp:attachment":[{"href":"https:\/\/tabaccomd.com\/ro\/wp-json\/wp\/v2\/media?parent=152084"}],"wp:term":[{"taxonomy":"product_brand","embeddable":true,"href":"https:\/\/tabaccomd.com\/ro\/wp-json\/wp\/v2\/product_brand?post=152084"},{"taxonomy":"product_cat","embeddable":true,"href":"https:\/\/tabaccomd.com\/ro\/wp-json\/wp\/v2\/product_cat?post=152084"},{"taxonomy":"product_tag","embeddable":true,"href":"https:\/\/tabaccomd.com\/ro\/wp-json\/wp\/v2\/product_tag?post=152084"}],"curies":[{"name":"wp","href":"https:\/\/api.w.org\/{rel}","templated":true}]}}