{"id":151920,"date":"2025-06-25T15:10:33","date_gmt":"2025-06-25T12:10:33","guid":{"rendered":"https:\/\/tabaccomd.com\/product\/vodca-morosha-sinevir-07l\/"},"modified":"2025-06-25T15:10:33","modified_gmt":"2025-06-25T12:10:33","slug":"vodca-morosha-sinevir-07l","status":"publish","type":"product","link":"https:\/\/tabaccomd.com\/ro\/product\/vodca-morosha-sinevir-07l\/","title":{"rendered":"Vodc\u0103 Morosha Sinevir 0,7l"},"content":{"rendered":"<p>Morosha Sinevir Vodka este o\u00a0<a href=\"https:\/\/tabaccomd.com\/ro\/categorie-produs\/alcool-2\/vodca-2\/\">vodc\u0103<\/a>\u00a0premium ucrainean\u0103, cunoscut\u0103 pentru lejeritatea sa special\u0103 \u0219i gustul expresiv, memorabil. Caracterul s\u0103u se formeaz\u0103 datorit\u0103 combina\u021biei dintre alcoolul etilic de cea mai \u00eenalt\u0103 calitate, de tip \u201eLux\u201d, distilatele aromatice din tei \u0219i eucalipt, precum \u0219i apa mineral\u0103 pur\u0103 dintr-un izvor carpatic situat l\u00e2ng\u0103 lacul Sinevir \u2014 cel mai \u00eenalt lac natural din Ucraina, aflat la altitudinea de 989 metri deasupra nivelului m\u0103rii. Aceast\u0103 compozi\u021bie confer\u0103 b\u0103uturii un parfum rafinat, note vegetale delicate \u0219i un postgust fin, lipsit de asprime. Morosha Sinevir este produs\u0103 de compania Global Spirits \u2014 unul dintre cele mai mari holdinguri din industria b\u0103uturilor alcoolice din Europa de Est. \u021aara de origine: Ucraina. Este alegerea ideal\u0103 pentru cei care caut\u0103 un profil natural, deosebit, \u00eentr-o prezentare clasic\u0103 \u2014 o vodc\u0103 u\u0219oar\u0103, proasp\u0103t\u0103, cu un caracter autentic carpatin.<\/p>\n<p>Pute\u021bi achizi\u021biona vodca Morosha Sinevir 0,7l \u00een Moldova, Chi\u0219in\u0103u, \u00een re\u021beaua de magazine Tabacco House.<\/p>\n","protected":false},"excerpt":{"rendered":"<div class=\"uncode_text_column\">\n<ul>\n<li>Produc\u0103tor: Global Spirits<\/li>\n<li>\u021aara produc\u0103toare: Ucraina<\/li>\n<li>Volum: 0,7l<\/li>\n<li>T\u0103rie: 40%<\/li>\n<\/ul>\n<\/div>\n<form class=\"cart dynamic-button\" action=\"https:\/\/tabaccomd.com\/ro\/produs\/vodca-morosha-sinevir-05l\/\" enctype=\"multipart\/form-data\" method=\"post\"><\/form>\n","protected":false},"featured_media":151917,"template":"","meta":{"om_disable_all_campaigns":false,"_monsterinsights_skip_tracking":false,"_monsterinsights_sitenote_active":false,"_monsterinsights_sitenote_note":"","_monsterinsights_sitenote_category":0},"product_brand":[],"product_cat":[219],"product_tag":[],"class_list":{"0":"post-151920","1":"product","2":"type-product","3":"status-publish","4":"has-post-thumbnail","6":"product_cat-vodca-2","8":"first","9":"instock","10":"purchasable","11":"product-type-simple"},"aioseo_notices":[],"aioseo_head":"\n\t\t<!-- All in One SEO Pro 4.9.6.2 - aioseo.com -->\n\t<meta name=\"robots\" content=\"max-image-preview:large\" \/>\n\t<link rel=\"canonical\" href=\"https:\/\/tabaccomd.com\/ro\/product\/vodca-morosha-sinevir-07l\/\" \/>\n\t<meta name=\"generator\" content=\"All in One SEO Pro (AIOSEO) 4.9.6.2\" \/>\n\t\t<meta property=\"og:locale\" content=\"ro_RO\" \/>\n\t\t<meta property=\"og:site_name\" content=\"Tabacco House \u2013 \u041c\u0430\u0433\u0430\u0437\u0438\u043d \u0442\u0430\u0431\u0430\u0447\u043d\u044b\u0445 \u0438\u0437\u0434\u0435\u043b\u0438\u0439\" \/>\n\t\t<meta property=\"og:type\" content=\"article\" \/>\n\t\t<meta property=\"og:title\" content=\"Vodc\u0103 Morosha Sinevir 0,7l \u2013 Tabacco House\" \/>\n\t\t<meta property=\"og:url\" content=\"https:\/\/tabaccomd.com\/ro\/product\/vodca-morosha-sinevir-07l\/\" \/>\n\t\t<meta property=\"article:published_time\" content=\"2025-06-25T12:10:33+00:00\" \/>\n\t\t<meta property=\"article:modified_time\" content=\"2025-06-25T12:10:33+00:00\" \/>\n\t\t<meta property=\"article:publisher\" content=\"https:\/\/www.facebook.com\/tabaccomd.com\/\" \/>\n\t\t<meta name=\"twitter:card\" content=\"summary_large_image\" \/>\n\t\t<meta name=\"twitter:title\" content=\"Vodc\u0103 Morosha Sinevir 0,7l \u2013 Tabacco House\" \/>\n\t\t<script type=\"application\/ld+json\" class=\"aioseo-schema\">\n\t\t\t{\"@context\":\"https:\\\/\\\/schema.org\",\"@graph\":[{\"@type\":\"BreadcrumbList\",\"@id\":\"https:\\\/\\\/tabaccomd.com\\\/ro\\\/product\\\/vodca-morosha-sinevir-07l\\\/#breadcrumblist\",\"itemListElement\":[{\"@type\":\"ListItem\",\"@id\":\"https:\\\/\\\/tabaccomd.com\\\/ro\\\/#listItem\",\"position\":1,\"name\":\"\\u0413\\u043b\\u0430\\u0432\\u043d\\u0430\\u044f\",\"item\":\"https:\\\/\\\/tabaccomd.com\\\/ro\\\/\",\"nextItem\":{\"@type\":\"ListItem\",\"@id\":\"https:\\\/\\\/tabaccomd.com\\\/ro\\\/catalog\\\/#listItem\",\"name\":\"Catalog\"}},{\"@type\":\"ListItem\",\"@id\":\"https:\\\/\\\/tabaccomd.com\\\/ro\\\/catalog\\\/#listItem\",\"position\":2,\"name\":\"Catalog\",\"item\":\"https:\\\/\\\/tabaccomd.com\\\/ro\\\/catalog\\\/\",\"nextItem\":{\"@type\":\"ListItem\",\"@id\":\"https:\\\/\\\/tabaccomd.com\\\/ro\\\/product-category\\\/alcool-2\\\/#listItem\",\"name\":\"Alcool\"},\"previousItem\":{\"@type\":\"ListItem\",\"@id\":\"https:\\\/\\\/tabaccomd.com\\\/ro\\\/#listItem\",\"name\":\"\\u0413\\u043b\\u0430\\u0432\\u043d\\u0430\\u044f\"}},{\"@type\":\"ListItem\",\"@id\":\"https:\\\/\\\/tabaccomd.com\\\/ro\\\/product-category\\\/alcool-2\\\/#listItem\",\"position\":3,\"name\":\"Alcool\",\"item\":\"https:\\\/\\\/tabaccomd.com\\\/ro\\\/product-category\\\/alcool-2\\\/\",\"nextItem\":{\"@type\":\"ListItem\",\"@id\":\"https:\\\/\\\/tabaccomd.com\\\/ro\\\/product-category\\\/alcool-2\\\/vodca-2\\\/#listItem\",\"name\":\"Vodc\\u0103\"},\"previousItem\":{\"@type\":\"ListItem\",\"@id\":\"https:\\\/\\\/tabaccomd.com\\\/ro\\\/catalog\\\/#listItem\",\"name\":\"Catalog\"}},{\"@type\":\"ListItem\",\"@id\":\"https:\\\/\\\/tabaccomd.com\\\/ro\\\/product-category\\\/alcool-2\\\/vodca-2\\\/#listItem\",\"position\":4,\"name\":\"Vodc\\u0103\",\"item\":\"https:\\\/\\\/tabaccomd.com\\\/ro\\\/product-category\\\/alcool-2\\\/vodca-2\\\/\",\"nextItem\":{\"@type\":\"ListItem\",\"@id\":\"https:\\\/\\\/tabaccomd.com\\\/ro\\\/product\\\/vodca-morosha-sinevir-07l\\\/#listItem\",\"name\":\"Vodc\\u0103 Morosha Sinevir 0,7l\"},\"previousItem\":{\"@type\":\"ListItem\",\"@id\":\"https:\\\/\\\/tabaccomd.com\\\/ro\\\/product-category\\\/alcool-2\\\/#listItem\",\"name\":\"Alcool\"}},{\"@type\":\"ListItem\",\"@id\":\"https:\\\/\\\/tabaccomd.com\\\/ro\\\/product\\\/vodca-morosha-sinevir-07l\\\/#listItem\",\"position\":5,\"name\":\"Vodc\\u0103 Morosha Sinevir 0,7l\",\"previousItem\":{\"@type\":\"ListItem\",\"@id\":\"https:\\\/\\\/tabaccomd.com\\\/ro\\\/product-category\\\/alcool-2\\\/vodca-2\\\/#listItem\",\"name\":\"Vodc\\u0103\"}}]},{\"@type\":\"Organization\",\"@id\":\"https:\\\/\\\/tabaccomd.com\\\/ro\\\/#organization\",\"name\":\"Tabacco House\",\"description\":\"\\u041c\\u0430\\u0433\\u0430\\u0437\\u0438\\u043d \\u0442\\u0430\\u0431\\u0430\\u0447\\u043d\\u044b\\u0445 \\u0438\\u0437\\u0434\\u0435\\u043b\\u0438\\u0439\",\"url\":\"https:\\\/\\\/tabaccomd.com\\\/ro\\\/\",\"email\":\"Office@cazacuhouse.com\",\"telephone\":\"+37361000935\",\"logo\":{\"@type\":\"ImageObject\",\"url\":\"https:\\\/\\\/tabaccomd.com\\\/wp-content\\\/uploads\\\/2024\\\/02\\\/logo_header3.png\",\"@id\":\"https:\\\/\\\/tabaccomd.com\\\/ro\\\/product\\\/vodca-morosha-sinevir-07l\\\/#organizationLogo\",\"width\":32,\"height\":32,\"caption\":\"Tabacco House\"},\"image\":{\"@id\":\"https:\\\/\\\/tabaccomd.com\\\/ro\\\/product\\\/vodca-morosha-sinevir-07l\\\/#organizationLogo\"},\"sameAs\":[\"https:\\\/\\\/www.facebook.com\\\/tabaccomd.com\\\/\",\"https:\\\/\\\/www.instagram.com\\\/tabaccomd.com\\\/\"],\"address\":{\"@id\":\"https:\\\/\\\/tabaccomd.com\\\/ro\\\/#postaladdress\",\"@type\":\"PostalAddress\",\"streetAddress\":\"Strada Albi\\u015foara 4, Chi\\u0219in\\u0103u, Bulevardul \\u0218tefan cel Mare \\u0219i Sf\\u00eent 136, Chi\\u0219in\\u0103u\",\"addressLocality\":\"Chi\\u0219in\\u0103u\",\"addressCountry\":\"MD\"}},{\"@type\":\"Product\",\"@id\":\"https:\\\/\\\/tabaccomd.com\\\/ro\\\/product\\\/vodca-morosha-sinevir-07l\\\/#wooCommerceProduct\",\"name\":\"Vodc\\u0103 Morosha Sinevir 0,7l\",\"description\":\"Produc\\u0103tor: Global Spirits\\r\\n \\t\\u021aara produc\\u0103toare: Ucraina\\r\\n \\tVolum: 0,7l\\r\\n \\tT\\u0103rie: 40%\",\"url\":\"https:\\\/\\\/tabaccomd.com\\\/ro\\\/product\\\/vodca-morosha-sinevir-07l\\\/\",\"sku\":\"Morosha Sinevir 0,7l\",\"image\":{\"@type\":\"ImageObject\",\"url\":\"https:\\\/\\\/tabaccomd.com\\\/wp-content\\\/uploads\\\/2025\\\/03\\\/vodka-morosha-sinevir-07l.JPG\",\"@id\":\"https:\\\/\\\/tabaccomd.com\\\/ro\\\/product\\\/vodca-morosha-sinevir-07l\\\/#productImage\",\"width\":1200,\"height\":1200,\"caption\":\"vodka-morosha-sinevir-07l\"},\"offers\":{\"@type\":\"Offer\",\"url\":\"https:\\\/\\\/tabaccomd.com\\\/ro\\\/product\\\/vodca-morosha-sinevir-07l\\\/#wooCommerceOffer\",\"price\":195,\"priceCurrency\":\"MDL\",\"category\":\"Vodc\\u0103\",\"availability\":\"https:\\\/\\\/schema.org\\\/InStock\",\"priceSpecification\":{\"@type\":\"PriceSpecification\",\"price\":195,\"priceCurrency\":\"MDL\",\"valueAddedTaxIncluded\":\"true\"},\"seller\":{\"@type\":\"Organization\",\"@id\":\"https:\\\/\\\/tabaccomd.com\\\/ro\\\/#organization\"}}},{\"@type\":\"WebPage\",\"@id\":\"https:\\\/\\\/tabaccomd.com\\\/ro\\\/product\\\/vodca-morosha-sinevir-07l\\\/#webpage\",\"url\":\"https:\\\/\\\/tabaccomd.com\\\/ro\\\/product\\\/vodca-morosha-sinevir-07l\\\/\",\"name\":\"Vodc\\u0103 Morosha Sinevir 0,7l \\u2013 Tabacco House\",\"inLanguage\":\"ro-RO\",\"isPartOf\":{\"@id\":\"https:\\\/\\\/tabaccomd.com\\\/ro\\\/#website\"},\"breadcrumb\":{\"@id\":\"https:\\\/\\\/tabaccomd.com\\\/ro\\\/product\\\/vodca-morosha-sinevir-07l\\\/#breadcrumblist\"},\"image\":{\"@type\":\"ImageObject\",\"url\":\"https:\\\/\\\/tabaccomd.com\\\/wp-content\\\/uploads\\\/2025\\\/03\\\/vodka-morosha-sinevir-07l.JPG\",\"@id\":\"https:\\\/\\\/tabaccomd.com\\\/ro\\\/product\\\/vodca-morosha-sinevir-07l\\\/#mainImage\",\"width\":1200,\"height\":1200,\"caption\":\"vodka-morosha-sinevir-07l\"},\"primaryImageOfPage\":{\"@id\":\"https:\\\/\\\/tabaccomd.com\\\/ro\\\/product\\\/vodca-morosha-sinevir-07l\\\/#mainImage\"},\"datePublished\":\"2025-06-25T15:10:33+03:00\",\"dateModified\":\"2025-06-25T15:10:33+03:00\"},{\"@type\":\"WebSite\",\"@id\":\"https:\\\/\\\/tabaccomd.com\\\/ro\\\/#website\",\"url\":\"https:\\\/\\\/tabaccomd.com\\\/ro\\\/\",\"name\":\"Tabacco House\",\"alternateName\":\"tobaccomd.com\",\"description\":\"\\u041c\\u0430\\u0433\\u0430\\u0437\\u0438\\u043d \\u0442\\u0430\\u0431\\u0430\\u0447\\u043d\\u044b\\u0445 \\u0438\\u0437\\u0434\\u0435\\u043b\\u0438\\u0439\",\"inLanguage\":\"ro-RO\",\"publisher\":{\"@id\":\"https:\\\/\\\/tabaccomd.com\\\/ro\\\/#organization\"}}]}\n\t\t<\/script>\n\t\t<!-- All in One SEO Pro -->\r\n\t\t<title>Vodc\u0103 Morosha Sinevir 0,7l \u2013 Tabacco House<\/title>\n\n","aioseo_head_json":{"title":"Vodc\u0103 Morosha Sinevir 0,7l \u2013 Tabacco House","description":"","canonical_url":"https:\/\/tabaccomd.com\/ro\/product\/vodca-morosha-sinevir-07l\/","robots":"max-image-preview:large","keywords":"","webmasterTools":{"miscellaneous":""},"schema":{"@context":"https:\/\/schema.org","@graph":[{"@type":"BreadcrumbList","@id":"https:\/\/tabaccomd.com\/ro\/product\/vodca-morosha-sinevir-07l\/#breadcrumblist","itemListElement":[{"@type":"ListItem","@id":"https:\/\/tabaccomd.com\/ro\/#listItem","position":1,"name":"\u0413\u043b\u0430\u0432\u043d\u0430\u044f","item":"https:\/\/tabaccomd.com\/ro\/","nextItem":{"@type":"ListItem","@id":"https:\/\/tabaccomd.com\/ro\/catalog\/#listItem","name":"Catalog"}},{"@type":"ListItem","@id":"https:\/\/tabaccomd.com\/ro\/catalog\/#listItem","position":2,"name":"Catalog","item":"https:\/\/tabaccomd.com\/ro\/catalog\/","nextItem":{"@type":"ListItem","@id":"https:\/\/tabaccomd.com\/ro\/product-category\/alcool-2\/#listItem","name":"Alcool"},"previousItem":{"@type":"ListItem","@id":"https:\/\/tabaccomd.com\/ro\/#listItem","name":"\u0413\u043b\u0430\u0432\u043d\u0430\u044f"}},{"@type":"ListItem","@id":"https:\/\/tabaccomd.com\/ro\/product-category\/alcool-2\/#listItem","position":3,"name":"Alcool","item":"https:\/\/tabaccomd.com\/ro\/product-category\/alcool-2\/","nextItem":{"@type":"ListItem","@id":"https:\/\/tabaccomd.com\/ro\/product-category\/alcool-2\/vodca-2\/#listItem","name":"Vodc\u0103"},"previousItem":{"@type":"ListItem","@id":"https:\/\/tabaccomd.com\/ro\/catalog\/#listItem","name":"Catalog"}},{"@type":"ListItem","@id":"https:\/\/tabaccomd.com\/ro\/product-category\/alcool-2\/vodca-2\/#listItem","position":4,"name":"Vodc\u0103","item":"https:\/\/tabaccomd.com\/ro\/product-category\/alcool-2\/vodca-2\/","nextItem":{"@type":"ListItem","@id":"https:\/\/tabaccomd.com\/ro\/product\/vodca-morosha-sinevir-07l\/#listItem","name":"Vodc\u0103 Morosha Sinevir 0,7l"},"previousItem":{"@type":"ListItem","@id":"https:\/\/tabaccomd.com\/ro\/product-category\/alcool-2\/#listItem","name":"Alcool"}},{"@type":"ListItem","@id":"https:\/\/tabaccomd.com\/ro\/product\/vodca-morosha-sinevir-07l\/#listItem","position":5,"name":"Vodc\u0103 Morosha Sinevir 0,7l","previousItem":{"@type":"ListItem","@id":"https:\/\/tabaccomd.com\/ro\/product-category\/alcool-2\/vodca-2\/#listItem","name":"Vodc\u0103"}}]},{"@type":"Organization","@id":"https:\/\/tabaccomd.com\/ro\/#organization","name":"Tabacco House","description":"\u041c\u0430\u0433\u0430\u0437\u0438\u043d \u0442\u0430\u0431\u0430\u0447\u043d\u044b\u0445 \u0438\u0437\u0434\u0435\u043b\u0438\u0439","url":"https:\/\/tabaccomd.com\/ro\/","email":"Office@cazacuhouse.com","telephone":"+37361000935","logo":{"@type":"ImageObject","url":"https:\/\/tabaccomd.com\/wp-content\/uploads\/2024\/02\/logo_header3.png","@id":"https:\/\/tabaccomd.com\/ro\/product\/vodca-morosha-sinevir-07l\/#organizationLogo","width":32,"height":32,"caption":"Tabacco House"},"image":{"@id":"https:\/\/tabaccomd.com\/ro\/product\/vodca-morosha-sinevir-07l\/#organizationLogo"},"sameAs":["https:\/\/www.facebook.com\/tabaccomd.com\/","https:\/\/www.instagram.com\/tabaccomd.com\/"],"address":{"@id":"https:\/\/tabaccomd.com\/ro\/#postaladdress","@type":"PostalAddress","streetAddress":"Strada Albi\u015foara 4, Chi\u0219in\u0103u, Bulevardul \u0218tefan cel Mare \u0219i Sf\u00eent 136, Chi\u0219in\u0103u","addressLocality":"Chi\u0219in\u0103u","addressCountry":"MD"}},{"@type":"Product","@id":"https:\/\/tabaccomd.com\/ro\/product\/vodca-morosha-sinevir-07l\/#wooCommerceProduct","name":"Vodc\u0103 Morosha Sinevir 0,7l","description":"Produc\u0103tor: Global Spirits\r\n \t\u021aara produc\u0103toare: Ucraina\r\n \tVolum: 0,7l\r\n \tT\u0103rie: 40%","url":"https:\/\/tabaccomd.com\/ro\/product\/vodca-morosha-sinevir-07l\/","sku":"Morosha Sinevir 0,7l","image":{"@type":"ImageObject","url":"https:\/\/tabaccomd.com\/wp-content\/uploads\/2025\/03\/vodka-morosha-sinevir-07l.JPG","@id":"https:\/\/tabaccomd.com\/ro\/product\/vodca-morosha-sinevir-07l\/#productImage","width":1200,"height":1200,"caption":"vodka-morosha-sinevir-07l"},"offers":{"@type":"Offer","url":"https:\/\/tabaccomd.com\/ro\/product\/vodca-morosha-sinevir-07l\/#wooCommerceOffer","price":195,"priceCurrency":"MDL","category":"Vodc\u0103","availability":"https:\/\/schema.org\/InStock","priceSpecification":{"@type":"PriceSpecification","price":195,"priceCurrency":"MDL","valueAddedTaxIncluded":"true"},"seller":{"@type":"Organization","@id":"https:\/\/tabaccomd.com\/ro\/#organization"}}},{"@type":"WebPage","@id":"https:\/\/tabaccomd.com\/ro\/product\/vodca-morosha-sinevir-07l\/#webpage","url":"https:\/\/tabaccomd.com\/ro\/product\/vodca-morosha-sinevir-07l\/","name":"Vodc\u0103 Morosha Sinevir 0,7l \u2013 Tabacco House","inLanguage":"ro-RO","isPartOf":{"@id":"https:\/\/tabaccomd.com\/ro\/#website"},"breadcrumb":{"@id":"https:\/\/tabaccomd.com\/ro\/product\/vodca-morosha-sinevir-07l\/#breadcrumblist"},"image":{"@type":"ImageObject","url":"https:\/\/tabaccomd.com\/wp-content\/uploads\/2025\/03\/vodka-morosha-sinevir-07l.JPG","@id":"https:\/\/tabaccomd.com\/ro\/product\/vodca-morosha-sinevir-07l\/#mainImage","width":1200,"height":1200,"caption":"vodka-morosha-sinevir-07l"},"primaryImageOfPage":{"@id":"https:\/\/tabaccomd.com\/ro\/product\/vodca-morosha-sinevir-07l\/#mainImage"},"datePublished":"2025-06-25T15:10:33+03:00","dateModified":"2025-06-25T15:10:33+03:00"},{"@type":"WebSite","@id":"https:\/\/tabaccomd.com\/ro\/#website","url":"https:\/\/tabaccomd.com\/ro\/","name":"Tabacco House","alternateName":"tobaccomd.com","description":"\u041c\u0430\u0433\u0430\u0437\u0438\u043d \u0442\u0430\u0431\u0430\u0447\u043d\u044b\u0445 \u0438\u0437\u0434\u0435\u043b\u0438\u0439","inLanguage":"ro-RO","publisher":{"@id":"https:\/\/tabaccomd.com\/ro\/#organization"}}]},"og:locale":"ro_RO","og:site_name":"Tabacco House \u2013 \u041c\u0430\u0433\u0430\u0437\u0438\u043d \u0442\u0430\u0431\u0430\u0447\u043d\u044b\u0445 \u0438\u0437\u0434\u0435\u043b\u0438\u0439","og:type":"article","og:title":"Vodc\u0103 Morosha Sinevir 0,7l \u2013 Tabacco House","og:url":"https:\/\/tabaccomd.com\/ro\/product\/vodca-morosha-sinevir-07l\/","article:published_time":"2025-06-25T12:10:33+00:00","article:modified_time":"2025-06-25T12:10:33+00:00","article:publisher":"https:\/\/www.facebook.com\/tabaccomd.com\/","twitter:card":"summary_large_image","twitter:title":"Vodc\u0103 Morosha Sinevir 0,7l \u2013 Tabacco House"},"aioseo_meta_data":{"post_id":"151920","title":null,"description":null,"keywords":null,"keyphrases":null,"primary_term":null,"canonical_url":null,"og_title":null,"og_description":null,"og_object_type":"default","og_image_type":"default","og_image_url":null,"og_image_width":null,"og_image_height":null,"og_image_custom_url":null,"og_image_custom_fields":null,"og_video":null,"og_custom_url":null,"og_article_section":null,"og_article_tags":null,"twitter_use_og":false,"twitter_card":"default","twitter_image_type":"default","twitter_image_url":null,"twitter_image_custom_url":null,"twitter_image_custom_fields":null,"twitter_title":null,"twitter_description":null,"schema":{"blockGraphs":[],"customGraphs":[],"default":{"data":{"Article":[],"Course":[],"Dataset":[],"FAQPage":[],"Movie":[],"Person":[],"Product":[],"ProductReview":[],"Car":[],"Recipe":[],"Service":[],"SoftwareApplication":[],"WebPage":[]},"graphName":"Product","isEnabled":true},"graphs":[]},"schema_type":"default","schema_type_options":null,"pillar_content":false,"robots_default":true,"robots_noindex":false,"robots_noarchive":false,"robots_nosnippet":false,"robots_nofollow":false,"robots_noimageindex":false,"robots_noodp":false,"robots_notranslate":false,"robots_max_snippet":null,"robots_max_videopreview":null,"robots_max_imagepreview":"large","priority":null,"frequency":null,"local_seo":null,"seo_analyzer_scan_date":"2025-10-20 21:58:00","breadcrumb_settings":null,"limit_modified_date":false,"reviewed_by":null,"open_ai":null,"ai":null,"created":"2025-07-01 09:04:05","updated":"2025-10-20 21:58:00"},"aioseo_breadcrumb":"<div class=\"aioseo-breadcrumbs\"><span class=\"aioseo-breadcrumb\">\n\t<a href=\"https:\/\/tabaccomd.com\/ro\/\" title=\"\u0413\u043b\u0430\u0432\u043d\u0430\u044f\">\u0413\u043b\u0430\u0432\u043d\u0430\u044f<\/a>\n<\/span><span class=\"aioseo-breadcrumb-separator\">\u00bb<\/span><span class=\"aioseo-breadcrumb\">\n\t<a href=\"https:\/\/tabaccomd.com\/ro\/catalog\/\" title=\"Catalog\">Catalog<\/a>\n<\/span><span class=\"aioseo-breadcrumb-separator\">\u00bb<\/span><span class=\"aioseo-breadcrumb\">\n\t<a href=\"https:\/\/tabaccomd.com\/ro\/product-category\/alcool-2\/\" title=\"Alcool\">Alcool<\/a>\n<\/span><span class=\"aioseo-breadcrumb-separator\">\u00bb<\/span><span class=\"aioseo-breadcrumb\">\n\t<a href=\"https:\/\/tabaccomd.com\/ro\/product-category\/alcool-2\/vodca-2\/\" title=\"Vodc\u0103\">Vodc\u0103<\/a>\n<\/span><span class=\"aioseo-breadcrumb-separator\">\u00bb<\/span><span class=\"aioseo-breadcrumb\">\n\tVodc\u0103 Morosha Sinevir 0,7l\n<\/span><\/div>","aioseo_breadcrumb_json":[{"label":"\u0413\u043b\u0430\u0432\u043d\u0430\u044f","link":"https:\/\/tabaccomd.com\/ro\/"},{"label":"Catalog","link":"https:\/\/tabaccomd.com\/ro\/catalog\/"},{"label":"Alcool","link":"https:\/\/tabaccomd.com\/ro\/product-category\/alcool-2\/"},{"label":"Vodc\u0103","link":"https:\/\/tabaccomd.com\/ro\/product-category\/alcool-2\/vodca-2\/"},{"label":"Vodc\u0103 Morosha Sinevir 0,7l","link":"https:\/\/tabaccomd.com\/ro\/product\/vodca-morosha-sinevir-07l\/"}],"images_for_1c":[{"url":"https:\/\/tabaccomd.com\/wp-content\/uploads\/2025\/03\/vodka-morosha-sinevir-07l.JPG","type":"featured","alt":"vodka-morosha-sinevir-07l","filename":"vodka-morosha-sinevir-07l.JPG"},{"url":"https:\/\/tabaccomd.com\/wp-content\/uploads\/2025\/03\/vodka-morosha-sinevir-07l-0.JPG","type":"gallery","alt":"vodka-morosha-sinevir-07l-0","filename":"vodka-morosha-sinevir-07l-0.JPG"}],"additional_data_1c":{"modified_date":"2025-06-25 15:10:33","permalink":"https:\/\/tabaccomd.com\/ro\/product\/vodca-morosha-sinevir-07l\/","stock_status":"instock","manage_stock":"no"},"_links":{"self":[{"href":"https:\/\/tabaccomd.com\/ro\/wp-json\/wp\/v2\/product\/151920","targetHints":{"allow":["GET"]}}],"collection":[{"href":"https:\/\/tabaccomd.com\/ro\/wp-json\/wp\/v2\/product"}],"about":[{"href":"https:\/\/tabaccomd.com\/ro\/wp-json\/wp\/v2\/types\/product"}],"wp:featuredmedia":[{"embeddable":true,"href":"https:\/\/tabaccomd.com\/ro\/wp-json\/wp\/v2\/media\/151917"}],"wp:attachment":[{"href":"https:\/\/tabaccomd.com\/ro\/wp-json\/wp\/v2\/media?parent=151920"}],"wp:term":[{"taxonomy":"product_brand","embeddable":true,"href":"https:\/\/tabaccomd.com\/ro\/wp-json\/wp\/v2\/product_brand?post=151920"},{"taxonomy":"product_cat","embeddable":true,"href":"https:\/\/tabaccomd.com\/ro\/wp-json\/wp\/v2\/product_cat?post=151920"},{"taxonomy":"product_tag","embeddable":true,"href":"https:\/\/tabaccomd.com\/ro\/wp-json\/wp\/v2\/product_tag?post=151920"}],"curies":[{"name":"wp","href":"https:\/\/api.w.org\/{rel}","templated":true}]}}