{"id":151862,"date":"2025-06-25T10:11:03","date_gmt":"2025-06-25T07:11:03","guid":{"rendered":"https:\/\/tabaccomd.com\/product\/vodca-titos-handmade-vodka-05l\/"},"modified":"2025-06-25T10:11:03","modified_gmt":"2025-06-25T07:11:03","slug":"vodca-titos-handmade-vodka-05l","status":"publish","type":"product","link":"https:\/\/tabaccomd.com\/ro\/product\/vodca-titos-handmade-vodka-05l\/","title":{"rendered":"Vodc\u0103 Tito&#8217;s Handmade Vodka 0,5l"},"content":{"rendered":"<p>Tito\u2019s Handmade Vodka este o <a href=\"https:\/\/tabaccomd.com\/ro\/categorie-produs\/alcool-2\/vodca-2\/\">vodc\u0103<\/a> premium american\u0103, produs\u0103 manual \u00een Austin, statul Texas. Povestea sa a \u00eenceput la mijlocul anilor \u201990, c\u00e2nd Bert \u201eTito\u201d Beveridge \u2014 geofizician de profesie \u0219i pasionat de distilare \u2014 a decis s\u0103 creeze o vodc\u0103 cu o fine\u021be excep\u021bional\u0103 \u0219i o calitate superioar\u0103. Tito\u2019s a devenit prima distilerie licen\u021biat\u0103 din Texas \u0219i, de atunci, s-a transformat \u00eentr-unul dintre cele mai recunoscute \u0219i respectate branduri din SUA \u0219i din \u00eentreaga lume. Vodca este produs\u0103 printr-o metod\u0103 tradi\u021bional\u0103 de distilare de \u0219ase ori \u00een alambicuri din cupru \u2014 exact cum se face cu cele mai bune sortimente de whisky sau coniac. Spre deosebire de majoritatea vodcilor fabricate din gr\u00e2u sau secar\u0103, Tito\u2019s este f\u0103cut\u0103 din porumb, ceea ce o face \u00een mod natural f\u0103r\u0103 gluten \u0219i \u00eei confer\u0103 un gust u\u0219or dulceag, neted, f\u0103r\u0103 arsuri. Aroma sa este neutr\u0103, curat\u0103, cu note fine de cereale, iar gustul unul foarte fin, echilibrat, cu o dulcea\u021b\u0103 subtil\u0103 \u0219i o textur\u0103 catifelat\u0103. Tito\u2019s Handmade Vodka este ideal\u0103 at\u00e2t pentru cocktailuri, c\u00e2t \u0219i pentru a fi savurat\u0103 simpl\u0103, cu ghea\u021b\u0103. Este alegerea celor care apreciaz\u0103 autenticitatea, me\u0219te\u0219ugul \u0219i calitatea \u00eenalt\u0103 f\u0103r\u0103 excesivitate.<\/p>\n<p>Pute\u021bi achizi\u021biona vodca Tito&#8217;s Handmade Vodka 0,5l \u00een Moldova, Chi\u0219in\u0103u, \u00een re\u021beaua de magazine Tabacco House.<\/p>\n","protected":false},"excerpt":{"rendered":"<ul>\n<li>Produc\u0103tor: Fifth Generation Inc.<\/li>\n<li>\u021aara produc\u0103toare: Austin, Texas, SUA<\/li>\n<li>Volum: 0,5l<\/li>\n<li>T\u0103rie: 40%<\/li>\n<\/ul>\n","protected":false},"featured_media":151861,"template":"","meta":{"om_disable_all_campaigns":false,"_monsterinsights_skip_tracking":false,"_monsterinsights_sitenote_active":false,"_monsterinsights_sitenote_note":"","_monsterinsights_sitenote_category":0},"product_brand":[],"product_cat":[219],"product_tag":[],"class_list":{"0":"post-151862","1":"product","2":"type-product","3":"status-publish","4":"has-post-thumbnail","6":"product_cat-vodca-2","8":"first","9":"instock","10":"purchasable","11":"product-type-simple"},"aioseo_notices":[],"aioseo_head":"\n\t\t<!-- All in One SEO Pro 4.9.5.2 - aioseo.com -->\n\t<meta name=\"robots\" content=\"max-image-preview:large\" \/>\n\t<link rel=\"canonical\" href=\"https:\/\/tabaccomd.com\/ro\/product\/vodca-titos-handmade-vodka-05l\/\" \/>\n\t<meta name=\"generator\" content=\"All in One SEO Pro (AIOSEO) 4.9.5.2\" \/>\n\t\t<meta property=\"og:locale\" content=\"ro_RO\" \/>\n\t\t<meta property=\"og:site_name\" content=\"Tabacco House \u2013 \u041c\u0430\u0433\u0430\u0437\u0438\u043d \u0442\u0430\u0431\u0430\u0447\u043d\u044b\u0445 \u0438\u0437\u0434\u0435\u043b\u0438\u0439\" \/>\n\t\t<meta property=\"og:type\" content=\"article\" \/>\n\t\t<meta property=\"og:title\" content=\"Vodc\u0103 Tito\u2019s Handmade Vodka 0,5l \u2013 Tabacco House\" \/>\n\t\t<meta property=\"og:url\" content=\"https:\/\/tabaccomd.com\/ro\/product\/vodca-titos-handmade-vodka-05l\/\" \/>\n\t\t<meta property=\"article:published_time\" content=\"2025-06-25T07:11:03+00:00\" \/>\n\t\t<meta property=\"article:modified_time\" content=\"2025-06-25T07:11:03+00:00\" \/>\n\t\t<meta property=\"article:publisher\" content=\"https:\/\/www.facebook.com\/tabaccomd.com\/\" \/>\n\t\t<meta name=\"twitter:card\" content=\"summary_large_image\" \/>\n\t\t<meta name=\"twitter:title\" content=\"Vodc\u0103 Tito\u2019s Handmade Vodka 0,5l \u2013 Tabacco House\" \/>\n\t\t<script type=\"application\/ld+json\" class=\"aioseo-schema\">\n\t\t\t{\"@context\":\"https:\\\/\\\/schema.org\",\"@graph\":[{\"@type\":\"BreadcrumbList\",\"@id\":\"https:\\\/\\\/tabaccomd.com\\\/ro\\\/product\\\/vodca-titos-handmade-vodka-05l\\\/#breadcrumblist\",\"itemListElement\":[{\"@type\":\"ListItem\",\"@id\":\"https:\\\/\\\/tabaccomd.com\\\/ro\\\/#listItem\",\"position\":1,\"name\":\"\\u0413\\u043b\\u0430\\u0432\\u043d\\u0430\\u044f\",\"item\":\"https:\\\/\\\/tabaccomd.com\\\/ro\\\/\",\"nextItem\":{\"@type\":\"ListItem\",\"@id\":\"https:\\\/\\\/tabaccomd.com\\\/ro\\\/catalog\\\/#listItem\",\"name\":\"Catalog\"}},{\"@type\":\"ListItem\",\"@id\":\"https:\\\/\\\/tabaccomd.com\\\/ro\\\/catalog\\\/#listItem\",\"position\":2,\"name\":\"Catalog\",\"item\":\"https:\\\/\\\/tabaccomd.com\\\/ro\\\/catalog\\\/\",\"nextItem\":{\"@type\":\"ListItem\",\"@id\":\"https:\\\/\\\/tabaccomd.com\\\/ro\\\/product-category\\\/alcool-2\\\/#listItem\",\"name\":\"Alcool\"},\"previousItem\":{\"@type\":\"ListItem\",\"@id\":\"https:\\\/\\\/tabaccomd.com\\\/ro\\\/#listItem\",\"name\":\"\\u0413\\u043b\\u0430\\u0432\\u043d\\u0430\\u044f\"}},{\"@type\":\"ListItem\",\"@id\":\"https:\\\/\\\/tabaccomd.com\\\/ro\\\/product-category\\\/alcool-2\\\/#listItem\",\"position\":3,\"name\":\"Alcool\",\"item\":\"https:\\\/\\\/tabaccomd.com\\\/ro\\\/product-category\\\/alcool-2\\\/\",\"nextItem\":{\"@type\":\"ListItem\",\"@id\":\"https:\\\/\\\/tabaccomd.com\\\/ro\\\/product-category\\\/alcool-2\\\/vodca-2\\\/#listItem\",\"name\":\"Vodc\\u0103\"},\"previousItem\":{\"@type\":\"ListItem\",\"@id\":\"https:\\\/\\\/tabaccomd.com\\\/ro\\\/catalog\\\/#listItem\",\"name\":\"Catalog\"}},{\"@type\":\"ListItem\",\"@id\":\"https:\\\/\\\/tabaccomd.com\\\/ro\\\/product-category\\\/alcool-2\\\/vodca-2\\\/#listItem\",\"position\":4,\"name\":\"Vodc\\u0103\",\"item\":\"https:\\\/\\\/tabaccomd.com\\\/ro\\\/product-category\\\/alcool-2\\\/vodca-2\\\/\",\"nextItem\":{\"@type\":\"ListItem\",\"@id\":\"https:\\\/\\\/tabaccomd.com\\\/ro\\\/product\\\/vodca-titos-handmade-vodka-05l\\\/#listItem\",\"name\":\"Vodc\\u0103 Tito&#8217;s Handmade Vodka 0,5l\"},\"previousItem\":{\"@type\":\"ListItem\",\"@id\":\"https:\\\/\\\/tabaccomd.com\\\/ro\\\/product-category\\\/alcool-2\\\/#listItem\",\"name\":\"Alcool\"}},{\"@type\":\"ListItem\",\"@id\":\"https:\\\/\\\/tabaccomd.com\\\/ro\\\/product\\\/vodca-titos-handmade-vodka-05l\\\/#listItem\",\"position\":5,\"name\":\"Vodc\\u0103 Tito&#8217;s Handmade Vodka 0,5l\",\"previousItem\":{\"@type\":\"ListItem\",\"@id\":\"https:\\\/\\\/tabaccomd.com\\\/ro\\\/product-category\\\/alcool-2\\\/vodca-2\\\/#listItem\",\"name\":\"Vodc\\u0103\"}}]},{\"@type\":\"Organization\",\"@id\":\"https:\\\/\\\/tabaccomd.com\\\/ro\\\/#organization\",\"name\":\"Tabacco House\",\"description\":\"\\u041c\\u0430\\u0433\\u0430\\u0437\\u0438\\u043d \\u0442\\u0430\\u0431\\u0430\\u0447\\u043d\\u044b\\u0445 \\u0438\\u0437\\u0434\\u0435\\u043b\\u0438\\u0439\",\"url\":\"https:\\\/\\\/tabaccomd.com\\\/ro\\\/\",\"email\":\"Office@cazacuhouse.com\",\"telephone\":\"+37361000935\",\"logo\":{\"@type\":\"ImageObject\",\"url\":\"https:\\\/\\\/tabaccomd.com\\\/wp-content\\\/uploads\\\/2024\\\/02\\\/logo_header3.png\",\"@id\":\"https:\\\/\\\/tabaccomd.com\\\/ro\\\/product\\\/vodca-titos-handmade-vodka-05l\\\/#organizationLogo\",\"width\":32,\"height\":32,\"caption\":\"Tabacco House\"},\"image\":{\"@id\":\"https:\\\/\\\/tabaccomd.com\\\/ro\\\/product\\\/vodca-titos-handmade-vodka-05l\\\/#organizationLogo\"},\"sameAs\":[\"https:\\\/\\\/www.facebook.com\\\/tabaccomd.com\\\/\",\"https:\\\/\\\/www.instagram.com\\\/tabaccomd.com\\\/\"],\"address\":{\"@id\":\"https:\\\/\\\/tabaccomd.com\\\/ro\\\/#postaladdress\",\"@type\":\"PostalAddress\",\"streetAddress\":\"Strada Albi\\u015foara 4, Chi\\u0219in\\u0103u, Bulevardul \\u0218tefan cel Mare \\u0219i Sf\\u00eent 136, Chi\\u0219in\\u0103u\",\"addressLocality\":\"Chi\\u0219in\\u0103u\",\"addressCountry\":\"MD\"}},{\"@type\":\"Product\",\"@id\":\"https:\\\/\\\/tabaccomd.com\\\/ro\\\/product\\\/vodca-titos-handmade-vodka-05l\\\/#wooCommerceProduct\",\"name\":\"Vodc\\u0103 Tito's Handmade Vodka 0,5l\",\"description\":\"Produc\\u0103tor: Fifth Generation Inc.\\r\\n \\t\\u021aara produc\\u0103toare: Austin, Texas, SUA\\r\\n \\tVolum: 0,5l\\r\\n \\tT\\u0103rie: 40%\",\"url\":\"https:\\\/\\\/tabaccomd.com\\\/ro\\\/product\\\/vodca-titos-handmade-vodka-05l\\\/\",\"sku\":\"Tito's Handmade Vodka\",\"image\":{\"@type\":\"ImageObject\",\"url\":\"https:\\\/\\\/tabaccomd.com\\\/wp-content\\\/uploads\\\/2024\\\/09\\\/titos-handmade-vodka-05l.JPG\",\"@id\":\"https:\\\/\\\/tabaccomd.com\\\/ro\\\/product\\\/vodca-titos-handmade-vodka-05l\\\/#productImage\",\"width\":1200,\"height\":1200,\"caption\":\"titos-handmade-vodka-05l\"},\"offers\":{\"@type\":\"Offer\",\"url\":\"https:\\\/\\\/tabaccomd.com\\\/ro\\\/product\\\/vodca-titos-handmade-vodka-05l\\\/#wooCommerceOffer\",\"price\":300,\"priceCurrency\":\"MDL\",\"category\":\"Vodc\\u0103\",\"availability\":\"https:\\\/\\\/schema.org\\\/InStock\",\"priceSpecification\":{\"@type\":\"PriceSpecification\",\"price\":300,\"priceCurrency\":\"MDL\",\"valueAddedTaxIncluded\":\"true\"},\"seller\":{\"@type\":\"Organization\",\"@id\":\"https:\\\/\\\/tabaccomd.com\\\/ro\\\/#organization\"}}},{\"@type\":\"WebPage\",\"@id\":\"https:\\\/\\\/tabaccomd.com\\\/ro\\\/product\\\/vodca-titos-handmade-vodka-05l\\\/#webpage\",\"url\":\"https:\\\/\\\/tabaccomd.com\\\/ro\\\/product\\\/vodca-titos-handmade-vodka-05l\\\/\",\"name\":\"Vodc\\u0103 Tito\\u2019s Handmade Vodka 0,5l \\u2013 Tabacco House\",\"inLanguage\":\"ro-RO\",\"isPartOf\":{\"@id\":\"https:\\\/\\\/tabaccomd.com\\\/ro\\\/#website\"},\"breadcrumb\":{\"@id\":\"https:\\\/\\\/tabaccomd.com\\\/ro\\\/product\\\/vodca-titos-handmade-vodka-05l\\\/#breadcrumblist\"},\"image\":{\"@type\":\"ImageObject\",\"url\":\"https:\\\/\\\/tabaccomd.com\\\/wp-content\\\/uploads\\\/2024\\\/09\\\/titos-handmade-vodka-05l.JPG\",\"@id\":\"https:\\\/\\\/tabaccomd.com\\\/ro\\\/product\\\/vodca-titos-handmade-vodka-05l\\\/#mainImage\",\"width\":1200,\"height\":1200,\"caption\":\"titos-handmade-vodka-05l\"},\"primaryImageOfPage\":{\"@id\":\"https:\\\/\\\/tabaccomd.com\\\/ro\\\/product\\\/vodca-titos-handmade-vodka-05l\\\/#mainImage\"},\"datePublished\":\"2025-06-25T10:11:03+03:00\",\"dateModified\":\"2025-06-25T10:11:03+03:00\"},{\"@type\":\"WebSite\",\"@id\":\"https:\\\/\\\/tabaccomd.com\\\/ro\\\/#website\",\"url\":\"https:\\\/\\\/tabaccomd.com\\\/ro\\\/\",\"name\":\"Tabacco House\",\"alternateName\":\"tobaccomd.com\",\"description\":\"\\u041c\\u0430\\u0433\\u0430\\u0437\\u0438\\u043d \\u0442\\u0430\\u0431\\u0430\\u0447\\u043d\\u044b\\u0445 \\u0438\\u0437\\u0434\\u0435\\u043b\\u0438\\u0439\",\"inLanguage\":\"ro-RO\",\"publisher\":{\"@id\":\"https:\\\/\\\/tabaccomd.com\\\/ro\\\/#organization\"}}]}\n\t\t<\/script>\n\t\t<!-- All in One SEO Pro -->\r\n\t\t<title>Vodc\u0103 Tito\u2019s Handmade Vodka 0,5l \u2013 Tabacco House<\/title>\n\n","aioseo_head_json":{"title":"Vodc\u0103 Tito\u2019s Handmade Vodka 0,5l \u2013 Tabacco House","description":"","canonical_url":"https:\/\/tabaccomd.com\/ro\/product\/vodca-titos-handmade-vodka-05l\/","robots":"max-image-preview:large","keywords":"","webmasterTools":{"miscellaneous":""},"schema":{"@context":"https:\/\/schema.org","@graph":[{"@type":"BreadcrumbList","@id":"https:\/\/tabaccomd.com\/ro\/product\/vodca-titos-handmade-vodka-05l\/#breadcrumblist","itemListElement":[{"@type":"ListItem","@id":"https:\/\/tabaccomd.com\/ro\/#listItem","position":1,"name":"\u0413\u043b\u0430\u0432\u043d\u0430\u044f","item":"https:\/\/tabaccomd.com\/ro\/","nextItem":{"@type":"ListItem","@id":"https:\/\/tabaccomd.com\/ro\/catalog\/#listItem","name":"Catalog"}},{"@type":"ListItem","@id":"https:\/\/tabaccomd.com\/ro\/catalog\/#listItem","position":2,"name":"Catalog","item":"https:\/\/tabaccomd.com\/ro\/catalog\/","nextItem":{"@type":"ListItem","@id":"https:\/\/tabaccomd.com\/ro\/product-category\/alcool-2\/#listItem","name":"Alcool"},"previousItem":{"@type":"ListItem","@id":"https:\/\/tabaccomd.com\/ro\/#listItem","name":"\u0413\u043b\u0430\u0432\u043d\u0430\u044f"}},{"@type":"ListItem","@id":"https:\/\/tabaccomd.com\/ro\/product-category\/alcool-2\/#listItem","position":3,"name":"Alcool","item":"https:\/\/tabaccomd.com\/ro\/product-category\/alcool-2\/","nextItem":{"@type":"ListItem","@id":"https:\/\/tabaccomd.com\/ro\/product-category\/alcool-2\/vodca-2\/#listItem","name":"Vodc\u0103"},"previousItem":{"@type":"ListItem","@id":"https:\/\/tabaccomd.com\/ro\/catalog\/#listItem","name":"Catalog"}},{"@type":"ListItem","@id":"https:\/\/tabaccomd.com\/ro\/product-category\/alcool-2\/vodca-2\/#listItem","position":4,"name":"Vodc\u0103","item":"https:\/\/tabaccomd.com\/ro\/product-category\/alcool-2\/vodca-2\/","nextItem":{"@type":"ListItem","@id":"https:\/\/tabaccomd.com\/ro\/product\/vodca-titos-handmade-vodka-05l\/#listItem","name":"Vodc\u0103 Tito&#8217;s Handmade Vodka 0,5l"},"previousItem":{"@type":"ListItem","@id":"https:\/\/tabaccomd.com\/ro\/product-category\/alcool-2\/#listItem","name":"Alcool"}},{"@type":"ListItem","@id":"https:\/\/tabaccomd.com\/ro\/product\/vodca-titos-handmade-vodka-05l\/#listItem","position":5,"name":"Vodc\u0103 Tito&#8217;s Handmade Vodka 0,5l","previousItem":{"@type":"ListItem","@id":"https:\/\/tabaccomd.com\/ro\/product-category\/alcool-2\/vodca-2\/#listItem","name":"Vodc\u0103"}}]},{"@type":"Organization","@id":"https:\/\/tabaccomd.com\/ro\/#organization","name":"Tabacco House","description":"\u041c\u0430\u0433\u0430\u0437\u0438\u043d \u0442\u0430\u0431\u0430\u0447\u043d\u044b\u0445 \u0438\u0437\u0434\u0435\u043b\u0438\u0439","url":"https:\/\/tabaccomd.com\/ro\/","email":"Office@cazacuhouse.com","telephone":"+37361000935","logo":{"@type":"ImageObject","url":"https:\/\/tabaccomd.com\/wp-content\/uploads\/2024\/02\/logo_header3.png","@id":"https:\/\/tabaccomd.com\/ro\/product\/vodca-titos-handmade-vodka-05l\/#organizationLogo","width":32,"height":32,"caption":"Tabacco House"},"image":{"@id":"https:\/\/tabaccomd.com\/ro\/product\/vodca-titos-handmade-vodka-05l\/#organizationLogo"},"sameAs":["https:\/\/www.facebook.com\/tabaccomd.com\/","https:\/\/www.instagram.com\/tabaccomd.com\/"],"address":{"@id":"https:\/\/tabaccomd.com\/ro\/#postaladdress","@type":"PostalAddress","streetAddress":"Strada Albi\u015foara 4, Chi\u0219in\u0103u, Bulevardul \u0218tefan cel Mare \u0219i Sf\u00eent 136, Chi\u0219in\u0103u","addressLocality":"Chi\u0219in\u0103u","addressCountry":"MD"}},{"@type":"Product","@id":"https:\/\/tabaccomd.com\/ro\/product\/vodca-titos-handmade-vodka-05l\/#wooCommerceProduct","name":"Vodc\u0103 Tito's Handmade Vodka 0,5l","description":"Produc\u0103tor: Fifth Generation Inc.\r\n \t\u021aara produc\u0103toare: Austin, Texas, SUA\r\n \tVolum: 0,5l\r\n \tT\u0103rie: 40%","url":"https:\/\/tabaccomd.com\/ro\/product\/vodca-titos-handmade-vodka-05l\/","sku":"Tito's Handmade Vodka","image":{"@type":"ImageObject","url":"https:\/\/tabaccomd.com\/wp-content\/uploads\/2024\/09\/titos-handmade-vodka-05l.JPG","@id":"https:\/\/tabaccomd.com\/ro\/product\/vodca-titos-handmade-vodka-05l\/#productImage","width":1200,"height":1200,"caption":"titos-handmade-vodka-05l"},"offers":{"@type":"Offer","url":"https:\/\/tabaccomd.com\/ro\/product\/vodca-titos-handmade-vodka-05l\/#wooCommerceOffer","price":300,"priceCurrency":"MDL","category":"Vodc\u0103","availability":"https:\/\/schema.org\/InStock","priceSpecification":{"@type":"PriceSpecification","price":300,"priceCurrency":"MDL","valueAddedTaxIncluded":"true"},"seller":{"@type":"Organization","@id":"https:\/\/tabaccomd.com\/ro\/#organization"}}},{"@type":"WebPage","@id":"https:\/\/tabaccomd.com\/ro\/product\/vodca-titos-handmade-vodka-05l\/#webpage","url":"https:\/\/tabaccomd.com\/ro\/product\/vodca-titos-handmade-vodka-05l\/","name":"Vodc\u0103 Tito\u2019s Handmade Vodka 0,5l \u2013 Tabacco House","inLanguage":"ro-RO","isPartOf":{"@id":"https:\/\/tabaccomd.com\/ro\/#website"},"breadcrumb":{"@id":"https:\/\/tabaccomd.com\/ro\/product\/vodca-titos-handmade-vodka-05l\/#breadcrumblist"},"image":{"@type":"ImageObject","url":"https:\/\/tabaccomd.com\/wp-content\/uploads\/2024\/09\/titos-handmade-vodka-05l.JPG","@id":"https:\/\/tabaccomd.com\/ro\/product\/vodca-titos-handmade-vodka-05l\/#mainImage","width":1200,"height":1200,"caption":"titos-handmade-vodka-05l"},"primaryImageOfPage":{"@id":"https:\/\/tabaccomd.com\/ro\/product\/vodca-titos-handmade-vodka-05l\/#mainImage"},"datePublished":"2025-06-25T10:11:03+03:00","dateModified":"2025-06-25T10:11:03+03:00"},{"@type":"WebSite","@id":"https:\/\/tabaccomd.com\/ro\/#website","url":"https:\/\/tabaccomd.com\/ro\/","name":"Tabacco House","alternateName":"tobaccomd.com","description":"\u041c\u0430\u0433\u0430\u0437\u0438\u043d \u0442\u0430\u0431\u0430\u0447\u043d\u044b\u0445 \u0438\u0437\u0434\u0435\u043b\u0438\u0439","inLanguage":"ro-RO","publisher":{"@id":"https:\/\/tabaccomd.com\/ro\/#organization"}}]},"og:locale":"ro_RO","og:site_name":"Tabacco House \u2013 \u041c\u0430\u0433\u0430\u0437\u0438\u043d \u0442\u0430\u0431\u0430\u0447\u043d\u044b\u0445 \u0438\u0437\u0434\u0435\u043b\u0438\u0439","og:type":"article","og:title":"Vodc\u0103 Tito\u2019s Handmade Vodka 0,5l \u2013 Tabacco House","og:url":"https:\/\/tabaccomd.com\/ro\/product\/vodca-titos-handmade-vodka-05l\/","article:published_time":"2025-06-25T07:11:03+00:00","article:modified_time":"2025-06-25T07:11:03+00:00","article:publisher":"https:\/\/www.facebook.com\/tabaccomd.com\/","twitter:card":"summary_large_image","twitter:title":"Vodc\u0103 Tito\u2019s Handmade Vodka 0,5l \u2013 Tabacco House"},"aioseo_meta_data":{"post_id":"151862","title":null,"description":null,"keywords":null,"keyphrases":null,"primary_term":null,"canonical_url":null,"og_title":null,"og_description":null,"og_object_type":"default","og_image_type":"default","og_image_url":null,"og_image_width":null,"og_image_height":null,"og_image_custom_url":null,"og_image_custom_fields":null,"og_video":null,"og_custom_url":null,"og_article_section":null,"og_article_tags":null,"twitter_use_og":false,"twitter_card":"default","twitter_image_type":"default","twitter_image_url":null,"twitter_image_custom_url":null,"twitter_image_custom_fields":null,"twitter_title":null,"twitter_description":null,"schema":{"blockGraphs":[],"customGraphs":[],"default":{"data":{"Article":[],"Course":[],"Dataset":[],"FAQPage":[],"Movie":[],"Person":[],"Product":[],"ProductReview":[],"Car":[],"Recipe":[],"Service":[],"SoftwareApplication":[],"WebPage":[]},"graphName":"","isEnabled":true},"graphs":[]},"schema_type":"default","schema_type_options":null,"pillar_content":false,"robots_default":true,"robots_noindex":false,"robots_noarchive":false,"robots_nosnippet":false,"robots_nofollow":false,"robots_noimageindex":false,"robots_noodp":false,"robots_notranslate":false,"robots_max_snippet":null,"robots_max_videopreview":null,"robots_max_imagepreview":"large","priority":null,"frequency":null,"local_seo":null,"seo_analyzer_scan_date":"2025-10-20 21:56:12","breadcrumb_settings":null,"limit_modified_date":false,"reviewed_by":null,"open_ai":null,"ai":null,"created":"2025-06-30 14:04:50","updated":"2025-10-20 21:56:12"},"aioseo_breadcrumb":"<div class=\"aioseo-breadcrumbs\"><span class=\"aioseo-breadcrumb\">\n\t<a href=\"https:\/\/tabaccomd.com\/ro\/\" title=\"\u0413\u043b\u0430\u0432\u043d\u0430\u044f\">\u0413\u043b\u0430\u0432\u043d\u0430\u044f<\/a>\n<\/span><span class=\"aioseo-breadcrumb-separator\">\u00bb<\/span><span class=\"aioseo-breadcrumb\">\n\t<a href=\"https:\/\/tabaccomd.com\/ro\/catalog\/\" title=\"Catalog\">Catalog<\/a>\n<\/span><span class=\"aioseo-breadcrumb-separator\">\u00bb<\/span><span class=\"aioseo-breadcrumb\">\n\t<a href=\"https:\/\/tabaccomd.com\/ro\/product-category\/alcool-2\/\" title=\"Alcool\">Alcool<\/a>\n<\/span><span class=\"aioseo-breadcrumb-separator\">\u00bb<\/span><span class=\"aioseo-breadcrumb\">\n\t<a href=\"https:\/\/tabaccomd.com\/ro\/product-category\/alcool-2\/vodca-2\/\" title=\"Vodc\u0103\">Vodc\u0103<\/a>\n<\/span><span class=\"aioseo-breadcrumb-separator\">\u00bb<\/span><span class=\"aioseo-breadcrumb\">\n\tVodc\u0103 Tito\u2019s Handmade Vodka 0,5l\n<\/span><\/div>","aioseo_breadcrumb_json":[{"label":"\u0413\u043b\u0430\u0432\u043d\u0430\u044f","link":"https:\/\/tabaccomd.com\/ro\/"},{"label":"Catalog","link":"https:\/\/tabaccomd.com\/ro\/catalog\/"},{"label":"Alcool","link":"https:\/\/tabaccomd.com\/ro\/product-category\/alcool-2\/"},{"label":"Vodc\u0103","link":"https:\/\/tabaccomd.com\/ro\/product-category\/alcool-2\/vodca-2\/"},{"label":"Vodc\u0103 Tito&#8217;s Handmade Vodka 0,5l","link":"https:\/\/tabaccomd.com\/ro\/product\/vodca-titos-handmade-vodka-05l\/"}],"images_for_1c":[{"url":"https:\/\/tabaccomd.com\/wp-content\/uploads\/2024\/09\/titos-handmade-vodka-05l.JPG","type":"featured","alt":"titos-handmade-vodka-05l","filename":"titos-handmade-vodka-05l.JPG"}],"additional_data_1c":{"modified_date":"2025-06-25 10:11:03","permalink":"https:\/\/tabaccomd.com\/ro\/product\/vodca-titos-handmade-vodka-05l\/","stock_status":"instock","manage_stock":"no"},"_links":{"self":[{"href":"https:\/\/tabaccomd.com\/ro\/wp-json\/wp\/v2\/product\/151862","targetHints":{"allow":["GET"]}}],"collection":[{"href":"https:\/\/tabaccomd.com\/ro\/wp-json\/wp\/v2\/product"}],"about":[{"href":"https:\/\/tabaccomd.com\/ro\/wp-json\/wp\/v2\/types\/product"}],"wp:featuredmedia":[{"embeddable":true,"href":"https:\/\/tabaccomd.com\/ro\/wp-json\/wp\/v2\/media\/151861"}],"wp:attachment":[{"href":"https:\/\/tabaccomd.com\/ro\/wp-json\/wp\/v2\/media?parent=151862"}],"wp:term":[{"taxonomy":"product_brand","embeddable":true,"href":"https:\/\/tabaccomd.com\/ro\/wp-json\/wp\/v2\/product_brand?post=151862"},{"taxonomy":"product_cat","embeddable":true,"href":"https:\/\/tabaccomd.com\/ro\/wp-json\/wp\/v2\/product_cat?post=151862"},{"taxonomy":"product_tag","embeddable":true,"href":"https:\/\/tabaccomd.com\/ro\/wp-json\/wp\/v2\/product_tag?post=151862"}],"curies":[{"name":"wp","href":"https:\/\/api.w.org\/{rel}","templated":true}]}}