{"id":151544,"date":"2025-06-11T14:10:44","date_gmt":"2025-06-11T11:10:44","guid":{"rendered":"https:\/\/tabaccomd.com\/product\/lichid-pentru-tigari-electronice-aroma-king-watermelon-ice-10ml\/"},"modified":"2026-02-22T19:03:27","modified_gmt":"2026-02-22T16:03:27","slug":"lichid-pentru-tigari-electronice-aroma-king-watermelon-ice-10ml","status":"publish","type":"product","link":"https:\/\/tabaccomd.com\/ro\/product\/lichid-pentru-tigari-electronice-aroma-king-watermelon-ice-10ml\/","title":{"rendered":"Lichid Aroma King Watermelon Ice #08 10ml"},"content":{"rendered":"<p>Scufund\u0103-te \u00een aroma intens\u0103 a lichidului Aroma King Watermelon Ice \u2014 un e-liquid de calitate european\u0103, disponibil \u00eentr-un flacon practic de 10 ml. Un flacon de 10 ml este suficient pentru aproximativ 5 reumpleri ale cartu\u0219ului, oferind p\u00e2n\u0103 la 3500 de pufuri \u00b1 \u2014 un echilibru ideal \u00eentre economie \u0219i pl\u0103cere. Concentra\u021bia de nicotin\u0103 de 20 mg\/ml asigur\u0103 o experien\u021b\u0103 intens\u0103 \u0219i de durat\u0103, conform\u0103 celor mai \u00eenalte standarde de calitate. Aroma King Watermelon Ice \u2014 10 ml de prospe\u021bime autentic\u0103 de pepene verde \u0219i calitate european\u0103 superioar\u0103, pentru cei care caut\u0103 un gust r\u0103coritor cu personalitate.<\/p>\n<p data-start=\"628\" data-end=\"841\"><strong data-start=\"628\" data-end=\"653\">Aroma Watermelon Ice<\/strong> \u2014 Dulcea\u021ba suculent\u0103 a pepenelui copt combinat\u0103 cu prospe\u021bimea ghea\u021bei creeaz\u0103 un echilibru perfect de arome, oferind o senza\u021bie estival\u0103 care va \u00eenc\u00e2nta chiar \u0219i cei mai exigen\u021bi vaperi.<\/p>\n<p data-start=\"843\" data-end=\"950\" data-is-last-node=\"\" data-is-only-node=\"\"><strong data-start=\"846\" data-end=\"859\">TPD Ready<\/strong> \u2014 respect\u0103 reglement\u0103rile europene privind siguran\u021ba lichidelor pentru \u021big\u0103ri electronice.<\/p>\n<p data-start=\"633\" data-end=\"717\" data-is-last-node=\"\" data-is-only-node=\"\">Pute\u021bi achizi\u021biona lichidul Aroma King Watermelon Ice #08 10ml \u00een Moldova, Chi\u0219in\u0103u, \u00een re\u021beaua de magazine Tabacco House.<\/p>\n","protected":false},"excerpt":{"rendered":"<ul>\n<li>Brand: Aroma King<\/li>\n<li>\u021aara produc\u0103torului: Polonia<\/li>\n<li>Volum lichid: 10 ml<\/li>\n<li>Concentra\u021bie de nicotin\u0103: 20 mg\/ml<\/li>\n<li>Raport PG\/VG: 50\/50 (<em>propilen glicol\/glicerin\u0103 vegetal\u0103<\/em>)<\/li>\n<li>Gust: Pepene verde, ghea\u021b\u0103<\/li>\n<\/ul>\n","protected":false},"featured_media":151543,"template":"","meta":{"om_disable_all_campaigns":false,"_monsterinsights_skip_tracking":false,"_monsterinsights_sitenote_active":false,"_monsterinsights_sitenote_note":"","_monsterinsights_sitenote_category":0},"product_brand":[],"product_cat":[483],"product_tag":[],"class_list":{"0":"post-151544","1":"product","2":"type-product","3":"status-publish","4":"has-post-thumbnail","6":"product_cat-aroma-king-e-liquid-ro","8":"first","9":"instock","10":"purchasable","11":"product-type-simple"},"aioseo_notices":[],"aioseo_head":"\n\t\t<!-- All in One SEO Pro 4.9.5.2 - aioseo.com -->\n\t<meta name=\"description\" content=\"Lichid Aroma King Watermelon Ice #08 10ml \u00een Chi\u0219in\u0103u. La Tabacco House g\u0103se\u0219ti o selec\u021bie excelent\u0103 \u0219i pre\u021buri avantajoase. Comand\u0103 cu livrare la telefon: 061-000-935.\" \/>\n\t<meta name=\"robots\" content=\"max-image-preview:large\" \/>\n\t<link rel=\"canonical\" href=\"https:\/\/tabaccomd.com\/ro\/product\/lichid-pentru-tigari-electronice-aroma-king-watermelon-ice-10ml\/\" \/>\n\t<meta name=\"generator\" content=\"All in One SEO Pro (AIOSEO) 4.9.5.2\" \/>\n\t\t<meta property=\"og:locale\" content=\"ro_RO\" \/>\n\t\t<meta property=\"og:site_name\" content=\"Tabacco House \u2013 \u041c\u0430\u0433\u0430\u0437\u0438\u043d \u0442\u0430\u0431\u0430\u0447\u043d\u044b\u0445 \u0438\u0437\u0434\u0435\u043b\u0438\u0439\" \/>\n\t\t<meta property=\"og:type\" content=\"article\" \/>\n\t\t<meta property=\"og:title\" content=\"Lichid Aroma King Watermelon Ice #08 10ml Cump\u0103r\u0103 \u00een Chi\u0219in\u0103u - tabaccomd.com\" \/>\n\t\t<meta property=\"og:description\" content=\"Lichid Aroma King Watermelon Ice #08 10ml \u00een Chi\u0219in\u0103u. La Tabacco House g\u0103se\u0219ti o selec\u021bie excelent\u0103 \u0219i pre\u021buri avantajoase. Comand\u0103 cu livrare la telefon: 061-000-935.\" \/>\n\t\t<meta property=\"og:url\" content=\"https:\/\/tabaccomd.com\/ro\/product\/lichid-pentru-tigari-electronice-aroma-king-watermelon-ice-10ml\/\" \/>\n\t\t<meta property=\"article:published_time\" content=\"2025-06-11T11:10:44+00:00\" \/>\n\t\t<meta property=\"article:modified_time\" content=\"2026-02-22T16:03:27+00:00\" \/>\n\t\t<meta property=\"article:publisher\" content=\"https:\/\/www.facebook.com\/tabaccomd.com\/\" \/>\n\t\t<meta name=\"twitter:card\" content=\"summary_large_image\" \/>\n\t\t<meta name=\"twitter:title\" content=\"Lichid Aroma King Watermelon Ice #08 10ml Cump\u0103r\u0103 \u00een Chi\u0219in\u0103u - tabaccomd.com\" \/>\n\t\t<meta name=\"twitter:description\" content=\"Lichid Aroma King Watermelon Ice #08 10ml \u00een Chi\u0219in\u0103u. La Tabacco House g\u0103se\u0219ti o selec\u021bie excelent\u0103 \u0219i pre\u021buri avantajoase. Comand\u0103 cu livrare la telefon: 061-000-935.\" \/>\n\t\t<script type=\"application\/ld+json\" class=\"aioseo-schema\">\n\t\t\t{\"@context\":\"https:\\\/\\\/schema.org\",\"@graph\":[{\"@type\":\"BreadcrumbList\",\"@id\":\"https:\\\/\\\/tabaccomd.com\\\/ro\\\/product\\\/lichid-pentru-tigari-electronice-aroma-king-watermelon-ice-10ml\\\/#breadcrumblist\",\"itemListElement\":[{\"@type\":\"ListItem\",\"@id\":\"https:\\\/\\\/tabaccomd.com\\\/ro\\\/#listItem\",\"position\":1,\"name\":\"\\u0413\\u043b\\u0430\\u0432\\u043d\\u0430\\u044f\",\"item\":\"https:\\\/\\\/tabaccomd.com\\\/ro\\\/\",\"nextItem\":{\"@type\":\"ListItem\",\"@id\":\"https:\\\/\\\/tabaccomd.com\\\/ro\\\/catalog\\\/#listItem\",\"name\":\"Catalog\"}},{\"@type\":\"ListItem\",\"@id\":\"https:\\\/\\\/tabaccomd.com\\\/ro\\\/catalog\\\/#listItem\",\"position\":2,\"name\":\"Catalog\",\"item\":\"https:\\\/\\\/tabaccomd.com\\\/ro\\\/catalog\\\/\",\"nextItem\":{\"@type\":\"ListItem\",\"@id\":\"https:\\\/\\\/tabaccomd.com\\\/ro\\\/product-category\\\/vape-ro\\\/#listItem\",\"name\":\"Vape\"},\"previousItem\":{\"@type\":\"ListItem\",\"@id\":\"https:\\\/\\\/tabaccomd.com\\\/ro\\\/#listItem\",\"name\":\"\\u0413\\u043b\\u0430\\u0432\\u043d\\u0430\\u044f\"}},{\"@type\":\"ListItem\",\"@id\":\"https:\\\/\\\/tabaccomd.com\\\/ro\\\/product-category\\\/vape-ro\\\/#listItem\",\"position\":3,\"name\":\"Vape\",\"item\":\"https:\\\/\\\/tabaccomd.com\\\/ro\\\/product-category\\\/vape-ro\\\/\",\"nextItem\":{\"@type\":\"ListItem\",\"@id\":\"https:\\\/\\\/tabaccomd.com\\\/ro\\\/product-category\\\/vape-ro\\\/aroma-king-e-liquid-ro\\\/#listItem\",\"name\":\"Aroma King E-liquid\"},\"previousItem\":{\"@type\":\"ListItem\",\"@id\":\"https:\\\/\\\/tabaccomd.com\\\/ro\\\/catalog\\\/#listItem\",\"name\":\"Catalog\"}},{\"@type\":\"ListItem\",\"@id\":\"https:\\\/\\\/tabaccomd.com\\\/ro\\\/product-category\\\/vape-ro\\\/aroma-king-e-liquid-ro\\\/#listItem\",\"position\":4,\"name\":\"Aroma King E-liquid\",\"item\":\"https:\\\/\\\/tabaccomd.com\\\/ro\\\/product-category\\\/vape-ro\\\/aroma-king-e-liquid-ro\\\/\",\"nextItem\":{\"@type\":\"ListItem\",\"@id\":\"https:\\\/\\\/tabaccomd.com\\\/ro\\\/product\\\/lichid-pentru-tigari-electronice-aroma-king-watermelon-ice-10ml\\\/#listItem\",\"name\":\"Lichid Aroma King Watermelon Ice #08 10ml\"},\"previousItem\":{\"@type\":\"ListItem\",\"@id\":\"https:\\\/\\\/tabaccomd.com\\\/ro\\\/product-category\\\/vape-ro\\\/#listItem\",\"name\":\"Vape\"}},{\"@type\":\"ListItem\",\"@id\":\"https:\\\/\\\/tabaccomd.com\\\/ro\\\/product\\\/lichid-pentru-tigari-electronice-aroma-king-watermelon-ice-10ml\\\/#listItem\",\"position\":5,\"name\":\"Lichid Aroma King Watermelon Ice #08 10ml\",\"previousItem\":{\"@type\":\"ListItem\",\"@id\":\"https:\\\/\\\/tabaccomd.com\\\/ro\\\/product-category\\\/vape-ro\\\/aroma-king-e-liquid-ro\\\/#listItem\",\"name\":\"Aroma King E-liquid\"}}]},{\"@type\":\"Organization\",\"@id\":\"https:\\\/\\\/tabaccomd.com\\\/ro\\\/#organization\",\"name\":\"Tabacco House\",\"description\":\"\\u041c\\u0430\\u0433\\u0430\\u0437\\u0438\\u043d \\u0442\\u0430\\u0431\\u0430\\u0447\\u043d\\u044b\\u0445 \\u0438\\u0437\\u0434\\u0435\\u043b\\u0438\\u0439\",\"url\":\"https:\\\/\\\/tabaccomd.com\\\/ro\\\/\",\"email\":\"Office@cazacuhouse.com\",\"telephone\":\"+37361000935\",\"logo\":{\"@type\":\"ImageObject\",\"url\":\"https:\\\/\\\/tabaccomd.com\\\/wp-content\\\/uploads\\\/2024\\\/02\\\/logo_header3.png\",\"@id\":\"https:\\\/\\\/tabaccomd.com\\\/ro\\\/product\\\/lichid-pentru-tigari-electronice-aroma-king-watermelon-ice-10ml\\\/#organizationLogo\",\"width\":32,\"height\":32,\"caption\":\"Tabacco House\"},\"image\":{\"@id\":\"https:\\\/\\\/tabaccomd.com\\\/ro\\\/product\\\/lichid-pentru-tigari-electronice-aroma-king-watermelon-ice-10ml\\\/#organizationLogo\"},\"sameAs\":[\"https:\\\/\\\/www.facebook.com\\\/tabaccomd.com\\\/\",\"https:\\\/\\\/www.instagram.com\\\/tabaccomd.com\\\/\"],\"address\":{\"@id\":\"https:\\\/\\\/tabaccomd.com\\\/ro\\\/#postaladdress\",\"@type\":\"PostalAddress\",\"streetAddress\":\"Strada Albi\\u015foara 4, Chi\\u0219in\\u0103u, Bulevardul \\u0218tefan cel Mare \\u0219i Sf\\u00eent 136, Chi\\u0219in\\u0103u\",\"addressLocality\":\"Chi\\u0219in\\u0103u\",\"addressCountry\":\"MD\"}},{\"@type\":\"Product\",\"@id\":\"https:\\\/\\\/tabaccomd.com\\\/ro\\\/product\\\/lichid-pentru-tigari-electronice-aroma-king-watermelon-ice-10ml\\\/#wooCommerceProduct\",\"name\":\"Lichid Aroma King Watermelon Ice #08 10ml\",\"description\":\"Brand: Aroma King\\r\\n \\t\\u021aara produc\\u0103torului: Polonia\\r\\n \\tVolum lichid: 10 ml\\r\\n \\tConcentra\\u021bie de nicotin\\u0103: 20 mg\\\/ml\\r\\n \\tRaport PG\\\/VG: 50\\\/50 (propilen glicol\\\/glicerin\\u0103 vegetal\\u0103)\\r\\n \\tGust: Pepene verde, ghea\\u021b\\u0103\",\"url\":\"https:\\\/\\\/tabaccomd.com\\\/ro\\\/product\\\/lichid-pentru-tigari-electronice-aroma-king-watermelon-ice-10ml\\\/\",\"sku\":\"AK08\",\"image\":{\"@type\":\"ImageObject\",\"url\":\"https:\\\/\\\/tabaccomd.com\\\/wp-content\\\/uploads\\\/2025\\\/03\\\/aroma-king-e-liquid-watermelon-ice-10ml.jpg\",\"@id\":\"https:\\\/\\\/tabaccomd.com\\\/ro\\\/product\\\/lichid-pentru-tigari-electronice-aroma-king-watermelon-ice-10ml\\\/#productImage\",\"width\":1200,\"height\":1200,\"caption\":\"aroma-king-e-liquid-watermelon-ice-10ml\"},\"offers\":{\"@type\":\"Offer\",\"url\":\"https:\\\/\\\/tabaccomd.com\\\/ro\\\/product\\\/lichid-pentru-tigari-electronice-aroma-king-watermelon-ice-10ml\\\/#wooCommerceOffer\",\"price\":130,\"priceCurrency\":\"MDL\",\"category\":\"Aroma King E-liquid\",\"availability\":\"https:\\\/\\\/schema.org\\\/InStock\",\"priceSpecification\":{\"@type\":\"PriceSpecification\",\"price\":130,\"priceCurrency\":\"MDL\",\"valueAddedTaxIncluded\":\"true\"},\"seller\":{\"@type\":\"Organization\",\"@id\":\"https:\\\/\\\/tabaccomd.com\\\/ro\\\/#organization\"}}},{\"@type\":\"WebPage\",\"@id\":\"https:\\\/\\\/tabaccomd.com\\\/ro\\\/product\\\/lichid-pentru-tigari-electronice-aroma-king-watermelon-ice-10ml\\\/#webpage\",\"url\":\"https:\\\/\\\/tabaccomd.com\\\/ro\\\/product\\\/lichid-pentru-tigari-electronice-aroma-king-watermelon-ice-10ml\\\/\",\"name\":\"Lichid Aroma King Watermelon Ice #08 10ml Cump\\u0103r\\u0103 \\u00een Chi\\u0219in\\u0103u - tabaccomd.com\",\"description\":\"Lichid Aroma King Watermelon Ice #08 10ml \\u00een Chi\\u0219in\\u0103u. La Tabacco House g\\u0103se\\u0219ti o selec\\u021bie excelent\\u0103 \\u0219i pre\\u021buri avantajoase. Comand\\u0103 cu livrare la telefon: 061-000-935.\",\"inLanguage\":\"ro-RO\",\"isPartOf\":{\"@id\":\"https:\\\/\\\/tabaccomd.com\\\/ro\\\/#website\"},\"breadcrumb\":{\"@id\":\"https:\\\/\\\/tabaccomd.com\\\/ro\\\/product\\\/lichid-pentru-tigari-electronice-aroma-king-watermelon-ice-10ml\\\/#breadcrumblist\"},\"image\":{\"@type\":\"ImageObject\",\"url\":\"https:\\\/\\\/tabaccomd.com\\\/wp-content\\\/uploads\\\/2025\\\/03\\\/aroma-king-e-liquid-watermelon-ice-10ml.jpg\",\"@id\":\"https:\\\/\\\/tabaccomd.com\\\/ro\\\/product\\\/lichid-pentru-tigari-electronice-aroma-king-watermelon-ice-10ml\\\/#mainImage\",\"width\":1200,\"height\":1200,\"caption\":\"aroma-king-e-liquid-watermelon-ice-10ml\"},\"primaryImageOfPage\":{\"@id\":\"https:\\\/\\\/tabaccomd.com\\\/ro\\\/product\\\/lichid-pentru-tigari-electronice-aroma-king-watermelon-ice-10ml\\\/#mainImage\"},\"datePublished\":\"2025-06-11T14:10:44+03:00\",\"dateModified\":\"2026-02-22T19:03:27+03:00\"},{\"@type\":\"WebSite\",\"@id\":\"https:\\\/\\\/tabaccomd.com\\\/ro\\\/#website\",\"url\":\"https:\\\/\\\/tabaccomd.com\\\/ro\\\/\",\"name\":\"Tabacco House\",\"alternateName\":\"tobaccomd.com\",\"description\":\"\\u041c\\u0430\\u0433\\u0430\\u0437\\u0438\\u043d \\u0442\\u0430\\u0431\\u0430\\u0447\\u043d\\u044b\\u0445 \\u0438\\u0437\\u0434\\u0435\\u043b\\u0438\\u0439\",\"inLanguage\":\"ro-RO\",\"publisher\":{\"@id\":\"https:\\\/\\\/tabaccomd.com\\\/ro\\\/#organization\"}}]}\n\t\t<\/script>\n\t\t<!-- All in One SEO Pro -->\r\n\t\t<title>Lichid Aroma King Watermelon Ice #08 10ml Cump\u0103r\u0103 \u00een Chi\u0219in\u0103u - tabaccomd.com<\/title>\n\n","aioseo_head_json":{"title":"Lichid Aroma King Watermelon Ice #08 10ml Cump\u0103r\u0103 \u00een Chi\u0219in\u0103u - tabaccomd.com","description":"Lichid Aroma King Watermelon Ice #08 10ml \u00een Chi\u0219in\u0103u. La Tabacco House g\u0103se\u0219ti o selec\u021bie excelent\u0103 \u0219i pre\u021buri avantajoase. Comand\u0103 cu livrare la telefon: 061-000-935.","canonical_url":"https:\/\/tabaccomd.com\/ro\/product\/lichid-pentru-tigari-electronice-aroma-king-watermelon-ice-10ml\/","robots":"max-image-preview:large","keywords":"","webmasterTools":{"miscellaneous":""},"schema":{"@context":"https:\/\/schema.org","@graph":[{"@type":"BreadcrumbList","@id":"https:\/\/tabaccomd.com\/ro\/product\/lichid-pentru-tigari-electronice-aroma-king-watermelon-ice-10ml\/#breadcrumblist","itemListElement":[{"@type":"ListItem","@id":"https:\/\/tabaccomd.com\/ro\/#listItem","position":1,"name":"\u0413\u043b\u0430\u0432\u043d\u0430\u044f","item":"https:\/\/tabaccomd.com\/ro\/","nextItem":{"@type":"ListItem","@id":"https:\/\/tabaccomd.com\/ro\/catalog\/#listItem","name":"Catalog"}},{"@type":"ListItem","@id":"https:\/\/tabaccomd.com\/ro\/catalog\/#listItem","position":2,"name":"Catalog","item":"https:\/\/tabaccomd.com\/ro\/catalog\/","nextItem":{"@type":"ListItem","@id":"https:\/\/tabaccomd.com\/ro\/product-category\/vape-ro\/#listItem","name":"Vape"},"previousItem":{"@type":"ListItem","@id":"https:\/\/tabaccomd.com\/ro\/#listItem","name":"\u0413\u043b\u0430\u0432\u043d\u0430\u044f"}},{"@type":"ListItem","@id":"https:\/\/tabaccomd.com\/ro\/product-category\/vape-ro\/#listItem","position":3,"name":"Vape","item":"https:\/\/tabaccomd.com\/ro\/product-category\/vape-ro\/","nextItem":{"@type":"ListItem","@id":"https:\/\/tabaccomd.com\/ro\/product-category\/vape-ro\/aroma-king-e-liquid-ro\/#listItem","name":"Aroma King E-liquid"},"previousItem":{"@type":"ListItem","@id":"https:\/\/tabaccomd.com\/ro\/catalog\/#listItem","name":"Catalog"}},{"@type":"ListItem","@id":"https:\/\/tabaccomd.com\/ro\/product-category\/vape-ro\/aroma-king-e-liquid-ro\/#listItem","position":4,"name":"Aroma King E-liquid","item":"https:\/\/tabaccomd.com\/ro\/product-category\/vape-ro\/aroma-king-e-liquid-ro\/","nextItem":{"@type":"ListItem","@id":"https:\/\/tabaccomd.com\/ro\/product\/lichid-pentru-tigari-electronice-aroma-king-watermelon-ice-10ml\/#listItem","name":"Lichid Aroma King Watermelon Ice #08 10ml"},"previousItem":{"@type":"ListItem","@id":"https:\/\/tabaccomd.com\/ro\/product-category\/vape-ro\/#listItem","name":"Vape"}},{"@type":"ListItem","@id":"https:\/\/tabaccomd.com\/ro\/product\/lichid-pentru-tigari-electronice-aroma-king-watermelon-ice-10ml\/#listItem","position":5,"name":"Lichid Aroma King Watermelon Ice #08 10ml","previousItem":{"@type":"ListItem","@id":"https:\/\/tabaccomd.com\/ro\/product-category\/vape-ro\/aroma-king-e-liquid-ro\/#listItem","name":"Aroma King E-liquid"}}]},{"@type":"Organization","@id":"https:\/\/tabaccomd.com\/ro\/#organization","name":"Tabacco House","description":"\u041c\u0430\u0433\u0430\u0437\u0438\u043d \u0442\u0430\u0431\u0430\u0447\u043d\u044b\u0445 \u0438\u0437\u0434\u0435\u043b\u0438\u0439","url":"https:\/\/tabaccomd.com\/ro\/","email":"Office@cazacuhouse.com","telephone":"+37361000935","logo":{"@type":"ImageObject","url":"https:\/\/tabaccomd.com\/wp-content\/uploads\/2024\/02\/logo_header3.png","@id":"https:\/\/tabaccomd.com\/ro\/product\/lichid-pentru-tigari-electronice-aroma-king-watermelon-ice-10ml\/#organizationLogo","width":32,"height":32,"caption":"Tabacco House"},"image":{"@id":"https:\/\/tabaccomd.com\/ro\/product\/lichid-pentru-tigari-electronice-aroma-king-watermelon-ice-10ml\/#organizationLogo"},"sameAs":["https:\/\/www.facebook.com\/tabaccomd.com\/","https:\/\/www.instagram.com\/tabaccomd.com\/"],"address":{"@id":"https:\/\/tabaccomd.com\/ro\/#postaladdress","@type":"PostalAddress","streetAddress":"Strada Albi\u015foara 4, Chi\u0219in\u0103u, Bulevardul \u0218tefan cel Mare \u0219i Sf\u00eent 136, Chi\u0219in\u0103u","addressLocality":"Chi\u0219in\u0103u","addressCountry":"MD"}},{"@type":"Product","@id":"https:\/\/tabaccomd.com\/ro\/product\/lichid-pentru-tigari-electronice-aroma-king-watermelon-ice-10ml\/#wooCommerceProduct","name":"Lichid Aroma King Watermelon Ice #08 10ml","description":"Brand: Aroma King\r\n \t\u021aara produc\u0103torului: Polonia\r\n \tVolum lichid: 10 ml\r\n \tConcentra\u021bie de nicotin\u0103: 20 mg\/ml\r\n \tRaport PG\/VG: 50\/50 (propilen glicol\/glicerin\u0103 vegetal\u0103)\r\n \tGust: Pepene verde, ghea\u021b\u0103","url":"https:\/\/tabaccomd.com\/ro\/product\/lichid-pentru-tigari-electronice-aroma-king-watermelon-ice-10ml\/","sku":"AK08","image":{"@type":"ImageObject","url":"https:\/\/tabaccomd.com\/wp-content\/uploads\/2025\/03\/aroma-king-e-liquid-watermelon-ice-10ml.jpg","@id":"https:\/\/tabaccomd.com\/ro\/product\/lichid-pentru-tigari-electronice-aroma-king-watermelon-ice-10ml\/#productImage","width":1200,"height":1200,"caption":"aroma-king-e-liquid-watermelon-ice-10ml"},"offers":{"@type":"Offer","url":"https:\/\/tabaccomd.com\/ro\/product\/lichid-pentru-tigari-electronice-aroma-king-watermelon-ice-10ml\/#wooCommerceOffer","price":130,"priceCurrency":"MDL","category":"Aroma King E-liquid","availability":"https:\/\/schema.org\/InStock","priceSpecification":{"@type":"PriceSpecification","price":130,"priceCurrency":"MDL","valueAddedTaxIncluded":"true"},"seller":{"@type":"Organization","@id":"https:\/\/tabaccomd.com\/ro\/#organization"}}},{"@type":"WebPage","@id":"https:\/\/tabaccomd.com\/ro\/product\/lichid-pentru-tigari-electronice-aroma-king-watermelon-ice-10ml\/#webpage","url":"https:\/\/tabaccomd.com\/ro\/product\/lichid-pentru-tigari-electronice-aroma-king-watermelon-ice-10ml\/","name":"Lichid Aroma King Watermelon Ice #08 10ml Cump\u0103r\u0103 \u00een Chi\u0219in\u0103u - tabaccomd.com","description":"Lichid Aroma King Watermelon Ice #08 10ml \u00een Chi\u0219in\u0103u. La Tabacco House g\u0103se\u0219ti o selec\u021bie excelent\u0103 \u0219i pre\u021buri avantajoase. Comand\u0103 cu livrare la telefon: 061-000-935.","inLanguage":"ro-RO","isPartOf":{"@id":"https:\/\/tabaccomd.com\/ro\/#website"},"breadcrumb":{"@id":"https:\/\/tabaccomd.com\/ro\/product\/lichid-pentru-tigari-electronice-aroma-king-watermelon-ice-10ml\/#breadcrumblist"},"image":{"@type":"ImageObject","url":"https:\/\/tabaccomd.com\/wp-content\/uploads\/2025\/03\/aroma-king-e-liquid-watermelon-ice-10ml.jpg","@id":"https:\/\/tabaccomd.com\/ro\/product\/lichid-pentru-tigari-electronice-aroma-king-watermelon-ice-10ml\/#mainImage","width":1200,"height":1200,"caption":"aroma-king-e-liquid-watermelon-ice-10ml"},"primaryImageOfPage":{"@id":"https:\/\/tabaccomd.com\/ro\/product\/lichid-pentru-tigari-electronice-aroma-king-watermelon-ice-10ml\/#mainImage"},"datePublished":"2025-06-11T14:10:44+03:00","dateModified":"2026-02-22T19:03:27+03:00"},{"@type":"WebSite","@id":"https:\/\/tabaccomd.com\/ro\/#website","url":"https:\/\/tabaccomd.com\/ro\/","name":"Tabacco House","alternateName":"tobaccomd.com","description":"\u041c\u0430\u0433\u0430\u0437\u0438\u043d \u0442\u0430\u0431\u0430\u0447\u043d\u044b\u0445 \u0438\u0437\u0434\u0435\u043b\u0438\u0439","inLanguage":"ro-RO","publisher":{"@id":"https:\/\/tabaccomd.com\/ro\/#organization"}}]},"og:locale":"ro_RO","og:site_name":"Tabacco House \u2013 \u041c\u0430\u0433\u0430\u0437\u0438\u043d \u0442\u0430\u0431\u0430\u0447\u043d\u044b\u0445 \u0438\u0437\u0434\u0435\u043b\u0438\u0439","og:type":"article","og:title":"Lichid Aroma King Watermelon Ice #08 10ml Cump\u0103r\u0103 \u00een Chi\u0219in\u0103u - tabaccomd.com","og:description":"Lichid Aroma King Watermelon Ice #08 10ml \u00een Chi\u0219in\u0103u. La Tabacco House g\u0103se\u0219ti o selec\u021bie excelent\u0103 \u0219i pre\u021buri avantajoase. Comand\u0103 cu livrare la telefon: 061-000-935.","og:url":"https:\/\/tabaccomd.com\/ro\/product\/lichid-pentru-tigari-electronice-aroma-king-watermelon-ice-10ml\/","article:published_time":"2025-06-11T11:10:44+00:00","article:modified_time":"2026-02-22T16:03:27+00:00","article:publisher":"https:\/\/www.facebook.com\/tabaccomd.com\/","twitter:card":"summary_large_image","twitter:title":"Lichid Aroma King Watermelon Ice #08 10ml Cump\u0103r\u0103 \u00een Chi\u0219in\u0103u - tabaccomd.com","twitter:description":"Lichid Aroma King Watermelon Ice #08 10ml \u00een Chi\u0219in\u0103u. La Tabacco House g\u0103se\u0219ti o selec\u021bie excelent\u0103 \u0219i pre\u021buri avantajoase. Comand\u0103 cu livrare la telefon: 061-000-935."},"aioseo_meta_data":{"post_id":"151544","title":"#post_title Cump\u0103r\u0103 \u00een Chi\u0219in\u0103u - tabaccomd.com","description":"#post_title \u00een Chi\u0219in\u0103u. La Tabacco House g\u0103se\u0219ti o selec\u021bie excelent\u0103 \u0219i pre\u021buri avantajoase. Comand\u0103 cu livrare la telefon: 061-000-935.","keywords":null,"keyphrases":{"focus":{"keyphrase":"","score":0,"analysis":{"keyphraseInTitle":{"score":0,"maxScore":9,"error":1}}},"additional":[]},"primary_term":null,"canonical_url":null,"og_title":null,"og_description":null,"og_object_type":"default","og_image_type":"default","og_image_url":null,"og_image_width":null,"og_image_height":null,"og_image_custom_url":null,"og_image_custom_fields":null,"og_video":"","og_custom_url":null,"og_article_section":null,"og_article_tags":null,"twitter_use_og":false,"twitter_card":"default","twitter_image_type":"default","twitter_image_url":null,"twitter_image_custom_url":null,"twitter_image_custom_fields":null,"twitter_title":null,"twitter_description":null,"schema":{"blockGraphs":[],"customGraphs":[],"default":{"data":{"Article":[],"Course":[],"Dataset":[],"FAQPage":[],"Movie":[],"Person":[],"Product":[],"ProductReview":[],"Car":[],"Recipe":[],"Service":[],"SoftwareApplication":[],"WebPage":[]},"graphName":"Product","isEnabled":true},"graphs":[]},"schema_type":"default","schema_type_options":null,"pillar_content":false,"robots_default":true,"robots_noindex":false,"robots_noarchive":false,"robots_nosnippet":false,"robots_nofollow":false,"robots_noimageindex":false,"robots_noodp":false,"robots_notranslate":false,"robots_max_snippet":"-1","robots_max_videopreview":"-1","robots_max_imagepreview":"large","priority":null,"frequency":"default","local_seo":null,"seo_analyzer_scan_date":"2026-02-22 16:15:10","breadcrumb_settings":null,"limit_modified_date":false,"reviewed_by":null,"open_ai":null,"ai":{"faqs":[],"keyPoints":[],"titles":[],"descriptions":[],"socialPosts":{"email":[],"linkedin":[],"twitter":[],"facebook":[],"instagram":[]}},"created":"2025-06-24 10:01:53","updated":"2026-02-22 16:15:10"},"aioseo_breadcrumb":"<div class=\"aioseo-breadcrumbs\"><span class=\"aioseo-breadcrumb\">\n\t<a href=\"https:\/\/tabaccomd.com\/ro\/\" title=\"\u0413\u043b\u0430\u0432\u043d\u0430\u044f\">\u0413\u043b\u0430\u0432\u043d\u0430\u044f<\/a>\n<\/span><span class=\"aioseo-breadcrumb-separator\">\u00bb<\/span><span class=\"aioseo-breadcrumb\">\n\t<a href=\"https:\/\/tabaccomd.com\/ro\/catalog\/\" title=\"Catalog\">Catalog<\/a>\n<\/span><span class=\"aioseo-breadcrumb-separator\">\u00bb<\/span><span class=\"aioseo-breadcrumb\">\n\t<a href=\"https:\/\/tabaccomd.com\/ro\/product-category\/vape-ro\/\" title=\"Vape\">Vape<\/a>\n<\/span><span class=\"aioseo-breadcrumb-separator\">\u00bb<\/span><span class=\"aioseo-breadcrumb\">\n\t<a href=\"https:\/\/tabaccomd.com\/ro\/product-category\/vape-ro\/aroma-king-e-liquid-ro\/\" title=\"Aroma King E-liquid\">Aroma King E-liquid<\/a>\n<\/span><span class=\"aioseo-breadcrumb-separator\">\u00bb<\/span><span class=\"aioseo-breadcrumb\">\n\tLichid Aroma King Watermelon Ice #08 10ml\n<\/span><\/div>","aioseo_breadcrumb_json":[{"label":"\u0413\u043b\u0430\u0432\u043d\u0430\u044f","link":"https:\/\/tabaccomd.com\/ro\/"},{"label":"Catalog","link":"https:\/\/tabaccomd.com\/ro\/catalog\/"},{"label":"Vape","link":"https:\/\/tabaccomd.com\/ro\/product-category\/vape-ro\/"},{"label":"Aroma King E-liquid","link":"https:\/\/tabaccomd.com\/ro\/product-category\/vape-ro\/aroma-king-e-liquid-ro\/"},{"label":"Lichid Aroma King Watermelon Ice #08 10ml","link":"https:\/\/tabaccomd.com\/ro\/product\/lichid-pentru-tigari-electronice-aroma-king-watermelon-ice-10ml\/"}],"images_for_1c":[{"url":"https:\/\/tabaccomd.com\/wp-content\/uploads\/2025\/03\/aroma-king-e-liquid-watermelon-ice-10ml.jpg","type":"featured","alt":"aroma-king-e-liquid-watermelon-ice-10ml","filename":"aroma-king-e-liquid-watermelon-ice-10ml.jpg"},{"url":"https:\/\/tabaccomd.com\/wp-content\/uploads\/2025\/06\/aroma-king-e-liquid-watermelon-ice-10ml-0.JPG","type":"gallery","alt":"aroma-king-e-liquid-watermelon-ice-10ml-0","filename":"aroma-king-e-liquid-watermelon-ice-10ml-0.JPG"}],"additional_data_1c":{"modified_date":"2026-02-22 19:03:27","permalink":"https:\/\/tabaccomd.com\/ro\/product\/lichid-pentru-tigari-electronice-aroma-king-watermelon-ice-10ml\/","stock_status":"instock","manage_stock":"no"},"_links":{"self":[{"href":"https:\/\/tabaccomd.com\/ro\/wp-json\/wp\/v2\/product\/151544","targetHints":{"allow":["GET"]}}],"collection":[{"href":"https:\/\/tabaccomd.com\/ro\/wp-json\/wp\/v2\/product"}],"about":[{"href":"https:\/\/tabaccomd.com\/ro\/wp-json\/wp\/v2\/types\/product"}],"wp:featuredmedia":[{"embeddable":true,"href":"https:\/\/tabaccomd.com\/ro\/wp-json\/wp\/v2\/media\/151543"}],"wp:attachment":[{"href":"https:\/\/tabaccomd.com\/ro\/wp-json\/wp\/v2\/media?parent=151544"}],"wp:term":[{"taxonomy":"product_brand","embeddable":true,"href":"https:\/\/tabaccomd.com\/ro\/wp-json\/wp\/v2\/product_brand?post=151544"},{"taxonomy":"product_cat","embeddable":true,"href":"https:\/\/tabaccomd.com\/ro\/wp-json\/wp\/v2\/product_cat?post=151544"},{"taxonomy":"product_tag","embeddable":true,"href":"https:\/\/tabaccomd.com\/ro\/wp-json\/wp\/v2\/product_tag?post=151544"}],"curies":[{"name":"wp","href":"https:\/\/api.w.org\/{rel}","templated":true}]}}