{"id":148263,"date":"2025-12-24T15:00:31","date_gmt":"2025-12-24T12:00:31","guid":{"rendered":"https:\/\/tabaccomd.com\/product\/set-cadou-zippo-regular-street-brass\/"},"modified":"2025-12-29T15:01:46","modified_gmt":"2025-12-29T12:01:46","slug":"set-cadou-zippo-regular-street-brass","status":"publish","type":"product","link":"https:\/\/tabaccomd.com\/ro\/product\/set-cadou-zippo-regular-street-brass\/","title":{"rendered":"Set cadou Zippo Regular Street Brass"},"content":{"rendered":"<p><span style=\"font-size: 14px;\"><a href=\"https:\/\/tabaccomd.com\/ro\/categorie-produs\/gixt-box\/\">Setul cadou<\/a> Zippo <\/span><span style=\"font-size: 14px;\">Regular Street Brass este alegerea perfect\u0103 pentru cei care apreciaz\u0103 elegan\u021ba \u0219i calitatea. Setul include o brichet\u0103 Zippo Regular Street Brass cu un finisaj auriu rafinat, o piatr\u0103 de schimb \u0219i o sticl\u0103 de benzin\u0103 de 125 ml. Acest set reprezint\u0103 un cadou ideal pentru orice ocazie. Bricheta este livrat\u0103 ne\u00eenc\u0103rcat\u0103. Toate componentele sunt originale, fabricate \u00een SUA \u0219i respect\u0103 cele mai \u00eenalte standarde de calitate Zippo.<\/span><\/p>\n<p>Pute\u021bi achizi\u021biona setul cadou Zippo Regular Street Brass \u00een Moldova, Chi\u0219in\u0103u, \u00een re\u021beaua de magazine Tabacco House.<\/p>\n","protected":false},"excerpt":{"rendered":"<ul>\n<li><strong>SET DISPONIBIL DOAR LA COMAND\u0102 ONLINE<\/strong><\/li>\n<li>Corp Classic tradi\u021bional<\/li>\n<li>Garan\u021bie pe via\u021b\u0103<\/li>\n<li>Bricheta se livreaz\u0103 neumplut\u0103<\/li>\n<li>Cutie cadou \u0219i cremene <strong>Zippo<\/strong><\/li>\n<li>Brichet\u0103\u00a0<strong>Zippo Regular Street Brass<\/strong><\/li>\n<\/ul>\n","protected":false},"featured_media":156151,"template":"","meta":{"om_disable_all_campaigns":false,"_monsterinsights_skip_tracking":false,"_monsterinsights_sitenote_active":false,"_monsterinsights_sitenote_note":"","_monsterinsights_sitenote_category":0},"product_brand":[],"product_cat":[434,175],"product_tag":[],"class_list":{"0":"post-148263","1":"product","2":"type-product","3":"status-publish","4":"has-post-thumbnail","6":"product_cat-seturi-de-cadouri","7":"product_cat-brichete-zippo-2","9":"first","10":"instock","11":"sale","12":"purchasable","13":"product-type-simple"},"aioseo_notices":[],"aioseo_head":"\n\t\t<!-- All in One SEO Pro 4.9.6.2 - aioseo.com -->\n\t<meta name=\"robots\" content=\"max-image-preview:large\" \/>\n\t<link rel=\"canonical\" href=\"https:\/\/tabaccomd.com\/ro\/product\/set-cadou-zippo-regular-street-brass\/\" \/>\n\t<meta name=\"generator\" content=\"All in One SEO Pro (AIOSEO) 4.9.6.2\" \/>\n\t\t<meta property=\"og:locale\" content=\"ro_RO\" \/>\n\t\t<meta property=\"og:site_name\" content=\"Tabacco House \u2013 \u041c\u0430\u0433\u0430\u0437\u0438\u043d \u0442\u0430\u0431\u0430\u0447\u043d\u044b\u0445 \u0438\u0437\u0434\u0435\u043b\u0438\u0439\" \/>\n\t\t<meta property=\"og:type\" content=\"article\" \/>\n\t\t<meta property=\"og:title\" content=\"Set cadou Zippo Regular Street Brass \u2013 Tabacco House\" \/>\n\t\t<meta property=\"og:url\" content=\"https:\/\/tabaccomd.com\/ro\/product\/set-cadou-zippo-regular-street-brass\/\" \/>\n\t\t<meta property=\"article:published_time\" content=\"2025-12-24T12:00:31+00:00\" \/>\n\t\t<meta property=\"article:modified_time\" content=\"2025-12-29T12:01:46+00:00\" \/>\n\t\t<meta property=\"article:publisher\" content=\"https:\/\/www.facebook.com\/tabaccomd.com\/\" \/>\n\t\t<meta name=\"twitter:card\" content=\"summary_large_image\" \/>\n\t\t<meta name=\"twitter:title\" content=\"Set cadou Zippo Regular Street Brass \u2013 Tabacco House\" \/>\n\t\t<script type=\"application\/ld+json\" class=\"aioseo-schema\">\n\t\t\t{\"@context\":\"https:\\\/\\\/schema.org\",\"@graph\":[{\"@type\":\"BreadcrumbList\",\"@id\":\"https:\\\/\\\/tabaccomd.com\\\/ro\\\/product\\\/set-cadou-zippo-regular-street-brass\\\/#breadcrumblist\",\"itemListElement\":[{\"@type\":\"ListItem\",\"@id\":\"https:\\\/\\\/tabaccomd.com\\\/ro\\\/#listItem\",\"position\":1,\"name\":\"\\u0413\\u043b\\u0430\\u0432\\u043d\\u0430\\u044f\",\"item\":\"https:\\\/\\\/tabaccomd.com\\\/ro\\\/\",\"nextItem\":{\"@type\":\"ListItem\",\"@id\":\"https:\\\/\\\/tabaccomd.com\\\/ro\\\/catalog\\\/#listItem\",\"name\":\"Catalog\"}},{\"@type\":\"ListItem\",\"@id\":\"https:\\\/\\\/tabaccomd.com\\\/ro\\\/catalog\\\/#listItem\",\"position\":2,\"name\":\"Catalog\",\"item\":\"https:\\\/\\\/tabaccomd.com\\\/ro\\\/catalog\\\/\",\"nextItem\":{\"@type\":\"ListItem\",\"@id\":\"https:\\\/\\\/tabaccomd.com\\\/ro\\\/product-category\\\/gixt-box\\\/#listItem\",\"name\":\"Gift Box\"},\"previousItem\":{\"@type\":\"ListItem\",\"@id\":\"https:\\\/\\\/tabaccomd.com\\\/ro\\\/#listItem\",\"name\":\"\\u0413\\u043b\\u0430\\u0432\\u043d\\u0430\\u044f\"}},{\"@type\":\"ListItem\",\"@id\":\"https:\\\/\\\/tabaccomd.com\\\/ro\\\/product-category\\\/gixt-box\\\/#listItem\",\"position\":3,\"name\":\"Gift Box\",\"item\":\"https:\\\/\\\/tabaccomd.com\\\/ro\\\/product-category\\\/gixt-box\\\/\",\"nextItem\":{\"@type\":\"ListItem\",\"@id\":\"https:\\\/\\\/tabaccomd.com\\\/ro\\\/product-category\\\/gixt-box\\\/seturi-de-cadouri\\\/#listItem\",\"name\":\"Seturi de cadouri\"},\"previousItem\":{\"@type\":\"ListItem\",\"@id\":\"https:\\\/\\\/tabaccomd.com\\\/ro\\\/catalog\\\/#listItem\",\"name\":\"Catalog\"}},{\"@type\":\"ListItem\",\"@id\":\"https:\\\/\\\/tabaccomd.com\\\/ro\\\/product-category\\\/gixt-box\\\/seturi-de-cadouri\\\/#listItem\",\"position\":4,\"name\":\"Seturi de cadouri\",\"item\":\"https:\\\/\\\/tabaccomd.com\\\/ro\\\/product-category\\\/gixt-box\\\/seturi-de-cadouri\\\/\",\"nextItem\":{\"@type\":\"ListItem\",\"@id\":\"https:\\\/\\\/tabaccomd.com\\\/ro\\\/product\\\/set-cadou-zippo-regular-street-brass\\\/#listItem\",\"name\":\"Set cadou Zippo Regular Street Brass\"},\"previousItem\":{\"@type\":\"ListItem\",\"@id\":\"https:\\\/\\\/tabaccomd.com\\\/ro\\\/product-category\\\/gixt-box\\\/#listItem\",\"name\":\"Gift Box\"}},{\"@type\":\"ListItem\",\"@id\":\"https:\\\/\\\/tabaccomd.com\\\/ro\\\/product\\\/set-cadou-zippo-regular-street-brass\\\/#listItem\",\"position\":5,\"name\":\"Set cadou Zippo Regular Street Brass\",\"previousItem\":{\"@type\":\"ListItem\",\"@id\":\"https:\\\/\\\/tabaccomd.com\\\/ro\\\/product-category\\\/gixt-box\\\/seturi-de-cadouri\\\/#listItem\",\"name\":\"Seturi de cadouri\"}}]},{\"@type\":\"Organization\",\"@id\":\"https:\\\/\\\/tabaccomd.com\\\/ro\\\/#organization\",\"name\":\"Tabacco House\",\"description\":\"\\u041c\\u0430\\u0433\\u0430\\u0437\\u0438\\u043d \\u0442\\u0430\\u0431\\u0430\\u0447\\u043d\\u044b\\u0445 \\u0438\\u0437\\u0434\\u0435\\u043b\\u0438\\u0439\",\"url\":\"https:\\\/\\\/tabaccomd.com\\\/ro\\\/\",\"email\":\"Office@cazacuhouse.com\",\"telephone\":\"+37361000935\",\"logo\":{\"@type\":\"ImageObject\",\"url\":\"https:\\\/\\\/tabaccomd.com\\\/wp-content\\\/uploads\\\/2024\\\/02\\\/logo_header3.png\",\"@id\":\"https:\\\/\\\/tabaccomd.com\\\/ro\\\/product\\\/set-cadou-zippo-regular-street-brass\\\/#organizationLogo\",\"width\":32,\"height\":32,\"caption\":\"Tabacco House\"},\"image\":{\"@id\":\"https:\\\/\\\/tabaccomd.com\\\/ro\\\/product\\\/set-cadou-zippo-regular-street-brass\\\/#organizationLogo\"},\"sameAs\":[\"https:\\\/\\\/www.facebook.com\\\/tabaccomd.com\\\/\",\"https:\\\/\\\/www.instagram.com\\\/tabaccomd.com\\\/\"],\"address\":{\"@id\":\"https:\\\/\\\/tabaccomd.com\\\/ro\\\/#postaladdress\",\"@type\":\"PostalAddress\",\"streetAddress\":\"Strada Albi\\u015foara 4, Chi\\u0219in\\u0103u, Bulevardul \\u0218tefan cel Mare \\u0219i Sf\\u00eent 136, Chi\\u0219in\\u0103u\",\"addressLocality\":\"Chi\\u0219in\\u0103u\",\"addressCountry\":\"MD\"}},{\"@type\":\"Product\",\"@id\":\"https:\\\/\\\/tabaccomd.com\\\/ro\\\/product\\\/set-cadou-zippo-regular-street-brass\\\/#wooCommerceProduct\",\"name\":\"Set cadou Zippo Regular Street Brass\",\"description\":\"SET DISPONIBIL DOAR LA COMAND\\u0102 ONLINE\\r\\n \\tCorp Classic tradi\\u021bional\\r\\n \\tGaran\\u021bie pe via\\u021b\\u0103\\r\\n \\tBricheta se livreaz\\u0103 neumplut\\u0103\\r\\n \\tCutie cadou \\u0219i cremene Zippo\\r\\n \\tBrichet\\u0103\\u00a0Zippo Regular Street Brass\",\"url\":\"https:\\\/\\\/tabaccomd.com\\\/ro\\\/product\\\/set-cadou-zippo-regular-street-brass\\\/\",\"sku\":\"n48267\",\"image\":{\"@type\":\"ImageObject\",\"url\":\"https:\\\/\\\/tabaccomd.com\\\/wp-content\\\/uploads\\\/2025\\\/03\\\/IMG_9777.jpg\",\"@id\":\"https:\\\/\\\/tabaccomd.com\\\/ro\\\/product\\\/set-cadou-zippo-regular-street-brass\\\/#productImage\",\"width\":1200,\"height\":1200,\"caption\":\"IMG_9777\"},\"offers\":{\"@type\":\"Offer\",\"url\":\"https:\\\/\\\/tabaccomd.com\\\/ro\\\/product\\\/set-cadou-zippo-regular-street-brass\\\/#wooCommerceOffer\",\"price\":561,\"priceCurrency\":\"MDL\",\"category\":\"Seturi de cadouri\",\"availability\":\"https:\\\/\\\/schema.org\\\/InStock\",\"priceSpecification\":{\"@type\":\"PriceSpecification\",\"price\":561,\"priceCurrency\":\"MDL\",\"valueAddedTaxIncluded\":\"true\"},\"seller\":{\"@type\":\"Organization\",\"@id\":\"https:\\\/\\\/tabaccomd.com\\\/ro\\\/#organization\"}}},{\"@type\":\"WebPage\",\"@id\":\"https:\\\/\\\/tabaccomd.com\\\/ro\\\/product\\\/set-cadou-zippo-regular-street-brass\\\/#webpage\",\"url\":\"https:\\\/\\\/tabaccomd.com\\\/ro\\\/product\\\/set-cadou-zippo-regular-street-brass\\\/\",\"name\":\"Set cadou Zippo Regular Street Brass \\u2013 Tabacco House\",\"inLanguage\":\"ro-RO\",\"isPartOf\":{\"@id\":\"https:\\\/\\\/tabaccomd.com\\\/ro\\\/#website\"},\"breadcrumb\":{\"@id\":\"https:\\\/\\\/tabaccomd.com\\\/ro\\\/product\\\/set-cadou-zippo-regular-street-brass\\\/#breadcrumblist\"},\"image\":{\"@type\":\"ImageObject\",\"url\":\"https:\\\/\\\/tabaccomd.com\\\/wp-content\\\/uploads\\\/2025\\\/03\\\/IMG_9777.jpg\",\"@id\":\"https:\\\/\\\/tabaccomd.com\\\/ro\\\/product\\\/set-cadou-zippo-regular-street-brass\\\/#mainImage\",\"width\":1200,\"height\":1200,\"caption\":\"IMG_9777\"},\"primaryImageOfPage\":{\"@id\":\"https:\\\/\\\/tabaccomd.com\\\/ro\\\/product\\\/set-cadou-zippo-regular-street-brass\\\/#mainImage\"},\"datePublished\":\"2025-12-24T15:00:31+03:00\",\"dateModified\":\"2025-12-29T15:01:46+03:00\"},{\"@type\":\"WebSite\",\"@id\":\"https:\\\/\\\/tabaccomd.com\\\/ro\\\/#website\",\"url\":\"https:\\\/\\\/tabaccomd.com\\\/ro\\\/\",\"name\":\"Tabacco House\",\"alternateName\":\"tobaccomd.com\",\"description\":\"\\u041c\\u0430\\u0433\\u0430\\u0437\\u0438\\u043d \\u0442\\u0430\\u0431\\u0430\\u0447\\u043d\\u044b\\u0445 \\u0438\\u0437\\u0434\\u0435\\u043b\\u0438\\u0439\",\"inLanguage\":\"ro-RO\",\"publisher\":{\"@id\":\"https:\\\/\\\/tabaccomd.com\\\/ro\\\/#organization\"}}]}\n\t\t<\/script>\n\t\t<!-- All in One SEO Pro -->\r\n\t\t<title>Set cadou Zippo Regular Street Brass \u2013 Tabacco House<\/title>\n\n","aioseo_head_json":{"title":"Set cadou Zippo Regular Street Brass \u2013 Tabacco House","description":"","canonical_url":"https:\/\/tabaccomd.com\/ro\/product\/set-cadou-zippo-regular-street-brass\/","robots":"max-image-preview:large","keywords":"","webmasterTools":{"miscellaneous":""},"schema":{"@context":"https:\/\/schema.org","@graph":[{"@type":"BreadcrumbList","@id":"https:\/\/tabaccomd.com\/ro\/product\/set-cadou-zippo-regular-street-brass\/#breadcrumblist","itemListElement":[{"@type":"ListItem","@id":"https:\/\/tabaccomd.com\/ro\/#listItem","position":1,"name":"\u0413\u043b\u0430\u0432\u043d\u0430\u044f","item":"https:\/\/tabaccomd.com\/ro\/","nextItem":{"@type":"ListItem","@id":"https:\/\/tabaccomd.com\/ro\/catalog\/#listItem","name":"Catalog"}},{"@type":"ListItem","@id":"https:\/\/tabaccomd.com\/ro\/catalog\/#listItem","position":2,"name":"Catalog","item":"https:\/\/tabaccomd.com\/ro\/catalog\/","nextItem":{"@type":"ListItem","@id":"https:\/\/tabaccomd.com\/ro\/product-category\/gixt-box\/#listItem","name":"Gift Box"},"previousItem":{"@type":"ListItem","@id":"https:\/\/tabaccomd.com\/ro\/#listItem","name":"\u0413\u043b\u0430\u0432\u043d\u0430\u044f"}},{"@type":"ListItem","@id":"https:\/\/tabaccomd.com\/ro\/product-category\/gixt-box\/#listItem","position":3,"name":"Gift Box","item":"https:\/\/tabaccomd.com\/ro\/product-category\/gixt-box\/","nextItem":{"@type":"ListItem","@id":"https:\/\/tabaccomd.com\/ro\/product-category\/gixt-box\/seturi-de-cadouri\/#listItem","name":"Seturi de cadouri"},"previousItem":{"@type":"ListItem","@id":"https:\/\/tabaccomd.com\/ro\/catalog\/#listItem","name":"Catalog"}},{"@type":"ListItem","@id":"https:\/\/tabaccomd.com\/ro\/product-category\/gixt-box\/seturi-de-cadouri\/#listItem","position":4,"name":"Seturi de cadouri","item":"https:\/\/tabaccomd.com\/ro\/product-category\/gixt-box\/seturi-de-cadouri\/","nextItem":{"@type":"ListItem","@id":"https:\/\/tabaccomd.com\/ro\/product\/set-cadou-zippo-regular-street-brass\/#listItem","name":"Set cadou Zippo Regular Street Brass"},"previousItem":{"@type":"ListItem","@id":"https:\/\/tabaccomd.com\/ro\/product-category\/gixt-box\/#listItem","name":"Gift Box"}},{"@type":"ListItem","@id":"https:\/\/tabaccomd.com\/ro\/product\/set-cadou-zippo-regular-street-brass\/#listItem","position":5,"name":"Set cadou Zippo Regular Street Brass","previousItem":{"@type":"ListItem","@id":"https:\/\/tabaccomd.com\/ro\/product-category\/gixt-box\/seturi-de-cadouri\/#listItem","name":"Seturi de cadouri"}}]},{"@type":"Organization","@id":"https:\/\/tabaccomd.com\/ro\/#organization","name":"Tabacco House","description":"\u041c\u0430\u0433\u0430\u0437\u0438\u043d \u0442\u0430\u0431\u0430\u0447\u043d\u044b\u0445 \u0438\u0437\u0434\u0435\u043b\u0438\u0439","url":"https:\/\/tabaccomd.com\/ro\/","email":"Office@cazacuhouse.com","telephone":"+37361000935","logo":{"@type":"ImageObject","url":"https:\/\/tabaccomd.com\/wp-content\/uploads\/2024\/02\/logo_header3.png","@id":"https:\/\/tabaccomd.com\/ro\/product\/set-cadou-zippo-regular-street-brass\/#organizationLogo","width":32,"height":32,"caption":"Tabacco House"},"image":{"@id":"https:\/\/tabaccomd.com\/ro\/product\/set-cadou-zippo-regular-street-brass\/#organizationLogo"},"sameAs":["https:\/\/www.facebook.com\/tabaccomd.com\/","https:\/\/www.instagram.com\/tabaccomd.com\/"],"address":{"@id":"https:\/\/tabaccomd.com\/ro\/#postaladdress","@type":"PostalAddress","streetAddress":"Strada Albi\u015foara 4, Chi\u0219in\u0103u, Bulevardul \u0218tefan cel Mare \u0219i Sf\u00eent 136, Chi\u0219in\u0103u","addressLocality":"Chi\u0219in\u0103u","addressCountry":"MD"}},{"@type":"Product","@id":"https:\/\/tabaccomd.com\/ro\/product\/set-cadou-zippo-regular-street-brass\/#wooCommerceProduct","name":"Set cadou Zippo Regular Street Brass","description":"SET DISPONIBIL DOAR LA COMAND\u0102 ONLINE\r\n \tCorp Classic tradi\u021bional\r\n \tGaran\u021bie pe via\u021b\u0103\r\n \tBricheta se livreaz\u0103 neumplut\u0103\r\n \tCutie cadou \u0219i cremene Zippo\r\n \tBrichet\u0103\u00a0Zippo Regular Street Brass","url":"https:\/\/tabaccomd.com\/ro\/product\/set-cadou-zippo-regular-street-brass\/","sku":"n48267","image":{"@type":"ImageObject","url":"https:\/\/tabaccomd.com\/wp-content\/uploads\/2025\/03\/IMG_9777.jpg","@id":"https:\/\/tabaccomd.com\/ro\/product\/set-cadou-zippo-regular-street-brass\/#productImage","width":1200,"height":1200,"caption":"IMG_9777"},"offers":{"@type":"Offer","url":"https:\/\/tabaccomd.com\/ro\/product\/set-cadou-zippo-regular-street-brass\/#wooCommerceOffer","price":561,"priceCurrency":"MDL","category":"Seturi de cadouri","availability":"https:\/\/schema.org\/InStock","priceSpecification":{"@type":"PriceSpecification","price":561,"priceCurrency":"MDL","valueAddedTaxIncluded":"true"},"seller":{"@type":"Organization","@id":"https:\/\/tabaccomd.com\/ro\/#organization"}}},{"@type":"WebPage","@id":"https:\/\/tabaccomd.com\/ro\/product\/set-cadou-zippo-regular-street-brass\/#webpage","url":"https:\/\/tabaccomd.com\/ro\/product\/set-cadou-zippo-regular-street-brass\/","name":"Set cadou Zippo Regular Street Brass \u2013 Tabacco House","inLanguage":"ro-RO","isPartOf":{"@id":"https:\/\/tabaccomd.com\/ro\/#website"},"breadcrumb":{"@id":"https:\/\/tabaccomd.com\/ro\/product\/set-cadou-zippo-regular-street-brass\/#breadcrumblist"},"image":{"@type":"ImageObject","url":"https:\/\/tabaccomd.com\/wp-content\/uploads\/2025\/03\/IMG_9777.jpg","@id":"https:\/\/tabaccomd.com\/ro\/product\/set-cadou-zippo-regular-street-brass\/#mainImage","width":1200,"height":1200,"caption":"IMG_9777"},"primaryImageOfPage":{"@id":"https:\/\/tabaccomd.com\/ro\/product\/set-cadou-zippo-regular-street-brass\/#mainImage"},"datePublished":"2025-12-24T15:00:31+03:00","dateModified":"2025-12-29T15:01:46+03:00"},{"@type":"WebSite","@id":"https:\/\/tabaccomd.com\/ro\/#website","url":"https:\/\/tabaccomd.com\/ro\/","name":"Tabacco House","alternateName":"tobaccomd.com","description":"\u041c\u0430\u0433\u0430\u0437\u0438\u043d \u0442\u0430\u0431\u0430\u0447\u043d\u044b\u0445 \u0438\u0437\u0434\u0435\u043b\u0438\u0439","inLanguage":"ro-RO","publisher":{"@id":"https:\/\/tabaccomd.com\/ro\/#organization"}}]},"og:locale":"ro_RO","og:site_name":"Tabacco House \u2013 \u041c\u0430\u0433\u0430\u0437\u0438\u043d \u0442\u0430\u0431\u0430\u0447\u043d\u044b\u0445 \u0438\u0437\u0434\u0435\u043b\u0438\u0439","og:type":"article","og:title":"Set cadou Zippo Regular Street Brass \u2013 Tabacco House","og:url":"https:\/\/tabaccomd.com\/ro\/product\/set-cadou-zippo-regular-street-brass\/","article:published_time":"2025-12-24T12:00:31+00:00","article:modified_time":"2025-12-29T12:01:46+00:00","article:publisher":"https:\/\/www.facebook.com\/tabaccomd.com\/","twitter:card":"summary_large_image","twitter:title":"Set cadou Zippo Regular Street Brass \u2013 Tabacco House"},"aioseo_meta_data":{"post_id":"148263","title":null,"description":null,"keywords":null,"keyphrases":null,"primary_term":null,"canonical_url":null,"og_title":null,"og_description":null,"og_object_type":"default","og_image_type":"default","og_image_url":null,"og_image_width":null,"og_image_height":null,"og_image_custom_url":null,"og_image_custom_fields":null,"og_video":null,"og_custom_url":null,"og_article_section":null,"og_article_tags":null,"twitter_use_og":false,"twitter_card":"default","twitter_image_type":"default","twitter_image_url":null,"twitter_image_custom_url":null,"twitter_image_custom_fields":null,"twitter_title":null,"twitter_description":null,"schema":{"blockGraphs":[],"customGraphs":[],"default":{"data":{"Article":[],"Course":[],"Dataset":[],"FAQPage":[],"Movie":[],"Person":[],"Product":[],"ProductReview":[],"Car":[],"Recipe":[],"Service":[],"SoftwareApplication":[],"WebPage":[]},"graphName":"ItemPage","isEnabled":true},"graphs":[]},"schema_type":"default","schema_type_options":null,"pillar_content":false,"robots_default":true,"robots_noindex":false,"robots_noarchive":false,"robots_nosnippet":false,"robots_nofollow":false,"robots_noimageindex":false,"robots_noodp":false,"robots_notranslate":false,"robots_max_snippet":null,"robots_max_videopreview":null,"robots_max_imagepreview":"large","priority":null,"frequency":null,"local_seo":null,"seo_analyzer_scan_date":"2025-12-29 12:06:42","breadcrumb_settings":null,"limit_modified_date":false,"reviewed_by":null,"open_ai":null,"ai":null,"created":"2025-03-25 15:45:34","updated":"2025-12-29 12:14:12"},"aioseo_breadcrumb":"<div class=\"aioseo-breadcrumbs\"><span class=\"aioseo-breadcrumb\">\n\t<a href=\"https:\/\/tabaccomd.com\/ro\/\" title=\"\u0413\u043b\u0430\u0432\u043d\u0430\u044f\">\u0413\u043b\u0430\u0432\u043d\u0430\u044f<\/a>\n<\/span><span class=\"aioseo-breadcrumb-separator\">\u00bb<\/span><span class=\"aioseo-breadcrumb\">\n\t<a href=\"https:\/\/tabaccomd.com\/ro\/catalog\/\" title=\"Catalog\">Catalog<\/a>\n<\/span><span class=\"aioseo-breadcrumb-separator\">\u00bb<\/span><span class=\"aioseo-breadcrumb\">\n\t<a href=\"https:\/\/tabaccomd.com\/ro\/product-category\/gixt-box\/\" title=\"Gift Box\">Gift Box<\/a>\n<\/span><span class=\"aioseo-breadcrumb-separator\">\u00bb<\/span><span class=\"aioseo-breadcrumb\">\n\t<a href=\"https:\/\/tabaccomd.com\/ro\/product-category\/gixt-box\/seturi-de-cadouri\/\" title=\"Seturi de cadouri\">Seturi de cadouri<\/a>\n<\/span><span class=\"aioseo-breadcrumb-separator\">\u00bb<\/span><span class=\"aioseo-breadcrumb\">\n\tSet cadou Zippo Regular Street Brass\n<\/span><\/div>","aioseo_breadcrumb_json":[{"label":"\u0413\u043b\u0430\u0432\u043d\u0430\u044f","link":"https:\/\/tabaccomd.com\/ro\/"},{"label":"Catalog","link":"https:\/\/tabaccomd.com\/ro\/catalog\/"},{"label":"Gift Box","link":"https:\/\/tabaccomd.com\/ro\/product-category\/gixt-box\/"},{"label":"Seturi de cadouri","link":"https:\/\/tabaccomd.com\/ro\/product-category\/gixt-box\/seturi-de-cadouri\/"},{"label":"Set cadou Zippo Regular Street Brass","link":"https:\/\/tabaccomd.com\/ro\/product\/set-cadou-zippo-regular-street-brass\/"}],"images_for_1c":[{"url":"https:\/\/tabaccomd.com\/wp-content\/uploads\/2025\/03\/IMG_9777.jpg","type":"featured","alt":"IMG_9777","filename":"IMG_9777.jpg"},{"url":"https:\/\/tabaccomd.com\/wp-content\/uploads\/2025\/03\/set-de-cadou-Zippo-Regular-Street-Brass-1.jpg","type":"gallery","alt":"set-de-cadou-Zippo-Regular-Street-Brass-1","filename":"set-de-cadou-Zippo-Regular-Street-Brass-1.jpg"},{"url":"https:\/\/tabaccomd.com\/wp-content\/uploads\/2025\/03\/set-de-cadou-Zippo-Regular-Street-Brass-2.jpg","type":"gallery","alt":"set-de-cadou-Zippo-Regular-Street-Brass-2","filename":"set-de-cadou-Zippo-Regular-Street-Brass-2.jpg"},{"url":"https:\/\/tabaccomd.com\/wp-content\/uploads\/2025\/03\/set-de-cadou-Zippo-Regular-Street-Brass-0.jpg","type":"gallery","alt":"set-de-cadou-Zippo-Regular-Stree","filename":"set-de-cadou-Zippo-Regular-Street-Brass-0.jpg"}],"additional_data_1c":{"modified_date":"2025-12-29 15:01:46","permalink":"https:\/\/tabaccomd.com\/ro\/product\/set-cadou-zippo-regular-street-brass\/","stock_status":"instock","manage_stock":"no"},"_links":{"self":[{"href":"https:\/\/tabaccomd.com\/ro\/wp-json\/wp\/v2\/product\/148263","targetHints":{"allow":["GET"]}}],"collection":[{"href":"https:\/\/tabaccomd.com\/ro\/wp-json\/wp\/v2\/product"}],"about":[{"href":"https:\/\/tabaccomd.com\/ro\/wp-json\/wp\/v2\/types\/product"}],"wp:featuredmedia":[{"embeddable":true,"href":"https:\/\/tabaccomd.com\/ro\/wp-json\/wp\/v2\/media\/156151"}],"wp:attachment":[{"href":"https:\/\/tabaccomd.com\/ro\/wp-json\/wp\/v2\/media?parent=148263"}],"wp:term":[{"taxonomy":"product_brand","embeddable":true,"href":"https:\/\/tabaccomd.com\/ro\/wp-json\/wp\/v2\/product_brand?post=148263"},{"taxonomy":"product_cat","embeddable":true,"href":"https:\/\/tabaccomd.com\/ro\/wp-json\/wp\/v2\/product_cat?post=148263"},{"taxonomy":"product_tag","embeddable":true,"href":"https:\/\/tabaccomd.com\/ro\/wp-json\/wp\/v2\/product_tag?post=148263"}],"curies":[{"name":"wp","href":"https:\/\/api.w.org\/{rel}","templated":true}]}}