{"id":148229,"date":"2025-03-21T16:10:24","date_gmt":"2025-03-21T13:10:24","guid":{"rendered":"https:\/\/tabaccomd.com\/product\/bricheta-electrica-vin-a33645\/"},"modified":"2025-03-24T18:03:19","modified_gmt":"2025-03-24T15:03:19","slug":"bricheta-electrica-vin-a33645","status":"publish","type":"product","link":"https:\/\/tabaccomd.com\/ro\/product\/bricheta-electrica-vin-a33645\/","title":{"rendered":"Brichet\u0103 electric\u0103 &#8222;Vin&#8221; A33645"},"content":{"rendered":"<p>Aceast\u0103 <a href=\"https:\/\/tabaccomd.com\/ro\/categorie-produs\/brichete\/brichete-electrice\/\">brichet\u0103<\/a> USB elegant\u0103 cu duz\u0103, inspirat\u0103 de tendin\u021bele moderne, va fi un accesoriu stilat \u0219i func\u021bional \u00een orice colec\u021bie. Designul s\u0103u rafinat \u00eei subliniaz\u0103 versatilitatea, f\u0103c\u00e2nd-o nu doar un accesoriu practic, ci \u0219i un element deosebit al imaginii personale. Un detaliu special \u00eel reprezint\u0103 gravura delicat\u0103 cu vi\u021b\u0103 de vie \u0219i un pahar de vin \u2014 simboluri ale Moldovei, ce reflect\u0103 tradi\u021biile viticole bogate \u0219i dragostea pentru \u021bar\u0103. Aceast\u0103 brichet\u0103 este o alegere ideal\u0103 pentru patrio\u021bi sau ca un cadou elegant pentru turi\u0219ti, l\u0103s\u00e2nd amintiri pl\u0103cute despre Moldova. Dispozitivul se \u00eencarc\u0103 u\u0219or de la un computer sau alte dispozitive compatibile cu USB. Este livrat\u0103 \u00eentr-o cutie cadou, fiind perfect\u0103 pentru orice ocazie special\u0103.<\/p>\n<p>Pute\u021bi achizi\u021biona bricheta electric\u0103 &#8222;Vin&#8221; A33645 \u00een Moldova, Chi\u0219in\u0103u, \u00een re\u021beaua de magazine Tabacco House.<\/p>\n","protected":false},"excerpt":{"rendered":"<ul>\n<li>Gravura elegant\u0103 de struguri \u0219i vin pe partea din fa\u021b\u0103<\/li>\n<li>Tip: Electric\u0103 + gaz<\/li>\n<li>Material: Metal<\/li>\n<li>\u021aara de origine: China<\/li>\n<li>Produc\u0103tor: Usmivka<\/li>\n<li>\u00cenc\u0103rc\u0103tor USB inclus<\/li>\n<\/ul>\n","protected":false},"featured_media":148224,"template":"","meta":{"om_disable_all_campaigns":false,"_monsterinsights_skip_tracking":false,"_monsterinsights_sitenote_active":false,"_monsterinsights_sitenote_note":"","_monsterinsights_sitenote_category":0},"product_brand":[],"product_cat":[402],"product_tag":[],"class_list":{"0":"post-148229","1":"product","2":"type-product","3":"status-publish","4":"has-post-thumbnail","6":"product_cat-brichete-electrice","8":"first","9":"outofstock","10":"purchasable","11":"product-type-simple"},"aioseo_notices":[],"aioseo_head":"\n\t\t<!-- All in One SEO Pro 4.9.6.2 - aioseo.com -->\n\t<meta name=\"robots\" content=\"max-image-preview:large\" \/>\n\t<link rel=\"canonical\" href=\"https:\/\/tabaccomd.com\/ro\/product\/bricheta-electrica-vin-a33645\/\" \/>\n\t<meta name=\"generator\" content=\"All in One SEO Pro (AIOSEO) 4.9.6.2\" \/>\n\t\t<meta property=\"og:locale\" content=\"ro_RO\" \/>\n\t\t<meta property=\"og:site_name\" content=\"Tabacco House \u2013 \u041c\u0430\u0433\u0430\u0437\u0438\u043d \u0442\u0430\u0431\u0430\u0447\u043d\u044b\u0445 \u0438\u0437\u0434\u0435\u043b\u0438\u0439\" \/>\n\t\t<meta property=\"og:type\" content=\"article\" \/>\n\t\t<meta property=\"og:title\" content=\"Brichet\u0103 electric\u0103 \u201eVin\u201d A33645 \u2013 Tabacco House\" \/>\n\t\t<meta property=\"og:url\" content=\"https:\/\/tabaccomd.com\/ro\/product\/bricheta-electrica-vin-a33645\/\" \/>\n\t\t<meta property=\"article:published_time\" content=\"2025-03-21T13:10:24+00:00\" \/>\n\t\t<meta property=\"article:modified_time\" content=\"2025-03-24T15:03:19+00:00\" \/>\n\t\t<meta property=\"article:publisher\" content=\"https:\/\/www.facebook.com\/tabaccomd.com\/\" \/>\n\t\t<meta name=\"twitter:card\" content=\"summary_large_image\" \/>\n\t\t<meta name=\"twitter:title\" content=\"Brichet\u0103 electric\u0103 \u201eVin\u201d A33645 \u2013 Tabacco House\" \/>\n\t\t<script type=\"application\/ld+json\" class=\"aioseo-schema\">\n\t\t\t{\"@context\":\"https:\\\/\\\/schema.org\",\"@graph\":[{\"@type\":\"BreadcrumbList\",\"@id\":\"https:\\\/\\\/tabaccomd.com\\\/ro\\\/product\\\/bricheta-electrica-vin-a33645\\\/#breadcrumblist\",\"itemListElement\":[{\"@type\":\"ListItem\",\"@id\":\"https:\\\/\\\/tabaccomd.com\\\/ro\\\/#listItem\",\"position\":1,\"name\":\"\\u0413\\u043b\\u0430\\u0432\\u043d\\u0430\\u044f\",\"item\":\"https:\\\/\\\/tabaccomd.com\\\/ro\\\/\",\"nextItem\":{\"@type\":\"ListItem\",\"@id\":\"https:\\\/\\\/tabaccomd.com\\\/ro\\\/catalog\\\/#listItem\",\"name\":\"Catalog\"}},{\"@type\":\"ListItem\",\"@id\":\"https:\\\/\\\/tabaccomd.com\\\/ro\\\/catalog\\\/#listItem\",\"position\":2,\"name\":\"Catalog\",\"item\":\"https:\\\/\\\/tabaccomd.com\\\/ro\\\/catalog\\\/\",\"nextItem\":{\"@type\":\"ListItem\",\"@id\":\"https:\\\/\\\/tabaccomd.com\\\/ro\\\/product-category\\\/brichete\\\/#listItem\",\"name\":\"Brichete\"},\"previousItem\":{\"@type\":\"ListItem\",\"@id\":\"https:\\\/\\\/tabaccomd.com\\\/ro\\\/#listItem\",\"name\":\"\\u0413\\u043b\\u0430\\u0432\\u043d\\u0430\\u044f\"}},{\"@type\":\"ListItem\",\"@id\":\"https:\\\/\\\/tabaccomd.com\\\/ro\\\/product-category\\\/brichete\\\/#listItem\",\"position\":3,\"name\":\"Brichete\",\"item\":\"https:\\\/\\\/tabaccomd.com\\\/ro\\\/product-category\\\/brichete\\\/\",\"nextItem\":{\"@type\":\"ListItem\",\"@id\":\"https:\\\/\\\/tabaccomd.com\\\/ro\\\/product-category\\\/brichete\\\/brichete-electrice\\\/#listItem\",\"name\":\"Brichete electrice\"},\"previousItem\":{\"@type\":\"ListItem\",\"@id\":\"https:\\\/\\\/tabaccomd.com\\\/ro\\\/catalog\\\/#listItem\",\"name\":\"Catalog\"}},{\"@type\":\"ListItem\",\"@id\":\"https:\\\/\\\/tabaccomd.com\\\/ro\\\/product-category\\\/brichete\\\/brichete-electrice\\\/#listItem\",\"position\":4,\"name\":\"Brichete electrice\",\"item\":\"https:\\\/\\\/tabaccomd.com\\\/ro\\\/product-category\\\/brichete\\\/brichete-electrice\\\/\",\"nextItem\":{\"@type\":\"ListItem\",\"@id\":\"https:\\\/\\\/tabaccomd.com\\\/ro\\\/product\\\/bricheta-electrica-vin-a33645\\\/#listItem\",\"name\":\"Brichet\\u0103 electric\\u0103 &#8222;Vin&#8221; A33645\"},\"previousItem\":{\"@type\":\"ListItem\",\"@id\":\"https:\\\/\\\/tabaccomd.com\\\/ro\\\/product-category\\\/brichete\\\/#listItem\",\"name\":\"Brichete\"}},{\"@type\":\"ListItem\",\"@id\":\"https:\\\/\\\/tabaccomd.com\\\/ro\\\/product\\\/bricheta-electrica-vin-a33645\\\/#listItem\",\"position\":5,\"name\":\"Brichet\\u0103 electric\\u0103 &#8222;Vin&#8221; A33645\",\"previousItem\":{\"@type\":\"ListItem\",\"@id\":\"https:\\\/\\\/tabaccomd.com\\\/ro\\\/product-category\\\/brichete\\\/brichete-electrice\\\/#listItem\",\"name\":\"Brichete electrice\"}}]},{\"@type\":\"Organization\",\"@id\":\"https:\\\/\\\/tabaccomd.com\\\/ro\\\/#organization\",\"name\":\"Tabacco House\",\"description\":\"\\u041c\\u0430\\u0433\\u0430\\u0437\\u0438\\u043d \\u0442\\u0430\\u0431\\u0430\\u0447\\u043d\\u044b\\u0445 \\u0438\\u0437\\u0434\\u0435\\u043b\\u0438\\u0439\",\"url\":\"https:\\\/\\\/tabaccomd.com\\\/ro\\\/\",\"email\":\"Office@cazacuhouse.com\",\"telephone\":\"+37361000935\",\"logo\":{\"@type\":\"ImageObject\",\"url\":\"https:\\\/\\\/tabaccomd.com\\\/wp-content\\\/uploads\\\/2024\\\/02\\\/logo_header3.png\",\"@id\":\"https:\\\/\\\/tabaccomd.com\\\/ro\\\/product\\\/bricheta-electrica-vin-a33645\\\/#organizationLogo\",\"width\":32,\"height\":32,\"caption\":\"Tabacco House\"},\"image\":{\"@id\":\"https:\\\/\\\/tabaccomd.com\\\/ro\\\/product\\\/bricheta-electrica-vin-a33645\\\/#organizationLogo\"},\"sameAs\":[\"https:\\\/\\\/www.facebook.com\\\/tabaccomd.com\\\/\",\"https:\\\/\\\/www.instagram.com\\\/tabaccomd.com\\\/\"],\"address\":{\"@id\":\"https:\\\/\\\/tabaccomd.com\\\/ro\\\/#postaladdress\",\"@type\":\"PostalAddress\",\"streetAddress\":\"Strada Albi\\u015foara 4, Chi\\u0219in\\u0103u, Bulevardul \\u0218tefan cel Mare \\u0219i Sf\\u00eent 136, Chi\\u0219in\\u0103u\",\"addressLocality\":\"Chi\\u0219in\\u0103u\",\"addressCountry\":\"MD\"}},{\"@type\":\"Product\",\"@id\":\"https:\\\/\\\/tabaccomd.com\\\/ro\\\/product\\\/bricheta-electrica-vin-a33645\\\/#wooCommerceProduct\",\"name\":\"Brichet\\u0103 electric\\u0103 \\\"Vin\\\" A33645\",\"description\":\"Gravura elegant\\u0103 de struguri \\u0219i vin pe partea din fa\\u021b\\u0103\\r\\n \\tTip: Electric\\u0103 + gaz\\r\\n \\tMaterial: Metal\\r\\n \\t\\u021aara de origine: China\\r\\n \\tProduc\\u0103tor: Usmivka\\r\\n \\t\\u00cenc\\u0103rc\\u0103tor USB inclus\",\"url\":\"https:\\\/\\\/tabaccomd.com\\\/ro\\\/product\\\/bricheta-electrica-vin-a33645\\\/\",\"sku\":\"\\u0412\\u0438\\u043d\\u043e A33645B\",\"image\":{\"@type\":\"ImageObject\",\"url\":\"https:\\\/\\\/tabaccomd.com\\\/wp-content\\\/uploads\\\/2025\\\/03\\\/bricheta-electrica-vin-A33645B.jpg\",\"@id\":\"https:\\\/\\\/tabaccomd.com\\\/ro\\\/product\\\/bricheta-electrica-vin-a33645\\\/#productImage\",\"width\":1200,\"height\":1200,\"caption\":\"bricheta-electrica-vin-A33645B\"},\"offers\":{\"@type\":\"Offer\",\"url\":\"https:\\\/\\\/tabaccomd.com\\\/ro\\\/product\\\/bricheta-electrica-vin-a33645\\\/#wooCommerceOffer\",\"price\":560,\"priceCurrency\":\"MDL\",\"category\":\"Brichete electrice\",\"availability\":\"https:\\\/\\\/schema.org\\\/OutOfStock\",\"priceSpecification\":{\"@type\":\"PriceSpecification\",\"price\":560,\"priceCurrency\":\"MDL\",\"valueAddedTaxIncluded\":\"true\"},\"seller\":{\"@type\":\"Organization\",\"@id\":\"https:\\\/\\\/tabaccomd.com\\\/ro\\\/#organization\"}}},{\"@type\":\"WebPage\",\"@id\":\"https:\\\/\\\/tabaccomd.com\\\/ro\\\/product\\\/bricheta-electrica-vin-a33645\\\/#webpage\",\"url\":\"https:\\\/\\\/tabaccomd.com\\\/ro\\\/product\\\/bricheta-electrica-vin-a33645\\\/\",\"name\":\"Brichet\\u0103 electric\\u0103 \\u201eVin\\u201d A33645 \\u2013 Tabacco House\",\"inLanguage\":\"ro-RO\",\"isPartOf\":{\"@id\":\"https:\\\/\\\/tabaccomd.com\\\/ro\\\/#website\"},\"breadcrumb\":{\"@id\":\"https:\\\/\\\/tabaccomd.com\\\/ro\\\/product\\\/bricheta-electrica-vin-a33645\\\/#breadcrumblist\"},\"image\":{\"@type\":\"ImageObject\",\"url\":\"https:\\\/\\\/tabaccomd.com\\\/wp-content\\\/uploads\\\/2025\\\/03\\\/bricheta-electrica-vin-A33645B.jpg\",\"@id\":\"https:\\\/\\\/tabaccomd.com\\\/ro\\\/product\\\/bricheta-electrica-vin-a33645\\\/#mainImage\",\"width\":1200,\"height\":1200,\"caption\":\"bricheta-electrica-vin-A33645B\"},\"primaryImageOfPage\":{\"@id\":\"https:\\\/\\\/tabaccomd.com\\\/ro\\\/product\\\/bricheta-electrica-vin-a33645\\\/#mainImage\"},\"datePublished\":\"2025-03-21T16:10:24+03:00\",\"dateModified\":\"2025-03-24T18:03:19+03:00\"},{\"@type\":\"WebSite\",\"@id\":\"https:\\\/\\\/tabaccomd.com\\\/ro\\\/#website\",\"url\":\"https:\\\/\\\/tabaccomd.com\\\/ro\\\/\",\"name\":\"Tabacco House\",\"alternateName\":\"tobaccomd.com\",\"description\":\"\\u041c\\u0430\\u0433\\u0430\\u0437\\u0438\\u043d \\u0442\\u0430\\u0431\\u0430\\u0447\\u043d\\u044b\\u0445 \\u0438\\u0437\\u0434\\u0435\\u043b\\u0438\\u0439\",\"inLanguage\":\"ro-RO\",\"publisher\":{\"@id\":\"https:\\\/\\\/tabaccomd.com\\\/ro\\\/#organization\"}}]}\n\t\t<\/script>\n\t\t<!-- All in One SEO Pro -->\r\n\t\t<title>Brichet\u0103 electric\u0103 \u201eVin\u201d A33645 \u2013 Tabacco House<\/title>\n\n","aioseo_head_json":{"title":"Brichet\u0103 electric\u0103 \u201eVin\u201d A33645 \u2013 Tabacco House","description":"","canonical_url":"https:\/\/tabaccomd.com\/ro\/product\/bricheta-electrica-vin-a33645\/","robots":"max-image-preview:large","keywords":"","webmasterTools":{"miscellaneous":""},"schema":{"@context":"https:\/\/schema.org","@graph":[{"@type":"BreadcrumbList","@id":"https:\/\/tabaccomd.com\/ro\/product\/bricheta-electrica-vin-a33645\/#breadcrumblist","itemListElement":[{"@type":"ListItem","@id":"https:\/\/tabaccomd.com\/ro\/#listItem","position":1,"name":"\u0413\u043b\u0430\u0432\u043d\u0430\u044f","item":"https:\/\/tabaccomd.com\/ro\/","nextItem":{"@type":"ListItem","@id":"https:\/\/tabaccomd.com\/ro\/catalog\/#listItem","name":"Catalog"}},{"@type":"ListItem","@id":"https:\/\/tabaccomd.com\/ro\/catalog\/#listItem","position":2,"name":"Catalog","item":"https:\/\/tabaccomd.com\/ro\/catalog\/","nextItem":{"@type":"ListItem","@id":"https:\/\/tabaccomd.com\/ro\/product-category\/brichete\/#listItem","name":"Brichete"},"previousItem":{"@type":"ListItem","@id":"https:\/\/tabaccomd.com\/ro\/#listItem","name":"\u0413\u043b\u0430\u0432\u043d\u0430\u044f"}},{"@type":"ListItem","@id":"https:\/\/tabaccomd.com\/ro\/product-category\/brichete\/#listItem","position":3,"name":"Brichete","item":"https:\/\/tabaccomd.com\/ro\/product-category\/brichete\/","nextItem":{"@type":"ListItem","@id":"https:\/\/tabaccomd.com\/ro\/product-category\/brichete\/brichete-electrice\/#listItem","name":"Brichete electrice"},"previousItem":{"@type":"ListItem","@id":"https:\/\/tabaccomd.com\/ro\/catalog\/#listItem","name":"Catalog"}},{"@type":"ListItem","@id":"https:\/\/tabaccomd.com\/ro\/product-category\/brichete\/brichete-electrice\/#listItem","position":4,"name":"Brichete electrice","item":"https:\/\/tabaccomd.com\/ro\/product-category\/brichete\/brichete-electrice\/","nextItem":{"@type":"ListItem","@id":"https:\/\/tabaccomd.com\/ro\/product\/bricheta-electrica-vin-a33645\/#listItem","name":"Brichet\u0103 electric\u0103 &#8222;Vin&#8221; A33645"},"previousItem":{"@type":"ListItem","@id":"https:\/\/tabaccomd.com\/ro\/product-category\/brichete\/#listItem","name":"Brichete"}},{"@type":"ListItem","@id":"https:\/\/tabaccomd.com\/ro\/product\/bricheta-electrica-vin-a33645\/#listItem","position":5,"name":"Brichet\u0103 electric\u0103 &#8222;Vin&#8221; A33645","previousItem":{"@type":"ListItem","@id":"https:\/\/tabaccomd.com\/ro\/product-category\/brichete\/brichete-electrice\/#listItem","name":"Brichete electrice"}}]},{"@type":"Organization","@id":"https:\/\/tabaccomd.com\/ro\/#organization","name":"Tabacco House","description":"\u041c\u0430\u0433\u0430\u0437\u0438\u043d \u0442\u0430\u0431\u0430\u0447\u043d\u044b\u0445 \u0438\u0437\u0434\u0435\u043b\u0438\u0439","url":"https:\/\/tabaccomd.com\/ro\/","email":"Office@cazacuhouse.com","telephone":"+37361000935","logo":{"@type":"ImageObject","url":"https:\/\/tabaccomd.com\/wp-content\/uploads\/2024\/02\/logo_header3.png","@id":"https:\/\/tabaccomd.com\/ro\/product\/bricheta-electrica-vin-a33645\/#organizationLogo","width":32,"height":32,"caption":"Tabacco House"},"image":{"@id":"https:\/\/tabaccomd.com\/ro\/product\/bricheta-electrica-vin-a33645\/#organizationLogo"},"sameAs":["https:\/\/www.facebook.com\/tabaccomd.com\/","https:\/\/www.instagram.com\/tabaccomd.com\/"],"address":{"@id":"https:\/\/tabaccomd.com\/ro\/#postaladdress","@type":"PostalAddress","streetAddress":"Strada Albi\u015foara 4, Chi\u0219in\u0103u, Bulevardul \u0218tefan cel Mare \u0219i Sf\u00eent 136, Chi\u0219in\u0103u","addressLocality":"Chi\u0219in\u0103u","addressCountry":"MD"}},{"@type":"Product","@id":"https:\/\/tabaccomd.com\/ro\/product\/bricheta-electrica-vin-a33645\/#wooCommerceProduct","name":"Brichet\u0103 electric\u0103 \"Vin\" A33645","description":"Gravura elegant\u0103 de struguri \u0219i vin pe partea din fa\u021b\u0103\r\n \tTip: Electric\u0103 + gaz\r\n \tMaterial: Metal\r\n \t\u021aara de origine: China\r\n \tProduc\u0103tor: Usmivka\r\n \t\u00cenc\u0103rc\u0103tor USB inclus","url":"https:\/\/tabaccomd.com\/ro\/product\/bricheta-electrica-vin-a33645\/","sku":"\u0412\u0438\u043d\u043e A33645B","image":{"@type":"ImageObject","url":"https:\/\/tabaccomd.com\/wp-content\/uploads\/2025\/03\/bricheta-electrica-vin-A33645B.jpg","@id":"https:\/\/tabaccomd.com\/ro\/product\/bricheta-electrica-vin-a33645\/#productImage","width":1200,"height":1200,"caption":"bricheta-electrica-vin-A33645B"},"offers":{"@type":"Offer","url":"https:\/\/tabaccomd.com\/ro\/product\/bricheta-electrica-vin-a33645\/#wooCommerceOffer","price":560,"priceCurrency":"MDL","category":"Brichete electrice","availability":"https:\/\/schema.org\/OutOfStock","priceSpecification":{"@type":"PriceSpecification","price":560,"priceCurrency":"MDL","valueAddedTaxIncluded":"true"},"seller":{"@type":"Organization","@id":"https:\/\/tabaccomd.com\/ro\/#organization"}}},{"@type":"WebPage","@id":"https:\/\/tabaccomd.com\/ro\/product\/bricheta-electrica-vin-a33645\/#webpage","url":"https:\/\/tabaccomd.com\/ro\/product\/bricheta-electrica-vin-a33645\/","name":"Brichet\u0103 electric\u0103 \u201eVin\u201d A33645 \u2013 Tabacco House","inLanguage":"ro-RO","isPartOf":{"@id":"https:\/\/tabaccomd.com\/ro\/#website"},"breadcrumb":{"@id":"https:\/\/tabaccomd.com\/ro\/product\/bricheta-electrica-vin-a33645\/#breadcrumblist"},"image":{"@type":"ImageObject","url":"https:\/\/tabaccomd.com\/wp-content\/uploads\/2025\/03\/bricheta-electrica-vin-A33645B.jpg","@id":"https:\/\/tabaccomd.com\/ro\/product\/bricheta-electrica-vin-a33645\/#mainImage","width":1200,"height":1200,"caption":"bricheta-electrica-vin-A33645B"},"primaryImageOfPage":{"@id":"https:\/\/tabaccomd.com\/ro\/product\/bricheta-electrica-vin-a33645\/#mainImage"},"datePublished":"2025-03-21T16:10:24+03:00","dateModified":"2025-03-24T18:03:19+03:00"},{"@type":"WebSite","@id":"https:\/\/tabaccomd.com\/ro\/#website","url":"https:\/\/tabaccomd.com\/ro\/","name":"Tabacco House","alternateName":"tobaccomd.com","description":"\u041c\u0430\u0433\u0430\u0437\u0438\u043d \u0442\u0430\u0431\u0430\u0447\u043d\u044b\u0445 \u0438\u0437\u0434\u0435\u043b\u0438\u0439","inLanguage":"ro-RO","publisher":{"@id":"https:\/\/tabaccomd.com\/ro\/#organization"}}]},"og:locale":"ro_RO","og:site_name":"Tabacco House \u2013 \u041c\u0430\u0433\u0430\u0437\u0438\u043d \u0442\u0430\u0431\u0430\u0447\u043d\u044b\u0445 \u0438\u0437\u0434\u0435\u043b\u0438\u0439","og:type":"article","og:title":"Brichet\u0103 electric\u0103 \u201eVin\u201d A33645 \u2013 Tabacco House","og:url":"https:\/\/tabaccomd.com\/ro\/product\/bricheta-electrica-vin-a33645\/","article:published_time":"2025-03-21T13:10:24+00:00","article:modified_time":"2025-03-24T15:03:19+00:00","article:publisher":"https:\/\/www.facebook.com\/tabaccomd.com\/","twitter:card":"summary_large_image","twitter:title":"Brichet\u0103 electric\u0103 \u201eVin\u201d A33645 \u2013 Tabacco House"},"aioseo_meta_data":{"post_id":"148229","title":null,"description":null,"keywords":null,"keyphrases":null,"primary_term":null,"canonical_url":null,"og_title":null,"og_description":null,"og_object_type":"default","og_image_type":"default","og_image_url":null,"og_image_width":null,"og_image_height":null,"og_image_custom_url":null,"og_image_custom_fields":null,"og_video":null,"og_custom_url":null,"og_article_section":null,"og_article_tags":null,"twitter_use_og":false,"twitter_card":"default","twitter_image_type":"default","twitter_image_url":null,"twitter_image_custom_url":null,"twitter_image_custom_fields":null,"twitter_title":null,"twitter_description":null,"schema":{"blockGraphs":[],"customGraphs":[],"default":{"data":{"Article":[],"Course":[],"Dataset":[],"FAQPage":[],"Movie":[],"Person":[],"Product":[],"ProductReview":[],"Car":[],"Recipe":[],"Service":[],"SoftwareApplication":[],"WebPage":[]},"graphName":"","isEnabled":true},"graphs":[]},"schema_type":"default","schema_type_options":null,"pillar_content":false,"robots_default":true,"robots_noindex":false,"robots_noarchive":false,"robots_nosnippet":false,"robots_nofollow":false,"robots_noimageindex":false,"robots_noodp":false,"robots_notranslate":false,"robots_max_snippet":null,"robots_max_videopreview":null,"robots_max_imagepreview":"large","priority":null,"frequency":null,"local_seo":null,"seo_analyzer_scan_date":"2025-10-20 21:18:51","breadcrumb_settings":null,"limit_modified_date":false,"reviewed_by":null,"open_ai":null,"ai":null,"created":"2025-03-24 14:15:56","updated":"2025-10-20 21:18:51"},"aioseo_breadcrumb":"<div class=\"aioseo-breadcrumbs\"><span class=\"aioseo-breadcrumb\">\n\t<a href=\"https:\/\/tabaccomd.com\/ro\/\" title=\"\u0413\u043b\u0430\u0432\u043d\u0430\u044f\">\u0413\u043b\u0430\u0432\u043d\u0430\u044f<\/a>\n<\/span><span class=\"aioseo-breadcrumb-separator\">\u00bb<\/span><span class=\"aioseo-breadcrumb\">\n\t<a href=\"https:\/\/tabaccomd.com\/ro\/catalog\/\" title=\"Catalog\">Catalog<\/a>\n<\/span><span class=\"aioseo-breadcrumb-separator\">\u00bb<\/span><span class=\"aioseo-breadcrumb\">\n\t<a href=\"https:\/\/tabaccomd.com\/ro\/product-category\/brichete\/\" title=\"Brichete\">Brichete<\/a>\n<\/span><span class=\"aioseo-breadcrumb-separator\">\u00bb<\/span><span class=\"aioseo-breadcrumb\">\n\t<a href=\"https:\/\/tabaccomd.com\/ro\/product-category\/brichete\/brichete-electrice\/\" title=\"Brichete electrice\">Brichete electrice<\/a>\n<\/span><span class=\"aioseo-breadcrumb-separator\">\u00bb<\/span><span class=\"aioseo-breadcrumb\">\n\tBrichet\u0103 electric\u0103 \u201eVin\u201d A33645\n<\/span><\/div>","aioseo_breadcrumb_json":[{"label":"\u0413\u043b\u0430\u0432\u043d\u0430\u044f","link":"https:\/\/tabaccomd.com\/ro\/"},{"label":"Catalog","link":"https:\/\/tabaccomd.com\/ro\/catalog\/"},{"label":"Brichete","link":"https:\/\/tabaccomd.com\/ro\/product-category\/brichete\/"},{"label":"Brichete electrice","link":"https:\/\/tabaccomd.com\/ro\/product-category\/brichete\/brichete-electrice\/"},{"label":"Brichet\u0103 electric\u0103 &#8222;Vin&#8221; A33645","link":"https:\/\/tabaccomd.com\/ro\/product\/bricheta-electrica-vin-a33645\/"}],"images_for_1c":[{"url":"https:\/\/tabaccomd.com\/wp-content\/uploads\/2025\/03\/bricheta-electrica-vin-A33645B.jpg","type":"featured","alt":"bricheta-electrica-vin-A33645B","filename":"bricheta-electrica-vin-A33645B.jpg"},{"url":"https:\/\/tabaccomd.com\/wp-content\/uploads\/2025\/03\/bricheta-electrica-vin-A33645B-0.jpg","type":"gallery","alt":"bricheta-electrica-vin-A33645B-0","filename":"bricheta-electrica-vin-A33645B-0.jpg"},{"url":"https:\/\/tabaccomd.com\/wp-content\/uploads\/2025\/03\/bricheta-electrica-vin-A33645B-1.jpg","type":"gallery","alt":"bricheta-electrica-vin-A33645B-1","filename":"bricheta-electrica-vin-A33645B-1.jpg"}],"additional_data_1c":{"modified_date":"2025-03-24 18:03:19","permalink":"https:\/\/tabaccomd.com\/ro\/product\/bricheta-electrica-vin-a33645\/","stock_status":"outofstock","manage_stock":"no"},"_links":{"self":[{"href":"https:\/\/tabaccomd.com\/ro\/wp-json\/wp\/v2\/product\/148229","targetHints":{"allow":["GET"]}}],"collection":[{"href":"https:\/\/tabaccomd.com\/ro\/wp-json\/wp\/v2\/product"}],"about":[{"href":"https:\/\/tabaccomd.com\/ro\/wp-json\/wp\/v2\/types\/product"}],"wp:featuredmedia":[{"embeddable":true,"href":"https:\/\/tabaccomd.com\/ro\/wp-json\/wp\/v2\/media\/148224"}],"wp:attachment":[{"href":"https:\/\/tabaccomd.com\/ro\/wp-json\/wp\/v2\/media?parent=148229"}],"wp:term":[{"taxonomy":"product_brand","embeddable":true,"href":"https:\/\/tabaccomd.com\/ro\/wp-json\/wp\/v2\/product_brand?post=148229"},{"taxonomy":"product_cat","embeddable":true,"href":"https:\/\/tabaccomd.com\/ro\/wp-json\/wp\/v2\/product_cat?post=148229"},{"taxonomy":"product_tag","embeddable":true,"href":"https:\/\/tabaccomd.com\/ro\/wp-json\/wp\/v2\/product_tag?post=148229"}],"curies":[{"name":"wp","href":"https:\/\/api.w.org\/{rel}","templated":true}]}}