{"id":147815,"date":"2025-03-11T14:10:21","date_gmt":"2025-03-11T11:10:21","guid":{"rendered":"https:\/\/tabaccomd.com\/product\/gin-japanese-pacific-ocean-water-etsu-0-7l\/"},"modified":"2025-03-11T14:10:21","modified_gmt":"2025-03-11T11:10:21","slug":"gin-japanese-pacific-ocean-water-etsu-0-7l","status":"publish","type":"product","link":"https:\/\/tabaccomd.com\/ro\/product\/gin-japanese-pacific-ocean-water-etsu-0-7l\/","title":{"rendered":"Gin Japanese Pacific Ocean Water Etsu 0.7l"},"content":{"rendered":"<p>Etsu este un <a href=\"https:\/\/tabaccomd.com\/ro\/categorie-produs\/alcool-2\/gin-2\/\">gin<\/a> artizanal creat dup\u0103 o re\u021bet\u0103 veche, iar numele s\u0103u \u00een traducere din japonez\u0103 \u00eenseamn\u0103 \u201epl\u0103cere\u201d. Ginul Etsu Pacific Ocean Water, produs la distileria Asahikawa, situat\u0103 pe insula nordic\u0103 Hokkaido, se remarc\u0103 prin utilizarea apei extrase din ad\u00e2ncurile Oceanului Pacific \u00een timpul procesului de distilare. Pentru un plus de t\u0103rie \u0219i intensitate, acest gin este distilat \u00eempreun\u0103 cu ingrediente botanice dup\u0103 o macerare de 22 de ore. Gustul s\u0103u u\u0219or iodizat este completat armonios de note botanice proaspete, inclusiv yuzu japonez \u0219i portocal\u0103 amar\u0103. Etsu Pacific Ocean Water este un adev\u0103rat omagiu adus Japoniei. Este perfect pentru a ad\u0103uga un plus de originalitate cocktailurilor tale sau pentru a fi savurat cu tonic.<\/p>\n<p>Pute\u021bi achizi\u021biona ginul Japanese Pacific Ocean Water Etsu 0.7l \u00een Moldova, Chi\u0219in\u0103u, \u00een re\u021beaua de magazine Tabacco House.<\/p>\n","protected":false},"excerpt":{"rendered":"<ul>\n<li>\u021aara produc\u0103torului: Insula Hokkaido, Japonia<\/li>\n<li>Produc\u0103tor: Distileria Asahikawa<\/li>\n<li>T\u0103rie: 45%<\/li>\n<li>Volum: 0,7l<\/li>\n<\/ul>\n","protected":false},"featured_media":147810,"template":"","meta":{"om_disable_all_campaigns":false,"_monsterinsights_skip_tracking":false,"_monsterinsights_sitenote_active":false,"_monsterinsights_sitenote_note":"","_monsterinsights_sitenote_category":0},"product_brand":[],"product_cat":[223],"product_tag":[],"class_list":{"0":"post-147815","1":"product","2":"type-product","3":"status-publish","4":"has-post-thumbnail","6":"product_cat-gin-2","8":"first","9":"instock","10":"purchasable","11":"product-type-simple"},"aioseo_notices":[],"aioseo_head":"\n\t\t<!-- All in One SEO Pro 4.9.5.2 - aioseo.com -->\n\t<meta name=\"robots\" content=\"max-image-preview:large\" \/>\n\t<link rel=\"canonical\" href=\"https:\/\/tabaccomd.com\/ro\/product\/gin-japanese-pacific-ocean-water-etsu-0-7l\/\" \/>\n\t<meta name=\"generator\" content=\"All in One SEO Pro (AIOSEO) 4.9.5.2\" \/>\n\t\t<meta property=\"og:locale\" content=\"ro_RO\" \/>\n\t\t<meta property=\"og:site_name\" content=\"Tabacco House \u2013 \u041c\u0430\u0433\u0430\u0437\u0438\u043d \u0442\u0430\u0431\u0430\u0447\u043d\u044b\u0445 \u0438\u0437\u0434\u0435\u043b\u0438\u0439\" \/>\n\t\t<meta property=\"og:type\" content=\"article\" \/>\n\t\t<meta property=\"og:title\" content=\"Gin Japanese Pacific Ocean Water Etsu 0.7l \u2013 Tabacco House\" \/>\n\t\t<meta property=\"og:url\" content=\"https:\/\/tabaccomd.com\/ro\/product\/gin-japanese-pacific-ocean-water-etsu-0-7l\/\" \/>\n\t\t<meta property=\"article:published_time\" content=\"2025-03-11T11:10:21+00:00\" \/>\n\t\t<meta property=\"article:modified_time\" content=\"2025-03-11T11:10:21+00:00\" \/>\n\t\t<meta property=\"article:publisher\" content=\"https:\/\/www.facebook.com\/tabaccomd.com\/\" \/>\n\t\t<meta name=\"twitter:card\" content=\"summary_large_image\" \/>\n\t\t<meta name=\"twitter:title\" content=\"Gin Japanese Pacific Ocean Water Etsu 0.7l \u2013 Tabacco House\" \/>\n\t\t<script type=\"application\/ld+json\" class=\"aioseo-schema\">\n\t\t\t{\"@context\":\"https:\\\/\\\/schema.org\",\"@graph\":[{\"@type\":\"BreadcrumbList\",\"@id\":\"https:\\\/\\\/tabaccomd.com\\\/ro\\\/product\\\/gin-japanese-pacific-ocean-water-etsu-0-7l\\\/#breadcrumblist\",\"itemListElement\":[{\"@type\":\"ListItem\",\"@id\":\"https:\\\/\\\/tabaccomd.com\\\/ro\\\/#listItem\",\"position\":1,\"name\":\"\\u0413\\u043b\\u0430\\u0432\\u043d\\u0430\\u044f\",\"item\":\"https:\\\/\\\/tabaccomd.com\\\/ro\\\/\",\"nextItem\":{\"@type\":\"ListItem\",\"@id\":\"https:\\\/\\\/tabaccomd.com\\\/ro\\\/catalog\\\/#listItem\",\"name\":\"Catalog\"}},{\"@type\":\"ListItem\",\"@id\":\"https:\\\/\\\/tabaccomd.com\\\/ro\\\/catalog\\\/#listItem\",\"position\":2,\"name\":\"Catalog\",\"item\":\"https:\\\/\\\/tabaccomd.com\\\/ro\\\/catalog\\\/\",\"nextItem\":{\"@type\":\"ListItem\",\"@id\":\"https:\\\/\\\/tabaccomd.com\\\/ro\\\/product-category\\\/alcool-2\\\/#listItem\",\"name\":\"Alcool\"},\"previousItem\":{\"@type\":\"ListItem\",\"@id\":\"https:\\\/\\\/tabaccomd.com\\\/ro\\\/#listItem\",\"name\":\"\\u0413\\u043b\\u0430\\u0432\\u043d\\u0430\\u044f\"}},{\"@type\":\"ListItem\",\"@id\":\"https:\\\/\\\/tabaccomd.com\\\/ro\\\/product-category\\\/alcool-2\\\/#listItem\",\"position\":3,\"name\":\"Alcool\",\"item\":\"https:\\\/\\\/tabaccomd.com\\\/ro\\\/product-category\\\/alcool-2\\\/\",\"nextItem\":{\"@type\":\"ListItem\",\"@id\":\"https:\\\/\\\/tabaccomd.com\\\/ro\\\/product-category\\\/alcool-2\\\/gin-2\\\/#listItem\",\"name\":\"Gin\"},\"previousItem\":{\"@type\":\"ListItem\",\"@id\":\"https:\\\/\\\/tabaccomd.com\\\/ro\\\/catalog\\\/#listItem\",\"name\":\"Catalog\"}},{\"@type\":\"ListItem\",\"@id\":\"https:\\\/\\\/tabaccomd.com\\\/ro\\\/product-category\\\/alcool-2\\\/gin-2\\\/#listItem\",\"position\":4,\"name\":\"Gin\",\"item\":\"https:\\\/\\\/tabaccomd.com\\\/ro\\\/product-category\\\/alcool-2\\\/gin-2\\\/\",\"nextItem\":{\"@type\":\"ListItem\",\"@id\":\"https:\\\/\\\/tabaccomd.com\\\/ro\\\/product\\\/gin-japanese-pacific-ocean-water-etsu-0-7l\\\/#listItem\",\"name\":\"Gin Japanese Pacific Ocean Water Etsu 0.7l\"},\"previousItem\":{\"@type\":\"ListItem\",\"@id\":\"https:\\\/\\\/tabaccomd.com\\\/ro\\\/product-category\\\/alcool-2\\\/#listItem\",\"name\":\"Alcool\"}},{\"@type\":\"ListItem\",\"@id\":\"https:\\\/\\\/tabaccomd.com\\\/ro\\\/product\\\/gin-japanese-pacific-ocean-water-etsu-0-7l\\\/#listItem\",\"position\":5,\"name\":\"Gin Japanese Pacific Ocean Water Etsu 0.7l\",\"previousItem\":{\"@type\":\"ListItem\",\"@id\":\"https:\\\/\\\/tabaccomd.com\\\/ro\\\/product-category\\\/alcool-2\\\/gin-2\\\/#listItem\",\"name\":\"Gin\"}}]},{\"@type\":\"Organization\",\"@id\":\"https:\\\/\\\/tabaccomd.com\\\/ro\\\/#organization\",\"name\":\"Tabacco House\",\"description\":\"\\u041c\\u0430\\u0433\\u0430\\u0437\\u0438\\u043d \\u0442\\u0430\\u0431\\u0430\\u0447\\u043d\\u044b\\u0445 \\u0438\\u0437\\u0434\\u0435\\u043b\\u0438\\u0439\",\"url\":\"https:\\\/\\\/tabaccomd.com\\\/ro\\\/\",\"email\":\"Office@cazacuhouse.com\",\"telephone\":\"+37361000935\",\"logo\":{\"@type\":\"ImageObject\",\"url\":\"https:\\\/\\\/tabaccomd.com\\\/wp-content\\\/uploads\\\/2024\\\/02\\\/logo_header3.png\",\"@id\":\"https:\\\/\\\/tabaccomd.com\\\/ro\\\/product\\\/gin-japanese-pacific-ocean-water-etsu-0-7l\\\/#organizationLogo\",\"width\":32,\"height\":32,\"caption\":\"Tabacco House\"},\"image\":{\"@id\":\"https:\\\/\\\/tabaccomd.com\\\/ro\\\/product\\\/gin-japanese-pacific-ocean-water-etsu-0-7l\\\/#organizationLogo\"},\"sameAs\":[\"https:\\\/\\\/www.facebook.com\\\/tabaccomd.com\\\/\",\"https:\\\/\\\/www.instagram.com\\\/tabaccomd.com\\\/\"],\"address\":{\"@id\":\"https:\\\/\\\/tabaccomd.com\\\/ro\\\/#postaladdress\",\"@type\":\"PostalAddress\",\"streetAddress\":\"Strada Albi\\u015foara 4, Chi\\u0219in\\u0103u, Bulevardul \\u0218tefan cel Mare \\u0219i Sf\\u00eent 136, Chi\\u0219in\\u0103u\",\"addressLocality\":\"Chi\\u0219in\\u0103u\",\"addressCountry\":\"MD\"}},{\"@type\":\"Product\",\"@id\":\"https:\\\/\\\/tabaccomd.com\\\/ro\\\/product\\\/gin-japanese-pacific-ocean-water-etsu-0-7l\\\/#wooCommerceProduct\",\"name\":\"Gin Japanese Pacific Ocean Water Etsu 0.7l\",\"description\":\"\\u021aara produc\\u0103torului: Insula Hokkaido, Japonia\\r\\n \\tProduc\\u0103tor: Distileria Asahikawa\\r\\n \\tT\\u0103rie: 45%\\r\\n \\tVolum: 0,7l\",\"url\":\"https:\\\/\\\/tabaccomd.com\\\/ro\\\/product\\\/gin-japanese-pacific-ocean-water-etsu-0-7l\\\/\",\"sku\":\"4038s\",\"image\":{\"@type\":\"ImageObject\",\"url\":\"https:\\\/\\\/tabaccomd.com\\\/wp-content\\\/uploads\\\/2025\\\/03\\\/gin-japanese-pacific-ocean-water-etsu.jpg\",\"@id\":\"https:\\\/\\\/tabaccomd.com\\\/ro\\\/product\\\/gin-japanese-pacific-ocean-water-etsu-0-7l\\\/#productImage\",\"width\":1200,\"height\":1200,\"caption\":\"gin-japanese-pacific-ocean-water-etsu\"},\"offers\":{\"@type\":\"Offer\",\"url\":\"https:\\\/\\\/tabaccomd.com\\\/ro\\\/product\\\/gin-japanese-pacific-ocean-water-etsu-0-7l\\\/#wooCommerceOffer\",\"price\":930,\"priceCurrency\":\"MDL\",\"category\":\"Gin\",\"availability\":\"https:\\\/\\\/schema.org\\\/InStock\",\"priceSpecification\":{\"@type\":\"PriceSpecification\",\"price\":930,\"priceCurrency\":\"MDL\",\"valueAddedTaxIncluded\":\"true\"},\"seller\":{\"@type\":\"Organization\",\"@id\":\"https:\\\/\\\/tabaccomd.com\\\/ro\\\/#organization\"}}},{\"@type\":\"WebPage\",\"@id\":\"https:\\\/\\\/tabaccomd.com\\\/ro\\\/product\\\/gin-japanese-pacific-ocean-water-etsu-0-7l\\\/#webpage\",\"url\":\"https:\\\/\\\/tabaccomd.com\\\/ro\\\/product\\\/gin-japanese-pacific-ocean-water-etsu-0-7l\\\/\",\"name\":\"Gin Japanese Pacific Ocean Water Etsu 0.7l \\u2013 Tabacco House\",\"inLanguage\":\"ro-RO\",\"isPartOf\":{\"@id\":\"https:\\\/\\\/tabaccomd.com\\\/ro\\\/#website\"},\"breadcrumb\":{\"@id\":\"https:\\\/\\\/tabaccomd.com\\\/ro\\\/product\\\/gin-japanese-pacific-ocean-water-etsu-0-7l\\\/#breadcrumblist\"},\"image\":{\"@type\":\"ImageObject\",\"url\":\"https:\\\/\\\/tabaccomd.com\\\/wp-content\\\/uploads\\\/2025\\\/03\\\/gin-japanese-pacific-ocean-water-etsu.jpg\",\"@id\":\"https:\\\/\\\/tabaccomd.com\\\/ro\\\/product\\\/gin-japanese-pacific-ocean-water-etsu-0-7l\\\/#mainImage\",\"width\":1200,\"height\":1200,\"caption\":\"gin-japanese-pacific-ocean-water-etsu\"},\"primaryImageOfPage\":{\"@id\":\"https:\\\/\\\/tabaccomd.com\\\/ro\\\/product\\\/gin-japanese-pacific-ocean-water-etsu-0-7l\\\/#mainImage\"},\"datePublished\":\"2025-03-11T14:10:21+03:00\",\"dateModified\":\"2025-03-11T14:10:21+03:00\"},{\"@type\":\"WebSite\",\"@id\":\"https:\\\/\\\/tabaccomd.com\\\/ro\\\/#website\",\"url\":\"https:\\\/\\\/tabaccomd.com\\\/ro\\\/\",\"name\":\"Tabacco House\",\"alternateName\":\"tobaccomd.com\",\"description\":\"\\u041c\\u0430\\u0433\\u0430\\u0437\\u0438\\u043d \\u0442\\u0430\\u0431\\u0430\\u0447\\u043d\\u044b\\u0445 \\u0438\\u0437\\u0434\\u0435\\u043b\\u0438\\u0439\",\"inLanguage\":\"ro-RO\",\"publisher\":{\"@id\":\"https:\\\/\\\/tabaccomd.com\\\/ro\\\/#organization\"}}]}\n\t\t<\/script>\n\t\t<!-- All in One SEO Pro -->\r\n\t\t<title>Gin Japanese Pacific Ocean Water Etsu 0.7l \u2013 Tabacco House<\/title>\n\n","aioseo_head_json":{"title":"Gin Japanese Pacific Ocean Water Etsu 0.7l \u2013 Tabacco House","description":"","canonical_url":"https:\/\/tabaccomd.com\/ro\/product\/gin-japanese-pacific-ocean-water-etsu-0-7l\/","robots":"max-image-preview:large","keywords":"","webmasterTools":{"miscellaneous":""},"schema":{"@context":"https:\/\/schema.org","@graph":[{"@type":"BreadcrumbList","@id":"https:\/\/tabaccomd.com\/ro\/product\/gin-japanese-pacific-ocean-water-etsu-0-7l\/#breadcrumblist","itemListElement":[{"@type":"ListItem","@id":"https:\/\/tabaccomd.com\/ro\/#listItem","position":1,"name":"\u0413\u043b\u0430\u0432\u043d\u0430\u044f","item":"https:\/\/tabaccomd.com\/ro\/","nextItem":{"@type":"ListItem","@id":"https:\/\/tabaccomd.com\/ro\/catalog\/#listItem","name":"Catalog"}},{"@type":"ListItem","@id":"https:\/\/tabaccomd.com\/ro\/catalog\/#listItem","position":2,"name":"Catalog","item":"https:\/\/tabaccomd.com\/ro\/catalog\/","nextItem":{"@type":"ListItem","@id":"https:\/\/tabaccomd.com\/ro\/product-category\/alcool-2\/#listItem","name":"Alcool"},"previousItem":{"@type":"ListItem","@id":"https:\/\/tabaccomd.com\/ro\/#listItem","name":"\u0413\u043b\u0430\u0432\u043d\u0430\u044f"}},{"@type":"ListItem","@id":"https:\/\/tabaccomd.com\/ro\/product-category\/alcool-2\/#listItem","position":3,"name":"Alcool","item":"https:\/\/tabaccomd.com\/ro\/product-category\/alcool-2\/","nextItem":{"@type":"ListItem","@id":"https:\/\/tabaccomd.com\/ro\/product-category\/alcool-2\/gin-2\/#listItem","name":"Gin"},"previousItem":{"@type":"ListItem","@id":"https:\/\/tabaccomd.com\/ro\/catalog\/#listItem","name":"Catalog"}},{"@type":"ListItem","@id":"https:\/\/tabaccomd.com\/ro\/product-category\/alcool-2\/gin-2\/#listItem","position":4,"name":"Gin","item":"https:\/\/tabaccomd.com\/ro\/product-category\/alcool-2\/gin-2\/","nextItem":{"@type":"ListItem","@id":"https:\/\/tabaccomd.com\/ro\/product\/gin-japanese-pacific-ocean-water-etsu-0-7l\/#listItem","name":"Gin Japanese Pacific Ocean Water Etsu 0.7l"},"previousItem":{"@type":"ListItem","@id":"https:\/\/tabaccomd.com\/ro\/product-category\/alcool-2\/#listItem","name":"Alcool"}},{"@type":"ListItem","@id":"https:\/\/tabaccomd.com\/ro\/product\/gin-japanese-pacific-ocean-water-etsu-0-7l\/#listItem","position":5,"name":"Gin Japanese Pacific Ocean Water Etsu 0.7l","previousItem":{"@type":"ListItem","@id":"https:\/\/tabaccomd.com\/ro\/product-category\/alcool-2\/gin-2\/#listItem","name":"Gin"}}]},{"@type":"Organization","@id":"https:\/\/tabaccomd.com\/ro\/#organization","name":"Tabacco House","description":"\u041c\u0430\u0433\u0430\u0437\u0438\u043d \u0442\u0430\u0431\u0430\u0447\u043d\u044b\u0445 \u0438\u0437\u0434\u0435\u043b\u0438\u0439","url":"https:\/\/tabaccomd.com\/ro\/","email":"Office@cazacuhouse.com","telephone":"+37361000935","logo":{"@type":"ImageObject","url":"https:\/\/tabaccomd.com\/wp-content\/uploads\/2024\/02\/logo_header3.png","@id":"https:\/\/tabaccomd.com\/ro\/product\/gin-japanese-pacific-ocean-water-etsu-0-7l\/#organizationLogo","width":32,"height":32,"caption":"Tabacco House"},"image":{"@id":"https:\/\/tabaccomd.com\/ro\/product\/gin-japanese-pacific-ocean-water-etsu-0-7l\/#organizationLogo"},"sameAs":["https:\/\/www.facebook.com\/tabaccomd.com\/","https:\/\/www.instagram.com\/tabaccomd.com\/"],"address":{"@id":"https:\/\/tabaccomd.com\/ro\/#postaladdress","@type":"PostalAddress","streetAddress":"Strada Albi\u015foara 4, Chi\u0219in\u0103u, Bulevardul \u0218tefan cel Mare \u0219i Sf\u00eent 136, Chi\u0219in\u0103u","addressLocality":"Chi\u0219in\u0103u","addressCountry":"MD"}},{"@type":"Product","@id":"https:\/\/tabaccomd.com\/ro\/product\/gin-japanese-pacific-ocean-water-etsu-0-7l\/#wooCommerceProduct","name":"Gin Japanese Pacific Ocean Water Etsu 0.7l","description":"\u021aara produc\u0103torului: Insula Hokkaido, Japonia\r\n \tProduc\u0103tor: Distileria Asahikawa\r\n \tT\u0103rie: 45%\r\n \tVolum: 0,7l","url":"https:\/\/tabaccomd.com\/ro\/product\/gin-japanese-pacific-ocean-water-etsu-0-7l\/","sku":"4038s","image":{"@type":"ImageObject","url":"https:\/\/tabaccomd.com\/wp-content\/uploads\/2025\/03\/gin-japanese-pacific-ocean-water-etsu.jpg","@id":"https:\/\/tabaccomd.com\/ro\/product\/gin-japanese-pacific-ocean-water-etsu-0-7l\/#productImage","width":1200,"height":1200,"caption":"gin-japanese-pacific-ocean-water-etsu"},"offers":{"@type":"Offer","url":"https:\/\/tabaccomd.com\/ro\/product\/gin-japanese-pacific-ocean-water-etsu-0-7l\/#wooCommerceOffer","price":930,"priceCurrency":"MDL","category":"Gin","availability":"https:\/\/schema.org\/InStock","priceSpecification":{"@type":"PriceSpecification","price":930,"priceCurrency":"MDL","valueAddedTaxIncluded":"true"},"seller":{"@type":"Organization","@id":"https:\/\/tabaccomd.com\/ro\/#organization"}}},{"@type":"WebPage","@id":"https:\/\/tabaccomd.com\/ro\/product\/gin-japanese-pacific-ocean-water-etsu-0-7l\/#webpage","url":"https:\/\/tabaccomd.com\/ro\/product\/gin-japanese-pacific-ocean-water-etsu-0-7l\/","name":"Gin Japanese Pacific Ocean Water Etsu 0.7l \u2013 Tabacco House","inLanguage":"ro-RO","isPartOf":{"@id":"https:\/\/tabaccomd.com\/ro\/#website"},"breadcrumb":{"@id":"https:\/\/tabaccomd.com\/ro\/product\/gin-japanese-pacific-ocean-water-etsu-0-7l\/#breadcrumblist"},"image":{"@type":"ImageObject","url":"https:\/\/tabaccomd.com\/wp-content\/uploads\/2025\/03\/gin-japanese-pacific-ocean-water-etsu.jpg","@id":"https:\/\/tabaccomd.com\/ro\/product\/gin-japanese-pacific-ocean-water-etsu-0-7l\/#mainImage","width":1200,"height":1200,"caption":"gin-japanese-pacific-ocean-water-etsu"},"primaryImageOfPage":{"@id":"https:\/\/tabaccomd.com\/ro\/product\/gin-japanese-pacific-ocean-water-etsu-0-7l\/#mainImage"},"datePublished":"2025-03-11T14:10:21+03:00","dateModified":"2025-03-11T14:10:21+03:00"},{"@type":"WebSite","@id":"https:\/\/tabaccomd.com\/ro\/#website","url":"https:\/\/tabaccomd.com\/ro\/","name":"Tabacco House","alternateName":"tobaccomd.com","description":"\u041c\u0430\u0433\u0430\u0437\u0438\u043d \u0442\u0430\u0431\u0430\u0447\u043d\u044b\u0445 \u0438\u0437\u0434\u0435\u043b\u0438\u0439","inLanguage":"ro-RO","publisher":{"@id":"https:\/\/tabaccomd.com\/ro\/#organization"}}]},"og:locale":"ro_RO","og:site_name":"Tabacco House \u2013 \u041c\u0430\u0433\u0430\u0437\u0438\u043d \u0442\u0430\u0431\u0430\u0447\u043d\u044b\u0445 \u0438\u0437\u0434\u0435\u043b\u0438\u0439","og:type":"article","og:title":"Gin Japanese Pacific Ocean Water Etsu 0.7l \u2013 Tabacco House","og:url":"https:\/\/tabaccomd.com\/ro\/product\/gin-japanese-pacific-ocean-water-etsu-0-7l\/","article:published_time":"2025-03-11T11:10:21+00:00","article:modified_time":"2025-03-11T11:10:21+00:00","article:publisher":"https:\/\/www.facebook.com\/tabaccomd.com\/","twitter:card":"summary_large_image","twitter:title":"Gin Japanese Pacific Ocean Water Etsu 0.7l \u2013 Tabacco House"},"aioseo_meta_data":{"post_id":"147815","title":null,"description":null,"keywords":null,"keyphrases":null,"primary_term":null,"canonical_url":null,"og_title":null,"og_description":null,"og_object_type":"default","og_image_type":"default","og_image_url":null,"og_image_width":null,"og_image_height":null,"og_image_custom_url":null,"og_image_custom_fields":null,"og_video":null,"og_custom_url":null,"og_article_section":null,"og_article_tags":null,"twitter_use_og":false,"twitter_card":"default","twitter_image_type":"default","twitter_image_url":null,"twitter_image_custom_url":null,"twitter_image_custom_fields":null,"twitter_title":null,"twitter_description":null,"schema":{"blockGraphs":[],"customGraphs":[],"default":{"data":{"Article":[],"Course":[],"Dataset":[],"FAQPage":[],"Movie":[],"Person":[],"Product":[],"ProductReview":[],"Car":[],"Recipe":[],"Service":[],"SoftwareApplication":[],"WebPage":[]},"graphName":"ItemPage","isEnabled":true},"graphs":[]},"schema_type":"default","schema_type_options":null,"pillar_content":false,"robots_default":true,"robots_noindex":false,"robots_noarchive":false,"robots_nosnippet":false,"robots_nofollow":false,"robots_noimageindex":false,"robots_noodp":false,"robots_notranslate":false,"robots_max_snippet":null,"robots_max_videopreview":null,"robots_max_imagepreview":"large","priority":null,"frequency":null,"local_seo":null,"seo_analyzer_scan_date":"2025-10-20 21:07:04","breadcrumb_settings":null,"limit_modified_date":false,"reviewed_by":null,"open_ai":null,"ai":null,"created":"2025-03-17 13:00:33","updated":"2025-10-20 21:07:04"},"aioseo_breadcrumb":"<div class=\"aioseo-breadcrumbs\"><span class=\"aioseo-breadcrumb\">\n\t<a href=\"https:\/\/tabaccomd.com\/ro\/\" title=\"\u0413\u043b\u0430\u0432\u043d\u0430\u044f\">\u0413\u043b\u0430\u0432\u043d\u0430\u044f<\/a>\n<\/span><span class=\"aioseo-breadcrumb-separator\">\u00bb<\/span><span class=\"aioseo-breadcrumb\">\n\t<a href=\"https:\/\/tabaccomd.com\/ro\/catalog\/\" title=\"Catalog\">Catalog<\/a>\n<\/span><span class=\"aioseo-breadcrumb-separator\">\u00bb<\/span><span class=\"aioseo-breadcrumb\">\n\t<a href=\"https:\/\/tabaccomd.com\/ro\/product-category\/alcool-2\/\" title=\"Alcool\">Alcool<\/a>\n<\/span><span class=\"aioseo-breadcrumb-separator\">\u00bb<\/span><span class=\"aioseo-breadcrumb\">\n\t<a href=\"https:\/\/tabaccomd.com\/ro\/product-category\/alcool-2\/gin-2\/\" title=\"Gin\">Gin<\/a>\n<\/span><span class=\"aioseo-breadcrumb-separator\">\u00bb<\/span><span class=\"aioseo-breadcrumb\">\n\tGin Japanese Pacific Ocean Water Etsu 0.7l\n<\/span><\/div>","aioseo_breadcrumb_json":[{"label":"\u0413\u043b\u0430\u0432\u043d\u0430\u044f","link":"https:\/\/tabaccomd.com\/ro\/"},{"label":"Catalog","link":"https:\/\/tabaccomd.com\/ro\/catalog\/"},{"label":"Alcool","link":"https:\/\/tabaccomd.com\/ro\/product-category\/alcool-2\/"},{"label":"Gin","link":"https:\/\/tabaccomd.com\/ro\/product-category\/alcool-2\/gin-2\/"},{"label":"Gin Japanese Pacific Ocean Water Etsu 0.7l","link":"https:\/\/tabaccomd.com\/ro\/product\/gin-japanese-pacific-ocean-water-etsu-0-7l\/"}],"images_for_1c":[{"url":"https:\/\/tabaccomd.com\/wp-content\/uploads\/2025\/03\/gin-japanese-pacific-ocean-water-etsu.jpg","type":"featured","alt":"gin-japanese-pacific-ocean-water-etsu","filename":"gin-japanese-pacific-ocean-water-etsu.jpg"},{"url":"https:\/\/tabaccomd.com\/wp-content\/uploads\/2025\/03\/gin-japanese-pacific-ocean-water-etsu-0.jpg","type":"gallery","alt":"gin-japanese-pacific-ocean-water-etsu-0","filename":"gin-japanese-pacific-ocean-water-etsu-0.jpg"},{"url":"https:\/\/tabaccomd.com\/wp-content\/uploads\/2025\/03\/gin-japanese-pacific-ocean-water-etsu-1.jpg","type":"gallery","alt":"gin-japanese-pacific-ocean-water-etsu-1","filename":"gin-japanese-pacific-ocean-water-etsu-1.jpg"}],"additional_data_1c":{"modified_date":"2025-03-11 14:10:21","permalink":"https:\/\/tabaccomd.com\/ro\/product\/gin-japanese-pacific-ocean-water-etsu-0-7l\/","stock_status":"instock","manage_stock":"no"},"_links":{"self":[{"href":"https:\/\/tabaccomd.com\/ro\/wp-json\/wp\/v2\/product\/147815","targetHints":{"allow":["GET"]}}],"collection":[{"href":"https:\/\/tabaccomd.com\/ro\/wp-json\/wp\/v2\/product"}],"about":[{"href":"https:\/\/tabaccomd.com\/ro\/wp-json\/wp\/v2\/types\/product"}],"wp:featuredmedia":[{"embeddable":true,"href":"https:\/\/tabaccomd.com\/ro\/wp-json\/wp\/v2\/media\/147810"}],"wp:attachment":[{"href":"https:\/\/tabaccomd.com\/ro\/wp-json\/wp\/v2\/media?parent=147815"}],"wp:term":[{"taxonomy":"product_brand","embeddable":true,"href":"https:\/\/tabaccomd.com\/ro\/wp-json\/wp\/v2\/product_brand?post=147815"},{"taxonomy":"product_cat","embeddable":true,"href":"https:\/\/tabaccomd.com\/ro\/wp-json\/wp\/v2\/product_cat?post=147815"},{"taxonomy":"product_tag","embeddable":true,"href":"https:\/\/tabaccomd.com\/ro\/wp-json\/wp\/v2\/product_tag?post=147815"}],"curies":[{"name":"wp","href":"https:\/\/api.w.org\/{rel}","templated":true}]}}