{"id":147398,"date":"2025-03-07T17:55:25","date_gmt":"2025-03-07T14:55:25","guid":{"rendered":"https:\/\/tabaccomd.com\/product\/flasca-jack-daniels-goutai-118ml\/"},"modified":"2025-03-08T13:29:25","modified_gmt":"2025-03-08T10:29:25","slug":"flasca-jack-daniels-goutai-118ml","status":"publish","type":"product","link":"https:\/\/tabaccomd.com\/ro\/product\/flasca-jack-daniels-goutai-118ml\/","title":{"rendered":"Flasc\u0103 &#8222;Jack Daniel&#8217;s&#8221; Guotai 118ml"},"content":{"rendered":"<p><a class=\"cursor-init\" href=\"https:\/\/tabaccomd.com\/ro\/categorie-produs\/accesorii\/flasca\/\">Flasca<\/a> \u201eJack Daniel&#8217;s\u201d de la brandul Guotai este un accesoriu elegant \u0219i practic, destinat iubitorilor de whisky iconic \u0219i accesorii rafinate. Fabricat\u0103 din o\u021bel inoxidabil de \u00eenalt\u0103 calitate, aceast\u0103 flasc\u0103 impresioneaz\u0103 prin durabilitatea sa \u0219i, datorit\u0103 capacit\u0103\u021bii compacte de 118 ml (4 oz), este perfect\u0103 pentru a p\u0103stra b\u0103utura preferat\u0103 \u00een c\u0103l\u0103torii, \u00een timpul relax\u0103rii sau \u00een momente speciale. Flasca este decorat\u0103 cu logo-ul oficial Jack Daniel&#8217;s, eviden\u021biind unicitatea \u0219i stilul s\u0103u premium. Este ideal\u0103 pentru p\u0103strarea b\u0103uturilor alcoolice (p\u00e2n\u0103 la 3 zile), \u00eens\u0103 <strong>nu este recomandat\u0103 pentru sucuri, b\u0103uturi fructate sau acide<\/strong>. Acest accesoriu reprezint\u0103 un cadou perfect pentru pasiona\u021bii de whisky \u0219i obiecte stilate, complet\u00e2nd imaginea unei persoane care apreciaz\u0103 tradi\u021bia \u0219i calitatea.<\/p>\n<p>Pute\u021bi achizi\u021biona flasca \u201eJack Daniel&#8217;s\u201d Guotai 118ml \u00een Moldova, Chi\u0219in\u0103u, \u00een re\u021beaua de magazine Tabacco House.<\/p>\n","protected":false},"excerpt":{"rendered":"<ul class=\"product-fields\">\n<li>Produc\u0103tor: Guotai<\/li>\n<li>\u021aara produc\u0103torului: China<\/li>\n<li>Material: O\u021bel inoxidabil<\/li>\n<li>Volum: 118ml (4 oz)<\/li>\n<\/ul>\n","protected":false},"featured_media":147395,"template":"","meta":{"om_disable_all_campaigns":false,"_monsterinsights_skip_tracking":false,"_monsterinsights_sitenote_active":false,"_monsterinsights_sitenote_note":"","_monsterinsights_sitenote_category":0},"product_brand":[],"product_cat":[477],"product_tag":[],"class_list":{"0":"post-147398","1":"product","2":"type-product","3":"status-publish","4":"has-post-thumbnail","6":"product_cat-flasca","8":"first","9":"outofstock","10":"taxable","11":"shipping-taxable","12":"purchasable","13":"product-type-simple"},"aioseo_notices":[],"aioseo_head":"\n\t\t<!-- All in One SEO Pro 4.9.6.2 - aioseo.com -->\n\t<meta name=\"robots\" content=\"max-image-preview:large\" \/>\n\t<link rel=\"canonical\" href=\"https:\/\/tabaccomd.com\/ro\/product\/flasca-jack-daniels-goutai-118ml\/\" \/>\n\t<meta name=\"generator\" content=\"All in One SEO Pro (AIOSEO) 4.9.6.2\" \/>\n\t\t<meta property=\"og:locale\" content=\"ro_RO\" \/>\n\t\t<meta property=\"og:site_name\" content=\"Tabacco House \u2013 \u041c\u0430\u0433\u0430\u0437\u0438\u043d \u0442\u0430\u0431\u0430\u0447\u043d\u044b\u0445 \u0438\u0437\u0434\u0435\u043b\u0438\u0439\" \/>\n\t\t<meta property=\"og:type\" content=\"article\" \/>\n\t\t<meta property=\"og:title\" content=\"Flasc\u0103 \u201eJack Daniel\u2019s\u201d Guotai 118ml \u2013 Tabacco House\" \/>\n\t\t<meta property=\"og:url\" content=\"https:\/\/tabaccomd.com\/ro\/product\/flasca-jack-daniels-goutai-118ml\/\" \/>\n\t\t<meta property=\"article:published_time\" content=\"2025-03-07T14:55:25+00:00\" \/>\n\t\t<meta property=\"article:modified_time\" content=\"2025-03-08T10:29:25+00:00\" \/>\n\t\t<meta property=\"article:publisher\" content=\"https:\/\/www.facebook.com\/tabaccomd.com\/\" \/>\n\t\t<meta name=\"twitter:card\" content=\"summary_large_image\" \/>\n\t\t<meta name=\"twitter:title\" content=\"Flasc\u0103 \u201eJack Daniel\u2019s\u201d Guotai 118ml \u2013 Tabacco House\" \/>\n\t\t<script type=\"application\/ld+json\" class=\"aioseo-schema\">\n\t\t\t{\"@context\":\"https:\\\/\\\/schema.org\",\"@graph\":[{\"@type\":\"BreadcrumbList\",\"@id\":\"https:\\\/\\\/tabaccomd.com\\\/ro\\\/product\\\/flasca-jack-daniels-goutai-118ml\\\/#breadcrumblist\",\"itemListElement\":[{\"@type\":\"ListItem\",\"@id\":\"https:\\\/\\\/tabaccomd.com\\\/ro\\\/#listItem\",\"position\":1,\"name\":\"\\u0413\\u043b\\u0430\\u0432\\u043d\\u0430\\u044f\",\"item\":\"https:\\\/\\\/tabaccomd.com\\\/ro\\\/\",\"nextItem\":{\"@type\":\"ListItem\",\"@id\":\"https:\\\/\\\/tabaccomd.com\\\/ro\\\/catalog\\\/#listItem\",\"name\":\"Catalog\"}},{\"@type\":\"ListItem\",\"@id\":\"https:\\\/\\\/tabaccomd.com\\\/ro\\\/catalog\\\/#listItem\",\"position\":2,\"name\":\"Catalog\",\"item\":\"https:\\\/\\\/tabaccomd.com\\\/ro\\\/catalog\\\/\",\"nextItem\":{\"@type\":\"ListItem\",\"@id\":\"https:\\\/\\\/tabaccomd.com\\\/ro\\\/product-category\\\/accesorii\\\/#listItem\",\"name\":\"Accesorii\"},\"previousItem\":{\"@type\":\"ListItem\",\"@id\":\"https:\\\/\\\/tabaccomd.com\\\/ro\\\/#listItem\",\"name\":\"\\u0413\\u043b\\u0430\\u0432\\u043d\\u0430\\u044f\"}},{\"@type\":\"ListItem\",\"@id\":\"https:\\\/\\\/tabaccomd.com\\\/ro\\\/product-category\\\/accesorii\\\/#listItem\",\"position\":3,\"name\":\"Accesorii\",\"item\":\"https:\\\/\\\/tabaccomd.com\\\/ro\\\/product-category\\\/accesorii\\\/\",\"nextItem\":{\"@type\":\"ListItem\",\"@id\":\"https:\\\/\\\/tabaccomd.com\\\/ro\\\/product-category\\\/accesorii\\\/flasca\\\/#listItem\",\"name\":\"Flasc\\u0103\"},\"previousItem\":{\"@type\":\"ListItem\",\"@id\":\"https:\\\/\\\/tabaccomd.com\\\/ro\\\/catalog\\\/#listItem\",\"name\":\"Catalog\"}},{\"@type\":\"ListItem\",\"@id\":\"https:\\\/\\\/tabaccomd.com\\\/ro\\\/product-category\\\/accesorii\\\/flasca\\\/#listItem\",\"position\":4,\"name\":\"Flasc\\u0103\",\"item\":\"https:\\\/\\\/tabaccomd.com\\\/ro\\\/product-category\\\/accesorii\\\/flasca\\\/\",\"nextItem\":{\"@type\":\"ListItem\",\"@id\":\"https:\\\/\\\/tabaccomd.com\\\/ro\\\/product\\\/flasca-jack-daniels-goutai-118ml\\\/#listItem\",\"name\":\"Flasc\\u0103 &#8222;Jack Daniel&#8217;s&#8221; Guotai 118ml\"},\"previousItem\":{\"@type\":\"ListItem\",\"@id\":\"https:\\\/\\\/tabaccomd.com\\\/ro\\\/product-category\\\/accesorii\\\/#listItem\",\"name\":\"Accesorii\"}},{\"@type\":\"ListItem\",\"@id\":\"https:\\\/\\\/tabaccomd.com\\\/ro\\\/product\\\/flasca-jack-daniels-goutai-118ml\\\/#listItem\",\"position\":5,\"name\":\"Flasc\\u0103 &#8222;Jack Daniel&#8217;s&#8221; Guotai 118ml\",\"previousItem\":{\"@type\":\"ListItem\",\"@id\":\"https:\\\/\\\/tabaccomd.com\\\/ro\\\/product-category\\\/accesorii\\\/flasca\\\/#listItem\",\"name\":\"Flasc\\u0103\"}}]},{\"@type\":\"Organization\",\"@id\":\"https:\\\/\\\/tabaccomd.com\\\/ro\\\/#organization\",\"name\":\"Tabacco House\",\"description\":\"\\u041c\\u0430\\u0433\\u0430\\u0437\\u0438\\u043d \\u0442\\u0430\\u0431\\u0430\\u0447\\u043d\\u044b\\u0445 \\u0438\\u0437\\u0434\\u0435\\u043b\\u0438\\u0439\",\"url\":\"https:\\\/\\\/tabaccomd.com\\\/ro\\\/\",\"email\":\"Office@cazacuhouse.com\",\"telephone\":\"+37361000935\",\"logo\":{\"@type\":\"ImageObject\",\"url\":\"https:\\\/\\\/tabaccomd.com\\\/wp-content\\\/uploads\\\/2024\\\/02\\\/logo_header3.png\",\"@id\":\"https:\\\/\\\/tabaccomd.com\\\/ro\\\/product\\\/flasca-jack-daniels-goutai-118ml\\\/#organizationLogo\",\"width\":32,\"height\":32,\"caption\":\"Tabacco House\"},\"image\":{\"@id\":\"https:\\\/\\\/tabaccomd.com\\\/ro\\\/product\\\/flasca-jack-daniels-goutai-118ml\\\/#organizationLogo\"},\"sameAs\":[\"https:\\\/\\\/www.facebook.com\\\/tabaccomd.com\\\/\",\"https:\\\/\\\/www.instagram.com\\\/tabaccomd.com\\\/\"],\"address\":{\"@id\":\"https:\\\/\\\/tabaccomd.com\\\/ro\\\/#postaladdress\",\"@type\":\"PostalAddress\",\"streetAddress\":\"Strada Albi\\u015foara 4, Chi\\u0219in\\u0103u, Bulevardul \\u0218tefan cel Mare \\u0219i Sf\\u00eent 136, Chi\\u0219in\\u0103u\",\"addressLocality\":\"Chi\\u0219in\\u0103u\",\"addressCountry\":\"MD\"}},{\"@type\":\"Product\",\"@id\":\"https:\\\/\\\/tabaccomd.com\\\/ro\\\/product\\\/flasca-jack-daniels-goutai-118ml\\\/#wooCommerceProduct\",\"name\":\"Flasc\\u0103 \\\"Jack Daniel's\\\" Guotai 118ml\",\"description\":\"Produc\\u0103tor: Guotai\\r\\n \\t\\u021aara produc\\u0103torului: China\\r\\n \\tMaterial: O\\u021bel inoxidabil\\r\\n \\tVolum: 118ml (4 oz)\",\"url\":\"https:\\\/\\\/tabaccomd.com\\\/ro\\\/product\\\/flasca-jack-daniels-goutai-118ml\\\/\",\"sku\":\"\\u0424\\u043b\\u044f\\u0433\\u0430 4 Oz\",\"image\":{\"@type\":\"ImageObject\",\"url\":\"https:\\\/\\\/tabaccomd.com\\\/wp-content\\\/uploads\\\/2025\\\/03\\\/flasca-jack-daniels-goutai-4oz.jpg\",\"@id\":\"https:\\\/\\\/tabaccomd.com\\\/ro\\\/product\\\/flasca-jack-daniels-goutai-118ml\\\/#productImage\",\"width\":1200,\"height\":1200,\"caption\":\"flasca-jack-daniels-goutai-4oz\"},\"offers\":{\"@type\":\"Offer\",\"url\":\"https:\\\/\\\/tabaccomd.com\\\/ro\\\/product\\\/flasca-jack-daniels-goutai-118ml\\\/#wooCommerceOffer\",\"price\":90,\"priceCurrency\":\"MDL\",\"category\":\"Flasc\\u0103\",\"availability\":\"https:\\\/\\\/schema.org\\\/OutOfStock\",\"priceSpecification\":{\"@type\":\"PriceSpecification\",\"price\":90,\"priceCurrency\":\"MDL\",\"valueAddedTaxIncluded\":\"true\"},\"seller\":{\"@type\":\"Organization\",\"@id\":\"https:\\\/\\\/tabaccomd.com\\\/ro\\\/#organization\"}}},{\"@type\":\"WebPage\",\"@id\":\"https:\\\/\\\/tabaccomd.com\\\/ro\\\/product\\\/flasca-jack-daniels-goutai-118ml\\\/#webpage\",\"url\":\"https:\\\/\\\/tabaccomd.com\\\/ro\\\/product\\\/flasca-jack-daniels-goutai-118ml\\\/\",\"name\":\"Flasc\\u0103 \\u201eJack Daniel\\u2019s\\u201d Guotai 118ml \\u2013 Tabacco House\",\"inLanguage\":\"ro-RO\",\"isPartOf\":{\"@id\":\"https:\\\/\\\/tabaccomd.com\\\/ro\\\/#website\"},\"breadcrumb\":{\"@id\":\"https:\\\/\\\/tabaccomd.com\\\/ro\\\/product\\\/flasca-jack-daniels-goutai-118ml\\\/#breadcrumblist\"},\"image\":{\"@type\":\"ImageObject\",\"url\":\"https:\\\/\\\/tabaccomd.com\\\/wp-content\\\/uploads\\\/2025\\\/03\\\/flasca-jack-daniels-goutai-4oz.jpg\",\"@id\":\"https:\\\/\\\/tabaccomd.com\\\/ro\\\/product\\\/flasca-jack-daniels-goutai-118ml\\\/#mainImage\",\"width\":1200,\"height\":1200,\"caption\":\"flasca-jack-daniels-goutai-4oz\"},\"primaryImageOfPage\":{\"@id\":\"https:\\\/\\\/tabaccomd.com\\\/ro\\\/product\\\/flasca-jack-daniels-goutai-118ml\\\/#mainImage\"},\"datePublished\":\"2025-03-07T17:55:25+03:00\",\"dateModified\":\"2025-03-08T13:29:25+03:00\"},{\"@type\":\"WebSite\",\"@id\":\"https:\\\/\\\/tabaccomd.com\\\/ro\\\/#website\",\"url\":\"https:\\\/\\\/tabaccomd.com\\\/ro\\\/\",\"name\":\"Tabacco House\",\"alternateName\":\"tobaccomd.com\",\"description\":\"\\u041c\\u0430\\u0433\\u0430\\u0437\\u0438\\u043d \\u0442\\u0430\\u0431\\u0430\\u0447\\u043d\\u044b\\u0445 \\u0438\\u0437\\u0434\\u0435\\u043b\\u0438\\u0439\",\"inLanguage\":\"ro-RO\",\"publisher\":{\"@id\":\"https:\\\/\\\/tabaccomd.com\\\/ro\\\/#organization\"}}]}\n\t\t<\/script>\n\t\t<!-- All in One SEO Pro -->\r\n\t\t<title>Flasc\u0103 \u201eJack Daniel\u2019s\u201d Guotai 118ml \u2013 Tabacco House<\/title>\n\n","aioseo_head_json":{"title":"Flasc\u0103 \u201eJack Daniel\u2019s\u201d Guotai 118ml \u2013 Tabacco House","description":"","canonical_url":"https:\/\/tabaccomd.com\/ro\/product\/flasca-jack-daniels-goutai-118ml\/","robots":"max-image-preview:large","keywords":"","webmasterTools":{"miscellaneous":""},"schema":{"@context":"https:\/\/schema.org","@graph":[{"@type":"BreadcrumbList","@id":"https:\/\/tabaccomd.com\/ro\/product\/flasca-jack-daniels-goutai-118ml\/#breadcrumblist","itemListElement":[{"@type":"ListItem","@id":"https:\/\/tabaccomd.com\/ro\/#listItem","position":1,"name":"\u0413\u043b\u0430\u0432\u043d\u0430\u044f","item":"https:\/\/tabaccomd.com\/ro\/","nextItem":{"@type":"ListItem","@id":"https:\/\/tabaccomd.com\/ro\/catalog\/#listItem","name":"Catalog"}},{"@type":"ListItem","@id":"https:\/\/tabaccomd.com\/ro\/catalog\/#listItem","position":2,"name":"Catalog","item":"https:\/\/tabaccomd.com\/ro\/catalog\/","nextItem":{"@type":"ListItem","@id":"https:\/\/tabaccomd.com\/ro\/product-category\/accesorii\/#listItem","name":"Accesorii"},"previousItem":{"@type":"ListItem","@id":"https:\/\/tabaccomd.com\/ro\/#listItem","name":"\u0413\u043b\u0430\u0432\u043d\u0430\u044f"}},{"@type":"ListItem","@id":"https:\/\/tabaccomd.com\/ro\/product-category\/accesorii\/#listItem","position":3,"name":"Accesorii","item":"https:\/\/tabaccomd.com\/ro\/product-category\/accesorii\/","nextItem":{"@type":"ListItem","@id":"https:\/\/tabaccomd.com\/ro\/product-category\/accesorii\/flasca\/#listItem","name":"Flasc\u0103"},"previousItem":{"@type":"ListItem","@id":"https:\/\/tabaccomd.com\/ro\/catalog\/#listItem","name":"Catalog"}},{"@type":"ListItem","@id":"https:\/\/tabaccomd.com\/ro\/product-category\/accesorii\/flasca\/#listItem","position":4,"name":"Flasc\u0103","item":"https:\/\/tabaccomd.com\/ro\/product-category\/accesorii\/flasca\/","nextItem":{"@type":"ListItem","@id":"https:\/\/tabaccomd.com\/ro\/product\/flasca-jack-daniels-goutai-118ml\/#listItem","name":"Flasc\u0103 &#8222;Jack Daniel&#8217;s&#8221; Guotai 118ml"},"previousItem":{"@type":"ListItem","@id":"https:\/\/tabaccomd.com\/ro\/product-category\/accesorii\/#listItem","name":"Accesorii"}},{"@type":"ListItem","@id":"https:\/\/tabaccomd.com\/ro\/product\/flasca-jack-daniels-goutai-118ml\/#listItem","position":5,"name":"Flasc\u0103 &#8222;Jack Daniel&#8217;s&#8221; Guotai 118ml","previousItem":{"@type":"ListItem","@id":"https:\/\/tabaccomd.com\/ro\/product-category\/accesorii\/flasca\/#listItem","name":"Flasc\u0103"}}]},{"@type":"Organization","@id":"https:\/\/tabaccomd.com\/ro\/#organization","name":"Tabacco House","description":"\u041c\u0430\u0433\u0430\u0437\u0438\u043d \u0442\u0430\u0431\u0430\u0447\u043d\u044b\u0445 \u0438\u0437\u0434\u0435\u043b\u0438\u0439","url":"https:\/\/tabaccomd.com\/ro\/","email":"Office@cazacuhouse.com","telephone":"+37361000935","logo":{"@type":"ImageObject","url":"https:\/\/tabaccomd.com\/wp-content\/uploads\/2024\/02\/logo_header3.png","@id":"https:\/\/tabaccomd.com\/ro\/product\/flasca-jack-daniels-goutai-118ml\/#organizationLogo","width":32,"height":32,"caption":"Tabacco House"},"image":{"@id":"https:\/\/tabaccomd.com\/ro\/product\/flasca-jack-daniels-goutai-118ml\/#organizationLogo"},"sameAs":["https:\/\/www.facebook.com\/tabaccomd.com\/","https:\/\/www.instagram.com\/tabaccomd.com\/"],"address":{"@id":"https:\/\/tabaccomd.com\/ro\/#postaladdress","@type":"PostalAddress","streetAddress":"Strada Albi\u015foara 4, Chi\u0219in\u0103u, Bulevardul \u0218tefan cel Mare \u0219i Sf\u00eent 136, Chi\u0219in\u0103u","addressLocality":"Chi\u0219in\u0103u","addressCountry":"MD"}},{"@type":"Product","@id":"https:\/\/tabaccomd.com\/ro\/product\/flasca-jack-daniels-goutai-118ml\/#wooCommerceProduct","name":"Flasc\u0103 \"Jack Daniel's\" Guotai 118ml","description":"Produc\u0103tor: Guotai\r\n \t\u021aara produc\u0103torului: China\r\n \tMaterial: O\u021bel inoxidabil\r\n \tVolum: 118ml (4 oz)","url":"https:\/\/tabaccomd.com\/ro\/product\/flasca-jack-daniels-goutai-118ml\/","sku":"\u0424\u043b\u044f\u0433\u0430 4 Oz","image":{"@type":"ImageObject","url":"https:\/\/tabaccomd.com\/wp-content\/uploads\/2025\/03\/flasca-jack-daniels-goutai-4oz.jpg","@id":"https:\/\/tabaccomd.com\/ro\/product\/flasca-jack-daniels-goutai-118ml\/#productImage","width":1200,"height":1200,"caption":"flasca-jack-daniels-goutai-4oz"},"offers":{"@type":"Offer","url":"https:\/\/tabaccomd.com\/ro\/product\/flasca-jack-daniels-goutai-118ml\/#wooCommerceOffer","price":90,"priceCurrency":"MDL","category":"Flasc\u0103","availability":"https:\/\/schema.org\/OutOfStock","priceSpecification":{"@type":"PriceSpecification","price":90,"priceCurrency":"MDL","valueAddedTaxIncluded":"true"},"seller":{"@type":"Organization","@id":"https:\/\/tabaccomd.com\/ro\/#organization"}}},{"@type":"WebPage","@id":"https:\/\/tabaccomd.com\/ro\/product\/flasca-jack-daniels-goutai-118ml\/#webpage","url":"https:\/\/tabaccomd.com\/ro\/product\/flasca-jack-daniels-goutai-118ml\/","name":"Flasc\u0103 \u201eJack Daniel\u2019s\u201d Guotai 118ml \u2013 Tabacco House","inLanguage":"ro-RO","isPartOf":{"@id":"https:\/\/tabaccomd.com\/ro\/#website"},"breadcrumb":{"@id":"https:\/\/tabaccomd.com\/ro\/product\/flasca-jack-daniels-goutai-118ml\/#breadcrumblist"},"image":{"@type":"ImageObject","url":"https:\/\/tabaccomd.com\/wp-content\/uploads\/2025\/03\/flasca-jack-daniels-goutai-4oz.jpg","@id":"https:\/\/tabaccomd.com\/ro\/product\/flasca-jack-daniels-goutai-118ml\/#mainImage","width":1200,"height":1200,"caption":"flasca-jack-daniels-goutai-4oz"},"primaryImageOfPage":{"@id":"https:\/\/tabaccomd.com\/ro\/product\/flasca-jack-daniels-goutai-118ml\/#mainImage"},"datePublished":"2025-03-07T17:55:25+03:00","dateModified":"2025-03-08T13:29:25+03:00"},{"@type":"WebSite","@id":"https:\/\/tabaccomd.com\/ro\/#website","url":"https:\/\/tabaccomd.com\/ro\/","name":"Tabacco House","alternateName":"tobaccomd.com","description":"\u041c\u0430\u0433\u0430\u0437\u0438\u043d \u0442\u0430\u0431\u0430\u0447\u043d\u044b\u0445 \u0438\u0437\u0434\u0435\u043b\u0438\u0439","inLanguage":"ro-RO","publisher":{"@id":"https:\/\/tabaccomd.com\/ro\/#organization"}}]},"og:locale":"ro_RO","og:site_name":"Tabacco House \u2013 \u041c\u0430\u0433\u0430\u0437\u0438\u043d \u0442\u0430\u0431\u0430\u0447\u043d\u044b\u0445 \u0438\u0437\u0434\u0435\u043b\u0438\u0439","og:type":"article","og:title":"Flasc\u0103 \u201eJack Daniel\u2019s\u201d Guotai 118ml \u2013 Tabacco House","og:url":"https:\/\/tabaccomd.com\/ro\/product\/flasca-jack-daniels-goutai-118ml\/","article:published_time":"2025-03-07T14:55:25+00:00","article:modified_time":"2025-03-08T10:29:25+00:00","article:publisher":"https:\/\/www.facebook.com\/tabaccomd.com\/","twitter:card":"summary_large_image","twitter:title":"Flasc\u0103 \u201eJack Daniel\u2019s\u201d Guotai 118ml \u2013 Tabacco House"},"aioseo_meta_data":{"post_id":"147398","title":null,"description":null,"keywords":null,"keyphrases":null,"primary_term":null,"canonical_url":null,"og_title":null,"og_description":null,"og_object_type":"default","og_image_type":"default","og_image_url":null,"og_image_width":null,"og_image_height":null,"og_image_custom_url":null,"og_image_custom_fields":null,"og_video":null,"og_custom_url":null,"og_article_section":null,"og_article_tags":null,"twitter_use_og":false,"twitter_card":"default","twitter_image_type":"default","twitter_image_url":null,"twitter_image_custom_url":null,"twitter_image_custom_fields":null,"twitter_title":null,"twitter_description":null,"schema":{"blockGraphs":[],"customGraphs":[],"default":{"data":{"Article":[],"Course":[],"Dataset":[],"FAQPage":[],"Movie":[],"Person":[],"Product":[],"ProductReview":[],"Car":[],"Recipe":[],"Service":[],"SoftwareApplication":[],"WebPage":[]},"graphName":"","isEnabled":true},"graphs":[]},"schema_type":"default","schema_type_options":null,"pillar_content":false,"robots_default":true,"robots_noindex":false,"robots_noarchive":false,"robots_nosnippet":false,"robots_nofollow":false,"robots_noimageindex":false,"robots_noodp":false,"robots_notranslate":false,"robots_max_snippet":null,"robots_max_videopreview":null,"robots_max_imagepreview":"large","priority":null,"frequency":null,"local_seo":null,"seo_analyzer_scan_date":"2025-10-20 21:04:58","breadcrumb_settings":null,"limit_modified_date":false,"reviewed_by":null,"open_ai":null,"ai":null,"created":"2025-03-07 15:00:10","updated":"2025-10-20 21:04:58"},"aioseo_breadcrumb":"<div class=\"aioseo-breadcrumbs\"><span class=\"aioseo-breadcrumb\">\n\t<a href=\"https:\/\/tabaccomd.com\/ro\/\" title=\"\u0413\u043b\u0430\u0432\u043d\u0430\u044f\">\u0413\u043b\u0430\u0432\u043d\u0430\u044f<\/a>\n<\/span><span class=\"aioseo-breadcrumb-separator\">\u00bb<\/span><span class=\"aioseo-breadcrumb\">\n\t<a href=\"https:\/\/tabaccomd.com\/ro\/catalog\/\" title=\"Catalog\">Catalog<\/a>\n<\/span><span class=\"aioseo-breadcrumb-separator\">\u00bb<\/span><span class=\"aioseo-breadcrumb\">\n\t<a href=\"https:\/\/tabaccomd.com\/ro\/product-category\/accesorii\/\" title=\"Accesorii\">Accesorii<\/a>\n<\/span><span class=\"aioseo-breadcrumb-separator\">\u00bb<\/span><span class=\"aioseo-breadcrumb\">\n\t<a href=\"https:\/\/tabaccomd.com\/ro\/product-category\/accesorii\/flasca\/\" title=\"Flasc\u0103\">Flasc\u0103<\/a>\n<\/span><span class=\"aioseo-breadcrumb-separator\">\u00bb<\/span><span class=\"aioseo-breadcrumb\">\n\tFlasc\u0103 \u201eJack Daniel\u2019s\u201d Guotai 118ml\n<\/span><\/div>","aioseo_breadcrumb_json":[{"label":"\u0413\u043b\u0430\u0432\u043d\u0430\u044f","link":"https:\/\/tabaccomd.com\/ro\/"},{"label":"Catalog","link":"https:\/\/tabaccomd.com\/ro\/catalog\/"},{"label":"Accesorii","link":"https:\/\/tabaccomd.com\/ro\/product-category\/accesorii\/"},{"label":"Flasc\u0103","link":"https:\/\/tabaccomd.com\/ro\/product-category\/accesorii\/flasca\/"},{"label":"Flasc\u0103 &#8222;Jack Daniel&#8217;s&#8221; Guotai 118ml","link":"https:\/\/tabaccomd.com\/ro\/product\/flasca-jack-daniels-goutai-118ml\/"}],"images_for_1c":[{"url":"https:\/\/tabaccomd.com\/wp-content\/uploads\/2025\/03\/flasca-jack-daniels-goutai-4oz.jpg","type":"featured","alt":"flasca-jack-daniels-goutai-4oz","filename":"flasca-jack-daniels-goutai-4oz.jpg"},{"url":"https:\/\/tabaccomd.com\/wp-content\/uploads\/2025\/03\/flasca-jack-daniels-goutai-4oz-0.jpg","type":"gallery","alt":"flasca-jack-daniels-goutai-4oz-0","filename":"flasca-jack-daniels-goutai-4oz-0.jpg"}],"additional_data_1c":{"modified_date":"2025-03-08 13:29:25","permalink":"https:\/\/tabaccomd.com\/ro\/product\/flasca-jack-daniels-goutai-118ml\/","stock_status":"outofstock","manage_stock":"no"},"_links":{"self":[{"href":"https:\/\/tabaccomd.com\/ro\/wp-json\/wp\/v2\/product\/147398","targetHints":{"allow":["GET"]}}],"collection":[{"href":"https:\/\/tabaccomd.com\/ro\/wp-json\/wp\/v2\/product"}],"about":[{"href":"https:\/\/tabaccomd.com\/ro\/wp-json\/wp\/v2\/types\/product"}],"wp:featuredmedia":[{"embeddable":true,"href":"https:\/\/tabaccomd.com\/ro\/wp-json\/wp\/v2\/media\/147395"}],"wp:attachment":[{"href":"https:\/\/tabaccomd.com\/ro\/wp-json\/wp\/v2\/media?parent=147398"}],"wp:term":[{"taxonomy":"product_brand","embeddable":true,"href":"https:\/\/tabaccomd.com\/ro\/wp-json\/wp\/v2\/product_brand?post=147398"},{"taxonomy":"product_cat","embeddable":true,"href":"https:\/\/tabaccomd.com\/ro\/wp-json\/wp\/v2\/product_cat?post=147398"},{"taxonomy":"product_tag","embeddable":true,"href":"https:\/\/tabaccomd.com\/ro\/wp-json\/wp\/v2\/product_tag?post=147398"}],"curies":[{"name":"wp","href":"https:\/\/api.w.org\/{rel}","templated":true}]}}