{"id":147260,"date":"2025-03-06T11:25:21","date_gmt":"2025-03-06T08:25:21","guid":{"rendered":"https:\/\/tabaccomd.com\/product\/mustiuc-golden-gate-black-m-190mm\/"},"modified":"2025-03-06T11:25:21","modified_gmt":"2025-03-06T08:25:21","slug":"mustiuc-golden-gate-black-m-190mm","status":"publish","type":"product","link":"https:\/\/tabaccomd.com\/ro\/product\/mustiuc-golden-gate-black-m-190mm\/","title":{"rendered":"Mu\u0219tiuc Golden Gate Black M 190mm"},"content":{"rendered":"<p>Brandul Golden Gate impresioneaz\u0103 constant prin calitatea \u0219i rafinamentul produselor sale, iar\u00a0<a href=\"https:\/\/tabaccomd.com\/ro\/categorie-produs\/totul-pentru-rulat\/mustiuc-pentru-tigara\/\">mu\u0219tiucul<\/a> Golden Gate de 190 mm este un exemplu perfect. Acest accesoriu este compatibil cu \u021big\u0103rile slim de 6 mm \u00een diametru \u0219i este disponibil \u00een dou\u0103 variante elegante: negru clasic \u0219i maro sofisticat. Mu\u0219tiucul negru este realizat din ebonit\u0103 durabil\u0103, \u00een timp ce modelul maro combin\u0103 ebonita cu lemnul ro\u0219u, oferind un stil distinct \u0219i o durabilitate remarcabil\u0103. Construit din dou\u0103 p\u0103r\u021bi unite printr-un filet sigur, mu\u0219tiucul are un sistem de r\u0103cire integrat care asigur\u0103 o experien\u021b\u0103 de fumat mai pl\u0103cut\u0103 \u0219i mai confortabil\u0103. Ast\u0103zi, acest accesoriu este preferat de mul\u021bi cunosc\u0103tori datorit\u0103 numeroaselor sale avantaje. \u00cencearc\u0103-l \u0219i convinge-te singur!<\/p>\n<p>Pute\u021bi achizi\u021biona mu\u0219tiucul Golden Gate Black M 190mm \u00een Moldova, Chi\u0219in\u0103u, \u00een re\u021beaua de magazine Tabacco House.<\/p>\n","protected":false},"excerpt":{"rendered":"<ul>\n<li>Culoare: Neagr\u0103<\/li>\n<li>Cu r\u0103citor<\/li>\n<li>Diametru: 6 mm<\/li>\n<li>Lungime: 190 mm<\/li>\n<li>Brand: Golden Gate, Ucraina<\/li>\n<\/ul>\n","protected":false},"featured_media":146907,"template":"","meta":{"om_disable_all_campaigns":false,"_monsterinsights_skip_tracking":false,"_monsterinsights_sitenote_active":false,"_monsterinsights_sitenote_note":"","_monsterinsights_sitenote_category":0},"product_brand":[],"product_cat":[165],"product_tag":[],"class_list":{"0":"post-147260","1":"product","2":"type-product","3":"status-publish","4":"has-post-thumbnail","6":"product_cat-mustiucuri-pentru-tigari","8":"first","9":"instock","10":"taxable","11":"shipping-taxable","12":"purchasable","13":"product-type-simple"},"aioseo_notices":[],"aioseo_head":"\n\t\t<!-- All in One SEO Pro 4.9.5.2 - aioseo.com -->\n\t<meta name=\"robots\" content=\"max-image-preview:large\" \/>\n\t<link rel=\"canonical\" href=\"https:\/\/tabaccomd.com\/ro\/product\/mustiuc-golden-gate-black-m-190mm\/\" \/>\n\t<meta name=\"generator\" content=\"All in One SEO Pro (AIOSEO) 4.9.5.2\" \/>\n\t\t<meta property=\"og:locale\" content=\"ro_RO\" \/>\n\t\t<meta property=\"og:site_name\" content=\"Tabacco House \u2013 \u041c\u0430\u0433\u0430\u0437\u0438\u043d \u0442\u0430\u0431\u0430\u0447\u043d\u044b\u0445 \u0438\u0437\u0434\u0435\u043b\u0438\u0439\" \/>\n\t\t<meta property=\"og:type\" content=\"article\" \/>\n\t\t<meta property=\"og:title\" content=\"Mu\u0219tiuc Golden Gate Black M 190mm \u2013 Tabacco House\" \/>\n\t\t<meta property=\"og:url\" content=\"https:\/\/tabaccomd.com\/ro\/product\/mustiuc-golden-gate-black-m-190mm\/\" \/>\n\t\t<meta property=\"article:published_time\" content=\"2025-03-06T08:25:21+00:00\" \/>\n\t\t<meta property=\"article:modified_time\" content=\"2025-03-06T08:25:21+00:00\" \/>\n\t\t<meta property=\"article:publisher\" content=\"https:\/\/www.facebook.com\/tabaccomd.com\/\" \/>\n\t\t<meta name=\"twitter:card\" content=\"summary_large_image\" \/>\n\t\t<meta name=\"twitter:title\" content=\"Mu\u0219tiuc Golden Gate Black M 190mm \u2013 Tabacco House\" \/>\n\t\t<script type=\"application\/ld+json\" class=\"aioseo-schema\">\n\t\t\t{\"@context\":\"https:\\\/\\\/schema.org\",\"@graph\":[{\"@type\":\"BreadcrumbList\",\"@id\":\"https:\\\/\\\/tabaccomd.com\\\/ro\\\/product\\\/mustiuc-golden-gate-black-m-190mm\\\/#breadcrumblist\",\"itemListElement\":[{\"@type\":\"ListItem\",\"@id\":\"https:\\\/\\\/tabaccomd.com\\\/ro\\\/#listItem\",\"position\":1,\"name\":\"\\u0413\\u043b\\u0430\\u0432\\u043d\\u0430\\u044f\",\"item\":\"https:\\\/\\\/tabaccomd.com\\\/ro\\\/\",\"nextItem\":{\"@type\":\"ListItem\",\"@id\":\"https:\\\/\\\/tabaccomd.com\\\/ro\\\/catalog\\\/#listItem\",\"name\":\"Catalog\"}},{\"@type\":\"ListItem\",\"@id\":\"https:\\\/\\\/tabaccomd.com\\\/ro\\\/catalog\\\/#listItem\",\"position\":2,\"name\":\"Catalog\",\"item\":\"https:\\\/\\\/tabaccomd.com\\\/ro\\\/catalog\\\/\",\"nextItem\":{\"@type\":\"ListItem\",\"@id\":\"https:\\\/\\\/tabaccomd.com\\\/ro\\\/product-category\\\/totul-pentru-rulat\\\/#listItem\",\"name\":\"Totul pentru rulat\"},\"previousItem\":{\"@type\":\"ListItem\",\"@id\":\"https:\\\/\\\/tabaccomd.com\\\/ro\\\/#listItem\",\"name\":\"\\u0413\\u043b\\u0430\\u0432\\u043d\\u0430\\u044f\"}},{\"@type\":\"ListItem\",\"@id\":\"https:\\\/\\\/tabaccomd.com\\\/ro\\\/product-category\\\/totul-pentru-rulat\\\/#listItem\",\"position\":3,\"name\":\"Totul pentru rulat\",\"item\":\"https:\\\/\\\/tabaccomd.com\\\/ro\\\/product-category\\\/totul-pentru-rulat\\\/\",\"nextItem\":{\"@type\":\"ListItem\",\"@id\":\"https:\\\/\\\/tabaccomd.com\\\/ro\\\/product-category\\\/totul-pentru-rulat\\\/mustiucuri-pentru-tigari\\\/#listItem\",\"name\":\"Mu\\u0219tiucuri pentru \\u021big\\u0103ri\"},\"previousItem\":{\"@type\":\"ListItem\",\"@id\":\"https:\\\/\\\/tabaccomd.com\\\/ro\\\/catalog\\\/#listItem\",\"name\":\"Catalog\"}},{\"@type\":\"ListItem\",\"@id\":\"https:\\\/\\\/tabaccomd.com\\\/ro\\\/product-category\\\/totul-pentru-rulat\\\/mustiucuri-pentru-tigari\\\/#listItem\",\"position\":4,\"name\":\"Mu\\u0219tiucuri pentru \\u021big\\u0103ri\",\"item\":\"https:\\\/\\\/tabaccomd.com\\\/ro\\\/product-category\\\/totul-pentru-rulat\\\/mustiucuri-pentru-tigari\\\/\",\"nextItem\":{\"@type\":\"ListItem\",\"@id\":\"https:\\\/\\\/tabaccomd.com\\\/ro\\\/product\\\/mustiuc-golden-gate-black-m-190mm\\\/#listItem\",\"name\":\"Mu\\u0219tiuc Golden Gate Black M 190mm\"},\"previousItem\":{\"@type\":\"ListItem\",\"@id\":\"https:\\\/\\\/tabaccomd.com\\\/ro\\\/product-category\\\/totul-pentru-rulat\\\/#listItem\",\"name\":\"Totul pentru rulat\"}},{\"@type\":\"ListItem\",\"@id\":\"https:\\\/\\\/tabaccomd.com\\\/ro\\\/product\\\/mustiuc-golden-gate-black-m-190mm\\\/#listItem\",\"position\":5,\"name\":\"Mu\\u0219tiuc Golden Gate Black M 190mm\",\"previousItem\":{\"@type\":\"ListItem\",\"@id\":\"https:\\\/\\\/tabaccomd.com\\\/ro\\\/product-category\\\/totul-pentru-rulat\\\/mustiucuri-pentru-tigari\\\/#listItem\",\"name\":\"Mu\\u0219tiucuri pentru \\u021big\\u0103ri\"}}]},{\"@type\":\"Organization\",\"@id\":\"https:\\\/\\\/tabaccomd.com\\\/ro\\\/#organization\",\"name\":\"Tabacco House\",\"description\":\"\\u041c\\u0430\\u0433\\u0430\\u0437\\u0438\\u043d \\u0442\\u0430\\u0431\\u0430\\u0447\\u043d\\u044b\\u0445 \\u0438\\u0437\\u0434\\u0435\\u043b\\u0438\\u0439\",\"url\":\"https:\\\/\\\/tabaccomd.com\\\/ro\\\/\",\"email\":\"Office@cazacuhouse.com\",\"telephone\":\"+37361000935\",\"logo\":{\"@type\":\"ImageObject\",\"url\":\"https:\\\/\\\/tabaccomd.com\\\/wp-content\\\/uploads\\\/2024\\\/02\\\/logo_header3.png\",\"@id\":\"https:\\\/\\\/tabaccomd.com\\\/ro\\\/product\\\/mustiuc-golden-gate-black-m-190mm\\\/#organizationLogo\",\"width\":32,\"height\":32,\"caption\":\"Tabacco House\"},\"image\":{\"@id\":\"https:\\\/\\\/tabaccomd.com\\\/ro\\\/product\\\/mustiuc-golden-gate-black-m-190mm\\\/#organizationLogo\"},\"sameAs\":[\"https:\\\/\\\/www.facebook.com\\\/tabaccomd.com\\\/\",\"https:\\\/\\\/www.instagram.com\\\/tabaccomd.com\\\/\"],\"address\":{\"@id\":\"https:\\\/\\\/tabaccomd.com\\\/ro\\\/#postaladdress\",\"@type\":\"PostalAddress\",\"streetAddress\":\"Strada Albi\\u015foara 4, Chi\\u0219in\\u0103u, Bulevardul \\u0218tefan cel Mare \\u0219i Sf\\u00eent 136, Chi\\u0219in\\u0103u\",\"addressLocality\":\"Chi\\u0219in\\u0103u\",\"addressCountry\":\"MD\"}},{\"@type\":\"Product\",\"@id\":\"https:\\\/\\\/tabaccomd.com\\\/ro\\\/product\\\/mustiuc-golden-gate-black-m-190mm\\\/#wooCommerceProduct\",\"name\":\"Mu\\u0219tiuc Golden Gate Black M 190mm\",\"description\":\"Culoare: Neagr\\u0103\\r\\n \\tCu r\\u0103citor\\r\\n \\tDiametru: 6 mm\\r\\n \\tLungime: 190 mm\\r\\n \\tBrand: Golden Gate, Ucraina\",\"url\":\"https:\\\/\\\/tabaccomd.com\\\/ro\\\/product\\\/mustiuc-golden-gate-black-m-190mm\\\/\",\"sku\":\"Black M 190\\u043c\\u043c\",\"image\":{\"@type\":\"ImageObject\",\"url\":\"https:\\\/\\\/tabaccomd.com\\\/wp-content\\\/uploads\\\/2020\\\/05\\\/mustiuc-golden-gate-s-black-190mm.jpg\",\"@id\":\"https:\\\/\\\/tabaccomd.com\\\/ro\\\/product\\\/mustiuc-golden-gate-black-m-190mm\\\/#productImage\",\"width\":1200,\"height\":1200,\"caption\":\"mustiuc-golden-gate-s-black-190mm\"},\"offers\":{\"@type\":\"Offer\",\"url\":\"https:\\\/\\\/tabaccomd.com\\\/ro\\\/product\\\/mustiuc-golden-gate-black-m-190mm\\\/#wooCommerceOffer\",\"price\":200,\"priceCurrency\":\"MDL\",\"category\":\"Mu\\u0219tiucuri pentru \\u021big\\u0103ri\",\"availability\":\"https:\\\/\\\/schema.org\\\/InStock\",\"priceSpecification\":{\"@type\":\"PriceSpecification\",\"price\":200,\"priceCurrency\":\"MDL\",\"valueAddedTaxIncluded\":\"true\"},\"seller\":{\"@type\":\"Organization\",\"@id\":\"https:\\\/\\\/tabaccomd.com\\\/ro\\\/#organization\"}}},{\"@type\":\"WebPage\",\"@id\":\"https:\\\/\\\/tabaccomd.com\\\/ro\\\/product\\\/mustiuc-golden-gate-black-m-190mm\\\/#webpage\",\"url\":\"https:\\\/\\\/tabaccomd.com\\\/ro\\\/product\\\/mustiuc-golden-gate-black-m-190mm\\\/\",\"name\":\"Mu\\u0219tiuc Golden Gate Black M 190mm \\u2013 Tabacco House\",\"inLanguage\":\"ro-RO\",\"isPartOf\":{\"@id\":\"https:\\\/\\\/tabaccomd.com\\\/ro\\\/#website\"},\"breadcrumb\":{\"@id\":\"https:\\\/\\\/tabaccomd.com\\\/ro\\\/product\\\/mustiuc-golden-gate-black-m-190mm\\\/#breadcrumblist\"},\"image\":{\"@type\":\"ImageObject\",\"url\":\"https:\\\/\\\/tabaccomd.com\\\/wp-content\\\/uploads\\\/2020\\\/05\\\/mustiuc-golden-gate-s-black-190mm.jpg\",\"@id\":\"https:\\\/\\\/tabaccomd.com\\\/ro\\\/product\\\/mustiuc-golden-gate-black-m-190mm\\\/#mainImage\",\"width\":1200,\"height\":1200,\"caption\":\"mustiuc-golden-gate-s-black-190mm\"},\"primaryImageOfPage\":{\"@id\":\"https:\\\/\\\/tabaccomd.com\\\/ro\\\/product\\\/mustiuc-golden-gate-black-m-190mm\\\/#mainImage\"},\"datePublished\":\"2025-03-06T11:25:21+03:00\",\"dateModified\":\"2025-03-06T11:25:21+03:00\"},{\"@type\":\"WebSite\",\"@id\":\"https:\\\/\\\/tabaccomd.com\\\/ro\\\/#website\",\"url\":\"https:\\\/\\\/tabaccomd.com\\\/ro\\\/\",\"name\":\"Tabacco House\",\"alternateName\":\"tobaccomd.com\",\"description\":\"\\u041c\\u0430\\u0433\\u0430\\u0437\\u0438\\u043d \\u0442\\u0430\\u0431\\u0430\\u0447\\u043d\\u044b\\u0445 \\u0438\\u0437\\u0434\\u0435\\u043b\\u0438\\u0439\",\"inLanguage\":\"ro-RO\",\"publisher\":{\"@id\":\"https:\\\/\\\/tabaccomd.com\\\/ro\\\/#organization\"}}]}\n\t\t<\/script>\n\t\t<!-- All in One SEO Pro -->\r\n\t\t<title>Mu\u0219tiuc Golden Gate Black M 190mm \u2013 Tabacco House<\/title>\n\n","aioseo_head_json":{"title":"Mu\u0219tiuc Golden Gate Black M 190mm \u2013 Tabacco House","description":"","canonical_url":"https:\/\/tabaccomd.com\/ro\/product\/mustiuc-golden-gate-black-m-190mm\/","robots":"max-image-preview:large","keywords":"","webmasterTools":{"miscellaneous":""},"schema":{"@context":"https:\/\/schema.org","@graph":[{"@type":"BreadcrumbList","@id":"https:\/\/tabaccomd.com\/ro\/product\/mustiuc-golden-gate-black-m-190mm\/#breadcrumblist","itemListElement":[{"@type":"ListItem","@id":"https:\/\/tabaccomd.com\/ro\/#listItem","position":1,"name":"\u0413\u043b\u0430\u0432\u043d\u0430\u044f","item":"https:\/\/tabaccomd.com\/ro\/","nextItem":{"@type":"ListItem","@id":"https:\/\/tabaccomd.com\/ro\/catalog\/#listItem","name":"Catalog"}},{"@type":"ListItem","@id":"https:\/\/tabaccomd.com\/ro\/catalog\/#listItem","position":2,"name":"Catalog","item":"https:\/\/tabaccomd.com\/ro\/catalog\/","nextItem":{"@type":"ListItem","@id":"https:\/\/tabaccomd.com\/ro\/product-category\/totul-pentru-rulat\/#listItem","name":"Totul pentru rulat"},"previousItem":{"@type":"ListItem","@id":"https:\/\/tabaccomd.com\/ro\/#listItem","name":"\u0413\u043b\u0430\u0432\u043d\u0430\u044f"}},{"@type":"ListItem","@id":"https:\/\/tabaccomd.com\/ro\/product-category\/totul-pentru-rulat\/#listItem","position":3,"name":"Totul pentru rulat","item":"https:\/\/tabaccomd.com\/ro\/product-category\/totul-pentru-rulat\/","nextItem":{"@type":"ListItem","@id":"https:\/\/tabaccomd.com\/ro\/product-category\/totul-pentru-rulat\/mustiucuri-pentru-tigari\/#listItem","name":"Mu\u0219tiucuri pentru \u021big\u0103ri"},"previousItem":{"@type":"ListItem","@id":"https:\/\/tabaccomd.com\/ro\/catalog\/#listItem","name":"Catalog"}},{"@type":"ListItem","@id":"https:\/\/tabaccomd.com\/ro\/product-category\/totul-pentru-rulat\/mustiucuri-pentru-tigari\/#listItem","position":4,"name":"Mu\u0219tiucuri pentru \u021big\u0103ri","item":"https:\/\/tabaccomd.com\/ro\/product-category\/totul-pentru-rulat\/mustiucuri-pentru-tigari\/","nextItem":{"@type":"ListItem","@id":"https:\/\/tabaccomd.com\/ro\/product\/mustiuc-golden-gate-black-m-190mm\/#listItem","name":"Mu\u0219tiuc Golden Gate Black M 190mm"},"previousItem":{"@type":"ListItem","@id":"https:\/\/tabaccomd.com\/ro\/product-category\/totul-pentru-rulat\/#listItem","name":"Totul pentru rulat"}},{"@type":"ListItem","@id":"https:\/\/tabaccomd.com\/ro\/product\/mustiuc-golden-gate-black-m-190mm\/#listItem","position":5,"name":"Mu\u0219tiuc Golden Gate Black M 190mm","previousItem":{"@type":"ListItem","@id":"https:\/\/tabaccomd.com\/ro\/product-category\/totul-pentru-rulat\/mustiucuri-pentru-tigari\/#listItem","name":"Mu\u0219tiucuri pentru \u021big\u0103ri"}}]},{"@type":"Organization","@id":"https:\/\/tabaccomd.com\/ro\/#organization","name":"Tabacco House","description":"\u041c\u0430\u0433\u0430\u0437\u0438\u043d \u0442\u0430\u0431\u0430\u0447\u043d\u044b\u0445 \u0438\u0437\u0434\u0435\u043b\u0438\u0439","url":"https:\/\/tabaccomd.com\/ro\/","email":"Office@cazacuhouse.com","telephone":"+37361000935","logo":{"@type":"ImageObject","url":"https:\/\/tabaccomd.com\/wp-content\/uploads\/2024\/02\/logo_header3.png","@id":"https:\/\/tabaccomd.com\/ro\/product\/mustiuc-golden-gate-black-m-190mm\/#organizationLogo","width":32,"height":32,"caption":"Tabacco House"},"image":{"@id":"https:\/\/tabaccomd.com\/ro\/product\/mustiuc-golden-gate-black-m-190mm\/#organizationLogo"},"sameAs":["https:\/\/www.facebook.com\/tabaccomd.com\/","https:\/\/www.instagram.com\/tabaccomd.com\/"],"address":{"@id":"https:\/\/tabaccomd.com\/ro\/#postaladdress","@type":"PostalAddress","streetAddress":"Strada Albi\u015foara 4, Chi\u0219in\u0103u, Bulevardul \u0218tefan cel Mare \u0219i Sf\u00eent 136, Chi\u0219in\u0103u","addressLocality":"Chi\u0219in\u0103u","addressCountry":"MD"}},{"@type":"Product","@id":"https:\/\/tabaccomd.com\/ro\/product\/mustiuc-golden-gate-black-m-190mm\/#wooCommerceProduct","name":"Mu\u0219tiuc Golden Gate Black M 190mm","description":"Culoare: Neagr\u0103\r\n \tCu r\u0103citor\r\n \tDiametru: 6 mm\r\n \tLungime: 190 mm\r\n \tBrand: Golden Gate, Ucraina","url":"https:\/\/tabaccomd.com\/ro\/product\/mustiuc-golden-gate-black-m-190mm\/","sku":"Black M 190\u043c\u043c","image":{"@type":"ImageObject","url":"https:\/\/tabaccomd.com\/wp-content\/uploads\/2020\/05\/mustiuc-golden-gate-s-black-190mm.jpg","@id":"https:\/\/tabaccomd.com\/ro\/product\/mustiuc-golden-gate-black-m-190mm\/#productImage","width":1200,"height":1200,"caption":"mustiuc-golden-gate-s-black-190mm"},"offers":{"@type":"Offer","url":"https:\/\/tabaccomd.com\/ro\/product\/mustiuc-golden-gate-black-m-190mm\/#wooCommerceOffer","price":200,"priceCurrency":"MDL","category":"Mu\u0219tiucuri pentru \u021big\u0103ri","availability":"https:\/\/schema.org\/InStock","priceSpecification":{"@type":"PriceSpecification","price":200,"priceCurrency":"MDL","valueAddedTaxIncluded":"true"},"seller":{"@type":"Organization","@id":"https:\/\/tabaccomd.com\/ro\/#organization"}}},{"@type":"WebPage","@id":"https:\/\/tabaccomd.com\/ro\/product\/mustiuc-golden-gate-black-m-190mm\/#webpage","url":"https:\/\/tabaccomd.com\/ro\/product\/mustiuc-golden-gate-black-m-190mm\/","name":"Mu\u0219tiuc Golden Gate Black M 190mm \u2013 Tabacco House","inLanguage":"ro-RO","isPartOf":{"@id":"https:\/\/tabaccomd.com\/ro\/#website"},"breadcrumb":{"@id":"https:\/\/tabaccomd.com\/ro\/product\/mustiuc-golden-gate-black-m-190mm\/#breadcrumblist"},"image":{"@type":"ImageObject","url":"https:\/\/tabaccomd.com\/wp-content\/uploads\/2020\/05\/mustiuc-golden-gate-s-black-190mm.jpg","@id":"https:\/\/tabaccomd.com\/ro\/product\/mustiuc-golden-gate-black-m-190mm\/#mainImage","width":1200,"height":1200,"caption":"mustiuc-golden-gate-s-black-190mm"},"primaryImageOfPage":{"@id":"https:\/\/tabaccomd.com\/ro\/product\/mustiuc-golden-gate-black-m-190mm\/#mainImage"},"datePublished":"2025-03-06T11:25:21+03:00","dateModified":"2025-03-06T11:25:21+03:00"},{"@type":"WebSite","@id":"https:\/\/tabaccomd.com\/ro\/#website","url":"https:\/\/tabaccomd.com\/ro\/","name":"Tabacco House","alternateName":"tobaccomd.com","description":"\u041c\u0430\u0433\u0430\u0437\u0438\u043d \u0442\u0430\u0431\u0430\u0447\u043d\u044b\u0445 \u0438\u0437\u0434\u0435\u043b\u0438\u0439","inLanguage":"ro-RO","publisher":{"@id":"https:\/\/tabaccomd.com\/ro\/#organization"}}]},"og:locale":"ro_RO","og:site_name":"Tabacco House \u2013 \u041c\u0430\u0433\u0430\u0437\u0438\u043d \u0442\u0430\u0431\u0430\u0447\u043d\u044b\u0445 \u0438\u0437\u0434\u0435\u043b\u0438\u0439","og:type":"article","og:title":"Mu\u0219tiuc Golden Gate Black M 190mm \u2013 Tabacco House","og:url":"https:\/\/tabaccomd.com\/ro\/product\/mustiuc-golden-gate-black-m-190mm\/","article:published_time":"2025-03-06T08:25:21+00:00","article:modified_time":"2025-03-06T08:25:21+00:00","article:publisher":"https:\/\/www.facebook.com\/tabaccomd.com\/","twitter:card":"summary_large_image","twitter:title":"Mu\u0219tiuc Golden Gate Black M 190mm \u2013 Tabacco House"},"aioseo_meta_data":{"post_id":"147260","title":null,"description":null,"keywords":null,"keyphrases":null,"primary_term":null,"canonical_url":null,"og_title":null,"og_description":null,"og_object_type":"default","og_image_type":"default","og_image_url":null,"og_image_width":null,"og_image_height":null,"og_image_custom_url":null,"og_image_custom_fields":null,"og_video":null,"og_custom_url":null,"og_article_section":null,"og_article_tags":null,"twitter_use_og":false,"twitter_card":"default","twitter_image_type":"default","twitter_image_url":null,"twitter_image_custom_url":null,"twitter_image_custom_fields":null,"twitter_title":null,"twitter_description":null,"schema":{"blockGraphs":[],"customGraphs":[],"default":{"data":{"Article":[],"Course":[],"Dataset":[],"FAQPage":[],"Movie":[],"Person":[],"Product":[],"ProductReview":[],"Car":[],"Recipe":[],"Service":[],"SoftwareApplication":[],"WebPage":[]},"graphName":"ItemPage","isEnabled":true},"graphs":[]},"schema_type":"default","schema_type_options":null,"pillar_content":false,"robots_default":true,"robots_noindex":false,"robots_noarchive":false,"robots_nosnippet":false,"robots_nofollow":false,"robots_noimageindex":false,"robots_noodp":false,"robots_notranslate":false,"robots_max_snippet":null,"robots_max_videopreview":null,"robots_max_imagepreview":"large","priority":null,"frequency":null,"local_seo":null,"seo_analyzer_scan_date":"2025-10-20 20:59:06","breadcrumb_settings":null,"limit_modified_date":false,"reviewed_by":null,"open_ai":null,"ai":null,"created":"2025-03-06 08:39:05","updated":"2025-10-20 20:59:06"},"aioseo_breadcrumb":"<div class=\"aioseo-breadcrumbs\"><span class=\"aioseo-breadcrumb\">\n\t<a href=\"https:\/\/tabaccomd.com\/ro\/\" title=\"\u0413\u043b\u0430\u0432\u043d\u0430\u044f\">\u0413\u043b\u0430\u0432\u043d\u0430\u044f<\/a>\n<\/span><span class=\"aioseo-breadcrumb-separator\">\u00bb<\/span><span class=\"aioseo-breadcrumb\">\n\t<a href=\"https:\/\/tabaccomd.com\/ro\/catalog\/\" title=\"Catalog\">Catalog<\/a>\n<\/span><span class=\"aioseo-breadcrumb-separator\">\u00bb<\/span><span class=\"aioseo-breadcrumb\">\n\t<a href=\"https:\/\/tabaccomd.com\/ro\/product-category\/totul-pentru-rulat\/\" title=\"Totul pentru rulat\">Totul pentru rulat<\/a>\n<\/span><span class=\"aioseo-breadcrumb-separator\">\u00bb<\/span><span class=\"aioseo-breadcrumb\">\n\t<a href=\"https:\/\/tabaccomd.com\/ro\/product-category\/totul-pentru-rulat\/mustiucuri-pentru-tigari\/\" title=\"Mu\u0219tiucuri pentru \u021big\u0103ri\">Mu\u0219tiucuri pentru \u021big\u0103ri<\/a>\n<\/span><span class=\"aioseo-breadcrumb-separator\">\u00bb<\/span><span class=\"aioseo-breadcrumb\">\n\tMu\u0219tiuc Golden Gate Black M 190mm\n<\/span><\/div>","aioseo_breadcrumb_json":[{"label":"\u0413\u043b\u0430\u0432\u043d\u0430\u044f","link":"https:\/\/tabaccomd.com\/ro\/"},{"label":"Catalog","link":"https:\/\/tabaccomd.com\/ro\/catalog\/"},{"label":"Totul pentru rulat","link":"https:\/\/tabaccomd.com\/ro\/product-category\/totul-pentru-rulat\/"},{"label":"Mu\u0219tiucuri pentru \u021big\u0103ri","link":"https:\/\/tabaccomd.com\/ro\/product-category\/totul-pentru-rulat\/mustiucuri-pentru-tigari\/"},{"label":"Mu\u0219tiuc Golden Gate Black M 190mm","link":"https:\/\/tabaccomd.com\/ro\/product\/mustiuc-golden-gate-black-m-190mm\/"}],"images_for_1c":[{"url":"https:\/\/tabaccomd.com\/wp-content\/uploads\/2020\/05\/mustiuc-golden-gate-s-black-190mm.jpg","type":"featured","alt":"mustiuc-golden-gate-s-black-190mm","filename":"mustiuc-golden-gate-s-black-190mm.jpg"},{"url":"https:\/\/tabaccomd.com\/wp-content\/uploads\/2020\/05\/mustiuc-golden-gate-s-black-190mm-2.jpg","type":"gallery","alt":"mustiuc-golden-gate-s-black-190mm-2","filename":"mustiuc-golden-gate-s-black-190mm-2.jpg"},{"url":"https:\/\/tabaccomd.com\/wp-content\/uploads\/2020\/05\/mustiuc-golden-gate-s-black-190mm-1.jpg","type":"gallery","alt":"mustiuc-golden-gate-s-black-190mm-1","filename":"mustiuc-golden-gate-s-black-190mm-1.jpg"}],"additional_data_1c":{"modified_date":"2025-03-06 11:25:21","permalink":"https:\/\/tabaccomd.com\/ro\/product\/mustiuc-golden-gate-black-m-190mm\/","stock_status":"instock","manage_stock":"no"},"_links":{"self":[{"href":"https:\/\/tabaccomd.com\/ro\/wp-json\/wp\/v2\/product\/147260","targetHints":{"allow":["GET"]}}],"collection":[{"href":"https:\/\/tabaccomd.com\/ro\/wp-json\/wp\/v2\/product"}],"about":[{"href":"https:\/\/tabaccomd.com\/ro\/wp-json\/wp\/v2\/types\/product"}],"wp:featuredmedia":[{"embeddable":true,"href":"https:\/\/tabaccomd.com\/ro\/wp-json\/wp\/v2\/media\/146907"}],"wp:attachment":[{"href":"https:\/\/tabaccomd.com\/ro\/wp-json\/wp\/v2\/media?parent=147260"}],"wp:term":[{"taxonomy":"product_brand","embeddable":true,"href":"https:\/\/tabaccomd.com\/ro\/wp-json\/wp\/v2\/product_brand?post=147260"},{"taxonomy":"product_cat","embeddable":true,"href":"https:\/\/tabaccomd.com\/ro\/wp-json\/wp\/v2\/product_cat?post=147260"},{"taxonomy":"product_tag","embeddable":true,"href":"https:\/\/tabaccomd.com\/ro\/wp-json\/wp\/v2\/product_tag?post=147260"}],"curies":[{"name":"wp","href":"https:\/\/api.w.org\/{rel}","templated":true}]}}