{"id":146673,"date":"2025-02-18T11:10:30","date_gmt":"2025-02-18T08:10:30","guid":{"rendered":"https:\/\/tabaccomd.com\/product\/z150kb-zippo-limited-edition-kobe-bryant-x-goat\/"},"modified":"2025-02-18T11:10:30","modified_gmt":"2025-02-18T08:10:30","slug":"z150kb-zippo-limited-edition-kobe-bryant-x-goat","status":"publish","type":"product","link":"https:\/\/tabaccomd.com\/ro\/product\/z150kb-zippo-limited-edition-kobe-bryant-x-goat\/","title":{"rendered":"z150KB Zippo Limited Edition Kobe Bryant x Goat"},"content":{"rendered":"<p><a href=\"https:\/\/tabaccomd.com\/ro\/categorie-produs\/brichete\/brichete-zippo-2\/\">Bricheta<\/a> Zippo Black Ice\u00ae nu este doar un accesoriu, ci o adev\u0103rat\u0103 pies\u0103 de colec\u021bie, creat\u0103 pentru adev\u0103ra\u021bii iubitori ai articolelor exclusive. Edi\u021bia limitat\u0103, gravat\u0103 cu imaginea legendarului Kobe Bryant pe o parte \u0219i cu simbolul zodiacal Capricorn pe cealalt\u0103, o face absolut unic\u0103 \u0219i de neegalat. Finisajul elegant Black Ice\u00ae ofer\u0103 un stil rafinat, iar calitatea superioar\u0103 Zippo garanteaz\u0103 durabilitate \u0219i fiabilitate. Aceast\u0103 brichet\u0103 nu este doar practic\u0103, ci \u0219i o pies\u0103 valoroas\u0103 de colec\u021bie, subliniind statutul \u0219i individualitatea posesorului. Este livrat\u0103 \u00eentr-un ambalaj elegant de marc\u0103 Zippo, ceea ce o face cadoul perfect pentru cei care apreciaz\u0103 clasicul \u0219i stilul unic. Pentru o func\u021bionare optim\u0103, se recomand\u0103 utilizarea combustibilului original Zippo.<\/p>\n<p>Pute\u021bi achizi\u021biona bricheta z150KB Zippo Limited Edition Kobe Bryant x Goat \u00een Moldova, Chi\u0219in\u0103u, \u00een re\u021beaua de magazine Tabacco House.<\/p>\n","protected":false},"excerpt":{"rendered":"<ul>\n<li>Corp Classic tradi\u021bional<\/li>\n<li>Garan\u021bie pe via\u021b\u0103<\/li>\n<li>Bricheta se livreaz\u0103 neumplut\u0103<\/li>\n<li>V\u0103 recomand\u0103m alimetarea numai combustibil Zippo de \u00eenalt\u0103 calitate<\/li>\n<\/ul>\n","protected":false},"featured_media":146672,"template":"","meta":{"om_disable_all_campaigns":false,"_monsterinsights_skip_tracking":false,"_monsterinsights_sitenote_active":false,"_monsterinsights_sitenote_note":"","_monsterinsights_sitenote_category":0},"product_brand":[],"product_cat":[175],"product_tag":[],"class_list":{"0":"post-146673","1":"product","2":"type-product","3":"status-publish","4":"has-post-thumbnail","6":"product_cat-brichete-zippo-2","8":"first","9":"outofstock","10":"purchasable","11":"product-type-simple"},"aioseo_notices":[],"aioseo_head":"\n\t\t<!-- All in One SEO Pro 4.9.6.2 - aioseo.com -->\n\t<meta name=\"robots\" content=\"max-image-preview:large\" \/>\n\t<link rel=\"canonical\" href=\"https:\/\/tabaccomd.com\/ro\/product\/z150kb-zippo-limited-edition-kobe-bryant-x-goat\/\" \/>\n\t<meta name=\"generator\" content=\"All in One SEO Pro (AIOSEO) 4.9.6.2\" \/>\n\t\t<meta property=\"og:locale\" content=\"ro_RO\" \/>\n\t\t<meta property=\"og:site_name\" content=\"Tabacco House \u2013 \u041c\u0430\u0433\u0430\u0437\u0438\u043d \u0442\u0430\u0431\u0430\u0447\u043d\u044b\u0445 \u0438\u0437\u0434\u0435\u043b\u0438\u0439\" \/>\n\t\t<meta property=\"og:type\" content=\"article\" \/>\n\t\t<meta property=\"og:title\" content=\"z150KB Zippo Limited Edition Kobe Bryant x Goat \u2013 Tabacco House\" \/>\n\t\t<meta property=\"og:url\" content=\"https:\/\/tabaccomd.com\/ro\/product\/z150kb-zippo-limited-edition-kobe-bryant-x-goat\/\" \/>\n\t\t<meta property=\"article:published_time\" content=\"2025-02-18T08:10:30+00:00\" \/>\n\t\t<meta property=\"article:modified_time\" content=\"2025-02-18T08:10:30+00:00\" \/>\n\t\t<meta property=\"article:publisher\" content=\"https:\/\/www.facebook.com\/tabaccomd.com\/\" \/>\n\t\t<meta name=\"twitter:card\" content=\"summary_large_image\" \/>\n\t\t<meta name=\"twitter:title\" content=\"z150KB Zippo Limited Edition Kobe Bryant x Goat \u2013 Tabacco House\" \/>\n\t\t<script type=\"application\/ld+json\" class=\"aioseo-schema\">\n\t\t\t{\"@context\":\"https:\\\/\\\/schema.org\",\"@graph\":[{\"@type\":\"BreadcrumbList\",\"@id\":\"https:\\\/\\\/tabaccomd.com\\\/ro\\\/product\\\/z150kb-zippo-limited-edition-kobe-bryant-x-goat\\\/#breadcrumblist\",\"itemListElement\":[{\"@type\":\"ListItem\",\"@id\":\"https:\\\/\\\/tabaccomd.com\\\/ro\\\/#listItem\",\"position\":1,\"name\":\"\\u0413\\u043b\\u0430\\u0432\\u043d\\u0430\\u044f\",\"item\":\"https:\\\/\\\/tabaccomd.com\\\/ro\\\/\",\"nextItem\":{\"@type\":\"ListItem\",\"@id\":\"https:\\\/\\\/tabaccomd.com\\\/ro\\\/catalog\\\/#listItem\",\"name\":\"Catalog\"}},{\"@type\":\"ListItem\",\"@id\":\"https:\\\/\\\/tabaccomd.com\\\/ro\\\/catalog\\\/#listItem\",\"position\":2,\"name\":\"Catalog\",\"item\":\"https:\\\/\\\/tabaccomd.com\\\/ro\\\/catalog\\\/\",\"nextItem\":{\"@type\":\"ListItem\",\"@id\":\"https:\\\/\\\/tabaccomd.com\\\/ro\\\/product-category\\\/brichete\\\/#listItem\",\"name\":\"Brichete\"},\"previousItem\":{\"@type\":\"ListItem\",\"@id\":\"https:\\\/\\\/tabaccomd.com\\\/ro\\\/#listItem\",\"name\":\"\\u0413\\u043b\\u0430\\u0432\\u043d\\u0430\\u044f\"}},{\"@type\":\"ListItem\",\"@id\":\"https:\\\/\\\/tabaccomd.com\\\/ro\\\/product-category\\\/brichete\\\/#listItem\",\"position\":3,\"name\":\"Brichete\",\"item\":\"https:\\\/\\\/tabaccomd.com\\\/ro\\\/product-category\\\/brichete\\\/\",\"nextItem\":{\"@type\":\"ListItem\",\"@id\":\"https:\\\/\\\/tabaccomd.com\\\/ro\\\/product-category\\\/brichete\\\/brichete-zippo-2\\\/#listItem\",\"name\":\"Brichete Zippo\"},\"previousItem\":{\"@type\":\"ListItem\",\"@id\":\"https:\\\/\\\/tabaccomd.com\\\/ro\\\/catalog\\\/#listItem\",\"name\":\"Catalog\"}},{\"@type\":\"ListItem\",\"@id\":\"https:\\\/\\\/tabaccomd.com\\\/ro\\\/product-category\\\/brichete\\\/brichete-zippo-2\\\/#listItem\",\"position\":4,\"name\":\"Brichete Zippo\",\"item\":\"https:\\\/\\\/tabaccomd.com\\\/ro\\\/product-category\\\/brichete\\\/brichete-zippo-2\\\/\",\"nextItem\":{\"@type\":\"ListItem\",\"@id\":\"https:\\\/\\\/tabaccomd.com\\\/ro\\\/product\\\/z150kb-zippo-limited-edition-kobe-bryant-x-goat\\\/#listItem\",\"name\":\"z150KB Zippo Limited Edition Kobe Bryant x Goat\"},\"previousItem\":{\"@type\":\"ListItem\",\"@id\":\"https:\\\/\\\/tabaccomd.com\\\/ro\\\/product-category\\\/brichete\\\/#listItem\",\"name\":\"Brichete\"}},{\"@type\":\"ListItem\",\"@id\":\"https:\\\/\\\/tabaccomd.com\\\/ro\\\/product\\\/z150kb-zippo-limited-edition-kobe-bryant-x-goat\\\/#listItem\",\"position\":5,\"name\":\"z150KB Zippo Limited Edition Kobe Bryant x Goat\",\"previousItem\":{\"@type\":\"ListItem\",\"@id\":\"https:\\\/\\\/tabaccomd.com\\\/ro\\\/product-category\\\/brichete\\\/brichete-zippo-2\\\/#listItem\",\"name\":\"Brichete Zippo\"}}]},{\"@type\":\"Organization\",\"@id\":\"https:\\\/\\\/tabaccomd.com\\\/ro\\\/#organization\",\"name\":\"Tabacco House\",\"description\":\"\\u041c\\u0430\\u0433\\u0430\\u0437\\u0438\\u043d \\u0442\\u0430\\u0431\\u0430\\u0447\\u043d\\u044b\\u0445 \\u0438\\u0437\\u0434\\u0435\\u043b\\u0438\\u0439\",\"url\":\"https:\\\/\\\/tabaccomd.com\\\/ro\\\/\",\"email\":\"Office@cazacuhouse.com\",\"telephone\":\"+37361000935\",\"logo\":{\"@type\":\"ImageObject\",\"url\":\"https:\\\/\\\/tabaccomd.com\\\/wp-content\\\/uploads\\\/2024\\\/02\\\/logo_header3.png\",\"@id\":\"https:\\\/\\\/tabaccomd.com\\\/ro\\\/product\\\/z150kb-zippo-limited-edition-kobe-bryant-x-goat\\\/#organizationLogo\",\"width\":32,\"height\":32,\"caption\":\"Tabacco House\"},\"image\":{\"@id\":\"https:\\\/\\\/tabaccomd.com\\\/ro\\\/product\\\/z150kb-zippo-limited-edition-kobe-bryant-x-goat\\\/#organizationLogo\"},\"sameAs\":[\"https:\\\/\\\/www.facebook.com\\\/tabaccomd.com\\\/\",\"https:\\\/\\\/www.instagram.com\\\/tabaccomd.com\\\/\"],\"address\":{\"@id\":\"https:\\\/\\\/tabaccomd.com\\\/ro\\\/#postaladdress\",\"@type\":\"PostalAddress\",\"streetAddress\":\"Strada Albi\\u015foara 4, Chi\\u0219in\\u0103u, Bulevardul \\u0218tefan cel Mare \\u0219i Sf\\u00eent 136, Chi\\u0219in\\u0103u\",\"addressLocality\":\"Chi\\u0219in\\u0103u\",\"addressCountry\":\"MD\"}},{\"@type\":\"Product\",\"@id\":\"https:\\\/\\\/tabaccomd.com\\\/ro\\\/product\\\/z150kb-zippo-limited-edition-kobe-bryant-x-goat\\\/#wooCommerceProduct\",\"name\":\"z150KB Zippo Limited Edition Kobe Bryant x Goat\",\"description\":\"Corp Classic tradi\\u021bional\\r\\n \\tGaran\\u021bie pe via\\u021b\\u0103\\r\\n \\tBricheta se livreaz\\u0103 neumplut\\u0103\\r\\n \\tV\\u0103 recomand\\u0103m alimetarea numai combustibil Zippo de \\u00eenalt\\u0103 calitate\",\"url\":\"https:\\\/\\\/tabaccomd.com\\\/ro\\\/product\\\/z150kb-zippo-limited-edition-kobe-bryant-x-goat\\\/\",\"sku\":\"z150KB\",\"image\":{\"@type\":\"ImageObject\",\"url\":\"https:\\\/\\\/tabaccomd.com\\\/wp-content\\\/uploads\\\/2025\\\/02\\\/z150KB-Zippo-Limited-Edition-Kobe-Bryant-x-Goat-4.jpg\",\"@id\":\"https:\\\/\\\/tabaccomd.com\\\/ro\\\/product\\\/z150kb-zippo-limited-edition-kobe-bryant-x-goat\\\/#productImage\",\"width\":1230,\"height\":1230,\"caption\":\"z150KB-Zippo-Limited-Edition-Kobe-Bryant-x-Goat-4\"},\"offers\":{\"@type\":\"Offer\",\"url\":\"https:\\\/\\\/tabaccomd.com\\\/ro\\\/product\\\/z150kb-zippo-limited-edition-kobe-bryant-x-goat\\\/#wooCommerceOffer\",\"price\":900,\"priceCurrency\":\"MDL\",\"category\":\"Brichete Zippo\",\"availability\":\"https:\\\/\\\/schema.org\\\/OutOfStock\",\"priceSpecification\":{\"@type\":\"PriceSpecification\",\"price\":900,\"priceCurrency\":\"MDL\",\"valueAddedTaxIncluded\":\"true\"},\"seller\":{\"@type\":\"Organization\",\"@id\":\"https:\\\/\\\/tabaccomd.com\\\/ro\\\/#organization\"}}},{\"@type\":\"WebPage\",\"@id\":\"https:\\\/\\\/tabaccomd.com\\\/ro\\\/product\\\/z150kb-zippo-limited-edition-kobe-bryant-x-goat\\\/#webpage\",\"url\":\"https:\\\/\\\/tabaccomd.com\\\/ro\\\/product\\\/z150kb-zippo-limited-edition-kobe-bryant-x-goat\\\/\",\"name\":\"z150KB Zippo Limited Edition Kobe Bryant x Goat \\u2013 Tabacco House\",\"inLanguage\":\"ro-RO\",\"isPartOf\":{\"@id\":\"https:\\\/\\\/tabaccomd.com\\\/ro\\\/#website\"},\"breadcrumb\":{\"@id\":\"https:\\\/\\\/tabaccomd.com\\\/ro\\\/product\\\/z150kb-zippo-limited-edition-kobe-bryant-x-goat\\\/#breadcrumblist\"},\"image\":{\"@type\":\"ImageObject\",\"url\":\"https:\\\/\\\/tabaccomd.com\\\/wp-content\\\/uploads\\\/2025\\\/02\\\/z150KB-Zippo-Limited-Edition-Kobe-Bryant-x-Goat-4.jpg\",\"@id\":\"https:\\\/\\\/tabaccomd.com\\\/ro\\\/product\\\/z150kb-zippo-limited-edition-kobe-bryant-x-goat\\\/#mainImage\",\"width\":1230,\"height\":1230,\"caption\":\"z150KB-Zippo-Limited-Edition-Kobe-Bryant-x-Goat-4\"},\"primaryImageOfPage\":{\"@id\":\"https:\\\/\\\/tabaccomd.com\\\/ro\\\/product\\\/z150kb-zippo-limited-edition-kobe-bryant-x-goat\\\/#mainImage\"},\"datePublished\":\"2025-02-18T11:10:30+03:00\",\"dateModified\":\"2025-02-18T11:10:30+03:00\"},{\"@type\":\"WebSite\",\"@id\":\"https:\\\/\\\/tabaccomd.com\\\/ro\\\/#website\",\"url\":\"https:\\\/\\\/tabaccomd.com\\\/ro\\\/\",\"name\":\"Tabacco House\",\"alternateName\":\"tobaccomd.com\",\"description\":\"\\u041c\\u0430\\u0433\\u0430\\u0437\\u0438\\u043d \\u0442\\u0430\\u0431\\u0430\\u0447\\u043d\\u044b\\u0445 \\u0438\\u0437\\u0434\\u0435\\u043b\\u0438\\u0439\",\"inLanguage\":\"ro-RO\",\"publisher\":{\"@id\":\"https:\\\/\\\/tabaccomd.com\\\/ro\\\/#organization\"}}]}\n\t\t<\/script>\n\t\t<!-- All in One SEO Pro -->\r\n\t\t<title>z150KB Zippo Limited Edition Kobe Bryant x Goat \u2013 Tabacco House<\/title>\n\n","aioseo_head_json":{"title":"z150KB Zippo Limited Edition Kobe Bryant x Goat \u2013 Tabacco House","description":"","canonical_url":"https:\/\/tabaccomd.com\/ro\/product\/z150kb-zippo-limited-edition-kobe-bryant-x-goat\/","robots":"max-image-preview:large","keywords":"","webmasterTools":{"miscellaneous":""},"schema":{"@context":"https:\/\/schema.org","@graph":[{"@type":"BreadcrumbList","@id":"https:\/\/tabaccomd.com\/ro\/product\/z150kb-zippo-limited-edition-kobe-bryant-x-goat\/#breadcrumblist","itemListElement":[{"@type":"ListItem","@id":"https:\/\/tabaccomd.com\/ro\/#listItem","position":1,"name":"\u0413\u043b\u0430\u0432\u043d\u0430\u044f","item":"https:\/\/tabaccomd.com\/ro\/","nextItem":{"@type":"ListItem","@id":"https:\/\/tabaccomd.com\/ro\/catalog\/#listItem","name":"Catalog"}},{"@type":"ListItem","@id":"https:\/\/tabaccomd.com\/ro\/catalog\/#listItem","position":2,"name":"Catalog","item":"https:\/\/tabaccomd.com\/ro\/catalog\/","nextItem":{"@type":"ListItem","@id":"https:\/\/tabaccomd.com\/ro\/product-category\/brichete\/#listItem","name":"Brichete"},"previousItem":{"@type":"ListItem","@id":"https:\/\/tabaccomd.com\/ro\/#listItem","name":"\u0413\u043b\u0430\u0432\u043d\u0430\u044f"}},{"@type":"ListItem","@id":"https:\/\/tabaccomd.com\/ro\/product-category\/brichete\/#listItem","position":3,"name":"Brichete","item":"https:\/\/tabaccomd.com\/ro\/product-category\/brichete\/","nextItem":{"@type":"ListItem","@id":"https:\/\/tabaccomd.com\/ro\/product-category\/brichete\/brichete-zippo-2\/#listItem","name":"Brichete Zippo"},"previousItem":{"@type":"ListItem","@id":"https:\/\/tabaccomd.com\/ro\/catalog\/#listItem","name":"Catalog"}},{"@type":"ListItem","@id":"https:\/\/tabaccomd.com\/ro\/product-category\/brichete\/brichete-zippo-2\/#listItem","position":4,"name":"Brichete Zippo","item":"https:\/\/tabaccomd.com\/ro\/product-category\/brichete\/brichete-zippo-2\/","nextItem":{"@type":"ListItem","@id":"https:\/\/tabaccomd.com\/ro\/product\/z150kb-zippo-limited-edition-kobe-bryant-x-goat\/#listItem","name":"z150KB Zippo Limited Edition Kobe Bryant x Goat"},"previousItem":{"@type":"ListItem","@id":"https:\/\/tabaccomd.com\/ro\/product-category\/brichete\/#listItem","name":"Brichete"}},{"@type":"ListItem","@id":"https:\/\/tabaccomd.com\/ro\/product\/z150kb-zippo-limited-edition-kobe-bryant-x-goat\/#listItem","position":5,"name":"z150KB Zippo Limited Edition Kobe Bryant x Goat","previousItem":{"@type":"ListItem","@id":"https:\/\/tabaccomd.com\/ro\/product-category\/brichete\/brichete-zippo-2\/#listItem","name":"Brichete Zippo"}}]},{"@type":"Organization","@id":"https:\/\/tabaccomd.com\/ro\/#organization","name":"Tabacco House","description":"\u041c\u0430\u0433\u0430\u0437\u0438\u043d \u0442\u0430\u0431\u0430\u0447\u043d\u044b\u0445 \u0438\u0437\u0434\u0435\u043b\u0438\u0439","url":"https:\/\/tabaccomd.com\/ro\/","email":"Office@cazacuhouse.com","telephone":"+37361000935","logo":{"@type":"ImageObject","url":"https:\/\/tabaccomd.com\/wp-content\/uploads\/2024\/02\/logo_header3.png","@id":"https:\/\/tabaccomd.com\/ro\/product\/z150kb-zippo-limited-edition-kobe-bryant-x-goat\/#organizationLogo","width":32,"height":32,"caption":"Tabacco House"},"image":{"@id":"https:\/\/tabaccomd.com\/ro\/product\/z150kb-zippo-limited-edition-kobe-bryant-x-goat\/#organizationLogo"},"sameAs":["https:\/\/www.facebook.com\/tabaccomd.com\/","https:\/\/www.instagram.com\/tabaccomd.com\/"],"address":{"@id":"https:\/\/tabaccomd.com\/ro\/#postaladdress","@type":"PostalAddress","streetAddress":"Strada Albi\u015foara 4, Chi\u0219in\u0103u, Bulevardul \u0218tefan cel Mare \u0219i Sf\u00eent 136, Chi\u0219in\u0103u","addressLocality":"Chi\u0219in\u0103u","addressCountry":"MD"}},{"@type":"Product","@id":"https:\/\/tabaccomd.com\/ro\/product\/z150kb-zippo-limited-edition-kobe-bryant-x-goat\/#wooCommerceProduct","name":"z150KB Zippo Limited Edition Kobe Bryant x Goat","description":"Corp Classic tradi\u021bional\r\n \tGaran\u021bie pe via\u021b\u0103\r\n \tBricheta se livreaz\u0103 neumplut\u0103\r\n \tV\u0103 recomand\u0103m alimetarea numai combustibil Zippo de \u00eenalt\u0103 calitate","url":"https:\/\/tabaccomd.com\/ro\/product\/z150kb-zippo-limited-edition-kobe-bryant-x-goat\/","sku":"z150KB","image":{"@type":"ImageObject","url":"https:\/\/tabaccomd.com\/wp-content\/uploads\/2025\/02\/z150KB-Zippo-Limited-Edition-Kobe-Bryant-x-Goat-4.jpg","@id":"https:\/\/tabaccomd.com\/ro\/product\/z150kb-zippo-limited-edition-kobe-bryant-x-goat\/#productImage","width":1230,"height":1230,"caption":"z150KB-Zippo-Limited-Edition-Kobe-Bryant-x-Goat-4"},"offers":{"@type":"Offer","url":"https:\/\/tabaccomd.com\/ro\/product\/z150kb-zippo-limited-edition-kobe-bryant-x-goat\/#wooCommerceOffer","price":900,"priceCurrency":"MDL","category":"Brichete Zippo","availability":"https:\/\/schema.org\/OutOfStock","priceSpecification":{"@type":"PriceSpecification","price":900,"priceCurrency":"MDL","valueAddedTaxIncluded":"true"},"seller":{"@type":"Organization","@id":"https:\/\/tabaccomd.com\/ro\/#organization"}}},{"@type":"WebPage","@id":"https:\/\/tabaccomd.com\/ro\/product\/z150kb-zippo-limited-edition-kobe-bryant-x-goat\/#webpage","url":"https:\/\/tabaccomd.com\/ro\/product\/z150kb-zippo-limited-edition-kobe-bryant-x-goat\/","name":"z150KB Zippo Limited Edition Kobe Bryant x Goat \u2013 Tabacco House","inLanguage":"ro-RO","isPartOf":{"@id":"https:\/\/tabaccomd.com\/ro\/#website"},"breadcrumb":{"@id":"https:\/\/tabaccomd.com\/ro\/product\/z150kb-zippo-limited-edition-kobe-bryant-x-goat\/#breadcrumblist"},"image":{"@type":"ImageObject","url":"https:\/\/tabaccomd.com\/wp-content\/uploads\/2025\/02\/z150KB-Zippo-Limited-Edition-Kobe-Bryant-x-Goat-4.jpg","@id":"https:\/\/tabaccomd.com\/ro\/product\/z150kb-zippo-limited-edition-kobe-bryant-x-goat\/#mainImage","width":1230,"height":1230,"caption":"z150KB-Zippo-Limited-Edition-Kobe-Bryant-x-Goat-4"},"primaryImageOfPage":{"@id":"https:\/\/tabaccomd.com\/ro\/product\/z150kb-zippo-limited-edition-kobe-bryant-x-goat\/#mainImage"},"datePublished":"2025-02-18T11:10:30+03:00","dateModified":"2025-02-18T11:10:30+03:00"},{"@type":"WebSite","@id":"https:\/\/tabaccomd.com\/ro\/#website","url":"https:\/\/tabaccomd.com\/ro\/","name":"Tabacco House","alternateName":"tobaccomd.com","description":"\u041c\u0430\u0433\u0430\u0437\u0438\u043d \u0442\u0430\u0431\u0430\u0447\u043d\u044b\u0445 \u0438\u0437\u0434\u0435\u043b\u0438\u0439","inLanguage":"ro-RO","publisher":{"@id":"https:\/\/tabaccomd.com\/ro\/#organization"}}]},"og:locale":"ro_RO","og:site_name":"Tabacco House \u2013 \u041c\u0430\u0433\u0430\u0437\u0438\u043d \u0442\u0430\u0431\u0430\u0447\u043d\u044b\u0445 \u0438\u0437\u0434\u0435\u043b\u0438\u0439","og:type":"article","og:title":"z150KB Zippo Limited Edition Kobe Bryant x Goat \u2013 Tabacco House","og:url":"https:\/\/tabaccomd.com\/ro\/product\/z150kb-zippo-limited-edition-kobe-bryant-x-goat\/","article:published_time":"2025-02-18T08:10:30+00:00","article:modified_time":"2025-02-18T08:10:30+00:00","article:publisher":"https:\/\/www.facebook.com\/tabaccomd.com\/","twitter:card":"summary_large_image","twitter:title":"z150KB Zippo Limited Edition Kobe Bryant x Goat \u2013 Tabacco House"},"aioseo_meta_data":{"post_id":"146673","title":null,"description":null,"keywords":null,"keyphrases":null,"primary_term":null,"canonical_url":null,"og_title":null,"og_description":null,"og_object_type":"default","og_image_type":"default","og_image_url":null,"og_image_width":null,"og_image_height":null,"og_image_custom_url":null,"og_image_custom_fields":null,"og_video":null,"og_custom_url":null,"og_article_section":null,"og_article_tags":null,"twitter_use_og":false,"twitter_card":"default","twitter_image_type":"default","twitter_image_url":null,"twitter_image_custom_url":null,"twitter_image_custom_fields":null,"twitter_title":null,"twitter_description":null,"schema":{"blockGraphs":[],"customGraphs":[],"default":{"data":{"Article":[],"Course":[],"Dataset":[],"FAQPage":[],"Movie":[],"Person":[],"Product":[],"ProductReview":[],"Car":[],"Recipe":[],"Service":[],"SoftwareApplication":[],"WebPage":[]},"graphName":"","isEnabled":true},"graphs":[]},"schema_type":"default","schema_type_options":null,"pillar_content":false,"robots_default":true,"robots_noindex":false,"robots_noarchive":false,"robots_nosnippet":false,"robots_nofollow":false,"robots_noimageindex":false,"robots_noodp":false,"robots_notranslate":false,"robots_max_snippet":null,"robots_max_videopreview":null,"robots_max_imagepreview":"large","priority":null,"frequency":null,"local_seo":null,"seo_analyzer_scan_date":"2025-10-20 20:55:07","breadcrumb_settings":null,"limit_modified_date":false,"reviewed_by":null,"open_ai":null,"ai":null,"created":"2025-02-18 15:54:34","updated":"2025-10-20 20:55:07"},"aioseo_breadcrumb":"<div class=\"aioseo-breadcrumbs\"><span class=\"aioseo-breadcrumb\">\n\t<a href=\"https:\/\/tabaccomd.com\/ro\/\" title=\"\u0413\u043b\u0430\u0432\u043d\u0430\u044f\">\u0413\u043b\u0430\u0432\u043d\u0430\u044f<\/a>\n<\/span><span class=\"aioseo-breadcrumb-separator\">\u00bb<\/span><span class=\"aioseo-breadcrumb\">\n\t<a href=\"https:\/\/tabaccomd.com\/ro\/catalog\/\" title=\"Catalog\">Catalog<\/a>\n<\/span><span class=\"aioseo-breadcrumb-separator\">\u00bb<\/span><span class=\"aioseo-breadcrumb\">\n\t<a href=\"https:\/\/tabaccomd.com\/ro\/product-category\/brichete\/\" title=\"Brichete\">Brichete<\/a>\n<\/span><span class=\"aioseo-breadcrumb-separator\">\u00bb<\/span><span class=\"aioseo-breadcrumb\">\n\t<a href=\"https:\/\/tabaccomd.com\/ro\/product-category\/brichete\/brichete-zippo-2\/\" title=\"Brichete Zippo\">Brichete Zippo<\/a>\n<\/span><span class=\"aioseo-breadcrumb-separator\">\u00bb<\/span><span class=\"aioseo-breadcrumb\">\n\tz150KB Zippo Limited Edition Kobe Bryant x Goat\n<\/span><\/div>","aioseo_breadcrumb_json":[{"label":"\u0413\u043b\u0430\u0432\u043d\u0430\u044f","link":"https:\/\/tabaccomd.com\/ro\/"},{"label":"Catalog","link":"https:\/\/tabaccomd.com\/ro\/catalog\/"},{"label":"Brichete","link":"https:\/\/tabaccomd.com\/ro\/product-category\/brichete\/"},{"label":"Brichete Zippo","link":"https:\/\/tabaccomd.com\/ro\/product-category\/brichete\/brichete-zippo-2\/"},{"label":"z150KB Zippo Limited Edition Kobe Bryant x Goat","link":"https:\/\/tabaccomd.com\/ro\/product\/z150kb-zippo-limited-edition-kobe-bryant-x-goat\/"}],"images_for_1c":[{"url":"https:\/\/tabaccomd.com\/wp-content\/uploads\/2025\/02\/z150KB-Zippo-Limited-Edition-Kobe-Bryant-x-Goat-4.jpg","type":"featured","alt":"z150KB-Zippo-Limited-Edition-Kobe-Bryant-x-Goat-4","filename":"z150KB-Zippo-Limited-Edition-Kobe-Bryant-x-Goat-4.jpg"},{"url":"https:\/\/tabaccomd.com\/wp-content\/uploads\/2025\/02\/z150KB-Zippo-Limited-Edition-Kobe-Bryant-x-Goat-2.jpg","type":"gallery","alt":"z150KB-Zippo-Limited-Edition-Kobe-Bryant-x-Goat-2","filename":"z150KB-Zippo-Limited-Edition-Kobe-Bryant-x-Goat-2.jpg"},{"url":"https:\/\/tabaccomd.com\/wp-content\/uploads\/2025\/02\/z150KB-Zippo-Limited-Edition-Kobe-Bryant-x-Goat.jpg","type":"gallery","alt":"z150KB-Zippo-Limited-Edition-Kobe-Bryant-x-Goat","filename":"z150KB-Zippo-Limited-Edition-Kobe-Bryant-x-Goat.jpg"},{"url":"https:\/\/tabaccomd.com\/wp-content\/uploads\/2025\/02\/z150KB-Zippo-Limited-Edition-Kobe-Bryant-x-Goat-0.jpg","type":"gallery","alt":"z150KB-Zippo-Limited-Edition-Kobe-Bryant-x-Goat-0","filename":"z150KB-Zippo-Limited-Edition-Kobe-Bryant-x-Goat-0.jpg"},{"url":"https:\/\/tabaccomd.com\/wp-content\/uploads\/2025\/02\/z150KB-Zippo-Limited-Edition-Kobe-Bryant-x-Goat-1.jpg","type":"gallery","alt":"z150KB-Zippo-Limited-Edition-Kobe-Bryant-x-Goat-1","filename":"z150KB-Zippo-Limited-Edition-Kobe-Bryant-x-Goat-1.jpg"}],"additional_data_1c":{"modified_date":"2025-02-18 11:10:30","permalink":"https:\/\/tabaccomd.com\/ro\/product\/z150kb-zippo-limited-edition-kobe-bryant-x-goat\/","stock_status":"outofstock","manage_stock":"no"},"_links":{"self":[{"href":"https:\/\/tabaccomd.com\/ro\/wp-json\/wp\/v2\/product\/146673","targetHints":{"allow":["GET"]}}],"collection":[{"href":"https:\/\/tabaccomd.com\/ro\/wp-json\/wp\/v2\/product"}],"about":[{"href":"https:\/\/tabaccomd.com\/ro\/wp-json\/wp\/v2\/types\/product"}],"wp:featuredmedia":[{"embeddable":true,"href":"https:\/\/tabaccomd.com\/ro\/wp-json\/wp\/v2\/media\/146672"}],"wp:attachment":[{"href":"https:\/\/tabaccomd.com\/ro\/wp-json\/wp\/v2\/media?parent=146673"}],"wp:term":[{"taxonomy":"product_brand","embeddable":true,"href":"https:\/\/tabaccomd.com\/ro\/wp-json\/wp\/v2\/product_brand?post=146673"},{"taxonomy":"product_cat","embeddable":true,"href":"https:\/\/tabaccomd.com\/ro\/wp-json\/wp\/v2\/product_cat?post=146673"},{"taxonomy":"product_tag","embeddable":true,"href":"https:\/\/tabaccomd.com\/ro\/wp-json\/wp\/v2\/product_tag?post=146673"}],"curies":[{"name":"wp","href":"https:\/\/api.w.org\/{rel}","templated":true}]}}