{"id":146625,"date":"2025-02-17T16:52:07","date_gmt":"2025-02-17T13:52:07","guid":{"rendered":"https:\/\/tabaccomd.com\/product\/flasca-cu-4-pahare-si-palnie-jack-daniels-210-ml-a61015u9\/"},"modified":"2025-02-17T16:52:07","modified_gmt":"2025-02-17T13:52:07","slug":"flasca-cu-4-pahare-si-palnie-jack-daniels-210-ml-a61015u9","status":"publish","type":"product","link":"https:\/\/tabaccomd.com\/ro\/product\/flasca-cu-4-pahare-si-palnie-jack-daniels-210-ml-a61015u9\/","title":{"rendered":"Flasc\u0103 cu 4 pahare \u0219i p\u00e2lnie Jack Daniel&#8217;s 210 ml A61015U9"},"content":{"rendered":"<p><a href=\"https:\/\/tabaccomd.com\/ro\/categorie-produs\/accesorii\/flasca\/\">Flasca<\/a> clasic\u0103 de o\u021bel de 7 oz, patru pahare \u0219i o p\u00e2lnie reprezint\u0103 un set superb \u0219i elegant, perfect pentru cadou. Flasca este realizat\u0103 din o\u021bel inoxidabil cu finisaj lucios \u0219i detalii cromate pe capac, conferindu-i un aspect elegant \u0219i durabil. Setul include patru pahare compacte \u0219i o p\u00e2lnie pentru turnarea convenabil\u0103 a b\u0103uturilor. Toate articolele sunt ambalate \u00eentr-o cutie cadou premium frumoas\u0103, f\u0103c\u00e2nd acest set ideal pentru cadouri pentru o varietate de ocazii. Acest set este un cadou grozav pentru nun\u021bi, \u00een special pentru cel mai bun b\u0103rbat sau mire, dar \u0219i pentru un tat\u0103, bunic sau unchi. Flasca \u0219i ce\u0219tile nu sunt doar func\u021bionale, ci \u0219i frumoase, f\u0103c\u00e2ndu-le grozave pentru dvs sau prieteni.<\/p>\n<p>Pute\u021bi achizi\u021biona flasca cu 4 pahare \u0219i p\u00e2lnie Jack Daniel&#8217;s A61015U9 \u00een Moldova, Chi\u0219in\u0103u, \u00een re\u021beaua de magazine Tabacco House.<\/p>\n","protected":false},"excerpt":{"rendered":"<ul class=\"product-fields\">\n<li>Produc\u0103tor: Usmivka<\/li>\n<li>\u021aara produc\u0103torului: China<\/li>\n<li>Material: O\u021bel inoxidabil<\/li>\n<li>Volum: 210 ml (7 oz)<\/li>\n<li>Setul con\u021bine: 4 pahare \u0219i 1 p\u00e2lnie<\/li>\n<\/ul>\n","protected":false},"featured_media":146620,"template":"","meta":{"om_disable_all_campaigns":false,"_monsterinsights_skip_tracking":false,"_monsterinsights_sitenote_active":false,"_monsterinsights_sitenote_note":"","_monsterinsights_sitenote_category":0},"product_brand":[],"product_cat":[477],"product_tag":[],"class_list":{"0":"post-146625","1":"product","2":"type-product","3":"status-publish","4":"has-post-thumbnail","6":"product_cat-flasca","8":"first","9":"instock","10":"taxable","11":"shipping-taxable","12":"purchasable","13":"product-type-simple"},"aioseo_notices":[],"aioseo_head":"\n\t\t<!-- All in One SEO Pro 4.9.5.2 - aioseo.com -->\n\t<meta name=\"robots\" content=\"max-image-preview:large\" \/>\n\t<link rel=\"canonical\" href=\"https:\/\/tabaccomd.com\/ro\/product\/flasca-cu-4-pahare-si-palnie-jack-daniels-210-ml-a61015u9\/\" \/>\n\t<meta name=\"generator\" content=\"All in One SEO Pro (AIOSEO) 4.9.5.2\" \/>\n\t\t<meta property=\"og:locale\" content=\"ro_RO\" \/>\n\t\t<meta property=\"og:site_name\" content=\"Tabacco House \u2013 \u041c\u0430\u0433\u0430\u0437\u0438\u043d \u0442\u0430\u0431\u0430\u0447\u043d\u044b\u0445 \u0438\u0437\u0434\u0435\u043b\u0438\u0439\" \/>\n\t\t<meta property=\"og:type\" content=\"article\" \/>\n\t\t<meta property=\"og:title\" content=\"Flasc\u0103 cu 4 pahare \u0219i p\u00e2lnie Jack Daniel\u2019s 210 ml A61015U9 \u2013 Tabacco House\" \/>\n\t\t<meta property=\"og:url\" content=\"https:\/\/tabaccomd.com\/ro\/product\/flasca-cu-4-pahare-si-palnie-jack-daniels-210-ml-a61015u9\/\" \/>\n\t\t<meta property=\"article:published_time\" content=\"2025-02-17T13:52:07+00:00\" \/>\n\t\t<meta property=\"article:modified_time\" content=\"2025-02-17T13:52:07+00:00\" \/>\n\t\t<meta property=\"article:publisher\" content=\"https:\/\/www.facebook.com\/tabaccomd.com\/\" \/>\n\t\t<meta name=\"twitter:card\" content=\"summary_large_image\" \/>\n\t\t<meta name=\"twitter:title\" content=\"Flasc\u0103 cu 4 pahare \u0219i p\u00e2lnie Jack Daniel\u2019s 210 ml A61015U9 \u2013 Tabacco House\" \/>\n\t\t<script type=\"application\/ld+json\" class=\"aioseo-schema\">\n\t\t\t{\"@context\":\"https:\\\/\\\/schema.org\",\"@graph\":[{\"@type\":\"BreadcrumbList\",\"@id\":\"https:\\\/\\\/tabaccomd.com\\\/ro\\\/product\\\/flasca-cu-4-pahare-si-palnie-jack-daniels-210-ml-a61015u9\\\/#breadcrumblist\",\"itemListElement\":[{\"@type\":\"ListItem\",\"@id\":\"https:\\\/\\\/tabaccomd.com\\\/ro\\\/#listItem\",\"position\":1,\"name\":\"\\u0413\\u043b\\u0430\\u0432\\u043d\\u0430\\u044f\",\"item\":\"https:\\\/\\\/tabaccomd.com\\\/ro\\\/\",\"nextItem\":{\"@type\":\"ListItem\",\"@id\":\"https:\\\/\\\/tabaccomd.com\\\/ro\\\/catalog\\\/#listItem\",\"name\":\"Catalog\"}},{\"@type\":\"ListItem\",\"@id\":\"https:\\\/\\\/tabaccomd.com\\\/ro\\\/catalog\\\/#listItem\",\"position\":2,\"name\":\"Catalog\",\"item\":\"https:\\\/\\\/tabaccomd.com\\\/ro\\\/catalog\\\/\",\"nextItem\":{\"@type\":\"ListItem\",\"@id\":\"https:\\\/\\\/tabaccomd.com\\\/ro\\\/product-category\\\/accesorii\\\/#listItem\",\"name\":\"Accesorii\"},\"previousItem\":{\"@type\":\"ListItem\",\"@id\":\"https:\\\/\\\/tabaccomd.com\\\/ro\\\/#listItem\",\"name\":\"\\u0413\\u043b\\u0430\\u0432\\u043d\\u0430\\u044f\"}},{\"@type\":\"ListItem\",\"@id\":\"https:\\\/\\\/tabaccomd.com\\\/ro\\\/product-category\\\/accesorii\\\/#listItem\",\"position\":3,\"name\":\"Accesorii\",\"item\":\"https:\\\/\\\/tabaccomd.com\\\/ro\\\/product-category\\\/accesorii\\\/\",\"nextItem\":{\"@type\":\"ListItem\",\"@id\":\"https:\\\/\\\/tabaccomd.com\\\/ro\\\/product-category\\\/accesorii\\\/flasca\\\/#listItem\",\"name\":\"Flasc\\u0103\"},\"previousItem\":{\"@type\":\"ListItem\",\"@id\":\"https:\\\/\\\/tabaccomd.com\\\/ro\\\/catalog\\\/#listItem\",\"name\":\"Catalog\"}},{\"@type\":\"ListItem\",\"@id\":\"https:\\\/\\\/tabaccomd.com\\\/ro\\\/product-category\\\/accesorii\\\/flasca\\\/#listItem\",\"position\":4,\"name\":\"Flasc\\u0103\",\"item\":\"https:\\\/\\\/tabaccomd.com\\\/ro\\\/product-category\\\/accesorii\\\/flasca\\\/\",\"nextItem\":{\"@type\":\"ListItem\",\"@id\":\"https:\\\/\\\/tabaccomd.com\\\/ro\\\/product\\\/flasca-cu-4-pahare-si-palnie-jack-daniels-210-ml-a61015u9\\\/#listItem\",\"name\":\"Flasc\\u0103 cu 4 pahare \\u0219i p\\u00e2lnie Jack Daniel&#8217;s 210 ml A61015U9\"},\"previousItem\":{\"@type\":\"ListItem\",\"@id\":\"https:\\\/\\\/tabaccomd.com\\\/ro\\\/product-category\\\/accesorii\\\/#listItem\",\"name\":\"Accesorii\"}},{\"@type\":\"ListItem\",\"@id\":\"https:\\\/\\\/tabaccomd.com\\\/ro\\\/product\\\/flasca-cu-4-pahare-si-palnie-jack-daniels-210-ml-a61015u9\\\/#listItem\",\"position\":5,\"name\":\"Flasc\\u0103 cu 4 pahare \\u0219i p\\u00e2lnie Jack Daniel&#8217;s 210 ml A61015U9\",\"previousItem\":{\"@type\":\"ListItem\",\"@id\":\"https:\\\/\\\/tabaccomd.com\\\/ro\\\/product-category\\\/accesorii\\\/flasca\\\/#listItem\",\"name\":\"Flasc\\u0103\"}}]},{\"@type\":\"Organization\",\"@id\":\"https:\\\/\\\/tabaccomd.com\\\/ro\\\/#organization\",\"name\":\"Tabacco House\",\"description\":\"\\u041c\\u0430\\u0433\\u0430\\u0437\\u0438\\u043d \\u0442\\u0430\\u0431\\u0430\\u0447\\u043d\\u044b\\u0445 \\u0438\\u0437\\u0434\\u0435\\u043b\\u0438\\u0439\",\"url\":\"https:\\\/\\\/tabaccomd.com\\\/ro\\\/\",\"email\":\"Office@cazacuhouse.com\",\"telephone\":\"+37361000935\",\"logo\":{\"@type\":\"ImageObject\",\"url\":\"https:\\\/\\\/tabaccomd.com\\\/wp-content\\\/uploads\\\/2024\\\/02\\\/logo_header3.png\",\"@id\":\"https:\\\/\\\/tabaccomd.com\\\/ro\\\/product\\\/flasca-cu-4-pahare-si-palnie-jack-daniels-210-ml-a61015u9\\\/#organizationLogo\",\"width\":32,\"height\":32,\"caption\":\"Tabacco House\"},\"image\":{\"@id\":\"https:\\\/\\\/tabaccomd.com\\\/ro\\\/product\\\/flasca-cu-4-pahare-si-palnie-jack-daniels-210-ml-a61015u9\\\/#organizationLogo\"},\"sameAs\":[\"https:\\\/\\\/www.facebook.com\\\/tabaccomd.com\\\/\",\"https:\\\/\\\/www.instagram.com\\\/tabaccomd.com\\\/\"],\"address\":{\"@id\":\"https:\\\/\\\/tabaccomd.com\\\/ro\\\/#postaladdress\",\"@type\":\"PostalAddress\",\"streetAddress\":\"Strada Albi\\u015foara 4, Chi\\u0219in\\u0103u, Bulevardul \\u0218tefan cel Mare \\u0219i Sf\\u00eent 136, Chi\\u0219in\\u0103u\",\"addressLocality\":\"Chi\\u0219in\\u0103u\",\"addressCountry\":\"MD\"}},{\"@type\":\"Product\",\"@id\":\"https:\\\/\\\/tabaccomd.com\\\/ro\\\/product\\\/flasca-cu-4-pahare-si-palnie-jack-daniels-210-ml-a61015u9\\\/#wooCommerceProduct\",\"name\":\"Flasc\\u0103 cu 4 pahare \\u0219i p\\u00e2lnie Jack Daniel's 210 ml A61015U9\",\"description\":\"Produc\\u0103tor: Usmivka\\r\\n \\t\\u021aara produc\\u0103torului: China\\r\\n \\tMaterial: O\\u021bel inoxidabil\\r\\n \\tVolum: 210 ml (7 oz)\\r\\n \\tSetul con\\u021bine: 4 pahare \\u0219i 1 p\\u00e2lnie\",\"url\":\"https:\\\/\\\/tabaccomd.com\\\/ro\\\/product\\\/flasca-cu-4-pahare-si-palnie-jack-daniels-210-ml-a61015u9\\\/\",\"sku\":\"A61015U9\",\"image\":{\"@type\":\"ImageObject\",\"url\":\"https:\\\/\\\/tabaccomd.com\\\/wp-content\\\/uploads\\\/2025\\\/02\\\/Flasca-cu-4-pahare-si-palnie-Jack-Daniels-A61015U9.jpg\",\"@id\":\"https:\\\/\\\/tabaccomd.com\\\/ro\\\/product\\\/flasca-cu-4-pahare-si-palnie-jack-daniels-210-ml-a61015u9\\\/#productImage\",\"width\":1050,\"height\":1050,\"caption\":\"Flasc\\u0103-cu-4-pahare-\\u0219i-p\\u00e2lnie-Jack-Daniels-A61015U9\"},\"offers\":{\"@type\":\"Offer\",\"url\":\"https:\\\/\\\/tabaccomd.com\\\/ro\\\/product\\\/flasca-cu-4-pahare-si-palnie-jack-daniels-210-ml-a61015u9\\\/#wooCommerceOffer\",\"price\":200,\"priceCurrency\":\"MDL\",\"category\":\"Flasc\\u0103\",\"availability\":\"https:\\\/\\\/schema.org\\\/InStock\",\"priceSpecification\":{\"@type\":\"PriceSpecification\",\"price\":200,\"priceCurrency\":\"MDL\",\"valueAddedTaxIncluded\":\"true\"},\"seller\":{\"@type\":\"Organization\",\"@id\":\"https:\\\/\\\/tabaccomd.com\\\/ro\\\/#organization\"}}},{\"@type\":\"WebPage\",\"@id\":\"https:\\\/\\\/tabaccomd.com\\\/ro\\\/product\\\/flasca-cu-4-pahare-si-palnie-jack-daniels-210-ml-a61015u9\\\/#webpage\",\"url\":\"https:\\\/\\\/tabaccomd.com\\\/ro\\\/product\\\/flasca-cu-4-pahare-si-palnie-jack-daniels-210-ml-a61015u9\\\/\",\"name\":\"Flasc\\u0103 cu 4 pahare \\u0219i p\\u00e2lnie Jack Daniel\\u2019s 210 ml A61015U9 \\u2013 Tabacco House\",\"inLanguage\":\"ro-RO\",\"isPartOf\":{\"@id\":\"https:\\\/\\\/tabaccomd.com\\\/ro\\\/#website\"},\"breadcrumb\":{\"@id\":\"https:\\\/\\\/tabaccomd.com\\\/ro\\\/product\\\/flasca-cu-4-pahare-si-palnie-jack-daniels-210-ml-a61015u9\\\/#breadcrumblist\"},\"image\":{\"@type\":\"ImageObject\",\"url\":\"https:\\\/\\\/tabaccomd.com\\\/wp-content\\\/uploads\\\/2025\\\/02\\\/Flasca-cu-4-pahare-si-palnie-Jack-Daniels-A61015U9.jpg\",\"@id\":\"https:\\\/\\\/tabaccomd.com\\\/ro\\\/product\\\/flasca-cu-4-pahare-si-palnie-jack-daniels-210-ml-a61015u9\\\/#mainImage\",\"width\":1050,\"height\":1050,\"caption\":\"Flasc\\u0103-cu-4-pahare-\\u0219i-p\\u00e2lnie-Jack-Daniels-A61015U9\"},\"primaryImageOfPage\":{\"@id\":\"https:\\\/\\\/tabaccomd.com\\\/ro\\\/product\\\/flasca-cu-4-pahare-si-palnie-jack-daniels-210-ml-a61015u9\\\/#mainImage\"},\"datePublished\":\"2025-02-17T16:52:07+03:00\",\"dateModified\":\"2025-02-17T16:52:07+03:00\"},{\"@type\":\"WebSite\",\"@id\":\"https:\\\/\\\/tabaccomd.com\\\/ro\\\/#website\",\"url\":\"https:\\\/\\\/tabaccomd.com\\\/ro\\\/\",\"name\":\"Tabacco House\",\"alternateName\":\"tobaccomd.com\",\"description\":\"\\u041c\\u0430\\u0433\\u0430\\u0437\\u0438\\u043d \\u0442\\u0430\\u0431\\u0430\\u0447\\u043d\\u044b\\u0445 \\u0438\\u0437\\u0434\\u0435\\u043b\\u0438\\u0439\",\"inLanguage\":\"ro-RO\",\"publisher\":{\"@id\":\"https:\\\/\\\/tabaccomd.com\\\/ro\\\/#organization\"}}]}\n\t\t<\/script>\n\t\t<!-- All in One SEO Pro -->\r\n\t\t<title>Flasc\u0103 cu 4 pahare \u0219i p\u00e2lnie Jack Daniel\u2019s 210 ml A61015U9 \u2013 Tabacco House<\/title>\n\n","aioseo_head_json":{"title":"Flasc\u0103 cu 4 pahare \u0219i p\u00e2lnie Jack Daniel\u2019s 210 ml A61015U9 \u2013 Tabacco House","description":"","canonical_url":"https:\/\/tabaccomd.com\/ro\/product\/flasca-cu-4-pahare-si-palnie-jack-daniels-210-ml-a61015u9\/","robots":"max-image-preview:large","keywords":"","webmasterTools":{"miscellaneous":""},"schema":{"@context":"https:\/\/schema.org","@graph":[{"@type":"BreadcrumbList","@id":"https:\/\/tabaccomd.com\/ro\/product\/flasca-cu-4-pahare-si-palnie-jack-daniels-210-ml-a61015u9\/#breadcrumblist","itemListElement":[{"@type":"ListItem","@id":"https:\/\/tabaccomd.com\/ro\/#listItem","position":1,"name":"\u0413\u043b\u0430\u0432\u043d\u0430\u044f","item":"https:\/\/tabaccomd.com\/ro\/","nextItem":{"@type":"ListItem","@id":"https:\/\/tabaccomd.com\/ro\/catalog\/#listItem","name":"Catalog"}},{"@type":"ListItem","@id":"https:\/\/tabaccomd.com\/ro\/catalog\/#listItem","position":2,"name":"Catalog","item":"https:\/\/tabaccomd.com\/ro\/catalog\/","nextItem":{"@type":"ListItem","@id":"https:\/\/tabaccomd.com\/ro\/product-category\/accesorii\/#listItem","name":"Accesorii"},"previousItem":{"@type":"ListItem","@id":"https:\/\/tabaccomd.com\/ro\/#listItem","name":"\u0413\u043b\u0430\u0432\u043d\u0430\u044f"}},{"@type":"ListItem","@id":"https:\/\/tabaccomd.com\/ro\/product-category\/accesorii\/#listItem","position":3,"name":"Accesorii","item":"https:\/\/tabaccomd.com\/ro\/product-category\/accesorii\/","nextItem":{"@type":"ListItem","@id":"https:\/\/tabaccomd.com\/ro\/product-category\/accesorii\/flasca\/#listItem","name":"Flasc\u0103"},"previousItem":{"@type":"ListItem","@id":"https:\/\/tabaccomd.com\/ro\/catalog\/#listItem","name":"Catalog"}},{"@type":"ListItem","@id":"https:\/\/tabaccomd.com\/ro\/product-category\/accesorii\/flasca\/#listItem","position":4,"name":"Flasc\u0103","item":"https:\/\/tabaccomd.com\/ro\/product-category\/accesorii\/flasca\/","nextItem":{"@type":"ListItem","@id":"https:\/\/tabaccomd.com\/ro\/product\/flasca-cu-4-pahare-si-palnie-jack-daniels-210-ml-a61015u9\/#listItem","name":"Flasc\u0103 cu 4 pahare \u0219i p\u00e2lnie Jack Daniel&#8217;s 210 ml A61015U9"},"previousItem":{"@type":"ListItem","@id":"https:\/\/tabaccomd.com\/ro\/product-category\/accesorii\/#listItem","name":"Accesorii"}},{"@type":"ListItem","@id":"https:\/\/tabaccomd.com\/ro\/product\/flasca-cu-4-pahare-si-palnie-jack-daniels-210-ml-a61015u9\/#listItem","position":5,"name":"Flasc\u0103 cu 4 pahare \u0219i p\u00e2lnie Jack Daniel&#8217;s 210 ml A61015U9","previousItem":{"@type":"ListItem","@id":"https:\/\/tabaccomd.com\/ro\/product-category\/accesorii\/flasca\/#listItem","name":"Flasc\u0103"}}]},{"@type":"Organization","@id":"https:\/\/tabaccomd.com\/ro\/#organization","name":"Tabacco House","description":"\u041c\u0430\u0433\u0430\u0437\u0438\u043d \u0442\u0430\u0431\u0430\u0447\u043d\u044b\u0445 \u0438\u0437\u0434\u0435\u043b\u0438\u0439","url":"https:\/\/tabaccomd.com\/ro\/","email":"Office@cazacuhouse.com","telephone":"+37361000935","logo":{"@type":"ImageObject","url":"https:\/\/tabaccomd.com\/wp-content\/uploads\/2024\/02\/logo_header3.png","@id":"https:\/\/tabaccomd.com\/ro\/product\/flasca-cu-4-pahare-si-palnie-jack-daniels-210-ml-a61015u9\/#organizationLogo","width":32,"height":32,"caption":"Tabacco House"},"image":{"@id":"https:\/\/tabaccomd.com\/ro\/product\/flasca-cu-4-pahare-si-palnie-jack-daniels-210-ml-a61015u9\/#organizationLogo"},"sameAs":["https:\/\/www.facebook.com\/tabaccomd.com\/","https:\/\/www.instagram.com\/tabaccomd.com\/"],"address":{"@id":"https:\/\/tabaccomd.com\/ro\/#postaladdress","@type":"PostalAddress","streetAddress":"Strada Albi\u015foara 4, Chi\u0219in\u0103u, Bulevardul \u0218tefan cel Mare \u0219i Sf\u00eent 136, Chi\u0219in\u0103u","addressLocality":"Chi\u0219in\u0103u","addressCountry":"MD"}},{"@type":"Product","@id":"https:\/\/tabaccomd.com\/ro\/product\/flasca-cu-4-pahare-si-palnie-jack-daniels-210-ml-a61015u9\/#wooCommerceProduct","name":"Flasc\u0103 cu 4 pahare \u0219i p\u00e2lnie Jack Daniel's 210 ml A61015U9","description":"Produc\u0103tor: Usmivka\r\n \t\u021aara produc\u0103torului: China\r\n \tMaterial: O\u021bel inoxidabil\r\n \tVolum: 210 ml (7 oz)\r\n \tSetul con\u021bine: 4 pahare \u0219i 1 p\u00e2lnie","url":"https:\/\/tabaccomd.com\/ro\/product\/flasca-cu-4-pahare-si-palnie-jack-daniels-210-ml-a61015u9\/","sku":"A61015U9","image":{"@type":"ImageObject","url":"https:\/\/tabaccomd.com\/wp-content\/uploads\/2025\/02\/Flasca-cu-4-pahare-si-palnie-Jack-Daniels-A61015U9.jpg","@id":"https:\/\/tabaccomd.com\/ro\/product\/flasca-cu-4-pahare-si-palnie-jack-daniels-210-ml-a61015u9\/#productImage","width":1050,"height":1050,"caption":"Flasc\u0103-cu-4-pahare-\u0219i-p\u00e2lnie-Jack-Daniels-A61015U9"},"offers":{"@type":"Offer","url":"https:\/\/tabaccomd.com\/ro\/product\/flasca-cu-4-pahare-si-palnie-jack-daniels-210-ml-a61015u9\/#wooCommerceOffer","price":200,"priceCurrency":"MDL","category":"Flasc\u0103","availability":"https:\/\/schema.org\/InStock","priceSpecification":{"@type":"PriceSpecification","price":200,"priceCurrency":"MDL","valueAddedTaxIncluded":"true"},"seller":{"@type":"Organization","@id":"https:\/\/tabaccomd.com\/ro\/#organization"}}},{"@type":"WebPage","@id":"https:\/\/tabaccomd.com\/ro\/product\/flasca-cu-4-pahare-si-palnie-jack-daniels-210-ml-a61015u9\/#webpage","url":"https:\/\/tabaccomd.com\/ro\/product\/flasca-cu-4-pahare-si-palnie-jack-daniels-210-ml-a61015u9\/","name":"Flasc\u0103 cu 4 pahare \u0219i p\u00e2lnie Jack Daniel\u2019s 210 ml A61015U9 \u2013 Tabacco House","inLanguage":"ro-RO","isPartOf":{"@id":"https:\/\/tabaccomd.com\/ro\/#website"},"breadcrumb":{"@id":"https:\/\/tabaccomd.com\/ro\/product\/flasca-cu-4-pahare-si-palnie-jack-daniels-210-ml-a61015u9\/#breadcrumblist"},"image":{"@type":"ImageObject","url":"https:\/\/tabaccomd.com\/wp-content\/uploads\/2025\/02\/Flasca-cu-4-pahare-si-palnie-Jack-Daniels-A61015U9.jpg","@id":"https:\/\/tabaccomd.com\/ro\/product\/flasca-cu-4-pahare-si-palnie-jack-daniels-210-ml-a61015u9\/#mainImage","width":1050,"height":1050,"caption":"Flasc\u0103-cu-4-pahare-\u0219i-p\u00e2lnie-Jack-Daniels-A61015U9"},"primaryImageOfPage":{"@id":"https:\/\/tabaccomd.com\/ro\/product\/flasca-cu-4-pahare-si-palnie-jack-daniels-210-ml-a61015u9\/#mainImage"},"datePublished":"2025-02-17T16:52:07+03:00","dateModified":"2025-02-17T16:52:07+03:00"},{"@type":"WebSite","@id":"https:\/\/tabaccomd.com\/ro\/#website","url":"https:\/\/tabaccomd.com\/ro\/","name":"Tabacco House","alternateName":"tobaccomd.com","description":"\u041c\u0430\u0433\u0430\u0437\u0438\u043d \u0442\u0430\u0431\u0430\u0447\u043d\u044b\u0445 \u0438\u0437\u0434\u0435\u043b\u0438\u0439","inLanguage":"ro-RO","publisher":{"@id":"https:\/\/tabaccomd.com\/ro\/#organization"}}]},"og:locale":"ro_RO","og:site_name":"Tabacco House \u2013 \u041c\u0430\u0433\u0430\u0437\u0438\u043d \u0442\u0430\u0431\u0430\u0447\u043d\u044b\u0445 \u0438\u0437\u0434\u0435\u043b\u0438\u0439","og:type":"article","og:title":"Flasc\u0103 cu 4 pahare \u0219i p\u00e2lnie Jack Daniel\u2019s 210 ml A61015U9 \u2013 Tabacco House","og:url":"https:\/\/tabaccomd.com\/ro\/product\/flasca-cu-4-pahare-si-palnie-jack-daniels-210-ml-a61015u9\/","article:published_time":"2025-02-17T13:52:07+00:00","article:modified_time":"2025-02-17T13:52:07+00:00","article:publisher":"https:\/\/www.facebook.com\/tabaccomd.com\/","twitter:card":"summary_large_image","twitter:title":"Flasc\u0103 cu 4 pahare \u0219i p\u00e2lnie Jack Daniel\u2019s 210 ml A61015U9 \u2013 Tabacco House"},"aioseo_meta_data":{"post_id":"146625","title":null,"description":null,"keywords":null,"keyphrases":null,"primary_term":null,"canonical_url":null,"og_title":null,"og_description":null,"og_object_type":"default","og_image_type":"default","og_image_url":null,"og_image_width":null,"og_image_height":null,"og_image_custom_url":null,"og_image_custom_fields":null,"og_video":null,"og_custom_url":null,"og_article_section":null,"og_article_tags":null,"twitter_use_og":false,"twitter_card":"default","twitter_image_type":"default","twitter_image_url":null,"twitter_image_custom_url":null,"twitter_image_custom_fields":null,"twitter_title":null,"twitter_description":null,"schema":{"blockGraphs":[],"customGraphs":[],"default":{"data":{"Article":[],"Course":[],"Dataset":[],"FAQPage":[],"Movie":[],"Person":[],"Product":[],"ProductReview":[],"Car":[],"Recipe":[],"Service":[],"SoftwareApplication":[],"WebPage":[]},"graphName":"","isEnabled":true},"graphs":[]},"schema_type":"default","schema_type_options":null,"pillar_content":false,"robots_default":true,"robots_noindex":false,"robots_noarchive":false,"robots_nosnippet":false,"robots_nofollow":false,"robots_noimageindex":false,"robots_noodp":false,"robots_notranslate":false,"robots_max_snippet":null,"robots_max_videopreview":null,"robots_max_imagepreview":"large","priority":null,"frequency":null,"local_seo":null,"seo_analyzer_scan_date":"2025-10-20 20:55:04","breadcrumb_settings":null,"limit_modified_date":false,"reviewed_by":null,"open_ai":null,"ai":null,"created":"2025-02-17 13:53:36","updated":"2025-10-20 20:55:04"},"aioseo_breadcrumb":"<div class=\"aioseo-breadcrumbs\"><span class=\"aioseo-breadcrumb\">\n\t<a href=\"https:\/\/tabaccomd.com\/ro\/\" title=\"\u0413\u043b\u0430\u0432\u043d\u0430\u044f\">\u0413\u043b\u0430\u0432\u043d\u0430\u044f<\/a>\n<\/span><span class=\"aioseo-breadcrumb-separator\">\u00bb<\/span><span class=\"aioseo-breadcrumb\">\n\t<a href=\"https:\/\/tabaccomd.com\/ro\/catalog\/\" title=\"Catalog\">Catalog<\/a>\n<\/span><span class=\"aioseo-breadcrumb-separator\">\u00bb<\/span><span class=\"aioseo-breadcrumb\">\n\t<a href=\"https:\/\/tabaccomd.com\/ro\/product-category\/accesorii\/\" title=\"Accesorii\">Accesorii<\/a>\n<\/span><span class=\"aioseo-breadcrumb-separator\">\u00bb<\/span><span class=\"aioseo-breadcrumb\">\n\t<a href=\"https:\/\/tabaccomd.com\/ro\/product-category\/accesorii\/flasca\/\" title=\"Flasc\u0103\">Flasc\u0103<\/a>\n<\/span><span class=\"aioseo-breadcrumb-separator\">\u00bb<\/span><span class=\"aioseo-breadcrumb\">\n\tFlasc\u0103 cu 4 pahare \u0219i p\u00e2lnie Jack Daniel\u2019s 210 ml A61015U9\n<\/span><\/div>","aioseo_breadcrumb_json":[{"label":"\u0413\u043b\u0430\u0432\u043d\u0430\u044f","link":"https:\/\/tabaccomd.com\/ro\/"},{"label":"Catalog","link":"https:\/\/tabaccomd.com\/ro\/catalog\/"},{"label":"Accesorii","link":"https:\/\/tabaccomd.com\/ro\/product-category\/accesorii\/"},{"label":"Flasc\u0103","link":"https:\/\/tabaccomd.com\/ro\/product-category\/accesorii\/flasca\/"},{"label":"Flasc\u0103 cu 4 pahare \u0219i p\u00e2lnie Jack Daniel&#8217;s 210 ml A61015U9","link":"https:\/\/tabaccomd.com\/ro\/product\/flasca-cu-4-pahare-si-palnie-jack-daniels-210-ml-a61015u9\/"}],"images_for_1c":[{"url":"https:\/\/tabaccomd.com\/wp-content\/uploads\/2025\/02\/Flasca-cu-4-pahare-si-palnie-Jack-Daniels-A61015U9.jpg","type":"featured","alt":"Flasc\u0103-cu-4-pahare-\u0219i-p\u00e2lnie-Jack-Daniels-A61015U9","filename":"Flasca-cu-4-pahare-si-palnie-Jack-Daniels-A61015U9.jpg"},{"url":"https:\/\/tabaccomd.com\/wp-content\/uploads\/2025\/02\/flasca-cu-4-pahare-A61015U9-1.png","type":"gallery","alt":"flasca-cu-4-pahare-A61015U9-1","filename":"flasca-cu-4-pahare-A61015U9-1.png"},{"url":"https:\/\/tabaccomd.com\/wp-content\/uploads\/2025\/02\/flasca-cu-4-pahare-A61015U9-0.png","type":"gallery","alt":"flasca-cu-4-pahare-A61015U9-0","filename":"flasca-cu-4-pahare-A61015U9-0.png"}],"additional_data_1c":{"modified_date":"2025-02-17 16:52:07","permalink":"https:\/\/tabaccomd.com\/ro\/product\/flasca-cu-4-pahare-si-palnie-jack-daniels-210-ml-a61015u9\/","stock_status":"instock","manage_stock":"no"},"_links":{"self":[{"href":"https:\/\/tabaccomd.com\/ro\/wp-json\/wp\/v2\/product\/146625","targetHints":{"allow":["GET"]}}],"collection":[{"href":"https:\/\/tabaccomd.com\/ro\/wp-json\/wp\/v2\/product"}],"about":[{"href":"https:\/\/tabaccomd.com\/ro\/wp-json\/wp\/v2\/types\/product"}],"wp:featuredmedia":[{"embeddable":true,"href":"https:\/\/tabaccomd.com\/ro\/wp-json\/wp\/v2\/media\/146620"}],"wp:attachment":[{"href":"https:\/\/tabaccomd.com\/ro\/wp-json\/wp\/v2\/media?parent=146625"}],"wp:term":[{"taxonomy":"product_brand","embeddable":true,"href":"https:\/\/tabaccomd.com\/ro\/wp-json\/wp\/v2\/product_brand?post=146625"},{"taxonomy":"product_cat","embeddable":true,"href":"https:\/\/tabaccomd.com\/ro\/wp-json\/wp\/v2\/product_cat?post=146625"},{"taxonomy":"product_tag","embeddable":true,"href":"https:\/\/tabaccomd.com\/ro\/wp-json\/wp\/v2\/product_tag?post=146625"}],"curies":[{"name":"wp","href":"https:\/\/api.w.org\/{rel}","templated":true}]}}