{"id":146617,"date":"2025-02-17T15:38:18","date_gmt":"2025-02-17T12:38:18","guid":{"rendered":"https:\/\/tabaccomd.com\/product\/flasca-cu-4-pahare-si-palnie-jameson-210-ml-a61015u10\/"},"modified":"2025-02-17T15:38:18","modified_gmt":"2025-02-17T12:38:18","slug":"flasca-cu-4-pahare-si-palnie-jameson-210-ml-a61015u10","status":"publish","type":"product","link":"https:\/\/tabaccomd.com\/ro\/product\/flasca-cu-4-pahare-si-palnie-jameson-210-ml-a61015u10\/","title":{"rendered":"Flasc\u0103 cu 4 pahare \u0219i p\u00e2lnie Jameson 210 ml A61015U10"},"content":{"rendered":"<p><a href=\"https:\/\/tabaccomd.com\/ro\/categorie-produs\/accesorii\/flasca\/\">Flasca<\/a> clasic\u0103 de o\u021bel de 7 oz, patru pahare \u0219i o p\u00e2lnie reprezint\u0103 un set superb \u0219i elegant, perfect pentru cadou. Flasca este realizat\u0103 din o\u021bel inoxidabil cu finisaj lucios \u0219i detalii cromate pe capac, conferindu-i un aspect elegant \u0219i durabil. Setul include patru pahare compacte \u0219i o p\u00e2lnie pentru turnarea convenabil\u0103 a b\u0103uturilor. Toate articolele sunt ambalate \u00eentr-o cutie cadou premium frumoas\u0103, f\u0103c\u00e2nd acest set ideal pentru cadouri pentru o varietate de ocazii. Acest set este un cadou grozav pentru nun\u021bi, \u00een special pentru cel mai bun b\u0103rbat sau mire, dar \u0219i pentru un tat\u0103, bunic sau unchi. Flasca \u0219i ce\u0219tile nu sunt doar func\u021bionale, ci \u0219i frumoase, f\u0103c\u00e2ndu-le grozave pentru dvs sau prieteni.<\/p>\n<p>Pute\u021bi achizi\u021biona flasca cu 4 pahare \u0219i p\u00e2lnie Jameson A61015U10 \u00een Moldova, Chi\u0219in\u0103u, \u00een re\u021beaua de magazine Tabacco House.<\/p>\n","protected":false},"excerpt":{"rendered":"<ul class=\"product-fields\">\n<li>Produc\u0103tor: Usmivka<\/li>\n<li>\u021aara produc\u0103torului: China<\/li>\n<li>Material: O\u021bel inoxidabil<\/li>\n<li>Volum: 210 ml (7 oz)<\/li>\n<li>Setul con\u021bine: 4 pahare \u0219i 1 p\u00e2lnie<\/li>\n<\/ul>\n","protected":false},"featured_media":146612,"template":"","meta":{"om_disable_all_campaigns":false,"_monsterinsights_skip_tracking":false,"_monsterinsights_sitenote_active":false,"_monsterinsights_sitenote_note":"","_monsterinsights_sitenote_category":0},"product_brand":[],"product_cat":[477],"product_tag":[],"class_list":{"0":"post-146617","1":"product","2":"type-product","3":"status-publish","4":"has-post-thumbnail","6":"product_cat-flasca","8":"first","9":"outofstock","10":"taxable","11":"shipping-taxable","12":"purchasable","13":"product-type-simple"},"aioseo_notices":[],"aioseo_head":"\n\t\t<!-- All in One SEO Pro 4.9.5.2 - aioseo.com -->\n\t<meta name=\"robots\" content=\"max-image-preview:large\" \/>\n\t<link rel=\"canonical\" href=\"https:\/\/tabaccomd.com\/ro\/product\/flasca-cu-4-pahare-si-palnie-jameson-210-ml-a61015u10\/\" \/>\n\t<meta name=\"generator\" content=\"All in One SEO Pro (AIOSEO) 4.9.5.2\" \/>\n\t\t<meta property=\"og:locale\" content=\"ro_RO\" \/>\n\t\t<meta property=\"og:site_name\" content=\"Tabacco House \u2013 \u041c\u0430\u0433\u0430\u0437\u0438\u043d \u0442\u0430\u0431\u0430\u0447\u043d\u044b\u0445 \u0438\u0437\u0434\u0435\u043b\u0438\u0439\" \/>\n\t\t<meta property=\"og:type\" content=\"article\" \/>\n\t\t<meta property=\"og:title\" content=\"Flasc\u0103 cu 4 pahare \u0219i p\u00e2lnie Jameson 210 ml A61015U10 \u2013 Tabacco House\" \/>\n\t\t<meta property=\"og:url\" content=\"https:\/\/tabaccomd.com\/ro\/product\/flasca-cu-4-pahare-si-palnie-jameson-210-ml-a61015u10\/\" \/>\n\t\t<meta property=\"article:published_time\" content=\"2025-02-17T12:38:18+00:00\" \/>\n\t\t<meta property=\"article:modified_time\" content=\"2025-02-17T12:38:18+00:00\" \/>\n\t\t<meta property=\"article:publisher\" content=\"https:\/\/www.facebook.com\/tabaccomd.com\/\" \/>\n\t\t<meta name=\"twitter:card\" content=\"summary_large_image\" \/>\n\t\t<meta name=\"twitter:title\" content=\"Flasc\u0103 cu 4 pahare \u0219i p\u00e2lnie Jameson 210 ml A61015U10 \u2013 Tabacco House\" \/>\n\t\t<script type=\"application\/ld+json\" class=\"aioseo-schema\">\n\t\t\t{\"@context\":\"https:\\\/\\\/schema.org\",\"@graph\":[{\"@type\":\"BreadcrumbList\",\"@id\":\"https:\\\/\\\/tabaccomd.com\\\/ro\\\/product\\\/flasca-cu-4-pahare-si-palnie-jameson-210-ml-a61015u10\\\/#breadcrumblist\",\"itemListElement\":[{\"@type\":\"ListItem\",\"@id\":\"https:\\\/\\\/tabaccomd.com\\\/ro\\\/#listItem\",\"position\":1,\"name\":\"\\u0413\\u043b\\u0430\\u0432\\u043d\\u0430\\u044f\",\"item\":\"https:\\\/\\\/tabaccomd.com\\\/ro\\\/\",\"nextItem\":{\"@type\":\"ListItem\",\"@id\":\"https:\\\/\\\/tabaccomd.com\\\/ro\\\/catalog\\\/#listItem\",\"name\":\"Catalog\"}},{\"@type\":\"ListItem\",\"@id\":\"https:\\\/\\\/tabaccomd.com\\\/ro\\\/catalog\\\/#listItem\",\"position\":2,\"name\":\"Catalog\",\"item\":\"https:\\\/\\\/tabaccomd.com\\\/ro\\\/catalog\\\/\",\"nextItem\":{\"@type\":\"ListItem\",\"@id\":\"https:\\\/\\\/tabaccomd.com\\\/ro\\\/product-category\\\/accesorii\\\/#listItem\",\"name\":\"Accesorii\"},\"previousItem\":{\"@type\":\"ListItem\",\"@id\":\"https:\\\/\\\/tabaccomd.com\\\/ro\\\/#listItem\",\"name\":\"\\u0413\\u043b\\u0430\\u0432\\u043d\\u0430\\u044f\"}},{\"@type\":\"ListItem\",\"@id\":\"https:\\\/\\\/tabaccomd.com\\\/ro\\\/product-category\\\/accesorii\\\/#listItem\",\"position\":3,\"name\":\"Accesorii\",\"item\":\"https:\\\/\\\/tabaccomd.com\\\/ro\\\/product-category\\\/accesorii\\\/\",\"nextItem\":{\"@type\":\"ListItem\",\"@id\":\"https:\\\/\\\/tabaccomd.com\\\/ro\\\/product-category\\\/accesorii\\\/flasca\\\/#listItem\",\"name\":\"Flasc\\u0103\"},\"previousItem\":{\"@type\":\"ListItem\",\"@id\":\"https:\\\/\\\/tabaccomd.com\\\/ro\\\/catalog\\\/#listItem\",\"name\":\"Catalog\"}},{\"@type\":\"ListItem\",\"@id\":\"https:\\\/\\\/tabaccomd.com\\\/ro\\\/product-category\\\/accesorii\\\/flasca\\\/#listItem\",\"position\":4,\"name\":\"Flasc\\u0103\",\"item\":\"https:\\\/\\\/tabaccomd.com\\\/ro\\\/product-category\\\/accesorii\\\/flasca\\\/\",\"nextItem\":{\"@type\":\"ListItem\",\"@id\":\"https:\\\/\\\/tabaccomd.com\\\/ro\\\/product\\\/flasca-cu-4-pahare-si-palnie-jameson-210-ml-a61015u10\\\/#listItem\",\"name\":\"Flasc\\u0103 cu 4 pahare \\u0219i p\\u00e2lnie Jameson 210 ml A61015U10\"},\"previousItem\":{\"@type\":\"ListItem\",\"@id\":\"https:\\\/\\\/tabaccomd.com\\\/ro\\\/product-category\\\/accesorii\\\/#listItem\",\"name\":\"Accesorii\"}},{\"@type\":\"ListItem\",\"@id\":\"https:\\\/\\\/tabaccomd.com\\\/ro\\\/product\\\/flasca-cu-4-pahare-si-palnie-jameson-210-ml-a61015u10\\\/#listItem\",\"position\":5,\"name\":\"Flasc\\u0103 cu 4 pahare \\u0219i p\\u00e2lnie Jameson 210 ml A61015U10\",\"previousItem\":{\"@type\":\"ListItem\",\"@id\":\"https:\\\/\\\/tabaccomd.com\\\/ro\\\/product-category\\\/accesorii\\\/flasca\\\/#listItem\",\"name\":\"Flasc\\u0103\"}}]},{\"@type\":\"Organization\",\"@id\":\"https:\\\/\\\/tabaccomd.com\\\/ro\\\/#organization\",\"name\":\"Tabacco House\",\"description\":\"\\u041c\\u0430\\u0433\\u0430\\u0437\\u0438\\u043d \\u0442\\u0430\\u0431\\u0430\\u0447\\u043d\\u044b\\u0445 \\u0438\\u0437\\u0434\\u0435\\u043b\\u0438\\u0439\",\"url\":\"https:\\\/\\\/tabaccomd.com\\\/ro\\\/\",\"email\":\"Office@cazacuhouse.com\",\"telephone\":\"+37361000935\",\"logo\":{\"@type\":\"ImageObject\",\"url\":\"https:\\\/\\\/tabaccomd.com\\\/wp-content\\\/uploads\\\/2024\\\/02\\\/logo_header3.png\",\"@id\":\"https:\\\/\\\/tabaccomd.com\\\/ro\\\/product\\\/flasca-cu-4-pahare-si-palnie-jameson-210-ml-a61015u10\\\/#organizationLogo\",\"width\":32,\"height\":32,\"caption\":\"Tabacco House\"},\"image\":{\"@id\":\"https:\\\/\\\/tabaccomd.com\\\/ro\\\/product\\\/flasca-cu-4-pahare-si-palnie-jameson-210-ml-a61015u10\\\/#organizationLogo\"},\"sameAs\":[\"https:\\\/\\\/www.facebook.com\\\/tabaccomd.com\\\/\",\"https:\\\/\\\/www.instagram.com\\\/tabaccomd.com\\\/\"],\"address\":{\"@id\":\"https:\\\/\\\/tabaccomd.com\\\/ro\\\/#postaladdress\",\"@type\":\"PostalAddress\",\"streetAddress\":\"Strada Albi\\u015foara 4, Chi\\u0219in\\u0103u, Bulevardul \\u0218tefan cel Mare \\u0219i Sf\\u00eent 136, Chi\\u0219in\\u0103u\",\"addressLocality\":\"Chi\\u0219in\\u0103u\",\"addressCountry\":\"MD\"}},{\"@type\":\"Product\",\"@id\":\"https:\\\/\\\/tabaccomd.com\\\/ro\\\/product\\\/flasca-cu-4-pahare-si-palnie-jameson-210-ml-a61015u10\\\/#wooCommerceProduct\",\"name\":\"Flasc\\u0103 cu 4 pahare \\u0219i p\\u00e2lnie Jameson 210 ml A61015U10\",\"description\":\"Produc\\u0103tor: Usmivka\\r\\n \\t\\u021aara produc\\u0103torului: China\\r\\n \\tMaterial: O\\u021bel inoxidabil\\r\\n \\tVolum: 210 ml (7 oz)\\r\\n \\tSetul con\\u021bine: 4 pahare \\u0219i 1 p\\u00e2lnie\",\"url\":\"https:\\\/\\\/tabaccomd.com\\\/ro\\\/product\\\/flasca-cu-4-pahare-si-palnie-jameson-210-ml-a61015u10\\\/\",\"sku\":\"A61015U10\",\"image\":{\"@type\":\"ImageObject\",\"url\":\"https:\\\/\\\/tabaccomd.com\\\/wp-content\\\/uploads\\\/2025\\\/02\\\/Flasca-cu-4-pahare-si-palnie-Jameson-A61015U10.jpg\",\"@id\":\"https:\\\/\\\/tabaccomd.com\\\/ro\\\/product\\\/flasca-cu-4-pahare-si-palnie-jameson-210-ml-a61015u10\\\/#productImage\",\"width\":1050,\"height\":1050,\"caption\":\"Flasc\\u0103-cu-4-pahare-\\u0219i-p\\u00e2lnie-Jameson-A61015U10\"},\"offers\":{\"@type\":\"Offer\",\"url\":\"https:\\\/\\\/tabaccomd.com\\\/ro\\\/product\\\/flasca-cu-4-pahare-si-palnie-jameson-210-ml-a61015u10\\\/#wooCommerceOffer\",\"price\":200,\"priceCurrency\":\"MDL\",\"category\":\"Flasc\\u0103\",\"availability\":\"https:\\\/\\\/schema.org\\\/OutOfStock\",\"priceSpecification\":{\"@type\":\"PriceSpecification\",\"price\":200,\"priceCurrency\":\"MDL\",\"valueAddedTaxIncluded\":\"true\"},\"seller\":{\"@type\":\"Organization\",\"@id\":\"https:\\\/\\\/tabaccomd.com\\\/ro\\\/#organization\"}}},{\"@type\":\"WebPage\",\"@id\":\"https:\\\/\\\/tabaccomd.com\\\/ro\\\/product\\\/flasca-cu-4-pahare-si-palnie-jameson-210-ml-a61015u10\\\/#webpage\",\"url\":\"https:\\\/\\\/tabaccomd.com\\\/ro\\\/product\\\/flasca-cu-4-pahare-si-palnie-jameson-210-ml-a61015u10\\\/\",\"name\":\"Flasc\\u0103 cu 4 pahare \\u0219i p\\u00e2lnie Jameson 210 ml A61015U10 \\u2013 Tabacco House\",\"inLanguage\":\"ro-RO\",\"isPartOf\":{\"@id\":\"https:\\\/\\\/tabaccomd.com\\\/ro\\\/#website\"},\"breadcrumb\":{\"@id\":\"https:\\\/\\\/tabaccomd.com\\\/ro\\\/product\\\/flasca-cu-4-pahare-si-palnie-jameson-210-ml-a61015u10\\\/#breadcrumblist\"},\"image\":{\"@type\":\"ImageObject\",\"url\":\"https:\\\/\\\/tabaccomd.com\\\/wp-content\\\/uploads\\\/2025\\\/02\\\/Flasca-cu-4-pahare-si-palnie-Jameson-A61015U10.jpg\",\"@id\":\"https:\\\/\\\/tabaccomd.com\\\/ro\\\/product\\\/flasca-cu-4-pahare-si-palnie-jameson-210-ml-a61015u10\\\/#mainImage\",\"width\":1050,\"height\":1050,\"caption\":\"Flasc\\u0103-cu-4-pahare-\\u0219i-p\\u00e2lnie-Jameson-A61015U10\"},\"primaryImageOfPage\":{\"@id\":\"https:\\\/\\\/tabaccomd.com\\\/ro\\\/product\\\/flasca-cu-4-pahare-si-palnie-jameson-210-ml-a61015u10\\\/#mainImage\"},\"datePublished\":\"2025-02-17T15:38:18+03:00\",\"dateModified\":\"2025-02-17T15:38:18+03:00\"},{\"@type\":\"WebSite\",\"@id\":\"https:\\\/\\\/tabaccomd.com\\\/ro\\\/#website\",\"url\":\"https:\\\/\\\/tabaccomd.com\\\/ro\\\/\",\"name\":\"Tabacco House\",\"alternateName\":\"tobaccomd.com\",\"description\":\"\\u041c\\u0430\\u0433\\u0430\\u0437\\u0438\\u043d \\u0442\\u0430\\u0431\\u0430\\u0447\\u043d\\u044b\\u0445 \\u0438\\u0437\\u0434\\u0435\\u043b\\u0438\\u0439\",\"inLanguage\":\"ro-RO\",\"publisher\":{\"@id\":\"https:\\\/\\\/tabaccomd.com\\\/ro\\\/#organization\"}}]}\n\t\t<\/script>\n\t\t<!-- All in One SEO Pro -->\r\n\t\t<title>Flasc\u0103 cu 4 pahare \u0219i p\u00e2lnie Jameson 210 ml A61015U10 \u2013 Tabacco House<\/title>\n\n","aioseo_head_json":{"title":"Flasc\u0103 cu 4 pahare \u0219i p\u00e2lnie Jameson 210 ml A61015U10 \u2013 Tabacco House","description":"","canonical_url":"https:\/\/tabaccomd.com\/ro\/product\/flasca-cu-4-pahare-si-palnie-jameson-210-ml-a61015u10\/","robots":"max-image-preview:large","keywords":"","webmasterTools":{"miscellaneous":""},"schema":{"@context":"https:\/\/schema.org","@graph":[{"@type":"BreadcrumbList","@id":"https:\/\/tabaccomd.com\/ro\/product\/flasca-cu-4-pahare-si-palnie-jameson-210-ml-a61015u10\/#breadcrumblist","itemListElement":[{"@type":"ListItem","@id":"https:\/\/tabaccomd.com\/ro\/#listItem","position":1,"name":"\u0413\u043b\u0430\u0432\u043d\u0430\u044f","item":"https:\/\/tabaccomd.com\/ro\/","nextItem":{"@type":"ListItem","@id":"https:\/\/tabaccomd.com\/ro\/catalog\/#listItem","name":"Catalog"}},{"@type":"ListItem","@id":"https:\/\/tabaccomd.com\/ro\/catalog\/#listItem","position":2,"name":"Catalog","item":"https:\/\/tabaccomd.com\/ro\/catalog\/","nextItem":{"@type":"ListItem","@id":"https:\/\/tabaccomd.com\/ro\/product-category\/accesorii\/#listItem","name":"Accesorii"},"previousItem":{"@type":"ListItem","@id":"https:\/\/tabaccomd.com\/ro\/#listItem","name":"\u0413\u043b\u0430\u0432\u043d\u0430\u044f"}},{"@type":"ListItem","@id":"https:\/\/tabaccomd.com\/ro\/product-category\/accesorii\/#listItem","position":3,"name":"Accesorii","item":"https:\/\/tabaccomd.com\/ro\/product-category\/accesorii\/","nextItem":{"@type":"ListItem","@id":"https:\/\/tabaccomd.com\/ro\/product-category\/accesorii\/flasca\/#listItem","name":"Flasc\u0103"},"previousItem":{"@type":"ListItem","@id":"https:\/\/tabaccomd.com\/ro\/catalog\/#listItem","name":"Catalog"}},{"@type":"ListItem","@id":"https:\/\/tabaccomd.com\/ro\/product-category\/accesorii\/flasca\/#listItem","position":4,"name":"Flasc\u0103","item":"https:\/\/tabaccomd.com\/ro\/product-category\/accesorii\/flasca\/","nextItem":{"@type":"ListItem","@id":"https:\/\/tabaccomd.com\/ro\/product\/flasca-cu-4-pahare-si-palnie-jameson-210-ml-a61015u10\/#listItem","name":"Flasc\u0103 cu 4 pahare \u0219i p\u00e2lnie Jameson 210 ml A61015U10"},"previousItem":{"@type":"ListItem","@id":"https:\/\/tabaccomd.com\/ro\/product-category\/accesorii\/#listItem","name":"Accesorii"}},{"@type":"ListItem","@id":"https:\/\/tabaccomd.com\/ro\/product\/flasca-cu-4-pahare-si-palnie-jameson-210-ml-a61015u10\/#listItem","position":5,"name":"Flasc\u0103 cu 4 pahare \u0219i p\u00e2lnie Jameson 210 ml A61015U10","previousItem":{"@type":"ListItem","@id":"https:\/\/tabaccomd.com\/ro\/product-category\/accesorii\/flasca\/#listItem","name":"Flasc\u0103"}}]},{"@type":"Organization","@id":"https:\/\/tabaccomd.com\/ro\/#organization","name":"Tabacco House","description":"\u041c\u0430\u0433\u0430\u0437\u0438\u043d \u0442\u0430\u0431\u0430\u0447\u043d\u044b\u0445 \u0438\u0437\u0434\u0435\u043b\u0438\u0439","url":"https:\/\/tabaccomd.com\/ro\/","email":"Office@cazacuhouse.com","telephone":"+37361000935","logo":{"@type":"ImageObject","url":"https:\/\/tabaccomd.com\/wp-content\/uploads\/2024\/02\/logo_header3.png","@id":"https:\/\/tabaccomd.com\/ro\/product\/flasca-cu-4-pahare-si-palnie-jameson-210-ml-a61015u10\/#organizationLogo","width":32,"height":32,"caption":"Tabacco House"},"image":{"@id":"https:\/\/tabaccomd.com\/ro\/product\/flasca-cu-4-pahare-si-palnie-jameson-210-ml-a61015u10\/#organizationLogo"},"sameAs":["https:\/\/www.facebook.com\/tabaccomd.com\/","https:\/\/www.instagram.com\/tabaccomd.com\/"],"address":{"@id":"https:\/\/tabaccomd.com\/ro\/#postaladdress","@type":"PostalAddress","streetAddress":"Strada Albi\u015foara 4, Chi\u0219in\u0103u, Bulevardul \u0218tefan cel Mare \u0219i Sf\u00eent 136, Chi\u0219in\u0103u","addressLocality":"Chi\u0219in\u0103u","addressCountry":"MD"}},{"@type":"Product","@id":"https:\/\/tabaccomd.com\/ro\/product\/flasca-cu-4-pahare-si-palnie-jameson-210-ml-a61015u10\/#wooCommerceProduct","name":"Flasc\u0103 cu 4 pahare \u0219i p\u00e2lnie Jameson 210 ml A61015U10","description":"Produc\u0103tor: Usmivka\r\n \t\u021aara produc\u0103torului: China\r\n \tMaterial: O\u021bel inoxidabil\r\n \tVolum: 210 ml (7 oz)\r\n \tSetul con\u021bine: 4 pahare \u0219i 1 p\u00e2lnie","url":"https:\/\/tabaccomd.com\/ro\/product\/flasca-cu-4-pahare-si-palnie-jameson-210-ml-a61015u10\/","sku":"A61015U10","image":{"@type":"ImageObject","url":"https:\/\/tabaccomd.com\/wp-content\/uploads\/2025\/02\/Flasca-cu-4-pahare-si-palnie-Jameson-A61015U10.jpg","@id":"https:\/\/tabaccomd.com\/ro\/product\/flasca-cu-4-pahare-si-palnie-jameson-210-ml-a61015u10\/#productImage","width":1050,"height":1050,"caption":"Flasc\u0103-cu-4-pahare-\u0219i-p\u00e2lnie-Jameson-A61015U10"},"offers":{"@type":"Offer","url":"https:\/\/tabaccomd.com\/ro\/product\/flasca-cu-4-pahare-si-palnie-jameson-210-ml-a61015u10\/#wooCommerceOffer","price":200,"priceCurrency":"MDL","category":"Flasc\u0103","availability":"https:\/\/schema.org\/OutOfStock","priceSpecification":{"@type":"PriceSpecification","price":200,"priceCurrency":"MDL","valueAddedTaxIncluded":"true"},"seller":{"@type":"Organization","@id":"https:\/\/tabaccomd.com\/ro\/#organization"}}},{"@type":"WebPage","@id":"https:\/\/tabaccomd.com\/ro\/product\/flasca-cu-4-pahare-si-palnie-jameson-210-ml-a61015u10\/#webpage","url":"https:\/\/tabaccomd.com\/ro\/product\/flasca-cu-4-pahare-si-palnie-jameson-210-ml-a61015u10\/","name":"Flasc\u0103 cu 4 pahare \u0219i p\u00e2lnie Jameson 210 ml A61015U10 \u2013 Tabacco House","inLanguage":"ro-RO","isPartOf":{"@id":"https:\/\/tabaccomd.com\/ro\/#website"},"breadcrumb":{"@id":"https:\/\/tabaccomd.com\/ro\/product\/flasca-cu-4-pahare-si-palnie-jameson-210-ml-a61015u10\/#breadcrumblist"},"image":{"@type":"ImageObject","url":"https:\/\/tabaccomd.com\/wp-content\/uploads\/2025\/02\/Flasca-cu-4-pahare-si-palnie-Jameson-A61015U10.jpg","@id":"https:\/\/tabaccomd.com\/ro\/product\/flasca-cu-4-pahare-si-palnie-jameson-210-ml-a61015u10\/#mainImage","width":1050,"height":1050,"caption":"Flasc\u0103-cu-4-pahare-\u0219i-p\u00e2lnie-Jameson-A61015U10"},"primaryImageOfPage":{"@id":"https:\/\/tabaccomd.com\/ro\/product\/flasca-cu-4-pahare-si-palnie-jameson-210-ml-a61015u10\/#mainImage"},"datePublished":"2025-02-17T15:38:18+03:00","dateModified":"2025-02-17T15:38:18+03:00"},{"@type":"WebSite","@id":"https:\/\/tabaccomd.com\/ro\/#website","url":"https:\/\/tabaccomd.com\/ro\/","name":"Tabacco House","alternateName":"tobaccomd.com","description":"\u041c\u0430\u0433\u0430\u0437\u0438\u043d \u0442\u0430\u0431\u0430\u0447\u043d\u044b\u0445 \u0438\u0437\u0434\u0435\u043b\u0438\u0439","inLanguage":"ro-RO","publisher":{"@id":"https:\/\/tabaccomd.com\/ro\/#organization"}}]},"og:locale":"ro_RO","og:site_name":"Tabacco House \u2013 \u041c\u0430\u0433\u0430\u0437\u0438\u043d \u0442\u0430\u0431\u0430\u0447\u043d\u044b\u0445 \u0438\u0437\u0434\u0435\u043b\u0438\u0439","og:type":"article","og:title":"Flasc\u0103 cu 4 pahare \u0219i p\u00e2lnie Jameson 210 ml A61015U10 \u2013 Tabacco House","og:url":"https:\/\/tabaccomd.com\/ro\/product\/flasca-cu-4-pahare-si-palnie-jameson-210-ml-a61015u10\/","article:published_time":"2025-02-17T12:38:18+00:00","article:modified_time":"2025-02-17T12:38:18+00:00","article:publisher":"https:\/\/www.facebook.com\/tabaccomd.com\/","twitter:card":"summary_large_image","twitter:title":"Flasc\u0103 cu 4 pahare \u0219i p\u00e2lnie Jameson 210 ml A61015U10 \u2013 Tabacco House"},"aioseo_meta_data":{"post_id":"146617","title":null,"description":null,"keywords":null,"keyphrases":null,"primary_term":null,"canonical_url":null,"og_title":null,"og_description":null,"og_object_type":"default","og_image_type":"default","og_image_url":null,"og_image_width":null,"og_image_height":null,"og_image_custom_url":null,"og_image_custom_fields":null,"og_video":null,"og_custom_url":null,"og_article_section":null,"og_article_tags":null,"twitter_use_og":false,"twitter_card":"default","twitter_image_type":"default","twitter_image_url":null,"twitter_image_custom_url":null,"twitter_image_custom_fields":null,"twitter_title":null,"twitter_description":null,"schema":{"blockGraphs":[],"customGraphs":[],"default":{"data":{"Article":[],"Course":[],"Dataset":[],"FAQPage":[],"Movie":[],"Person":[],"Product":[],"ProductReview":[],"Car":[],"Recipe":[],"Service":[],"SoftwareApplication":[],"WebPage":[]},"graphName":"ItemPage","isEnabled":true},"graphs":[]},"schema_type":"default","schema_type_options":null,"pillar_content":false,"robots_default":true,"robots_noindex":false,"robots_noarchive":false,"robots_nosnippet":false,"robots_nofollow":false,"robots_noimageindex":false,"robots_noodp":false,"robots_notranslate":false,"robots_max_snippet":null,"robots_max_videopreview":null,"robots_max_imagepreview":"large","priority":null,"frequency":null,"local_seo":null,"seo_analyzer_scan_date":"2025-10-20 20:55:03","breadcrumb_settings":null,"limit_modified_date":false,"reviewed_by":null,"open_ai":null,"ai":null,"created":"2025-02-17 12:40:05","updated":"2025-10-20 20:55:03"},"aioseo_breadcrumb":"<div class=\"aioseo-breadcrumbs\"><span class=\"aioseo-breadcrumb\">\n\t<a href=\"https:\/\/tabaccomd.com\/ro\/\" title=\"\u0413\u043b\u0430\u0432\u043d\u0430\u044f\">\u0413\u043b\u0430\u0432\u043d\u0430\u044f<\/a>\n<\/span><span class=\"aioseo-breadcrumb-separator\">\u00bb<\/span><span class=\"aioseo-breadcrumb\">\n\t<a href=\"https:\/\/tabaccomd.com\/ro\/catalog\/\" title=\"Catalog\">Catalog<\/a>\n<\/span><span class=\"aioseo-breadcrumb-separator\">\u00bb<\/span><span class=\"aioseo-breadcrumb\">\n\t<a href=\"https:\/\/tabaccomd.com\/ro\/product-category\/accesorii\/\" title=\"Accesorii\">Accesorii<\/a>\n<\/span><span class=\"aioseo-breadcrumb-separator\">\u00bb<\/span><span class=\"aioseo-breadcrumb\">\n\t<a href=\"https:\/\/tabaccomd.com\/ro\/product-category\/accesorii\/flasca\/\" title=\"Flasc\u0103\">Flasc\u0103<\/a>\n<\/span><span class=\"aioseo-breadcrumb-separator\">\u00bb<\/span><span class=\"aioseo-breadcrumb\">\n\tFlasc\u0103 cu 4 pahare \u0219i p\u00e2lnie Jameson 210 ml A61015U10\n<\/span><\/div>","aioseo_breadcrumb_json":[{"label":"\u0413\u043b\u0430\u0432\u043d\u0430\u044f","link":"https:\/\/tabaccomd.com\/ro\/"},{"label":"Catalog","link":"https:\/\/tabaccomd.com\/ro\/catalog\/"},{"label":"Accesorii","link":"https:\/\/tabaccomd.com\/ro\/product-category\/accesorii\/"},{"label":"Flasc\u0103","link":"https:\/\/tabaccomd.com\/ro\/product-category\/accesorii\/flasca\/"},{"label":"Flasc\u0103 cu 4 pahare \u0219i p\u00e2lnie Jameson 210 ml A61015U10","link":"https:\/\/tabaccomd.com\/ro\/product\/flasca-cu-4-pahare-si-palnie-jameson-210-ml-a61015u10\/"}],"images_for_1c":[{"url":"https:\/\/tabaccomd.com\/wp-content\/uploads\/2025\/02\/Flasca-cu-4-pahare-si-palnie-Jameson-A61015U10.jpg","type":"featured","alt":"Flasc\u0103-cu-4-pahare-\u0219i-p\u00e2lnie-Jameson-A61015U10","filename":"Flasca-cu-4-pahare-si-palnie-Jameson-A61015U10.jpg"},{"url":"https:\/\/tabaccomd.com\/wp-content\/uploads\/2025\/02\/Flasca-cu-4-pahare-si-palnie-Jameson-A61015U10-0.jpg","type":"gallery","alt":"Flasc\u0103-cu-4-pahare-\u0219i-p\u00e2lnie-Jameson-A61015U10-0","filename":"Flasca-cu-4-pahare-si-palnie-Jameson-A61015U10-0.jpg"},{"url":"https:\/\/tabaccomd.com\/wp-content\/uploads\/2025\/02\/flasca-cu-4-pahare-si-palnie-jameson-a19749-2.png","type":"gallery","alt":"flasca-cu-4-pahare-\u0219i-palnie-jameson-a19749-2","filename":"flasca-cu-4-pahare-si-palnie-jameson-a19749-2.png"}],"additional_data_1c":{"modified_date":"2025-02-17 15:38:18","permalink":"https:\/\/tabaccomd.com\/ro\/product\/flasca-cu-4-pahare-si-palnie-jameson-210-ml-a61015u10\/","stock_status":"outofstock","manage_stock":"no"},"_links":{"self":[{"href":"https:\/\/tabaccomd.com\/ro\/wp-json\/wp\/v2\/product\/146617","targetHints":{"allow":["GET"]}}],"collection":[{"href":"https:\/\/tabaccomd.com\/ro\/wp-json\/wp\/v2\/product"}],"about":[{"href":"https:\/\/tabaccomd.com\/ro\/wp-json\/wp\/v2\/types\/product"}],"wp:featuredmedia":[{"embeddable":true,"href":"https:\/\/tabaccomd.com\/ro\/wp-json\/wp\/v2\/media\/146612"}],"wp:attachment":[{"href":"https:\/\/tabaccomd.com\/ro\/wp-json\/wp\/v2\/media?parent=146617"}],"wp:term":[{"taxonomy":"product_brand","embeddable":true,"href":"https:\/\/tabaccomd.com\/ro\/wp-json\/wp\/v2\/product_brand?post=146617"},{"taxonomy":"product_cat","embeddable":true,"href":"https:\/\/tabaccomd.com\/ro\/wp-json\/wp\/v2\/product_cat?post=146617"},{"taxonomy":"product_tag","embeddable":true,"href":"https:\/\/tabaccomd.com\/ro\/wp-json\/wp\/v2\/product_tag?post=146617"}],"curies":[{"name":"wp","href":"https:\/\/api.w.org\/{rel}","templated":true}]}}