{"id":145832,"date":"2025-01-14T22:37:02","date_gmt":"2025-01-14T19:37:02","guid":{"rendered":"https:\/\/tabaccomd.com\/?post_type=product&#038;p=145832"},"modified":"2026-04-04T13:29:34","modified_gmt":"2026-04-04T10:29:34","slug":"trabucuri-vegas-de-jalapa-maduro-toro-650","status":"publish","type":"product","link":"https:\/\/tabaccomd.com\/ro\/product\/trabucuri-vegas-de-jalapa-maduro-toro-650\/","title":{"rendered":"Trabucuri Vegas de Jalapa Maduro Toro 20"},"content":{"rendered":"<p data-start=\"0\" data-end=\"334\">Trabucurile Vegas de Jalapa Maduro Toro (6 x 50) reprezint\u0103 un blend nicaraguan bogat, \u00eentr-un format clasic, care \u00eembin\u0103 un gust intens cu o experien\u021b\u0103 de fumat confortabil\u0103. Formatul Toro (aproximativ 152 mm lungime \u0219i 50 RG diametru) este considerat unul versatil, oferind un echilibru optim \u00eentre durat\u0103 \u0219i intensitatea fumului. O caracteristic\u0103 distinctiv\u0103 a acestei serii este combina\u021bia mai multor tipuri de \u00eenveli\u0219 \u2014 Connecticut, Habano \u0219i Maduro \u2014 care ofer\u0103 trabucului un aspect deosebit \u0219i un profil aromatic complex. Blendul include un binder din Indonezia \u0219i umplutur\u0103 din tutunuri provenite din regiunea <span class=\"hover:entity-accent entity-underline inline cursor-pointer align-baseline\"><span class=\"whitespace-normal\">Jalapa Valley<\/span><\/span> \u0219i din alte zone ale Nicaragua, contribuind la un gust profund \u0219i bine echilibrat. \u00cen profilul aromatic predomin\u0103 o dulcea\u021b\u0103 fin\u0103, completat\u0103 de note lemnoase \u0219i condimentate, care se dezvolt\u0103 treptat pe parcursul fum\u0103rii. Trabucul are o t\u0103rie medie, o ardere uniform\u0103 \u0219i un fum dens \u0219i aromat, fiind o alegere excelent\u0103 at\u00e2t pentru fumatul zilnic, c\u00e2t \u0219i pentru momente de relaxare.<\/p>\n<p data-start=\"0\" data-end=\"334\">Pute\u021bi achizi\u021biona trabucurile Vegas de Jalapa Maduro Toro 20 \u00een Moldova, Chi\u0219in\u0103u, \u00een re\u021beaua de magazine Tabacco House.<\/p>\n","protected":false},"excerpt":{"rendered":"<ul>\n<li class=\"uncont\"><strong>Pre\u021b indicat pentru 20 de buc\u0103\u021bi<\/strong><\/li>\n<li class=\"uncont\">\u021aara produc\u0103torului: Nicaragua<\/li>\n<li class=\"uncont\">Produc\u0103tor: Maquiladora de Tabaco Vegas de Jalapa<\/li>\n<li class=\"uncont\">T\u0103rie: Medie<\/li>\n<li class=\"uncont\">Dimensiuni: 152,4 mm x 19,84 mm<\/li>\n<li class=\"uncont\">Format: Toro<\/li>\n<\/ul>\n","protected":false},"featured_media":145814,"template":"","meta":{"om_disable_all_campaigns":false,"_monsterinsights_skip_tracking":false,"_monsterinsights_sitenote_active":false,"_monsterinsights_sitenote_note":"","_monsterinsights_sitenote_category":0},"product_brand":[],"product_cat":[475],"product_tag":[],"class_list":{"0":"post-145832","1":"product","2":"type-product","3":"status-publish","4":"has-post-thumbnail","6":"product_cat-trabucuri-din-nicaragua","8":"first","9":"instock","10":"taxable","11":"shipping-taxable","12":"purchasable","13":"product-type-simple"},"aioseo_notices":[],"aioseo_head":"\n\t\t<!-- All in One SEO Pro 4.9.6.2 - aioseo.com -->\n\t<meta name=\"robots\" content=\"max-image-preview:large\" \/>\n\t<link rel=\"canonical\" href=\"https:\/\/tabaccomd.com\/ro\/product\/trabucuri-vegas-de-jalapa-maduro-toro-650\/\" \/>\n\t<meta name=\"generator\" content=\"All in One SEO Pro (AIOSEO) 4.9.6.2\" \/>\n\t\t<meta property=\"og:locale\" content=\"ro_RO\" \/>\n\t\t<meta property=\"og:site_name\" content=\"Tabacco House \u2013 \u041c\u0430\u0433\u0430\u0437\u0438\u043d \u0442\u0430\u0431\u0430\u0447\u043d\u044b\u0445 \u0438\u0437\u0434\u0435\u043b\u0438\u0439\" \/>\n\t\t<meta property=\"og:type\" content=\"article\" \/>\n\t\t<meta property=\"og:title\" content=\"Trabucuri Vegas de Jalapa Maduro Toro 20 \u2013 Tabacco House\" \/>\n\t\t<meta property=\"og:url\" content=\"https:\/\/tabaccomd.com\/ro\/product\/trabucuri-vegas-de-jalapa-maduro-toro-650\/\" \/>\n\t\t<meta property=\"article:published_time\" content=\"2025-01-14T19:37:02+00:00\" \/>\n\t\t<meta property=\"article:modified_time\" content=\"2026-04-04T10:29:34+00:00\" \/>\n\t\t<meta property=\"article:publisher\" content=\"https:\/\/www.facebook.com\/tabaccomd.com\/\" \/>\n\t\t<meta name=\"twitter:card\" content=\"summary_large_image\" \/>\n\t\t<meta name=\"twitter:title\" content=\"Trabucuri Vegas de Jalapa Maduro Toro 20 \u2013 Tabacco House\" \/>\n\t\t<script type=\"application\/ld+json\" class=\"aioseo-schema\">\n\t\t\t{\"@context\":\"https:\\\/\\\/schema.org\",\"@graph\":[{\"@type\":\"BreadcrumbList\",\"@id\":\"https:\\\/\\\/tabaccomd.com\\\/ro\\\/product\\\/trabucuri-vegas-de-jalapa-maduro-toro-650\\\/#breadcrumblist\",\"itemListElement\":[{\"@type\":\"ListItem\",\"@id\":\"https:\\\/\\\/tabaccomd.com\\\/ro\\\/#listItem\",\"position\":1,\"name\":\"\\u0413\\u043b\\u0430\\u0432\\u043d\\u0430\\u044f\",\"item\":\"https:\\\/\\\/tabaccomd.com\\\/ro\\\/\",\"nextItem\":{\"@type\":\"ListItem\",\"@id\":\"https:\\\/\\\/tabaccomd.com\\\/ro\\\/catalog\\\/#listItem\",\"name\":\"Catalog\"}},{\"@type\":\"ListItem\",\"@id\":\"https:\\\/\\\/tabaccomd.com\\\/ro\\\/catalog\\\/#listItem\",\"position\":2,\"name\":\"Catalog\",\"item\":\"https:\\\/\\\/tabaccomd.com\\\/ro\\\/catalog\\\/\",\"nextItem\":{\"@type\":\"ListItem\",\"@id\":\"https:\\\/\\\/tabaccomd.com\\\/ro\\\/product-category\\\/trabucuri\\\/#listItem\",\"name\":\"Trabucuri\"},\"previousItem\":{\"@type\":\"ListItem\",\"@id\":\"https:\\\/\\\/tabaccomd.com\\\/ro\\\/#listItem\",\"name\":\"\\u0413\\u043b\\u0430\\u0432\\u043d\\u0430\\u044f\"}},{\"@type\":\"ListItem\",\"@id\":\"https:\\\/\\\/tabaccomd.com\\\/ro\\\/product-category\\\/trabucuri\\\/#listItem\",\"position\":3,\"name\":\"Trabucuri\",\"item\":\"https:\\\/\\\/tabaccomd.com\\\/ro\\\/product-category\\\/trabucuri\\\/\",\"nextItem\":{\"@type\":\"ListItem\",\"@id\":\"https:\\\/\\\/tabaccomd.com\\\/ro\\\/product-category\\\/trabucuri\\\/trabucuri-din-nicaragua\\\/#listItem\",\"name\":\"Trabucuri din Nicaragua\"},\"previousItem\":{\"@type\":\"ListItem\",\"@id\":\"https:\\\/\\\/tabaccomd.com\\\/ro\\\/catalog\\\/#listItem\",\"name\":\"Catalog\"}},{\"@type\":\"ListItem\",\"@id\":\"https:\\\/\\\/tabaccomd.com\\\/ro\\\/product-category\\\/trabucuri\\\/trabucuri-din-nicaragua\\\/#listItem\",\"position\":4,\"name\":\"Trabucuri din Nicaragua\",\"item\":\"https:\\\/\\\/tabaccomd.com\\\/ro\\\/product-category\\\/trabucuri\\\/trabucuri-din-nicaragua\\\/\",\"nextItem\":{\"@type\":\"ListItem\",\"@id\":\"https:\\\/\\\/tabaccomd.com\\\/ro\\\/product\\\/trabucuri-vegas-de-jalapa-maduro-toro-650\\\/#listItem\",\"name\":\"Trabucuri Vegas de Jalapa Maduro Toro 20\"},\"previousItem\":{\"@type\":\"ListItem\",\"@id\":\"https:\\\/\\\/tabaccomd.com\\\/ro\\\/product-category\\\/trabucuri\\\/#listItem\",\"name\":\"Trabucuri\"}},{\"@type\":\"ListItem\",\"@id\":\"https:\\\/\\\/tabaccomd.com\\\/ro\\\/product\\\/trabucuri-vegas-de-jalapa-maduro-toro-650\\\/#listItem\",\"position\":5,\"name\":\"Trabucuri Vegas de Jalapa Maduro Toro 20\",\"previousItem\":{\"@type\":\"ListItem\",\"@id\":\"https:\\\/\\\/tabaccomd.com\\\/ro\\\/product-category\\\/trabucuri\\\/trabucuri-din-nicaragua\\\/#listItem\",\"name\":\"Trabucuri din Nicaragua\"}}]},{\"@type\":\"Organization\",\"@id\":\"https:\\\/\\\/tabaccomd.com\\\/ro\\\/#organization\",\"name\":\"Tabacco House\",\"description\":\"\\u041c\\u0430\\u0433\\u0430\\u0437\\u0438\\u043d \\u0442\\u0430\\u0431\\u0430\\u0447\\u043d\\u044b\\u0445 \\u0438\\u0437\\u0434\\u0435\\u043b\\u0438\\u0439\",\"url\":\"https:\\\/\\\/tabaccomd.com\\\/ro\\\/\",\"email\":\"Office@cazacuhouse.com\",\"telephone\":\"+37361000935\",\"logo\":{\"@type\":\"ImageObject\",\"url\":\"https:\\\/\\\/tabaccomd.com\\\/wp-content\\\/uploads\\\/2024\\\/02\\\/logo_header3.png\",\"@id\":\"https:\\\/\\\/tabaccomd.com\\\/ro\\\/product\\\/trabucuri-vegas-de-jalapa-maduro-toro-650\\\/#organizationLogo\",\"width\":32,\"height\":32,\"caption\":\"Tabacco House\"},\"image\":{\"@id\":\"https:\\\/\\\/tabaccomd.com\\\/ro\\\/product\\\/trabucuri-vegas-de-jalapa-maduro-toro-650\\\/#organizationLogo\"},\"sameAs\":[\"https:\\\/\\\/www.facebook.com\\\/tabaccomd.com\\\/\",\"https:\\\/\\\/www.instagram.com\\\/tabaccomd.com\\\/\"],\"address\":{\"@id\":\"https:\\\/\\\/tabaccomd.com\\\/ro\\\/#postaladdress\",\"@type\":\"PostalAddress\",\"streetAddress\":\"Strada Albi\\u015foara 4, Chi\\u0219in\\u0103u, Bulevardul \\u0218tefan cel Mare \\u0219i Sf\\u00eent 136, Chi\\u0219in\\u0103u\",\"addressLocality\":\"Chi\\u0219in\\u0103u\",\"addressCountry\":\"MD\"}},{\"@type\":\"Product\",\"@id\":\"https:\\\/\\\/tabaccomd.com\\\/ro\\\/product\\\/trabucuri-vegas-de-jalapa-maduro-toro-650\\\/#wooCommerceProduct\",\"name\":\"Trabucuri Vegas de Jalapa Maduro Toro 20\",\"description\":\"Pre\\u021b indicat pentru 20 de buc\\u0103\\u021bi\\r\\n \\t\\u021aara produc\\u0103torului: Nicaragua\\r\\n \\tProduc\\u0103tor: Maquiladora de Tabaco Vegas de Jalapa\\r\\n \\tT\\u0103rie: Medie\\r\\n \\tDimensiuni: 152,4 mm x 19,84 mm\\r\\n \\tFormat: Toro\",\"url\":\"https:\\\/\\\/tabaccomd.com\\\/ro\\\/product\\\/trabucuri-vegas-de-jalapa-maduro-toro-650\\\/\",\"sku\":\"JAL29\",\"image\":{\"@type\":\"ImageObject\",\"url\":\"https:\\\/\\\/tabaccomd.com\\\/wp-content\\\/uploads\\\/2025\\\/01\\\/Vegas-de-Jalapa2.jpg\",\"@id\":\"https:\\\/\\\/tabaccomd.com\\\/ro\\\/product\\\/trabucuri-vegas-de-jalapa-maduro-toro-650\\\/#productImage\",\"width\":1000,\"height\":1300},\"offers\":{\"@type\":\"Offer\",\"url\":\"https:\\\/\\\/tabaccomd.com\\\/ro\\\/product\\\/trabucuri-vegas-de-jalapa-maduro-toro-650\\\/#wooCommerceOffer\",\"price\":6600,\"priceCurrency\":\"MDL\",\"category\":\"Trabucuri din Nicaragua\",\"availability\":\"https:\\\/\\\/schema.org\\\/InStock\",\"priceSpecification\":{\"@type\":\"PriceSpecification\",\"price\":6600,\"priceCurrency\":\"MDL\",\"valueAddedTaxIncluded\":\"true\"},\"seller\":{\"@type\":\"Organization\",\"@id\":\"https:\\\/\\\/tabaccomd.com\\\/ro\\\/#organization\"}}},{\"@type\":\"WebPage\",\"@id\":\"https:\\\/\\\/tabaccomd.com\\\/ro\\\/product\\\/trabucuri-vegas-de-jalapa-maduro-toro-650\\\/#webpage\",\"url\":\"https:\\\/\\\/tabaccomd.com\\\/ro\\\/product\\\/trabucuri-vegas-de-jalapa-maduro-toro-650\\\/\",\"name\":\"Trabucuri Vegas de Jalapa Maduro Toro 20 \\u2013 Tabacco House\",\"inLanguage\":\"ro-RO\",\"isPartOf\":{\"@id\":\"https:\\\/\\\/tabaccomd.com\\\/ro\\\/#website\"},\"breadcrumb\":{\"@id\":\"https:\\\/\\\/tabaccomd.com\\\/ro\\\/product\\\/trabucuri-vegas-de-jalapa-maduro-toro-650\\\/#breadcrumblist\"},\"image\":{\"@type\":\"ImageObject\",\"url\":\"https:\\\/\\\/tabaccomd.com\\\/wp-content\\\/uploads\\\/2025\\\/01\\\/Vegas-de-Jalapa2.jpg\",\"@id\":\"https:\\\/\\\/tabaccomd.com\\\/ro\\\/product\\\/trabucuri-vegas-de-jalapa-maduro-toro-650\\\/#mainImage\",\"width\":1000,\"height\":1300},\"primaryImageOfPage\":{\"@id\":\"https:\\\/\\\/tabaccomd.com\\\/ro\\\/product\\\/trabucuri-vegas-de-jalapa-maduro-toro-650\\\/#mainImage\"},\"datePublished\":\"2025-01-14T22:37:02+03:00\",\"dateModified\":\"2026-04-04T13:29:34+03:00\"},{\"@type\":\"WebSite\",\"@id\":\"https:\\\/\\\/tabaccomd.com\\\/ro\\\/#website\",\"url\":\"https:\\\/\\\/tabaccomd.com\\\/ro\\\/\",\"name\":\"Tabacco House\",\"alternateName\":\"tobaccomd.com\",\"description\":\"\\u041c\\u0430\\u0433\\u0430\\u0437\\u0438\\u043d \\u0442\\u0430\\u0431\\u0430\\u0447\\u043d\\u044b\\u0445 \\u0438\\u0437\\u0434\\u0435\\u043b\\u0438\\u0439\",\"inLanguage\":\"ro-RO\",\"publisher\":{\"@id\":\"https:\\\/\\\/tabaccomd.com\\\/ro\\\/#organization\"}}]}\n\t\t<\/script>\n\t\t<!-- All in One SEO Pro -->\r\n\t\t<title>Trabucuri Vegas de Jalapa Maduro Toro 20 \u2013 Tabacco House<\/title>\n\n","aioseo_head_json":{"title":"Trabucuri Vegas de Jalapa Maduro Toro 20 \u2013 Tabacco House","description":"","canonical_url":"https:\/\/tabaccomd.com\/ro\/product\/trabucuri-vegas-de-jalapa-maduro-toro-650\/","robots":"max-image-preview:large","keywords":"","webmasterTools":{"miscellaneous":""},"schema":{"@context":"https:\/\/schema.org","@graph":[{"@type":"BreadcrumbList","@id":"https:\/\/tabaccomd.com\/ro\/product\/trabucuri-vegas-de-jalapa-maduro-toro-650\/#breadcrumblist","itemListElement":[{"@type":"ListItem","@id":"https:\/\/tabaccomd.com\/ro\/#listItem","position":1,"name":"\u0413\u043b\u0430\u0432\u043d\u0430\u044f","item":"https:\/\/tabaccomd.com\/ro\/","nextItem":{"@type":"ListItem","@id":"https:\/\/tabaccomd.com\/ro\/catalog\/#listItem","name":"Catalog"}},{"@type":"ListItem","@id":"https:\/\/tabaccomd.com\/ro\/catalog\/#listItem","position":2,"name":"Catalog","item":"https:\/\/tabaccomd.com\/ro\/catalog\/","nextItem":{"@type":"ListItem","@id":"https:\/\/tabaccomd.com\/ro\/product-category\/trabucuri\/#listItem","name":"Trabucuri"},"previousItem":{"@type":"ListItem","@id":"https:\/\/tabaccomd.com\/ro\/#listItem","name":"\u0413\u043b\u0430\u0432\u043d\u0430\u044f"}},{"@type":"ListItem","@id":"https:\/\/tabaccomd.com\/ro\/product-category\/trabucuri\/#listItem","position":3,"name":"Trabucuri","item":"https:\/\/tabaccomd.com\/ro\/product-category\/trabucuri\/","nextItem":{"@type":"ListItem","@id":"https:\/\/tabaccomd.com\/ro\/product-category\/trabucuri\/trabucuri-din-nicaragua\/#listItem","name":"Trabucuri din Nicaragua"},"previousItem":{"@type":"ListItem","@id":"https:\/\/tabaccomd.com\/ro\/catalog\/#listItem","name":"Catalog"}},{"@type":"ListItem","@id":"https:\/\/tabaccomd.com\/ro\/product-category\/trabucuri\/trabucuri-din-nicaragua\/#listItem","position":4,"name":"Trabucuri din Nicaragua","item":"https:\/\/tabaccomd.com\/ro\/product-category\/trabucuri\/trabucuri-din-nicaragua\/","nextItem":{"@type":"ListItem","@id":"https:\/\/tabaccomd.com\/ro\/product\/trabucuri-vegas-de-jalapa-maduro-toro-650\/#listItem","name":"Trabucuri Vegas de Jalapa Maduro Toro 20"},"previousItem":{"@type":"ListItem","@id":"https:\/\/tabaccomd.com\/ro\/product-category\/trabucuri\/#listItem","name":"Trabucuri"}},{"@type":"ListItem","@id":"https:\/\/tabaccomd.com\/ro\/product\/trabucuri-vegas-de-jalapa-maduro-toro-650\/#listItem","position":5,"name":"Trabucuri Vegas de Jalapa Maduro Toro 20","previousItem":{"@type":"ListItem","@id":"https:\/\/tabaccomd.com\/ro\/product-category\/trabucuri\/trabucuri-din-nicaragua\/#listItem","name":"Trabucuri din Nicaragua"}}]},{"@type":"Organization","@id":"https:\/\/tabaccomd.com\/ro\/#organization","name":"Tabacco House","description":"\u041c\u0430\u0433\u0430\u0437\u0438\u043d \u0442\u0430\u0431\u0430\u0447\u043d\u044b\u0445 \u0438\u0437\u0434\u0435\u043b\u0438\u0439","url":"https:\/\/tabaccomd.com\/ro\/","email":"Office@cazacuhouse.com","telephone":"+37361000935","logo":{"@type":"ImageObject","url":"https:\/\/tabaccomd.com\/wp-content\/uploads\/2024\/02\/logo_header3.png","@id":"https:\/\/tabaccomd.com\/ro\/product\/trabucuri-vegas-de-jalapa-maduro-toro-650\/#organizationLogo","width":32,"height":32,"caption":"Tabacco House"},"image":{"@id":"https:\/\/tabaccomd.com\/ro\/product\/trabucuri-vegas-de-jalapa-maduro-toro-650\/#organizationLogo"},"sameAs":["https:\/\/www.facebook.com\/tabaccomd.com\/","https:\/\/www.instagram.com\/tabaccomd.com\/"],"address":{"@id":"https:\/\/tabaccomd.com\/ro\/#postaladdress","@type":"PostalAddress","streetAddress":"Strada Albi\u015foara 4, Chi\u0219in\u0103u, Bulevardul \u0218tefan cel Mare \u0219i Sf\u00eent 136, Chi\u0219in\u0103u","addressLocality":"Chi\u0219in\u0103u","addressCountry":"MD"}},{"@type":"Product","@id":"https:\/\/tabaccomd.com\/ro\/product\/trabucuri-vegas-de-jalapa-maduro-toro-650\/#wooCommerceProduct","name":"Trabucuri Vegas de Jalapa Maduro Toro 20","description":"Pre\u021b indicat pentru 20 de buc\u0103\u021bi\r\n \t\u021aara produc\u0103torului: Nicaragua\r\n \tProduc\u0103tor: Maquiladora de Tabaco Vegas de Jalapa\r\n \tT\u0103rie: Medie\r\n \tDimensiuni: 152,4 mm x 19,84 mm\r\n \tFormat: Toro","url":"https:\/\/tabaccomd.com\/ro\/product\/trabucuri-vegas-de-jalapa-maduro-toro-650\/","sku":"JAL29","image":{"@type":"ImageObject","url":"https:\/\/tabaccomd.com\/wp-content\/uploads\/2025\/01\/Vegas-de-Jalapa2.jpg","@id":"https:\/\/tabaccomd.com\/ro\/product\/trabucuri-vegas-de-jalapa-maduro-toro-650\/#productImage","width":1000,"height":1300},"offers":{"@type":"Offer","url":"https:\/\/tabaccomd.com\/ro\/product\/trabucuri-vegas-de-jalapa-maduro-toro-650\/#wooCommerceOffer","price":6600,"priceCurrency":"MDL","category":"Trabucuri din Nicaragua","availability":"https:\/\/schema.org\/InStock","priceSpecification":{"@type":"PriceSpecification","price":6600,"priceCurrency":"MDL","valueAddedTaxIncluded":"true"},"seller":{"@type":"Organization","@id":"https:\/\/tabaccomd.com\/ro\/#organization"}}},{"@type":"WebPage","@id":"https:\/\/tabaccomd.com\/ro\/product\/trabucuri-vegas-de-jalapa-maduro-toro-650\/#webpage","url":"https:\/\/tabaccomd.com\/ro\/product\/trabucuri-vegas-de-jalapa-maduro-toro-650\/","name":"Trabucuri Vegas de Jalapa Maduro Toro 20 \u2013 Tabacco House","inLanguage":"ro-RO","isPartOf":{"@id":"https:\/\/tabaccomd.com\/ro\/#website"},"breadcrumb":{"@id":"https:\/\/tabaccomd.com\/ro\/product\/trabucuri-vegas-de-jalapa-maduro-toro-650\/#breadcrumblist"},"image":{"@type":"ImageObject","url":"https:\/\/tabaccomd.com\/wp-content\/uploads\/2025\/01\/Vegas-de-Jalapa2.jpg","@id":"https:\/\/tabaccomd.com\/ro\/product\/trabucuri-vegas-de-jalapa-maduro-toro-650\/#mainImage","width":1000,"height":1300},"primaryImageOfPage":{"@id":"https:\/\/tabaccomd.com\/ro\/product\/trabucuri-vegas-de-jalapa-maduro-toro-650\/#mainImage"},"datePublished":"2025-01-14T22:37:02+03:00","dateModified":"2026-04-04T13:29:34+03:00"},{"@type":"WebSite","@id":"https:\/\/tabaccomd.com\/ro\/#website","url":"https:\/\/tabaccomd.com\/ro\/","name":"Tabacco House","alternateName":"tobaccomd.com","description":"\u041c\u0430\u0433\u0430\u0437\u0438\u043d \u0442\u0430\u0431\u0430\u0447\u043d\u044b\u0445 \u0438\u0437\u0434\u0435\u043b\u0438\u0439","inLanguage":"ro-RO","publisher":{"@id":"https:\/\/tabaccomd.com\/ro\/#organization"}}]},"og:locale":"ro_RO","og:site_name":"Tabacco House \u2013 \u041c\u0430\u0433\u0430\u0437\u0438\u043d \u0442\u0430\u0431\u0430\u0447\u043d\u044b\u0445 \u0438\u0437\u0434\u0435\u043b\u0438\u0439","og:type":"article","og:title":"Trabucuri Vegas de Jalapa Maduro Toro 20 \u2013 Tabacco House","og:url":"https:\/\/tabaccomd.com\/ro\/product\/trabucuri-vegas-de-jalapa-maduro-toro-650\/","article:published_time":"2025-01-14T19:37:02+00:00","article:modified_time":"2026-04-04T10:29:34+00:00","article:publisher":"https:\/\/www.facebook.com\/tabaccomd.com\/","twitter:card":"summary_large_image","twitter:title":"Trabucuri Vegas de Jalapa Maduro Toro 20 \u2013 Tabacco House"},"aioseo_meta_data":{"post_id":"145832","title":null,"description":null,"keywords":null,"keyphrases":{"focus":{"keyphrase":"","score":0,"analysis":{"keyphraseInTitle":{"score":0,"maxScore":9,"error":1}}},"additional":[]},"primary_term":null,"canonical_url":null,"og_title":null,"og_description":null,"og_object_type":"default","og_image_type":"default","og_image_url":null,"og_image_width":null,"og_image_height":null,"og_image_custom_url":null,"og_image_custom_fields":null,"og_video":"","og_custom_url":null,"og_article_section":null,"og_article_tags":null,"twitter_use_og":false,"twitter_card":"default","twitter_image_type":"default","twitter_image_url":null,"twitter_image_custom_url":null,"twitter_image_custom_fields":null,"twitter_title":null,"twitter_description":null,"schema":{"blockGraphs":[],"customGraphs":[],"default":{"data":{"Article":[],"Course":[],"Dataset":[],"FAQPage":[],"Movie":[],"Person":[],"Product":[],"ProductReview":[],"Car":[],"Recipe":[],"Service":[],"SoftwareApplication":[],"WebPage":[]},"graphName":"ItemPage","isEnabled":true},"graphs":[]},"schema_type":"default","schema_type_options":null,"pillar_content":false,"robots_default":true,"robots_noindex":false,"robots_noarchive":false,"robots_nosnippet":false,"robots_nofollow":false,"robots_noimageindex":false,"robots_noodp":false,"robots_notranslate":false,"robots_max_snippet":"-1","robots_max_videopreview":"-1","robots_max_imagepreview":"large","priority":null,"frequency":"default","local_seo":null,"seo_analyzer_scan_date":"2026-04-04 11:13:23","breadcrumb_settings":null,"limit_modified_date":false,"reviewed_by":null,"open_ai":null,"ai":null,"created":"2025-01-14 19:37:12","updated":"2026-04-04 11:13:23"},"aioseo_breadcrumb":"<div class=\"aioseo-breadcrumbs\"><span class=\"aioseo-breadcrumb\">\n\t<a href=\"https:\/\/tabaccomd.com\/ro\/\" title=\"\u0413\u043b\u0430\u0432\u043d\u0430\u044f\">\u0413\u043b\u0430\u0432\u043d\u0430\u044f<\/a>\n<\/span><span class=\"aioseo-breadcrumb-separator\">\u00bb<\/span><span class=\"aioseo-breadcrumb\">\n\t<a href=\"https:\/\/tabaccomd.com\/ro\/catalog\/\" title=\"Catalog\">Catalog<\/a>\n<\/span><span class=\"aioseo-breadcrumb-separator\">\u00bb<\/span><span class=\"aioseo-breadcrumb\">\n\t<a href=\"https:\/\/tabaccomd.com\/ro\/product-category\/trabucuri\/\" title=\"Trabucuri\">Trabucuri<\/a>\n<\/span><span class=\"aioseo-breadcrumb-separator\">\u00bb<\/span><span class=\"aioseo-breadcrumb\">\n\t<a href=\"https:\/\/tabaccomd.com\/ro\/product-category\/trabucuri\/trabucuri-din-nicaragua\/\" title=\"Trabucuri din Nicaragua\">Trabucuri din Nicaragua<\/a>\n<\/span><span class=\"aioseo-breadcrumb-separator\">\u00bb<\/span><span class=\"aioseo-breadcrumb\">\n\tTrabucuri Vegas de Jalapa Maduro Toro 20\n<\/span><\/div>","aioseo_breadcrumb_json":[{"label":"\u0413\u043b\u0430\u0432\u043d\u0430\u044f","link":"https:\/\/tabaccomd.com\/ro\/"},{"label":"Catalog","link":"https:\/\/tabaccomd.com\/ro\/catalog\/"},{"label":"Trabucuri","link":"https:\/\/tabaccomd.com\/ro\/product-category\/trabucuri\/"},{"label":"Trabucuri din Nicaragua","link":"https:\/\/tabaccomd.com\/ro\/product-category\/trabucuri\/trabucuri-din-nicaragua\/"},{"label":"Trabucuri Vegas de Jalapa Maduro Toro 20","link":"https:\/\/tabaccomd.com\/ro\/product\/trabucuri-vegas-de-jalapa-maduro-toro-650\/"}],"images_for_1c":[{"url":"https:\/\/tabaccomd.com\/wp-content\/uploads\/2025\/01\/Vegas-de-Jalapa2.jpg","type":"featured","alt":"","filename":"Vegas-de-Jalapa2.jpg"},{"url":"https:\/\/tabaccomd.com\/wp-content\/uploads\/2025\/01\/Vegas-de-Jalapa.jpg","type":"gallery","alt":"","filename":"Vegas-de-Jalapa.jpg"}],"additional_data_1c":{"modified_date":"2026-04-04 13:29:34","permalink":"https:\/\/tabaccomd.com\/ro\/product\/trabucuri-vegas-de-jalapa-maduro-toro-650\/","stock_status":"instock","manage_stock":"no"},"_links":{"self":[{"href":"https:\/\/tabaccomd.com\/ro\/wp-json\/wp\/v2\/product\/145832","targetHints":{"allow":["GET"]}}],"collection":[{"href":"https:\/\/tabaccomd.com\/ro\/wp-json\/wp\/v2\/product"}],"about":[{"href":"https:\/\/tabaccomd.com\/ro\/wp-json\/wp\/v2\/types\/product"}],"wp:featuredmedia":[{"embeddable":true,"href":"https:\/\/tabaccomd.com\/ro\/wp-json\/wp\/v2\/media\/145814"}],"wp:attachment":[{"href":"https:\/\/tabaccomd.com\/ro\/wp-json\/wp\/v2\/media?parent=145832"}],"wp:term":[{"taxonomy":"product_brand","embeddable":true,"href":"https:\/\/tabaccomd.com\/ro\/wp-json\/wp\/v2\/product_brand?post=145832"},{"taxonomy":"product_cat","embeddable":true,"href":"https:\/\/tabaccomd.com\/ro\/wp-json\/wp\/v2\/product_cat?post=145832"},{"taxonomy":"product_tag","embeddable":true,"href":"https:\/\/tabaccomd.com\/ro\/wp-json\/wp\/v2\/product_tag?post=145832"}],"curies":[{"name":"wp","href":"https:\/\/api.w.org\/{rel}","templated":true}]}}