{"id":143641,"date":"2024-11-05T15:02:16","date_gmt":"2024-11-05T12:02:16","guid":{"rendered":"https:\/\/tabaccomd.com\/product\/elf-bar-crystal-600-tobacco-mix-03\/"},"modified":"2024-11-05T15:02:16","modified_gmt":"2024-11-05T12:02:16","slug":"elf-bar-crystal-600-tobacco-mix-03","status":"publish","type":"product","link":"https:\/\/tabaccomd.com\/ro\/product\/elf-bar-crystal-600-tobacco-mix-03\/","title":{"rendered":"Elf Bar Crystal 600 \u2013 Tobacco Mix #03"},"content":{"rendered":"<p><a class=\"cursor-init\" href=\"https:\/\/tabaccomd.com\/ro\/categorie-produs\/e-shisha-ro-2\/elfbar-ro-2\/\">Vape-ul<\/a>\u00a0de unic\u0103 folosin\u021b\u0103 Elfbar Crystal CR600 este o combina\u021bie de gust limpede, performan\u021b\u0103 ridicat\u0103 \u0219i design elegant. Dispun\u00e2nd de bobina inovatoare Quaq mesh \u0219i baterie re\u00eenc\u0103rcabil\u0103 Quaq, se activeaz\u0103 instantaneu atunci c\u00e2nd puf\u0103i, cre\u00e2nd arome mai bogate \u0219i de lung\u0103 durat\u0103. Vae-ul ofer\u0103 p\u00e2n\u0103 la 600 de pufuri, oferind pl\u0103cere \u0219i confort de lung\u0103 durat\u0103 \u00een timpul utiliz\u0103rii.<\/p>\n<p>Pute\u021bi achizi\u021biona Elf Bar Crystal 600 \u2013 Tobacco Mix \u00een Moldova, Chi\u0219in\u0103u, \u00een re\u021beaua de magazine Tabacco House.<\/p>\n","protected":false},"excerpt":{"rendered":"<ul>\n<li>Brand: Elf Bar<\/li>\n<li>Capacitate cartu\u0219: 2,0 ml<\/li>\n<li>Produc\u0103tor: China<\/li>\n<li>Con\u021binut de nicotin\u0103: 20 mg\/ml<\/li>\n<li>Baterie: 350 mAh<\/li>\n<li>Num\u0103r de pufuri: 600<\/li>\n<li>Arom\u0103: Tutun<\/li>\n<\/ul>\n","protected":false},"featured_media":143640,"template":"","meta":{"om_disable_all_campaigns":false,"_monsterinsights_skip_tracking":false,"_monsterinsights_sitenote_active":false,"_monsterinsights_sitenote_note":"","_monsterinsights_sitenote_category":0},"product_brand":[],"product_cat":[229],"product_tag":[],"class_list":{"0":"post-143641","1":"product","2":"type-product","3":"status-publish","4":"has-post-thumbnail","6":"product_cat-elfbar-ro-2","8":"first","9":"outofstock","10":"taxable","11":"shipping-taxable","12":"purchasable","13":"product-type-simple"},"aioseo_notices":[],"aioseo_head":"\n\t\t<!-- All in One SEO Pro 4.9.5.2 - aioseo.com -->\n\t<meta name=\"robots\" content=\"max-image-preview:large\" \/>\n\t<link rel=\"canonical\" href=\"https:\/\/tabaccomd.com\/ro\/product\/elf-bar-crystal-600-tobacco-mix-03\/\" \/>\n\t<meta name=\"generator\" content=\"All in One SEO Pro (AIOSEO) 4.9.5.2\" \/>\n\t\t<meta property=\"og:locale\" content=\"ro_RO\" \/>\n\t\t<meta property=\"og:site_name\" content=\"Tabacco House \u2013 \u041c\u0430\u0433\u0430\u0437\u0438\u043d \u0442\u0430\u0431\u0430\u0447\u043d\u044b\u0445 \u0438\u0437\u0434\u0435\u043b\u0438\u0439\" \/>\n\t\t<meta property=\"og:type\" content=\"article\" \/>\n\t\t<meta property=\"og:title\" content=\"Elf Bar Crystal 600 \u2013 Tobacco Mix #03 \u2013 Tabacco House\" \/>\n\t\t<meta property=\"og:url\" content=\"https:\/\/tabaccomd.com\/ro\/product\/elf-bar-crystal-600-tobacco-mix-03\/\" \/>\n\t\t<meta property=\"article:published_time\" content=\"2024-11-05T12:02:16+00:00\" \/>\n\t\t<meta property=\"article:modified_time\" content=\"2024-11-05T12:02:16+00:00\" \/>\n\t\t<meta property=\"article:publisher\" content=\"https:\/\/www.facebook.com\/tabaccomd.com\/\" \/>\n\t\t<meta name=\"twitter:card\" content=\"summary_large_image\" \/>\n\t\t<meta name=\"twitter:title\" content=\"Elf Bar Crystal 600 \u2013 Tobacco Mix #03 \u2013 Tabacco House\" \/>\n\t\t<script type=\"application\/ld+json\" class=\"aioseo-schema\">\n\t\t\t{\"@context\":\"https:\\\/\\\/schema.org\",\"@graph\":[{\"@type\":\"BreadcrumbList\",\"@id\":\"https:\\\/\\\/tabaccomd.com\\\/ro\\\/product\\\/elf-bar-crystal-600-tobacco-mix-03\\\/#breadcrumblist\",\"itemListElement\":[{\"@type\":\"ListItem\",\"@id\":\"https:\\\/\\\/tabaccomd.com\\\/ro\\\/#listItem\",\"position\":1,\"name\":\"\\u0413\\u043b\\u0430\\u0432\\u043d\\u0430\\u044f\",\"item\":\"https:\\\/\\\/tabaccomd.com\\\/ro\\\/\",\"nextItem\":{\"@type\":\"ListItem\",\"@id\":\"https:\\\/\\\/tabaccomd.com\\\/ro\\\/catalog\\\/#listItem\",\"name\":\"Catalog\"}},{\"@type\":\"ListItem\",\"@id\":\"https:\\\/\\\/tabaccomd.com\\\/ro\\\/catalog\\\/#listItem\",\"position\":2,\"name\":\"Catalog\",\"item\":\"https:\\\/\\\/tabaccomd.com\\\/ro\\\/catalog\\\/\",\"nextItem\":{\"@type\":\"ListItem\",\"@id\":\"https:\\\/\\\/tabaccomd.com\\\/ro\\\/product-category\\\/e-shisha-ro-2\\\/#listItem\",\"name\":\"E-Shisha\"},\"previousItem\":{\"@type\":\"ListItem\",\"@id\":\"https:\\\/\\\/tabaccomd.com\\\/ro\\\/#listItem\",\"name\":\"\\u0413\\u043b\\u0430\\u0432\\u043d\\u0430\\u044f\"}},{\"@type\":\"ListItem\",\"@id\":\"https:\\\/\\\/tabaccomd.com\\\/ro\\\/product-category\\\/e-shisha-ro-2\\\/#listItem\",\"position\":3,\"name\":\"E-Shisha\",\"item\":\"https:\\\/\\\/tabaccomd.com\\\/ro\\\/product-category\\\/e-shisha-ro-2\\\/\",\"nextItem\":{\"@type\":\"ListItem\",\"@id\":\"https:\\\/\\\/tabaccomd.com\\\/ro\\\/product-category\\\/e-shisha-ro-2\\\/elfbar-ro-2\\\/#listItem\",\"name\":\"Elfbar\"},\"previousItem\":{\"@type\":\"ListItem\",\"@id\":\"https:\\\/\\\/tabaccomd.com\\\/ro\\\/catalog\\\/#listItem\",\"name\":\"Catalog\"}},{\"@type\":\"ListItem\",\"@id\":\"https:\\\/\\\/tabaccomd.com\\\/ro\\\/product-category\\\/e-shisha-ro-2\\\/elfbar-ro-2\\\/#listItem\",\"position\":4,\"name\":\"Elfbar\",\"item\":\"https:\\\/\\\/tabaccomd.com\\\/ro\\\/product-category\\\/e-shisha-ro-2\\\/elfbar-ro-2\\\/\",\"nextItem\":{\"@type\":\"ListItem\",\"@id\":\"https:\\\/\\\/tabaccomd.com\\\/ro\\\/product\\\/elf-bar-crystal-600-tobacco-mix-03\\\/#listItem\",\"name\":\"Elf Bar Crystal 600 \\u2013 Tobacco Mix #03\"},\"previousItem\":{\"@type\":\"ListItem\",\"@id\":\"https:\\\/\\\/tabaccomd.com\\\/ro\\\/product-category\\\/e-shisha-ro-2\\\/#listItem\",\"name\":\"E-Shisha\"}},{\"@type\":\"ListItem\",\"@id\":\"https:\\\/\\\/tabaccomd.com\\\/ro\\\/product\\\/elf-bar-crystal-600-tobacco-mix-03\\\/#listItem\",\"position\":5,\"name\":\"Elf Bar Crystal 600 \\u2013 Tobacco Mix #03\",\"previousItem\":{\"@type\":\"ListItem\",\"@id\":\"https:\\\/\\\/tabaccomd.com\\\/ro\\\/product-category\\\/e-shisha-ro-2\\\/elfbar-ro-2\\\/#listItem\",\"name\":\"Elfbar\"}}]},{\"@type\":\"Organization\",\"@id\":\"https:\\\/\\\/tabaccomd.com\\\/ro\\\/#organization\",\"name\":\"Tabacco House\",\"description\":\"\\u041c\\u0430\\u0433\\u0430\\u0437\\u0438\\u043d \\u0442\\u0430\\u0431\\u0430\\u0447\\u043d\\u044b\\u0445 \\u0438\\u0437\\u0434\\u0435\\u043b\\u0438\\u0439\",\"url\":\"https:\\\/\\\/tabaccomd.com\\\/ro\\\/\",\"email\":\"Office@cazacuhouse.com\",\"telephone\":\"+37361000935\",\"logo\":{\"@type\":\"ImageObject\",\"url\":\"https:\\\/\\\/tabaccomd.com\\\/wp-content\\\/uploads\\\/2024\\\/02\\\/logo_header3.png\",\"@id\":\"https:\\\/\\\/tabaccomd.com\\\/ro\\\/product\\\/elf-bar-crystal-600-tobacco-mix-03\\\/#organizationLogo\",\"width\":32,\"height\":32,\"caption\":\"Tabacco House\"},\"image\":{\"@id\":\"https:\\\/\\\/tabaccomd.com\\\/ro\\\/product\\\/elf-bar-crystal-600-tobacco-mix-03\\\/#organizationLogo\"},\"sameAs\":[\"https:\\\/\\\/www.facebook.com\\\/tabaccomd.com\\\/\",\"https:\\\/\\\/www.instagram.com\\\/tabaccomd.com\\\/\"],\"address\":{\"@id\":\"https:\\\/\\\/tabaccomd.com\\\/ro\\\/#postaladdress\",\"@type\":\"PostalAddress\",\"streetAddress\":\"Strada Albi\\u015foara 4, Chi\\u0219in\\u0103u, Bulevardul \\u0218tefan cel Mare \\u0219i Sf\\u00eent 136, Chi\\u0219in\\u0103u\",\"addressLocality\":\"Chi\\u0219in\\u0103u\",\"addressCountry\":\"MD\"}},{\"@type\":\"Product\",\"@id\":\"https:\\\/\\\/tabaccomd.com\\\/ro\\\/product\\\/elf-bar-crystal-600-tobacco-mix-03\\\/#wooCommerceProduct\",\"name\":\"Elf Bar Crystal 600 \\u2013 Tobacco Mix #03\",\"description\":\"Brand: Elf Bar\\r\\n \\tCapacitate cartu\\u0219: 2,0 ml\\r\\n \\tProduc\\u0103tor: China\\r\\n \\tCon\\u021binut de nicotin\\u0103: 20 mg\\\/ml\\r\\n \\tBaterie: 350 mAh\\r\\n \\tNum\\u0103r de pufuri: 600\\r\\n \\tArom\\u0103: Tutun\",\"url\":\"https:\\\/\\\/tabaccomd.com\\\/ro\\\/product\\\/elf-bar-crystal-600-tobacco-mix-03\\\/\",\"sku\":\"ELFCR03\",\"image\":{\"@type\":\"ImageObject\",\"url\":\"https:\\\/\\\/tabaccomd.com\\\/wp-content\\\/uploads\\\/2024\\\/11\\\/Elf-Bar-Crystal-600-\\u2013-Tobacco-Mix-03.jpg\",\"@id\":\"https:\\\/\\\/tabaccomd.com\\\/ro\\\/product\\\/elf-bar-crystal-600-tobacco-mix-03\\\/#productImage\",\"width\":1100,\"height\":1100,\"caption\":\"Elf Bar Crystal 600 \\u2013 Tobacco Mix #03\"},\"offers\":{\"@type\":\"Offer\",\"url\":\"https:\\\/\\\/tabaccomd.com\\\/ro\\\/product\\\/elf-bar-crystal-600-tobacco-mix-03\\\/#wooCommerceOffer\",\"price\":190,\"priceCurrency\":\"MDL\",\"category\":\"Elfbar\",\"availability\":\"https:\\\/\\\/schema.org\\\/OutOfStock\",\"priceSpecification\":{\"@type\":\"PriceSpecification\",\"price\":190,\"priceCurrency\":\"MDL\",\"valueAddedTaxIncluded\":\"true\"},\"seller\":{\"@type\":\"Organization\",\"@id\":\"https:\\\/\\\/tabaccomd.com\\\/ro\\\/#organization\"}}},{\"@type\":\"WebPage\",\"@id\":\"https:\\\/\\\/tabaccomd.com\\\/ro\\\/product\\\/elf-bar-crystal-600-tobacco-mix-03\\\/#webpage\",\"url\":\"https:\\\/\\\/tabaccomd.com\\\/ro\\\/product\\\/elf-bar-crystal-600-tobacco-mix-03\\\/\",\"name\":\"Elf Bar Crystal 600 \\u2013 Tobacco Mix #03 \\u2013 Tabacco House\",\"inLanguage\":\"ro-RO\",\"isPartOf\":{\"@id\":\"https:\\\/\\\/tabaccomd.com\\\/ro\\\/#website\"},\"breadcrumb\":{\"@id\":\"https:\\\/\\\/tabaccomd.com\\\/ro\\\/product\\\/elf-bar-crystal-600-tobacco-mix-03\\\/#breadcrumblist\"},\"image\":{\"@type\":\"ImageObject\",\"url\":\"https:\\\/\\\/tabaccomd.com\\\/wp-content\\\/uploads\\\/2024\\\/11\\\/Elf-Bar-Crystal-600-\\u2013-Tobacco-Mix-03.jpg\",\"@id\":\"https:\\\/\\\/tabaccomd.com\\\/ro\\\/product\\\/elf-bar-crystal-600-tobacco-mix-03\\\/#mainImage\",\"width\":1100,\"height\":1100,\"caption\":\"Elf Bar Crystal 600 \\u2013 Tobacco Mix #03\"},\"primaryImageOfPage\":{\"@id\":\"https:\\\/\\\/tabaccomd.com\\\/ro\\\/product\\\/elf-bar-crystal-600-tobacco-mix-03\\\/#mainImage\"},\"datePublished\":\"2024-11-05T15:02:16+03:00\",\"dateModified\":\"2024-11-05T15:02:16+03:00\"},{\"@type\":\"WebSite\",\"@id\":\"https:\\\/\\\/tabaccomd.com\\\/ro\\\/#website\",\"url\":\"https:\\\/\\\/tabaccomd.com\\\/ro\\\/\",\"name\":\"Tabacco House\",\"alternateName\":\"tobaccomd.com\",\"description\":\"\\u041c\\u0430\\u0433\\u0430\\u0437\\u0438\\u043d \\u0442\\u0430\\u0431\\u0430\\u0447\\u043d\\u044b\\u0445 \\u0438\\u0437\\u0434\\u0435\\u043b\\u0438\\u0439\",\"inLanguage\":\"ro-RO\",\"publisher\":{\"@id\":\"https:\\\/\\\/tabaccomd.com\\\/ro\\\/#organization\"}}]}\n\t\t<\/script>\n\t\t<!-- All in One SEO Pro -->\r\n\t\t<title>Elf Bar Crystal 600 \u2013 Tobacco Mix #03 \u2013 Tabacco House<\/title>\n\n","aioseo_head_json":{"title":"Elf Bar Crystal 600 \u2013 Tobacco Mix #03 \u2013 Tabacco House","description":"","canonical_url":"https:\/\/tabaccomd.com\/ro\/product\/elf-bar-crystal-600-tobacco-mix-03\/","robots":"max-image-preview:large","keywords":"","webmasterTools":{"miscellaneous":""},"schema":{"@context":"https:\/\/schema.org","@graph":[{"@type":"BreadcrumbList","@id":"https:\/\/tabaccomd.com\/ro\/product\/elf-bar-crystal-600-tobacco-mix-03\/#breadcrumblist","itemListElement":[{"@type":"ListItem","@id":"https:\/\/tabaccomd.com\/ro\/#listItem","position":1,"name":"\u0413\u043b\u0430\u0432\u043d\u0430\u044f","item":"https:\/\/tabaccomd.com\/ro\/","nextItem":{"@type":"ListItem","@id":"https:\/\/tabaccomd.com\/ro\/catalog\/#listItem","name":"Catalog"}},{"@type":"ListItem","@id":"https:\/\/tabaccomd.com\/ro\/catalog\/#listItem","position":2,"name":"Catalog","item":"https:\/\/tabaccomd.com\/ro\/catalog\/","nextItem":{"@type":"ListItem","@id":"https:\/\/tabaccomd.com\/ro\/product-category\/e-shisha-ro-2\/#listItem","name":"E-Shisha"},"previousItem":{"@type":"ListItem","@id":"https:\/\/tabaccomd.com\/ro\/#listItem","name":"\u0413\u043b\u0430\u0432\u043d\u0430\u044f"}},{"@type":"ListItem","@id":"https:\/\/tabaccomd.com\/ro\/product-category\/e-shisha-ro-2\/#listItem","position":3,"name":"E-Shisha","item":"https:\/\/tabaccomd.com\/ro\/product-category\/e-shisha-ro-2\/","nextItem":{"@type":"ListItem","@id":"https:\/\/tabaccomd.com\/ro\/product-category\/e-shisha-ro-2\/elfbar-ro-2\/#listItem","name":"Elfbar"},"previousItem":{"@type":"ListItem","@id":"https:\/\/tabaccomd.com\/ro\/catalog\/#listItem","name":"Catalog"}},{"@type":"ListItem","@id":"https:\/\/tabaccomd.com\/ro\/product-category\/e-shisha-ro-2\/elfbar-ro-2\/#listItem","position":4,"name":"Elfbar","item":"https:\/\/tabaccomd.com\/ro\/product-category\/e-shisha-ro-2\/elfbar-ro-2\/","nextItem":{"@type":"ListItem","@id":"https:\/\/tabaccomd.com\/ro\/product\/elf-bar-crystal-600-tobacco-mix-03\/#listItem","name":"Elf Bar Crystal 600 \u2013 Tobacco Mix #03"},"previousItem":{"@type":"ListItem","@id":"https:\/\/tabaccomd.com\/ro\/product-category\/e-shisha-ro-2\/#listItem","name":"E-Shisha"}},{"@type":"ListItem","@id":"https:\/\/tabaccomd.com\/ro\/product\/elf-bar-crystal-600-tobacco-mix-03\/#listItem","position":5,"name":"Elf Bar Crystal 600 \u2013 Tobacco Mix #03","previousItem":{"@type":"ListItem","@id":"https:\/\/tabaccomd.com\/ro\/product-category\/e-shisha-ro-2\/elfbar-ro-2\/#listItem","name":"Elfbar"}}]},{"@type":"Organization","@id":"https:\/\/tabaccomd.com\/ro\/#organization","name":"Tabacco House","description":"\u041c\u0430\u0433\u0430\u0437\u0438\u043d \u0442\u0430\u0431\u0430\u0447\u043d\u044b\u0445 \u0438\u0437\u0434\u0435\u043b\u0438\u0439","url":"https:\/\/tabaccomd.com\/ro\/","email":"Office@cazacuhouse.com","telephone":"+37361000935","logo":{"@type":"ImageObject","url":"https:\/\/tabaccomd.com\/wp-content\/uploads\/2024\/02\/logo_header3.png","@id":"https:\/\/tabaccomd.com\/ro\/product\/elf-bar-crystal-600-tobacco-mix-03\/#organizationLogo","width":32,"height":32,"caption":"Tabacco House"},"image":{"@id":"https:\/\/tabaccomd.com\/ro\/product\/elf-bar-crystal-600-tobacco-mix-03\/#organizationLogo"},"sameAs":["https:\/\/www.facebook.com\/tabaccomd.com\/","https:\/\/www.instagram.com\/tabaccomd.com\/"],"address":{"@id":"https:\/\/tabaccomd.com\/ro\/#postaladdress","@type":"PostalAddress","streetAddress":"Strada Albi\u015foara 4, Chi\u0219in\u0103u, Bulevardul \u0218tefan cel Mare \u0219i Sf\u00eent 136, Chi\u0219in\u0103u","addressLocality":"Chi\u0219in\u0103u","addressCountry":"MD"}},{"@type":"Product","@id":"https:\/\/tabaccomd.com\/ro\/product\/elf-bar-crystal-600-tobacco-mix-03\/#wooCommerceProduct","name":"Elf Bar Crystal 600 \u2013 Tobacco Mix #03","description":"Brand: Elf Bar\r\n \tCapacitate cartu\u0219: 2,0 ml\r\n \tProduc\u0103tor: China\r\n \tCon\u021binut de nicotin\u0103: 20 mg\/ml\r\n \tBaterie: 350 mAh\r\n \tNum\u0103r de pufuri: 600\r\n \tArom\u0103: Tutun","url":"https:\/\/tabaccomd.com\/ro\/product\/elf-bar-crystal-600-tobacco-mix-03\/","sku":"ELFCR03","image":{"@type":"ImageObject","url":"https:\/\/tabaccomd.com\/wp-content\/uploads\/2024\/11\/Elf-Bar-Crystal-600-\u2013-Tobacco-Mix-03.jpg","@id":"https:\/\/tabaccomd.com\/ro\/product\/elf-bar-crystal-600-tobacco-mix-03\/#productImage","width":1100,"height":1100,"caption":"Elf Bar Crystal 600 \u2013 Tobacco Mix #03"},"offers":{"@type":"Offer","url":"https:\/\/tabaccomd.com\/ro\/product\/elf-bar-crystal-600-tobacco-mix-03\/#wooCommerceOffer","price":190,"priceCurrency":"MDL","category":"Elfbar","availability":"https:\/\/schema.org\/OutOfStock","priceSpecification":{"@type":"PriceSpecification","price":190,"priceCurrency":"MDL","valueAddedTaxIncluded":"true"},"seller":{"@type":"Organization","@id":"https:\/\/tabaccomd.com\/ro\/#organization"}}},{"@type":"WebPage","@id":"https:\/\/tabaccomd.com\/ro\/product\/elf-bar-crystal-600-tobacco-mix-03\/#webpage","url":"https:\/\/tabaccomd.com\/ro\/product\/elf-bar-crystal-600-tobacco-mix-03\/","name":"Elf Bar Crystal 600 \u2013 Tobacco Mix #03 \u2013 Tabacco House","inLanguage":"ro-RO","isPartOf":{"@id":"https:\/\/tabaccomd.com\/ro\/#website"},"breadcrumb":{"@id":"https:\/\/tabaccomd.com\/ro\/product\/elf-bar-crystal-600-tobacco-mix-03\/#breadcrumblist"},"image":{"@type":"ImageObject","url":"https:\/\/tabaccomd.com\/wp-content\/uploads\/2024\/11\/Elf-Bar-Crystal-600-\u2013-Tobacco-Mix-03.jpg","@id":"https:\/\/tabaccomd.com\/ro\/product\/elf-bar-crystal-600-tobacco-mix-03\/#mainImage","width":1100,"height":1100,"caption":"Elf Bar Crystal 600 \u2013 Tobacco Mix #03"},"primaryImageOfPage":{"@id":"https:\/\/tabaccomd.com\/ro\/product\/elf-bar-crystal-600-tobacco-mix-03\/#mainImage"},"datePublished":"2024-11-05T15:02:16+03:00","dateModified":"2024-11-05T15:02:16+03:00"},{"@type":"WebSite","@id":"https:\/\/tabaccomd.com\/ro\/#website","url":"https:\/\/tabaccomd.com\/ro\/","name":"Tabacco House","alternateName":"tobaccomd.com","description":"\u041c\u0430\u0433\u0430\u0437\u0438\u043d \u0442\u0430\u0431\u0430\u0447\u043d\u044b\u0445 \u0438\u0437\u0434\u0435\u043b\u0438\u0439","inLanguage":"ro-RO","publisher":{"@id":"https:\/\/tabaccomd.com\/ro\/#organization"}}]},"og:locale":"ro_RO","og:site_name":"Tabacco House \u2013 \u041c\u0430\u0433\u0430\u0437\u0438\u043d \u0442\u0430\u0431\u0430\u0447\u043d\u044b\u0445 \u0438\u0437\u0434\u0435\u043b\u0438\u0439","og:type":"article","og:title":"Elf Bar Crystal 600 \u2013 Tobacco Mix #03 \u2013 Tabacco House","og:url":"https:\/\/tabaccomd.com\/ro\/product\/elf-bar-crystal-600-tobacco-mix-03\/","article:published_time":"2024-11-05T12:02:16+00:00","article:modified_time":"2024-11-05T12:02:16+00:00","article:publisher":"https:\/\/www.facebook.com\/tabaccomd.com\/","twitter:card":"summary_large_image","twitter:title":"Elf Bar Crystal 600 \u2013 Tobacco Mix #03 \u2013 Tabacco House"},"aioseo_meta_data":{"post_id":"143641","title":null,"description":null,"keywords":null,"keyphrases":null,"primary_term":null,"canonical_url":null,"og_title":null,"og_description":null,"og_object_type":"default","og_image_type":"default","og_image_url":null,"og_image_width":null,"og_image_height":null,"og_image_custom_url":null,"og_image_custom_fields":null,"og_video":null,"og_custom_url":null,"og_article_section":null,"og_article_tags":null,"twitter_use_og":false,"twitter_card":"default","twitter_image_type":"default","twitter_image_url":null,"twitter_image_custom_url":null,"twitter_image_custom_fields":null,"twitter_title":null,"twitter_description":null,"schema":{"blockGraphs":[],"customGraphs":[],"default":{"data":{"Article":[],"Course":[],"Dataset":[],"FAQPage":[],"Movie":[],"Person":[],"Product":[],"ProductReview":[],"Car":[],"Recipe":[],"Service":[],"SoftwareApplication":[],"WebPage":[]},"graphName":"","isEnabled":true},"graphs":[]},"schema_type":"default","schema_type_options":null,"pillar_content":false,"robots_default":true,"robots_noindex":false,"robots_noarchive":false,"robots_nosnippet":false,"robots_nofollow":false,"robots_noimageindex":false,"robots_noodp":false,"robots_notranslate":false,"robots_max_snippet":null,"robots_max_videopreview":null,"robots_max_imagepreview":"large","priority":null,"frequency":null,"local_seo":null,"seo_analyzer_scan_date":"2025-10-20 20:15:16","breadcrumb_settings":null,"limit_modified_date":false,"reviewed_by":null,"open_ai":null,"ai":null,"created":"2024-11-05 12:07:15","updated":"2025-10-20 20:15:16"},"aioseo_breadcrumb":"<div class=\"aioseo-breadcrumbs\"><span class=\"aioseo-breadcrumb\">\n\t<a href=\"https:\/\/tabaccomd.com\/ro\/\" title=\"\u0413\u043b\u0430\u0432\u043d\u0430\u044f\">\u0413\u043b\u0430\u0432\u043d\u0430\u044f<\/a>\n<\/span><span class=\"aioseo-breadcrumb-separator\">\u00bb<\/span><span class=\"aioseo-breadcrumb\">\n\t<a href=\"https:\/\/tabaccomd.com\/ro\/catalog\/\" title=\"Catalog\">Catalog<\/a>\n<\/span><span class=\"aioseo-breadcrumb-separator\">\u00bb<\/span><span class=\"aioseo-breadcrumb\">\n\t<a href=\"https:\/\/tabaccomd.com\/ro\/product-category\/e-shisha-ro-2\/\" title=\"E-Shisha\">E-Shisha<\/a>\n<\/span><span class=\"aioseo-breadcrumb-separator\">\u00bb<\/span><span class=\"aioseo-breadcrumb\">\n\t<a href=\"https:\/\/tabaccomd.com\/ro\/product-category\/e-shisha-ro-2\/elfbar-ro-2\/\" title=\"Elfbar\">Elfbar<\/a>\n<\/span><span class=\"aioseo-breadcrumb-separator\">\u00bb<\/span><span class=\"aioseo-breadcrumb\">\n\tElf Bar Crystal 600 \u2013 Tobacco Mix #03\n<\/span><\/div>","aioseo_breadcrumb_json":[{"label":"\u0413\u043b\u0430\u0432\u043d\u0430\u044f","link":"https:\/\/tabaccomd.com\/ro\/"},{"label":"Catalog","link":"https:\/\/tabaccomd.com\/ro\/catalog\/"},{"label":"E-Shisha","link":"https:\/\/tabaccomd.com\/ro\/product-category\/e-shisha-ro-2\/"},{"label":"Elfbar","link":"https:\/\/tabaccomd.com\/ro\/product-category\/e-shisha-ro-2\/elfbar-ro-2\/"},{"label":"Elf Bar Crystal 600 \u2013 Tobacco Mix #03","link":"https:\/\/tabaccomd.com\/ro\/product\/elf-bar-crystal-600-tobacco-mix-03\/"}],"images_for_1c":[{"url":"https:\/\/tabaccomd.com\/wp-content\/uploads\/2024\/11\/Elf-Bar-Crystal-600-\u2013-Tobacco-Mix-03.jpg","type":"featured","alt":"Elf Bar Crystal 600 \u2013 Tobacco Mix #03","filename":"Elf-Bar-Crystal-600-\u2013-Tobacco-Mix-03.jpg"}],"additional_data_1c":{"modified_date":"2024-11-05 15:02:16","permalink":"https:\/\/tabaccomd.com\/ro\/product\/elf-bar-crystal-600-tobacco-mix-03\/","stock_status":"outofstock","manage_stock":"no"},"_links":{"self":[{"href":"https:\/\/tabaccomd.com\/ro\/wp-json\/wp\/v2\/product\/143641","targetHints":{"allow":["GET"]}}],"collection":[{"href":"https:\/\/tabaccomd.com\/ro\/wp-json\/wp\/v2\/product"}],"about":[{"href":"https:\/\/tabaccomd.com\/ro\/wp-json\/wp\/v2\/types\/product"}],"wp:featuredmedia":[{"embeddable":true,"href":"https:\/\/tabaccomd.com\/ro\/wp-json\/wp\/v2\/media\/143640"}],"wp:attachment":[{"href":"https:\/\/tabaccomd.com\/ro\/wp-json\/wp\/v2\/media?parent=143641"}],"wp:term":[{"taxonomy":"product_brand","embeddable":true,"href":"https:\/\/tabaccomd.com\/ro\/wp-json\/wp\/v2\/product_brand?post=143641"},{"taxonomy":"product_cat","embeddable":true,"href":"https:\/\/tabaccomd.com\/ro\/wp-json\/wp\/v2\/product_cat?post=143641"},{"taxonomy":"product_tag","embeddable":true,"href":"https:\/\/tabaccomd.com\/ro\/wp-json\/wp\/v2\/product_tag?post=143641"}],"curies":[{"name":"wp","href":"https:\/\/api.w.org\/{rel}","templated":true}]}}