{"id":143351,"date":"2024-08-05T16:15:31","date_gmt":"2024-08-05T13:15:31","guid":{"rendered":"https:\/\/tabaccomd.com\/product\/certificat-cadou-de-100-lei\/"},"modified":"2024-10-31T11:23:19","modified_gmt":"2024-10-31T08:23:19","slug":"certificat-cadou-de-100-lei","status":"publish","type":"product","link":"https:\/\/tabaccomd.com\/ro\/product\/certificat-cadou-de-100-lei\/","title":{"rendered":"Certificat cadou de 100 lei"},"content":{"rendered":"<p><a href=\"https:\/\/tabaccomd.com\/ro\/categorie-produs\/gixt-box\/\">Certificatul cadou<\/a> \u00een valoare de 100 lei este o alegere ideal\u0103 pentru cei care doresc s\u0103 le ofere prietenilor \u0219i familiei libertate de alegere. Cu el pute\u021bi achizi\u021biona orice bun din magazinele <strong>Tabacco House<\/strong> \u0219i <strong>Lux Presents<\/strong>, fie c\u0103 este vorba de accesorii elegante sau cadouri rafinate. Certificatul este valabil 6 luni de la data achizi\u021biei \u00eempreun\u0103 cu bonul, ceea ce \u00eel face un cadou excelent care \u00ee\u0219i p\u0103streaz\u0103 valoarea \u0219i \u00ee\u021bi permite s\u0103 alegi ceea ce \u00ee\u021bi place cu adev\u0103rat.<\/p>\n<p><strong>Condi\u021bii de utilizare:<\/strong><\/p>\n<ol>\n<li>Dac\u0103 valoarea produselor dep\u0103\u0219e\u0219te valoarea certificatului, diferen\u021ba poate fi achitat\u0103 \u00een numerar sau cu cardul.<\/li>\n<li>Este permis\u0103 sumarea valorii certificatelor pentru achizi\u021bii care dep\u0103\u0219esc valoarea nominal\u0103 a unui singur certificat.<\/li>\n<li>Certificatul cadou nu poate fi returnat sau schimbat pe numerar.<\/li>\n<li>Certificatul cadou nu poate fi utilizat pentru achizi\u021bionarea altor certificate cadou.<\/li>\n<\/ol>\n<p>Pute\u021bi achizi\u021biona certificatul cadou de 100 lei \u00een Moldova, Chi\u0219in\u0103u, \u00een re\u021beaua de magazine Tabacco House.<\/p>\n","protected":false},"excerpt":{"rendered":"<ul>\n<li><strong>La acest produs reducerea nu se aplic\u0103!<\/strong><\/li>\n<li>Certificatul este valabil doar pentru pl\u0103\u021bi \u00een magazinele fizice<\/li>\n<li>Termen de valabilitate: 6 luni de la data cump\u0103r\u0103rii cu bonul<\/li>\n<li>Se livreaz\u0103 \u00eentr-un plicule\u021b cadou<\/li>\n<\/ul>\n","protected":false},"featured_media":143350,"template":"","meta":{"om_disable_all_campaigns":false,"_monsterinsights_skip_tracking":false,"_monsterinsights_sitenote_active":false,"_monsterinsights_sitenote_note":"","_monsterinsights_sitenote_category":0},"product_brand":[],"product_cat":[471],"product_tag":[],"class_list":{"0":"post-143351","1":"product","2":"type-product","3":"status-publish","4":"has-post-thumbnail","6":"product_cat-certificate-cadou","8":"first","9":"instock","10":"purchasable","11":"product-type-simple"},"aioseo_notices":[],"aioseo_head":"\n\t\t<!-- All in One SEO Pro 4.9.5.2 - aioseo.com -->\n\t<meta name=\"robots\" content=\"max-image-preview:large\" \/>\n\t<link rel=\"canonical\" href=\"https:\/\/tabaccomd.com\/ro\/product\/certificat-cadou-de-100-lei\/\" \/>\n\t<meta name=\"generator\" content=\"All in One SEO Pro (AIOSEO) 4.9.5.2\" \/>\n\t\t<meta property=\"og:locale\" content=\"ro_RO\" \/>\n\t\t<meta property=\"og:site_name\" content=\"Tabacco House \u2013 \u041c\u0430\u0433\u0430\u0437\u0438\u043d \u0442\u0430\u0431\u0430\u0447\u043d\u044b\u0445 \u0438\u0437\u0434\u0435\u043b\u0438\u0439\" \/>\n\t\t<meta property=\"og:type\" content=\"article\" \/>\n\t\t<meta property=\"og:title\" content=\"Certificat cadou de 100 lei \u2013 Tabacco House\" \/>\n\t\t<meta property=\"og:url\" content=\"https:\/\/tabaccomd.com\/ro\/product\/certificat-cadou-de-100-lei\/\" \/>\n\t\t<meta property=\"article:published_time\" content=\"2024-08-05T13:15:31+00:00\" \/>\n\t\t<meta property=\"article:modified_time\" content=\"2024-10-31T08:23:19+00:00\" \/>\n\t\t<meta property=\"article:publisher\" content=\"https:\/\/www.facebook.com\/tabaccomd.com\/\" \/>\n\t\t<meta name=\"twitter:card\" content=\"summary_large_image\" \/>\n\t\t<meta name=\"twitter:title\" content=\"Certificat cadou de 100 lei \u2013 Tabacco House\" \/>\n\t\t<script type=\"application\/ld+json\" class=\"aioseo-schema\">\n\t\t\t{\"@context\":\"https:\\\/\\\/schema.org\",\"@graph\":[{\"@type\":\"BreadcrumbList\",\"@id\":\"https:\\\/\\\/tabaccomd.com\\\/ro\\\/product\\\/certificat-cadou-de-100-lei\\\/#breadcrumblist\",\"itemListElement\":[{\"@type\":\"ListItem\",\"@id\":\"https:\\\/\\\/tabaccomd.com\\\/ro\\\/#listItem\",\"position\":1,\"name\":\"\\u0413\\u043b\\u0430\\u0432\\u043d\\u0430\\u044f\",\"item\":\"https:\\\/\\\/tabaccomd.com\\\/ro\\\/\",\"nextItem\":{\"@type\":\"ListItem\",\"@id\":\"https:\\\/\\\/tabaccomd.com\\\/ro\\\/catalog\\\/#listItem\",\"name\":\"Catalog\"}},{\"@type\":\"ListItem\",\"@id\":\"https:\\\/\\\/tabaccomd.com\\\/ro\\\/catalog\\\/#listItem\",\"position\":2,\"name\":\"Catalog\",\"item\":\"https:\\\/\\\/tabaccomd.com\\\/ro\\\/catalog\\\/\",\"nextItem\":{\"@type\":\"ListItem\",\"@id\":\"https:\\\/\\\/tabaccomd.com\\\/ro\\\/product-category\\\/gixt-box\\\/#listItem\",\"name\":\"Gift Box\"},\"previousItem\":{\"@type\":\"ListItem\",\"@id\":\"https:\\\/\\\/tabaccomd.com\\\/ro\\\/#listItem\",\"name\":\"\\u0413\\u043b\\u0430\\u0432\\u043d\\u0430\\u044f\"}},{\"@type\":\"ListItem\",\"@id\":\"https:\\\/\\\/tabaccomd.com\\\/ro\\\/product-category\\\/gixt-box\\\/#listItem\",\"position\":3,\"name\":\"Gift Box\",\"item\":\"https:\\\/\\\/tabaccomd.com\\\/ro\\\/product-category\\\/gixt-box\\\/\",\"nextItem\":{\"@type\":\"ListItem\",\"@id\":\"https:\\\/\\\/tabaccomd.com\\\/ro\\\/product-category\\\/gixt-box\\\/certificate-cadou\\\/#listItem\",\"name\":\"Certificate cadou\"},\"previousItem\":{\"@type\":\"ListItem\",\"@id\":\"https:\\\/\\\/tabaccomd.com\\\/ro\\\/catalog\\\/#listItem\",\"name\":\"Catalog\"}},{\"@type\":\"ListItem\",\"@id\":\"https:\\\/\\\/tabaccomd.com\\\/ro\\\/product-category\\\/gixt-box\\\/certificate-cadou\\\/#listItem\",\"position\":4,\"name\":\"Certificate cadou\",\"item\":\"https:\\\/\\\/tabaccomd.com\\\/ro\\\/product-category\\\/gixt-box\\\/certificate-cadou\\\/\",\"nextItem\":{\"@type\":\"ListItem\",\"@id\":\"https:\\\/\\\/tabaccomd.com\\\/ro\\\/product\\\/certificat-cadou-de-100-lei\\\/#listItem\",\"name\":\"Certificat cadou de 100 lei\"},\"previousItem\":{\"@type\":\"ListItem\",\"@id\":\"https:\\\/\\\/tabaccomd.com\\\/ro\\\/product-category\\\/gixt-box\\\/#listItem\",\"name\":\"Gift Box\"}},{\"@type\":\"ListItem\",\"@id\":\"https:\\\/\\\/tabaccomd.com\\\/ro\\\/product\\\/certificat-cadou-de-100-lei\\\/#listItem\",\"position\":5,\"name\":\"Certificat cadou de 100 lei\",\"previousItem\":{\"@type\":\"ListItem\",\"@id\":\"https:\\\/\\\/tabaccomd.com\\\/ro\\\/product-category\\\/gixt-box\\\/certificate-cadou\\\/#listItem\",\"name\":\"Certificate cadou\"}}]},{\"@type\":\"Organization\",\"@id\":\"https:\\\/\\\/tabaccomd.com\\\/ro\\\/#organization\",\"name\":\"Tabacco House\",\"description\":\"\\u041c\\u0430\\u0433\\u0430\\u0437\\u0438\\u043d \\u0442\\u0430\\u0431\\u0430\\u0447\\u043d\\u044b\\u0445 \\u0438\\u0437\\u0434\\u0435\\u043b\\u0438\\u0439\",\"url\":\"https:\\\/\\\/tabaccomd.com\\\/ro\\\/\",\"email\":\"Office@cazacuhouse.com\",\"telephone\":\"+37361000935\",\"logo\":{\"@type\":\"ImageObject\",\"url\":\"https:\\\/\\\/tabaccomd.com\\\/wp-content\\\/uploads\\\/2024\\\/02\\\/logo_header3.png\",\"@id\":\"https:\\\/\\\/tabaccomd.com\\\/ro\\\/product\\\/certificat-cadou-de-100-lei\\\/#organizationLogo\",\"width\":32,\"height\":32,\"caption\":\"Tabacco House\"},\"image\":{\"@id\":\"https:\\\/\\\/tabaccomd.com\\\/ro\\\/product\\\/certificat-cadou-de-100-lei\\\/#organizationLogo\"},\"sameAs\":[\"https:\\\/\\\/www.facebook.com\\\/tabaccomd.com\\\/\",\"https:\\\/\\\/www.instagram.com\\\/tabaccomd.com\\\/\"],\"address\":{\"@id\":\"https:\\\/\\\/tabaccomd.com\\\/ro\\\/#postaladdress\",\"@type\":\"PostalAddress\",\"streetAddress\":\"Strada Albi\\u015foara 4, Chi\\u0219in\\u0103u, Bulevardul \\u0218tefan cel Mare \\u0219i Sf\\u00eent 136, Chi\\u0219in\\u0103u\",\"addressLocality\":\"Chi\\u0219in\\u0103u\",\"addressCountry\":\"MD\"}},{\"@type\":\"Product\",\"@id\":\"https:\\\/\\\/tabaccomd.com\\\/ro\\\/product\\\/certificat-cadou-de-100-lei\\\/#wooCommerceProduct\",\"name\":\"Certificat cadou de 100 lei\",\"description\":\"La acest produs reducerea nu se aplic\\u0103!\\r\\n \\tCertificatul este valabil doar pentru pl\\u0103\\u021bi \\u00een magazinele fizice\\r\\n \\tTermen de valabilitate: 6 luni de la data cump\\u0103r\\u0103rii cu bonul\\r\\n \\tSe livreaz\\u0103 \\u00eentr-un plicule\\u021b cadou\",\"url\":\"https:\\\/\\\/tabaccomd.com\\\/ro\\\/product\\\/certificat-cadou-de-100-lei\\\/\",\"sku\":\"certificat100\",\"image\":{\"@type\":\"ImageObject\",\"url\":\"https:\\\/\\\/tabaccomd.com\\\/wp-content\\\/uploads\\\/2024\\\/08\\\/certificat-cadou-100-mdl.jpg\",\"@id\":\"https:\\\/\\\/tabaccomd.com\\\/ro\\\/product\\\/certificat-cadou-de-100-lei\\\/#productImage\",\"width\":1113,\"height\":1113,\"caption\":\"certificat-cadou-100-mdl\"},\"offers\":{\"@type\":\"Offer\",\"url\":\"https:\\\/\\\/tabaccomd.com\\\/ro\\\/product\\\/certificat-cadou-de-100-lei\\\/#wooCommerceOffer\",\"price\":100,\"priceCurrency\":\"MDL\",\"category\":\"Certificate cadou\",\"availability\":\"https:\\\/\\\/schema.org\\\/InStock\",\"priceSpecification\":{\"@type\":\"PriceSpecification\",\"price\":100,\"priceCurrency\":\"MDL\",\"valueAddedTaxIncluded\":\"true\"},\"seller\":{\"@type\":\"Organization\",\"@id\":\"https:\\\/\\\/tabaccomd.com\\\/ro\\\/#organization\"}}},{\"@type\":\"WebPage\",\"@id\":\"https:\\\/\\\/tabaccomd.com\\\/ro\\\/product\\\/certificat-cadou-de-100-lei\\\/#webpage\",\"url\":\"https:\\\/\\\/tabaccomd.com\\\/ro\\\/product\\\/certificat-cadou-de-100-lei\\\/\",\"name\":\"Certificat cadou de 100 lei \\u2013 Tabacco House\",\"inLanguage\":\"ro-RO\",\"isPartOf\":{\"@id\":\"https:\\\/\\\/tabaccomd.com\\\/ro\\\/#website\"},\"breadcrumb\":{\"@id\":\"https:\\\/\\\/tabaccomd.com\\\/ro\\\/product\\\/certificat-cadou-de-100-lei\\\/#breadcrumblist\"},\"image\":{\"@type\":\"ImageObject\",\"url\":\"https:\\\/\\\/tabaccomd.com\\\/wp-content\\\/uploads\\\/2024\\\/08\\\/certificat-cadou-100-mdl.jpg\",\"@id\":\"https:\\\/\\\/tabaccomd.com\\\/ro\\\/product\\\/certificat-cadou-de-100-lei\\\/#mainImage\",\"width\":1113,\"height\":1113,\"caption\":\"certificat-cadou-100-mdl\"},\"primaryImageOfPage\":{\"@id\":\"https:\\\/\\\/tabaccomd.com\\\/ro\\\/product\\\/certificat-cadou-de-100-lei\\\/#mainImage\"},\"datePublished\":\"2024-08-05T16:15:31+03:00\",\"dateModified\":\"2024-10-31T11:23:19+03:00\"},{\"@type\":\"WebSite\",\"@id\":\"https:\\\/\\\/tabaccomd.com\\\/ro\\\/#website\",\"url\":\"https:\\\/\\\/tabaccomd.com\\\/ro\\\/\",\"name\":\"Tabacco House\",\"alternateName\":\"tobaccomd.com\",\"description\":\"\\u041c\\u0430\\u0433\\u0430\\u0437\\u0438\\u043d \\u0442\\u0430\\u0431\\u0430\\u0447\\u043d\\u044b\\u0445 \\u0438\\u0437\\u0434\\u0435\\u043b\\u0438\\u0439\",\"inLanguage\":\"ro-RO\",\"publisher\":{\"@id\":\"https:\\\/\\\/tabaccomd.com\\\/ro\\\/#organization\"}}]}\n\t\t<\/script>\n\t\t<!-- All in One SEO Pro -->\r\n\t\t<title>Certificat cadou de 100 lei \u2013 Tabacco House<\/title>\n\n","aioseo_head_json":{"title":"Certificat cadou de 100 lei \u2013 Tabacco House","description":"","canonical_url":"https:\/\/tabaccomd.com\/ro\/product\/certificat-cadou-de-100-lei\/","robots":"max-image-preview:large","keywords":"","webmasterTools":{"miscellaneous":""},"schema":{"@context":"https:\/\/schema.org","@graph":[{"@type":"BreadcrumbList","@id":"https:\/\/tabaccomd.com\/ro\/product\/certificat-cadou-de-100-lei\/#breadcrumblist","itemListElement":[{"@type":"ListItem","@id":"https:\/\/tabaccomd.com\/ro\/#listItem","position":1,"name":"\u0413\u043b\u0430\u0432\u043d\u0430\u044f","item":"https:\/\/tabaccomd.com\/ro\/","nextItem":{"@type":"ListItem","@id":"https:\/\/tabaccomd.com\/ro\/catalog\/#listItem","name":"Catalog"}},{"@type":"ListItem","@id":"https:\/\/tabaccomd.com\/ro\/catalog\/#listItem","position":2,"name":"Catalog","item":"https:\/\/tabaccomd.com\/ro\/catalog\/","nextItem":{"@type":"ListItem","@id":"https:\/\/tabaccomd.com\/ro\/product-category\/gixt-box\/#listItem","name":"Gift Box"},"previousItem":{"@type":"ListItem","@id":"https:\/\/tabaccomd.com\/ro\/#listItem","name":"\u0413\u043b\u0430\u0432\u043d\u0430\u044f"}},{"@type":"ListItem","@id":"https:\/\/tabaccomd.com\/ro\/product-category\/gixt-box\/#listItem","position":3,"name":"Gift Box","item":"https:\/\/tabaccomd.com\/ro\/product-category\/gixt-box\/","nextItem":{"@type":"ListItem","@id":"https:\/\/tabaccomd.com\/ro\/product-category\/gixt-box\/certificate-cadou\/#listItem","name":"Certificate cadou"},"previousItem":{"@type":"ListItem","@id":"https:\/\/tabaccomd.com\/ro\/catalog\/#listItem","name":"Catalog"}},{"@type":"ListItem","@id":"https:\/\/tabaccomd.com\/ro\/product-category\/gixt-box\/certificate-cadou\/#listItem","position":4,"name":"Certificate cadou","item":"https:\/\/tabaccomd.com\/ro\/product-category\/gixt-box\/certificate-cadou\/","nextItem":{"@type":"ListItem","@id":"https:\/\/tabaccomd.com\/ro\/product\/certificat-cadou-de-100-lei\/#listItem","name":"Certificat cadou de 100 lei"},"previousItem":{"@type":"ListItem","@id":"https:\/\/tabaccomd.com\/ro\/product-category\/gixt-box\/#listItem","name":"Gift Box"}},{"@type":"ListItem","@id":"https:\/\/tabaccomd.com\/ro\/product\/certificat-cadou-de-100-lei\/#listItem","position":5,"name":"Certificat cadou de 100 lei","previousItem":{"@type":"ListItem","@id":"https:\/\/tabaccomd.com\/ro\/product-category\/gixt-box\/certificate-cadou\/#listItem","name":"Certificate cadou"}}]},{"@type":"Organization","@id":"https:\/\/tabaccomd.com\/ro\/#organization","name":"Tabacco House","description":"\u041c\u0430\u0433\u0430\u0437\u0438\u043d \u0442\u0430\u0431\u0430\u0447\u043d\u044b\u0445 \u0438\u0437\u0434\u0435\u043b\u0438\u0439","url":"https:\/\/tabaccomd.com\/ro\/","email":"Office@cazacuhouse.com","telephone":"+37361000935","logo":{"@type":"ImageObject","url":"https:\/\/tabaccomd.com\/wp-content\/uploads\/2024\/02\/logo_header3.png","@id":"https:\/\/tabaccomd.com\/ro\/product\/certificat-cadou-de-100-lei\/#organizationLogo","width":32,"height":32,"caption":"Tabacco House"},"image":{"@id":"https:\/\/tabaccomd.com\/ro\/product\/certificat-cadou-de-100-lei\/#organizationLogo"},"sameAs":["https:\/\/www.facebook.com\/tabaccomd.com\/","https:\/\/www.instagram.com\/tabaccomd.com\/"],"address":{"@id":"https:\/\/tabaccomd.com\/ro\/#postaladdress","@type":"PostalAddress","streetAddress":"Strada Albi\u015foara 4, Chi\u0219in\u0103u, Bulevardul \u0218tefan cel Mare \u0219i Sf\u00eent 136, Chi\u0219in\u0103u","addressLocality":"Chi\u0219in\u0103u","addressCountry":"MD"}},{"@type":"Product","@id":"https:\/\/tabaccomd.com\/ro\/product\/certificat-cadou-de-100-lei\/#wooCommerceProduct","name":"Certificat cadou de 100 lei","description":"La acest produs reducerea nu se aplic\u0103!\r\n \tCertificatul este valabil doar pentru pl\u0103\u021bi \u00een magazinele fizice\r\n \tTermen de valabilitate: 6 luni de la data cump\u0103r\u0103rii cu bonul\r\n \tSe livreaz\u0103 \u00eentr-un plicule\u021b cadou","url":"https:\/\/tabaccomd.com\/ro\/product\/certificat-cadou-de-100-lei\/","sku":"certificat100","image":{"@type":"ImageObject","url":"https:\/\/tabaccomd.com\/wp-content\/uploads\/2024\/08\/certificat-cadou-100-mdl.jpg","@id":"https:\/\/tabaccomd.com\/ro\/product\/certificat-cadou-de-100-lei\/#productImage","width":1113,"height":1113,"caption":"certificat-cadou-100-mdl"},"offers":{"@type":"Offer","url":"https:\/\/tabaccomd.com\/ro\/product\/certificat-cadou-de-100-lei\/#wooCommerceOffer","price":100,"priceCurrency":"MDL","category":"Certificate cadou","availability":"https:\/\/schema.org\/InStock","priceSpecification":{"@type":"PriceSpecification","price":100,"priceCurrency":"MDL","valueAddedTaxIncluded":"true"},"seller":{"@type":"Organization","@id":"https:\/\/tabaccomd.com\/ro\/#organization"}}},{"@type":"WebPage","@id":"https:\/\/tabaccomd.com\/ro\/product\/certificat-cadou-de-100-lei\/#webpage","url":"https:\/\/tabaccomd.com\/ro\/product\/certificat-cadou-de-100-lei\/","name":"Certificat cadou de 100 lei \u2013 Tabacco House","inLanguage":"ro-RO","isPartOf":{"@id":"https:\/\/tabaccomd.com\/ro\/#website"},"breadcrumb":{"@id":"https:\/\/tabaccomd.com\/ro\/product\/certificat-cadou-de-100-lei\/#breadcrumblist"},"image":{"@type":"ImageObject","url":"https:\/\/tabaccomd.com\/wp-content\/uploads\/2024\/08\/certificat-cadou-100-mdl.jpg","@id":"https:\/\/tabaccomd.com\/ro\/product\/certificat-cadou-de-100-lei\/#mainImage","width":1113,"height":1113,"caption":"certificat-cadou-100-mdl"},"primaryImageOfPage":{"@id":"https:\/\/tabaccomd.com\/ro\/product\/certificat-cadou-de-100-lei\/#mainImage"},"datePublished":"2024-08-05T16:15:31+03:00","dateModified":"2024-10-31T11:23:19+03:00"},{"@type":"WebSite","@id":"https:\/\/tabaccomd.com\/ro\/#website","url":"https:\/\/tabaccomd.com\/ro\/","name":"Tabacco House","alternateName":"tobaccomd.com","description":"\u041c\u0430\u0433\u0430\u0437\u0438\u043d \u0442\u0430\u0431\u0430\u0447\u043d\u044b\u0445 \u0438\u0437\u0434\u0435\u043b\u0438\u0439","inLanguage":"ro-RO","publisher":{"@id":"https:\/\/tabaccomd.com\/ro\/#organization"}}]},"og:locale":"ro_RO","og:site_name":"Tabacco House \u2013 \u041c\u0430\u0433\u0430\u0437\u0438\u043d \u0442\u0430\u0431\u0430\u0447\u043d\u044b\u0445 \u0438\u0437\u0434\u0435\u043b\u0438\u0439","og:type":"article","og:title":"Certificat cadou de 100 lei \u2013 Tabacco House","og:url":"https:\/\/tabaccomd.com\/ro\/product\/certificat-cadou-de-100-lei\/","article:published_time":"2024-08-05T13:15:31+00:00","article:modified_time":"2024-10-31T08:23:19+00:00","article:publisher":"https:\/\/www.facebook.com\/tabaccomd.com\/","twitter:card":"summary_large_image","twitter:title":"Certificat cadou de 100 lei \u2013 Tabacco House"},"aioseo_meta_data":{"post_id":"143351","title":null,"description":null,"keywords":null,"keyphrases":null,"primary_term":null,"canonical_url":null,"og_title":null,"og_description":null,"og_object_type":"default","og_image_type":"default","og_image_url":null,"og_image_width":null,"og_image_height":null,"og_image_custom_url":null,"og_image_custom_fields":null,"og_video":null,"og_custom_url":null,"og_article_section":null,"og_article_tags":null,"twitter_use_og":false,"twitter_card":"default","twitter_image_type":"default","twitter_image_url":null,"twitter_image_custom_url":null,"twitter_image_custom_fields":null,"twitter_title":null,"twitter_description":null,"schema":{"blockGraphs":[],"customGraphs":[],"default":{"data":{"Article":[],"Course":[],"Dataset":[],"FAQPage":[],"Movie":[],"Person":[],"Product":[],"ProductReview":[],"Car":[],"Recipe":[],"Service":[],"SoftwareApplication":[],"WebPage":[]},"graphName":"","isEnabled":true},"graphs":[]},"schema_type":"default","schema_type_options":null,"pillar_content":false,"robots_default":true,"robots_noindex":false,"robots_noarchive":false,"robots_nosnippet":false,"robots_nofollow":false,"robots_noimageindex":false,"robots_noodp":false,"robots_notranslate":false,"robots_max_snippet":null,"robots_max_videopreview":null,"robots_max_imagepreview":"large","priority":null,"frequency":null,"local_seo":null,"seo_analyzer_scan_date":"2025-10-20 19:51:01","breadcrumb_settings":null,"limit_modified_date":false,"reviewed_by":null,"open_ai":null,"ai":null,"created":"2024-10-30 15:16:03","updated":"2025-10-20 19:51:01"},"aioseo_breadcrumb":"<div class=\"aioseo-breadcrumbs\"><span class=\"aioseo-breadcrumb\">\n\t<a href=\"https:\/\/tabaccomd.com\/ro\/\" title=\"\u0413\u043b\u0430\u0432\u043d\u0430\u044f\">\u0413\u043b\u0430\u0432\u043d\u0430\u044f<\/a>\n<\/span><span class=\"aioseo-breadcrumb-separator\">\u00bb<\/span><span class=\"aioseo-breadcrumb\">\n\t<a href=\"https:\/\/tabaccomd.com\/ro\/catalog\/\" title=\"Catalog\">Catalog<\/a>\n<\/span><span class=\"aioseo-breadcrumb-separator\">\u00bb<\/span><span class=\"aioseo-breadcrumb\">\n\t<a href=\"https:\/\/tabaccomd.com\/ro\/product-category\/gixt-box\/\" title=\"Gift Box\">Gift Box<\/a>\n<\/span><span class=\"aioseo-breadcrumb-separator\">\u00bb<\/span><span class=\"aioseo-breadcrumb\">\n\t<a href=\"https:\/\/tabaccomd.com\/ro\/product-category\/gixt-box\/certificate-cadou\/\" title=\"Certificate cadou\">Certificate cadou<\/a>\n<\/span><span class=\"aioseo-breadcrumb-separator\">\u00bb<\/span><span class=\"aioseo-breadcrumb\">\n\tCertificat cadou de 100 lei\n<\/span><\/div>","aioseo_breadcrumb_json":[{"label":"\u0413\u043b\u0430\u0432\u043d\u0430\u044f","link":"https:\/\/tabaccomd.com\/ro\/"},{"label":"Catalog","link":"https:\/\/tabaccomd.com\/ro\/catalog\/"},{"label":"Gift Box","link":"https:\/\/tabaccomd.com\/ro\/product-category\/gixt-box\/"},{"label":"Certificate cadou","link":"https:\/\/tabaccomd.com\/ro\/product-category\/gixt-box\/certificate-cadou\/"},{"label":"Certificat cadou de 100 lei","link":"https:\/\/tabaccomd.com\/ro\/product\/certificat-cadou-de-100-lei\/"}],"images_for_1c":[{"url":"https:\/\/tabaccomd.com\/wp-content\/uploads\/2024\/08\/certificat-cadou-100-mdl.jpg","type":"featured","alt":"certificat-cadou-100-mdl","filename":"certificat-cadou-100-mdl.jpg"}],"additional_data_1c":{"modified_date":"2024-10-31 11:23:19","permalink":"https:\/\/tabaccomd.com\/ro\/product\/certificat-cadou-de-100-lei\/","stock_status":"instock","manage_stock":"no"},"_links":{"self":[{"href":"https:\/\/tabaccomd.com\/ro\/wp-json\/wp\/v2\/product\/143351","targetHints":{"allow":["GET"]}}],"collection":[{"href":"https:\/\/tabaccomd.com\/ro\/wp-json\/wp\/v2\/product"}],"about":[{"href":"https:\/\/tabaccomd.com\/ro\/wp-json\/wp\/v2\/types\/product"}],"wp:featuredmedia":[{"embeddable":true,"href":"https:\/\/tabaccomd.com\/ro\/wp-json\/wp\/v2\/media\/143350"}],"wp:attachment":[{"href":"https:\/\/tabaccomd.com\/ro\/wp-json\/wp\/v2\/media?parent=143351"}],"wp:term":[{"taxonomy":"product_brand","embeddable":true,"href":"https:\/\/tabaccomd.com\/ro\/wp-json\/wp\/v2\/product_brand?post=143351"},{"taxonomy":"product_cat","embeddable":true,"href":"https:\/\/tabaccomd.com\/ro\/wp-json\/wp\/v2\/product_cat?post=143351"},{"taxonomy":"product_tag","embeddable":true,"href":"https:\/\/tabaccomd.com\/ro\/wp-json\/wp\/v2\/product_tag?post=143351"}],"curies":[{"name":"wp","href":"https:\/\/api.w.org\/{rel}","templated":true}]}}