{"id":142936,"date":"2024-09-30T18:05:41","date_gmt":"2024-09-30T15:05:41","guid":{"rendered":"https:\/\/tabaccomd.com\/product\/filtre-pentru-tigari-cartel-regular-8mm-booklet\/"},"modified":"2025-10-28T10:15:21","modified_gmt":"2025-10-28T07:15:21","slug":"filtre-pentru-tigari-cartel-regular-8mm-booklet","status":"publish","type":"product","link":"https:\/\/tabaccomd.com\/ro\/product\/filtre-pentru-tigari-cartel-regular-8mm-booklet\/","title":{"rendered":"Filtre pentru \u021big\u0103ri CARTEL Regular 8mm + booklet"},"content":{"rendered":"<p><a class=\"cursor-init\" href=\"\/?product_cat=filtre-de-tigara-2\">Filtrele<\/a> CARTEL Regular sunt filtre de acetat de \u00eenalt\u0103 calitate concepute pentru fum\u0103torii care prefer\u0103 s\u0103-\u0219i ruleze propriile \u021big\u0103ri. Un pachet con\u021bine 100 de filtre cu un diametru de 8 mm (dimensiune standard) \u0219i o lungime de 15 mm, ideale pentru \u021big\u0103ri obi\u0219nuite. Ambalajul cu fermoar p\u0103streaz\u0103 filtrele proaspete \u0219i aromate pentru o lung\u0103 perioad\u0103 de timp, oferind confort \u0219i longevitate.  <\/p>\n<p><a href=\"\/?product_cat=hartie-de-tigara\">H\u00e2rtiile de rulat <\/a>CARTEL Green (cu linii Verge) sunt fabricate din ingrediente naturale, inclusiv fibre de lemn 100% \u0219i lipici de gum\u0103 arabic\u0103. H\u00e2rtia c\u00e2nt\u0103re\u0219te 17,5 g\/m\u00b2, ceea ce o face groas\u0103 \u0219i alb\u0103, asigur\u00e2nd o ardere lent\u0103. Aceast\u0103 h\u00e2rtie este convenabil\u0103 \u0219i u\u0219or de utilizat pentru rularea propriilor \u021big\u0103ri. O bro\u0219ur\u0103 con\u021bine 50 de h\u00e2rtii cu dimensiunile de 70 mm x 36 mm, ceea ce este ideal pentru h\u00e2rtii scurte rulate.   <\/p>\n<p>Pute\u021bi achizi\u021biona filtrele pentru \u021big\u0103ri CARTEL Regular 8mm + booklet \u00een Moldova, Chi\u0219in\u0103u, \u00een re\u021beaua de magazine Tabacco House.<\/p>\n","protected":false},"excerpt":{"rendered":"<ul>\n<li>Produc\u0103tor: M TOBACCO GROUP, Bulgaria<\/li>\n<li>Dimensiune: Regular<\/li>\n<li>Format: Obi\u0219nuit<\/li>\n<li>Cantitate: 1000 buc. + h\u00e2rtie Cartel Green <\/li>\n<li>Diametrul\/Lungimea filtrelor: 8mm x 15mm<\/li>\n<li>Dimensiune h\u00e2rtie: 70mm x 36mm<\/li>\n<\/ul>\n","protected":false},"featured_media":142933,"template":"","meta":{"om_disable_all_campaigns":false,"_monsterinsights_skip_tracking":false,"_monsterinsights_sitenote_active":false,"_monsterinsights_sitenote_note":"","_monsterinsights_sitenote_category":0},"product_brand":[],"product_cat":[172],"product_tag":[],"class_list":{"0":"post-142936","1":"product","2":"type-product","3":"status-publish","4":"has-post-thumbnail","6":"product_cat-filtre-pentru-tigari","8":"first","9":"instock","10":"purchasable","11":"product-type-simple"},"aioseo_notices":[],"aioseo_head":"\n\t\t<!-- All in One SEO Pro 4.9.5.2 - aioseo.com -->\n\t<meta name=\"robots\" content=\"max-image-preview:large\" \/>\n\t<link rel=\"canonical\" href=\"https:\/\/tabaccomd.com\/ro\/product\/filtre-pentru-tigari-cartel-regular-8mm-booklet\/\" \/>\n\t<meta name=\"generator\" content=\"All in One SEO Pro (AIOSEO) 4.9.5.2\" \/>\n\t\t<meta property=\"og:locale\" content=\"ro_RO\" \/>\n\t\t<meta property=\"og:site_name\" content=\"Tabacco House \u2013 \u041c\u0430\u0433\u0430\u0437\u0438\u043d \u0442\u0430\u0431\u0430\u0447\u043d\u044b\u0445 \u0438\u0437\u0434\u0435\u043b\u0438\u0439\" \/>\n\t\t<meta property=\"og:type\" content=\"article\" \/>\n\t\t<meta property=\"og:title\" content=\"Filtre pentru \u021big\u0103ri CARTEL Regular 8mm + booklet \u2013 Tabacco House\" \/>\n\t\t<meta property=\"og:url\" content=\"https:\/\/tabaccomd.com\/ro\/product\/filtre-pentru-tigari-cartel-regular-8mm-booklet\/\" \/>\n\t\t<meta property=\"article:published_time\" content=\"2024-09-30T15:05:41+00:00\" \/>\n\t\t<meta property=\"article:modified_time\" content=\"2025-10-28T07:15:21+00:00\" \/>\n\t\t<meta property=\"article:publisher\" content=\"https:\/\/www.facebook.com\/tabaccomd.com\/\" \/>\n\t\t<meta name=\"twitter:card\" content=\"summary_large_image\" \/>\n\t\t<meta name=\"twitter:title\" content=\"Filtre pentru \u021big\u0103ri CARTEL Regular 8mm + booklet \u2013 Tabacco House\" \/>\n\t\t<script type=\"application\/ld+json\" class=\"aioseo-schema\">\n\t\t\t{\"@context\":\"https:\\\/\\\/schema.org\",\"@graph\":[{\"@type\":\"BreadcrumbList\",\"@id\":\"https:\\\/\\\/tabaccomd.com\\\/ro\\\/product\\\/filtre-pentru-tigari-cartel-regular-8mm-booklet\\\/#breadcrumblist\",\"itemListElement\":[{\"@type\":\"ListItem\",\"@id\":\"https:\\\/\\\/tabaccomd.com\\\/ro\\\/#listItem\",\"position\":1,\"name\":\"\\u0413\\u043b\\u0430\\u0432\\u043d\\u0430\\u044f\",\"item\":\"https:\\\/\\\/tabaccomd.com\\\/ro\\\/\",\"nextItem\":{\"@type\":\"ListItem\",\"@id\":\"https:\\\/\\\/tabaccomd.com\\\/ro\\\/catalog\\\/#listItem\",\"name\":\"Catalog\"}},{\"@type\":\"ListItem\",\"@id\":\"https:\\\/\\\/tabaccomd.com\\\/ro\\\/catalog\\\/#listItem\",\"position\":2,\"name\":\"Catalog\",\"item\":\"https:\\\/\\\/tabaccomd.com\\\/ro\\\/catalog\\\/\",\"nextItem\":{\"@type\":\"ListItem\",\"@id\":\"https:\\\/\\\/tabaccomd.com\\\/ro\\\/product-category\\\/totul-pentru-rulat\\\/#listItem\",\"name\":\"Totul pentru rulat\"},\"previousItem\":{\"@type\":\"ListItem\",\"@id\":\"https:\\\/\\\/tabaccomd.com\\\/ro\\\/#listItem\",\"name\":\"\\u0413\\u043b\\u0430\\u0432\\u043d\\u0430\\u044f\"}},{\"@type\":\"ListItem\",\"@id\":\"https:\\\/\\\/tabaccomd.com\\\/ro\\\/product-category\\\/totul-pentru-rulat\\\/#listItem\",\"position\":3,\"name\":\"Totul pentru rulat\",\"item\":\"https:\\\/\\\/tabaccomd.com\\\/ro\\\/product-category\\\/totul-pentru-rulat\\\/\",\"nextItem\":{\"@type\":\"ListItem\",\"@id\":\"https:\\\/\\\/tabaccomd.com\\\/ro\\\/product-category\\\/totul-pentru-rulat\\\/filtre-pentru-tigari\\\/#listItem\",\"name\":\"Filtre pentru \\u021big\\u0103ri\"},\"previousItem\":{\"@type\":\"ListItem\",\"@id\":\"https:\\\/\\\/tabaccomd.com\\\/ro\\\/catalog\\\/#listItem\",\"name\":\"Catalog\"}},{\"@type\":\"ListItem\",\"@id\":\"https:\\\/\\\/tabaccomd.com\\\/ro\\\/product-category\\\/totul-pentru-rulat\\\/filtre-pentru-tigari\\\/#listItem\",\"position\":4,\"name\":\"Filtre pentru \\u021big\\u0103ri\",\"item\":\"https:\\\/\\\/tabaccomd.com\\\/ro\\\/product-category\\\/totul-pentru-rulat\\\/filtre-pentru-tigari\\\/\",\"nextItem\":{\"@type\":\"ListItem\",\"@id\":\"https:\\\/\\\/tabaccomd.com\\\/ro\\\/product\\\/filtre-pentru-tigari-cartel-regular-8mm-booklet\\\/#listItem\",\"name\":\"Filtre pentru \\u021big\\u0103ri CARTEL Regular 8mm + booklet\"},\"previousItem\":{\"@type\":\"ListItem\",\"@id\":\"https:\\\/\\\/tabaccomd.com\\\/ro\\\/product-category\\\/totul-pentru-rulat\\\/#listItem\",\"name\":\"Totul pentru rulat\"}},{\"@type\":\"ListItem\",\"@id\":\"https:\\\/\\\/tabaccomd.com\\\/ro\\\/product\\\/filtre-pentru-tigari-cartel-regular-8mm-booklet\\\/#listItem\",\"position\":5,\"name\":\"Filtre pentru \\u021big\\u0103ri CARTEL Regular 8mm + booklet\",\"previousItem\":{\"@type\":\"ListItem\",\"@id\":\"https:\\\/\\\/tabaccomd.com\\\/ro\\\/product-category\\\/totul-pentru-rulat\\\/filtre-pentru-tigari\\\/#listItem\",\"name\":\"Filtre pentru \\u021big\\u0103ri\"}}]},{\"@type\":\"Organization\",\"@id\":\"https:\\\/\\\/tabaccomd.com\\\/ro\\\/#organization\",\"name\":\"Tabacco House\",\"description\":\"\\u041c\\u0430\\u0433\\u0430\\u0437\\u0438\\u043d \\u0442\\u0430\\u0431\\u0430\\u0447\\u043d\\u044b\\u0445 \\u0438\\u0437\\u0434\\u0435\\u043b\\u0438\\u0439\",\"url\":\"https:\\\/\\\/tabaccomd.com\\\/ro\\\/\",\"email\":\"Office@cazacuhouse.com\",\"telephone\":\"+37361000935\",\"logo\":{\"@type\":\"ImageObject\",\"url\":\"https:\\\/\\\/tabaccomd.com\\\/wp-content\\\/uploads\\\/2024\\\/02\\\/logo_header3.png\",\"@id\":\"https:\\\/\\\/tabaccomd.com\\\/ro\\\/product\\\/filtre-pentru-tigari-cartel-regular-8mm-booklet\\\/#organizationLogo\",\"width\":32,\"height\":32,\"caption\":\"Tabacco House\"},\"image\":{\"@id\":\"https:\\\/\\\/tabaccomd.com\\\/ro\\\/product\\\/filtre-pentru-tigari-cartel-regular-8mm-booklet\\\/#organizationLogo\"},\"sameAs\":[\"https:\\\/\\\/www.facebook.com\\\/tabaccomd.com\\\/\",\"https:\\\/\\\/www.instagram.com\\\/tabaccomd.com\\\/\"],\"address\":{\"@id\":\"https:\\\/\\\/tabaccomd.com\\\/ro\\\/#postaladdress\",\"@type\":\"PostalAddress\",\"streetAddress\":\"Strada Albi\\u015foara 4, Chi\\u0219in\\u0103u, Bulevardul \\u0218tefan cel Mare \\u0219i Sf\\u00eent 136, Chi\\u0219in\\u0103u\",\"addressLocality\":\"Chi\\u0219in\\u0103u\",\"addressCountry\":\"MD\"}},{\"@type\":\"Product\",\"@id\":\"https:\\\/\\\/tabaccomd.com\\\/ro\\\/product\\\/filtre-pentru-tigari-cartel-regular-8mm-booklet\\\/#wooCommerceProduct\",\"name\":\"Filtre pentru \\u021big\\u0103ri CARTEL Regular 8mm + booklet\",\"description\":\"Produc\\u0103tor: M TOBACCO GROUP, Bulgaria\\n \\tDimensiune: Regular\\n \\tFormat: Obi\\u0219nuit\\n \\tCantitate: 1000 buc. + h\\u00e2rtie Cartel Green \\n \\tDiametrul\\\/Lungimea filtrelor: 8mm x 15mm\\n \\tDimensiune h\\u00e2rtie: 70mm x 36mm\",\"url\":\"https:\\\/\\\/tabaccomd.com\\\/ro\\\/product\\\/filtre-pentru-tigari-cartel-regular-8mm-booklet\\\/\",\"sku\":\"cart815\",\"image\":{\"@type\":\"ImageObject\",\"url\":\"https:\\\/\\\/tabaccomd.com\\\/wp-content\\\/uploads\\\/2024\\\/09\\\/filtre-cartel-regular-booklet-green.jpeg\",\"@id\":\"https:\\\/\\\/tabaccomd.com\\\/ro\\\/product\\\/filtre-pentru-tigari-cartel-regular-8mm-booklet\\\/#productImage\",\"width\":1100,\"height\":1100,\"caption\":\"filtre-cartel-regular-booklet-green\"},\"offers\":{\"@type\":\"Offer\",\"url\":\"https:\\\/\\\/tabaccomd.com\\\/ro\\\/product\\\/filtre-pentru-tigari-cartel-regular-8mm-booklet\\\/#wooCommerceOffer\",\"price\":110,\"priceCurrency\":\"MDL\",\"category\":\"Filtre pentru \\u021big\\u0103ri\",\"availability\":\"https:\\\/\\\/schema.org\\\/InStock\",\"priceSpecification\":{\"@type\":\"PriceSpecification\",\"price\":110,\"priceCurrency\":\"MDL\",\"valueAddedTaxIncluded\":\"true\"},\"seller\":{\"@type\":\"Organization\",\"@id\":\"https:\\\/\\\/tabaccomd.com\\\/ro\\\/#organization\"}}},{\"@type\":\"WebPage\",\"@id\":\"https:\\\/\\\/tabaccomd.com\\\/ro\\\/product\\\/filtre-pentru-tigari-cartel-regular-8mm-booklet\\\/#webpage\",\"url\":\"https:\\\/\\\/tabaccomd.com\\\/ro\\\/product\\\/filtre-pentru-tigari-cartel-regular-8mm-booklet\\\/\",\"name\":\"Filtre pentru \\u021big\\u0103ri CARTEL Regular 8mm + booklet \\u2013 Tabacco House\",\"inLanguage\":\"ro-RO\",\"isPartOf\":{\"@id\":\"https:\\\/\\\/tabaccomd.com\\\/ro\\\/#website\"},\"breadcrumb\":{\"@id\":\"https:\\\/\\\/tabaccomd.com\\\/ro\\\/product\\\/filtre-pentru-tigari-cartel-regular-8mm-booklet\\\/#breadcrumblist\"},\"image\":{\"@type\":\"ImageObject\",\"url\":\"https:\\\/\\\/tabaccomd.com\\\/wp-content\\\/uploads\\\/2024\\\/09\\\/filtre-cartel-regular-booklet-green.jpeg\",\"@id\":\"https:\\\/\\\/tabaccomd.com\\\/ro\\\/product\\\/filtre-pentru-tigari-cartel-regular-8mm-booklet\\\/#mainImage\",\"width\":1100,\"height\":1100,\"caption\":\"filtre-cartel-regular-booklet-green\"},\"primaryImageOfPage\":{\"@id\":\"https:\\\/\\\/tabaccomd.com\\\/ro\\\/product\\\/filtre-pentru-tigari-cartel-regular-8mm-booklet\\\/#mainImage\"},\"datePublished\":\"2024-09-30T18:05:41+03:00\",\"dateModified\":\"2025-10-28T10:15:21+03:00\"},{\"@type\":\"WebSite\",\"@id\":\"https:\\\/\\\/tabaccomd.com\\\/ro\\\/#website\",\"url\":\"https:\\\/\\\/tabaccomd.com\\\/ro\\\/\",\"name\":\"Tabacco House\",\"alternateName\":\"tobaccomd.com\",\"description\":\"\\u041c\\u0430\\u0433\\u0430\\u0437\\u0438\\u043d \\u0442\\u0430\\u0431\\u0430\\u0447\\u043d\\u044b\\u0445 \\u0438\\u0437\\u0434\\u0435\\u043b\\u0438\\u0439\",\"inLanguage\":\"ro-RO\",\"publisher\":{\"@id\":\"https:\\\/\\\/tabaccomd.com\\\/ro\\\/#organization\"}}]}\n\t\t<\/script>\n\t\t<!-- All in One SEO Pro -->\r\n\t\t<title>Filtre pentru \u021big\u0103ri CARTEL Regular 8mm + booklet \u2013 Tabacco House<\/title>\n\n","aioseo_head_json":{"title":"Filtre pentru \u021big\u0103ri CARTEL Regular 8mm + booklet \u2013 Tabacco House","description":"","canonical_url":"https:\/\/tabaccomd.com\/ro\/product\/filtre-pentru-tigari-cartel-regular-8mm-booklet\/","robots":"max-image-preview:large","keywords":"","webmasterTools":{"miscellaneous":""},"schema":{"@context":"https:\/\/schema.org","@graph":[{"@type":"BreadcrumbList","@id":"https:\/\/tabaccomd.com\/ro\/product\/filtre-pentru-tigari-cartel-regular-8mm-booklet\/#breadcrumblist","itemListElement":[{"@type":"ListItem","@id":"https:\/\/tabaccomd.com\/ro\/#listItem","position":1,"name":"\u0413\u043b\u0430\u0432\u043d\u0430\u044f","item":"https:\/\/tabaccomd.com\/ro\/","nextItem":{"@type":"ListItem","@id":"https:\/\/tabaccomd.com\/ro\/catalog\/#listItem","name":"Catalog"}},{"@type":"ListItem","@id":"https:\/\/tabaccomd.com\/ro\/catalog\/#listItem","position":2,"name":"Catalog","item":"https:\/\/tabaccomd.com\/ro\/catalog\/","nextItem":{"@type":"ListItem","@id":"https:\/\/tabaccomd.com\/ro\/product-category\/totul-pentru-rulat\/#listItem","name":"Totul pentru rulat"},"previousItem":{"@type":"ListItem","@id":"https:\/\/tabaccomd.com\/ro\/#listItem","name":"\u0413\u043b\u0430\u0432\u043d\u0430\u044f"}},{"@type":"ListItem","@id":"https:\/\/tabaccomd.com\/ro\/product-category\/totul-pentru-rulat\/#listItem","position":3,"name":"Totul pentru rulat","item":"https:\/\/tabaccomd.com\/ro\/product-category\/totul-pentru-rulat\/","nextItem":{"@type":"ListItem","@id":"https:\/\/tabaccomd.com\/ro\/product-category\/totul-pentru-rulat\/filtre-pentru-tigari\/#listItem","name":"Filtre pentru \u021big\u0103ri"},"previousItem":{"@type":"ListItem","@id":"https:\/\/tabaccomd.com\/ro\/catalog\/#listItem","name":"Catalog"}},{"@type":"ListItem","@id":"https:\/\/tabaccomd.com\/ro\/product-category\/totul-pentru-rulat\/filtre-pentru-tigari\/#listItem","position":4,"name":"Filtre pentru \u021big\u0103ri","item":"https:\/\/tabaccomd.com\/ro\/product-category\/totul-pentru-rulat\/filtre-pentru-tigari\/","nextItem":{"@type":"ListItem","@id":"https:\/\/tabaccomd.com\/ro\/product\/filtre-pentru-tigari-cartel-regular-8mm-booklet\/#listItem","name":"Filtre pentru \u021big\u0103ri CARTEL Regular 8mm + booklet"},"previousItem":{"@type":"ListItem","@id":"https:\/\/tabaccomd.com\/ro\/product-category\/totul-pentru-rulat\/#listItem","name":"Totul pentru rulat"}},{"@type":"ListItem","@id":"https:\/\/tabaccomd.com\/ro\/product\/filtre-pentru-tigari-cartel-regular-8mm-booklet\/#listItem","position":5,"name":"Filtre pentru \u021big\u0103ri CARTEL Regular 8mm + booklet","previousItem":{"@type":"ListItem","@id":"https:\/\/tabaccomd.com\/ro\/product-category\/totul-pentru-rulat\/filtre-pentru-tigari\/#listItem","name":"Filtre pentru \u021big\u0103ri"}}]},{"@type":"Organization","@id":"https:\/\/tabaccomd.com\/ro\/#organization","name":"Tabacco House","description":"\u041c\u0430\u0433\u0430\u0437\u0438\u043d \u0442\u0430\u0431\u0430\u0447\u043d\u044b\u0445 \u0438\u0437\u0434\u0435\u043b\u0438\u0439","url":"https:\/\/tabaccomd.com\/ro\/","email":"Office@cazacuhouse.com","telephone":"+37361000935","logo":{"@type":"ImageObject","url":"https:\/\/tabaccomd.com\/wp-content\/uploads\/2024\/02\/logo_header3.png","@id":"https:\/\/tabaccomd.com\/ro\/product\/filtre-pentru-tigari-cartel-regular-8mm-booklet\/#organizationLogo","width":32,"height":32,"caption":"Tabacco House"},"image":{"@id":"https:\/\/tabaccomd.com\/ro\/product\/filtre-pentru-tigari-cartel-regular-8mm-booklet\/#organizationLogo"},"sameAs":["https:\/\/www.facebook.com\/tabaccomd.com\/","https:\/\/www.instagram.com\/tabaccomd.com\/"],"address":{"@id":"https:\/\/tabaccomd.com\/ro\/#postaladdress","@type":"PostalAddress","streetAddress":"Strada Albi\u015foara 4, Chi\u0219in\u0103u, Bulevardul \u0218tefan cel Mare \u0219i Sf\u00eent 136, Chi\u0219in\u0103u","addressLocality":"Chi\u0219in\u0103u","addressCountry":"MD"}},{"@type":"Product","@id":"https:\/\/tabaccomd.com\/ro\/product\/filtre-pentru-tigari-cartel-regular-8mm-booklet\/#wooCommerceProduct","name":"Filtre pentru \u021big\u0103ri CARTEL Regular 8mm + booklet","description":"Produc\u0103tor: M TOBACCO GROUP, Bulgaria\n \tDimensiune: Regular\n \tFormat: Obi\u0219nuit\n \tCantitate: 1000 buc. + h\u00e2rtie Cartel Green \n \tDiametrul\/Lungimea filtrelor: 8mm x 15mm\n \tDimensiune h\u00e2rtie: 70mm x 36mm","url":"https:\/\/tabaccomd.com\/ro\/product\/filtre-pentru-tigari-cartel-regular-8mm-booklet\/","sku":"cart815","image":{"@type":"ImageObject","url":"https:\/\/tabaccomd.com\/wp-content\/uploads\/2024\/09\/filtre-cartel-regular-booklet-green.jpeg","@id":"https:\/\/tabaccomd.com\/ro\/product\/filtre-pentru-tigari-cartel-regular-8mm-booklet\/#productImage","width":1100,"height":1100,"caption":"filtre-cartel-regular-booklet-green"},"offers":{"@type":"Offer","url":"https:\/\/tabaccomd.com\/ro\/product\/filtre-pentru-tigari-cartel-regular-8mm-booklet\/#wooCommerceOffer","price":110,"priceCurrency":"MDL","category":"Filtre pentru \u021big\u0103ri","availability":"https:\/\/schema.org\/InStock","priceSpecification":{"@type":"PriceSpecification","price":110,"priceCurrency":"MDL","valueAddedTaxIncluded":"true"},"seller":{"@type":"Organization","@id":"https:\/\/tabaccomd.com\/ro\/#organization"}}},{"@type":"WebPage","@id":"https:\/\/tabaccomd.com\/ro\/product\/filtre-pentru-tigari-cartel-regular-8mm-booklet\/#webpage","url":"https:\/\/tabaccomd.com\/ro\/product\/filtre-pentru-tigari-cartel-regular-8mm-booklet\/","name":"Filtre pentru \u021big\u0103ri CARTEL Regular 8mm + booklet \u2013 Tabacco House","inLanguage":"ro-RO","isPartOf":{"@id":"https:\/\/tabaccomd.com\/ro\/#website"},"breadcrumb":{"@id":"https:\/\/tabaccomd.com\/ro\/product\/filtre-pentru-tigari-cartel-regular-8mm-booklet\/#breadcrumblist"},"image":{"@type":"ImageObject","url":"https:\/\/tabaccomd.com\/wp-content\/uploads\/2024\/09\/filtre-cartel-regular-booklet-green.jpeg","@id":"https:\/\/tabaccomd.com\/ro\/product\/filtre-pentru-tigari-cartel-regular-8mm-booklet\/#mainImage","width":1100,"height":1100,"caption":"filtre-cartel-regular-booklet-green"},"primaryImageOfPage":{"@id":"https:\/\/tabaccomd.com\/ro\/product\/filtre-pentru-tigari-cartel-regular-8mm-booklet\/#mainImage"},"datePublished":"2024-09-30T18:05:41+03:00","dateModified":"2025-10-28T10:15:21+03:00"},{"@type":"WebSite","@id":"https:\/\/tabaccomd.com\/ro\/#website","url":"https:\/\/tabaccomd.com\/ro\/","name":"Tabacco House","alternateName":"tobaccomd.com","description":"\u041c\u0430\u0433\u0430\u0437\u0438\u043d \u0442\u0430\u0431\u0430\u0447\u043d\u044b\u0445 \u0438\u0437\u0434\u0435\u043b\u0438\u0439","inLanguage":"ro-RO","publisher":{"@id":"https:\/\/tabaccomd.com\/ro\/#organization"}}]},"og:locale":"ro_RO","og:site_name":"Tabacco House \u2013 \u041c\u0430\u0433\u0430\u0437\u0438\u043d \u0442\u0430\u0431\u0430\u0447\u043d\u044b\u0445 \u0438\u0437\u0434\u0435\u043b\u0438\u0439","og:type":"article","og:title":"Filtre pentru \u021big\u0103ri CARTEL Regular 8mm + booklet \u2013 Tabacco House","og:url":"https:\/\/tabaccomd.com\/ro\/product\/filtre-pentru-tigari-cartel-regular-8mm-booklet\/","article:published_time":"2024-09-30T15:05:41+00:00","article:modified_time":"2025-10-28T07:15:21+00:00","article:publisher":"https:\/\/www.facebook.com\/tabaccomd.com\/","twitter:card":"summary_large_image","twitter:title":"Filtre pentru \u021big\u0103ri CARTEL Regular 8mm + booklet \u2013 Tabacco House"},"aioseo_meta_data":{"post_id":"142936","title":null,"description":null,"keywords":null,"keyphrases":{"focus":{"keyphrase":"","score":0,"analysis":{"keyphraseInTitle":{"score":0,"maxScore":9,"error":1}}},"additional":[]},"primary_term":null,"canonical_url":null,"og_title":null,"og_description":null,"og_object_type":"default","og_image_type":"default","og_image_url":null,"og_image_width":null,"og_image_height":null,"og_image_custom_url":null,"og_image_custom_fields":null,"og_video":"","og_custom_url":null,"og_article_section":null,"og_article_tags":null,"twitter_use_og":false,"twitter_card":"default","twitter_image_type":"default","twitter_image_url":null,"twitter_image_custom_url":null,"twitter_image_custom_fields":null,"twitter_title":null,"twitter_description":null,"schema":{"blockGraphs":[],"customGraphs":[],"default":{"data":{"Article":[],"Course":[],"Dataset":[],"FAQPage":[],"Movie":[],"Person":[],"Product":[],"ProductReview":[],"Car":[],"Recipe":[],"Service":[],"SoftwareApplication":[],"WebPage":[]},"graphName":"Product","isEnabled":true},"graphs":[]},"schema_type":"default","schema_type_options":null,"pillar_content":false,"robots_default":true,"robots_noindex":false,"robots_noarchive":false,"robots_nosnippet":false,"robots_nofollow":false,"robots_noimageindex":false,"robots_noodp":false,"robots_notranslate":false,"robots_max_snippet":"-1","robots_max_videopreview":"-1","robots_max_imagepreview":"large","priority":null,"frequency":"default","local_seo":null,"seo_analyzer_scan_date":"2025-10-28 07:16:41","breadcrumb_settings":null,"limit_modified_date":false,"reviewed_by":null,"open_ai":null,"ai":{"faqs":[],"keyPoints":[],"titles":[],"descriptions":[],"socialPosts":{"email":[],"linkedin":[],"twitter":[],"facebook":[],"instagram":[]}},"created":"2024-10-01 12:08:17","updated":"2025-10-28 07:20:52"},"aioseo_breadcrumb":"<div class=\"aioseo-breadcrumbs\"><span class=\"aioseo-breadcrumb\">\n\t<a href=\"https:\/\/tabaccomd.com\/ro\/\" title=\"\u0413\u043b\u0430\u0432\u043d\u0430\u044f\">\u0413\u043b\u0430\u0432\u043d\u0430\u044f<\/a>\n<\/span><span class=\"aioseo-breadcrumb-separator\">\u00bb<\/span><span class=\"aioseo-breadcrumb\">\n\t<a href=\"https:\/\/tabaccomd.com\/ro\/catalog\/\" title=\"Catalog\">Catalog<\/a>\n<\/span><span class=\"aioseo-breadcrumb-separator\">\u00bb<\/span><span class=\"aioseo-breadcrumb\">\n\t<a href=\"https:\/\/tabaccomd.com\/ro\/product-category\/totul-pentru-rulat\/\" title=\"Totul pentru rulat\">Totul pentru rulat<\/a>\n<\/span><span class=\"aioseo-breadcrumb-separator\">\u00bb<\/span><span class=\"aioseo-breadcrumb\">\n\t<a href=\"https:\/\/tabaccomd.com\/ro\/product-category\/totul-pentru-rulat\/filtre-pentru-tigari\/\" title=\"Filtre pentru \u021big\u0103ri\">Filtre pentru \u021big\u0103ri<\/a>\n<\/span><span class=\"aioseo-breadcrumb-separator\">\u00bb<\/span><span class=\"aioseo-breadcrumb\">\n\tFiltre pentru \u021big\u0103ri CARTEL Regular 8mm + booklet\n<\/span><\/div>","aioseo_breadcrumb_json":[{"label":"\u0413\u043b\u0430\u0432\u043d\u0430\u044f","link":"https:\/\/tabaccomd.com\/ro\/"},{"label":"Catalog","link":"https:\/\/tabaccomd.com\/ro\/catalog\/"},{"label":"Totul pentru rulat","link":"https:\/\/tabaccomd.com\/ro\/product-category\/totul-pentru-rulat\/"},{"label":"Filtre pentru \u021big\u0103ri","link":"https:\/\/tabaccomd.com\/ro\/product-category\/totul-pentru-rulat\/filtre-pentru-tigari\/"},{"label":"Filtre pentru \u021big\u0103ri CARTEL Regular 8mm + booklet","link":"https:\/\/tabaccomd.com\/ro\/product\/filtre-pentru-tigari-cartel-regular-8mm-booklet\/"}],"images_for_1c":[{"url":"https:\/\/tabaccomd.com\/wp-content\/uploads\/2024\/09\/filtre-cartel-regular-booklet-green.jpeg","type":"featured","alt":"filtre-cartel-regular-booklet-green","filename":"filtre-cartel-regular-booklet-green.jpeg"},{"url":"https:\/\/tabaccomd.com\/wp-content\/uploads\/2024\/09\/hartie-cartel-green.jpg","type":"gallery","alt":"hartie-cartel-green","filename":"hartie-cartel-green.jpg"}],"additional_data_1c":{"modified_date":"2025-10-28 10:15:21","permalink":"https:\/\/tabaccomd.com\/ro\/product\/filtre-pentru-tigari-cartel-regular-8mm-booklet\/","stock_status":"instock","manage_stock":"no"},"_links":{"self":[{"href":"https:\/\/tabaccomd.com\/ro\/wp-json\/wp\/v2\/product\/142936","targetHints":{"allow":["GET"]}}],"collection":[{"href":"https:\/\/tabaccomd.com\/ro\/wp-json\/wp\/v2\/product"}],"about":[{"href":"https:\/\/tabaccomd.com\/ro\/wp-json\/wp\/v2\/types\/product"}],"wp:featuredmedia":[{"embeddable":true,"href":"https:\/\/tabaccomd.com\/ro\/wp-json\/wp\/v2\/media\/142933"}],"wp:attachment":[{"href":"https:\/\/tabaccomd.com\/ro\/wp-json\/wp\/v2\/media?parent=142936"}],"wp:term":[{"taxonomy":"product_brand","embeddable":true,"href":"https:\/\/tabaccomd.com\/ro\/wp-json\/wp\/v2\/product_brand?post=142936"},{"taxonomy":"product_cat","embeddable":true,"href":"https:\/\/tabaccomd.com\/ro\/wp-json\/wp\/v2\/product_cat?post=142936"},{"taxonomy":"product_tag","embeddable":true,"href":"https:\/\/tabaccomd.com\/ro\/wp-json\/wp\/v2\/product_tag?post=142936"}],"curies":[{"name":"wp","href":"https:\/\/api.w.org\/{rel}","templated":true}]}}