{"id":142909,"date":"2024-09-30T19:05:38","date_gmt":"2024-09-30T16:05:38","guid":{"rendered":"https:\/\/tabaccomd.com\/product\/masina-pentru-rularea-tigarilor-cartel-metal-70mm\/"},"modified":"2025-10-27T16:05:45","modified_gmt":"2025-10-27T13:05:45","slug":"masina-pentru-rularea-tigarilor-cartel-metal-70mm","status":"publish","type":"product","link":"https:\/\/tabaccomd.com\/ro\/product\/masina-pentru-rularea-tigarilor-cartel-metal-70mm\/","title":{"rendered":"Ma\u0219inu\u021b\u0103 pentru rularea \u021big\u0103rilor CARTEL Metal 70mm"},"content":{"rendered":"<div class=\"flex-shrink-0 flex flex-col relative items-end\">\n<div>\n<div class=\"pt-0\">\n<div class=\"gizmo-bot-avatar flex h-8 w-8 items-center justify-center overflow-hidden rounded-full\">\n<p class=\"relative p-1 rounded-sm flex items-center justify-center bg-token-main-surface-primary text-token-text-primary h-8 w-8\"><a href=\"https:\/\/tabaccomd.com\/ro\/product-category\/totul-pentru-rulat\/masina-de-rulat\/\">Ma\u0219ina de rulat \u021big\u0103ri<\/a> din metal CARTEL este proiectat\u0103 pentru a fi utilizat\u0103 cu h\u00e2rtie scurt\u0103 de rulat cu lungimea de 70 mm. Cu ajutorul ei, pute\u021bi rula u\u0219or \u0219i rapid \u021big\u0103rile dup\u0103 gusturile dvs. Finisajul metalic nu numai c\u0103 adaug\u0103 un aspect elegant, dar asigur\u0103 \u0219i durabilitatea dispozitivului, f\u0103c\u00e2ndu-l un instrument ideal pentru cei care apreciaz\u0103 confortul \u0219i fiabilitatea \u00een procesul de r\u0103sucire.  <\/p>\n<p>Pute\u021bi achizi\u021biona ma\u0219inu\u021ba pentru rularea \u021big\u0103rilor CARTEL Metal 70mm \u00een Moldova, Chi\u0219in\u0103u, \u00een re\u021beaua de magazine Tabacco House.<\/p>\n<\/div>\n<\/div>\n<\/div>\n<\/div>\n","protected":false},"excerpt":{"rendered":"<ul>\n<li>Produc\u0103tor: M TOBACCO GROUP, Bulgaria<\/li>\n<li>Material: Metal<\/li>\n<li>Pentru filtre de 8 mm<\/li>\n<li>Pentru h\u00e2rtie de p\u00e2n\u0103 la 70 mm lungime<\/li>\n<\/ul>\n","protected":false},"featured_media":146847,"template":"","meta":{"om_disable_all_campaigns":false,"_monsterinsights_skip_tracking":false,"_monsterinsights_sitenote_active":false,"_monsterinsights_sitenote_note":"","_monsterinsights_sitenote_category":0},"product_brand":[],"product_cat":[169],"product_tag":[],"class_list":{"0":"post-142909","1":"product","2":"type-product","3":"status-publish","4":"has-post-thumbnail","6":"product_cat-masina-de-rulat","8":"first","9":"instock","10":"purchasable","11":"product-type-simple"},"aioseo_notices":[],"aioseo_head":"\n\t\t<!-- All in One SEO Pro 4.9.5.2 - aioseo.com -->\n\t<meta name=\"robots\" content=\"max-image-preview:large\" \/>\n\t<link rel=\"canonical\" href=\"https:\/\/tabaccomd.com\/ro\/product\/masina-pentru-rularea-tigarilor-cartel-metal-70mm\/\" \/>\n\t<meta name=\"generator\" content=\"All in One SEO Pro (AIOSEO) 4.9.5.2\" \/>\n\t\t<meta property=\"og:locale\" content=\"ro_RO\" \/>\n\t\t<meta property=\"og:site_name\" content=\"Tabacco House \u2013 \u041c\u0430\u0433\u0430\u0437\u0438\u043d \u0442\u0430\u0431\u0430\u0447\u043d\u044b\u0445 \u0438\u0437\u0434\u0435\u043b\u0438\u0439\" \/>\n\t\t<meta property=\"og:type\" content=\"article\" \/>\n\t\t<meta property=\"og:title\" content=\"Ma\u0219inu\u021b\u0103 pentru rularea \u021big\u0103rilor CARTEL Metal 70mm \u2013 Tabacco House\" \/>\n\t\t<meta property=\"og:url\" content=\"https:\/\/tabaccomd.com\/ro\/product\/masina-pentru-rularea-tigarilor-cartel-metal-70mm\/\" \/>\n\t\t<meta property=\"article:published_time\" content=\"2024-09-30T16:05:38+00:00\" \/>\n\t\t<meta property=\"article:modified_time\" content=\"2025-10-27T13:05:45+00:00\" \/>\n\t\t<meta property=\"article:publisher\" content=\"https:\/\/www.facebook.com\/tabaccomd.com\/\" \/>\n\t\t<meta name=\"twitter:card\" content=\"summary_large_image\" \/>\n\t\t<meta name=\"twitter:title\" content=\"Ma\u0219inu\u021b\u0103 pentru rularea \u021big\u0103rilor CARTEL Metal 70mm \u2013 Tabacco House\" \/>\n\t\t<script type=\"application\/ld+json\" class=\"aioseo-schema\">\n\t\t\t{\"@context\":\"https:\\\/\\\/schema.org\",\"@graph\":[{\"@type\":\"BreadcrumbList\",\"@id\":\"https:\\\/\\\/tabaccomd.com\\\/ro\\\/product\\\/masina-pentru-rularea-tigarilor-cartel-metal-70mm\\\/#breadcrumblist\",\"itemListElement\":[{\"@type\":\"ListItem\",\"@id\":\"https:\\\/\\\/tabaccomd.com\\\/ro\\\/#listItem\",\"position\":1,\"name\":\"\\u0413\\u043b\\u0430\\u0432\\u043d\\u0430\\u044f\",\"item\":\"https:\\\/\\\/tabaccomd.com\\\/ro\\\/\",\"nextItem\":{\"@type\":\"ListItem\",\"@id\":\"https:\\\/\\\/tabaccomd.com\\\/ro\\\/catalog\\\/#listItem\",\"name\":\"Catalog\"}},{\"@type\":\"ListItem\",\"@id\":\"https:\\\/\\\/tabaccomd.com\\\/ro\\\/catalog\\\/#listItem\",\"position\":2,\"name\":\"Catalog\",\"item\":\"https:\\\/\\\/tabaccomd.com\\\/ro\\\/catalog\\\/\",\"nextItem\":{\"@type\":\"ListItem\",\"@id\":\"https:\\\/\\\/tabaccomd.com\\\/ro\\\/product-category\\\/totul-pentru-rulat\\\/#listItem\",\"name\":\"Totul pentru rulat\"},\"previousItem\":{\"@type\":\"ListItem\",\"@id\":\"https:\\\/\\\/tabaccomd.com\\\/ro\\\/#listItem\",\"name\":\"\\u0413\\u043b\\u0430\\u0432\\u043d\\u0430\\u044f\"}},{\"@type\":\"ListItem\",\"@id\":\"https:\\\/\\\/tabaccomd.com\\\/ro\\\/product-category\\\/totul-pentru-rulat\\\/#listItem\",\"position\":3,\"name\":\"Totul pentru rulat\",\"item\":\"https:\\\/\\\/tabaccomd.com\\\/ro\\\/product-category\\\/totul-pentru-rulat\\\/\",\"nextItem\":{\"@type\":\"ListItem\",\"@id\":\"https:\\\/\\\/tabaccomd.com\\\/ro\\\/product-category\\\/totul-pentru-rulat\\\/masina-de-rulat\\\/#listItem\",\"name\":\"Ma\\u0219in\\u0103 de rulat\"},\"previousItem\":{\"@type\":\"ListItem\",\"@id\":\"https:\\\/\\\/tabaccomd.com\\\/ro\\\/catalog\\\/#listItem\",\"name\":\"Catalog\"}},{\"@type\":\"ListItem\",\"@id\":\"https:\\\/\\\/tabaccomd.com\\\/ro\\\/product-category\\\/totul-pentru-rulat\\\/masina-de-rulat\\\/#listItem\",\"position\":4,\"name\":\"Ma\\u0219in\\u0103 de rulat\",\"item\":\"https:\\\/\\\/tabaccomd.com\\\/ro\\\/product-category\\\/totul-pentru-rulat\\\/masina-de-rulat\\\/\",\"nextItem\":{\"@type\":\"ListItem\",\"@id\":\"https:\\\/\\\/tabaccomd.com\\\/ro\\\/product\\\/masina-pentru-rularea-tigarilor-cartel-metal-70mm\\\/#listItem\",\"name\":\"Ma\\u0219inu\\u021b\\u0103 pentru rularea \\u021big\\u0103rilor CARTEL Metal 70mm\"},\"previousItem\":{\"@type\":\"ListItem\",\"@id\":\"https:\\\/\\\/tabaccomd.com\\\/ro\\\/product-category\\\/totul-pentru-rulat\\\/#listItem\",\"name\":\"Totul pentru rulat\"}},{\"@type\":\"ListItem\",\"@id\":\"https:\\\/\\\/tabaccomd.com\\\/ro\\\/product\\\/masina-pentru-rularea-tigarilor-cartel-metal-70mm\\\/#listItem\",\"position\":5,\"name\":\"Ma\\u0219inu\\u021b\\u0103 pentru rularea \\u021big\\u0103rilor CARTEL Metal 70mm\",\"previousItem\":{\"@type\":\"ListItem\",\"@id\":\"https:\\\/\\\/tabaccomd.com\\\/ro\\\/product-category\\\/totul-pentru-rulat\\\/masina-de-rulat\\\/#listItem\",\"name\":\"Ma\\u0219in\\u0103 de rulat\"}}]},{\"@type\":\"Organization\",\"@id\":\"https:\\\/\\\/tabaccomd.com\\\/ro\\\/#organization\",\"name\":\"Tabacco House\",\"description\":\"\\u041c\\u0430\\u0433\\u0430\\u0437\\u0438\\u043d \\u0442\\u0430\\u0431\\u0430\\u0447\\u043d\\u044b\\u0445 \\u0438\\u0437\\u0434\\u0435\\u043b\\u0438\\u0439\",\"url\":\"https:\\\/\\\/tabaccomd.com\\\/ro\\\/\",\"email\":\"Office@cazacuhouse.com\",\"telephone\":\"+37361000935\",\"logo\":{\"@type\":\"ImageObject\",\"url\":\"https:\\\/\\\/tabaccomd.com\\\/wp-content\\\/uploads\\\/2024\\\/02\\\/logo_header3.png\",\"@id\":\"https:\\\/\\\/tabaccomd.com\\\/ro\\\/product\\\/masina-pentru-rularea-tigarilor-cartel-metal-70mm\\\/#organizationLogo\",\"width\":32,\"height\":32,\"caption\":\"Tabacco House\"},\"image\":{\"@id\":\"https:\\\/\\\/tabaccomd.com\\\/ro\\\/product\\\/masina-pentru-rularea-tigarilor-cartel-metal-70mm\\\/#organizationLogo\"},\"sameAs\":[\"https:\\\/\\\/www.facebook.com\\\/tabaccomd.com\\\/\",\"https:\\\/\\\/www.instagram.com\\\/tabaccomd.com\\\/\"],\"address\":{\"@id\":\"https:\\\/\\\/tabaccomd.com\\\/ro\\\/#postaladdress\",\"@type\":\"PostalAddress\",\"streetAddress\":\"Strada Albi\\u015foara 4, Chi\\u0219in\\u0103u, Bulevardul \\u0218tefan cel Mare \\u0219i Sf\\u00eent 136, Chi\\u0219in\\u0103u\",\"addressLocality\":\"Chi\\u0219in\\u0103u\",\"addressCountry\":\"MD\"}},{\"@type\":\"Product\",\"@id\":\"https:\\\/\\\/tabaccomd.com\\\/ro\\\/product\\\/masina-pentru-rularea-tigarilor-cartel-metal-70mm\\\/#wooCommerceProduct\",\"name\":\"Ma\\u0219inu\\u021b\\u0103 pentru rularea \\u021big\\u0103rilor CARTEL Metal 70mm\",\"description\":\"Produc\\u0103tor: M TOBACCO GROUP, Bulgaria\\n \\tMaterial: Metal\\n \\tPentru filtre de 8 mm\\n \\tPentru h\\u00e2rtie de p\\u00e2n\\u0103 la 70 mm lungime\",\"url\":\"https:\\\/\\\/tabaccomd.com\\\/ro\\\/product\\\/masina-pentru-rularea-tigarilor-cartel-metal-70mm\\\/\",\"sku\":\"cartmetal70mm\",\"image\":{\"@type\":\"ImageObject\",\"url\":\"https:\\\/\\\/tabaccomd.com\\\/wp-content\\\/uploads\\\/2024\\\/09\\\/roller-cartel-metal-70-mm.jpg\",\"@id\":\"https:\\\/\\\/tabaccomd.com\\\/ro\\\/product\\\/masina-pentru-rularea-tigarilor-cartel-metal-70mm\\\/#productImage\",\"width\":1200,\"height\":1200,\"caption\":\"roller-cartel-metal-70-mm\"},\"offers\":{\"@type\":\"Offer\",\"url\":\"https:\\\/\\\/tabaccomd.com\\\/ro\\\/product\\\/masina-pentru-rularea-tigarilor-cartel-metal-70mm\\\/#wooCommerceOffer\",\"price\":60,\"priceCurrency\":\"MDL\",\"category\":\"Ma\\u0219in\\u0103 de rulat\",\"availability\":\"https:\\\/\\\/schema.org\\\/InStock\",\"priceSpecification\":{\"@type\":\"PriceSpecification\",\"price\":60,\"priceCurrency\":\"MDL\",\"valueAddedTaxIncluded\":\"true\"},\"seller\":{\"@type\":\"Organization\",\"@id\":\"https:\\\/\\\/tabaccomd.com\\\/ro\\\/#organization\"}}},{\"@type\":\"WebPage\",\"@id\":\"https:\\\/\\\/tabaccomd.com\\\/ro\\\/product\\\/masina-pentru-rularea-tigarilor-cartel-metal-70mm\\\/#webpage\",\"url\":\"https:\\\/\\\/tabaccomd.com\\\/ro\\\/product\\\/masina-pentru-rularea-tigarilor-cartel-metal-70mm\\\/\",\"name\":\"Ma\\u0219inu\\u021b\\u0103 pentru rularea \\u021big\\u0103rilor CARTEL Metal 70mm \\u2013 Tabacco House\",\"inLanguage\":\"ro-RO\",\"isPartOf\":{\"@id\":\"https:\\\/\\\/tabaccomd.com\\\/ro\\\/#website\"},\"breadcrumb\":{\"@id\":\"https:\\\/\\\/tabaccomd.com\\\/ro\\\/product\\\/masina-pentru-rularea-tigarilor-cartel-metal-70mm\\\/#breadcrumblist\"},\"image\":{\"@type\":\"ImageObject\",\"url\":\"https:\\\/\\\/tabaccomd.com\\\/wp-content\\\/uploads\\\/2024\\\/09\\\/roller-cartel-metal-70-mm.jpg\",\"@id\":\"https:\\\/\\\/tabaccomd.com\\\/ro\\\/product\\\/masina-pentru-rularea-tigarilor-cartel-metal-70mm\\\/#mainImage\",\"width\":1200,\"height\":1200,\"caption\":\"roller-cartel-metal-70-mm\"},\"primaryImageOfPage\":{\"@id\":\"https:\\\/\\\/tabaccomd.com\\\/ro\\\/product\\\/masina-pentru-rularea-tigarilor-cartel-metal-70mm\\\/#mainImage\"},\"datePublished\":\"2024-09-30T19:05:38+03:00\",\"dateModified\":\"2025-10-27T16:05:45+03:00\"},{\"@type\":\"WebSite\",\"@id\":\"https:\\\/\\\/tabaccomd.com\\\/ro\\\/#website\",\"url\":\"https:\\\/\\\/tabaccomd.com\\\/ro\\\/\",\"name\":\"Tabacco House\",\"alternateName\":\"tobaccomd.com\",\"description\":\"\\u041c\\u0430\\u0433\\u0430\\u0437\\u0438\\u043d \\u0442\\u0430\\u0431\\u0430\\u0447\\u043d\\u044b\\u0445 \\u0438\\u0437\\u0434\\u0435\\u043b\\u0438\\u0439\",\"inLanguage\":\"ro-RO\",\"publisher\":{\"@id\":\"https:\\\/\\\/tabaccomd.com\\\/ro\\\/#organization\"}}]}\n\t\t<\/script>\n\t\t<!-- All in One SEO Pro -->\r\n\t\t<title>Ma\u0219inu\u021b\u0103 pentru rularea \u021big\u0103rilor CARTEL Metal 70mm \u2013 Tabacco House<\/title>\n\n","aioseo_head_json":{"title":"Ma\u0219inu\u021b\u0103 pentru rularea \u021big\u0103rilor CARTEL Metal 70mm \u2013 Tabacco House","description":"","canonical_url":"https:\/\/tabaccomd.com\/ro\/product\/masina-pentru-rularea-tigarilor-cartel-metal-70mm\/","robots":"max-image-preview:large","keywords":"","webmasterTools":{"miscellaneous":""},"schema":{"@context":"https:\/\/schema.org","@graph":[{"@type":"BreadcrumbList","@id":"https:\/\/tabaccomd.com\/ro\/product\/masina-pentru-rularea-tigarilor-cartel-metal-70mm\/#breadcrumblist","itemListElement":[{"@type":"ListItem","@id":"https:\/\/tabaccomd.com\/ro\/#listItem","position":1,"name":"\u0413\u043b\u0430\u0432\u043d\u0430\u044f","item":"https:\/\/tabaccomd.com\/ro\/","nextItem":{"@type":"ListItem","@id":"https:\/\/tabaccomd.com\/ro\/catalog\/#listItem","name":"Catalog"}},{"@type":"ListItem","@id":"https:\/\/tabaccomd.com\/ro\/catalog\/#listItem","position":2,"name":"Catalog","item":"https:\/\/tabaccomd.com\/ro\/catalog\/","nextItem":{"@type":"ListItem","@id":"https:\/\/tabaccomd.com\/ro\/product-category\/totul-pentru-rulat\/#listItem","name":"Totul pentru rulat"},"previousItem":{"@type":"ListItem","@id":"https:\/\/tabaccomd.com\/ro\/#listItem","name":"\u0413\u043b\u0430\u0432\u043d\u0430\u044f"}},{"@type":"ListItem","@id":"https:\/\/tabaccomd.com\/ro\/product-category\/totul-pentru-rulat\/#listItem","position":3,"name":"Totul pentru rulat","item":"https:\/\/tabaccomd.com\/ro\/product-category\/totul-pentru-rulat\/","nextItem":{"@type":"ListItem","@id":"https:\/\/tabaccomd.com\/ro\/product-category\/totul-pentru-rulat\/masina-de-rulat\/#listItem","name":"Ma\u0219in\u0103 de rulat"},"previousItem":{"@type":"ListItem","@id":"https:\/\/tabaccomd.com\/ro\/catalog\/#listItem","name":"Catalog"}},{"@type":"ListItem","@id":"https:\/\/tabaccomd.com\/ro\/product-category\/totul-pentru-rulat\/masina-de-rulat\/#listItem","position":4,"name":"Ma\u0219in\u0103 de rulat","item":"https:\/\/tabaccomd.com\/ro\/product-category\/totul-pentru-rulat\/masina-de-rulat\/","nextItem":{"@type":"ListItem","@id":"https:\/\/tabaccomd.com\/ro\/product\/masina-pentru-rularea-tigarilor-cartel-metal-70mm\/#listItem","name":"Ma\u0219inu\u021b\u0103 pentru rularea \u021big\u0103rilor CARTEL Metal 70mm"},"previousItem":{"@type":"ListItem","@id":"https:\/\/tabaccomd.com\/ro\/product-category\/totul-pentru-rulat\/#listItem","name":"Totul pentru rulat"}},{"@type":"ListItem","@id":"https:\/\/tabaccomd.com\/ro\/product\/masina-pentru-rularea-tigarilor-cartel-metal-70mm\/#listItem","position":5,"name":"Ma\u0219inu\u021b\u0103 pentru rularea \u021big\u0103rilor CARTEL Metal 70mm","previousItem":{"@type":"ListItem","@id":"https:\/\/tabaccomd.com\/ro\/product-category\/totul-pentru-rulat\/masina-de-rulat\/#listItem","name":"Ma\u0219in\u0103 de rulat"}}]},{"@type":"Organization","@id":"https:\/\/tabaccomd.com\/ro\/#organization","name":"Tabacco House","description":"\u041c\u0430\u0433\u0430\u0437\u0438\u043d \u0442\u0430\u0431\u0430\u0447\u043d\u044b\u0445 \u0438\u0437\u0434\u0435\u043b\u0438\u0439","url":"https:\/\/tabaccomd.com\/ro\/","email":"Office@cazacuhouse.com","telephone":"+37361000935","logo":{"@type":"ImageObject","url":"https:\/\/tabaccomd.com\/wp-content\/uploads\/2024\/02\/logo_header3.png","@id":"https:\/\/tabaccomd.com\/ro\/product\/masina-pentru-rularea-tigarilor-cartel-metal-70mm\/#organizationLogo","width":32,"height":32,"caption":"Tabacco House"},"image":{"@id":"https:\/\/tabaccomd.com\/ro\/product\/masina-pentru-rularea-tigarilor-cartel-metal-70mm\/#organizationLogo"},"sameAs":["https:\/\/www.facebook.com\/tabaccomd.com\/","https:\/\/www.instagram.com\/tabaccomd.com\/"],"address":{"@id":"https:\/\/tabaccomd.com\/ro\/#postaladdress","@type":"PostalAddress","streetAddress":"Strada Albi\u015foara 4, Chi\u0219in\u0103u, Bulevardul \u0218tefan cel Mare \u0219i Sf\u00eent 136, Chi\u0219in\u0103u","addressLocality":"Chi\u0219in\u0103u","addressCountry":"MD"}},{"@type":"Product","@id":"https:\/\/tabaccomd.com\/ro\/product\/masina-pentru-rularea-tigarilor-cartel-metal-70mm\/#wooCommerceProduct","name":"Ma\u0219inu\u021b\u0103 pentru rularea \u021big\u0103rilor CARTEL Metal 70mm","description":"Produc\u0103tor: M TOBACCO GROUP, Bulgaria\n \tMaterial: Metal\n \tPentru filtre de 8 mm\n \tPentru h\u00e2rtie de p\u00e2n\u0103 la 70 mm lungime","url":"https:\/\/tabaccomd.com\/ro\/product\/masina-pentru-rularea-tigarilor-cartel-metal-70mm\/","sku":"cartmetal70mm","image":{"@type":"ImageObject","url":"https:\/\/tabaccomd.com\/wp-content\/uploads\/2024\/09\/roller-cartel-metal-70-mm.jpg","@id":"https:\/\/tabaccomd.com\/ro\/product\/masina-pentru-rularea-tigarilor-cartel-metal-70mm\/#productImage","width":1200,"height":1200,"caption":"roller-cartel-metal-70-mm"},"offers":{"@type":"Offer","url":"https:\/\/tabaccomd.com\/ro\/product\/masina-pentru-rularea-tigarilor-cartel-metal-70mm\/#wooCommerceOffer","price":60,"priceCurrency":"MDL","category":"Ma\u0219in\u0103 de rulat","availability":"https:\/\/schema.org\/InStock","priceSpecification":{"@type":"PriceSpecification","price":60,"priceCurrency":"MDL","valueAddedTaxIncluded":"true"},"seller":{"@type":"Organization","@id":"https:\/\/tabaccomd.com\/ro\/#organization"}}},{"@type":"WebPage","@id":"https:\/\/tabaccomd.com\/ro\/product\/masina-pentru-rularea-tigarilor-cartel-metal-70mm\/#webpage","url":"https:\/\/tabaccomd.com\/ro\/product\/masina-pentru-rularea-tigarilor-cartel-metal-70mm\/","name":"Ma\u0219inu\u021b\u0103 pentru rularea \u021big\u0103rilor CARTEL Metal 70mm \u2013 Tabacco House","inLanguage":"ro-RO","isPartOf":{"@id":"https:\/\/tabaccomd.com\/ro\/#website"},"breadcrumb":{"@id":"https:\/\/tabaccomd.com\/ro\/product\/masina-pentru-rularea-tigarilor-cartel-metal-70mm\/#breadcrumblist"},"image":{"@type":"ImageObject","url":"https:\/\/tabaccomd.com\/wp-content\/uploads\/2024\/09\/roller-cartel-metal-70-mm.jpg","@id":"https:\/\/tabaccomd.com\/ro\/product\/masina-pentru-rularea-tigarilor-cartel-metal-70mm\/#mainImage","width":1200,"height":1200,"caption":"roller-cartel-metal-70-mm"},"primaryImageOfPage":{"@id":"https:\/\/tabaccomd.com\/ro\/product\/masina-pentru-rularea-tigarilor-cartel-metal-70mm\/#mainImage"},"datePublished":"2024-09-30T19:05:38+03:00","dateModified":"2025-10-27T16:05:45+03:00"},{"@type":"WebSite","@id":"https:\/\/tabaccomd.com\/ro\/#website","url":"https:\/\/tabaccomd.com\/ro\/","name":"Tabacco House","alternateName":"tobaccomd.com","description":"\u041c\u0430\u0433\u0430\u0437\u0438\u043d \u0442\u0430\u0431\u0430\u0447\u043d\u044b\u0445 \u0438\u0437\u0434\u0435\u043b\u0438\u0439","inLanguage":"ro-RO","publisher":{"@id":"https:\/\/tabaccomd.com\/ro\/#organization"}}]},"og:locale":"ro_RO","og:site_name":"Tabacco House \u2013 \u041c\u0430\u0433\u0430\u0437\u0438\u043d \u0442\u0430\u0431\u0430\u0447\u043d\u044b\u0445 \u0438\u0437\u0434\u0435\u043b\u0438\u0439","og:type":"article","og:title":"Ma\u0219inu\u021b\u0103 pentru rularea \u021big\u0103rilor CARTEL Metal 70mm \u2013 Tabacco House","og:url":"https:\/\/tabaccomd.com\/ro\/product\/masina-pentru-rularea-tigarilor-cartel-metal-70mm\/","article:published_time":"2024-09-30T16:05:38+00:00","article:modified_time":"2025-10-27T13:05:45+00:00","article:publisher":"https:\/\/www.facebook.com\/tabaccomd.com\/","twitter:card":"summary_large_image","twitter:title":"Ma\u0219inu\u021b\u0103 pentru rularea \u021big\u0103rilor CARTEL Metal 70mm \u2013 Tabacco House"},"aioseo_meta_data":{"post_id":"142909","title":null,"description":null,"keywords":null,"keyphrases":{"focus":{"keyphrase":"","score":0,"analysis":{"keyphraseInTitle":{"score":0,"maxScore":9,"error":1}}},"additional":[]},"primary_term":null,"canonical_url":null,"og_title":null,"og_description":null,"og_object_type":"default","og_image_type":"default","og_image_url":null,"og_image_width":null,"og_image_height":null,"og_image_custom_url":null,"og_image_custom_fields":null,"og_video":"","og_custom_url":null,"og_article_section":null,"og_article_tags":null,"twitter_use_og":false,"twitter_card":"default","twitter_image_type":"default","twitter_image_url":null,"twitter_image_custom_url":null,"twitter_image_custom_fields":null,"twitter_title":null,"twitter_description":null,"schema":{"blockGraphs":[],"customGraphs":[],"default":{"data":{"Article":[],"Course":[],"Dataset":[],"FAQPage":[],"Movie":[],"Person":[],"Product":[],"ProductReview":[],"Car":[],"Recipe":[],"Service":[],"SoftwareApplication":[],"WebPage":[]},"graphName":"Product","isEnabled":true},"graphs":[]},"schema_type":"default","schema_type_options":null,"pillar_content":false,"robots_default":true,"robots_noindex":false,"robots_noarchive":false,"robots_nosnippet":false,"robots_nofollow":false,"robots_noimageindex":false,"robots_noodp":false,"robots_notranslate":false,"robots_max_snippet":"-1","robots_max_videopreview":"-1","robots_max_imagepreview":"large","priority":null,"frequency":"default","local_seo":null,"seo_analyzer_scan_date":"2025-10-27 13:11:40","breadcrumb_settings":null,"limit_modified_date":false,"reviewed_by":null,"open_ai":null,"ai":{"faqs":[],"keyPoints":[],"titles":[],"descriptions":[],"socialPosts":{"email":[],"linkedin":[],"twitter":[],"facebook":[],"instagram":[]}},"created":"2024-10-01 08:45:55","updated":"2025-10-27 13:17:25"},"aioseo_breadcrumb":"<div class=\"aioseo-breadcrumbs\"><span class=\"aioseo-breadcrumb\">\n\t<a href=\"https:\/\/tabaccomd.com\/ro\/\" title=\"\u0413\u043b\u0430\u0432\u043d\u0430\u044f\">\u0413\u043b\u0430\u0432\u043d\u0430\u044f<\/a>\n<\/span><span class=\"aioseo-breadcrumb-separator\">\u00bb<\/span><span class=\"aioseo-breadcrumb\">\n\t<a href=\"https:\/\/tabaccomd.com\/ro\/catalog\/\" title=\"Catalog\">Catalog<\/a>\n<\/span><span class=\"aioseo-breadcrumb-separator\">\u00bb<\/span><span class=\"aioseo-breadcrumb\">\n\t<a href=\"https:\/\/tabaccomd.com\/ro\/product-category\/totul-pentru-rulat\/\" title=\"Totul pentru rulat\">Totul pentru rulat<\/a>\n<\/span><span class=\"aioseo-breadcrumb-separator\">\u00bb<\/span><span class=\"aioseo-breadcrumb\">\n\t<a href=\"https:\/\/tabaccomd.com\/ro\/product-category\/totul-pentru-rulat\/masina-de-rulat\/\" title=\"Ma\u0219in\u0103 de rulat\">Ma\u0219in\u0103 de rulat<\/a>\n<\/span><span class=\"aioseo-breadcrumb-separator\">\u00bb<\/span><span class=\"aioseo-breadcrumb\">\n\tMa\u0219inu\u021b\u0103 pentru rularea \u021big\u0103rilor CARTEL Metal 70mm\n<\/span><\/div>","aioseo_breadcrumb_json":[{"label":"\u0413\u043b\u0430\u0432\u043d\u0430\u044f","link":"https:\/\/tabaccomd.com\/ro\/"},{"label":"Catalog","link":"https:\/\/tabaccomd.com\/ro\/catalog\/"},{"label":"Totul pentru rulat","link":"https:\/\/tabaccomd.com\/ro\/product-category\/totul-pentru-rulat\/"},{"label":"Ma\u0219in\u0103 de rulat","link":"https:\/\/tabaccomd.com\/ro\/product-category\/totul-pentru-rulat\/masina-de-rulat\/"},{"label":"Ma\u0219inu\u021b\u0103 pentru rularea \u021big\u0103rilor CARTEL Metal 70mm","link":"https:\/\/tabaccomd.com\/ro\/product\/masina-pentru-rularea-tigarilor-cartel-metal-70mm\/"}],"images_for_1c":[{"url":"https:\/\/tabaccomd.com\/wp-content\/uploads\/2024\/09\/roller-cartel-metal-70-mm.jpg","type":"featured","alt":"roller-cartel-metal-70-mm","filename":"roller-cartel-metal-70-mm.jpg"}],"additional_data_1c":{"modified_date":"2025-10-27 16:05:45","permalink":"https:\/\/tabaccomd.com\/ro\/product\/masina-pentru-rularea-tigarilor-cartel-metal-70mm\/","stock_status":"instock","manage_stock":"no"},"_links":{"self":[{"href":"https:\/\/tabaccomd.com\/ro\/wp-json\/wp\/v2\/product\/142909","targetHints":{"allow":["GET"]}}],"collection":[{"href":"https:\/\/tabaccomd.com\/ro\/wp-json\/wp\/v2\/product"}],"about":[{"href":"https:\/\/tabaccomd.com\/ro\/wp-json\/wp\/v2\/types\/product"}],"wp:featuredmedia":[{"embeddable":true,"href":"https:\/\/tabaccomd.com\/ro\/wp-json\/wp\/v2\/media\/146847"}],"wp:attachment":[{"href":"https:\/\/tabaccomd.com\/ro\/wp-json\/wp\/v2\/media?parent=142909"}],"wp:term":[{"taxonomy":"product_brand","embeddable":true,"href":"https:\/\/tabaccomd.com\/ro\/wp-json\/wp\/v2\/product_brand?post=142909"},{"taxonomy":"product_cat","embeddable":true,"href":"https:\/\/tabaccomd.com\/ro\/wp-json\/wp\/v2\/product_cat?post=142909"},{"taxonomy":"product_tag","embeddable":true,"href":"https:\/\/tabaccomd.com\/ro\/wp-json\/wp\/v2\/product_tag?post=142909"}],"curies":[{"name":"wp","href":"https:\/\/api.w.org\/{rel}","templated":true}]}}